{"id":6671,"date":"2023-11-01T08:15:39","date_gmt":"2023-11-01T08:15:39","guid":{"rendered":"https:\/\/kawasan.123websitedev.com\/product\/cong-tac-cam-ung-cham-dieu-khien-tu-xa-dk3s\/"},"modified":"2025-12-12T09:22:31","modified_gmt":"2025-12-12T02:22:31","slug":"cong-tac-cam-ung-cham-dieu-khien-tu-xa-dk3s","status":"publish","type":"product","link":"https:\/\/kawasan.vn\/en\/product\/cong-tac-cam-ung-cham-dieu-khien-tu-xa-dk3s\/","title":{"rendered":"C\u00f4ng T\u1eafc C\u1ea3m \u1ee8ng DK3S-DK2S-DK1S Ch\u1ea1m \u0110i\u1ec1u Khi\u1ec3n T\u1eeb Xa"},"content":{"rendered":"<p><strong><u>1-GI\u1edaI THI\u1ec6U<\/u><\/strong><u>: C\u00f4ng T\u1eafc C\u1ea3m \u1ee8ng DK3S-DK2S-DK1S Ch\u1ea1m \u0110i\u1ec1u Khi\u1ec3n T\u1eeb Xa<\/u><\/p>\n<ul>\n<li>\u0110\u00e2y l\u00e0 <a href=\"https:\/\/kawasan.vn\/en\/\">c\u00f4ng t\u1eafc c\u1ea3m \u1ee9ng DK3S-DK2S-DK1S ch\u1ea1m<\/a>,k\u1ebft h\u1ee3p v\u1edbi \u0111i\u1ec1u khi\u1ec3n remote \u0111\u1ec3 B\u1eadt\/T\u1eaft cho c\u00e1c thi\u1ebft b\u1ecb \u0111i\u1ec7n t\u1eeb xa b\u1eb1ng s\u00f3ng RF 433Mhz cho kho\u1ea3ng c\u00e1ch xa 25-50m. V\u1edbi thi\u1ebft k\u1ebf m\u1eb7t c\u1ea3m \u1ee9ng ch\u1ea1m c\u00e1ch \u0111i\u1ec7n an to\u00e0n\u00a0 tuy\u1ec7t \u0111\u1ed1i cho ng\u01b0\u1eddi d\u00f9ng<\/li>\n<\/ul>\n<p><strong><em><u>2-\u1ee8NG D\u1ee4NG:<\/u><\/em><\/strong><\/p>\n<ul>\n<li>Gi\u1ea3i ph\u00e1p cho c\u00e1c <a href=\"https:\/\/thegioidienthongminh.com\/danh-muc\/cong-tac-thong-minh\/\">ng\u00f4i nh\u00e0 th\u00f4ng minh<\/a><\/li>\n<li>Gi\u1ea3i ph\u00e1p \u0111i\u1ec1u khi\u1ec3n t\u1ea5t c\u1ea3 c\u00e1c thi\u1ebft b\u1ecb \u0111i\u1ec7n c\u1ee7a ng\u00f4i nh\u00e0 b\u1ea1n ch\u1ec9 qua vi\u1ec7c s\u1eed d\u1ee5ng m\u1ed9t chi\u1ebfc remote<\/li>\n<li>Gi\u1ea3i ph\u00e1p cho v\u0103n ph\u00f2ng, showroom, nh\u00e0 tr\u1ebb, c\u1eeda h\u00e0ng,\u2026 Ng\u01b0\u1eddi s\u1eed d\u1ee5ng kh\u00f4ng ph\u1ea3i m\u1ea5t th\u1eddi gian v\u00e0 di chuy\u1ec3n nhi\u1ec1u \u0111\u1ec3 t\u1eaft m\u1edf \u0111\u00e8n khi c\u00f3 kh\u00e1ch \u0111\u1ebfn c\u1eeda h\u00e0ng, showroom\u2026<\/li>\n<\/ul>\n<p><strong><u>3-L\u1ee2I \u00cdCH:<\/u><\/strong><\/p>\n<ul>\n<li>An to\u00e0n v\u1ec1 \u0111i\u1ec7n cho tr\u1ebb em v\u00ec tr\u00e1nh \u0111\u01b0\u1ee3c vi\u1ec7c tr\u1ebb em ti\u1ebfp x\u00fac v\u1edbi ngu\u1ed3n \u0111i\u1ec7n<\/li>\n<li>T\u0103ng th\u00eam v\u1ebb sang tr\u1ecdng v\u00e0 ti\u1ec7n nghi cho ng\u00f4i nh\u00e0<\/li>\n<\/ul>","protected":false},"excerpt":{"rendered":"<p>Nh\u00e0 s\u1ea3n xu\u1ea5t: KawasanM\u00e3 s\u1ea3n ph\u1ea9m: DK3ST\u00ecnh tr\u1ea1ng:C\u00f2n h\u00e0ng<\/p>","protected":false},"featured_media":17727,"comment_status":"open","ping_status":"closed","template":"","meta":{"_yoast_wpseo_focuskw":"C\u00f4ng T\u1eafc C\u1ea3m \u1ee8ng DK3S-DK2S-DK1S","_yoast_wpseo_metadesc":"C\u00f4ng T\u1eafc C\u1ea3m \u1ee8ng DK3S-DK2S-DK1S. c\u1ea3m \u1ee9ng ch\u1ea1m,k\u1ebft h\u1ee3p v\u1edbi \u0111i\u1ec1u khi\u1ec3n remote \u0111\u1ec3 B\u1eadt\/T\u1eaft cho c\u00e1c thi\u1ebft b\u1ecb \u0111i\u1ec7n t\u1eeb xa b\u1eb1ng s\u00f3ng RF 433Mhz kho\u1ea3ng c\u00e1ch xa 25-50m","_yoast_wpseo_focuskeywords":"","_yoast_wpseo_keyword_synonyms":""},"product_cat":[85],"product_tag":[1138,1135,1129,528,740,918,1128,1063,938,941,1127,1136,1140,1133,1130,823,730,1139,1134,1137,1131,1132,603,1142,1141],"class_list":["post-6671","product","type-product","status-publish","has-post-thumbnail","hentry","product_cat-hang-khuyen-mai-soc","product_tag-bo-cong-tac-dieu-khien-tu-xa","product_tag-bo-dieu-khien-may-bom-tu-xa","product_tag-cong-tac-cam-bien-cham","product_tag-cong-tac-cam-ung","product_tag-cong-tac-cam-ung-cham","product_tag-cong-tac-cam-ung-kawasan","product_tag-cong-tac-cam-ung-rang-dong","product_tag-cong-tac-cam-ung-thong-minh","product_tag-cong-tac-den-cam-ung","product_tag-cong-tac-den-dieu-khien-tu-xa","product_tag-cong-tac-dien-cam-ung","product_tag-cong-tac-dien-dieu-khien-tu-xa","product_tag-cong-tac-dien-dieu-khien-tu-xa-bang-dien-thoai","product_tag-cong-tac-dien-dieu-khien-tu-xa-bang-remote","product_tag-cong-tac-dien-thong-minh","product_tag-cong-tac-dieu-khien","product_tag-cong-tac-dieu-khien-tu-xa","product_tag-cong-tac-dieu-khien-tu-xa-12v","product_tag-cong-tac-dieu-khien-tu-xa-220v","product_tag-cong-tac-dieu-khien-tu-xa-bang-dien-thoai","product_tag-cong-tac-dieu-khien-tu-xa-qua-wifi","product_tag-cong-tac-dieu-khien-tu-xa-qua-wifi-3g","product_tag-cong-tac-thong-minh","product_tag-cong-tac-thong-minh-dieu-khien-tu-xa","product_tag-hat-cong-tac-dieu-khien-tu-xa"],"acf":[],"yoast_head":"<!-- This site is optimized with the Yoast SEO Premium plugin v24.9 (Yoast SEO v24.9) - https:\/\/yoast.com\/wordpress\/plugins\/seo\/ -->\n<title>C\u00f4ng T\u1eafc C\u1ea3m \u1ee8ng DK3S-DK2S-DK1S Ch\u1ea1m \u0110i\u1ec1u Khi\u1ec3n T\u1eeb Xa - Kawasan<\/title>\n<meta name=\"description\" content=\"C\u00f4ng T\u1eafc C\u1ea3m \u1ee8ng DK3S-DK2S-DK1S. c\u1ea3m \u1ee9ng ch\u1ea1m,k\u1ebft h\u1ee3p v\u1edbi \u0111i\u1ec1u khi\u1ec3n remote \u0111\u1ec3 B\u1eadt\/T\u1eaft cho c\u00e1c thi\u1ebft b\u1ecb \u0111i\u1ec7n t\u1eeb xa b\u1eb1ng s\u00f3ng RF 433Mhz kho\u1ea3ng c\u00e1ch xa 25-50m\" \/>\n<meta name=\"robots\" content=\"index, follow, max-snippet:-1, max-image-preview:large, max-video-preview:-1\" \/>\n<link rel=\"canonical\" href=\"https:\/\/kawasan.vn\/en\/product\/cong-tac-cam-ung-cham-dieu-khien-tu-xa-dk3s\/\" \/>\n<meta property=\"og:locale\" content=\"en_US\" \/>\n<meta property=\"og:type\" content=\"article\" \/>\n<meta property=\"og:title\" content=\"C\u00f4ng T\u1eafc C\u1ea3m \u1ee8ng DK3S-DK2S-DK1S Ch\u1ea1m \u0110i\u1ec1u Khi\u1ec3n T\u1eeb Xa\" \/>\n<meta property=\"og:description\" content=\"C\u00f4ng T\u1eafc C\u1ea3m \u1ee8ng DK3S-DK2S-DK1S. c\u1ea3m \u1ee9ng ch\u1ea1m,k\u1ebft h\u1ee3p v\u1edbi \u0111i\u1ec1u khi\u1ec3n remote \u0111\u1ec3 B\u1eadt\/T\u1eaft cho c\u00e1c thi\u1ebft b\u1ecb \u0111i\u1ec7n t\u1eeb xa b\u1eb1ng s\u00f3ng RF 433Mhz kho\u1ea3ng c\u00e1ch xa 25-50m\" \/>\n<meta property=\"og:url\" content=\"https:\/\/kawasan.vn\/en\/product\/cong-tac-cam-ung-cham-dieu-khien-tu-xa-dk3s\/\" \/>\n<meta property=\"og:site_name\" content=\"Kawasan\" \/>\n<meta property=\"article:modified_time\" content=\"2025-12-12T02:22:31+00:00\" \/>\n<meta property=\"og:image\" content=\"https:\/\/kawasan.vn\/wp-content\/uploads\/2023\/11\/DK3S-600x600-1.jpg\" \/>\n\t<meta property=\"og:image:width\" content=\"600\" \/>\n\t<meta property=\"og:image:height\" content=\"600\" \/>\n\t<meta property=\"og:image:type\" content=\"image\/jpeg\" \/>\n<meta name=\"twitter:card\" content=\"summary_large_image\" \/>\n<meta name=\"twitter:label1\" content=\"Est. reading time\" \/>\n\t<meta name=\"twitter:data1\" content=\"2 minutes\" \/>\n<script type=\"application\/ld+json\" class=\"yoast-schema-graph\">{\"@context\":\"https:\/\/schema.org\",\"@graph\":[{\"@type\":\"WebPage\",\"@id\":\"https:\/\/kawasan.vn\/san-pham\/cong-tac-cam-ung-cham-dieu-khien-tu-xa-dk3s\/\",\"url\":\"https:\/\/kawasan.vn\/san-pham\/cong-tac-cam-ung-cham-dieu-khien-tu-xa-dk3s\/\",\"name\":\"C\u00f4ng T\u1eafc C\u1ea3m \u1ee8ng DK3S-DK2S-DK1S Ch\u1ea1m \u0110i\u1ec1u Khi\u1ec3n T\u1eeb Xa - Kawasan\",\"isPartOf\":{\"@id\":\"https:\/\/kawasan.vn\/#website\"},\"primaryImageOfPage\":{\"@id\":\"https:\/\/kawasan.vn\/san-pham\/cong-tac-cam-ung-cham-dieu-khien-tu-xa-dk3s\/#primaryimage\"},\"image\":{\"@id\":\"https:\/\/kawasan.vn\/san-pham\/cong-tac-cam-ung-cham-dieu-khien-tu-xa-dk3s\/#primaryimage\"},\"thumbnailUrl\":\"https:\/\/kawasan.vn\/wp-content\/uploads\/2023\/11\/DK3S-600x600-1.jpg\",\"datePublished\":\"2023-11-01T08:15:39+00:00\",\"dateModified\":\"2025-12-12T02:22:31+00:00\",\"description\":\"C\u00f4ng T\u1eafc C\u1ea3m \u1ee8ng DK3S-DK2S-DK1S. c\u1ea3m \u1ee9ng ch\u1ea1m,k\u1ebft h\u1ee3p v\u1edbi \u0111i\u1ec1u khi\u1ec3n remote \u0111\u1ec3 B\u1eadt\/T\u1eaft cho c\u00e1c thi\u1ebft b\u1ecb \u0111i\u1ec7n t\u1eeb xa b\u1eb1ng s\u00f3ng RF 433Mhz kho\u1ea3ng c\u00e1ch xa 25-50m\",\"breadcrumb\":{\"@id\":\"https:\/\/kawasan.vn\/san-pham\/cong-tac-cam-ung-cham-dieu-khien-tu-xa-dk3s\/#breadcrumb\"},\"inLanguage\":\"en-US\",\"potentialAction\":[{\"@type\":\"ReadAction\",\"target\":[\"https:\/\/kawasan.vn\/san-pham\/cong-tac-cam-ung-cham-dieu-khien-tu-xa-dk3s\/\"]}]},{\"@type\":\"ImageObject\",\"inLanguage\":\"en-US\",\"@id\":\"https:\/\/kawasan.vn\/san-pham\/cong-tac-cam-ung-cham-dieu-khien-tu-xa-dk3s\/#primaryimage\",\"url\":\"https:\/\/kawasan.vn\/wp-content\/uploads\/2023\/11\/DK3S-600x600-1.jpg\",\"contentUrl\":\"https:\/\/kawasan.vn\/wp-content\/uploads\/2023\/11\/DK3S-600x600-1.jpg\",\"width\":600,\"height\":600},{\"@type\":\"BreadcrumbList\",\"@id\":\"https:\/\/kawasan.vn\/san-pham\/cong-tac-cam-ung-cham-dieu-khien-tu-xa-dk3s\/#breadcrumb\",\"itemListElement\":[{\"@type\":\"ListItem\",\"position\":1,\"name\":\"Trang ch\u1ee7\",\"item\":\"https:\/\/kawasan.vn\/\"},{\"@type\":\"ListItem\",\"position\":2,\"name\":\"S\u1ea3n ph\u1ea9m\",\"item\":\"https:\/\/kawasan.vn\/san-pham\/\"},{\"@type\":\"ListItem\",\"position\":3,\"name\":\"C\u00f4ng T\u1eafc C\u1ea3m \u1ee8ng DK3S-DK2S-DK1S Ch\u1ea1m \u0110i\u1ec1u Khi\u1ec3n T\u1eeb Xa\"}]},{\"@type\":\"WebSite\",\"@id\":\"https:\/\/kawasan.vn\/#website\",\"url\":\"https:\/\/kawasan.vn\/\",\"name\":\"Kawasan\",\"description\":\"\",\"potentialAction\":[{\"@type\":\"SearchAction\",\"target\":{\"@type\":\"EntryPoint\",\"urlTemplate\":\"https:\/\/kawasan.vn\/?s={search_term_string}\"},\"query-input\":{\"@type\":\"PropertyValueSpecification\",\"valueRequired\":true,\"valueName\":\"search_term_string\"}}],\"inLanguage\":\"en-US\"}]}<\/script>\n<!-- \/ Yoast SEO Premium plugin. -->","yoast_head_json":{"title":"C\u00f4ng T\u1eafc C\u1ea3m \u1ee8ng DK3S-DK2S-DK1S Ch\u1ea1m \u0110i\u1ec1u Khi\u1ec3n T\u1eeb Xa - Kawasan","description":"C\u00f4ng T\u1eafc C\u1ea3m \u1ee8ng DK3S-DK2S-DK1S. c\u1ea3m \u1ee9ng ch\u1ea1m,k\u1ebft h\u1ee3p v\u1edbi \u0111i\u1ec1u khi\u1ec3n remote \u0111\u1ec3 B\u1eadt\/T\u1eaft cho c\u00e1c thi\u1ebft b\u1ecb \u0111i\u1ec7n t\u1eeb xa b\u1eb1ng s\u00f3ng RF 433Mhz kho\u1ea3ng c\u00e1ch xa 25-50m","robots":{"index":"index","follow":"follow","max-snippet":"max-snippet:-1","max-image-preview":"max-image-preview:large","max-video-preview":"max-video-preview:-1"},"canonical":"https:\/\/kawasan.vn\/en\/product\/cong-tac-cam-ung-cham-dieu-khien-tu-xa-dk3s\/","og_locale":"en_US","og_type":"article","og_title":"C\u00f4ng T\u1eafc C\u1ea3m \u1ee8ng DK3S-DK2S-DK1S Ch\u1ea1m \u0110i\u1ec1u Khi\u1ec3n T\u1eeb Xa","og_description":"C\u00f4ng T\u1eafc C\u1ea3m \u1ee8ng DK3S-DK2S-DK1S. c\u1ea3m \u1ee9ng ch\u1ea1m,k\u1ebft h\u1ee3p v\u1edbi \u0111i\u1ec1u khi\u1ec3n remote \u0111\u1ec3 B\u1eadt\/T\u1eaft cho c\u00e1c thi\u1ebft b\u1ecb \u0111i\u1ec7n t\u1eeb xa b\u1eb1ng s\u00f3ng RF 433Mhz kho\u1ea3ng c\u00e1ch xa 25-50m","og_url":"https:\/\/kawasan.vn\/en\/product\/cong-tac-cam-ung-cham-dieu-khien-tu-xa-dk3s\/","og_site_name":"Kawasan","article_modified_time":"2025-12-12T02:22:31+00:00","og_image":[{"width":600,"height":600,"url":"https:\/\/kawasan.vn\/wp-content\/uploads\/2023\/11\/DK3S-600x600-1.jpg","type":"image\/jpeg"}],"twitter_card":"summary_large_image","twitter_misc":{"Est. reading time":"2 minutes"},"schema":{"@context":"https:\/\/schema.org","@graph":[{"@type":"WebPage","@id":"https:\/\/kawasan.vn\/san-pham\/cong-tac-cam-ung-cham-dieu-khien-tu-xa-dk3s\/","url":"https:\/\/kawasan.vn\/san-pham\/cong-tac-cam-ung-cham-dieu-khien-tu-xa-dk3s\/","name":"C\u00f4ng T\u1eafc C\u1ea3m \u1ee8ng DK3S-DK2S-DK1S Ch\u1ea1m \u0110i\u1ec1u Khi\u1ec3n T\u1eeb Xa - Kawasan","isPartOf":{"@id":"https:\/\/kawasan.vn\/#website"},"primaryImageOfPage":{"@id":"https:\/\/kawasan.vn\/san-pham\/cong-tac-cam-ung-cham-dieu-khien-tu-xa-dk3s\/#primaryimage"},"image":{"@id":"https:\/\/kawasan.vn\/san-pham\/cong-tac-cam-ung-cham-dieu-khien-tu-xa-dk3s\/#primaryimage"},"thumbnailUrl":"https:\/\/kawasan.vn\/wp-content\/uploads\/2023\/11\/DK3S-600x600-1.jpg","datePublished":"2023-11-01T08:15:39+00:00","dateModified":"2025-12-12T02:22:31+00:00","description":"C\u00f4ng T\u1eafc C\u1ea3m \u1ee8ng DK3S-DK2S-DK1S. c\u1ea3m \u1ee9ng ch\u1ea1m,k\u1ebft h\u1ee3p v\u1edbi \u0111i\u1ec1u khi\u1ec3n remote \u0111\u1ec3 B\u1eadt\/T\u1eaft cho c\u00e1c thi\u1ebft b\u1ecb \u0111i\u1ec7n t\u1eeb xa b\u1eb1ng s\u00f3ng RF 433Mhz kho\u1ea3ng c\u00e1ch xa 25-50m","breadcrumb":{"@id":"https:\/\/kawasan.vn\/san-pham\/cong-tac-cam-ung-cham-dieu-khien-tu-xa-dk3s\/#breadcrumb"},"inLanguage":"en-US","potentialAction":[{"@type":"ReadAction","target":["https:\/\/kawasan.vn\/san-pham\/cong-tac-cam-ung-cham-dieu-khien-tu-xa-dk3s\/"]}]},{"@type":"ImageObject","inLanguage":"en-US","@id":"https:\/\/kawasan.vn\/san-pham\/cong-tac-cam-ung-cham-dieu-khien-tu-xa-dk3s\/#primaryimage","url":"https:\/\/kawasan.vn\/wp-content\/uploads\/2023\/11\/DK3S-600x600-1.jpg","contentUrl":"https:\/\/kawasan.vn\/wp-content\/uploads\/2023\/11\/DK3S-600x600-1.jpg","width":600,"height":600},{"@type":"BreadcrumbList","@id":"https:\/\/kawasan.vn\/san-pham\/cong-tac-cam-ung-cham-dieu-khien-tu-xa-dk3s\/#breadcrumb","itemListElement":[{"@type":"ListItem","position":1,"name":"Trang ch\u1ee7","item":"https:\/\/kawasan.vn\/"},{"@type":"ListItem","position":2,"name":"S\u1ea3n ph\u1ea9m","item":"https:\/\/kawasan.vn\/san-pham\/"},{"@type":"ListItem","position":3,"name":"C\u00f4ng T\u1eafc C\u1ea3m \u1ee8ng DK3S-DK2S-DK1S Ch\u1ea1m \u0110i\u1ec1u Khi\u1ec3n T\u1eeb Xa"}]},{"@type":"WebSite","@id":"https:\/\/kawasan.vn\/#website","url":"https:\/\/kawasan.vn\/","name":"Kawasan","description":"","potentialAction":[{"@type":"SearchAction","target":{"@type":"EntryPoint","urlTemplate":"https:\/\/kawasan.vn\/?s={search_term_string}"},"query-input":{"@type":"PropertyValueSpecification","valueRequired":true,"valueName":"search_term_string"}}],"inLanguage":"en-US"}]}},"_links":{"self":[{"href":"https:\/\/kawasan.vn\/en\/wp-json\/wp\/v2\/product\/6671","targetHints":{"allow":["GET"]}}],"collection":[{"href":"https:\/\/kawasan.vn\/en\/wp-json\/wp\/v2\/product"}],"about":[{"href":"https:\/\/kawasan.vn\/en\/wp-json\/wp\/v2\/types\/product"}],"replies":[{"embeddable":true,"href":"https:\/\/kawasan.vn\/en\/wp-json\/wp\/v2\/comments?post=6671"}],"version-history":[{"count":3,"href":"https:\/\/kawasan.vn\/en\/wp-json\/wp\/v2\/product\/6671\/revisions"}],"predecessor-version":[{"id":20062,"href":"https:\/\/kawasan.vn\/en\/wp-json\/wp\/v2\/product\/6671\/revisions\/20062"}],"wp:featuredmedia":[{"embeddable":true,"href":"https:\/\/kawasan.vn\/en\/wp-json\/wp\/v2\/media\/17727"}],"wp:attachment":[{"href":"https:\/\/kawasan.vn\/en\/wp-json\/wp\/v2\/media?parent=6671"}],"wp:term":[{"taxonomy":"product_cat","embeddable":true,"href":"https:\/\/kawasan.vn\/en\/wp-json\/wp\/v2\/product_cat?post=6671"},{"taxonomy":"product_tag","embeddable":true,"href":"https:\/\/kawasan.vn\/en\/wp-json\/wp\/v2\/product_tag?post=6671"}],"curies":[{"name":"wp","href":"https:\/\/api.w.org\/{rel}","templated":true}]}}