{"id":6663,"date":"2023-11-01T08:14:32","date_gmt":"2023-11-01T08:14:32","guid":{"rendered":"https:\/\/kawasan.123websitedev.com\/product\/cong-tac-thoi-gian-sul-181d\/"},"modified":"2024-10-29T19:33:53","modified_gmt":"2024-10-29T12:33:53","slug":"cong-tac-thoi-gian-sul-181d","status":"publish","type":"product","link":"https:\/\/kawasan.vn\/en\/product\/cong-tac-thoi-gian-sul-181d\/","title":{"rendered":"SUL 181D Time Switch"},"content":{"rendered":"<h2><strong>CHI TI\u1ebeT S\u1ea2N PH\u1ea8M<\/strong><\/h2>\n<ul>\n<li>SUL 181d l\u00e0 <a href=\"https:\/\/kawasan.vn\/en\/product-category\/hen-gio\/\">c\u00f4ng t\u1eafc th\u1eddi gian<\/a> d\u1ea1ng c\u01a1 v\u1edbi ch\u01b0\u01a1ng tr\u00ecnh c\u00e0i \u0111\u1eb7t h\u00e0ng ng\u00e0y, 1 k\u00eanh ra, l\u1eafp \u0111\u1eb7t d\u1ec5 d\u00e0ng tr\u00ean thanh DIN, t\u1ee7 \u0111i\u1ec7n ho\u1eb7c tr\u00ean t\u01b0\u1eddng (v\u1edbi ph\u1ee5 ki\u1ec7n). \u0110\u1ea5u n\u1ed1i nhanh ch\u00f3ng b\u1eb1ng \u0111\u1ea7u n\u1ed1i d\u1ea1ng l\u00f2 xo (kh\u00f4ng c\u1ea7n v\u1eb7n v\u00edt), m\u1ed7i \u0111\u1ea7u n\u1ed1i c\u00f3 th\u1ec3 \u0111\u1ea5u 2 d\u00e2y.<\/li>\n<li>SUL 181 \u0111\u01b0\u1ee3c s\u1eed d\u1ee5ng r\u1ed9ng r\u00e3i trong c\u00f4ng nghi\u1ec7p, th\u01b0\u01a1ng m\u1ea1i, n\u00f4ng nghi\u1ec7p c\u00f4ng ngh\u1ec7 cao, d\u00e2n d\u1ee5ng nh\u01b0 <a href=\"https:\/\/kawasan.com.vn\/\">\u0111i\u1ec1u khi\u1ec3n chi\u1ebfu s\u00e1ng c\u00f4ng c\u1ed9ng<\/a>, b\u1ea3ng qu\u1ea3ng c\u00e1o, th\u00f4ng gi\u00f3, b\u01a1m n\u01b0\u1edbc, t\u01b0\u1edbi c\u00e2y, s\u1ea5y s\u01b0\u1edfi, tr\u1ed3ng c\u00e2y, l\u00f2 \u1ea5p tr\u1ee9ng, t\u1eaft m\u1edf ngu\u1ed3n \u0111i\u1ec7n kh\u00f4ng c\u1ea7n d\u00f9ng \u0111\u1ebfn khi ra kh\u1ecfi nh\u00e0 \u0111\u1ed1i v\u1edbi c\u00e1c c\u0103n h\u1ed9 chung c\u01b0, nh\u00e0 \u1edf&#8230;.<\/li>\n<\/ul>\n<h2><strong>S\u1ea3n ph\u1ea9m c\u00f3 nh\u1eefng t\u00ednh n\u0103ng n\u1ed5i b\u1eadt sau \u0111\u00e2y:<\/strong><\/h2>\n<ul>\n<li>M\u1ed9t\u00a0k\u00eanh \u0111i\u1ec1u khi\u1ec3n.<\/li>\n<li>Ch\u01b0\u01a1ng tr\u00ecnh h\u00e0ng ng\u00e0y<\/li>\n<li>T\u00edch h\u1ee3p pin d\u1ef1 ph\u00f2ng (NiMH)<\/li>\n<li>\u0110\u1ed3ng h\u1ed3 th\u1ea1ch anh (Quartz)<\/li>\n<li>96 ph\u00e2n \u0111o\u1ea1n.<\/li>\n<li>Th\u1eddi gian chuy\u1ec3n m\u1ea1ch ng\u1eafn nh\u1ea5t: 15 ph\u00fat<\/li>\n<li>M\u1eb7t \u0111\u1ed3ng h\u1ed3 hi\u1ec7n th\u1ecb th\u1eddi gian v\u00e0 ch\u1ec9 th\u1ecb 12\/24h.<\/li>\n<li>Th\u1eddi gian c\u00f3 th\u1ec3 \u0111i\u1ec1u ch\u1ec9nh ng\u01b0\u1ee3c ho\u1eb7c theo chi\u1ec1u kim \u0111\u1ed3ng h\u1ed3.<\/li>\n<li>\u0110\u1ea7u n\u1ed1i k\u00e9p d\u1ea1ng l\u00f2 xo: m\u1ed7i \u0111\u1ea7u 2 d\u00e2y \u0111\u01a1n ho\u1eb7c \u0111a s\u1ee3i, c\u00f3 ho\u1eb7c kh\u00f4ng c\u00f3 \u0111\u1ea7u c\u1ed1t, 0,5~2,5mm2, nh\u1ea5n \u0111\u1ec3 nh\u1ea3.<\/li>\n<li>Ch\u1ecdn tr\u01b0\u1edbc tr\u1ea1ng th\u00e1i \u0111\u00f3ng ho\u1eb7c m\u1edf.<\/li>\n<li>Ch\u1ecdn 3 ch\u1ebf \u0111\u1ed9 ho\u1ea1t \u0111\u1ed9ng: th\u01b0\u1eddng \u0111\u00f3ng\/th\u01b0\u1eddng m\u1edf\/t\u1ef1 \u0111\u1ed9ng theo ch\u01b0\u01a1ng tr\u00ecnh (Continuous ON\/AUTO\/continuous OFF)<\/li>\n<li>Hi\u1ec7n th\u1ecb tr\u1ea1ng th\u00e1i ho\u1ea1t \u0111\u1ed9ng (\u0111\u00f3ng\/ho\u1eb7c m\u1edf).C\u00f3 n\u1eafp che trong su\u1ed1t b\u1ea3o v\u1ec7 m\u1eb7t thi\u1ebft b\u1ecb.<\/li>\n<\/ul>","protected":false},"excerpt":{"rendered":"<p>Nh\u00e0 s\u1ea3n xu\u1ea5t: ThebenM\u00e3 s\u1ea3n ph\u1ea9m: SUL 181DT\u00ecnh tr\u1ea1ng:H\u1ebft h\u00e0ng<\/p>","protected":false},"featured_media":17738,"comment_status":"open","ping_status":"closed","template":"","meta":{"_yoast_wpseo_focuskw":"C\u00f4ng T\u1eafc Th\u1eddi Gian SUL 181D","_yoast_wpseo_metadesc":"C\u00f4ng T\u1eafc Th\u1eddi Gian SUL 181D l\u00e0 c\u00f4ng t\u1eafc th\u1eddi gian d\u1ea1ng c\u01a1 v\u1edbi ch\u01b0\u01a1ng tr\u00ecnh c\u00e0i \u0111\u1eb7t h\u00e0ng ng\u00e0y, 1 k\u00eanh ra, l\u1eafp \u0111\u1eb7t d\u1ec5 d\u00e0ng tr\u00ean thanh DIN","_yoast_wpseo_focuskeywords":"","_yoast_wpseo_keyword_synonyms":""},"product_cat":[82,85],"product_tag":[1149,1157,1161,1150,1143,516,1153,1146,1145,963,1154,1158,1159,1144,1148,1156,590,559,589,1151,1152,1155,1160,1147],"class_list":["post-6663","product","type-product","status-publish","has-post-thumbnail","hentry","product_cat-hen-gio","product_cat-hang-khuyen-mai-soc","product_tag-bo-cong-tac-hen-gio","product_tag-bo-hen-gio-tuoi-cay","product_tag-bo-hen-gio-tuoi-cay-dung-pin","product_tag-bo-hen-gio-tuoi-cay-tu-dong","product_tag-cong-tac-dien-hen-gio","product_tag-cong-tac-hen-gio","product_tag-cong-tac-hen-gio-bat-tat-thiet-bi","product_tag-cong-tac-hen-gio-co","product_tag-cong-tac-hen-gio-dien-tu","product_tag-cong-tac-hen-gio-kawasan","product_tag-cong-tac-hen-gio-tat-bat","product_tag-cong-tac-hen-gio-tu-dong","product_tag-hen-gio-kawasan","product_tag-hen-gio-tuoi","product_tag-hen-gio-tuoi-cay","product_tag-kawasan-timer","product_tag-o-cam-dien-hen-gio","product_tag-o-cam-hen-gio","product_tag-o-cam-hen-gio-dien-tu","product_tag-o-cam-hen-gio-kawasan","product_tag-timer-hen-gio-tuoi-cay","product_tag-timer-kawasan","product_tag-van-hen-gio-tuoi-cay","product_tag-van-tuoi-nuoc-hen-gio"],"acf":[],"yoast_head":"<!-- This site is optimized with the Yoast SEO Premium plugin v24.9 (Yoast SEO v24.9) - https:\/\/yoast.com\/wordpress\/plugins\/seo\/ -->\n<title>C\u00f4ng T\u1eafc Th\u1eddi Gian SUL 181D - Kawasan<\/title>\n<meta name=\"description\" content=\"C\u00f4ng T\u1eafc Th\u1eddi Gian SUL 181D l\u00e0 c\u00f4ng t\u1eafc th\u1eddi gian d\u1ea1ng c\u01a1 v\u1edbi ch\u01b0\u01a1ng tr\u00ecnh c\u00e0i \u0111\u1eb7t h\u00e0ng ng\u00e0y, 1 k\u00eanh ra, l\u1eafp \u0111\u1eb7t d\u1ec5 d\u00e0ng tr\u00ean thanh DIN\" \/>\n<meta name=\"robots\" content=\"index, follow, max-snippet:-1, max-image-preview:large, max-video-preview:-1\" \/>\n<link rel=\"canonical\" href=\"https:\/\/kawasan.vn\/en\/product\/cong-tac-thoi-gian-sul-181d\/\" \/>\n<meta property=\"og:locale\" content=\"en_US\" \/>\n<meta property=\"og:type\" content=\"article\" \/>\n<meta property=\"og:title\" content=\"C\u00f4ng T\u1eafc Th\u1eddi Gian SUL 181D\" \/>\n<meta property=\"og:description\" content=\"C\u00f4ng T\u1eafc Th\u1eddi Gian SUL 181D l\u00e0 c\u00f4ng t\u1eafc th\u1eddi gian d\u1ea1ng c\u01a1 v\u1edbi ch\u01b0\u01a1ng tr\u00ecnh c\u00e0i \u0111\u1eb7t h\u00e0ng ng\u00e0y, 1 k\u00eanh ra, l\u1eafp \u0111\u1eb7t d\u1ec5 d\u00e0ng tr\u00ean thanh DIN\" \/>\n<meta property=\"og:url\" content=\"https:\/\/kawasan.vn\/en\/product\/cong-tac-thoi-gian-sul-181d\/\" \/>\n<meta property=\"og:site_name\" content=\"Kawasan\" \/>\n<meta property=\"article:modified_time\" content=\"2024-10-29T12:33:53+00:00\" \/>\n<meta property=\"og:image\" content=\"https:\/\/kawasan.vn\/wp-content\/uploads\/2023\/11\/181D-600x600-1.jpg\" \/>\n\t<meta property=\"og:image:width\" content=\"600\" \/>\n\t<meta property=\"og:image:height\" content=\"600\" \/>\n\t<meta property=\"og:image:type\" content=\"image\/jpeg\" \/>\n<meta name=\"twitter:card\" content=\"summary_large_image\" \/>\n<meta name=\"twitter:label1\" content=\"Est. reading time\" \/>\n\t<meta name=\"twitter:data1\" content=\"2 minutes\" \/>\n<script type=\"application\/ld+json\" class=\"yoast-schema-graph\">{\"@context\":\"https:\/\/schema.org\",\"@graph\":[{\"@type\":\"WebPage\",\"@id\":\"https:\/\/kawasan.vn\/san-pham\/cong-tac-thoi-gian-sul-181d\/\",\"url\":\"https:\/\/kawasan.vn\/san-pham\/cong-tac-thoi-gian-sul-181d\/\",\"name\":\"C\u00f4ng T\u1eafc Th\u1eddi Gian SUL 181D - Kawasan\",\"isPartOf\":{\"@id\":\"https:\/\/kawasan.vn\/#website\"},\"primaryImageOfPage\":{\"@id\":\"https:\/\/kawasan.vn\/san-pham\/cong-tac-thoi-gian-sul-181d\/#primaryimage\"},\"image\":{\"@id\":\"https:\/\/kawasan.vn\/san-pham\/cong-tac-thoi-gian-sul-181d\/#primaryimage\"},\"thumbnailUrl\":\"https:\/\/kawasan.vn\/wp-content\/uploads\/2023\/11\/181D-600x600-1.jpg\",\"datePublished\":\"2023-11-01T08:14:32+00:00\",\"dateModified\":\"2024-10-29T12:33:53+00:00\",\"description\":\"C\u00f4ng T\u1eafc Th\u1eddi Gian SUL 181D l\u00e0 c\u00f4ng t\u1eafc th\u1eddi gian d\u1ea1ng c\u01a1 v\u1edbi ch\u01b0\u01a1ng tr\u00ecnh c\u00e0i \u0111\u1eb7t h\u00e0ng ng\u00e0y, 1 k\u00eanh ra, l\u1eafp \u0111\u1eb7t d\u1ec5 d\u00e0ng tr\u00ean thanh DIN\",\"breadcrumb\":{\"@id\":\"https:\/\/kawasan.vn\/san-pham\/cong-tac-thoi-gian-sul-181d\/#breadcrumb\"},\"inLanguage\":\"en-US\",\"potentialAction\":[{\"@type\":\"ReadAction\",\"target\":[\"https:\/\/kawasan.vn\/san-pham\/cong-tac-thoi-gian-sul-181d\/\"]}]},{\"@type\":\"ImageObject\",\"inLanguage\":\"en-US\",\"@id\":\"https:\/\/kawasan.vn\/san-pham\/cong-tac-thoi-gian-sul-181d\/#primaryimage\",\"url\":\"https:\/\/kawasan.vn\/wp-content\/uploads\/2023\/11\/181D-600x600-1.jpg\",\"contentUrl\":\"https:\/\/kawasan.vn\/wp-content\/uploads\/2023\/11\/181D-600x600-1.jpg\",\"width\":600,\"height\":600},{\"@type\":\"BreadcrumbList\",\"@id\":\"https:\/\/kawasan.vn\/san-pham\/cong-tac-thoi-gian-sul-181d\/#breadcrumb\",\"itemListElement\":[{\"@type\":\"ListItem\",\"position\":1,\"name\":\"Trang ch\u1ee7\",\"item\":\"https:\/\/kawasan.vn\/\"},{\"@type\":\"ListItem\",\"position\":2,\"name\":\"S\u1ea3n ph\u1ea9m\",\"item\":\"https:\/\/kawasan.vn\/san-pham\/\"},{\"@type\":\"ListItem\",\"position\":3,\"name\":\"C\u00f4ng T\u1eafc Th\u1eddi Gian SUL 181D\"}]},{\"@type\":\"WebSite\",\"@id\":\"https:\/\/kawasan.vn\/#website\",\"url\":\"https:\/\/kawasan.vn\/\",\"name\":\"Kawasan\",\"description\":\"\",\"potentialAction\":[{\"@type\":\"SearchAction\",\"target\":{\"@type\":\"EntryPoint\",\"urlTemplate\":\"https:\/\/kawasan.vn\/?s={search_term_string}\"},\"query-input\":{\"@type\":\"PropertyValueSpecification\",\"valueRequired\":true,\"valueName\":\"search_term_string\"}}],\"inLanguage\":\"en-US\"}]}<\/script>\n<!-- \/ Yoast SEO Premium plugin. -->","yoast_head_json":{"title":"C\u00f4ng T\u1eafc Th\u1eddi Gian SUL 181D - Kawasan","description":"C\u00f4ng T\u1eafc Th\u1eddi Gian SUL 181D l\u00e0 c\u00f4ng t\u1eafc th\u1eddi gian d\u1ea1ng c\u01a1 v\u1edbi ch\u01b0\u01a1ng tr\u00ecnh c\u00e0i \u0111\u1eb7t h\u00e0ng ng\u00e0y, 1 k\u00eanh ra, l\u1eafp \u0111\u1eb7t d\u1ec5 d\u00e0ng tr\u00ean thanh DIN","robots":{"index":"index","follow":"follow","max-snippet":"max-snippet:-1","max-image-preview":"max-image-preview:large","max-video-preview":"max-video-preview:-1"},"canonical":"https:\/\/kawasan.vn\/en\/product\/cong-tac-thoi-gian-sul-181d\/","og_locale":"en_US","og_type":"article","og_title":"C\u00f4ng T\u1eafc Th\u1eddi Gian SUL 181D","og_description":"C\u00f4ng T\u1eafc Th\u1eddi Gian SUL 181D l\u00e0 c\u00f4ng t\u1eafc th\u1eddi gian d\u1ea1ng c\u01a1 v\u1edbi ch\u01b0\u01a1ng tr\u00ecnh c\u00e0i \u0111\u1eb7t h\u00e0ng ng\u00e0y, 1 k\u00eanh ra, l\u1eafp \u0111\u1eb7t d\u1ec5 d\u00e0ng tr\u00ean thanh DIN","og_url":"https:\/\/kawasan.vn\/en\/product\/cong-tac-thoi-gian-sul-181d\/","og_site_name":"Kawasan","article_modified_time":"2024-10-29T12:33:53+00:00","og_image":[{"width":600,"height":600,"url":"https:\/\/kawasan.vn\/wp-content\/uploads\/2023\/11\/181D-600x600-1.jpg","type":"image\/jpeg"}],"twitter_card":"summary_large_image","twitter_misc":{"Est. reading time":"2 minutes"},"schema":{"@context":"https:\/\/schema.org","@graph":[{"@type":"WebPage","@id":"https:\/\/kawasan.vn\/san-pham\/cong-tac-thoi-gian-sul-181d\/","url":"https:\/\/kawasan.vn\/san-pham\/cong-tac-thoi-gian-sul-181d\/","name":"C\u00f4ng T\u1eafc Th\u1eddi Gian SUL 181D - Kawasan","isPartOf":{"@id":"https:\/\/kawasan.vn\/#website"},"primaryImageOfPage":{"@id":"https:\/\/kawasan.vn\/san-pham\/cong-tac-thoi-gian-sul-181d\/#primaryimage"},"image":{"@id":"https:\/\/kawasan.vn\/san-pham\/cong-tac-thoi-gian-sul-181d\/#primaryimage"},"thumbnailUrl":"https:\/\/kawasan.vn\/wp-content\/uploads\/2023\/11\/181D-600x600-1.jpg","datePublished":"2023-11-01T08:14:32+00:00","dateModified":"2024-10-29T12:33:53+00:00","description":"C\u00f4ng T\u1eafc Th\u1eddi Gian SUL 181D l\u00e0 c\u00f4ng t\u1eafc th\u1eddi gian d\u1ea1ng c\u01a1 v\u1edbi ch\u01b0\u01a1ng tr\u00ecnh c\u00e0i \u0111\u1eb7t h\u00e0ng ng\u00e0y, 1 k\u00eanh ra, l\u1eafp \u0111\u1eb7t d\u1ec5 d\u00e0ng tr\u00ean thanh DIN","breadcrumb":{"@id":"https:\/\/kawasan.vn\/san-pham\/cong-tac-thoi-gian-sul-181d\/#breadcrumb"},"inLanguage":"en-US","potentialAction":[{"@type":"ReadAction","target":["https:\/\/kawasan.vn\/san-pham\/cong-tac-thoi-gian-sul-181d\/"]}]},{"@type":"ImageObject","inLanguage":"en-US","@id":"https:\/\/kawasan.vn\/san-pham\/cong-tac-thoi-gian-sul-181d\/#primaryimage","url":"https:\/\/kawasan.vn\/wp-content\/uploads\/2023\/11\/181D-600x600-1.jpg","contentUrl":"https:\/\/kawasan.vn\/wp-content\/uploads\/2023\/11\/181D-600x600-1.jpg","width":600,"height":600},{"@type":"BreadcrumbList","@id":"https:\/\/kawasan.vn\/san-pham\/cong-tac-thoi-gian-sul-181d\/#breadcrumb","itemListElement":[{"@type":"ListItem","position":1,"name":"Trang ch\u1ee7","item":"https:\/\/kawasan.vn\/"},{"@type":"ListItem","position":2,"name":"S\u1ea3n ph\u1ea9m","item":"https:\/\/kawasan.vn\/san-pham\/"},{"@type":"ListItem","position":3,"name":"C\u00f4ng T\u1eafc Th\u1eddi Gian SUL 181D"}]},{"@type":"WebSite","@id":"https:\/\/kawasan.vn\/#website","url":"https:\/\/kawasan.vn\/","name":"Kawasan","description":"","potentialAction":[{"@type":"SearchAction","target":{"@type":"EntryPoint","urlTemplate":"https:\/\/kawasan.vn\/?s={search_term_string}"},"query-input":{"@type":"PropertyValueSpecification","valueRequired":true,"valueName":"search_term_string"}}],"inLanguage":"en-US"}]}},"_links":{"self":[{"href":"https:\/\/kawasan.vn\/en\/wp-json\/wp\/v2\/product\/6663","targetHints":{"allow":["GET"]}}],"collection":[{"href":"https:\/\/kawasan.vn\/en\/wp-json\/wp\/v2\/product"}],"about":[{"href":"https:\/\/kawasan.vn\/en\/wp-json\/wp\/v2\/types\/product"}],"replies":[{"embeddable":true,"href":"https:\/\/kawasan.vn\/en\/wp-json\/wp\/v2\/comments?post=6663"}],"version-history":[{"count":2,"href":"https:\/\/kawasan.vn\/en\/wp-json\/wp\/v2\/product\/6663\/revisions"}],"predecessor-version":[{"id":20063,"href":"https:\/\/kawasan.vn\/en\/wp-json\/wp\/v2\/product\/6663\/revisions\/20063"}],"wp:featuredmedia":[{"embeddable":true,"href":"https:\/\/kawasan.vn\/en\/wp-json\/wp\/v2\/media\/17738"}],"wp:attachment":[{"href":"https:\/\/kawasan.vn\/en\/wp-json\/wp\/v2\/media?parent=6663"}],"wp:term":[{"taxonomy":"product_cat","embeddable":true,"href":"https:\/\/kawasan.vn\/en\/wp-json\/wp\/v2\/product_cat?post=6663"},{"taxonomy":"product_tag","embeddable":true,"href":"https:\/\/kawasan.vn\/en\/wp-json\/wp\/v2\/product_tag?post=6663"}],"curies":[{"name":"wp","href":"https:\/\/api.w.org\/{rel}","templated":true}]}}