{"id":6639,"date":"2023-11-17T07:21:41","date_gmt":"2023-11-17T07:21:41","guid":{"rendered":"https:\/\/kawasan.123websitedev.com\/product\/bong-den-led-bulb-wifi-doi-mau-thong-minh-wb-12w\/"},"modified":"2025-12-09T14:53:56","modified_gmt":"2025-12-09T07:53:56","slug":"den-led-wifi-doi-mau-thong-minh-wb-12w","status":"publish","type":"product","link":"https:\/\/kawasan.vn\/en\/product\/den-led-wifi-doi-mau-thong-minh-wb-12w\/","title":{"rendered":"\u0110\u00e8n Led Wifi \u0110\u1ed5i M\u00e0u Th\u00f4ng Minh WB-12W"},"content":{"rendered":"<p>Trong nhi\u1ec1u thi\u1ebft b\u1ecb \u0111i\u1ec7n th\u00f4ng minh, nh\u01b0 c\u00f4ng t\u1eafc c\u1ea3m \u1ee9ng CB20A \u0111i\u1ec1u khi\u1ec3n b\u1eb1ng Wifi. \u0110\u00e8n Led Wifi \u0111\u1ed5i m\u00e0u th\u00f4ng minh WB-12W <a href=\"https:\/\/kawasan.com.vn\/\" target=\"_blank\" rel=\"noopener\">Kawasan<\/a>, l\u00e0 m\u1ed9t lo\u1ea1i \u0111\u00e8n kh\u00f3 c\u00f3 th\u1ec3 thi\u1ebfu. Ngo\u00e0i ch\u1ee9c n\u0103ng chi\u1ebfu s\u00e1ng, \u0111\u00e8n c\u00f2n c\u00f3 th\u1ec3 thay \u0111\u1ed5i m\u00e0u s\u1eafc, chuy\u1ec3n m\u00e0u. H\u1eb9n gi\u1edd t\u1ef1 t\u1eaft m\u1edf ho\u1eb7c theo ng\u1eef c\u1ea3nh t\u0103ng c\u1ea3m x\u00fac cho kh\u00f4ng gian l\u1eafp \u0111\u1eb7t. M\u1ecdi thao t\u00e1c \u0111\u1ec1u \u0111\u01b0\u1ee3c \u0111i\u1ec1u khi\u1ec3n th\u00f4ng qua Smartphone. C\u00f3 k\u1ebft n\u1ed1i internet v\u1edbi \u1ee9ng d\u1ee5ng th\u00f4ng minh Tuya Smart.<\/p>\n<div id=\"attachment_7372\" class=\"wp-caption aligncenter\">\n<figure id=\"attachment_17716\" aria-describedby=\"caption-attachment-17716\" style=\"width: 600px\" class=\"wp-caption aligncenter\"><img loading=\"lazy\" decoding=\"async\" class=\"wp-image-17716 size-full\" title=\"\u0110\u00e8n Led wifi \u0111\u1ed5i m\u00e0u th\u00f4ng minh Kawasan\" src=\"https:\/\/kawasan.vn\/wp-content\/uploads\/2023\/11\/den-led-bulb-wifi-wb-12w-2.jpg\" alt=\"\u0110\u00e8n Led wifi \u0111\u1ed5i m\u00e0u th\u00f4ng minh Kawasan\" width=\"600\" height=\"600\" srcset=\"https:\/\/kawasan.vn\/wp-content\/uploads\/2023\/11\/den-led-bulb-wifi-wb-12w-2.jpg 600w, https:\/\/kawasan.vn\/wp-content\/uploads\/2023\/11\/den-led-bulb-wifi-wb-12w-2-400x400.jpg 400w\" sizes=\"auto, (max-width: 600px) 100vw, 600px\" \/><figcaption id=\"caption-attachment-17716\" class=\"wp-caption-text\">\u0110\u00e8n Led wifi \u0111\u1ed5i m\u00e0u th\u00f4ng minh Kawasan<\/figcaption><\/figure>\n<p id=\"caption-attachment-7372\" class=\"wp-caption-text\">\n<\/div>\n<h2><span class=\"ez-toc-section\" id=\"LED_BULB_WIFI_WB-12_THIET_KE_NHO_GON_DUI_E27_TIEN_DUNG_DE_DANG_LAP_DAT_CHO_NHIEU_VI_TRI\"><\/span>LED BULB WIFI WB-12 THI\u1ebeT K\u1ebe NH\u1ece G\u1eccN, \u0110UI E27 TI\u1ec6N D\u1ee4NG D\u1ec4 D\u00c0NG L\u1eaeP \u0110\u1eb6T CHO NHI\u1ec0U V\u1eca TR\u00cd.<span class=\"ez-toc-section-end\"><\/span><\/h2><div id=\"ez-toc-container\" class=\"ez-toc-v2_0_69_1 counter-hierarchy ez-toc-counter ez-toc-grey ez-toc-container-direction\">\n<div class=\"ez-toc-title-container\">\n<p class=\"ez-toc-title\" >N\u1ed9i Dung B&agrave;i Vi\u1ebft<\/p>\n<span class=\"ez-toc-title-toggle\"><a href=\"#\" class=\"ez-toc-pull-right ez-toc-btn ez-toc-btn-xs ez-toc-btn-default ez-toc-toggle\" aria-label=\"Toggle Table of Content\"><span class=\"ez-toc-js-icon-con\"><span class=\"\"><span class=\"eztoc-hide\" style=\"display:none;\">Toggle<\/span><span class=\"ez-toc-icon-toggle-span\"><svg style=\"fill: #999;color:#999\" xmlns=\"http:\/\/www.w3.org\/2000\/svg\" class=\"list-377408\" width=\"20px\" height=\"20px\" viewbox=\"0 0 24 24\" fill=\"none\"><path d=\"M6 6H4v2h2V6zm14 0H8v2h12V6zM4 11h2v2H4v-2zm16 0H8v2h12v-2zM4 16h2v2H4v-2zm16 0H8v2h12v-2z\" fill=\"currentColor\"><\/path><\/svg><svg style=\"fill: #999;color:#999\" class=\"arrow-unsorted-368013\" xmlns=\"http:\/\/www.w3.org\/2000\/svg\" width=\"10px\" height=\"10px\" viewbox=\"0 0 24 24\" version=\"1.2\" baseprofile=\"tiny\"><path d=\"M18.2 9.3l-6.2-6.3-6.2 6.3c-.2.2-.3.4-.3.7s.1.5.3.7c.2.2.4.3.7.3h11c.3 0 .5-.1.7-.3.2-.2.3-.5.3-.7s-.1-.5-.3-.7zM5.8 14.7l6.2 6.3 6.2-6.3c.2-.2.3-.5.3-.7s-.1-.5-.3-.7c-.2-.2-.4-.3-.7-.3h-11c-.3 0-.5.1-.7.3-.2.2-.3.5-.3.7s.1.5.3.7z\"\/><\/svg><\/span><\/span><\/span><\/a><\/span><\/div>\n<nav><ul class='ez-toc-list ez-toc-list-level-1 eztoc-toggle-hide-by-default' ><li class='ez-toc-page-1 ez-toc-heading-level-2'><a class=\"ez-toc-link ez-toc-heading-1\" href=\"https:\/\/kawasan.vn\/en\/product\/den-led-wifi-doi-mau-thong-minh-wb-12w\/#LED_BULB_WIFI_WB-12_THIET_KE_NHO_GON_DUI_E27_TIEN_DUNG_DE_DANG_LAP_DAT_CHO_NHIEU_VI_TRI\" title=\"LED BULB WIFI WB-12 THI\u1ebeT K\u1ebe NH\u1ece G\u1eccN, \u0110UI E27 TI\u1ec6N D\u1ee4NG D\u1ec4 D\u00c0NG L\u1eaeP \u0110\u1eb6T CHO NHI\u1ec0U V\u1eca TR\u00cd.\">LED BULB WIFI WB-12 THI\u1ebeT K\u1ebe NH\u1ece G\u1eccN, \u0110UI E27 TI\u1ec6N D\u1ee4NG D\u1ec4 D\u00c0NG L\u1eaeP \u0110\u1eb6T CHO NHI\u1ec0U V\u1eca TR\u00cd.<\/a><\/li><li class='ez-toc-page-1 ez-toc-heading-level-2'><a class=\"ez-toc-link ez-toc-heading-2\" href=\"https:\/\/kawasan.vn\/en\/product\/den-led-wifi-doi-mau-thong-minh-wb-12w\/#CHIP_LED_EPISTARSAMSUNG_SIEU_SANG_KHONG_GAY_CHOI_MAT\" title=\"CHIP LED EPISTAR\/SAMSUNG SI\u00caU S\u00c1NG, KH\u00d4NG G\u00c2Y CH\u00d3I M\u1eaeT\">CHIP LED EPISTAR\/SAMSUNG SI\u00caU S\u00c1NG, KH\u00d4NG G\u00c2Y CH\u00d3I M\u1eaeT<\/a><\/li><li class='ez-toc-page-1 ez-toc-heading-level-2'><a class=\"ez-toc-link ez-toc-heading-3\" href=\"https:\/\/kawasan.vn\/en\/product\/den-led-wifi-doi-mau-thong-minh-wb-12w\/#TINH_NANG_HIEN_DAI_DIEU_KHIEN_TU_XA_QUA_APP_KAWA_SMART_VA_DIEU_KHIEN_BANG_GIONG_NOI_QUA_GOOGLE_ASSISTANT\" title=\"T\u00cdNH N\u0102NG HI\u1ec6N \u0110\u1ea0I \u0110I\u1ec0U KHI\u1ec2N T\u1eea XA QUA APP KAWA SMART V\u00c0 \u0110I\u1ec0U KHI\u1ec2N B\u1eb0NG GI\u1eccNG N\u00d3I QUA GOOGLE ASSISTANT\">T\u00cdNH N\u0102NG HI\u1ec6N \u0110\u1ea0I \u0110I\u1ec0U KHI\u1ec2N T\u1eea XA QUA APP KAWA SMART V\u00c0 \u0110I\u1ec0U KHI\u1ec2N B\u1eb0NG GI\u1eccNG N\u00d3I QUA GOOGLE ASSISTANT<\/a><\/li><li class='ez-toc-page-1 ez-toc-heading-level-2'><a class=\"ez-toc-link ez-toc-heading-4\" href=\"https:\/\/kawasan.vn\/en\/product\/den-led-wifi-doi-mau-thong-minh-wb-12w\/#BONG_LED_BULB_WIFI_THICH_HOP_LAP_O_NHIEU_KHU_VUC_KHAC_NHAU\" title=\"B\u00d3NG LED BULB WIFI TH\u00cdCH H\u1ee2P L\u1eaeP \u1ede NHI\u1ec0U KHU V\u1ef0C KH\u00c1C NHAU\">B\u00d3NG LED BULB WIFI TH\u00cdCH H\u1ee2P L\u1eaeP \u1ede NHI\u1ec0U KHU V\u1ef0C KH\u00c1C NHAU<\/a><\/li><\/ul><\/nav><\/div>\n\n<p>WB-12W thi\u1ebft k\u1ebf d\u1ea1ng bulb tr\u00f2n \u0111ui xo\u00e1y E27, th\u01b0\u1eddng kh\u00e1 ph\u1ed5 bi\u1ebfn t\u1ea1i Vi\u1ec7t Nam. N\u00ean d\u1ec5 d\u00e0ng thay th\u1ebf c\u00e1c \u0111\u00e8n th\u01b0\u1eddng c\u00f3 s\u1eb5n t\u1ea1i nh\u00e0.<\/p>\n<div id=\"attachment_7371\" class=\"wp-caption aligncenter\">\n<figure id=\"attachment_17715\" aria-describedby=\"caption-attachment-17715\" style=\"width: 600px\" class=\"wp-caption aligncenter\"><img loading=\"lazy\" decoding=\"async\" class=\"wp-image-17715\" title=\"Thi\u1ebft k\u1ebf nh\u1ecf g\u1ecdn, \u0111ui \u0111\u00e8n xo\u00e1y E27 ti\u1ec7n d\u1ee5ng\" src=\"https:\/\/kawasan.vn\/wp-content\/uploads\/2023\/11\/den-led-bulb-wifi-wb-12w-1.jpg\" alt=\"Thi\u1ebft k\u1ebf nh\u1ecf g\u1ecdn, \u0111ui \u0111\u00e8n xo\u00e1y E27 ti\u1ec7n d\u1ee5ng\" width=\"600\" height=\"412\" \/><figcaption id=\"caption-attachment-17715\" class=\"wp-caption-text\">Thi\u1ebft k\u1ebf nh\u1ecf g\u1ecdn, \u0111ui \u0111\u00e8n xo\u00e1y E27 ti\u1ec7n d\u1ee5ng<\/figcaption><\/figure>\n<\/div>\n<h2><span class=\"ez-toc-section\" id=\"CHIP_LED_EPISTARSAMSUNG_SIEU_SANG_KHONG_GAY_CHOI_MAT\"><\/span>CHIP LED EPISTAR\/SAMSUNG SI\u00caU S\u00c1NG, KH\u00d4NG G\u00c2Y CH\u00d3I M\u1eaeT<span class=\"ez-toc-section-end\"><\/span><\/h2>\n<p>\u0110\u00e8n th\u00f4ng minh <a href=\"https:\/\/kawasan.vn\/en\/product-category\/cong-tac-thong-minh\/cong-tac-wifi\/\" target=\"_blank\" rel=\"noopener\">Wifi<\/a> \u0111\u01b0\u1ee3c c\u1ea5u t\u1ea1o t\u1eeb Chip Led cao c\u1ea5p, \u00e1nh s\u00e1ng m\u1ea1nh, \u0111\u1ed9 b\u1ec1n cao. C\u00f4ng su\u1ea5t 12W ti\u1ebft ki\u1ec7m \u0111i\u1ec7n \u0111\u1ebfn 50% so v\u1edbi c\u00e1c b\u00f3ng \u0111\u00e8n th\u01b0\u1eddng. Tu\u1ed5i th\u1ecd \u0111\u1ebfn 15.000 gi\u1edd chi\u1ebfu s\u00e1ng. Ph\u00f9 h\u1ee3p v\u1edbi ch\u1ee9c n\u0103ng \u0111i\u1ec1u ch\u1ec9nh thay \u0111\u1ed5i m\u00e0u s\u1eafc, c\u0169ng nh\u01b0 \u0111\u1ed9 s\u00e1ng.<\/p>\n<h2><span class=\"ez-toc-section\" id=\"TINH_NANG_HIEN_DAI_DIEU_KHIEN_TU_XA_QUA_APP_KAWA_SMART_VA_DIEU_KHIEN_BANG_GIONG_NOI_QUA_GOOGLE_ASSISTANT\"><\/span>T\u00cdNH N\u0102NG HI\u1ec6N \u0110\u1ea0I \u0110I\u1ec0U KHI\u1ec2N T\u1eea XA QUA APP KAWA SMART V\u00c0 \u0110I\u1ec0U KHI\u1ec2N B\u1eb0NG GI\u1eccNG N\u00d3I QUA GOOGLE ASSISTANT<span class=\"ez-toc-section-end\"><\/span><\/h2>\n<p>Led bulb Wifi h\u1ed7 tr\u1ee3 \u0111i\u1ec1u khi\u1ec3n b\u1eadt \u2013 t\u1eaft \u0111\u00e8n, b\u1eb1ng gi\u1ecdng n\u00f3i th\u00f4ng qua Google Assistant r\u1ea3nh tay v\u00e0 ti\u1ec7n l\u1ee3i. \u0110\u1ed3ng th\u1eddi c\u00f3 th\u1ec3 thi\u1ebft l\u1eadp ng\u1eef c\u1ea3nh b\u1eadt \u2013 t\u1eaft \u0111\u00e8n th\u00f4ng minh. Thay \u0111\u1ed5i m\u00e0u \u00e1nh s\u00e1ng cho ph\u00f9 h\u1ee3p v\u1edbi kh\u00f4ng gian nh\u00e0 b\u1ea1n. Khi d\u00f9ng tr\u00ean App Tuya Smart c\u00f3 th\u1ec3 chia s\u1ebb quy\u1ec1n s\u1eed d\u1ee5ng v\u1edbi c\u00e1c th\u00e0nh vi\u00ean, xem \u0111i\u1ec7n n\u0103ng ti\u00eau th\u1ee5 trong ng\u00e0y\u2026WB-12W s\u1ea3n ph\u1ea9m th\u00f4ng minh h\u00e0ng \u0111\u1ea7u hi\u1ec7n nay, lu\u00f4n mang \u0111\u1ebfn cho b\u1ea1n nhi\u1ec1u ti\u1ec7n nghi nh\u1ea5t.<\/p>\n<div id=\"attachment_7377\" class=\"wp-caption aligncenter\">\n<figure id=\"attachment_17721\" aria-describedby=\"caption-attachment-17721\" style=\"width: 600px\" class=\"wp-caption aligncenter\"><img loading=\"lazy\" decoding=\"async\" class=\"wp-image-17721\" title=\"Led Bulb Wifi WB-12W mang nhi\u1ec1u t\u00ednh n\u0103ng v\u01b0\u1ee3t tr\u1ed9i\" src=\"https:\/\/kawasan.vn\/wp-content\/uploads\/2023\/11\/den-led-bulb-wifi-wb-12w-7.jpg\" alt=\"Led Bulb Wifi WB-12W mang nhi\u1ec1u t\u00ednh n\u0103ng v\u01b0\u1ee3t tr\u1ed9i\" width=\"600\" height=\"600\" \/><figcaption id=\"caption-attachment-17721\" class=\"wp-caption-text\">Led Bulb Wifi WB-12W mang nhi\u1ec1u t\u00ednh n\u0103ng v\u01b0\u1ee3t tr\u1ed9i<\/figcaption><\/figure>\n<\/div>\n<h2><span class=\"ez-toc-section\" id=\"BONG_LED_BULB_WIFI_THICH_HOP_LAP_O_NHIEU_KHU_VUC_KHAC_NHAU\"><\/span>B\u00d3NG LED BULB WIFI TH\u00cdCH H\u1ee2P L\u1eaeP \u1ede NHI\u1ec0U KHU V\u1ef0C KH\u00c1C NHAU<span class=\"ez-toc-section-end\"><\/span><\/h2>\n<p>B\u1ea1n h\u00e3y h\u00ecnh dung trong kh\u00f4ng gian hi\u1ec7n \u0111\u1ea1i. V\u1edbi c\u00e1c thi\u1ebft b\u1ecb cao c\u1ea5p \u0111\u1eaft ti\u1ec1n m\u1ecdi th\u1ee9 \u0111\u1ec1u t\u1ef1 \u0111\u1ed9ng. Nay c\u00f3 th\u00eam 1 chi\u1ebfc b\u00f3ng \u0111\u00e8n c\u0169ng c\u00f3 kh\u1ea3 n\u0103ng thay \u0111\u1ed5i m\u00e0u s\u1eafc. L\u00e0m kh\u00f4ng gian tr\u1edf n\u00ean c\u00f3 c\u1ea3m x\u00fac h\u01a1n, cho m\u1ed7i s\u1ef1 ki\u1ec7n c\u1ee7a gia \u0111\u00ecnh. C\u00f3 th\u1ec3 l\u1eafp \u1edf ph\u00f2ng ng\u1ee7, ph\u00f2ng kh\u00e1ch, ban c\u00f4ng, ph\u00f2ng b\u1ebfp\u2026gi\u00fap ng\u00f4i nh\u00e0 b\u1ea1n th\u00eam sinh \u0111\u1ed9ng.<\/p>\n<p>\u00c1nh s\u00e1ng v\u00e0ng d\u1ecbu d\u00e0ng cho kh\u00f4ng gian l\u00e3ng m\u1ea1n c\u1ee7a \u0111\u00f4i v\u1ee3 ch\u1ed3ng b\u00ean ly vang, ti\u1ebfng nh\u1ea1c d\u1ecbu \u00eam. \u00c1nh s\u00e1ng nh\u00e1y, \u0111\u1ed5i m\u00e0u s\u1ed1ng \u0111\u1ed9ng c\u00f9ng b\u00e0i h\u00e1t ch\u00fac m\u1eebng \u201cHappy Birthday\u201d c\u00f9ng ti\u1ebfng v\u1ed7 tay c\u1ee7a b\u1ea1n b\u00e8,<\/p>\n<p>M\u00e0u t\u00edm, m\u00e0u xanh l\u00e1, \u2026 cho m\u1ed9t kh\u00f4ng gian t\u0129nh, cho tinh th\u1ea7n th\u01b0 gi\u00e3n sau m\u1ed9t ng\u00e0y m\u1ec7t,\u2026<\/p>\n<p>\u0110\u00e8n \u0111\u00e2u ch\u1ec9 chi\u1ebfu s\u00e1ng th\u00f4ng th\u01b0\u1eddng, v\u1edbi WB-12W b\u00f3ng \u0111\u00e8n th\u00f4ng minh c\u1ee7a Kawasan mang l\u1ea1i nhi\u1ec1u cung b\u1eadc c\u1ea3m x\u00fac v\u00e0 tr\u1ea3i nghi\u1ec7m tuy\u1ec7t v\u1eddi cho ng\u00f4i nh\u00e0, cho kh\u00f4ng gian.<\/p>\n<div id=\"attachment_7375\" class=\"wp-caption aligncenter\">\n<figure id=\"attachment_17719\" aria-describedby=\"caption-attachment-17719\" style=\"width: 600px\" class=\"wp-caption aligncenter\"><img loading=\"lazy\" decoding=\"async\" class=\"wp-image-17719 size-full\" title=\"Ph\u00f9 h\u1ee3p v\u1edbi nhi\u1ec1u kh\u00f4ng gian chi\u1ebfu s\u00e1ng\" src=\"https:\/\/kawasan.vn\/wp-content\/uploads\/2023\/11\/den-led-bulb-wifi-wb-12w-5.jpg\" alt=\"Ph\u00f9 h\u1ee3p v\u1edbi nhi\u1ec1u kh\u00f4ng gian chi\u1ebfu s\u00e1ng\" width=\"600\" height=\"600\" srcset=\"https:\/\/kawasan.vn\/wp-content\/uploads\/2023\/11\/den-led-bulb-wifi-wb-12w-5.jpg 600w, https:\/\/kawasan.vn\/wp-content\/uploads\/2023\/11\/den-led-bulb-wifi-wb-12w-5-400x400.jpg 400w\" sizes=\"auto, (max-width: 600px) 100vw, 600px\" \/><figcaption id=\"caption-attachment-17719\" class=\"wp-caption-text\">Ph\u00f9 h\u1ee3p v\u1edbi nhi\u1ec1u kh\u00f4ng gian chi\u1ebfu s\u00e1ng<\/figcaption><\/figure>\n<\/div>","protected":false},"excerpt":{"rendered":"<p>Trong nhi\u1ec1u thi\u1ebft b\u1ecb \u0111i\u1ec7n th\u00f4ng minh, nh\u01b0 c\u00f4ng t\u1eafc c\u1ea3m \u1ee9ng CB20A \u0111i\u1ec1u khi\u1ec3n b\u1eb1ng Wifi. \u0110\u00e8n Led Wifi \u0111\u1ed5i m\u00e0u th\u00f4ng minh WB-12W Kawasan, l\u00e0 m\u1ed9t lo\u1ea1i \u0111\u00e8n kh\u00f3 c\u00f3 th\u1ec3 thi\u1ebfu. Ngo\u00e0i ch\u1ee9c n\u0103ng chi\u1ebfu s\u00e1ng, \u0111\u00e8n c\u00f2n c\u00f3 th\u1ec3 thay \u0111\u1ed5i m\u00e0u s\u1eafc, chuy\u1ec3n m\u00e0u. H\u1eb9n gi\u1edd t\u1ef1 t\u1eaft m\u1edf ho\u1eb7c [&hellip;]<\/p>","protected":false},"featured_media":17718,"comment_status":"open","ping_status":"closed","template":"","meta":{"_yoast_wpseo_focuskw":"\u0110\u00e8n Led Wifi","_yoast_wpseo_metadesc":"\u0110\u00e8n Led Wifi \u0111\u1ed5i m\u00e0u WB-12W \u0111\u1ec1u khi\u1ec3n b\u1eadt - t\u1eaft qua App Kawa Smart tr\u00ean \u0111i\u1ec7n tho\u1ea1i. Tu\u1ed5i th\u1ecd \u0111\u1ebfn 15.000 gi\u1edd chi\u1ebfu s\u00e1ng, ti\u1ebft ki\u1ec7m \u0111\u1ebfn 50% \u0111i\u1ec7n n\u0103ng.","_yoast_wpseo_focuskeywords":"","_yoast_wpseo_keyword_synonyms":""},"product_cat":[85],"product_tag":[1173,1193,1185,1170,1182,1176,1168,1188,557,1172,583,1171,1192,1179,1184,1191,1194,556,1166,1163,1195,1174,1183,990,1423,1422,1180,1178,1187,1181,621,1190],"class_list":["post-6639","product","type-product","status-publish","has-post-thumbnail","hentry","product_cat-hang-khuyen-mai-soc","product_tag-bong-den-cam-bien","product_tag-bong-den-cam-bien-anh-sang","product_tag-bong-den-cam-bien-chuyen-dong","product_tag-bong-den-cam-bien-nguoi","product_tag-cam-bien-bat-tat-den-khi-co-nguoi","product_tag-cam-bien-cau-thang","product_tag-cam-bien-den","product_tag-cam-bien-den-cau-thang","product_tag-den-cam-bien","product_tag-den-cam-bien-anh-sang","product_tag-den-cam-bien-cau-thang","product_tag-den-cam-bien-chuyen-dong","product_tag-den-cam-bien-hong-ngoai","product_tag-den-cam-bien-nang-luong-mat-troi","product_tag-den-cam-bien-thong-minh","product_tag-den-cam-bien-tu-dong","product_tag-den-cam-bien-tu-sang","product_tag-den-cam-ung","product_tag-den-cam-ung-hong-ngoai","product_tag-den-cam-ung-kawasan","product_tag-den-cau-thang-cam-bien","product_tag-den-led-cam-bien","product_tag-den-led-cam-bien-chuyen-dong","product_tag-den-led-kawasan","product_tag-den-led-nang-luong-mat-troi","product_tag-den-nang-luong-mat-troi","product_tag-den-nang-luong-mat-troi-cam-bien","product_tag-den-ngu-cam-bien","product_tag-den-ngu-cam-bien-anh-sang","product_tag-gia-den-cam-bien-thong-minh","product_tag-kawasan","product_tag-led-cam-bien-cau-thang"],"acf":[],"yoast_head":"<!-- This site is optimized with the Yoast SEO Premium plugin v24.9 (Yoast SEO v24.9) - https:\/\/yoast.com\/wordpress\/plugins\/seo\/ -->\n<title>\u0110\u00e8n Led Wifi \u0110\u1ed5i M\u00e0u Th\u00f4ng Minh WB-12W - Kawasan<\/title>\n<meta name=\"description\" content=\"\u0110\u00e8n Led Wifi \u0111\u1ed5i m\u00e0u WB-12W \u0111\u1ec1u khi\u1ec3n b\u1eadt - t\u1eaft qua App Kawa Smart tr\u00ean \u0111i\u1ec7n tho\u1ea1i. Tu\u1ed5i th\u1ecd \u0111\u1ebfn 15.000 gi\u1edd chi\u1ebfu s\u00e1ng, ti\u1ebft ki\u1ec7m \u0111\u1ebfn 50% \u0111i\u1ec7n n\u0103ng.\" \/>\n<meta name=\"robots\" content=\"index, follow, max-snippet:-1, max-image-preview:large, max-video-preview:-1\" \/>\n<link rel=\"canonical\" href=\"https:\/\/kawasan.vn\/en\/product\/den-led-wifi-doi-mau-thong-minh-wb-12w\/\" \/>\n<meta property=\"og:locale\" content=\"en_US\" \/>\n<meta property=\"og:type\" content=\"article\" \/>\n<meta property=\"og:title\" content=\"\u0110\u00e8n Led Wifi \u0110\u1ed5i M\u00e0u Th\u00f4ng Minh WB-12W\" \/>\n<meta property=\"og:description\" content=\"\u0110\u00e8n Led Wifi \u0111\u1ed5i m\u00e0u WB-12W \u0111\u1ec1u khi\u1ec3n b\u1eadt - t\u1eaft qua App Kawa Smart tr\u00ean \u0111i\u1ec7n tho\u1ea1i. Tu\u1ed5i th\u1ecd \u0111\u1ebfn 15.000 gi\u1edd chi\u1ebfu s\u00e1ng, ti\u1ebft ki\u1ec7m \u0111\u1ebfn 50% \u0111i\u1ec7n n\u0103ng.\" \/>\n<meta property=\"og:url\" content=\"https:\/\/kawasan.vn\/en\/product\/den-led-wifi-doi-mau-thong-minh-wb-12w\/\" \/>\n<meta property=\"og:site_name\" content=\"Kawasan\" \/>\n<meta property=\"article:modified_time\" content=\"2025-12-09T07:53:56+00:00\" \/>\n<meta property=\"og:image\" content=\"https:\/\/kawasan.vn\/wp-content\/uploads\/2023\/11\/den-led-bulb-wifi-wb-12w-4-600x600-1.jpg\" \/>\n\t<meta property=\"og:image:width\" content=\"600\" \/>\n\t<meta property=\"og:image:height\" content=\"600\" \/>\n\t<meta property=\"og:image:type\" content=\"image\/jpeg\" \/>\n<meta name=\"twitter:card\" content=\"summary_large_image\" \/>\n<meta name=\"twitter:label1\" content=\"Est. reading time\" \/>\n\t<meta name=\"twitter:data1\" content=\"4 minutes\" \/>\n<script type=\"application\/ld+json\" class=\"yoast-schema-graph\">{\"@context\":\"https:\/\/schema.org\",\"@graph\":[{\"@type\":\"WebPage\",\"@id\":\"https:\/\/kawasan.vn\/san-pham\/den-led-wifi-doi-mau-thong-minh-wb-12w\/\",\"url\":\"https:\/\/kawasan.vn\/san-pham\/den-led-wifi-doi-mau-thong-minh-wb-12w\/\",\"name\":\"\u0110\u00e8n Led Wifi \u0110\u1ed5i M\u00e0u Th\u00f4ng Minh WB-12W - Kawasan\",\"isPartOf\":{\"@id\":\"https:\/\/kawasan.vn\/#website\"},\"primaryImageOfPage\":{\"@id\":\"https:\/\/kawasan.vn\/san-pham\/den-led-wifi-doi-mau-thong-minh-wb-12w\/#primaryimage\"},\"image\":{\"@id\":\"https:\/\/kawasan.vn\/san-pham\/den-led-wifi-doi-mau-thong-minh-wb-12w\/#primaryimage\"},\"thumbnailUrl\":\"https:\/\/kawasan.vn\/wp-content\/uploads\/2023\/11\/den-led-bulb-wifi-wb-12w-4-600x600-1.jpg\",\"datePublished\":\"2023-11-17T07:21:41+00:00\",\"dateModified\":\"2025-12-09T07:53:56+00:00\",\"description\":\"\u0110\u00e8n Led Wifi \u0111\u1ed5i m\u00e0u WB-12W \u0111\u1ec1u khi\u1ec3n b\u1eadt - t\u1eaft qua App Kawa Smart tr\u00ean \u0111i\u1ec7n tho\u1ea1i. Tu\u1ed5i th\u1ecd \u0111\u1ebfn 15.000 gi\u1edd chi\u1ebfu s\u00e1ng, ti\u1ebft ki\u1ec7m \u0111\u1ebfn 50% \u0111i\u1ec7n n\u0103ng.\",\"breadcrumb\":{\"@id\":\"https:\/\/kawasan.vn\/san-pham\/den-led-wifi-doi-mau-thong-minh-wb-12w\/#breadcrumb\"},\"inLanguage\":\"en-US\",\"potentialAction\":[{\"@type\":\"ReadAction\",\"target\":[\"https:\/\/kawasan.vn\/san-pham\/den-led-wifi-doi-mau-thong-minh-wb-12w\/\"]}]},{\"@type\":\"ImageObject\",\"inLanguage\":\"en-US\",\"@id\":\"https:\/\/kawasan.vn\/san-pham\/den-led-wifi-doi-mau-thong-minh-wb-12w\/#primaryimage\",\"url\":\"https:\/\/kawasan.vn\/wp-content\/uploads\/2023\/11\/den-led-bulb-wifi-wb-12w-4-600x600-1.jpg\",\"contentUrl\":\"https:\/\/kawasan.vn\/wp-content\/uploads\/2023\/11\/den-led-bulb-wifi-wb-12w-4-600x600-1.jpg\",\"width\":600,\"height\":600},{\"@type\":\"BreadcrumbList\",\"@id\":\"https:\/\/kawasan.vn\/san-pham\/den-led-wifi-doi-mau-thong-minh-wb-12w\/#breadcrumb\",\"itemListElement\":[{\"@type\":\"ListItem\",\"position\":1,\"name\":\"Trang ch\u1ee7\",\"item\":\"https:\/\/kawasan.vn\/\"},{\"@type\":\"ListItem\",\"position\":2,\"name\":\"S\u1ea3n ph\u1ea9m\",\"item\":\"https:\/\/kawasan.vn\/san-pham\/\"},{\"@type\":\"ListItem\",\"position\":3,\"name\":\"\u0110\u00e8n Led Wifi \u0110\u1ed5i M\u00e0u Th\u00f4ng Minh WB-12W\"}]},{\"@type\":\"WebSite\",\"@id\":\"https:\/\/kawasan.vn\/#website\",\"url\":\"https:\/\/kawasan.vn\/\",\"name\":\"Kawasan\",\"description\":\"\",\"potentialAction\":[{\"@type\":\"SearchAction\",\"target\":{\"@type\":\"EntryPoint\",\"urlTemplate\":\"https:\/\/kawasan.vn\/?s={search_term_string}\"},\"query-input\":{\"@type\":\"PropertyValueSpecification\",\"valueRequired\":true,\"valueName\":\"search_term_string\"}}],\"inLanguage\":\"en-US\"}]}<\/script>\n<!-- \/ Yoast SEO Premium plugin. -->","yoast_head_json":{"title":"\u0110\u00e8n Led Wifi \u0110\u1ed5i M\u00e0u Th\u00f4ng Minh WB-12W - Kawasan","description":"\u0110\u00e8n Led Wifi \u0111\u1ed5i m\u00e0u WB-12W \u0111\u1ec1u khi\u1ec3n b\u1eadt - t\u1eaft qua App Kawa Smart tr\u00ean \u0111i\u1ec7n tho\u1ea1i. Tu\u1ed5i th\u1ecd \u0111\u1ebfn 15.000 gi\u1edd chi\u1ebfu s\u00e1ng, ti\u1ebft ki\u1ec7m \u0111\u1ebfn 50% \u0111i\u1ec7n n\u0103ng.","robots":{"index":"index","follow":"follow","max-snippet":"max-snippet:-1","max-image-preview":"max-image-preview:large","max-video-preview":"max-video-preview:-1"},"canonical":"https:\/\/kawasan.vn\/en\/product\/den-led-wifi-doi-mau-thong-minh-wb-12w\/","og_locale":"en_US","og_type":"article","og_title":"\u0110\u00e8n Led Wifi \u0110\u1ed5i M\u00e0u Th\u00f4ng Minh WB-12W","og_description":"\u0110\u00e8n Led Wifi \u0111\u1ed5i m\u00e0u WB-12W \u0111\u1ec1u khi\u1ec3n b\u1eadt - t\u1eaft qua App Kawa Smart tr\u00ean \u0111i\u1ec7n tho\u1ea1i. Tu\u1ed5i th\u1ecd \u0111\u1ebfn 15.000 gi\u1edd chi\u1ebfu s\u00e1ng, ti\u1ebft ki\u1ec7m \u0111\u1ebfn 50% \u0111i\u1ec7n n\u0103ng.","og_url":"https:\/\/kawasan.vn\/en\/product\/den-led-wifi-doi-mau-thong-minh-wb-12w\/","og_site_name":"Kawasan","article_modified_time":"2025-12-09T07:53:56+00:00","og_image":[{"width":600,"height":600,"url":"https:\/\/kawasan.vn\/wp-content\/uploads\/2023\/11\/den-led-bulb-wifi-wb-12w-4-600x600-1.jpg","type":"image\/jpeg"}],"twitter_card":"summary_large_image","twitter_misc":{"Est. reading time":"4 minutes"},"schema":{"@context":"https:\/\/schema.org","@graph":[{"@type":"WebPage","@id":"https:\/\/kawasan.vn\/san-pham\/den-led-wifi-doi-mau-thong-minh-wb-12w\/","url":"https:\/\/kawasan.vn\/san-pham\/den-led-wifi-doi-mau-thong-minh-wb-12w\/","name":"\u0110\u00e8n Led Wifi \u0110\u1ed5i M\u00e0u Th\u00f4ng Minh WB-12W - Kawasan","isPartOf":{"@id":"https:\/\/kawasan.vn\/#website"},"primaryImageOfPage":{"@id":"https:\/\/kawasan.vn\/san-pham\/den-led-wifi-doi-mau-thong-minh-wb-12w\/#primaryimage"},"image":{"@id":"https:\/\/kawasan.vn\/san-pham\/den-led-wifi-doi-mau-thong-minh-wb-12w\/#primaryimage"},"thumbnailUrl":"https:\/\/kawasan.vn\/wp-content\/uploads\/2023\/11\/den-led-bulb-wifi-wb-12w-4-600x600-1.jpg","datePublished":"2023-11-17T07:21:41+00:00","dateModified":"2025-12-09T07:53:56+00:00","description":"\u0110\u00e8n Led Wifi \u0111\u1ed5i m\u00e0u WB-12W \u0111\u1ec1u khi\u1ec3n b\u1eadt - t\u1eaft qua App Kawa Smart tr\u00ean \u0111i\u1ec7n tho\u1ea1i. Tu\u1ed5i th\u1ecd \u0111\u1ebfn 15.000 gi\u1edd chi\u1ebfu s\u00e1ng, ti\u1ebft ki\u1ec7m \u0111\u1ebfn 50% \u0111i\u1ec7n n\u0103ng.","breadcrumb":{"@id":"https:\/\/kawasan.vn\/san-pham\/den-led-wifi-doi-mau-thong-minh-wb-12w\/#breadcrumb"},"inLanguage":"en-US","potentialAction":[{"@type":"ReadAction","target":["https:\/\/kawasan.vn\/san-pham\/den-led-wifi-doi-mau-thong-minh-wb-12w\/"]}]},{"@type":"ImageObject","inLanguage":"en-US","@id":"https:\/\/kawasan.vn\/san-pham\/den-led-wifi-doi-mau-thong-minh-wb-12w\/#primaryimage","url":"https:\/\/kawasan.vn\/wp-content\/uploads\/2023\/11\/den-led-bulb-wifi-wb-12w-4-600x600-1.jpg","contentUrl":"https:\/\/kawasan.vn\/wp-content\/uploads\/2023\/11\/den-led-bulb-wifi-wb-12w-4-600x600-1.jpg","width":600,"height":600},{"@type":"BreadcrumbList","@id":"https:\/\/kawasan.vn\/san-pham\/den-led-wifi-doi-mau-thong-minh-wb-12w\/#breadcrumb","itemListElement":[{"@type":"ListItem","position":1,"name":"Trang ch\u1ee7","item":"https:\/\/kawasan.vn\/"},{"@type":"ListItem","position":2,"name":"S\u1ea3n ph\u1ea9m","item":"https:\/\/kawasan.vn\/san-pham\/"},{"@type":"ListItem","position":3,"name":"\u0110\u00e8n Led Wifi \u0110\u1ed5i M\u00e0u Th\u00f4ng Minh WB-12W"}]},{"@type":"WebSite","@id":"https:\/\/kawasan.vn\/#website","url":"https:\/\/kawasan.vn\/","name":"Kawasan","description":"","potentialAction":[{"@type":"SearchAction","target":{"@type":"EntryPoint","urlTemplate":"https:\/\/kawasan.vn\/?s={search_term_string}"},"query-input":{"@type":"PropertyValueSpecification","valueRequired":true,"valueName":"search_term_string"}}],"inLanguage":"en-US"}]}},"_links":{"self":[{"href":"https:\/\/kawasan.vn\/en\/wp-json\/wp\/v2\/product\/6639","targetHints":{"allow":["GET"]}}],"collection":[{"href":"https:\/\/kawasan.vn\/en\/wp-json\/wp\/v2\/product"}],"about":[{"href":"https:\/\/kawasan.vn\/en\/wp-json\/wp\/v2\/types\/product"}],"replies":[{"embeddable":true,"href":"https:\/\/kawasan.vn\/en\/wp-json\/wp\/v2\/comments?post=6639"}],"version-history":[{"count":3,"href":"https:\/\/kawasan.vn\/en\/wp-json\/wp\/v2\/product\/6639\/revisions"}],"predecessor-version":[{"id":21838,"href":"https:\/\/kawasan.vn\/en\/wp-json\/wp\/v2\/product\/6639\/revisions\/21838"}],"wp:featuredmedia":[{"embeddable":true,"href":"https:\/\/kawasan.vn\/en\/wp-json\/wp\/v2\/media\/17718"}],"wp:attachment":[{"href":"https:\/\/kawasan.vn\/en\/wp-json\/wp\/v2\/media?parent=6639"}],"wp:term":[{"taxonomy":"product_cat","embeddable":true,"href":"https:\/\/kawasan.vn\/en\/wp-json\/wp\/v2\/product_cat?post=6639"},{"taxonomy":"product_tag","embeddable":true,"href":"https:\/\/kawasan.vn\/en\/wp-json\/wp\/v2\/product_tag?post=6639"}],"curies":[{"name":"wp","href":"https:\/\/api.w.org\/{rel}","templated":true}]}}