{"id":6634,"date":"2023-11-01T07:34:34","date_gmt":"2023-11-01T07:34:34","guid":{"rendered":"https:\/\/kawasan.123websitedev.com\/product\/cong-tac-phao-bom-kw-m15-10-met\/"},"modified":"2026-01-31T09:04:12","modified_gmt":"2026-01-31T02:04:12","slug":"cong-tac-phao-bom-kw-m15-10-met","status":"publish","type":"product","link":"https:\/\/kawasan.vn\/en\/product\/cong-tac-phao-bom-kw-m15-10-met\/","title":{"rendered":"KW-M15 10 MET Pump Float Switch"},"content":{"rendered":"<h2 class=\"tab-content\"><span class=\"ez-toc-section\" id=\"CONG_TAC_PHAO_BOM_LA_GI\"><\/span>C\u00d4NG T\u1eaeC PHAO B\u01a0M\u00a0L\u00c0 G\u00cc?<span class=\"ez-toc-section-end\"><\/span><\/h2><div id=\"ez-toc-container\" class=\"ez-toc-v2_0_69_1 counter-hierarchy ez-toc-counter ez-toc-grey ez-toc-container-direction\">\n<div class=\"ez-toc-title-container\">\n<p class=\"ez-toc-title\" >N\u1ed9i Dung B&agrave;i Vi\u1ebft<\/p>\n<span class=\"ez-toc-title-toggle\"><a href=\"#\" class=\"ez-toc-pull-right ez-toc-btn ez-toc-btn-xs ez-toc-btn-default ez-toc-toggle\" aria-label=\"Toggle Table of Content\"><span class=\"ez-toc-js-icon-con\"><span class=\"\"><span class=\"eztoc-hide\" style=\"display:none;\">Toggle<\/span><span class=\"ez-toc-icon-toggle-span\"><svg style=\"fill: #999;color:#999\" xmlns=\"http:\/\/www.w3.org\/2000\/svg\" class=\"list-377408\" width=\"20px\" height=\"20px\" viewbox=\"0 0 24 24\" fill=\"none\"><path d=\"M6 6H4v2h2V6zm14 0H8v2h12V6zM4 11h2v2H4v-2zm16 0H8v2h12v-2zM4 16h2v2H4v-2zm16 0H8v2h12v-2z\" fill=\"currentColor\"><\/path><\/svg><svg style=\"fill: #999;color:#999\" class=\"arrow-unsorted-368013\" xmlns=\"http:\/\/www.w3.org\/2000\/svg\" width=\"10px\" height=\"10px\" viewbox=\"0 0 24 24\" version=\"1.2\" baseprofile=\"tiny\"><path d=\"M18.2 9.3l-6.2-6.3-6.2 6.3c-.2.2-.3.4-.3.7s.1.5.3.7c.2.2.4.3.7.3h11c.3 0 .5-.1.7-.3.2-.2.3-.5.3-.7s-.1-.5-.3-.7zM5.8 14.7l6.2 6.3 6.2-6.3c.2-.2.3-.5.3-.7s-.1-.5-.3-.7c-.2-.2-.4-.3-.7-.3h-11c-.3 0-.5.1-.7.3-.2.2-.3.5-.3.7s.1.5.3.7z\"\/><\/svg><\/span><\/span><\/span><\/a><\/span><\/div>\n<nav><ul class='ez-toc-list ez-toc-list-level-1 eztoc-toggle-hide-by-default' ><li class='ez-toc-page-1 ez-toc-heading-level-2'><a class=\"ez-toc-link ez-toc-heading-1\" href=\"https:\/\/kawasan.vn\/en\/product\/cong-tac-phao-bom-kw-m15-10-met\/#CONG_TAC_PHAO_BOM_LA_GI\" title=\"C\u00d4NG T\u1eaeC PHAO B\u01a0M\u00a0L\u00c0 G\u00cc?\">C\u00d4NG T\u1eaeC PHAO B\u01a0M\u00a0L\u00c0 G\u00cc?<\/a><\/li><li class='ez-toc-page-1 ez-toc-heading-level-2'><a class=\"ez-toc-link ez-toc-heading-2\" href=\"https:\/\/kawasan.vn\/en\/product\/cong-tac-phao-bom-kw-m15-10-met\/#UU_DIEM_NOI_BAT_CONG_TAC_PHAO_DIEN_M15_KAWASAN\" title=\"\u01afU \u0110I\u1ec2M N\u1ed4I B\u1eacT C\u00d4NG T\u1eaeC PHAO \u0110I\u1ec6N M15 KAWASAN\">\u01afU \u0110I\u1ec2M N\u1ed4I B\u1eacT C\u00d4NG T\u1eaeC PHAO \u0110I\u1ec6N M15 KAWASAN<\/a><\/li><li class='ez-toc-page-1 ez-toc-heading-level-2'><a class=\"ez-toc-link ez-toc-heading-3\" href=\"https:\/\/kawasan.vn\/en\/product\/cong-tac-phao-bom-kw-m15-10-met\/#DIA_CHI_CUNG_CAP_PHAO_DIEN_THONG_MINH_UY_TIN_%E2%80%93_CHAT_LUONG\" title=\"\u0110\u1ecaA CH\u1ec8 CUNG C\u1ea4P PHAO \u0110I\u1ec6N TH\u00d4NG MINH UY T\u00cdN \u2013 CH\u1ea4T L\u01af\u1ee2NG\">\u0110\u1ecaA CH\u1ec8 CUNG C\u1ea4P PHAO \u0110I\u1ec6N TH\u00d4NG MINH UY T\u00cdN \u2013 CH\u1ea4T L\u01af\u1ee2NG<\/a><\/li><\/ul><\/nav><\/div>\n\n<ul>\n<li>C\u00f4ng t\u1eafc phao b\u01a1m\u00a0hay c\u00f2n g\u1ecdi v\u1edbi nhi\u1ec1u t\u00ean kh\u00e1c l\u00e0 van<a href=\"https:\/\/kawasan.vn\/en\/product-category\/phao-dien\/\" target=\"_blank\" rel=\"noopener\"> phao \u0111i\u1ec7n<\/a>, phao b\u1ed3n n\u01b0\u1edbc, phao \u0111i\u1ec7n m\u00e1y b\u01a1m, phao b\u01a1m n\u01b0\u1edbc t\u1ef1 \u0111\u1ed9ng, phao \u0111i\u1ec7n ch\u1ed1ng tr\u00e0n, phao \u0111i\u1ec7n ch\u1ed1ng c\u1ea1n, phao b\u1ec3 n\u01b0\u1edbc, c\u00f4ng t\u1eafc \u0111i\u1ec7n phao n\u01b0\u1edbc, c\u00f4ng t\u1eafc m\u1ef1c n\u01b0\u1edbc, phao ch\u1ed1ng c\u1ea1n\u2026, l\u00e0 m\u1ed9t thi\u1ebft b\u1ecb s\u1eed d\u1ee5ng ph\u1ed5 bi\u1ebfn \u0111\u1ec3 th\u1ef1c hi\u1ec7n vi\u1ec7c \u0111i\u1ec1u khi\u1ec3n m\u00e1y b\u01a1m n\u01b0\u1edbc t\u1ef1 \u0111\u1ed9ng theo nhu c\u1ea7u c\u1ee7a ng\u01b0\u1eddi s\u1eed d\u1ee5ng.<\/li>\n<li>Phao \u0111i\u1ec7n c\u00f3 nhi\u1ec1u lo\u1ea1i v\u00e0 \u0111\u01b0\u1ee3c s\u1eed d\u1ee5ng v\u1edbi c\u00e1c m\u1ee5c \u0111\u00edch kh\u00e1c nhau nh\u01b0 \u0111i\u1ec1u khi\u1ec3n m\u1ef1c n\u01b0\u1edbc trong b\u1ec3 ch\u1ee9a, ch\u1ed1ng c\u1ea1n cho b\u1ec3 ch\u1ee9a ng\u1ea7m, ch\u1ed1ng tr\u00e0n cho b\u1ec3 ch\u1ee9a tr\u00ean cao.<\/li>\n<\/ul>\n<div id=\"attachment_4314\" class=\"wp-caption aligncenter\">\n<figure id=\"attachment_14996\" aria-describedby=\"caption-attachment-14996\" style=\"width: 600px\" class=\"wp-caption aligncenter\"><img loading=\"lazy\" decoding=\"async\" class=\"wp-image-14996\" title=\"C\u00f4ng t\u1eafc phao \u0111i\u1ec7n M15-10M\" src=\"https:\/\/kawasan.vn\/wp-content\/uploads\/2023\/11\/cong-tac-phao-dien-m15-10m1.jpg\" alt=\"C\u00f4ng t\u1eafc phao \u0111i\u1ec7n M15-10M\" width=\"600\" height=\"456\" \/><figcaption id=\"caption-attachment-14996\" class=\"wp-caption-text\">C\u00f4ng t\u1eafc phao \u0111i\u1ec7n M15-10M<\/figcaption><\/figure>\n<\/div>\n<h2><span class=\"ez-toc-section\" id=\"UU_DIEM_NOI_BAT_CONG_TAC_PHAO_DIEN_M15_KAWASAN\"><\/span>\u01afU \u0110I\u1ec2M N\u1ed4I B\u1eacT C\u00d4NG T\u1eaeC PHAO \u0110I\u1ec6N M15 KAWASAN<span class=\"ez-toc-section-end\"><\/span><\/h2>\n<ul>\n<li class=\"tab-content\">Phao \u0111\u01b0\u1ee3c thi\u1ebft k\u1ebf k\u00edn n\u01b0\u1edbc chu\u1ea9n IP68 r\u1ea5t an to\u00e0n v\u00e0 hi\u1ec7u qu\u1ea3.<\/li>\n<\/ul>\n<div id=\"attachment_4310\" class=\"wp-caption aligncenter\">\n<figure id=\"attachment_14865\" aria-describedby=\"caption-attachment-14865\" style=\"width: 600px\" class=\"wp-caption aligncenter\"><img loading=\"lazy\" decoding=\"async\" class=\"wp-image-14865\" title=\"C\u00f3 kh\u1ea3 n\u0103ng k\u00edn n\u01b0\u1edbc v\u00f4 c\u00f9ng hi\u1ec7u qu\u1ea3\" src=\"https:\/\/kawasan.vn\/wp-content\/uploads\/2023\/11\/cong-tac-phao-dien-m15-4.jpg\" alt=\"C\u00f3 kh\u1ea3 n\u0103ng k\u00edn n\u01b0\u1edbc v\u00f4 c\u00f9ng hi\u1ec7u qu\u1ea3\" width=\"600\" height=\"400\" \/><figcaption id=\"caption-attachment-14865\" class=\"wp-caption-text\">C\u00f3 kh\u1ea3 n\u0103ng k\u00edn n\u01b0\u1edbc v\u00f4 c\u00f9ng hi\u1ec7u qu\u1ea3<\/figcaption><\/figure>\n<\/div>\n<ul>\n<li>Phao \u0111i\u1ec7n <a href=\"https:\/\/kawasan.com.vn\/\" target=\"_blank\" rel=\"noopener\">Kawasan<\/a> thi\u1ebft k\u1ebf ph\u00f9 h\u1ee3p cho m\u00e1y b\u01a1m ch\u00ecm, b\u1ec3 h\u00f3a ch\u1ea5t, b\u1ec3 n\u01b0\u1edbc th\u1ea3i.<\/li>\n<li>D\u00e2y d\u00e0i t\u1eeb 2 \u2013 10 m\u00e9t ti\u1ec7n l\u1ee3i, \u0111\u00e1p \u1ee9ng \u0111\u1ea7y \u0111\u1ee7 nhu c\u1ea7u c\u1ee7a ng\u01b0\u1eddi d\u00f9ng.<\/li>\n<\/ul>\n<div id=\"attachment_7232\" class=\"wp-caption aligncenter\">\n<figure id=\"attachment_14863\" aria-describedby=\"caption-attachment-14863\" style=\"width: 600px\" class=\"wp-caption aligncenter\"><img loading=\"lazy\" decoding=\"async\" class=\"wp-image-14863\" title=\"C\u1ea5u t\u1ea1o chi ti\u1ebft c\u00f4ng t\u1eafc phao b\u01a1m M15-10M\" src=\"https:\/\/kawasan.vn\/wp-content\/uploads\/2023\/11\/cong-tac-phao-dien-m15-2.jpg\" alt=\"C\u1ea5u t\u1ea1o chi ti\u1ebft c\u00f4ng t\u1eafc phao \u0111i\u1ec7n M15-10M\" width=\"600\" height=\"600\" \/><figcaption id=\"caption-attachment-14863\" class=\"wp-caption-text\">C\u1ea5u t\u1ea1o chi ti\u1ebft c\u00f4ng t\u1eafc phao \u0111i\u1ec7n M15-10M<\/figcaption><\/figure>\n<\/div>\n<ul>\n<li>S\u1ed1 l\u1ea7n \u0111\u00f3ng ng\u1eaft t\u1ed1i \u0111a l\u00ean \u0111\u1ebfn 5.000 l\u1ea7n, gi\u00fap cho ng\u01b0\u1eddi d\u00f9ng s\u1eed d\u1ee5ng l\u00e2u d\u00e0i.<\/li>\n<li>Thi\u1ebft k\u1ebf nh\u1ecf g\u1ecdn kh\u00f4ng chi\u1ebfm qu\u00e1 nhi\u1ec1u di\u1ec7n t\u00edch b\u1ec3 v\u00e0 d\u1ec5 s\u1eed d\u1ee5ng.<\/li>\n<li>Ch\u1ee9c n\u0103ng B\u01a1m \u0111\u1ea7y (ng\u1eaft) \u2013 Ch\u1ed1ng c\u1ea1n (h\u1ebft n\u01b0\u1edbc ng\u1eaft).<\/li>\n<\/ul>\n<div id=\"attachment_7231\" class=\"wp-caption alignnone\">\n<figure id=\"attachment_14862\" aria-describedby=\"caption-attachment-14862\" style=\"width: 400px\" class=\"wp-caption aligncenter\"><img loading=\"lazy\" decoding=\"async\" class=\"wp-image-14862 size-full\" title=\"Phao \u0111i\u1ec7n m\u1edbi mang l\u1ea1i nhi\u1ec1u ti\u1ec7n l\u1ee3i cho ng\u01b0\u1eddi d\u00f9ng\" src=\"https:\/\/kawasan.vn\/wp-content\/uploads\/2023\/11\/cong-tac-phao-dien-m15-1.jpg\" alt=\"Phao \u0111i\u1ec7n m\u1edbi mang l\u1ea1i nhi\u1ec1u ti\u1ec7n l\u1ee3i cho ng\u01b0\u1eddi d\u00f9ng\" width=\"400\" height=\"291\" \/><figcaption id=\"caption-attachment-14862\" class=\"wp-caption-text\">Phao \u0111i\u1ec7n m\u1edbi mang l\u1ea1i nhi\u1ec1u ti\u1ec7n l\u1ee3i cho ng\u01b0\u1eddi d\u00f9ng<\/figcaption><\/figure>\n<h2><span class=\"ez-toc-section\" id=\"DIA_CHI_CUNG_CAP_PHAO_DIEN_THONG_MINH_UY_TIN_%E2%80%93_CHAT_LUONG\"><\/span>\u0110\u1ecaA CH\u1ec8 CUNG C\u1ea4P PHAO \u0110I\u1ec6N TH\u00d4NG MINH UY T\u00cdN \u2013 CH\u1ea4T L\u01af\u1ee2NG<span class=\"ez-toc-section-end\"><\/span><\/h2>\n<p>M\u1ed9t trong nh\u1eefng c\u00e1ch ch\u1ecdn mua c\u00f4ng t\u1eafc phao \u0111i\u1ec7n ph\u00f9 h\u1ee3p, ch\u1ea5t l\u01b0\u1ee3ng ch\u00ednh l\u00e0 t\u00ecm \u0111\u1ebfn c\u00e1c \u0111\u01a1n v\u1ecb cung c\u1ea5p uy t\u00edn. KAWASAN t\u1ef1 tin l\u00e0 m\u1ed9t trong nh\u1eefng \u0111\u01a1n v\u1ecb h\u00e0ng \u0111\u1ea7u cung c\u1ea5p s\u1ea3n ph\u1ea9m ch\u1ea5t l\u01b0\u1ee3ng nh\u1ea5t hi\u1ec7n nay.<\/p>\n<ul>\n<li>C\u00e1c b\u1ed9 ph\u1eadn c\u1ea5u t\u1ea1o \u0111\u1ec1u \u0111\u1ea1t ti\u00eau chu\u1ea9n ch\u1ea5t l\u01b0\u1ee3ng cao. Th\u00f4ng tin in r\u00f5 r\u00e0ng b\u1eb1ng ti\u1ebfng Vi\u1ec7t ng\u01b0\u1eddi d\u00f9ng d\u1ec5 d\u00e0ng s\u1eed d\u1ee5ng h\u01a1n.<\/li>\n<li>\u0110\u1ed9 b\u1ec1n s\u1ea3n ph\u1ea9m tr\u00ean &gt; 5 n\u0103m, \u0111\u1ea3m b\u1ea3o ch\u00ednh h\u00e3ng Kawasan 100%.<\/li>\n<li>\u0110\u1ed9i ng\u0169 t\u01b0 v\u1ea5n b\u00e1n h\u00e0ng v\u00e0 k\u1ef9 thu\u1eadt chuy\u00ean nghi\u1ec7p. Ch\u00ednh s\u00e1ch b\u1ea3o h\u00e0nh 2 n\u0103m lu\u00f4n gi\u1ea3i quy\u1ebft c\u00e1c v\u1ea5n \u0111\u1ec1 c\u1ee7a kh\u00e1ch h\u00e0ng m\u1ed9t c\u00e1ch nhanh nh\u1ea5t.<\/li>\n<li>\u0110\u1ed9i ng\u0169\u00a0s\u1ea3n xu\u1ea5t Kawasan c\u00f3 nhi\u1ec1u\u00a0n\u0103m\u00a0kinh nghi\u1ec7m ho\u1ea1t \u0111\u1ed9ng trong ng\u00e0nh thi\u1ebft b\u1ecb \u0111i\u1ec7n th\u00f4ng minh. Do \u0111\u00f3 qu\u00fd kh\u00e1ch c\u00f3 th\u1ec3 ho\u00e0n to\u00e0n tin t\u01b0\u1edfng khi s\u1eed d\u1ee5ng s\u1ea3n ph\u1ea9m t\u1eeb c\u00f4ng ty ch\u00fang t\u00f4i.<\/li>\n<\/ul>\n<\/div>","protected":false},"excerpt":{"rendered":"<p>Nh\u00e0 s\u1ea3n xu\u1ea5t: KawasanM\u00e3 s\u1ea3n ph\u1ea9m: M15 10MT\u00ecnh tr\u1ea1ng:C\u00f2n h\u00e0ng<\/p>","protected":false},"featured_media":14995,"comment_status":"open","ping_status":"closed","template":"","meta":{"_yoast_wpseo_focuskw":"C\u00f4ng T\u1eafc Phao B\u01a1m","_yoast_wpseo_metadesc":"C\u00f4ng t\u1eafc phao b\u01a1m M15 c\u00f4ng su\u1ea5t t\u1ea3i 2HP. Ch\u1ec9 s\u1ed1 k\u00edn n\u01b0\u1edbc IP68 d\u00f9ng \u0111\u1ec1u khi\u1ec3n b\u01a1m m\u1ef1c n\u01b0\u1edbc trong b\u1ec3 ch\u1ee9a, ch\u1ed1ng c\u1ea1n cho b\u1ec3 ch\u1ee9a ng\u1ea7m, ch\u1ed1ng tr\u00e0n.","_yoast_wpseo_focuskeywords":"","_yoast_wpseo_keyword_synonyms":""},"product_cat":[83],"product_tag":[1285,1286,553,552,554,1274,856,1275,1271,1268,958,1264,1278,551,1269,1276,1282,1270,1262,1265,1267,1273,1272,1283,1287,1284,1277,1266,1279,1288,1263,1281,1289,1280],"class_list":["post-6634","product","type-product","status-publish","has-post-thumbnail","hentry","product_cat-phao-dien","product_tag-bom-chim-co-phao","product_tag-cong-tac-dien-phao-nuoc","product_tag-cong-tac-phao","product_tag-cong-tac-phao-bom","product_tag-cong-tac-phao-dien","product_tag-may-bom-tu-ngat-khi-nuoc-day","product_tag-phao-bom","product_tag-phao-bom-chim","product_tag-phao-bom-nuoc","product_tag-phao-bom-nuoc-tu-dong","product_tag-phao-bom-tu-dong","product_tag-phao-chong-can","product_tag-phao-co-bom-nuoc","product_tag-phao-dien","product_tag-phao-dien-12v","product_tag-phao-dien-220v","product_tag-phao-dien-bom-chim","product_tag-phao-dien-bom-nuoc","product_tag-phao-dien-bon-nuoc","product_tag-phao-dien-bon-nuoc-12v","product_tag-phao-dien-chong-tran","product_tag-phao-dien-khong-tu-bom-nuoc","product_tag-phao-dien-may-bom","product_tag-phao-dien-may-bom-nuoc","product_tag-phao-dien-tu","product_tag-phao-dien-tu-bon-nuoc","product_tag-phao-dien-tu-dong","product_tag-phao-dien-tu-ngat-nuoc","product_tag-phao-may-bom","product_tag-phao-may-bom-nuoc","product_tag-phao-nuoc-tu-ngat","product_tag-phao-tu-dong-bom-nuoc","product_tag-phao-tu-ngat-bon-nuoc","product_tag-phao-tu-ngat-may-bom-nuoc"],"acf":[],"yoast_head":"<!-- This site is optimized with the Yoast SEO Premium plugin v24.9 (Yoast SEO v24.9) - https:\/\/yoast.com\/wordpress\/plugins\/seo\/ -->\n<title>C\u00f4ng T\u1eafc Phao B\u01a1m KW-M15 10 MET - Kawasan<\/title>\n<meta name=\"description\" content=\"C\u00f4ng t\u1eafc phao b\u01a1m M15 c\u00f4ng su\u1ea5t t\u1ea3i 2HP. Ch\u1ec9 s\u1ed1 k\u00edn n\u01b0\u1edbc IP68 d\u00f9ng \u0111\u1ec1u khi\u1ec3n b\u01a1m m\u1ef1c n\u01b0\u1edbc trong b\u1ec3 ch\u1ee9a, ch\u1ed1ng c\u1ea1n cho b\u1ec3 ch\u1ee9a ng\u1ea7m, ch\u1ed1ng tr\u00e0n.\" \/>\n<meta name=\"robots\" content=\"index, follow, max-snippet:-1, max-image-preview:large, max-video-preview:-1\" \/>\n<link rel=\"canonical\" href=\"https:\/\/kawasan.vn\/en\/product\/cong-tac-phao-bom-kw-m15-10-met\/\" \/>\n<meta property=\"og:locale\" content=\"en_US\" \/>\n<meta property=\"og:type\" content=\"article\" \/>\n<meta property=\"og:title\" content=\"C\u00f4ng T\u1eafc Phao B\u01a1m KW-M15 10 MET\" \/>\n<meta property=\"og:description\" content=\"C\u00f4ng t\u1eafc phao b\u01a1m M15 c\u00f4ng su\u1ea5t t\u1ea3i 2HP. Ch\u1ec9 s\u1ed1 k\u00edn n\u01b0\u1edbc IP68 d\u00f9ng \u0111\u1ec1u khi\u1ec3n b\u01a1m m\u1ef1c n\u01b0\u1edbc trong b\u1ec3 ch\u1ee9a, ch\u1ed1ng c\u1ea1n cho b\u1ec3 ch\u1ee9a ng\u1ea7m, ch\u1ed1ng tr\u00e0n.\" \/>\n<meta property=\"og:url\" content=\"https:\/\/kawasan.vn\/en\/product\/cong-tac-phao-bom-kw-m15-10-met\/\" \/>\n<meta property=\"og:site_name\" content=\"Kawasan\" \/>\n<meta property=\"article:modified_time\" content=\"2026-01-31T02:04:12+00:00\" \/>\n<meta property=\"og:image\" content=\"https:\/\/kawasan.vn\/wp-content\/uploads\/2023\/11\/cong-tac-phao-dien-m15-10m3.jpg\" \/>\n\t<meta property=\"og:image:width\" content=\"800\" \/>\n\t<meta property=\"og:image:height\" content=\"800\" \/>\n\t<meta property=\"og:image:type\" content=\"image\/jpeg\" \/>\n<meta name=\"twitter:card\" content=\"summary_large_image\" \/>\n<meta name=\"twitter:label1\" content=\"Est. reading time\" \/>\n\t<meta name=\"twitter:data1\" content=\"4 minutes\" \/>\n<script type=\"application\/ld+json\" class=\"yoast-schema-graph\">{\"@context\":\"https:\/\/schema.org\",\"@graph\":[{\"@type\":\"WebPage\",\"@id\":\"https:\/\/kawasan.vn\/san-pham\/cong-tac-phao-bom-kw-m15-10-met\/\",\"url\":\"https:\/\/kawasan.vn\/san-pham\/cong-tac-phao-bom-kw-m15-10-met\/\",\"name\":\"C\u00f4ng T\u1eafc Phao B\u01a1m KW-M15 10 MET - Kawasan\",\"isPartOf\":{\"@id\":\"https:\/\/kawasan.vn\/#website\"},\"primaryImageOfPage\":{\"@id\":\"https:\/\/kawasan.vn\/san-pham\/cong-tac-phao-bom-kw-m15-10-met\/#primaryimage\"},\"image\":{\"@id\":\"https:\/\/kawasan.vn\/san-pham\/cong-tac-phao-bom-kw-m15-10-met\/#primaryimage\"},\"thumbnailUrl\":\"https:\/\/kawasan.vn\/wp-content\/uploads\/2023\/11\/cong-tac-phao-dien-m15-10m3.jpg\",\"datePublished\":\"2023-11-01T07:34:34+00:00\",\"dateModified\":\"2026-01-31T02:04:12+00:00\",\"description\":\"C\u00f4ng t\u1eafc phao b\u01a1m M15 c\u00f4ng su\u1ea5t t\u1ea3i 2HP. Ch\u1ec9 s\u1ed1 k\u00edn n\u01b0\u1edbc IP68 d\u00f9ng \u0111\u1ec1u khi\u1ec3n b\u01a1m m\u1ef1c n\u01b0\u1edbc trong b\u1ec3 ch\u1ee9a, ch\u1ed1ng c\u1ea1n cho b\u1ec3 ch\u1ee9a ng\u1ea7m, ch\u1ed1ng tr\u00e0n.\",\"breadcrumb\":{\"@id\":\"https:\/\/kawasan.vn\/san-pham\/cong-tac-phao-bom-kw-m15-10-met\/#breadcrumb\"},\"inLanguage\":\"en-US\",\"potentialAction\":[{\"@type\":\"ReadAction\",\"target\":[\"https:\/\/kawasan.vn\/san-pham\/cong-tac-phao-bom-kw-m15-10-met\/\"]}]},{\"@type\":\"ImageObject\",\"inLanguage\":\"en-US\",\"@id\":\"https:\/\/kawasan.vn\/san-pham\/cong-tac-phao-bom-kw-m15-10-met\/#primaryimage\",\"url\":\"https:\/\/kawasan.vn\/wp-content\/uploads\/2023\/11\/cong-tac-phao-dien-m15-10m3.jpg\",\"contentUrl\":\"https:\/\/kawasan.vn\/wp-content\/uploads\/2023\/11\/cong-tac-phao-dien-m15-10m3.jpg\",\"width\":800,\"height\":800},{\"@type\":\"BreadcrumbList\",\"@id\":\"https:\/\/kawasan.vn\/san-pham\/cong-tac-phao-bom-kw-m15-10-met\/#breadcrumb\",\"itemListElement\":[{\"@type\":\"ListItem\",\"position\":1,\"name\":\"Trang ch\u1ee7\",\"item\":\"https:\/\/kawasan.vn\/\"},{\"@type\":\"ListItem\",\"position\":2,\"name\":\"S\u1ea3n ph\u1ea9m\",\"item\":\"https:\/\/kawasan.vn\/san-pham\/\"},{\"@type\":\"ListItem\",\"position\":3,\"name\":\"C\u00f4ng T\u1eafc Phao B\u01a1m KW-M15 10 MET\"}]},{\"@type\":\"WebSite\",\"@id\":\"https:\/\/kawasan.vn\/#website\",\"url\":\"https:\/\/kawasan.vn\/\",\"name\":\"Kawasan\",\"description\":\"\",\"potentialAction\":[{\"@type\":\"SearchAction\",\"target\":{\"@type\":\"EntryPoint\",\"urlTemplate\":\"https:\/\/kawasan.vn\/?s={search_term_string}\"},\"query-input\":{\"@type\":\"PropertyValueSpecification\",\"valueRequired\":true,\"valueName\":\"search_term_string\"}}],\"inLanguage\":\"en-US\"}]}<\/script>\n<!-- \/ Yoast SEO Premium plugin. -->","yoast_head_json":{"title":"C\u00f4ng T\u1eafc Phao B\u01a1m KW-M15 10 MET - Kawasan","description":"C\u00f4ng t\u1eafc phao b\u01a1m M15 c\u00f4ng su\u1ea5t t\u1ea3i 2HP. Ch\u1ec9 s\u1ed1 k\u00edn n\u01b0\u1edbc IP68 d\u00f9ng \u0111\u1ec1u khi\u1ec3n b\u01a1m m\u1ef1c n\u01b0\u1edbc trong b\u1ec3 ch\u1ee9a, ch\u1ed1ng c\u1ea1n cho b\u1ec3 ch\u1ee9a ng\u1ea7m, ch\u1ed1ng tr\u00e0n.","robots":{"index":"index","follow":"follow","max-snippet":"max-snippet:-1","max-image-preview":"max-image-preview:large","max-video-preview":"max-video-preview:-1"},"canonical":"https:\/\/kawasan.vn\/en\/product\/cong-tac-phao-bom-kw-m15-10-met\/","og_locale":"en_US","og_type":"article","og_title":"C\u00f4ng T\u1eafc Phao B\u01a1m KW-M15 10 MET","og_description":"C\u00f4ng t\u1eafc phao b\u01a1m M15 c\u00f4ng su\u1ea5t t\u1ea3i 2HP. Ch\u1ec9 s\u1ed1 k\u00edn n\u01b0\u1edbc IP68 d\u00f9ng \u0111\u1ec1u khi\u1ec3n b\u01a1m m\u1ef1c n\u01b0\u1edbc trong b\u1ec3 ch\u1ee9a, ch\u1ed1ng c\u1ea1n cho b\u1ec3 ch\u1ee9a ng\u1ea7m, ch\u1ed1ng tr\u00e0n.","og_url":"https:\/\/kawasan.vn\/en\/product\/cong-tac-phao-bom-kw-m15-10-met\/","og_site_name":"Kawasan","article_modified_time":"2026-01-31T02:04:12+00:00","og_image":[{"width":800,"height":800,"url":"https:\/\/kawasan.vn\/wp-content\/uploads\/2023\/11\/cong-tac-phao-dien-m15-10m3.jpg","type":"image\/jpeg"}],"twitter_card":"summary_large_image","twitter_misc":{"Est. reading time":"4 minutes"},"schema":{"@context":"https:\/\/schema.org","@graph":[{"@type":"WebPage","@id":"https:\/\/kawasan.vn\/san-pham\/cong-tac-phao-bom-kw-m15-10-met\/","url":"https:\/\/kawasan.vn\/san-pham\/cong-tac-phao-bom-kw-m15-10-met\/","name":"C\u00f4ng T\u1eafc Phao B\u01a1m KW-M15 10 MET - Kawasan","isPartOf":{"@id":"https:\/\/kawasan.vn\/#website"},"primaryImageOfPage":{"@id":"https:\/\/kawasan.vn\/san-pham\/cong-tac-phao-bom-kw-m15-10-met\/#primaryimage"},"image":{"@id":"https:\/\/kawasan.vn\/san-pham\/cong-tac-phao-bom-kw-m15-10-met\/#primaryimage"},"thumbnailUrl":"https:\/\/kawasan.vn\/wp-content\/uploads\/2023\/11\/cong-tac-phao-dien-m15-10m3.jpg","datePublished":"2023-11-01T07:34:34+00:00","dateModified":"2026-01-31T02:04:12+00:00","description":"C\u00f4ng t\u1eafc phao b\u01a1m M15 c\u00f4ng su\u1ea5t t\u1ea3i 2HP. Ch\u1ec9 s\u1ed1 k\u00edn n\u01b0\u1edbc IP68 d\u00f9ng \u0111\u1ec1u khi\u1ec3n b\u01a1m m\u1ef1c n\u01b0\u1edbc trong b\u1ec3 ch\u1ee9a, ch\u1ed1ng c\u1ea1n cho b\u1ec3 ch\u1ee9a ng\u1ea7m, ch\u1ed1ng tr\u00e0n.","breadcrumb":{"@id":"https:\/\/kawasan.vn\/san-pham\/cong-tac-phao-bom-kw-m15-10-met\/#breadcrumb"},"inLanguage":"en-US","potentialAction":[{"@type":"ReadAction","target":["https:\/\/kawasan.vn\/san-pham\/cong-tac-phao-bom-kw-m15-10-met\/"]}]},{"@type":"ImageObject","inLanguage":"en-US","@id":"https:\/\/kawasan.vn\/san-pham\/cong-tac-phao-bom-kw-m15-10-met\/#primaryimage","url":"https:\/\/kawasan.vn\/wp-content\/uploads\/2023\/11\/cong-tac-phao-dien-m15-10m3.jpg","contentUrl":"https:\/\/kawasan.vn\/wp-content\/uploads\/2023\/11\/cong-tac-phao-dien-m15-10m3.jpg","width":800,"height":800},{"@type":"BreadcrumbList","@id":"https:\/\/kawasan.vn\/san-pham\/cong-tac-phao-bom-kw-m15-10-met\/#breadcrumb","itemListElement":[{"@type":"ListItem","position":1,"name":"Trang ch\u1ee7","item":"https:\/\/kawasan.vn\/"},{"@type":"ListItem","position":2,"name":"S\u1ea3n ph\u1ea9m","item":"https:\/\/kawasan.vn\/san-pham\/"},{"@type":"ListItem","position":3,"name":"C\u00f4ng T\u1eafc Phao B\u01a1m KW-M15 10 MET"}]},{"@type":"WebSite","@id":"https:\/\/kawasan.vn\/#website","url":"https:\/\/kawasan.vn\/","name":"Kawasan","description":"","potentialAction":[{"@type":"SearchAction","target":{"@type":"EntryPoint","urlTemplate":"https:\/\/kawasan.vn\/?s={search_term_string}"},"query-input":{"@type":"PropertyValueSpecification","valueRequired":true,"valueName":"search_term_string"}}],"inLanguage":"en-US"}]}},"_links":{"self":[{"href":"https:\/\/kawasan.vn\/en\/wp-json\/wp\/v2\/product\/6634","targetHints":{"allow":["GET"]}}],"collection":[{"href":"https:\/\/kawasan.vn\/en\/wp-json\/wp\/v2\/product"}],"about":[{"href":"https:\/\/kawasan.vn\/en\/wp-json\/wp\/v2\/types\/product"}],"replies":[{"embeddable":true,"href":"https:\/\/kawasan.vn\/en\/wp-json\/wp\/v2\/comments?post=6634"}],"version-history":[{"count":3,"href":"https:\/\/kawasan.vn\/en\/wp-json\/wp\/v2\/product\/6634\/revisions"}],"predecessor-version":[{"id":30218,"href":"https:\/\/kawasan.vn\/en\/wp-json\/wp\/v2\/product\/6634\/revisions\/30218"}],"wp:featuredmedia":[{"embeddable":true,"href":"https:\/\/kawasan.vn\/en\/wp-json\/wp\/v2\/media\/14995"}],"wp:attachment":[{"href":"https:\/\/kawasan.vn\/en\/wp-json\/wp\/v2\/media?parent=6634"}],"wp:term":[{"taxonomy":"product_cat","embeddable":true,"href":"https:\/\/kawasan.vn\/en\/wp-json\/wp\/v2\/product_cat?post=6634"},{"taxonomy":"product_tag","embeddable":true,"href":"https:\/\/kawasan.vn\/en\/wp-json\/wp\/v2\/product_tag?post=6634"}],"curies":[{"name":"wp","href":"https:\/\/api.w.org\/{rel}","templated":true}]}}