{"id":6620,"date":"2023-11-17T07:03:52","date_gmt":"2023-11-17T07:03:52","guid":{"rendered":"https:\/\/kawasan.123websitedev.com\/product\/cong-tac-hen-gio-thanh-ray-ts622\/"},"modified":"2025-12-16T14:50:26","modified_gmt":"2025-12-16T07:50:26","slug":"cong-tac-hen-gio-thanh-ray-ts622","status":"publish","type":"product","link":"https:\/\/kawasan.vn\/en\/product\/cong-tac-hen-gio-thanh-ray-ts622\/","title":{"rendered":"C\u00f4ng T\u1eafc TS612 H\u1eb9n Gi\u1edd Thanh Ray"},"content":{"rendered":"<h2><span class=\"ez-toc-section\" id=\"CONG_TAC_HEN_GIO_DIEN_TU_TS612_LA_GI\"><\/span>C\u00d4NG T\u1eaeC H\u1eb8N GI\u1edc \u0110I\u1ec6N T\u1eec TS612 L\u00c0 G\u00cc?<span class=\"ez-toc-section-end\"><\/span><\/h2><div id=\"ez-toc-container\" class=\"ez-toc-v2_0_69_1 counter-hierarchy ez-toc-counter ez-toc-grey ez-toc-container-direction\">\n<div class=\"ez-toc-title-container\">\n<p class=\"ez-toc-title\" >N\u1ed9i Dung B&agrave;i Vi\u1ebft<\/p>\n<span class=\"ez-toc-title-toggle\"><a href=\"#\" class=\"ez-toc-pull-right ez-toc-btn ez-toc-btn-xs ez-toc-btn-default ez-toc-toggle\" aria-label=\"Toggle Table of Content\"><span class=\"ez-toc-js-icon-con\"><span class=\"\"><span class=\"eztoc-hide\" style=\"display:none;\">Toggle<\/span><span class=\"ez-toc-icon-toggle-span\"><svg style=\"fill: #999;color:#999\" xmlns=\"http:\/\/www.w3.org\/2000\/svg\" class=\"list-377408\" width=\"20px\" height=\"20px\" viewbox=\"0 0 24 24\" fill=\"none\"><path d=\"M6 6H4v2h2V6zm14 0H8v2h12V6zM4 11h2v2H4v-2zm16 0H8v2h12v-2zM4 16h2v2H4v-2zm16 0H8v2h12v-2z\" fill=\"currentColor\"><\/path><\/svg><svg style=\"fill: #999;color:#999\" class=\"arrow-unsorted-368013\" xmlns=\"http:\/\/www.w3.org\/2000\/svg\" width=\"10px\" height=\"10px\" viewbox=\"0 0 24 24\" version=\"1.2\" baseprofile=\"tiny\"><path d=\"M18.2 9.3l-6.2-6.3-6.2 6.3c-.2.2-.3.4-.3.7s.1.5.3.7c.2.2.4.3.7.3h11c.3 0 .5-.1.7-.3.2-.2.3-.5.3-.7s-.1-.5-.3-.7zM5.8 14.7l6.2 6.3 6.2-6.3c.2-.2.3-.5.3-.7s-.1-.5-.3-.7c-.2-.2-.4-.3-.7-.3h-11c-.3 0-.5.1-.7.3-.2.2-.3.5-.3.7s.1.5.3.7z\"\/><\/svg><\/span><\/span><\/span><\/a><\/span><\/div>\n<nav><ul class='ez-toc-list ez-toc-list-level-1 eztoc-toggle-hide-by-default' ><li class='ez-toc-page-1 ez-toc-heading-level-2'><a class=\"ez-toc-link ez-toc-heading-1\" href=\"https:\/\/kawasan.vn\/en\/product\/cong-tac-hen-gio-thanh-ray-ts622\/#CONG_TAC_HEN_GIO_DIEN_TU_TS612_LA_GI\" title=\"C\u00d4NG T\u1eaeC H\u1eb8N GI\u1edc \u0110I\u1ec6N T\u1eec TS612 L\u00c0 G\u00cc?\">C\u00d4NG T\u1eaeC H\u1eb8N GI\u1edc \u0110I\u1ec6N T\u1eec TS612 L\u00c0 G\u00cc?<\/a><\/li><li class='ez-toc-page-1 ez-toc-heading-level-2'><a class=\"ez-toc-link ez-toc-heading-2\" href=\"https:\/\/kawasan.vn\/en\/product\/cong-tac-hen-gio-thanh-ray-ts622\/#DAC_DIEM_KHI_DUNG_CONG_TAC_HEN_GIO_DIEN_TU_TS612\" title=\"\u0110\u1eb6C \u0110I\u1ec2M KHI D\u00d9NG C\u00d4NG T\u1eaeC H\u1eb8N GI\u1edc \u0110I\u1ec6N T\u1eec TS612\">\u0110\u1eb6C \u0110I\u1ec2M KHI D\u00d9NG C\u00d4NG T\u1eaeC H\u1eb8N GI\u1edc \u0110I\u1ec6N T\u1eec TS612<\/a><\/li><li class='ez-toc-page-1 ez-toc-heading-level-2'><a class=\"ez-toc-link ez-toc-heading-3\" href=\"https:\/\/kawasan.vn\/en\/product\/cong-tac-hen-gio-thanh-ray-ts622\/#MOT_SO_LOI_ICH_KHI_DUNG_TIMER_HEN_GIO_DIEN_TU\" title=\"M\u1ed8T S\u1ed0 L\u1ee2I \u00cdCH KHI D\u00d9NG TIMER H\u1eb8N GI\u1edc \u0110I\u1ec6N T\u1eec\">M\u1ed8T S\u1ed0 L\u1ee2I \u00cdCH KHI D\u00d9NG TIMER H\u1eb8N GI\u1edc \u0110I\u1ec6N T\u1eec<\/a><\/li><li class='ez-toc-page-1 ez-toc-heading-level-2'><a class=\"ez-toc-link ez-toc-heading-4\" href=\"https:\/\/kawasan.vn\/en\/product\/cong-tac-hen-gio-thanh-ray-ts622\/#CONG_TAC_THOI_GIAN_KY_THUAT_SO_TS612_DUOC_UNG_DUNG_NHIEU_KHU_VUC\" title=\"C\u00d4NG T\u1eaeC TH\u1edcI GIAN K\u1ef8 THU\u1eacT S\u1ed0 TS612 \u0110\u01af\u1ee2C \u1ee8NG D\u1ee4NG NHI\u1ec0U KHU V\u1ef0C\">C\u00d4NG T\u1eaeC TH\u1edcI GIAN K\u1ef8 THU\u1eacT S\u1ed0 TS612 \u0110\u01af\u1ee2C \u1ee8NG D\u1ee4NG NHI\u1ec0U KHU V\u1ef0C<\/a><\/li><\/ul><\/nav><\/div>\n\n<p>C\u00f4ng t\u1eafc h\u1eb9n gi\u1edd \u0111i\u1ec7n t\u1eed TS612. Gi\u00fap ng\u01b0\u1eddi d\u00f9ng t\u00f9y ch\u1ec9nh b\u1eadt \u2013 t\u1eaft thi\u1ebft b\u1ecb theo \u00fd mu\u1ed1n. H\u1eb9n gi\u1edd ho\u1ea1t \u0111\u1ed9ng v\u1edbi \u0111\u1ed9 ch\u00ednh x\u00e1c cao \u0111\u1ebfn t\u1eebng gi\u00e2y. C\u00f3 Pin ch\u1edd \u0111\u1ebfn 4 n\u0103m, c\u00fap \u0111i\u1ec7n kh\u1ea9n c\u1ea5p c\u00f4ng t\u1eafc v\u1eabn ho\u1ea1t \u0111\u1ed9ng v\u00e0 ghi nh\u1edb ch\u01b0\u01a1ng tr\u00ecnh c\u00e0i \u0111\u1eb7t c\u0169.<\/p>\n<div id=\"attachment_7414\" class=\"wp-caption alignnone\" style=\"width: 788px;\">\n<p><img loading=\"lazy\" decoding=\"async\" class=\"alignnone wp-image-19494 size-full\" title=\"Timer h\u1eb9n gi\u1edd \u0111i\u1ec7n t\u1eed TS622 Kawasan\" src=\"https:\/\/kawasan.vn\/wp-content\/uploads\/2023\/11\/minh-hoa-ts612-1.jpg\" alt=\"\" width=\"1920\" height=\"1440\" srcset=\"https:\/\/kawasan.vn\/wp-content\/uploads\/2023\/11\/minh-hoa-ts612-1.jpg 1920w, https:\/\/kawasan.vn\/wp-content\/uploads\/2023\/11\/minh-hoa-ts612-1-1024x768.jpg 1024w, https:\/\/kawasan.vn\/wp-content\/uploads\/2023\/11\/minh-hoa-ts612-1-768x576.jpg 768w, https:\/\/kawasan.vn\/wp-content\/uploads\/2023\/11\/minh-hoa-ts612-1-1536x1152.jpg 1536w, https:\/\/kawasan.vn\/wp-content\/uploads\/2023\/11\/minh-hoa-ts612-1-463x348.jpg 463w, https:\/\/kawasan.vn\/wp-content\/uploads\/2023\/11\/minh-hoa-ts612-1-640x480.jpg 640w, https:\/\/kawasan.vn\/wp-content\/uploads\/2023\/11\/minh-hoa-ts612-1-400x300.jpg 400w, https:\/\/kawasan.vn\/wp-content\/uploads\/2023\/11\/minh-hoa-ts612-1-1000x750.jpg 1000w\" sizes=\"auto, (max-width: 1920px) 100vw, 1920px\" \/><\/p>\n<\/div>\n<h2><span class=\"ez-toc-section\" id=\"DAC_DIEM_KHI_DUNG_CONG_TAC_HEN_GIO_DIEN_TU_TS612\"><\/span>\u0110\u1eb6C \u0110I\u1ec2M KHI D\u00d9NG C\u00d4NG T\u1eaeC H\u1eb8N GI\u1edc \u0110I\u1ec6N T\u1eec TS612<span class=\"ez-toc-section-end\"><\/span><\/h2>\n<ul>\n<li aria-level=\"1\">D\u1ea1ng \u0111\u1ed3ng h\u1ed3 \u0111i\u1ec7n t\u1eed, th\u1eddi gian ch\u00ednh x\u00e1c cao d\u1ec5 quan s\u00e1t v\u00e0 c\u00e0i \u0111\u1eb7t.<\/li>\n<li aria-level=\"1\">Thi\u1ebft k\u1ebf ki\u1ec3u c\u00f4ng t\u1eaft 2 k\u00eanh, 2\u00a0chi\u1ec1u 2NO &#8211; 2NC. M\u1ed7i k\u00eanh \u0111i\u1ec1u khi\u1ec3n \u0111\u01b0\u1ee3c cho 2 thi\u1ebft b\u1ecb, lu\u00e2n phi\u00ean nhau. Ti\u1ec7n l\u1ee3i v\u00e0 ti\u1ebft ki\u1ec7m chi ph\u00ed t\u1ed1i \u0111a cho ng\u01b0\u1eddi d\u00f9ng.<\/li>\n<li aria-level=\"1\">Ti\u1ebft ki\u1ec7m t\u1ed1i \u0111a \u0111i\u1ec7n n\u0103ng ti\u00eau th\u1ee5 \u0111i\u1ec7n. Tr\u00e1nh qu\u00ean t\u1eaft sau th\u1eddi gian d\u00e0i s\u1eed d\u1ee5ng, d\u1eabn \u0111\u1ebfn ch\u00e1y n\u1ed5 g\u00e2y nguy hi\u1ec3m.<\/li>\n<li aria-level=\"1\">Timer <a href=\"https:\/\/kawasan.vn\/en\/product-category\/hen-gio\/\" target=\"_blank\" rel=\"noopener\">h\u1eb9n gi\u1edd<\/a> t\u1eaft m\u1edf c\u00f3 30 ch\u01b0\u01a1ng tr\u00ecnh l\u1ef1a ch\u1ecdn. Ph\u00f9 h\u1ee3p cho nhi\u1ec1u thi\u1ebft b\u1ecb kh\u00e1c nhau. 30 chu k\u1ef3 b\u1eadt \u2013 t\u1eaft (Timer) cho 1 k\u00eanh; 52 chu k\u1ef3 nh\u1ecbp (Pulse) t\u1ed1i thi\u1ec3u 1s\/k\u00eanh; c\u00e0i l\u1ecbch ngh\u1ec9 l\u1ec5 8 l\u1ea7n trong n\u0103m.<\/li>\n<li aria-level=\"1\">K\u00edch th\u01b0\u1edbc nh\u1ecf g\u1ecdn, d\u1ec5 d\u00e0ng l\u1eafp \u0111\u1eb7t.<\/li>\n<li aria-level=\"1\">Nh\u1eefng thi\u1ebft b\u1ecb c\u00f4ng su\u1ea5t cao &gt;500W(Led\/B\u01a1m). S\u1eed d\u1ee5ng kh\u1edfi \u0111\u1ed9ng t\u1eeb \u0111\u1ec3 \u0111\u1ea3m b\u1ea3o an to\u00e0n v\u00e0 \u0111\u1ed9 b\u1ec1n cho thi\u1ebft b\u1ecb.<\/li>\n<\/ul>\n<h2><span class=\"ez-toc-section\" id=\"MOT_SO_LOI_ICH_KHI_DUNG_TIMER_HEN_GIO_DIEN_TU\"><\/span>M\u1ed8T S\u1ed0 L\u1ee2I \u00cdCH KHI D\u00d9NG TIMER H\u1eb8N GI\u1edc \u0110I\u1ec6N T\u1eec<span class=\"ez-toc-section-end\"><\/span><\/h2>\n<ul>\n<li>Ti\u1ebft ki\u1ec7m th\u1eddi gian v\u00ec kh\u00f4ng ph\u1ea3i ch\u1edd \u0111\u1ee3i, theo d\u00f5i\u00a0 \u0111\u1ec3 t\u1eaft m\u1edf b\u01a1m, \u0111\u00e8n\u2026 v\u00ec \u0111\u00e3 c\u00f3 h\u1eb9n gi\u1edd t\u1ef1 \u0111\u1ed9ng l\u00e0m vi\u1ec7c.<\/li>\n<li>Ti\u1ebft ki\u1ec7m n\u0103ng l\u01b0\u1ee3ng, tr\u00e1nh tr\u01b0\u1eddng h\u1ee3p ng\u01b0\u1eddi s\u1eed d\u1ee5ng qu\u00ean t\u1eaft \u0111i\u1ec7n.<\/li>\n<li>Convenient for users because there is no need to remember or turn on\/off switches and electrical equipment manually.<\/li>\n<li>An to\u00e0n cho ng\u01b0\u1eddi s\u1eed d\u1ee5ng, v\u00ec kh\u00f4ng x\u1ea3y ra t\u00ecnh tr\u1ea1ng b\u01a1m ho\u1eb7c b\u00f3ng \u0111\u00e8n l\u00e0m vi\u1ec7c qu\u00e1 l\u00e2u l\u00e0 n\u00f3ng ph\u00e1t ho\u1ea3, v\u00e0 qu\u00e1 t\u1ea3i d\u1eabn \u0111\u1ebfn ch\u00e1y n\u1ed5.<\/li>\n<\/ul>\n<h2><span class=\"ez-toc-section\" id=\"CONG_TAC_THOI_GIAN_KY_THUAT_SO_TS612_DUOC_UNG_DUNG_NHIEU_KHU_VUC\"><\/span><a href=\"https:\/\/kawasan.com.vn\/san-pham.html\/hen-gio.html\/cong-tac-hen-gio.html\" target=\"_blank\" rel=\"noopener\"><span style=\"color: #000000;\">C\u00d4NG T\u1eaeC TH\u1edcI GIAN<\/span><\/a> K\u1ef8 THU\u1eacT S\u1ed0 TS612 \u0110\u01af\u1ee2C \u1ee8NG D\u1ee4NG NHI\u1ec0U KHU V\u1ef0C<span class=\"ez-toc-section-end\"><\/span><\/h2>\n<ul>\n<li aria-level=\"1\">H\u1eb9n gi\u1edd nh\u1ecbp (Pulse) th\u00edch h\u1ee3p reo chu\u00f4ng b\u00e1o: tr\u01b0\u1eddng h\u1ecdc, v\u0103n ph\u00f2ng, nh\u00e0 x\u01b0\u1edfng\u2026B\u1ea1n c\u00f3 th\u1ec3 c\u00e0i reo chu\u00f4ng 52 l\u1ea7n trong ng\u00e0y, m\u1ed7i l\u1ea7n reo 3-5s v\u00e0 t\u1ef1 \u0111\u1ed9ng t\u1eaft v\u00e0o th\u1ee9 7, ch\u1ee7 nh\u1eadt.<\/li>\n<\/ul>\n<div id=\"attachment_7418\" class=\"wp-caption aligncenter\"><\/div>\n<ul>\n<li aria-level=\"1\">C\u00f4ng t\u1eafc h\u1eb9n gi\u1edd h\u1ec7 th\u1ed1ng \u0111i\u1ec1u khi\u1ec3n n\u00f4ng nghi\u1ec7p. H\u1eb9n gi\u1edd t\u01b0\u1edbi v\u00e0 chi\u1ebfu s\u00e1ng hoa ki\u1ec3ng nh\u00e0 v\u01b0\u1eddn, c\u00e1c h\u1ed9 tr\u1ed3ng hoa, c\u00e2y c\u1ea3nh. V\u00ec c\u00f3 th\u1ec3 c\u00e0i \u0111\u1eb7t h\u1ec7 th\u1ed1ng h\u1eb9n gi\u1edd cho c\u00e1c thi\u1ebft b\u1ecb t\u01b0\u1edbi ti\u00eau, chi\u1ebfu s\u00e1ng,\u2026<\/li>\n<\/ul>\n<div id=\"attachment_7412\" class=\"wp-caption aligncenter\">\n<p><img loading=\"lazy\" decoding=\"async\" class=\"alignleft wp-image-19497 size-full\" title=\"Timer h\u1eb9n gi\u1edd b\u1eadt \u2013 t\u1eaft cho h\u1ec7 th\u1ed1ng t\u01b0\u1edbi v\u00e0 chi\u1ebfu s\u00e1ng s\u00e2n v\u01b0\u1eddn, n\u00f4ng tr\u1ea1i\u2026\" src=\"https:\/\/kawasan.vn\/wp-content\/uploads\/2023\/11\/minh-hoa-ts612-2.jpg\" alt=\"\" width=\"1920\" height=\"565\" srcset=\"https:\/\/kawasan.vn\/wp-content\/uploads\/2023\/11\/minh-hoa-ts612-2.jpg 1920w, https:\/\/kawasan.vn\/wp-content\/uploads\/2023\/11\/minh-hoa-ts612-2-1024x301.jpg 1024w, https:\/\/kawasan.vn\/wp-content\/uploads\/2023\/11\/minh-hoa-ts612-2-768x226.jpg 768w, https:\/\/kawasan.vn\/wp-content\/uploads\/2023\/11\/minh-hoa-ts612-2-1536x452.jpg 1536w, https:\/\/kawasan.vn\/wp-content\/uploads\/2023\/11\/minh-hoa-ts612-2-640x188.jpg 640w, https:\/\/kawasan.vn\/wp-content\/uploads\/2023\/11\/minh-hoa-ts612-2-400x118.jpg 400w, https:\/\/kawasan.vn\/wp-content\/uploads\/2023\/11\/minh-hoa-ts612-2-1000x294.jpg 1000w\" sizes=\"auto, (max-width: 1920px) 100vw, 1920px\" \/><\/p>\n<\/div>\n<ul>\n<li aria-level=\"1\">Gi\u1ea3i ph\u00e1p cho c\u00e1c h\u1ed9 nu\u00f4i c\u00e1 c\u1ea3nh ho\u1eb7c nu\u00f4i \u1edf \u0111\u1ea7m, c\u00e1c h\u1ed9 ch\u0103n nu\u00f4i gia x\u00fac gia c\u1ea7m. V\u00ec c\u00f3 th\u1ec3 l\u1eafp thi\u1ebft b\u1ecb h\u1eb9n gi\u1edd cho c\u00e1c m\u00e1y b\u01a1m n\u01b0\u1edbc ho\u1eb7c h\u1ec7 th\u1ed1ng chi\u1ebfu s\u00e1ng theo chu k\u1ef3 nh\u1ea5t \u0111\u1ecbnh.<\/li>\n<\/ul>\n<div id=\"attachment_7419\" class=\"wp-caption aligncenter\"><\/div>","protected":false},"excerpt":{"rendered":"<p>Nh\u00e0 s\u1ea3n xu\u1ea5t: KawasanM\u00e3 s\u1ea3n ph\u1ea9m: TS622T\u00ecnh tr\u1ea1ng:C\u00f2n h\u00e0ng<\/p>","protected":false},"featured_media":19491,"comment_status":"open","ping_status":"closed","template":"","meta":{"_yoast_wpseo_focuskw":"C\u00f4ng T\u1eafc TS612","_yoast_wpseo_metadesc":"C\u00f4ng T\u1eafc TS612 h\u1eb9n gi\u1edd \u0111i\u1ec7n t\u1eed th\u1ebft k\u1ebf 2 chi\u1ec1u (2NO-2NC). C\u00f3 Pin ch\u1edd \u0111\u1ebfn 4 n\u0103m, c\u00fap \u0111i\u1ec7n kh\u1ea9n c\u1ea5p c\u00f4ng t\u1eafc v\u1eabn ho\u1ea1t \u0111\u1ed9ng v\u00e0 ghi nh\u1edb ch\u01b0\u01a1ng tr\u00ecnh c\u00e0i \u0111\u1eb7t c\u0169.","_yoast_wpseo_focuskeywords":"","_yoast_wpseo_keyword_synonyms":""},"product_cat":[511,82],"product_tag":[1149,1157,1161,1150,1143,516,1153,1082,1146,1145,1083,963,1154,1084,964,1085,1158,518,1159,1144,1148,1156,590,559,589,1151,517,1152,1155,1160,1147],"class_list":["post-6620","product","type-product","status-publish","has-post-thumbnail","hentry","product_cat-cong-tac-hen-gio","product_cat-hen-gio","product_tag-bo-cong-tac-hen-gio","product_tag-bo-hen-gio-tuoi-cay","product_tag-bo-hen-gio-tuoi-cay-dung-pin","product_tag-bo-hen-gio-tuoi-cay-tu-dong","product_tag-cong-tac-dien-hen-gio","product_tag-cong-tac-hen-gio","product_tag-cong-tac-hen-gio-bat-tat-thiet-bi","product_tag-cong-tac-hen-gio-chinh-hang","product_tag-cong-tac-hen-gio-co","product_tag-cong-tac-hen-gio-dien-tu","product_tag-cong-tac-hen-gio-gia-tot","product_tag-cong-tac-hen-gio-kawasan","product_tag-cong-tac-hen-gio-tat-bat","product_tag-cong-tac-hen-gio-thanh-ray","product_tag-cong-tac-hen-gio-thong-minh","product_tag-cong-tac-hen-gio-ts612","product_tag-cong-tac-hen-gio-tu-dong","product_tag-hen-gio-dien-tu","product_tag-hen-gio-kawasan","product_tag-hen-gio-tuoi","product_tag-hen-gio-tuoi-cay","product_tag-kawasan-timer","product_tag-o-cam-dien-hen-gio","product_tag-o-cam-hen-gio","product_tag-o-cam-hen-gio-dien-tu","product_tag-o-cam-hen-gio-kawasan","product_tag-timer-hen-gio","product_tag-timer-hen-gio-tuoi-cay","product_tag-timer-kawasan","product_tag-van-hen-gio-tuoi-cay","product_tag-van-tuoi-nuoc-hen-gio"],"acf":[],"yoast_head":"<!-- This site is optimized with the Yoast SEO Premium plugin v24.9 (Yoast SEO v24.9) - https:\/\/yoast.com\/wordpress\/plugins\/seo\/ -->\n<title>C\u00f4ng T\u1eafc TS612 H\u1eb9n Gi\u1edd Thanh Ray - Kawasan<\/title>\n<meta name=\"description\" content=\"C\u00f4ng T\u1eafc TS612 h\u1eb9n gi\u1edd \u0111i\u1ec7n t\u1eed th\u1ebft k\u1ebf 2 chi\u1ec1u (2NO-2NC). C\u00f3 Pin ch\u1edd \u0111\u1ebfn 4 n\u0103m, c\u00fap \u0111i\u1ec7n kh\u1ea9n c\u1ea5p c\u00f4ng t\u1eafc v\u1eabn ho\u1ea1t \u0111\u1ed9ng v\u00e0 ghi nh\u1edb ch\u01b0\u01a1ng tr\u00ecnh c\u00e0i \u0111\u1eb7t c\u0169.\" \/>\n<meta name=\"robots\" content=\"index, follow, max-snippet:-1, max-image-preview:large, max-video-preview:-1\" \/>\n<link rel=\"canonical\" href=\"https:\/\/kawasan.vn\/en\/product\/cong-tac-hen-gio-thanh-ray-ts622\/\" \/>\n<meta property=\"og:locale\" content=\"en_US\" \/>\n<meta property=\"og:type\" content=\"article\" \/>\n<meta property=\"og:title\" content=\"C\u00f4ng T\u1eafc TS612 H\u1eb9n Gi\u1edd Thanh Ray\" \/>\n<meta property=\"og:description\" content=\"C\u00f4ng T\u1eafc TS612 h\u1eb9n gi\u1edd \u0111i\u1ec7n t\u1eed th\u1ebft k\u1ebf 2 chi\u1ec1u (2NO-2NC). C\u00f3 Pin ch\u1edd \u0111\u1ebfn 4 n\u0103m, c\u00fap \u0111i\u1ec7n kh\u1ea9n c\u1ea5p c\u00f4ng t\u1eafc v\u1eabn ho\u1ea1t \u0111\u1ed9ng v\u00e0 ghi nh\u1edb ch\u01b0\u01a1ng tr\u00ecnh c\u00e0i \u0111\u1eb7t c\u0169.\" \/>\n<meta property=\"og:url\" content=\"https:\/\/kawasan.vn\/en\/product\/cong-tac-hen-gio-thanh-ray-ts622\/\" \/>\n<meta property=\"og:site_name\" content=\"Kawasan\" \/>\n<meta property=\"article:modified_time\" content=\"2025-12-16T07:50:26+00:00\" \/>\n<meta property=\"og:image\" content=\"https:\/\/kawasan.vn\/wp-content\/uploads\/2023\/11\/minh-hoa-ts612.jpg\" \/>\n\t<meta property=\"og:image:width\" content=\"1920\" \/>\n\t<meta property=\"og:image:height\" content=\"1440\" \/>\n\t<meta property=\"og:image:type\" content=\"image\/jpeg\" \/>\n<meta name=\"twitter:card\" content=\"summary_large_image\" \/>\n<meta name=\"twitter:label1\" content=\"Est. reading time\" \/>\n\t<meta name=\"twitter:data1\" content=\"4 minutes\" \/>\n<script type=\"application\/ld+json\" class=\"yoast-schema-graph\">{\"@context\":\"https:\/\/schema.org\",\"@graph\":[{\"@type\":\"WebPage\",\"@id\":\"https:\/\/kawasan.vn\/san-pham\/cong-tac-hen-gio-thanh-ray-ts622\/\",\"url\":\"https:\/\/kawasan.vn\/san-pham\/cong-tac-hen-gio-thanh-ray-ts622\/\",\"name\":\"C\u00f4ng T\u1eafc TS612 H\u1eb9n Gi\u1edd Thanh Ray - Kawasan\",\"isPartOf\":{\"@id\":\"https:\/\/kawasan.vn\/#website\"},\"primaryImageOfPage\":{\"@id\":\"https:\/\/kawasan.vn\/san-pham\/cong-tac-hen-gio-thanh-ray-ts622\/#primaryimage\"},\"image\":{\"@id\":\"https:\/\/kawasan.vn\/san-pham\/cong-tac-hen-gio-thanh-ray-ts622\/#primaryimage\"},\"thumbnailUrl\":\"https:\/\/kawasan.vn\/wp-content\/uploads\/2023\/11\/minh-hoa-ts612.jpg\",\"datePublished\":\"2023-11-17T07:03:52+00:00\",\"dateModified\":\"2025-12-16T07:50:26+00:00\",\"description\":\"C\u00f4ng T\u1eafc TS612 h\u1eb9n gi\u1edd \u0111i\u1ec7n t\u1eed th\u1ebft k\u1ebf 2 chi\u1ec1u (2NO-2NC). C\u00f3 Pin ch\u1edd \u0111\u1ebfn 4 n\u0103m, c\u00fap \u0111i\u1ec7n kh\u1ea9n c\u1ea5p c\u00f4ng t\u1eafc v\u1eabn ho\u1ea1t \u0111\u1ed9ng v\u00e0 ghi nh\u1edb ch\u01b0\u01a1ng tr\u00ecnh c\u00e0i \u0111\u1eb7t c\u0169.\",\"breadcrumb\":{\"@id\":\"https:\/\/kawasan.vn\/san-pham\/cong-tac-hen-gio-thanh-ray-ts622\/#breadcrumb\"},\"inLanguage\":\"en-US\",\"potentialAction\":[{\"@type\":\"ReadAction\",\"target\":[\"https:\/\/kawasan.vn\/san-pham\/cong-tac-hen-gio-thanh-ray-ts622\/\"]}]},{\"@type\":\"ImageObject\",\"inLanguage\":\"en-US\",\"@id\":\"https:\/\/kawasan.vn\/san-pham\/cong-tac-hen-gio-thanh-ray-ts622\/#primaryimage\",\"url\":\"https:\/\/kawasan.vn\/wp-content\/uploads\/2023\/11\/minh-hoa-ts612.jpg\",\"contentUrl\":\"https:\/\/kawasan.vn\/wp-content\/uploads\/2023\/11\/minh-hoa-ts612.jpg\",\"width\":1920,\"height\":1440},{\"@type\":\"BreadcrumbList\",\"@id\":\"https:\/\/kawasan.vn\/san-pham\/cong-tac-hen-gio-thanh-ray-ts622\/#breadcrumb\",\"itemListElement\":[{\"@type\":\"ListItem\",\"position\":1,\"name\":\"Trang ch\u1ee7\",\"item\":\"https:\/\/kawasan.vn\/\"},{\"@type\":\"ListItem\",\"position\":2,\"name\":\"S\u1ea3n ph\u1ea9m\",\"item\":\"https:\/\/kawasan.vn\/san-pham\/\"},{\"@type\":\"ListItem\",\"position\":3,\"name\":\"C\u00f4ng T\u1eafc TS612 H\u1eb9n Gi\u1edd Thanh Ray\"}]},{\"@type\":\"WebSite\",\"@id\":\"https:\/\/kawasan.vn\/#website\",\"url\":\"https:\/\/kawasan.vn\/\",\"name\":\"Kawasan\",\"description\":\"\",\"potentialAction\":[{\"@type\":\"SearchAction\",\"target\":{\"@type\":\"EntryPoint\",\"urlTemplate\":\"https:\/\/kawasan.vn\/?s={search_term_string}\"},\"query-input\":{\"@type\":\"PropertyValueSpecification\",\"valueRequired\":true,\"valueName\":\"search_term_string\"}}],\"inLanguage\":\"en-US\"}]}<\/script>\n<!-- \/ Yoast SEO Premium plugin. -->","yoast_head_json":{"title":"C\u00f4ng T\u1eafc TS612 H\u1eb9n Gi\u1edd Thanh Ray - Kawasan","description":"C\u00f4ng T\u1eafc TS612 h\u1eb9n gi\u1edd \u0111i\u1ec7n t\u1eed th\u1ebft k\u1ebf 2 chi\u1ec1u (2NO-2NC). C\u00f3 Pin ch\u1edd \u0111\u1ebfn 4 n\u0103m, c\u00fap \u0111i\u1ec7n kh\u1ea9n c\u1ea5p c\u00f4ng t\u1eafc v\u1eabn ho\u1ea1t \u0111\u1ed9ng v\u00e0 ghi nh\u1edb ch\u01b0\u01a1ng tr\u00ecnh c\u00e0i \u0111\u1eb7t c\u0169.","robots":{"index":"index","follow":"follow","max-snippet":"max-snippet:-1","max-image-preview":"max-image-preview:large","max-video-preview":"max-video-preview:-1"},"canonical":"https:\/\/kawasan.vn\/en\/product\/cong-tac-hen-gio-thanh-ray-ts622\/","og_locale":"en_US","og_type":"article","og_title":"C\u00f4ng T\u1eafc TS612 H\u1eb9n Gi\u1edd Thanh Ray","og_description":"C\u00f4ng T\u1eafc TS612 h\u1eb9n gi\u1edd \u0111i\u1ec7n t\u1eed th\u1ebft k\u1ebf 2 chi\u1ec1u (2NO-2NC). C\u00f3 Pin ch\u1edd \u0111\u1ebfn 4 n\u0103m, c\u00fap \u0111i\u1ec7n kh\u1ea9n c\u1ea5p c\u00f4ng t\u1eafc v\u1eabn ho\u1ea1t \u0111\u1ed9ng v\u00e0 ghi nh\u1edb ch\u01b0\u01a1ng tr\u00ecnh c\u00e0i \u0111\u1eb7t c\u0169.","og_url":"https:\/\/kawasan.vn\/en\/product\/cong-tac-hen-gio-thanh-ray-ts622\/","og_site_name":"Kawasan","article_modified_time":"2025-12-16T07:50:26+00:00","og_image":[{"width":1920,"height":1440,"url":"https:\/\/kawasan.vn\/wp-content\/uploads\/2023\/11\/minh-hoa-ts612.jpg","type":"image\/jpeg"}],"twitter_card":"summary_large_image","twitter_misc":{"Est. reading time":"4 minutes"},"schema":{"@context":"https:\/\/schema.org","@graph":[{"@type":"WebPage","@id":"https:\/\/kawasan.vn\/san-pham\/cong-tac-hen-gio-thanh-ray-ts622\/","url":"https:\/\/kawasan.vn\/san-pham\/cong-tac-hen-gio-thanh-ray-ts622\/","name":"C\u00f4ng T\u1eafc TS612 H\u1eb9n Gi\u1edd Thanh Ray - Kawasan","isPartOf":{"@id":"https:\/\/kawasan.vn\/#website"},"primaryImageOfPage":{"@id":"https:\/\/kawasan.vn\/san-pham\/cong-tac-hen-gio-thanh-ray-ts622\/#primaryimage"},"image":{"@id":"https:\/\/kawasan.vn\/san-pham\/cong-tac-hen-gio-thanh-ray-ts622\/#primaryimage"},"thumbnailUrl":"https:\/\/kawasan.vn\/wp-content\/uploads\/2023\/11\/minh-hoa-ts612.jpg","datePublished":"2023-11-17T07:03:52+00:00","dateModified":"2025-12-16T07:50:26+00:00","description":"C\u00f4ng T\u1eafc TS612 h\u1eb9n gi\u1edd \u0111i\u1ec7n t\u1eed th\u1ebft k\u1ebf 2 chi\u1ec1u (2NO-2NC). C\u00f3 Pin ch\u1edd \u0111\u1ebfn 4 n\u0103m, c\u00fap \u0111i\u1ec7n kh\u1ea9n c\u1ea5p c\u00f4ng t\u1eafc v\u1eabn ho\u1ea1t \u0111\u1ed9ng v\u00e0 ghi nh\u1edb ch\u01b0\u01a1ng tr\u00ecnh c\u00e0i \u0111\u1eb7t c\u0169.","breadcrumb":{"@id":"https:\/\/kawasan.vn\/san-pham\/cong-tac-hen-gio-thanh-ray-ts622\/#breadcrumb"},"inLanguage":"en-US","potentialAction":[{"@type":"ReadAction","target":["https:\/\/kawasan.vn\/san-pham\/cong-tac-hen-gio-thanh-ray-ts622\/"]}]},{"@type":"ImageObject","inLanguage":"en-US","@id":"https:\/\/kawasan.vn\/san-pham\/cong-tac-hen-gio-thanh-ray-ts622\/#primaryimage","url":"https:\/\/kawasan.vn\/wp-content\/uploads\/2023\/11\/minh-hoa-ts612.jpg","contentUrl":"https:\/\/kawasan.vn\/wp-content\/uploads\/2023\/11\/minh-hoa-ts612.jpg","width":1920,"height":1440},{"@type":"BreadcrumbList","@id":"https:\/\/kawasan.vn\/san-pham\/cong-tac-hen-gio-thanh-ray-ts622\/#breadcrumb","itemListElement":[{"@type":"ListItem","position":1,"name":"Trang ch\u1ee7","item":"https:\/\/kawasan.vn\/"},{"@type":"ListItem","position":2,"name":"S\u1ea3n ph\u1ea9m","item":"https:\/\/kawasan.vn\/san-pham\/"},{"@type":"ListItem","position":3,"name":"C\u00f4ng T\u1eafc TS612 H\u1eb9n Gi\u1edd Thanh Ray"}]},{"@type":"WebSite","@id":"https:\/\/kawasan.vn\/#website","url":"https:\/\/kawasan.vn\/","name":"Kawasan","description":"","potentialAction":[{"@type":"SearchAction","target":{"@type":"EntryPoint","urlTemplate":"https:\/\/kawasan.vn\/?s={search_term_string}"},"query-input":{"@type":"PropertyValueSpecification","valueRequired":true,"valueName":"search_term_string"}}],"inLanguage":"en-US"}]}},"_links":{"self":[{"href":"https:\/\/kawasan.vn\/en\/wp-json\/wp\/v2\/product\/6620","targetHints":{"allow":["GET"]}}],"collection":[{"href":"https:\/\/kawasan.vn\/en\/wp-json\/wp\/v2\/product"}],"about":[{"href":"https:\/\/kawasan.vn\/en\/wp-json\/wp\/v2\/types\/product"}],"replies":[{"embeddable":true,"href":"https:\/\/kawasan.vn\/en\/wp-json\/wp\/v2\/comments?post=6620"}],"version-history":[{"count":15,"href":"https:\/\/kawasan.vn\/en\/wp-json\/wp\/v2\/product\/6620\/revisions"}],"predecessor-version":[{"id":19492,"href":"https:\/\/kawasan.vn\/en\/wp-json\/wp\/v2\/product\/6620\/revisions\/19492"}],"wp:featuredmedia":[{"embeddable":true,"href":"https:\/\/kawasan.vn\/en\/wp-json\/wp\/v2\/media\/19491"}],"wp:attachment":[{"href":"https:\/\/kawasan.vn\/en\/wp-json\/wp\/v2\/media?parent=6620"}],"wp:term":[{"taxonomy":"product_cat","embeddable":true,"href":"https:\/\/kawasan.vn\/en\/wp-json\/wp\/v2\/product_cat?post=6620"},{"taxonomy":"product_tag","embeddable":true,"href":"https:\/\/kawasan.vn\/en\/wp-json\/wp\/v2\/product_tag?post=6620"}],"curies":[{"name":"wp","href":"https:\/\/api.w.org\/{rel}","templated":true}]}}