{"id":6605,"date":"2023-11-17T07:02:58","date_gmt":"2023-11-17T07:02:58","guid":{"rendered":"https:\/\/kawasan.123websitedev.com\/product\/o-cam-hen-gio-lui-tc02d-1500w\/"},"modified":"2026-03-20T15:26:54","modified_gmt":"2026-03-20T08:26:54","slug":"o-cam-hen-gio-lui-tc02d-1500w","status":"publish","type":"product","link":"https:\/\/kawasan.vn\/en\/product\/o-cam-hen-gio-lui-tc02d-1500w\/","title":{"rendered":"TC02D-1500W Reverse Timer Socket"},"content":{"rendered":"<h2><span class=\"ez-toc-section\" id=\"O_CAM_HEN_GIO_LUI_TC02D-1500W_GIUP_BAN_BAT_%E2%80%93_TAT_THIET_BI_NHANH_CHONG_TIEN_LOI_HON\"><\/span><strong>\u1ed4 C\u1eaeM H\u1eb8N GI\u1edc L\u00d9I TC02D-1500W GI\u00daP B\u1ea0N B\u1eacT \u2013 T\u1eaeT THI\u1ebeT B\u1eca NHANH CH\u00d3NG TI\u1ec6N L\u1ee2I H\u01a0N<\/strong><span class=\"ez-toc-section-end\"><\/span><\/h2><div id=\"ez-toc-container\" class=\"ez-toc-v2_0_69_1 counter-hierarchy ez-toc-counter ez-toc-grey ez-toc-container-direction\">\n<div class=\"ez-toc-title-container\">\n<p class=\"ez-toc-title\" >N\u1ed9i Dung B&agrave;i Vi\u1ebft<\/p>\n<span class=\"ez-toc-title-toggle\"><a href=\"#\" class=\"ez-toc-pull-right ez-toc-btn ez-toc-btn-xs ez-toc-btn-default ez-toc-toggle\" aria-label=\"Toggle Table of Content\"><span class=\"ez-toc-js-icon-con\"><span class=\"\"><span class=\"eztoc-hide\" style=\"display:none;\">Toggle<\/span><span class=\"ez-toc-icon-toggle-span\"><svg style=\"fill: #999;color:#999\" xmlns=\"http:\/\/www.w3.org\/2000\/svg\" class=\"list-377408\" width=\"20px\" height=\"20px\" viewbox=\"0 0 24 24\" fill=\"none\"><path d=\"M6 6H4v2h2V6zm14 0H8v2h12V6zM4 11h2v2H4v-2zm16 0H8v2h12v-2zM4 16h2v2H4v-2zm16 0H8v2h12v-2z\" fill=\"currentColor\"><\/path><\/svg><svg style=\"fill: #999;color:#999\" class=\"arrow-unsorted-368013\" xmlns=\"http:\/\/www.w3.org\/2000\/svg\" width=\"10px\" height=\"10px\" viewbox=\"0 0 24 24\" version=\"1.2\" baseprofile=\"tiny\"><path d=\"M18.2 9.3l-6.2-6.3-6.2 6.3c-.2.2-.3.4-.3.7s.1.5.3.7c.2.2.4.3.7.3h11c.3 0 .5-.1.7-.3.2-.2.3-.5.3-.7s-.1-.5-.3-.7zM5.8 14.7l6.2 6.3 6.2-6.3c.2-.2.3-.5.3-.7s-.1-.5-.3-.7c-.2-.2-.4-.3-.7-.3h-11c-.3 0-.5.1-.7.3-.2.2-.3.5-.3.7s.1.5.3.7z\"\/><\/svg><\/span><\/span><\/span><\/a><\/span><\/div>\n<nav><ul class='ez-toc-list ez-toc-list-level-1 eztoc-toggle-hide-by-default' ><li class='ez-toc-page-1 ez-toc-heading-level-2'><a class=\"ez-toc-link ez-toc-heading-1\" href=\"https:\/\/kawasan.vn\/en\/product\/o-cam-hen-gio-lui-tc02d-1500w\/#O_CAM_HEN_GIO_LUI_TC02D-1500W_GIUP_BAN_BAT_%E2%80%93_TAT_THIET_BI_NHANH_CHONG_TIEN_LOI_HON\" title=\"\u1ed4 C\u1eaeM H\u1eb8N GI\u1edc L\u00d9I TC02D-1500W GI\u00daP B\u1ea0N B\u1eacT \u2013 T\u1eaeT THI\u1ebeT B\u1eca NHANH CH\u00d3NG TI\u1ec6N L\u1ee2I H\u01a0N\">\u1ed4 C\u1eaeM H\u1eb8N GI\u1edc L\u00d9I TC02D-1500W GI\u00daP B\u1ea0N B\u1eacT \u2013 T\u1eaeT THI\u1ebeT B\u1eca NHANH CH\u00d3NG TI\u1ec6N L\u1ee2I H\u01a0N<\/a><\/li><li class='ez-toc-page-1 ez-toc-heading-level-2'><a class=\"ez-toc-link ez-toc-heading-2\" href=\"https:\/\/kawasan.vn\/en\/product\/o-cam-hen-gio-lui-tc02d-1500w\/#MOT_SO_LOI_ICH_KHI_DUNG_O_CAM_HEN_GIO_LUI_KAWASAN\" title=\"M\u1ed8T S\u1ed0 L\u1ee2I \u00cdCH KHI D\u00d9NG \u1ed4 C\u1eaeM H\u1eb8N GI\u1edc L\u00d9I KAWASAN\">M\u1ed8T S\u1ed0 L\u1ee2I \u00cdCH KHI D\u00d9NG \u1ed4 C\u1eaeM H\u1eb8N GI\u1edc L\u00d9I KAWASAN<\/a><\/li><li class='ez-toc-page-1 ez-toc-heading-level-2'><a class=\"ez-toc-link ez-toc-heading-3\" href=\"https:\/\/kawasan.vn\/en\/product\/o-cam-hen-gio-lui-tc02d-1500w\/#O_CAM_DIEN_HEN_GIO_DEM_NGUOC_TC02D-1500W_DUOC_UNG_DUNG_NHU_THE_NAO\" title=\"\u1ed4 C\u1eaeM \u0110I\u1ec6N H\u1eb8N GI\u1edc \u0110\u1ebeM NG\u01af\u1ee2C TC02D-1500W \u0110\u01af\u1ee2C \u1ee8NG D\u1ee4NG \u00a0NH\u01af TH\u1ebe N\u00c0O?\">\u1ed4 C\u1eaeM \u0110I\u1ec6N H\u1eb8N GI\u1edc \u0110\u1ebeM NG\u01af\u1ee2C TC02D-1500W \u0110\u01af\u1ee2C \u1ee8NG D\u1ee4NG \u00a0NH\u01af TH\u1ebe N\u00c0O?<\/a><\/li><li class='ez-toc-page-1 ez-toc-heading-level-2'><a class=\"ez-toc-link ez-toc-heading-4\" href=\"https:\/\/kawasan.vn\/en\/product\/o-cam-hen-gio-lui-tc02d-1500w\/#TAI_SAO_BAN_NEN_CHON_TIMER_HEN_GIO_LUI_KAWASAN\" title=\"T\u1ea0I SAO B\u1ea0N N\u00caN CH\u1eccN TIMER H\u1eb8N GI\u1edc L\u00d9I KAWASAN\">T\u1ea0I SAO B\u1ea0N N\u00caN CH\u1eccN TIMER H\u1eb8N GI\u1edc L\u00d9I KAWASAN<\/a><\/li><\/ul><\/nav><\/div>\n\n<p>Trong cu\u1ed9c s\u1ed1ng, \u0111\u00f4i khi b\u1ea1n hay qu\u00ean: c\u1eafm s\u1ea1c \u0111i\u1ec7n tho\u1ea1i, c\u1ee5c s\u1ea1c d\u1ef1 ph\u00f2ng, xe \u0111i\u1ec7n\u2026nhi\u1ec1u gi\u1edd li\u1ec1n ho\u1eb7c c\u1ea3 \u0111\u00eam qu\u00ean r\u00fat s\u1ea1c. D\u1ec5 d\u1eabn \u0111\u1ebfn t\u00ecnh tr\u1ea1ng chai Pin v\u00e0 g\u00e2y ch\u00e1y, n\u1ed5 thi\u1ebft b\u1ecb.<\/p>\n<p>\u0110\u1ec3 kh\u1eafc ph\u1ee5c t\u00ecnh tr\u1ea1ng \u0111\u00f3, Kawasan \u0111\u00e3 nguy\u00ean c\u1ee9u v\u00e0 cho ra \u0111\u1eddi s\u1ea3n ph\u1ea9m \u1ed5 c\u1eafm h\u1eb9n gi\u1edd l\u00f9i TC02D-1500W. Gi\u00fap ng\u01b0\u1eddi d\u00f9ng t\u1eaft thi\u1ebft b\u1ecb, trong kho\u1ea3ng th\u1eddi gian 1-6h ho\u1eb7c t\u1ef1 thi\u1ebft l\u1eadp th\u1eddi gian t\u1eaft. Thi\u1ebft k\u1ebf nh\u1ecf g\u1ecdn, \u0111\u1eb9p m\u1eaft v\u00e0 d\u1ec5 d\u00e0ng c\u00e0i \u0111\u1eb7t.<\/p>\n<figure id=\"attachment_15024\" aria-describedby=\"caption-attachment-15024\" style=\"width: 600px\" class=\"wp-caption aligncenter\"><img loading=\"lazy\" decoding=\"async\" class=\"wp-image-15024\" title=\"\u1ed4 c\u1eafm h\u1eb9n gi\u1edd l\u00f9i TC02D c\u00f4ng su\u1ea5t 1500w\" src=\"https:\/\/kawasan.vn\/wp-content\/uploads\/2023\/11\/o-cam-hen-gio-lui-1500w-tc02d-trang5.jpg\" alt=\"\u1ed4 c\u1eafm h\u1eb9n gi\u1edd l\u00f9i TC02D c\u00f4ng su\u1ea5t 1500w\" width=\"600\" height=\"742\" \/><figcaption id=\"caption-attachment-15024\" class=\"wp-caption-text\">\u1ed4 c\u1eafm h\u1eb9n gi\u1edd l\u00f9i TC02D c\u00f4ng su\u1ea5t 1500w<\/figcaption><\/figure>\n<h2><span class=\"ez-toc-section\" id=\"MOT_SO_LOI_ICH_KHI_DUNG_O_CAM_HEN_GIO_LUI_KAWASAN\"><\/span><strong>M\u1ed8T S\u1ed0 L\u1ee2I \u00cdCH KHI D\u00d9NG \u1ed4 C\u1eaeM H\u1eb8N GI\u1edc L\u00d9I KAWASAN<\/strong><span class=\"ez-toc-section-end\"><\/span><\/h2>\n<ul>\n<li>Ti\u1ebft ki\u1ec7m \u0111i\u1ec7n n\u0103ng ti\u00eau th\u1ee5 v\u00e0 tr\u00e1nh g\u00e2y ho\u1ea3 ho\u1ea1n, ch\u00e1y n\u1ed5 khi qu\u00ean t\u1eaft thi\u1ebft b\u1ecb<\/li>\n<li>Ti\u1ebft ki\u1ec7m th\u1eddi gian \u0111i l\u1ea1i t\u1eaft thi\u1ebft b\u1ecb, v\u00ec \u0111\u00e3 <a href=\"https:\/\/kawasan.vn\/en\/product-category\/hen-gio\/\" target=\"_blank\" rel=\"noopener\">h\u1eb9n gi\u1edd<\/a> t\u1eaft s\u1eb5n tr\u00ean \u1ed5 c\u1eafm TC02D<\/li>\n<li>T\u1ef1 \u0111\u1ed9ng ng\u1eaft \u0111i\u1ec7n khi d\u00f9ng thi\u1ebft b\u1ecb c\u00f4ng su\u1ea5t l\u1edbn, \u0111\u1ec3 tr\u00e1nh b\u1ecb qu\u00e1 t\u1ea3i.<\/li>\n<li>Thi\u1ebft k\u1ebf nh\u1ecf g\u1ecdn d\u1ec5 d\u00e0ng di chuy\u1ec3n, s\u1eed d\u1ee5ng cho nhi\u1ec1u khu v\u1ef1c kh\u00e1c nhau. \u1ed4 c\u1eafm tr\u00f2n ti\u00eau chu\u1ea9n, ph\u00f9 h\u1ee3p v\u1edbi m\u1ecdi thi\u1ebft b\u1ecb.<\/li>\n<\/ul>\n<figure id=\"attachment_15022\" aria-describedby=\"caption-attachment-15022\" style=\"width: 600px\" class=\"wp-caption aligncenter\"><img loading=\"lazy\" decoding=\"async\" class=\"wp-image-15022\" title=\"Mang \u0111\u1ebfn s\u1ef1 ti\u1ec7n l\u1ee3i v\u00e0 an to\u00e0n cho gia \u0111\u00ecnh b\u1ea1n\" src=\"https:\/\/kawasan.vn\/wp-content\/uploads\/2023\/11\/o-cam-hen-gio-lui-1500w-tc02d-trang3.jpg\" alt=\"Mang \u0111\u1ebfn s\u1ef1 ti\u1ec7n l\u1ee3i v\u00e0 an to\u00e0n cho gia \u0111\u00ecnh b\u1ea1n\" width=\"600\" height=\"600\" srcset=\"https:\/\/kawasan.vn\/wp-content\/uploads\/2023\/11\/o-cam-hen-gio-lui-1500w-tc02d-trang3.jpg 600w, https:\/\/kawasan.vn\/wp-content\/uploads\/2023\/11\/o-cam-hen-gio-lui-1500w-tc02d-trang3-400x400.jpg 400w\" sizes=\"auto, (max-width: 600px) 100vw, 600px\" \/><figcaption id=\"caption-attachment-15022\" class=\"wp-caption-text\">Mang \u0111\u1ebfn s\u1ef1 ti\u1ec7n l\u1ee3i v\u00e0 an to\u00e0n cho gia \u0111\u00ecnh b\u1ea1n<\/figcaption><\/figure>\n<h2><span class=\"ez-toc-section\" id=\"O_CAM_DIEN_HEN_GIO_DEM_NGUOC_TC02D-1500W_DUOC_UNG_DUNG_NHU_THE_NAO\"><\/span><strong>\u1ed4 C\u1eaeM \u0110I\u1ec6N H\u1eb8N GI\u1edc \u0110\u1ebeM NG\u01af\u1ee2C TC02D-1500W \u0110\u01af\u1ee2C \u1ee8NG D\u1ee4NG \u00a0NH\u01af TH\u1ebe N\u00c0O?<\/strong><span class=\"ez-toc-section-end\"><\/span><\/h2>\n<p>Timer h\u1eb9n gi\u1edd l\u00f9i \u0111\u01b0\u1ee3c \u1ee9ng d\u1ee5ng v\u00e0o nhi\u1ec1u tr\u01b0\u1eddng h\u1ee3p nh\u01b0:<\/p>\n<ul>\n<li>H\u1eb9n gi\u1edd c\u1eafm s\u1ea1c cho: \u0111i\u1ec7n tho\u1ea1i, s\u1ea1c d\u1ef1 ph\u00f2ng, m\u00e1y \u1ea3nh, \u0111\u1ed3 ch\u01a1i \u0111i\u1ec7n t\u1eed, Laptop, xe \u0111\u1ea1p\/ m\u00e1y \u0111i\u1ec7n\u2026\u0111\u1ec3 tr\u00e1nh s\u1ea1c qu\u00e1 l\u00e2u g\u00e2y chai Pin v\u00e0 d\u1ec5 g\u00e2y n\u1ed5 thi\u1ebft b\u1ecb.<\/li>\n<li>H\u1eb9n gi\u1edd t\u1eaft cho: n\u1ed3i c\u01a1m \u0111i\u1ec7n, \u0111\u00e8n ng\u1ee7, m\u00e1y qu\u1ea1t, c\u1ee5c ph\u00e1t wifi, b\u01a1m, h\u1ec7 th\u1ed1ng phun s\u01b0\u01a1ng t\u01b0\u1edbi lan, b\u00ecnh n\u01b0\u1edbc n\u00f3ng, \u2026Gi\u00fap ti\u1ebft ki\u1ec7m \u0111i\u1ec7n n\u0103ng cho ng\u01b0\u1eddi d\u00f9ng, kh\u00f4ng c\u1ea7n ph\u1ea3i \u0111\u1ee9ng \u0111\u1ee3i \u0111\u1ec3 ch\u1edd r\u00fat \u0111i\u1ec7n.<\/li>\n<\/ul>\n<figure id=\"attachment_15021\" aria-describedby=\"caption-attachment-15021\" style=\"width: 600px\" class=\"wp-caption aligncenter\"><img loading=\"lazy\" decoding=\"async\" class=\"wp-image-15021\" title=\"\u1ed4 c\u1eafm h\u1eb9n gi\u1edd l\u00f9i d\u00f9ng cho h\u1ec7 th\u1ed1ng t\u01b0\u1edbi trong n\u00f4ng nghi\u1ec7p\" src=\"https:\/\/kawasan.vn\/wp-content\/uploads\/2023\/11\/o-cam-hen-gio-lui-1500w-tc02d-trang2.jpg\" alt=\"\u1ed4 c\u1eafm h\u1eb9n gi\u1edd l\u00f9i d\u00f9ng cho h\u1ec7 th\u1ed1ng t\u01b0\u1edbi trong n\u00f4ng nghi\u1ec7p\" width=\"600\" height=\"450\" srcset=\"https:\/\/kawasan.vn\/wp-content\/uploads\/2023\/11\/o-cam-hen-gio-lui-1500w-tc02d-trang2-463x348.jpg 463w, https:\/\/kawasan.vn\/wp-content\/uploads\/2023\/11\/o-cam-hen-gio-lui-1500w-tc02d-trang2-400x300.jpg 400w\" sizes=\"auto, (max-width: 600px) 100vw, 600px\" \/><figcaption id=\"caption-attachment-15021\" class=\"wp-caption-text\">\u1ed4 c\u1eafm h\u1eb9n gi\u1edd l\u00f9i d\u00f9ng cho h\u1ec7 th\u1ed1ng t\u01b0\u1edbi trong n\u00f4ng nghi\u1ec7p<\/figcaption><\/figure>\n<figure id=\"attachment_15023\" aria-describedby=\"caption-attachment-15023\" style=\"width: 600px\" class=\"wp-caption aligncenter\"><img loading=\"lazy\" decoding=\"async\" class=\"wp-image-15023\" title=\"\u0110\u1ea3m b\u1ea3o an to\u00e0n khi s\u1ea1c xe \u0111i\u1ec7n ch\u1ed1ng chai Pin\" src=\"https:\/\/kawasan.vn\/wp-content\/uploads\/2023\/11\/o-cam-hen-gio-lui-1500w-tc02d-trang4.jpg\" alt=\"\u0110\u1ea3m b\u1ea3o an to\u00e0n khi s\u1ea1c xe \u0111i\u1ec7n ch\u1ed1ng chai Pin\" width=\"600\" height=\"600\" srcset=\"https:\/\/kawasan.vn\/wp-content\/uploads\/2023\/11\/o-cam-hen-gio-lui-1500w-tc02d-trang4.jpg 600w, https:\/\/kawasan.vn\/wp-content\/uploads\/2023\/11\/o-cam-hen-gio-lui-1500w-tc02d-trang4-400x400.jpg 400w\" sizes=\"auto, (max-width: 600px) 100vw, 600px\" \/><figcaption id=\"caption-attachment-15023\" class=\"wp-caption-text\">\u0110\u1ea3m b\u1ea3o an to\u00e0n khi s\u1ea1c xe \u0111i\u1ec7n ch\u1ed1ng chai Pin<\/figcaption><\/figure>\n<figure id=\"attachment_15020\" aria-describedby=\"caption-attachment-15020\" style=\"width: 600px\" class=\"wp-caption aligncenter\"><img loading=\"lazy\" decoding=\"async\" class=\"wp-image-15020\" title=\"Chuy\u00ean d\u1ee5ng h\u1eb9n gi\u1edd cho b\u00ecnh n\u01b0\u1edbc n\u00f3ng tr\u00e1nh qu\u00ean t\u1eaft d\u1eabn \u0111\u1ebfn ch\u00e1y n\u1ed5\" src=\"https:\/\/kawasan.vn\/wp-content\/uploads\/2023\/11\/o-cam-hen-gio-lui-1500w-tc02d-trang1.jpg\" alt=\"Chuy\u00ean d\u1ee5ng h\u1eb9n gi\u1edd cho b\u00ecnh n\u01b0\u1edbc n\u00f3ng tr\u00e1nh qu\u00ean t\u1eaft d\u1eabn \u0111\u1ebfn ch\u00e1y n\u1ed5\" width=\"600\" height=\"631\" \/><figcaption id=\"caption-attachment-15020\" class=\"wp-caption-text\">Chuy\u00ean d\u1ee5ng h\u1eb9n gi\u1edd cho b\u00ecnh n\u01b0\u1edbc n\u00f3ng tr\u00e1nh qu\u00ean t\u1eaft d\u1eabn \u0111\u1ebfn ch\u00e1y n\u1ed5<\/figcaption><\/figure>\n<h2><span class=\"ez-toc-section\" id=\"TAI_SAO_BAN_NEN_CHON_TIMER_HEN_GIO_LUI_KAWASAN\"><\/span><strong>T\u1ea0I SAO B\u1ea0N N\u00caN CH\u1eccN TIMER H\u1eb8N GI\u1edc L\u00d9I KAWASAN<\/strong><span class=\"ez-toc-section-end\"><\/span><\/h2>\n<ul>\n<li>Kawasan, th\u01b0\u01a1ng hi\u1ec7u uy t\u00edn \u0111\u01b0\u1ee3c kh\u00e1ch h\u00e0ng l\u1ef1a ch\u1ecdn trong su\u1ed1t nhi\u1ec1u n\u0103m qua. S\u1ea3n ph\u1ea9m \u0111\u01b0\u1ee3c nguy\u00ean c\u1ee9u, d\u1ef1a tr\u00ean h\u00e0nh vi v\u00e0 th\u00f3i quen c\u1ee7a ng\u01b0\u1eddi d\u00f9ng Vi\u1ec7t Nam. N\u00ean \u0111\u00e1p \u1ee9ng t\u1ed1t nhu c\u1ea7u c\u1ee7a b\u1ea1n. C\u00e1c linh ki\u1ec7n \u0111\u01b0\u1ee3c ch\u1ecdn l\u1ecdc, nh\u1eadp kh\u1ea9u t\u1eeb \u0110\u00e0i Loan, H\u00e0n Qu\u1ed1c v\u00e0 M\u1ef9 n\u00ean \u0111\u1ed9 b\u1ec1n cao.<\/li>\n<li>Reliability <a href=\"https:\/\/kawasan.com.vn\/san-pham.html\/hen-gio.html\/o-cam-hen-gio.html\" target=\"_blank\" rel=\"noopener\">\u1ed5 c\u1eafm \u0111i\u1ec7n<\/a> Kawasan th\u01b0\u1eddng &gt;5 n\u0103m, b\u1ea3o h\u00e0nh 2 n\u0103m. So v\u1edbi s\u1ea3n ph\u1ea9m tr\u00ean th\u1ecb tr\u01b0\u1eddng th\u00ec b\u1ec1n kho\u1ea3ng 1 n\u0103m v\u00e0 b\u1ea3o h\u00e0nh t\u1eeb 3 th\u00e1ng \u0111\u1ebfn 1 n\u0103m. Tuy gi\u00e1 th\u00e0nh r\u1ebb nh\u01b0ng b\u00f9 l\u1ea1i chi ph\u00ed mua thay th\u1ebf trong th\u1eddi gian 5 n\u0103m th\u00ec chi ph\u00ed th\u1eadt s\u1ef1 cao h\u01a1n r\u1ea5t nhi\u1ec1u.<\/li>\n<li>Nh\u00e2n vi\u00ean t\u01b0 v\u1ea5n b\u00e1n h\u00e0ng v\u00e0 k\u1ef9 thu\u1eadt lu\u00f4n h\u1ed7 tr\u1ee3 nhi\u1ec7t t\u00ecnh, nhanh ch\u00f3ng. H\u1ec7 th\u1ed1ng nh\u00e0 ph\u00e2n ph\u1ed1i, \u0111\u1ea1i l\u00fd tr\u1ea3i d\u00e0i kh\u1eafp c\u1ea3 n\u01b0\u1edbc. V\u00ec v\u1eady, kh\u00e1ch h\u00e0ng lu\u00f4n \u0111\u01b0\u1ee3c gi\u1ea3i \u0111\u00e1p nhanh ch\u00f3ng v\u00e0 k\u1ecbp th\u1eddi.<\/li>\n<\/ul>","protected":false},"excerpt":{"rendered":"<p>M\u00e3 s\u1ea3n ph\u1ea9m: TC02D-1500WT\u00ecnh tr\u1ea1ng:C\u00f2n h\u00e0ng<\/p>","protected":false},"featured_media":11858,"comment_status":"open","ping_status":"closed","template":"","meta":{"_yoast_wpseo_focuskw":"\u1ed4 C\u1eafm H\u1eb9n Gi\u1edd L\u00f9i","_yoast_wpseo_metadesc":"\u1ed4 c\u1eafm h\u1eb9n gi\u1edd l\u00f9i TC02D-1500W, h\u1eb9n gi\u1edd t\u1eaft th\u1ebft b\u1ecb trong kho\u1ea3ng th\u1eddi gian 1-6h ho\u1eb7c t\u1ef1 thi\u1ebft l\u1eadp th\u1eddi gian t\u1eaft. Thi\u1ebft k\u1ebf nh\u1ecf g\u1ecdn, \u0111\u1eb9p m\u1eaft, d\u1ec5 d\u00e0ng c\u00e0i \u0111\u1eb7t.","_yoast_wpseo_focuskeywords":"","_yoast_wpseo_keyword_synonyms":""},"product_cat":[512,82,85],"product_tag":[1149,1157,1161,1150,1143,516,1153,1146,1145,963,1154,1158,588,1159,1144,1148,1156,590,559,757,589,1151,756,1152,1155,1160,1147],"class_list":["post-6605","product","type-product","status-publish","has-post-thumbnail","hentry","product_cat-o-cam-hen-gio","product_cat-hen-gio","product_cat-hang-khuyen-mai-soc","product_tag-bo-cong-tac-hen-gio","product_tag-bo-hen-gio-tuoi-cay","product_tag-bo-hen-gio-tuoi-cay-dung-pin","product_tag-bo-hen-gio-tuoi-cay-tu-dong","product_tag-cong-tac-dien-hen-gio","product_tag-cong-tac-hen-gio","product_tag-cong-tac-hen-gio-bat-tat-thiet-bi","product_tag-cong-tac-hen-gio-co","product_tag-cong-tac-hen-gio-dien-tu","product_tag-cong-tac-hen-gio-kawasan","product_tag-cong-tac-hen-gio-tat-bat","product_tag-cong-tac-hen-gio-tu-dong","product_tag-hen-gio","product_tag-hen-gio-kawasan","product_tag-hen-gio-tuoi","product_tag-hen-gio-tuoi-cay","product_tag-kawasan-timer","product_tag-o-cam-dien-hen-gio","product_tag-o-cam-hen-gio","product_tag-o-cam-hen-gio-dem-nguoc","product_tag-o-cam-hen-gio-dien-tu","product_tag-o-cam-hen-gio-kawasan","product_tag-o-cam-hen-gio-lui","product_tag-timer-hen-gio-tuoi-cay","product_tag-timer-kawasan","product_tag-van-hen-gio-tuoi-cay","product_tag-van-tuoi-nuoc-hen-gio"],"acf":[],"yoast_head":"<!-- This site is optimized with the Yoast SEO Premium plugin v24.9 (Yoast SEO v24.9) - https:\/\/yoast.com\/wordpress\/plugins\/seo\/ -->\n<title>\u1ed4 C\u1eafm H\u1eb9n Gi\u1edd L\u00f9i TC02D-1500W - Kawasan<\/title>\n<meta name=\"description\" content=\"\u1ed4 c\u1eafm h\u1eb9n gi\u1edd l\u00f9i TC02D-1500W, h\u1eb9n gi\u1edd t\u1eaft th\u1ebft b\u1ecb trong kho\u1ea3ng th\u1eddi gian 1-6h ho\u1eb7c t\u1ef1 thi\u1ebft l\u1eadp th\u1eddi gian t\u1eaft. Thi\u1ebft k\u1ebf nh\u1ecf g\u1ecdn, \u0111\u1eb9p m\u1eaft, d\u1ec5 d\u00e0ng c\u00e0i \u0111\u1eb7t.\" \/>\n<meta name=\"robots\" content=\"index, follow, max-snippet:-1, max-image-preview:large, max-video-preview:-1\" \/>\n<link rel=\"canonical\" href=\"https:\/\/kawasan.vn\/en\/product\/o-cam-hen-gio-lui-tc02d-1500w\/\" \/>\n<meta property=\"og:locale\" content=\"en_US\" \/>\n<meta property=\"og:type\" content=\"article\" \/>\n<meta property=\"og:title\" content=\"\u1ed4 C\u1eafm H\u1eb9n Gi\u1edd L\u00f9i TC02D-1500W\" \/>\n<meta property=\"og:description\" content=\"\u1ed4 c\u1eafm h\u1eb9n gi\u1edd l\u00f9i TC02D-1500W, h\u1eb9n gi\u1edd t\u1eaft th\u1ebft b\u1ecb trong kho\u1ea3ng th\u1eddi gian 1-6h ho\u1eb7c t\u1ef1 thi\u1ebft l\u1eadp th\u1eddi gian t\u1eaft. Thi\u1ebft k\u1ebf nh\u1ecf g\u1ecdn, \u0111\u1eb9p m\u1eaft, d\u1ec5 d\u00e0ng c\u00e0i \u0111\u1eb7t.\" \/>\n<meta property=\"og:url\" content=\"https:\/\/kawasan.vn\/en\/product\/o-cam-hen-gio-lui-tc02d-1500w\/\" \/>\n<meta property=\"og:site_name\" content=\"Kawasan\" \/>\n<meta property=\"article:modified_time\" content=\"2026-03-20T08:26:54+00:00\" \/>\n<meta property=\"og:image\" content=\"https:\/\/kawasan.vn\/wp-content\/uploads\/2023\/11\/o-cam-hen-gio-lui-tc02d-1500w_6555e59564f79.jpeg\" \/>\n\t<meta property=\"og:image:width\" content=\"600\" \/>\n\t<meta property=\"og:image:height\" content=\"600\" \/>\n\t<meta property=\"og:image:type\" content=\"image\/jpeg\" \/>\n<meta name=\"twitter:card\" content=\"summary_large_image\" \/>\n<meta name=\"twitter:label1\" content=\"Est. reading time\" \/>\n\t<meta name=\"twitter:data1\" content=\"5 minutes\" \/>\n<script type=\"application\/ld+json\" class=\"yoast-schema-graph\">{\"@context\":\"https:\/\/schema.org\",\"@graph\":[{\"@type\":\"WebPage\",\"@id\":\"https:\/\/kawasan.vn\/san-pham\/o-cam-hen-gio-lui-tc02d-1500w\/\",\"url\":\"https:\/\/kawasan.vn\/san-pham\/o-cam-hen-gio-lui-tc02d-1500w\/\",\"name\":\"\u1ed4 C\u1eafm H\u1eb9n Gi\u1edd L\u00f9i TC02D-1500W - Kawasan\",\"isPartOf\":{\"@id\":\"https:\/\/kawasan.vn\/#website\"},\"primaryImageOfPage\":{\"@id\":\"https:\/\/kawasan.vn\/san-pham\/o-cam-hen-gio-lui-tc02d-1500w\/#primaryimage\"},\"image\":{\"@id\":\"https:\/\/kawasan.vn\/san-pham\/o-cam-hen-gio-lui-tc02d-1500w\/#primaryimage\"},\"thumbnailUrl\":\"https:\/\/kawasan.vn\/wp-content\/uploads\/2023\/11\/o-cam-hen-gio-lui-tc02d-1500w_6555e59564f79.jpeg\",\"datePublished\":\"2023-11-17T07:02:58+00:00\",\"dateModified\":\"2026-03-20T08:26:54+00:00\",\"description\":\"\u1ed4 c\u1eafm h\u1eb9n gi\u1edd l\u00f9i TC02D-1500W, h\u1eb9n gi\u1edd t\u1eaft th\u1ebft b\u1ecb trong kho\u1ea3ng th\u1eddi gian 1-6h ho\u1eb7c t\u1ef1 thi\u1ebft l\u1eadp th\u1eddi gian t\u1eaft. Thi\u1ebft k\u1ebf nh\u1ecf g\u1ecdn, \u0111\u1eb9p m\u1eaft, d\u1ec5 d\u00e0ng c\u00e0i \u0111\u1eb7t.\",\"breadcrumb\":{\"@id\":\"https:\/\/kawasan.vn\/san-pham\/o-cam-hen-gio-lui-tc02d-1500w\/#breadcrumb\"},\"inLanguage\":\"en-US\",\"potentialAction\":[{\"@type\":\"ReadAction\",\"target\":[\"https:\/\/kawasan.vn\/san-pham\/o-cam-hen-gio-lui-tc02d-1500w\/\"]}]},{\"@type\":\"ImageObject\",\"inLanguage\":\"en-US\",\"@id\":\"https:\/\/kawasan.vn\/san-pham\/o-cam-hen-gio-lui-tc02d-1500w\/#primaryimage\",\"url\":\"https:\/\/kawasan.vn\/wp-content\/uploads\/2023\/11\/o-cam-hen-gio-lui-tc02d-1500w_6555e59564f79.jpeg\",\"contentUrl\":\"https:\/\/kawasan.vn\/wp-content\/uploads\/2023\/11\/o-cam-hen-gio-lui-tc02d-1500w_6555e59564f79.jpeg\",\"width\":600,\"height\":600,\"caption\":\"\u1ed4 C\u1eafm H\u1eb9n Gi\u1edd L\u00f9i TC02D-1500W\"},{\"@type\":\"BreadcrumbList\",\"@id\":\"https:\/\/kawasan.vn\/san-pham\/o-cam-hen-gio-lui-tc02d-1500w\/#breadcrumb\",\"itemListElement\":[{\"@type\":\"ListItem\",\"position\":1,\"name\":\"Trang ch\u1ee7\",\"item\":\"https:\/\/kawasan.vn\/\"},{\"@type\":\"ListItem\",\"position\":2,\"name\":\"S\u1ea3n ph\u1ea9m\",\"item\":\"https:\/\/kawasan.vn\/san-pham\/\"},{\"@type\":\"ListItem\",\"position\":3,\"name\":\"\u1ed4 C\u1eafm H\u1eb9n Gi\u1edd L\u00f9i TC02D-1500W\"}]},{\"@type\":\"WebSite\",\"@id\":\"https:\/\/kawasan.vn\/#website\",\"url\":\"https:\/\/kawasan.vn\/\",\"name\":\"Kawasan\",\"description\":\"\",\"potentialAction\":[{\"@type\":\"SearchAction\",\"target\":{\"@type\":\"EntryPoint\",\"urlTemplate\":\"https:\/\/kawasan.vn\/?s={search_term_string}\"},\"query-input\":{\"@type\":\"PropertyValueSpecification\",\"valueRequired\":true,\"valueName\":\"search_term_string\"}}],\"inLanguage\":\"en-US\"}]}<\/script>\n<!-- \/ Yoast SEO Premium plugin. -->","yoast_head_json":{"title":"\u1ed4 C\u1eafm H\u1eb9n Gi\u1edd L\u00f9i TC02D-1500W - Kawasan","description":"\u1ed4 c\u1eafm h\u1eb9n gi\u1edd l\u00f9i TC02D-1500W, h\u1eb9n gi\u1edd t\u1eaft th\u1ebft b\u1ecb trong kho\u1ea3ng th\u1eddi gian 1-6h ho\u1eb7c t\u1ef1 thi\u1ebft l\u1eadp th\u1eddi gian t\u1eaft. Thi\u1ebft k\u1ebf nh\u1ecf g\u1ecdn, \u0111\u1eb9p m\u1eaft, d\u1ec5 d\u00e0ng c\u00e0i \u0111\u1eb7t.","robots":{"index":"index","follow":"follow","max-snippet":"max-snippet:-1","max-image-preview":"max-image-preview:large","max-video-preview":"max-video-preview:-1"},"canonical":"https:\/\/kawasan.vn\/en\/product\/o-cam-hen-gio-lui-tc02d-1500w\/","og_locale":"en_US","og_type":"article","og_title":"\u1ed4 C\u1eafm H\u1eb9n Gi\u1edd L\u00f9i TC02D-1500W","og_description":"\u1ed4 c\u1eafm h\u1eb9n gi\u1edd l\u00f9i TC02D-1500W, h\u1eb9n gi\u1edd t\u1eaft th\u1ebft b\u1ecb trong kho\u1ea3ng th\u1eddi gian 1-6h ho\u1eb7c t\u1ef1 thi\u1ebft l\u1eadp th\u1eddi gian t\u1eaft. Thi\u1ebft k\u1ebf nh\u1ecf g\u1ecdn, \u0111\u1eb9p m\u1eaft, d\u1ec5 d\u00e0ng c\u00e0i \u0111\u1eb7t.","og_url":"https:\/\/kawasan.vn\/en\/product\/o-cam-hen-gio-lui-tc02d-1500w\/","og_site_name":"Kawasan","article_modified_time":"2026-03-20T08:26:54+00:00","og_image":[{"width":600,"height":600,"url":"https:\/\/kawasan.vn\/wp-content\/uploads\/2023\/11\/o-cam-hen-gio-lui-tc02d-1500w_6555e59564f79.jpeg","type":"image\/jpeg"}],"twitter_card":"summary_large_image","twitter_misc":{"Est. reading time":"5 minutes"},"schema":{"@context":"https:\/\/schema.org","@graph":[{"@type":"WebPage","@id":"https:\/\/kawasan.vn\/san-pham\/o-cam-hen-gio-lui-tc02d-1500w\/","url":"https:\/\/kawasan.vn\/san-pham\/o-cam-hen-gio-lui-tc02d-1500w\/","name":"\u1ed4 C\u1eafm H\u1eb9n Gi\u1edd L\u00f9i TC02D-1500W - Kawasan","isPartOf":{"@id":"https:\/\/kawasan.vn\/#website"},"primaryImageOfPage":{"@id":"https:\/\/kawasan.vn\/san-pham\/o-cam-hen-gio-lui-tc02d-1500w\/#primaryimage"},"image":{"@id":"https:\/\/kawasan.vn\/san-pham\/o-cam-hen-gio-lui-tc02d-1500w\/#primaryimage"},"thumbnailUrl":"https:\/\/kawasan.vn\/wp-content\/uploads\/2023\/11\/o-cam-hen-gio-lui-tc02d-1500w_6555e59564f79.jpeg","datePublished":"2023-11-17T07:02:58+00:00","dateModified":"2026-03-20T08:26:54+00:00","description":"\u1ed4 c\u1eafm h\u1eb9n gi\u1edd l\u00f9i TC02D-1500W, h\u1eb9n gi\u1edd t\u1eaft th\u1ebft b\u1ecb trong kho\u1ea3ng th\u1eddi gian 1-6h ho\u1eb7c t\u1ef1 thi\u1ebft l\u1eadp th\u1eddi gian t\u1eaft. Thi\u1ebft k\u1ebf nh\u1ecf g\u1ecdn, \u0111\u1eb9p m\u1eaft, d\u1ec5 d\u00e0ng c\u00e0i \u0111\u1eb7t.","breadcrumb":{"@id":"https:\/\/kawasan.vn\/san-pham\/o-cam-hen-gio-lui-tc02d-1500w\/#breadcrumb"},"inLanguage":"en-US","potentialAction":[{"@type":"ReadAction","target":["https:\/\/kawasan.vn\/san-pham\/o-cam-hen-gio-lui-tc02d-1500w\/"]}]},{"@type":"ImageObject","inLanguage":"en-US","@id":"https:\/\/kawasan.vn\/san-pham\/o-cam-hen-gio-lui-tc02d-1500w\/#primaryimage","url":"https:\/\/kawasan.vn\/wp-content\/uploads\/2023\/11\/o-cam-hen-gio-lui-tc02d-1500w_6555e59564f79.jpeg","contentUrl":"https:\/\/kawasan.vn\/wp-content\/uploads\/2023\/11\/o-cam-hen-gio-lui-tc02d-1500w_6555e59564f79.jpeg","width":600,"height":600,"caption":"\u1ed4 C\u1eafm H\u1eb9n Gi\u1edd L\u00f9i TC02D-1500W"},{"@type":"BreadcrumbList","@id":"https:\/\/kawasan.vn\/san-pham\/o-cam-hen-gio-lui-tc02d-1500w\/#breadcrumb","itemListElement":[{"@type":"ListItem","position":1,"name":"Trang ch\u1ee7","item":"https:\/\/kawasan.vn\/"},{"@type":"ListItem","position":2,"name":"S\u1ea3n ph\u1ea9m","item":"https:\/\/kawasan.vn\/san-pham\/"},{"@type":"ListItem","position":3,"name":"\u1ed4 C\u1eafm H\u1eb9n Gi\u1edd L\u00f9i TC02D-1500W"}]},{"@type":"WebSite","@id":"https:\/\/kawasan.vn\/#website","url":"https:\/\/kawasan.vn\/","name":"Kawasan","description":"","potentialAction":[{"@type":"SearchAction","target":{"@type":"EntryPoint","urlTemplate":"https:\/\/kawasan.vn\/?s={search_term_string}"},"query-input":{"@type":"PropertyValueSpecification","valueRequired":true,"valueName":"search_term_string"}}],"inLanguage":"en-US"}]}},"_links":{"self":[{"href":"https:\/\/kawasan.vn\/en\/wp-json\/wp\/v2\/product\/6605","targetHints":{"allow":["GET"]}}],"collection":[{"href":"https:\/\/kawasan.vn\/en\/wp-json\/wp\/v2\/product"}],"about":[{"href":"https:\/\/kawasan.vn\/en\/wp-json\/wp\/v2\/types\/product"}],"replies":[{"embeddable":true,"href":"https:\/\/kawasan.vn\/en\/wp-json\/wp\/v2\/comments?post=6605"}],"version-history":[{"count":3,"href":"https:\/\/kawasan.vn\/en\/wp-json\/wp\/v2\/product\/6605\/revisions"}],"predecessor-version":[{"id":25157,"href":"https:\/\/kawasan.vn\/en\/wp-json\/wp\/v2\/product\/6605\/revisions\/25157"}],"wp:featuredmedia":[{"embeddable":true,"href":"https:\/\/kawasan.vn\/en\/wp-json\/wp\/v2\/media\/11858"}],"wp:attachment":[{"href":"https:\/\/kawasan.vn\/en\/wp-json\/wp\/v2\/media?parent=6605"}],"wp:term":[{"taxonomy":"product_cat","embeddable":true,"href":"https:\/\/kawasan.vn\/en\/wp-json\/wp\/v2\/product_cat?post=6605"},{"taxonomy":"product_tag","embeddable":true,"href":"https:\/\/kawasan.vn\/en\/wp-json\/wp\/v2\/product_tag?post=6605"}],"curies":[{"name":"wp","href":"https:\/\/api.w.org\/{rel}","templated":true}]}}