{"id":6601,"date":"2023-11-17T07:02:45","date_gmt":"2023-11-17T07:02:45","guid":{"rendered":"https:\/\/kawasan.123websitedev.com\/product\/bo-van-nuoc-hen-gio-btv01-combo\/"},"modified":"2025-12-12T14:59:40","modified_gmt":"2025-12-12T07:59:40","slug":"bo-van-nuoc-hen-gio-btv01-combo","status":"publish","type":"product","link":"https:\/\/kawasan.vn\/en\/product\/bo-van-nuoc-hen-gio-btv01-combo\/","title":{"rendered":"B\u1ed9 Van N\u01b0\u1edbc H\u1eb9n Gi\u1edd BTV01-Combo"},"content":{"rendered":"<h2>B\u1ed8 VAN N\u01af\u1edaC H\u1eb8N GI\u1edc T\u01af\u1edaI C\u00c2Y BTV01<\/h2>\n<p>Van n\u01b0\u1edbc h\u1eb9n gi\u1edd t\u01b0\u1edbi c\u00e2y t\u1ef1 \u0111\u1ed9ng hay c\u00f2n g\u1ecdi l\u00e0 van n\u01b0\u1edbc h\u1eb9n gi\u1edd \u0111i\u1ec7n t\u1eed. Cho ph\u00e9p b\u1ea1n l\u1eafp \u0111\u1eb7t m\u1ed9t h\u1ec7 th\u1ed1ng t\u01b0\u1edbi t\u1ef1 \u0111\u1ed9ng m\u1ed9t c\u00e1ch nhanh ch\u00f3ng. Kh\u00f4ng ph\u1ea3i lo l\u1eafng \u0111\u1ebfn ph\u1ea7n \u0111i d\u00e2y \u0111i\u1ec7n ho\u1eb7c ph\u1ea3i \u0111\u1ea5u n\u1ed1i ph\u1ee9c t\u1ea1p. \u0110\u1ed3ng h\u1ed3 <a href=\"https:\/\/kawasan.vn\/en\/product-category\/hen-gio\/\" target=\"_blank\" rel=\"noopener\">h\u1eb9n gi\u1edd<\/a> t\u01b0\u1edbi c\u00e2y d\u00f9ng 2 vi\u00ean Pin 3A &#8211; 1.5V. Cho ph\u00e9p b\u1ea1n l\u1eafp \u0111\u1eb7t m\u1ed9t h\u1ec7 th\u1ed1ng t\u01b0\u1edbi t\u1ef1 \u0111\u1ed9ng, nhanh ch\u00f3ng, \u0111\u01a1n gi\u1ea3n v\u00e0 an to\u00e0n nh\u1ea5t. Thao t\u00e1c \u0111\u01a1n gi\u1ea3n m\u00e0 b\u1ea5t c\u1ee9 ai c\u0169ng c\u00f3 th\u1ec3 l\u00e0m \u0111\u01b0\u1ee3c.<\/p>\n<p>Van c\u00f3 16 chu k\u1ef3 c\u00e0i v\u00e0 h\u1eb9n gi\u1edd t\u1ed1i thi\u1ec3u 1 ph\u00fat. Ti\u00eau chu\u1ea9n IP44 ch\u1ed1ng n\u01b0\u1edbc v\u00e0 b\u1ee5i b\u1ea9n t\u1ed1t. \u0110\u01b0\u1eddng k\u00ednh \u1ed1ng n\u01b0\u1edbc v\u00e0o: 27-21 mm; \u1ed1ng ra: 16 mm. B\u1ed9 ph\u1ee5 ki\u1ec7n \u0111i k\u00e8m g\u1ed3m: 10m \u1ed1ng phi 16; 5m \u1ed1ng phi 6; 10 b\u00e9c t\u01b0\u1edbi; kh\u1edbp n\u1ed1i; kh\u1edfi thu\u1ef7&#8230;<\/p>\n<figure id=\"attachment_15337\" aria-describedby=\"caption-attachment-15337\" style=\"width: 600px\" class=\"wp-caption aligncenter\"><img loading=\"lazy\" decoding=\"async\" class=\"wp-image-15337\" title=\"B\u1ed9 van h\u1eb9n gi\u1edd t\u01b0\u1edbi c\u00e2y BTV01-COMBO\" src=\"https:\/\/kawasan.vn\/wp-content\/uploads\/2023\/11\/van-hen-gio-BTV01-combo.jpg\" alt=\"B\u1ed9 van h\u1eb9n gi\u1edd t\u01b0\u1edbi c\u00e2y BTV01-COMBO\" width=\"600\" height=\"655\" \/><figcaption id=\"caption-attachment-15337\" class=\"wp-caption-text\">B\u1ed9 van h\u1eb9n gi\u1edd t\u01b0\u1edbi c\u00e2y BTV01-COMBO<\/figcaption><\/figure>\n<h2>M\u1ed8T S\u1ed0 L\u01afU \u00dd KHI S\u1eecA D\u1ee4NG VAN T\u01af\u1edaI H\u1eb8N GI\u1edc<\/h2>\n<ul>\n<li><a href=\"https:\/\/kawasan.com.vn\/van-tuoi-nuoc-hen-gio-dung-pin-btv01\" target=\"_blank\" rel=\"noopener\">Van h\u1eb9n gi\u1edd BTV01<\/a> s\u1eed d\u1ee5ng pin c\u00f3 ch\u1ea5t l\u01b0\u1ee3ng t\u1ed1t \u0111\u1ea3m b\u1ea3o kh\u00f4ng b\u1ecb ch\u1ea3y n\u01b0\u1edbc khi l\u00e0m vi\u1ec7c l\u00e2u d\u00e0i trong m\u00f4i tr\u01b0\u1eddng ngo\u00e0i tr\u1eddi.<\/li>\n<li>Thay pin \u0111\u1ecbnh k\u1ef3 (6-12 th\u00e1ng) t\u00f9y thu\u1ed9c v\u00e0o s\u1ed1 l\u1ea7n ON\/OFF c\u1ee7a t\u1eebng h\u1ec7 th\u1ed1ng. \u0110\u1ea3m b\u1ea3o h\u1ec7 th\u1ed1ng t\u01b0\u1edbi c\u1ee7a b\u1ea1n lu\u00f4n lu\u00f4n l\u00e0m vi\u1ec7c hi\u1ec7u qu\u1ea3. Ch\u00fa \u00fd khi thay pin b\u1ea1n n\u00ean thao t\u00e1c nhanh v\u00ec d\u1eef li\u1ec7u s\u1ebd Reset l\u1ea1i n\u1ebfu pin \u0111\u01b0\u1ee3c th\u00e1o ra 30s. N\u1ebfu nh\u01b0 m\u1ea5t d\u1eef li\u1ec7u b\u1ea1n ph\u1ea3i c\u00e0i \u0111\u1eb7t l\u1ea1i ch\u01b0\u01a1ng tr\u00ecnh.<\/li>\n<li>N\u00ean c\u00e0i \u0111\u1eb7t ch\u01b0\u01a1ng tr\u00ecnh v\u00e0 l\u1eafp m\u1eb7t k\u00edn n\u01b0\u1edbc tr\u01b0\u1edbc khi l\u1eafp \u0111\u1eb7t, tr\u00e1nh b\u1ecb n\u01b0\u1edbc ho\u1eb7c ch\u1ea5t b\u1ea9n v\u00e0o l\u00e0m h\u1ecfng m\u1ea1ch \u0111i\u1ec7n.<\/li>\n<li>Nhi\u1ec7t \u0111\u1ed9 n\u01b0\u1edbc kh\u00f4ng qu\u00e1 40 \u0111\u1ed9 C tr\u00e1nh h\u01b0 h\u1ecfng \u0111\u01b0\u1eddng \u1ed1ng d\u1eabn.<\/li>\n<li>L\u1eafp \u0111\u1eb7t van theo chi\u1ec1u th\u1eb3ng \u0111\u1ee9ng \u0111\u1ec3 d\u1ec5 theo d\u00f5i ch\u1ebf \u0111\u1ed9 l\u00e0m vi\u1ec7c c\u1ee7a van.<\/li>\n<\/ul>","protected":false},"excerpt":{"rendered":"<p>M\u00e3 s\u1ea3n ph\u1ea9m: BTV01-ComboT\u00ecnh tr\u1ea1ng:C\u00f2n h\u00e0ng<\/p>","protected":false},"featured_media":15337,"comment_status":"open","ping_status":"closed","template":"","meta":{"_yoast_wpseo_focuskw":"Van N\u01b0\u1edbc H\u1eb9n Gi\u1edd","_yoast_wpseo_metadesc":"Van n\u01b0\u1edbc h\u1eb9n gi\u1edd t\u01b0\u1edbi c\u00e2y t\u1ef1 \u0111\u1ed9ng d\u00f9ng 2 vi\u00ean Pin 3A - 1.5V. C\u00f3 16 chu k\u1ef3 c\u00e0i v\u00e0 h\u1eb9n gi\u1edd t\u1ed1i thi\u1ec3u 1 ph\u00fat. \u0110\u01b0\u1eddng k\u00ednh \u1ed1ng n\u01b0\u1edbc v\u00e0o: 27-21 mm; \u1ed1ng ra: 16 mm","_yoast_wpseo_focuskeywords":"","_yoast_wpseo_keyword_synonyms":""},"product_cat":[2558,511,82],"product_tag":[1149,1157,1161,1150,754,1143,516,1153,1146,1145,963,1154,1158,1159,1144,1148,1156,590,559,589,1151,1152,1155,755,1160,1147],"class_list":["post-6601","product","type-product","status-publish","has-post-thumbnail","hentry","product_cat-bo-van-nuoc-hen-gio","product_cat-cong-tac-hen-gio","product_cat-hen-gio","product_tag-bo-cong-tac-hen-gio","product_tag-bo-hen-gio-tuoi-cay","product_tag-bo-hen-gio-tuoi-cay-dung-pin","product_tag-bo-hen-gio-tuoi-cay-tu-dong","product_tag-bo-van-nuoc-hen-gio","product_tag-cong-tac-dien-hen-gio","product_tag-cong-tac-hen-gio","product_tag-cong-tac-hen-gio-bat-tat-thiet-bi","product_tag-cong-tac-hen-gio-co","product_tag-cong-tac-hen-gio-dien-tu","product_tag-cong-tac-hen-gio-kawasan","product_tag-cong-tac-hen-gio-tat-bat","product_tag-cong-tac-hen-gio-tu-dong","product_tag-hen-gio-kawasan","product_tag-hen-gio-tuoi","product_tag-hen-gio-tuoi-cay","product_tag-kawasan-timer","product_tag-o-cam-dien-hen-gio","product_tag-o-cam-hen-gio","product_tag-o-cam-hen-gio-dien-tu","product_tag-o-cam-hen-gio-kawasan","product_tag-timer-hen-gio-tuoi-cay","product_tag-timer-kawasan","product_tag-van-hen-gio","product_tag-van-hen-gio-tuoi-cay","product_tag-van-tuoi-nuoc-hen-gio"],"acf":[],"yoast_head":"<!-- This site is optimized with the Yoast SEO Premium plugin v24.9 (Yoast SEO v24.9) - https:\/\/yoast.com\/wordpress\/plugins\/seo\/ -->\n<title>B\u1ed9 Van N\u01b0\u1edbc H\u1eb9n Gi\u1edd BTV01-Combo - Kawasan<\/title>\n<meta name=\"description\" content=\"Van n\u01b0\u1edbc h\u1eb9n gi\u1edd t\u01b0\u1edbi c\u00e2y t\u1ef1 \u0111\u1ed9ng d\u00f9ng 2 vi\u00ean Pin 3A - 1.5V. C\u00f3 16 chu k\u1ef3 c\u00e0i v\u00e0 h\u1eb9n gi\u1edd t\u1ed1i thi\u1ec3u 1 ph\u00fat. \u0110\u01b0\u1eddng k\u00ednh \u1ed1ng n\u01b0\u1edbc v\u00e0o: 27-21 mm; \u1ed1ng ra: 16 mm\" \/>\n<meta name=\"robots\" content=\"index, follow, max-snippet:-1, max-image-preview:large, max-video-preview:-1\" \/>\n<link rel=\"canonical\" href=\"https:\/\/kawasan.vn\/en\/product\/bo-van-nuoc-hen-gio-btv01-combo\/\" \/>\n<meta property=\"og:locale\" content=\"en_US\" \/>\n<meta property=\"og:type\" content=\"article\" \/>\n<meta property=\"og:title\" content=\"B\u1ed9 Van N\u01b0\u1edbc H\u1eb9n Gi\u1edd BTV01-Combo\" \/>\n<meta property=\"og:description\" content=\"Van n\u01b0\u1edbc h\u1eb9n gi\u1edd t\u01b0\u1edbi c\u00e2y t\u1ef1 \u0111\u1ed9ng d\u00f9ng 2 vi\u00ean Pin 3A - 1.5V. C\u00f3 16 chu k\u1ef3 c\u00e0i v\u00e0 h\u1eb9n gi\u1edd t\u1ed1i thi\u1ec3u 1 ph\u00fat. \u0110\u01b0\u1eddng k\u00ednh \u1ed1ng n\u01b0\u1edbc v\u00e0o: 27-21 mm; \u1ed1ng ra: 16 mm\" \/>\n<meta property=\"og:url\" content=\"https:\/\/kawasan.vn\/en\/product\/bo-van-nuoc-hen-gio-btv01-combo\/\" \/>\n<meta property=\"og:site_name\" content=\"Kawasan\" \/>\n<meta property=\"article:modified_time\" content=\"2025-12-12T07:59:40+00:00\" \/>\n<meta property=\"og:image\" content=\"https:\/\/kawasan.vn\/wp-content\/uploads\/2023\/11\/van-hen-gio-BTV01-combo.jpg\" \/>\n\t<meta property=\"og:image:width\" content=\"1374\" \/>\n\t<meta property=\"og:image:height\" content=\"1500\" \/>\n\t<meta property=\"og:image:type\" content=\"image\/jpeg\" \/>\n<meta name=\"twitter:card\" content=\"summary_large_image\" \/>\n<meta name=\"twitter:label1\" content=\"Est. reading time\" \/>\n\t<meta name=\"twitter:data1\" content=\"3 minutes\" \/>\n<script type=\"application\/ld+json\" class=\"yoast-schema-graph\">{\"@context\":\"https:\/\/schema.org\",\"@graph\":[{\"@type\":\"WebPage\",\"@id\":\"https:\/\/kawasan.vn\/san-pham\/bo-van-nuoc-hen-gio-btv01-combo\/\",\"url\":\"https:\/\/kawasan.vn\/san-pham\/bo-van-nuoc-hen-gio-btv01-combo\/\",\"name\":\"B\u1ed9 Van N\u01b0\u1edbc H\u1eb9n Gi\u1edd BTV01-Combo - Kawasan\",\"isPartOf\":{\"@id\":\"https:\/\/kawasan.vn\/#website\"},\"primaryImageOfPage\":{\"@id\":\"https:\/\/kawasan.vn\/san-pham\/bo-van-nuoc-hen-gio-btv01-combo\/#primaryimage\"},\"image\":{\"@id\":\"https:\/\/kawasan.vn\/san-pham\/bo-van-nuoc-hen-gio-btv01-combo\/#primaryimage\"},\"thumbnailUrl\":\"https:\/\/kawasan.vn\/wp-content\/uploads\/2023\/11\/van-hen-gio-BTV01-combo.jpg\",\"datePublished\":\"2023-11-17T07:02:45+00:00\",\"dateModified\":\"2025-12-12T07:59:40+00:00\",\"description\":\"Van n\u01b0\u1edbc h\u1eb9n gi\u1edd t\u01b0\u1edbi c\u00e2y t\u1ef1 \u0111\u1ed9ng d\u00f9ng 2 vi\u00ean Pin 3A - 1.5V. C\u00f3 16 chu k\u1ef3 c\u00e0i v\u00e0 h\u1eb9n gi\u1edd t\u1ed1i thi\u1ec3u 1 ph\u00fat. \u0110\u01b0\u1eddng k\u00ednh \u1ed1ng n\u01b0\u1edbc v\u00e0o: 27-21 mm; \u1ed1ng ra: 16 mm\",\"breadcrumb\":{\"@id\":\"https:\/\/kawasan.vn\/san-pham\/bo-van-nuoc-hen-gio-btv01-combo\/#breadcrumb\"},\"inLanguage\":\"en-US\",\"potentialAction\":[{\"@type\":\"ReadAction\",\"target\":[\"https:\/\/kawasan.vn\/san-pham\/bo-van-nuoc-hen-gio-btv01-combo\/\"]}]},{\"@type\":\"ImageObject\",\"inLanguage\":\"en-US\",\"@id\":\"https:\/\/kawasan.vn\/san-pham\/bo-van-nuoc-hen-gio-btv01-combo\/#primaryimage\",\"url\":\"https:\/\/kawasan.vn\/wp-content\/uploads\/2023\/11\/van-hen-gio-BTV01-combo.jpg\",\"contentUrl\":\"https:\/\/kawasan.vn\/wp-content\/uploads\/2023\/11\/van-hen-gio-BTV01-combo.jpg\",\"width\":1374,\"height\":1500},{\"@type\":\"BreadcrumbList\",\"@id\":\"https:\/\/kawasan.vn\/san-pham\/bo-van-nuoc-hen-gio-btv01-combo\/#breadcrumb\",\"itemListElement\":[{\"@type\":\"ListItem\",\"position\":1,\"name\":\"Trang ch\u1ee7\",\"item\":\"https:\/\/kawasan.vn\/\"},{\"@type\":\"ListItem\",\"position\":2,\"name\":\"S\u1ea3n ph\u1ea9m\",\"item\":\"https:\/\/kawasan.vn\/san-pham\/\"},{\"@type\":\"ListItem\",\"position\":3,\"name\":\"B\u1ed9 Van N\u01b0\u1edbc H\u1eb9n Gi\u1edd BTV01-Combo\"}]},{\"@type\":\"WebSite\",\"@id\":\"https:\/\/kawasan.vn\/#website\",\"url\":\"https:\/\/kawasan.vn\/\",\"name\":\"Kawasan\",\"description\":\"\",\"potentialAction\":[{\"@type\":\"SearchAction\",\"target\":{\"@type\":\"EntryPoint\",\"urlTemplate\":\"https:\/\/kawasan.vn\/?s={search_term_string}\"},\"query-input\":{\"@type\":\"PropertyValueSpecification\",\"valueRequired\":true,\"valueName\":\"search_term_string\"}}],\"inLanguage\":\"en-US\"}]}<\/script>\n<!-- \/ Yoast SEO Premium plugin. -->","yoast_head_json":{"title":"B\u1ed9 Van N\u01b0\u1edbc H\u1eb9n Gi\u1edd BTV01-Combo - Kawasan","description":"Van n\u01b0\u1edbc h\u1eb9n gi\u1edd t\u01b0\u1edbi c\u00e2y t\u1ef1 \u0111\u1ed9ng d\u00f9ng 2 vi\u00ean Pin 3A - 1.5V. C\u00f3 16 chu k\u1ef3 c\u00e0i v\u00e0 h\u1eb9n gi\u1edd t\u1ed1i thi\u1ec3u 1 ph\u00fat. \u0110\u01b0\u1eddng k\u00ednh \u1ed1ng n\u01b0\u1edbc v\u00e0o: 27-21 mm; \u1ed1ng ra: 16 mm","robots":{"index":"index","follow":"follow","max-snippet":"max-snippet:-1","max-image-preview":"max-image-preview:large","max-video-preview":"max-video-preview:-1"},"canonical":"https:\/\/kawasan.vn\/en\/product\/bo-van-nuoc-hen-gio-btv01-combo\/","og_locale":"en_US","og_type":"article","og_title":"B\u1ed9 Van N\u01b0\u1edbc H\u1eb9n Gi\u1edd BTV01-Combo","og_description":"Van n\u01b0\u1edbc h\u1eb9n gi\u1edd t\u01b0\u1edbi c\u00e2y t\u1ef1 \u0111\u1ed9ng d\u00f9ng 2 vi\u00ean Pin 3A - 1.5V. C\u00f3 16 chu k\u1ef3 c\u00e0i v\u00e0 h\u1eb9n gi\u1edd t\u1ed1i thi\u1ec3u 1 ph\u00fat. \u0110\u01b0\u1eddng k\u00ednh \u1ed1ng n\u01b0\u1edbc v\u00e0o: 27-21 mm; \u1ed1ng ra: 16 mm","og_url":"https:\/\/kawasan.vn\/en\/product\/bo-van-nuoc-hen-gio-btv01-combo\/","og_site_name":"Kawasan","article_modified_time":"2025-12-12T07:59:40+00:00","og_image":[{"width":1374,"height":1500,"url":"https:\/\/kawasan.vn\/wp-content\/uploads\/2023\/11\/van-hen-gio-BTV01-combo.jpg","type":"image\/jpeg"}],"twitter_card":"summary_large_image","twitter_misc":{"Est. reading time":"3 minutes"},"schema":{"@context":"https:\/\/schema.org","@graph":[{"@type":"WebPage","@id":"https:\/\/kawasan.vn\/san-pham\/bo-van-nuoc-hen-gio-btv01-combo\/","url":"https:\/\/kawasan.vn\/san-pham\/bo-van-nuoc-hen-gio-btv01-combo\/","name":"B\u1ed9 Van N\u01b0\u1edbc H\u1eb9n Gi\u1edd BTV01-Combo - Kawasan","isPartOf":{"@id":"https:\/\/kawasan.vn\/#website"},"primaryImageOfPage":{"@id":"https:\/\/kawasan.vn\/san-pham\/bo-van-nuoc-hen-gio-btv01-combo\/#primaryimage"},"image":{"@id":"https:\/\/kawasan.vn\/san-pham\/bo-van-nuoc-hen-gio-btv01-combo\/#primaryimage"},"thumbnailUrl":"https:\/\/kawasan.vn\/wp-content\/uploads\/2023\/11\/van-hen-gio-BTV01-combo.jpg","datePublished":"2023-11-17T07:02:45+00:00","dateModified":"2025-12-12T07:59:40+00:00","description":"Van n\u01b0\u1edbc h\u1eb9n gi\u1edd t\u01b0\u1edbi c\u00e2y t\u1ef1 \u0111\u1ed9ng d\u00f9ng 2 vi\u00ean Pin 3A - 1.5V. C\u00f3 16 chu k\u1ef3 c\u00e0i v\u00e0 h\u1eb9n gi\u1edd t\u1ed1i thi\u1ec3u 1 ph\u00fat. \u0110\u01b0\u1eddng k\u00ednh \u1ed1ng n\u01b0\u1edbc v\u00e0o: 27-21 mm; \u1ed1ng ra: 16 mm","breadcrumb":{"@id":"https:\/\/kawasan.vn\/san-pham\/bo-van-nuoc-hen-gio-btv01-combo\/#breadcrumb"},"inLanguage":"en-US","potentialAction":[{"@type":"ReadAction","target":["https:\/\/kawasan.vn\/san-pham\/bo-van-nuoc-hen-gio-btv01-combo\/"]}]},{"@type":"ImageObject","inLanguage":"en-US","@id":"https:\/\/kawasan.vn\/san-pham\/bo-van-nuoc-hen-gio-btv01-combo\/#primaryimage","url":"https:\/\/kawasan.vn\/wp-content\/uploads\/2023\/11\/van-hen-gio-BTV01-combo.jpg","contentUrl":"https:\/\/kawasan.vn\/wp-content\/uploads\/2023\/11\/van-hen-gio-BTV01-combo.jpg","width":1374,"height":1500},{"@type":"BreadcrumbList","@id":"https:\/\/kawasan.vn\/san-pham\/bo-van-nuoc-hen-gio-btv01-combo\/#breadcrumb","itemListElement":[{"@type":"ListItem","position":1,"name":"Trang ch\u1ee7","item":"https:\/\/kawasan.vn\/"},{"@type":"ListItem","position":2,"name":"S\u1ea3n ph\u1ea9m","item":"https:\/\/kawasan.vn\/san-pham\/"},{"@type":"ListItem","position":3,"name":"B\u1ed9 Van N\u01b0\u1edbc H\u1eb9n Gi\u1edd BTV01-Combo"}]},{"@type":"WebSite","@id":"https:\/\/kawasan.vn\/#website","url":"https:\/\/kawasan.vn\/","name":"Kawasan","description":"","potentialAction":[{"@type":"SearchAction","target":{"@type":"EntryPoint","urlTemplate":"https:\/\/kawasan.vn\/?s={search_term_string}"},"query-input":{"@type":"PropertyValueSpecification","valueRequired":true,"valueName":"search_term_string"}}],"inLanguage":"en-US"}]}},"_links":{"self":[{"href":"https:\/\/kawasan.vn\/en\/wp-json\/wp\/v2\/product\/6601","targetHints":{"allow":["GET"]}}],"collection":[{"href":"https:\/\/kawasan.vn\/en\/wp-json\/wp\/v2\/product"}],"about":[{"href":"https:\/\/kawasan.vn\/en\/wp-json\/wp\/v2\/types\/product"}],"replies":[{"embeddable":true,"href":"https:\/\/kawasan.vn\/en\/wp-json\/wp\/v2\/comments?post=6601"}],"version-history":[{"count":2,"href":"https:\/\/kawasan.vn\/en\/wp-json\/wp\/v2\/product\/6601\/revisions"}],"predecessor-version":[{"id":22534,"href":"https:\/\/kawasan.vn\/en\/wp-json\/wp\/v2\/product\/6601\/revisions\/22534"}],"wp:featuredmedia":[{"embeddable":true,"href":"https:\/\/kawasan.vn\/en\/wp-json\/wp\/v2\/media\/15337"}],"wp:attachment":[{"href":"https:\/\/kawasan.vn\/en\/wp-json\/wp\/v2\/media?parent=6601"}],"wp:term":[{"taxonomy":"product_cat","embeddable":true,"href":"https:\/\/kawasan.vn\/en\/wp-json\/wp\/v2\/product_cat?post=6601"},{"taxonomy":"product_tag","embeddable":true,"href":"https:\/\/kawasan.vn\/en\/wp-json\/wp\/v2\/product_tag?post=6601"}],"curies":[{"name":"wp","href":"https:\/\/api.w.org\/{rel}","templated":true}]}}