{"id":6600,"date":"2023-11-17T07:02:38","date_gmt":"2023-11-17T07:02:38","guid":{"rendered":"https:\/\/kawasan.123websitedev.com\/product\/cong-tac-hen-gio-dien-tu-kawasan-ts18s\/"},"modified":"2026-03-20T15:28:11","modified_gmt":"2026-03-20T08:28:11","slug":"cong-tac-hen-gio-dien-tu-kawasan-ts18s","status":"publish","type":"product","link":"https:\/\/kawasan.vn\/en\/product\/cong-tac-hen-gio-dien-tu-kawasan-ts18s\/","title":{"rendered":"C\u00f4ng T\u1eafc H\u1eb9n Gi\u1edd \u0110i\u1ec7n T\u1eed Kawasan TS18S"},"content":{"rendered":"<h2><span class=\"ez-toc-section\" id=\"CONG_TAC_HEN_GIO_DIEN_TU_TS18S_GIAI_PHAP_HEN_GIO_CHO_CHUONG_DIEN_HIEU_QUA_NHAT_HIEN_NAY\"><\/span><strong>C\u00d4NG T\u1eaeC H\u1eb8N GI\u1edc \u0110I\u1ec6N T\u1eec TS18S GI\u1ea2I PH\u00c1P H\u1eb8N GI\u1edc CHO CHU\u00d4NG \u0110I\u1ec6N HI\u1ec6U QU\u1ea2 NH\u1ea4T HI\u1ec6N NAY<\/strong><span class=\"ez-toc-section-end\"><\/span><\/h2><div id=\"ez-toc-container\" class=\"ez-toc-v2_0_69_1 counter-hierarchy ez-toc-counter ez-toc-grey ez-toc-container-direction\">\n<div class=\"ez-toc-title-container\">\n<p class=\"ez-toc-title\" >N\u1ed9i Dung B&agrave;i Vi\u1ebft<\/p>\n<span class=\"ez-toc-title-toggle\"><a href=\"#\" class=\"ez-toc-pull-right ez-toc-btn ez-toc-btn-xs ez-toc-btn-default ez-toc-toggle\" aria-label=\"Toggle Table of Content\"><span class=\"ez-toc-js-icon-con\"><span class=\"\"><span class=\"eztoc-hide\" style=\"display:none;\">Toggle<\/span><span class=\"ez-toc-icon-toggle-span\"><svg style=\"fill: #999;color:#999\" xmlns=\"http:\/\/www.w3.org\/2000\/svg\" class=\"list-377408\" width=\"20px\" height=\"20px\" viewbox=\"0 0 24 24\" fill=\"none\"><path d=\"M6 6H4v2h2V6zm14 0H8v2h12V6zM4 11h2v2H4v-2zm16 0H8v2h12v-2zM4 16h2v2H4v-2zm16 0H8v2h12v-2z\" fill=\"currentColor\"><\/path><\/svg><svg style=\"fill: #999;color:#999\" class=\"arrow-unsorted-368013\" xmlns=\"http:\/\/www.w3.org\/2000\/svg\" width=\"10px\" height=\"10px\" viewbox=\"0 0 24 24\" version=\"1.2\" baseprofile=\"tiny\"><path d=\"M18.2 9.3l-6.2-6.3-6.2 6.3c-.2.2-.3.4-.3.7s.1.5.3.7c.2.2.4.3.7.3h11c.3 0 .5-.1.7-.3.2-.2.3-.5.3-.7s-.1-.5-.3-.7zM5.8 14.7l6.2 6.3 6.2-6.3c.2-.2.3-.5.3-.7s-.1-.5-.3-.7c-.2-.2-.4-.3-.7-.3h-11c-.3 0-.5.1-.7.3-.2.2-.3.5-.3.7s.1.5.3.7z\"\/><\/svg><\/span><\/span><\/span><\/a><\/span><\/div>\n<nav><ul class='ez-toc-list ez-toc-list-level-1 eztoc-toggle-hide-by-default' ><li class='ez-toc-page-1 ez-toc-heading-level-2'><a class=\"ez-toc-link ez-toc-heading-1\" href=\"https:\/\/kawasan.vn\/en\/product\/cong-tac-hen-gio-dien-tu-kawasan-ts18s\/#CONG_TAC_HEN_GIO_DIEN_TU_TS18S_GIAI_PHAP_HEN_GIO_CHO_CHUONG_DIEN_HIEU_QUA_NHAT_HIEN_NAY\" title=\"C\u00d4NG T\u1eaeC H\u1eb8N GI\u1edc \u0110I\u1ec6N T\u1eec TS18S GI\u1ea2I PH\u00c1P H\u1eb8N GI\u1edc CHO CHU\u00d4NG \u0110I\u1ec6N HI\u1ec6U QU\u1ea2 NH\u1ea4T HI\u1ec6N NAY\">C\u00d4NG T\u1eaeC H\u1eb8N GI\u1edc \u0110I\u1ec6N T\u1eec TS18S GI\u1ea2I PH\u00c1P H\u1eb8N GI\u1edc CHO CHU\u00d4NG \u0110I\u1ec6N HI\u1ec6U QU\u1ea2 NH\u1ea4T HI\u1ec6N NAY<\/a><\/li><li class='ez-toc-page-1 ez-toc-heading-level-2'><a class=\"ez-toc-link ez-toc-heading-2\" href=\"https:\/\/kawasan.vn\/en\/product\/cong-tac-hen-gio-dien-tu-kawasan-ts18s\/#DAC_DIEM_NOI_BAT_TIMER_HEN_GIO_TS18S_SO_VOI_CAC_SAN_PHAM_CUNG_LOAI_TREN_THI_TRUONG\" title=\"\u0110\u1eb6C \u0110I\u1ec2M N\u1ed4I B\u1eacT TIMER H\u1eb8N GI\u1edc TS18S SO V\u1edaI C\u00c1C S\u1ea2N PH\u1ea8M C\u00d9NG LO\u1ea0I TR\u00caN TH\u1eca TR\u01af\u1edcNG\">\u0110\u1eb6C \u0110I\u1ec2M N\u1ed4I B\u1eacT TIMER H\u1eb8N GI\u1edc TS18S SO V\u1edaI C\u00c1C S\u1ea2N PH\u1ea8M C\u00d9NG LO\u1ea0I TR\u00caN TH\u1eca TR\u01af\u1edcNG<\/a><\/li><li class='ez-toc-page-1 ez-toc-heading-level-2'><a class=\"ez-toc-link ez-toc-heading-3\" href=\"https:\/\/kawasan.vn\/en\/product\/cong-tac-hen-gio-dien-tu-kawasan-ts18s\/#VI_SAO_NEN_CHON_MUA_HEN_GIO_DIEN_TU_KAWASAN\" title=\"V\u00cc SAO N\u00caN CH\u1eccN MUA H\u1eb8N GI\u1edc \u0110I\u1ec6N T\u1eec KAWASAN?\">V\u00cc SAO N\u00caN CH\u1eccN MUA H\u1eb8N GI\u1edc \u0110I\u1ec6N T\u1eec KAWASAN?<\/a><\/li><\/ul><\/nav><\/div>\n\n<p>C\u00f4ng t\u1eafc h\u1eb9n gi\u1edd \u0111i\u1ec7n t\u1eed TS18S, chuy\u00ean d\u00f9ng h\u1eb9n gi\u1edd cho chu\u00f4ng \u0111i\u1ec7n:<\/p>\n<ul>\n<li>B\u00e1o gi\u1edd v\u00e0o l\u1edbp, ra ch\u01a1i, chuy\u1ec3n ti\u1ebft h\u1ecdc cho tr\u01b0\u1eddng h\u1ecdc<\/li>\n<li>B\u00e1o gi\u1edd v\u00e0o l\u00e0m, tan ca, ngh\u1ec9 tr\u01b0a cho nh\u00e0 x\u01b0\u1edfng, v\u0103n ph\u00f2ng\u2026<\/li>\n<\/ul>\n<p><a href=\"https:\/\/kawasan.com.vn\/san-pham.html\/hen-gio.html\/cong-tac-hen-gio.html\" target=\"_blank\" rel=\"noopener\">Timer h\u1eb9n gi\u1edd Kawasan<\/a> c\u00f3 36 l\u1ea7n ON v\u00e0 OFF trong kho\u1ea3ng th\u1eddi gian t\u1eeb 1 gi\u00e2y \u0111\u1ebfn 99 gi\u00e2y, \u0111\u00e1p \u1ee9ng \u0111\u1ea7y \u0111\u1ee7 nhu c\u1ea7u c\u1ee7a ng\u01b0\u1eddi d\u00f9ng.Thi\u1ebft k\u1ebf m\u00e0n h\u00ecnh \u0111i\u1ec7n t\u1eed LCD \u0111\u1eb9p m\u1eaft, hi\u1ec3n th\u1ecb th\u1eddi gian v\u00e0 ch\u01b0\u01a1ng tr\u00ecnh c\u00e0i \u0111\u1eb7t r\u00f5 r\u00e0ng. S\u1ea3n ph\u1ea9m, ng\u00e0y \u0111\u01b0\u1ee3c \u01b0a chu\u1ed9ng v\u00e0 s\u1eed d\u1ee5ng r\u1ed9ng r\u00e3i trong th\u1eddi gian qua.<\/p>\n<figure id=\"attachment_15344\" aria-describedby=\"caption-attachment-15344\" style=\"width: 600px\" class=\"wp-caption aligncenter\"><img loading=\"lazy\" decoding=\"async\" class=\"wp-image-15344\" title=\"C\u00f4ng t\u1eafc h\u1eb9n gi\u1edd \u0111i\u1ec7n t\u1eed TS18S c\u00e0i t\u1ed1i thi\u1ec3u 1s chuy\u00ean d\u00f9ng cho chu\u00f4ng \u0111i\u1ec7n\" src=\"https:\/\/kawasan.vn\/wp-content\/uploads\/2023\/11\/cong-tac-hen-gio-dien-tu-ts81s-3.jpg\" alt=\"C\u00f4ng t\u1eafc h\u1eb9n gi\u1edd \u0111i\u1ec7n t\u1eed TS18S c\u00e0i t\u1ed1i thi\u1ec3u 1s chuy\u00ean d\u00f9ng cho chu\u00f4ng \u0111i\u1ec7n\" width=\"600\" height=\"418\" \/><figcaption id=\"caption-attachment-15344\" class=\"wp-caption-text\">C\u00f4ng t\u1eafc h\u1eb9n gi\u1edd \u0111i\u1ec7n t\u1eed TS18S c\u00e0i t\u1ed1i thi\u1ec3u 1s chuy\u00ean d\u00f9ng cho chu\u00f4ng \u0111i\u1ec7n<\/figcaption><\/figure>\n<h2><span class=\"ez-toc-section\" id=\"DAC_DIEM_NOI_BAT_TIMER_HEN_GIO_TS18S_SO_VOI_CAC_SAN_PHAM_CUNG_LOAI_TREN_THI_TRUONG\"><\/span><strong>\u0110\u1eb6C \u0110I\u1ec2M N\u1ed4I B\u1eacT TIMER H\u1eb8N GI\u1edc TS18S SO V\u1edaI C\u00c1C S\u1ea2N PH\u1ea8M C\u00d9NG LO\u1ea0I TR\u00caN TH\u1eca TR\u01af\u1edcNG<\/strong><span class=\"ez-toc-section-end\"><\/span><\/h2>\n<ul>\n<li>Ch\u01b0\u01a1ng tr\u00ecnh c\u00e0i \u0111\u1eb7t t\u1ed1i thi\u1ec3u \u0111\u1ebfn 1s \u2013 t\u1ed1i \u0111a 99s. D\u1ec5 d\u00e0ng \u0111i\u1ec1u ch\u1ec9nh th\u1eddi gian b\u1eadt \u2013 t\u1eaft, cho chu\u00f4ng theo nhu c\u1ea7u.<\/li>\n<li>C\u00f3 \u0111\u1ebfn 36 h\u1eb9n gi\u1edd ON \u2013 OFF, \u0111\u1eb7c bi\u1ec7t ph\u00f9 h\u1ee3p c\u00e0i chu\u00f4ng cho tr\u01b0\u1eddng h\u1ecdc v\u1edbi nhi\u1ec1u l\u1ea7n reo chu\u00f4ng kh\u00e1c nhau gi\u1eefa c\u00e1c ng\u00e0y trong tu\u1ea7n.<\/li>\n<li>T\u00ednh n\u0103ng m\u1edbi c\u00f3 th\u1ec3 nh\u1ea5n m\u1edf kh\u00f3a m\u00e0n h\u00ecnh ngay, b\u1eb1ng c\u00e1ch nh\u1ea5n n\u00fat C\/R 5 c\u00e1i li\u00ean t\u1ee5c.<\/li>\n<li>Pin d\u1ef1 tr\u1eef 1 n\u0103m (d\u1ea1ng Pin s\u1ea1c), tr\u01b0\u1eddng h\u1ee3p c\u00fap \u0111i\u1ec7n kh\u1ea9n c\u1ea5p ch\u01b0\u01a1ng tr\u00ecnh c\u00e0i \u0111\u1eb7t tr\u01b0\u1edbc \u0111\u00f3 v\u1eabn \u0111\u01b0\u1ee3c l\u01b0u. Kh\u00f4ng c\u1ea7n m\u1ea5t th\u1eddi gian c\u00e0i \u0111\u1eb7t l\u1ea1i nhi\u1ec1u l\u1ea7n, ti\u1ec7n l\u1ee3i cho ng\u01b0\u1eddi d\u00f9ng.<\/li>\n<li>Thi\u1ebft k\u1ebf d\u1ea1ng thanh ray, n\u00ean d\u1ec5 d\u00e0ng l\u1eafp \u0111\u1eb7t l\u00ean t\u1ee7 \u0111i\u1ec7n.<\/li>\n<li>\u0110\u1ed9 b\u1ec1n &gt;5 n\u0103m, ti\u1ebft ki\u1ec7m chi ph\u00ed thay m\u1edbi thi\u1ebft b\u1ecb. Timer h\u1eb9n gi\u1edd 220V Kawasan, b\u1ea3o h\u00e0nh ch\u00ednh h\u00e3ng 2 n\u0103m.<\/li>\n<\/ul>\n<figure id=\"attachment_15345\" aria-describedby=\"caption-attachment-15345\" style=\"width: 600px\" class=\"wp-caption aligncenter\"><img loading=\"lazy\" decoding=\"async\" class=\"wp-image-15345\" title=\"Timer thi\u1ebft k\u1ebf d\u1ea1ng thanh ray ti\u1ec7n l\u1ee3i c\u00f3 th\u1ec3 l\u1eafp trong t\u1ee7 \u0111i\u1ec7n\" src=\"https:\/\/kawasan.vn\/wp-content\/uploads\/2023\/11\/cong-tac-hen-gio-dien-tu-ts81s-4.jpg\" alt=\"Timer thi\u1ebft k\u1ebf d\u1ea1ng thanh ray ti\u1ec7n l\u1ee3i c\u00f3 th\u1ec3 l\u1eafp trong t\u1ee7 \u0111i\u1ec7n\" width=\"600\" height=\"353\" \/><figcaption id=\"caption-attachment-15345\" class=\"wp-caption-text\">Timer thi\u1ebft k\u1ebf d\u1ea1ng thanh ray ti\u1ec7n l\u1ee3i c\u00f3 th\u1ec3 l\u1eafp trong t\u1ee7 \u0111i\u1ec7n<\/figcaption><\/figure>\n<h2><span class=\"ez-toc-section\" id=\"VI_SAO_NEN_CHON_MUA_HEN_GIO_DIEN_TU_KAWASAN\"><\/span><strong>V\u00cc SAO N\u00caN CH\u1eccN MUA H\u1eb8N GI\u1edc \u0110I\u1ec6N T\u1eec KAWASAN?<\/strong><span class=\"ez-toc-section-end\"><\/span><\/h2>\n<ul>\n<li>Kawasan l\u00e0 nh\u00e3n hi\u1ec7u chuy\u00ean v\u1ec1 c\u00e1c thi\u1ebft b\u1ecb th\u00f4ng minh. Trong \u0111\u00f3 thi\u1ebft b\u1ecb <a href=\"https:\/\/kawasan.vn\/en\/product-category\/hen-gio\/\" target=\"_blank\" rel=\"noopener\">h\u1eb9n gi\u1edd<\/a>\u00a0\u0111\u00e3 c\u00f3 m\u1eb7t tr\u00ean th\u1ecb tr\u01b0\u1eddng g\u1ea7n 15 n\u0103m t\u1ea1i Vi\u1ec7t Nam. \u0110\u1ed3ng th\u1eddi nh\u00e3n hi\u1ec7u KAWASAN \u0111\u00e3 c\u00f3 \u0111\u0103ng k\u00fd b\u1ea3o h\u1ed9 nh\u00e3n hi\u1ec7u t\u1ea1i Vi\u1ec7t Nam.<\/li>\n<li>S\u1ea3n ph\u1ea9m \u0111\u01b0\u1ee3c nghi\u00ean c\u1ee9u v\u00e0 ph\u00e1t tri\u1ec3n d\u1ef1a tr\u00ean nhu c\u1ea7u c\u1ee7a ng\u01b0\u1eddi d\u00f9ng Vi\u1ec7t Nam. Nh\u1eb1m gi\u1ea3i quy\u1ebft t\u00f4i \u0111a nhu c\u1ea7u c\u1ee7a qu\u00fd kh\u00e1ch h\u00e0ng, m\u1ed9t c\u00e1ch t\u1ed1t nh\u1ea5t. Ch\u1ea5t l\u01b0\u1ee3ng Timer h\u1eb9n gi\u1edd,\u0111\u01b0\u1ee3c c\u00f4ng ty \u0111\u1ea7u t\u01b0 nghi\u00ean c\u1ee9u v\u00e0 c\u1ea3i ti\u1ebfn li\u00ean t\u1ee5c. N\u00ean qu\u00fd kh\u00e1ch h\u00e0ng c\u00f3 th\u1ec3 ho\u00e0n to\u00e0n tin t\u01b0\u1edfng ch\u00fang t\u00f4i.<\/li>\n<li>H\u1ec7 th\u1ed1ng ph\u00e2n ph\u1ed1i v\u00e0 \u0111\u1ea1i l\u00fd tr\u1ea3i d\u00e0i tr\u00ean to\u00e0n qu\u1ed1c. \u0110\u1ed9i ng\u0169 t\u01b0 v\u1ea5n b\u00e1n h\u00e0ng v\u00e0 k\u1ef9 thu\u1eadt h\u1ed7 tr\u1ee3 nhanh ch\u00f3ng v\u00e0 k\u1ecbp th\u1eddi qua s\u1ed1 Hotline c\u00f4ng ty: 1800.0058.<\/li>\n<li>Th\u00f4ng tin in b\u1eb1ng ti\u1ebfng Vi\u1ec7t gi\u00fap ng\u01b0\u1eddi d\u00f9ng d\u1ec5 s\u1eed d\u1ee5ng v\u00e0 c\u00e0i \u0111\u1eb7t.<\/li>\n<\/ul>","protected":false},"excerpt":{"rendered":"<p>Nh\u00e0 s\u1ea3n xu\u1ea5t: KawasanM\u00e3 s\u1ea3n ph\u1ea9m: TS18ST\u00ecnh tr\u1ea1ng:C\u00f2n h\u00e0ng<\/p>","protected":false},"featured_media":15342,"comment_status":"open","ping_status":"closed","template":"","meta":{"_yoast_wpseo_focuskw":"H\u1eb9n gi\u1edd \u0111i\u1ec7n t\u1eed","_yoast_wpseo_metadesc":"C\u00f4ng t\u1eafc h\u1eb9n gi\u1edd \u0111i\u1ec7n t\u1eed TS18S c\u00f3 36 l\u1ea7n ON\/ OFF trong kho\u1ea3ng th\u1eddi gian t\u1eeb 1s -99s. Thi\u1ebft k\u1ebf m\u00e0n h\u00ecnh LCD \u0111\u1eb9p m\u1eaft, hi\u1ec3n th\u1ecb th\u1eddi gian r\u00f5 r\u00e0ng","_yoast_wpseo_focuskeywords":"","_yoast_wpseo_keyword_synonyms":""},"product_cat":[511,82,85],"product_tag":[1149,1157,1161,1150,1143,516,1153,1146,1145,963,1154,1158,518,1159,1144,1148,1156,590,559,589,1151,517,1152,1155,1160,1147],"class_list":["post-6600","product","type-product","status-publish","has-post-thumbnail","hentry","product_cat-cong-tac-hen-gio","product_cat-hen-gio","product_cat-hang-khuyen-mai-soc","product_tag-bo-cong-tac-hen-gio","product_tag-bo-hen-gio-tuoi-cay","product_tag-bo-hen-gio-tuoi-cay-dung-pin","product_tag-bo-hen-gio-tuoi-cay-tu-dong","product_tag-cong-tac-dien-hen-gio","product_tag-cong-tac-hen-gio","product_tag-cong-tac-hen-gio-bat-tat-thiet-bi","product_tag-cong-tac-hen-gio-co","product_tag-cong-tac-hen-gio-dien-tu","product_tag-cong-tac-hen-gio-kawasan","product_tag-cong-tac-hen-gio-tat-bat","product_tag-cong-tac-hen-gio-tu-dong","product_tag-hen-gio-dien-tu","product_tag-hen-gio-kawasan","product_tag-hen-gio-tuoi","product_tag-hen-gio-tuoi-cay","product_tag-kawasan-timer","product_tag-o-cam-dien-hen-gio","product_tag-o-cam-hen-gio","product_tag-o-cam-hen-gio-dien-tu","product_tag-o-cam-hen-gio-kawasan","product_tag-timer-hen-gio","product_tag-timer-hen-gio-tuoi-cay","product_tag-timer-kawasan","product_tag-van-hen-gio-tuoi-cay","product_tag-van-tuoi-nuoc-hen-gio"],"acf":[],"yoast_head":"<!-- This site is optimized with the Yoast SEO Premium plugin v24.9 (Yoast SEO v24.9) - https:\/\/yoast.com\/wordpress\/plugins\/seo\/ -->\n<title>C\u00f4ng T\u1eafc H\u1eb9n Gi\u1edd \u0110i\u1ec7n T\u1eed Kawasan TS18S - Kawasan<\/title>\n<meta name=\"description\" content=\"C\u00f4ng t\u1eafc h\u1eb9n gi\u1edd \u0111i\u1ec7n t\u1eed TS18S c\u00f3 36 l\u1ea7n ON\/ OFF trong kho\u1ea3ng th\u1eddi gian t\u1eeb 1s -99s. Thi\u1ebft k\u1ebf m\u00e0n h\u00ecnh LCD \u0111\u1eb9p m\u1eaft, hi\u1ec3n th\u1ecb th\u1eddi gian r\u00f5 r\u00e0ng\" \/>\n<meta name=\"robots\" content=\"index, follow, max-snippet:-1, max-image-preview:large, max-video-preview:-1\" \/>\n<link rel=\"canonical\" href=\"https:\/\/kawasan.vn\/en\/product\/cong-tac-hen-gio-dien-tu-kawasan-ts18s\/\" \/>\n<meta property=\"og:locale\" content=\"en_US\" \/>\n<meta property=\"og:type\" content=\"article\" \/>\n<meta property=\"og:title\" content=\"C\u00f4ng T\u1eafc H\u1eb9n Gi\u1edd \u0110i\u1ec7n T\u1eed Kawasan TS18S\" \/>\n<meta property=\"og:description\" content=\"C\u00f4ng t\u1eafc h\u1eb9n gi\u1edd \u0111i\u1ec7n t\u1eed TS18S c\u00f3 36 l\u1ea7n ON\/ OFF trong kho\u1ea3ng th\u1eddi gian t\u1eeb 1s -99s. Thi\u1ebft k\u1ebf m\u00e0n h\u00ecnh LCD \u0111\u1eb9p m\u1eaft, hi\u1ec3n th\u1ecb th\u1eddi gian r\u00f5 r\u00e0ng\" \/>\n<meta property=\"og:url\" content=\"https:\/\/kawasan.vn\/en\/product\/cong-tac-hen-gio-dien-tu-kawasan-ts18s\/\" \/>\n<meta property=\"og:site_name\" content=\"Kawasan\" \/>\n<meta property=\"article:modified_time\" content=\"2026-03-20T08:28:11+00:00\" \/>\n<meta property=\"og:image\" content=\"https:\/\/kawasan.vn\/wp-content\/uploads\/2023\/11\/cong-tac-hen-gio-dien-tu-ts81s-1-270x270-1.jpg\" \/>\n\t<meta property=\"og:image:width\" content=\"270\" \/>\n\t<meta property=\"og:image:height\" content=\"270\" \/>\n\t<meta property=\"og:image:type\" content=\"image\/jpeg\" \/>\n<meta name=\"twitter:card\" content=\"summary_large_image\" \/>\n<meta name=\"twitter:label1\" content=\"Est. reading time\" \/>\n\t<meta name=\"twitter:data1\" content=\"4 minutes\" \/>\n<script type=\"application\/ld+json\" class=\"yoast-schema-graph\">{\"@context\":\"https:\/\/schema.org\",\"@graph\":[{\"@type\":\"WebPage\",\"@id\":\"https:\/\/kawasan.vn\/san-pham\/cong-tac-hen-gio-dien-tu-kawasan-ts18s\/\",\"url\":\"https:\/\/kawasan.vn\/san-pham\/cong-tac-hen-gio-dien-tu-kawasan-ts18s\/\",\"name\":\"C\u00f4ng T\u1eafc H\u1eb9n Gi\u1edd \u0110i\u1ec7n T\u1eed Kawasan TS18S - Kawasan\",\"isPartOf\":{\"@id\":\"https:\/\/kawasan.vn\/#website\"},\"primaryImageOfPage\":{\"@id\":\"https:\/\/kawasan.vn\/san-pham\/cong-tac-hen-gio-dien-tu-kawasan-ts18s\/#primaryimage\"},\"image\":{\"@id\":\"https:\/\/kawasan.vn\/san-pham\/cong-tac-hen-gio-dien-tu-kawasan-ts18s\/#primaryimage\"},\"thumbnailUrl\":\"https:\/\/kawasan.vn\/wp-content\/uploads\/2023\/11\/cong-tac-hen-gio-dien-tu-ts81s-1-270x270-1.jpg\",\"datePublished\":\"2023-11-17T07:02:38+00:00\",\"dateModified\":\"2026-03-20T08:28:11+00:00\",\"description\":\"C\u00f4ng t\u1eafc h\u1eb9n gi\u1edd \u0111i\u1ec7n t\u1eed TS18S c\u00f3 36 l\u1ea7n ON\/ OFF trong kho\u1ea3ng th\u1eddi gian t\u1eeb 1s -99s. Thi\u1ebft k\u1ebf m\u00e0n h\u00ecnh LCD \u0111\u1eb9p m\u1eaft, hi\u1ec3n th\u1ecb th\u1eddi gian r\u00f5 r\u00e0ng\",\"breadcrumb\":{\"@id\":\"https:\/\/kawasan.vn\/san-pham\/cong-tac-hen-gio-dien-tu-kawasan-ts18s\/#breadcrumb\"},\"inLanguage\":\"en-US\",\"potentialAction\":[{\"@type\":\"ReadAction\",\"target\":[\"https:\/\/kawasan.vn\/san-pham\/cong-tac-hen-gio-dien-tu-kawasan-ts18s\/\"]}]},{\"@type\":\"ImageObject\",\"inLanguage\":\"en-US\",\"@id\":\"https:\/\/kawasan.vn\/san-pham\/cong-tac-hen-gio-dien-tu-kawasan-ts18s\/#primaryimage\",\"url\":\"https:\/\/kawasan.vn\/wp-content\/uploads\/2023\/11\/cong-tac-hen-gio-dien-tu-ts81s-1-270x270-1.jpg\",\"contentUrl\":\"https:\/\/kawasan.vn\/wp-content\/uploads\/2023\/11\/cong-tac-hen-gio-dien-tu-ts81s-1-270x270-1.jpg\",\"width\":270,\"height\":270},{\"@type\":\"BreadcrumbList\",\"@id\":\"https:\/\/kawasan.vn\/san-pham\/cong-tac-hen-gio-dien-tu-kawasan-ts18s\/#breadcrumb\",\"itemListElement\":[{\"@type\":\"ListItem\",\"position\":1,\"name\":\"Trang ch\u1ee7\",\"item\":\"https:\/\/kawasan.vn\/\"},{\"@type\":\"ListItem\",\"position\":2,\"name\":\"S\u1ea3n ph\u1ea9m\",\"item\":\"https:\/\/kawasan.vn\/san-pham\/\"},{\"@type\":\"ListItem\",\"position\":3,\"name\":\"C\u00f4ng T\u1eafc H\u1eb9n Gi\u1edd \u0110i\u1ec7n T\u1eed Kawasan TS18S\"}]},{\"@type\":\"WebSite\",\"@id\":\"https:\/\/kawasan.vn\/#website\",\"url\":\"https:\/\/kawasan.vn\/\",\"name\":\"Kawasan\",\"description\":\"\",\"potentialAction\":[{\"@type\":\"SearchAction\",\"target\":{\"@type\":\"EntryPoint\",\"urlTemplate\":\"https:\/\/kawasan.vn\/?s={search_term_string}\"},\"query-input\":{\"@type\":\"PropertyValueSpecification\",\"valueRequired\":true,\"valueName\":\"search_term_string\"}}],\"inLanguage\":\"en-US\"}]}<\/script>\n<!-- \/ Yoast SEO Premium plugin. -->","yoast_head_json":{"title":"C\u00f4ng T\u1eafc H\u1eb9n Gi\u1edd \u0110i\u1ec7n T\u1eed Kawasan TS18S - Kawasan","description":"C\u00f4ng t\u1eafc h\u1eb9n gi\u1edd \u0111i\u1ec7n t\u1eed TS18S c\u00f3 36 l\u1ea7n ON\/ OFF trong kho\u1ea3ng th\u1eddi gian t\u1eeb 1s -99s. Thi\u1ebft k\u1ebf m\u00e0n h\u00ecnh LCD \u0111\u1eb9p m\u1eaft, hi\u1ec3n th\u1ecb th\u1eddi gian r\u00f5 r\u00e0ng","robots":{"index":"index","follow":"follow","max-snippet":"max-snippet:-1","max-image-preview":"max-image-preview:large","max-video-preview":"max-video-preview:-1"},"canonical":"https:\/\/kawasan.vn\/en\/product\/cong-tac-hen-gio-dien-tu-kawasan-ts18s\/","og_locale":"en_US","og_type":"article","og_title":"C\u00f4ng T\u1eafc H\u1eb9n Gi\u1edd \u0110i\u1ec7n T\u1eed Kawasan TS18S","og_description":"C\u00f4ng t\u1eafc h\u1eb9n gi\u1edd \u0111i\u1ec7n t\u1eed TS18S c\u00f3 36 l\u1ea7n ON\/ OFF trong kho\u1ea3ng th\u1eddi gian t\u1eeb 1s -99s. Thi\u1ebft k\u1ebf m\u00e0n h\u00ecnh LCD \u0111\u1eb9p m\u1eaft, hi\u1ec3n th\u1ecb th\u1eddi gian r\u00f5 r\u00e0ng","og_url":"https:\/\/kawasan.vn\/en\/product\/cong-tac-hen-gio-dien-tu-kawasan-ts18s\/","og_site_name":"Kawasan","article_modified_time":"2026-03-20T08:28:11+00:00","og_image":[{"width":270,"height":270,"url":"https:\/\/kawasan.vn\/wp-content\/uploads\/2023\/11\/cong-tac-hen-gio-dien-tu-ts81s-1-270x270-1.jpg","type":"image\/jpeg"}],"twitter_card":"summary_large_image","twitter_misc":{"Est. reading time":"4 minutes"},"schema":{"@context":"https:\/\/schema.org","@graph":[{"@type":"WebPage","@id":"https:\/\/kawasan.vn\/san-pham\/cong-tac-hen-gio-dien-tu-kawasan-ts18s\/","url":"https:\/\/kawasan.vn\/san-pham\/cong-tac-hen-gio-dien-tu-kawasan-ts18s\/","name":"C\u00f4ng T\u1eafc H\u1eb9n Gi\u1edd \u0110i\u1ec7n T\u1eed Kawasan TS18S - Kawasan","isPartOf":{"@id":"https:\/\/kawasan.vn\/#website"},"primaryImageOfPage":{"@id":"https:\/\/kawasan.vn\/san-pham\/cong-tac-hen-gio-dien-tu-kawasan-ts18s\/#primaryimage"},"image":{"@id":"https:\/\/kawasan.vn\/san-pham\/cong-tac-hen-gio-dien-tu-kawasan-ts18s\/#primaryimage"},"thumbnailUrl":"https:\/\/kawasan.vn\/wp-content\/uploads\/2023\/11\/cong-tac-hen-gio-dien-tu-ts81s-1-270x270-1.jpg","datePublished":"2023-11-17T07:02:38+00:00","dateModified":"2026-03-20T08:28:11+00:00","description":"C\u00f4ng t\u1eafc h\u1eb9n gi\u1edd \u0111i\u1ec7n t\u1eed TS18S c\u00f3 36 l\u1ea7n ON\/ OFF trong kho\u1ea3ng th\u1eddi gian t\u1eeb 1s -99s. Thi\u1ebft k\u1ebf m\u00e0n h\u00ecnh LCD \u0111\u1eb9p m\u1eaft, hi\u1ec3n th\u1ecb th\u1eddi gian r\u00f5 r\u00e0ng","breadcrumb":{"@id":"https:\/\/kawasan.vn\/san-pham\/cong-tac-hen-gio-dien-tu-kawasan-ts18s\/#breadcrumb"},"inLanguage":"en-US","potentialAction":[{"@type":"ReadAction","target":["https:\/\/kawasan.vn\/san-pham\/cong-tac-hen-gio-dien-tu-kawasan-ts18s\/"]}]},{"@type":"ImageObject","inLanguage":"en-US","@id":"https:\/\/kawasan.vn\/san-pham\/cong-tac-hen-gio-dien-tu-kawasan-ts18s\/#primaryimage","url":"https:\/\/kawasan.vn\/wp-content\/uploads\/2023\/11\/cong-tac-hen-gio-dien-tu-ts81s-1-270x270-1.jpg","contentUrl":"https:\/\/kawasan.vn\/wp-content\/uploads\/2023\/11\/cong-tac-hen-gio-dien-tu-ts81s-1-270x270-1.jpg","width":270,"height":270},{"@type":"BreadcrumbList","@id":"https:\/\/kawasan.vn\/san-pham\/cong-tac-hen-gio-dien-tu-kawasan-ts18s\/#breadcrumb","itemListElement":[{"@type":"ListItem","position":1,"name":"Trang ch\u1ee7","item":"https:\/\/kawasan.vn\/"},{"@type":"ListItem","position":2,"name":"S\u1ea3n ph\u1ea9m","item":"https:\/\/kawasan.vn\/san-pham\/"},{"@type":"ListItem","position":3,"name":"C\u00f4ng T\u1eafc H\u1eb9n Gi\u1edd \u0110i\u1ec7n T\u1eed Kawasan TS18S"}]},{"@type":"WebSite","@id":"https:\/\/kawasan.vn\/#website","url":"https:\/\/kawasan.vn\/","name":"Kawasan","description":"","potentialAction":[{"@type":"SearchAction","target":{"@type":"EntryPoint","urlTemplate":"https:\/\/kawasan.vn\/?s={search_term_string}"},"query-input":{"@type":"PropertyValueSpecification","valueRequired":true,"valueName":"search_term_string"}}],"inLanguage":"en-US"}]}},"_links":{"self":[{"href":"https:\/\/kawasan.vn\/en\/wp-json\/wp\/v2\/product\/6600","targetHints":{"allow":["GET"]}}],"collection":[{"href":"https:\/\/kawasan.vn\/en\/wp-json\/wp\/v2\/product"}],"about":[{"href":"https:\/\/kawasan.vn\/en\/wp-json\/wp\/v2\/types\/product"}],"replies":[{"embeddable":true,"href":"https:\/\/kawasan.vn\/en\/wp-json\/wp\/v2\/comments?post=6600"}],"version-history":[{"count":3,"href":"https:\/\/kawasan.vn\/en\/wp-json\/wp\/v2\/product\/6600\/revisions"}],"predecessor-version":[{"id":25649,"href":"https:\/\/kawasan.vn\/en\/wp-json\/wp\/v2\/product\/6600\/revisions\/25649"}],"wp:featuredmedia":[{"embeddable":true,"href":"https:\/\/kawasan.vn\/en\/wp-json\/wp\/v2\/media\/15342"}],"wp:attachment":[{"href":"https:\/\/kawasan.vn\/en\/wp-json\/wp\/v2\/media?parent=6600"}],"wp:term":[{"taxonomy":"product_cat","embeddable":true,"href":"https:\/\/kawasan.vn\/en\/wp-json\/wp\/v2\/product_cat?post=6600"},{"taxonomy":"product_tag","embeddable":true,"href":"https:\/\/kawasan.vn\/en\/wp-json\/wp\/v2\/product_tag?post=6600"}],"curies":[{"name":"wp","href":"https:\/\/api.w.org\/{rel}","templated":true}]}}