{"id":6596,"date":"2023-11-17T07:02:26","date_gmt":"2023-11-17T07:02:26","guid":{"rendered":"https:\/\/kawasan.123websitedev.com\/product\/o-cam-hen-gio-dien-tu-kw-tge2e\/"},"modified":"2025-12-16T14:47:41","modified_gmt":"2025-12-16T07:47:41","slug":"o-cam-hen-gio-dien-tu-kw-tge2e","status":"publish","type":"product","link":"https:\/\/kawasan.vn\/en\/product\/o-cam-hen-gio-dien-tu-kw-tge2e\/","title":{"rendered":"KW-TGE2E Electronic Timer Socket"},"content":{"rendered":"<h2><span class=\"ez-toc-section\" id=\"O_CAM_HEN_GIO_DANG_KY_THUAT_SO_TGE2E\"><\/span><strong>\u1ed4 C\u1eaeM H\u1eb8N GI\u1edc D\u1ea0NG K\u1ef8 THU\u1eacT S\u1ed0 TGE2E<\/strong><span class=\"ez-toc-section-end\"><\/span><\/h2><div id=\"ez-toc-container\" class=\"ez-toc-v2_0_69_1 counter-hierarchy ez-toc-counter ez-toc-grey ez-toc-container-direction\">\n<div class=\"ez-toc-title-container\">\n<p class=\"ez-toc-title\" >N\u1ed9i Dung B&agrave;i Vi\u1ebft<\/p>\n<span class=\"ez-toc-title-toggle\"><a href=\"#\" class=\"ez-toc-pull-right ez-toc-btn ez-toc-btn-xs ez-toc-btn-default ez-toc-toggle\" aria-label=\"Toggle Table of Content\"><span class=\"ez-toc-js-icon-con\"><span class=\"\"><span class=\"eztoc-hide\" style=\"display:none;\">Toggle<\/span><span class=\"ez-toc-icon-toggle-span\"><svg style=\"fill: #999;color:#999\" xmlns=\"http:\/\/www.w3.org\/2000\/svg\" class=\"list-377408\" width=\"20px\" height=\"20px\" viewbox=\"0 0 24 24\" fill=\"none\"><path d=\"M6 6H4v2h2V6zm14 0H8v2h12V6zM4 11h2v2H4v-2zm16 0H8v2h12v-2zM4 16h2v2H4v-2zm16 0H8v2h12v-2z\" fill=\"currentColor\"><\/path><\/svg><svg style=\"fill: #999;color:#999\" class=\"arrow-unsorted-368013\" xmlns=\"http:\/\/www.w3.org\/2000\/svg\" width=\"10px\" height=\"10px\" viewbox=\"0 0 24 24\" version=\"1.2\" baseprofile=\"tiny\"><path d=\"M18.2 9.3l-6.2-6.3-6.2 6.3c-.2.2-.3.4-.3.7s.1.5.3.7c.2.2.4.3.7.3h11c.3 0 .5-.1.7-.3.2-.2.3-.5.3-.7s-.1-.5-.3-.7zM5.8 14.7l6.2 6.3 6.2-6.3c.2-.2.3-.5.3-.7s-.1-.5-.3-.7c-.2-.2-.4-.3-.7-.3h-11c-.3 0-.5.1-.7.3-.2.2-.3.5-.3.7s.1.5.3.7z\"\/><\/svg><\/span><\/span><\/span><\/a><\/span><\/div>\n<nav><ul class='ez-toc-list ez-toc-list-level-1 eztoc-toggle-hide-by-default' ><li class='ez-toc-page-1 ez-toc-heading-level-2'><a class=\"ez-toc-link ez-toc-heading-1\" href=\"https:\/\/kawasan.vn\/en\/product\/o-cam-hen-gio-dien-tu-kw-tge2e\/#O_CAM_HEN_GIO_DANG_KY_THUAT_SO_TGE2E\" title=\"\u1ed4 C\u1eaeM H\u1eb8N GI\u1edc D\u1ea0NG K\u1ef8 THU\u1eacT S\u1ed0 TGE2E\">\u1ed4 C\u1eaeM H\u1eb8N GI\u1edc D\u1ea0NG K\u1ef8 THU\u1eacT S\u1ed0 TGE2E<\/a><\/li><li class='ez-toc-page-1 ez-toc-heading-level-2'><a class=\"ez-toc-link ez-toc-heading-2\" href=\"https:\/\/kawasan.vn\/en\/product\/o-cam-hen-gio-dien-tu-kw-tge2e\/#HEN_GIO_DIEN_TU_THUONG_DUOC_UNG_DUNG_RONG_RAI_NHIEU_KHU_VUC\" title=\"H\u1eb8N GI\u1edc \u0110I\u1ec6N T\u1eec TH\u01af\u1edcNG \u0110\u01af\u1ee2C \u1ee8NG D\u1ee4NG R\u1ed8NG R\u00c3I NHI\u1ec0U KHU V\u1ef0C\">H\u1eb8N GI\u1edc \u0110I\u1ec6N T\u1eec TH\u01af\u1edcNG \u0110\u01af\u1ee2C \u1ee8NG D\u1ee4NG R\u1ed8NG R\u00c3I NHI\u1ec0U KHU V\u1ef0C<\/a><\/li><li class='ez-toc-page-1 ez-toc-heading-level-2'><a class=\"ez-toc-link ez-toc-heading-3\" href=\"https:\/\/kawasan.vn\/en\/product\/o-cam-hen-gio-dien-tu-kw-tge2e\/#TIMER_HEN_GIO_DIEN_TU_TGE2E_MANG_DEN_NHIEU_LOI_ICH\" title=\"TIMER H\u1eb8N GI\u1edc \u0110I\u1ec6N T\u1eec TGE2E MANG \u0110\u1ebeN NHI\u1ec0U L\u1ee2I \u00cdCH\">TIMER H\u1eb8N GI\u1edc \u0110I\u1ec6N T\u1eec TGE2E MANG \u0110\u1ebeN NHI\u1ec0U L\u1ee2I \u00cdCH<\/a><\/li><li class='ez-toc-page-1 ez-toc-heading-level-2'><a class=\"ez-toc-link ez-toc-heading-4\" href=\"https:\/\/kawasan.vn\/en\/product\/o-cam-hen-gio-dien-tu-kw-tge2e\/#TAI_SAO_BAN_NEN_DUNG_O_CAM_HEN_GIO_KAWASAN\" title=\"T\u1ea0I SAO B\u1ea0N N\u00caN D\u00d9NG \u1ed4 C\u1eaeM H\u1eb8N GI\u1edc KAWASAN\">T\u1ea0I SAO B\u1ea0N N\u00caN D\u00d9NG \u1ed4 C\u1eaeM H\u1eb8N GI\u1edc KAWASAN<\/a><\/li><\/ul><\/nav><\/div>\n\n<ul>\n<li>\u1ed4 c\u1eafm h\u1eb9n gi\u1edd TGE2E c\u00e0i \u0111\u1eb7t h\u1eb9n gi\u1edd t\u1ed1i thi\u1ec3u 1 ph\u00fat v\u00e0 c\u00f3\u00a020 chu k\u1ef3\u00a0t\u1eaft- m\u1edf.<\/li>\n<li>Thi\u1ebft k\u1ebf d\u1ea1ng \u1ed5 c\u1eafm, ti\u1ec7n l\u1ee3i d\u00f9ng cho nhi\u1ec1u thi\u1ebft b\u1ecb kh\u00e1c nhau trong gia \u0111\u00ecnh.<\/li>\n<li>C\u00f3 pin d\u1ef1 tr\u1eef 150h, n\u1ebfu khi c\u00fap \u0111i\u1ec7n ho\u1eb7c m\u1ea5t ngu\u1ed3n th\u00ec ch\u01b0\u01a1ng tr\u00ecnh kh\u00f4ng b\u1ecb m\u1ea5t. C\u00f3 th\u1ec3 s\u1ea1c l\u1ea1i, sau khi s\u1ea1c l\u1ea1i ph\u1ea3i b\u1ea5m n\u00fat Reset \u0111\u1ec3 kh\u1edfi \u0111\u1ed9ng.<\/li>\n<li>C\u00f4ng su\u1ea5t t\u1ea3i (16A), cho ph\u00e9p l\u00e0m vi\u1ec7c tr\u1ef1c ti\u1ebfp t\u1ed1i \u0111a c\u00e1c thi\u1ebft b\u1ecb c\u00f4ng su\u1ea5t &lt;300W. N\u1ebfu d\u00f9ng thi\u1ebft b\u1ecb c\u00f4ng su\u1ea5t l\u1edbn, n\u00ean l\u1eafp th\u00eam kh\u1edfi \u0111\u1ed9ng t\u1eeb \u0111\u1ec3 tr\u00e1nh qu\u00e1 t\u1ea3i.<\/li>\n<\/ul>\n<figure id=\"attachment_15087\" aria-describedby=\"caption-attachment-15087\" style=\"width: 600px\" class=\"wp-caption aligncenter\"><img loading=\"lazy\" decoding=\"async\" class=\"wp-image-15087\" title=\"\u1ed4 c\u1eafm h\u1eb9n gi\u1edd \u0111i\u1ec7n t\u1eed TGE2E Kawasan\" src=\"https:\/\/kawasan.vn\/wp-content\/uploads\/2023\/11\/o-cam-hen-gio-dien-tu-tge2e20.jpg\" alt=\"\u1ed4 c\u1eafm h\u1eb9n gi\u1edd \u0111i\u1ec7n t\u1eed TGE2E Kawasan\" width=\"600\" height=\"600\" srcset=\"https:\/\/kawasan.vn\/wp-content\/uploads\/2023\/11\/o-cam-hen-gio-dien-tu-tge2e20.jpg 600w, https:\/\/kawasan.vn\/wp-content\/uploads\/2023\/11\/o-cam-hen-gio-dien-tu-tge2e20-400x400.jpg 400w\" sizes=\"auto, (max-width: 600px) 100vw, 600px\" \/><figcaption id=\"caption-attachment-15087\" class=\"wp-caption-text\">\u1ed4 c\u1eafm h\u1eb9n gi\u1edd \u0111i\u1ec7n t\u1eed TGE2E Kawasan<\/figcaption><\/figure>\n<h2><span class=\"ez-toc-section\" id=\"HEN_GIO_DIEN_TU_THUONG_DUOC_UNG_DUNG_RONG_RAI_NHIEU_KHU_VUC\"><\/span><strong>H\u1eb8N GI\u1edc \u0110I\u1ec6N T\u1eec TH\u01af\u1edcNG \u0110\u01af\u1ee2C \u1ee8NG D\u1ee4NG R\u1ed8NG R\u00c3I NHI\u1ec0U KHU V\u1ef0C<\/strong><span class=\"ez-toc-section-end\"><\/span><\/h2>\n<ul>\n<li>C\u00e0i \u0111\u1eb7t th\u1eddi gian m\u1edf van \u0111i\u1ec7n t\u1eeb cho h\u1ec7 th\u1ed1ng t\u01b0\u1edbi c\u00e2y t\u1ef1 \u0111\u1ed9ng cho gia \u0111\u00ecnh, bi\u1ec7t th\u1ef1, nh\u00e0 v\u01b0\u1eddn&#8230;<\/li>\n<li><a href=\"https:\/\/kawasan.vn\/en\/product-category\/hen-gio\/\" target=\"_blank\" rel=\"noopener\">H\u1eb9n gi\u1edd<\/a> b\u01a1m n\u01b0\u1edbc v\u00e0o l\u00fac n\u1eeda \u0111\u00eam (ch\u00fa \u00fd ch\u1ec9 d\u00f9ng tr\u1ef1c ti\u1ebfp cho b\u01a1m t\u1ed1i \u0111a 300w, n\u1ebfu\u00a0 l\u1edbn h\u01a1n ph\u1ea3i qua b\u1ed9 Kh\u1edfi \u0110\u1ed9ng T\u1eeb)<\/li>\n<li>C\u00e0i \u0111\u1eb7t th\u1eddi gian t\u1eaft, m\u1edf \u0111\u00e8n b\u1ea3ng hi\u1ec7u t\u1ea1i c\u1eeda h\u00e0ng, shop, ban c\u00f4ng&#8230;<\/li>\n<\/ul>\n<figure id=\"attachment_15083\" aria-describedby=\"caption-attachment-15083\" style=\"width: 600px\" class=\"wp-caption aligncenter\"><img loading=\"lazy\" decoding=\"async\" class=\"wp-image-15083\" title=\"\u0110\u01b0\u1ee3c \u1ee9ng d\u1ee5ng r\u1ed9ng r\u00e3i cho nhi\u1ec1u thi\u1ebft b\u1ecb kh\u00e1c nhau\" src=\"https:\/\/kawasan.vn\/wp-content\/uploads\/2023\/11\/o-cam-hen-gio-dien-tu-tge2e-21.jpg\" alt=\"\u0110\u01b0\u1ee3c \u1ee9ng d\u1ee5ng r\u1ed9ng r\u00e3i cho nhi\u1ec1u thi\u1ebft b\u1ecb kh\u00e1c nhau\" width=\"600\" height=\"315\" \/><figcaption id=\"caption-attachment-15083\" class=\"wp-caption-text\">\u0110\u01b0\u1ee3c \u1ee9ng d\u1ee5ng r\u1ed9ng r\u00e3i cho nhi\u1ec1u thi\u1ebft b\u1ecb kh\u00e1c nhau<\/figcaption><\/figure>\n<ul>\n<li>C\u00e0i \u0111\u1eb7t th\u1eddi gian ho\u1ea1t \u0111\u1ed9ng cho b\u00ecnh n\u01b0\u1edbc n\u00f3ng-l\u1ea1nh, khi ngo\u00e0i gi\u1edd l\u00e0m vi\u1ec7c th\u00ec t\u1eaft \u0111\u1ec3 b\u1ea3o v\u1ec7 thi\u1ebft b\u1ecb v\u00e0 ti\u1ebft ki\u1ec7m \u0111i\u1ec7n<\/li>\n<li>H\u1eb9n gi\u1edd cho c\u00e1c thi\u1ebft b\u1ecb gia \u0111\u00ecnh nh\u01b0 Tivi, \u0110\u1ea7u M\u00e1y, Radio&#8230; (b\u1edfi v\u00ec khi t\u1eaft b\u1eb1ng remote th\u00ec ngu\u1ed3n \u0111i\u1ec7n v\u1eabn c\u00f2n,\u00a0l\u00e0m hao ph\u00ed \u0111i\u1ec7n n\u0103ng, tr\u00e1nh t\u00ecnh tr\u1ea1ng ch\u00e1y n\u1ed5 khi c\u00f3 s\u1ea5m x\u00e9t, ch\u1eadp \u0111i\u1ec7n&#8230;)<\/li>\n<\/ul>\n<figure id=\"attachment_15085\" aria-describedby=\"caption-attachment-15085\" style=\"width: 600px\" class=\"wp-caption aligncenter\"><img loading=\"lazy\" decoding=\"async\" class=\"wp-image-15085\" title=\"H\u1eb9n gi\u1edd b\u1eadt - t\u1eaft cho c\u00e1c thi\u1ebft b\u1ecb \u0111i\u1ec7n gia d\u1ee5ng trong gia \u0111\u00ecnh\" src=\"https:\/\/kawasan.vn\/wp-content\/uploads\/2023\/11\/o-cam-hen-gio-dien-tu-tge2e-23.jpg\" alt=\"H\u1eb9n gi\u1edd b\u1eadt - t\u1eaft cho c\u00e1c thi\u1ebft b\u1ecb \u0111i\u1ec7n gia d\u1ee5ng trong gia \u0111\u00ecnh\" width=\"600\" height=\"408\" srcset=\"https:\/\/kawasan.vn\/wp-content\/uploads\/2023\/11\/o-cam-hen-gio-dien-tu-tge2e-23.jpg 575w, https:\/\/kawasan.vn\/wp-content\/uploads\/2023\/11\/o-cam-hen-gio-dien-tu-tge2e-23-400x272.jpg 400w\" sizes=\"auto, (max-width: 600px) 100vw, 600px\" \/><figcaption id=\"caption-attachment-15085\" class=\"wp-caption-text\">H\u1eb9n gi\u1edd b\u1eadt &#8211; t\u1eaft cho c\u00e1c thi\u1ebft b\u1ecb \u0111i\u1ec7n gia d\u1ee5ng trong gia \u0111\u00ecnh<\/figcaption><\/figure>\n<h2><span class=\"ez-toc-section\" id=\"TIMER_HEN_GIO_DIEN_TU_TGE2E_MANG_DEN_NHIEU_LOI_ICH\"><\/span><strong>TIMER H\u1eb8N GI\u1edc \u0110I\u1ec6N T\u1eec TGE2E MANG \u0110\u1ebeN NHI\u1ec0U L\u1ee2I \u00cdCH<\/strong><span class=\"ez-toc-section-end\"><\/span><\/h2>\n<ul>\n<li>Save time because you don&#039;t have to wait or monitor to turn on and off pumps, lights... because there is an automatic timer to work<\/li>\n<li>Ti\u1ebft ki\u1ec7m \u0111i\u1ec7n n\u0103ng hi\u1ec7u qu\u1ea3, tr\u00e1nh tr\u01b0\u1eddng h\u1ee3p ng\u01b0\u1eddi s\u1eed d\u1ee5ng qu\u00ean t\u1eaft \u0111i\u1ec7n<\/li>\n<li>Ti\u1ec7n nghi cho ng\u01b0\u1eddi s\u1eed d\u1ee5ng v\u00ec kh\u00f4ng c\u1ea7n nh\u1edb ho\u1eb7c t\u1eaft\/ m\u1edf c\u00e1c c\u00f4ng t\u1eafc, thi\u1ebft b\u1ecb \u0111i\u1ec7n b\u1eb1ng tay<\/li>\n<li>Safe for users because there is no chance of the pump or light bulb working too long, causing it to overheat and cause an overload, leading to a fire or explosion.<\/li>\n<\/ul>\n<h2><span class=\"ez-toc-section\" id=\"TAI_SAO_BAN_NEN_DUNG_O_CAM_HEN_GIO_KAWASAN\"><\/span><strong>T\u1ea0I SAO B\u1ea0N N\u00caN D\u00d9NG \u1ed4 C\u1eaeM H\u1eb8N GI\u1edc KAWASAN<\/strong><span class=\"ez-toc-section-end\"><\/span><\/h2>\n<p>Kawasan l\u00e0 th\u01b0\u01a1ng hi\u1ec7u uy t\u00edn, \u0111\u00e3 c\u00f3 m\u1eb7t tr\u00ean th\u1ecb tr\u01b0\u1eddng nhi\u1ec1u n\u0103m. Chuy\u00ean cung c\u1ea5p c\u00e1c lo\u1ea1i \u1ed5 c\u1eafm h\u1eb9n gi\u1edd c\u01a1, \u1ed5 c\u1eafm h\u1eb9n gi\u1edd \u0111i\u1ec7n t\u1eed, <a href=\"https:\/\/kawasan.com.vn\/san-pham.html\/hen-gio.html\/cong-tac-hen-gio.html\" target=\"_blank\" rel=\"noopener\">c\u00f4ng t\u1eafc h\u1eb9n gi\u1edd<\/a>\u2026 \u0110\u01b0\u1ee3c ng\u01b0\u1eddi d\u00f9ng tin t\u01b0\u1edfng s\u1eed d\u1ee5ng v\u00e0 c\u00f3 h\u1ec7 th\u1ed1ng ph\u00e2n ph\u1ed1i kh\u1eafp c\u1ea3 n\u01b0\u1edbc.<\/p>\n<ul>\n<li>\u1ed4 c\u1eafm \u0111i\u1ec7n h\u1eb9n gi\u1edd TGE2E c\u00f3 \u0111\u1ed9 b\u1ec1n 5 n\u0103m, b\u1ea3o h\u00e0nh to\u00e0n qu\u1ed1c 2 n\u0103m.<\/li>\n<li>Linh ki\u1ec7n s\u1ea3n xu\u1ea5t cao c\u1ea5p, c\u00f3 kh\u1ea3 n\u0103ng ch\u1ed1ng ch\u00e1y n\u1ed5 cao an to\u00e0n cho ng\u01b0\u1eddi d\u00f9ng. Ph\u00f9 h\u1ee3p v\u1edbi th\u00f3i quen s\u1eed d\u1ee5ng c\u1ee7a ng\u01b0\u1eddi Vi\u1ec7t.<\/li>\n<li>\u0110\u1ed9i ng\u0169 t\u01b0 v\u1ea5n b\u00e1n h\u00e0ng v\u00e0 h\u1ed7 tr\u1ee3 k\u1ef9 thu\u1eadt chuy\u00ean nghi\u1ec7p. Ch\u0103m s\u00f3c v\u00e0 gi\u1ea3i \u0111\u00e1p th\u1eafc c\u1ee7a kh\u00e1ch h\u00e0ng t\u1eadn t\u00ecnh v\u00e0 nhanh ch\u00f3ng.<\/li>\n<li>Th\u00f4ng tin h\u01b0\u1edbng d\u1eabn in b\u1eb1ng ti\u1ebfng Vi\u1ec7t, gi\u00fap kh\u00e1ch h\u00e0ng d\u1ec5 s\u1eed d\u1ee5ng h\u01a1n<\/li>\n<\/ul>","protected":false},"excerpt":{"rendered":"<p>Nh\u00e0 s\u1ea3n xu\u1ea5t: KawasanM\u00e3 s\u1ea3n ph\u1ea9m: TGE2ET\u00ecnh tr\u1ea1ng:C\u00f2n h\u00e0ng<\/p>","protected":false},"featured_media":15087,"comment_status":"open","ping_status":"closed","template":"","meta":{"_yoast_wpseo_focuskw":"\u1ed5 c\u1eafm h\u1eb9n gi\u1edd","_yoast_wpseo_metadesc":"\u1ed4 c\u1eafm h\u1eb9n gi\u1edd TGE2E c\u00e0i \u0111\u1eb7t h\u1eb9n gi\u1edd t\u1ed1i thi\u1ec3u 1 ph\u00fat v\u00e0 c\u00f3 20 chu k\u1ef3 t\u1eaft- m\u1edf.. Thi\u1ebft k\u1ebf d\u1ea1ng \u1ed5 c\u1eafm, m\u00e0n h\u00ecnh hi\u1ec3n th\u1ecb LCD ti\u1ec7n d\u1ee5ng","_yoast_wpseo_focuskeywords":"","_yoast_wpseo_keyword_synonyms":""},"product_cat":[512,82],"product_tag":[1149,1157,1161,1150,1143,516,1153,1146,1145,963,1154,1158,518,1159,1144,1148,1156,590,559,589,560,1151,1152,1155,1160,1147],"class_list":["post-6596","product","type-product","status-publish","has-post-thumbnail","hentry","product_cat-o-cam-hen-gio","product_cat-hen-gio","product_tag-bo-cong-tac-hen-gio","product_tag-bo-hen-gio-tuoi-cay","product_tag-bo-hen-gio-tuoi-cay-dung-pin","product_tag-bo-hen-gio-tuoi-cay-tu-dong","product_tag-cong-tac-dien-hen-gio","product_tag-cong-tac-hen-gio","product_tag-cong-tac-hen-gio-bat-tat-thiet-bi","product_tag-cong-tac-hen-gio-co","product_tag-cong-tac-hen-gio-dien-tu","product_tag-cong-tac-hen-gio-kawasan","product_tag-cong-tac-hen-gio-tat-bat","product_tag-cong-tac-hen-gio-tu-dong","product_tag-hen-gio-dien-tu","product_tag-hen-gio-kawasan","product_tag-hen-gio-tuoi","product_tag-hen-gio-tuoi-cay","product_tag-kawasan-timer","product_tag-o-cam-dien-hen-gio","product_tag-o-cam-hen-gio","product_tag-o-cam-hen-gio-dien-tu","product_tag-o-cam-hen-gio-hen-gio-dien-tu","product_tag-o-cam-hen-gio-kawasan","product_tag-timer-hen-gio-tuoi-cay","product_tag-timer-kawasan","product_tag-van-hen-gio-tuoi-cay","product_tag-van-tuoi-nuoc-hen-gio"],"acf":[],"yoast_head":"<!-- This site is optimized with the Yoast SEO Premium plugin v24.9 (Yoast SEO v24.9) - https:\/\/yoast.com\/wordpress\/plugins\/seo\/ -->\n<title>\u1ed4 C\u1eafm H\u1eb9n Gi\u1edd \u0110i\u1ec7n T\u1eed KW-TGE2E - Kawasan<\/title>\n<meta name=\"description\" content=\"\u1ed4 c\u1eafm h\u1eb9n gi\u1edd TGE2E c\u00e0i \u0111\u1eb7t h\u1eb9n gi\u1edd t\u1ed1i thi\u1ec3u 1 ph\u00fat v\u00e0 c\u00f3 20 chu k\u1ef3 t\u1eaft- m\u1edf.. Thi\u1ebft k\u1ebf d\u1ea1ng \u1ed5 c\u1eafm, m\u00e0n h\u00ecnh hi\u1ec3n th\u1ecb LCD ti\u1ec7n d\u1ee5ng\" \/>\n<meta name=\"robots\" content=\"index, follow, max-snippet:-1, max-image-preview:large, max-video-preview:-1\" \/>\n<link rel=\"canonical\" href=\"https:\/\/kawasan.vn\/en\/product\/o-cam-hen-gio-dien-tu-kw-tge2e\/\" \/>\n<meta property=\"og:locale\" content=\"en_US\" \/>\n<meta property=\"og:type\" content=\"article\" \/>\n<meta property=\"og:title\" content=\"\u1ed4 C\u1eafm H\u1eb9n Gi\u1edd \u0110i\u1ec7n T\u1eed KW-TGE2E\" \/>\n<meta property=\"og:description\" content=\"\u1ed4 c\u1eafm h\u1eb9n gi\u1edd TGE2E c\u00e0i \u0111\u1eb7t h\u1eb9n gi\u1edd t\u1ed1i thi\u1ec3u 1 ph\u00fat v\u00e0 c\u00f3 20 chu k\u1ef3 t\u1eaft- m\u1edf.. Thi\u1ebft k\u1ebf d\u1ea1ng \u1ed5 c\u1eafm, m\u00e0n h\u00ecnh hi\u1ec3n th\u1ecb LCD ti\u1ec7n d\u1ee5ng\" \/>\n<meta property=\"og:url\" content=\"https:\/\/kawasan.vn\/en\/product\/o-cam-hen-gio-dien-tu-kw-tge2e\/\" \/>\n<meta property=\"og:site_name\" content=\"Kawasan\" \/>\n<meta property=\"article:modified_time\" content=\"2025-12-16T07:47:41+00:00\" \/>\n<meta property=\"og:image\" content=\"https:\/\/kawasan.vn\/wp-content\/uploads\/2023\/11\/o-cam-hen-gio-dien-tu-tge2e20.jpg\" \/>\n\t<meta property=\"og:image:width\" content=\"600\" \/>\n\t<meta property=\"og:image:height\" content=\"600\" \/>\n\t<meta property=\"og:image:type\" content=\"image\/jpeg\" \/>\n<meta name=\"twitter:card\" content=\"summary_large_image\" \/>\n<meta name=\"twitter:label1\" content=\"Est. reading time\" \/>\n\t<meta name=\"twitter:data1\" content=\"4 minutes\" \/>\n<script type=\"application\/ld+json\" class=\"yoast-schema-graph\">{\"@context\":\"https:\/\/schema.org\",\"@graph\":[{\"@type\":\"WebPage\",\"@id\":\"https:\/\/kawasan.vn\/san-pham\/o-cam-hen-gio-dien-tu-kw-tge2e\/\",\"url\":\"https:\/\/kawasan.vn\/san-pham\/o-cam-hen-gio-dien-tu-kw-tge2e\/\",\"name\":\"\u1ed4 C\u1eafm H\u1eb9n Gi\u1edd \u0110i\u1ec7n T\u1eed KW-TGE2E - Kawasan\",\"isPartOf\":{\"@id\":\"https:\/\/kawasan.vn\/#website\"},\"primaryImageOfPage\":{\"@id\":\"https:\/\/kawasan.vn\/san-pham\/o-cam-hen-gio-dien-tu-kw-tge2e\/#primaryimage\"},\"image\":{\"@id\":\"https:\/\/kawasan.vn\/san-pham\/o-cam-hen-gio-dien-tu-kw-tge2e\/#primaryimage\"},\"thumbnailUrl\":\"https:\/\/kawasan.vn\/wp-content\/uploads\/2023\/11\/o-cam-hen-gio-dien-tu-tge2e20.jpg\",\"datePublished\":\"2023-11-17T07:02:26+00:00\",\"dateModified\":\"2025-12-16T07:47:41+00:00\",\"description\":\"\u1ed4 c\u1eafm h\u1eb9n gi\u1edd TGE2E c\u00e0i \u0111\u1eb7t h\u1eb9n gi\u1edd t\u1ed1i thi\u1ec3u 1 ph\u00fat v\u00e0 c\u00f3 20 chu k\u1ef3 t\u1eaft- m\u1edf.. Thi\u1ebft k\u1ebf d\u1ea1ng \u1ed5 c\u1eafm, m\u00e0n h\u00ecnh hi\u1ec3n th\u1ecb LCD ti\u1ec7n d\u1ee5ng\",\"breadcrumb\":{\"@id\":\"https:\/\/kawasan.vn\/san-pham\/o-cam-hen-gio-dien-tu-kw-tge2e\/#breadcrumb\"},\"inLanguage\":\"en-US\",\"potentialAction\":[{\"@type\":\"ReadAction\",\"target\":[\"https:\/\/kawasan.vn\/san-pham\/o-cam-hen-gio-dien-tu-kw-tge2e\/\"]}]},{\"@type\":\"ImageObject\",\"inLanguage\":\"en-US\",\"@id\":\"https:\/\/kawasan.vn\/san-pham\/o-cam-hen-gio-dien-tu-kw-tge2e\/#primaryimage\",\"url\":\"https:\/\/kawasan.vn\/wp-content\/uploads\/2023\/11\/o-cam-hen-gio-dien-tu-tge2e20.jpg\",\"contentUrl\":\"https:\/\/kawasan.vn\/wp-content\/uploads\/2023\/11\/o-cam-hen-gio-dien-tu-tge2e20.jpg\",\"width\":600,\"height\":600},{\"@type\":\"BreadcrumbList\",\"@id\":\"https:\/\/kawasan.vn\/san-pham\/o-cam-hen-gio-dien-tu-kw-tge2e\/#breadcrumb\",\"itemListElement\":[{\"@type\":\"ListItem\",\"position\":1,\"name\":\"Trang ch\u1ee7\",\"item\":\"https:\/\/kawasan.vn\/\"},{\"@type\":\"ListItem\",\"position\":2,\"name\":\"S\u1ea3n ph\u1ea9m\",\"item\":\"https:\/\/kawasan.vn\/san-pham\/\"},{\"@type\":\"ListItem\",\"position\":3,\"name\":\"\u1ed4 C\u1eafm H\u1eb9n Gi\u1edd \u0110i\u1ec7n T\u1eed KW-TGE2E\"}]},{\"@type\":\"WebSite\",\"@id\":\"https:\/\/kawasan.vn\/#website\",\"url\":\"https:\/\/kawasan.vn\/\",\"name\":\"Kawasan\",\"description\":\"\",\"potentialAction\":[{\"@type\":\"SearchAction\",\"target\":{\"@type\":\"EntryPoint\",\"urlTemplate\":\"https:\/\/kawasan.vn\/?s={search_term_string}\"},\"query-input\":{\"@type\":\"PropertyValueSpecification\",\"valueRequired\":true,\"valueName\":\"search_term_string\"}}],\"inLanguage\":\"en-US\"}]}<\/script>\n<!-- \/ Yoast SEO Premium plugin. -->","yoast_head_json":{"title":"\u1ed4 C\u1eafm H\u1eb9n Gi\u1edd \u0110i\u1ec7n T\u1eed KW-TGE2E - Kawasan","description":"\u1ed4 c\u1eafm h\u1eb9n gi\u1edd TGE2E c\u00e0i \u0111\u1eb7t h\u1eb9n gi\u1edd t\u1ed1i thi\u1ec3u 1 ph\u00fat v\u00e0 c\u00f3 20 chu k\u1ef3 t\u1eaft- m\u1edf.. Thi\u1ebft k\u1ebf d\u1ea1ng \u1ed5 c\u1eafm, m\u00e0n h\u00ecnh hi\u1ec3n th\u1ecb LCD ti\u1ec7n d\u1ee5ng","robots":{"index":"index","follow":"follow","max-snippet":"max-snippet:-1","max-image-preview":"max-image-preview:large","max-video-preview":"max-video-preview:-1"},"canonical":"https:\/\/kawasan.vn\/en\/product\/o-cam-hen-gio-dien-tu-kw-tge2e\/","og_locale":"en_US","og_type":"article","og_title":"\u1ed4 C\u1eafm H\u1eb9n Gi\u1edd \u0110i\u1ec7n T\u1eed KW-TGE2E","og_description":"\u1ed4 c\u1eafm h\u1eb9n gi\u1edd TGE2E c\u00e0i \u0111\u1eb7t h\u1eb9n gi\u1edd t\u1ed1i thi\u1ec3u 1 ph\u00fat v\u00e0 c\u00f3 20 chu k\u1ef3 t\u1eaft- m\u1edf.. Thi\u1ebft k\u1ebf d\u1ea1ng \u1ed5 c\u1eafm, m\u00e0n h\u00ecnh hi\u1ec3n th\u1ecb LCD ti\u1ec7n d\u1ee5ng","og_url":"https:\/\/kawasan.vn\/en\/product\/o-cam-hen-gio-dien-tu-kw-tge2e\/","og_site_name":"Kawasan","article_modified_time":"2025-12-16T07:47:41+00:00","og_image":[{"width":600,"height":600,"url":"https:\/\/kawasan.vn\/wp-content\/uploads\/2023\/11\/o-cam-hen-gio-dien-tu-tge2e20.jpg","type":"image\/jpeg"}],"twitter_card":"summary_large_image","twitter_misc":{"Est. reading time":"4 minutes"},"schema":{"@context":"https:\/\/schema.org","@graph":[{"@type":"WebPage","@id":"https:\/\/kawasan.vn\/san-pham\/o-cam-hen-gio-dien-tu-kw-tge2e\/","url":"https:\/\/kawasan.vn\/san-pham\/o-cam-hen-gio-dien-tu-kw-tge2e\/","name":"\u1ed4 C\u1eafm H\u1eb9n Gi\u1edd \u0110i\u1ec7n T\u1eed KW-TGE2E - Kawasan","isPartOf":{"@id":"https:\/\/kawasan.vn\/#website"},"primaryImageOfPage":{"@id":"https:\/\/kawasan.vn\/san-pham\/o-cam-hen-gio-dien-tu-kw-tge2e\/#primaryimage"},"image":{"@id":"https:\/\/kawasan.vn\/san-pham\/o-cam-hen-gio-dien-tu-kw-tge2e\/#primaryimage"},"thumbnailUrl":"https:\/\/kawasan.vn\/wp-content\/uploads\/2023\/11\/o-cam-hen-gio-dien-tu-tge2e20.jpg","datePublished":"2023-11-17T07:02:26+00:00","dateModified":"2025-12-16T07:47:41+00:00","description":"\u1ed4 c\u1eafm h\u1eb9n gi\u1edd TGE2E c\u00e0i \u0111\u1eb7t h\u1eb9n gi\u1edd t\u1ed1i thi\u1ec3u 1 ph\u00fat v\u00e0 c\u00f3 20 chu k\u1ef3 t\u1eaft- m\u1edf.. Thi\u1ebft k\u1ebf d\u1ea1ng \u1ed5 c\u1eafm, m\u00e0n h\u00ecnh hi\u1ec3n th\u1ecb LCD ti\u1ec7n d\u1ee5ng","breadcrumb":{"@id":"https:\/\/kawasan.vn\/san-pham\/o-cam-hen-gio-dien-tu-kw-tge2e\/#breadcrumb"},"inLanguage":"en-US","potentialAction":[{"@type":"ReadAction","target":["https:\/\/kawasan.vn\/san-pham\/o-cam-hen-gio-dien-tu-kw-tge2e\/"]}]},{"@type":"ImageObject","inLanguage":"en-US","@id":"https:\/\/kawasan.vn\/san-pham\/o-cam-hen-gio-dien-tu-kw-tge2e\/#primaryimage","url":"https:\/\/kawasan.vn\/wp-content\/uploads\/2023\/11\/o-cam-hen-gio-dien-tu-tge2e20.jpg","contentUrl":"https:\/\/kawasan.vn\/wp-content\/uploads\/2023\/11\/o-cam-hen-gio-dien-tu-tge2e20.jpg","width":600,"height":600},{"@type":"BreadcrumbList","@id":"https:\/\/kawasan.vn\/san-pham\/o-cam-hen-gio-dien-tu-kw-tge2e\/#breadcrumb","itemListElement":[{"@type":"ListItem","position":1,"name":"Trang ch\u1ee7","item":"https:\/\/kawasan.vn\/"},{"@type":"ListItem","position":2,"name":"S\u1ea3n ph\u1ea9m","item":"https:\/\/kawasan.vn\/san-pham\/"},{"@type":"ListItem","position":3,"name":"\u1ed4 C\u1eafm H\u1eb9n Gi\u1edd \u0110i\u1ec7n T\u1eed KW-TGE2E"}]},{"@type":"WebSite","@id":"https:\/\/kawasan.vn\/#website","url":"https:\/\/kawasan.vn\/","name":"Kawasan","description":"","potentialAction":[{"@type":"SearchAction","target":{"@type":"EntryPoint","urlTemplate":"https:\/\/kawasan.vn\/?s={search_term_string}"},"query-input":{"@type":"PropertyValueSpecification","valueRequired":true,"valueName":"search_term_string"}}],"inLanguage":"en-US"}]}},"_links":{"self":[{"href":"https:\/\/kawasan.vn\/en\/wp-json\/wp\/v2\/product\/6596","targetHints":{"allow":["GET"]}}],"collection":[{"href":"https:\/\/kawasan.vn\/en\/wp-json\/wp\/v2\/product"}],"about":[{"href":"https:\/\/kawasan.vn\/en\/wp-json\/wp\/v2\/types\/product"}],"replies":[{"embeddable":true,"href":"https:\/\/kawasan.vn\/en\/wp-json\/wp\/v2\/comments?post=6596"}],"version-history":[{"count":1,"href":"https:\/\/kawasan.vn\/en\/wp-json\/wp\/v2\/product\/6596\/revisions"}],"predecessor-version":[{"id":18638,"href":"https:\/\/kawasan.vn\/en\/wp-json\/wp\/v2\/product\/6596\/revisions\/18638"}],"wp:featuredmedia":[{"embeddable":true,"href":"https:\/\/kawasan.vn\/en\/wp-json\/wp\/v2\/media\/15087"}],"wp:attachment":[{"href":"https:\/\/kawasan.vn\/en\/wp-json\/wp\/v2\/media?parent=6596"}],"wp:term":[{"taxonomy":"product_cat","embeddable":true,"href":"https:\/\/kawasan.vn\/en\/wp-json\/wp\/v2\/product_cat?post=6596"},{"taxonomy":"product_tag","embeddable":true,"href":"https:\/\/kawasan.vn\/en\/wp-json\/wp\/v2\/product_tag?post=6596"}],"curies":[{"name":"wp","href":"https:\/\/api.w.org\/{rel}","templated":true}]}}