{"id":6588,"date":"2023-11-17T07:01:59","date_gmt":"2023-11-17T07:01:59","guid":{"rendered":"https:\/\/kawasan.123websitedev.com\/product\/o-cam-hen-gio-co-tg16a\/"},"modified":"2025-12-08T16:10:25","modified_gmt":"2025-12-08T09:10:25","slug":"o-cam-hen-gio-co-tg16a","status":"publish","type":"product","link":"https:\/\/kawasan.vn\/en\/product\/o-cam-hen-gio-co-tg16a\/","title":{"rendered":"\u1ed4 C\u1eafm H\u1eb9n Gi\u1edd C\u01a1 TG16A"},"content":{"rendered":"<h2><span class=\"ez-toc-section\" id=\"O_CAM_HEN_GIO_CO_TG16A_LA_GI\"><\/span>\u1ed4 C\u1eaeM H\u1eb8N GI\u1edc C\u01a0 TG16A L\u00c0 G\u00cc?<span class=\"ez-toc-section-end\"><\/span><\/h2><div id=\"ez-toc-container\" class=\"ez-toc-v2_0_69_1 counter-hierarchy ez-toc-counter ez-toc-grey ez-toc-container-direction\">\n<div class=\"ez-toc-title-container\">\n<p class=\"ez-toc-title\" >N\u1ed9i Dung B&agrave;i Vi\u1ebft<\/p>\n<span class=\"ez-toc-title-toggle\"><a href=\"#\" class=\"ez-toc-pull-right ez-toc-btn ez-toc-btn-xs ez-toc-btn-default ez-toc-toggle\" aria-label=\"Toggle Table of Content\"><span class=\"ez-toc-js-icon-con\"><span class=\"\"><span class=\"eztoc-hide\" style=\"display:none;\">Toggle<\/span><span class=\"ez-toc-icon-toggle-span\"><svg style=\"fill: #999;color:#999\" xmlns=\"http:\/\/www.w3.org\/2000\/svg\" class=\"list-377408\" width=\"20px\" height=\"20px\" viewbox=\"0 0 24 24\" fill=\"none\"><path d=\"M6 6H4v2h2V6zm14 0H8v2h12V6zM4 11h2v2H4v-2zm16 0H8v2h12v-2zM4 16h2v2H4v-2zm16 0H8v2h12v-2z\" fill=\"currentColor\"><\/path><\/svg><svg style=\"fill: #999;color:#999\" class=\"arrow-unsorted-368013\" xmlns=\"http:\/\/www.w3.org\/2000\/svg\" width=\"10px\" height=\"10px\" viewbox=\"0 0 24 24\" version=\"1.2\" baseprofile=\"tiny\"><path d=\"M18.2 9.3l-6.2-6.3-6.2 6.3c-.2.2-.3.4-.3.7s.1.5.3.7c.2.2.4.3.7.3h11c.3 0 .5-.1.7-.3.2-.2.3-.5.3-.7s-.1-.5-.3-.7zM5.8 14.7l6.2 6.3 6.2-6.3c.2-.2.3-.5.3-.7s-.1-.5-.3-.7c-.2-.2-.4-.3-.7-.3h-11c-.3 0-.5.1-.7.3-.2.2-.3.5-.3.7s.1.5.3.7z\"\/><\/svg><\/span><\/span><\/span><\/a><\/span><\/div>\n<nav><ul class='ez-toc-list ez-toc-list-level-1 eztoc-toggle-hide-by-default' ><li class='ez-toc-page-1 ez-toc-heading-level-2'><a class=\"ez-toc-link ez-toc-heading-1\" href=\"https:\/\/kawasan.vn\/en\/product\/o-cam-hen-gio-co-tg16a\/#O_CAM_HEN_GIO_CO_TG16A_LA_GI\" title=\"\u1ed4 C\u1eaeM H\u1eb8N GI\u1edc C\u01a0 TG16A L\u00c0 G\u00cc?\">\u1ed4 C\u1eaeM H\u1eb8N GI\u1edc C\u01a0 TG16A L\u00c0 G\u00cc?<\/a><\/li><li class='ez-toc-page-1 ez-toc-heading-level-2'><a class=\"ez-toc-link ez-toc-heading-2\" href=\"https:\/\/kawasan.vn\/en\/product\/o-cam-hen-gio-co-tg16a\/#UU_DIEM_NOI_BAT_CUA_O_DIEN_HEN_GIO_KAWASAN\" title=\"\u01afU \u0110I\u1ec2M N\u1ed4I B\u1eacT C\u1ee6A \u1ed4 \u0110I\u1ec6N H\u1eb8N GI\u1edc KAWASAN\">\u01afU \u0110I\u1ec2M N\u1ed4I B\u1eacT C\u1ee6A \u1ed4 \u0110I\u1ec6N H\u1eb8N GI\u1edc KAWASAN<\/a><\/li><li class='ez-toc-page-1 ez-toc-heading-level-2'><a class=\"ez-toc-link ez-toc-heading-3\" href=\"https:\/\/kawasan.vn\/en\/product\/o-cam-hen-gio-co-tg16a\/#O_DIEN_HEN_GIO_MANG_DEN_NHIEU_LOI_ICH_CHO_NGUOI_DUNG\" title=\"\u1ed4 \u0110I\u1ec6N H\u1eb8N GI\u1edc MANG \u0110\u1ebeN NHI\u1ec0U L\u1ee2I \u00cdCH CHO NG\u01af\u1edcI D\u00d9NG\">\u1ed4 \u0110I\u1ec6N H\u1eb8N GI\u1edc MANG \u0110\u1ebeN NHI\u1ec0U L\u1ee2I \u00cdCH CHO NG\u01af\u1edcI D\u00d9NG<\/a><\/li><li class='ez-toc-page-1 ez-toc-heading-level-2'><a class=\"ez-toc-link ez-toc-heading-4\" href=\"https:\/\/kawasan.vn\/en\/product\/o-cam-hen-gio-co-tg16a\/#UNG_DUNG_CUA_TIMER_HEN_GIO_KAWASAN\" title=\"\u1ee8NG D\u1ee4NG C\u1ee6A TIMER H\u1eb8N GI\u1edc KAWASAN\">\u1ee8NG D\u1ee4NG C\u1ee6A TIMER H\u1eb8N GI\u1edc KAWASAN<\/a><\/li><li class='ez-toc-page-1 ez-toc-heading-level-2'><a class=\"ez-toc-link ez-toc-heading-5\" href=\"https:\/\/kawasan.vn\/en\/product\/o-cam-hen-gio-co-tg16a\/#TAI_SAO_BAN_NEN_DUNG_O_CAM_HEN_GIO_CO_KAWASAN\" title=\"T\u1ea0I SAO B\u1ea0N N\u00caN D\u00d9NG \u1ed4 C\u1eaeM H\u1eb8N GI\u1edc C\u01a0 KAWASAN\">T\u1ea0I SAO B\u1ea0N N\u00caN D\u00d9NG \u1ed4 C\u1eaeM H\u1eb8N GI\u1edc C\u01a0 KAWASAN<\/a><\/li><\/ul><\/nav><\/div>\n\n<p>\u1ed4 c\u1eafm h\u1eb9n gi\u1edd c\u01a1 TG16A hay c\u00f2n g\u1ecdi l\u00e0 Timer 24 gi\u1edd d\u1ea1ng c\u01a1. M\u1eb7t \u0111\u1ed3ng h\u1ed3 c\u00f3 m\u0169i t\u00ean ch\u1ec9 th\u1eddi gian th\u1ef1c t\u1ebf v\u00e0 khi c\u1eafm v\u00e0o \u1ed5 \u0111i\u1ec7n \u0111\u1ed3ng h\u1ed3 s\u1ebd b\u1eaft \u0111\u1ea7u l\u00e0m vi\u1ec7c. N\u1ebfu c\u00fap \u0111i\u1ec7n \u0111\u1ed3ng h\u1ed3 s\u1ebd ng\u1eebng ch\u1ea1y v\u00e0 ph\u1ea3i xoay l\u1ea1i \u0111\u1ed3ng h\u1ed3 v\u1ec1 th\u1eddi gian th\u1ef1c t\u1ebf \u0111\u1ec3 thi\u1ebft b\u1ecb l\u00e0m vi\u1ec7c theo ch\u01b0\u01a1ng tr\u00ecnh \u0111\u00e3 c\u00e0i \u0111\u1eb7t. Th\u1eddi gian c\u00e0i \u0111\u1eb7t t\u1ed1i thi\u1ec3u 15 ph\u00fat, c\u00f3 96 n\u1ea5c g\u1ea1t c\u00f3 th\u1ec3 t\u00f9y ch\u1ec9nh. D\u00f9ng \u0111\u1ec3 c\u00e0i \u0111\u1eb7t th\u1eddi gian m\u1edf\/ t\u1eaft thi\u1ebft b\u1ecb \u0111i\u1ec7n d\u00e2n d\u1ee5ng theo kho\u1ea3ng th\u1eddi gian \u0111\u00e3 c\u00e0i \u0111\u1eb7t.<\/p>\n<div id=\"attachment_7047\" class=\"wp-caption aligncenter\">\n<figure id=\"attachment_15111\" aria-describedby=\"caption-attachment-15111\" style=\"width: 600px\" class=\"wp-caption aligncenter\"><img loading=\"lazy\" decoding=\"async\" class=\"wp-image-15111\" title=\"\u1ed4 c\u1eafm h\u1eb9n gi\u1edd c\u01a1 Kawasan TG16A\" src=\"https:\/\/kawasan.vn\/wp-content\/uploads\/2023\/11\/o-cam-hen-gio-co-TG16A-2.jpg\" alt=\"\u1ed4 c\u1eafm h\u1eb9n gi\u1edd c\u01a1 Kawasan TG16A\" width=\"600\" height=\"600\" srcset=\"https:\/\/kawasan.vn\/wp-content\/uploads\/2023\/11\/o-cam-hen-gio-co-TG16A-2.jpg 600w, https:\/\/kawasan.vn\/wp-content\/uploads\/2023\/11\/o-cam-hen-gio-co-TG16A-2-400x400.jpg 400w\" sizes=\"auto, (max-width: 600px) 100vw, 600px\" \/><figcaption id=\"caption-attachment-15111\" class=\"wp-caption-text\">\u1ed4 c\u1eafm h\u1eb9n gi\u1edd c\u01a1 Kawasan TG16A<\/figcaption><\/figure>\n<\/div>\n<h2><span class=\"ez-toc-section\" id=\"UU_DIEM_NOI_BAT_CUA_O_DIEN_HEN_GIO_KAWASAN\"><\/span>\u01afU \u0110I\u1ec2M N\u1ed4I B\u1eacT C\u1ee6A \u1ed4 \u0110I\u1ec6N H\u1eb8N GI\u1edc KAWASAN<span class=\"ez-toc-section-end\"><\/span><\/h2>\n<ul>\n<li aria-level=\"1\">Thi\u1ebft k\u1ebf nh\u1ecf g\u1ecdn, nh\u1eb9 d\u1ec5 d\u00e0ng di chuy\u1ec3n s\u1eed d\u1ee5ng \u1edf nhi\u1ec1u n\u01a1i. Kh\u00f4ng chi\u1ebfm nhi\u1ec1u di\u1ec7n t\u00edch khu v\u1ef1c c\u1ea7n c\u1eafm \u0111i\u1ec7n.<\/li>\n<li aria-level=\"1\">H\u00e0ng ch\u00ednh h\u00e3ng 100% t\u1eeb Kawasan. \u1ed4 c\u1eafm h\u1eb9n gi\u1edd c\u01a1 TG16 b\u1ec1n b\u1ec9, ho\u1ea1t \u0111\u1ed9ng \u1ed5n \u0111\u1ecbnh &gt; 5 n\u0103m.<\/li>\n<li aria-level=\"1\">\u00a0D\u1ea1ng \u1ed5 c\u1eafm truy\u1ec1n th\u1ed1ng, d\u1ec5 s\u1eed d\u1ee5ng m\u00e0 kh\u00f4ng c\u1ea7n n\u1ed1i d\u00e2y.<\/li>\n<li aria-level=\"1\">N\u00fat g\u1ea1t d\u1ec5 d\u00f9ng v\u00e0 c\u00e0i \u0111\u1eb7t \u0111\u1ec3 s\u1eed d\u1ee5ng. C\u00f3 th\u1ec3 thay \u0111\u1ed5i theo l\u1ecbch b\u1eadt \u2013 t\u1eaft thi\u1ebft b\u1ecb th\u01b0\u1eddng xuy\u00ean theo nhu c\u1ea7u c\u1ee7a ng\u01b0\u1eddi d\u00f9ng.<\/li>\n<\/ul>\n<div id=\"attachment_7046\" class=\"wp-caption aligncenter\">\n<figure id=\"attachment_15112\" aria-describedby=\"caption-attachment-15112\" style=\"width: 600px\" class=\"wp-caption aligncenter\"><img loading=\"lazy\" decoding=\"async\" class=\"wp-image-15112 size-full\" title=\"Thi\u1ebft k\u1ebf nh\u1ecf g\u1ecdn mang nhi\u1ec1u t\u00ednh n\u0103ng ti\u1ec7n l\u1ee3i\" src=\"https:\/\/kawasan.vn\/wp-content\/uploads\/2023\/11\/o-cam-hen-gio-co-TG16A-1.jpg\" alt=\"Thi\u1ebft k\u1ebf nh\u1ecf g\u1ecdn mang nhi\u1ec1u t\u00ednh n\u0103ng ti\u1ec7n l\u1ee3i\" width=\"600\" height=\"600\" srcset=\"https:\/\/kawasan.vn\/wp-content\/uploads\/2023\/11\/o-cam-hen-gio-co-TG16A-1.jpg 600w, https:\/\/kawasan.vn\/wp-content\/uploads\/2023\/11\/o-cam-hen-gio-co-TG16A-1-400x400.jpg 400w\" sizes=\"auto, (max-width: 600px) 100vw, 600px\" \/><figcaption id=\"caption-attachment-15112\" class=\"wp-caption-text\">Thi\u1ebft k\u1ebf nh\u1ecf g\u1ecdn mang nhi\u1ec1u t\u00ednh n\u0103ng ti\u1ec7n l\u1ee3i<\/figcaption><\/figure>\n<\/div>\n<h2><span class=\"ez-toc-section\" id=\"O_DIEN_HEN_GIO_MANG_DEN_NHIEU_LOI_ICH_CHO_NGUOI_DUNG\"><\/span>\u1ed4 \u0110I\u1ec6N H\u1eb8N GI\u1edc MANG \u0110\u1ebeN NHI\u1ec0U L\u1ee2I \u00cdCH CHO NG\u01af\u1edcI D\u00d9NG<span class=\"ez-toc-section-end\"><\/span><\/h2>\n<ul>\n<li aria-level=\"1\">Ti\u1ebft ki\u1ec7m th\u1eddi gian v\u00ec kh\u00f4ng ph\u1ea3i ch\u1edd \u0111\u1ee3i, theo d\u00f5i \u0111\u1ec3 t\u1eaft m\u1edf b\u01a1m, \u0111\u00e8n\u2026 v\u00ec \u0111\u00e3 c\u00f3 <a href=\"https:\/\/kawasan.vn\/en\/product-category\/hen-gio\/\" target=\"_blank\" rel=\"noopener\">h\u1eb9n gi\u1edd t\u1ef1 \u0111\u1ed9ng<\/a> l\u00e0m vi\u1ec7c.<\/li>\n<li aria-level=\"1\">Ti\u1ebft ki\u1ec7m \u0111i\u1ec7n n\u0103ng ti\u00eau th\u1ee5, tr\u00e1nh tr\u01b0\u1eddng h\u1ee3p ng\u01b0\u1eddi s\u1eed d\u1ee5ng qu\u00ean t\u1eaft \u0111i\u1ec7n.<\/li>\n<li aria-level=\"1\">Convenient for users because there is no need to remember or turn on\/off switches and electrical equipment manually.<\/li>\n<li aria-level=\"1\">An to\u00e0n cho ng\u01b0\u1eddi s\u1eed d\u1ee5ng v\u00ec tr\u00e1nh t\u00ecnh tr\u1ea1ng qu\u00ean t\u1eaft c\u00e1c thi\u1ebft d\u1eabn \u0111\u1ebfn ch\u00fang ho\u1ea1t \u0111\u1ed9ng qu\u00e1 t\u1ea3i g\u00e2y ch\u00e1y n\u1ed5.<\/li>\n<li aria-level=\"1\">C\u00f3 th\u1ec3 duy chuy\u1ec3n \u0111\u1ebfn b\u1ea5t k\u1ef3 v\u1ecb tr\u00ed n\u00e0o m\u00e0 b\u1ea1n mu\u1ed1n s\u1eed d\u1ee5ng ch\u1ec9 c\u1ea7n c\u1eafm ph\u00edch v\u00e0o \u1ed5 \u0111i\u1ec7n.<\/li>\n<li aria-level=\"1\">\u0110\u01b0\u1ee3c l\u00e0m t\u1eeb nh\u1ef1a cao c\u1ea5p th\u00e2n thi\u1ec7n v\u1edbi m\u00f4i tr\u01b0\u1eddng v\u00e0 an to\u00e0n cho ng\u01b0\u1eddi d\u00f9ng.<\/li>\n<\/ul>\n<h2><span class=\"ez-toc-section\" id=\"UNG_DUNG_CUA_TIMER_HEN_GIO_KAWASAN\"><\/span>\u1ee8NG D\u1ee4NG C\u1ee6A TIMER H\u1eb8N GI\u1edc KAWASAN<span class=\"ez-toc-section-end\"><\/span><\/h2>\n<ul>\n<li aria-level=\"1\">C\u00e0i \u0111\u1eb7t th\u1eddi gian m\u1edf van \u0111i\u1ec7n t\u1eeb cho h\u1ec7 th\u1ed1ng t\u01b0\u1edbi c\u00e2y t\u1ef1 \u0111\u1ed9ng cho gia \u0111\u00ecnh, bi\u1ec7t th\u1ef1, nh\u00e0 v\u01b0\u1eddn\u2026<\/li>\n<\/ul>\n<div id=\"attachment_7054\" class=\"wp-caption aligncenter\">\n<figure id=\"attachment_15116\" aria-describedby=\"caption-attachment-15116\" style=\"width: 800px\" class=\"wp-caption aligncenter\"><img loading=\"lazy\" decoding=\"async\" class=\"wp-image-15116\" title=\"H\u1eb9n gi\u1edd b\u1eadt \u2013 t\u1eaft h\u1ec7 th\u1ed1ng t\u01b0\u1edbi c\u00e2y trong v\u01b0\u1eddn\" src=\"https:\/\/kawasan.vn\/wp-content\/uploads\/2023\/11\/o-cam-hen-gio-co-TG16A-6.jpg\" alt=\"H\u1eb9n gi\u1edd b\u1eadt \u2013 t\u1eaft h\u1ec7 th\u1ed1ng t\u01b0\u1edbi c\u00e2y trong v\u01b0\u1eddn\" width=\"800\" height=\"505\" srcset=\"https:\/\/kawasan.vn\/wp-content\/uploads\/2023\/11\/o-cam-hen-gio-co-TG16A-6-768x485.jpg 768w, https:\/\/kawasan.vn\/wp-content\/uploads\/2023\/11\/o-cam-hen-gio-co-TG16A-6-640x404.jpg 640w, https:\/\/kawasan.vn\/wp-content\/uploads\/2023\/11\/o-cam-hen-gio-co-TG16A-6-400x252.jpg 400w\" sizes=\"auto, (max-width: 800px) 100vw, 800px\" \/><figcaption id=\"caption-attachment-15116\" class=\"wp-caption-text\">H\u1eb9n gi\u1edd b\u1eadt \u2013 t\u1eaft h\u1ec7 th\u1ed1ng t\u01b0\u1edbi c\u00e2y trong v\u01b0\u1eddn<\/figcaption><\/figure>\n<\/div>\n<ul>\n<li aria-level=\"1\">C\u00e0i \u0111\u1eb7t th\u1eddi gian t\u1eaft, m\u1edf \u0111\u00e8n b\u1ea3ng hi\u1ec7u t\u1ea1i c\u1eeda h\u00e0ng, shop, ban c\u00f4ng\u2026<\/li>\n<\/ul>\n<div id=\"attachment_7049\" class=\"wp-caption aligncenter\">\n<figure id=\"attachment_15114\" aria-describedby=\"caption-attachment-15114\" style=\"width: 600px\" class=\"wp-caption aligncenter\"><img loading=\"lazy\" decoding=\"async\" class=\"wp-image-15114 size-full\" title=\"\u1ed4 \u0111i\u1ec7n h\u1eb9n gi\u1edd TG16A h\u1eb9n b\u1eadt- t\u1eaft b\u1ea3ng hi\u1ec7u ti\u1ec7n l\u1ee3i\" src=\"https:\/\/kawasan.vn\/wp-content\/uploads\/2023\/11\/o-cam-hen-gio-co-TG16A-4.jpg\" alt=\"\u1ed4 \u0111i\u1ec7n h\u1eb9n gi\u1edd TG16A h\u1eb9n b\u1eadt- t\u1eaft b\u1ea3ng hi\u1ec7u ti\u1ec7n l\u1ee3i\" width=\"600\" height=\"626\" srcset=\"https:\/\/kawasan.vn\/wp-content\/uploads\/2023\/11\/o-cam-hen-gio-co-TG16A-4.jpg 600w, https:\/\/kawasan.vn\/wp-content\/uploads\/2023\/11\/o-cam-hen-gio-co-TG16A-4-400x417.jpg 400w\" sizes=\"auto, (max-width: 600px) 100vw, 600px\" \/><figcaption id=\"caption-attachment-15114\" class=\"wp-caption-text\">\u1ed4 \u0111i\u1ec7n h\u1eb9n gi\u1edd TG16A h\u1eb9n b\u1eadt- t\u1eaft b\u1ea3ng hi\u1ec7u ti\u1ec7n l\u1ee3i<\/figcaption><\/figure>\n<\/div>\n<ul>\n<li aria-level=\"1\">C\u00e0i \u0111\u1eb7t th\u1eddi gian ho\u1ea1t \u0111\u1ed9ng cho b\u00ecnh n\u01b0\u1edbc n\u00f3ng-l\u1ea1nh, khi ngo\u00e0i gi\u1edd l\u00e0m vi\u1ec7c th\u00ec t\u1eaft \u0111\u1ec3 b\u1ea3o v\u1ec7 thi\u1ebft b\u1ecb v\u00e0 ti\u1ebft ki\u1ec7m \u0111i\u1ec7n<\/li>\n<li aria-level=\"1\">H\u1eb9n gi\u1edd cho c\u00e1c thi\u1ebft b\u1ecb gia \u0111\u00ecnh nh\u01b0 tivi, radio, m\u00e1y l\u1ea1nh, t\u1ee7 l\u1ea1nh, m\u00e1y qu\u1ea1t, \u0111\u00e8n ng\u1ee7\u2026<\/li>\n<\/ul>\n<div id=\"attachment_7053\" class=\"wp-caption aligncenter\">\n<figure id=\"attachment_15115\" aria-describedby=\"caption-attachment-15115\" style=\"width: 600px\" class=\"wp-caption aligncenter\"><img loading=\"lazy\" decoding=\"async\" class=\"wp-image-15115\" title=\"C\u00f3 th\u1ec3 h\u1eb9n gi\u1edd b\u1eadt \u2013 t\u1eaft nhi\u1ec1u thi\u1ebft b\u1ecb nh\u01b0: t\u1ee7 l\u1ea1nh, tivi, \u1ea5m \u0111i\u1ec7n\u2026\" src=\"https:\/\/kawasan.vn\/wp-content\/uploads\/2023\/11\/o-cam-hen-gio-co-TG16A-5.jpg\" alt=\"C\u00f3 th\u1ec3 h\u1eb9n gi\u1edd b\u1eadt \u2013 t\u1eaft nhi\u1ec1u thi\u1ebft b\u1ecb nh\u01b0: t\u1ee7 l\u1ea1nh, tivi, \u1ea5m \u0111i\u1ec7n\u2026\" width=\"600\" height=\"438\" \/><figcaption id=\"caption-attachment-15115\" class=\"wp-caption-text\">C\u00f3 th\u1ec3 h\u1eb9n gi\u1edd b\u1eadt \u2013 t\u1eaft nhi\u1ec1u thi\u1ebft b\u1ecb nh\u01b0: t\u1ee7 l\u1ea1nh, tivi, \u1ea5m \u0111i\u1ec7n\u2026<\/figcaption><\/figure>\n<h2><span class=\"ez-toc-section\" id=\"TAI_SAO_BAN_NEN_DUNG_O_CAM_HEN_GIO_CO_KAWASAN\"><\/span><strong>T\u1ea0I SAO B\u1ea0N N\u00caN D\u00d9NG \u1ed4 C\u1eaeM H\u1eb8N GI\u1edc C\u01a0 KAWASAN<\/strong><span class=\"ez-toc-section-end\"><\/span><\/h2>\n<\/div>\n<p><a href=\"https:\/\/kawasan.com.vn\/o-cam-hen-gio-co-tg16a\" target=\"_blank\" rel=\"noopener noreferrer\">Kawasan<\/a> l\u00e0 th\u01b0\u01a1ng hi\u1ec7u uy t\u00edn, \u0111\u00e3 c\u00f3 m\u1eb7t tr\u00ean th\u1ecb tr\u01b0\u1eddng nhi\u1ec1u n\u0103m. Chuy\u00ean cung c\u1ea5p c\u00e1c lo\u1ea1i \u1ed5 c\u1eafm h\u1eb9n gi\u1edd c\u01a1, \u1ed5 c\u1eafm h\u1eb9n gi\u1edd \u0111i\u1ec7n t\u1eed, c\u00f4ng t\u1eafc h\u1eb9n gi\u1edd\u2026 \u0110\u01b0\u1ee3c ng\u01b0\u1eddi d\u00f9ng tin t\u01b0\u1edfng s\u1eed d\u1ee5ng v\u00e0 c\u00f3 h\u1ec7 th\u1ed1ng ph\u00e2n ph\u1ed1i kh\u1eafp c\u1ea3 n\u01b0\u1edbc.<\/p>\n<ul>\n<li aria-level=\"1\">\u1ed4 c\u1eafm \u0111i\u1ec7n h\u1eb9n gi\u1edd TG16 c\u00f3 \u0111\u1ed9 b\u1ec1n 5 n\u0103m, b\u1ea3o h\u00e0nh to\u00e0n qu\u1ed1c 2 n\u0103m.<\/li>\n<li aria-level=\"1\">Linh ki\u1ec7n s\u1ea3n xu\u1ea5t cao c\u1ea5p, c\u00f3 kh\u1ea3 n\u0103ng ch\u1ed1ng ch\u00e1y n\u1ed5 cao an to\u00e0n cho ng\u01b0\u1eddi d\u00f9ng. Ph\u00f9 h\u1ee3p v\u1edbi th\u00f3i quen s\u1eed d\u1ee5ng c\u1ee7a ng\u01b0\u1eddi Vi\u1ec7t.<\/li>\n<li aria-level=\"1\">\u0110\u1ed9i ng\u0169 t\u01b0 v\u1ea5n b\u00e1n h\u00e0ng v\u00e0 h\u1ed7 tr\u1ee3 k\u1ef9 thu\u1eadt chuy\u00ean nghi\u1ec7p. Ch\u0103m s\u00f3c v\u00e0 gi\u1ea3i \u0111\u00e1p th\u1eafc c\u1ee7a kh\u00e1ch h\u00e0ng t\u1eadn t\u00ecnh v\u00e0 nhanh ch\u00f3ng.<\/li>\n<li aria-level=\"1\">Th\u00f4ng tin h\u01b0\u1edbng d\u1eabn in b\u1eb1ng ti\u1ebfng Vi\u1ec7t, gi\u00fap kh\u00e1ch h\u00e0ng d\u1ec5 s\u1eed d\u1ee5ng h\u01a1n.<\/li>\n<\/ul>","protected":false},"excerpt":{"rendered":"<p>Nh\u00e0 s\u1ea3n xu\u1ea5t: KawasanM\u00e3 s\u1ea3n ph\u1ea9m: TG16AT\u00ecnh tr\u1ea1ng:H\u1ebft h\u00e0ng<\/p>","protected":false},"featured_media":15111,"comment_status":"open","ping_status":"closed","template":"","meta":{"_yoast_wpseo_focuskw":"h\u1eb9n gi\u1edd c\u01a1","_yoast_wpseo_metadesc":"\u1ed4 c\u1eafm h\u1eb9n gi\u1edd c\u01a1 TG16A c\u00f4ng su\u1ea5t t\u1ea3i 300w Led, c\u00e0i \u0111\u01b0\u1ee3c t\u1ed1i thi\u1ec3u 15 ph\u00fat. Ph\u00f9 h\u1ee3p d\u00f9ng cho h\u1ec7 th\u1ed1ng \u0111\u00e8n, qu\u1ea1t trong gia \u0111\u00ecnh.","_yoast_wpseo_focuskeywords":"","_yoast_wpseo_keyword_synonyms":""},"product_cat":[512,82,85],"product_tag":[1149,1157,1161,1150,1143,516,1153,1146,1145,963,1154,1158,1159,1144,1148,1156,590,559,758,589,1151,759,1152,1155,1160,1147],"class_list":["post-6588","product","type-product","status-publish","has-post-thumbnail","hentry","product_cat-o-cam-hen-gio","product_cat-hen-gio","product_cat-hang-khuyen-mai-soc","product_tag-bo-cong-tac-hen-gio","product_tag-bo-hen-gio-tuoi-cay","product_tag-bo-hen-gio-tuoi-cay-dung-pin","product_tag-bo-hen-gio-tuoi-cay-tu-dong","product_tag-cong-tac-dien-hen-gio","product_tag-cong-tac-hen-gio","product_tag-cong-tac-hen-gio-bat-tat-thiet-bi","product_tag-cong-tac-hen-gio-co","product_tag-cong-tac-hen-gio-dien-tu","product_tag-cong-tac-hen-gio-kawasan","product_tag-cong-tac-hen-gio-tat-bat","product_tag-cong-tac-hen-gio-tu-dong","product_tag-hen-gio-kawasan","product_tag-hen-gio-tuoi","product_tag-hen-gio-tuoi-cay","product_tag-kawasan-timer","product_tag-o-cam-dien-hen-gio","product_tag-o-cam-hen-gio","product_tag-o-cam-hen-gio-co","product_tag-o-cam-hen-gio-dien-tu","product_tag-o-cam-hen-gio-kawasan","product_tag-o-dien-hen-gio","product_tag-timer-hen-gio-tuoi-cay","product_tag-timer-kawasan","product_tag-van-hen-gio-tuoi-cay","product_tag-van-tuoi-nuoc-hen-gio"],"acf":[],"yoast_head":"<!-- This site is optimized with the Yoast SEO Premium plugin v24.9 (Yoast SEO v24.9) - https:\/\/yoast.com\/wordpress\/plugins\/seo\/ -->\n<title>\u1ed4 C\u1eafm H\u1eb9n Gi\u1edd C\u01a1 TG16A - Kawasan<\/title>\n<meta name=\"description\" content=\"\u1ed4 c\u1eafm h\u1eb9n gi\u1edd c\u01a1 TG16A c\u00f4ng su\u1ea5t t\u1ea3i 300w Led, c\u00e0i \u0111\u01b0\u1ee3c t\u1ed1i thi\u1ec3u 15 ph\u00fat. Ph\u00f9 h\u1ee3p d\u00f9ng cho h\u1ec7 th\u1ed1ng \u0111\u00e8n, qu\u1ea1t trong gia \u0111\u00ecnh.\" \/>\n<meta name=\"robots\" content=\"index, follow, max-snippet:-1, max-image-preview:large, max-video-preview:-1\" \/>\n<link rel=\"canonical\" href=\"https:\/\/kawasan.vn\/en\/product\/o-cam-hen-gio-co-tg16a\/\" \/>\n<meta property=\"og:locale\" content=\"en_US\" \/>\n<meta property=\"og:type\" content=\"article\" \/>\n<meta property=\"og:title\" content=\"\u1ed4 C\u1eafm H\u1eb9n Gi\u1edd C\u01a1 TG16A\" \/>\n<meta property=\"og:description\" content=\"\u1ed4 c\u1eafm h\u1eb9n gi\u1edd c\u01a1 TG16A c\u00f4ng su\u1ea5t t\u1ea3i 300w Led, c\u00e0i \u0111\u01b0\u1ee3c t\u1ed1i thi\u1ec3u 15 ph\u00fat. Ph\u00f9 h\u1ee3p d\u00f9ng cho h\u1ec7 th\u1ed1ng \u0111\u00e8n, qu\u1ea1t trong gia \u0111\u00ecnh.\" \/>\n<meta property=\"og:url\" content=\"https:\/\/kawasan.vn\/en\/product\/o-cam-hen-gio-co-tg16a\/\" \/>\n<meta property=\"og:site_name\" content=\"Kawasan\" \/>\n<meta property=\"article:modified_time\" content=\"2025-12-08T09:10:25+00:00\" \/>\n<meta property=\"og:image\" content=\"https:\/\/kawasan.vn\/wp-content\/uploads\/2023\/11\/o-cam-hen-gio-co-TG16A-2.jpg\" \/>\n\t<meta property=\"og:image:width\" content=\"600\" \/>\n\t<meta property=\"og:image:height\" content=\"600\" \/>\n\t<meta property=\"og:image:type\" content=\"image\/jpeg\" \/>\n<meta name=\"twitter:card\" content=\"summary_large_image\" \/>\n<meta name=\"twitter:label1\" content=\"Est. reading time\" \/>\n\t<meta name=\"twitter:data1\" content=\"5 minutes\" \/>\n<script type=\"application\/ld+json\" class=\"yoast-schema-graph\">{\"@context\":\"https:\/\/schema.org\",\"@graph\":[{\"@type\":\"WebPage\",\"@id\":\"https:\/\/kawasan.vn\/san-pham\/o-cam-hen-gio-co-tg16a\/\",\"url\":\"https:\/\/kawasan.vn\/san-pham\/o-cam-hen-gio-co-tg16a\/\",\"name\":\"\u1ed4 C\u1eafm H\u1eb9n Gi\u1edd C\u01a1 TG16A - Kawasan\",\"isPartOf\":{\"@id\":\"https:\/\/kawasan.vn\/#website\"},\"primaryImageOfPage\":{\"@id\":\"https:\/\/kawasan.vn\/san-pham\/o-cam-hen-gio-co-tg16a\/#primaryimage\"},\"image\":{\"@id\":\"https:\/\/kawasan.vn\/san-pham\/o-cam-hen-gio-co-tg16a\/#primaryimage\"},\"thumbnailUrl\":\"https:\/\/kawasan.vn\/wp-content\/uploads\/2023\/11\/o-cam-hen-gio-co-TG16A-2.jpg\",\"datePublished\":\"2023-11-17T07:01:59+00:00\",\"dateModified\":\"2025-12-08T09:10:25+00:00\",\"description\":\"\u1ed4 c\u1eafm h\u1eb9n gi\u1edd c\u01a1 TG16A c\u00f4ng su\u1ea5t t\u1ea3i 300w Led, c\u00e0i \u0111\u01b0\u1ee3c t\u1ed1i thi\u1ec3u 15 ph\u00fat. Ph\u00f9 h\u1ee3p d\u00f9ng cho h\u1ec7 th\u1ed1ng \u0111\u00e8n, qu\u1ea1t trong gia \u0111\u00ecnh.\",\"breadcrumb\":{\"@id\":\"https:\/\/kawasan.vn\/san-pham\/o-cam-hen-gio-co-tg16a\/#breadcrumb\"},\"inLanguage\":\"en-US\",\"potentialAction\":[{\"@type\":\"ReadAction\",\"target\":[\"https:\/\/kawasan.vn\/san-pham\/o-cam-hen-gio-co-tg16a\/\"]}]},{\"@type\":\"ImageObject\",\"inLanguage\":\"en-US\",\"@id\":\"https:\/\/kawasan.vn\/san-pham\/o-cam-hen-gio-co-tg16a\/#primaryimage\",\"url\":\"https:\/\/kawasan.vn\/wp-content\/uploads\/2023\/11\/o-cam-hen-gio-co-TG16A-2.jpg\",\"contentUrl\":\"https:\/\/kawasan.vn\/wp-content\/uploads\/2023\/11\/o-cam-hen-gio-co-TG16A-2.jpg\",\"width\":600,\"height\":600},{\"@type\":\"BreadcrumbList\",\"@id\":\"https:\/\/kawasan.vn\/san-pham\/o-cam-hen-gio-co-tg16a\/#breadcrumb\",\"itemListElement\":[{\"@type\":\"ListItem\",\"position\":1,\"name\":\"Trang ch\u1ee7\",\"item\":\"https:\/\/kawasan.vn\/\"},{\"@type\":\"ListItem\",\"position\":2,\"name\":\"S\u1ea3n ph\u1ea9m\",\"item\":\"https:\/\/kawasan.vn\/san-pham\/\"},{\"@type\":\"ListItem\",\"position\":3,\"name\":\"\u1ed4 C\u1eafm H\u1eb9n Gi\u1edd C\u01a1 TG16A\"}]},{\"@type\":\"WebSite\",\"@id\":\"https:\/\/kawasan.vn\/#website\",\"url\":\"https:\/\/kawasan.vn\/\",\"name\":\"Kawasan\",\"description\":\"\",\"potentialAction\":[{\"@type\":\"SearchAction\",\"target\":{\"@type\":\"EntryPoint\",\"urlTemplate\":\"https:\/\/kawasan.vn\/?s={search_term_string}\"},\"query-input\":{\"@type\":\"PropertyValueSpecification\",\"valueRequired\":true,\"valueName\":\"search_term_string\"}}],\"inLanguage\":\"en-US\"}]}<\/script>\n<!-- \/ Yoast SEO Premium plugin. -->","yoast_head_json":{"title":"\u1ed4 C\u1eafm H\u1eb9n Gi\u1edd C\u01a1 TG16A - Kawasan","description":"\u1ed4 c\u1eafm h\u1eb9n gi\u1edd c\u01a1 TG16A c\u00f4ng su\u1ea5t t\u1ea3i 300w Led, c\u00e0i \u0111\u01b0\u1ee3c t\u1ed1i thi\u1ec3u 15 ph\u00fat. Ph\u00f9 h\u1ee3p d\u00f9ng cho h\u1ec7 th\u1ed1ng \u0111\u00e8n, qu\u1ea1t trong gia \u0111\u00ecnh.","robots":{"index":"index","follow":"follow","max-snippet":"max-snippet:-1","max-image-preview":"max-image-preview:large","max-video-preview":"max-video-preview:-1"},"canonical":"https:\/\/kawasan.vn\/en\/product\/o-cam-hen-gio-co-tg16a\/","og_locale":"en_US","og_type":"article","og_title":"\u1ed4 C\u1eafm H\u1eb9n Gi\u1edd C\u01a1 TG16A","og_description":"\u1ed4 c\u1eafm h\u1eb9n gi\u1edd c\u01a1 TG16A c\u00f4ng su\u1ea5t t\u1ea3i 300w Led, c\u00e0i \u0111\u01b0\u1ee3c t\u1ed1i thi\u1ec3u 15 ph\u00fat. Ph\u00f9 h\u1ee3p d\u00f9ng cho h\u1ec7 th\u1ed1ng \u0111\u00e8n, qu\u1ea1t trong gia \u0111\u00ecnh.","og_url":"https:\/\/kawasan.vn\/en\/product\/o-cam-hen-gio-co-tg16a\/","og_site_name":"Kawasan","article_modified_time":"2025-12-08T09:10:25+00:00","og_image":[{"width":600,"height":600,"url":"https:\/\/kawasan.vn\/wp-content\/uploads\/2023\/11\/o-cam-hen-gio-co-TG16A-2.jpg","type":"image\/jpeg"}],"twitter_card":"summary_large_image","twitter_misc":{"Est. reading time":"5 minutes"},"schema":{"@context":"https:\/\/schema.org","@graph":[{"@type":"WebPage","@id":"https:\/\/kawasan.vn\/san-pham\/o-cam-hen-gio-co-tg16a\/","url":"https:\/\/kawasan.vn\/san-pham\/o-cam-hen-gio-co-tg16a\/","name":"\u1ed4 C\u1eafm H\u1eb9n Gi\u1edd C\u01a1 TG16A - Kawasan","isPartOf":{"@id":"https:\/\/kawasan.vn\/#website"},"primaryImageOfPage":{"@id":"https:\/\/kawasan.vn\/san-pham\/o-cam-hen-gio-co-tg16a\/#primaryimage"},"image":{"@id":"https:\/\/kawasan.vn\/san-pham\/o-cam-hen-gio-co-tg16a\/#primaryimage"},"thumbnailUrl":"https:\/\/kawasan.vn\/wp-content\/uploads\/2023\/11\/o-cam-hen-gio-co-TG16A-2.jpg","datePublished":"2023-11-17T07:01:59+00:00","dateModified":"2025-12-08T09:10:25+00:00","description":"\u1ed4 c\u1eafm h\u1eb9n gi\u1edd c\u01a1 TG16A c\u00f4ng su\u1ea5t t\u1ea3i 300w Led, c\u00e0i \u0111\u01b0\u1ee3c t\u1ed1i thi\u1ec3u 15 ph\u00fat. Ph\u00f9 h\u1ee3p d\u00f9ng cho h\u1ec7 th\u1ed1ng \u0111\u00e8n, qu\u1ea1t trong gia \u0111\u00ecnh.","breadcrumb":{"@id":"https:\/\/kawasan.vn\/san-pham\/o-cam-hen-gio-co-tg16a\/#breadcrumb"},"inLanguage":"en-US","potentialAction":[{"@type":"ReadAction","target":["https:\/\/kawasan.vn\/san-pham\/o-cam-hen-gio-co-tg16a\/"]}]},{"@type":"ImageObject","inLanguage":"en-US","@id":"https:\/\/kawasan.vn\/san-pham\/o-cam-hen-gio-co-tg16a\/#primaryimage","url":"https:\/\/kawasan.vn\/wp-content\/uploads\/2023\/11\/o-cam-hen-gio-co-TG16A-2.jpg","contentUrl":"https:\/\/kawasan.vn\/wp-content\/uploads\/2023\/11\/o-cam-hen-gio-co-TG16A-2.jpg","width":600,"height":600},{"@type":"BreadcrumbList","@id":"https:\/\/kawasan.vn\/san-pham\/o-cam-hen-gio-co-tg16a\/#breadcrumb","itemListElement":[{"@type":"ListItem","position":1,"name":"Trang ch\u1ee7","item":"https:\/\/kawasan.vn\/"},{"@type":"ListItem","position":2,"name":"S\u1ea3n ph\u1ea9m","item":"https:\/\/kawasan.vn\/san-pham\/"},{"@type":"ListItem","position":3,"name":"\u1ed4 C\u1eafm H\u1eb9n Gi\u1edd C\u01a1 TG16A"}]},{"@type":"WebSite","@id":"https:\/\/kawasan.vn\/#website","url":"https:\/\/kawasan.vn\/","name":"Kawasan","description":"","potentialAction":[{"@type":"SearchAction","target":{"@type":"EntryPoint","urlTemplate":"https:\/\/kawasan.vn\/?s={search_term_string}"},"query-input":{"@type":"PropertyValueSpecification","valueRequired":true,"valueName":"search_term_string"}}],"inLanguage":"en-US"}]}},"_links":{"self":[{"href":"https:\/\/kawasan.vn\/en\/wp-json\/wp\/v2\/product\/6588","targetHints":{"allow":["GET"]}}],"collection":[{"href":"https:\/\/kawasan.vn\/en\/wp-json\/wp\/v2\/product"}],"about":[{"href":"https:\/\/kawasan.vn\/en\/wp-json\/wp\/v2\/types\/product"}],"replies":[{"embeddable":true,"href":"https:\/\/kawasan.vn\/en\/wp-json\/wp\/v2\/comments?post=6588"}],"version-history":[{"count":1,"href":"https:\/\/kawasan.vn\/en\/wp-json\/wp\/v2\/product\/6588\/revisions"}],"predecessor-version":[{"id":18643,"href":"https:\/\/kawasan.vn\/en\/wp-json\/wp\/v2\/product\/6588\/revisions\/18643"}],"wp:featuredmedia":[{"embeddable":true,"href":"https:\/\/kawasan.vn\/en\/wp-json\/wp\/v2\/media\/15111"}],"wp:attachment":[{"href":"https:\/\/kawasan.vn\/en\/wp-json\/wp\/v2\/media?parent=6588"}],"wp:term":[{"taxonomy":"product_cat","embeddable":true,"href":"https:\/\/kawasan.vn\/en\/wp-json\/wp\/v2\/product_cat?post=6588"},{"taxonomy":"product_tag","embeddable":true,"href":"https:\/\/kawasan.vn\/en\/wp-json\/wp\/v2\/product_tag?post=6588"}],"curies":[{"name":"wp","href":"https:\/\/api.w.org\/{rel}","templated":true}]}}