{"id":6584,"date":"2023-11-17T07:01:46","date_gmt":"2023-11-17T07:01:46","guid":{"rendered":"https:\/\/kawasan.123websitedev.com\/product\/o-cam-hen-gio-co-tg16\/"},"modified":"2025-12-08T16:10:09","modified_gmt":"2025-12-08T09:10:09","slug":"o-cam-hen-gio-co-tg16","status":"publish","type":"product","link":"https:\/\/kawasan.vn\/en\/product\/o-cam-hen-gio-co-tg16\/","title":{"rendered":"\u1ed4 C\u1eafm H\u1eb9n Gi\u1edd C\u01a1 TG16"},"content":{"rendered":"<h2><span class=\"ez-toc-section\" id=\"O_CAM_HEN_GIO_CO_TG16_LA_GI\"><\/span>\u1ed4 C\u1eaeM H\u1eb8N GI\u1edc C\u01a0 TG16 L\u00c0 G\u00cc?<span class=\"ez-toc-section-end\"><\/span><\/h2><div id=\"ez-toc-container\" class=\"ez-toc-v2_0_69_1 counter-hierarchy ez-toc-counter ez-toc-grey ez-toc-container-direction\">\n<div class=\"ez-toc-title-container\">\n<p class=\"ez-toc-title\" >N\u1ed9i Dung B&agrave;i Vi\u1ebft<\/p>\n<span class=\"ez-toc-title-toggle\"><a href=\"#\" class=\"ez-toc-pull-right ez-toc-btn ez-toc-btn-xs ez-toc-btn-default ez-toc-toggle\" aria-label=\"Toggle Table of Content\"><span class=\"ez-toc-js-icon-con\"><span class=\"\"><span class=\"eztoc-hide\" style=\"display:none;\">Toggle<\/span><span class=\"ez-toc-icon-toggle-span\"><svg style=\"fill: #999;color:#999\" xmlns=\"http:\/\/www.w3.org\/2000\/svg\" class=\"list-377408\" width=\"20px\" height=\"20px\" viewbox=\"0 0 24 24\" fill=\"none\"><path d=\"M6 6H4v2h2V6zm14 0H8v2h12V6zM4 11h2v2H4v-2zm16 0H8v2h12v-2zM4 16h2v2H4v-2zm16 0H8v2h12v-2z\" fill=\"currentColor\"><\/path><\/svg><svg style=\"fill: #999;color:#999\" class=\"arrow-unsorted-368013\" xmlns=\"http:\/\/www.w3.org\/2000\/svg\" width=\"10px\" height=\"10px\" viewbox=\"0 0 24 24\" version=\"1.2\" baseprofile=\"tiny\"><path d=\"M18.2 9.3l-6.2-6.3-6.2 6.3c-.2.2-.3.4-.3.7s.1.5.3.7c.2.2.4.3.7.3h11c.3 0 .5-.1.7-.3.2-.2.3-.5.3-.7s-.1-.5-.3-.7zM5.8 14.7l6.2 6.3 6.2-6.3c.2-.2.3-.5.3-.7s-.1-.5-.3-.7c-.2-.2-.4-.3-.7-.3h-11c-.3 0-.5.1-.7.3-.2.2-.3.5-.3.7s.1.5.3.7z\"\/><\/svg><\/span><\/span><\/span><\/a><\/span><\/div>\n<nav><ul class='ez-toc-list ez-toc-list-level-1 eztoc-toggle-hide-by-default' ><li class='ez-toc-page-1 ez-toc-heading-level-2'><a class=\"ez-toc-link ez-toc-heading-1\" href=\"https:\/\/kawasan.vn\/en\/product\/o-cam-hen-gio-co-tg16\/#O_CAM_HEN_GIO_CO_TG16_LA_GI\" title=\"\u1ed4 C\u1eaeM H\u1eb8N GI\u1edc C\u01a0 TG16 L\u00c0 G\u00cc?\">\u1ed4 C\u1eaeM H\u1eb8N GI\u1edc C\u01a0 TG16 L\u00c0 G\u00cc?<\/a><\/li><li class='ez-toc-page-1 ez-toc-heading-level-2'><a class=\"ez-toc-link ez-toc-heading-2\" href=\"https:\/\/kawasan.vn\/en\/product\/o-cam-hen-gio-co-tg16\/#LOI_ICH_CUA_VIEC_SU_DUNG_O_CAM_HEN_GIO_TU_DONG\" title=\"L\u1ee2I \u00cdCH C\u1ee6A VI\u1ec6C S\u1eec D\u1ee4NG \u1ed4 C\u1eaeM H\u1eb8N GI\u1edc T\u1ef0 \u0110\u1ed8NG\">L\u1ee2I \u00cdCH C\u1ee6A VI\u1ec6C S\u1eec D\u1ee4NG \u1ed4 C\u1eaeM H\u1eb8N GI\u1edc T\u1ef0 \u0110\u1ed8NG<\/a><\/li><li class='ez-toc-page-1 ez-toc-heading-level-2'><a class=\"ez-toc-link ez-toc-heading-3\" href=\"https:\/\/kawasan.vn\/en\/product\/o-cam-hen-gio-co-tg16\/#UNG_DUNG_CUA_O_CAM_DIEN_HEN_GIO_TAT_MO\" title=\"\u1ee8NG D\u1ee4NG C\u1ee6A \u1ed4 C\u1eaeM \u0110I\u1ec6N H\u1eb8N GI\u1edc T\u1eaeT M\u1ede\">\u1ee8NG D\u1ee4NG C\u1ee6A \u1ed4 C\u1eaeM \u0110I\u1ec6N H\u1eb8N GI\u1edc T\u1eaeT M\u1ede<\/a><\/li><\/ul><\/nav><\/div>\n\n<p>\u1ed4 c\u1eafm h\u1eb9n gi\u1edd c\u01a1 TG16, hay c\u00f2n g\u1ecdi l\u00e0 Timer 24 gi\u1edd d\u1ea1ng c\u01a1. M\u1eb7t \u0111\u1ed3ng h\u1ed3 c\u00f3 m\u0169i t\u00ean ch\u1ec9 th\u1eddi gian th\u1ef1c t\u1ebf v\u00e0 khi c\u1eafm v\u00e0o \u1ed5 \u0111i\u1ec7n s\u1ebd b\u1eaft \u0111\u1ea7u l\u00e0m vi\u1ec7c. N\u1ebfu c\u00fap \u0111i\u1ec7n \u0111\u1ed3ng h\u1ed3 s\u1ebd ng\u01b0ng ch\u1ea1y v\u00e0 ph\u1ea3i xoay l\u1ea1i \u0111\u1ed3ng h\u1ed3 v\u1ec1 th\u1eddi gian th\u1ef1c t\u1ebf. \u0110\u1ec3 thi\u1ebft b\u1ecb l\u00e0m vi\u1ec7c theo ch\u01b0\u01a1ng tr\u00ecnh \u0111\u00e3 c\u00e0i \u0111\u1eb7t. Th\u1eddi gian c\u00e0i \u0111\u1eb7t t\u1ed1i thi\u1ec3u 15 ph\u00fat (kh\u00f4ng c\u00f3 pin d\u1ef1 tr\u1eef), c\u00f3 96 n\u1ea5c g\u1ea1t c\u00f3 th\u1ec3 t\u00f9y ch\u1ec9nh. D\u00f9ng \u0111\u1ec3 c\u00e0i \u0111\u1eb7t th\u1eddi gian m\u1edf\/ t\u1eaft thi\u1ebft b\u1ecb \u0111i\u1ec7n d\u00e2n d\u1ee5ng theo kho\u1ea3ng th\u1eddi gian \u0111\u00e3 c\u00e0i \u0111\u1eb7t.<\/p>\n<div id=\"attachment_4374\" class=\"wp-caption aligncenter\">\n<figure id=\"attachment_15132\" aria-describedby=\"caption-attachment-15132\" style=\"width: 600px\" class=\"wp-caption aligncenter\"><img loading=\"lazy\" decoding=\"async\" class=\"wp-image-15132\" title=\"\u1ed4 c\u1eafm h\u1eb9n gi\u1edd d\u00e2n d\u1ee5ng TG16\" src=\"https:\/\/kawasan.vn\/wp-content\/uploads\/2023\/11\/o-cam-hen-gio-co-tg16-kawasan-1.png\" alt=\"\u1ed4 c\u1eafm h\u1eb9n gi\u1edd d\u00e2n d\u1ee5ng TG16\" width=\"600\" height=\"600\" \/><figcaption id=\"caption-attachment-15132\" class=\"wp-caption-text\">\u1ed4 c\u1eafm h\u1eb9n gi\u1edd d\u00e2n d\u1ee5ng TG16<\/figcaption><\/figure>\n<\/div>\n<h2><span class=\"ez-toc-section\" id=\"LOI_ICH_CUA_VIEC_SU_DUNG_O_CAM_HEN_GIO_TU_DONG\"><\/span>L\u1ee2I \u00cdCH C\u1ee6A VI\u1ec6C S\u1eec D\u1ee4NG \u1ed4 C\u1eaeM H\u1eb8N GI\u1edc T\u1ef0 \u0110\u1ed8NG<span class=\"ez-toc-section-end\"><\/span><\/h2>\n<ul>\n<li>Ti\u1ebft ki\u1ec7m th\u1eddi gian v\u00ec kh\u00f4ng ph\u1ea3i ch\u1edd \u0111\u1ee3i, theo d\u00f5i \u0111\u1ec3 t\u1eaft m\u1edf b\u01a1m, \u0111\u00e8n. V\u00ec \u0111\u00e3 c\u00f3 <a href=\"https:\/\/kawasan.vn\/en\/product-category\/hen-gio\/\" target=\"_blank\" rel=\"noopener\">h\u1eb9n gi\u1edd<\/a> t\u1ef1 \u0111\u1ed9ng l\u00e0m vi\u1ec7c.<\/li>\n<li>Ti\u1ebft ki\u1ec7m n\u0103ng l\u01b0\u1ee3ng, tr\u00e1nh tr\u01b0\u1eddng h\u1ee3p ng\u01b0\u1eddi s\u1eed d\u1ee5ng qu\u00ean t\u1eaft \u0111i\u1ec7n.<\/li>\n<li>Ti\u1ec7n nghi h\u01a1n v\u00ec kh\u00f4ng c\u1ea7n nh\u1edb ho\u1eb7c t\u1eaft\/ m\u1edf c\u00e1c c\u00f4ng t\u1eafc, thi\u1ebft b\u1ecb \u0111i\u1ec7n b\u1eb1ng tay.<\/li>\n<li>An to\u00e0n cho ng\u01b0\u1eddi d\u00f9ng, tr\u00e1nh t\u00ecnh tr\u1ea1ng qu\u00ean t\u1eaft c\u00e1c thi\u1ebft b\u1ecb. D\u1eabn \u0111\u1ebfn ch\u00fang ho\u1ea1t \u0111\u1ed9ng qu\u00e1 t\u1ea3i, g\u00e2y ch\u00e1y n\u1ed5.<\/li>\n<li>C\u00f3 th\u1ec3 duy chuy\u1ec3n \u0111\u1ebfn b\u1ea5t k\u1ef3 v\u1ecb tr\u00ed n\u00e0o m\u00e0 b\u1ea1n mu\u1ed1n s\u1eed d\u1ee5ng ch\u1ec9 c\u1ea7n c\u1eafm ph\u00edch v\u00e0o \u1ed5 \u0111i\u1ec7n.<\/li>\n<li>\u0110\u01b0\u1ee3c l\u00e0m t\u1eeb nh\u1ef1a cao c\u1ea5p th\u00e2n thi\u1ec7n v\u1edbi m\u00f4i tr\u01b0\u1eddng v\u00e0 an to\u00e0n cho ng\u01b0\u1eddi d\u00f9ng.<\/li>\n<\/ul>\n<div id=\"attachment_4377\" class=\"wp-caption aligncenter\">\n<figure id=\"attachment_15131\" aria-describedby=\"caption-attachment-15131\" style=\"width: 600px\" class=\"wp-caption aligncenter\"><img loading=\"lazy\" decoding=\"async\" class=\"wp-image-15131\" title=\"L\u1ee3i \u00edch c\u1ee7a \u1ed5 c\u1eafm \u0111i\u1ec7n t\u1ef1 \u0111\u1ed9ng\" src=\"https:\/\/kawasan.vn\/wp-content\/uploads\/2023\/11\/o-cam-hen-gio-co-tg16-kawasan-1.jpg\" alt=\"L\u1ee3i \u00edch c\u1ee7a \u1ed5 c\u1eafm \u0111i\u1ec7n t\u1ef1 \u0111\u1ed9ng\" width=\"600\" height=\"600\" \/><figcaption id=\"caption-attachment-15131\" class=\"wp-caption-text\">L\u1ee3i \u00edch c\u1ee7a \u1ed5 c\u1eafm \u0111i\u1ec7n t\u1ef1 \u0111\u1ed9ng<\/figcaption><\/figure>\n<\/div>\n<h2><span class=\"ez-toc-section\" id=\"UNG_DUNG_CUA_O_CAM_DIEN_HEN_GIO_TAT_MO\"><\/span>\u1ee8NG D\u1ee4NG C\u1ee6A <a href=\"https:\/\/kawasan.com.vn\/san-pham.html\/hen-gio.html\/o-cam-hen-gio.html\" target=\"_blank\" rel=\"noopener\">\u1ed4 C\u1eaeM \u0110I\u1ec6N H\u1eb8N GI\u1edc T\u1eaeT M\u1ede<\/a><span class=\"ez-toc-section-end\"><\/span><\/h2>\n<ul>\n<li>C\u00e0i \u0111\u1eb7t th\u1eddi gian reo chu\u00f4ng b\u00e1o gi\u1edd cho tr\u01b0\u1eddng h\u1ecdc, nh\u00e0 x\u01b0\u1edfng\u2026<\/li>\n<li>C\u00e0i \u0111\u1eb7t th\u1eddi gian m\u1edf van \u0111i\u1ec7n t\u1eeb cho h\u1ec7 th\u1ed1ng t\u01b0\u1edbi c\u00e2y t\u1ef1 \u0111\u1ed9ng cho gia \u0111\u00ecnh, bi\u1ec7t th\u1ef1, nh\u00e0 v\u01b0\u1eddn\u2026<\/li>\n<li>C\u00e0i \u0111\u1eb7t th\u1eddi gian t\u1eaft, m\u1edf \u0111\u00e8n b\u1ea3ng hi\u1ec7u t\u1ea1i c\u1eeda h\u00e0ng, shop, ban c\u00f4ng\u2026<\/li>\n<li>C\u00e0i \u0111\u1eb7t th\u1eddi gian ho\u1ea1t \u0111\u1ed9ng cho b\u00ecnh n\u01b0\u1edbc n\u00f3ng-l\u1ea1nh, khi ngo\u00e0i gi\u1edd l\u00e0m vi\u1ec7c th\u00ec t\u1eaft \u0111\u1ec3 b\u1ea3o v\u1ec7 thi\u1ebft b\u1ecb v\u00e0 ti\u1ebft ki\u1ec7m \u0111i\u1ec7n<\/li>\n<li>H\u1eb9n gi\u1edd cho c\u00e1c thi\u1ebft b\u1ecb gia \u0111\u00ecnh nh\u01b0 tivi, radio, m\u00e1y l\u1ea1nh, t\u1ee7 l\u1ea1nh, m\u00e1y qu\u1ea1t, \u0111\u00e8n ng\u1ee7\u2026<\/li>\n<\/ul>\n<div id=\"attachment_4375\" class=\"wp-caption aligncenter\">\n<figure id=\"attachment_15135\" aria-describedby=\"caption-attachment-15135\" style=\"width: 600px\" class=\"wp-caption aligncenter\"><img loading=\"lazy\" decoding=\"async\" class=\"wp-image-15135\" title=\"\u1ee8ng d\u1ee5ng c\u1ee7a \u1ed5 c\u1eafm \u0111i\u1ec7n h\u1eb9n gi\u1edd c\u01a1\" src=\"https:\/\/kawasan.vn\/wp-content\/uploads\/2023\/11\/o-cam-hen-gio-co-tg16-kawasan-4.png\" alt=\"\u1ee8ng d\u1ee5ng c\u1ee7a \u1ed5 c\u1eafm \u0111i\u1ec7n h\u1eb9n gi\u1edd c\u01a1\" width=\"600\" height=\"600\" \/><figcaption id=\"caption-attachment-15135\" class=\"wp-caption-text\">\u1ee8ng d\u1ee5ng c\u1ee7a \u1ed5 c\u1eafm \u0111i\u1ec7n h\u1eb9n gi\u1edd c\u01a1<\/figcaption><\/figure>\n<\/div>","protected":false},"excerpt":{"rendered":"<p>Nh\u00e0 s\u1ea3n xu\u1ea5t: KawasanM\u00e3 s\u1ea3n ph\u1ea9m: TG16T\u00ecnh tr\u1ea1ng:C\u00f2n h\u00e0ng<\/p>","protected":false},"featured_media":15132,"comment_status":"open","ping_status":"closed","template":"","meta":{"_yoast_wpseo_focuskw":"H\u1eb9n gi\u1edd c\u01a1","_yoast_wpseo_metadesc":"\u1ed4 c\u1eafm h\u1eb9n gi\u1edd c\u01a1 TG16 c\u00f4ng su\u1ea5t t\u1ea3i 300w Led, c\u00e0i \u0111\u01b0\u1ee3c t\u1ed1i thi\u1ec3u 15 ph\u00fat. Ph\u00f9 h\u1ee3p d\u00f9ng cho h\u1ec7 th\u1ed1ng \u0111\u00e8n, qu\u1ea1t trong gia \u0111\u00ecnh.","_yoast_wpseo_focuskeywords":"","_yoast_wpseo_keyword_synonyms":""},"product_cat":[512,82,85],"product_tag":[1149,1157,1161,1150,1143,516,1153,1146,1145,963,1154,1158,1159,1144,1148,1156,590,559,758,589,1151,759,1152,1155,1160,1147],"class_list":["post-6584","product","type-product","status-publish","has-post-thumbnail","hentry","product_cat-o-cam-hen-gio","product_cat-hen-gio","product_cat-hang-khuyen-mai-soc","product_tag-bo-cong-tac-hen-gio","product_tag-bo-hen-gio-tuoi-cay","product_tag-bo-hen-gio-tuoi-cay-dung-pin","product_tag-bo-hen-gio-tuoi-cay-tu-dong","product_tag-cong-tac-dien-hen-gio","product_tag-cong-tac-hen-gio","product_tag-cong-tac-hen-gio-bat-tat-thiet-bi","product_tag-cong-tac-hen-gio-co","product_tag-cong-tac-hen-gio-dien-tu","product_tag-cong-tac-hen-gio-kawasan","product_tag-cong-tac-hen-gio-tat-bat","product_tag-cong-tac-hen-gio-tu-dong","product_tag-hen-gio-kawasan","product_tag-hen-gio-tuoi","product_tag-hen-gio-tuoi-cay","product_tag-kawasan-timer","product_tag-o-cam-dien-hen-gio","product_tag-o-cam-hen-gio","product_tag-o-cam-hen-gio-co","product_tag-o-cam-hen-gio-dien-tu","product_tag-o-cam-hen-gio-kawasan","product_tag-o-dien-hen-gio","product_tag-timer-hen-gio-tuoi-cay","product_tag-timer-kawasan","product_tag-van-hen-gio-tuoi-cay","product_tag-van-tuoi-nuoc-hen-gio"],"acf":[],"yoast_head":"<!-- This site is optimized with the Yoast SEO Premium plugin v24.9 (Yoast SEO v24.9) - https:\/\/yoast.com\/wordpress\/plugins\/seo\/ -->\n<title>\u1ed4 C\u1eafm H\u1eb9n Gi\u1edd C\u01a1 TG16 - Kawasan<\/title>\n<meta name=\"description\" content=\"\u1ed4 c\u1eafm h\u1eb9n gi\u1edd c\u01a1 TG16 c\u00f4ng su\u1ea5t t\u1ea3i 300w Led, c\u00e0i \u0111\u01b0\u1ee3c t\u1ed1i thi\u1ec3u 15 ph\u00fat. Ph\u00f9 h\u1ee3p d\u00f9ng cho h\u1ec7 th\u1ed1ng \u0111\u00e8n, qu\u1ea1t trong gia \u0111\u00ecnh.\" \/>\n<meta name=\"robots\" content=\"index, follow, max-snippet:-1, max-image-preview:large, max-video-preview:-1\" \/>\n<link rel=\"canonical\" href=\"https:\/\/kawasan.vn\/en\/product\/o-cam-hen-gio-co-tg16\/\" \/>\n<meta property=\"og:locale\" content=\"en_US\" \/>\n<meta property=\"og:type\" content=\"article\" \/>\n<meta property=\"og:title\" content=\"\u1ed4 C\u1eafm H\u1eb9n Gi\u1edd C\u01a1 TG16\" \/>\n<meta property=\"og:description\" content=\"\u1ed4 c\u1eafm h\u1eb9n gi\u1edd c\u01a1 TG16 c\u00f4ng su\u1ea5t t\u1ea3i 300w Led, c\u00e0i \u0111\u01b0\u1ee3c t\u1ed1i thi\u1ec3u 15 ph\u00fat. Ph\u00f9 h\u1ee3p d\u00f9ng cho h\u1ec7 th\u1ed1ng \u0111\u00e8n, qu\u1ea1t trong gia \u0111\u00ecnh.\" \/>\n<meta property=\"og:url\" content=\"https:\/\/kawasan.vn\/en\/product\/o-cam-hen-gio-co-tg16\/\" \/>\n<meta property=\"og:site_name\" content=\"Kawasan\" \/>\n<meta property=\"article:modified_time\" content=\"2025-12-08T09:10:09+00:00\" \/>\n<meta property=\"og:image\" content=\"https:\/\/kawasan.vn\/wp-content\/uploads\/2023\/11\/o-cam-hen-gio-co-tg16-kawasan-1.png\" \/>\n\t<meta property=\"og:image:width\" content=\"800\" \/>\n\t<meta property=\"og:image:height\" content=\"800\" \/>\n\t<meta property=\"og:image:type\" content=\"image\/png\" \/>\n<meta name=\"twitter:card\" content=\"summary_large_image\" \/>\n<meta name=\"twitter:label1\" content=\"Est. reading time\" \/>\n\t<meta name=\"twitter:data1\" content=\"3 minutes\" \/>\n<script type=\"application\/ld+json\" class=\"yoast-schema-graph\">{\"@context\":\"https:\/\/schema.org\",\"@graph\":[{\"@type\":\"WebPage\",\"@id\":\"https:\/\/kawasan.vn\/san-pham\/o-cam-hen-gio-co-tg16\/\",\"url\":\"https:\/\/kawasan.vn\/san-pham\/o-cam-hen-gio-co-tg16\/\",\"name\":\"\u1ed4 C\u1eafm H\u1eb9n Gi\u1edd C\u01a1 TG16 - Kawasan\",\"isPartOf\":{\"@id\":\"https:\/\/kawasan.vn\/#website\"},\"primaryImageOfPage\":{\"@id\":\"https:\/\/kawasan.vn\/san-pham\/o-cam-hen-gio-co-tg16\/#primaryimage\"},\"image\":{\"@id\":\"https:\/\/kawasan.vn\/san-pham\/o-cam-hen-gio-co-tg16\/#primaryimage\"},\"thumbnailUrl\":\"https:\/\/kawasan.vn\/wp-content\/uploads\/2023\/11\/o-cam-hen-gio-co-tg16-kawasan-1.png\",\"datePublished\":\"2023-11-17T07:01:46+00:00\",\"dateModified\":\"2025-12-08T09:10:09+00:00\",\"description\":\"\u1ed4 c\u1eafm h\u1eb9n gi\u1edd c\u01a1 TG16 c\u00f4ng su\u1ea5t t\u1ea3i 300w Led, c\u00e0i \u0111\u01b0\u1ee3c t\u1ed1i thi\u1ec3u 15 ph\u00fat. Ph\u00f9 h\u1ee3p d\u00f9ng cho h\u1ec7 th\u1ed1ng \u0111\u00e8n, qu\u1ea1t trong gia \u0111\u00ecnh.\",\"breadcrumb\":{\"@id\":\"https:\/\/kawasan.vn\/san-pham\/o-cam-hen-gio-co-tg16\/#breadcrumb\"},\"inLanguage\":\"en-US\",\"potentialAction\":[{\"@type\":\"ReadAction\",\"target\":[\"https:\/\/kawasan.vn\/san-pham\/o-cam-hen-gio-co-tg16\/\"]}]},{\"@type\":\"ImageObject\",\"inLanguage\":\"en-US\",\"@id\":\"https:\/\/kawasan.vn\/san-pham\/o-cam-hen-gio-co-tg16\/#primaryimage\",\"url\":\"https:\/\/kawasan.vn\/wp-content\/uploads\/2023\/11\/o-cam-hen-gio-co-tg16-kawasan-1.png\",\"contentUrl\":\"https:\/\/kawasan.vn\/wp-content\/uploads\/2023\/11\/o-cam-hen-gio-co-tg16-kawasan-1.png\",\"width\":800,\"height\":800},{\"@type\":\"BreadcrumbList\",\"@id\":\"https:\/\/kawasan.vn\/san-pham\/o-cam-hen-gio-co-tg16\/#breadcrumb\",\"itemListElement\":[{\"@type\":\"ListItem\",\"position\":1,\"name\":\"Trang ch\u1ee7\",\"item\":\"https:\/\/kawasan.vn\/\"},{\"@type\":\"ListItem\",\"position\":2,\"name\":\"S\u1ea3n ph\u1ea9m\",\"item\":\"https:\/\/kawasan.vn\/san-pham\/\"},{\"@type\":\"ListItem\",\"position\":3,\"name\":\"\u1ed4 C\u1eafm H\u1eb9n Gi\u1edd C\u01a1 TG16\"}]},{\"@type\":\"WebSite\",\"@id\":\"https:\/\/kawasan.vn\/#website\",\"url\":\"https:\/\/kawasan.vn\/\",\"name\":\"Kawasan\",\"description\":\"\",\"potentialAction\":[{\"@type\":\"SearchAction\",\"target\":{\"@type\":\"EntryPoint\",\"urlTemplate\":\"https:\/\/kawasan.vn\/?s={search_term_string}\"},\"query-input\":{\"@type\":\"PropertyValueSpecification\",\"valueRequired\":true,\"valueName\":\"search_term_string\"}}],\"inLanguage\":\"en-US\"}]}<\/script>\n<!-- \/ Yoast SEO Premium plugin. -->","yoast_head_json":{"title":"\u1ed4 C\u1eafm H\u1eb9n Gi\u1edd C\u01a1 TG16 - Kawasan","description":"\u1ed4 c\u1eafm h\u1eb9n gi\u1edd c\u01a1 TG16 c\u00f4ng su\u1ea5t t\u1ea3i 300w Led, c\u00e0i \u0111\u01b0\u1ee3c t\u1ed1i thi\u1ec3u 15 ph\u00fat. Ph\u00f9 h\u1ee3p d\u00f9ng cho h\u1ec7 th\u1ed1ng \u0111\u00e8n, qu\u1ea1t trong gia \u0111\u00ecnh.","robots":{"index":"index","follow":"follow","max-snippet":"max-snippet:-1","max-image-preview":"max-image-preview:large","max-video-preview":"max-video-preview:-1"},"canonical":"https:\/\/kawasan.vn\/en\/product\/o-cam-hen-gio-co-tg16\/","og_locale":"en_US","og_type":"article","og_title":"\u1ed4 C\u1eafm H\u1eb9n Gi\u1edd C\u01a1 TG16","og_description":"\u1ed4 c\u1eafm h\u1eb9n gi\u1edd c\u01a1 TG16 c\u00f4ng su\u1ea5t t\u1ea3i 300w Led, c\u00e0i \u0111\u01b0\u1ee3c t\u1ed1i thi\u1ec3u 15 ph\u00fat. Ph\u00f9 h\u1ee3p d\u00f9ng cho h\u1ec7 th\u1ed1ng \u0111\u00e8n, qu\u1ea1t trong gia \u0111\u00ecnh.","og_url":"https:\/\/kawasan.vn\/en\/product\/o-cam-hen-gio-co-tg16\/","og_site_name":"Kawasan","article_modified_time":"2025-12-08T09:10:09+00:00","og_image":[{"width":800,"height":800,"url":"https:\/\/kawasan.vn\/wp-content\/uploads\/2023\/11\/o-cam-hen-gio-co-tg16-kawasan-1.png","type":"image\/png"}],"twitter_card":"summary_large_image","twitter_misc":{"Est. reading time":"3 minutes"},"schema":{"@context":"https:\/\/schema.org","@graph":[{"@type":"WebPage","@id":"https:\/\/kawasan.vn\/san-pham\/o-cam-hen-gio-co-tg16\/","url":"https:\/\/kawasan.vn\/san-pham\/o-cam-hen-gio-co-tg16\/","name":"\u1ed4 C\u1eafm H\u1eb9n Gi\u1edd C\u01a1 TG16 - Kawasan","isPartOf":{"@id":"https:\/\/kawasan.vn\/#website"},"primaryImageOfPage":{"@id":"https:\/\/kawasan.vn\/san-pham\/o-cam-hen-gio-co-tg16\/#primaryimage"},"image":{"@id":"https:\/\/kawasan.vn\/san-pham\/o-cam-hen-gio-co-tg16\/#primaryimage"},"thumbnailUrl":"https:\/\/kawasan.vn\/wp-content\/uploads\/2023\/11\/o-cam-hen-gio-co-tg16-kawasan-1.png","datePublished":"2023-11-17T07:01:46+00:00","dateModified":"2025-12-08T09:10:09+00:00","description":"\u1ed4 c\u1eafm h\u1eb9n gi\u1edd c\u01a1 TG16 c\u00f4ng su\u1ea5t t\u1ea3i 300w Led, c\u00e0i \u0111\u01b0\u1ee3c t\u1ed1i thi\u1ec3u 15 ph\u00fat. Ph\u00f9 h\u1ee3p d\u00f9ng cho h\u1ec7 th\u1ed1ng \u0111\u00e8n, qu\u1ea1t trong gia \u0111\u00ecnh.","breadcrumb":{"@id":"https:\/\/kawasan.vn\/san-pham\/o-cam-hen-gio-co-tg16\/#breadcrumb"},"inLanguage":"en-US","potentialAction":[{"@type":"ReadAction","target":["https:\/\/kawasan.vn\/san-pham\/o-cam-hen-gio-co-tg16\/"]}]},{"@type":"ImageObject","inLanguage":"en-US","@id":"https:\/\/kawasan.vn\/san-pham\/o-cam-hen-gio-co-tg16\/#primaryimage","url":"https:\/\/kawasan.vn\/wp-content\/uploads\/2023\/11\/o-cam-hen-gio-co-tg16-kawasan-1.png","contentUrl":"https:\/\/kawasan.vn\/wp-content\/uploads\/2023\/11\/o-cam-hen-gio-co-tg16-kawasan-1.png","width":800,"height":800},{"@type":"BreadcrumbList","@id":"https:\/\/kawasan.vn\/san-pham\/o-cam-hen-gio-co-tg16\/#breadcrumb","itemListElement":[{"@type":"ListItem","position":1,"name":"Trang ch\u1ee7","item":"https:\/\/kawasan.vn\/"},{"@type":"ListItem","position":2,"name":"S\u1ea3n ph\u1ea9m","item":"https:\/\/kawasan.vn\/san-pham\/"},{"@type":"ListItem","position":3,"name":"\u1ed4 C\u1eafm H\u1eb9n Gi\u1edd C\u01a1 TG16"}]},{"@type":"WebSite","@id":"https:\/\/kawasan.vn\/#website","url":"https:\/\/kawasan.vn\/","name":"Kawasan","description":"","potentialAction":[{"@type":"SearchAction","target":{"@type":"EntryPoint","urlTemplate":"https:\/\/kawasan.vn\/?s={search_term_string}"},"query-input":{"@type":"PropertyValueSpecification","valueRequired":true,"valueName":"search_term_string"}}],"inLanguage":"en-US"}]}},"_links":{"self":[{"href":"https:\/\/kawasan.vn\/en\/wp-json\/wp\/v2\/product\/6584","targetHints":{"allow":["GET"]}}],"collection":[{"href":"https:\/\/kawasan.vn\/en\/wp-json\/wp\/v2\/product"}],"about":[{"href":"https:\/\/kawasan.vn\/en\/wp-json\/wp\/v2\/types\/product"}],"replies":[{"embeddable":true,"href":"https:\/\/kawasan.vn\/en\/wp-json\/wp\/v2\/comments?post=6584"}],"version-history":[{"count":1,"href":"https:\/\/kawasan.vn\/en\/wp-json\/wp\/v2\/product\/6584\/revisions"}],"predecessor-version":[{"id":18646,"href":"https:\/\/kawasan.vn\/en\/wp-json\/wp\/v2\/product\/6584\/revisions\/18646"}],"wp:featuredmedia":[{"embeddable":true,"href":"https:\/\/kawasan.vn\/en\/wp-json\/wp\/v2\/media\/15132"}],"wp:attachment":[{"href":"https:\/\/kawasan.vn\/en\/wp-json\/wp\/v2\/media?parent=6584"}],"wp:term":[{"taxonomy":"product_cat","embeddable":true,"href":"https:\/\/kawasan.vn\/en\/wp-json\/wp\/v2\/product_cat?post=6584"},{"taxonomy":"product_tag","embeddable":true,"href":"https:\/\/kawasan.vn\/en\/wp-json\/wp\/v2\/product_tag?post=6584"}],"curies":[{"name":"wp","href":"https:\/\/api.w.org\/{rel}","templated":true}]}}