{"id":6578,"date":"2023-11-01T07:13:53","date_gmt":"2023-11-01T07:13:53","guid":{"rendered":"https:\/\/kawasan.123websitedev.com\/product\/van-cam-ung-tu-xa-bon-tieu-nam-cam-ung-am-tuong-kw-8511\/"},"modified":"2025-12-16T14:52:15","modified_gmt":"2025-12-16T07:52:15","slug":"van-cam-ung-tieu-nam-am-tuong-kw-8511","status":"publish","type":"product","link":"https:\/\/kawasan.vn\/en\/product\/van-cam-ung-tieu-nam-am-tuong-kw-8511\/","title":{"rendered":"Van C\u1ea3m \u1ee8ng Ti\u1ec3u Nam \u00c2m T\u01b0\u1eddng KW-8511"},"content":{"rendered":"<h2><span class=\"ez-toc-section\" id=\"VAN_CAM_UNG_TIEU_NAM_AM_TUONG_KW-8511_BAN_CHAY_NHAT_HIEN_NAY\"><\/span>VAN C\u1ea2M \u1ee8NG TI\u1ec2U NAM \u00c2M T\u01af\u1edcNG KW-8511 B\u00c1N CH\u1ea0Y NH\u1ea4T HI\u1ec6N NAY<span class=\"ez-toc-section-end\"><\/span><\/h2><div id=\"ez-toc-container\" class=\"ez-toc-v2_0_69_1 counter-hierarchy ez-toc-counter ez-toc-grey ez-toc-container-direction\">\n<div class=\"ez-toc-title-container\">\n<p class=\"ez-toc-title\" >N\u1ed9i Dung B&agrave;i Vi\u1ebft<\/p>\n<span class=\"ez-toc-title-toggle\"><a href=\"#\" class=\"ez-toc-pull-right ez-toc-btn ez-toc-btn-xs ez-toc-btn-default ez-toc-toggle\" aria-label=\"Toggle Table of Content\"><span class=\"ez-toc-js-icon-con\"><span class=\"\"><span class=\"eztoc-hide\" style=\"display:none;\">Toggle<\/span><span class=\"ez-toc-icon-toggle-span\"><svg style=\"fill: #999;color:#999\" xmlns=\"http:\/\/www.w3.org\/2000\/svg\" class=\"list-377408\" width=\"20px\" height=\"20px\" viewbox=\"0 0 24 24\" fill=\"none\"><path d=\"M6 6H4v2h2V6zm14 0H8v2h12V6zM4 11h2v2H4v-2zm16 0H8v2h12v-2zM4 16h2v2H4v-2zm16 0H8v2h12v-2z\" fill=\"currentColor\"><\/path><\/svg><svg style=\"fill: #999;color:#999\" class=\"arrow-unsorted-368013\" xmlns=\"http:\/\/www.w3.org\/2000\/svg\" width=\"10px\" height=\"10px\" viewbox=\"0 0 24 24\" version=\"1.2\" baseprofile=\"tiny\"><path d=\"M18.2 9.3l-6.2-6.3-6.2 6.3c-.2.2-.3.4-.3.7s.1.5.3.7c.2.2.4.3.7.3h11c.3 0 .5-.1.7-.3.2-.2.3-.5.3-.7s-.1-.5-.3-.7zM5.8 14.7l6.2 6.3 6.2-6.3c.2-.2.3-.5.3-.7s-.1-.5-.3-.7c-.2-.2-.4-.3-.7-.3h-11c-.3 0-.5.1-.7.3-.2.2-.3.5-.3.7s.1.5.3.7z\"\/><\/svg><\/span><\/span><\/span><\/a><\/span><\/div>\n<nav><ul class='ez-toc-list ez-toc-list-level-1 eztoc-toggle-hide-by-default' ><li class='ez-toc-page-1 ez-toc-heading-level-2'><a class=\"ez-toc-link ez-toc-heading-1\" href=\"https:\/\/kawasan.vn\/en\/product\/van-cam-ung-tieu-nam-am-tuong-kw-8511\/#VAN_CAM_UNG_TIEU_NAM_AM_TUONG_KW-8511_BAN_CHAY_NHAT_HIEN_NAY\" title=\"VAN C\u1ea2M \u1ee8NG TI\u1ec2U NAM \u00c2M T\u01af\u1edcNG KW-8511 B\u00c1N CH\u1ea0Y NH\u1ea4T HI\u1ec6N NAY\">VAN C\u1ea2M \u1ee8NG TI\u1ec2U NAM \u00c2M T\u01af\u1edcNG KW-8511 B\u00c1N CH\u1ea0Y NH\u1ea4T HI\u1ec6N NAY<\/a><\/li><li class='ez-toc-page-1 ez-toc-heading-level-2'><a class=\"ez-toc-link ez-toc-heading-2\" href=\"https:\/\/kawasan.vn\/en\/product\/van-cam-ung-tieu-nam-am-tuong-kw-8511\/#BI_QUYET_LUA_CHON_VAN_XA_TIEU_CAM_BIEN_PHU_HOP_NHAT\" title=\"B\u00cd QUY\u1ebeT\u00a0L\u1ef0A CH\u1eccN\u00a0VAN X\u1ea2 TI\u1ec2U\u00a0C\u1ea2M BI\u1ebeN PH\u00d9 H\u1ee2P NH\u1ea4T\">B\u00cd QUY\u1ebeT\u00a0L\u1ef0A CH\u1eccN\u00a0VAN X\u1ea2 TI\u1ec2U\u00a0C\u1ea2M BI\u1ebeN PH\u00d9 H\u1ee2P NH\u1ea4T<\/a><\/li><li class='ez-toc-page-1 ez-toc-heading-level-2'><a class=\"ez-toc-link ez-toc-heading-3\" href=\"https:\/\/kawasan.vn\/en\/product\/van-cam-ung-tieu-nam-am-tuong-kw-8511\/#CAM_BIEN_TIEU_NAM_DUOC_UNG_DUNG_RONG_RAI_O_MOI_NOI\" title=\"C\u1ea2M BI\u1ebeN TI\u1ec2U NAM \u0110\u01af\u1ee2C \u1ee8NG D\u1ee4NG R\u1ed8NG R\u00c3I \u1ede M\u1eccI N\u01a0I\">C\u1ea2M BI\u1ebeN TI\u1ec2U NAM \u0110\u01af\u1ee2C \u1ee8NG D\u1ee4NG R\u1ed8NG R\u00c3I \u1ede M\u1eccI N\u01a0I<\/a><\/li><li class='ez-toc-page-1 ez-toc-heading-level-2'><a class=\"ez-toc-link ez-toc-heading-4\" href=\"https:\/\/kawasan.vn\/en\/product\/van-cam-ung-tieu-nam-am-tuong-kw-8511\/#VAN_XA_TIEU_NAM_CAM_UNG_MANG_DEN_NHIEU_LOI_ICH_CHO_NGUOI_DUNG\" title=\"VAN X\u1ea2 TI\u1ec2U NAM C\u1ea2M \u1ee8NG MANG \u0110\u1ebeN NHI\u1ec0U L\u1ee2I \u00cdCH CHO NG\u01af\u1edcI D\u00d9NG\">VAN X\u1ea2 TI\u1ec2U NAM C\u1ea2M \u1ee8NG MANG \u0110\u1ebeN NHI\u1ec0U L\u1ee2I \u00cdCH CHO NG\u01af\u1edcI D\u00d9NG<\/a><\/li><\/ul><\/nav><\/div>\n\n<ul>\n<li>Van c\u1ea3m \u1ee9ng ti\u1ec3u nam d\u00f9ng c\u00f4ng ngh\u1ec7 c\u1ea3m bi\u1ebfn h\u1ed3ng ngo\u1ea1i si\u00eau nh\u1ea1y. Thi\u1ebft k\u1ebf chuy\u00ean d\u1ee5ng \u0111\u1ec3 l\u1eafp \u00e2m v\u00e0o t\u01b0\u1eddng t\u0103ng t\u00ednh th\u1ea9m m\u1ef9 cho kh\u00f4ng gian l\u1eafp \u0111\u1eb7t. Chu k\u1ef3 x\u1ea3 n\u01b0\u1edbc th\u00f4ng minh, ti\u1ebft ki\u1ec7m n\u01b0\u1edbc hi\u1ec7u qu\u1ea3 cho ng\u01b0\u1eddi d\u00f9ng. Van ti\u1ec3u nam c\u00f3 2 chu k\u1ef3 x\u1ea3: x\u1ea3 tr\u00e1ng qua 1 l\u1ea7n, sau khi ng\u01b0\u1eddi d\u00f9ng r\u1eddi \u0111i s\u1ebd c\u00f3 1 l\u1ea7n x\u1ea3 d\u1ed9i.<\/li>\n<\/ul>\n<div id=\"attachment_6154\" class=\"wp-caption aligncenter\">\n<figure id=\"attachment_16051\" aria-describedby=\"caption-attachment-16051\" style=\"width: 600px\" class=\"wp-caption aligncenter\"><img loading=\"lazy\" decoding=\"async\" class=\"wp-image-16051\" title=\"Van c\u1ea3m \u1ee9ng ti\u1ec3u nam KW-8511\" src=\"https:\/\/kawasan.vn\/wp-content\/uploads\/2023\/11\/van-xa-tieu-nam-8511-4.jpg\" alt=\"Van c\u1ea3m \u1ee9ng ti\u1ec3u nam KW-8511\" width=\"600\" height=\"638\" srcset=\"https:\/\/kawasan.vn\/wp-content\/uploads\/2023\/11\/van-xa-tieu-nam-8511-4.jpg 600w, https:\/\/kawasan.vn\/wp-content\/uploads\/2023\/11\/van-xa-tieu-nam-8511-4-400x425.jpg 400w\" sizes=\"auto, (max-width: 600px) 100vw, 600px\" \/><figcaption id=\"caption-attachment-16051\" class=\"wp-caption-text\">Van c\u1ea3m \u1ee9ng ti\u1ec3u nam KW-8511<\/figcaption><\/figure>\n<\/div>\n<ul>\n<li>S\u1eed d\u1ee5ng ngu\u1ed3n \u0111i\u1ec7n 180V \u2013 240VAC ho\u1eb7c s\u1eed d\u1ee5ng\u00a0ngu\u1ed3n pin AA 4 c\u1ee5c (6VDC). Khi m\u1ea5t \u0111i\u1ec7n kh\u1ea9n c\u1ea5p van x\u1ea3 ti\u1ec3u s\u1ebd chuy\u1ec3n sang\u00a0d\u00f9ng Pin,\u00a0\u0111\u1ea3m b\u1ea3o van lu\u00f4n \u0111\u01b0\u1ee3c ho\u1ea1t \u0111\u1ed9ng. C\u00f4ng su\u1ea5t c\u1ea3m bi\u1ebfn ti\u1ec3u nam ho\u1ea1t \u0111\u1ed9ng m\u1ea1nh m\u1ebd trung b\u00ecnh 100 l\u1ea7n x\u1ea3\/ng\u00e0y. \u0110\u1ed9 k\u00edn n\u01b0\u1edbc IP56 gi\u00fap ch\u1ed1ng th\u1ea5m n\u01b0\u1edbc v\u00e0 ch\u1ed1ng b\u1ee5i b\u1ea9n hi\u1ec7u qu\u1ea3<\/li>\n<li>Khi c\u00f3 v\u1eadt ch\u1eafn tr\u01b0\u1edbc m\u1eaft c\u1ea3m \u1ee9ng (tay ng\u01b0\u1eddi) kho\u1ea3ng 30-60cm c\u1ea3m bi\u1ebfn nh\u1eadn di\u1ec7n v\u00e0 x\u1ea3 tr\u00e1ng ngay. Mang \u0111\u1ebfn s\u1ef1 ti\u1ec7n l\u1ee3i nhanh ch\u00f3ng cho ng\u01b0\u1eddi d\u00f9ng. \u0110\u1ed3ng th\u1eddi kh\u00f4ng c\u1ea7n d\u00f9ng tay tr\u00e1nh nguy c\u01a1 nhi\u1ec5m khu\u1ea9n \u1ea3nh h\u01b0\u1edfng \u0111\u1ebfn s\u1ee9c kh\u1ecfe.<\/li>\n<li>Thi\u1ebft k\u1ebf tinh t\u1ebf \u0111\u1eb9p m\u1eaft t\u0103ng t\u00ednh th\u1ea9m m\u1ef9 cho kh\u00f4ng gian l\u1eafp \u0111\u1eb7t. Ph\u00f9 h\u1ee3p s\u1eed d\u1ee5ng cho nh\u00e0 v\u1ec7 sinh nam \u1edf kh\u00e1ch s\u1ea1n, trung t\u00e2m h\u1ed9i ngh\u1ecb, bi\u1ec7t th\u1ef1, v\u0103n ph\u00f2ng\u2026<\/li>\n<\/ul>\n<div id=\"attachment_6150\" class=\"wp-caption aligncenter\"><\/div>\n<div>\n<figure id=\"attachment_16047\" aria-describedby=\"caption-attachment-16047\" style=\"width: 800px\" class=\"wp-caption aligncenter\"><img loading=\"lazy\" decoding=\"async\" class=\"wp-image-16047\" title=\"Thi\u1ebft k\u1ebf nh\u1ecf g\u1ecdn \u0111\u1eb9p m\u1eaft t\u0103ng t\u00ednh th\u1ea9m m\u1ef9 cho kh\u00f4ng gian l\u1eafp \u0111\u1eb7t\" src=\"https:\/\/kawasan.vn\/wp-content\/uploads\/2023\/11\/van-xa-tieu-nam-8511-2.jpg\" alt=\"Thi\u1ebft k\u1ebf nh\u1ecf g\u1ecdn \u0111\u1eb9p m\u1eaft t\u0103ng t\u00ednh th\u1ea9m m\u1ef9 cho kh\u00f4ng gian l\u1eafp \u0111\u1eb7t\" width=\"800\" height=\"292\" srcset=\"https:\/\/kawasan.vn\/wp-content\/uploads\/2023\/11\/van-xa-tieu-nam-8511-2-768x280.jpg 768w, https:\/\/kawasan.vn\/wp-content\/uploads\/2023\/11\/van-xa-tieu-nam-8511-2-640x234.jpg 640w, https:\/\/kawasan.vn\/wp-content\/uploads\/2023\/11\/van-xa-tieu-nam-8511-2-400x146.jpg 400w\" sizes=\"auto, (max-width: 800px) 100vw, 800px\" \/><figcaption id=\"caption-attachment-16047\" class=\"wp-caption-text\">Thi\u1ebft k\u1ebf nh\u1ecf g\u1ecdn \u0111\u1eb9p m\u1eaft t\u0103ng t\u00ednh th\u1ea9m m\u1ef9 cho kh\u00f4ng gian l\u1eafp \u0111\u1eb7t<\/figcaption><\/figure>\n<\/div>\n<h2><span class=\"ez-toc-section\" id=\"BI_QUYET_LUA_CHON_VAN_XA_TIEU_CAM_BIEN_PHU_HOP_NHAT\"><\/span>B\u00cd QUY\u1ebeT\u00a0L\u1ef0A CH\u1eccN\u00a0VAN X\u1ea2 TI\u1ec2U\u00a0C\u1ea2M BI\u1ebeN PH\u00d9 H\u1ee2P NH\u1ea4T<span class=\"ez-toc-section-end\"><\/span><\/h2>\n<p>Hi\u1ec7n nay c\u00f3 r\u1ea5t nhi\u1ec1u lo\u1ea1i van x\u1ea3 ti\u1ec3u c\u1ea3m bi\u1ebfn kh\u00e1c nhau \u0111\u1ebfn t\u1eeb nhi\u1ec1u th\u01b0\u01a1ng hi\u1ec7u.\u00a0\u0110\u1ec3 c\u00f3 th\u1ec3 ch\u1ecdn \u0111\u01b0\u1ee3c van x\u1ea3 ti\u1ec3u ph\u00f9 h\u1ee3p nh\u1ea5t v\u1edbi nhu c\u1ea7u s\u1eed d\u1ee5ng. \u0110\u1ed3ng th\u1eddi \u0111\u1ea3m b\u1ea3o \u0111\u01b0\u1ee3c ch\u1ea5t l\u01b0\u1ee3ng s\u1ea3n ph\u1ea9m, kh\u00e1ch h\u00e0ng c\u1ea7n l\u01b0u \u00fd c\u00e1c \u0111i\u1ec3m sau khi mua h\u00e0ng:<\/p>\n<ul>\n<li>Ch\u1ecdn th\u01b0\u01a1ng hi\u1ec7u ch\u00ednh h\u00e3ng \u2013\u00a0uy t\u00edn: Hi\u1ec7n nay tr\u00ean th\u1ecb tr\u01b0\u1eddng c\u00f3 nhi\u1ec1u th\u01b0\u01a1ng hi\u1ec7u uy t\u00edn nh\u01b0: <a href=\"https:\/\/kawasan.com.vn\/\" target=\"_blank\" rel=\"noopener\">Kawasan<\/a>, Inax, Toto\u2026\u0111\u01b0\u1ee3c r\u1ea5t nhi\u1ec1u ng\u01b0\u1eddi d\u00f9ng l\u1ef1a ch\u1ecdn v\u00e0 tin d\u00f9ng.<\/li>\n<li>Ch\u00fa \u00fd v\u1ec1 nh\u00e3n m\u00e1c, tem b\u1ea3o h\u00e0nh tr\u00ean s\u1ea3n ph\u1ea9m: Khi mua b\u1ea5t c\u1ee9 s\u1ea3n ph\u1ea9m n\u00e0o, \u0111\u1eb7c bi\u1ec7t l\u00e0 c\u00e1c thi\u1ebft b\u1ecb v\u1ec1 \u0111i\u1ec7n. Kkh\u00e1ch h\u00e0ng c\u1ea7n ch\u00fa \u00fd nhi\u1ec1u \u0111\u1ebfn tem, m\u00e1c c\u00f3 tr\u00ean bao b\u00ec s\u1ea3n ph\u1ea9m\u00a0\u0111\u1ec3 tr\u00e1nh mua ph\u1ea3i h\u00e0ng gi\u1ea3, h\u00e0ng k\u00e9m ch\u1ea5t l\u01b0\u1ee3ng. T\u00ecm hi\u1ec3u k\u1ef9 th\u00f4ng tin v\u1ec1 s\u1ea3n ph\u1ea9m \u0111\u1ec3 c\u00f3 d\u1eef li\u1ec7u so s\u00e1nh tr\u01b0\u1edbc khi mua.<\/li>\n<li>Xem x\u00e9t k\u1ef9 l\u01b0\u1ee3ng v\u1ec1 \u0111\u1ed9 b\u1ec1n, ch\u1ee9c n\u0103ng, c\u00f4ng su\u1ea5t l\u00e0m vi\u1ec7c v\u00e0 \u0111\u1ed9 an to\u00e0n cho ng\u01b0\u1eddi s\u1eed d\u1ee5ng.<\/li>\n<li>Nh\u00ecn k\u1ef9 c\u1ea5u t\u1ea1o, ch\u1ee9c n\u0103ng v\u00e0 c\u00e1ch d\u00f9ng: \u0111\u1ec3 ph\u00e2n bi\u1ec7t h\u00e0ng ch\u1ea5t l\u01b0\u1ee3ng v\u00e0 h\u00e0ng nh\u00e1i. Kh\u00e1ch h\u00e0ng c\u0169ng c\u00f3 th\u1ec3 t\u00ecm hi\u1ec3u th\u00eam th\u00f4ng tin v\u1ec1 b\u1ed9 ngu\u1ed3n v\u00e0 l\u1edbp b\u00ean ngo\u00e0i c\u1ee7a van x\u1ea3. \u0110\u1ed1i v\u1edbi lo\u1ea1i c\u1ea3m bi\u1ebfn gi\u1ea3, trong b\u1ed9 ngu\u1ed3n s\u1ebd thi\u1ebft \u0111i v\u00e0i linh ki\u1ec7n, l\u1edbp v\u1ecf ngo\u00e0i \u0111\u01b0\u1ee3c l\u00e0m s\u01a1 s\u00e0i kh\u00f4ng th\u1ec3 ch\u1ed1ng n\u01b0\u1edbc\u2026D\u1ef1a v\u00e0o nh\u1eefng th\u00f4ng tin tr\u00ean, kh\u00e1ch h\u00e0ng c\u00f3 th\u1ec3 ch\u1ecdn \u0111\u01b0\u1ee3c nh\u1eefng m\u1eabu van c\u1ea3m \u1ee9ng x\u00e3 ti\u1ec3u nam t\u1ed1t nh\u1ea5t.<\/li>\n<\/ul>\n<h2><span class=\"ez-toc-section\" id=\"CAM_BIEN_TIEU_NAM_DUOC_UNG_DUNG_RONG_RAI_O_MOI_NOI\"><\/span>C\u1ea2M BI\u1ebeN TI\u1ec2U NAM \u0110\u01af\u1ee2C \u1ee8NG D\u1ee4NG R\u1ed8NG R\u00c3I \u1ede M\u1eccI N\u01a0I<span class=\"ez-toc-section-end\"><\/span><\/h2>\n<p>Van x\u1ea3 ti\u1ec3u \u00e2m t\u01b0\u1eddng \u0111\u01b0\u1ee3c \u1ee9ng d\u1ee5ng cho c\u00e1c nh\u00e0 v\u1ec7 sinh c\u00f4ng c\u1ed9ng, nh\u00e0 h\u00e0ng, trung t\u00e2m h\u1ed9i ngh\u1ecb, tr\u01b0\u1eddng h\u1ecdc, nh\u00e0 ri\u00eang, nh\u00e0 ngh\u1ec9, kh\u00e1ch s\u1ea1n, resort\u2026<\/p>\n<figure id=\"attachment_16050\" aria-describedby=\"caption-attachment-16050\" style=\"width: 800px\" class=\"wp-caption aligncenter\"><img loading=\"lazy\" decoding=\"async\" class=\"wp-image-16050\" title=\"C\u1ea3m bi\u1ebfn ti\u1ec3u nam \u0111\u01b0\u1ee3c \u1ee9ng d\u1ee5ng \u1edf nhi\u1ec1u khu v\u1ef1c\" src=\"https:\/\/kawasan.vn\/wp-content\/uploads\/2023\/11\/van-xa-tieu-nam-8511-3.png\" alt=\"C\u1ea3m bi\u1ebfn ti\u1ec3u nam \u0111\u01b0\u1ee3c \u1ee9ng d\u1ee5ng \u1edf nhi\u1ec1u khu v\u1ef1c\" width=\"800\" height=\"533\" srcset=\"https:\/\/kawasan.vn\/wp-content\/uploads\/2023\/11\/van-xa-tieu-nam-8511-3.png 600w, https:\/\/kawasan.vn\/wp-content\/uploads\/2023\/11\/van-xa-tieu-nam-8511-3-400x267.png 400w\" sizes=\"auto, (max-width: 800px) 100vw, 800px\" \/><figcaption id=\"caption-attachment-16050\" class=\"wp-caption-text\">C\u1ea3m bi\u1ebfn ti\u1ec3u nam \u0111\u01b0\u1ee3c \u1ee9ng d\u1ee5ng \u1edf nhi\u1ec1u khu v\u1ef1c<\/figcaption><\/figure>\n<h2><span class=\"ez-toc-section\" id=\"VAN_XA_TIEU_NAM_CAM_UNG_MANG_DEN_NHIEU_LOI_ICH_CHO_NGUOI_DUNG\"><\/span>VAN X\u1ea2 TI\u1ec2U NAM C\u1ea2M \u1ee8NG MANG \u0110\u1ebeN NHI\u1ec0U L\u1ee2I \u00cdCH CHO NG\u01af\u1edcI D\u00d9NG<span class=\"ez-toc-section-end\"><\/span><\/h2>\n<ul>\n<li>Ti\u1ebft ki\u1ec7m n\u01b0\u1edbc hi\u1ec7u qu\u1ea3: Tr\u00e1nh t\u00ecnh tr\u1ea1ng van x\u1ea3 b\u1ecb nh\u1ecf gi\u1ecdt, l\u01b0\u1ee3ng n\u01b0\u1edbc x\u1ea3 khi d\u00f9ng nhi\u1ec1u g\u00e2y l\u00e3ng ph\u00ed n\u01b0\u1edbc.<\/li>\n<li><a href=\"https:\/\/kawasan.vn\/en\/product-category\/thiet-bi-ve-sinh-thong-minh\/\" target=\"_blank\" rel=\"noopener\">Thi\u1ebft b\u1ecb v\u1ec7 sinh<\/a> an to\u00e0n cho s\u1ee9c kh\u1ecfe: Kh\u00f4ng c\u1ea7n ch\u1ea1m tay v\u00e0o n\u00fat nh\u1ea5n, gi\u1ea3m nguy c\u01a1 l\u00e2y nhi\u1ec5m vi khu\u1ea9n.<\/li>\n<li>Ti\u1ebft ki\u1ec7m chi ph\u00ed:\u00a0gi\u1ea3m chi ph\u00ed thay m\u1edbi, s\u1eeda ch\u1eefa n\u00fat nh\u1ea5n tay truy\u1ec1n th\u1ed1ng.<\/li>\n<li>T\u0103ng t\u00ednh th\u1ea9m m\u1ef9 cho kh\u00f4ng gian l\u1eafp \u0111\u1eb7t: Thi\u1ebft k\u1ebf d\u1ea1ng \u00e2m t\u01b0\u1eddng \u0111\u1eb9p m\u1eaft. Van c\u1ea3m \u1ee9ng ti\u1ec3u nam kh\u00f4ng b\u1ecb nh\u1ecf gi\u1ecdt n\u00ean gi\u1ea3m hi\u1ec7n t\u01b0\u1ee3ng \u1ea9m m\u1ed1c l\u00e0m m\u1ea5t t\u00ednh th\u1ea9m m\u1ef9.<\/li>\n<li>Van x\u1ea3 ti\u1ec3u nam c\u1ea3m \u1ee9ng c\u00f3 th\u1ec3 d\u00f9ng ngu\u1ed3n \u0111i\u1ec7n 110-220v ho\u1eb7c chuy\u1ec3n xu\u1ed1ng d\u00f9ng ngu\u1ed3n Pin 6 VDC ti\u1ec7n d\u1ee5ng.<\/li>\n<\/ul>\n<div id=\"attachment_6152\" class=\"wp-caption aligncenter\">\n<figure id=\"attachment_16040\" aria-describedby=\"caption-attachment-16040\" style=\"width: 600px\" class=\"wp-caption aligncenter\"><img loading=\"lazy\" decoding=\"async\" class=\"wp-image-16040\" title=\"Van x\u1ea3 ti\u1ec3u c\u1ea3m \u1ee9ng mang \u0111\u1ebfn nhi\u1ec1u l\u1ee3i \u00edch cho ng\u01b0\u1eddi d\u00f9ng\" src=\"https:\/\/kawasan.vn\/wp-content\/uploads\/2023\/11\/voi-rua-tay-cam-ung-kw-8505-7.jpg\" alt=\"Van x\u1ea3 ti\u1ec3u c\u1ea3m \u1ee9ng mang \u0111\u1ebfn nhi\u1ec1u l\u1ee3i \u00edch cho ng\u01b0\u1eddi d\u00f9ng\" width=\"600\" height=\"878\" \/><figcaption id=\"caption-attachment-16040\" class=\"wp-caption-text\">Van x\u1ea3 ti\u1ec3u c\u1ea3m \u1ee9ng mang \u0111\u1ebfn nhi\u1ec1u l\u1ee3i \u00edch cho ng\u01b0\u1eddi d\u00f9ng<\/figcaption><\/figure>\n<\/div>\n<div id=\"attachment_6148\" class=\"wp-caption aligncenter\">\n<figure id=\"attachment_16046\" aria-describedby=\"caption-attachment-16046\" style=\"width: 600px\" class=\"wp-caption aligncenter\"><img loading=\"lazy\" decoding=\"async\" class=\"wp-image-16046\" title=\"Gi\u00fap ng\u01b0\u1eddi d\u00f9ng tr\u00e1nh ti\u1ebfp x\u00fac v\u1edbi vi khu\u1ea9n\" src=\"https:\/\/kawasan.vn\/wp-content\/uploads\/2023\/11\/van-xa-tieu-nam-8511-1.jpg\" alt=\"Gi\u00fap ng\u01b0\u1eddi d\u00f9ng tr\u00e1nh ti\u1ebfp x\u00fac v\u1edbi vi khu\u1ea9n\" width=\"600\" height=\"338\" \/><figcaption id=\"caption-attachment-16046\" class=\"wp-caption-text\">Gi\u00fap ng\u01b0\u1eddi d\u00f9ng tr\u00e1nh ti\u1ebfp x\u00fac v\u1edbi vi khu\u1ea9n<\/figcaption><\/figure>\n<\/div>","protected":false},"excerpt":{"rendered":"<p>Nh\u00e0 s\u1ea3n xu\u1ea5t: KawasanM\u00e3 s\u1ea3n ph\u1ea9m: KW-8511T\u00ecnh tr\u1ea1ng:C\u00f2n h\u00e0ng<\/p>","protected":false},"featured_media":16052,"comment_status":"open","ping_status":"closed","template":"","meta":{"_yoast_wpseo_focuskw":"Van c\u1ea3m \u1ee9ng ti\u1ec3u nam","_yoast_wpseo_metadesc":"Van c\u1ea3m \u1ee9ng ti\u1ec3u nam thi\u1ebft k\u1ebf l\u1eafp \u00e2m t\u01b0\u1eddng ti\u1ec7n d\u1ee5ng. C\u00f3 2 chu k\u1ef3 x\u1ea3: x\u1ea3 tr\u00e1ng qua 1 l\u1ea7n, sau khi ng\u01b0\u1eddi d\u00f9ng r\u1eddi \u0111i s\u1ebd c\u00f3 1 l\u1ea7n x\u1ea3 d\u1ed9i.","_yoast_wpseo_focuskeywords":"","_yoast_wpseo_keyword_synonyms":""},"product_cat":[81],"product_tag":[1353,1358,1354,1355,1361,1360,1363,1352,1356,764,1364,1362,1357,1365,767,765,766,1359],"class_list":["post-6578","product","type-product","status-publish","has-post-thumbnail","hentry","product_cat-thiet-bi-ve-sinh-thong-minh","product_tag-bo-tieu-nam","product_tag-bo-xa-tieu-nam","product_tag-bon-tieu-cam-ung","product_tag-bon-tieu-nam-cam-ung","product_tag-cam-bien-bon-tieu-nam","product_tag-cam-bien-tieu-nam","product_tag-cam-ung-tieu-nam","product_tag-kich-thuoc-tieu-nam","product_tag-tieu-nam-cam-ung","product_tag-van-cam-ung-tieu-nam","product_tag-van-xa-cam-ung-tieu-nam","product_tag-van-xa-nuoc-bon-tieu-nam","product_tag-van-xa-tieu","product_tag-van-xa-tieu-cam-ung","product_tag-van-xa-tieu-nam","product_tag-van-xa-tieu-nam-am-tuong","product_tag-van-xa-tieu-nam-cam-ung","product_tag-xa-tieu-nam"],"acf":[],"yoast_head":"<!-- This site is optimized with the Yoast SEO Premium plugin v24.9 (Yoast SEO v24.9) - https:\/\/yoast.com\/wordpress\/plugins\/seo\/ -->\n<title>Van C\u1ea3m \u1ee8ng Ti\u1ec3u Nam \u00c2m T\u01b0\u1eddng KW-8511 - Kawasan<\/title>\n<meta name=\"description\" content=\"Van c\u1ea3m \u1ee9ng ti\u1ec3u nam thi\u1ebft k\u1ebf l\u1eafp \u00e2m t\u01b0\u1eddng ti\u1ec7n d\u1ee5ng. C\u00f3 2 chu k\u1ef3 x\u1ea3: x\u1ea3 tr\u00e1ng qua 1 l\u1ea7n, sau khi ng\u01b0\u1eddi d\u00f9ng r\u1eddi \u0111i s\u1ebd c\u00f3 1 l\u1ea7n x\u1ea3 d\u1ed9i.\" \/>\n<meta name=\"robots\" content=\"index, follow, max-snippet:-1, max-image-preview:large, max-video-preview:-1\" \/>\n<link rel=\"canonical\" href=\"https:\/\/kawasan.vn\/en\/product\/van-cam-ung-tieu-nam-am-tuong-kw-8511\/\" \/>\n<meta property=\"og:locale\" content=\"en_US\" \/>\n<meta property=\"og:type\" content=\"article\" \/>\n<meta property=\"og:title\" content=\"Van C\u1ea3m \u1ee8ng Ti\u1ec3u Nam \u00c2m T\u01b0\u1eddng KW-8511\" \/>\n<meta property=\"og:description\" content=\"Van c\u1ea3m \u1ee9ng ti\u1ec3u nam thi\u1ebft k\u1ebf l\u1eafp \u00e2m t\u01b0\u1eddng ti\u1ec7n d\u1ee5ng. C\u00f3 2 chu k\u1ef3 x\u1ea3: x\u1ea3 tr\u00e1ng qua 1 l\u1ea7n, sau khi ng\u01b0\u1eddi d\u00f9ng r\u1eddi \u0111i s\u1ebd c\u00f3 1 l\u1ea7n x\u1ea3 d\u1ed9i.\" \/>\n<meta property=\"og:url\" content=\"https:\/\/kawasan.vn\/en\/product\/van-cam-ung-tieu-nam-am-tuong-kw-8511\/\" \/>\n<meta property=\"og:site_name\" content=\"Kawasan\" \/>\n<meta property=\"article:modified_time\" content=\"2025-12-16T07:52:15+00:00\" \/>\n<meta property=\"og:image\" content=\"https:\/\/kawasan.vn\/wp-content\/uploads\/2023\/11\/van-xa-tieu-nam-8511-4-270x270-1.jpg\" \/>\n\t<meta property=\"og:image:width\" content=\"270\" \/>\n\t<meta property=\"og:image:height\" content=\"270\" \/>\n\t<meta property=\"og:image:type\" content=\"image\/jpeg\" \/>\n<meta name=\"twitter:card\" content=\"summary_large_image\" \/>\n<meta name=\"twitter:label1\" content=\"Est. reading time\" \/>\n\t<meta name=\"twitter:data1\" content=\"6 minutes\" \/>\n<script type=\"application\/ld+json\" class=\"yoast-schema-graph\">{\"@context\":\"https:\/\/schema.org\",\"@graph\":[{\"@type\":\"WebPage\",\"@id\":\"https:\/\/kawasan.vn\/san-pham\/van-cam-ung-tieu-nam-am-tuong-kw-8511\/\",\"url\":\"https:\/\/kawasan.vn\/san-pham\/van-cam-ung-tieu-nam-am-tuong-kw-8511\/\",\"name\":\"Van C\u1ea3m \u1ee8ng Ti\u1ec3u Nam \u00c2m T\u01b0\u1eddng KW-8511 - Kawasan\",\"isPartOf\":{\"@id\":\"https:\/\/kawasan.vn\/#website\"},\"primaryImageOfPage\":{\"@id\":\"https:\/\/kawasan.vn\/san-pham\/van-cam-ung-tieu-nam-am-tuong-kw-8511\/#primaryimage\"},\"image\":{\"@id\":\"https:\/\/kawasan.vn\/san-pham\/van-cam-ung-tieu-nam-am-tuong-kw-8511\/#primaryimage\"},\"thumbnailUrl\":\"https:\/\/kawasan.vn\/wp-content\/uploads\/2023\/11\/van-xa-tieu-nam-8511-4-270x270-1.jpg\",\"datePublished\":\"2023-11-01T07:13:53+00:00\",\"dateModified\":\"2025-12-16T07:52:15+00:00\",\"description\":\"Van c\u1ea3m \u1ee9ng ti\u1ec3u nam thi\u1ebft k\u1ebf l\u1eafp \u00e2m t\u01b0\u1eddng ti\u1ec7n d\u1ee5ng. C\u00f3 2 chu k\u1ef3 x\u1ea3: x\u1ea3 tr\u00e1ng qua 1 l\u1ea7n, sau khi ng\u01b0\u1eddi d\u00f9ng r\u1eddi \u0111i s\u1ebd c\u00f3 1 l\u1ea7n x\u1ea3 d\u1ed9i.\",\"breadcrumb\":{\"@id\":\"https:\/\/kawasan.vn\/san-pham\/van-cam-ung-tieu-nam-am-tuong-kw-8511\/#breadcrumb\"},\"inLanguage\":\"en-US\",\"potentialAction\":[{\"@type\":\"ReadAction\",\"target\":[\"https:\/\/kawasan.vn\/san-pham\/van-cam-ung-tieu-nam-am-tuong-kw-8511\/\"]}]},{\"@type\":\"ImageObject\",\"inLanguage\":\"en-US\",\"@id\":\"https:\/\/kawasan.vn\/san-pham\/van-cam-ung-tieu-nam-am-tuong-kw-8511\/#primaryimage\",\"url\":\"https:\/\/kawasan.vn\/wp-content\/uploads\/2023\/11\/van-xa-tieu-nam-8511-4-270x270-1.jpg\",\"contentUrl\":\"https:\/\/kawasan.vn\/wp-content\/uploads\/2023\/11\/van-xa-tieu-nam-8511-4-270x270-1.jpg\",\"width\":270,\"height\":270},{\"@type\":\"BreadcrumbList\",\"@id\":\"https:\/\/kawasan.vn\/san-pham\/van-cam-ung-tieu-nam-am-tuong-kw-8511\/#breadcrumb\",\"itemListElement\":[{\"@type\":\"ListItem\",\"position\":1,\"name\":\"Trang ch\u1ee7\",\"item\":\"https:\/\/kawasan.vn\/\"},{\"@type\":\"ListItem\",\"position\":2,\"name\":\"S\u1ea3n ph\u1ea9m\",\"item\":\"https:\/\/kawasan.vn\/san-pham\/\"},{\"@type\":\"ListItem\",\"position\":3,\"name\":\"Van C\u1ea3m \u1ee8ng Ti\u1ec3u Nam \u00c2m T\u01b0\u1eddng KW-8511\"}]},{\"@type\":\"WebSite\",\"@id\":\"https:\/\/kawasan.vn\/#website\",\"url\":\"https:\/\/kawasan.vn\/\",\"name\":\"Kawasan\",\"description\":\"\",\"potentialAction\":[{\"@type\":\"SearchAction\",\"target\":{\"@type\":\"EntryPoint\",\"urlTemplate\":\"https:\/\/kawasan.vn\/?s={search_term_string}\"},\"query-input\":{\"@type\":\"PropertyValueSpecification\",\"valueRequired\":true,\"valueName\":\"search_term_string\"}}],\"inLanguage\":\"en-US\"}]}<\/script>\n<!-- \/ Yoast SEO Premium plugin. -->","yoast_head_json":{"title":"Van C\u1ea3m \u1ee8ng Ti\u1ec3u Nam \u00c2m T\u01b0\u1eddng KW-8511 - Kawasan","description":"Van c\u1ea3m \u1ee9ng ti\u1ec3u nam thi\u1ebft k\u1ebf l\u1eafp \u00e2m t\u01b0\u1eddng ti\u1ec7n d\u1ee5ng. C\u00f3 2 chu k\u1ef3 x\u1ea3: x\u1ea3 tr\u00e1ng qua 1 l\u1ea7n, sau khi ng\u01b0\u1eddi d\u00f9ng r\u1eddi \u0111i s\u1ebd c\u00f3 1 l\u1ea7n x\u1ea3 d\u1ed9i.","robots":{"index":"index","follow":"follow","max-snippet":"max-snippet:-1","max-image-preview":"max-image-preview:large","max-video-preview":"max-video-preview:-1"},"canonical":"https:\/\/kawasan.vn\/en\/product\/van-cam-ung-tieu-nam-am-tuong-kw-8511\/","og_locale":"en_US","og_type":"article","og_title":"Van C\u1ea3m \u1ee8ng Ti\u1ec3u Nam \u00c2m T\u01b0\u1eddng KW-8511","og_description":"Van c\u1ea3m \u1ee9ng ti\u1ec3u nam thi\u1ebft k\u1ebf l\u1eafp \u00e2m t\u01b0\u1eddng ti\u1ec7n d\u1ee5ng. C\u00f3 2 chu k\u1ef3 x\u1ea3: x\u1ea3 tr\u00e1ng qua 1 l\u1ea7n, sau khi ng\u01b0\u1eddi d\u00f9ng r\u1eddi \u0111i s\u1ebd c\u00f3 1 l\u1ea7n x\u1ea3 d\u1ed9i.","og_url":"https:\/\/kawasan.vn\/en\/product\/van-cam-ung-tieu-nam-am-tuong-kw-8511\/","og_site_name":"Kawasan","article_modified_time":"2025-12-16T07:52:15+00:00","og_image":[{"width":270,"height":270,"url":"https:\/\/kawasan.vn\/wp-content\/uploads\/2023\/11\/van-xa-tieu-nam-8511-4-270x270-1.jpg","type":"image\/jpeg"}],"twitter_card":"summary_large_image","twitter_misc":{"Est. reading time":"6 minutes"},"schema":{"@context":"https:\/\/schema.org","@graph":[{"@type":"WebPage","@id":"https:\/\/kawasan.vn\/san-pham\/van-cam-ung-tieu-nam-am-tuong-kw-8511\/","url":"https:\/\/kawasan.vn\/san-pham\/van-cam-ung-tieu-nam-am-tuong-kw-8511\/","name":"Van C\u1ea3m \u1ee8ng Ti\u1ec3u Nam \u00c2m T\u01b0\u1eddng KW-8511 - Kawasan","isPartOf":{"@id":"https:\/\/kawasan.vn\/#website"},"primaryImageOfPage":{"@id":"https:\/\/kawasan.vn\/san-pham\/van-cam-ung-tieu-nam-am-tuong-kw-8511\/#primaryimage"},"image":{"@id":"https:\/\/kawasan.vn\/san-pham\/van-cam-ung-tieu-nam-am-tuong-kw-8511\/#primaryimage"},"thumbnailUrl":"https:\/\/kawasan.vn\/wp-content\/uploads\/2023\/11\/van-xa-tieu-nam-8511-4-270x270-1.jpg","datePublished":"2023-11-01T07:13:53+00:00","dateModified":"2025-12-16T07:52:15+00:00","description":"Van c\u1ea3m \u1ee9ng ti\u1ec3u nam thi\u1ebft k\u1ebf l\u1eafp \u00e2m t\u01b0\u1eddng ti\u1ec7n d\u1ee5ng. C\u00f3 2 chu k\u1ef3 x\u1ea3: x\u1ea3 tr\u00e1ng qua 1 l\u1ea7n, sau khi ng\u01b0\u1eddi d\u00f9ng r\u1eddi \u0111i s\u1ebd c\u00f3 1 l\u1ea7n x\u1ea3 d\u1ed9i.","breadcrumb":{"@id":"https:\/\/kawasan.vn\/san-pham\/van-cam-ung-tieu-nam-am-tuong-kw-8511\/#breadcrumb"},"inLanguage":"en-US","potentialAction":[{"@type":"ReadAction","target":["https:\/\/kawasan.vn\/san-pham\/van-cam-ung-tieu-nam-am-tuong-kw-8511\/"]}]},{"@type":"ImageObject","inLanguage":"en-US","@id":"https:\/\/kawasan.vn\/san-pham\/van-cam-ung-tieu-nam-am-tuong-kw-8511\/#primaryimage","url":"https:\/\/kawasan.vn\/wp-content\/uploads\/2023\/11\/van-xa-tieu-nam-8511-4-270x270-1.jpg","contentUrl":"https:\/\/kawasan.vn\/wp-content\/uploads\/2023\/11\/van-xa-tieu-nam-8511-4-270x270-1.jpg","width":270,"height":270},{"@type":"BreadcrumbList","@id":"https:\/\/kawasan.vn\/san-pham\/van-cam-ung-tieu-nam-am-tuong-kw-8511\/#breadcrumb","itemListElement":[{"@type":"ListItem","position":1,"name":"Trang ch\u1ee7","item":"https:\/\/kawasan.vn\/"},{"@type":"ListItem","position":2,"name":"S\u1ea3n ph\u1ea9m","item":"https:\/\/kawasan.vn\/san-pham\/"},{"@type":"ListItem","position":3,"name":"Van C\u1ea3m \u1ee8ng Ti\u1ec3u Nam \u00c2m T\u01b0\u1eddng KW-8511"}]},{"@type":"WebSite","@id":"https:\/\/kawasan.vn\/#website","url":"https:\/\/kawasan.vn\/","name":"Kawasan","description":"","potentialAction":[{"@type":"SearchAction","target":{"@type":"EntryPoint","urlTemplate":"https:\/\/kawasan.vn\/?s={search_term_string}"},"query-input":{"@type":"PropertyValueSpecification","valueRequired":true,"valueName":"search_term_string"}}],"inLanguage":"en-US"}]}},"_links":{"self":[{"href":"https:\/\/kawasan.vn\/en\/wp-json\/wp\/v2\/product\/6578","targetHints":{"allow":["GET"]}}],"collection":[{"href":"https:\/\/kawasan.vn\/en\/wp-json\/wp\/v2\/product"}],"about":[{"href":"https:\/\/kawasan.vn\/en\/wp-json\/wp\/v2\/types\/product"}],"replies":[{"embeddable":true,"href":"https:\/\/kawasan.vn\/en\/wp-json\/wp\/v2\/comments?post=6578"}],"version-history":[{"count":1,"href":"https:\/\/kawasan.vn\/en\/wp-json\/wp\/v2\/product\/6578\/revisions"}],"predecessor-version":[{"id":18666,"href":"https:\/\/kawasan.vn\/en\/wp-json\/wp\/v2\/product\/6578\/revisions\/18666"}],"wp:featuredmedia":[{"embeddable":true,"href":"https:\/\/kawasan.vn\/en\/wp-json\/wp\/v2\/media\/16052"}],"wp:attachment":[{"href":"https:\/\/kawasan.vn\/en\/wp-json\/wp\/v2\/media?parent=6578"}],"wp:term":[{"taxonomy":"product_cat","embeddable":true,"href":"https:\/\/kawasan.vn\/en\/wp-json\/wp\/v2\/product_cat?post=6578"},{"taxonomy":"product_tag","embeddable":true,"href":"https:\/\/kawasan.vn\/en\/wp-json\/wp\/v2\/product_tag?post=6578"}],"curies":[{"name":"wp","href":"https:\/\/api.w.org\/{rel}","templated":true}]}}