{"id":6540,"date":"2023-11-17T07:06:28","date_gmt":"2023-11-17T07:06:28","guid":{"rendered":"https:\/\/kawasan.123websitedev.com\/product\/cong-tac-cam-ung-cham-ctd1-r\/"},"modified":"2026-02-02T16:21:09","modified_gmt":"2026-02-02T09:21:09","slug":"cong-tac-cam-ung-cham-ctd1-r","status":"publish","type":"product","link":"https:\/\/kawasan.vn\/en\/product\/cong-tac-cam-ung-cham-ctd1-r\/","title":{"rendered":"C\u00f4ng T\u1eafc CTD1-R C\u1ea3m \u1ee8ng Ch\u1ea1m"},"content":{"rendered":"<div>\n<h2><span class=\"ez-toc-section\" id=\"1-GIOI_THIEU_Cong_Tac_CTD1-R_Cam_Ung_Cham\"><\/span><strong><u>1-GI\u1edaI THI\u1ec6U: C\u00f4ng T\u1eafc CTD1-R C\u1ea3m \u1ee8ng Ch\u1ea1m<\/u><\/strong><span class=\"ez-toc-section-end\"><\/span><\/h2><div id=\"ez-toc-container\" class=\"ez-toc-v2_0_69_1 counter-hierarchy ez-toc-counter ez-toc-grey ez-toc-container-direction\">\n<div class=\"ez-toc-title-container\">\n<p class=\"ez-toc-title\" >N\u1ed9i Dung B&agrave;i Vi\u1ebft<\/p>\n<span class=\"ez-toc-title-toggle\"><a href=\"#\" class=\"ez-toc-pull-right ez-toc-btn ez-toc-btn-xs ez-toc-btn-default ez-toc-toggle\" aria-label=\"Toggle Table of Content\"><span class=\"ez-toc-js-icon-con\"><span class=\"\"><span class=\"eztoc-hide\" style=\"display:none;\">Toggle<\/span><span class=\"ez-toc-icon-toggle-span\"><svg style=\"fill: #999;color:#999\" xmlns=\"http:\/\/www.w3.org\/2000\/svg\" class=\"list-377408\" width=\"20px\" height=\"20px\" viewbox=\"0 0 24 24\" fill=\"none\"><path d=\"M6 6H4v2h2V6zm14 0H8v2h12V6zM4 11h2v2H4v-2zm16 0H8v2h12v-2zM4 16h2v2H4v-2zm16 0H8v2h12v-2z\" fill=\"currentColor\"><\/path><\/svg><svg style=\"fill: #999;color:#999\" class=\"arrow-unsorted-368013\" xmlns=\"http:\/\/www.w3.org\/2000\/svg\" width=\"10px\" height=\"10px\" viewbox=\"0 0 24 24\" version=\"1.2\" baseprofile=\"tiny\"><path d=\"M18.2 9.3l-6.2-6.3-6.2 6.3c-.2.2-.3.4-.3.7s.1.5.3.7c.2.2.4.3.7.3h11c.3 0 .5-.1.7-.3.2-.2.3-.5.3-.7s-.1-.5-.3-.7zM5.8 14.7l6.2 6.3 6.2-6.3c.2-.2.3-.5.3-.7s-.1-.5-.3-.7c-.2-.2-.4-.3-.7-.3h-11c-.3 0-.5.1-.7.3-.2.2-.3.5-.3.7s.1.5.3.7z\"\/><\/svg><\/span><\/span><\/span><\/a><\/span><\/div>\n<nav><ul class='ez-toc-list ez-toc-list-level-1 eztoc-toggle-hide-by-default' ><li class='ez-toc-page-1 ez-toc-heading-level-2'><a class=\"ez-toc-link ez-toc-heading-1\" href=\"https:\/\/kawasan.vn\/en\/product\/cong-tac-cam-ung-cham-ctd1-r\/#1-GIOI_THIEU_Cong_Tac_CTD1-R_Cam_Ung_Cham\" title=\"1-GI\u1edaI THI\u1ec6U: C\u00f4ng T\u1eafc CTD1-R C\u1ea3m \u1ee8ng Ch\u1ea1m\">1-GI\u1edaI THI\u1ec6U: C\u00f4ng T\u1eafc CTD1-R C\u1ea3m \u1ee8ng Ch\u1ea1m<\/a><\/li><li class='ez-toc-page-1 ez-toc-heading-level-2'><a class=\"ez-toc-link ez-toc-heading-2\" href=\"https:\/\/kawasan.vn\/en\/product\/cong-tac-cam-ung-cham-ctd1-r\/#2-UNG_DUNG\" title=\"2-\u1ee8NG D\u1ee4NG:\">2-\u1ee8NG D\u1ee4NG:<\/a><\/li><li class='ez-toc-page-1 ez-toc-heading-level-2'><a class=\"ez-toc-link ez-toc-heading-3\" href=\"https:\/\/kawasan.vn\/en\/product\/cong-tac-cam-ung-cham-ctd1-r\/#3-LOI_ICH\" title=\"3-L\u1ee2I \u00cdCH:\">3-L\u1ee2I \u00cdCH:<\/a><\/li><\/ul><\/nav><\/div>\n\n<p>\u0110\u00e2y l\u00e0 c\u00f4ng t\u1eafc CTD1-R c\u1ea3m \u1ee9ng ch\u1ea1m \u0111\u1ec3 b\u1eadt\/ t\u1eaft \u0111\u00e8n d\u00f9ng c\u00f4ng ngh\u1ec7 c\u1ea3m \u1ee9ng \u0111\u1ec7n dung . V\u1edbi b\u1ec1 m\u1eb7t k\u00ednh sang tr\u1ecdng, ch\u1ed1ng x\u01b0\u1edbc, ch\u1ed1ng va \u0111\u1eadp. K\u1ebft h\u1ee3p v\u1edbi v\u00f2ng s\u00e1ng LED bao quanh \u0111\u00e3 t\u1ea1o n\u00ean s\u1ef1 tinh t\u1ebf, cu\u1ed1n h\u00fat c\u1ee7a c\u00f4ng t\u1eafc c\u1ea3m \u1ee9ng. M\u1ed7i n\u00fat c\u1ea3m \u1ee9ng tr\u00ean b\u1ec1 m\u1eb7t c\u00f4ng t\u1eafc \u0111\u01b0\u1ee3c hi\u1ec3n th\u1ecb v\u00f2ng tr\u00f2n m\u00e0u xanh. K\u1ebft h\u1ee3p v\u1edbi t\u00ednh n\u0103ng m\u1edf r\u1ed9ng \u0111\u1ec3 \u0111i\u1ec1u khi\u1ec3n t\u1eeb xa. Gi\u1edd \u0111\u00e2y b\u1ea1n c\u00f3 th\u1ec3 \u0111i\u1ec1u khi\u1ec3n b\u1eadt t\u1eaft \u0111\u00e8n t\u1eeb xa qua remote \/smart phone. K\u1ebft h\u1ee3p<strong> <a href=\"https:\/\/thegioidienthongminh.com\/danh-muc\/cong-tac-thong-minh\/page\/2\/\">trung t\u00e2m nh\u00e0 th\u00f4ng minh kawasan.<\/a><\/strong><\/p>\n<h2><span class=\"ez-toc-section\" id=\"2-UNG_DUNG\"><\/span><strong><u>2-\u1ee8NG D\u1ee4NG:<\/u><\/strong><span class=\"ez-toc-section-end\"><\/span><\/h2>\n<p>-Thay th\u1ebf c\u00e1c c\u00f4ng t\u1eafc c\u01a1 truy\u1ec1n th\u1ed1ng t\u1ea1i c\u00e1c gia \u0111\u00ecnh hi\u1ec7n t\u1ea1i.<\/p>\n<p>-D\u00f9ng l\u1eafp m\u1edbi cho c\u00e1c ng\u00f4i nh\u00e0 m\u1edbi x\u00e2y, v\u1edbi phong c\u00e1ch hi\u1ec7n \u0111\u1ea1i v\u00e0 <strong><a href=\"https:\/\/kawasan.vn\/en\/product-category\/thiet-bi-nha-thong-minh\/\">c\u00f3 t\u00edch h\u1ee3p \u0111i\u1ec1u khi\u1ec3n t\u1eeb xa qua remote\/smartphone.<\/a><\/strong><\/p>\n<h2><span class=\"ez-toc-section\" id=\"3-LOI_ICH\"><\/span><strong><u>3-L\u1ee2I \u00cdCH:<\/u><\/strong><span class=\"ez-toc-section-end\"><\/span><\/h2>\n<p>-An to\u00e0n v\u1ec1 \u0111i\u1ec7n cho tr\u1ebb em v\u00e0 ng\u01b0\u1eddi gi\u00e0, v\u00ec tr\u1ebb em kh\u00f4ng ph\u1ea3i ti\u1ebfp x\u00fac v\u1edbi lo\u1ea1i c\u00f4ng t\u1eafc c\u01a1 h\u1edf truy\u1ec1n th\u1ed1ng. Ng\u01b0\u1eddi gi\u00e0 th\u00ec kh\u00f4ng ph\u1ea3i m\u00f2 t\u00ecm c\u00f4ng t\u00e1c trong \u0111\u00eam t\u1ed1i khi ph\u1ea3i \u0111i v\u1ec7 sinh l\u00fac \u0111\u00eam khuya. V\u00ec tr\u00ean m\u1eb7t c\u00f4ng t\u00e1c c\u00f3 \u0111\u00e8n s\u00e1ng b\u00e1o v\u1ecb tr\u00ed c\u00f4ng t\u1eafc gi\u00fap d\u1ec5 d\u00e0ng x\u00e1c \u0111\u1ecbnh v\u1ecb tr\u00ed c\u1ea7n b\u1eadt \u0111\u00e8n.<\/p>\n<p>-Khi tay \u01b0\u1edbt v\u1eabn c\u00f3 th\u1ec3 t\u1eaft \/ m\u1edf \u0111\u00e8n m\u00e0 kh\u00f4ng s\u1ee3 n\u01b0\u1edbc truy\u1ec1n \u0111i\u1ec7n nguy hi\u1ec3m.<\/p>\n<p>-Gi\u00fap ng\u00f4i nh\u00e0 sang tr\u1ecdng v\u00e0 th\u1ec3 hi\u1ec7n \u0111\u01b0\u1ee3c s\u1ef1 tinh t\u1ebf, sang tr\u1ecdng c\u1ee7a gia ch\u1ee7.<\/p>\n<\/div>\n<p><img loading=\"lazy\" decoding=\"async\" class=\"aligncenter wp-image-17636\" src=\"https:\/\/kawasan.vn\/wp-content\/uploads\/2023\/11\/Remote_dieu-khien-tu-xa-CTD1-R.jpg\" alt=\"\" width=\"600\" height=\"450\" srcset=\"https:\/\/kawasan.vn\/wp-content\/uploads\/2023\/11\/Remote_dieu-khien-tu-xa-CTD1-R-463x348.jpg 463w, https:\/\/kawasan.vn\/wp-content\/uploads\/2023\/11\/Remote_dieu-khien-tu-xa-CTD1-R-400x300.jpg 400w\" sizes=\"auto, (max-width: 600px) 100vw, 600px\" \/><\/p>","protected":false},"excerpt":{"rendered":"<p>Nh\u00e0 s\u1ea3n xu\u1ea5t: KawasanM\u00e3 s\u1ea3n ph\u1ea9m: CTD1-RT\u00ecnh tr\u1ea1ng:C\u00f2n h\u00e0ng<\/p>","protected":false},"featured_media":17634,"comment_status":"open","ping_status":"closed","template":"","meta":{"_yoast_wpseo_focuskw":"C\u00f4ng T\u1eafc CTD1-R","_yoast_wpseo_metadesc":"C\u00f4ng T\u1eafc CTD1-R. An to\u00e0n cho tr\u1ebb em v\u00e0 ng\u01b0\u1eddi gi\u00e0, v\u00ec tr\u1ebb em kh\u00f4ng ph\u1ea3i ti\u1ebfp x\u00fac v\u1edbi lo\u1ea1i c\u00f4ng t\u1eafc c\u01a1 h\u1edf truy\u1ec1n th\u1ed1ng. C\u00f3 \u0111\u00e8n s\u00e1ng b\u00e1o v\u1ecb tr\u00ed c\u00f4ng t\u1eafc.","_yoast_wpseo_focuskeywords":"","_yoast_wpseo_keyword_synonyms":""},"product_cat":[510,63],"product_tag":[1138,1135,1067,1064,1069,1065,918,941,1136,1140,1133,823,730,1139,1134,1068,1137,1131,1132,603,1142,1141],"class_list":["post-6540","product","type-product","status-publish","has-post-thumbnail","hentry","product_cat-cong-tac-am-tuong-dieu-khien-tu-xa","product_cat-cong-tac-dieu-khien-tu-xa","product_tag-bo-cong-tac-dieu-khien-tu-xa","product_tag-bo-dieu-khien-may-bom-tu-xa","product_tag-cong-tac-cam-ung-an-toan","product_tag-cong-tac-cam-ung-chinh-hang","product_tag-cong-tac-cam-ung-co-dieu-khien-wifi","product_tag-cong-tac-cam-ung-gia-tot","product_tag-cong-tac-cam-ung-kawasan","product_tag-cong-tac-den-dieu-khien-tu-xa","product_tag-cong-tac-dien-dieu-khien-tu-xa","product_tag-cong-tac-dien-dieu-khien-tu-xa-bang-dien-thoai","product_tag-cong-tac-dien-dieu-khien-tu-xa-bang-remote","product_tag-cong-tac-dieu-khien","product_tag-cong-tac-dieu-khien-tu-xa","product_tag-cong-tac-dieu-khien-tu-xa-12v","product_tag-cong-tac-dieu-khien-tu-xa-220v","product_tag-cong-tac-dieu-khien-tu-xa-an-toan","product_tag-cong-tac-dieu-khien-tu-xa-bang-dien-thoai","product_tag-cong-tac-dieu-khien-tu-xa-qua-wifi","product_tag-cong-tac-dieu-khien-tu-xa-qua-wifi-3g","product_tag-cong-tac-thong-minh","product_tag-cong-tac-thong-minh-dieu-khien-tu-xa","product_tag-hat-cong-tac-dieu-khien-tu-xa"],"acf":[],"yoast_head":"<!-- This site is optimized with the Yoast SEO Premium plugin v24.9 (Yoast SEO v24.9) - https:\/\/yoast.com\/wordpress\/plugins\/seo\/ -->\n<title>C\u00f4ng T\u1eafc CTD1-R C\u1ea3m \u1ee8ng Ch\u1ea1m - Kawasan<\/title>\n<meta name=\"description\" content=\"C\u00f4ng T\u1eafc CTD1-R. An to\u00e0n cho tr\u1ebb em v\u00e0 ng\u01b0\u1eddi gi\u00e0, v\u00ec tr\u1ebb em kh\u00f4ng ph\u1ea3i ti\u1ebfp x\u00fac v\u1edbi lo\u1ea1i c\u00f4ng t\u1eafc c\u01a1 h\u1edf truy\u1ec1n th\u1ed1ng. C\u00f3 \u0111\u00e8n s\u00e1ng b\u00e1o v\u1ecb tr\u00ed c\u00f4ng t\u1eafc.\" \/>\n<meta name=\"robots\" content=\"index, follow, max-snippet:-1, max-image-preview:large, max-video-preview:-1\" \/>\n<link rel=\"canonical\" href=\"https:\/\/kawasan.vn\/en\/product\/cong-tac-cam-ung-cham-ctd1-r\/\" \/>\n<meta property=\"og:locale\" content=\"en_US\" \/>\n<meta property=\"og:type\" content=\"article\" \/>\n<meta property=\"og:title\" content=\"C\u00f4ng T\u1eafc CTD1-R C\u1ea3m \u1ee8ng Ch\u1ea1m\" \/>\n<meta property=\"og:description\" content=\"C\u00f4ng T\u1eafc CTD1-R. An to\u00e0n cho tr\u1ebb em v\u00e0 ng\u01b0\u1eddi gi\u00e0, v\u00ec tr\u1ebb em kh\u00f4ng ph\u1ea3i ti\u1ebfp x\u00fac v\u1edbi lo\u1ea1i c\u00f4ng t\u1eafc c\u01a1 h\u1edf truy\u1ec1n th\u1ed1ng. C\u00f3 \u0111\u00e8n s\u00e1ng b\u00e1o v\u1ecb tr\u00ed c\u00f4ng t\u1eafc.\" \/>\n<meta property=\"og:url\" content=\"https:\/\/kawasan.vn\/en\/product\/cong-tac-cam-ung-cham-ctd1-r\/\" \/>\n<meta property=\"og:site_name\" content=\"Kawasan\" \/>\n<meta property=\"article:modified_time\" content=\"2026-02-02T09:21:09+00:00\" \/>\n<meta property=\"og:image\" content=\"https:\/\/kawasan.vn\/wp-content\/uploads\/2023\/11\/CTD1-R-600x600-1.jpg\" \/>\n\t<meta property=\"og:image:width\" content=\"600\" \/>\n\t<meta property=\"og:image:height\" content=\"600\" \/>\n\t<meta property=\"og:image:type\" content=\"image\/jpeg\" \/>\n<meta name=\"twitter:card\" content=\"summary_large_image\" \/>\n<meta name=\"twitter:label1\" content=\"Est. reading time\" \/>\n\t<meta name=\"twitter:data1\" content=\"2 minutes\" \/>\n<script type=\"application\/ld+json\" class=\"yoast-schema-graph\">{\"@context\":\"https:\/\/schema.org\",\"@graph\":[{\"@type\":\"WebPage\",\"@id\":\"https:\/\/kawasan.vn\/san-pham\/cong-tac-cam-ung-cham-ctd1-r\/\",\"url\":\"https:\/\/kawasan.vn\/san-pham\/cong-tac-cam-ung-cham-ctd1-r\/\",\"name\":\"C\u00f4ng T\u1eafc CTD1-R C\u1ea3m \u1ee8ng Ch\u1ea1m - Kawasan\",\"isPartOf\":{\"@id\":\"https:\/\/kawasan.vn\/#website\"},\"primaryImageOfPage\":{\"@id\":\"https:\/\/kawasan.vn\/san-pham\/cong-tac-cam-ung-cham-ctd1-r\/#primaryimage\"},\"image\":{\"@id\":\"https:\/\/kawasan.vn\/san-pham\/cong-tac-cam-ung-cham-ctd1-r\/#primaryimage\"},\"thumbnailUrl\":\"https:\/\/kawasan.vn\/wp-content\/uploads\/2023\/11\/CTD1-R-600x600-1.jpg\",\"datePublished\":\"2023-11-17T07:06:28+00:00\",\"dateModified\":\"2026-02-02T09:21:09+00:00\",\"description\":\"C\u00f4ng T\u1eafc CTD1-R. An to\u00e0n cho tr\u1ebb em v\u00e0 ng\u01b0\u1eddi gi\u00e0, v\u00ec tr\u1ebb em kh\u00f4ng ph\u1ea3i ti\u1ebfp x\u00fac v\u1edbi lo\u1ea1i c\u00f4ng t\u1eafc c\u01a1 h\u1edf truy\u1ec1n th\u1ed1ng. C\u00f3 \u0111\u00e8n s\u00e1ng b\u00e1o v\u1ecb tr\u00ed c\u00f4ng t\u1eafc.\",\"breadcrumb\":{\"@id\":\"https:\/\/kawasan.vn\/san-pham\/cong-tac-cam-ung-cham-ctd1-r\/#breadcrumb\"},\"inLanguage\":\"en-US\",\"potentialAction\":[{\"@type\":\"ReadAction\",\"target\":[\"https:\/\/kawasan.vn\/san-pham\/cong-tac-cam-ung-cham-ctd1-r\/\"]}]},{\"@type\":\"ImageObject\",\"inLanguage\":\"en-US\",\"@id\":\"https:\/\/kawasan.vn\/san-pham\/cong-tac-cam-ung-cham-ctd1-r\/#primaryimage\",\"url\":\"https:\/\/kawasan.vn\/wp-content\/uploads\/2023\/11\/CTD1-R-600x600-1.jpg\",\"contentUrl\":\"https:\/\/kawasan.vn\/wp-content\/uploads\/2023\/11\/CTD1-R-600x600-1.jpg\",\"width\":600,\"height\":600},{\"@type\":\"BreadcrumbList\",\"@id\":\"https:\/\/kawasan.vn\/san-pham\/cong-tac-cam-ung-cham-ctd1-r\/#breadcrumb\",\"itemListElement\":[{\"@type\":\"ListItem\",\"position\":1,\"name\":\"Trang ch\u1ee7\",\"item\":\"https:\/\/kawasan.vn\/\"},{\"@type\":\"ListItem\",\"position\":2,\"name\":\"S\u1ea3n ph\u1ea9m\",\"item\":\"https:\/\/kawasan.vn\/san-pham\/\"},{\"@type\":\"ListItem\",\"position\":3,\"name\":\"C\u00f4ng T\u1eafc CTD1-R C\u1ea3m \u1ee8ng Ch\u1ea1m\"}]},{\"@type\":\"WebSite\",\"@id\":\"https:\/\/kawasan.vn\/#website\",\"url\":\"https:\/\/kawasan.vn\/\",\"name\":\"Kawasan\",\"description\":\"\",\"potentialAction\":[{\"@type\":\"SearchAction\",\"target\":{\"@type\":\"EntryPoint\",\"urlTemplate\":\"https:\/\/kawasan.vn\/?s={search_term_string}\"},\"query-input\":{\"@type\":\"PropertyValueSpecification\",\"valueRequired\":true,\"valueName\":\"search_term_string\"}}],\"inLanguage\":\"en-US\"}]}<\/script>\n<!-- \/ Yoast SEO Premium plugin. -->","yoast_head_json":{"title":"C\u00f4ng T\u1eafc CTD1-R C\u1ea3m \u1ee8ng Ch\u1ea1m - Kawasan","description":"C\u00f4ng T\u1eafc CTD1-R. An to\u00e0n cho tr\u1ebb em v\u00e0 ng\u01b0\u1eddi gi\u00e0, v\u00ec tr\u1ebb em kh\u00f4ng ph\u1ea3i ti\u1ebfp x\u00fac v\u1edbi lo\u1ea1i c\u00f4ng t\u1eafc c\u01a1 h\u1edf truy\u1ec1n th\u1ed1ng. C\u00f3 \u0111\u00e8n s\u00e1ng b\u00e1o v\u1ecb tr\u00ed c\u00f4ng t\u1eafc.","robots":{"index":"index","follow":"follow","max-snippet":"max-snippet:-1","max-image-preview":"max-image-preview:large","max-video-preview":"max-video-preview:-1"},"canonical":"https:\/\/kawasan.vn\/en\/product\/cong-tac-cam-ung-cham-ctd1-r\/","og_locale":"en_US","og_type":"article","og_title":"C\u00f4ng T\u1eafc CTD1-R C\u1ea3m \u1ee8ng Ch\u1ea1m","og_description":"C\u00f4ng T\u1eafc CTD1-R. An to\u00e0n cho tr\u1ebb em v\u00e0 ng\u01b0\u1eddi gi\u00e0, v\u00ec tr\u1ebb em kh\u00f4ng ph\u1ea3i ti\u1ebfp x\u00fac v\u1edbi lo\u1ea1i c\u00f4ng t\u1eafc c\u01a1 h\u1edf truy\u1ec1n th\u1ed1ng. C\u00f3 \u0111\u00e8n s\u00e1ng b\u00e1o v\u1ecb tr\u00ed c\u00f4ng t\u1eafc.","og_url":"https:\/\/kawasan.vn\/en\/product\/cong-tac-cam-ung-cham-ctd1-r\/","og_site_name":"Kawasan","article_modified_time":"2026-02-02T09:21:09+00:00","og_image":[{"width":600,"height":600,"url":"https:\/\/kawasan.vn\/wp-content\/uploads\/2023\/11\/CTD1-R-600x600-1.jpg","type":"image\/jpeg"}],"twitter_card":"summary_large_image","twitter_misc":{"Est. reading time":"2 minutes"},"schema":{"@context":"https:\/\/schema.org","@graph":[{"@type":"WebPage","@id":"https:\/\/kawasan.vn\/san-pham\/cong-tac-cam-ung-cham-ctd1-r\/","url":"https:\/\/kawasan.vn\/san-pham\/cong-tac-cam-ung-cham-ctd1-r\/","name":"C\u00f4ng T\u1eafc CTD1-R C\u1ea3m \u1ee8ng Ch\u1ea1m - Kawasan","isPartOf":{"@id":"https:\/\/kawasan.vn\/#website"},"primaryImageOfPage":{"@id":"https:\/\/kawasan.vn\/san-pham\/cong-tac-cam-ung-cham-ctd1-r\/#primaryimage"},"image":{"@id":"https:\/\/kawasan.vn\/san-pham\/cong-tac-cam-ung-cham-ctd1-r\/#primaryimage"},"thumbnailUrl":"https:\/\/kawasan.vn\/wp-content\/uploads\/2023\/11\/CTD1-R-600x600-1.jpg","datePublished":"2023-11-17T07:06:28+00:00","dateModified":"2026-02-02T09:21:09+00:00","description":"C\u00f4ng T\u1eafc CTD1-R. An to\u00e0n cho tr\u1ebb em v\u00e0 ng\u01b0\u1eddi gi\u00e0, v\u00ec tr\u1ebb em kh\u00f4ng ph\u1ea3i ti\u1ebfp x\u00fac v\u1edbi lo\u1ea1i c\u00f4ng t\u1eafc c\u01a1 h\u1edf truy\u1ec1n th\u1ed1ng. C\u00f3 \u0111\u00e8n s\u00e1ng b\u00e1o v\u1ecb tr\u00ed c\u00f4ng t\u1eafc.","breadcrumb":{"@id":"https:\/\/kawasan.vn\/san-pham\/cong-tac-cam-ung-cham-ctd1-r\/#breadcrumb"},"inLanguage":"en-US","potentialAction":[{"@type":"ReadAction","target":["https:\/\/kawasan.vn\/san-pham\/cong-tac-cam-ung-cham-ctd1-r\/"]}]},{"@type":"ImageObject","inLanguage":"en-US","@id":"https:\/\/kawasan.vn\/san-pham\/cong-tac-cam-ung-cham-ctd1-r\/#primaryimage","url":"https:\/\/kawasan.vn\/wp-content\/uploads\/2023\/11\/CTD1-R-600x600-1.jpg","contentUrl":"https:\/\/kawasan.vn\/wp-content\/uploads\/2023\/11\/CTD1-R-600x600-1.jpg","width":600,"height":600},{"@type":"BreadcrumbList","@id":"https:\/\/kawasan.vn\/san-pham\/cong-tac-cam-ung-cham-ctd1-r\/#breadcrumb","itemListElement":[{"@type":"ListItem","position":1,"name":"Trang ch\u1ee7","item":"https:\/\/kawasan.vn\/"},{"@type":"ListItem","position":2,"name":"S\u1ea3n ph\u1ea9m","item":"https:\/\/kawasan.vn\/san-pham\/"},{"@type":"ListItem","position":3,"name":"C\u00f4ng T\u1eafc CTD1-R C\u1ea3m \u1ee8ng Ch\u1ea1m"}]},{"@type":"WebSite","@id":"https:\/\/kawasan.vn\/#website","url":"https:\/\/kawasan.vn\/","name":"Kawasan","description":"","potentialAction":[{"@type":"SearchAction","target":{"@type":"EntryPoint","urlTemplate":"https:\/\/kawasan.vn\/?s={search_term_string}"},"query-input":{"@type":"PropertyValueSpecification","valueRequired":true,"valueName":"search_term_string"}}],"inLanguage":"en-US"}]}},"_links":{"self":[{"href":"https:\/\/kawasan.vn\/en\/wp-json\/wp\/v2\/product\/6540","targetHints":{"allow":["GET"]}}],"collection":[{"href":"https:\/\/kawasan.vn\/en\/wp-json\/wp\/v2\/product"}],"about":[{"href":"https:\/\/kawasan.vn\/en\/wp-json\/wp\/v2\/types\/product"}],"replies":[{"embeddable":true,"href":"https:\/\/kawasan.vn\/en\/wp-json\/wp\/v2\/comments?post=6540"}],"version-history":[{"count":2,"href":"https:\/\/kawasan.vn\/en\/wp-json\/wp\/v2\/product\/6540\/revisions"}],"predecessor-version":[{"id":19975,"href":"https:\/\/kawasan.vn\/en\/wp-json\/wp\/v2\/product\/6540\/revisions\/19975"}],"wp:featuredmedia":[{"embeddable":true,"href":"https:\/\/kawasan.vn\/en\/wp-json\/wp\/v2\/media\/17634"}],"wp:attachment":[{"href":"https:\/\/kawasan.vn\/en\/wp-json\/wp\/v2\/media?parent=6540"}],"wp:term":[{"taxonomy":"product_cat","embeddable":true,"href":"https:\/\/kawasan.vn\/en\/wp-json\/wp\/v2\/product_cat?post=6540"},{"taxonomy":"product_tag","embeddable":true,"href":"https:\/\/kawasan.vn\/en\/wp-json\/wp\/v2\/product_tag?post=6540"}],"curies":[{"name":"wp","href":"https:\/\/api.w.org\/{rel}","templated":true}]}}