{"id":6518,"date":"2023-11-19T04:17:56","date_gmt":"2023-11-19T04:17:56","guid":{"rendered":"https:\/\/kawasan.123websitedev.com\/product\/bo-cong-tac-dieu-khien-tu-xa-cong-suat-lon-7hp-rf15b2-rm2d-63a\/"},"modified":"2025-12-09T14:08:39","modified_gmt":"2025-12-09T07:08:39","slug":"tu-dieu-khien-tu-xa-cong-suat-lon-7hp-rf15b2-rm2d-63a","status":"publish","type":"product","link":"https:\/\/kawasan.vn\/en\/product\/tu-dieu-khien-tu-xa-cong-suat-lon-7hp-rf15b2-rm2d-63a\/","title":{"rendered":"T\u1ee7 \u0110i\u1ec1u Khi\u1ec3n T\u1eeb Xa L\u1edbn 7HP RF15B2-RM2D-63A"},"content":{"rendered":"<h2><strong>T\u1ee6 \u0110I\u1ec0U KHI\u1ec2N T\u1eea XA C\u00d4NG SU\u1ea4T L\u1edaN<\/strong><\/h2>\n<p><a href=\"https:\/\/kawasan.vn\/en\/product-category\/cong-tac-dieu-khien-tu-xa\/\" target=\"_blank\" rel=\"noopener\">T\u1ee7 \u0111i\u1ec1u khi\u1ec3n t\u1eeb xa<\/a> RF15B2 d\u00f9ng ngu\u1ed3n xung c\u00e1ch ly 110V ~ 240V. Ch\u1ed1ng ch\u1ea1m v\u00e0 gi\u1eadt \u0111i\u1ec7n khi b\u1ecb r\u00f2 \u0111i\u1ec7n qua \u0111\u1ea7u g\u1eafn d\u00e2y Anten. S\u1eed d\u1ee5ng Ch\u00edp Vi X\u1eed L\u00fd Microchip c\u1ee7a M\u1ef9, Chip thu s\u00f3ng cao c\u1ea5p nh\u1eadp t\u1eeb Ph\u00e1p. T\u1ea5t c\u1ea3 c\u00e1c linh ki\u1ec7n, \u0111\u1ec1u nh\u1eadp t\u1eeb nhi\u1ec1u nh\u00e0 s\u1ea3n xu\u1ea5t n\u1ed5i ti\u1ebfng tr\u00ean th\u1ebf gi\u1edbi. T\u00edch h\u1ee3p th\u00eam t\u00ednh n\u0103ng ch\u1ed1ng nhi\u1ec5u \u0111i\u1ec7n t\u1eeb, tr\u00e1nh \u0111\u01b0\u1ee3c c\u00e1c v\u1ea5n \u0111\u1ec1 l\u1ed7i t\u1ef1 b\u1eadt ng\u1eabu nhi\u00ean do nhi\u1ec5u s\u00f3ng t\u1eeb c\u00e1c nh\u00e0 m\u00e1y. B\u1ed9 c\u00f4ng t\u1eafc s\u1eed d\u1ee5ng s\u00f3ng RF433 Mhz \u0111i\u1ec1u khi\u1ec3n t\u1eaft &#8211; m\u1edf t\u1eeb xa, kho\u1ea3ng c\u00e1ch 500-800m tu\u1ef3 v\u1eadt c\u1ea3n. C\u00f3 kh\u1ea3 n\u0103ng truy\u1ec1n t\u00edn hi\u1ec7u xuy\u00ean v\u1eadt c\u1ea3n t\u1ed1t nh\u01b0 k\u00ednh, g\u1ed7, t\u01b0\u1eddng m\u1ecfng, b\u00ea t\u00f4ng\u2026T\u1ee7<a href=\"https:\/\/kawasan.com.vn\/san-pham.html\/cong-tac-dieu-khien-tu-xa.html\/cong-tac-dieu-khien-tu-xa-bang-remote.html\" target=\"_blank\" rel=\"noopener\">\u00a0\u0111i\u1ec1u khi\u1ec3n t\u1eeb xa qua remote<\/a>, t\u00edch h\u1ee3p t\u1ed1i \u0111a \u0111\u1ebfn 5 remote.<\/p>\n<h2><strong>\u1ee8NG D\u1ee4NG T\u1ee6 \u0110I\u1ec0U KHI\u1ec2N T\u1eea XA RF15B2-RM2D 63A KAWASAN<\/strong><\/h2>\n<ul>\n<li>D\u00f9ng cho h\u1ec7 th\u1ed1ng \u0111\u00e8n chi\u1ebfu s\u00e1ng s\u00e2n v\u01b0\u1eddn, trang tr\u1ea1i, \u0111\u01b0\u1eddng ph\u1ed1&#8230;<\/li>\n<li>D\u00f9ng cho b\u01a1m c\u00f4ng su\u1ea5t l\u1edbn, \u1ee9ng d\u1ee5ng trong n\u00f4ng &#8211; l\u00e2m &#8211; ng\u01b0 nghi\u1ec7p<\/li>\n<li>D\u00f9ng cho h\u1ec7 th\u1ed1ng qu\u1ea1t h\u00fat c\u00f4ng nghi\u1ec7p<\/li>\n<\/ul>\n<figure id=\"attachment_17529\" aria-describedby=\"caption-attachment-17529\" style=\"width: 600px\" class=\"wp-caption aligncenter\"><img loading=\"lazy\" decoding=\"async\" class=\"wp-image-17529\" title=\"B\u1ed9 \u0111i\u1ec1u khi\u1ec3n t\u1eeb xa c\u00f4ng su\u1ea5t cao RF15B2-RM2C 63A\" src=\"https:\/\/kawasan.vn\/wp-content\/uploads\/2023\/11\/bo-cong-tac-dieu-khien-tu-xa-rf15b2-rm2d-7hp-63a1-1.jpg\" alt=\"B\u1ed9 \u0111i\u1ec1u khi\u1ec3n t\u1eeb xa c\u00f4ng su\u1ea5t cao RF15B2-RM2C 63A\" width=\"600\" height=\"600\" \/><figcaption id=\"caption-attachment-17529\" class=\"wp-caption-text\">RF15B2-RM2C 63A<\/figcaption><\/figure>\n<figure id=\"attachment_17524\" aria-describedby=\"caption-attachment-17524\" style=\"width: 600px\" class=\"wp-caption aligncenter\"><img loading=\"lazy\" decoding=\"async\" class=\"wp-image-17524\" title=\"B\u1ed9 s\u1ea3n ph\u1ea9m \u0111\u01b0\u1ee3c \u0111\u1eb7t trong h\u1ed9p k\u00edn n\u01b0\u1edbc cao c\u1ea5p\" src=\"https:\/\/kawasan.vn\/wp-content\/uploads\/2023\/11\/bo-cong-tac-dieu-khien-tu-xa-rf15b2-rm2d-1.jpg\" alt=\"B\u1ed9 s\u1ea3n ph\u1ea9m \u0111\u01b0\u1ee3c \u0111\u1eb7t trong h\u1ed9p k\u00edn n\u01b0\u1edbc cao c\u1ea5p\" width=\"600\" height=\"407\" \/><figcaption id=\"caption-attachment-17524\" class=\"wp-caption-text\">B\u1ed9 s\u1ea3n ph\u1ea9m \u0111\u01b0\u1ee3c \u0111\u1eb7t trong h\u1ed9p k\u00edn n\u01b0\u1edbc cao c\u1ea5p<\/figcaption><\/figure>","protected":false},"excerpt":{"rendered":"<p>T\u1ee6 \u0110I\u1ec0U KHI\u1ec2N T\u1eea XA C\u00d4NG SU\u1ea4T L\u1edaN T\u1ee7 \u0111i\u1ec1u khi\u1ec3n t\u1eeb xa RF15B2 d\u00f9ng ngu\u1ed3n xung c\u00e1ch ly 110V ~ 240V. Ch\u1ed1ng ch\u1ea1m v\u00e0 gi\u1eadt \u0111i\u1ec7n khi b\u1ecb r\u00f2 \u0111i\u1ec7n qua \u0111\u1ea7u g\u1eafn d\u00e2y Anten. S\u1eed d\u1ee5ng Ch\u00edp Vi X\u1eed L\u00fd Microchip c\u1ee7a M\u1ef9, Chip thu s\u00f3ng cao c\u1ea5p nh\u1eadp t\u1eeb Ph\u00e1p. T\u1ea5t c\u1ea3 [&hellip;]<\/p>","protected":false},"featured_media":17531,"comment_status":"open","ping_status":"closed","template":"","meta":{"_yoast_wpseo_focuskw":"T\u1ee7 \u0111i\u1ec1u khi\u1ec3n t\u1eeb xa RF15B2","_yoast_wpseo_metadesc":"T\u1ee7 \u0111i\u1ec1u khi\u1ec3n t\u1eeb xa RF15B2-RM2D c\u00f4ng su\u1ea5t cao &lt;7 Hp, s\u1eed d\u1ee5ng s\u00f3ng RF433 Mhz \u0111i\u1ec1u khi\u1ec3n t\u1eaft - m\u1edf t\u1eeb xa kho\u1ea3ng c\u00e1ch 500-800m tu\u1ef3 v\u1eadt c\u1ea3n.","_yoast_wpseo_focuskeywords":"","_yoast_wpseo_keyword_synonyms":""},"product_cat":[509,895,63],"product_tag":[1138,1135,734,941,1136,1140,1133,823,730,1139,1134,1137,733,1131,1132,1142,731,1141],"class_list":["post-6518","product","type-product","status-publish","has-post-thumbnail","hentry","product_cat-cong-tac-dieu-khien-tu-xa-bang-remote","product_cat-dieu-khien-bang-remote","product_cat-cong-tac-dieu-khien-tu-xa","product_tag-bo-cong-tac-dieu-khien-tu-xa","product_tag-bo-dieu-khien-may-bom-tu-xa","product_tag-bo-dieu-khien-tu-xa-cong-suat-cao","product_tag-cong-tac-den-dieu-khien-tu-xa","product_tag-cong-tac-dien-dieu-khien-tu-xa","product_tag-cong-tac-dien-dieu-khien-tu-xa-bang-dien-thoai","product_tag-cong-tac-dien-dieu-khien-tu-xa-bang-remote","product_tag-cong-tac-dieu-khien","product_tag-cong-tac-dieu-khien-tu-xa","product_tag-cong-tac-dieu-khien-tu-xa-12v","product_tag-cong-tac-dieu-khien-tu-xa-220v","product_tag-cong-tac-dieu-khien-tu-xa-bang-dien-thoai","product_tag-cong-tac-dieu-khien-tu-xa-qua-remote","product_tag-cong-tac-dieu-khien-tu-xa-qua-wifi","product_tag-cong-tac-dieu-khien-tu-xa-qua-wifi-3g","product_tag-cong-tac-thong-minh-dieu-khien-tu-xa","product_tag-dieu-khien-tu-xa","product_tag-hat-cong-tac-dieu-khien-tu-xa"],"acf":[],"yoast_head":"<!-- This site is optimized with the Yoast SEO Premium plugin v24.9 (Yoast SEO v24.9) - https:\/\/yoast.com\/wordpress\/plugins\/seo\/ -->\n<title>T\u1ee7 \u0110i\u1ec1u Khi\u1ec3n T\u1eeb Xa L\u1edbn 7HP RF15B2-RM2D-63A - Kawasan<\/title>\n<meta name=\"description\" content=\"T\u1ee7 \u0111i\u1ec1u khi\u1ec3n t\u1eeb xa RF15B2-RM2D c\u00f4ng su\u1ea5t cao &lt;7 Hp, s\u1eed d\u1ee5ng s\u00f3ng RF433 Mhz \u0111i\u1ec1u khi\u1ec3n t\u1eaft - m\u1edf t\u1eeb xa kho\u1ea3ng c\u00e1ch 500-800m tu\u1ef3 v\u1eadt c\u1ea3n.\" \/>\n<meta name=\"robots\" content=\"index, follow, max-snippet:-1, max-image-preview:large, max-video-preview:-1\" \/>\n<link rel=\"canonical\" href=\"https:\/\/kawasan.vn\/en\/product\/tu-dieu-khien-tu-xa-cong-suat-lon-7hp-rf15b2-rm2d-63a\/\" \/>\n<meta property=\"og:locale\" content=\"en_US\" \/>\n<meta property=\"og:type\" content=\"article\" \/>\n<meta property=\"og:title\" content=\"T\u1ee7 \u0110i\u1ec1u Khi\u1ec3n T\u1eeb Xa L\u1edbn 7HP RF15B2-RM2D-63A\" \/>\n<meta property=\"og:description\" content=\"T\u1ee7 \u0111i\u1ec1u khi\u1ec3n t\u1eeb xa RF15B2-RM2D c\u00f4ng su\u1ea5t cao &lt;7 Hp, s\u1eed d\u1ee5ng s\u00f3ng RF433 Mhz \u0111i\u1ec1u khi\u1ec3n t\u1eaft - m\u1edf t\u1eeb xa kho\u1ea3ng c\u00e1ch 500-800m tu\u1ef3 v\u1eadt c\u1ea3n.\" \/>\n<meta property=\"og:url\" content=\"https:\/\/kawasan.vn\/en\/product\/tu-dieu-khien-tu-xa-cong-suat-lon-7hp-rf15b2-rm2d-63a\/\" \/>\n<meta property=\"og:site_name\" content=\"Kawasan\" \/>\n<meta property=\"article:modified_time\" content=\"2025-12-09T07:08:39+00:00\" \/>\n<meta property=\"og:image\" content=\"https:\/\/kawasan.vn\/wp-content\/uploads\/2023\/11\/bo-cong-tac-dieu-khien-tu-xa-rf15b2-rm2d-7hp-63a.jpg\" \/>\n\t<meta property=\"og:image:width\" content=\"800\" \/>\n\t<meta property=\"og:image:height\" content=\"800\" \/>\n\t<meta property=\"og:image:type\" content=\"image\/jpeg\" \/>\n<meta name=\"twitter:card\" content=\"summary_large_image\" \/>\n<meta name=\"twitter:label1\" content=\"Est. reading time\" \/>\n\t<meta name=\"twitter:data1\" content=\"2 minutes\" \/>\n<script type=\"application\/ld+json\" class=\"yoast-schema-graph\">{\"@context\":\"https:\/\/schema.org\",\"@graph\":[{\"@type\":\"WebPage\",\"@id\":\"https:\/\/kawasan.vn\/san-pham\/tu-dieu-khien-tu-xa-cong-suat-lon-7hp-rf15b2-rm2d-63a\/\",\"url\":\"https:\/\/kawasan.vn\/san-pham\/tu-dieu-khien-tu-xa-cong-suat-lon-7hp-rf15b2-rm2d-63a\/\",\"name\":\"T\u1ee7 \u0110i\u1ec1u Khi\u1ec3n T\u1eeb Xa L\u1edbn 7HP RF15B2-RM2D-63A - Kawasan\",\"isPartOf\":{\"@id\":\"https:\/\/kawasan.vn\/#website\"},\"primaryImageOfPage\":{\"@id\":\"https:\/\/kawasan.vn\/san-pham\/tu-dieu-khien-tu-xa-cong-suat-lon-7hp-rf15b2-rm2d-63a\/#primaryimage\"},\"image\":{\"@id\":\"https:\/\/kawasan.vn\/san-pham\/tu-dieu-khien-tu-xa-cong-suat-lon-7hp-rf15b2-rm2d-63a\/#primaryimage\"},\"thumbnailUrl\":\"https:\/\/kawasan.vn\/wp-content\/uploads\/2023\/11\/bo-cong-tac-dieu-khien-tu-xa-rf15b2-rm2d-7hp-63a.jpg\",\"datePublished\":\"2023-11-19T04:17:56+00:00\",\"dateModified\":\"2025-12-09T07:08:39+00:00\",\"description\":\"T\u1ee7 \u0111i\u1ec1u khi\u1ec3n t\u1eeb xa RF15B2-RM2D c\u00f4ng su\u1ea5t cao &lt;7 Hp, s\u1eed d\u1ee5ng s\u00f3ng RF433 Mhz \u0111i\u1ec1u khi\u1ec3n t\u1eaft - m\u1edf t\u1eeb xa kho\u1ea3ng c\u00e1ch 500-800m tu\u1ef3 v\u1eadt c\u1ea3n.\",\"breadcrumb\":{\"@id\":\"https:\/\/kawasan.vn\/san-pham\/tu-dieu-khien-tu-xa-cong-suat-lon-7hp-rf15b2-rm2d-63a\/#breadcrumb\"},\"inLanguage\":\"en-US\",\"potentialAction\":[{\"@type\":\"ReadAction\",\"target\":[\"https:\/\/kawasan.vn\/san-pham\/tu-dieu-khien-tu-xa-cong-suat-lon-7hp-rf15b2-rm2d-63a\/\"]}]},{\"@type\":\"ImageObject\",\"inLanguage\":\"en-US\",\"@id\":\"https:\/\/kawasan.vn\/san-pham\/tu-dieu-khien-tu-xa-cong-suat-lon-7hp-rf15b2-rm2d-63a\/#primaryimage\",\"url\":\"https:\/\/kawasan.vn\/wp-content\/uploads\/2023\/11\/bo-cong-tac-dieu-khien-tu-xa-rf15b2-rm2d-7hp-63a.jpg\",\"contentUrl\":\"https:\/\/kawasan.vn\/wp-content\/uploads\/2023\/11\/bo-cong-tac-dieu-khien-tu-xa-rf15b2-rm2d-7hp-63a.jpg\",\"width\":800,\"height\":800},{\"@type\":\"BreadcrumbList\",\"@id\":\"https:\/\/kawasan.vn\/san-pham\/tu-dieu-khien-tu-xa-cong-suat-lon-7hp-rf15b2-rm2d-63a\/#breadcrumb\",\"itemListElement\":[{\"@type\":\"ListItem\",\"position\":1,\"name\":\"Trang ch\u1ee7\",\"item\":\"https:\/\/kawasan.vn\/\"},{\"@type\":\"ListItem\",\"position\":2,\"name\":\"S\u1ea3n ph\u1ea9m\",\"item\":\"https:\/\/kawasan.vn\/san-pham\/\"},{\"@type\":\"ListItem\",\"position\":3,\"name\":\"T\u1ee7 \u0110i\u1ec1u Khi\u1ec3n T\u1eeb Xa L\u1edbn 7HP RF15B2-RM2D-63A\"}]},{\"@type\":\"WebSite\",\"@id\":\"https:\/\/kawasan.vn\/#website\",\"url\":\"https:\/\/kawasan.vn\/\",\"name\":\"Kawasan\",\"description\":\"\",\"potentialAction\":[{\"@type\":\"SearchAction\",\"target\":{\"@type\":\"EntryPoint\",\"urlTemplate\":\"https:\/\/kawasan.vn\/?s={search_term_string}\"},\"query-input\":{\"@type\":\"PropertyValueSpecification\",\"valueRequired\":true,\"valueName\":\"search_term_string\"}}],\"inLanguage\":\"en-US\"}]}<\/script>\n<!-- \/ Yoast SEO Premium plugin. -->","yoast_head_json":{"title":"T\u1ee7 \u0110i\u1ec1u Khi\u1ec3n T\u1eeb Xa L\u1edbn 7HP RF15B2-RM2D-63A - Kawasan","description":"T\u1ee7 \u0111i\u1ec1u khi\u1ec3n t\u1eeb xa RF15B2-RM2D c\u00f4ng su\u1ea5t cao &lt;7 Hp, s\u1eed d\u1ee5ng s\u00f3ng RF433 Mhz \u0111i\u1ec1u khi\u1ec3n t\u1eaft - m\u1edf t\u1eeb xa kho\u1ea3ng c\u00e1ch 500-800m tu\u1ef3 v\u1eadt c\u1ea3n.","robots":{"index":"index","follow":"follow","max-snippet":"max-snippet:-1","max-image-preview":"max-image-preview:large","max-video-preview":"max-video-preview:-1"},"canonical":"https:\/\/kawasan.vn\/en\/product\/tu-dieu-khien-tu-xa-cong-suat-lon-7hp-rf15b2-rm2d-63a\/","og_locale":"en_US","og_type":"article","og_title":"T\u1ee7 \u0110i\u1ec1u Khi\u1ec3n T\u1eeb Xa L\u1edbn 7HP RF15B2-RM2D-63A","og_description":"T\u1ee7 \u0111i\u1ec1u khi\u1ec3n t\u1eeb xa RF15B2-RM2D c\u00f4ng su\u1ea5t cao &lt;7 Hp, s\u1eed d\u1ee5ng s\u00f3ng RF433 Mhz \u0111i\u1ec1u khi\u1ec3n t\u1eaft - m\u1edf t\u1eeb xa kho\u1ea3ng c\u00e1ch 500-800m tu\u1ef3 v\u1eadt c\u1ea3n.","og_url":"https:\/\/kawasan.vn\/en\/product\/tu-dieu-khien-tu-xa-cong-suat-lon-7hp-rf15b2-rm2d-63a\/","og_site_name":"Kawasan","article_modified_time":"2025-12-09T07:08:39+00:00","og_image":[{"width":800,"height":800,"url":"https:\/\/kawasan.vn\/wp-content\/uploads\/2023\/11\/bo-cong-tac-dieu-khien-tu-xa-rf15b2-rm2d-7hp-63a.jpg","type":"image\/jpeg"}],"twitter_card":"summary_large_image","twitter_misc":{"Est. reading time":"2 minutes"},"schema":{"@context":"https:\/\/schema.org","@graph":[{"@type":"WebPage","@id":"https:\/\/kawasan.vn\/san-pham\/tu-dieu-khien-tu-xa-cong-suat-lon-7hp-rf15b2-rm2d-63a\/","url":"https:\/\/kawasan.vn\/san-pham\/tu-dieu-khien-tu-xa-cong-suat-lon-7hp-rf15b2-rm2d-63a\/","name":"T\u1ee7 \u0110i\u1ec1u Khi\u1ec3n T\u1eeb Xa L\u1edbn 7HP RF15B2-RM2D-63A - Kawasan","isPartOf":{"@id":"https:\/\/kawasan.vn\/#website"},"primaryImageOfPage":{"@id":"https:\/\/kawasan.vn\/san-pham\/tu-dieu-khien-tu-xa-cong-suat-lon-7hp-rf15b2-rm2d-63a\/#primaryimage"},"image":{"@id":"https:\/\/kawasan.vn\/san-pham\/tu-dieu-khien-tu-xa-cong-suat-lon-7hp-rf15b2-rm2d-63a\/#primaryimage"},"thumbnailUrl":"https:\/\/kawasan.vn\/wp-content\/uploads\/2023\/11\/bo-cong-tac-dieu-khien-tu-xa-rf15b2-rm2d-7hp-63a.jpg","datePublished":"2023-11-19T04:17:56+00:00","dateModified":"2025-12-09T07:08:39+00:00","description":"T\u1ee7 \u0111i\u1ec1u khi\u1ec3n t\u1eeb xa RF15B2-RM2D c\u00f4ng su\u1ea5t cao &lt;7 Hp, s\u1eed d\u1ee5ng s\u00f3ng RF433 Mhz \u0111i\u1ec1u khi\u1ec3n t\u1eaft - m\u1edf t\u1eeb xa kho\u1ea3ng c\u00e1ch 500-800m tu\u1ef3 v\u1eadt c\u1ea3n.","breadcrumb":{"@id":"https:\/\/kawasan.vn\/san-pham\/tu-dieu-khien-tu-xa-cong-suat-lon-7hp-rf15b2-rm2d-63a\/#breadcrumb"},"inLanguage":"en-US","potentialAction":[{"@type":"ReadAction","target":["https:\/\/kawasan.vn\/san-pham\/tu-dieu-khien-tu-xa-cong-suat-lon-7hp-rf15b2-rm2d-63a\/"]}]},{"@type":"ImageObject","inLanguage":"en-US","@id":"https:\/\/kawasan.vn\/san-pham\/tu-dieu-khien-tu-xa-cong-suat-lon-7hp-rf15b2-rm2d-63a\/#primaryimage","url":"https:\/\/kawasan.vn\/wp-content\/uploads\/2023\/11\/bo-cong-tac-dieu-khien-tu-xa-rf15b2-rm2d-7hp-63a.jpg","contentUrl":"https:\/\/kawasan.vn\/wp-content\/uploads\/2023\/11\/bo-cong-tac-dieu-khien-tu-xa-rf15b2-rm2d-7hp-63a.jpg","width":800,"height":800},{"@type":"BreadcrumbList","@id":"https:\/\/kawasan.vn\/san-pham\/tu-dieu-khien-tu-xa-cong-suat-lon-7hp-rf15b2-rm2d-63a\/#breadcrumb","itemListElement":[{"@type":"ListItem","position":1,"name":"Trang ch\u1ee7","item":"https:\/\/kawasan.vn\/"},{"@type":"ListItem","position":2,"name":"S\u1ea3n ph\u1ea9m","item":"https:\/\/kawasan.vn\/san-pham\/"},{"@type":"ListItem","position":3,"name":"T\u1ee7 \u0110i\u1ec1u Khi\u1ec3n T\u1eeb Xa L\u1edbn 7HP RF15B2-RM2D-63A"}]},{"@type":"WebSite","@id":"https:\/\/kawasan.vn\/#website","url":"https:\/\/kawasan.vn\/","name":"Kawasan","description":"","potentialAction":[{"@type":"SearchAction","target":{"@type":"EntryPoint","urlTemplate":"https:\/\/kawasan.vn\/?s={search_term_string}"},"query-input":{"@type":"PropertyValueSpecification","valueRequired":true,"valueName":"search_term_string"}}],"inLanguage":"en-US"}]}},"_links":{"self":[{"href":"https:\/\/kawasan.vn\/en\/wp-json\/wp\/v2\/product\/6518","targetHints":{"allow":["GET"]}}],"collection":[{"href":"https:\/\/kawasan.vn\/en\/wp-json\/wp\/v2\/product"}],"about":[{"href":"https:\/\/kawasan.vn\/en\/wp-json\/wp\/v2\/types\/product"}],"replies":[{"embeddable":true,"href":"https:\/\/kawasan.vn\/en\/wp-json\/wp\/v2\/comments?post=6518"}],"version-history":[{"count":5,"href":"https:\/\/kawasan.vn\/en\/wp-json\/wp\/v2\/product\/6518\/revisions"}],"predecessor-version":[{"id":20488,"href":"https:\/\/kawasan.vn\/en\/wp-json\/wp\/v2\/product\/6518\/revisions\/20488"}],"wp:featuredmedia":[{"embeddable":true,"href":"https:\/\/kawasan.vn\/en\/wp-json\/wp\/v2\/media\/17531"}],"wp:attachment":[{"href":"https:\/\/kawasan.vn\/en\/wp-json\/wp\/v2\/media?parent=6518"}],"wp:term":[{"taxonomy":"product_cat","embeddable":true,"href":"https:\/\/kawasan.vn\/en\/wp-json\/wp\/v2\/product_cat?post=6518"},{"taxonomy":"product_tag","embeddable":true,"href":"https:\/\/kawasan.vn\/en\/wp-json\/wp\/v2\/product_tag?post=6518"}],"curies":[{"name":"wp","href":"https:\/\/api.w.org\/{rel}","templated":true}]}}