{"id":6516,"date":"2023-11-19T04:17:51","date_gmt":"2023-11-19T04:17:51","guid":{"rendered":"https:\/\/kawasan.123websitedev.com\/product\/bo-cong-tac-dieu-khien-tu-xa-cong-suat-lon-3hp-rf15b2-rm2d-25a\/"},"modified":"2025-12-09T14:08:01","modified_gmt":"2025-12-09T07:08:01","slug":"tu-dieu-khien-tu-xa-cong-suat-lon-3hp-rf15b2-rm2d-25a","status":"publish","type":"product","link":"https:\/\/kawasan.vn\/en\/product\/tu-dieu-khien-tu-xa-cong-suat-lon-3hp-rf15b2-rm2d-25a\/","title":{"rendered":"T\u1ee7 \u0110i\u1ec1u Khi\u1ec3n T\u1eeb Xa C\u00f4ng Su\u1ea5t L\u1edbn 3HP RF15B2-RM2D-25A"},"content":{"rendered":"<h2><span class=\"ez-toc-section\" id=\"TU_DIEU_KHIEN_TU_XA_CONG_SUAT_LON_3HP\"><\/span><strong>T\u1ee6 \u0110I\u1ec0U KHI\u1ec2N T\u1eea XA C\u00d4NG SU\u1ea4T L\u1edaN 3HP<\/strong><span class=\"ez-toc-section-end\"><\/span><\/h2><div id=\"ez-toc-container\" class=\"ez-toc-v2_0_69_1 counter-hierarchy ez-toc-counter ez-toc-grey ez-toc-container-direction\">\n<div class=\"ez-toc-title-container\">\n<p class=\"ez-toc-title\" >N\u1ed9i Dung B&agrave;i Vi\u1ebft<\/p>\n<span class=\"ez-toc-title-toggle\"><a href=\"#\" class=\"ez-toc-pull-right ez-toc-btn ez-toc-btn-xs ez-toc-btn-default ez-toc-toggle\" aria-label=\"Toggle Table of Content\"><span class=\"ez-toc-js-icon-con\"><span class=\"\"><span class=\"eztoc-hide\" style=\"display:none;\">Toggle<\/span><span class=\"ez-toc-icon-toggle-span\"><svg style=\"fill: #999;color:#999\" xmlns=\"http:\/\/www.w3.org\/2000\/svg\" class=\"list-377408\" width=\"20px\" height=\"20px\" viewbox=\"0 0 24 24\" fill=\"none\"><path d=\"M6 6H4v2h2V6zm14 0H8v2h12V6zM4 11h2v2H4v-2zm16 0H8v2h12v-2zM4 16h2v2H4v-2zm16 0H8v2h12v-2z\" fill=\"currentColor\"><\/path><\/svg><svg style=\"fill: #999;color:#999\" class=\"arrow-unsorted-368013\" xmlns=\"http:\/\/www.w3.org\/2000\/svg\" width=\"10px\" height=\"10px\" viewbox=\"0 0 24 24\" version=\"1.2\" baseprofile=\"tiny\"><path d=\"M18.2 9.3l-6.2-6.3-6.2 6.3c-.2.2-.3.4-.3.7s.1.5.3.7c.2.2.4.3.7.3h11c.3 0 .5-.1.7-.3.2-.2.3-.5.3-.7s-.1-.5-.3-.7zM5.8 14.7l6.2 6.3 6.2-6.3c.2-.2.3-.5.3-.7s-.1-.5-.3-.7c-.2-.2-.4-.3-.7-.3h-11c-.3 0-.5.1-.7.3-.2.2-.3.5-.3.7s.1.5.3.7z\"\/><\/svg><\/span><\/span><\/span><\/a><\/span><\/div>\n<nav><ul class='ez-toc-list ez-toc-list-level-1 eztoc-toggle-hide-by-default' ><li class='ez-toc-page-1 ez-toc-heading-level-2'><a class=\"ez-toc-link ez-toc-heading-1\" href=\"https:\/\/kawasan.vn\/en\/product\/tu-dieu-khien-tu-xa-cong-suat-lon-3hp-rf15b2-rm2d-25a\/#TU_DIEU_KHIEN_TU_XA_CONG_SUAT_LON_3HP\" title=\"T\u1ee6 \u0110I\u1ec0U KHI\u1ec2N T\u1eea XA C\u00d4NG SU\u1ea4T L\u1edaN 3HP\">T\u1ee6 \u0110I\u1ec0U KHI\u1ec2N T\u1eea XA C\u00d4NG SU\u1ea4T L\u1edaN 3HP<\/a><\/li><li class='ez-toc-page-1 ez-toc-heading-level-2'><a class=\"ez-toc-link ez-toc-heading-2\" href=\"https:\/\/kawasan.vn\/en\/product\/tu-dieu-khien-tu-xa-cong-suat-lon-3hp-rf15b2-rm2d-25a\/#UNG_DUNG_TU_RF15B2-RM2D_25A\" title=\"\u1ee8NG D\u1ee4NG T\u1ee6 RF15B2-RM2D 25A\">\u1ee8NG D\u1ee4NG T\u1ee6 RF15B2-RM2D 25A<\/a><\/li><li class='ez-toc-page-1 ez-toc-heading-level-2'><a class=\"ez-toc-link ez-toc-heading-3\" href=\"https:\/\/kawasan.vn\/en\/product\/tu-dieu-khien-tu-xa-cong-suat-lon-3hp-rf15b2-rm2d-25a\/#VI_SAO_NEN_CHON_MUA_TU_DIEU_KHIEN_TU_XA_KAWASAN\" title=\"V\u00cc SAO N\u00caN CH\u1eccN MUA T\u1ee6 \u0110I\u1ec0U KHI\u1ec2N T\u1eea XA KAWASAN?\">V\u00cc SAO N\u00caN CH\u1eccN MUA T\u1ee6 \u0110I\u1ec0U KHI\u1ec2N T\u1eea XA KAWASAN?<\/a><\/li><\/ul><\/nav><\/div>\n\n<p>T\u1ee7 \u0111i\u1ec1u khi\u1ec3n t\u1eeb xa RF15B2 d\u00f9ng ngu\u1ed3n xung c\u00e1ch ly 110V ~ 240V. Ch\u1ed1ng ch\u1ea1m v\u00e0 gi\u1eadt \u0111i\u1ec7n khi b\u1ecb r\u00f2 \u0111i\u1ec7n qua \u0111\u1ea7u g\u1eafn d\u00e2y Anten. S\u1eed d\u1ee5ng Ch\u00edp Vi X\u1eed L\u00fd Microchip c\u1ee7a M\u1ef9, Chip thu s\u00f3ng cao c\u1ea5p nh\u1eadp t\u1eeb Ph\u00e1p. C\u00e1c linh ki\u1ec7n, \u0111\u1ec1u \u0111\u01b0\u1ee3c nh\u1eadp t\u1eeb nhi\u1ec1u nh\u00e0 s\u1ea3n xu\u1ea5t n\u1ed5i ti\u1ebfng tr\u00ean th\u1ebf gi\u1edbi. T\u00edch h\u1ee3p th\u00eam t\u00ednh n\u0103ng ch\u1ed1ng nhi\u1ec5u \u0111i\u1ec7n t\u1eeb, tr\u00e1nh \u0111\u01b0\u1ee3c c\u00e1c v\u1ea5n \u0111\u1ec1 l\u1ed7i t\u1ef1 b\u1eadt ng\u1eabu nhi\u00ean do nhi\u1ec5u s\u00f3ng t\u1eeb c\u00e1c nh\u00e0 m\u00e1y. T\u1ee7 <a href=\"https:\/\/kawasan.vn\/en\/product-category\/cong-tac-dieu-khien-tu-xa\/\" target=\"_blank\" rel=\"noopener\">\u0111i\u1ec1u khi\u1ec3n t\u1eeb xa<\/a>, s\u1eed d\u1ee5ng s\u00f3ng RF433 Mhz si\u00eau nh\u1ea1y. \u0110i\u1ec1u khi\u1ec3n t\u1eaft &#8211; m\u1edf t\u1eeb xa kho\u1ea3ng c\u00e1ch 500-800m tu\u1ef3 v\u1eadt c\u1ea3n. C\u00f3 kh\u1ea3 n\u0103ng truy\u1ec1n t\u00edn hi\u1ec7u xuy\u00ean v\u1eadt c\u1ea3n t\u1ed1t nh\u01b0 k\u00ednh, g\u1ed7, t\u01b0\u1eddng m\u1ecfng, b\u00ea t\u00f4ng\u2026T\u00edch h\u1ee3p t\u1ed1i \u0111a \u0111\u1ebfn 5 remote.<\/p>\n<h2><span class=\"ez-toc-section\" id=\"UNG_DUNG_TU_RF15B2-RM2D_25A\"><\/span><strong>\u1ee8NG D\u1ee4NG T\u1ee6 RF15B2-RM2D 25A<\/strong><span class=\"ez-toc-section-end\"><\/span><\/h2>\n<ul>\n<li>D\u00f9ng cho h\u1ec7 th\u1ed1ng \u0111\u00e8n chi\u1ebfu s\u00e1ng s\u00e2n v\u01b0\u1eddn, trang tr\u1ea1i, \u0111\u01b0\u1eddng ph\u1ed1&#8230;<\/li>\n<li>D\u00f9ng cho b\u01a1m c\u00f4ng su\u1ea5t l\u1edbn, \u1ee9ng d\u1ee5ng trong n\u00f4ng &#8211; l\u00e2m &#8211; ng\u01b0 nghi\u1ec7p<\/li>\n<li>D\u00f9ng cho h\u1ec7 th\u1ed1ng qu\u1ea1t h\u00fat c\u00f4ng nghi\u1ec7p<\/li>\n<\/ul>\n<figure id=\"attachment_17526\" aria-describedby=\"caption-attachment-17526\" style=\"width: 600px\" class=\"wp-caption aligncenter\"><img loading=\"lazy\" decoding=\"async\" class=\"wp-image-17526\" title=\"B\u1ed9 \u0111i\u1ec1u khi\u1ec3n t\u1eeb xa c\u00f4ng su\u1ea5t cao RF15B2-RM2D 25A\" src=\"https:\/\/kawasan.vn\/wp-content\/uploads\/2023\/11\/bo-cong-tac-dieu-khien-tu-xa-rf15b2-rm2d-3hp-25a-1.jpg\" alt=\"B\u1ed9 \u0111i\u1ec1u khi\u1ec3n t\u1eeb xa c\u00f4ng su\u1ea5t cao RF15B2-RM2D 25A\" width=\"600\" height=\"600\" \/><figcaption id=\"caption-attachment-17526\" class=\"wp-caption-text\">B\u1ed9 \u0111i\u1ec1u khi\u1ec3n t\u1eeb xa c\u00f4ng su\u1ea5t cao RF15B2-RM2D 25A<\/figcaption><\/figure>\n<figure id=\"attachment_17524\" aria-describedby=\"caption-attachment-17524\" style=\"width: 600px\" class=\"wp-caption aligncenter\"><img loading=\"lazy\" decoding=\"async\" class=\"wp-image-17524\" title=\"C\u00e1c thi\u1ebft b\u1ecb \u0111\u01b0\u1ee3c l\u1eafp th\u00e0nh b\u1ed9 \u0111\u1eb7t trong h\u1ed9p k\u00edn n\u01b0\u1edbc cao c\u1ea5p\" src=\"https:\/\/kawasan.vn\/wp-content\/uploads\/2023\/11\/bo-cong-tac-dieu-khien-tu-xa-rf15b2-rm2d-1.jpg\" alt=\"C\u00e1c thi\u1ebft b\u1ecb \u0111\u01b0\u1ee3c l\u1eafp th\u00e0nh b\u1ed9 \u0111\u1eb7t trong h\u1ed9p k\u00edn n\u01b0\u1edbc cao c\u1ea5p\" width=\"600\" height=\"407\" \/><figcaption id=\"caption-attachment-17524\" class=\"wp-caption-text\">C\u00e1c thi\u1ebft b\u1ecb \u0111\u01b0\u1ee3c l\u1eafp th\u00e0nh b\u1ed9 \u0111\u1eb7t trong h\u1ed9p k\u00edn n\u01b0\u1edbc cao c\u1ea5p<\/figcaption><\/figure>\n<h2><span class=\"ez-toc-section\" id=\"VI_SAO_NEN_CHON_MUA_TU_DIEU_KHIEN_TU_XA_KAWASAN\"><\/span>V\u00cc SAO N\u00caN CH\u1eccN MUA T\u1ee6 \u0110I\u1ec0U KHI\u1ec2N T\u1eea XA KAWASAN?<span class=\"ez-toc-section-end\"><\/span><\/h2>\n<ul>\n<li>Kawasan l\u00e0 nh\u00e3n hi\u1ec7u chuy\u00ean v\u1ec1 c\u00e1c thi\u1ebft b\u1ecb th\u00f4ng minh. Trong \u0111\u00f3 t\u1ee7<a href=\"https:\/\/kawasan.com.vn\/san-pham.html\/cong-tac-dieu-khien-tu-xa.html\/cong-tac-dieu-khien-tu-xa-bang-remote.html\" target=\"_blank\" rel=\"noopener\">\u00a0\u0111i\u1ec1u khi\u1ec3n t\u1eeb xa<\/a> \u0111\u00e3 c\u00f3 m\u1eb7t tr\u00ean th\u1ecb tr\u01b0\u1eddng g\u1ea7n 18 n\u0103m t\u1ea1i Vi\u1ec7t Nam. \u0110\u1ed3ng th\u1eddi nh\u00e3n hi\u1ec7u KAWASAN \u0111\u00e3 c\u00f3 \u0111\u0103ng k\u00fd b\u1ea3o h\u1ed9 nh\u00e3n hi\u1ec7u t\u1ea1i Vi\u1ec7t Nam.<\/li>\n<li>S\u1ea3n ph\u1ea9m \u0111\u01b0\u1ee3c nghi\u00ean c\u1ee9u v\u00e0 s\u1ea3n xu\u1ea5t t\u1ea1i Vi\u1ec7t Nam v\u1edbi h\u1ec7 th\u1ed1ng ph\u00e2n ph\u1ed1i to\u00e0n qu\u1ed1c. H\u1ec7 th\u1ed1ng v\u0103n ph\u00f2ng d\u1ecbch v\u1ee5 t\u01b0 v\u1ea5n, b\u1ea3o h\u00e0nh 2 n\u0103m \u0111\u1ec1u c\u00f3 t\u1ea1i c\u00e1c th\u00e0nh ph\u1ed1 l\u1edbn tr\u00ean to\u00e0n qu\u1ed1c.<\/li>\n<li>Ch\u1ea5t l\u01b0\u1ee3ng c\u00f4ng t\u1eafc \u0111i\u1ec1u khi\u1ec3n t\u1eeb xa c\u00f4ng su\u1ea5t l\u1edbn \u0111\u01b0\u1ee3c c\u00f4ng ty \u0111\u1ea7u t\u01b0 nghi\u00ean c\u1ee9u v\u00e0 c\u1ea3i ti\u1ebfn li\u00ean t\u1ee5c. V\u00ec v\u1eady ch\u1ea5t l\u01b0\u1ee3ng \u0111\u01b0\u1ee3c \u0111\u1ea3m b\u1ea3o v\u00e0 c\u00f3 th\u1ec3 t\u00edch h\u1ee3p th\u00eam remote d\u1ec5 d\u00e0ng.<\/li>\n<li>Th\u00f4ng tin in b\u1eb1ng ti\u1ebfng Vi\u1ec7t gi\u00fap ng\u01b0\u1eddi d\u00f9ng d\u1ec5 s\u1eed d\u1ee5ng v\u00e0 c\u00e0i \u0111\u1eb7t.<\/li>\n<\/ul>","protected":false},"excerpt":{"rendered":"<p>T\u1ee6 \u0110I\u1ec0U KHI\u1ec2N T\u1eea XA C\u00d4NG SU\u1ea4T L\u1edaN 3HP T\u1ee7 \u0111i\u1ec1u khi\u1ec3n t\u1eeb xa RF15B2 d\u00f9ng ngu\u1ed3n xung c\u00e1ch ly 110V ~ 240V. Ch\u1ed1ng ch\u1ea1m v\u00e0 gi\u1eadt \u0111i\u1ec7n khi b\u1ecb r\u00f2 \u0111i\u1ec7n qua \u0111\u1ea7u g\u1eafn d\u00e2y Anten. S\u1eed d\u1ee5ng Ch\u00edp Vi X\u1eed L\u00fd Microchip c\u1ee7a M\u1ef9, Chip thu s\u00f3ng cao c\u1ea5p nh\u1eadp t\u1eeb Ph\u00e1p. C\u00e1c [&hellip;]<\/p>","protected":false},"featured_media":17527,"comment_status":"open","ping_status":"closed","template":"","meta":{"_yoast_wpseo_focuskw":"T\u1ee7 \u0110i\u1ec1u Khi\u1ec3n T\u1eeb Xa","_yoast_wpseo_metadesc":"T\u1ee7 \u0111i\u1ec1u khi\u1ec3n t\u1eeb xa, s\u1eed d\u1ee5ng s\u00f3ng RF433 Mhz \u0111i\u1ec1u khi\u1ec3n t\u1eaft - m\u1edf t\u1eeb xa kho\u1ea3ng c\u00e1ch 500-800m tu\u1ef3 v\u1eadt c\u1ea3n. T\u00edch h\u1ee3p t\u1ed1i \u0111a \u0111\u1ebfn 5\u00a0remote.","_yoast_wpseo_focuskeywords":"","_yoast_wpseo_keyword_synonyms":""},"product_cat":[509,895,1882,63],"product_tag":[1138,1135,734,941,1136,1140,1133,823,730,1139,1134,1137,733,1131,1132,1142,731,1141],"class_list":["post-6516","product","type-product","status-publish","has-post-thumbnail","hentry","product_cat-cong-tac-dieu-khien-tu-xa-bang-remote","product_cat-dieu-khien-bang-remote","product_cat-tu-dieu-khien-tu-xa-cong-xuat-cao","product_cat-cong-tac-dieu-khien-tu-xa","product_tag-bo-cong-tac-dieu-khien-tu-xa","product_tag-bo-dieu-khien-may-bom-tu-xa","product_tag-bo-dieu-khien-tu-xa-cong-suat-cao","product_tag-cong-tac-den-dieu-khien-tu-xa","product_tag-cong-tac-dien-dieu-khien-tu-xa","product_tag-cong-tac-dien-dieu-khien-tu-xa-bang-dien-thoai","product_tag-cong-tac-dien-dieu-khien-tu-xa-bang-remote","product_tag-cong-tac-dieu-khien","product_tag-cong-tac-dieu-khien-tu-xa","product_tag-cong-tac-dieu-khien-tu-xa-12v","product_tag-cong-tac-dieu-khien-tu-xa-220v","product_tag-cong-tac-dieu-khien-tu-xa-bang-dien-thoai","product_tag-cong-tac-dieu-khien-tu-xa-qua-remote","product_tag-cong-tac-dieu-khien-tu-xa-qua-wifi","product_tag-cong-tac-dieu-khien-tu-xa-qua-wifi-3g","product_tag-cong-tac-thong-minh-dieu-khien-tu-xa","product_tag-dieu-khien-tu-xa","product_tag-hat-cong-tac-dieu-khien-tu-xa"],"acf":[],"yoast_head":"<!-- This site is optimized with the Yoast SEO Premium plugin v24.9 (Yoast SEO v24.9) - https:\/\/yoast.com\/wordpress\/plugins\/seo\/ -->\n<title>T\u1ee7 \u0110i\u1ec1u Khi\u1ec3n T\u1eeb Xa C\u00f4ng Su\u1ea5t L\u1edbn 3HP RF15B2-RM2D-25A - Kawasan<\/title>\n<meta name=\"description\" content=\"T\u1ee7 \u0111i\u1ec1u khi\u1ec3n t\u1eeb xa, s\u1eed d\u1ee5ng s\u00f3ng RF433 Mhz \u0111i\u1ec1u khi\u1ec3n t\u1eaft - m\u1edf t\u1eeb xa kho\u1ea3ng c\u00e1ch 500-800m tu\u1ef3 v\u1eadt c\u1ea3n. T\u00edch h\u1ee3p t\u1ed1i \u0111a \u0111\u1ebfn 5\u00a0remote.\" \/>\n<meta name=\"robots\" content=\"index, follow, max-snippet:-1, max-image-preview:large, max-video-preview:-1\" \/>\n<link rel=\"canonical\" href=\"https:\/\/kawasan.vn\/en\/product\/tu-dieu-khien-tu-xa-cong-suat-lon-3hp-rf15b2-rm2d-25a\/\" \/>\n<meta property=\"og:locale\" content=\"en_US\" \/>\n<meta property=\"og:type\" content=\"article\" \/>\n<meta property=\"og:title\" content=\"T\u1ee7 \u0110i\u1ec1u Khi\u1ec3n T\u1eeb Xa C\u00f4ng Su\u1ea5t L\u1edbn 3HP RF15B2-RM2D-25A\" \/>\n<meta property=\"og:description\" content=\"T\u1ee7 \u0111i\u1ec1u khi\u1ec3n t\u1eeb xa, s\u1eed d\u1ee5ng s\u00f3ng RF433 Mhz \u0111i\u1ec1u khi\u1ec3n t\u1eaft - m\u1edf t\u1eeb xa kho\u1ea3ng c\u00e1ch 500-800m tu\u1ef3 v\u1eadt c\u1ea3n. T\u00edch h\u1ee3p t\u1ed1i \u0111a \u0111\u1ebfn 5\u00a0remote.\" \/>\n<meta property=\"og:url\" content=\"https:\/\/kawasan.vn\/en\/product\/tu-dieu-khien-tu-xa-cong-suat-lon-3hp-rf15b2-rm2d-25a\/\" \/>\n<meta property=\"og:site_name\" content=\"Kawasan\" \/>\n<meta property=\"article:modified_time\" content=\"2025-12-09T07:08:01+00:00\" \/>\n<meta property=\"og:image\" content=\"https:\/\/kawasan.vn\/wp-content\/uploads\/2023\/11\/bo-cong-tac-dieu-khien-tu-xa-rf15b2-rm2d-3hp-25a.jpg\" \/>\n\t<meta property=\"og:image:width\" content=\"800\" \/>\n\t<meta property=\"og:image:height\" content=\"800\" \/>\n\t<meta property=\"og:image:type\" content=\"image\/jpeg\" \/>\n<meta name=\"twitter:card\" content=\"summary_large_image\" \/>\n<meta name=\"twitter:label1\" content=\"Est. reading time\" \/>\n\t<meta name=\"twitter:data1\" content=\"3 minutes\" \/>\n<script type=\"application\/ld+json\" class=\"yoast-schema-graph\">{\"@context\":\"https:\/\/schema.org\",\"@graph\":[{\"@type\":\"WebPage\",\"@id\":\"https:\/\/kawasan.vn\/san-pham\/tu-dieu-khien-tu-xa-cong-suat-lon-3hp-rf15b2-rm2d-25a\/\",\"url\":\"https:\/\/kawasan.vn\/san-pham\/tu-dieu-khien-tu-xa-cong-suat-lon-3hp-rf15b2-rm2d-25a\/\",\"name\":\"T\u1ee7 \u0110i\u1ec1u Khi\u1ec3n T\u1eeb Xa C\u00f4ng Su\u1ea5t L\u1edbn 3HP RF15B2-RM2D-25A - Kawasan\",\"isPartOf\":{\"@id\":\"https:\/\/kawasan.vn\/#website\"},\"primaryImageOfPage\":{\"@id\":\"https:\/\/kawasan.vn\/san-pham\/tu-dieu-khien-tu-xa-cong-suat-lon-3hp-rf15b2-rm2d-25a\/#primaryimage\"},\"image\":{\"@id\":\"https:\/\/kawasan.vn\/san-pham\/tu-dieu-khien-tu-xa-cong-suat-lon-3hp-rf15b2-rm2d-25a\/#primaryimage\"},\"thumbnailUrl\":\"https:\/\/kawasan.vn\/wp-content\/uploads\/2023\/11\/bo-cong-tac-dieu-khien-tu-xa-rf15b2-rm2d-3hp-25a.jpg\",\"datePublished\":\"2023-11-19T04:17:51+00:00\",\"dateModified\":\"2025-12-09T07:08:01+00:00\",\"description\":\"T\u1ee7 \u0111i\u1ec1u khi\u1ec3n t\u1eeb xa, s\u1eed d\u1ee5ng s\u00f3ng RF433 Mhz \u0111i\u1ec1u khi\u1ec3n t\u1eaft - m\u1edf t\u1eeb xa kho\u1ea3ng c\u00e1ch 500-800m tu\u1ef3 v\u1eadt c\u1ea3n. T\u00edch h\u1ee3p t\u1ed1i \u0111a \u0111\u1ebfn 5\u00a0remote.\",\"breadcrumb\":{\"@id\":\"https:\/\/kawasan.vn\/san-pham\/tu-dieu-khien-tu-xa-cong-suat-lon-3hp-rf15b2-rm2d-25a\/#breadcrumb\"},\"inLanguage\":\"en-US\",\"potentialAction\":[{\"@type\":\"ReadAction\",\"target\":[\"https:\/\/kawasan.vn\/san-pham\/tu-dieu-khien-tu-xa-cong-suat-lon-3hp-rf15b2-rm2d-25a\/\"]}]},{\"@type\":\"ImageObject\",\"inLanguage\":\"en-US\",\"@id\":\"https:\/\/kawasan.vn\/san-pham\/tu-dieu-khien-tu-xa-cong-suat-lon-3hp-rf15b2-rm2d-25a\/#primaryimage\",\"url\":\"https:\/\/kawasan.vn\/wp-content\/uploads\/2023\/11\/bo-cong-tac-dieu-khien-tu-xa-rf15b2-rm2d-3hp-25a.jpg\",\"contentUrl\":\"https:\/\/kawasan.vn\/wp-content\/uploads\/2023\/11\/bo-cong-tac-dieu-khien-tu-xa-rf15b2-rm2d-3hp-25a.jpg\",\"width\":800,\"height\":800},{\"@type\":\"BreadcrumbList\",\"@id\":\"https:\/\/kawasan.vn\/san-pham\/tu-dieu-khien-tu-xa-cong-suat-lon-3hp-rf15b2-rm2d-25a\/#breadcrumb\",\"itemListElement\":[{\"@type\":\"ListItem\",\"position\":1,\"name\":\"Trang ch\u1ee7\",\"item\":\"https:\/\/kawasan.vn\/\"},{\"@type\":\"ListItem\",\"position\":2,\"name\":\"S\u1ea3n ph\u1ea9m\",\"item\":\"https:\/\/kawasan.vn\/san-pham\/\"},{\"@type\":\"ListItem\",\"position\":3,\"name\":\"T\u1ee7 \u0110i\u1ec1u Khi\u1ec3n T\u1eeb Xa C\u00f4ng Su\u1ea5t L\u1edbn 3HP RF15B2-RM2D-25A\"}]},{\"@type\":\"WebSite\",\"@id\":\"https:\/\/kawasan.vn\/#website\",\"url\":\"https:\/\/kawasan.vn\/\",\"name\":\"Kawasan\",\"description\":\"\",\"potentialAction\":[{\"@type\":\"SearchAction\",\"target\":{\"@type\":\"EntryPoint\",\"urlTemplate\":\"https:\/\/kawasan.vn\/?s={search_term_string}\"},\"query-input\":{\"@type\":\"PropertyValueSpecification\",\"valueRequired\":true,\"valueName\":\"search_term_string\"}}],\"inLanguage\":\"en-US\"}]}<\/script>\n<!-- \/ Yoast SEO Premium plugin. -->","yoast_head_json":{"title":"T\u1ee7 \u0110i\u1ec1u Khi\u1ec3n T\u1eeb Xa C\u00f4ng Su\u1ea5t L\u1edbn 3HP RF15B2-RM2D-25A - Kawasan","description":"T\u1ee7 \u0111i\u1ec1u khi\u1ec3n t\u1eeb xa, s\u1eed d\u1ee5ng s\u00f3ng RF433 Mhz \u0111i\u1ec1u khi\u1ec3n t\u1eaft - m\u1edf t\u1eeb xa kho\u1ea3ng c\u00e1ch 500-800m tu\u1ef3 v\u1eadt c\u1ea3n. T\u00edch h\u1ee3p t\u1ed1i \u0111a \u0111\u1ebfn 5\u00a0remote.","robots":{"index":"index","follow":"follow","max-snippet":"max-snippet:-1","max-image-preview":"max-image-preview:large","max-video-preview":"max-video-preview:-1"},"canonical":"https:\/\/kawasan.vn\/en\/product\/tu-dieu-khien-tu-xa-cong-suat-lon-3hp-rf15b2-rm2d-25a\/","og_locale":"en_US","og_type":"article","og_title":"T\u1ee7 \u0110i\u1ec1u Khi\u1ec3n T\u1eeb Xa C\u00f4ng Su\u1ea5t L\u1edbn 3HP RF15B2-RM2D-25A","og_description":"T\u1ee7 \u0111i\u1ec1u khi\u1ec3n t\u1eeb xa, s\u1eed d\u1ee5ng s\u00f3ng RF433 Mhz \u0111i\u1ec1u khi\u1ec3n t\u1eaft - m\u1edf t\u1eeb xa kho\u1ea3ng c\u00e1ch 500-800m tu\u1ef3 v\u1eadt c\u1ea3n. T\u00edch h\u1ee3p t\u1ed1i \u0111a \u0111\u1ebfn 5\u00a0remote.","og_url":"https:\/\/kawasan.vn\/en\/product\/tu-dieu-khien-tu-xa-cong-suat-lon-3hp-rf15b2-rm2d-25a\/","og_site_name":"Kawasan","article_modified_time":"2025-12-09T07:08:01+00:00","og_image":[{"width":800,"height":800,"url":"https:\/\/kawasan.vn\/wp-content\/uploads\/2023\/11\/bo-cong-tac-dieu-khien-tu-xa-rf15b2-rm2d-3hp-25a.jpg","type":"image\/jpeg"}],"twitter_card":"summary_large_image","twitter_misc":{"Est. reading time":"3 minutes"},"schema":{"@context":"https:\/\/schema.org","@graph":[{"@type":"WebPage","@id":"https:\/\/kawasan.vn\/san-pham\/tu-dieu-khien-tu-xa-cong-suat-lon-3hp-rf15b2-rm2d-25a\/","url":"https:\/\/kawasan.vn\/san-pham\/tu-dieu-khien-tu-xa-cong-suat-lon-3hp-rf15b2-rm2d-25a\/","name":"T\u1ee7 \u0110i\u1ec1u Khi\u1ec3n T\u1eeb Xa C\u00f4ng Su\u1ea5t L\u1edbn 3HP RF15B2-RM2D-25A - Kawasan","isPartOf":{"@id":"https:\/\/kawasan.vn\/#website"},"primaryImageOfPage":{"@id":"https:\/\/kawasan.vn\/san-pham\/tu-dieu-khien-tu-xa-cong-suat-lon-3hp-rf15b2-rm2d-25a\/#primaryimage"},"image":{"@id":"https:\/\/kawasan.vn\/san-pham\/tu-dieu-khien-tu-xa-cong-suat-lon-3hp-rf15b2-rm2d-25a\/#primaryimage"},"thumbnailUrl":"https:\/\/kawasan.vn\/wp-content\/uploads\/2023\/11\/bo-cong-tac-dieu-khien-tu-xa-rf15b2-rm2d-3hp-25a.jpg","datePublished":"2023-11-19T04:17:51+00:00","dateModified":"2025-12-09T07:08:01+00:00","description":"T\u1ee7 \u0111i\u1ec1u khi\u1ec3n t\u1eeb xa, s\u1eed d\u1ee5ng s\u00f3ng RF433 Mhz \u0111i\u1ec1u khi\u1ec3n t\u1eaft - m\u1edf t\u1eeb xa kho\u1ea3ng c\u00e1ch 500-800m tu\u1ef3 v\u1eadt c\u1ea3n. T\u00edch h\u1ee3p t\u1ed1i \u0111a \u0111\u1ebfn 5\u00a0remote.","breadcrumb":{"@id":"https:\/\/kawasan.vn\/san-pham\/tu-dieu-khien-tu-xa-cong-suat-lon-3hp-rf15b2-rm2d-25a\/#breadcrumb"},"inLanguage":"en-US","potentialAction":[{"@type":"ReadAction","target":["https:\/\/kawasan.vn\/san-pham\/tu-dieu-khien-tu-xa-cong-suat-lon-3hp-rf15b2-rm2d-25a\/"]}]},{"@type":"ImageObject","inLanguage":"en-US","@id":"https:\/\/kawasan.vn\/san-pham\/tu-dieu-khien-tu-xa-cong-suat-lon-3hp-rf15b2-rm2d-25a\/#primaryimage","url":"https:\/\/kawasan.vn\/wp-content\/uploads\/2023\/11\/bo-cong-tac-dieu-khien-tu-xa-rf15b2-rm2d-3hp-25a.jpg","contentUrl":"https:\/\/kawasan.vn\/wp-content\/uploads\/2023\/11\/bo-cong-tac-dieu-khien-tu-xa-rf15b2-rm2d-3hp-25a.jpg","width":800,"height":800},{"@type":"BreadcrumbList","@id":"https:\/\/kawasan.vn\/san-pham\/tu-dieu-khien-tu-xa-cong-suat-lon-3hp-rf15b2-rm2d-25a\/#breadcrumb","itemListElement":[{"@type":"ListItem","position":1,"name":"Trang ch\u1ee7","item":"https:\/\/kawasan.vn\/"},{"@type":"ListItem","position":2,"name":"S\u1ea3n ph\u1ea9m","item":"https:\/\/kawasan.vn\/san-pham\/"},{"@type":"ListItem","position":3,"name":"T\u1ee7 \u0110i\u1ec1u Khi\u1ec3n T\u1eeb Xa C\u00f4ng Su\u1ea5t L\u1edbn 3HP RF15B2-RM2D-25A"}]},{"@type":"WebSite","@id":"https:\/\/kawasan.vn\/#website","url":"https:\/\/kawasan.vn\/","name":"Kawasan","description":"","potentialAction":[{"@type":"SearchAction","target":{"@type":"EntryPoint","urlTemplate":"https:\/\/kawasan.vn\/?s={search_term_string}"},"query-input":{"@type":"PropertyValueSpecification","valueRequired":true,"valueName":"search_term_string"}}],"inLanguage":"en-US"}]}},"_links":{"self":[{"href":"https:\/\/kawasan.vn\/en\/wp-json\/wp\/v2\/product\/6516","targetHints":{"allow":["GET"]}}],"collection":[{"href":"https:\/\/kawasan.vn\/en\/wp-json\/wp\/v2\/product"}],"about":[{"href":"https:\/\/kawasan.vn\/en\/wp-json\/wp\/v2\/types\/product"}],"replies":[{"embeddable":true,"href":"https:\/\/kawasan.vn\/en\/wp-json\/wp\/v2\/comments?post=6516"}],"version-history":[{"count":4,"href":"https:\/\/kawasan.vn\/en\/wp-json\/wp\/v2\/product\/6516\/revisions"}],"predecessor-version":[{"id":20489,"href":"https:\/\/kawasan.vn\/en\/wp-json\/wp\/v2\/product\/6516\/revisions\/20489"}],"wp:featuredmedia":[{"embeddable":true,"href":"https:\/\/kawasan.vn\/en\/wp-json\/wp\/v2\/media\/17527"}],"wp:attachment":[{"href":"https:\/\/kawasan.vn\/en\/wp-json\/wp\/v2\/media?parent=6516"}],"wp:term":[{"taxonomy":"product_cat","embeddable":true,"href":"https:\/\/kawasan.vn\/en\/wp-json\/wp\/v2\/product_cat?post=6516"},{"taxonomy":"product_tag","embeddable":true,"href":"https:\/\/kawasan.vn\/en\/wp-json\/wp\/v2\/product_tag?post=6516"}],"curies":[{"name":"wp","href":"https:\/\/api.w.org\/{rel}","templated":true}]}}