{"id":6504,"date":"2023-11-19T04:17:13","date_gmt":"2023-11-19T04:17:13","guid":{"rendered":"https:\/\/kawasan.123websitedev.com\/product\/bo-cong-tac-dieu-khien-tu-xa-cong-suat-lon-3hp-rf15b-rm2c-25a\/"},"modified":"2025-12-09T14:06:44","modified_gmt":"2025-12-09T07:06:44","slug":"tu-dieu-khien-tu-xa-cong-suat-lon-3hp-rf15b-rm2c-25a","status":"publish","type":"product","link":"https:\/\/kawasan.vn\/en\/product\/tu-dieu-khien-tu-xa-cong-suat-lon-3hp-rf15b-rm2c-25a\/","title":{"rendered":"T\u1ee7 \u0110i\u1ec1u Khi\u1ec3n T\u1eeb Xa C\u00f4ng Su\u1ea5t L\u1edbn 3HP RF15B-RM2C-25A"},"content":{"rendered":"<div>\n<h2><strong>T\u1ee6 \u0110I\u1ec0U KHI\u1ec2N T\u1eea XA C\u00d4NG SU\u1ea4T L\u1edaN 3HP<\/strong><\/h2>\n<p>T\u1ee7 \u0111i\u1ec1u khi\u1ec3n t\u1eeb xa RF15B-RM2C-25A d\u00f9ng ngu\u1ed3n xung c\u00e1ch ly 110V ~ 240V. Ch\u1ed1ng ch\u1ea1m v\u00e0 gi\u1eadt \u0111i\u1ec7n khi b\u1ecb r\u00f2 \u0111i\u1ec7n qua \u0111\u1ea7u ho\u1eb7c d\u00e2y Anten. B\u00ean c\u1ea1nh \u0111\u00f3 c\u00f2n s\u1eed d\u1ee5ng Ch\u00edp Vi X\u1eed L\u00fd Microchip c\u1ee7a M\u1ef9, Chip thu s\u00f3ng cao c\u1ea5p nh\u1eadp t\u1eeb Ph\u00e1p. C\u00e1c linh ki\u1ec7n ch\u1ea5t l\u01b0\u1ee3ng, \u0111\u01b0\u1ee3c nh\u1eadp t\u1eeb nhi\u1ec1u nh\u00e0 s\u1ea3n xu\u1ea5t n\u1ed5i ti\u1ebfng tr\u00ean th\u1ebf gi\u1edbi. T\u00edch h\u1ee3p th\u00eam t\u00ednh n\u0103ng ch\u1ed1ng nhi\u1ec5u \u0111i\u1ec7n t\u1eeb, tr\u00e1nh \u0111\u01b0\u1ee3c c\u00e1c v\u1ea5n \u0111\u1ec3 l\u1ed7i t\u1ef1 b\u1eadt ng\u1eabu nhi\u00ean do nhi\u1ec5u \u0111i\u1ec7n t\u1eeb v\u00e0 nhi\u1ec5u s\u00f3ng t\u1eeb c\u00e1c nh\u00e0 m\u00e1y.<\/p>\n<p><a href=\"https:\/\/kawasan.vn\/en\/product-category\/cong-tac-dieu-khien-tu-xa\/\" target=\"_blank\" rel=\"noopener\">T\u1ee7 \u0111i\u1ec1u khi\u1ec3n t\u1eeb xa<\/a> Kawasan RF15B-RM2C 25A d\u00f9ng cho b\u01a1m, m\u00e1y l\u1ea1nh, b\u00ecnh n\u01b0\u1edbc n\u00f3ng&#8230; c\u00f4ng su\u1ea5t l\u1edbn &lt;3 HP. S\u1eed d\u1ee5ng s\u00f3ng RF433 \u0111i\u1ec1u khi\u1ec3n t\u1eaft &#8211; m\u1edf t\u1eeb xa kho\u1ea3ng c\u00e1ch 20-100m tu\u1ef3 v\u1eadt c\u1ea3n. C\u00f3 kh\u1ea3 n\u0103ng truy\u1ec1n t\u00edn hi\u1ec7u xuy\u00ean v\u1eadt c\u1ea3n t\u1ed1t nh\u01b0 k\u00ednh, g\u1ed7, t\u01b0\u1eddng m\u1ecfng, b\u00ea t\u00f4ng\u2026T\u00edch h\u1ee3p t\u1ed1i \u0111a \u0111\u1ebfn 5 remote.<\/p>\n<figure id=\"attachment_17572\" aria-describedby=\"caption-attachment-17572\" style=\"width: 600px\" class=\"wp-caption aligncenter\"><img loading=\"lazy\" decoding=\"async\" class=\"wp-image-17572\" title=\"B\u1ed9 \u0111i\u1ec1u khi\u1ec3n t\u1eeb xa c\u00f4ng su\u1ea5t l\u1edbn 3Hp RF15B-RM2C 25A\" src=\"https:\/\/kawasan.vn\/wp-content\/uploads\/2023\/11\/cong-tac-dieu-khien-tu-xa-bom-3hp1.png\" alt=\"B\u1ed9 \u0111i\u1ec1u khi\u1ec3n t\u1eeb xa c\u00f4ng su\u1ea5t l\u1edbn 3Hp RF15B-RM2C 25A\" width=\"600\" height=\"480\" \/><figcaption id=\"caption-attachment-17572\" class=\"wp-caption-text\">B\u1ed9 \u0111i\u1ec1u khi\u1ec3n t\u1eeb xa c\u00f4ng su\u1ea5t l\u1edbn 3Hp RF15B-RM2C 25A<\/figcaption><\/figure>\n<h2>\u00a0V\u00cc SAO N\u00caN CH\u1eccN MUA T\u1ee6 \u0110I\u1ec0U KHI\u1ec2N T\u1eea XA KAWASAN?<\/h2>\n<ul>\n<li>Kawasan l\u00e0 nh\u00e3n hi\u1ec7u chuy\u00ean v\u1ec1 c\u00e1c thi\u1ebft b\u1ecb th\u00f4ng minh. Trong \u0111\u00f3 <a href=\"https:\/\/kawasan.com.vn\/san-pham.html\/cong-tac-dieu-khien-tu-xa.html\/cong-tac-dieu-khien-tu-xa-bang-remote.html\" target=\"_blank\" rel=\"noopener\">thi\u1ebft b\u1ecb \u0111i\u1ec1u khi\u1ec3n t\u1eeb xa<\/a> \u0111\u00e3 c\u00f3 m\u1eb7t tr\u00ean th\u1ecb tr\u01b0\u1eddng g\u1ea7n 15 n\u0103m t\u1ea1i Vi\u1ec7t Nam. \u0110\u1ed3ng th\u1eddi nh\u00e3n hi\u1ec7u KAWASAN \u0111\u00e3 c\u00f3 \u0111\u0103ng k\u00fd b\u1ea3o h\u1ed9 nh\u00e3n hi\u1ec7u t\u1ea1i Vi\u1ec7t Nam.<\/li>\n<li>S\u1ea3n ph\u1ea9m \u0111\u01b0\u1ee3c nghi\u00ean c\u1ee9u v\u00e0 s\u1ea3n xu\u1ea5t t\u1ea1i Vi\u1ec7t Nam v\u1edbi h\u1ec7 th\u1ed1ng ph\u00e2n ph\u1ed1i to\u00e0n qu\u1ed1c. H\u1ec7 th\u1ed1ng v\u0103n ph\u00f2ng d\u1ecbch v\u1ee5 t\u01b0 v\u1ea5n, b\u1ea3o h\u00e0nh 2 n\u0103m \u0111\u1ec1u c\u00f3 t\u1ea1i c\u00e1c th\u00e0nh ph\u1ed1 l\u1edbn tr\u00ean to\u00e0n qu\u1ed1c.<\/li>\n<li>Ch\u1ea5t l\u01b0\u1ee3ng c\u00f4ng t\u1eafc \u0111i\u1ec1u khi\u1ec3n t\u1eeb xa c\u00f4ng su\u1ea5t l\u1edbn \u0111\u01b0\u1ee3c c\u00f4ng ty \u0111\u1ea7u t\u01b0 nghi\u00ean c\u1ee9u v\u00e0 c\u1ea3i ti\u1ebfn li\u00ean t\u1ee5c. V\u00ec v\u1eady ch\u1ea5t l\u01b0\u1ee3ng \u0111\u01b0\u1ee3c \u0111\u1ea3m b\u1ea3o v\u00e0 c\u00f3 th\u1ec3 t\u00edch h\u1ee3p th\u00eam remote d\u1ec5 d\u00e0ng.<\/li>\n<li>Th\u00f4ng tin in b\u1eb1ng ti\u1ebfng Vi\u1ec7t gi\u00fap ng\u01b0\u1eddi d\u00f9ng d\u1ec5 s\u1eed d\u1ee5ng v\u00e0 c\u00e0i \u0111\u1eb7t.<\/li>\n<\/ul>\n<\/div>","protected":false},"excerpt":{"rendered":"<p>T\u1ee6 \u0110I\u1ec0U KHI\u1ec2N T\u1eea XA C\u00d4NG SU\u1ea4T L\u1edaN 3HP T\u1ee7 \u0111i\u1ec1u khi\u1ec3n t\u1eeb xa RF15B-RM2C-25A d\u00f9ng ngu\u1ed3n xung c\u00e1ch ly 110V ~ 240V. Ch\u1ed1ng ch\u1ea1m v\u00e0 gi\u1eadt \u0111i\u1ec7n khi b\u1ecb r\u00f2 \u0111i\u1ec7n qua \u0111\u1ea7u ho\u1eb7c d\u00e2y Anten. B\u00ean c\u1ea1nh \u0111\u00f3 c\u00f2n s\u1eed d\u1ee5ng Ch\u00edp Vi X\u1eed L\u00fd Microchip c\u1ee7a M\u1ef9, Chip thu s\u00f3ng cao c\u1ea5p [&hellip;]<\/p>","protected":false},"featured_media":17570,"comment_status":"open","ping_status":"closed","template":"","meta":{"_yoast_wpseo_focuskw":"T\u1ee7 \u0111i\u1ec1u khi\u1ec3n t\u1eeb xa RF15B-RM2C-25A","_yoast_wpseo_metadesc":"T\u1ee7 \u0111i\u1ec1u khi\u1ec3n t\u1eeb xa RF15B-RM2C 25A d\u00f9ng cho b\u01a1m, m\u00e1y l\u1ea1nh, b\u00ecnh n\u01b0\u1edbc n\u00f3ng... c\u00f4ng su\u1ea5t l\u1edbn &lt;3 HP. T\u00edch h\u1ee3p t\u1ed1i \u0111a \u0111\u1ebfn 5 remote...","_yoast_wpseo_focuskeywords":"","_yoast_wpseo_keyword_synonyms":""},"product_cat":[509,895,1882,63],"product_tag":[1138,1135,734,941,1136,1140,1133,823,730,1139,1134,1137,733,1131,1132,1142,731,1141],"class_list":["post-6504","product","type-product","status-publish","has-post-thumbnail","hentry","product_cat-cong-tac-dieu-khien-tu-xa-bang-remote","product_cat-dieu-khien-bang-remote","product_cat-tu-dieu-khien-tu-xa-cong-xuat-cao","product_cat-cong-tac-dieu-khien-tu-xa","product_tag-bo-cong-tac-dieu-khien-tu-xa","product_tag-bo-dieu-khien-may-bom-tu-xa","product_tag-bo-dieu-khien-tu-xa-cong-suat-cao","product_tag-cong-tac-den-dieu-khien-tu-xa","product_tag-cong-tac-dien-dieu-khien-tu-xa","product_tag-cong-tac-dien-dieu-khien-tu-xa-bang-dien-thoai","product_tag-cong-tac-dien-dieu-khien-tu-xa-bang-remote","product_tag-cong-tac-dieu-khien","product_tag-cong-tac-dieu-khien-tu-xa","product_tag-cong-tac-dieu-khien-tu-xa-12v","product_tag-cong-tac-dieu-khien-tu-xa-220v","product_tag-cong-tac-dieu-khien-tu-xa-bang-dien-thoai","product_tag-cong-tac-dieu-khien-tu-xa-qua-remote","product_tag-cong-tac-dieu-khien-tu-xa-qua-wifi","product_tag-cong-tac-dieu-khien-tu-xa-qua-wifi-3g","product_tag-cong-tac-thong-minh-dieu-khien-tu-xa","product_tag-dieu-khien-tu-xa","product_tag-hat-cong-tac-dieu-khien-tu-xa"],"acf":[],"yoast_head":"<!-- This site is optimized with the Yoast SEO Premium plugin v24.9 (Yoast SEO v24.9) - https:\/\/yoast.com\/wordpress\/plugins\/seo\/ -->\n<title>T\u1ee7 \u0110i\u1ec1u Khi\u1ec3n T\u1eeb Xa C\u00f4ng Su\u1ea5t L\u1edbn 3HP RF15B-RM2C-25A - Kawasan<\/title>\n<meta name=\"description\" content=\"T\u1ee7 \u0111i\u1ec1u khi\u1ec3n t\u1eeb xa RF15B-RM2C 25A d\u00f9ng cho b\u01a1m, m\u00e1y l\u1ea1nh, b\u00ecnh n\u01b0\u1edbc n\u00f3ng... c\u00f4ng su\u1ea5t l\u1edbn &lt;3 HP. T\u00edch h\u1ee3p t\u1ed1i \u0111a \u0111\u1ebfn 5 remote...\" \/>\n<meta name=\"robots\" content=\"index, follow, max-snippet:-1, max-image-preview:large, max-video-preview:-1\" \/>\n<link rel=\"canonical\" href=\"https:\/\/kawasan.vn\/en\/product\/tu-dieu-khien-tu-xa-cong-suat-lon-3hp-rf15b-rm2c-25a\/\" \/>\n<meta property=\"og:locale\" content=\"en_US\" \/>\n<meta property=\"og:type\" content=\"article\" \/>\n<meta property=\"og:title\" content=\"T\u1ee7 \u0110i\u1ec1u Khi\u1ec3n T\u1eeb Xa C\u00f4ng Su\u1ea5t L\u1edbn 3HP RF15B-RM2C-25A\" \/>\n<meta property=\"og:description\" content=\"T\u1ee7 \u0111i\u1ec1u khi\u1ec3n t\u1eeb xa RF15B-RM2C 25A d\u00f9ng cho b\u01a1m, m\u00e1y l\u1ea1nh, b\u00ecnh n\u01b0\u1edbc n\u00f3ng... c\u00f4ng su\u1ea5t l\u1edbn &lt;3 HP. T\u00edch h\u1ee3p t\u1ed1i \u0111a \u0111\u1ebfn 5 remote...\" \/>\n<meta property=\"og:url\" content=\"https:\/\/kawasan.vn\/en\/product\/tu-dieu-khien-tu-xa-cong-suat-lon-3hp-rf15b-rm2c-25a\/\" \/>\n<meta property=\"og:site_name\" content=\"Kawasan\" \/>\n<meta property=\"article:modified_time\" content=\"2025-12-09T07:06:44+00:00\" \/>\n<meta property=\"og:image\" content=\"https:\/\/kawasan.vn\/wp-content\/uploads\/2023\/11\/bo-dieu-khien-tu-xa-rf15b-25a-rm2c1-2.jpg\" \/>\n\t<meta property=\"og:image:width\" content=\"600\" \/>\n\t<meta property=\"og:image:height\" content=\"787\" \/>\n\t<meta property=\"og:image:type\" content=\"image\/jpeg\" \/>\n<meta name=\"twitter:card\" content=\"summary_large_image\" \/>\n<meta name=\"twitter:label1\" content=\"Est. reading time\" \/>\n\t<meta name=\"twitter:data1\" content=\"2 minutes\" \/>\n<script type=\"application\/ld+json\" class=\"yoast-schema-graph\">{\"@context\":\"https:\/\/schema.org\",\"@graph\":[{\"@type\":\"WebPage\",\"@id\":\"https:\/\/kawasan.vn\/san-pham\/tu-dieu-khien-tu-xa-cong-suat-lon-3hp-rf15b-rm2c-25a\/\",\"url\":\"https:\/\/kawasan.vn\/san-pham\/tu-dieu-khien-tu-xa-cong-suat-lon-3hp-rf15b-rm2c-25a\/\",\"name\":\"T\u1ee7 \u0110i\u1ec1u Khi\u1ec3n T\u1eeb Xa C\u00f4ng Su\u1ea5t L\u1edbn 3HP RF15B-RM2C-25A - Kawasan\",\"isPartOf\":{\"@id\":\"https:\/\/kawasan.vn\/#website\"},\"primaryImageOfPage\":{\"@id\":\"https:\/\/kawasan.vn\/san-pham\/tu-dieu-khien-tu-xa-cong-suat-lon-3hp-rf15b-rm2c-25a\/#primaryimage\"},\"image\":{\"@id\":\"https:\/\/kawasan.vn\/san-pham\/tu-dieu-khien-tu-xa-cong-suat-lon-3hp-rf15b-rm2c-25a\/#primaryimage\"},\"thumbnailUrl\":\"https:\/\/kawasan.vn\/wp-content\/uploads\/2023\/11\/bo-dieu-khien-tu-xa-rf15b-25a-rm2c1-2.jpg\",\"datePublished\":\"2023-11-19T04:17:13+00:00\",\"dateModified\":\"2025-12-09T07:06:44+00:00\",\"description\":\"T\u1ee7 \u0111i\u1ec1u khi\u1ec3n t\u1eeb xa RF15B-RM2C 25A d\u00f9ng cho b\u01a1m, m\u00e1y l\u1ea1nh, b\u00ecnh n\u01b0\u1edbc n\u00f3ng... c\u00f4ng su\u1ea5t l\u1edbn &lt;3 HP. T\u00edch h\u1ee3p t\u1ed1i \u0111a \u0111\u1ebfn 5 remote...\",\"breadcrumb\":{\"@id\":\"https:\/\/kawasan.vn\/san-pham\/tu-dieu-khien-tu-xa-cong-suat-lon-3hp-rf15b-rm2c-25a\/#breadcrumb\"},\"inLanguage\":\"en-US\",\"potentialAction\":[{\"@type\":\"ReadAction\",\"target\":[\"https:\/\/kawasan.vn\/san-pham\/tu-dieu-khien-tu-xa-cong-suat-lon-3hp-rf15b-rm2c-25a\/\"]}]},{\"@type\":\"ImageObject\",\"inLanguage\":\"en-US\",\"@id\":\"https:\/\/kawasan.vn\/san-pham\/tu-dieu-khien-tu-xa-cong-suat-lon-3hp-rf15b-rm2c-25a\/#primaryimage\",\"url\":\"https:\/\/kawasan.vn\/wp-content\/uploads\/2023\/11\/bo-dieu-khien-tu-xa-rf15b-25a-rm2c1-2.jpg\",\"contentUrl\":\"https:\/\/kawasan.vn\/wp-content\/uploads\/2023\/11\/bo-dieu-khien-tu-xa-rf15b-25a-rm2c1-2.jpg\",\"width\":600,\"height\":787},{\"@type\":\"BreadcrumbList\",\"@id\":\"https:\/\/kawasan.vn\/san-pham\/tu-dieu-khien-tu-xa-cong-suat-lon-3hp-rf15b-rm2c-25a\/#breadcrumb\",\"itemListElement\":[{\"@type\":\"ListItem\",\"position\":1,\"name\":\"Trang ch\u1ee7\",\"item\":\"https:\/\/kawasan.vn\/\"},{\"@type\":\"ListItem\",\"position\":2,\"name\":\"S\u1ea3n ph\u1ea9m\",\"item\":\"https:\/\/kawasan.vn\/san-pham\/\"},{\"@type\":\"ListItem\",\"position\":3,\"name\":\"T\u1ee7 \u0110i\u1ec1u Khi\u1ec3n T\u1eeb Xa C\u00f4ng Su\u1ea5t L\u1edbn 3HP RF15B-RM2C-25A\"}]},{\"@type\":\"WebSite\",\"@id\":\"https:\/\/kawasan.vn\/#website\",\"url\":\"https:\/\/kawasan.vn\/\",\"name\":\"Kawasan\",\"description\":\"\",\"potentialAction\":[{\"@type\":\"SearchAction\",\"target\":{\"@type\":\"EntryPoint\",\"urlTemplate\":\"https:\/\/kawasan.vn\/?s={search_term_string}\"},\"query-input\":{\"@type\":\"PropertyValueSpecification\",\"valueRequired\":true,\"valueName\":\"search_term_string\"}}],\"inLanguage\":\"en-US\"}]}<\/script>\n<!-- \/ Yoast SEO Premium plugin. -->","yoast_head_json":{"title":"T\u1ee7 \u0110i\u1ec1u Khi\u1ec3n T\u1eeb Xa C\u00f4ng Su\u1ea5t L\u1edbn 3HP RF15B-RM2C-25A - Kawasan","description":"T\u1ee7 \u0111i\u1ec1u khi\u1ec3n t\u1eeb xa RF15B-RM2C 25A d\u00f9ng cho b\u01a1m, m\u00e1y l\u1ea1nh, b\u00ecnh n\u01b0\u1edbc n\u00f3ng... c\u00f4ng su\u1ea5t l\u1edbn &lt;3 HP. T\u00edch h\u1ee3p t\u1ed1i \u0111a \u0111\u1ebfn 5 remote...","robots":{"index":"index","follow":"follow","max-snippet":"max-snippet:-1","max-image-preview":"max-image-preview:large","max-video-preview":"max-video-preview:-1"},"canonical":"https:\/\/kawasan.vn\/en\/product\/tu-dieu-khien-tu-xa-cong-suat-lon-3hp-rf15b-rm2c-25a\/","og_locale":"en_US","og_type":"article","og_title":"T\u1ee7 \u0110i\u1ec1u Khi\u1ec3n T\u1eeb Xa C\u00f4ng Su\u1ea5t L\u1edbn 3HP RF15B-RM2C-25A","og_description":"T\u1ee7 \u0111i\u1ec1u khi\u1ec3n t\u1eeb xa RF15B-RM2C 25A d\u00f9ng cho b\u01a1m, m\u00e1y l\u1ea1nh, b\u00ecnh n\u01b0\u1edbc n\u00f3ng... c\u00f4ng su\u1ea5t l\u1edbn &lt;3 HP. T\u00edch h\u1ee3p t\u1ed1i \u0111a \u0111\u1ebfn 5 remote...","og_url":"https:\/\/kawasan.vn\/en\/product\/tu-dieu-khien-tu-xa-cong-suat-lon-3hp-rf15b-rm2c-25a\/","og_site_name":"Kawasan","article_modified_time":"2025-12-09T07:06:44+00:00","og_image":[{"width":600,"height":787,"url":"https:\/\/kawasan.vn\/wp-content\/uploads\/2023\/11\/bo-dieu-khien-tu-xa-rf15b-25a-rm2c1-2.jpg","type":"image\/jpeg"}],"twitter_card":"summary_large_image","twitter_misc":{"Est. reading time":"2 minutes"},"schema":{"@context":"https:\/\/schema.org","@graph":[{"@type":"WebPage","@id":"https:\/\/kawasan.vn\/san-pham\/tu-dieu-khien-tu-xa-cong-suat-lon-3hp-rf15b-rm2c-25a\/","url":"https:\/\/kawasan.vn\/san-pham\/tu-dieu-khien-tu-xa-cong-suat-lon-3hp-rf15b-rm2c-25a\/","name":"T\u1ee7 \u0110i\u1ec1u Khi\u1ec3n T\u1eeb Xa C\u00f4ng Su\u1ea5t L\u1edbn 3HP RF15B-RM2C-25A - Kawasan","isPartOf":{"@id":"https:\/\/kawasan.vn\/#website"},"primaryImageOfPage":{"@id":"https:\/\/kawasan.vn\/san-pham\/tu-dieu-khien-tu-xa-cong-suat-lon-3hp-rf15b-rm2c-25a\/#primaryimage"},"image":{"@id":"https:\/\/kawasan.vn\/san-pham\/tu-dieu-khien-tu-xa-cong-suat-lon-3hp-rf15b-rm2c-25a\/#primaryimage"},"thumbnailUrl":"https:\/\/kawasan.vn\/wp-content\/uploads\/2023\/11\/bo-dieu-khien-tu-xa-rf15b-25a-rm2c1-2.jpg","datePublished":"2023-11-19T04:17:13+00:00","dateModified":"2025-12-09T07:06:44+00:00","description":"T\u1ee7 \u0111i\u1ec1u khi\u1ec3n t\u1eeb xa RF15B-RM2C 25A d\u00f9ng cho b\u01a1m, m\u00e1y l\u1ea1nh, b\u00ecnh n\u01b0\u1edbc n\u00f3ng... c\u00f4ng su\u1ea5t l\u1edbn &lt;3 HP. T\u00edch h\u1ee3p t\u1ed1i \u0111a \u0111\u1ebfn 5 remote...","breadcrumb":{"@id":"https:\/\/kawasan.vn\/san-pham\/tu-dieu-khien-tu-xa-cong-suat-lon-3hp-rf15b-rm2c-25a\/#breadcrumb"},"inLanguage":"en-US","potentialAction":[{"@type":"ReadAction","target":["https:\/\/kawasan.vn\/san-pham\/tu-dieu-khien-tu-xa-cong-suat-lon-3hp-rf15b-rm2c-25a\/"]}]},{"@type":"ImageObject","inLanguage":"en-US","@id":"https:\/\/kawasan.vn\/san-pham\/tu-dieu-khien-tu-xa-cong-suat-lon-3hp-rf15b-rm2c-25a\/#primaryimage","url":"https:\/\/kawasan.vn\/wp-content\/uploads\/2023\/11\/bo-dieu-khien-tu-xa-rf15b-25a-rm2c1-2.jpg","contentUrl":"https:\/\/kawasan.vn\/wp-content\/uploads\/2023\/11\/bo-dieu-khien-tu-xa-rf15b-25a-rm2c1-2.jpg","width":600,"height":787},{"@type":"BreadcrumbList","@id":"https:\/\/kawasan.vn\/san-pham\/tu-dieu-khien-tu-xa-cong-suat-lon-3hp-rf15b-rm2c-25a\/#breadcrumb","itemListElement":[{"@type":"ListItem","position":1,"name":"Trang ch\u1ee7","item":"https:\/\/kawasan.vn\/"},{"@type":"ListItem","position":2,"name":"S\u1ea3n ph\u1ea9m","item":"https:\/\/kawasan.vn\/san-pham\/"},{"@type":"ListItem","position":3,"name":"T\u1ee7 \u0110i\u1ec1u Khi\u1ec3n T\u1eeb Xa C\u00f4ng Su\u1ea5t L\u1edbn 3HP RF15B-RM2C-25A"}]},{"@type":"WebSite","@id":"https:\/\/kawasan.vn\/#website","url":"https:\/\/kawasan.vn\/","name":"Kawasan","description":"","potentialAction":[{"@type":"SearchAction","target":{"@type":"EntryPoint","urlTemplate":"https:\/\/kawasan.vn\/?s={search_term_string}"},"query-input":{"@type":"PropertyValueSpecification","valueRequired":true,"valueName":"search_term_string"}}],"inLanguage":"en-US"}]}},"_links":{"self":[{"href":"https:\/\/kawasan.vn\/en\/wp-json\/wp\/v2\/product\/6504","targetHints":{"allow":["GET"]}}],"collection":[{"href":"https:\/\/kawasan.vn\/en\/wp-json\/wp\/v2\/product"}],"about":[{"href":"https:\/\/kawasan.vn\/en\/wp-json\/wp\/v2\/types\/product"}],"replies":[{"embeddable":true,"href":"https:\/\/kawasan.vn\/en\/wp-json\/wp\/v2\/comments?post=6504"}],"version-history":[{"count":3,"href":"https:\/\/kawasan.vn\/en\/wp-json\/wp\/v2\/product\/6504\/revisions"}],"predecessor-version":[{"id":20498,"href":"https:\/\/kawasan.vn\/en\/wp-json\/wp\/v2\/product\/6504\/revisions\/20498"}],"wp:featuredmedia":[{"embeddable":true,"href":"https:\/\/kawasan.vn\/en\/wp-json\/wp\/v2\/media\/17570"}],"wp:attachment":[{"href":"https:\/\/kawasan.vn\/en\/wp-json\/wp\/v2\/media?parent=6504"}],"wp:term":[{"taxonomy":"product_cat","embeddable":true,"href":"https:\/\/kawasan.vn\/en\/wp-json\/wp\/v2\/product_cat?post=6504"},{"taxonomy":"product_tag","embeddable":true,"href":"https:\/\/kawasan.vn\/en\/wp-json\/wp\/v2\/product_tag?post=6504"}],"curies":[{"name":"wp","href":"https:\/\/api.w.org\/{rel}","templated":true}]}}