{"id":6454,"date":"2023-11-19T04:14:31","date_gmt":"2023-11-19T04:14:31","guid":{"rendered":"https:\/\/kawasan.123websitedev.com\/product\/thiet-bi-dieu-khien-tu-xa-dong-co-1-3-pha-rf17\/"},"modified":"2025-12-09T11:17:49","modified_gmt":"2025-12-09T04:17:49","slug":"thiet-bi-dieu-khien-tu-xa-dong-co-1-3-pha-rf17","status":"publish","type":"product","link":"https:\/\/kawasan.vn\/en\/product\/thiet-bi-dieu-khien-tu-xa-dong-co-1-3-pha-rf17\/","title":{"rendered":"Thi\u1ebft B\u1ecb RF17 \u0110i\u1ec1u Khi\u1ec3n T\u1eeb Xa \u0110\u1ed9ng C\u01a1 1-3 Pha"},"content":{"rendered":"<h3>Thi\u1ebft B\u1ecb RF17 \u0110i\u1ec1u Khi\u1ec3n T\u1eeb Xa \u0110\u1ed9ng C\u01a1 1-3 Pha<\/h3>\n<ul>\n<li>Thi\u1ebft b\u1ecb RF17 ngu\u1ed3n c\u1ea5p: 220~380V<\/li>\n<li>Kho\u1ea3ng c\u00e1ch \u0111i\u1ec1u khi\u1ec3n t\u1eeb 100~300m (c\u00f3 v\u1eadt c\u1ea3n); 300-1000m (kh\u00f4ng v\u1eadt c\u1ea3n)<\/li>\n<li>C\u00f4ng su\u1ea5t t\u1ea3i: 1500W<\/li>\n<li>T\u00edch h\u1ee3p t\u1ed1i \u0111a 16\u00a0Remote<\/li>\n<li>\u0110i\u1ec1u khi\u1ec3n T\u1edbi &#8211; Lui &#8211; D\u1eebng<\/li>\n<li>\u1ee8ng d\u1ee5ng: motor, c\u1eeda cu\u1ed1n, b\u0103ng chuy\u1ec1n.<\/li>\n<\/ul>\n<p><b>\u0110i\u1ec1u khi\u1ec3n h\u1ec7 th\u1ed1ng \u0111i\u1ec7n trong gia \u0111\u00ecnh d\u00f9 b\u1ea1n \u1edf b\u1ea5t k\u1ef3 n\u01a1i \u0111\u00e2u t\u1eeb ph\u00f2ng kh\u00e1ch, ph\u00f2ng ng\u1ee7 hay qu\u00e1n c\u00e0 ph\u00ea, v\u0103n ph\u00f2ng<\/b>. T\u00edch h\u1ee3p t\u1ea5t c\u1ea3 \u0111i\u1ec1u khi\u1ec3n t\u1eeb h\u1ec7 th\u1ed1ng chi\u1ebfu s\u00e1ng, \u0111\u00e8n, qu\u1ea1t,\u2026 Kawasan lu\u00f4n mong mu\u1ed1n mang \u0111\u1ebfn gia \u0111\u00ecnh b\u1ea1n nh\u1ef1ng thi\u1ebft b\u1ecb th\u00f4ng minh ph\u00f9 h\u1ee3p, an to\u00e0n cho gia \u0111\u00ecnh b\u1ea1n.<\/p>\n<h3>C\u00e1c S\u1ea3n Ph\u1ea9m Li\u00ean Quan:<\/h3>\n<p><strong><a href=\"https:\/\/kawasan.com.vn\/san-pham.html\/cong-tac-thong-minh.html\/cong-tac-wifi.html\">https:\/\/kawasan.com.vn\/san-pham.html\/cong-tac-thong-minh.html\/cong-tac-wifi.html<\/a><\/strong><\/p>\n<p><strong><a href=\"https:\/\/kawasan.vn\/en\/product-category\/cong-tac-dieu-khien-tu-xa\/\">https:\/\/kawasan.vn\/danh-muc-san-pham\/cong-tac-dieu-khien-tu-xa\/<\/a><\/strong><\/p>\n<p style=\"text-align: center;\"><strong>Thank you for trusting Kawasan products!<\/strong><\/p>\n<p style=\"text-align: center;\"><strong>Toll-Free Consulting Hotline:\u00a0<\/strong><strong>1800 0058<\/strong><\/p>\n<p style=\"text-align: center;\" align=\"center\"><strong>Trang web:\u00a0\u00a0<\/strong><a href=\"https:\/\/kawasan.vn\/en\/\"><strong>www.kawasan.vn<\/strong><\/a><\/p>\n<p style=\"text-align: center;\" align=\"center\"><strong>Trang web:\u00a0\u00a0<\/strong><a href=\"https:\/\/kawaled.com.vn\/\"><strong>www.kawaled.com.vn<\/strong><\/a><\/p>","protected":false},"excerpt":{"rendered":"<p>Thi\u1ebft B\u1ecb RF17 \u0110i\u1ec1u Khi\u1ec3n T\u1eeb Xa \u0110\u1ed9ng C\u01a1 1-3 Pha Thi\u1ebft b\u1ecb RF17 ngu\u1ed3n c\u1ea5p: 220~380V Kho\u1ea3ng c\u00e1ch \u0111i\u1ec1u khi\u1ec3n t\u1eeb 100~300m (c\u00f3 v\u1eadt c\u1ea3n); 300-1000m (kh\u00f4ng v\u1eadt c\u1ea3n) C\u00f4ng su\u1ea5t t\u1ea3i: 1500W T\u00edch h\u1ee3p t\u1ed1i \u0111a 16\u00a0Remote \u0110i\u1ec1u khi\u1ec3n T\u1edbi &#8211; Lui &#8211; D\u1eebng \u1ee8ng d\u1ee5ng: motor, c\u1eeda cu\u1ed1n, b\u0103ng chuy\u1ec1n. \u0110i\u1ec1u khi\u1ec3n [&hellip;]<\/p>","protected":false},"featured_media":17474,"comment_status":"open","ping_status":"closed","template":"","meta":{"_yoast_wpseo_focuskw":"Thi\u1ebft B\u1ecb RF17","_yoast_wpseo_metadesc":"Thi\u1ebft B\u1ecb RF17. Ngu\u1ed3n\u00a0c\u1ea5p: 220~380V. Kho\u1ea3ng c\u00e1ch 300-1000m (kh\u00f4ng v\u1eadt c\u1ea3n). C\u00f4ng su\u1ea5t t\u1ea3i: 1500W. \u0110i\u1ec1u khi\u1ec3n T\u1edbi - Lui - D\u1eebng. T\u00edch h\u1ee3p t\u1ed1i \u0111a 16\u00a0Remote","_yoast_wpseo_focuskeywords":"","_yoast_wpseo_keyword_synonyms":""},"product_cat":[509,63],"product_tag":[1138,1135,998,941,1136,1140,1133,823,730,1139,1134,1137,733,1131,1132,1009,1142,927,731,1141],"class_list":["post-6454","product","type-product","status-publish","has-post-thumbnail","hentry","product_cat-cong-tac-dieu-khien-tu-xa-bang-remote","product_cat-cong-tac-dieu-khien-tu-xa","product_tag-bo-cong-tac-dieu-khien-tu-xa","product_tag-bo-dieu-khien-may-bom-tu-xa","product_tag-cong-tac-chinh-hang","product_tag-cong-tac-den-dieu-khien-tu-xa","product_tag-cong-tac-dien-dieu-khien-tu-xa","product_tag-cong-tac-dien-dieu-khien-tu-xa-bang-dien-thoai","product_tag-cong-tac-dien-dieu-khien-tu-xa-bang-remote","product_tag-cong-tac-dieu-khien","product_tag-cong-tac-dieu-khien-tu-xa","product_tag-cong-tac-dieu-khien-tu-xa-12v","product_tag-cong-tac-dieu-khien-tu-xa-220v","product_tag-cong-tac-dieu-khien-tu-xa-bang-dien-thoai","product_tag-cong-tac-dieu-khien-tu-xa-qua-remote","product_tag-cong-tac-dieu-khien-tu-xa-qua-wifi","product_tag-cong-tac-dieu-khien-tu-xa-qua-wifi-3g","product_tag-cong-tac-kawasan-chinh-hang","product_tag-cong-tac-thong-minh-dieu-khien-tu-xa","product_tag-cong-tac-thong-minh-kawasan","product_tag-dieu-khien-tu-xa","product_tag-hat-cong-tac-dieu-khien-tu-xa"],"acf":[],"yoast_head":"<!-- This site is optimized with the Yoast SEO Premium plugin v24.9 (Yoast SEO v24.9) - https:\/\/yoast.com\/wordpress\/plugins\/seo\/ -->\n<title>Thi\u1ebft B\u1ecb RF17 \u0110i\u1ec1u Khi\u1ec3n T\u1eeb Xa \u0110\u1ed9ng C\u01a1 1-3 Pha - Kawasan<\/title>\n<meta name=\"description\" content=\"Thi\u1ebft B\u1ecb RF17. Ngu\u1ed3n\u00a0c\u1ea5p: 220~380V. Kho\u1ea3ng c\u00e1ch 300-1000m (kh\u00f4ng v\u1eadt c\u1ea3n). C\u00f4ng su\u1ea5t t\u1ea3i: 1500W. \u0110i\u1ec1u khi\u1ec3n T\u1edbi - Lui - D\u1eebng. T\u00edch h\u1ee3p t\u1ed1i \u0111a 16\u00a0Remote\" \/>\n<meta name=\"robots\" content=\"index, follow, max-snippet:-1, max-image-preview:large, max-video-preview:-1\" \/>\n<link rel=\"canonical\" href=\"https:\/\/kawasan.vn\/en\/product\/thiet-bi-dieu-khien-tu-xa-dong-co-1-3-pha-rf17\/\" \/>\n<meta property=\"og:locale\" content=\"en_US\" \/>\n<meta property=\"og:type\" content=\"article\" \/>\n<meta property=\"og:title\" content=\"Thi\u1ebft B\u1ecb RF17 \u0110i\u1ec1u Khi\u1ec3n T\u1eeb Xa \u0110\u1ed9ng C\u01a1 1-3 Pha\" \/>\n<meta property=\"og:description\" content=\"Thi\u1ebft B\u1ecb RF17. Ngu\u1ed3n\u00a0c\u1ea5p: 220~380V. Kho\u1ea3ng c\u00e1ch 300-1000m (kh\u00f4ng v\u1eadt c\u1ea3n). C\u00f4ng su\u1ea5t t\u1ea3i: 1500W. \u0110i\u1ec1u khi\u1ec3n T\u1edbi - Lui - D\u1eebng. T\u00edch h\u1ee3p t\u1ed1i \u0111a 16\u00a0Remote\" \/>\n<meta property=\"og:url\" content=\"https:\/\/kawasan.vn\/en\/product\/thiet-bi-dieu-khien-tu-xa-dong-co-1-3-pha-rf17\/\" \/>\n<meta property=\"og:site_name\" content=\"Kawasan\" \/>\n<meta property=\"article:modified_time\" content=\"2025-12-09T04:17:49+00:00\" \/>\n<meta property=\"og:image\" content=\"https:\/\/kawasan.vn\/wp-content\/uploads\/2023\/11\/DSCF6337-600x600-1.png\" \/>\n\t<meta property=\"og:image:width\" content=\"600\" \/>\n\t<meta property=\"og:image:height\" content=\"600\" \/>\n\t<meta property=\"og:image:type\" content=\"image\/png\" \/>\n<meta name=\"twitter:card\" content=\"summary_large_image\" \/>\n<meta name=\"twitter:label1\" content=\"Est. reading time\" \/>\n\t<meta name=\"twitter:data1\" content=\"1 minute\" \/>\n<script type=\"application\/ld+json\" class=\"yoast-schema-graph\">{\"@context\":\"https:\/\/schema.org\",\"@graph\":[{\"@type\":\"WebPage\",\"@id\":\"https:\/\/kawasan.vn\/san-pham\/thiet-bi-dieu-khien-tu-xa-dong-co-1-3-pha-rf17\/\",\"url\":\"https:\/\/kawasan.vn\/san-pham\/thiet-bi-dieu-khien-tu-xa-dong-co-1-3-pha-rf17\/\",\"name\":\"Thi\u1ebft B\u1ecb RF17 \u0110i\u1ec1u Khi\u1ec3n T\u1eeb Xa \u0110\u1ed9ng C\u01a1 1-3 Pha - Kawasan\",\"isPartOf\":{\"@id\":\"https:\/\/kawasan.vn\/#website\"},\"primaryImageOfPage\":{\"@id\":\"https:\/\/kawasan.vn\/san-pham\/thiet-bi-dieu-khien-tu-xa-dong-co-1-3-pha-rf17\/#primaryimage\"},\"image\":{\"@id\":\"https:\/\/kawasan.vn\/san-pham\/thiet-bi-dieu-khien-tu-xa-dong-co-1-3-pha-rf17\/#primaryimage\"},\"thumbnailUrl\":\"https:\/\/kawasan.vn\/wp-content\/uploads\/2023\/11\/DSCF6337-600x600-1.png\",\"datePublished\":\"2023-11-19T04:14:31+00:00\",\"dateModified\":\"2025-12-09T04:17:49+00:00\",\"description\":\"Thi\u1ebft B\u1ecb RF17. Ngu\u1ed3n\u00a0c\u1ea5p: 220~380V. Kho\u1ea3ng c\u00e1ch 300-1000m (kh\u00f4ng v\u1eadt c\u1ea3n). C\u00f4ng su\u1ea5t t\u1ea3i: 1500W. \u0110i\u1ec1u khi\u1ec3n T\u1edbi - Lui - D\u1eebng. T\u00edch h\u1ee3p t\u1ed1i \u0111a 16\u00a0Remote\",\"breadcrumb\":{\"@id\":\"https:\/\/kawasan.vn\/san-pham\/thiet-bi-dieu-khien-tu-xa-dong-co-1-3-pha-rf17\/#breadcrumb\"},\"inLanguage\":\"en-US\",\"potentialAction\":[{\"@type\":\"ReadAction\",\"target\":[\"https:\/\/kawasan.vn\/san-pham\/thiet-bi-dieu-khien-tu-xa-dong-co-1-3-pha-rf17\/\"]}]},{\"@type\":\"ImageObject\",\"inLanguage\":\"en-US\",\"@id\":\"https:\/\/kawasan.vn\/san-pham\/thiet-bi-dieu-khien-tu-xa-dong-co-1-3-pha-rf17\/#primaryimage\",\"url\":\"https:\/\/kawasan.vn\/wp-content\/uploads\/2023\/11\/DSCF6337-600x600-1.png\",\"contentUrl\":\"https:\/\/kawasan.vn\/wp-content\/uploads\/2023\/11\/DSCF6337-600x600-1.png\",\"width\":600,\"height\":600,\"caption\":\"Thi\u1ebft B\u1ecb RF17 \u0110i\u1ec1u Khi\u1ec3n T\u1eeb Xa \u0110\u1ed9ng C\u01a1 1-3 Pha\"},{\"@type\":\"BreadcrumbList\",\"@id\":\"https:\/\/kawasan.vn\/san-pham\/thiet-bi-dieu-khien-tu-xa-dong-co-1-3-pha-rf17\/#breadcrumb\",\"itemListElement\":[{\"@type\":\"ListItem\",\"position\":1,\"name\":\"Trang ch\u1ee7\",\"item\":\"https:\/\/kawasan.vn\/\"},{\"@type\":\"ListItem\",\"position\":2,\"name\":\"S\u1ea3n ph\u1ea9m\",\"item\":\"https:\/\/kawasan.vn\/san-pham\/\"},{\"@type\":\"ListItem\",\"position\":3,\"name\":\"Thi\u1ebft B\u1ecb RF17 \u0110i\u1ec1u Khi\u1ec3n T\u1eeb Xa \u0110\u1ed9ng C\u01a1 1-3 Pha\"}]},{\"@type\":\"WebSite\",\"@id\":\"https:\/\/kawasan.vn\/#website\",\"url\":\"https:\/\/kawasan.vn\/\",\"name\":\"Kawasan\",\"description\":\"\",\"potentialAction\":[{\"@type\":\"SearchAction\",\"target\":{\"@type\":\"EntryPoint\",\"urlTemplate\":\"https:\/\/kawasan.vn\/?s={search_term_string}\"},\"query-input\":{\"@type\":\"PropertyValueSpecification\",\"valueRequired\":true,\"valueName\":\"search_term_string\"}}],\"inLanguage\":\"en-US\"}]}<\/script>\n<!-- \/ Yoast SEO Premium plugin. -->","yoast_head_json":{"title":"Thi\u1ebft B\u1ecb RF17 \u0110i\u1ec1u Khi\u1ec3n T\u1eeb Xa \u0110\u1ed9ng C\u01a1 1-3 Pha - Kawasan","description":"Thi\u1ebft B\u1ecb RF17. Ngu\u1ed3n\u00a0c\u1ea5p: 220~380V. Kho\u1ea3ng c\u00e1ch 300-1000m (kh\u00f4ng v\u1eadt c\u1ea3n). C\u00f4ng su\u1ea5t t\u1ea3i: 1500W. \u0110i\u1ec1u khi\u1ec3n T\u1edbi - Lui - D\u1eebng. T\u00edch h\u1ee3p t\u1ed1i \u0111a 16\u00a0Remote","robots":{"index":"index","follow":"follow","max-snippet":"max-snippet:-1","max-image-preview":"max-image-preview:large","max-video-preview":"max-video-preview:-1"},"canonical":"https:\/\/kawasan.vn\/en\/product\/thiet-bi-dieu-khien-tu-xa-dong-co-1-3-pha-rf17\/","og_locale":"en_US","og_type":"article","og_title":"Thi\u1ebft B\u1ecb RF17 \u0110i\u1ec1u Khi\u1ec3n T\u1eeb Xa \u0110\u1ed9ng C\u01a1 1-3 Pha","og_description":"Thi\u1ebft B\u1ecb RF17. Ngu\u1ed3n\u00a0c\u1ea5p: 220~380V. Kho\u1ea3ng c\u00e1ch 300-1000m (kh\u00f4ng v\u1eadt c\u1ea3n). C\u00f4ng su\u1ea5t t\u1ea3i: 1500W. \u0110i\u1ec1u khi\u1ec3n T\u1edbi - Lui - D\u1eebng. T\u00edch h\u1ee3p t\u1ed1i \u0111a 16\u00a0Remote","og_url":"https:\/\/kawasan.vn\/en\/product\/thiet-bi-dieu-khien-tu-xa-dong-co-1-3-pha-rf17\/","og_site_name":"Kawasan","article_modified_time":"2025-12-09T04:17:49+00:00","og_image":[{"width":600,"height":600,"url":"https:\/\/kawasan.vn\/wp-content\/uploads\/2023\/11\/DSCF6337-600x600-1.png","type":"image\/png"}],"twitter_card":"summary_large_image","twitter_misc":{"Est. reading time":"1 minute"},"schema":{"@context":"https:\/\/schema.org","@graph":[{"@type":"WebPage","@id":"https:\/\/kawasan.vn\/san-pham\/thiet-bi-dieu-khien-tu-xa-dong-co-1-3-pha-rf17\/","url":"https:\/\/kawasan.vn\/san-pham\/thiet-bi-dieu-khien-tu-xa-dong-co-1-3-pha-rf17\/","name":"Thi\u1ebft B\u1ecb RF17 \u0110i\u1ec1u Khi\u1ec3n T\u1eeb Xa \u0110\u1ed9ng C\u01a1 1-3 Pha - Kawasan","isPartOf":{"@id":"https:\/\/kawasan.vn\/#website"},"primaryImageOfPage":{"@id":"https:\/\/kawasan.vn\/san-pham\/thiet-bi-dieu-khien-tu-xa-dong-co-1-3-pha-rf17\/#primaryimage"},"image":{"@id":"https:\/\/kawasan.vn\/san-pham\/thiet-bi-dieu-khien-tu-xa-dong-co-1-3-pha-rf17\/#primaryimage"},"thumbnailUrl":"https:\/\/kawasan.vn\/wp-content\/uploads\/2023\/11\/DSCF6337-600x600-1.png","datePublished":"2023-11-19T04:14:31+00:00","dateModified":"2025-12-09T04:17:49+00:00","description":"Thi\u1ebft B\u1ecb RF17. Ngu\u1ed3n\u00a0c\u1ea5p: 220~380V. Kho\u1ea3ng c\u00e1ch 300-1000m (kh\u00f4ng v\u1eadt c\u1ea3n). C\u00f4ng su\u1ea5t t\u1ea3i: 1500W. \u0110i\u1ec1u khi\u1ec3n T\u1edbi - Lui - D\u1eebng. T\u00edch h\u1ee3p t\u1ed1i \u0111a 16\u00a0Remote","breadcrumb":{"@id":"https:\/\/kawasan.vn\/san-pham\/thiet-bi-dieu-khien-tu-xa-dong-co-1-3-pha-rf17\/#breadcrumb"},"inLanguage":"en-US","potentialAction":[{"@type":"ReadAction","target":["https:\/\/kawasan.vn\/san-pham\/thiet-bi-dieu-khien-tu-xa-dong-co-1-3-pha-rf17\/"]}]},{"@type":"ImageObject","inLanguage":"en-US","@id":"https:\/\/kawasan.vn\/san-pham\/thiet-bi-dieu-khien-tu-xa-dong-co-1-3-pha-rf17\/#primaryimage","url":"https:\/\/kawasan.vn\/wp-content\/uploads\/2023\/11\/DSCF6337-600x600-1.png","contentUrl":"https:\/\/kawasan.vn\/wp-content\/uploads\/2023\/11\/DSCF6337-600x600-1.png","width":600,"height":600,"caption":"Thi\u1ebft B\u1ecb RF17 \u0110i\u1ec1u Khi\u1ec3n T\u1eeb Xa \u0110\u1ed9ng C\u01a1 1-3 Pha"},{"@type":"BreadcrumbList","@id":"https:\/\/kawasan.vn\/san-pham\/thiet-bi-dieu-khien-tu-xa-dong-co-1-3-pha-rf17\/#breadcrumb","itemListElement":[{"@type":"ListItem","position":1,"name":"Trang ch\u1ee7","item":"https:\/\/kawasan.vn\/"},{"@type":"ListItem","position":2,"name":"S\u1ea3n ph\u1ea9m","item":"https:\/\/kawasan.vn\/san-pham\/"},{"@type":"ListItem","position":3,"name":"Thi\u1ebft B\u1ecb RF17 \u0110i\u1ec1u Khi\u1ec3n T\u1eeb Xa \u0110\u1ed9ng C\u01a1 1-3 Pha"}]},{"@type":"WebSite","@id":"https:\/\/kawasan.vn\/#website","url":"https:\/\/kawasan.vn\/","name":"Kawasan","description":"","potentialAction":[{"@type":"SearchAction","target":{"@type":"EntryPoint","urlTemplate":"https:\/\/kawasan.vn\/?s={search_term_string}"},"query-input":{"@type":"PropertyValueSpecification","valueRequired":true,"valueName":"search_term_string"}}],"inLanguage":"en-US"}]}},"_links":{"self":[{"href":"https:\/\/kawasan.vn\/en\/wp-json\/wp\/v2\/product\/6454","targetHints":{"allow":["GET"]}}],"collection":[{"href":"https:\/\/kawasan.vn\/en\/wp-json\/wp\/v2\/product"}],"about":[{"href":"https:\/\/kawasan.vn\/en\/wp-json\/wp\/v2\/types\/product"}],"replies":[{"embeddable":true,"href":"https:\/\/kawasan.vn\/en\/wp-json\/wp\/v2\/comments?post=6454"}],"version-history":[{"count":5,"href":"https:\/\/kawasan.vn\/en\/wp-json\/wp\/v2\/product\/6454\/revisions"}],"predecessor-version":[{"id":26414,"href":"https:\/\/kawasan.vn\/en\/wp-json\/wp\/v2\/product\/6454\/revisions\/26414"}],"wp:featuredmedia":[{"embeddable":true,"href":"https:\/\/kawasan.vn\/en\/wp-json\/wp\/v2\/media\/17474"}],"wp:attachment":[{"href":"https:\/\/kawasan.vn\/en\/wp-json\/wp\/v2\/media?parent=6454"}],"wp:term":[{"taxonomy":"product_cat","embeddable":true,"href":"https:\/\/kawasan.vn\/en\/wp-json\/wp\/v2\/product_cat?post=6454"},{"taxonomy":"product_tag","embeddable":true,"href":"https:\/\/kawasan.vn\/en\/wp-json\/wp\/v2\/product_tag?post=6454"}],"curies":[{"name":"wp","href":"https:\/\/api.w.org\/{rel}","templated":true}]}}