{"id":6448,"date":"2023-11-17T07:01:07","date_gmt":"2023-11-17T07:01:07","guid":{"rendered":"https:\/\/kawasan.123websitedev.com\/product\/anten-day-dai-arf2\/"},"modified":"2026-02-02T15:21:08","modified_gmt":"2026-02-02T08:21:08","slug":"anten-day-dai-arf2","status":"publish","type":"product","link":"https:\/\/kawasan.vn\/en\/product\/anten-day-dai-arf2\/","title":{"rendered":"Anten D\u00e2y D\u00e0i ARF2"},"content":{"rendered":"<h2>Anten L\u00e0 G\u00ec ?<\/h2>\n<p><span style=\"font-size: 15px;\"><a href=\"https:\/\/kawasan.vn\/en\/\">Anten d\u00e2y d\u00e0i ARF2<\/a> l\u00e0 m\u1ed9t linh ki\u1ec7n \u0111i\u1ec7n t\u1eed\u00a0c\u00f3 th\u1ec3 b\u1ee9c x\u1ea1 ho\u1eb7c thu nh\u1eadn\u00a0s\u00f3ng \u0111i\u1ec7n t\u1eeb. C\u00f3 nhi\u1ec1u lo\u1ea1i \u0103ngten:\u00a0\u0103ngten l\u01b0\u1ee1ng c\u1ef1c,\u00a0\u0103ngten m\u1ea3ng,\u00a0\u0103ngten \u0111\u1eb3ng h\u01b0\u1edbng,\u00a0\u0103ngten \u0111\u1ecbnh h\u01b0\u1edbng&#8230; Trong m\u1ed9t h\u1ec7 th\u1ed1ng\u00a0th\u00f4ng tin v\u00f4 tuy\u1ebfn, \u0103ng-ten c\u00f3 hai ch\u1ee9c n\u0103ng c\u01a1 b\u1ea3n. Ch\u1ee9c n\u0103ng ch\u00ednh l\u00e0 \u0111\u1ec3\u00a0b\u1ee9c x\u1ea1\u00a0c\u00e1c t\u00edn hi\u1ec7u RF t\u1eeb m\u00e1y ph\u00e1t d\u01b0\u1edbi d\u1ea1ng\u00a0s\u00f3ng v\u00f4 tuy\u1ebfn\u00a0ho\u1eb7c \u0111\u1ec3 chuy\u1ec3n \u0111\u1ed5i s\u00f3ng v\u00f4 tuy\u1ebfn th\u00e0nh t\u00edn hi\u1ec7u RF \u0111\u1ec3 x\u1eed l\u00fd \u1edf m\u00e1y thu. Ch\u1ee9c n\u0103ng kh\u00e1c c\u1ee7a \u0103ngten l\u00e0 \u0111\u1ec3 h\u01b0\u1edbng n\u0103ng l\u01b0\u1ee3ng b\u1ee9c x\u1ea1 theo m\u1ed9t hay nhi\u1ec1u h\u01b0\u1edbng mong mu\u1ed1n, ho\u1eb7c &#8220;c\u1ea3m nh\u1eadn&#8221; t\u00edn hi\u1ec7u thu t\u1eeb m\u1ed9t hay nhi\u1ec1u h\u01b0\u1edbng mong mu\u1ed1n c\u00f2n c\u00e1c h\u01b0\u1edbng c\u00f2n l\u1ea1i th\u01b0\u1eddng b\u1ecb kh\u00f3a l\u1ea1i.<\/span><\/p>\n<p><span style=\"font-size: 15px;\"><i class=\"icon-map-marker\"><\/i>Tr\u1ee5 s\u1edf Ch\u00ednh:<\/span><br \/>\n<span style=\"font-size: 15px;\">S\u1ed1 23-25 \u0110\u01b0\u1eddng S\u1ed1 7, Khu Nh\u00e0 \u1edf V\u1ea1n Ph\u00fac, KP5,P Hi\u1ec7p B\u00ecnh Ph\u01b0\u1edbc, TP.Th\u1ee7 \u0110\u1ee9c, HCM<\/span><br \/>\n<span style=\"font-size: 15px;\">\u0110T: 028.6658.2126 &#8211; 093.4141.116<\/span><br \/>\n<span style=\"font-size: 15px;\">Hotline: 0987.482.518<\/span><\/p>\n<p><span style=\"font-size: 15px;\">X\u01b0\u1edfng S\u1ea3n Xu\u1ea5t &amp; L\u1eafp R\u00e1p: 97\/31, \u0110\u01b0\u1eddng TA 17, KP1, Ph\u01b0\u1eddng Th\u1edbi An, Qu\u1eadn 12, Th\u00e0nh Ph\u1ed1 H\u1ed3 Ch\u00ed Minh<\/span><\/p>\n<p><span style=\"font-size: 15px;\">VP\u0110D \u0110\u00e0 N\u1eb5ng : S\u1ed1 03, \u0110\u01b0\u1eddng 30\/4 (2F), Q. H\u1ea3i Ch\u00e2u, Tp \u0110\u00e0 N\u1eb5ng<\/span><br \/>\n<span style=\"font-size: 15px;\">\u0110T: 023.6362.6119 &#8211; 0943.97.25.25<\/span><\/p>\n<p><span style=\"font-size: 15px;\">Chi Nh\u00e1nh H\u00e0 N\u1ed9i: 26 \u0110\u01b0\u1eddng L\u00e1ng, T\u1ea7ng 1, P168, T\u00f2a Nh\u00e0 V\u00e2n Nam, Q.\u0110\u1ed1ng \u0110a, H\u00e0 N\u1ed9i<\/span><br \/>\n<span style=\"font-size: 15px;\">\u0110T: 090.179.3832 &#8211; 098.283.5350<\/span><br \/>\n<span style=\"font-size: 15px;\"><a class=\"__cf_email__\" href=\"https:\/\/kawasan.com.vn\/cdn-cgi\/l\/email-protection\" data-cfemail=\"7813190f193813190f190b1916561b1715560e16\">[email\u00a0protected]<\/a><\/span><\/p>","protected":false},"excerpt":{"rendered":"<p>Nh\u00e0 s\u1ea3n xu\u1ea5t: KawasanM\u00e3 s\u1ea3n ph\u1ea9m: ARF2T\u00ecnh tr\u1ea1ng:C\u00f2n h\u00e0ng<\/p>","protected":false},"featured_media":11905,"comment_status":"open","ping_status":"closed","template":"","meta":{"_yoast_wpseo_focuskw":"Anten D\u00e2y D\u00e0i ARF2","_yoast_wpseo_metadesc":"Anten d\u00e2y d\u00e0i ARF2 l\u00e0 m\u1ed9t\u00a0linh ki\u1ec7n \u0111i\u1ec7n t\u1eed\u00a0c\u00f3 th\u1ec3 b\u1ee9c x\u1ea1 ho\u1eb7c thu nh\u1eadn\u00a0s\u00f3ng \u0111i\u1ec7n t\u1eeb. C\u00f3 nhi\u1ec1u lo\u1ea1i:\u00a0anten l\u01b0\u1ee1ng c\u1ef1c,\u00a0anten m\u1ea3ng, \u0111\u1eb3ng h\u01b0\u1edbng, \u0111\u1ecbnh h\u01b0\u1edbng.","_yoast_wpseo_focuskeywords":"","_yoast_wpseo_keyword_synonyms":""},"product_cat":[63],"product_tag":[1257,1254,1255,1258,1253,1252,1259,1256,1260,1261,1251],"class_list":["post-6448","product","type-product","status-publish","has-post-thumbnail","hentry","product_cat-cong-tac-dieu-khien-tu-xa","product_tag-ang-ten-thu-song-4g","product_tag-angten-kawasan","product_tag-angten-thu-phat-song","product_tag-anten-3g-4g-chuan-ts9","product_tag-anten-kawasan","product_tag-anten-thu-phat-song","product_tag-anten-thu-song-3g","product_tag-anten-thu-song-4g","product_tag-anten-thu-song-wifi-3km","product_tag-cau-tao-anten-thu-song-wifi","product_tag-dau-anten-thu-phat-song"],"acf":[],"yoast_head":"<!-- This site is optimized with the Yoast SEO Premium plugin v24.9 (Yoast SEO v24.9) - https:\/\/yoast.com\/wordpress\/plugins\/seo\/ -->\n<title>Anten D\u00e2y D\u00e0i ARF2 - Kawasan<\/title>\n<meta name=\"description\" content=\"Anten d\u00e2y d\u00e0i ARF2 l\u00e0 m\u1ed9t\u00a0linh ki\u1ec7n \u0111i\u1ec7n t\u1eed\u00a0c\u00f3 th\u1ec3 b\u1ee9c x\u1ea1 ho\u1eb7c thu nh\u1eadn\u00a0s\u00f3ng \u0111i\u1ec7n t\u1eeb. C\u00f3 nhi\u1ec1u lo\u1ea1i:\u00a0anten l\u01b0\u1ee1ng c\u1ef1c,\u00a0anten m\u1ea3ng, \u0111\u1eb3ng h\u01b0\u1edbng, \u0111\u1ecbnh h\u01b0\u1edbng.\" \/>\n<meta name=\"robots\" content=\"index, follow, max-snippet:-1, max-image-preview:large, max-video-preview:-1\" \/>\n<link rel=\"canonical\" href=\"https:\/\/kawasan.vn\/en\/product\/anten-day-dai-arf2\/\" \/>\n<meta property=\"og:locale\" content=\"en_US\" \/>\n<meta property=\"og:type\" content=\"article\" \/>\n<meta property=\"og:title\" content=\"Anten D\u00e2y D\u00e0i ARF2\" \/>\n<meta property=\"og:description\" content=\"Anten d\u00e2y d\u00e0i ARF2 l\u00e0 m\u1ed9t\u00a0linh ki\u1ec7n \u0111i\u1ec7n t\u1eed\u00a0c\u00f3 th\u1ec3 b\u1ee9c x\u1ea1 ho\u1eb7c thu nh\u1eadn\u00a0s\u00f3ng \u0111i\u1ec7n t\u1eeb. C\u00f3 nhi\u1ec1u lo\u1ea1i:\u00a0anten l\u01b0\u1ee1ng c\u1ef1c,\u00a0anten m\u1ea3ng, \u0111\u1eb3ng h\u01b0\u1edbng, \u0111\u1ecbnh h\u01b0\u1edbng.\" \/>\n<meta property=\"og:url\" content=\"https:\/\/kawasan.vn\/en\/product\/anten-day-dai-arf2\/\" \/>\n<meta property=\"og:site_name\" content=\"Kawasan\" \/>\n<meta property=\"article:modified_time\" content=\"2026-02-02T08:21:08+00:00\" \/>\n<meta property=\"og:image\" content=\"https:\/\/kawasan.vn\/wp-content\/uploads\/2023\/11\/anten-day-dai-arf2_6555e5f2ceee5.jpeg\" \/>\n\t<meta property=\"og:image:width\" content=\"600\" \/>\n\t<meta property=\"og:image:height\" content=\"600\" \/>\n\t<meta property=\"og:image:type\" content=\"image\/jpeg\" \/>\n<meta name=\"twitter:card\" content=\"summary_large_image\" \/>\n<meta name=\"twitter:label1\" content=\"Est. reading time\" \/>\n\t<meta name=\"twitter:data1\" content=\"2 minutes\" \/>\n<script type=\"application\/ld+json\" class=\"yoast-schema-graph\">{\"@context\":\"https:\/\/schema.org\",\"@graph\":[{\"@type\":\"WebPage\",\"@id\":\"https:\/\/kawasan.vn\/san-pham\/anten-day-dai-arf2\/\",\"url\":\"https:\/\/kawasan.vn\/san-pham\/anten-day-dai-arf2\/\",\"name\":\"Anten D\u00e2y D\u00e0i ARF2 - Kawasan\",\"isPartOf\":{\"@id\":\"https:\/\/kawasan.vn\/#website\"},\"primaryImageOfPage\":{\"@id\":\"https:\/\/kawasan.vn\/san-pham\/anten-day-dai-arf2\/#primaryimage\"},\"image\":{\"@id\":\"https:\/\/kawasan.vn\/san-pham\/anten-day-dai-arf2\/#primaryimage\"},\"thumbnailUrl\":\"https:\/\/kawasan.vn\/wp-content\/uploads\/2023\/11\/anten-day-dai-arf2_6555e5f2ceee5.jpeg\",\"datePublished\":\"2023-11-17T07:01:07+00:00\",\"dateModified\":\"2026-02-02T08:21:08+00:00\",\"description\":\"Anten d\u00e2y d\u00e0i ARF2 l\u00e0 m\u1ed9t\u00a0linh ki\u1ec7n \u0111i\u1ec7n t\u1eed\u00a0c\u00f3 th\u1ec3 b\u1ee9c x\u1ea1 ho\u1eb7c thu nh\u1eadn\u00a0s\u00f3ng \u0111i\u1ec7n t\u1eeb. C\u00f3 nhi\u1ec1u lo\u1ea1i:\u00a0anten l\u01b0\u1ee1ng c\u1ef1c,\u00a0anten m\u1ea3ng, \u0111\u1eb3ng h\u01b0\u1edbng, \u0111\u1ecbnh h\u01b0\u1edbng.\",\"breadcrumb\":{\"@id\":\"https:\/\/kawasan.vn\/san-pham\/anten-day-dai-arf2\/#breadcrumb\"},\"inLanguage\":\"en-US\",\"potentialAction\":[{\"@type\":\"ReadAction\",\"target\":[\"https:\/\/kawasan.vn\/san-pham\/anten-day-dai-arf2\/\"]}]},{\"@type\":\"ImageObject\",\"inLanguage\":\"en-US\",\"@id\":\"https:\/\/kawasan.vn\/san-pham\/anten-day-dai-arf2\/#primaryimage\",\"url\":\"https:\/\/kawasan.vn\/wp-content\/uploads\/2023\/11\/anten-day-dai-arf2_6555e5f2ceee5.jpeg\",\"contentUrl\":\"https:\/\/kawasan.vn\/wp-content\/uploads\/2023\/11\/anten-day-dai-arf2_6555e5f2ceee5.jpeg\",\"width\":600,\"height\":600},{\"@type\":\"BreadcrumbList\",\"@id\":\"https:\/\/kawasan.vn\/san-pham\/anten-day-dai-arf2\/#breadcrumb\",\"itemListElement\":[{\"@type\":\"ListItem\",\"position\":1,\"name\":\"Trang ch\u1ee7\",\"item\":\"https:\/\/kawasan.vn\/\"},{\"@type\":\"ListItem\",\"position\":2,\"name\":\"S\u1ea3n ph\u1ea9m\",\"item\":\"https:\/\/kawasan.vn\/san-pham\/\"},{\"@type\":\"ListItem\",\"position\":3,\"name\":\"Anten D\u00e2y D\u00e0i ARF2\"}]},{\"@type\":\"WebSite\",\"@id\":\"https:\/\/kawasan.vn\/#website\",\"url\":\"https:\/\/kawasan.vn\/\",\"name\":\"Kawasan\",\"description\":\"\",\"potentialAction\":[{\"@type\":\"SearchAction\",\"target\":{\"@type\":\"EntryPoint\",\"urlTemplate\":\"https:\/\/kawasan.vn\/?s={search_term_string}\"},\"query-input\":{\"@type\":\"PropertyValueSpecification\",\"valueRequired\":true,\"valueName\":\"search_term_string\"}}],\"inLanguage\":\"en-US\"}]}<\/script>\n<!-- \/ Yoast SEO Premium plugin. -->","yoast_head_json":{"title":"Anten D\u00e2y D\u00e0i ARF2 - Kawasan","description":"Anten d\u00e2y d\u00e0i ARF2 l\u00e0 m\u1ed9t\u00a0linh ki\u1ec7n \u0111i\u1ec7n t\u1eed\u00a0c\u00f3 th\u1ec3 b\u1ee9c x\u1ea1 ho\u1eb7c thu nh\u1eadn\u00a0s\u00f3ng \u0111i\u1ec7n t\u1eeb. C\u00f3 nhi\u1ec1u lo\u1ea1i:\u00a0anten l\u01b0\u1ee1ng c\u1ef1c,\u00a0anten m\u1ea3ng, \u0111\u1eb3ng h\u01b0\u1edbng, \u0111\u1ecbnh h\u01b0\u1edbng.","robots":{"index":"index","follow":"follow","max-snippet":"max-snippet:-1","max-image-preview":"max-image-preview:large","max-video-preview":"max-video-preview:-1"},"canonical":"https:\/\/kawasan.vn\/en\/product\/anten-day-dai-arf2\/","og_locale":"en_US","og_type":"article","og_title":"Anten D\u00e2y D\u00e0i ARF2","og_description":"Anten d\u00e2y d\u00e0i ARF2 l\u00e0 m\u1ed9t\u00a0linh ki\u1ec7n \u0111i\u1ec7n t\u1eed\u00a0c\u00f3 th\u1ec3 b\u1ee9c x\u1ea1 ho\u1eb7c thu nh\u1eadn\u00a0s\u00f3ng \u0111i\u1ec7n t\u1eeb. C\u00f3 nhi\u1ec1u lo\u1ea1i:\u00a0anten l\u01b0\u1ee1ng c\u1ef1c,\u00a0anten m\u1ea3ng, \u0111\u1eb3ng h\u01b0\u1edbng, \u0111\u1ecbnh h\u01b0\u1edbng.","og_url":"https:\/\/kawasan.vn\/en\/product\/anten-day-dai-arf2\/","og_site_name":"Kawasan","article_modified_time":"2026-02-02T08:21:08+00:00","og_image":[{"width":600,"height":600,"url":"https:\/\/kawasan.vn\/wp-content\/uploads\/2023\/11\/anten-day-dai-arf2_6555e5f2ceee5.jpeg","type":"image\/jpeg"}],"twitter_card":"summary_large_image","twitter_misc":{"Est. reading time":"2 minutes"},"schema":{"@context":"https:\/\/schema.org","@graph":[{"@type":"WebPage","@id":"https:\/\/kawasan.vn\/san-pham\/anten-day-dai-arf2\/","url":"https:\/\/kawasan.vn\/san-pham\/anten-day-dai-arf2\/","name":"Anten D\u00e2y D\u00e0i ARF2 - Kawasan","isPartOf":{"@id":"https:\/\/kawasan.vn\/#website"},"primaryImageOfPage":{"@id":"https:\/\/kawasan.vn\/san-pham\/anten-day-dai-arf2\/#primaryimage"},"image":{"@id":"https:\/\/kawasan.vn\/san-pham\/anten-day-dai-arf2\/#primaryimage"},"thumbnailUrl":"https:\/\/kawasan.vn\/wp-content\/uploads\/2023\/11\/anten-day-dai-arf2_6555e5f2ceee5.jpeg","datePublished":"2023-11-17T07:01:07+00:00","dateModified":"2026-02-02T08:21:08+00:00","description":"Anten d\u00e2y d\u00e0i ARF2 l\u00e0 m\u1ed9t\u00a0linh ki\u1ec7n \u0111i\u1ec7n t\u1eed\u00a0c\u00f3 th\u1ec3 b\u1ee9c x\u1ea1 ho\u1eb7c thu nh\u1eadn\u00a0s\u00f3ng \u0111i\u1ec7n t\u1eeb. C\u00f3 nhi\u1ec1u lo\u1ea1i:\u00a0anten l\u01b0\u1ee1ng c\u1ef1c,\u00a0anten m\u1ea3ng, \u0111\u1eb3ng h\u01b0\u1edbng, \u0111\u1ecbnh h\u01b0\u1edbng.","breadcrumb":{"@id":"https:\/\/kawasan.vn\/san-pham\/anten-day-dai-arf2\/#breadcrumb"},"inLanguage":"en-US","potentialAction":[{"@type":"ReadAction","target":["https:\/\/kawasan.vn\/san-pham\/anten-day-dai-arf2\/"]}]},{"@type":"ImageObject","inLanguage":"en-US","@id":"https:\/\/kawasan.vn\/san-pham\/anten-day-dai-arf2\/#primaryimage","url":"https:\/\/kawasan.vn\/wp-content\/uploads\/2023\/11\/anten-day-dai-arf2_6555e5f2ceee5.jpeg","contentUrl":"https:\/\/kawasan.vn\/wp-content\/uploads\/2023\/11\/anten-day-dai-arf2_6555e5f2ceee5.jpeg","width":600,"height":600},{"@type":"BreadcrumbList","@id":"https:\/\/kawasan.vn\/san-pham\/anten-day-dai-arf2\/#breadcrumb","itemListElement":[{"@type":"ListItem","position":1,"name":"Trang ch\u1ee7","item":"https:\/\/kawasan.vn\/"},{"@type":"ListItem","position":2,"name":"S\u1ea3n ph\u1ea9m","item":"https:\/\/kawasan.vn\/san-pham\/"},{"@type":"ListItem","position":3,"name":"Anten D\u00e2y D\u00e0i ARF2"}]},{"@type":"WebSite","@id":"https:\/\/kawasan.vn\/#website","url":"https:\/\/kawasan.vn\/","name":"Kawasan","description":"","potentialAction":[{"@type":"SearchAction","target":{"@type":"EntryPoint","urlTemplate":"https:\/\/kawasan.vn\/?s={search_term_string}"},"query-input":{"@type":"PropertyValueSpecification","valueRequired":true,"valueName":"search_term_string"}}],"inLanguage":"en-US"}]}},"_links":{"self":[{"href":"https:\/\/kawasan.vn\/en\/wp-json\/wp\/v2\/product\/6448","targetHints":{"allow":["GET"]}}],"collection":[{"href":"https:\/\/kawasan.vn\/en\/wp-json\/wp\/v2\/product"}],"about":[{"href":"https:\/\/kawasan.vn\/en\/wp-json\/wp\/v2\/types\/product"}],"replies":[{"embeddable":true,"href":"https:\/\/kawasan.vn\/en\/wp-json\/wp\/v2\/comments?post=6448"}],"version-history":[{"count":2,"href":"https:\/\/kawasan.vn\/en\/wp-json\/wp\/v2\/product\/6448\/revisions"}],"predecessor-version":[{"id":20047,"href":"https:\/\/kawasan.vn\/en\/wp-json\/wp\/v2\/product\/6448\/revisions\/20047"}],"wp:featuredmedia":[{"embeddable":true,"href":"https:\/\/kawasan.vn\/en\/wp-json\/wp\/v2\/media\/11905"}],"wp:attachment":[{"href":"https:\/\/kawasan.vn\/en\/wp-json\/wp\/v2\/media?parent=6448"}],"wp:term":[{"taxonomy":"product_cat","embeddable":true,"href":"https:\/\/kawasan.vn\/en\/wp-json\/wp\/v2\/product_cat?post=6448"},{"taxonomy":"product_tag","embeddable":true,"href":"https:\/\/kawasan.vn\/en\/wp-json\/wp\/v2\/product_tag?post=6448"}],"curies":[{"name":"wp","href":"https:\/\/api.w.org\/{rel}","templated":true}]}}