{"id":6429,"date":"2023-11-19T04:13:24","date_gmt":"2023-11-19T04:13:24","guid":{"rendered":"https:\/\/kawasan.123websitedev.com\/product\/cong-tac-dieu-khien-tu-xa-rf01c-rm2a\/"},"modified":"2025-10-03T09:10:05","modified_gmt":"2025-10-03T02:10:05","slug":"cong-tac-dieu-khien-tu-xa-rf01c-rm2a","status":"publish","type":"product","link":"https:\/\/kawasan.vn\/en\/product\/cong-tac-dieu-khien-tu-xa-rf01c-rm2a\/","title":{"rendered":"C\u00f4ng T\u1eafc RF01C-RM2A \u0110i\u1ec1u Khi\u1ec3n T\u1eeb Xa"},"content":{"rendered":"<p>C\u00f4ng t\u1eafc \u0111i\u1ec1u khi\u1ec3n t\u1eeb xa RF01C-RM2A\u00a0l\u00e0 s\u1ea3n ph\u1ea9m d\u00f9ng c\u00f4ng ngh\u1ec7 thu ph\u00e1t s\u00f3ng RF433Mhz, l\u00e0m vi\u1ec7c th\u00f4ng minh th\u00f4ng qua Chip Vi X\u1eed L\u00fd t\u1ed1c \u0111\u1ed9 nhanh v\u00e0 xa, ng\u01b0\u1eddi d\u00f9ng c\u00f3 th\u1ec3 t\u1ef1 b\u1ea5m SET c\u00e0i \u0111\u1eb7t th\u00eam Remote \u0111i\u1ec1u khi\u1ec3n, t\u00edch h\u1ee3p \u0111\u01b0\u1ee3c t\u1ed1i \u0111a 6 remote.Ngo\u00e0i ra v\u1edbi thi\u1ebft k\u1ebf m\u1edbi c\u00f3 c\u00e1c khe tho\u00e1t nhi\u1ec7t t\u0103ng \u0111\u1ed9 b\u1ec1n v\u00e0 \u0111\u00e8n b\u00e1o tr\u1ea1ng th\u00e1i gi\u00fap nh\u1eadn bi\u1ebft t\u00ecnh tr\u1ea1ng ho\u1ea1t \u0111\u1ed9ng c\u1ee7a c\u00f4ng t\u1eafc.\u00a0Remote RM2A\u00a0d\u00f9ng chip ph\u00e1t s\u00f3ng c\u00f4ng ngh\u1ec7 cao k\u1ebft h\u1ee3p Antten d\u00e0i gi\u00fap ph\u00e1t s\u00f3ng xa v\u00e0 \u1ed5n \u0111\u1ecbnh h\u01a1n.<\/p>\n<p><img loading=\"lazy\" decoding=\"async\" class=\"aligncenter wp-image-17703\" src=\"https:\/\/kawasan.vn\/wp-content\/uploads\/2023\/11\/cong-tac-dieu-khien-tu-xa-rf01c-rm2a.png\" alt=\"\" width=\"600\" height=\"512\" \/><\/p>\n<h2>L\u1ee2I \u00cdCH KHI D\u00d9NG C\u00d4NG T\u1eaeC \u0110I\u1ec6N \u0110I\u1ec0U KHI\u1ec2N T\u1eea XA<\/h2>\n<p><em><a href=\"https:\/\/kawasan.com.vn\/san-pham.html\/cong-tac-dieu-khien-tu-xa.html\/cong-tac-dieu-khien-tu-xa-bang-remote.html\" target=\"_blank\" rel=\"noopener noreferrer\">C\u00f4ng t\u1eafc \u0111i\u1ec7n \u0111i\u1ec1u khi\u1ec3n t\u1eeb xa b\u1eb1ng remote<\/a><\/em>\u00a0mang nhi\u1ec1u l\u1ee3i \u00edch v\u01b0\u1ee3t tr\u1ed9i, so c\u00e1c lo\u1ea1i c\u00f4ng t\u1eafc th\u00f4ng th\u01b0\u1eddng nh\u01b0:<\/p>\n<ul>\n<li>\u0110\u1ed9 an to\u00e0n cao: B\u1ea1n kh\u00f4ng c\u1ea7n ch\u1ea1m tay tr\u1ef1c ti\u1ebfp v\u00e0o c\u00e1c thi\u1ebft b\u1ecb \u0111i\u1ec7n \u0111\u1ec3 b\u1eadt \u2013 t\u1eaft. An to\u00e0n tr\u00e1nh c\u00e1c nguy c\u01a1 gi\u1eadt \u0111i\u1ec7n hay c\u00e1c thi\u1ebft b\u1ecb r\u00f2 r\u1ec9 \u0111i\u1ec7n. \u0110\u1eb7c bi\u1ec7t, gia \u0111\u00ecnh c\u00f3 nhi\u1ec1u tr\u1ebb nh\u1ecf v\u00e0 ng\u01b0\u1eddi gi\u00e0.<\/li>\n<li>Ti\u1ebft ki\u1ec7m th\u1eddi gian: Kh\u00f4ng c\u1ea7n t\u1ed1n nhi\u1ec1u th\u1eddi gian v\u00e0 c\u00f4ng s\u1ee9c \u0111i l\u1ea1i b\u1eadt \u2013 t\u1eaft thi\u1ebft b\u1ecb.<\/li>\n<li>Ti\u1ebft ki\u1ec7m \u0111i\u1ec7n n\u0103ng: Kh\u1ea3 n\u0103ng ti\u1ebft ki\u1ec7m l\u00ean \u0111\u1ebfn 60% \u0111i\u1ec7n n\u0103ng. Kh\u1eafc ph\u1ee5c c\u00e1c v\u1ea5n \u0111\u1ec1 nh\u01b0 qu\u00ean t\u1eaft thi\u1ebft b\u1ecb khi ra ngo\u00e0i, khi di chuy\u1ec3n \u0111\u1ebfn khu v\u1ef1c kh\u00e1c. Gi\u1ea3m \u0111\u00e1ng k\u1ec3 vi\u1ec7c ti\u00eau th\u1ee5 \u0111i\u1ec7n n\u0103ng trong gia \u0111\u00ecnh, tr\u00e1nh qu\u00ean t\u1eaft d\u1eabn \u0111\u1ebfn ch\u00e1y n\u1ed5 thi\u1ebft b\u1ecb.<\/li>\n<li>Ti\u1ebft ki\u1ec7m chi ph\u00ed: \u0110\u1ed9 b\u1ec1n c\u00f4ng t\u1eafc Kawasan &gt; 5 n\u0103m, c\u00f9ng ch\u00ednh s\u00e1ch b\u1ea3o h\u00e0nh ch\u00ednh h\u00e3ng 2 n\u0103m. Ti\u1ebft ki\u1ec7m chi ph\u00ed s\u1eeda ch\u1eefa v\u00e0 thay m\u1edbi c\u00f4ng t\u1eafc li\u00ean t\u1ee5c.\u200b<\/li>\n<\/ul>\n<h2>C\u00d4NG T\u1eaeC \u0110I\u1ec6N \u0110I\u1ec0U KHI\u1ec2N T\u1eea XA B\u1eb0NG REMOTE \u0110\u01af\u1ee2C \u1ee8NG D\u1ee4NG TH\u1ebe N\u00c0O?<\/h2>\n<ul>\n<li><a href=\"https:\/\/kawasan.vn\/en\/product-category\/cong-tac-dieu-khien-tu-xa\/\">\u0110i\u1ec1u khi\u1ec3n h\u1ec7 th\u1ed1ng b\u01a1m t\u01b0\u1edbi<\/a> cho v\u01b0\u1eddn tr\u00e1i c\u00e2y, v\u01b0\u1eddn cafe, b\u01a1m s\u1ee5c kh\u00ed h\u1ed3 c\u00e1. Gi\u00fap cho ng\u01b0\u1eddi d\u00f9ng c\u00f3 th\u1ec3 ch\u1ee7 \u0111\u1ed9ng b\u1eadt t\u1eaft t\u1eeb xa m\u00e0 kh\u00f4ng c\u1ea7n ph\u1ea3i di chuy\u1ec3n nhi\u1ec1u. C\u00f3 th\u00eam th\u1eddi gian l\u00e0m c\u00e1c vi\u1ec7c kh\u00e1c, ti\u1ebft ki\u1ec7m chi ph\u00ed nh\u00e2n s\u1ef1.\u200b<\/li>\n<\/ul>\n<div id=\"attachment_4231\" class=\"wp-caption aligncenter\">\n<figure id=\"attachment_17704\" aria-describedby=\"caption-attachment-17704\" style=\"width: 1000px\" class=\"wp-caption aligncenter\"><img loading=\"lazy\" decoding=\"async\" class=\"wp-image-17704\" title=\"D\u00f9ng nhi\u1ec1u cho v\u01b0\u1eddn tr\u00e1i c\u00e2y, v\u01b0\u1eddn rau, v\u01b0\u1eddn cafe\" src=\"https:\/\/kawasan.vn\/wp-content\/uploads\/2023\/11\/dieu-khien-tu-xa-RF15B-3.jpg\" alt=\"D\u00f9ng nhi\u1ec1u cho v\u01b0\u1eddn tr\u00e1i c\u00e2y, v\u01b0\u1eddn rau, v\u01b0\u1eddn cafe\" width=\"1000\" height=\"210\" srcset=\"https:\/\/kawasan.vn\/wp-content\/uploads\/2023\/11\/dieu-khien-tu-xa-RF15B-3-768x161.jpg 768w, https:\/\/kawasan.vn\/wp-content\/uploads\/2023\/11\/dieu-khien-tu-xa-RF15B-3-640x134.jpg 640w, https:\/\/kawasan.vn\/wp-content\/uploads\/2023\/11\/dieu-khien-tu-xa-RF15B-3-400x84.jpg 400w, https:\/\/kawasan.vn\/wp-content\/uploads\/2023\/11\/dieu-khien-tu-xa-RF15B-3-1000x210.jpg 1000w\" sizes=\"auto, (max-width: 1000px) 100vw, 1000px\" \/><figcaption id=\"caption-attachment-17704\" class=\"wp-caption-text\">D\u00f9ng nhi\u1ec1u cho v\u01b0\u1eddn tr\u00e1i c\u00e2y, v\u01b0\u1eddn rau, v\u01b0\u1eddn cafe<\/figcaption><\/figure>\n<\/div>\n<ul>\n<li>\u0110i\u1ec1u khi\u1ec3n h\u1ec7 th\u1ed1ng \u0111\u00e8n chi\u1ebfu s\u00e1ng tr\u01b0ng b\u00e0y h\u00e0ng h\u00f3a trong c\u1eeda h\u00e0ng, showroom. Nh\u00e2n vi\u00ean b\u00e1n h\u00e0ng c\u00f3 th\u1ec3 ch\u1ee7 \u0111\u1ed9ng t\u1eaft b\u1edbt \u0111\u00e8n chi\u1ebfu s\u00e1ng, trong th\u1eddi \u0111i\u1ec3m \u00edt kh\u00e1ch. Gi\u00fap ti\u1ebft ki\u1ec7m \u0111i\u1ec7n \u0111\u00e1ng k\u1ec3, ngo\u00e0i ra c\u00f2n gi\u00fap gi\u1ea3m nhi\u1ec7t \u0111\u1ed9 ph\u00e1t ra l\u00e0m h\u01b0 h\u1ecfng, m\u1ea5t m\u00e0u\u2026h\u00e0ng h\u00f3a tr\u01b0ng b\u00e0y.\u200b\u200b\u200b<\/li>\n<li>\u0110i\u1ec1u khi\u1ec3n c\u00e1c \u0111\u00e8n chi\u1ebfu s\u00e1ng ban c\u00f4ng tr\u00ean cao, \u0111\u00e8n s\u00e2n v\u01b0\u1eddn \u2013 c\u1ed5ng, h\u1ec7 th\u1ed1ng phun s\u01b0\u01a1ng, b\u01a1m t\u01b0\u1edbi c\u00e2y trong v\u01b0\u1eddn. Gi\u00fap cho ng\u01b0\u1eddi d\u00f9ng kh\u00f4ng c\u1ea7n m\u1eddi th\u1eddi gian \u0111i l\u1ea1i b\u1eadt \u2013 t\u1eaft thi\u1ebft b\u1ecb.<\/li>\n<\/ul>","protected":false},"excerpt":{"rendered":"<p>C\u00f4ng t\u1eafc \u0111i\u1ec1u khi\u1ec3n t\u1eeb xa RF01C-RM2A\u00a0l\u00e0 s\u1ea3n ph\u1ea9m d\u00f9ng c\u00f4ng ngh\u1ec7 thu ph\u00e1t s\u00f3ng RF433Mhz, l\u00e0m vi\u1ec7c th\u00f4ng minh th\u00f4ng qua Chip Vi X\u1eed L\u00fd t\u1ed1c \u0111\u1ed9 nhanh v\u00e0 xa, ng\u01b0\u1eddi d\u00f9ng c\u00f3 th\u1ec3 t\u1ef1 b\u1ea5m SET c\u00e0i \u0111\u1eb7t th\u00eam Remote \u0111i\u1ec1u khi\u1ec3n, t\u00edch h\u1ee3p \u0111\u01b0\u1ee3c t\u1ed1i \u0111a 6 remote.Ngo\u00e0i ra v\u1edbi thi\u1ebft k\u1ebf [&hellip;]<\/p>","protected":false},"featured_media":17702,"comment_status":"open","ping_status":"closed","template":"","meta":{"_yoast_wpseo_focuskw":"C\u00f4ng T\u1eafc RF01C-RM2A","_yoast_wpseo_metadesc":"C\u00f4ng T\u1eafc RF01C-RM2A. s\u1ea3n ph\u1ea9m d\u00f9ng c\u00f4ng ngh\u1ec7 thu ph\u00e1t s\u00f3ng RF433Mhz, l\u00e0m vi\u1ec7c th\u00f4ng minh th\u00f4ng qua Chip Vi X\u1eed L\u00fd t\u1ed1c \u0111\u1ed9 nhanh v\u00e0 xa.","_yoast_wpseo_focuskeywords":"","_yoast_wpseo_keyword_synonyms":""},"product_cat":[509,63],"product_tag":[1138,1135,1016,1015,941,1136,1140,1133,823,730,1139,1134,1137,1019,1131,1132,908,1009,1014,603,1142,1017,1018,1141],"class_list":["post-6429","product","type-product","status-publish","has-post-thumbnail","hentry","product_cat-cong-tac-dieu-khien-tu-xa-bang-remote","product_cat-cong-tac-dieu-khien-tu-xa","product_tag-bo-cong-tac-dieu-khien-tu-xa","product_tag-bo-dieu-khien-may-bom-tu-xa","product_tag-cong-tac-bat-tat-tu-dong","product_tag-cong-tac-chinh-hang-kawasan","product_tag-cong-tac-den-dieu-khien-tu-xa","product_tag-cong-tac-dien-dieu-khien-tu-xa","product_tag-cong-tac-dien-dieu-khien-tu-xa-bang-dien-thoai","product_tag-cong-tac-dien-dieu-khien-tu-xa-bang-remote","product_tag-cong-tac-dieu-khien","product_tag-cong-tac-dieu-khien-tu-xa","product_tag-cong-tac-dieu-khien-tu-xa-12v","product_tag-cong-tac-dieu-khien-tu-xa-220v","product_tag-cong-tac-dieu-khien-tu-xa-bang-dien-thoai","product_tag-cong-tac-dieu-khien-tu-xa-gia-tot","product_tag-cong-tac-dieu-khien-tu-xa-qua-wifi","product_tag-cong-tac-dieu-khien-tu-xa-qua-wifi-3g","product_tag-cong-tac-kawasan","product_tag-cong-tac-kawasan-chinh-hang","product_tag-cong-tac-kawasan-gia-dinh","product_tag-cong-tac-thong-minh","product_tag-cong-tac-thong-minh-dieu-khien-tu-xa","product_tag-cong-tac-tu-dong-bat-tat","product_tag-cong-tac-tu-dong-gia-tot","product_tag-hat-cong-tac-dieu-khien-tu-xa"],"acf":[],"yoast_head":"<!-- This site is optimized with the Yoast SEO Premium plugin v24.9 (Yoast SEO v24.9) - https:\/\/yoast.com\/wordpress\/plugins\/seo\/ -->\n<title>C\u00f4ng T\u1eafc RF01C-RM2A \u0110i\u1ec1u Khi\u1ec3n T\u1eeb Xa - Kawasan<\/title>\n<meta name=\"description\" content=\"C\u00f4ng T\u1eafc RF01C-RM2A. s\u1ea3n ph\u1ea9m d\u00f9ng c\u00f4ng ngh\u1ec7 thu ph\u00e1t s\u00f3ng RF433Mhz, l\u00e0m vi\u1ec7c th\u00f4ng minh th\u00f4ng qua Chip Vi X\u1eed L\u00fd t\u1ed1c \u0111\u1ed9 nhanh v\u00e0 xa.\" \/>\n<meta name=\"robots\" content=\"index, follow, max-snippet:-1, max-image-preview:large, max-video-preview:-1\" \/>\n<link rel=\"canonical\" href=\"https:\/\/kawasan.vn\/en\/product\/cong-tac-dieu-khien-tu-xa-rf01c-rm2a\/\" \/>\n<meta property=\"og:locale\" content=\"en_US\" \/>\n<meta property=\"og:type\" content=\"article\" \/>\n<meta property=\"og:title\" content=\"C\u00f4ng T\u1eafc RF01C-RM2A \u0110i\u1ec1u Khi\u1ec3n T\u1eeb Xa\" \/>\n<meta property=\"og:description\" content=\"C\u00f4ng T\u1eafc RF01C-RM2A. s\u1ea3n ph\u1ea9m d\u00f9ng c\u00f4ng ngh\u1ec7 thu ph\u00e1t s\u00f3ng RF433Mhz, l\u00e0m vi\u1ec7c th\u00f4ng minh th\u00f4ng qua Chip Vi X\u1eed L\u00fd t\u1ed1c \u0111\u1ed9 nhanh v\u00e0 xa.\" \/>\n<meta property=\"og:url\" content=\"https:\/\/kawasan.vn\/en\/product\/cong-tac-dieu-khien-tu-xa-rf01c-rm2a\/\" \/>\n<meta property=\"og:site_name\" content=\"Kawasan\" \/>\n<meta property=\"article:modified_time\" content=\"2025-10-03T02:10:05+00:00\" \/>\n<meta property=\"og:image\" content=\"https:\/\/kawasan.vn\/wp-content\/uploads\/2023\/11\/cong-tac-dieu-khien-tu-xa-rf01c-rm2a1-600x600-1.png\" \/>\n\t<meta property=\"og:image:width\" content=\"600\" \/>\n\t<meta property=\"og:image:height\" content=\"600\" \/>\n\t<meta property=\"og:image:type\" content=\"image\/png\" \/>\n<meta name=\"twitter:card\" content=\"summary_large_image\" \/>\n<meta name=\"twitter:label1\" content=\"Est. reading time\" \/>\n\t<meta name=\"twitter:data1\" content=\"4 minutes\" \/>\n<script type=\"application\/ld+json\" class=\"yoast-schema-graph\">{\"@context\":\"https:\/\/schema.org\",\"@graph\":[{\"@type\":\"WebPage\",\"@id\":\"https:\/\/kawasan.vn\/san-pham\/cong-tac-dieu-khien-tu-xa-rf01c-rm2a\/\",\"url\":\"https:\/\/kawasan.vn\/san-pham\/cong-tac-dieu-khien-tu-xa-rf01c-rm2a\/\",\"name\":\"C\u00f4ng T\u1eafc RF01C-RM2A \u0110i\u1ec1u Khi\u1ec3n T\u1eeb Xa - Kawasan\",\"isPartOf\":{\"@id\":\"https:\/\/kawasan.vn\/#website\"},\"primaryImageOfPage\":{\"@id\":\"https:\/\/kawasan.vn\/san-pham\/cong-tac-dieu-khien-tu-xa-rf01c-rm2a\/#primaryimage\"},\"image\":{\"@id\":\"https:\/\/kawasan.vn\/san-pham\/cong-tac-dieu-khien-tu-xa-rf01c-rm2a\/#primaryimage\"},\"thumbnailUrl\":\"https:\/\/kawasan.vn\/wp-content\/uploads\/2023\/11\/cong-tac-dieu-khien-tu-xa-rf01c-rm2a1-600x600-1.png\",\"datePublished\":\"2023-11-19T04:13:24+00:00\",\"dateModified\":\"2025-10-03T02:10:05+00:00\",\"description\":\"C\u00f4ng T\u1eafc RF01C-RM2A. s\u1ea3n ph\u1ea9m d\u00f9ng c\u00f4ng ngh\u1ec7 thu ph\u00e1t s\u00f3ng RF433Mhz, l\u00e0m vi\u1ec7c th\u00f4ng minh th\u00f4ng qua Chip Vi X\u1eed L\u00fd t\u1ed1c \u0111\u1ed9 nhanh v\u00e0 xa.\",\"breadcrumb\":{\"@id\":\"https:\/\/kawasan.vn\/san-pham\/cong-tac-dieu-khien-tu-xa-rf01c-rm2a\/#breadcrumb\"},\"inLanguage\":\"en-US\",\"potentialAction\":[{\"@type\":\"ReadAction\",\"target\":[\"https:\/\/kawasan.vn\/san-pham\/cong-tac-dieu-khien-tu-xa-rf01c-rm2a\/\"]}]},{\"@type\":\"ImageObject\",\"inLanguage\":\"en-US\",\"@id\":\"https:\/\/kawasan.vn\/san-pham\/cong-tac-dieu-khien-tu-xa-rf01c-rm2a\/#primaryimage\",\"url\":\"https:\/\/kawasan.vn\/wp-content\/uploads\/2023\/11\/cong-tac-dieu-khien-tu-xa-rf01c-rm2a1-600x600-1.png\",\"contentUrl\":\"https:\/\/kawasan.vn\/wp-content\/uploads\/2023\/11\/cong-tac-dieu-khien-tu-xa-rf01c-rm2a1-600x600-1.png\",\"width\":600,\"height\":600,\"caption\":\"C\u00f4ng T\u1eafc RF01C-RM2A \u0110i\u1ec1u Khi\u1ec3n T\u1eeb Xa\"},{\"@type\":\"BreadcrumbList\",\"@id\":\"https:\/\/kawasan.vn\/san-pham\/cong-tac-dieu-khien-tu-xa-rf01c-rm2a\/#breadcrumb\",\"itemListElement\":[{\"@type\":\"ListItem\",\"position\":1,\"name\":\"Trang ch\u1ee7\",\"item\":\"https:\/\/kawasan.vn\/\"},{\"@type\":\"ListItem\",\"position\":2,\"name\":\"S\u1ea3n ph\u1ea9m\",\"item\":\"https:\/\/kawasan.vn\/san-pham\/\"},{\"@type\":\"ListItem\",\"position\":3,\"name\":\"C\u00f4ng T\u1eafc RF01C-RM2A \u0110i\u1ec1u Khi\u1ec3n T\u1eeb Xa\"}]},{\"@type\":\"WebSite\",\"@id\":\"https:\/\/kawasan.vn\/#website\",\"url\":\"https:\/\/kawasan.vn\/\",\"name\":\"Kawasan\",\"description\":\"\",\"potentialAction\":[{\"@type\":\"SearchAction\",\"target\":{\"@type\":\"EntryPoint\",\"urlTemplate\":\"https:\/\/kawasan.vn\/?s={search_term_string}\"},\"query-input\":{\"@type\":\"PropertyValueSpecification\",\"valueRequired\":true,\"valueName\":\"search_term_string\"}}],\"inLanguage\":\"en-US\"}]}<\/script>\n<!-- \/ Yoast SEO Premium plugin. -->","yoast_head_json":{"title":"C\u00f4ng T\u1eafc RF01C-RM2A \u0110i\u1ec1u Khi\u1ec3n T\u1eeb Xa - Kawasan","description":"C\u00f4ng T\u1eafc RF01C-RM2A. s\u1ea3n ph\u1ea9m d\u00f9ng c\u00f4ng ngh\u1ec7 thu ph\u00e1t s\u00f3ng RF433Mhz, l\u00e0m vi\u1ec7c th\u00f4ng minh th\u00f4ng qua Chip Vi X\u1eed L\u00fd t\u1ed1c \u0111\u1ed9 nhanh v\u00e0 xa.","robots":{"index":"index","follow":"follow","max-snippet":"max-snippet:-1","max-image-preview":"max-image-preview:large","max-video-preview":"max-video-preview:-1"},"canonical":"https:\/\/kawasan.vn\/en\/product\/cong-tac-dieu-khien-tu-xa-rf01c-rm2a\/","og_locale":"en_US","og_type":"article","og_title":"C\u00f4ng T\u1eafc RF01C-RM2A \u0110i\u1ec1u Khi\u1ec3n T\u1eeb Xa","og_description":"C\u00f4ng T\u1eafc RF01C-RM2A. s\u1ea3n ph\u1ea9m d\u00f9ng c\u00f4ng ngh\u1ec7 thu ph\u00e1t s\u00f3ng RF433Mhz, l\u00e0m vi\u1ec7c th\u00f4ng minh th\u00f4ng qua Chip Vi X\u1eed L\u00fd t\u1ed1c \u0111\u1ed9 nhanh v\u00e0 xa.","og_url":"https:\/\/kawasan.vn\/en\/product\/cong-tac-dieu-khien-tu-xa-rf01c-rm2a\/","og_site_name":"Kawasan","article_modified_time":"2025-10-03T02:10:05+00:00","og_image":[{"width":600,"height":600,"url":"https:\/\/kawasan.vn\/wp-content\/uploads\/2023\/11\/cong-tac-dieu-khien-tu-xa-rf01c-rm2a1-600x600-1.png","type":"image\/png"}],"twitter_card":"summary_large_image","twitter_misc":{"Est. reading time":"4 minutes"},"schema":{"@context":"https:\/\/schema.org","@graph":[{"@type":"WebPage","@id":"https:\/\/kawasan.vn\/san-pham\/cong-tac-dieu-khien-tu-xa-rf01c-rm2a\/","url":"https:\/\/kawasan.vn\/san-pham\/cong-tac-dieu-khien-tu-xa-rf01c-rm2a\/","name":"C\u00f4ng T\u1eafc RF01C-RM2A \u0110i\u1ec1u Khi\u1ec3n T\u1eeb Xa - Kawasan","isPartOf":{"@id":"https:\/\/kawasan.vn\/#website"},"primaryImageOfPage":{"@id":"https:\/\/kawasan.vn\/san-pham\/cong-tac-dieu-khien-tu-xa-rf01c-rm2a\/#primaryimage"},"image":{"@id":"https:\/\/kawasan.vn\/san-pham\/cong-tac-dieu-khien-tu-xa-rf01c-rm2a\/#primaryimage"},"thumbnailUrl":"https:\/\/kawasan.vn\/wp-content\/uploads\/2023\/11\/cong-tac-dieu-khien-tu-xa-rf01c-rm2a1-600x600-1.png","datePublished":"2023-11-19T04:13:24+00:00","dateModified":"2025-10-03T02:10:05+00:00","description":"C\u00f4ng T\u1eafc RF01C-RM2A. s\u1ea3n ph\u1ea9m d\u00f9ng c\u00f4ng ngh\u1ec7 thu ph\u00e1t s\u00f3ng RF433Mhz, l\u00e0m vi\u1ec7c th\u00f4ng minh th\u00f4ng qua Chip Vi X\u1eed L\u00fd t\u1ed1c \u0111\u1ed9 nhanh v\u00e0 xa.","breadcrumb":{"@id":"https:\/\/kawasan.vn\/san-pham\/cong-tac-dieu-khien-tu-xa-rf01c-rm2a\/#breadcrumb"},"inLanguage":"en-US","potentialAction":[{"@type":"ReadAction","target":["https:\/\/kawasan.vn\/san-pham\/cong-tac-dieu-khien-tu-xa-rf01c-rm2a\/"]}]},{"@type":"ImageObject","inLanguage":"en-US","@id":"https:\/\/kawasan.vn\/san-pham\/cong-tac-dieu-khien-tu-xa-rf01c-rm2a\/#primaryimage","url":"https:\/\/kawasan.vn\/wp-content\/uploads\/2023\/11\/cong-tac-dieu-khien-tu-xa-rf01c-rm2a1-600x600-1.png","contentUrl":"https:\/\/kawasan.vn\/wp-content\/uploads\/2023\/11\/cong-tac-dieu-khien-tu-xa-rf01c-rm2a1-600x600-1.png","width":600,"height":600,"caption":"C\u00f4ng T\u1eafc RF01C-RM2A \u0110i\u1ec1u Khi\u1ec3n T\u1eeb Xa"},{"@type":"BreadcrumbList","@id":"https:\/\/kawasan.vn\/san-pham\/cong-tac-dieu-khien-tu-xa-rf01c-rm2a\/#breadcrumb","itemListElement":[{"@type":"ListItem","position":1,"name":"Trang ch\u1ee7","item":"https:\/\/kawasan.vn\/"},{"@type":"ListItem","position":2,"name":"S\u1ea3n ph\u1ea9m","item":"https:\/\/kawasan.vn\/san-pham\/"},{"@type":"ListItem","position":3,"name":"C\u00f4ng T\u1eafc RF01C-RM2A \u0110i\u1ec1u Khi\u1ec3n T\u1eeb Xa"}]},{"@type":"WebSite","@id":"https:\/\/kawasan.vn\/#website","url":"https:\/\/kawasan.vn\/","name":"Kawasan","description":"","potentialAction":[{"@type":"SearchAction","target":{"@type":"EntryPoint","urlTemplate":"https:\/\/kawasan.vn\/?s={search_term_string}"},"query-input":{"@type":"PropertyValueSpecification","valueRequired":true,"valueName":"search_term_string"}}],"inLanguage":"en-US"}]}},"_links":{"self":[{"href":"https:\/\/kawasan.vn\/en\/wp-json\/wp\/v2\/product\/6429","targetHints":{"allow":["GET"]}}],"collection":[{"href":"https:\/\/kawasan.vn\/en\/wp-json\/wp\/v2\/product"}],"about":[{"href":"https:\/\/kawasan.vn\/en\/wp-json\/wp\/v2\/types\/product"}],"replies":[{"embeddable":true,"href":"https:\/\/kawasan.vn\/en\/wp-json\/wp\/v2\/comments?post=6429"}],"version-history":[{"count":3,"href":"https:\/\/kawasan.vn\/en\/wp-json\/wp\/v2\/product\/6429\/revisions"}],"predecessor-version":[{"id":19957,"href":"https:\/\/kawasan.vn\/en\/wp-json\/wp\/v2\/product\/6429\/revisions\/19957"}],"wp:featuredmedia":[{"embeddable":true,"href":"https:\/\/kawasan.vn\/en\/wp-json\/wp\/v2\/media\/17702"}],"wp:attachment":[{"href":"https:\/\/kawasan.vn\/en\/wp-json\/wp\/v2\/media?parent=6429"}],"wp:term":[{"taxonomy":"product_cat","embeddable":true,"href":"https:\/\/kawasan.vn\/en\/wp-json\/wp\/v2\/product_cat?post=6429"},{"taxonomy":"product_tag","embeddable":true,"href":"https:\/\/kawasan.vn\/en\/wp-json\/wp\/v2\/product_tag?post=6429"}],"curies":[{"name":"wp","href":"https:\/\/api.w.org\/{rel}","templated":true}]}}