{"id":6417,"date":"2023-11-17T02:55:46","date_gmt":"2023-11-17T02:55:46","guid":{"rendered":"https:\/\/kawasan.123websitedev.com\/product\/nut-nhan-goi-phuc-vu-mn02\/"},"modified":"2025-12-16T13:52:24","modified_gmt":"2025-12-16T06:52:24","slug":"nut-nhan-goi-phuc-vu-mn02","status":"publish","type":"product","link":"https:\/\/kawasan.vn\/en\/product\/nut-nhan-goi-phuc-vu-mn02\/","title":{"rendered":"Service Call Button MN02"},"content":{"rendered":"<ul>\n<li>N\u00fat nh\u1ea5n g\u1ecdi ph\u1ee5c v\u1ee5 c\u00f3 4\u00a0ch\u1ee9c n\u0103ng, s\u1eed d\u1ee5ng cho m\u1ee5c \u0111\u00edch nh\u1ea5n g\u1ecdi khi c\u1ea7n ph\u1ee5c v\u1ee5<\/li>\n<li>G\u1ecdi n\u01b0\u1edbc, g\u1ecdi t\u00ednh ti\u1ec1n, g\u1ecdi kh\u00e1c, h\u1ee7y..v.v<\/li>\n<\/ul>\n<p><img loading=\"lazy\" decoding=\"async\" class=\"aligncenter size-full wp-image-16773\" src=\"https:\/\/kawasan.vn\/wp-content\/uploads\/2023\/11\/nut-nhan-goi-phuc-vu-MN02-1.jpg\" alt=\"\" width=\"600\" height=\"600\" srcset=\"https:\/\/kawasan.vn\/wp-content\/uploads\/2023\/11\/nut-nhan-goi-phuc-vu-MN02-1.jpg 600w, https:\/\/kawasan.vn\/wp-content\/uploads\/2023\/11\/nut-nhan-goi-phuc-vu-MN02-1-400x400.jpg 400w\" sizes=\"auto, (max-width: 600px) 100vw, 600px\" \/> <img loading=\"lazy\" decoding=\"async\" class=\"aligncenter size-full wp-image-16774\" src=\"https:\/\/kawasan.vn\/wp-content\/uploads\/2023\/11\/nut-nhan-goi-phuc-vu-MN02-2.jpg\" alt=\"\" width=\"600\" height=\"600\" srcset=\"https:\/\/kawasan.vn\/wp-content\/uploads\/2023\/11\/nut-nhan-goi-phuc-vu-MN02-2.jpg 600w, https:\/\/kawasan.vn\/wp-content\/uploads\/2023\/11\/nut-nhan-goi-phuc-vu-MN02-2-400x400.jpg 400w\" sizes=\"auto, (max-width: 600px) 100vw, 600px\" \/> <img loading=\"lazy\" decoding=\"async\" class=\"aligncenter size-full wp-image-16775\" src=\"https:\/\/kawasan.vn\/wp-content\/uploads\/2023\/11\/nut-nhan-goi-phuc-vu-MN02-3.jpg\" alt=\"\" width=\"600\" height=\"600\" srcset=\"https:\/\/kawasan.vn\/wp-content\/uploads\/2023\/11\/nut-nhan-goi-phuc-vu-MN02-3.jpg 600w, https:\/\/kawasan.vn\/wp-content\/uploads\/2023\/11\/nut-nhan-goi-phuc-vu-MN02-3-400x400.jpg 400w\" sizes=\"auto, (max-width: 600px) 100vw, 600px\" \/> <img loading=\"lazy\" decoding=\"async\" class=\"aligncenter size-full wp-image-16776\" src=\"https:\/\/kawasan.vn\/wp-content\/uploads\/2023\/11\/nut-nhan-goi-phuc-vu-MN02-6.jpg\" alt=\"\" width=\"600\" height=\"600\" srcset=\"https:\/\/kawasan.vn\/wp-content\/uploads\/2023\/11\/nut-nhan-goi-phuc-vu-MN02-6.jpg 600w, https:\/\/kawasan.vn\/wp-content\/uploads\/2023\/11\/nut-nhan-goi-phuc-vu-MN02-6-400x400.jpg 400w\" sizes=\"auto, (max-width: 600px) 100vw, 600px\" \/><\/p>\n<p><strong>N\u00fat Nh\u1ea5n G\u1ecdi Ph\u1ee5c V\u1ee5<\/strong> c\u00f3 r\u1ea5t nhi\u1ec1u \u1ee9ng d\u1ee5ng th\u1ef1c t\u1ebf trong c\u00e1c ng\u00e0nh d\u1ecbch v\u1ee5, gi\u00fap n\u00e2ng cao hi\u1ec7u qu\u1ea3 v\u00e0 tr\u1ea3i nghi\u1ec7m kh\u00e1ch h\u00e0ng. D\u01b0\u1edbi \u0111\u00e2y l\u00e0 m\u1ed9t s\u1ed1 \u1ee9ng d\u1ee5ng ph\u1ed5 bi\u1ebfn:<\/p>\n<ol>\n<li>\n<h4><span class=\"ez-toc-section\" id=\"Nha_hang_va_quan_ca_phe\"><\/span><strong>Nh\u00e0 h\u00e0ng v\u00e0 qu\u00e1n c\u00e0 ph\u00ea<\/strong>:<span class=\"ez-toc-section-end\"><\/span><\/h4><div id=\"ez-toc-container\" class=\"ez-toc-v2_0_69_1 counter-hierarchy ez-toc-counter ez-toc-grey ez-toc-container-direction\">\n<div class=\"ez-toc-title-container\">\n<p class=\"ez-toc-title\" >N\u1ed9i Dung B&agrave;i Vi\u1ebft<\/p>\n<span class=\"ez-toc-title-toggle\"><a href=\"#\" class=\"ez-toc-pull-right ez-toc-btn ez-toc-btn-xs ez-toc-btn-default ez-toc-toggle\" aria-label=\"Toggle Table of Content\"><span class=\"ez-toc-js-icon-con\"><span class=\"\"><span class=\"eztoc-hide\" style=\"display:none;\">Toggle<\/span><span class=\"ez-toc-icon-toggle-span\"><svg style=\"fill: #999;color:#999\" xmlns=\"http:\/\/www.w3.org\/2000\/svg\" class=\"list-377408\" width=\"20px\" height=\"20px\" viewbox=\"0 0 24 24\" fill=\"none\"><path d=\"M6 6H4v2h2V6zm14 0H8v2h12V6zM4 11h2v2H4v-2zm16 0H8v2h12v-2zM4 16h2v2H4v-2zm16 0H8v2h12v-2z\" fill=\"currentColor\"><\/path><\/svg><svg style=\"fill: #999;color:#999\" class=\"arrow-unsorted-368013\" xmlns=\"http:\/\/www.w3.org\/2000\/svg\" width=\"10px\" height=\"10px\" viewbox=\"0 0 24 24\" version=\"1.2\" baseprofile=\"tiny\"><path d=\"M18.2 9.3l-6.2-6.3-6.2 6.3c-.2.2-.3.4-.3.7s.1.5.3.7c.2.2.4.3.7.3h11c.3 0 .5-.1.7-.3.2-.2.3-.5.3-.7s-.1-.5-.3-.7zM5.8 14.7l6.2 6.3 6.2-6.3c.2-.2.3-.5.3-.7s-.1-.5-.3-.7c-.2-.2-.4-.3-.7-.3h-11c-.3 0-.5.1-.7.3-.2.2-.3.5-.3.7s.1.5.3.7z\"\/><\/svg><\/span><\/span><\/span><\/a><\/span><\/div>\n<nav><ul class='ez-toc-list ez-toc-list-level-1 eztoc-toggle-hide-by-default' ><li class='ez-toc-page-1 ez-toc-heading-level-4'><a class=\"ez-toc-link ez-toc-heading-1\" href=\"https:\/\/kawasan.vn\/en\/product\/nut-nhan-goi-phuc-vu-mn02\/#Nha_hang_va_quan_ca_phe\" title=\"Nh\u00e0 h\u00e0ng v\u00e0 qu\u00e1n c\u00e0 ph\u00ea:\">Nh\u00e0 h\u00e0ng v\u00e0 qu\u00e1n c\u00e0 ph\u00ea:<\/a><\/li><li class='ez-toc-page-1 ez-toc-heading-level-4'><a class=\"ez-toc-link ez-toc-heading-2\" href=\"https:\/\/kawasan.vn\/en\/product\/nut-nhan-goi-phuc-vu-mn02\/#Khach_san\" title=\"Kh\u00e1ch s\u1ea1n:\">Kh\u00e1ch s\u1ea1n:<\/a><\/li><li class='ez-toc-page-1 ez-toc-heading-level-4'><a class=\"ez-toc-link ez-toc-heading-3\" href=\"https:\/\/kawasan.vn\/en\/product\/nut-nhan-goi-phuc-vu-mn02\/#Phong_kham_va_benh_vien\" title=\"Ph\u00f2ng kh\u00e1m v\u00e0 b\u1ec7nh vi\u1ec7n:\">Ph\u00f2ng kh\u00e1m v\u00e0 b\u1ec7nh vi\u1ec7n:<\/a><\/li><li class='ez-toc-page-1 ez-toc-heading-level-4'><a class=\"ez-toc-link ez-toc-heading-4\" href=\"https:\/\/kawasan.vn\/en\/product\/nut-nhan-goi-phuc-vu-mn02\/#Karaoke_spa_va_khu_vui_choi\" title=\"Karaoke, spa v\u00e0 khu vui ch\u01a1i:\">Karaoke, spa v\u00e0 khu vui ch\u01a1i:<\/a><\/li><li class='ez-toc-page-1 ez-toc-heading-level-4'><a class=\"ez-toc-link ez-toc-heading-5\" href=\"https:\/\/kawasan.vn\/en\/product\/nut-nhan-goi-phuc-vu-mn02\/#San_golf\" title=\"S\u00e2n golf:\">S\u00e2n golf:<\/a><\/li><li class='ez-toc-page-1 ez-toc-heading-level-4'><a class=\"ez-toc-link ez-toc-heading-6\" href=\"https:\/\/kawasan.vn\/en\/product\/nut-nhan-goi-phuc-vu-mn02\/#Rap_chieu_phim_hoac_khu_vuc_VIP\" title=\"R\u1ea1p chi\u1ebfu phim ho\u1eb7c khu v\u1ef1c VIP:\">R\u1ea1p chi\u1ebfu phim ho\u1eb7c khu v\u1ef1c VIP:<\/a><\/li><\/ul><\/nav><\/div>\n\n<ul>\n<li>Kh\u00e1ch h\u00e0ng c\u00f3 th\u1ec3 nh\u1ea5n n\u00fat khi c\u1ea7n g\u1ecdi nh\u00e2n vi\u00ean ph\u1ee5c v\u1ee5, nh\u01b0 \u0111\u1ec3 \u0111\u1eb7t m\u00f3n, y\u00eau c\u1ea7u thanh to\u00e1n, ho\u1eb7c nh\u1edd h\u1ed7 tr\u1ee3 kh\u00e1c. \u0110i\u1ec1u n\u00e0y gi\u00fap nh\u00e2n vi\u00ean ph\u1ea3n h\u1ed3i nhanh ch\u00f3ng m\u00e0 kh\u00f4ng c\u1ea7n kh\u00e1ch h\u00e0ng ph\u1ea3i g\u1ecdi l\u1edbn ho\u1eb7c ch\u1edd l\u00e2u.<\/li>\n<\/ul>\n<\/li>\n<li>\n<h4><span class=\"ez-toc-section\" id=\"Khach_san\"><\/span><strong>Kh\u00e1ch s\u1ea1n<\/strong>:<span class=\"ez-toc-section-end\"><\/span><\/h4>\n<ul>\n<li>T\u1ea1i c\u00e1c kh\u00e1ch s\u1ea1n, n\u00fat nh\u1ea5n g\u1ecdi ph\u1ee5c v\u1ee5 \u0111\u01b0\u1ee3c \u0111\u1eb7t trong ph\u00f2ng kh\u00e1ch \u0111\u1ec3 kh\u00e1ch h\u00e0ng y\u00eau c\u1ea7u d\u1ecdn ph\u00f2ng, g\u1ecdi \u0111\u1ed3 \u0103n, ho\u1eb7c d\u1ecbch v\u1ee5 kh\u00e1c. N\u00f3 gi\u00fap kh\u00e1ch h\u00e0ng tho\u1ea3i m\u00e1i h\u01a1n v\u00e0 gi\u00fap kh\u00e1ch s\u1ea1n cung c\u1ea5p d\u1ecbch v\u1ee5 m\u1ed9t c\u00e1ch nhanh ch\u00f3ng.<\/li>\n<\/ul>\n<\/li>\n<li>\n<h4><span class=\"ez-toc-section\" id=\"Phong_kham_va_benh_vien\"><\/span><strong>Ph\u00f2ng kh\u00e1m v\u00e0 b\u1ec7nh vi\u1ec7n<\/strong>:<span class=\"ez-toc-section-end\"><\/span><\/h4>\n<ul>\n<li>Trong b\u1ec7nh vi\u1ec7n, c\u00e1c n\u00fat g\u1ecdi ph\u1ee5c v\u1ee5 th\u01b0\u1eddng \u0111\u01b0\u1ee3c l\u1eafp \u0111\u1eb7t t\u1ea1i \u0111\u1ea7u gi\u01b0\u1eddng b\u1ec7nh nh\u00e2n. \u0110\u1ec3 h\u1ecd c\u00f3 th\u1ec3 d\u1ec5 d\u00e0ng g\u1ecdi y t\u00e1 ho\u1eb7c nh\u00e2n vi\u00ean y t\u1ebf khi c\u1ea7n s\u1ef1 tr\u1ee3 gi\u00fap. \u0110i\u1ec1u n\u00e0y t\u0103ng c\u01b0\u1eddng kh\u1ea3 n\u0103ng ph\u1ea3n \u1ee9ng nhanh trong c\u00e1c t\u00ecnh hu\u1ed1ng kh\u1ea9n c\u1ea5p.<\/li>\n<\/ul>\n<\/li>\n<li>\n<h4><span class=\"ez-toc-section\" id=\"Karaoke_spa_va_khu_vui_choi\"><\/span><strong>Karaoke, spa v\u00e0 khu vui ch\u01a1i<\/strong>:<span class=\"ez-toc-section-end\"><\/span><\/h4>\n<ul>\n<li>T\u1ea1i c\u00e1c trung t\u00e2m gi\u1ea3i tr\u00ed nh\u01b0 karaoke ho\u1eb7c spa, kh\u00e1ch h\u00e0ng c\u00f3 th\u1ec3 s\u1eed d\u1ee5ng n\u00fat g\u1ecdi ph\u1ee5c v\u1ee5 \u0111\u1ec3 y\u00eau c\u1ea7u th\u00eam d\u1ecbch v\u1ee5 ho\u1eb7c \u0111\u1ed3 u\u1ed1ng m\u00e0 kh\u00f4ng c\u1ea7n r\u1eddi kh\u1ecfi ph\u00f2ng. \u0110i\u1ec1u n\u00e0y gi\u00fap duy tr\u00ec kh\u00f4ng gian ri\u00eang t\u01b0 v\u00e0 s\u1ef1 tho\u1ea3i m\u00e1i cho kh\u00e1ch h\u00e0ng.<\/li>\n<\/ul>\n<\/li>\n<li>\n<h4><span class=\"ez-toc-section\" id=\"San_golf\"><\/span><strong>S\u00e2n golf<\/strong>:<span class=\"ez-toc-section-end\"><\/span><\/h4>\n<ul>\n<li>Tr\u00ean s\u00e2n golf, n\u00fat g\u1ecdi ph\u1ee5c v\u1ee5 c\u00f3 th\u1ec3 \u0111\u01b0\u1ee3c g\u1eafn tr\u00ean c\u00e1c xe golf ho\u1eb7c t\u1ea1i c\u00e1c tr\u1ea1m ngh\u1ec9. \u0110\u1ec3 ng\u01b0\u1eddi ch\u01a1i c\u00f3 th\u1ec3 g\u1ecdi nh\u00e2n vi\u00ean mang th\u1ee9c \u0103n, \u0111\u1ed3 u\u1ed1ng ho\u1eb7c c\u00e1c d\u1ecbch v\u1ee5 kh\u00e1c m\u00e0 kh\u00f4ng c\u1ea7n r\u1eddi kh\u1ecfi s\u00e2n ch\u01a1i.<\/li>\n<\/ul>\n<\/li>\n<li>\n<h4><span class=\"ez-toc-section\" id=\"Rap_chieu_phim_hoac_khu_vuc_VIP\"><\/span><strong>R\u1ea1p chi\u1ebfu phim ho\u1eb7c khu v\u1ef1c VIP<\/strong>:<span class=\"ez-toc-section-end\"><\/span><\/h4>\n<ul>\n<li>Trong c\u00e1c khu v\u1ef1c gh\u1ebf VIP t\u1ea1i r\u1ea1p chi\u1ebfu phim ho\u1eb7c s\u1ef1 ki\u1ec7n. N\u00fat g\u1ecdi ph\u1ee5c v\u1ee5 c\u00f3 th\u1ec3 \u0111\u01b0\u1ee3c s\u1eed d\u1ee5ng \u0111\u1ec3 kh\u00e1ch h\u00e0ng y\u00eau c\u1ea7u d\u1ecbch v\u1ee5 t\u1ea1i ch\u1ed7 nh\u01b0 \u0111\u1ed3 \u0103n, th\u1ee9c u\u1ed1ng, t\u1ea1o ra tr\u1ea3i nghi\u1ec7m cao c\u1ea5p v\u00e0 ti\u1ec7n nghi h\u01a1n.<\/li>\n<\/ul>\n<\/li>\n<\/ol>\n<p>Nh\u1edd \u1ee9ng d\u1ee5ng c\u1ee7a n\u00fat nh\u1ea5n g\u1ecdi ph\u1ee5c v\u1ee5. Vi\u1ec7c qu\u1ea3n l\u00fd v\u00e0 cung c\u1ea5p d\u1ecbch v\u1ee5 tr\u1edf n\u00ean thu\u1eadn ti\u1ec7n, hi\u1ec7u qu\u1ea3, v\u00e0 chuy\u00ean nghi\u1ec7p h\u01a1n, \u0111\u1ed3ng th\u1eddi gi\u1ea3m thi\u1ec3u th\u1eddi gian ch\u1edd \u0111\u1ee3i c\u1ee7a kh\u00e1ch h\u00e0ng.<\/p>\n<p>&nbsp;<\/p>","protected":false},"excerpt":{"rendered":"<p>Nh\u00e0 s\u1ea3n xu\u1ea5t: KawasanM\u00e3 s\u1ea3n ph\u1ea9m: MN02T\u00ecnh tr\u1ea1ng:C\u00f2n h\u00e0ng<\/p>","protected":false},"featured_media":16777,"comment_status":"open","ping_status":"closed","template":"","meta":{"_yoast_wpseo_focuskw":"N\u00fat Nh\u1ea5n G\u1ecdi Ph\u1ee5c V\u1ee5","_yoast_wpseo_metadesc":"N\u00fat nh\u1ea5n g\u1ecdi ph\u1ee5c v\u1ee5, \u1ee9ng d\u1ee5ng nhi\u1ec1u cho c\u00e1c c\u01a1 s\u1edf d\u1ecbch v\u1ee5, nh\u00e0 h\u00e0ng, spa, qu\u00e1n c\u00e0 ph\u00ea, kh\u00e1ch s\u1ea1n, karaoke, b\u1ec7nh vi\u1ec7n... Mang tr\u1ea3i nghi\u1ec7m t\u1ed1t cho kh\u00e1ch h\u00e0ng","_yoast_wpseo_focuskeywords":"","_yoast_wpseo_keyword_synonyms":""},"product_cat":[62],"product_tag":[728,1528,1529,838,840],"class_list":["post-6417","product","type-product","status-publish","has-post-thumbnail","hentry","product_cat-thiet-bi-goi-phuc-vu","product_tag-bao-goi-phuc-vu","product_tag-bo-bao-goi-phuc-vu-khong-day","product_tag-chuong-bao-goi-phuc-vu","product_tag-he-thong-bao-goi-phuc-vu","product_tag-thiet-bi-bao-goi-phuc-vu"],"acf":[],"yoast_head":"<!-- This site is optimized with the Yoast SEO Premium plugin v24.9 (Yoast SEO v24.9) - https:\/\/yoast.com\/wordpress\/plugins\/seo\/ -->\n<title>N\u00fat Nh\u1ea5n G\u1ecdi Ph\u1ee5c V\u1ee5 MN02 - Kawasan<\/title>\n<meta name=\"description\" content=\"N\u00fat nh\u1ea5n g\u1ecdi ph\u1ee5c v\u1ee5, \u1ee9ng d\u1ee5ng nhi\u1ec1u cho c\u00e1c c\u01a1 s\u1edf d\u1ecbch v\u1ee5, nh\u00e0 h\u00e0ng, spa, qu\u00e1n c\u00e0 ph\u00ea, kh\u00e1ch s\u1ea1n, karaoke, b\u1ec7nh vi\u1ec7n... Mang tr\u1ea3i nghi\u1ec7m t\u1ed1t cho kh\u00e1ch h\u00e0ng\" \/>\n<meta name=\"robots\" content=\"index, follow, max-snippet:-1, max-image-preview:large, max-video-preview:-1\" \/>\n<link rel=\"canonical\" href=\"https:\/\/kawasan.vn\/en\/product\/nut-nhan-goi-phuc-vu-mn02\/\" \/>\n<meta property=\"og:locale\" content=\"en_US\" \/>\n<meta property=\"og:type\" content=\"article\" \/>\n<meta property=\"og:title\" content=\"N\u00fat Nh\u1ea5n G\u1ecdi Ph\u1ee5c V\u1ee5 MN02\" \/>\n<meta property=\"og:description\" content=\"N\u00fat nh\u1ea5n g\u1ecdi ph\u1ee5c v\u1ee5, \u1ee9ng d\u1ee5ng nhi\u1ec1u cho c\u00e1c c\u01a1 s\u1edf d\u1ecbch v\u1ee5, nh\u00e0 h\u00e0ng, spa, qu\u00e1n c\u00e0 ph\u00ea, kh\u00e1ch s\u1ea1n, karaoke, b\u1ec7nh vi\u1ec7n... Mang tr\u1ea3i nghi\u1ec7m t\u1ed1t cho kh\u00e1ch h\u00e0ng\" \/>\n<meta property=\"og:url\" content=\"https:\/\/kawasan.vn\/en\/product\/nut-nhan-goi-phuc-vu-mn02\/\" \/>\n<meta property=\"og:site_name\" content=\"Kawasan\" \/>\n<meta property=\"article:modified_time\" content=\"2025-12-16T06:52:24+00:00\" \/>\n<meta property=\"og:image\" content=\"https:\/\/kawasan.vn\/wp-content\/uploads\/2023\/11\/nut-nhan-goi-phuc-vu-MN02-600x600-1.jpg\" \/>\n\t<meta property=\"og:image:width\" content=\"600\" \/>\n\t<meta property=\"og:image:height\" content=\"600\" \/>\n\t<meta property=\"og:image:type\" content=\"image\/jpeg\" \/>\n<meta name=\"twitter:card\" content=\"summary_large_image\" \/>\n<meta name=\"twitter:label1\" content=\"Est. reading time\" \/>\n\t<meta name=\"twitter:data1\" content=\"4 minutes\" \/>\n<script type=\"application\/ld+json\" class=\"yoast-schema-graph\">{\"@context\":\"https:\/\/schema.org\",\"@graph\":[{\"@type\":\"WebPage\",\"@id\":\"https:\/\/kawasan.vn\/san-pham\/nut-nhan-goi-phuc-vu-mn02\/\",\"url\":\"https:\/\/kawasan.vn\/san-pham\/nut-nhan-goi-phuc-vu-mn02\/\",\"name\":\"N\u00fat Nh\u1ea5n G\u1ecdi Ph\u1ee5c V\u1ee5 MN02 - Kawasan\",\"isPartOf\":{\"@id\":\"https:\/\/kawasan.vn\/#website\"},\"primaryImageOfPage\":{\"@id\":\"https:\/\/kawasan.vn\/san-pham\/nut-nhan-goi-phuc-vu-mn02\/#primaryimage\"},\"image\":{\"@id\":\"https:\/\/kawasan.vn\/san-pham\/nut-nhan-goi-phuc-vu-mn02\/#primaryimage\"},\"thumbnailUrl\":\"https:\/\/kawasan.vn\/wp-content\/uploads\/2023\/11\/nut-nhan-goi-phuc-vu-MN02-600x600-1.jpg\",\"datePublished\":\"2023-11-17T02:55:46+00:00\",\"dateModified\":\"2025-12-16T06:52:24+00:00\",\"description\":\"N\u00fat nh\u1ea5n g\u1ecdi ph\u1ee5c v\u1ee5, \u1ee9ng d\u1ee5ng nhi\u1ec1u cho c\u00e1c c\u01a1 s\u1edf d\u1ecbch v\u1ee5, nh\u00e0 h\u00e0ng, spa, qu\u00e1n c\u00e0 ph\u00ea, kh\u00e1ch s\u1ea1n, karaoke, b\u1ec7nh vi\u1ec7n... Mang tr\u1ea3i nghi\u1ec7m t\u1ed1t cho kh\u00e1ch h\u00e0ng\",\"breadcrumb\":{\"@id\":\"https:\/\/kawasan.vn\/san-pham\/nut-nhan-goi-phuc-vu-mn02\/#breadcrumb\"},\"inLanguage\":\"en-US\",\"potentialAction\":[{\"@type\":\"ReadAction\",\"target\":[\"https:\/\/kawasan.vn\/san-pham\/nut-nhan-goi-phuc-vu-mn02\/\"]}]},{\"@type\":\"ImageObject\",\"inLanguage\":\"en-US\",\"@id\":\"https:\/\/kawasan.vn\/san-pham\/nut-nhan-goi-phuc-vu-mn02\/#primaryimage\",\"url\":\"https:\/\/kawasan.vn\/wp-content\/uploads\/2023\/11\/nut-nhan-goi-phuc-vu-MN02-600x600-1.jpg\",\"contentUrl\":\"https:\/\/kawasan.vn\/wp-content\/uploads\/2023\/11\/nut-nhan-goi-phuc-vu-MN02-600x600-1.jpg\",\"width\":600,\"height\":600},{\"@type\":\"BreadcrumbList\",\"@id\":\"https:\/\/kawasan.vn\/san-pham\/nut-nhan-goi-phuc-vu-mn02\/#breadcrumb\",\"itemListElement\":[{\"@type\":\"ListItem\",\"position\":1,\"name\":\"Trang ch\u1ee7\",\"item\":\"https:\/\/kawasan.vn\/\"},{\"@type\":\"ListItem\",\"position\":2,\"name\":\"S\u1ea3n ph\u1ea9m\",\"item\":\"https:\/\/kawasan.vn\/san-pham\/\"},{\"@type\":\"ListItem\",\"position\":3,\"name\":\"N\u00fat Nh\u1ea5n G\u1ecdi Ph\u1ee5c V\u1ee5 MN02\"}]},{\"@type\":\"WebSite\",\"@id\":\"https:\/\/kawasan.vn\/#website\",\"url\":\"https:\/\/kawasan.vn\/\",\"name\":\"Kawasan\",\"description\":\"\",\"potentialAction\":[{\"@type\":\"SearchAction\",\"target\":{\"@type\":\"EntryPoint\",\"urlTemplate\":\"https:\/\/kawasan.vn\/?s={search_term_string}\"},\"query-input\":{\"@type\":\"PropertyValueSpecification\",\"valueRequired\":true,\"valueName\":\"search_term_string\"}}],\"inLanguage\":\"en-US\"}]}<\/script>\n<!-- \/ Yoast SEO Premium plugin. -->","yoast_head_json":{"title":"N\u00fat Nh\u1ea5n G\u1ecdi Ph\u1ee5c V\u1ee5 MN02 - Kawasan","description":"N\u00fat nh\u1ea5n g\u1ecdi ph\u1ee5c v\u1ee5, \u1ee9ng d\u1ee5ng nhi\u1ec1u cho c\u00e1c c\u01a1 s\u1edf d\u1ecbch v\u1ee5, nh\u00e0 h\u00e0ng, spa, qu\u00e1n c\u00e0 ph\u00ea, kh\u00e1ch s\u1ea1n, karaoke, b\u1ec7nh vi\u1ec7n... Mang tr\u1ea3i nghi\u1ec7m t\u1ed1t cho kh\u00e1ch h\u00e0ng","robots":{"index":"index","follow":"follow","max-snippet":"max-snippet:-1","max-image-preview":"max-image-preview:large","max-video-preview":"max-video-preview:-1"},"canonical":"https:\/\/kawasan.vn\/en\/product\/nut-nhan-goi-phuc-vu-mn02\/","og_locale":"en_US","og_type":"article","og_title":"N\u00fat Nh\u1ea5n G\u1ecdi Ph\u1ee5c V\u1ee5 MN02","og_description":"N\u00fat nh\u1ea5n g\u1ecdi ph\u1ee5c v\u1ee5, \u1ee9ng d\u1ee5ng nhi\u1ec1u cho c\u00e1c c\u01a1 s\u1edf d\u1ecbch v\u1ee5, nh\u00e0 h\u00e0ng, spa, qu\u00e1n c\u00e0 ph\u00ea, kh\u00e1ch s\u1ea1n, karaoke, b\u1ec7nh vi\u1ec7n... Mang tr\u1ea3i nghi\u1ec7m t\u1ed1t cho kh\u00e1ch h\u00e0ng","og_url":"https:\/\/kawasan.vn\/en\/product\/nut-nhan-goi-phuc-vu-mn02\/","og_site_name":"Kawasan","article_modified_time":"2025-12-16T06:52:24+00:00","og_image":[{"width":600,"height":600,"url":"https:\/\/kawasan.vn\/wp-content\/uploads\/2023\/11\/nut-nhan-goi-phuc-vu-MN02-600x600-1.jpg","type":"image\/jpeg"}],"twitter_card":"summary_large_image","twitter_misc":{"Est. reading time":"4 minutes"},"schema":{"@context":"https:\/\/schema.org","@graph":[{"@type":"WebPage","@id":"https:\/\/kawasan.vn\/san-pham\/nut-nhan-goi-phuc-vu-mn02\/","url":"https:\/\/kawasan.vn\/san-pham\/nut-nhan-goi-phuc-vu-mn02\/","name":"N\u00fat Nh\u1ea5n G\u1ecdi Ph\u1ee5c V\u1ee5 MN02 - Kawasan","isPartOf":{"@id":"https:\/\/kawasan.vn\/#website"},"primaryImageOfPage":{"@id":"https:\/\/kawasan.vn\/san-pham\/nut-nhan-goi-phuc-vu-mn02\/#primaryimage"},"image":{"@id":"https:\/\/kawasan.vn\/san-pham\/nut-nhan-goi-phuc-vu-mn02\/#primaryimage"},"thumbnailUrl":"https:\/\/kawasan.vn\/wp-content\/uploads\/2023\/11\/nut-nhan-goi-phuc-vu-MN02-600x600-1.jpg","datePublished":"2023-11-17T02:55:46+00:00","dateModified":"2025-12-16T06:52:24+00:00","description":"N\u00fat nh\u1ea5n g\u1ecdi ph\u1ee5c v\u1ee5, \u1ee9ng d\u1ee5ng nhi\u1ec1u cho c\u00e1c c\u01a1 s\u1edf d\u1ecbch v\u1ee5, nh\u00e0 h\u00e0ng, spa, qu\u00e1n c\u00e0 ph\u00ea, kh\u00e1ch s\u1ea1n, karaoke, b\u1ec7nh vi\u1ec7n... Mang tr\u1ea3i nghi\u1ec7m t\u1ed1t cho kh\u00e1ch h\u00e0ng","breadcrumb":{"@id":"https:\/\/kawasan.vn\/san-pham\/nut-nhan-goi-phuc-vu-mn02\/#breadcrumb"},"inLanguage":"en-US","potentialAction":[{"@type":"ReadAction","target":["https:\/\/kawasan.vn\/san-pham\/nut-nhan-goi-phuc-vu-mn02\/"]}]},{"@type":"ImageObject","inLanguage":"en-US","@id":"https:\/\/kawasan.vn\/san-pham\/nut-nhan-goi-phuc-vu-mn02\/#primaryimage","url":"https:\/\/kawasan.vn\/wp-content\/uploads\/2023\/11\/nut-nhan-goi-phuc-vu-MN02-600x600-1.jpg","contentUrl":"https:\/\/kawasan.vn\/wp-content\/uploads\/2023\/11\/nut-nhan-goi-phuc-vu-MN02-600x600-1.jpg","width":600,"height":600},{"@type":"BreadcrumbList","@id":"https:\/\/kawasan.vn\/san-pham\/nut-nhan-goi-phuc-vu-mn02\/#breadcrumb","itemListElement":[{"@type":"ListItem","position":1,"name":"Trang ch\u1ee7","item":"https:\/\/kawasan.vn\/"},{"@type":"ListItem","position":2,"name":"S\u1ea3n ph\u1ea9m","item":"https:\/\/kawasan.vn\/san-pham\/"},{"@type":"ListItem","position":3,"name":"N\u00fat Nh\u1ea5n G\u1ecdi Ph\u1ee5c V\u1ee5 MN02"}]},{"@type":"WebSite","@id":"https:\/\/kawasan.vn\/#website","url":"https:\/\/kawasan.vn\/","name":"Kawasan","description":"","potentialAction":[{"@type":"SearchAction","target":{"@type":"EntryPoint","urlTemplate":"https:\/\/kawasan.vn\/?s={search_term_string}"},"query-input":{"@type":"PropertyValueSpecification","valueRequired":true,"valueName":"search_term_string"}}],"inLanguage":"en-US"}]}},"_links":{"self":[{"href":"https:\/\/kawasan.vn\/en\/wp-json\/wp\/v2\/product\/6417","targetHints":{"allow":["GET"]}}],"collection":[{"href":"https:\/\/kawasan.vn\/en\/wp-json\/wp\/v2\/product"}],"about":[{"href":"https:\/\/kawasan.vn\/en\/wp-json\/wp\/v2\/types\/product"}],"replies":[{"embeddable":true,"href":"https:\/\/kawasan.vn\/en\/wp-json\/wp\/v2\/comments?post=6417"}],"version-history":[{"count":3,"href":"https:\/\/kawasan.vn\/en\/wp-json\/wp\/v2\/product\/6417\/revisions"}],"predecessor-version":[{"id":20208,"href":"https:\/\/kawasan.vn\/en\/wp-json\/wp\/v2\/product\/6417\/revisions\/20208"}],"wp:featuredmedia":[{"embeddable":true,"href":"https:\/\/kawasan.vn\/en\/wp-json\/wp\/v2\/media\/16777"}],"wp:attachment":[{"href":"https:\/\/kawasan.vn\/en\/wp-json\/wp\/v2\/media?parent=6417"}],"wp:term":[{"taxonomy":"product_cat","embeddable":true,"href":"https:\/\/kawasan.vn\/en\/wp-json\/wp\/v2\/product_cat?post=6417"},{"taxonomy":"product_tag","embeddable":true,"href":"https:\/\/kawasan.vn\/en\/wp-json\/wp\/v2\/product_tag?post=6417"}],"curies":[{"name":"wp","href":"https:\/\/api.w.org\/{rel}","templated":true}]}}