{"id":6411,"date":"2023-11-17T02:55:29","date_gmt":"2023-11-17T02:55:29","guid":{"rendered":"https:\/\/kawasan.123websitedev.com\/product\/nut-nhan-goi-phuc-vu-eb03\/"},"modified":"2025-02-06T15:51:32","modified_gmt":"2025-02-06T08:51:32","slug":"nut-nhan-goi-phuc-vu-eb03","status":"publish","type":"product","link":"https:\/\/kawasan.vn\/en\/product\/nut-nhan-goi-phuc-vu-eb03\/","title":{"rendered":"EB03 Service Call Button"},"content":{"rendered":"<ul>\n<li><a href=\"https:\/\/kawasan.vn\/en\/product-category\/thiet-bi-goi-phuc-vu\/\">N\u00fat nh\u1ea5n g\u1ecdi ph\u1ee5c v\u1ee5<\/a> EB03 c\u00f3 1 ch\u1ee9c n\u0103ng , s\u1eed d\u1ee5ng cho m\u1ee5c \u0111\u00edch <a href=\"https:\/\/thegioidienthongminh.com\/danh-muc\/chuong-cua-chuong-bao-khach\/he-thong-bao-goi-phuc-vu\/\">nh\u1ea5n g\u1ecdi kh\u1ea9n c\u1ea5p<\/a><\/li>\n<\/ul>\n<p><img loading=\"lazy\" decoding=\"async\" class=\"aligncenter wp-image-16813\" src=\"https:\/\/kawasan.vn\/wp-content\/uploads\/2023\/11\/nut-nhan-EB03_Kawasan.jpg\" alt=\"\" width=\"600\" height=\"1003\" \/><\/p>\n<p><img loading=\"lazy\" decoding=\"async\" class=\"aligncenter wp-image-16816\" src=\"https:\/\/kawasan.vn\/wp-content\/uploads\/2023\/11\/nut-nhan-EB03_Kawasan-3.jpg\" alt=\"\" width=\"600\" height=\"358\" \/><\/p>\n<p><img loading=\"lazy\" decoding=\"async\" class=\"aligncenter wp-image-16815\" src=\"https:\/\/kawasan.vn\/wp-content\/uploads\/2023\/11\/nut-nhan-EB03_Kawasan-2.jpg\" alt=\"\" width=\"600\" height=\"631\" \/><\/p>\n<p><img loading=\"lazy\" decoding=\"async\" class=\"aligncenter wp-image-16814\" src=\"https:\/\/kawasan.vn\/wp-content\/uploads\/2023\/11\/nut-nhan-EB03_Kawasan-1.jpg\" alt=\"\" width=\"600\" height=\"501\" \/><\/p>\n<h3>H\u1ec6 TH\u1ed0NG B\u00c1O G\u1eccI PH\u1ee4C V\u1ee4 L\u00c0 G\u00cc?<\/h3>\n<p>H\u1ec7 th\u1ed1ng b\u00e1o g\u1ecdi ph\u1ee5c v\u1ee5 ho\u1eb7c g\u1ecdi nh\u00e2n vi\u00ean, l\u00e0 gi\u1ea3i ph\u00e1p gi\u00fap kh\u00e1ch h\u00e0ng c\u00f3 th\u1ec3 g\u1ecdi nh\u00e2n vi\u00ean ph\u1ee5c v\u1ee5 m\u1ed9t c\u00e1ch d\u1ec5 d\u00e0ng. Ki\u1ec3u h\u1ec7 th\u1ed1ng n\u00e0y \u0111\u00e3 c\u00f3 t\u1eeb l\u00e2u v\u00e0 \u0111a d\u1ea1ng v\u1edbi nhi\u1ec1u h\u00ecnh th\u1ee9c. C\u00f3 lo\u1ea1i chu\u00f4ng g\u1ecdi k\u00eau t\u1ea1i ch\u1ed7, chu\u00f4ng \u0111i\u1ec7n c\u00f3 d\u00e2y, chu\u00f4ng kh\u00f4ng d\u00e2y. Hi\u1ec7n \u0111\u1ea1i h\u01a1n l\u00e0 h\u1ec7 th\u1ed1ng chu\u00f4ng g\u1ecdi ph\u1ee5c v\u1ee5 kh\u00f4ng d\u00e2y.<\/p>\n<p>Thi\u1ebft b\u1ecb g\u1ecdi ph\u1ee5c v\u1ee5 bao g\u1ed3m: N\u00fat nh\u1ea5n g\u1ecdi ph\u1ee5c v\u1ee5 EB03 (\u0111\u01b0\u1ee3c c\u00e0i \u1edf b\u00e0n, ph\u00f2ng). V\u00e0 m\u00e0n h\u00ecnh hi\u1ec3n th\u1ecb (treo t\u1ea1i qu\u1ea7y qu\u1ea3n l\u00fd). Khi kh\u00e1ch \u1edf s\u1ed1 b\u00e0n n\u00e0o nh\u1ea5n n\u00fat, th\u00ec s\u1ed1 b\u00e0n \u0111\u00e3 c\u00e0i \u0111\u1eb7t tr\u01b0\u1edbc \u0111\u00f3 s\u1ebd hi\u1ec3n th\u1ecb tr\u00ean m\u00e0n h\u00ecnh. B\u00e1o cho nh\u00e2n vi\u00ean bi\u1ebft v\u00e0 \u0111\u1ebfn h\u1ed7 tr\u1ee3 kh\u00e1ch h\u00e0ng.<\/p>\n<p>Ch\u00fang t\u00f4i c\u00f3 m\u1ea1ng l\u01b0\u1edbi chi nh\u00e1nh v\u0103n ph\u00f2ng t\u1ea1i c\u00e1c th\u00e0nh ph\u1ed1 l\u1edbn tr\u00ean l\u00e3nh th\u1ed5\u00a0Vi\u1ec7t Nam\u00a0g\u1ed3m:<\/p>\n<ol>\n<li><b>Tr\u1ee5 s\u1edf ch\u00ednh:<\/b>\u00a0<i>S\u1ed1 23-25\u00a0\u0110\u01b0\u1eddng S\u1ed1 7, Khu Nh\u00e0 \u1edf V\u1ea1n Ph\u00fac, KP5, Ph\u01b0\u1eddng Hi\u1ec7p B\u00ecnh Ph\u01b0\u1edbc,\u00a0Th\u00e0nh ph\u1ed1\u00a0Th\u1ee7 \u0110\u1ee9c,\u00a0Th\u00e0nh ph\u1ed1\u00a0H\u1ed3 Ch\u00ed Minh.<\/i><\/li>\n<li><b>Chi Nh\u00e1nh\u00a0H\u00e0 N\u1ed9i:<\/b>\u00a0<i>26 \u0110\u01b0\u1eddng L\u00e1ng, T\u1ea7ng 1, Ph\u00f2ng 168,\u00a0Ph\u01b0\u1eddng\u00a0Ng\u00e3 T\u01b0 S\u1edf,\u00a0Qu\u1eadn\u00a0\u0110\u1ed1ng \u0110a,\u00a0Th\u00e0nh ph\u1ed1\u00a0H\u00e0 N\u1ed9i.<\/i><\/li>\n<li><b>V\u0103n Ph\u00f2ng \u0110\u1ea1i Di\u1ec7n t\u1ea1i \u0110\u00e0 N\u1eb5ng:<\/b>\u00a0<i>S\u1ed1 03, \u0110\u01b0\u1eddng 30\/4 (2F),\u00a0Qu\u1eadn\u00a0H\u1ea3i Ch\u00e2u,\u00a0Th\u00e0nh ph\u1ed1\u00a0\u0110\u00e0 N\u1eb5ng.<\/i><\/li>\n<\/ol>","protected":false},"excerpt":{"rendered":"<p>Nh\u00e0 s\u1ea3n xu\u1ea5t: KawasanM\u00e3 s\u1ea3n ph\u1ea9m: EB03T\u00ecnh tr\u1ea1ng:C\u00f2n h\u00e0ng<\/p>","protected":false},"featured_media":16813,"comment_status":"open","ping_status":"closed","template":"","meta":{"_yoast_wpseo_focuskw":"N\u00fat Nh\u1ea5n G\u1ecdi Ph\u1ee5c V\u1ee5 EB03","_yoast_wpseo_metadesc":"N\u00fat Nh\u1ea5n G\u1ecdi Ph\u1ee5c V\u1ee5 EB03, thi\u1ebft k\u1ebf g\u1ecdn g\u00e0ng, c\u00f3 th\u1ec3 t\u00edch h\u1ee3p v\u1edbi c\u00e1c s\u1ea3n ph\u1ea9m \u0111\u1ea7u thu kh\u00e1c c\u1ee7a Kawasan, \u0111a d\u1ea1ng m\u1eabu m\u00e3 ph\u00f9 h\u1ee3p.","_yoast_wpseo_focuskeywords":"","_yoast_wpseo_keyword_synonyms":""},"product_cat":[62],"product_tag":[1349,1351,868,1350],"class_list":["post-6411","product","type-product","status-publish","has-post-thumbnail","hentry","product_cat-thiet-bi-goi-phuc-vu","product_tag-nut-nhan-bao-khach","product_tag-nut-nhan-chinh-hang","product_tag-nut-nhan-goi-phuc-vu","product_tag-nut-nhan-kawasan"],"acf":[],"yoast_head":"<!-- This site is optimized with the Yoast SEO Premium plugin v24.9 (Yoast SEO v24.9) - https:\/\/yoast.com\/wordpress\/plugins\/seo\/ -->\n<title>N\u00fat Nh\u1ea5n G\u1ecdi Ph\u1ee5c V\u1ee5 EB03 - Kawasan<\/title>\n<meta name=\"description\" content=\"N\u00fat Nh\u1ea5n G\u1ecdi Ph\u1ee5c V\u1ee5 EB03, thi\u1ebft k\u1ebf g\u1ecdn g\u00e0ng, c\u00f3 th\u1ec3 t\u00edch h\u1ee3p v\u1edbi c\u00e1c s\u1ea3n ph\u1ea9m \u0111\u1ea7u thu kh\u00e1c c\u1ee7a Kawasan, \u0111a d\u1ea1ng m\u1eabu m\u00e3 ph\u00f9 h\u1ee3p.\" \/>\n<meta name=\"robots\" content=\"index, follow, max-snippet:-1, max-image-preview:large, max-video-preview:-1\" \/>\n<link rel=\"canonical\" href=\"https:\/\/kawasan.vn\/en\/product\/nut-nhan-goi-phuc-vu-eb03\/\" \/>\n<meta property=\"og:locale\" content=\"en_US\" \/>\n<meta property=\"og:type\" content=\"article\" \/>\n<meta property=\"og:title\" content=\"N\u00fat Nh\u1ea5n G\u1ecdi Ph\u1ee5c V\u1ee5 EB03\" \/>\n<meta property=\"og:description\" content=\"N\u00fat Nh\u1ea5n G\u1ecdi Ph\u1ee5c V\u1ee5 EB03, thi\u1ebft k\u1ebf g\u1ecdn g\u00e0ng, c\u00f3 th\u1ec3 t\u00edch h\u1ee3p v\u1edbi c\u00e1c s\u1ea3n ph\u1ea9m \u0111\u1ea7u thu kh\u00e1c c\u1ee7a Kawasan, \u0111a d\u1ea1ng m\u1eabu m\u00e3 ph\u00f9 h\u1ee3p.\" \/>\n<meta property=\"og:url\" content=\"https:\/\/kawasan.vn\/en\/product\/nut-nhan-goi-phuc-vu-eb03\/\" \/>\n<meta property=\"og:site_name\" content=\"Kawasan\" \/>\n<meta property=\"article:modified_time\" content=\"2025-02-06T08:51:32+00:00\" \/>\n<meta property=\"og:image\" content=\"https:\/\/kawasan.vn\/wp-content\/uploads\/2023\/11\/nut-nhan-EB03_Kawasan.jpg\" \/>\n\t<meta property=\"og:image:width\" content=\"744\" \/>\n\t<meta property=\"og:image:height\" content=\"1244\" \/>\n\t<meta property=\"og:image:type\" content=\"image\/jpeg\" \/>\n<meta name=\"twitter:card\" content=\"summary_large_image\" \/>\n<meta name=\"twitter:label1\" content=\"Est. reading time\" \/>\n\t<meta name=\"twitter:data1\" content=\"3 minutes\" \/>\n<script type=\"application\/ld+json\" class=\"yoast-schema-graph\">{\"@context\":\"https:\/\/schema.org\",\"@graph\":[{\"@type\":\"WebPage\",\"@id\":\"https:\/\/kawasan.vn\/san-pham\/nut-nhan-goi-phuc-vu-eb03\/\",\"url\":\"https:\/\/kawasan.vn\/san-pham\/nut-nhan-goi-phuc-vu-eb03\/\",\"name\":\"N\u00fat Nh\u1ea5n G\u1ecdi Ph\u1ee5c V\u1ee5 EB03 - Kawasan\",\"isPartOf\":{\"@id\":\"https:\/\/kawasan.vn\/#website\"},\"primaryImageOfPage\":{\"@id\":\"https:\/\/kawasan.vn\/san-pham\/nut-nhan-goi-phuc-vu-eb03\/#primaryimage\"},\"image\":{\"@id\":\"https:\/\/kawasan.vn\/san-pham\/nut-nhan-goi-phuc-vu-eb03\/#primaryimage\"},\"thumbnailUrl\":\"https:\/\/kawasan.vn\/wp-content\/uploads\/2023\/11\/nut-nhan-EB03_Kawasan.jpg\",\"datePublished\":\"2023-11-17T02:55:29+00:00\",\"dateModified\":\"2025-02-06T08:51:32+00:00\",\"description\":\"N\u00fat Nh\u1ea5n G\u1ecdi Ph\u1ee5c V\u1ee5 EB03, thi\u1ebft k\u1ebf g\u1ecdn g\u00e0ng, c\u00f3 th\u1ec3 t\u00edch h\u1ee3p v\u1edbi c\u00e1c s\u1ea3n ph\u1ea9m \u0111\u1ea7u thu kh\u00e1c c\u1ee7a Kawasan, \u0111a d\u1ea1ng m\u1eabu m\u00e3 ph\u00f9 h\u1ee3p.\",\"breadcrumb\":{\"@id\":\"https:\/\/kawasan.vn\/san-pham\/nut-nhan-goi-phuc-vu-eb03\/#breadcrumb\"},\"inLanguage\":\"en-US\",\"potentialAction\":[{\"@type\":\"ReadAction\",\"target\":[\"https:\/\/kawasan.vn\/san-pham\/nut-nhan-goi-phuc-vu-eb03\/\"]}]},{\"@type\":\"ImageObject\",\"inLanguage\":\"en-US\",\"@id\":\"https:\/\/kawasan.vn\/san-pham\/nut-nhan-goi-phuc-vu-eb03\/#primaryimage\",\"url\":\"https:\/\/kawasan.vn\/wp-content\/uploads\/2023\/11\/nut-nhan-EB03_Kawasan.jpg\",\"contentUrl\":\"https:\/\/kawasan.vn\/wp-content\/uploads\/2023\/11\/nut-nhan-EB03_Kawasan.jpg\",\"width\":744,\"height\":1244},{\"@type\":\"BreadcrumbList\",\"@id\":\"https:\/\/kawasan.vn\/san-pham\/nut-nhan-goi-phuc-vu-eb03\/#breadcrumb\",\"itemListElement\":[{\"@type\":\"ListItem\",\"position\":1,\"name\":\"Trang ch\u1ee7\",\"item\":\"https:\/\/kawasan.vn\/\"},{\"@type\":\"ListItem\",\"position\":2,\"name\":\"S\u1ea3n ph\u1ea9m\",\"item\":\"https:\/\/kawasan.vn\/san-pham\/\"},{\"@type\":\"ListItem\",\"position\":3,\"name\":\"N\u00fat Nh\u1ea5n G\u1ecdi Ph\u1ee5c V\u1ee5 EB03\"}]},{\"@type\":\"WebSite\",\"@id\":\"https:\/\/kawasan.vn\/#website\",\"url\":\"https:\/\/kawasan.vn\/\",\"name\":\"Kawasan\",\"description\":\"\",\"potentialAction\":[{\"@type\":\"SearchAction\",\"target\":{\"@type\":\"EntryPoint\",\"urlTemplate\":\"https:\/\/kawasan.vn\/?s={search_term_string}\"},\"query-input\":{\"@type\":\"PropertyValueSpecification\",\"valueRequired\":true,\"valueName\":\"search_term_string\"}}],\"inLanguage\":\"en-US\"}]}<\/script>\n<!-- \/ Yoast SEO Premium plugin. -->","yoast_head_json":{"title":"N\u00fat Nh\u1ea5n G\u1ecdi Ph\u1ee5c V\u1ee5 EB03 - Kawasan","description":"N\u00fat Nh\u1ea5n G\u1ecdi Ph\u1ee5c V\u1ee5 EB03, thi\u1ebft k\u1ebf g\u1ecdn g\u00e0ng, c\u00f3 th\u1ec3 t\u00edch h\u1ee3p v\u1edbi c\u00e1c s\u1ea3n ph\u1ea9m \u0111\u1ea7u thu kh\u00e1c c\u1ee7a Kawasan, \u0111a d\u1ea1ng m\u1eabu m\u00e3 ph\u00f9 h\u1ee3p.","robots":{"index":"index","follow":"follow","max-snippet":"max-snippet:-1","max-image-preview":"max-image-preview:large","max-video-preview":"max-video-preview:-1"},"canonical":"https:\/\/kawasan.vn\/en\/product\/nut-nhan-goi-phuc-vu-eb03\/","og_locale":"en_US","og_type":"article","og_title":"N\u00fat Nh\u1ea5n G\u1ecdi Ph\u1ee5c V\u1ee5 EB03","og_description":"N\u00fat Nh\u1ea5n G\u1ecdi Ph\u1ee5c V\u1ee5 EB03, thi\u1ebft k\u1ebf g\u1ecdn g\u00e0ng, c\u00f3 th\u1ec3 t\u00edch h\u1ee3p v\u1edbi c\u00e1c s\u1ea3n ph\u1ea9m \u0111\u1ea7u thu kh\u00e1c c\u1ee7a Kawasan, \u0111a d\u1ea1ng m\u1eabu m\u00e3 ph\u00f9 h\u1ee3p.","og_url":"https:\/\/kawasan.vn\/en\/product\/nut-nhan-goi-phuc-vu-eb03\/","og_site_name":"Kawasan","article_modified_time":"2025-02-06T08:51:32+00:00","og_image":[{"width":744,"height":1244,"url":"https:\/\/kawasan.vn\/wp-content\/uploads\/2023\/11\/nut-nhan-EB03_Kawasan.jpg","type":"image\/jpeg"}],"twitter_card":"summary_large_image","twitter_misc":{"Est. reading time":"3 minutes"},"schema":{"@context":"https:\/\/schema.org","@graph":[{"@type":"WebPage","@id":"https:\/\/kawasan.vn\/san-pham\/nut-nhan-goi-phuc-vu-eb03\/","url":"https:\/\/kawasan.vn\/san-pham\/nut-nhan-goi-phuc-vu-eb03\/","name":"N\u00fat Nh\u1ea5n G\u1ecdi Ph\u1ee5c V\u1ee5 EB03 - Kawasan","isPartOf":{"@id":"https:\/\/kawasan.vn\/#website"},"primaryImageOfPage":{"@id":"https:\/\/kawasan.vn\/san-pham\/nut-nhan-goi-phuc-vu-eb03\/#primaryimage"},"image":{"@id":"https:\/\/kawasan.vn\/san-pham\/nut-nhan-goi-phuc-vu-eb03\/#primaryimage"},"thumbnailUrl":"https:\/\/kawasan.vn\/wp-content\/uploads\/2023\/11\/nut-nhan-EB03_Kawasan.jpg","datePublished":"2023-11-17T02:55:29+00:00","dateModified":"2025-02-06T08:51:32+00:00","description":"N\u00fat Nh\u1ea5n G\u1ecdi Ph\u1ee5c V\u1ee5 EB03, thi\u1ebft k\u1ebf g\u1ecdn g\u00e0ng, c\u00f3 th\u1ec3 t\u00edch h\u1ee3p v\u1edbi c\u00e1c s\u1ea3n ph\u1ea9m \u0111\u1ea7u thu kh\u00e1c c\u1ee7a Kawasan, \u0111a d\u1ea1ng m\u1eabu m\u00e3 ph\u00f9 h\u1ee3p.","breadcrumb":{"@id":"https:\/\/kawasan.vn\/san-pham\/nut-nhan-goi-phuc-vu-eb03\/#breadcrumb"},"inLanguage":"en-US","potentialAction":[{"@type":"ReadAction","target":["https:\/\/kawasan.vn\/san-pham\/nut-nhan-goi-phuc-vu-eb03\/"]}]},{"@type":"ImageObject","inLanguage":"en-US","@id":"https:\/\/kawasan.vn\/san-pham\/nut-nhan-goi-phuc-vu-eb03\/#primaryimage","url":"https:\/\/kawasan.vn\/wp-content\/uploads\/2023\/11\/nut-nhan-EB03_Kawasan.jpg","contentUrl":"https:\/\/kawasan.vn\/wp-content\/uploads\/2023\/11\/nut-nhan-EB03_Kawasan.jpg","width":744,"height":1244},{"@type":"BreadcrumbList","@id":"https:\/\/kawasan.vn\/san-pham\/nut-nhan-goi-phuc-vu-eb03\/#breadcrumb","itemListElement":[{"@type":"ListItem","position":1,"name":"Trang ch\u1ee7","item":"https:\/\/kawasan.vn\/"},{"@type":"ListItem","position":2,"name":"S\u1ea3n ph\u1ea9m","item":"https:\/\/kawasan.vn\/san-pham\/"},{"@type":"ListItem","position":3,"name":"N\u00fat Nh\u1ea5n G\u1ecdi Ph\u1ee5c V\u1ee5 EB03"}]},{"@type":"WebSite","@id":"https:\/\/kawasan.vn\/#website","url":"https:\/\/kawasan.vn\/","name":"Kawasan","description":"","potentialAction":[{"@type":"SearchAction","target":{"@type":"EntryPoint","urlTemplate":"https:\/\/kawasan.vn\/?s={search_term_string}"},"query-input":{"@type":"PropertyValueSpecification","valueRequired":true,"valueName":"search_term_string"}}],"inLanguage":"en-US"}]}},"_links":{"self":[{"href":"https:\/\/kawasan.vn\/en\/wp-json\/wp\/v2\/product\/6411","targetHints":{"allow":["GET"]}}],"collection":[{"href":"https:\/\/kawasan.vn\/en\/wp-json\/wp\/v2\/product"}],"about":[{"href":"https:\/\/kawasan.vn\/en\/wp-json\/wp\/v2\/types\/product"}],"replies":[{"embeddable":true,"href":"https:\/\/kawasan.vn\/en\/wp-json\/wp\/v2\/comments?post=6411"}],"version-history":[{"count":3,"href":"https:\/\/kawasan.vn\/en\/wp-json\/wp\/v2\/product\/6411\/revisions"}],"predecessor-version":[{"id":20052,"href":"https:\/\/kawasan.vn\/en\/wp-json\/wp\/v2\/product\/6411\/revisions\/20052"}],"wp:featuredmedia":[{"embeddable":true,"href":"https:\/\/kawasan.vn\/en\/wp-json\/wp\/v2\/media\/16813"}],"wp:attachment":[{"href":"https:\/\/kawasan.vn\/en\/wp-json\/wp\/v2\/media?parent=6411"}],"wp:term":[{"taxonomy":"product_cat","embeddable":true,"href":"https:\/\/kawasan.vn\/en\/wp-json\/wp\/v2\/product_cat?post=6411"},{"taxonomy":"product_tag","embeddable":true,"href":"https:\/\/kawasan.vn\/en\/wp-json\/wp\/v2\/product_tag?post=6411"}],"curies":[{"name":"wp","href":"https:\/\/api.w.org\/{rel}","templated":true}]}}