{"id":6409,"date":"2023-11-17T02:55:23","date_gmt":"2023-11-17T02:55:23","guid":{"rendered":"https:\/\/kawasan.123websitedev.com\/product\/nut-nhan-goi-phuc-vu-eb01\/"},"modified":"2025-09-20T13:29:13","modified_gmt":"2025-09-20T06:29:13","slug":"nut-nhan-goi-phuc-vu-eb01","status":"publish","type":"product","link":"https:\/\/kawasan.vn\/en\/product\/nut-nhan-goi-phuc-vu-eb01\/","title":{"rendered":"EB01 Service Call Button"},"content":{"rendered":"<p>N\u00fat nh\u1ea5n <strong><a href=\"https:\/\/kawasan.vn\/en\/product-category\/thiet-bi-goi-phuc-vu\/\">g\u1ecdi ph\u1ee5c v\u1ee5<\/a><\/strong> EB01 c\u00f3 1 ch\u1ee9c n\u0103ng, h\u00ecnh ch\u1eef nh\u1eadt, m\u00e0u tr\u1eafng. S\u1eed d\u1ee5ng cho m\u1ee5c \u0111\u00edch nh\u1ea5n <strong><a href=\"https:\/\/thegioidienthongminh.com\/danh-muc\/chuong-cua-chuong-bao-khach\/he-thong-bao-goi-phuc-vu\/\">g\u1ecdi khi c\u1ea7n ph\u1ee5c v\u1ee5<\/a><\/strong>. Ngo\u00e0i ra c\u00f3 th\u1ec3 t\u00edch h\u1ee3p v\u1edbi c\u00e1c thi\u1ebft b\u1ecb kh\u00e1c c\u1ee7a Kawasan. D\u00f9ng l\u00e0m n\u00fat b\u1ea5m chu\u00f4ng c\u1eeda, chu\u00f4ng c\u1ea3nh b\u00e1o, c\u00e1c d\u00f2ng s\u1ea3n ph\u1ea9m c\u00f3 li\u00ean quan kh\u00e1c.<\/p>\n<p><img loading=\"lazy\" decoding=\"async\" class=\"aligncenter wp-image-16824\" src=\"https:\/\/kawasan.vn\/wp-content\/uploads\/2023\/11\/nut-nhan-goi-phuc-vu-EB01-4.jpg\" alt=\"\" width=\"600\" height=\"440\" srcset=\"https:\/\/kawasan.vn\/wp-content\/uploads\/2023\/11\/nut-nhan-goi-phuc-vu-EB01-4.jpg 524w, https:\/\/kawasan.vn\/wp-content\/uploads\/2023\/11\/nut-nhan-goi-phuc-vu-EB01-4-400x293.jpg 400w\" sizes=\"auto, (max-width: 600px) 100vw, 600px\" \/> <img loading=\"lazy\" decoding=\"async\" class=\"aligncenter wp-image-16823\" src=\"https:\/\/kawasan.vn\/wp-content\/uploads\/2023\/11\/nut-nhan-goi-phuc-vu-EB01-3.jpg\" alt=\"\" width=\"600\" height=\"416\" srcset=\"https:\/\/kawasan.vn\/wp-content\/uploads\/2023\/11\/nut-nhan-goi-phuc-vu-EB01-3.jpg 554w, https:\/\/kawasan.vn\/wp-content\/uploads\/2023\/11\/nut-nhan-goi-phuc-vu-EB01-3-400x277.jpg 400w\" sizes=\"auto, (max-width: 600px) 100vw, 600px\" \/> <img loading=\"lazy\" decoding=\"async\" class=\"aligncenter wp-image-16822\" src=\"https:\/\/kawasan.vn\/wp-content\/uploads\/2023\/11\/nut-nhan-goi-phuc-vu-EB01-2.jpg\" alt=\"\" width=\"600\" height=\"450\" srcset=\"https:\/\/kawasan.vn\/wp-content\/uploads\/2023\/11\/nut-nhan-goi-phuc-vu-EB01-2.jpg 492w, https:\/\/kawasan.vn\/wp-content\/uploads\/2023\/11\/nut-nhan-goi-phuc-vu-EB01-2-463x348.jpg 463w, https:\/\/kawasan.vn\/wp-content\/uploads\/2023\/11\/nut-nhan-goi-phuc-vu-EB01-2-400x300.jpg 400w\" sizes=\"auto, (max-width: 600px) 100vw, 600px\" \/> <img loading=\"lazy\" decoding=\"async\" class=\"aligncenter wp-image-16821\" src=\"https:\/\/kawasan.vn\/wp-content\/uploads\/2023\/11\/nut-nhan-goi-phuc-vu-EB01-1.jpg\" alt=\"\" width=\"600\" height=\"425\" srcset=\"https:\/\/kawasan.vn\/wp-content\/uploads\/2023\/11\/nut-nhan-goi-phuc-vu-EB01-1.jpg 571w, https:\/\/kawasan.vn\/wp-content\/uploads\/2023\/11\/nut-nhan-goi-phuc-vu-EB01-1-400x283.jpg 400w\" sizes=\"auto, (max-width: 600px) 100vw, 600px\" \/> <img loading=\"lazy\" decoding=\"async\" class=\"aligncenter wp-image-16826\" src=\"https:\/\/kawasan.vn\/wp-content\/uploads\/2023\/11\/nut-nhan-goi-phuc-vu-EB01-he-thong-goi-y-ta-phuc-vu-cho-benh-vien.jpg\" alt=\"\" width=\"600\" height=\"446\" srcset=\"https:\/\/kawasan.vn\/wp-content\/uploads\/2023\/11\/nut-nhan-goi-phuc-vu-EB01-he-thong-goi-y-ta-phuc-vu-cho-benh-vien.jpg 500w, https:\/\/kawasan.vn\/wp-content\/uploads\/2023\/11\/nut-nhan-goi-phuc-vu-EB01-he-thong-goi-y-ta-phuc-vu-cho-benh-vien-400x298.jpg 400w\" sizes=\"auto, (max-width: 600px) 100vw, 600px\" \/><\/p>\n<p><strong>Th\u00e0nh l\u1eadp n\u0103m 2007 v\u00e0 t\u1eadp trung v\u00e0o l\u0129nh v\u1ef1c thi\u1ebft b\u1ecb \u0111i\u1ec7n t\u1ef1 \u0111\u1ed9ng, an to\u00e0n v\u00e0 ti\u1ebft ki\u1ec7m \u0111i\u1ec7n cho gia \u0111\u00ecnh, v\u0103n ph\u00f2ng, nh\u00e0 m\u00e1y\u2026<\/strong><\/p>\n<p>Brand <strong>KAWA<\/strong><strong>SAN<\/strong>\u00a0is a trademark of\u00a0<strong>C\u00d4NG TY C\u1ed4 PH\u1ea6N SX-TM-DV TH\u1ebe B\u1ea2O.<\/strong> \u0110\u00e3 \u0111\u01b0\u1ee3c \u0111\u0103ng k\u00fd b\u1ea3o h\u1ed9 \u0111\u1ed9c quy\u1ec1n t\u1ea1i c\u1ee5c s\u1edf h\u1eefu tr\u00ed tu\u1ec7.<\/p>\n<p>C\u00f3 h\u1ec7 th\u1ed1ng nh\u00e0 ph\u00e2n ph\u1ed1i, \u0111\u1ea1i l\u00fd b\u00e1n h\u00e0ng. B\u1ea3o h\u00e0nh r\u1ed9ng kh\u1eafp tr\u00ean h\u1ea7u h\u1ebft c\u00e1c t\u1ec9nh th\u00e0nh tr\u00ean to\u00e0n qu\u1ed1c. \u0110\u00e3 v\u00e0 \u0111ang \u0111\u01b0\u1ee3c x\u00e2y d\u1ef1ng v\u00e0 c\u1ee7ng c\u1ed1 ng\u00e0y c\u00e0ng l\u1edbn m\u1ea1nh, t\u1ea1o \u0111\u01b0\u1ee3c ni\u1ec1m tin c\u1ee7a kh\u00e1ch h\u00e0ng l\u00e0 \u0111\u1ea1i l\u00fd v\u00e0 ng\u01b0\u1eddi ti\u00eau d\u00f9ng.<\/p>\n<p>C\u00e1c s\u1ea3n ph\u1ea9m ch\u00fang t\u00f4i \u0111\u01b0a ra th\u1ecb tr\u01b0\u1eddng. D\u1ef1a tr\u00ean s\u1ef1 nghi\u00ean c\u1ee9u v\u00e0 t\u00ecm t\u00f2i nh\u1eefng t\u00ednh n\u0103ng m\u1edbi. Th\u00f4ng minh h\u01a1n gi\u00fap kh\u00e1ch h\u00e0ng h\u00e0i l\u00f2ng trong qu\u00e1 tr\u00ecnh s\u1eed d\u1ee5ng.<\/p>\n<p>Our development goal is\u00a0<strong>\u201cMANG \u0110\u1ebeN CHO KH\u00c1CH H\u00c0NG S\u1ea2N PH\u1ea8M \u01afU VI\u1ec6T, CH\u1ea4T L\u01af\u1ee2NG \u0110\u1ea2M B\u1ea2O V\u00c0 C\u00d3 D\u1ecaCH V\u1ee4 H\u1eacU M\u00c3I T\u1ed0T SAU B\u00c1N H\u00c0NG\u201d.<\/strong><\/p>","protected":false},"excerpt":{"rendered":"<p>Nh\u00e0 s\u1ea3n xu\u1ea5t: KawasanM\u00e3 s\u1ea3n ph\u1ea9m: EB01T\u00ecnh tr\u1ea1ng:C\u00f2n h\u00e0ng<\/p>","protected":false},"featured_media":28152,"comment_status":"open","ping_status":"closed","template":"","meta":{"_yoast_wpseo_focuskw":"N\u00fat Nh\u1ea5n G\u1ecdi Ph\u1ee5c V\u1ee5 EB01","_yoast_wpseo_metadesc":"N\u00fat nh\u1ea5n g\u1ecdi ph\u1ee5c v\u1ee5 EB01 c\u00f3 1 ch\u1ee9c n\u0103ng, h\u00ecnh ch\u1eef nh\u1eadt, m\u00e0u tr\u1eafng. S\u1eed d\u1ee5ng cho m\u1ee5c \u0111\u00edch nh\u1ea5n g\u1ecdi khi c\u1ea7n ph\u1ee5c v\u1ee5 cho nh\u00e0 h\u00e0ng.","_yoast_wpseo_focuskeywords":"","_yoast_wpseo_keyword_synonyms":""},"product_cat":[62],"product_tag":[1103,1032,1102,1035],"class_list":["post-6409","product","type-product","status-publish","has-post-thumbnail","hentry","product_cat-thiet-bi-goi-phuc-vu","product_tag-nut-bam-chuong-chinh-hang","product_tag-nut-bam-chuong-gia-re","product_tag-nut-bam-chuong-kawasan","product_tag-nut-bam-goi-phuc-vu"],"acf":[],"yoast_head":"<!-- This site is optimized with the Yoast SEO Premium plugin v24.9 (Yoast SEO v24.9) - https:\/\/yoast.com\/wordpress\/plugins\/seo\/ -->\n<title>N\u00fat Nh\u1ea5n G\u1ecdi Ph\u1ee5c V\u1ee5 EB01 - Kawasan<\/title>\n<meta name=\"description\" content=\"N\u00fat nh\u1ea5n g\u1ecdi ph\u1ee5c v\u1ee5 EB01 c\u00f3 1 ch\u1ee9c n\u0103ng, h\u00ecnh ch\u1eef nh\u1eadt, m\u00e0u tr\u1eafng. S\u1eed d\u1ee5ng cho m\u1ee5c \u0111\u00edch nh\u1ea5n g\u1ecdi khi c\u1ea7n ph\u1ee5c v\u1ee5 cho nh\u00e0 h\u00e0ng.\" \/>\n<meta name=\"robots\" content=\"index, follow, max-snippet:-1, max-image-preview:large, max-video-preview:-1\" \/>\n<link rel=\"canonical\" href=\"https:\/\/kawasan.vn\/en\/product\/nut-nhan-goi-phuc-vu-eb01\/\" \/>\n<meta property=\"og:locale\" content=\"en_US\" \/>\n<meta property=\"og:type\" content=\"article\" \/>\n<meta property=\"og:title\" content=\"N\u00fat Nh\u1ea5n G\u1ecdi Ph\u1ee5c V\u1ee5 EB01\" \/>\n<meta property=\"og:description\" content=\"N\u00fat nh\u1ea5n g\u1ecdi ph\u1ee5c v\u1ee5 EB01 c\u00f3 1 ch\u1ee9c n\u0103ng, h\u00ecnh ch\u1eef nh\u1eadt, m\u00e0u tr\u1eafng. S\u1eed d\u1ee5ng cho m\u1ee5c \u0111\u00edch nh\u1ea5n g\u1ecdi khi c\u1ea7n ph\u1ee5c v\u1ee5 cho nh\u00e0 h\u00e0ng.\" \/>\n<meta property=\"og:url\" content=\"https:\/\/kawasan.vn\/en\/product\/nut-nhan-goi-phuc-vu-eb01\/\" \/>\n<meta property=\"og:site_name\" content=\"Kawasan\" \/>\n<meta property=\"article:modified_time\" content=\"2025-09-20T06:29:13+00:00\" \/>\n<meta property=\"og:image\" content=\"https:\/\/kawasan.vn\/wp-content\/uploads\/2023\/11\/B-3.png\" \/>\n\t<meta property=\"og:image:width\" content=\"900\" \/>\n\t<meta property=\"og:image:height\" content=\"900\" \/>\n\t<meta property=\"og:image:type\" content=\"image\/png\" \/>\n<meta name=\"twitter:card\" content=\"summary_large_image\" \/>\n<meta name=\"twitter:label1\" content=\"Est. reading time\" \/>\n\t<meta name=\"twitter:data1\" content=\"3 minutes\" \/>\n<script type=\"application\/ld+json\" class=\"yoast-schema-graph\">{\"@context\":\"https:\/\/schema.org\",\"@graph\":[{\"@type\":\"WebPage\",\"@id\":\"https:\/\/kawasan.vn\/san-pham\/nut-nhan-goi-phuc-vu-eb01\/\",\"url\":\"https:\/\/kawasan.vn\/san-pham\/nut-nhan-goi-phuc-vu-eb01\/\",\"name\":\"N\u00fat Nh\u1ea5n G\u1ecdi Ph\u1ee5c V\u1ee5 EB01 - Kawasan\",\"isPartOf\":{\"@id\":\"https:\/\/kawasan.vn\/#website\"},\"primaryImageOfPage\":{\"@id\":\"https:\/\/kawasan.vn\/san-pham\/nut-nhan-goi-phuc-vu-eb01\/#primaryimage\"},\"image\":{\"@id\":\"https:\/\/kawasan.vn\/san-pham\/nut-nhan-goi-phuc-vu-eb01\/#primaryimage\"},\"thumbnailUrl\":\"https:\/\/kawasan.vn\/wp-content\/uploads\/2023\/11\/B-3.png\",\"datePublished\":\"2023-11-17T02:55:23+00:00\",\"dateModified\":\"2025-09-20T06:29:13+00:00\",\"description\":\"N\u00fat nh\u1ea5n g\u1ecdi ph\u1ee5c v\u1ee5 EB01 c\u00f3 1 ch\u1ee9c n\u0103ng, h\u00ecnh ch\u1eef nh\u1eadt, m\u00e0u tr\u1eafng. S\u1eed d\u1ee5ng cho m\u1ee5c \u0111\u00edch nh\u1ea5n g\u1ecdi khi c\u1ea7n ph\u1ee5c v\u1ee5 cho nh\u00e0 h\u00e0ng.\",\"breadcrumb\":{\"@id\":\"https:\/\/kawasan.vn\/san-pham\/nut-nhan-goi-phuc-vu-eb01\/#breadcrumb\"},\"inLanguage\":\"en-US\",\"potentialAction\":[{\"@type\":\"ReadAction\",\"target\":[\"https:\/\/kawasan.vn\/san-pham\/nut-nhan-goi-phuc-vu-eb01\/\"]}]},{\"@type\":\"ImageObject\",\"inLanguage\":\"en-US\",\"@id\":\"https:\/\/kawasan.vn\/san-pham\/nut-nhan-goi-phuc-vu-eb01\/#primaryimage\",\"url\":\"https:\/\/kawasan.vn\/wp-content\/uploads\/2023\/11\/B-3.png\",\"contentUrl\":\"https:\/\/kawasan.vn\/wp-content\/uploads\/2023\/11\/B-3.png\",\"width\":900,\"height\":900},{\"@type\":\"BreadcrumbList\",\"@id\":\"https:\/\/kawasan.vn\/san-pham\/nut-nhan-goi-phuc-vu-eb01\/#breadcrumb\",\"itemListElement\":[{\"@type\":\"ListItem\",\"position\":1,\"name\":\"Trang ch\u1ee7\",\"item\":\"https:\/\/kawasan.vn\/\"},{\"@type\":\"ListItem\",\"position\":2,\"name\":\"S\u1ea3n ph\u1ea9m\",\"item\":\"https:\/\/kawasan.vn\/san-pham\/\"},{\"@type\":\"ListItem\",\"position\":3,\"name\":\"N\u00fat Nh\u1ea5n G\u1ecdi Ph\u1ee5c V\u1ee5 EB01\"}]},{\"@type\":\"WebSite\",\"@id\":\"https:\/\/kawasan.vn\/#website\",\"url\":\"https:\/\/kawasan.vn\/\",\"name\":\"Kawasan\",\"description\":\"\",\"potentialAction\":[{\"@type\":\"SearchAction\",\"target\":{\"@type\":\"EntryPoint\",\"urlTemplate\":\"https:\/\/kawasan.vn\/?s={search_term_string}\"},\"query-input\":{\"@type\":\"PropertyValueSpecification\",\"valueRequired\":true,\"valueName\":\"search_term_string\"}}],\"inLanguage\":\"en-US\"}]}<\/script>\n<!-- \/ Yoast SEO Premium plugin. -->","yoast_head_json":{"title":"N\u00fat Nh\u1ea5n G\u1ecdi Ph\u1ee5c V\u1ee5 EB01 - Kawasan","description":"N\u00fat nh\u1ea5n g\u1ecdi ph\u1ee5c v\u1ee5 EB01 c\u00f3 1 ch\u1ee9c n\u0103ng, h\u00ecnh ch\u1eef nh\u1eadt, m\u00e0u tr\u1eafng. S\u1eed d\u1ee5ng cho m\u1ee5c \u0111\u00edch nh\u1ea5n g\u1ecdi khi c\u1ea7n ph\u1ee5c v\u1ee5 cho nh\u00e0 h\u00e0ng.","robots":{"index":"index","follow":"follow","max-snippet":"max-snippet:-1","max-image-preview":"max-image-preview:large","max-video-preview":"max-video-preview:-1"},"canonical":"https:\/\/kawasan.vn\/en\/product\/nut-nhan-goi-phuc-vu-eb01\/","og_locale":"en_US","og_type":"article","og_title":"N\u00fat Nh\u1ea5n G\u1ecdi Ph\u1ee5c V\u1ee5 EB01","og_description":"N\u00fat nh\u1ea5n g\u1ecdi ph\u1ee5c v\u1ee5 EB01 c\u00f3 1 ch\u1ee9c n\u0103ng, h\u00ecnh ch\u1eef nh\u1eadt, m\u00e0u tr\u1eafng. S\u1eed d\u1ee5ng cho m\u1ee5c \u0111\u00edch nh\u1ea5n g\u1ecdi khi c\u1ea7n ph\u1ee5c v\u1ee5 cho nh\u00e0 h\u00e0ng.","og_url":"https:\/\/kawasan.vn\/en\/product\/nut-nhan-goi-phuc-vu-eb01\/","og_site_name":"Kawasan","article_modified_time":"2025-09-20T06:29:13+00:00","og_image":[{"width":900,"height":900,"url":"https:\/\/kawasan.vn\/wp-content\/uploads\/2023\/11\/B-3.png","type":"image\/png"}],"twitter_card":"summary_large_image","twitter_misc":{"Est. reading time":"3 minutes"},"schema":{"@context":"https:\/\/schema.org","@graph":[{"@type":"WebPage","@id":"https:\/\/kawasan.vn\/san-pham\/nut-nhan-goi-phuc-vu-eb01\/","url":"https:\/\/kawasan.vn\/san-pham\/nut-nhan-goi-phuc-vu-eb01\/","name":"N\u00fat Nh\u1ea5n G\u1ecdi Ph\u1ee5c V\u1ee5 EB01 - Kawasan","isPartOf":{"@id":"https:\/\/kawasan.vn\/#website"},"primaryImageOfPage":{"@id":"https:\/\/kawasan.vn\/san-pham\/nut-nhan-goi-phuc-vu-eb01\/#primaryimage"},"image":{"@id":"https:\/\/kawasan.vn\/san-pham\/nut-nhan-goi-phuc-vu-eb01\/#primaryimage"},"thumbnailUrl":"https:\/\/kawasan.vn\/wp-content\/uploads\/2023\/11\/B-3.png","datePublished":"2023-11-17T02:55:23+00:00","dateModified":"2025-09-20T06:29:13+00:00","description":"N\u00fat nh\u1ea5n g\u1ecdi ph\u1ee5c v\u1ee5 EB01 c\u00f3 1 ch\u1ee9c n\u0103ng, h\u00ecnh ch\u1eef nh\u1eadt, m\u00e0u tr\u1eafng. S\u1eed d\u1ee5ng cho m\u1ee5c \u0111\u00edch nh\u1ea5n g\u1ecdi khi c\u1ea7n ph\u1ee5c v\u1ee5 cho nh\u00e0 h\u00e0ng.","breadcrumb":{"@id":"https:\/\/kawasan.vn\/san-pham\/nut-nhan-goi-phuc-vu-eb01\/#breadcrumb"},"inLanguage":"en-US","potentialAction":[{"@type":"ReadAction","target":["https:\/\/kawasan.vn\/san-pham\/nut-nhan-goi-phuc-vu-eb01\/"]}]},{"@type":"ImageObject","inLanguage":"en-US","@id":"https:\/\/kawasan.vn\/san-pham\/nut-nhan-goi-phuc-vu-eb01\/#primaryimage","url":"https:\/\/kawasan.vn\/wp-content\/uploads\/2023\/11\/B-3.png","contentUrl":"https:\/\/kawasan.vn\/wp-content\/uploads\/2023\/11\/B-3.png","width":900,"height":900},{"@type":"BreadcrumbList","@id":"https:\/\/kawasan.vn\/san-pham\/nut-nhan-goi-phuc-vu-eb01\/#breadcrumb","itemListElement":[{"@type":"ListItem","position":1,"name":"Trang ch\u1ee7","item":"https:\/\/kawasan.vn\/"},{"@type":"ListItem","position":2,"name":"S\u1ea3n ph\u1ea9m","item":"https:\/\/kawasan.vn\/san-pham\/"},{"@type":"ListItem","position":3,"name":"N\u00fat Nh\u1ea5n G\u1ecdi Ph\u1ee5c V\u1ee5 EB01"}]},{"@type":"WebSite","@id":"https:\/\/kawasan.vn\/#website","url":"https:\/\/kawasan.vn\/","name":"Kawasan","description":"","potentialAction":[{"@type":"SearchAction","target":{"@type":"EntryPoint","urlTemplate":"https:\/\/kawasan.vn\/?s={search_term_string}"},"query-input":{"@type":"PropertyValueSpecification","valueRequired":true,"valueName":"search_term_string"}}],"inLanguage":"en-US"}]}},"_links":{"self":[{"href":"https:\/\/kawasan.vn\/en\/wp-json\/wp\/v2\/product\/6409","targetHints":{"allow":["GET"]}}],"collection":[{"href":"https:\/\/kawasan.vn\/en\/wp-json\/wp\/v2\/product"}],"about":[{"href":"https:\/\/kawasan.vn\/en\/wp-json\/wp\/v2\/types\/product"}],"replies":[{"embeddable":true,"href":"https:\/\/kawasan.vn\/en\/wp-json\/wp\/v2\/comments?post=6409"}],"version-history":[{"count":3,"href":"https:\/\/kawasan.vn\/en\/wp-json\/wp\/v2\/product\/6409\/revisions"}],"predecessor-version":[{"id":19991,"href":"https:\/\/kawasan.vn\/en\/wp-json\/wp\/v2\/product\/6409\/revisions\/19991"}],"wp:featuredmedia":[{"embeddable":true,"href":"https:\/\/kawasan.vn\/en\/wp-json\/wp\/v2\/media\/28152"}],"wp:attachment":[{"href":"https:\/\/kawasan.vn\/en\/wp-json\/wp\/v2\/media?parent=6409"}],"wp:term":[{"taxonomy":"product_cat","embeddable":true,"href":"https:\/\/kawasan.vn\/en\/wp-json\/wp\/v2\/product_cat?post=6409"},{"taxonomy":"product_tag","embeddable":true,"href":"https:\/\/kawasan.vn\/en\/wp-json\/wp\/v2\/product_tag?post=6409"}],"curies":[{"name":"wp","href":"https:\/\/api.w.org\/{rel}","templated":true}]}}