{"id":6407,"date":"2023-11-17T02:55:18","date_gmt":"2023-11-17T02:55:18","guid":{"rendered":"https:\/\/kawasan.123websitedev.com\/product\/phu-kien-tich-hop-them-chuong-cua-goi-phuc-vu-d65\/"},"modified":"2025-10-25T15:48:26","modified_gmt":"2025-10-25T08:48:26","slug":"phu-kien-tich-hop-them-nut-goi-phuc-vu-thiet-bi-d65","status":"publish","type":"product","link":"https:\/\/kawasan.vn\/en\/product\/phu-kien-tich-hop-them-nut-goi-phuc-vu-thiet-bi-d65\/","title":{"rendered":"Thi\u1ebft B\u1ecb D65 T\u00edch H\u1ee3p Th\u00eam N\u00fat G\u1ecdi Ph\u1ee5c V\u1ee5 KAWASAN"},"content":{"rendered":"<p>Thi\u1ebft b\u1ecb D65\u00a0l\u00e0 ph\u1ea7n n\u00fat nh\u1ea5n\u00a0s\u1eed d\u1ee5ng ngu\u1ed3n pin 12V-23A.\u00a0\u00a0T\u00edch h\u1ee3p \u0111\u01b0\u1ee3c<strong><a href=\"https:\/\/kawasan.vn\/en\/product-category\/chuong-cua-chuong-bao-khach\/\"> nhi\u1ec1u chu\u00f4ng<\/a><\/strong>,\u00a0\u0111\u1ea7u c\u1ea3m \u1ee9ng \u0111\u1ec3 l\u00e0m chu\u00f4ng c\u1eeda v\u00e0 <strong><a href=\"https:\/\/thegioidienthongminh.com\/danh-muc\/chuong-cua-chuong-bao-khach\/\">chu\u00f4ng b\u00e1o kh\u00e1ch kh\u00f4ng d\u00e2y<\/a><\/strong>. Ngo\u00e0i ra, c\u00f2n t\u00edch h\u1ee3p v\u1ec1 m\u00e0n h\u00ecnh trung t\u00e2m \u0111\u1ec3 l\u00e0m n\u00fat nh\u1ea5n chu\u00f4ng g\u1ecdi ph\u1ee5c v\u1ee5.<\/p>\n<h2 id=\"C\u00e1ch_th\u1ee9c_ho\u1ea1t_\u0111\u1ed9ng_c\u1ee7a_chu\u00f4ng_c\u1eeda_kh\u00f4ng_d\u00e2y_nh\u01b0_th\u1ebf_n\u00e0o?\"><strong>C\u00e1ch th\u1ee9c ho\u1ea1t \u0111\u1ed9ng c\u1ee7a chu\u00f4ng c\u1eeda kh\u00f4ng d\u00e2y nh\u01b0 th\u1ebf n\u00e0o?<\/strong><\/h2>\n<p>Khi nh\u1ea5n thi\u1ebft b\u1ecb D65. T\u00edn hi\u1ec7u s\u1ebd \u0111\u01b0\u1ee3c thu th\u1eadp v\u00e0 truy\u1ec1n \u0111\u1ebfn b\u1ed9 thu t\u00edn hi\u1ec7u \u0111\u1ea7u ngu\u1ed3n. L\u00fac n\u00e0y, t\u00edn hi\u1ec7u \u0111i\u1ec7n s\u1ebd \u0111\u01b0\u1ee3c chuy\u1ec3n th\u00e0nh s\u00f3ng v\u1edbi t\u1ea7n s\u1ed1 t\u01b0\u01a1ng th\u00edch v\u1edbi b\u1ed9 ph\u00e1t l\u1eafp \u0111\u1eb7t trong nh\u00e0. Khi b\u1ed9 ph\u00e1t nh\u1eadn \u0111\u01b0\u1ee3c s\u00f3ng t\u00edn hi\u1ec7u, s\u1ebd chuy\u1ec3n \u0111\u1ed5i th\u00e0nh l\u1ec7nh \u0111i\u1ec1u khi\u1ec3n c\u00f2i k\u00eau. B\u00e1o hi\u1ec7u cho ch\u1ee7 nh\u00e0 bi\u1ebft cho kh\u00e1ch \u0111\u1ebfn. Ngo\u00e0i ra, \u1edf m\u1ed9t s\u1ed1 thi\u1ebft b\u1ecb, t\u00edn hi\u1ec7u b\u00e1o c\u00f2n c\u00f3 t\u00edch h\u1ee3p \u0111\u00e8n flash \u0111\u1ec3 c\u1ea3nh b\u00e1o b\u1eb1ng \u00e1nh s\u00e1ng, cho nh\u1eefng ng\u01b0\u1eddi khi\u1ebfm th\u00ednh.<\/p>\n<ul>\n<li>Chu\u00f4ng c\u1eeda ch\u00ednh h\u00e3ng, c\u00f3 ngu\u1ed3n g\u1ed1c xu\u1ea5t x\u1ee9 r\u00f5 r\u00e0ng. \u0110\u00e2y l\u00e0 ti\u00eau ch\u00ed \u0111\u1ea7u ti\u00ean \u0111\u1ea3m b\u1ea3o cho ch\u1ea5t l\u01b0\u1ee3ng v\u00e0 kh\u1ea3 n\u0103ng ho\u1ea1t \u0111\u1ed9ng \u1ed5n \u0111\u1ecbnh c\u1ee7a thi\u1ebft b\u1ecb. Chu\u00f4ng c\u1eeda ch\u00ednh h\u00e3ng s\u1ebd \u0111\u01b0\u1ee3c b\u1ea3o h\u00e0nh, ki\u1ec3m so\u00e1t ch\u1ea5t l\u01b0\u1ee3ng nghi\u00eam ng\u1eb7t tr\u01b0\u1edbc khi \u0111\u01b0a ra th\u1ecb tr\u01b0\u1eddng.<\/li>\n<li>Chu\u00f4ng c\u1eeda c\u00f3 t\u00ednh n\u0103ng ph\u00f9 h\u1ee3p v\u1edbi nhu c\u1ea7u s\u1eed d\u1ee5ng th\u1ef1c t\u1ebf. B\u1edfi, hi\u1ec7n nay, c\u00f3 nhi\u1ec1u m\u1eabu chu\u00f4ng c\u1eeda \u0111a n\u0103ng, nhi\u1ec1u t\u00edch n\u0103ng t\u00edch h\u1ee3p v\u1edbi gi\u00e1 th\u00e0nh cao. Tuy nhi\u00ean, ng\u01b0\u1eddi d\u00f9ng c\u1ea7n xem x\u00e9t nhu c\u1ea7u \u0111\u1ec3 ch\u1ecdn s\u1ea3n ph\u1ea9m v\u1edbi c\u00e1c ch\u1ee9c n\u0103ng th\u1ef1c s\u1ef1 c\u1ea7n thi\u1ebft, \u0111\u00e1p \u1ee9ng nhu c\u1ea7u c\u1ea3nh b\u00e1o, s\u1eed d\u1ee5ng h\u00e0ng ng\u00e0y.<\/li>\n<\/ul>","protected":false},"excerpt":{"rendered":"<p>M\u00e3 s\u1ea3n ph\u1ea9m: D65T\u00ecnh tr\u1ea1ng:C\u00f2n h\u00e0ng<\/p>","protected":false},"featured_media":28603,"comment_status":"open","ping_status":"closed","template":"","meta":{"_yoast_wpseo_focuskw":"Thi\u1ebft B\u1ecb D65","_yoast_wpseo_metadesc":"Thi\u1ebft B\u1ecb D65 l\u00e0 ph\u1ea7n n\u00fat nh\u1ea5n\u00a0s\u1eed d\u1ee5ng ngu\u1ed3n pin 12V-23A.\u00a0\u00a0T\u00edch h\u1ee3p \u0111\u01b0\u1ee3c nhi\u1ec1u chu\u00f4ng,\u00a0\u0111\u1ea7u c\u1ea3m \u1ee9ng \u0111\u1ec3 l\u00e0m chu\u00f4ng c\u1eeda v\u00e0 chu\u00f4ng b\u00e1o kh\u00e1ch kh\u00f4ng d\u00e2y.","_yoast_wpseo_focuskeywords":"","_yoast_wpseo_keyword_synonyms":""},"product_cat":[62],"product_tag":[1116,1115,1118,1117,1114],"class_list":["post-6407","product","type-product","status-publish","has-post-thumbnail","hentry","product_cat-thiet-bi-goi-phuc-vu","product_tag-nut-bam-bao-dong","product_tag-nut-bam-bao-khach","product_tag-nut-bam-gia-tot","product_tag-nut-bam-kawasan","product_tag-thiet-bi-nut-bam"],"acf":[],"yoast_head":"<!-- This site is optimized with the Yoast SEO Premium plugin v24.9 (Yoast SEO v24.9) - https:\/\/yoast.com\/wordpress\/plugins\/seo\/ -->\n<title>Thi\u1ebft B\u1ecb D65 T\u00edch H\u1ee3p Th\u00eam N\u00fat G\u1ecdi Ph\u1ee5c V\u1ee5 KAWASAN<\/title>\n<meta name=\"description\" content=\"Thi\u1ebft B\u1ecb D65 l\u00e0 ph\u1ea7n n\u00fat nh\u1ea5n\u00a0s\u1eed d\u1ee5ng ngu\u1ed3n pin 12V-23A.\u00a0\u00a0T\u00edch h\u1ee3p \u0111\u01b0\u1ee3c nhi\u1ec1u chu\u00f4ng,\u00a0\u0111\u1ea7u c\u1ea3m \u1ee9ng \u0111\u1ec3 l\u00e0m chu\u00f4ng c\u1eeda v\u00e0 chu\u00f4ng b\u00e1o kh\u00e1ch kh\u00f4ng d\u00e2y.\" \/>\n<meta name=\"robots\" content=\"index, follow, max-snippet:-1, max-image-preview:large, max-video-preview:-1\" \/>\n<link rel=\"canonical\" href=\"https:\/\/kawasan.vn\/en\/product\/phu-kien-tich-hop-them-nut-goi-phuc-vu-thiet-bi-d65\/\" \/>\n<meta property=\"og:locale\" content=\"en_US\" \/>\n<meta property=\"og:type\" content=\"article\" \/>\n<meta property=\"og:title\" content=\"Thi\u1ebft B\u1ecb D65 T\u00edch H\u1ee3p Th\u00eam N\u00fat G\u1ecdi Ph\u1ee5c V\u1ee5 KAWASAN\" \/>\n<meta property=\"og:description\" content=\"Thi\u1ebft B\u1ecb D65 l\u00e0 ph\u1ea7n n\u00fat nh\u1ea5n\u00a0s\u1eed d\u1ee5ng ngu\u1ed3n pin 12V-23A.\u00a0\u00a0T\u00edch h\u1ee3p \u0111\u01b0\u1ee3c nhi\u1ec1u chu\u00f4ng,\u00a0\u0111\u1ea7u c\u1ea3m \u1ee9ng \u0111\u1ec3 l\u00e0m chu\u00f4ng c\u1eeda v\u00e0 chu\u00f4ng b\u00e1o kh\u00e1ch kh\u00f4ng d\u00e2y.\" \/>\n<meta property=\"og:url\" content=\"https:\/\/kawasan.vn\/en\/product\/phu-kien-tich-hop-them-nut-goi-phuc-vu-thiet-bi-d65\/\" \/>\n<meta property=\"og:site_name\" content=\"Kawasan\" \/>\n<meta property=\"article:modified_time\" content=\"2025-10-25T08:48:26+00:00\" \/>\n<meta property=\"og:image\" content=\"https:\/\/kawasan.vn\/wp-content\/uploads\/2023\/11\/3-8.png\" \/>\n\t<meta property=\"og:image:width\" content=\"900\" \/>\n\t<meta property=\"og:image:height\" content=\"900\" \/>\n\t<meta property=\"og:image:type\" content=\"image\/png\" \/>\n<meta name=\"twitter:card\" content=\"summary_large_image\" \/>\n<meta name=\"twitter:label1\" content=\"Est. reading time\" \/>\n\t<meta name=\"twitter:data1\" content=\"2 minutes\" \/>\n<script type=\"application\/ld+json\" class=\"yoast-schema-graph\">{\"@context\":\"https:\/\/schema.org\",\"@graph\":[{\"@type\":\"WebPage\",\"@id\":\"https:\/\/kawasan.vn\/san-pham\/phu-kien-tich-hop-them-nut-goi-phuc-vu-thiet-bi-d65\/\",\"url\":\"https:\/\/kawasan.vn\/san-pham\/phu-kien-tich-hop-them-nut-goi-phuc-vu-thiet-bi-d65\/\",\"name\":\"Thi\u1ebft B\u1ecb D65 T\u00edch H\u1ee3p Th\u00eam N\u00fat G\u1ecdi Ph\u1ee5c V\u1ee5 KAWASAN\",\"isPartOf\":{\"@id\":\"https:\/\/kawasan.vn\/#website\"},\"primaryImageOfPage\":{\"@id\":\"https:\/\/kawasan.vn\/san-pham\/phu-kien-tich-hop-them-nut-goi-phuc-vu-thiet-bi-d65\/#primaryimage\"},\"image\":{\"@id\":\"https:\/\/kawasan.vn\/san-pham\/phu-kien-tich-hop-them-nut-goi-phuc-vu-thiet-bi-d65\/#primaryimage\"},\"thumbnailUrl\":\"https:\/\/kawasan.vn\/wp-content\/uploads\/2023\/11\/3-8.png\",\"datePublished\":\"2023-11-17T02:55:18+00:00\",\"dateModified\":\"2025-10-25T08:48:26+00:00\",\"description\":\"Thi\u1ebft B\u1ecb D65 l\u00e0 ph\u1ea7n n\u00fat nh\u1ea5n\u00a0s\u1eed d\u1ee5ng ngu\u1ed3n pin 12V-23A.\u00a0\u00a0T\u00edch h\u1ee3p \u0111\u01b0\u1ee3c nhi\u1ec1u chu\u00f4ng,\u00a0\u0111\u1ea7u c\u1ea3m \u1ee9ng \u0111\u1ec3 l\u00e0m chu\u00f4ng c\u1eeda v\u00e0 chu\u00f4ng b\u00e1o kh\u00e1ch kh\u00f4ng d\u00e2y.\",\"breadcrumb\":{\"@id\":\"https:\/\/kawasan.vn\/san-pham\/phu-kien-tich-hop-them-nut-goi-phuc-vu-thiet-bi-d65\/#breadcrumb\"},\"inLanguage\":\"en-US\",\"potentialAction\":[{\"@type\":\"ReadAction\",\"target\":[\"https:\/\/kawasan.vn\/san-pham\/phu-kien-tich-hop-them-nut-goi-phuc-vu-thiet-bi-d65\/\"]}]},{\"@type\":\"ImageObject\",\"inLanguage\":\"en-US\",\"@id\":\"https:\/\/kawasan.vn\/san-pham\/phu-kien-tich-hop-them-nut-goi-phuc-vu-thiet-bi-d65\/#primaryimage\",\"url\":\"https:\/\/kawasan.vn\/wp-content\/uploads\/2023\/11\/3-8.png\",\"contentUrl\":\"https:\/\/kawasan.vn\/wp-content\/uploads\/2023\/11\/3-8.png\",\"width\":900,\"height\":900},{\"@type\":\"BreadcrumbList\",\"@id\":\"https:\/\/kawasan.vn\/san-pham\/phu-kien-tich-hop-them-nut-goi-phuc-vu-thiet-bi-d65\/#breadcrumb\",\"itemListElement\":[{\"@type\":\"ListItem\",\"position\":1,\"name\":\"Trang ch\u1ee7\",\"item\":\"https:\/\/kawasan.vn\/\"},{\"@type\":\"ListItem\",\"position\":2,\"name\":\"S\u1ea3n ph\u1ea9m\",\"item\":\"https:\/\/kawasan.vn\/san-pham\/\"},{\"@type\":\"ListItem\",\"position\":3,\"name\":\"Thi\u1ebft B\u1ecb D65 T\u00edch H\u1ee3p Th\u00eam N\u00fat G\u1ecdi Ph\u1ee5c V\u1ee5 KAWASAN\"}]},{\"@type\":\"WebSite\",\"@id\":\"https:\/\/kawasan.vn\/#website\",\"url\":\"https:\/\/kawasan.vn\/\",\"name\":\"Kawasan\",\"description\":\"\",\"potentialAction\":[{\"@type\":\"SearchAction\",\"target\":{\"@type\":\"EntryPoint\",\"urlTemplate\":\"https:\/\/kawasan.vn\/?s={search_term_string}\"},\"query-input\":{\"@type\":\"PropertyValueSpecification\",\"valueRequired\":true,\"valueName\":\"search_term_string\"}}],\"inLanguage\":\"en-US\"}]}<\/script>\n<!-- \/ Yoast SEO Premium plugin. -->","yoast_head_json":{"title":"Thi\u1ebft B\u1ecb D65 T\u00edch H\u1ee3p Th\u00eam N\u00fat G\u1ecdi Ph\u1ee5c V\u1ee5 KAWASAN","description":"Thi\u1ebft B\u1ecb D65 l\u00e0 ph\u1ea7n n\u00fat nh\u1ea5n\u00a0s\u1eed d\u1ee5ng ngu\u1ed3n pin 12V-23A.\u00a0\u00a0T\u00edch h\u1ee3p \u0111\u01b0\u1ee3c nhi\u1ec1u chu\u00f4ng,\u00a0\u0111\u1ea7u c\u1ea3m \u1ee9ng \u0111\u1ec3 l\u00e0m chu\u00f4ng c\u1eeda v\u00e0 chu\u00f4ng b\u00e1o kh\u00e1ch kh\u00f4ng d\u00e2y.","robots":{"index":"index","follow":"follow","max-snippet":"max-snippet:-1","max-image-preview":"max-image-preview:large","max-video-preview":"max-video-preview:-1"},"canonical":"https:\/\/kawasan.vn\/en\/product\/phu-kien-tich-hop-them-nut-goi-phuc-vu-thiet-bi-d65\/","og_locale":"en_US","og_type":"article","og_title":"Thi\u1ebft B\u1ecb D65 T\u00edch H\u1ee3p Th\u00eam N\u00fat G\u1ecdi Ph\u1ee5c V\u1ee5 KAWASAN","og_description":"Thi\u1ebft B\u1ecb D65 l\u00e0 ph\u1ea7n n\u00fat nh\u1ea5n\u00a0s\u1eed d\u1ee5ng ngu\u1ed3n pin 12V-23A.\u00a0\u00a0T\u00edch h\u1ee3p \u0111\u01b0\u1ee3c nhi\u1ec1u chu\u00f4ng,\u00a0\u0111\u1ea7u c\u1ea3m \u1ee9ng \u0111\u1ec3 l\u00e0m chu\u00f4ng c\u1eeda v\u00e0 chu\u00f4ng b\u00e1o kh\u00e1ch kh\u00f4ng d\u00e2y.","og_url":"https:\/\/kawasan.vn\/en\/product\/phu-kien-tich-hop-them-nut-goi-phuc-vu-thiet-bi-d65\/","og_site_name":"Kawasan","article_modified_time":"2025-10-25T08:48:26+00:00","og_image":[{"width":900,"height":900,"url":"https:\/\/kawasan.vn\/wp-content\/uploads\/2023\/11\/3-8.png","type":"image\/png"}],"twitter_card":"summary_large_image","twitter_misc":{"Est. reading time":"2 minutes"},"schema":{"@context":"https:\/\/schema.org","@graph":[{"@type":"WebPage","@id":"https:\/\/kawasan.vn\/san-pham\/phu-kien-tich-hop-them-nut-goi-phuc-vu-thiet-bi-d65\/","url":"https:\/\/kawasan.vn\/san-pham\/phu-kien-tich-hop-them-nut-goi-phuc-vu-thiet-bi-d65\/","name":"Thi\u1ebft B\u1ecb D65 T\u00edch H\u1ee3p Th\u00eam N\u00fat G\u1ecdi Ph\u1ee5c V\u1ee5 KAWASAN","isPartOf":{"@id":"https:\/\/kawasan.vn\/#website"},"primaryImageOfPage":{"@id":"https:\/\/kawasan.vn\/san-pham\/phu-kien-tich-hop-them-nut-goi-phuc-vu-thiet-bi-d65\/#primaryimage"},"image":{"@id":"https:\/\/kawasan.vn\/san-pham\/phu-kien-tich-hop-them-nut-goi-phuc-vu-thiet-bi-d65\/#primaryimage"},"thumbnailUrl":"https:\/\/kawasan.vn\/wp-content\/uploads\/2023\/11\/3-8.png","datePublished":"2023-11-17T02:55:18+00:00","dateModified":"2025-10-25T08:48:26+00:00","description":"Thi\u1ebft B\u1ecb D65 l\u00e0 ph\u1ea7n n\u00fat nh\u1ea5n\u00a0s\u1eed d\u1ee5ng ngu\u1ed3n pin 12V-23A.\u00a0\u00a0T\u00edch h\u1ee3p \u0111\u01b0\u1ee3c nhi\u1ec1u chu\u00f4ng,\u00a0\u0111\u1ea7u c\u1ea3m \u1ee9ng \u0111\u1ec3 l\u00e0m chu\u00f4ng c\u1eeda v\u00e0 chu\u00f4ng b\u00e1o kh\u00e1ch kh\u00f4ng d\u00e2y.","breadcrumb":{"@id":"https:\/\/kawasan.vn\/san-pham\/phu-kien-tich-hop-them-nut-goi-phuc-vu-thiet-bi-d65\/#breadcrumb"},"inLanguage":"en-US","potentialAction":[{"@type":"ReadAction","target":["https:\/\/kawasan.vn\/san-pham\/phu-kien-tich-hop-them-nut-goi-phuc-vu-thiet-bi-d65\/"]}]},{"@type":"ImageObject","inLanguage":"en-US","@id":"https:\/\/kawasan.vn\/san-pham\/phu-kien-tich-hop-them-nut-goi-phuc-vu-thiet-bi-d65\/#primaryimage","url":"https:\/\/kawasan.vn\/wp-content\/uploads\/2023\/11\/3-8.png","contentUrl":"https:\/\/kawasan.vn\/wp-content\/uploads\/2023\/11\/3-8.png","width":900,"height":900},{"@type":"BreadcrumbList","@id":"https:\/\/kawasan.vn\/san-pham\/phu-kien-tich-hop-them-nut-goi-phuc-vu-thiet-bi-d65\/#breadcrumb","itemListElement":[{"@type":"ListItem","position":1,"name":"Trang ch\u1ee7","item":"https:\/\/kawasan.vn\/"},{"@type":"ListItem","position":2,"name":"S\u1ea3n ph\u1ea9m","item":"https:\/\/kawasan.vn\/san-pham\/"},{"@type":"ListItem","position":3,"name":"Thi\u1ebft B\u1ecb D65 T\u00edch H\u1ee3p Th\u00eam N\u00fat G\u1ecdi Ph\u1ee5c V\u1ee5 KAWASAN"}]},{"@type":"WebSite","@id":"https:\/\/kawasan.vn\/#website","url":"https:\/\/kawasan.vn\/","name":"Kawasan","description":"","potentialAction":[{"@type":"SearchAction","target":{"@type":"EntryPoint","urlTemplate":"https:\/\/kawasan.vn\/?s={search_term_string}"},"query-input":{"@type":"PropertyValueSpecification","valueRequired":true,"valueName":"search_term_string"}}],"inLanguage":"en-US"}]}},"_links":{"self":[{"href":"https:\/\/kawasan.vn\/en\/wp-json\/wp\/v2\/product\/6407","targetHints":{"allow":["GET"]}}],"collection":[{"href":"https:\/\/kawasan.vn\/en\/wp-json\/wp\/v2\/product"}],"about":[{"href":"https:\/\/kawasan.vn\/en\/wp-json\/wp\/v2\/types\/product"}],"replies":[{"embeddable":true,"href":"https:\/\/kawasan.vn\/en\/wp-json\/wp\/v2\/comments?post=6407"}],"version-history":[{"count":4,"href":"https:\/\/kawasan.vn\/en\/wp-json\/wp\/v2\/product\/6407\/revisions"}],"predecessor-version":[{"id":21853,"href":"https:\/\/kawasan.vn\/en\/wp-json\/wp\/v2\/product\/6407\/revisions\/21853"}],"wp:featuredmedia":[{"embeddable":true,"href":"https:\/\/kawasan.vn\/en\/wp-json\/wp\/v2\/media\/28603"}],"wp:attachment":[{"href":"https:\/\/kawasan.vn\/en\/wp-json\/wp\/v2\/media?parent=6407"}],"wp:term":[{"taxonomy":"product_cat","embeddable":true,"href":"https:\/\/kawasan.vn\/en\/wp-json\/wp\/v2\/product_cat?post=6407"},{"taxonomy":"product_tag","embeddable":true,"href":"https:\/\/kawasan.vn\/en\/wp-json\/wp\/v2\/product_tag?post=6407"}],"curies":[{"name":"wp","href":"https:\/\/api.w.org\/{rel}","templated":true}]}}