{"id":6391,"date":"2023-11-01T05:36:15","date_gmt":"2023-11-01T05:36:15","guid":{"rendered":"https:\/\/kawasan.123websitedev.com\/product\/phu-kien-tich-hop-them-chuong-cua-d66b\/"},"modified":"2025-12-08T16:01:09","modified_gmt":"2025-12-08T09:01:09","slug":"nut-nhan-khong-day-d66b","status":"publish","type":"product","link":"https:\/\/kawasan.vn\/en\/product\/nut-nhan-khong-day-d66b\/","title":{"rendered":"N\u00fat Nh\u1ea5n Kh\u00f4ng D\u00e2y D66B"},"content":{"rendered":"<p>N\u00fat nh\u1ea5n kh\u00f4ng d\u00e2y D66B s\u1eed d\u1ee5ng ngu\u1ed3n pin 12V. T\u00edch h\u1ee3p \u0111\u01b0\u1ee3c nhi\u1ec1u chu\u00f4ng lo\u1ea1i chu\u00f4ng c\u1eeda kh\u00e1c nhau nh\u01b0: B8A, B66B.<\/p>\n<p data-wp-editing=\"1\"><img loading=\"lazy\" decoding=\"async\" class=\"aligncenter wp-image-16504\" src=\"https:\/\/kawasan.vn\/wp-content\/uploads\/2023\/11\/kich-thuoc-nut-bam.jpg\" alt=\"\" width=\"600\" height=\"729\" srcset=\"https:\/\/kawasan.vn\/wp-content\/uploads\/2023\/11\/kich-thuoc-nut-bam.jpg 428w, https:\/\/kawasan.vn\/wp-content\/uploads\/2023\/11\/kich-thuoc-nut-bam-400x486.jpg 400w\" sizes=\"auto, (max-width: 600px) 100vw, 600px\" \/> <img loading=\"lazy\" decoding=\"async\" class=\"aligncenter wp-image-16500\" src=\"https:\/\/kawasan.vn\/wp-content\/uploads\/2023\/11\/chuong-cua-khong-day-DB668B-KAWASAN-3.jpg\" alt=\"\" width=\"600\" height=\"450\" srcset=\"https:\/\/kawasan.vn\/wp-content\/uploads\/2023\/11\/chuong-cua-khong-day-DB668B-KAWASAN-3-463x348.jpg 463w, https:\/\/kawasan.vn\/wp-content\/uploads\/2023\/11\/chuong-cua-khong-day-DB668B-KAWASAN-3-400x300.jpg 400w\" sizes=\"auto, (max-width: 600px) 100vw, 600px\" \/> <img loading=\"lazy\" decoding=\"async\" class=\"aligncenter wp-image-16499\" src=\"https:\/\/kawasan.vn\/wp-content\/uploads\/2023\/11\/1B.jpg\" alt=\"\" width=\"600\" height=\"451\" srcset=\"https:\/\/kawasan.vn\/wp-content\/uploads\/2023\/11\/1B-463x348.jpg 463w, https:\/\/kawasan.vn\/wp-content\/uploads\/2023\/11\/1B-400x300.jpg 400w\" sizes=\"auto, (max-width: 600px) 100vw, 600px\" \/> <img loading=\"lazy\" decoding=\"async\" class=\"aligncenter wp-image-16503\" src=\"https:\/\/kawasan.vn\/wp-content\/uploads\/2023\/11\/HTB1vZuVOXXXXXbvXpXXq6xXFXXXj.jpg\" alt=\"\" width=\"600\" height=\"771\" \/><\/p>\n<p data-wp-editing=\"1\">Ngo\u00e0i ch\u1ee9c n\u0103ng b\u00e1o kh\u00e1ch.<strong> <a href=\"https:\/\/kawasan.vn\/en\/product-category\/chuong-cua-chuong-bao-khach\/\">Chu\u00f4ng c\u1eeda kh\u00f4ng d\u00e2y<\/a><\/strong> C\u00f2n \u0111\u01b0\u1ee3c s\u1eed d\u1ee5ng m\u1ed9t ch\u1ee9c n\u0103ng kh\u00e1 hi\u1ec7u qu\u1ea3, b\u00e1o gi\u1eefa c\u00e1c ph\u00f2ng v\u1edbi nhau. V\u1edbi nh\u1eefng gia \u0111\u00ecnh c\u00f3 ng\u01b0\u1eddi gi\u00e0 kh\u00e1 \u01b0u chu\u00f4ng c\u00e1c d\u00f2ng chu\u00f4ng n\u00e0y. Khi c\u00f3 th\u1ec3 \u0111\u1eb7t n\u00fat nh\u1ea5n b\u00ean gi\u01b0\u1eddng v\u00e0 chu\u00f4ng b\u00e1o c\u1eafm b\u00ean ph\u00f2ng, ho\u1eb7c b\u00ean ngo\u00e0i \u0111\u1ec3 ti\u1ec7n l\u1ee3i khi c\u1ea7n g\u1ecdi. V\u00ec n\u00f3 <strong><a href=\"https:\/\/thegioidienthongminh.com\/danh-muc\/chuong-cua-chuong-bao-khach\/\">ho\u00e0n to\u00e0n kh\u00f4ng d\u00e2y. <\/a><\/strong>N\u00ean c\u00f3 th\u1ec3 c\u1ea7m tay ho\u1eb7c \u0111\u1eb7t n\u00fat nh\u1ea5n b\u1ea5t c\u1ee9 v\u1ecb tr\u00ed n\u00e0o kh\u00e1 linh ho\u1ea1t. Chu\u00f4ng b\u00e1o kh\u00e1 to c\u00f3 th\u1ec3 \u0111i\u1ec1u ch\u1ec9nh gi\u00fap vi\u1ec7c b\u00e1o chu\u00f4ng hi\u1ec7u qu\u1ea3, nhanh ch\u00f3ng, d\u1ec5 d\u00e0ng thay \u0111\u1ed5i v\u1ecb tr\u00ed \u0111\u1eb7t chu\u00f4ng b\u00e1o. N\u00fat nh\u1ea5n kh\u00f4ng d\u00e2y D66B.<\/p>\n<h3><span class=\"ez-toc-section\" id=\"TAI_SAO_NEN_CHON_KAWASAN\"><\/span><b>T\u1ea0I SAO N\u00caN CH\u1eccN KAWASAN?<\/b><span class=\"ez-toc-section-end\"><\/span><\/h3><div id=\"ez-toc-container\" class=\"ez-toc-v2_0_69_1 counter-hierarchy ez-toc-counter ez-toc-grey ez-toc-container-direction\">\n<div class=\"ez-toc-title-container\">\n<p class=\"ez-toc-title\" >N\u1ed9i Dung B&agrave;i Vi\u1ebft<\/p>\n<span class=\"ez-toc-title-toggle\"><a href=\"#\" class=\"ez-toc-pull-right ez-toc-btn ez-toc-btn-xs ez-toc-btn-default ez-toc-toggle\" aria-label=\"Toggle Table of Content\"><span class=\"ez-toc-js-icon-con\"><span class=\"\"><span class=\"eztoc-hide\" style=\"display:none;\">Toggle<\/span><span class=\"ez-toc-icon-toggle-span\"><svg style=\"fill: #999;color:#999\" xmlns=\"http:\/\/www.w3.org\/2000\/svg\" class=\"list-377408\" width=\"20px\" height=\"20px\" viewbox=\"0 0 24 24\" fill=\"none\"><path d=\"M6 6H4v2h2V6zm14 0H8v2h12V6zM4 11h2v2H4v-2zm16 0H8v2h12v-2zM4 16h2v2H4v-2zm16 0H8v2h12v-2z\" fill=\"currentColor\"><\/path><\/svg><svg style=\"fill: #999;color:#999\" class=\"arrow-unsorted-368013\" xmlns=\"http:\/\/www.w3.org\/2000\/svg\" width=\"10px\" height=\"10px\" viewbox=\"0 0 24 24\" version=\"1.2\" baseprofile=\"tiny\"><path d=\"M18.2 9.3l-6.2-6.3-6.2 6.3c-.2.2-.3.4-.3.7s.1.5.3.7c.2.2.4.3.7.3h11c.3 0 .5-.1.7-.3.2-.2.3-.5.3-.7s-.1-.5-.3-.7zM5.8 14.7l6.2 6.3 6.2-6.3c.2-.2.3-.5.3-.7s-.1-.5-.3-.7c-.2-.2-.4-.3-.7-.3h-11c-.3 0-.5.1-.7.3-.2.2-.3.5-.3.7s.1.5.3.7z\"\/><\/svg><\/span><\/span><\/span><\/a><\/span><\/div>\n<nav><ul class='ez-toc-list ez-toc-list-level-1 eztoc-toggle-hide-by-default' ><li class='ez-toc-page-1 ez-toc-heading-level-3'><a class=\"ez-toc-link ez-toc-heading-1\" href=\"https:\/\/kawasan.vn\/en\/product\/nut-nhan-khong-day-d66b\/#TAI_SAO_NEN_CHON_KAWASAN\" title=\"T\u1ea0I SAO N\u00caN CH\u1eccN KAWASAN?\">T\u1ea0I SAO N\u00caN CH\u1eccN KAWASAN?<\/a><ul class='ez-toc-list-level-4' ><li class='ez-toc-heading-level-4'><a class=\"ez-toc-link ez-toc-heading-2\" href=\"https:\/\/kawasan.vn\/en\/product\/nut-nhan-khong-day-d66b\/#CAM_KET_TU_KAWASAKAWASAN\" title=\"CAM K\u1ebeT T\u1eea KAWASAKAWASAN\">CAM K\u1ebeT T\u1eea KAWASAKAWASAN<\/a><\/li><li class='ez-toc-page-1 ez-toc-heading-level-4'><a class=\"ez-toc-link ez-toc-heading-3\" href=\"https:\/\/kawasan.vn\/en\/product\/nut-nhan-khong-day-d66b\/#Mua_chinh_hang_tai\" title=\"Mua ch\u00ednh h\u00e3ng t\u1ea1i:\">Mua ch\u00ednh h\u00e3ng t\u1ea1i:<\/a><\/li><\/ul><\/li><\/ul><\/nav><\/div>\n\n<ul>\n<li>Th\u01b0\u01a1ng hi\u1ec7u h\u00e0ng \u0111\u1ea7u Vi\u1ec7t Nam trong l\u0129nh v\u1ef1c \u0111i\u1ec7n t\u1ef1 \u0111\u1ed9ng, an ninh, an to\u00e0n v\u00e0 \u0111i\u1ec7n th\u00f4ng minh t\u1eeb 2007 v\u00e0 \u0111\u00e8n led d\u00e2n d\u1ee5ng, \u0111\u00e8n n\u0103ng l\u01b0\u1ee3ng m\u1eb7t tr\u1eddi t\u1eeb n\u0103m 2012<\/li>\n<li>\u0110\u1ed9 b\u1ec1n cao, linh ki\u1ec7n ch\u1ecdn l\u1ecdc \u2013 Ho\u1ea1t \u0111\u1ed9ng \u1ed5n \u0111\u1ecbnh c\u1ea3 trong \u0111i\u1ec1u ki\u1ec7n th\u1eddi ti\u1ebft kh\u1eafc nghi\u1ec7t<\/li>\n<li>Ch\u00ednh s\u00e1ch b\u1ea3o h\u00e0nh v\u01b0\u1ee3t tr\u1ed9i \u2013 H\u1ed7 tr\u1ee3 s\u1eeda ch\u1eefa c\u1ea3 sau th\u1eddi gian b\u1ea3o h\u00e0nh n\u1ebfu c\u00f2n kh\u1ea3 n\u0103ng kh\u1eafc ph\u1ee5c<\/li>\n<li>Kawasan hi\u1ec7n c\u00f3 tr\u1ee5 s\u1edf t\u1ea1i HCM, chi nh\u00e1nh t\u1ea1i H\u00e0 N\u1ed9i, \u0110\u00e0 N\u1eb5ng v\u00e0 x\u01b0\u1edfng SX, L\u1eafp r\u00e1p t\u1ea1i Q12. HCM.<\/li>\n<li>D\u1ecbch v\u1ee5 h\u1ed7 tr\u1ee3 24\/7, m\u1ea1ng l\u01b0\u1edbi \u0111\u1ea1i l\u00fd ph\u1ee7 kh\u1eafp c\u1ea3 n\u01b0\u1edbc<\/li>\n<\/ul>\n<h4><span class=\"ez-toc-section\" id=\"CAM_KET_TU_KAWASAKAWASAN\"><\/span><b>CAM K\u1ebeT T\u1eea KAWASAKAWASAN<\/b><span class=\"ez-toc-section-end\"><\/span><\/h4>\n<p data-wp-editing=\"1\">Kawasan cam k\u1ebft mang \u0111\u1ebfn s\u1ea3n ph\u1ea9m\u00a0<b>ch\u00ednh h\u00e3ng \u2013 b\u1ec1n b\u1ec9 \u2013 an to\u00e0n<\/b>, \u0111\u00e1p \u1ee9ng \u0111\u1ea7y \u0111\u1ee7 c\u00e1c ti\u00eau chu\u1ea9n k\u1ef9 thu\u1eadt v\u00e0 y\u00eau c\u1ea7u s\u1eed d\u1ee5ng th\u1ef1c t\u1ebf.\u00a0T\u1ea5t c\u1ea3 s\u1ea3n ph\u1ea9m \u0111\u01b0\u1ee3c b\u1ea3o h\u00e0nh\u00a0<b>mi\u1ec5n ph\u00ed 24 th\u00e1ng<\/b>,\u00a0<b>1 \u0111\u1ed5i 1 trong v\u00f2ng 30 ng\u00e0y<\/b>\u00a0n\u1ebfu l\u1ed7i k\u1ef9 thu\u1eadt. Ngo\u00e0i ra, kh\u00e1ch h\u00e0ng c\u00f2n \u0111\u01b0\u1ee3c h\u1ed7 tr\u1ee3 s\u1eeda ch\u1eefa sau khi h\u1ebft th\u1eddi gian b\u1ea3o h\u00e0nh n\u1ebfu s\u1ea3n ph\u1ea9m c\u00f2n kh\u1ea3 n\u0103ng ph\u1ee5c h\u1ed3i,\u00a0<b>kh\u00f4ng t\u00ednh ph\u00ed<\/b>\u00a0n\u1ebfu chi ph\u00ed linh ki\u1ec7n thay th\u1ebf kh\u00f4ng \u0111\u00e1ng k\u1ec3.\u00a0Kh\u00e1ch h\u00e0ng c\u00f3 th\u1ec3 t\u00ecm mua s\u1ea3n ph\u1ea9m t\u1ea1i c\u00e1c \u0111\u1ea1i l\u00fd thu\u1ed9c<a href=\"https:\/\/kawasan.vn\/en\/he-thong-phan-phoi\/\">\u00a0<b>H\u1ec6 TH\u1ed0NG PH\u00c2N PH\u1ed0I TO\u00c0N QU\u1ed0C<\/b><\/a>\u00a0t\u1ea1i c\u00e1c t\u1ec9nh th\u00e0nh ho\u1eb7c c\u00f3 th\u1ec3 \u0111\u1eb7t h\u00e0ng tr\u00ean website.<\/p>\n<h4><span class=\"ez-toc-section\" id=\"Mua_chinh_hang_tai\"><\/span><b>Mua ch\u00ednh h\u00e3ng t\u1ea1i:<\/b><span class=\"ez-toc-section-end\"><\/span><\/h4>\n<ul>\n<li>Li\u00ean h\u1ec7 tr\u1ef1c ti\u1ebfp ph\u00f2ng kinh doanh \u0111\u1ec3 \u0111\u01b0\u1ee3c b\u00e1o gi\u00e1 s\u1ec9, gi\u00e1 \u0111\u1ea1i l\u00fd \/ NPP:\u00a0<b>0825 411 408 \/ 0911 757234<\/b><\/li>\n<li>Website:<a href=\"https:\/\/kawasan.vn\/en\/\">\u00a0www.kawasan.vn<\/a>\u00a0(\u0110\u1ed1i v\u1edbi s\u1ea3n ph\u1ea9m Kawasan)<\/li>\n<li>Website:<a href=\"https:\/\/www.kawaled.com.vn\/\">\u00a0www.kawaled.com.vn<\/a>\u00a0(\u0110\u1ed1i v\u1edbi s\u1ea3n ph\u1ea9m Kawaled)<\/li>\n<\/ul>\n<ul>\n<li style=\"list-style-type: none;\"><\/li>\n<\/ul>","protected":false},"excerpt":{"rendered":"<p>Nh\u00e0 s\u1ea3n xu\u1ea5t: KawasanM\u00e3 s\u1ea3n ph\u1ea9m: D66BT\u00ecnh tr\u1ea1ng:C\u00f2n h\u00e0ng<\/p>","protected":false},"featured_media":29276,"comment_status":"open","ping_status":"closed","template":"","meta":{"_yoast_wpseo_focuskw":"N\u00fat Nh\u1ea5n Kh\u00f4ng D\u00e2y D66B","_yoast_wpseo_metadesc":"N\u00fat nh\u1ea5n kh\u00f4ng d\u00e2y D66B s\u1eed d\u1ee5ng ngu\u1ed3n pin 12V. T\u00edch h\u1ee3p \u0111\u01b0\u1ee3c nhi\u1ec1u chu\u00f4ng lo\u1ea1i chu\u00f4ng c\u1eeda kh\u00e1c nhau nh\u01b0: B8A, B66B...b\u1eb1ng s\u00f3ng RF433Mhz.","_yoast_wpseo_focuskeywords":"","_yoast_wpseo_keyword_synonyms":""},"product_cat":[41],"product_tag":[1220,1223,1219,1227,1222,723,1228,1229,1230,1226,1027,1038,718,1039,1217,1218,719,1221,621,1029,1032,1033,1102,1224,1225],"class_list":["post-6391","product","type-product","status-publish","has-post-thumbnail","hentry","product_cat-chuong-cua-chuong-bao-khach","product_tag-chuong-bam-cua","product_tag-chuong-bao-cua-ra-vao","product_tag-chuong-bao-dong-khong-day","product_tag-chuong-bao-khach-cho-cua-hang","product_tag-chuong-bao-khach-kawasan","product_tag-chuong-bao-khach-khong-day","product_tag-chuong-bao-trom","product_tag-chuong-cam-bien-bao-dong","product_tag-chuong-cam-bien-kawasan","product_tag-chuong-cong-ko-day","product_tag-chuong-cua","product_tag-chuong-cua-bao-khach","product_tag-chuong-cua-khong-day","product_tag-chuong-cua-thong-minh","product_tag-chuong-dien-khong-day","product_tag-chuong-goi-phuc-vu-khong-day","product_tag-chuong-khong-day","product_tag-chuong-nha","product_tag-kawasan","product_tag-nut-bam-chuong","product_tag-nut-bam-chuong-gia-re","product_tag-nut-bam-chuong-gia-tot","product_tag-nut-bam-chuong-kawasan","product_tag-pin-chuong-cua","product_tag-pin-chuong-cua-khong-day"],"acf":[],"yoast_head":"<!-- This site is optimized with the Yoast SEO Premium plugin v24.9 (Yoast SEO v24.9) - https:\/\/yoast.com\/wordpress\/plugins\/seo\/ -->\n<title>N\u00fat Nh\u1ea5n Kh\u00f4ng D\u00e2y D66B - Kawasan<\/title>\n<meta name=\"description\" content=\"N\u00fat nh\u1ea5n kh\u00f4ng d\u00e2y D66B s\u1eed d\u1ee5ng ngu\u1ed3n pin 12V. T\u00edch h\u1ee3p \u0111\u01b0\u1ee3c nhi\u1ec1u chu\u00f4ng lo\u1ea1i chu\u00f4ng c\u1eeda kh\u00e1c nhau nh\u01b0: B8A, B66B...b\u1eb1ng s\u00f3ng RF433Mhz.\" \/>\n<meta name=\"robots\" content=\"index, follow, max-snippet:-1, max-image-preview:large, max-video-preview:-1\" \/>\n<link rel=\"canonical\" href=\"https:\/\/kawasan.vn\/en\/product\/nut-nhan-khong-day-d66b\/\" \/>\n<meta property=\"og:locale\" content=\"en_US\" \/>\n<meta property=\"og:type\" content=\"article\" \/>\n<meta property=\"og:title\" content=\"N\u00fat Nh\u1ea5n Kh\u00f4ng D\u00e2y D66B\" \/>\n<meta property=\"og:description\" content=\"N\u00fat nh\u1ea5n kh\u00f4ng d\u00e2y D66B s\u1eed d\u1ee5ng ngu\u1ed3n pin 12V. T\u00edch h\u1ee3p \u0111\u01b0\u1ee3c nhi\u1ec1u chu\u00f4ng lo\u1ea1i chu\u00f4ng c\u1eeda kh\u00e1c nhau nh\u01b0: B8A, B66B...b\u1eb1ng s\u00f3ng RF433Mhz.\" \/>\n<meta property=\"og:url\" content=\"https:\/\/kawasan.vn\/en\/product\/nut-nhan-khong-day-d66b\/\" \/>\n<meta property=\"og:site_name\" content=\"Kawasan\" \/>\n<meta property=\"article:modified_time\" content=\"2025-12-08T09:01:09+00:00\" \/>\n<meta property=\"og:image\" content=\"https:\/\/kawasan.vn\/wp-content\/uploads\/2023\/11\/D66B-2-1.png\" \/>\n\t<meta property=\"og:image:width\" content=\"900\" \/>\n\t<meta property=\"og:image:height\" content=\"900\" \/>\n\t<meta property=\"og:image:type\" content=\"image\/png\" \/>\n<meta name=\"twitter:card\" content=\"summary_large_image\" \/>\n<meta name=\"twitter:label1\" content=\"Est. reading time\" \/>\n\t<meta name=\"twitter:data1\" content=\"4 minutes\" \/>\n<script type=\"application\/ld+json\" class=\"yoast-schema-graph\">{\"@context\":\"https:\/\/schema.org\",\"@graph\":[{\"@type\":\"WebPage\",\"@id\":\"https:\/\/kawasan.vn\/san-pham\/nut-nhan-khong-day-d66b\/\",\"url\":\"https:\/\/kawasan.vn\/san-pham\/nut-nhan-khong-day-d66b\/\",\"name\":\"N\u00fat Nh\u1ea5n Kh\u00f4ng D\u00e2y D66B - Kawasan\",\"isPartOf\":{\"@id\":\"https:\/\/kawasan.vn\/#website\"},\"primaryImageOfPage\":{\"@id\":\"https:\/\/kawasan.vn\/san-pham\/nut-nhan-khong-day-d66b\/#primaryimage\"},\"image\":{\"@id\":\"https:\/\/kawasan.vn\/san-pham\/nut-nhan-khong-day-d66b\/#primaryimage\"},\"thumbnailUrl\":\"https:\/\/kawasan.vn\/wp-content\/uploads\/2023\/11\/D66B-2-1.png\",\"datePublished\":\"2023-11-01T05:36:15+00:00\",\"dateModified\":\"2025-12-08T09:01:09+00:00\",\"description\":\"N\u00fat nh\u1ea5n kh\u00f4ng d\u00e2y D66B s\u1eed d\u1ee5ng ngu\u1ed3n pin 12V. T\u00edch h\u1ee3p \u0111\u01b0\u1ee3c nhi\u1ec1u chu\u00f4ng lo\u1ea1i chu\u00f4ng c\u1eeda kh\u00e1c nhau nh\u01b0: B8A, B66B...b\u1eb1ng s\u00f3ng RF433Mhz.\",\"breadcrumb\":{\"@id\":\"https:\/\/kawasan.vn\/san-pham\/nut-nhan-khong-day-d66b\/#breadcrumb\"},\"inLanguage\":\"en-US\",\"potentialAction\":[{\"@type\":\"ReadAction\",\"target\":[\"https:\/\/kawasan.vn\/san-pham\/nut-nhan-khong-day-d66b\/\"]}]},{\"@type\":\"ImageObject\",\"inLanguage\":\"en-US\",\"@id\":\"https:\/\/kawasan.vn\/san-pham\/nut-nhan-khong-day-d66b\/#primaryimage\",\"url\":\"https:\/\/kawasan.vn\/wp-content\/uploads\/2023\/11\/D66B-2-1.png\",\"contentUrl\":\"https:\/\/kawasan.vn\/wp-content\/uploads\/2023\/11\/D66B-2-1.png\",\"width\":900,\"height\":900},{\"@type\":\"BreadcrumbList\",\"@id\":\"https:\/\/kawasan.vn\/san-pham\/nut-nhan-khong-day-d66b\/#breadcrumb\",\"itemListElement\":[{\"@type\":\"ListItem\",\"position\":1,\"name\":\"Trang ch\u1ee7\",\"item\":\"https:\/\/kawasan.vn\/\"},{\"@type\":\"ListItem\",\"position\":2,\"name\":\"S\u1ea3n ph\u1ea9m\",\"item\":\"https:\/\/kawasan.vn\/san-pham\/\"},{\"@type\":\"ListItem\",\"position\":3,\"name\":\"N\u00fat Nh\u1ea5n Kh\u00f4ng D\u00e2y D66B\"}]},{\"@type\":\"WebSite\",\"@id\":\"https:\/\/kawasan.vn\/#website\",\"url\":\"https:\/\/kawasan.vn\/\",\"name\":\"Kawasan\",\"description\":\"\",\"potentialAction\":[{\"@type\":\"SearchAction\",\"target\":{\"@type\":\"EntryPoint\",\"urlTemplate\":\"https:\/\/kawasan.vn\/?s={search_term_string}\"},\"query-input\":{\"@type\":\"PropertyValueSpecification\",\"valueRequired\":true,\"valueName\":\"search_term_string\"}}],\"inLanguage\":\"en-US\"}]}<\/script>\n<!-- \/ Yoast SEO Premium plugin. -->","yoast_head_json":{"title":"N\u00fat Nh\u1ea5n Kh\u00f4ng D\u00e2y D66B - Kawasan","description":"N\u00fat nh\u1ea5n kh\u00f4ng d\u00e2y D66B s\u1eed d\u1ee5ng ngu\u1ed3n pin 12V. T\u00edch h\u1ee3p \u0111\u01b0\u1ee3c nhi\u1ec1u chu\u00f4ng lo\u1ea1i chu\u00f4ng c\u1eeda kh\u00e1c nhau nh\u01b0: B8A, B66B...b\u1eb1ng s\u00f3ng RF433Mhz.","robots":{"index":"index","follow":"follow","max-snippet":"max-snippet:-1","max-image-preview":"max-image-preview:large","max-video-preview":"max-video-preview:-1"},"canonical":"https:\/\/kawasan.vn\/en\/product\/nut-nhan-khong-day-d66b\/","og_locale":"en_US","og_type":"article","og_title":"N\u00fat Nh\u1ea5n Kh\u00f4ng D\u00e2y D66B","og_description":"N\u00fat nh\u1ea5n kh\u00f4ng d\u00e2y D66B s\u1eed d\u1ee5ng ngu\u1ed3n pin 12V. T\u00edch h\u1ee3p \u0111\u01b0\u1ee3c nhi\u1ec1u chu\u00f4ng lo\u1ea1i chu\u00f4ng c\u1eeda kh\u00e1c nhau nh\u01b0: B8A, B66B...b\u1eb1ng s\u00f3ng RF433Mhz.","og_url":"https:\/\/kawasan.vn\/en\/product\/nut-nhan-khong-day-d66b\/","og_site_name":"Kawasan","article_modified_time":"2025-12-08T09:01:09+00:00","og_image":[{"width":900,"height":900,"url":"https:\/\/kawasan.vn\/wp-content\/uploads\/2023\/11\/D66B-2-1.png","type":"image\/png"}],"twitter_card":"summary_large_image","twitter_misc":{"Est. reading time":"4 minutes"},"schema":{"@context":"https:\/\/schema.org","@graph":[{"@type":"WebPage","@id":"https:\/\/kawasan.vn\/san-pham\/nut-nhan-khong-day-d66b\/","url":"https:\/\/kawasan.vn\/san-pham\/nut-nhan-khong-day-d66b\/","name":"N\u00fat Nh\u1ea5n Kh\u00f4ng D\u00e2y D66B - Kawasan","isPartOf":{"@id":"https:\/\/kawasan.vn\/#website"},"primaryImageOfPage":{"@id":"https:\/\/kawasan.vn\/san-pham\/nut-nhan-khong-day-d66b\/#primaryimage"},"image":{"@id":"https:\/\/kawasan.vn\/san-pham\/nut-nhan-khong-day-d66b\/#primaryimage"},"thumbnailUrl":"https:\/\/kawasan.vn\/wp-content\/uploads\/2023\/11\/D66B-2-1.png","datePublished":"2023-11-01T05:36:15+00:00","dateModified":"2025-12-08T09:01:09+00:00","description":"N\u00fat nh\u1ea5n kh\u00f4ng d\u00e2y D66B s\u1eed d\u1ee5ng ngu\u1ed3n pin 12V. T\u00edch h\u1ee3p \u0111\u01b0\u1ee3c nhi\u1ec1u chu\u00f4ng lo\u1ea1i chu\u00f4ng c\u1eeda kh\u00e1c nhau nh\u01b0: B8A, B66B...b\u1eb1ng s\u00f3ng RF433Mhz.","breadcrumb":{"@id":"https:\/\/kawasan.vn\/san-pham\/nut-nhan-khong-day-d66b\/#breadcrumb"},"inLanguage":"en-US","potentialAction":[{"@type":"ReadAction","target":["https:\/\/kawasan.vn\/san-pham\/nut-nhan-khong-day-d66b\/"]}]},{"@type":"ImageObject","inLanguage":"en-US","@id":"https:\/\/kawasan.vn\/san-pham\/nut-nhan-khong-day-d66b\/#primaryimage","url":"https:\/\/kawasan.vn\/wp-content\/uploads\/2023\/11\/D66B-2-1.png","contentUrl":"https:\/\/kawasan.vn\/wp-content\/uploads\/2023\/11\/D66B-2-1.png","width":900,"height":900},{"@type":"BreadcrumbList","@id":"https:\/\/kawasan.vn\/san-pham\/nut-nhan-khong-day-d66b\/#breadcrumb","itemListElement":[{"@type":"ListItem","position":1,"name":"Trang ch\u1ee7","item":"https:\/\/kawasan.vn\/"},{"@type":"ListItem","position":2,"name":"S\u1ea3n ph\u1ea9m","item":"https:\/\/kawasan.vn\/san-pham\/"},{"@type":"ListItem","position":3,"name":"N\u00fat Nh\u1ea5n Kh\u00f4ng D\u00e2y D66B"}]},{"@type":"WebSite","@id":"https:\/\/kawasan.vn\/#website","url":"https:\/\/kawasan.vn\/","name":"Kawasan","description":"","potentialAction":[{"@type":"SearchAction","target":{"@type":"EntryPoint","urlTemplate":"https:\/\/kawasan.vn\/?s={search_term_string}"},"query-input":{"@type":"PropertyValueSpecification","valueRequired":true,"valueName":"search_term_string"}}],"inLanguage":"en-US"}]}},"_links":{"self":[{"href":"https:\/\/kawasan.vn\/en\/wp-json\/wp\/v2\/product\/6391","targetHints":{"allow":["GET"]}}],"collection":[{"href":"https:\/\/kawasan.vn\/en\/wp-json\/wp\/v2\/product"}],"about":[{"href":"https:\/\/kawasan.vn\/en\/wp-json\/wp\/v2\/types\/product"}],"replies":[{"embeddable":true,"href":"https:\/\/kawasan.vn\/en\/wp-json\/wp\/v2\/comments?post=6391"}],"version-history":[{"count":4,"href":"https:\/\/kawasan.vn\/en\/wp-json\/wp\/v2\/product\/6391\/revisions"}],"predecessor-version":[{"id":27863,"href":"https:\/\/kawasan.vn\/en\/wp-json\/wp\/v2\/product\/6391\/revisions\/27863"}],"wp:featuredmedia":[{"embeddable":true,"href":"https:\/\/kawasan.vn\/en\/wp-json\/wp\/v2\/media\/29276"}],"wp:attachment":[{"href":"https:\/\/kawasan.vn\/en\/wp-json\/wp\/v2\/media?parent=6391"}],"wp:term":[{"taxonomy":"product_cat","embeddable":true,"href":"https:\/\/kawasan.vn\/en\/wp-json\/wp\/v2\/product_cat?post=6391"},{"taxonomy":"product_tag","embeddable":true,"href":"https:\/\/kawasan.vn\/en\/wp-json\/wp\/v2\/product_tag?post=6391"}],"curies":[{"name":"wp","href":"https:\/\/api.w.org\/{rel}","templated":true}]}}