{"id":6377,"date":"2023-11-01T05:35:25","date_gmt":"2023-11-01T05:35:25","guid":{"rendered":"https:\/\/kawasan.123websitedev.com\/product\/bao-khach-khong-day-co-remote-dieu-khien-tu-xa-i287b-rm1a\/"},"modified":"2024-10-29T19:39:18","modified_gmt":"2024-10-29T12:39:18","slug":"bao-khach-khong-day-co-remote-dieu-khien-tu-xa-i287b-rm1a","status":"publish","type":"product","link":"https:\/\/kawasan.vn\/en\/product\/bao-khach-khong-day-co-remote-dieu-khien-tu-xa-i287b-rm1a\/","title":{"rendered":"B\u00e1o Kh\u00e1ch Kh\u00f4ng D\u00e2y C\u00f3 Remote \u0110i\u1ec1u Khi\u1ec3n T\u1eeb Xa I287B-RM1A"},"content":{"rendered":"<h2><span class=\"ez-toc-section\" id=\"CHUONG_BAO_KHACH_KHONG_DAY_DIEU_KHIEN_TU_XA_KAWASAN_CO_DAC_DIEM_GI\"><\/span>CHU\u00d4NG B\u00c1O KH\u00c1CH KH\u00d4NG D\u00c2Y \u0110I\u1ec0U KHI\u1ec2N T\u1eea XA\u00a0KAWASAN C\u00d3 \u0110\u1eb6C \u0110I\u1ec2M G\u00cc?<span class=\"ez-toc-section-end\"><\/span><\/h2><div id=\"ez-toc-container\" class=\"ez-toc-v2_0_69_1 counter-hierarchy ez-toc-counter ez-toc-grey ez-toc-container-direction\">\n<div class=\"ez-toc-title-container\">\n<p class=\"ez-toc-title\" >N\u1ed9i Dung B&agrave;i Vi\u1ebft<\/p>\n<span class=\"ez-toc-title-toggle\"><a href=\"#\" class=\"ez-toc-pull-right ez-toc-btn ez-toc-btn-xs ez-toc-btn-default ez-toc-toggle\" aria-label=\"Toggle Table of Content\"><span class=\"ez-toc-js-icon-con\"><span class=\"\"><span class=\"eztoc-hide\" style=\"display:none;\">Toggle<\/span><span class=\"ez-toc-icon-toggle-span\"><svg style=\"fill: #999;color:#999\" xmlns=\"http:\/\/www.w3.org\/2000\/svg\" class=\"list-377408\" width=\"20px\" height=\"20px\" viewbox=\"0 0 24 24\" fill=\"none\"><path d=\"M6 6H4v2h2V6zm14 0H8v2h12V6zM4 11h2v2H4v-2zm16 0H8v2h12v-2zM4 16h2v2H4v-2zm16 0H8v2h12v-2z\" fill=\"currentColor\"><\/path><\/svg><svg style=\"fill: #999;color:#999\" class=\"arrow-unsorted-368013\" xmlns=\"http:\/\/www.w3.org\/2000\/svg\" width=\"10px\" height=\"10px\" viewbox=\"0 0 24 24\" version=\"1.2\" baseprofile=\"tiny\"><path d=\"M18.2 9.3l-6.2-6.3-6.2 6.3c-.2.2-.3.4-.3.7s.1.5.3.7c.2.2.4.3.7.3h11c.3 0 .5-.1.7-.3.2-.2.3-.5.3-.7s-.1-.5-.3-.7zM5.8 14.7l6.2 6.3 6.2-6.3c.2-.2.3-.5.3-.7s-.1-.5-.3-.7c-.2-.2-.4-.3-.7-.3h-11c-.3 0-.5.1-.7.3-.2.2-.3.5-.3.7s.1.5.3.7z\"\/><\/svg><\/span><\/span><\/span><\/a><\/span><\/div>\n<nav><ul class='ez-toc-list ez-toc-list-level-1 eztoc-toggle-hide-by-default' ><li class='ez-toc-page-1 ez-toc-heading-level-2'><a class=\"ez-toc-link ez-toc-heading-1\" href=\"https:\/\/kawasan.vn\/en\/product\/bao-khach-khong-day-co-remote-dieu-khien-tu-xa-i287b-rm1a\/#CHUONG_BAO_KHACH_KHONG_DAY_DIEU_KHIEN_TU_XA_KAWASAN_CO_DAC_DIEM_GI\" title=\"CHU\u00d4NG B\u00c1O KH\u00c1CH KH\u00d4NG D\u00c2Y \u0110I\u1ec0U KHI\u1ec2N T\u1eea XA\u00a0KAWASAN C\u00d3 \u0110\u1eb6C \u0110I\u1ec2M G\u00cc?\">CHU\u00d4NG B\u00c1O KH\u00c1CH KH\u00d4NG D\u00c2Y \u0110I\u1ec0U KHI\u1ec2N T\u1eea XA\u00a0KAWASAN C\u00d3 \u0110\u1eb6C \u0110I\u1ec2M G\u00cc?<\/a><\/li><li class='ez-toc-page-1 ez-toc-heading-level-2'><a class=\"ez-toc-link ez-toc-heading-2\" href=\"https:\/\/kawasan.vn\/en\/product\/bao-khach-khong-day-co-remote-dieu-khien-tu-xa-i287b-rm1a\/#Chuong_bao_khach_Kawasan_co_diem_gi_khac_biet_so_voi_cac_san_pham_khac_tren_thi_truong\" title=\"Chu\u00f4ng b\u00e1o kh\u00e1ch Kawasan\u00a0c\u00f3 \u0111i\u1ec3m g\u00ec kh\u00e1c bi\u1ec7t so v\u1edbi c\u00e1c s\u1ea3n ph\u1ea9m kh\u00e1c tr\u00ean th\u1ecb tr\u01b0\u1eddng?\">Chu\u00f4ng b\u00e1o kh\u00e1ch Kawasan\u00a0c\u00f3 \u0111i\u1ec3m g\u00ec kh\u00e1c bi\u1ec7t so v\u1edbi c\u00e1c s\u1ea3n ph\u1ea9m kh\u00e1c tr\u00ean th\u1ecb tr\u01b0\u1eddng?<\/a><\/li><li class='ez-toc-page-1 ez-toc-heading-level-2'><a class=\"ez-toc-link ez-toc-heading-3\" href=\"https:\/\/kawasan.vn\/en\/product\/bao-khach-khong-day-co-remote-dieu-khien-tu-xa-i287b-rm1a\/#LOI_ICH_CUA_CHUONG_BAO_KHACH_KAWASAN_I287B-RM1A\" title=\"L\u1ee2I \u00cdCH C\u1ee6A CHU\u00d4NG B\u00c1O KH\u00c1CH KAWASAN I287B-RM1A\">L\u1ee2I \u00cdCH C\u1ee6A CHU\u00d4NG B\u00c1O KH\u00c1CH KAWASAN I287B-RM1A<\/a><\/li><li class='ez-toc-page-1 ez-toc-heading-level-2'><a class=\"ez-toc-link ez-toc-heading-4\" href=\"https:\/\/kawasan.vn\/en\/product\/bao-khach-khong-day-co-remote-dieu-khien-tu-xa-i287b-rm1a\/#UNG_DUNG_CHUONG_BAO_KHACH_KHONG_DAY\" title=\"\u1ee8NG D\u1ee4NG CHU\u00d4NG B\u00c1O KH\u00c1CH KH\u00d4NG D\u00c2Y\">\u1ee8NG D\u1ee4NG CHU\u00d4NG B\u00c1O KH\u00c1CH KH\u00d4NG D\u00c2Y<\/a><\/li><\/ul><\/nav><\/div>\n\n<p><a href=\"https:\/\/kawasan.vn\/en\/product-category\/chuong-cua-chuong-bao-khach\/chuong-bao-khach-khong-day\/\" target=\"_blank\" rel=\"noopener\">Chu\u00f4ng b\u00e1o kh\u00e1ch<\/a> kh\u00f4ng d\u00e2y I287B-RM1A l\u00e0 s\u1ea3n ph\u1ea9m \u0111ang \u0111\u01b0\u1ee3c b\u00e1n ch\u1ea1y nh\u1ea5t hi\u1ec7n nay, d\u00f9ng c\u00f4ng ngh\u1ec7 c\u1ea3m h\u1ed3ng ngo\u1ea1i. Ph\u00e1t hi\u1ec7n th\u00e2n nhi\u1ec7t chuy\u1ec3n \u0111\u1ed9ng trong v\u00f9ng qu\u00e9t, sau \u0111\u00f3 b\u00e1o t\u00edn hi\u1ec7u v\u1ec1 chu\u00f4ng th\u00f4ng qua s\u00f3ng Radio c\u00f3 t\u1ea7n s\u1ed1 RF433Mhz. C\u00f3 th\u1ec3 \u0111i\u1ec1u khi\u1ec3n b\u1eadt &#8211; t\u1eaft v\u00e0 thay \u0111\u1ed5i ki\u1ec3u chu\u00f4ng, \u00e2m l\u01b0\u1ee3ng t\u1eeb xa qua remote. Kho\u1ea3ng c\u00e1ch \u0111i\u1ec1u khi\u1ec3n 10-30m, xuy\u00ean 1 l\u1edbp v\u1eadt c\u1ea3n m\u1ecfng nh\u01b0: g\u1ed7, k\u00ednh, t\u01b0\u1eddng m\u1ecfng&#8230;<\/p>\n<div id=\"attachment_879\" class=\"wp-caption aligncenter\">\n<figure id=\"attachment_16589\" aria-describedby=\"caption-attachment-16589\" style=\"width: 600px\" class=\"wp-caption aligncenter\"><img loading=\"lazy\" decoding=\"async\" class=\"wp-image-16589\" title=\"Chu\u00f4ng b\u00e1o kh\u00e1ch kh\u00f4ng d\u00e2y \u0111i\u1ec1u khi\u1ec3n t\u1eeb xa I287B-RM1A\" src=\"https:\/\/kawasan.vn\/wp-content\/uploads\/2023\/11\/chuong-bao-khach-i287b-vb-12.png\" alt=\"Chu\u00f4ng b\u00e1o kh\u00e1ch kh\u00f4ng d\u00e2y \u0111i\u1ec1u khi\u1ec3n t\u1eeb xa I287B-RM1A\" width=\"600\" height=\"600\" \/><figcaption id=\"caption-attachment-16589\" class=\"wp-caption-text\">Chu\u00f4ng b\u00e1o kh\u00e1ch kh\u00f4ng d\u00e2y \u0111i\u1ec1u khi\u1ec3n t\u1eeb xa I287B-RM1A<\/figcaption><\/figure>\n<\/div>\n<p>Chu\u00f4ng b\u00e1o kh\u00e1ch d\u00f9ng Chip vi x\u1eed l\u00fd th\u00f4ng minh, c\u00f3 th\u1ec3 t\u00edch h\u1ee3p t\u1ed1i \u0111a 4 \u0111\u1ea7u c\u1ea3m \u1ee9ng ho\u1eb7c c\u1eeda t\u1eeb kh\u00f4ng d\u00e2y. Khi nh\u00e0, c\u1eeda h\u00e0ng c\u00f3 nhi\u1ec1u c\u1eeda ho\u1eb7c nhi\u1ec1u t\u1ea7ng c\u00f3 th\u1ec3 mua th\u00eam chu\u00f4ng, \u0111\u1ea7u c\u1ea3m \u1ee9ng v\u1ec1 t\u00edch h\u1ee3p th\u00eam. \u0110\u1ea3m b\u1ea3o \u1edf c\u00e1c khu v\u1ef1c kh\u00e1c nhau \u0111\u1ec1u c\u00f3 th\u1ec3 nghe \u0111\u01b0\u1ee3c ti\u1ebfng chu\u00f4ng khi c\u00f3 kh\u00e1ch \u0111\u1ebfn.<\/p>\n<h2><span class=\"ez-toc-section\" id=\"Chuong_bao_khach_Kawasan_co_diem_gi_khac_biet_so_voi_cac_san_pham_khac_tren_thi_truong\"><\/span>Chu\u00f4ng b\u00e1o kh\u00e1ch Kawasan\u00a0c\u00f3 \u0111i\u1ec3m g\u00ec kh\u00e1c bi\u1ec7t so v\u1edbi c\u00e1c s\u1ea3n ph\u1ea9m kh\u00e1c tr\u00ean th\u1ecb tr\u01b0\u1eddng?<span class=\"ez-toc-section-end\"><\/span><\/h2>\n<ul>\n<li>T\u00edch h\u1ee3p \u0111\u01b0\u1ee3c th\u00eam n\u00fat nh\u1ea5n l\u00e0m chu\u00f4ng c\u1eeda kh\u00f4ng d\u00e2y ho\u1eb7c th\u00eam c\u1eeda t\u1eeb l\u00e0m b\u00e1o kh\u00e1ch khi m\u1edf c\u1eeda k\u00ednh.<\/li>\n<li>T\u00edch h\u1ee3p \u0111\u01b0\u1ee3c v\u1edbi b\u1ed9 khu\u1ebfch \u0111\u1ea1i s\u00f3ng \u0111\u1ec3 t\u0103ng kho\u1ea3ng c\u00e1ch n\u1ebfu c\u1ea7n thi\u1ebft<\/li>\n<li>Kho\u1ea3ng c\u00e1ch thu ph\u00e1t s\u00f3ng xa v\u00e0 ch\u1ed1ng nhi\u1ec5u s\u00f3ng t\u1ed1t<\/li>\n<li>D\u00f9ng ngu\u1ed3n \u0111i\u1ec7n cao c\u1ea5p, ch\u1ecbu \u0111\u01b0\u1ee3c \u0111\u1ed9 giao \u0111\u1ed9ng cao 110V-240V<\/li>\n<\/ul>\n<p><img loading=\"lazy\" decoding=\"async\" class=\"aligncenter size-full wp-image-16592\" src=\"https:\/\/kawasan.vn\/wp-content\/uploads\/2023\/11\/bao-khach-I287B-1.jpg\" alt=\"\" width=\"866\" height=\"451\" srcset=\"https:\/\/kawasan.vn\/wp-content\/uploads\/2023\/11\/bao-khach-I287B-1.jpg 866w, https:\/\/kawasan.vn\/wp-content\/uploads\/2023\/11\/bao-khach-I287B-1-768x400.jpg 768w, https:\/\/kawasan.vn\/wp-content\/uploads\/2023\/11\/bao-khach-I287B-1-640x333.jpg 640w, https:\/\/kawasan.vn\/wp-content\/uploads\/2023\/11\/bao-khach-I287B-1-400x208.jpg 400w\" sizes=\"auto, (max-width: 866px) 100vw, 866px\" \/><\/p>\n<h2><span class=\"ez-toc-section\" id=\"LOI_ICH_CUA_CHUONG_BAO_KHACH_KAWASAN_I287B-RM1A\"><\/span><strong>L\u1ee2I \u00cdCH C\u1ee6A CHU\u00d4NG B\u00c1O KH\u00c1CH KAWASAN I287B-RM1A<\/strong><span class=\"ez-toc-section-end\"><\/span><\/h2>\n<ul>\n<li>D\u00f9ng \u0111\u1ec3 b\u00e1o \u0111\u1ed9ng cho nh\u1eefng v\u1ecb tr\u00ed c\u00f3 c\u1eeda l\u1eafp camera. Gi\u00fap ng\u01b0\u1eddi gi\u00e1m s\u00e1t k\u1ecbp th\u1eddi xem camera v\u00e0 nh\u1eadn bi\u1ebft c\u1eeda n\u00e0o c\u00f3 ng\u01b0\u1eddi v\u00e0 x\u1eed l\u00fd k\u1ecbp th\u1eddi\u2026<\/li>\n<li>I287B v\u1edbi t\u00ednh n\u0103ng t\u00edch h\u1ee3p 4 \u0111\u1ea7u c\u1ea3m \u1ee9ng v\u00e0o 1 chu\u00f4ng v\u00e0 1 \u0111\u1ea7u c\u1ea3m \u1ee9ng ra nhi\u1ec1u chu\u00f4ng. Ng\u01b0\u1eddi d\u00f9ng ti\u1ebft ki\u1ec7m chi ph\u00ed gi\u00e1m s\u00e1t \u0111\u01b0\u1ee3c nhi\u1ec1u c\u1eeda 1 l\u00fac\u2026<\/li>\n<li>\u0110i\u1ec1u khi\u1ec3n chu\u00f4ng qua remote t\u1eeb xa, gi\u00fap b\u1ea1n ti\u1ebft ki\u1ec7m th\u1eddi gian \u0111i l\u1ea1i b\u1eadt &#8211; t\u1eaft chu\u00f4ng khi c\u1eeda h\u00e0ng \u0111\u00f4ng kh\u00e1ch.<\/li>\n<li>\u00c2m thanh nh\u1ea1c <a href=\"https:\/\/kawasan.com.vn\/san-pham.html\/chuong-cua-chuong-bao-khach\/chuong-cua-khong-day.html\">chu\u00f4ng<\/a> l\u1edbn l\u00ean \u0111\u1ebfn 85dB gi\u00fap ng\u01b0\u1eddi d\u00f9ng c\u00f3 th\u1ec3 nghe \u1edf m\u1ecdi l\u00fac m\u1ecdi n\u01a1i<\/li>\n<\/ul>\n<div id=\"attachment_5077\" class=\"wp-caption aligncenter\">\n<figure id=\"attachment_16590\" aria-describedby=\"caption-attachment-16590\" style=\"width: 600px\" class=\"wp-caption aligncenter\"><img loading=\"lazy\" decoding=\"async\" class=\"wp-image-16590 size-full\" title=\"C\u00f3 \u0111\u1ebfn 32 ki\u1ec3u chu\u00f4ng v\u00e0 4 m\u1ee9c \u00e2m l\u01b0\u1ee3ng tu\u1ef3 ch\u1ec9nh\" src=\"https:\/\/kawasan.vn\/wp-content\/uploads\/2023\/11\/chuong-bao-khach-khong-day-vb.png\" alt=\"C\u00f3 \u0111\u1ebfn 32 ki\u1ec3u chu\u00f4ng v\u00e0 4 m\u1ee9c \u00e2m l\u01b0\u1ee3ng tu\u1ef3 ch\u1ec9nh\" width=\"600\" height=\"542\" srcset=\"https:\/\/kawasan.vn\/wp-content\/uploads\/2023\/11\/chuong-bao-khach-khong-day-vb.png 600w, https:\/\/kawasan.vn\/wp-content\/uploads\/2023\/11\/chuong-bao-khach-khong-day-vb-400x361.png 400w\" sizes=\"auto, (max-width: 600px) 100vw, 600px\" \/><figcaption id=\"caption-attachment-16590\" class=\"wp-caption-text\">C\u00f3 \u0111\u1ebfn 32 ki\u1ec3u chu\u00f4ng v\u00e0 4 m\u1ee9c \u00e2m l\u01b0\u1ee3ng tu\u1ef3 ch\u1ec9nh<\/figcaption><\/figure>\n<figure id=\"attachment_16588\" aria-describedby=\"caption-attachment-16588\" style=\"width: 600px\" class=\"wp-caption aligncenter\"><img loading=\"lazy\" decoding=\"async\" class=\"wp-image-16588 size-full\" title=\"Chu\u00f4ng b\u00e1o kh\u00e1ch kh\u00f4ng d\u00e2y c\u00f3 kh\u1ea3 n\u0103ng t\u00edch h\u1ee3p cao\" src=\"https:\/\/kawasan.vn\/wp-content\/uploads\/2023\/11\/chuong-bao-khach-i287b-vb-11.png\" alt=\"Chu\u00f4ng b\u00e1o kh\u00e1ch kh\u00f4ng d\u00e2y c\u00f3 kh\u1ea3 n\u0103ng t\u00edch h\u1ee3p cao\" width=\"600\" height=\"600\" srcset=\"https:\/\/kawasan.vn\/wp-content\/uploads\/2023\/11\/chuong-bao-khach-i287b-vb-11.png 600w, https:\/\/kawasan.vn\/wp-content\/uploads\/2023\/11\/chuong-bao-khach-i287b-vb-11-400x400.png 400w\" sizes=\"auto, (max-width: 600px) 100vw, 600px\" \/><figcaption id=\"caption-attachment-16588\" class=\"wp-caption-text\">Chu\u00f4ng b\u00e1o kh\u00e1ch kh\u00f4ng d\u00e2y c\u00f3 kh\u1ea3 n\u0103ng t\u00edch h\u1ee3p cao<\/figcaption><\/figure>\n<\/div>\n<h2><span class=\"ez-toc-section\" id=\"UNG_DUNG_CHUONG_BAO_KHACH_KHONG_DAY\"><\/span>\u1ee8NG D\u1ee4NG CHU\u00d4NG B\u00c1O KH\u00c1CH KH\u00d4NG D\u00c2Y<span class=\"ez-toc-section-end\"><\/span><\/h2>\n<p>Khi c\u00f3 ng\u01b0\u1eddi b\u01b0\u1edbc v\u00e0o th\u00ec chu\u00f4ng s\u1ebd b\u00e1o ph\u00eda trong gi\u00fap k\u1ecbp th\u1eddi \u0111\u00f3n kh\u00e1ch. Ph\u00e1t hi\u1ec7n k\u1ebb gian \u0111\u1ed9t nh\u1eadp, gi\u00fap b\u1ea3o v\u1ec7 t\u00e0i s\u1ea3n v\u00e0 an t\u00e2m h\u01a1n\u2026!<\/p>\n<ul>\n<li>D\u00f9ng trong c\u00e1c v\u0103n ph\u00f2ng, c\u1eeda h\u00e0ng ti\u1ec7n l\u1ee3i, shop th\u1eddi trang,\u2026<\/li>\n<\/ul>\n<figure id=\"attachment_16583\" aria-describedby=\"caption-attachment-16583\" style=\"width: 600px\" class=\"wp-caption aligncenter\"><img loading=\"lazy\" decoding=\"async\" class=\"wp-image-16583\" title=\"Ph\u00f9 h\u1ee3p l\u1eafp \u0111\u1eb7t b\u00e1o kh\u00e1ch cho c\u00e1c c\u1eeda h\u00e0ng trang s\u1ee9c, th\u1eddi trang\" src=\"https:\/\/kawasan.vn\/wp-content\/uploads\/2023\/11\/chuong-bao-khach-i287b-vb-1.jpg\" alt=\"Ph\u00f9 h\u1ee3p l\u1eafp \u0111\u1eb7t b\u00e1o kh\u00e1ch cho c\u00e1c c\u1eeda h\u00e0ng trang s\u1ee9c, th\u1eddi trang\" width=\"600\" height=\"600\" \/><figcaption id=\"caption-attachment-16583\" class=\"wp-caption-text\">Ph\u00f9 h\u1ee3p l\u1eafp \u0111\u1eb7t b\u00e1o kh\u00e1ch cho c\u00e1c c\u1eeda h\u00e0ng trang s\u1ee9c, th\u1eddi trang<\/figcaption><\/figure>\n<ul>\n<li>D\u00f9ng cho nh\u00e0 \u1edf, c\u0103n h\u1ed9, nh\u00e0 ngh\u1ec9, kh\u00e1ch s\u1ea1n, ph\u00f2ng kh\u00e1m\u2026\u200b<\/li>\n<\/ul>\n<figure id=\"attachment_16585\" aria-describedby=\"caption-attachment-16585\" style=\"width: 600px\" class=\"wp-caption aligncenter\"><img loading=\"lazy\" decoding=\"async\" class=\"wp-image-16585\" title=\"Mang \u0111\u1ebfn s\u1ef1 ti\u1ec7n l\u1ee3i cho ng\u01b0\u1eddi d\u00f9ng\" src=\"https:\/\/kawasan.vn\/wp-content\/uploads\/2023\/11\/chuong-bao-khach-i287b-vb-5.jpg\" alt=\"Mang \u0111\u1ebfn s\u1ef1 ti\u1ec7n l\u1ee3i cho ng\u01b0\u1eddi d\u00f9ng\" width=\"600\" height=\"308\" srcset=\"https:\/\/kawasan.vn\/wp-content\/uploads\/2023\/11\/chuong-bao-khach-i287b-vb-5-400x205.jpg 400w, https:\/\/kawasan.vn\/wp-content\/uploads\/2023\/11\/chuong-bao-khach-i287b-vb-5-450x231.jpg 450w\" sizes=\"auto, (max-width: 600px) 100vw, 600px\" \/><figcaption id=\"caption-attachment-16585\" class=\"wp-caption-text\">Mang \u0111\u1ebfn s\u1ef1 ti\u1ec7n l\u1ee3i cho ng\u01b0\u1eddi d\u00f9ng<\/figcaption><\/figure>\n<div><\/div>","protected":false},"excerpt":{"rendered":"<p>Nh\u00e0 s\u1ea3n xu\u1ea5t: KawasanM\u00e3 s\u1ea3n ph\u1ea9m: I287B-RM1AT\u00ecnh tr\u1ea1ng:C\u00f2n h\u00e0ng<\/p>","protected":false},"featured_media":16589,"comment_status":"open","ping_status":"closed","template":"","meta":{"_yoast_wpseo_focuskw":"B\u00e1o Kh\u00e1ch Kh\u00f4ng D\u00e2y","_yoast_wpseo_metadesc":"Chu\u00f4ng b\u00e1o kh\u00e1ch kh\u00f4ng d\u00e2y I287B-RM1A d\u00f9ng c\u00f4ng ngh\u1ec7 c\u1ea3m h\u1ed3ng ngo\u1ea1i si\u00eau nh\u1ea1y. Kho\u1ea3ng c\u00e1ch nh\u1eadn t\u00edn hi\u1ec7u 10-70m tu\u1ef3 v\u1eadt c\u1ea3n","_yoast_wpseo_focuskeywords":"","_yoast_wpseo_keyword_synonyms":""},"product_cat":[506,41],"product_tag":[721,1220,1223,1219,722,1227,1222,723,1228,1229,1230,1226,1027,1038,718,1039,1217,1218,719,1221,1231,1232,621,1224,1225],"class_list":["post-6377","product","type-product","status-publish","has-post-thumbnail","hentry","product_cat-chuong-bao-khach-khong-day","product_cat-chuong-cua-chuong-bao-khach","product_tag-bao-khach-khong-day","product_tag-chuong-bam-cua","product_tag-chuong-bao-cua-ra-vao","product_tag-chuong-bao-dong-khong-day","product_tag-chuong-bao-khach","product_tag-chuong-bao-khach-cho-cua-hang","product_tag-chuong-bao-khach-kawasan","product_tag-chuong-bao-khach-khong-day","product_tag-chuong-bao-trom","product_tag-chuong-cam-bien-bao-dong","product_tag-chuong-cam-bien-kawasan","product_tag-chuong-cong-ko-day","product_tag-chuong-cua","product_tag-chuong-cua-bao-khach","product_tag-chuong-cua-khong-day","product_tag-chuong-cua-thong-minh","product_tag-chuong-dien-khong-day","product_tag-chuong-goi-phuc-vu-khong-day","product_tag-chuong-khong-day","product_tag-chuong-nha","product_tag-dau-bao-cam-bien","product_tag-dau-chuong-bao-khach","product_tag-kawasan","product_tag-pin-chuong-cua","product_tag-pin-chuong-cua-khong-day"],"acf":[],"yoast_head":"<!-- This site is optimized with the Yoast SEO Premium plugin v24.9 (Yoast SEO v24.9) - https:\/\/yoast.com\/wordpress\/plugins\/seo\/ -->\n<title>B\u00e1o Kh\u00e1ch Kh\u00f4ng D\u00e2y C\u00f3 Remote \u0110i\u1ec1u Khi\u1ec3n T\u1eeb Xa I287B-RM1A - Kawasan<\/title>\n<meta name=\"description\" content=\"Chu\u00f4ng b\u00e1o kh\u00e1ch kh\u00f4ng d\u00e2y I287B-RM1A d\u00f9ng c\u00f4ng ngh\u1ec7 c\u1ea3m h\u1ed3ng ngo\u1ea1i si\u00eau nh\u1ea1y. Kho\u1ea3ng c\u00e1ch nh\u1eadn t\u00edn hi\u1ec7u 10-70m tu\u1ef3 v\u1eadt c\u1ea3n\" \/>\n<meta name=\"robots\" content=\"index, follow, max-snippet:-1, max-image-preview:large, max-video-preview:-1\" \/>\n<link rel=\"canonical\" href=\"https:\/\/kawasan.vn\/en\/product\/bao-khach-khong-day-co-remote-dieu-khien-tu-xa-i287b-rm1a\/\" \/>\n<meta property=\"og:locale\" content=\"en_US\" \/>\n<meta property=\"og:type\" content=\"article\" \/>\n<meta property=\"og:title\" content=\"B\u00e1o Kh\u00e1ch Kh\u00f4ng D\u00e2y C\u00f3 Remote \u0110i\u1ec1u Khi\u1ec3n T\u1eeb Xa I287B-RM1A\" \/>\n<meta property=\"og:description\" content=\"Chu\u00f4ng b\u00e1o kh\u00e1ch kh\u00f4ng d\u00e2y I287B-RM1A d\u00f9ng c\u00f4ng ngh\u1ec7 c\u1ea3m h\u1ed3ng ngo\u1ea1i si\u00eau nh\u1ea1y. Kho\u1ea3ng c\u00e1ch nh\u1eadn t\u00edn hi\u1ec7u 10-70m tu\u1ef3 v\u1eadt c\u1ea3n\" \/>\n<meta property=\"og:url\" content=\"https:\/\/kawasan.vn\/en\/product\/bao-khach-khong-day-co-remote-dieu-khien-tu-xa-i287b-rm1a\/\" \/>\n<meta property=\"og:site_name\" content=\"Kawasan\" \/>\n<meta property=\"article:modified_time\" content=\"2024-10-29T12:39:18+00:00\" \/>\n<meta property=\"og:image\" content=\"https:\/\/kawasan.vn\/wp-content\/uploads\/2023\/11\/chuong-bao-khach-i287b-vb-12.png\" \/>\n\t<meta property=\"og:image:width\" content=\"800\" \/>\n\t<meta property=\"og:image:height\" content=\"800\" \/>\n\t<meta property=\"og:image:type\" content=\"image\/png\" \/>\n<meta name=\"twitter:card\" content=\"summary_large_image\" \/>\n<meta name=\"twitter:label1\" content=\"Est. reading time\" \/>\n\t<meta name=\"twitter:data1\" content=\"4 minutes\" \/>\n<script type=\"application\/ld+json\" class=\"yoast-schema-graph\">{\"@context\":\"https:\/\/schema.org\",\"@graph\":[{\"@type\":\"WebPage\",\"@id\":\"https:\/\/kawasan.vn\/san-pham\/bao-khach-khong-day-co-remote-dieu-khien-tu-xa-i287b-rm1a\/\",\"url\":\"https:\/\/kawasan.vn\/san-pham\/bao-khach-khong-day-co-remote-dieu-khien-tu-xa-i287b-rm1a\/\",\"name\":\"B\u00e1o Kh\u00e1ch Kh\u00f4ng D\u00e2y C\u00f3 Remote \u0110i\u1ec1u Khi\u1ec3n T\u1eeb Xa I287B-RM1A - Kawasan\",\"isPartOf\":{\"@id\":\"https:\/\/kawasan.vn\/#website\"},\"primaryImageOfPage\":{\"@id\":\"https:\/\/kawasan.vn\/san-pham\/bao-khach-khong-day-co-remote-dieu-khien-tu-xa-i287b-rm1a\/#primaryimage\"},\"image\":{\"@id\":\"https:\/\/kawasan.vn\/san-pham\/bao-khach-khong-day-co-remote-dieu-khien-tu-xa-i287b-rm1a\/#primaryimage\"},\"thumbnailUrl\":\"https:\/\/kawasan.vn\/wp-content\/uploads\/2023\/11\/chuong-bao-khach-i287b-vb-12.png\",\"datePublished\":\"2023-11-01T05:35:25+00:00\",\"dateModified\":\"2024-10-29T12:39:18+00:00\",\"description\":\"Chu\u00f4ng b\u00e1o kh\u00e1ch kh\u00f4ng d\u00e2y I287B-RM1A d\u00f9ng c\u00f4ng ngh\u1ec7 c\u1ea3m h\u1ed3ng ngo\u1ea1i si\u00eau nh\u1ea1y. Kho\u1ea3ng c\u00e1ch nh\u1eadn t\u00edn hi\u1ec7u 10-70m tu\u1ef3 v\u1eadt c\u1ea3n\",\"breadcrumb\":{\"@id\":\"https:\/\/kawasan.vn\/san-pham\/bao-khach-khong-day-co-remote-dieu-khien-tu-xa-i287b-rm1a\/#breadcrumb\"},\"inLanguage\":\"en-US\",\"potentialAction\":[{\"@type\":\"ReadAction\",\"target\":[\"https:\/\/kawasan.vn\/san-pham\/bao-khach-khong-day-co-remote-dieu-khien-tu-xa-i287b-rm1a\/\"]}]},{\"@type\":\"ImageObject\",\"inLanguage\":\"en-US\",\"@id\":\"https:\/\/kawasan.vn\/san-pham\/bao-khach-khong-day-co-remote-dieu-khien-tu-xa-i287b-rm1a\/#primaryimage\",\"url\":\"https:\/\/kawasan.vn\/wp-content\/uploads\/2023\/11\/chuong-bao-khach-i287b-vb-12.png\",\"contentUrl\":\"https:\/\/kawasan.vn\/wp-content\/uploads\/2023\/11\/chuong-bao-khach-i287b-vb-12.png\",\"width\":800,\"height\":800},{\"@type\":\"BreadcrumbList\",\"@id\":\"https:\/\/kawasan.vn\/san-pham\/bao-khach-khong-day-co-remote-dieu-khien-tu-xa-i287b-rm1a\/#breadcrumb\",\"itemListElement\":[{\"@type\":\"ListItem\",\"position\":1,\"name\":\"Trang ch\u1ee7\",\"item\":\"https:\/\/kawasan.vn\/\"},{\"@type\":\"ListItem\",\"position\":2,\"name\":\"S\u1ea3n ph\u1ea9m\",\"item\":\"https:\/\/kawasan.vn\/san-pham\/\"},{\"@type\":\"ListItem\",\"position\":3,\"name\":\"B\u00e1o Kh\u00e1ch Kh\u00f4ng D\u00e2y C\u00f3 Remote \u0110i\u1ec1u Khi\u1ec3n T\u1eeb Xa I287B-RM1A\"}]},{\"@type\":\"WebSite\",\"@id\":\"https:\/\/kawasan.vn\/#website\",\"url\":\"https:\/\/kawasan.vn\/\",\"name\":\"Kawasan\",\"description\":\"\",\"potentialAction\":[{\"@type\":\"SearchAction\",\"target\":{\"@type\":\"EntryPoint\",\"urlTemplate\":\"https:\/\/kawasan.vn\/?s={search_term_string}\"},\"query-input\":{\"@type\":\"PropertyValueSpecification\",\"valueRequired\":true,\"valueName\":\"search_term_string\"}}],\"inLanguage\":\"en-US\"}]}<\/script>\n<!-- \/ Yoast SEO Premium plugin. -->","yoast_head_json":{"title":"B\u00e1o Kh\u00e1ch Kh\u00f4ng D\u00e2y C\u00f3 Remote \u0110i\u1ec1u Khi\u1ec3n T\u1eeb Xa I287B-RM1A - Kawasan","description":"Chu\u00f4ng b\u00e1o kh\u00e1ch kh\u00f4ng d\u00e2y I287B-RM1A d\u00f9ng c\u00f4ng ngh\u1ec7 c\u1ea3m h\u1ed3ng ngo\u1ea1i si\u00eau nh\u1ea1y. Kho\u1ea3ng c\u00e1ch nh\u1eadn t\u00edn hi\u1ec7u 10-70m tu\u1ef3 v\u1eadt c\u1ea3n","robots":{"index":"index","follow":"follow","max-snippet":"max-snippet:-1","max-image-preview":"max-image-preview:large","max-video-preview":"max-video-preview:-1"},"canonical":"https:\/\/kawasan.vn\/en\/product\/bao-khach-khong-day-co-remote-dieu-khien-tu-xa-i287b-rm1a\/","og_locale":"en_US","og_type":"article","og_title":"B\u00e1o Kh\u00e1ch Kh\u00f4ng D\u00e2y C\u00f3 Remote \u0110i\u1ec1u Khi\u1ec3n T\u1eeb Xa I287B-RM1A","og_description":"Chu\u00f4ng b\u00e1o kh\u00e1ch kh\u00f4ng d\u00e2y I287B-RM1A d\u00f9ng c\u00f4ng ngh\u1ec7 c\u1ea3m h\u1ed3ng ngo\u1ea1i si\u00eau nh\u1ea1y. Kho\u1ea3ng c\u00e1ch nh\u1eadn t\u00edn hi\u1ec7u 10-70m tu\u1ef3 v\u1eadt c\u1ea3n","og_url":"https:\/\/kawasan.vn\/en\/product\/bao-khach-khong-day-co-remote-dieu-khien-tu-xa-i287b-rm1a\/","og_site_name":"Kawasan","article_modified_time":"2024-10-29T12:39:18+00:00","og_image":[{"width":800,"height":800,"url":"https:\/\/kawasan.vn\/wp-content\/uploads\/2023\/11\/chuong-bao-khach-i287b-vb-12.png","type":"image\/png"}],"twitter_card":"summary_large_image","twitter_misc":{"Est. reading time":"4 minutes"},"schema":{"@context":"https:\/\/schema.org","@graph":[{"@type":"WebPage","@id":"https:\/\/kawasan.vn\/san-pham\/bao-khach-khong-day-co-remote-dieu-khien-tu-xa-i287b-rm1a\/","url":"https:\/\/kawasan.vn\/san-pham\/bao-khach-khong-day-co-remote-dieu-khien-tu-xa-i287b-rm1a\/","name":"B\u00e1o Kh\u00e1ch Kh\u00f4ng D\u00e2y C\u00f3 Remote \u0110i\u1ec1u Khi\u1ec3n T\u1eeb Xa I287B-RM1A - Kawasan","isPartOf":{"@id":"https:\/\/kawasan.vn\/#website"},"primaryImageOfPage":{"@id":"https:\/\/kawasan.vn\/san-pham\/bao-khach-khong-day-co-remote-dieu-khien-tu-xa-i287b-rm1a\/#primaryimage"},"image":{"@id":"https:\/\/kawasan.vn\/san-pham\/bao-khach-khong-day-co-remote-dieu-khien-tu-xa-i287b-rm1a\/#primaryimage"},"thumbnailUrl":"https:\/\/kawasan.vn\/wp-content\/uploads\/2023\/11\/chuong-bao-khach-i287b-vb-12.png","datePublished":"2023-11-01T05:35:25+00:00","dateModified":"2024-10-29T12:39:18+00:00","description":"Chu\u00f4ng b\u00e1o kh\u00e1ch kh\u00f4ng d\u00e2y I287B-RM1A d\u00f9ng c\u00f4ng ngh\u1ec7 c\u1ea3m h\u1ed3ng ngo\u1ea1i si\u00eau nh\u1ea1y. Kho\u1ea3ng c\u00e1ch nh\u1eadn t\u00edn hi\u1ec7u 10-70m tu\u1ef3 v\u1eadt c\u1ea3n","breadcrumb":{"@id":"https:\/\/kawasan.vn\/san-pham\/bao-khach-khong-day-co-remote-dieu-khien-tu-xa-i287b-rm1a\/#breadcrumb"},"inLanguage":"en-US","potentialAction":[{"@type":"ReadAction","target":["https:\/\/kawasan.vn\/san-pham\/bao-khach-khong-day-co-remote-dieu-khien-tu-xa-i287b-rm1a\/"]}]},{"@type":"ImageObject","inLanguage":"en-US","@id":"https:\/\/kawasan.vn\/san-pham\/bao-khach-khong-day-co-remote-dieu-khien-tu-xa-i287b-rm1a\/#primaryimage","url":"https:\/\/kawasan.vn\/wp-content\/uploads\/2023\/11\/chuong-bao-khach-i287b-vb-12.png","contentUrl":"https:\/\/kawasan.vn\/wp-content\/uploads\/2023\/11\/chuong-bao-khach-i287b-vb-12.png","width":800,"height":800},{"@type":"BreadcrumbList","@id":"https:\/\/kawasan.vn\/san-pham\/bao-khach-khong-day-co-remote-dieu-khien-tu-xa-i287b-rm1a\/#breadcrumb","itemListElement":[{"@type":"ListItem","position":1,"name":"Trang ch\u1ee7","item":"https:\/\/kawasan.vn\/"},{"@type":"ListItem","position":2,"name":"S\u1ea3n ph\u1ea9m","item":"https:\/\/kawasan.vn\/san-pham\/"},{"@type":"ListItem","position":3,"name":"B\u00e1o Kh\u00e1ch Kh\u00f4ng D\u00e2y C\u00f3 Remote \u0110i\u1ec1u Khi\u1ec3n T\u1eeb Xa I287B-RM1A"}]},{"@type":"WebSite","@id":"https:\/\/kawasan.vn\/#website","url":"https:\/\/kawasan.vn\/","name":"Kawasan","description":"","potentialAction":[{"@type":"SearchAction","target":{"@type":"EntryPoint","urlTemplate":"https:\/\/kawasan.vn\/?s={search_term_string}"},"query-input":{"@type":"PropertyValueSpecification","valueRequired":true,"valueName":"search_term_string"}}],"inLanguage":"en-US"}]}},"_links":{"self":[{"href":"https:\/\/kawasan.vn\/en\/wp-json\/wp\/v2\/product\/6377","targetHints":{"allow":["GET"]}}],"collection":[{"href":"https:\/\/kawasan.vn\/en\/wp-json\/wp\/v2\/product"}],"about":[{"href":"https:\/\/kawasan.vn\/en\/wp-json\/wp\/v2\/types\/product"}],"replies":[{"embeddable":true,"href":"https:\/\/kawasan.vn\/en\/wp-json\/wp\/v2\/comments?post=6377"}],"version-history":[{"count":2,"href":"https:\/\/kawasan.vn\/en\/wp-json\/wp\/v2\/product\/6377\/revisions"}],"predecessor-version":[{"id":26336,"href":"https:\/\/kawasan.vn\/en\/wp-json\/wp\/v2\/product\/6377\/revisions\/26336"}],"wp:featuredmedia":[{"embeddable":true,"href":"https:\/\/kawasan.vn\/en\/wp-json\/wp\/v2\/media\/16589"}],"wp:attachment":[{"href":"https:\/\/kawasan.vn\/en\/wp-json\/wp\/v2\/media?parent=6377"}],"wp:term":[{"taxonomy":"product_cat","embeddable":true,"href":"https:\/\/kawasan.vn\/en\/wp-json\/wp\/v2\/product_cat?post=6377"},{"taxonomy":"product_tag","embeddable":true,"href":"https:\/\/kawasan.vn\/en\/wp-json\/wp\/v2\/product_tag?post=6377"}],"curies":[{"name":"wp","href":"https:\/\/api.w.org\/{rel}","templated":true}]}}