{"id":6367,"date":"2023-11-01T05:34:51","date_gmt":"2023-11-01T05:34:51","guid":{"rendered":"https:\/\/kawasan.123websitedev.com\/product\/phu-kien-tich-hop-them-chuong-cua-d66d\/"},"modified":"2025-10-25T11:27:34","modified_gmt":"2025-10-25T04:27:34","slug":"nut-bam-chuong-d66d","status":"publish","type":"product","link":"https:\/\/kawasan.vn\/en\/product\/nut-bam-chuong-d66d\/","title":{"rendered":"N\u00fat b\u1ea5m chu\u00f4ng D66D"},"content":{"rendered":"<div class=\"tab-content\">\n<h3><strong><a href=\"https:\/\/thegioidienthongminh.com\/\">N\u00fat b\u1ea5m chu\u00f4ng<\/a> D66D d\u00f9ng Pin <a href=\"https:\/\/kawasan.vn\/en\/\">Kawasan<\/a>\u00a0<\/strong><\/h3>\n<p>\u2022 D\u00f9ng c\u00f4ng ngh\u1ec7 h\u1ecdc s\u00f3ng v\u00e0<br \/>\nghi nh\u1edb m\u00e3 s\u00f3ng ri\u00eang bi\u1ec7t<br \/>\n\u2022 C\u00f3 th\u1ec3 Reset\/ X\u00f3a m\u00e3 s\u00f3ng<br \/>\nkhi kh\u00f4ng mu\u1ed1n t\u00edch h\u1ee3p ho\u1eb7c<br \/>\nchuy\u1ec3n qua v\u1ecb tr\u00ed kh\u00e1c<br \/>\n\u2022 4 n\u00fat nh\u1ea5n \/ \u0111\u1ea7u c\u1ea3m \u1ee9ng c\u00f3<br \/>\nth\u1ec3 t\u00edch h\u1ee3p v\u00e0o 1 chu\u00f4ng hay<br \/>\nv\u00e0o nhi\u1ec1u chu\u00f4ng<br \/>\n\u2022 1 n\u00fat nh\u1ea5n \/ c\u1ea3m \u1ee9ng c\u00f3 th\u1ec3<br \/>\nc\u00f3 v\u00f4 s\u1ed1 chu\u00f4ng<\/p>\n<p>N\u00fat nh\u1ea5n chu\u00f4ng c\u1eeda kh\u00f4ng d\u00e2y t\u00edch h\u1ee3p v\u1edbi chu\u00f4ng c\u1eeda, chu\u00f4ng b\u00e1o kh\u00e1ch kawasan s\u00f3ng Rf433 Mhz D66D T\u00edch h\u1ee3p v\u1edbi c\u00e1c chu\u00f4ng c\u1eeda nh\u01b0: DB667, DB667D, DB667CE, DB668, DB668B, DB669,&#8230; T\u00edch h\u1ee3p v\u1edbi c\u00e1c c\u1ea3m \u1ee9ng b\u00e1o kh\u00e1ch nh\u01b0: I287, I287E, I287B,&#8230;. \u0110\u00e2y l\u00e0 n\u00fat nh\u1ea5n ph\u1ee5 ki\u1ec7n ch\u01b0a bao g\u1ed3m chu\u00f4ng s\u1eed s\u1ee5ng pin 12V, t\u1ea7n s\u1ed1 ph\u00e1t s\u00f3ng 433Mhz,<\/p>\n<p>Ch\u00fang t\u00f4i c\u00f3 m\u1ea1ng l\u01b0\u1edbi chi nh\u00e1nh v\u0103n ph\u00f2ng t\u1ea1i c\u00e1c th\u00e0nh ph\u1ed1 l\u1edbn tr\u00ean l\u00e3nh th\u1ed5\u00a0Vi\u1ec7t Nam\u00a0g\u1ed3m:<\/p>\n<ol>\n<li><b>Tr\u1ee5 s\u1edf ch\u00ednh:<\/b>\u00a0<i>S\u1ed1 23-25\u00a0\u0110\u01b0\u1eddng S\u1ed1 7, Khu Nh\u00e0 \u1edf V\u1ea1n Ph\u00fac, KP5, Ph\u01b0\u1eddng Hi\u1ec7p B\u00ecnh Ph\u01b0\u1edbc,\u00a0Th\u00e0nh ph\u1ed1\u00a0Th\u1ee7 \u0110\u1ee9c,\u00a0Th\u00e0nh ph\u1ed1\u00a0H\u1ed3 Ch\u00ed Minh.<\/i><\/li>\n<li><b>Chi Nh\u00e1nh\u00a0H\u00e0 N\u1ed9i:<\/b>\u00a0<i>26 \u0110\u01b0\u1eddng L\u00e1ng, T\u1ea7ng 1, Ph\u00f2ng 168,\u00a0Ph\u01b0\u1eddng\u00a0Ng\u00e3 T\u01b0 S\u1edf,\u00a0Qu\u1eadn\u00a0\u0110\u1ed1ng \u0110a,\u00a0Th\u00e0nh ph\u1ed1\u00a0H\u00e0 N\u1ed9i.<\/i><\/li>\n<li><b>V\u0103n Ph\u00f2ng \u0110\u1ea1i Di\u1ec7n t\u1ea1i \u0110\u00e0 N\u1eb5ng:<\/b>\u00a0<i>S\u1ed1 03, \u0110\u01b0\u1eddng 30\/4 (2F),\u00a0Qu\u1eadn\u00a0H\u1ea3i Ch\u00e2u,\u00a0Th\u00e0nh ph\u1ed1\u00a0\u0110\u00e0 N\u1eb5ng.<\/i><\/li>\n<\/ol>\n<\/div>","protected":false},"excerpt":{"rendered":"<p>M\u00e3 s\u1ea3n ph\u1ea9m: D66DT\u00ecnh tr\u1ea1ng:C\u00f2n h\u00e0ng<\/p>","protected":false},"featured_media":28940,"comment_status":"open","ping_status":"closed","template":"","meta":{"_yoast_wpseo_focuskw":"N\u00fat b\u1ea5m chu\u00f4ng D66D","_yoast_wpseo_metadesc":"N\u00fat b\u1ea5m chu\u00f4ng D66D \u2022 D\u00f9ng c\u00f4ng ngh\u1ec7 h\u1ecdc s\u00f3ng v\u00e0 ghi nh\u1edb m\u00e3 s\u00f3ng ri\u00eang bi\u1ec7t\u2022 C\u00f3 th\u1ec3 x\u00f3a m\u00e3 s\u00f3ng khi kh\u00f4ng mu\u1ed1n t\u00edch h\u1ee3p ho\u1eb7c chuy\u1ec3n qua v\u1ecb tr\u00ed kh\u00e1c.","_yoast_wpseo_focuskeywords":"","_yoast_wpseo_keyword_synonyms":""},"product_cat":[41],"product_tag":[1220,1419,1029,1421,1420],"class_list":["post-6367","product","type-product","status-publish","has-post-thumbnail","hentry","product_cat-chuong-cua-chuong-bao-khach","product_tag-chuong-bam-cua","product_tag-chuong-bam-khong-day","product_tag-nut-bam-chuong","product_tag-nut-bam-chuong-cua","product_tag-nut-bam-dieu-khien-tu-xa"],"acf":[],"yoast_head":"<!-- This site is optimized with the Yoast SEO Premium plugin v24.9 (Yoast SEO v24.9) - https:\/\/yoast.com\/wordpress\/plugins\/seo\/ -->\n<title>N\u00fat b\u1ea5m chu\u00f4ng D66D - Kawasan<\/title>\n<meta name=\"description\" content=\"N\u00fat b\u1ea5m chu\u00f4ng D66D \u2022 D\u00f9ng c\u00f4ng ngh\u1ec7 h\u1ecdc s\u00f3ng v\u00e0 ghi nh\u1edb m\u00e3 s\u00f3ng ri\u00eang bi\u1ec7t\u2022 C\u00f3 th\u1ec3 x\u00f3a m\u00e3 s\u00f3ng khi kh\u00f4ng mu\u1ed1n t\u00edch h\u1ee3p ho\u1eb7c chuy\u1ec3n qua v\u1ecb tr\u00ed kh\u00e1c.\" \/>\n<meta name=\"robots\" content=\"index, follow, max-snippet:-1, max-image-preview:large, max-video-preview:-1\" \/>\n<link rel=\"canonical\" href=\"https:\/\/kawasan.vn\/en\/product\/nut-bam-chuong-d66d\/\" \/>\n<meta property=\"og:locale\" content=\"en_US\" \/>\n<meta property=\"og:type\" content=\"article\" \/>\n<meta property=\"og:title\" content=\"N\u00fat b\u1ea5m chu\u00f4ng D66D\" \/>\n<meta property=\"og:description\" content=\"N\u00fat b\u1ea5m chu\u00f4ng D66D \u2022 D\u00f9ng c\u00f4ng ngh\u1ec7 h\u1ecdc s\u00f3ng v\u00e0 ghi nh\u1edb m\u00e3 s\u00f3ng ri\u00eang bi\u1ec7t\u2022 C\u00f3 th\u1ec3 x\u00f3a m\u00e3 s\u00f3ng khi kh\u00f4ng mu\u1ed1n t\u00edch h\u1ee3p ho\u1eb7c chuy\u1ec3n qua v\u1ecb tr\u00ed kh\u00e1c.\" \/>\n<meta property=\"og:url\" content=\"https:\/\/kawasan.vn\/en\/product\/nut-bam-chuong-d66d\/\" \/>\n<meta property=\"og:site_name\" content=\"Kawasan\" \/>\n<meta property=\"article:modified_time\" content=\"2025-10-25T04:27:34+00:00\" \/>\n<meta property=\"og:image\" content=\"https:\/\/kawasan.vn\/wp-content\/uploads\/2023\/11\/4-2.png\" \/>\n\t<meta property=\"og:image:width\" content=\"900\" \/>\n\t<meta property=\"og:image:height\" content=\"900\" \/>\n\t<meta property=\"og:image:type\" content=\"image\/png\" \/>\n<meta name=\"twitter:card\" content=\"summary_large_image\" \/>\n<meta name=\"twitter:label1\" content=\"Est. reading time\" \/>\n\t<meta name=\"twitter:data1\" content=\"2 minutes\" \/>\n<script type=\"application\/ld+json\" class=\"yoast-schema-graph\">{\"@context\":\"https:\/\/schema.org\",\"@graph\":[{\"@type\":\"WebPage\",\"@id\":\"https:\/\/kawasan.vn\/san-pham\/nut-bam-chuong-d66d\/\",\"url\":\"https:\/\/kawasan.vn\/san-pham\/nut-bam-chuong-d66d\/\",\"name\":\"N\u00fat b\u1ea5m chu\u00f4ng D66D - Kawasan\",\"isPartOf\":{\"@id\":\"https:\/\/kawasan.vn\/#website\"},\"primaryImageOfPage\":{\"@id\":\"https:\/\/kawasan.vn\/san-pham\/nut-bam-chuong-d66d\/#primaryimage\"},\"image\":{\"@id\":\"https:\/\/kawasan.vn\/san-pham\/nut-bam-chuong-d66d\/#primaryimage\"},\"thumbnailUrl\":\"https:\/\/kawasan.vn\/wp-content\/uploads\/2023\/11\/4-2.png\",\"datePublished\":\"2023-11-01T05:34:51+00:00\",\"dateModified\":\"2025-10-25T04:27:34+00:00\",\"description\":\"N\u00fat b\u1ea5m chu\u00f4ng D66D \u2022 D\u00f9ng c\u00f4ng ngh\u1ec7 h\u1ecdc s\u00f3ng v\u00e0 ghi nh\u1edb m\u00e3 s\u00f3ng ri\u00eang bi\u1ec7t\u2022 C\u00f3 th\u1ec3 x\u00f3a m\u00e3 s\u00f3ng khi kh\u00f4ng mu\u1ed1n t\u00edch h\u1ee3p ho\u1eb7c chuy\u1ec3n qua v\u1ecb tr\u00ed kh\u00e1c.\",\"breadcrumb\":{\"@id\":\"https:\/\/kawasan.vn\/san-pham\/nut-bam-chuong-d66d\/#breadcrumb\"},\"inLanguage\":\"en-US\",\"potentialAction\":[{\"@type\":\"ReadAction\",\"target\":[\"https:\/\/kawasan.vn\/san-pham\/nut-bam-chuong-d66d\/\"]}]},{\"@type\":\"ImageObject\",\"inLanguage\":\"en-US\",\"@id\":\"https:\/\/kawasan.vn\/san-pham\/nut-bam-chuong-d66d\/#primaryimage\",\"url\":\"https:\/\/kawasan.vn\/wp-content\/uploads\/2023\/11\/4-2.png\",\"contentUrl\":\"https:\/\/kawasan.vn\/wp-content\/uploads\/2023\/11\/4-2.png\",\"width\":900,\"height\":900},{\"@type\":\"BreadcrumbList\",\"@id\":\"https:\/\/kawasan.vn\/san-pham\/nut-bam-chuong-d66d\/#breadcrumb\",\"itemListElement\":[{\"@type\":\"ListItem\",\"position\":1,\"name\":\"Trang ch\u1ee7\",\"item\":\"https:\/\/kawasan.vn\/\"},{\"@type\":\"ListItem\",\"position\":2,\"name\":\"S\u1ea3n ph\u1ea9m\",\"item\":\"https:\/\/kawasan.vn\/san-pham\/\"},{\"@type\":\"ListItem\",\"position\":3,\"name\":\"N\u00fat b\u1ea5m chu\u00f4ng D66D\"}]},{\"@type\":\"WebSite\",\"@id\":\"https:\/\/kawasan.vn\/#website\",\"url\":\"https:\/\/kawasan.vn\/\",\"name\":\"Kawasan\",\"description\":\"\",\"potentialAction\":[{\"@type\":\"SearchAction\",\"target\":{\"@type\":\"EntryPoint\",\"urlTemplate\":\"https:\/\/kawasan.vn\/?s={search_term_string}\"},\"query-input\":{\"@type\":\"PropertyValueSpecification\",\"valueRequired\":true,\"valueName\":\"search_term_string\"}}],\"inLanguage\":\"en-US\"}]}<\/script>\n<!-- \/ Yoast SEO Premium plugin. -->","yoast_head_json":{"title":"N\u00fat b\u1ea5m chu\u00f4ng D66D - Kawasan","description":"N\u00fat b\u1ea5m chu\u00f4ng D66D \u2022 D\u00f9ng c\u00f4ng ngh\u1ec7 h\u1ecdc s\u00f3ng v\u00e0 ghi nh\u1edb m\u00e3 s\u00f3ng ri\u00eang bi\u1ec7t\u2022 C\u00f3 th\u1ec3 x\u00f3a m\u00e3 s\u00f3ng khi kh\u00f4ng mu\u1ed1n t\u00edch h\u1ee3p ho\u1eb7c chuy\u1ec3n qua v\u1ecb tr\u00ed kh\u00e1c.","robots":{"index":"index","follow":"follow","max-snippet":"max-snippet:-1","max-image-preview":"max-image-preview:large","max-video-preview":"max-video-preview:-1"},"canonical":"https:\/\/kawasan.vn\/en\/product\/nut-bam-chuong-d66d\/","og_locale":"en_US","og_type":"article","og_title":"N\u00fat b\u1ea5m chu\u00f4ng D66D","og_description":"N\u00fat b\u1ea5m chu\u00f4ng D66D \u2022 D\u00f9ng c\u00f4ng ngh\u1ec7 h\u1ecdc s\u00f3ng v\u00e0 ghi nh\u1edb m\u00e3 s\u00f3ng ri\u00eang bi\u1ec7t\u2022 C\u00f3 th\u1ec3 x\u00f3a m\u00e3 s\u00f3ng khi kh\u00f4ng mu\u1ed1n t\u00edch h\u1ee3p ho\u1eb7c chuy\u1ec3n qua v\u1ecb tr\u00ed kh\u00e1c.","og_url":"https:\/\/kawasan.vn\/en\/product\/nut-bam-chuong-d66d\/","og_site_name":"Kawasan","article_modified_time":"2025-10-25T04:27:34+00:00","og_image":[{"width":900,"height":900,"url":"https:\/\/kawasan.vn\/wp-content\/uploads\/2023\/11\/4-2.png","type":"image\/png"}],"twitter_card":"summary_large_image","twitter_misc":{"Est. reading time":"2 minutes"},"schema":{"@context":"https:\/\/schema.org","@graph":[{"@type":"WebPage","@id":"https:\/\/kawasan.vn\/san-pham\/nut-bam-chuong-d66d\/","url":"https:\/\/kawasan.vn\/san-pham\/nut-bam-chuong-d66d\/","name":"N\u00fat b\u1ea5m chu\u00f4ng D66D - Kawasan","isPartOf":{"@id":"https:\/\/kawasan.vn\/#website"},"primaryImageOfPage":{"@id":"https:\/\/kawasan.vn\/san-pham\/nut-bam-chuong-d66d\/#primaryimage"},"image":{"@id":"https:\/\/kawasan.vn\/san-pham\/nut-bam-chuong-d66d\/#primaryimage"},"thumbnailUrl":"https:\/\/kawasan.vn\/wp-content\/uploads\/2023\/11\/4-2.png","datePublished":"2023-11-01T05:34:51+00:00","dateModified":"2025-10-25T04:27:34+00:00","description":"N\u00fat b\u1ea5m chu\u00f4ng D66D \u2022 D\u00f9ng c\u00f4ng ngh\u1ec7 h\u1ecdc s\u00f3ng v\u00e0 ghi nh\u1edb m\u00e3 s\u00f3ng ri\u00eang bi\u1ec7t\u2022 C\u00f3 th\u1ec3 x\u00f3a m\u00e3 s\u00f3ng khi kh\u00f4ng mu\u1ed1n t\u00edch h\u1ee3p ho\u1eb7c chuy\u1ec3n qua v\u1ecb tr\u00ed kh\u00e1c.","breadcrumb":{"@id":"https:\/\/kawasan.vn\/san-pham\/nut-bam-chuong-d66d\/#breadcrumb"},"inLanguage":"en-US","potentialAction":[{"@type":"ReadAction","target":["https:\/\/kawasan.vn\/san-pham\/nut-bam-chuong-d66d\/"]}]},{"@type":"ImageObject","inLanguage":"en-US","@id":"https:\/\/kawasan.vn\/san-pham\/nut-bam-chuong-d66d\/#primaryimage","url":"https:\/\/kawasan.vn\/wp-content\/uploads\/2023\/11\/4-2.png","contentUrl":"https:\/\/kawasan.vn\/wp-content\/uploads\/2023\/11\/4-2.png","width":900,"height":900},{"@type":"BreadcrumbList","@id":"https:\/\/kawasan.vn\/san-pham\/nut-bam-chuong-d66d\/#breadcrumb","itemListElement":[{"@type":"ListItem","position":1,"name":"Trang ch\u1ee7","item":"https:\/\/kawasan.vn\/"},{"@type":"ListItem","position":2,"name":"S\u1ea3n ph\u1ea9m","item":"https:\/\/kawasan.vn\/san-pham\/"},{"@type":"ListItem","position":3,"name":"N\u00fat b\u1ea5m chu\u00f4ng D66D"}]},{"@type":"WebSite","@id":"https:\/\/kawasan.vn\/#website","url":"https:\/\/kawasan.vn\/","name":"Kawasan","description":"","potentialAction":[{"@type":"SearchAction","target":{"@type":"EntryPoint","urlTemplate":"https:\/\/kawasan.vn\/?s={search_term_string}"},"query-input":{"@type":"PropertyValueSpecification","valueRequired":true,"valueName":"search_term_string"}}],"inLanguage":"en-US"}]}},"_links":{"self":[{"href":"https:\/\/kawasan.vn\/en\/wp-json\/wp\/v2\/product\/6367","targetHints":{"allow":["GET"]}}],"collection":[{"href":"https:\/\/kawasan.vn\/en\/wp-json\/wp\/v2\/product"}],"about":[{"href":"https:\/\/kawasan.vn\/en\/wp-json\/wp\/v2\/types\/product"}],"replies":[{"embeddable":true,"href":"https:\/\/kawasan.vn\/en\/wp-json\/wp\/v2\/comments?post=6367"}],"version-history":[{"count":3,"href":"https:\/\/kawasan.vn\/en\/wp-json\/wp\/v2\/product\/6367\/revisions"}],"predecessor-version":[{"id":20039,"href":"https:\/\/kawasan.vn\/en\/wp-json\/wp\/v2\/product\/6367\/revisions\/20039"}],"wp:featuredmedia":[{"embeddable":true,"href":"https:\/\/kawasan.vn\/en\/wp-json\/wp\/v2\/media\/28940"}],"wp:attachment":[{"href":"https:\/\/kawasan.vn\/en\/wp-json\/wp\/v2\/media?parent=6367"}],"wp:term":[{"taxonomy":"product_cat","embeddable":true,"href":"https:\/\/kawasan.vn\/en\/wp-json\/wp\/v2\/product_cat?post=6367"},{"taxonomy":"product_tag","embeddable":true,"href":"https:\/\/kawasan.vn\/en\/wp-json\/wp\/v2\/product_tag?post=6367"}],"curies":[{"name":"wp","href":"https:\/\/api.w.org\/{rel}","templated":true}]}}