{"id":6365,"date":"2023-11-01T05:34:44","date_gmt":"2023-11-01T05:34:44","guid":{"rendered":"https:\/\/kawasan.123websitedev.com\/product\/phu-kien-them-chuong-cua-b8a\/"},"modified":"2026-02-02T15:25:57","modified_gmt":"2026-02-02T08:25:57","slug":"chuong-cua-b8a","status":"publish","type":"product","link":"https:\/\/kawasan.vn\/en\/product\/chuong-cua-b8a\/","title":{"rendered":"Chu\u00f4ng C\u1eeda B8A"},"content":{"rendered":"<div class=\"tab-content\">\n<p><a href=\"https:\/\/thegioidienthongminh.com\/danh-muc\/chuong-cua-chuong-bao-khach\/\">Chu\u00f4ng c\u1eeda<\/a> B8A kh\u00f4ng d\u00e2y d\u00f9ng \u0111i\u1ec7n 220V, nh\u1eadn s\u00f3ng RF 433Mh. Kho\u1ea3ng c\u00e1ch nh\u1eadn t\u00edn hi\u1ec7u 40-70m (kh\u00f4ng v\u1eadt c\u1ea3n), 20-30m (c\u00f3 1 l\u1edbp v\u1eadt c\u1ea3n), t\u00edch h\u1ee3p nh\u1eadn th\u00eam t\u1eeb 4-5 \u0111\u1ea7u c\u1ea3m \u1ee9ng ho\u1eb7c n\u00fat nh\u1ea5n chu\u00f4ng. C\u00f3 32 ki\u1ec3u chu\u00f4ng b\u00e1o v\u00e0 4 m\u1ee9c \u00e2m l\u01b0\u1ee3ng tu\u1ef3 ch\u1ec9nh. <strong><a href=\"https:\/\/kawasan.vn\/en\/product-category\/chuong-cua-chuong-bao-khach\/\">Kawasan \u0111a d\u1ea1ng c\u00e1c m\u1eabu chu\u00f4ng b\u00e1o th\u00f4ng minh.<\/a><\/strong><\/p>\n<figure id=\"attachment_16629\" aria-describedby=\"caption-attachment-16629\" style=\"width: 600px\" class=\"wp-caption aligncenter\"><img loading=\"lazy\" decoding=\"async\" class=\"wp-image-16629\" title=\"C\u00f3 th\u1ec3 k\u1ebft h\u1ee3p v\u1edbi n\u00fat b\u1ea5m ho\u1eb7c \u0111\u1ea7u c\u1ea3m \u1ee9ng\" src=\"https:\/\/kawasan.vn\/wp-content\/uploads\/2023\/11\/chuontg-bao-khach-chuong-cua-i618a-d-1.jpg\" alt=\"C\u00f3 th\u1ec3 k\u1ebft h\u1ee3p v\u1edbi n\u00fat b\u1ea5m ho\u1eb7c \u0111\u1ea7u c\u1ea3m \u1ee9ng\" width=\"600\" height=\"632\" \/><figcaption id=\"caption-attachment-16629\" class=\"wp-caption-text\">C\u00f3 th\u1ec3 k\u1ebft h\u1ee3p v\u1edbi n\u00fat b\u1ea5m ho\u1eb7c \u0111\u1ea7u c\u1ea3m \u1ee9ng<\/figcaption><\/figure>\n<h2 id=\"C\u00e1ch_th\u1ee9c_ho\u1ea1t_\u0111\u1ed9ng_c\u1ee7a_chu\u00f4ng_c\u1eeda_kh\u00f4ng_d\u00e2y_nh\u01b0_th\u1ebf_n\u00e0o?\"><strong>C\u00e1ch th\u1ee9c ho\u1ea1t \u0111\u1ed9ng c\u1ee7a chu\u00f4ng c\u1eeda B8A kh\u00f4ng d\u00e2y nh\u01b0 th\u1ebf n\u00e0o?<\/strong><\/h2>\n<p>Khi nh\u1ea5n chu\u00f4ng c\u1eeda B8A, t\u00edn hi\u1ec7u s\u1ebd \u0111\u01b0\u1ee3c thu th\u1eadp v\u00e0 truy\u1ec1n \u0111\u1ebfn b\u1ed9 thu t\u00edn hi\u1ec7u \u0111\u1ea7u ngu\u1ed3n. L\u00fac n\u00e0y, t\u00edn hi\u1ec7u \u0111i\u1ec7n s\u1ebd \u0111\u01b0\u1ee3c chuy\u1ec3n th\u00e0nh s\u00f3ng v\u1edbi t\u1ea7n s\u1ed1 t\u01b0\u01a1ng th\u00edch v\u1edbi b\u1ed9 ph\u00e1t l\u1eafp \u0111\u1eb7t trong nh\u00e0. Khi b\u1ed9 ph\u00e1t nh\u1eadn \u0111\u01b0\u1ee3c s\u00f3ng t\u00edn hi\u1ec7u, s\u1ebd chuy\u1ec3n \u0111\u1ed5i th\u00e0nh l\u1ec7nh \u0111i\u1ec1u khi\u1ec3n c\u00f2i k\u00eau. B\u00e1o hi\u1ec7u cho ch\u1ee7 nh\u00e0 bi\u1ebft cho kh\u00e1ch \u0111\u1ebfn. Ngo\u00e0i ra, \u1edf m\u1ed9t s\u1ed1 thi\u1ebft b\u1ecb, t\u00edn hi\u1ec7u b\u00e1o c\u00f2n c\u00f3 t\u00edch h\u1ee3p \u0111\u00e8n flash \u0111\u1ec3 c\u1ea3nh b\u00e1o b\u1eb1ng \u00e1nh s\u00e1ng, cho nh\u1eefng ng\u01b0\u1eddi khi\u1ebfm th\u00ednh.<\/p>\n<\/div>","protected":false},"excerpt":{"rendered":"<p>M\u00e3 s\u1ea3n ph\u1ea9m: B8AT\u00ecnh tr\u1ea1ng:C\u00f2n h\u00e0ng<\/p>","protected":false},"featured_media":28946,"comment_status":"open","ping_status":"closed","template":"","meta":{"_yoast_wpseo_focuskw":"Chu\u00f4ng C\u1eeda B8A","_yoast_wpseo_metadesc":"Chu\u00f4ng c\u1eeda B8A kh\u00f4ng d\u00e2y d\u00f9ng \u0111i\u1ec7n 220V, nh\u1eadn s\u00f3ng RF 433Mh. Kho\u1ea3ng c\u00e1ch nh\u1eadn t\u00edn hi\u1ec7u 40-70m (kh\u00f4ng v\u1eadt c\u1ea3n), 20-30m (c\u00f3 1 l\u1edbp v\u1eadt c\u1ea3n).","_yoast_wpseo_focuskeywords":"","_yoast_wpseo_keyword_synonyms":""},"product_cat":[504,41,85],"product_tag":[1220,1223,1219,1227,1222,723,1228,1229,1230,1226,1027,1038,1024,1113,718,1112,1111,1039,1217,1218,719,1221,1231,1232,621,1224,1225],"class_list":["post-6365","product","type-product","status-publish","has-post-thumbnail","hentry","product_cat-phu-kien-tich-hop-them-chuong-cua","product_cat-chuong-cua-chuong-bao-khach","product_cat-hang-khuyen-mai-soc","product_tag-chuong-bam-cua","product_tag-chuong-bao-cua-ra-vao","product_tag-chuong-bao-dong-khong-day","product_tag-chuong-bao-khach-cho-cua-hang","product_tag-chuong-bao-khach-kawasan","product_tag-chuong-bao-khach-khong-day","product_tag-chuong-bao-trom","product_tag-chuong-cam-bien-bao-dong","product_tag-chuong-cam-bien-kawasan","product_tag-chuong-cong-ko-day","product_tag-chuong-cua","product_tag-chuong-cua-bao-khach","product_tag-chuong-cua-kawasan","product_tag-chuong-cua-kawasan-chinh-hang","product_tag-chuong-cua-khong-day","product_tag-chuong-cua-khong-day-gia-re","product_tag-chuong-cua-khong-day-gia-tot","product_tag-chuong-cua-thong-minh","product_tag-chuong-dien-khong-day","product_tag-chuong-goi-phuc-vu-khong-day","product_tag-chuong-khong-day","product_tag-chuong-nha","product_tag-dau-bao-cam-bien","product_tag-dau-chuong-bao-khach","product_tag-kawasan","product_tag-pin-chuong-cua","product_tag-pin-chuong-cua-khong-day"],"acf":[],"yoast_head":"<!-- This site is optimized with the Yoast SEO Premium plugin v24.9 (Yoast SEO v24.9) - https:\/\/yoast.com\/wordpress\/plugins\/seo\/ -->\n<title>Chu\u00f4ng C\u1eeda B8A - Kawasan<\/title>\n<meta name=\"description\" content=\"Chu\u00f4ng c\u1eeda B8A kh\u00f4ng d\u00e2y d\u00f9ng \u0111i\u1ec7n 220V, nh\u1eadn s\u00f3ng RF 433Mh. Kho\u1ea3ng c\u00e1ch nh\u1eadn t\u00edn hi\u1ec7u 40-70m (kh\u00f4ng v\u1eadt c\u1ea3n), 20-30m (c\u00f3 1 l\u1edbp v\u1eadt c\u1ea3n).\" \/>\n<meta name=\"robots\" content=\"index, follow, max-snippet:-1, max-image-preview:large, max-video-preview:-1\" \/>\n<link rel=\"canonical\" href=\"https:\/\/kawasan.vn\/en\/product\/chuong-cua-b8a\/\" \/>\n<meta property=\"og:locale\" content=\"en_US\" \/>\n<meta property=\"og:type\" content=\"article\" \/>\n<meta property=\"og:title\" content=\"Chu\u00f4ng C\u1eeda B8A\" \/>\n<meta property=\"og:description\" content=\"Chu\u00f4ng c\u1eeda B8A kh\u00f4ng d\u00e2y d\u00f9ng \u0111i\u1ec7n 220V, nh\u1eadn s\u00f3ng RF 433Mh. Kho\u1ea3ng c\u00e1ch nh\u1eadn t\u00edn hi\u1ec7u 40-70m (kh\u00f4ng v\u1eadt c\u1ea3n), 20-30m (c\u00f3 1 l\u1edbp v\u1eadt c\u1ea3n).\" \/>\n<meta property=\"og:url\" content=\"https:\/\/kawasan.vn\/en\/product\/chuong-cua-b8a\/\" \/>\n<meta property=\"og:site_name\" content=\"Kawasan\" \/>\n<meta property=\"article:modified_time\" content=\"2026-02-02T08:25:57+00:00\" \/>\n<meta property=\"og:image\" content=\"https:\/\/kawasan.vn\/wp-content\/uploads\/2023\/11\/D65-D66D.png\" \/>\n\t<meta property=\"og:image:width\" content=\"900\" \/>\n\t<meta property=\"og:image:height\" content=\"900\" \/>\n\t<meta property=\"og:image:type\" content=\"image\/png\" \/>\n<meta name=\"twitter:card\" content=\"summary_large_image\" \/>\n<meta name=\"twitter:label1\" content=\"Est. reading time\" \/>\n\t<meta name=\"twitter:data1\" content=\"2 minutes\" \/>\n<script type=\"application\/ld+json\" class=\"yoast-schema-graph\">{\"@context\":\"https:\/\/schema.org\",\"@graph\":[{\"@type\":\"WebPage\",\"@id\":\"https:\/\/kawasan.vn\/san-pham\/chuong-cua-b8a\/\",\"url\":\"https:\/\/kawasan.vn\/san-pham\/chuong-cua-b8a\/\",\"name\":\"Chu\u00f4ng C\u1eeda B8A - Kawasan\",\"isPartOf\":{\"@id\":\"https:\/\/kawasan.vn\/#website\"},\"primaryImageOfPage\":{\"@id\":\"https:\/\/kawasan.vn\/san-pham\/chuong-cua-b8a\/#primaryimage\"},\"image\":{\"@id\":\"https:\/\/kawasan.vn\/san-pham\/chuong-cua-b8a\/#primaryimage\"},\"thumbnailUrl\":\"https:\/\/kawasan.vn\/wp-content\/uploads\/2023\/11\/D65-D66D.png\",\"datePublished\":\"2023-11-01T05:34:44+00:00\",\"dateModified\":\"2026-02-02T08:25:57+00:00\",\"description\":\"Chu\u00f4ng c\u1eeda B8A kh\u00f4ng d\u00e2y d\u00f9ng \u0111i\u1ec7n 220V, nh\u1eadn s\u00f3ng RF 433Mh. Kho\u1ea3ng c\u00e1ch nh\u1eadn t\u00edn hi\u1ec7u 40-70m (kh\u00f4ng v\u1eadt c\u1ea3n), 20-30m (c\u00f3 1 l\u1edbp v\u1eadt c\u1ea3n).\",\"breadcrumb\":{\"@id\":\"https:\/\/kawasan.vn\/san-pham\/chuong-cua-b8a\/#breadcrumb\"},\"inLanguage\":\"en-US\",\"potentialAction\":[{\"@type\":\"ReadAction\",\"target\":[\"https:\/\/kawasan.vn\/san-pham\/chuong-cua-b8a\/\"]}]},{\"@type\":\"ImageObject\",\"inLanguage\":\"en-US\",\"@id\":\"https:\/\/kawasan.vn\/san-pham\/chuong-cua-b8a\/#primaryimage\",\"url\":\"https:\/\/kawasan.vn\/wp-content\/uploads\/2023\/11\/D65-D66D.png\",\"contentUrl\":\"https:\/\/kawasan.vn\/wp-content\/uploads\/2023\/11\/D65-D66D.png\",\"width\":900,\"height\":900},{\"@type\":\"BreadcrumbList\",\"@id\":\"https:\/\/kawasan.vn\/san-pham\/chuong-cua-b8a\/#breadcrumb\",\"itemListElement\":[{\"@type\":\"ListItem\",\"position\":1,\"name\":\"Trang ch\u1ee7\",\"item\":\"https:\/\/kawasan.vn\/\"},{\"@type\":\"ListItem\",\"position\":2,\"name\":\"S\u1ea3n ph\u1ea9m\",\"item\":\"https:\/\/kawasan.vn\/san-pham\/\"},{\"@type\":\"ListItem\",\"position\":3,\"name\":\"Chu\u00f4ng C\u1eeda B8A\"}]},{\"@type\":\"WebSite\",\"@id\":\"https:\/\/kawasan.vn\/#website\",\"url\":\"https:\/\/kawasan.vn\/\",\"name\":\"Kawasan\",\"description\":\"\",\"potentialAction\":[{\"@type\":\"SearchAction\",\"target\":{\"@type\":\"EntryPoint\",\"urlTemplate\":\"https:\/\/kawasan.vn\/?s={search_term_string}\"},\"query-input\":{\"@type\":\"PropertyValueSpecification\",\"valueRequired\":true,\"valueName\":\"search_term_string\"}}],\"inLanguage\":\"en-US\"}]}<\/script>\n<!-- \/ Yoast SEO Premium plugin. -->","yoast_head_json":{"title":"Chu\u00f4ng C\u1eeda B8A - Kawasan","description":"Chu\u00f4ng c\u1eeda B8A kh\u00f4ng d\u00e2y d\u00f9ng \u0111i\u1ec7n 220V, nh\u1eadn s\u00f3ng RF 433Mh. Kho\u1ea3ng c\u00e1ch nh\u1eadn t\u00edn hi\u1ec7u 40-70m (kh\u00f4ng v\u1eadt c\u1ea3n), 20-30m (c\u00f3 1 l\u1edbp v\u1eadt c\u1ea3n).","robots":{"index":"index","follow":"follow","max-snippet":"max-snippet:-1","max-image-preview":"max-image-preview:large","max-video-preview":"max-video-preview:-1"},"canonical":"https:\/\/kawasan.vn\/en\/product\/chuong-cua-b8a\/","og_locale":"en_US","og_type":"article","og_title":"Chu\u00f4ng C\u1eeda B8A","og_description":"Chu\u00f4ng c\u1eeda B8A kh\u00f4ng d\u00e2y d\u00f9ng \u0111i\u1ec7n 220V, nh\u1eadn s\u00f3ng RF 433Mh. Kho\u1ea3ng c\u00e1ch nh\u1eadn t\u00edn hi\u1ec7u 40-70m (kh\u00f4ng v\u1eadt c\u1ea3n), 20-30m (c\u00f3 1 l\u1edbp v\u1eadt c\u1ea3n).","og_url":"https:\/\/kawasan.vn\/en\/product\/chuong-cua-b8a\/","og_site_name":"Kawasan","article_modified_time":"2026-02-02T08:25:57+00:00","og_image":[{"width":900,"height":900,"url":"https:\/\/kawasan.vn\/wp-content\/uploads\/2023\/11\/D65-D66D.png","type":"image\/png"}],"twitter_card":"summary_large_image","twitter_misc":{"Est. reading time":"2 minutes"},"schema":{"@context":"https:\/\/schema.org","@graph":[{"@type":"WebPage","@id":"https:\/\/kawasan.vn\/san-pham\/chuong-cua-b8a\/","url":"https:\/\/kawasan.vn\/san-pham\/chuong-cua-b8a\/","name":"Chu\u00f4ng C\u1eeda B8A - Kawasan","isPartOf":{"@id":"https:\/\/kawasan.vn\/#website"},"primaryImageOfPage":{"@id":"https:\/\/kawasan.vn\/san-pham\/chuong-cua-b8a\/#primaryimage"},"image":{"@id":"https:\/\/kawasan.vn\/san-pham\/chuong-cua-b8a\/#primaryimage"},"thumbnailUrl":"https:\/\/kawasan.vn\/wp-content\/uploads\/2023\/11\/D65-D66D.png","datePublished":"2023-11-01T05:34:44+00:00","dateModified":"2026-02-02T08:25:57+00:00","description":"Chu\u00f4ng c\u1eeda B8A kh\u00f4ng d\u00e2y d\u00f9ng \u0111i\u1ec7n 220V, nh\u1eadn s\u00f3ng RF 433Mh. Kho\u1ea3ng c\u00e1ch nh\u1eadn t\u00edn hi\u1ec7u 40-70m (kh\u00f4ng v\u1eadt c\u1ea3n), 20-30m (c\u00f3 1 l\u1edbp v\u1eadt c\u1ea3n).","breadcrumb":{"@id":"https:\/\/kawasan.vn\/san-pham\/chuong-cua-b8a\/#breadcrumb"},"inLanguage":"en-US","potentialAction":[{"@type":"ReadAction","target":["https:\/\/kawasan.vn\/san-pham\/chuong-cua-b8a\/"]}]},{"@type":"ImageObject","inLanguage":"en-US","@id":"https:\/\/kawasan.vn\/san-pham\/chuong-cua-b8a\/#primaryimage","url":"https:\/\/kawasan.vn\/wp-content\/uploads\/2023\/11\/D65-D66D.png","contentUrl":"https:\/\/kawasan.vn\/wp-content\/uploads\/2023\/11\/D65-D66D.png","width":900,"height":900},{"@type":"BreadcrumbList","@id":"https:\/\/kawasan.vn\/san-pham\/chuong-cua-b8a\/#breadcrumb","itemListElement":[{"@type":"ListItem","position":1,"name":"Trang ch\u1ee7","item":"https:\/\/kawasan.vn\/"},{"@type":"ListItem","position":2,"name":"S\u1ea3n ph\u1ea9m","item":"https:\/\/kawasan.vn\/san-pham\/"},{"@type":"ListItem","position":3,"name":"Chu\u00f4ng C\u1eeda B8A"}]},{"@type":"WebSite","@id":"https:\/\/kawasan.vn\/#website","url":"https:\/\/kawasan.vn\/","name":"Kawasan","description":"","potentialAction":[{"@type":"SearchAction","target":{"@type":"EntryPoint","urlTemplate":"https:\/\/kawasan.vn\/?s={search_term_string}"},"query-input":{"@type":"PropertyValueSpecification","valueRequired":true,"valueName":"search_term_string"}}],"inLanguage":"en-US"}]}},"_links":{"self":[{"href":"https:\/\/kawasan.vn\/en\/wp-json\/wp\/v2\/product\/6365","targetHints":{"allow":["GET"]}}],"collection":[{"href":"https:\/\/kawasan.vn\/en\/wp-json\/wp\/v2\/product"}],"about":[{"href":"https:\/\/kawasan.vn\/en\/wp-json\/wp\/v2\/types\/product"}],"replies":[{"embeddable":true,"href":"https:\/\/kawasan.vn\/en\/wp-json\/wp\/v2\/comments?post=6365"}],"version-history":[{"count":3,"href":"https:\/\/kawasan.vn\/en\/wp-json\/wp\/v2\/product\/6365\/revisions"}],"predecessor-version":[{"id":19996,"href":"https:\/\/kawasan.vn\/en\/wp-json\/wp\/v2\/product\/6365\/revisions\/19996"}],"wp:featuredmedia":[{"embeddable":true,"href":"https:\/\/kawasan.vn\/en\/wp-json\/wp\/v2\/media\/28946"}],"wp:attachment":[{"href":"https:\/\/kawasan.vn\/en\/wp-json\/wp\/v2\/media?parent=6365"}],"wp:term":[{"taxonomy":"product_cat","embeddable":true,"href":"https:\/\/kawasan.vn\/en\/wp-json\/wp\/v2\/product_cat?post=6365"},{"taxonomy":"product_tag","embeddable":true,"href":"https:\/\/kawasan.vn\/en\/wp-json\/wp\/v2\/product_tag?post=6365"}],"curies":[{"name":"wp","href":"https:\/\/api.w.org\/{rel}","templated":true}]}}