{"id":6363,"date":"2023-11-01T05:34:37","date_gmt":"2023-11-01T05:34:37","guid":{"rendered":"https:\/\/kawasan.123websitedev.com\/product\/dau-phat-chuong-b65\/"},"modified":"2025-12-11T15:25:15","modified_gmt":"2025-12-11T08:25:15","slug":"dau-phat-chuong-b65","status":"publish","type":"product","link":"https:\/\/kawasan.vn\/en\/product\/dau-phat-chuong-b65\/","title":{"rendered":"\u0110\u1ea7u Ph\u00e1t Chu\u00f4ng B65"},"content":{"rendered":"<h2><strong>\u0110\u1ea6U PH\u00c1T CHU\u00d4NG B65\u00a0<a href=\"https:\/\/kawasan.vn\/en\/\">KAWASAN<\/a>\u00a0&#8211;\u00a0THI\u1ebeT B\u1eca \u0110I\u1ec6N TH\u00d4NG MINH\u00a0&amp; AN TO\u00c0N<\/strong><\/h2>\n<p>C\u00f4ng Ty TNHH Th\u1ebf B\u1ea3o th\u00e0nh l\u1eadp n\u0103m 2007. Chuy\u00ean s\u1ea3n xu\u1ea5t, kinh doanh <a href=\"https:\/\/thegioidienthongminh.com\/\">thi\u1ebft b\u1ecb \u0111i\u1ec7n th\u00f4ng minh<\/a>. C\u00f4ng t\u1eafc c\u1ea3m \u1ee9ng, \u0111i\u1ec1u khi\u1ec3n t\u1eeb xa, c\u00f4ng t\u1eafc h\u1eb9n gi\u1edd, b\u00e1o \u0111\u1ed9ng, b\u00e1o kh\u00e1ch, b\u00e1o g\u1ecdi ph\u1ee5c v\u1ee5, b\u00e1o kh\u00f3i, b\u00e1o x\u00ec gas&#8230;.Gi\u00fap ti\u1ebft ki\u1ec7m \u0111i\u1ec7n, ti\u1ebft ki\u1ec7m chi ph\u00ed v\u00e0 an to\u00e0n cho gia \u0111\u00ecnh, c\u1eeda h\u00e0ng, v\u0103n ph\u00f2ng, nh\u00e0 x\u01b0\u1edfng v\u00e0 chi\u1ebfu s\u00e1ng c\u00f4ng c\u1ed9ng &#8230; v\u1edbi nh\u00e3n hi\u1ec7u KAWASAN.<\/p>\n<p><strong>M\u00f4 t\u1ea3 chung \u0111\u1ea7u ph\u00e1t chu\u00f4ng B65: <\/strong>d\u00f9ng \u0111i\u1ec7n 220V, nh\u1eadn s\u00f3ng RF 433Mhz. Kho\u1ea3ng c\u00e1ch 40-100m (kh\u00f4ng v\u1eadt c\u1ea3n), 20-30m (c\u00f3 1 l\u1edbp v\u1eadt c\u1ea3n). T\u00edch h\u1ee3p nh\u1eadn th\u00eam t\u1eeb 4-5 \u0111\u1ea7u c\u1ea3m \u1ee9ng ho\u1eb7c n\u00fat nh\u1ea5n chu\u00f4ng. C\u00f3 32~36 ki\u1ec3u chu\u00f4ng b\u00e1o, \u00e2m l\u01b0\u1ee3ng 60~80dB.<\/p>\n<p><img loading=\"lazy\" decoding=\"async\" class=\"aligncenter wp-image-16633\" src=\"https:\/\/kawasan.vn\/wp-content\/uploads\/2023\/11\/chuong-db658_2_optimized.png\" alt=\"\" width=\"600\" height=\"832\" \/><\/p>\n<p>Ch\u00fang t\u00f4i c\u00f3 m\u1ea1ng l\u01b0\u1edbi chi nh\u00e1nh v\u0103n ph\u00f2ng t\u1ea1i c\u00e1c th\u00e0nh ph\u1ed1 l\u1edbn tr\u00ean l\u00e3nh th\u1ed5\u00a0Vi\u1ec7t Nam\u00a0g\u1ed3m:<\/p>\n<ol>\n<li><b>Tr\u1ee5 s\u1edf ch\u00ednh:<\/b>\u00a0<i>S\u1ed1 23-25\u00a0\u0110\u01b0\u1eddng S\u1ed1 7, Khu Nh\u00e0 \u1edf V\u1ea1n Ph\u00fac, KP5, Ph\u01b0\u1eddng Hi\u1ec7p B\u00ecnh Ph\u01b0\u1edbc,\u00a0Th\u00e0nh ph\u1ed1\u00a0Th\u1ee7 \u0110\u1ee9c,\u00a0Th\u00e0nh ph\u1ed1\u00a0H\u1ed3 Ch\u00ed Minh.<\/i><\/li>\n<li><b>Chi Nh\u00e1nh\u00a0H\u00e0 N\u1ed9i:<\/b>\u00a0<i>26 \u0110\u01b0\u1eddng L\u00e1ng, T\u1ea7ng 1, Ph\u00f2ng 168,\u00a0Ph\u01b0\u1eddng\u00a0Ng\u00e3 T\u01b0 S\u1edf,\u00a0Qu\u1eadn\u00a0\u0110\u1ed1ng \u0110a,\u00a0Th\u00e0nh ph\u1ed1\u00a0H\u00e0 N\u1ed9i.<\/i><\/li>\n<li><b>V\u0103n Ph\u00f2ng \u0110\u1ea1i Di\u1ec7n t\u1ea1i \u0110\u00e0 N\u1eb5ng:<\/b>\u00a0<i>S\u1ed1 03, \u0110\u01b0\u1eddng 30\/4 (2F),\u00a0Qu\u1eadn\u00a0H\u1ea3i Ch\u00e2u,\u00a0Th\u00e0nh ph\u1ed1\u00a0\u0110\u00e0 N\u1eb5ng.<\/i><\/li>\n<\/ol>","protected":false},"excerpt":{"rendered":"<p>M\u00e3 s\u1ea3n ph\u1ea9m: B65T\u00ecnh tr\u1ea1ng:C\u00f2n h\u00e0ng<\/p>","protected":false},"featured_media":16633,"comment_status":"open","ping_status":"closed","template":"","meta":{"_yoast_wpseo_focuskw":"\u0110\u1ea7u Ph\u00e1t Chu\u00f4ng B65","_yoast_wpseo_metadesc":"\u0110\u1ea7u Ph\u00e1t Chu\u00f4ng B65 \u0111i\u1ec7n 220V, nh\u1eadn s\u00f3ng RF 433Mhz, kho\u1ea3ng c\u00e1ch 40-100m, t\u00edch h\u1ee3p nh\u1eadn th\u00eam t\u1eeb 4-5 \u0111\u1ea7u c\u1ea3m \u1ee9ng ho\u1eb7c n\u00fat nh\u1ea5n chu\u00f4ng, 32~36 ki\u1ec3u chu\u00f4ng b\u00e1o","_yoast_wpseo_focuskeywords":"","_yoast_wpseo_keyword_synonyms":""},"product_cat":[504,41,85],"product_tag":[1220,1223,1219,1227,1222,723,1228,1229,1230,1226,1027,1038,718,1039,1217,1218,719,1221,1231,1232,621,1224,1225],"class_list":["post-6363","product","type-product","status-publish","has-post-thumbnail","hentry","product_cat-phu-kien-tich-hop-them-chuong-cua","product_cat-chuong-cua-chuong-bao-khach","product_cat-hang-khuyen-mai-soc","product_tag-chuong-bam-cua","product_tag-chuong-bao-cua-ra-vao","product_tag-chuong-bao-dong-khong-day","product_tag-chuong-bao-khach-cho-cua-hang","product_tag-chuong-bao-khach-kawasan","product_tag-chuong-bao-khach-khong-day","product_tag-chuong-bao-trom","product_tag-chuong-cam-bien-bao-dong","product_tag-chuong-cam-bien-kawasan","product_tag-chuong-cong-ko-day","product_tag-chuong-cua","product_tag-chuong-cua-bao-khach","product_tag-chuong-cua-khong-day","product_tag-chuong-cua-thong-minh","product_tag-chuong-dien-khong-day","product_tag-chuong-goi-phuc-vu-khong-day","product_tag-chuong-khong-day","product_tag-chuong-nha","product_tag-dau-bao-cam-bien","product_tag-dau-chuong-bao-khach","product_tag-kawasan","product_tag-pin-chuong-cua","product_tag-pin-chuong-cua-khong-day"],"acf":[],"yoast_head":"<!-- This site is optimized with the Yoast SEO Premium plugin v24.9 (Yoast SEO v24.9) - https:\/\/yoast.com\/wordpress\/plugins\/seo\/ -->\n<title>\u0110\u1ea7u Ph\u00e1t Chu\u00f4ng B65 - Kawasan<\/title>\n<meta name=\"description\" content=\"\u0110\u1ea7u Ph\u00e1t Chu\u00f4ng B65 \u0111i\u1ec7n 220V, nh\u1eadn s\u00f3ng RF 433Mhz, kho\u1ea3ng c\u00e1ch 40-100m, t\u00edch h\u1ee3p nh\u1eadn th\u00eam t\u1eeb 4-5 \u0111\u1ea7u c\u1ea3m \u1ee9ng ho\u1eb7c n\u00fat nh\u1ea5n chu\u00f4ng, 32~36 ki\u1ec3u chu\u00f4ng b\u00e1o\" \/>\n<meta name=\"robots\" content=\"index, follow, max-snippet:-1, max-image-preview:large, max-video-preview:-1\" \/>\n<link rel=\"canonical\" href=\"https:\/\/kawasan.vn\/en\/product\/dau-phat-chuong-b65\/\" \/>\n<meta property=\"og:locale\" content=\"en_US\" \/>\n<meta property=\"og:type\" content=\"article\" \/>\n<meta property=\"og:title\" content=\"\u0110\u1ea7u Ph\u00e1t Chu\u00f4ng B65\" \/>\n<meta property=\"og:description\" content=\"\u0110\u1ea7u Ph\u00e1t Chu\u00f4ng B65 \u0111i\u1ec7n 220V, nh\u1eadn s\u00f3ng RF 433Mhz, kho\u1ea3ng c\u00e1ch 40-100m, t\u00edch h\u1ee3p nh\u1eadn th\u00eam t\u1eeb 4-5 \u0111\u1ea7u c\u1ea3m \u1ee9ng ho\u1eb7c n\u00fat nh\u1ea5n chu\u00f4ng, 32~36 ki\u1ec3u chu\u00f4ng b\u00e1o\" \/>\n<meta property=\"og:url\" content=\"https:\/\/kawasan.vn\/en\/product\/dau-phat-chuong-b65\/\" \/>\n<meta property=\"og:site_name\" content=\"Kawasan\" \/>\n<meta property=\"article:modified_time\" content=\"2025-12-11T08:25:15+00:00\" \/>\n<meta property=\"og:image\" content=\"https:\/\/kawasan.vn\/wp-content\/uploads\/2023\/11\/chuong-db658_2_optimized.png\" \/>\n\t<meta property=\"og:image:width\" content=\"1049\" \/>\n\t<meta property=\"og:image:height\" content=\"1455\" \/>\n\t<meta property=\"og:image:type\" content=\"image\/png\" \/>\n<meta name=\"twitter:card\" content=\"summary_large_image\" \/>\n<meta name=\"twitter:label1\" content=\"Est. reading time\" \/>\n\t<meta name=\"twitter:data1\" content=\"2 minutes\" \/>\n<script type=\"application\/ld+json\" class=\"yoast-schema-graph\">{\"@context\":\"https:\/\/schema.org\",\"@graph\":[{\"@type\":\"WebPage\",\"@id\":\"https:\/\/kawasan.vn\/san-pham\/dau-phat-chuong-b65\/\",\"url\":\"https:\/\/kawasan.vn\/san-pham\/dau-phat-chuong-b65\/\",\"name\":\"\u0110\u1ea7u Ph\u00e1t Chu\u00f4ng B65 - Kawasan\",\"isPartOf\":{\"@id\":\"https:\/\/kawasan.vn\/#website\"},\"primaryImageOfPage\":{\"@id\":\"https:\/\/kawasan.vn\/san-pham\/dau-phat-chuong-b65\/#primaryimage\"},\"image\":{\"@id\":\"https:\/\/kawasan.vn\/san-pham\/dau-phat-chuong-b65\/#primaryimage\"},\"thumbnailUrl\":\"https:\/\/kawasan.vn\/wp-content\/uploads\/2023\/11\/chuong-db658_2_optimized.png\",\"datePublished\":\"2023-11-01T05:34:37+00:00\",\"dateModified\":\"2025-12-11T08:25:15+00:00\",\"description\":\"\u0110\u1ea7u Ph\u00e1t Chu\u00f4ng B65 \u0111i\u1ec7n 220V, nh\u1eadn s\u00f3ng RF 433Mhz, kho\u1ea3ng c\u00e1ch 40-100m, t\u00edch h\u1ee3p nh\u1eadn th\u00eam t\u1eeb 4-5 \u0111\u1ea7u c\u1ea3m \u1ee9ng ho\u1eb7c n\u00fat nh\u1ea5n chu\u00f4ng, 32~36 ki\u1ec3u chu\u00f4ng b\u00e1o\",\"breadcrumb\":{\"@id\":\"https:\/\/kawasan.vn\/san-pham\/dau-phat-chuong-b65\/#breadcrumb\"},\"inLanguage\":\"en-US\",\"potentialAction\":[{\"@type\":\"ReadAction\",\"target\":[\"https:\/\/kawasan.vn\/san-pham\/dau-phat-chuong-b65\/\"]}]},{\"@type\":\"ImageObject\",\"inLanguage\":\"en-US\",\"@id\":\"https:\/\/kawasan.vn\/san-pham\/dau-phat-chuong-b65\/#primaryimage\",\"url\":\"https:\/\/kawasan.vn\/wp-content\/uploads\/2023\/11\/chuong-db658_2_optimized.png\",\"contentUrl\":\"https:\/\/kawasan.vn\/wp-content\/uploads\/2023\/11\/chuong-db658_2_optimized.png\",\"width\":1049,\"height\":1455},{\"@type\":\"BreadcrumbList\",\"@id\":\"https:\/\/kawasan.vn\/san-pham\/dau-phat-chuong-b65\/#breadcrumb\",\"itemListElement\":[{\"@type\":\"ListItem\",\"position\":1,\"name\":\"Trang ch\u1ee7\",\"item\":\"https:\/\/kawasan.vn\/\"},{\"@type\":\"ListItem\",\"position\":2,\"name\":\"S\u1ea3n ph\u1ea9m\",\"item\":\"https:\/\/kawasan.vn\/san-pham\/\"},{\"@type\":\"ListItem\",\"position\":3,\"name\":\"\u0110\u1ea7u Ph\u00e1t Chu\u00f4ng B65\"}]},{\"@type\":\"WebSite\",\"@id\":\"https:\/\/kawasan.vn\/#website\",\"url\":\"https:\/\/kawasan.vn\/\",\"name\":\"Kawasan\",\"description\":\"\",\"potentialAction\":[{\"@type\":\"SearchAction\",\"target\":{\"@type\":\"EntryPoint\",\"urlTemplate\":\"https:\/\/kawasan.vn\/?s={search_term_string}\"},\"query-input\":{\"@type\":\"PropertyValueSpecification\",\"valueRequired\":true,\"valueName\":\"search_term_string\"}}],\"inLanguage\":\"en-US\"}]}<\/script>\n<!-- \/ Yoast SEO Premium plugin. -->","yoast_head_json":{"title":"\u0110\u1ea7u Ph\u00e1t Chu\u00f4ng B65 - Kawasan","description":"\u0110\u1ea7u Ph\u00e1t Chu\u00f4ng B65 \u0111i\u1ec7n 220V, nh\u1eadn s\u00f3ng RF 433Mhz, kho\u1ea3ng c\u00e1ch 40-100m, t\u00edch h\u1ee3p nh\u1eadn th\u00eam t\u1eeb 4-5 \u0111\u1ea7u c\u1ea3m \u1ee9ng ho\u1eb7c n\u00fat nh\u1ea5n chu\u00f4ng, 32~36 ki\u1ec3u chu\u00f4ng b\u00e1o","robots":{"index":"index","follow":"follow","max-snippet":"max-snippet:-1","max-image-preview":"max-image-preview:large","max-video-preview":"max-video-preview:-1"},"canonical":"https:\/\/kawasan.vn\/en\/product\/dau-phat-chuong-b65\/","og_locale":"en_US","og_type":"article","og_title":"\u0110\u1ea7u Ph\u00e1t Chu\u00f4ng B65","og_description":"\u0110\u1ea7u Ph\u00e1t Chu\u00f4ng B65 \u0111i\u1ec7n 220V, nh\u1eadn s\u00f3ng RF 433Mhz, kho\u1ea3ng c\u00e1ch 40-100m, t\u00edch h\u1ee3p nh\u1eadn th\u00eam t\u1eeb 4-5 \u0111\u1ea7u c\u1ea3m \u1ee9ng ho\u1eb7c n\u00fat nh\u1ea5n chu\u00f4ng, 32~36 ki\u1ec3u chu\u00f4ng b\u00e1o","og_url":"https:\/\/kawasan.vn\/en\/product\/dau-phat-chuong-b65\/","og_site_name":"Kawasan","article_modified_time":"2025-12-11T08:25:15+00:00","og_image":[{"width":1049,"height":1455,"url":"https:\/\/kawasan.vn\/wp-content\/uploads\/2023\/11\/chuong-db658_2_optimized.png","type":"image\/png"}],"twitter_card":"summary_large_image","twitter_misc":{"Est. reading time":"2 minutes"},"schema":{"@context":"https:\/\/schema.org","@graph":[{"@type":"WebPage","@id":"https:\/\/kawasan.vn\/san-pham\/dau-phat-chuong-b65\/","url":"https:\/\/kawasan.vn\/san-pham\/dau-phat-chuong-b65\/","name":"\u0110\u1ea7u Ph\u00e1t Chu\u00f4ng B65 - Kawasan","isPartOf":{"@id":"https:\/\/kawasan.vn\/#website"},"primaryImageOfPage":{"@id":"https:\/\/kawasan.vn\/san-pham\/dau-phat-chuong-b65\/#primaryimage"},"image":{"@id":"https:\/\/kawasan.vn\/san-pham\/dau-phat-chuong-b65\/#primaryimage"},"thumbnailUrl":"https:\/\/kawasan.vn\/wp-content\/uploads\/2023\/11\/chuong-db658_2_optimized.png","datePublished":"2023-11-01T05:34:37+00:00","dateModified":"2025-12-11T08:25:15+00:00","description":"\u0110\u1ea7u Ph\u00e1t Chu\u00f4ng B65 \u0111i\u1ec7n 220V, nh\u1eadn s\u00f3ng RF 433Mhz, kho\u1ea3ng c\u00e1ch 40-100m, t\u00edch h\u1ee3p nh\u1eadn th\u00eam t\u1eeb 4-5 \u0111\u1ea7u c\u1ea3m \u1ee9ng ho\u1eb7c n\u00fat nh\u1ea5n chu\u00f4ng, 32~36 ki\u1ec3u chu\u00f4ng b\u00e1o","breadcrumb":{"@id":"https:\/\/kawasan.vn\/san-pham\/dau-phat-chuong-b65\/#breadcrumb"},"inLanguage":"en-US","potentialAction":[{"@type":"ReadAction","target":["https:\/\/kawasan.vn\/san-pham\/dau-phat-chuong-b65\/"]}]},{"@type":"ImageObject","inLanguage":"en-US","@id":"https:\/\/kawasan.vn\/san-pham\/dau-phat-chuong-b65\/#primaryimage","url":"https:\/\/kawasan.vn\/wp-content\/uploads\/2023\/11\/chuong-db658_2_optimized.png","contentUrl":"https:\/\/kawasan.vn\/wp-content\/uploads\/2023\/11\/chuong-db658_2_optimized.png","width":1049,"height":1455},{"@type":"BreadcrumbList","@id":"https:\/\/kawasan.vn\/san-pham\/dau-phat-chuong-b65\/#breadcrumb","itemListElement":[{"@type":"ListItem","position":1,"name":"Trang ch\u1ee7","item":"https:\/\/kawasan.vn\/"},{"@type":"ListItem","position":2,"name":"S\u1ea3n ph\u1ea9m","item":"https:\/\/kawasan.vn\/san-pham\/"},{"@type":"ListItem","position":3,"name":"\u0110\u1ea7u Ph\u00e1t Chu\u00f4ng B65"}]},{"@type":"WebSite","@id":"https:\/\/kawasan.vn\/#website","url":"https:\/\/kawasan.vn\/","name":"Kawasan","description":"","potentialAction":[{"@type":"SearchAction","target":{"@type":"EntryPoint","urlTemplate":"https:\/\/kawasan.vn\/?s={search_term_string}"},"query-input":{"@type":"PropertyValueSpecification","valueRequired":true,"valueName":"search_term_string"}}],"inLanguage":"en-US"}]}},"_links":{"self":[{"href":"https:\/\/kawasan.vn\/en\/wp-json\/wp\/v2\/product\/6363","targetHints":{"allow":["GET"]}}],"collection":[{"href":"https:\/\/kawasan.vn\/en\/wp-json\/wp\/v2\/product"}],"about":[{"href":"https:\/\/kawasan.vn\/en\/wp-json\/wp\/v2\/types\/product"}],"replies":[{"embeddable":true,"href":"https:\/\/kawasan.vn\/en\/wp-json\/wp\/v2\/comments?post=6363"}],"version-history":[{"count":3,"href":"https:\/\/kawasan.vn\/en\/wp-json\/wp\/v2\/product\/6363\/revisions"}],"predecessor-version":[{"id":20041,"href":"https:\/\/kawasan.vn\/en\/wp-json\/wp\/v2\/product\/6363\/revisions\/20041"}],"wp:featuredmedia":[{"embeddable":true,"href":"https:\/\/kawasan.vn\/en\/wp-json\/wp\/v2\/media\/16633"}],"wp:attachment":[{"href":"https:\/\/kawasan.vn\/en\/wp-json\/wp\/v2\/media?parent=6363"}],"wp:term":[{"taxonomy":"product_cat","embeddable":true,"href":"https:\/\/kawasan.vn\/en\/wp-json\/wp\/v2\/product_cat?post=6363"},{"taxonomy":"product_tag","embeddable":true,"href":"https:\/\/kawasan.vn\/en\/wp-json\/wp\/v2\/product_tag?post=6363"}],"curies":[{"name":"wp","href":"https:\/\/api.w.org\/{rel}","templated":true}]}}