{"id":6287,"date":"2023-11-17T07:05:02","date_gmt":"2023-11-17T07:05:02","guid":{"rendered":"https:\/\/kawasan.123websitedev.com\/product\/cong-tac-cam-ung-cham-co-the-tich-hop-remote-dieu-khien-tu-xa-rf433-220v-ct2w\/"},"modified":"2026-04-13T08:24:28","modified_gmt":"2026-04-13T01:24:28","slug":"cong-tac-cam-ung-cham-mat-trang-ct","status":"publish","type":"product","link":"https:\/\/kawasan.vn\/en\/product\/cong-tac-cam-ung-cham-mat-trang-ct\/","title":{"rendered":"C\u00f4ng T\u1eafc C\u1ea3m \u1ee8ng Ch\u1ea1m, M\u1eb7t Tr\u1eafng CT"},"content":{"rendered":"<h2><span class=\"ez-toc-section\" id=\"CONG_TAC_CAM_UNG_CHAM_CO_DIEU_KHIEN_TU_XA\"><\/span><b>C\u00d4NG T\u1eaeC C\u1ea2M \u1ee8NG CH\u1ea0M C\u00d3 \u0110I\u1ec0U KHI\u1ec2N T\u1eea XA<\/b><span class=\"ez-toc-section-end\"><\/span><\/h2><div id=\"ez-toc-container\" class=\"ez-toc-v2_0_69_1 counter-hierarchy ez-toc-counter ez-toc-grey ez-toc-container-direction\">\n<div class=\"ez-toc-title-container\">\n<p class=\"ez-toc-title\" >N\u1ed9i Dung B&agrave;i Vi\u1ebft<\/p>\n<span class=\"ez-toc-title-toggle\"><a href=\"#\" class=\"ez-toc-pull-right ez-toc-btn ez-toc-btn-xs ez-toc-btn-default ez-toc-toggle\" aria-label=\"Toggle Table of Content\"><span class=\"ez-toc-js-icon-con\"><span class=\"\"><span class=\"eztoc-hide\" style=\"display:none;\">Toggle<\/span><span class=\"ez-toc-icon-toggle-span\"><svg style=\"fill: #999;color:#999\" xmlns=\"http:\/\/www.w3.org\/2000\/svg\" class=\"list-377408\" width=\"20px\" height=\"20px\" viewbox=\"0 0 24 24\" fill=\"none\"><path d=\"M6 6H4v2h2V6zm14 0H8v2h12V6zM4 11h2v2H4v-2zm16 0H8v2h12v-2zM4 16h2v2H4v-2zm16 0H8v2h12v-2z\" fill=\"currentColor\"><\/path><\/svg><svg style=\"fill: #999;color:#999\" class=\"arrow-unsorted-368013\" xmlns=\"http:\/\/www.w3.org\/2000\/svg\" width=\"10px\" height=\"10px\" viewbox=\"0 0 24 24\" version=\"1.2\" baseprofile=\"tiny\"><path d=\"M18.2 9.3l-6.2-6.3-6.2 6.3c-.2.2-.3.4-.3.7s.1.5.3.7c.2.2.4.3.7.3h11c.3 0 .5-.1.7-.3.2-.2.3-.5.3-.7s-.1-.5-.3-.7zM5.8 14.7l6.2 6.3 6.2-6.3c.2-.2.3-.5.3-.7s-.1-.5-.3-.7c-.2-.2-.4-.3-.7-.3h-11c-.3 0-.5.1-.7.3-.2.2-.3.5-.3.7s.1.5.3.7z\"\/><\/svg><\/span><\/span><\/span><\/a><\/span><\/div>\n<nav><ul class='ez-toc-list ez-toc-list-level-1 eztoc-toggle-hide-by-default' ><li class='ez-toc-page-1 ez-toc-heading-level-2'><a class=\"ez-toc-link ez-toc-heading-1\" href=\"https:\/\/kawasan.vn\/en\/product\/cong-tac-cam-ung-cham-mat-trang-ct\/#CONG_TAC_CAM_UNG_CHAM_CO_DIEU_KHIEN_TU_XA\" title=\"C\u00d4NG T\u1eaeC C\u1ea2M \u1ee8NG CH\u1ea0M C\u00d3 \u0110I\u1ec0U KHI\u1ec2N T\u1eea XA\">C\u00d4NG T\u1eaeC C\u1ea2M \u1ee8NG CH\u1ea0M C\u00d3 \u0110I\u1ec0U KHI\u1ec2N T\u1eea XA<\/a><\/li><li class='ez-toc-page-1 ez-toc-heading-level-2'><a class=\"ez-toc-link ez-toc-heading-2\" href=\"https:\/\/kawasan.vn\/en\/product\/cong-tac-cam-ung-cham-mat-trang-ct\/#UNG_DUNG_VA_LOI_ICH_CUA_CONG_TAC_AM_TUONG_CAM_UNG_DIEU_KHIEN_TU_XA\" title=\"\u1ee8NG D\u1ee4NG V\u00c0 L\u1ee2I \u00cdCH C\u1ee6A C\u00d4NG T\u1eaeC \u00c2M T\u01af\u1edcNG C\u1ea2M \u1ee8NG \u0110I\u1ec0U KHI\u1ec2N T\u1eea XA\">\u1ee8NG D\u1ee4NG V\u00c0 L\u1ee2I \u00cdCH C\u1ee6A C\u00d4NG T\u1eaeC \u00c2M T\u01af\u1edcNG C\u1ea2M \u1ee8NG \u0110I\u1ec0U KHI\u1ec2N T\u1eea XA<\/a><\/li><li class='ez-toc-page-1 ez-toc-heading-level-2'><a class=\"ez-toc-link ez-toc-heading-3\" href=\"https:\/\/kawasan.vn\/en\/product\/cong-tac-cam-ung-cham-mat-trang-ct\/#VI_SAO_NEN_CHON_CONG_TAC_CAM_UNG_CHAM_KAWASAN\" title=\"V\u00cc SAO N\u00caN CH\u1eccN C\u00d4NG T\u1eaeC C\u1ea2M \u1ee8NG CH\u1ea0M\u00a0KAWASAN\">V\u00cc SAO N\u00caN CH\u1eccN C\u00d4NG T\u1eaeC C\u1ea2M \u1ee8NG CH\u1ea0M\u00a0KAWASAN<\/a><\/li><\/ul><\/nav><\/div>\n\n<ul>\n<li>C\u00f4ng t\u1eafc c\u1ea3m \u1ee9ng ch\u1ea1m \u0111\u1ec3 b\u1eadt\/ t\u1eaft \u0111\u00e8n d\u00f9ng c\u00f4ng ngh\u1ec7 c\u1ea3m \u1ee9ng \u0111i\u1ec7n dung . V\u1edbi b\u1ec1 m\u1eb7t k\u00ednh c\u01b0\u1eddng l\u1ef1c sang tr\u1ecdng, ch\u1ed1ng x\u01b0\u1edbc, ch\u1ed1ng va \u0111\u1eadp, k\u1ebft h\u1ee3p v\u1edbi v\u00f2ng s\u00e1ng LED bao quanh \u0111\u00e3 t\u1ea1o n\u00ean s\u1ef1 tinh t\u1ebf, cu\u1ed1n h\u00fat c\u1ee7a c\u00f4ng t\u1eafc c\u1ea3m \u1ee9ng ch\u1ea1m .<\/li>\n<li>M\u1ed7i n\u00fat c\u1ea3m \u1ee9ng tr\u00ean b\u1ec1 m\u1eb7t c\u00f4ng t\u1eafc \u0111\u01b0\u1ee3c hi\u1ec3n th\u1ecb tr\u1ea1ng th\u00e1i v\u00f2ng vi\u1ec1n \u00a0m\u00e0u xanh, \u0111\u1ecf. K\u1ebft h\u1ee3p v\u1edbi t\u00ednh n\u0103ng m\u1edf r\u1ed9ng \u0111\u1ec3 \u0111i\u1ec1u khi\u1ec3n t\u1eeb xa, gi\u1edd \u0111\u00e2y b\u1ea1n c\u00f3 th\u1ec3 \u0111i\u1ec1u khi\u1ec3n b\u1eadt t\u1eaft \u0111\u00e8n t\u1eeb xa qua remote kho\u1ea3ng c\u00e1ch 10-30m (tu\u1ef3 v\u1eadt c\u1ea3n).<\/li>\n<li>Thi\u1ebft k\u1ebf d\u1ea1ng \u0111\u1ebf ch\u1eef nh\u1eadt <a href=\"https:\/\/kawasan.vn\/en\/product-category\/cong-tac-dieu-khien-tu-xa\/cong-tac-am-tuong-dieu-khien-tu-xa\/\" target=\"_blank\" rel=\"noopener\">\u00e2m t\u01b0\u1eddng<\/a>, d\u1ec5 d\u00e0ng thay th\u1ebf v\u00e0 l\u1eafp \u0111\u1eb7t v\u1edbi c\u00e1c lo\u1ea1i c\u00f4ng t\u1eafc \u00e2m t\u01b0\u1eddng c\u0169.<\/li>\n<\/ul>\n<figure id=\"attachment_17622\" aria-describedby=\"caption-attachment-17622\" style=\"width: 600px\" class=\"wp-caption aligncenter\"><img loading=\"lazy\" decoding=\"async\" class=\"wp-image-17622 size-full\" title=\"C\u00f4ng t\u1eafc c\u1ea3m \u1ee9ng ch\u1ea1m thi\u1ebft k\u1ebf d\u1ea1ng \u00e2m t\u01b0\u1eddng ch\u1eef nh\u1eadt\" src=\"https:\/\/kawasan.vn\/wp-content\/uploads\/2023\/11\/CT2W_-600x600-2-e1709708671500.jpg\" alt=\"C\u00f4ng t\u1eafc c\u1ea3m \u1ee9ng ch\u1ea1m thi\u1ebft k\u1ebf d\u1ea1ng \u00e2m t\u01b0\u1eddng ch\u1eef nh\u1eadt\" width=\"600\" height=\"397\" srcset=\"https:\/\/kawasan.vn\/wp-content\/uploads\/2023\/11\/CT2W_-600x600-2-e1709708671500.jpg 600w, https:\/\/kawasan.vn\/wp-content\/uploads\/2023\/11\/CT2W_-600x600-2-e1709708671500-400x265.jpg 400w\" sizes=\"auto, (max-width: 600px) 100vw, 600px\" \/><figcaption id=\"caption-attachment-17622\" class=\"wp-caption-text\">C\u00f4ng t\u1eafc c\u1ea3m \u1ee9ng ch\u1ea1m thi\u1ebft k\u1ebf d\u1ea1ng \u00e2m t\u01b0\u1eddng ch\u1eef nh\u1eadt<\/figcaption><\/figure>\n<h2><span class=\"ez-toc-section\" id=\"UNG_DUNG_VA_LOI_ICH_CUA_CONG_TAC_AM_TUONG_CAM_UNG_DIEU_KHIEN_TU_XA\"><\/span>\u1ee8NG D\u1ee4NG V\u00c0 L\u1ee2I \u00cdCH C\u1ee6A C\u00d4NG T\u1eaeC \u00c2M T\u01af\u1edcNG C\u1ea2M \u1ee8NG \u0110I\u1ec0U KHI\u1ec2N T\u1eea XA<span class=\"ez-toc-section-end\"><\/span><\/h2>\n<ul>\n<li>Khi tr\u1eddi t\u1ed1i, mu\u1ed1n b\u1eadt c\u00f4ng t\u1eafc th\u00ec th\u1eadt d\u1ec5 d\u00e0ng. Nh\u00ecn th\u1ea5y r\u00f5 \u0111\u00e8n b\u00e1o v\u00e0 tr\u1ea1ng th\u00e1i c\u1ee7a c\u00f4ng t\u1eafc l\u00e0 \u0111ang b\u1eadt hay t\u1eaft. Tr\u00e1nh \u0111\u01b0\u1ee3c c\u00e1c nguy c\u01a1 \u0111i\u1ec7n gi\u1eadt v\u00ec ph\u1ea3i m\u00f2 m\u1eabm t\u00ecm c\u00f4ng t\u1eafc trong \u0111\u00eam t\u1ed1i.\u2026<\/li>\n<li>\u1ede t\u1ea7ng tr\u00ean ho\u1eb7c trong ph\u00f2ng ng\u1ee7\u00a0mu\u1ed1n \u0111i\u1ec1u khi\u1ec3n t\u1eaft \u0111\u00e8n th\u00ec c\u00f3 th\u1ec3 d\u00f9ng remote. Kh\u00f4ng c\u1ea7n t\u1ed1n th\u1eddi gian \u0111i l\u1ea1i ho\u1eb7c nh\u1edd ng\u01b0\u1eddi th\u00e2n \u0111i t\u1eaft \u0111\u00e8n h\u1ed9.<\/li>\n<li>Th\u00edch h\u1ee3p l\u1eafp cho c\u00e1c v\u1ecb tr\u00ed nh\u01b0: ph\u00f2ng ng\u1ee7, ph\u00f2ng kh\u00e1ch, ph\u00f2ng b\u1ebfp, ban c\u00f4ng &#8230;.<\/li>\n<\/ul>\n<figure id=\"attachment_17621\" aria-describedby=\"caption-attachment-17621\" style=\"width: 600px\" class=\"wp-caption aligncenter\"><img loading=\"lazy\" decoding=\"async\" class=\"wp-image-17621 size-full\" title=\"C\u1ea3m \u1ee9ng ch\u1ea1m nhanh nh\u1ea1y, c\u00f3 v\u00f2ng led hi\u1ec3n th\u1ecb tr\u1ea1ng th\u00e1i\" src=\"https:\/\/kawasan.vn\/wp-content\/uploads\/2023\/11\/minh-hoa-cong-tac-cam-ung-chamCT3W.jpg\" alt=\"C\u1ea3m \u1ee9ng ch\u1ea1m nhanh nh\u1ea1y, c\u00f3 v\u00f2ng led hi\u1ec3n th\u1ecb tr\u1ea1ng th\u00e1i\" width=\"600\" height=\"481\" srcset=\"https:\/\/kawasan.vn\/wp-content\/uploads\/2023\/11\/minh-hoa-cong-tac-cam-ung-chamCT3W.jpg 600w, https:\/\/kawasan.vn\/wp-content\/uploads\/2023\/11\/minh-hoa-cong-tac-cam-ung-chamCT3W-400x321.jpg 400w\" sizes=\"auto, (max-width: 600px) 100vw, 600px\" \/><figcaption id=\"caption-attachment-17621\" class=\"wp-caption-text\">C\u1ea3m \u1ee9ng ch\u1ea1m nhanh nh\u1ea1y, c\u00f3 v\u00f2ng led hi\u1ec3n th\u1ecb tr\u1ea1ng th\u00e1i<\/figcaption><\/figure>\n<figure id=\"attachment_17617\" aria-describedby=\"caption-attachment-17617\" style=\"width: 600px\" class=\"wp-caption aligncenter\"><img loading=\"lazy\" decoding=\"async\" class=\"wp-image-17617 size-full\" title=\"C\u00f4ng t\u1eafc c\u1ea3m \u1ee9ng ch\u1ea1m c\u00f3 th\u1ec3 t\u00edch h\u1ee3p remote \u0111i\u1ec1u khi\u1ec3n b\u1eb1ng s\u00f3ng RF433Mhz\" src=\"https:\/\/kawasan.vn\/wp-content\/uploads\/2023\/11\/cong-tac-cam-ung-cham-CT4W-RM4B-e1709708859985.jpg\" alt=\"C\u00f4ng t\u1eafc c\u1ea3m \u1ee9ng ch\u1ea1m c\u00f3 th\u1ec3 t\u00edch h\u1ee3p remote \u0111i\u1ec1u khi\u1ec3n b\u1eb1ng s\u00f3ng RF433Mhz\" width=\"600\" height=\"321\" srcset=\"https:\/\/kawasan.vn\/wp-content\/uploads\/2023\/11\/cong-tac-cam-ung-cham-CT4W-RM4B-e1709708859985.jpg 600w, https:\/\/kawasan.vn\/wp-content\/uploads\/2023\/11\/cong-tac-cam-ung-cham-CT4W-RM4B-e1709708859985-400x214.jpg 400w\" sizes=\"auto, (max-width: 600px) 100vw, 600px\" \/><figcaption id=\"caption-attachment-17617\" class=\"wp-caption-text\">C\u00f4ng t\u1eafc c\u1ea3m \u1ee9ng ch\u1ea1m c\u00f3 th\u1ec3 t\u00edch h\u1ee3p remote \u0111i\u1ec1u khi\u1ec3n b\u1eb1ng s\u00f3ng RF433Mhz<\/figcaption><\/figure>\n<h2><span class=\"ez-toc-section\" id=\"VI_SAO_NEN_CHON_CONG_TAC_CAM_UNG_CHAM_KAWASAN\"><\/span>V\u00cc SAO N\u00caN CH\u1eccN C\u00d4NG T\u1eaeC C\u1ea2M \u1ee8NG CH\u1ea0M\u00a0KAWASAN<span class=\"ez-toc-section-end\"><\/span><\/h2>\n<ul>\n<li aria-level=\"1\"><a href=\"https:\/\/kawasan.com.vn\/\" target=\"_blank\" rel=\"noopener noreferrer\">Kawasan<\/a>\u00a0is the leading smart electricity brand in Vietnam from 2007 to present. The product is developed based on thorough research on Vietnamese consumer habits. Environmental temperature conditions follow Vietnam&#039;s climate, can withstand heat, and are little affected by environmental temperature.<\/li>\n<li aria-level=\"1\">Products are constantly researched and improved, and the quality is increasingly improving. All components are carefully selected, ensuring high durability. Meets the harshest environmental and continuous use conditions.<\/li>\n<li aria-level=\"1\">2-year warranty policy and guaranteed durability of over 5 years. During 5 years, we commit to a free warranty if the goods have technical errors due to objective factors.<\/li>\n<li aria-level=\"1\">Kawasan has a system of care and warranty offices throughout the North - Central - South regions. Distributors in most provinces and cities nationwide. Warranty service is always ready to support customers in the best way.<\/li>\n<\/ul>\n<p><strong>T\u1ea0I SAO N\u00caN CH\u1eccN KAWASAN?<\/strong><\/p>\n<ul>\n<li><strong>Th\u01b0\u01a1ng hi\u1ec7u h\u00e0ng \u0111\u1ea7u Vi\u1ec7t Nam\u00a0<\/strong>trong l\u0129nh v\u1ef1c \u0111i\u1ec7n t\u1ef1 \u0111\u1ed9ng, an ninh, an to\u00e0n v\u00e0 \u0111i\u1ec7n th\u00f4ng minh t\u1eeb 2007 v\u00e0 \u0111\u00e8n led d\u00e2n d\u1ee5ng, \u0111\u00e8n n\u0103ng l\u01b0\u1ee3ng m\u1eb7t tr\u1eddi t\u1eeb n\u0103m 2012<\/li>\n<li><strong>\u0110\u1ed9 b\u1ec1n cao, linh ki\u1ec7n ch\u1ecdn l\u1ecdc<\/strong>\u2013 Ho\u1ea1t \u0111\u1ed9ng \u1ed5n \u0111\u1ecbnh c\u1ea3 trong \u0111i\u1ec1u ki\u1ec7n th\u1eddi ti\u1ebft kh\u1eafc nghi\u1ec7t<\/li>\n<li><strong>Ch\u00ednh s\u00e1ch b\u1ea3o h\u00e0nh v\u01b0\u1ee3t tr\u1ed9i<\/strong>\u2013 H\u1ed7 tr\u1ee3 s\u1eeda ch\u1eefa c\u1ea3 sau th\u1eddi gian b\u1ea3o h\u00e0nh n\u1ebfu c\u00f2n kh\u1ea3 n\u0103ng kh\u1eafc ph\u1ee5c<\/li>\n<li><strong>Kawasan hi\u1ec7n c\u00f3 tr\u1ee5 s\u1edf t\u1ea1i HCM, chi nh\u00e1nh t\u1ea1i H\u00e0 N\u1ed9i, \u0110\u00e0 N\u1eb5ng v\u00e0 x\u01b0\u1edfng SX, L\u1eafp r\u00e1p t\u1ea1i Q12. HCM.<\/strong><\/li>\n<li><strong>D\u1ecbch v\u1ee5 h\u1ed7 tr\u1ee3 24\/7<\/strong>, m\u1ea1ng l\u01b0\u1edbi \u0111\u1ea1i l\u00fd ph\u1ee7 kh\u1eafp c\u1ea3 n\u01b0\u1edbc<\/li>\n<\/ul>\n<p><strong>Cam k\u1ebft t\u1eeb Kawasan<\/strong>\u00a0Kawasan cam k\u1ebft mang \u0111\u1ebfn s\u1ea3n ph\u1ea9m\u00a0<strong>ch\u00ednh h\u00e3ng \u2013 b\u1ec1n b\u1ec9 \u2013 an to\u00e0n<\/strong>, \u0111\u00e1p \u1ee9ng \u0111\u1ea7y \u0111\u1ee7 c\u00e1c ti\u00eau chu\u1ea9n k\u1ef9 thu\u1eadt v\u00e0 y\u00eau c\u1ea7u s\u1eed d\u1ee5ng th\u1ef1c t\u1ebf. T\u1ea5t c\u1ea3 s\u1ea3n ph\u1ea9m \u0111\u01b0\u1ee3c b\u1ea3o h\u00e0nh\u00a0<strong>mi\u1ec5n ph\u00ed 24 th\u00e1ng<\/strong>, 1 \u0111\u1ed5i 1 trong v\u00f2ng 30 ng\u00e0y n\u1ebfu l\u1ed7i k\u1ef9 thu\u1eadt. Ngo\u00e0i ra, kh\u00e1ch h\u00e0ng c\u00f2n \u0111\u01b0\u1ee3c h\u1ed7 tr\u1ee3 s\u1eeda ch\u1eefa sau khi h\u1ebft th\u1eddi gian b\u1ea3o h\u00e0nh n\u1ebfu s\u1ea3n ph\u1ea9m c\u00f2n kh\u1ea3 n\u0103ng ph\u1ee5c h\u1ed3i,\u00a0<strong>kh\u00f4ng t\u00ednh ph\u00ed<\/strong>\u00a0n\u1ebfu chi ph\u00ed linh ki\u1ec7n thay th\u1ebf kh\u00f4ng \u0111\u00e1ng k\u1ec3.\u00a0<strong>Kh\u00e1ch h\u00e0ng c\u00f3 th\u1ec3 t\u00ecm mua s\u1ea3n ph\u1ea9m t\u1ea1i c\u00e1c \u0111\u1ea1i l\u00fd thu\u1ed9c\u00a0<\/strong><a href=\"https:\/\/kawasan.vn\/en\/he-thong-phan-phoi\/\"><strong>H\u1ec6 TH\u1ed0NG PH\u00c2N PH\u1ed0I TO\u00c0N QU\u1ed0C<\/strong><\/a><strong>\u00a0t\u1ea1i c\u00e1c t\u1ec9nh th\u00e0nh ho\u1eb7c c\u00f3 th\u1ec3 d\u1eb7t h\u00e0ng tr\u00ean website.<\/strong><\/p>\n<p>&nbsp;<\/p>","protected":false},"excerpt":{"rendered":"<p>Nh\u00e0 s\u1ea3n xu\u1ea5t: KawasanM\u00e3 s\u1ea3n ph\u1ea9m: CT2WT\u00ecnh tr\u1ea1ng:C\u00f2n h\u00e0ng<\/p>","protected":false},"featured_media":17618,"comment_status":"open","ping_status":"closed","template":"","meta":{"_yoast_wpseo_focuskw":"c\u00f4ng t\u1eafc c\u1ea3m \u1ee9ng ch\u1ea1m","_yoast_wpseo_metadesc":"C\u00f4ng t\u1eafc c\u1ea3m \u1ee9ng ch\u1ea1m m\u00e0u tr\u1eafng CT, c\u00f3 v\u00f2ng LED hi\u1ec3n th\u1ecb tr\u1ea1ng th\u00e1i b\u1eadt - t\u1eaft. Ngo\u00e0i ra c\u00f3 th\u1ec3 k\u1ebft n\u1ed1i b\u1eb1ng s\u00f3ng RF433Mhz, \u0111\u1ec3 \u0111i\u1ec1u khi\u1ec3n t\u1eeb xa","_yoast_wpseo_focuskeywords":"","_yoast_wpseo_keyword_synonyms":""},"product_cat":[510,63],"product_tag":[1138,1135,528,740,941,1136,1140,1133,823,730,1139,1134,1137,1131,1132,1142,1141],"class_list":["post-6287","product","type-product","status-publish","has-post-thumbnail","hentry","product_cat-cong-tac-am-tuong-dieu-khien-tu-xa","product_cat-cong-tac-dieu-khien-tu-xa","product_tag-bo-cong-tac-dieu-khien-tu-xa","product_tag-bo-dieu-khien-may-bom-tu-xa","product_tag-cong-tac-cam-ung","product_tag-cong-tac-cam-ung-cham","product_tag-cong-tac-den-dieu-khien-tu-xa","product_tag-cong-tac-dien-dieu-khien-tu-xa","product_tag-cong-tac-dien-dieu-khien-tu-xa-bang-dien-thoai","product_tag-cong-tac-dien-dieu-khien-tu-xa-bang-remote","product_tag-cong-tac-dieu-khien","product_tag-cong-tac-dieu-khien-tu-xa","product_tag-cong-tac-dieu-khien-tu-xa-12v","product_tag-cong-tac-dieu-khien-tu-xa-220v","product_tag-cong-tac-dieu-khien-tu-xa-bang-dien-thoai","product_tag-cong-tac-dieu-khien-tu-xa-qua-wifi","product_tag-cong-tac-dieu-khien-tu-xa-qua-wifi-3g","product_tag-cong-tac-thong-minh-dieu-khien-tu-xa","product_tag-hat-cong-tac-dieu-khien-tu-xa"],"acf":[],"yoast_head":"<!-- This site is optimized with the Yoast SEO Premium plugin v24.9 (Yoast SEO v24.9) - https:\/\/yoast.com\/wordpress\/plugins\/seo\/ -->\n<title>C\u00f4ng T\u1eafc C\u1ea3m \u1ee8ng Ch\u1ea1m, M\u1eb7t Tr\u1eafng CT - Kawasan<\/title>\n<meta name=\"description\" content=\"C\u00f4ng t\u1eafc c\u1ea3m \u1ee9ng ch\u1ea1m m\u00e0u tr\u1eafng CT, c\u00f3 v\u00f2ng LED hi\u1ec3n th\u1ecb tr\u1ea1ng th\u00e1i b\u1eadt - t\u1eaft. Ngo\u00e0i ra c\u00f3 th\u1ec3 k\u1ebft n\u1ed1i b\u1eb1ng s\u00f3ng RF433Mhz, \u0111\u1ec3 \u0111i\u1ec1u khi\u1ec3n t\u1eeb xa\" \/>\n<meta name=\"robots\" content=\"index, follow, max-snippet:-1, max-image-preview:large, max-video-preview:-1\" \/>\n<link rel=\"canonical\" href=\"https:\/\/kawasan.vn\/en\/product\/cong-tac-cam-ung-cham-mat-trang-ct\/\" \/>\n<meta property=\"og:locale\" content=\"en_US\" \/>\n<meta property=\"og:type\" content=\"article\" \/>\n<meta property=\"og:title\" content=\"C\u00f4ng T\u1eafc C\u1ea3m \u1ee8ng Ch\u1ea1m, M\u1eb7t Tr\u1eafng CT\" \/>\n<meta property=\"og:description\" content=\"C\u00f4ng t\u1eafc c\u1ea3m \u1ee9ng ch\u1ea1m m\u00e0u tr\u1eafng CT, c\u00f3 v\u00f2ng LED hi\u1ec3n th\u1ecb tr\u1ea1ng th\u00e1i b\u1eadt - t\u1eaft. Ngo\u00e0i ra c\u00f3 th\u1ec3 k\u1ebft n\u1ed1i b\u1eb1ng s\u00f3ng RF433Mhz, \u0111\u1ec3 \u0111i\u1ec1u khi\u1ec3n t\u1eeb xa\" \/>\n<meta property=\"og:url\" content=\"https:\/\/kawasan.vn\/en\/product\/cong-tac-cam-ung-cham-mat-trang-ct\/\" \/>\n<meta property=\"og:site_name\" content=\"Kawasan\" \/>\n<meta property=\"article:modified_time\" content=\"2026-04-13T01:24:28+00:00\" \/>\n<meta property=\"og:image\" content=\"https:\/\/kawasan.vn\/wp-content\/uploads\/2023\/11\/CT2W_-600x600-1.jpg\" \/>\n\t<meta property=\"og:image:width\" content=\"600\" \/>\n\t<meta property=\"og:image:height\" content=\"600\" \/>\n\t<meta property=\"og:image:type\" content=\"image\/jpeg\" \/>\n<meta name=\"twitter:card\" content=\"summary_large_image\" \/>\n<meta name=\"twitter:label1\" content=\"Est. reading time\" \/>\n\t<meta name=\"twitter:data1\" content=\"5 minutes\" \/>\n<script type=\"application\/ld+json\" class=\"yoast-schema-graph\">{\"@context\":\"https:\/\/schema.org\",\"@graph\":[{\"@type\":\"WebPage\",\"@id\":\"https:\/\/kawasan.vn\/san-pham\/cong-tac-cam-ung-cham-mat-trang-ct\/\",\"url\":\"https:\/\/kawasan.vn\/san-pham\/cong-tac-cam-ung-cham-mat-trang-ct\/\",\"name\":\"C\u00f4ng T\u1eafc C\u1ea3m \u1ee8ng Ch\u1ea1m, M\u1eb7t Tr\u1eafng CT - Kawasan\",\"isPartOf\":{\"@id\":\"https:\/\/kawasan.vn\/#website\"},\"primaryImageOfPage\":{\"@id\":\"https:\/\/kawasan.vn\/san-pham\/cong-tac-cam-ung-cham-mat-trang-ct\/#primaryimage\"},\"image\":{\"@id\":\"https:\/\/kawasan.vn\/san-pham\/cong-tac-cam-ung-cham-mat-trang-ct\/#primaryimage\"},\"thumbnailUrl\":\"https:\/\/kawasan.vn\/wp-content\/uploads\/2023\/11\/CT2W_-600x600-1.jpg\",\"datePublished\":\"2023-11-17T07:05:02+00:00\",\"dateModified\":\"2026-04-13T01:24:28+00:00\",\"description\":\"C\u00f4ng t\u1eafc c\u1ea3m \u1ee9ng ch\u1ea1m m\u00e0u tr\u1eafng CT, c\u00f3 v\u00f2ng LED hi\u1ec3n th\u1ecb tr\u1ea1ng th\u00e1i b\u1eadt - t\u1eaft. Ngo\u00e0i ra c\u00f3 th\u1ec3 k\u1ebft n\u1ed1i b\u1eb1ng s\u00f3ng RF433Mhz, \u0111\u1ec3 \u0111i\u1ec1u khi\u1ec3n t\u1eeb xa\",\"breadcrumb\":{\"@id\":\"https:\/\/kawasan.vn\/san-pham\/cong-tac-cam-ung-cham-mat-trang-ct\/#breadcrumb\"},\"inLanguage\":\"en-US\",\"potentialAction\":[{\"@type\":\"ReadAction\",\"target\":[\"https:\/\/kawasan.vn\/san-pham\/cong-tac-cam-ung-cham-mat-trang-ct\/\"]}]},{\"@type\":\"ImageObject\",\"inLanguage\":\"en-US\",\"@id\":\"https:\/\/kawasan.vn\/san-pham\/cong-tac-cam-ung-cham-mat-trang-ct\/#primaryimage\",\"url\":\"https:\/\/kawasan.vn\/wp-content\/uploads\/2023\/11\/CT2W_-600x600-1.jpg\",\"contentUrl\":\"https:\/\/kawasan.vn\/wp-content\/uploads\/2023\/11\/CT2W_-600x600-1.jpg\",\"width\":600,\"height\":600},{\"@type\":\"BreadcrumbList\",\"@id\":\"https:\/\/kawasan.vn\/san-pham\/cong-tac-cam-ung-cham-mat-trang-ct\/#breadcrumb\",\"itemListElement\":[{\"@type\":\"ListItem\",\"position\":1,\"name\":\"Trang ch\u1ee7\",\"item\":\"https:\/\/kawasan.vn\/\"},{\"@type\":\"ListItem\",\"position\":2,\"name\":\"S\u1ea3n ph\u1ea9m\",\"item\":\"https:\/\/kawasan.vn\/san-pham\/\"},{\"@type\":\"ListItem\",\"position\":3,\"name\":\"C\u00f4ng T\u1eafc C\u1ea3m \u1ee8ng Ch\u1ea1m, M\u1eb7t Tr\u1eafng CT\"}]},{\"@type\":\"WebSite\",\"@id\":\"https:\/\/kawasan.vn\/#website\",\"url\":\"https:\/\/kawasan.vn\/\",\"name\":\"Kawasan\",\"description\":\"\",\"potentialAction\":[{\"@type\":\"SearchAction\",\"target\":{\"@type\":\"EntryPoint\",\"urlTemplate\":\"https:\/\/kawasan.vn\/?s={search_term_string}\"},\"query-input\":{\"@type\":\"PropertyValueSpecification\",\"valueRequired\":true,\"valueName\":\"search_term_string\"}}],\"inLanguage\":\"en-US\"}]}<\/script>\n<!-- \/ Yoast SEO Premium plugin. -->","yoast_head_json":{"title":"C\u00f4ng T\u1eafc C\u1ea3m \u1ee8ng Ch\u1ea1m, M\u1eb7t Tr\u1eafng CT - Kawasan","description":"C\u00f4ng t\u1eafc c\u1ea3m \u1ee9ng ch\u1ea1m m\u00e0u tr\u1eafng CT, c\u00f3 v\u00f2ng LED hi\u1ec3n th\u1ecb tr\u1ea1ng th\u00e1i b\u1eadt - t\u1eaft. Ngo\u00e0i ra c\u00f3 th\u1ec3 k\u1ebft n\u1ed1i b\u1eb1ng s\u00f3ng RF433Mhz, \u0111\u1ec3 \u0111i\u1ec1u khi\u1ec3n t\u1eeb xa","robots":{"index":"index","follow":"follow","max-snippet":"max-snippet:-1","max-image-preview":"max-image-preview:large","max-video-preview":"max-video-preview:-1"},"canonical":"https:\/\/kawasan.vn\/en\/product\/cong-tac-cam-ung-cham-mat-trang-ct\/","og_locale":"en_US","og_type":"article","og_title":"C\u00f4ng T\u1eafc C\u1ea3m \u1ee8ng Ch\u1ea1m, M\u1eb7t Tr\u1eafng CT","og_description":"C\u00f4ng t\u1eafc c\u1ea3m \u1ee9ng ch\u1ea1m m\u00e0u tr\u1eafng CT, c\u00f3 v\u00f2ng LED hi\u1ec3n th\u1ecb tr\u1ea1ng th\u00e1i b\u1eadt - t\u1eaft. Ngo\u00e0i ra c\u00f3 th\u1ec3 k\u1ebft n\u1ed1i b\u1eb1ng s\u00f3ng RF433Mhz, \u0111\u1ec3 \u0111i\u1ec1u khi\u1ec3n t\u1eeb xa","og_url":"https:\/\/kawasan.vn\/en\/product\/cong-tac-cam-ung-cham-mat-trang-ct\/","og_site_name":"Kawasan","article_modified_time":"2026-04-13T01:24:28+00:00","og_image":[{"width":600,"height":600,"url":"https:\/\/kawasan.vn\/wp-content\/uploads\/2023\/11\/CT2W_-600x600-1.jpg","type":"image\/jpeg"}],"twitter_card":"summary_large_image","twitter_misc":{"Est. reading time":"5 minutes"},"schema":{"@context":"https:\/\/schema.org","@graph":[{"@type":"WebPage","@id":"https:\/\/kawasan.vn\/san-pham\/cong-tac-cam-ung-cham-mat-trang-ct\/","url":"https:\/\/kawasan.vn\/san-pham\/cong-tac-cam-ung-cham-mat-trang-ct\/","name":"C\u00f4ng T\u1eafc C\u1ea3m \u1ee8ng Ch\u1ea1m, M\u1eb7t Tr\u1eafng CT - Kawasan","isPartOf":{"@id":"https:\/\/kawasan.vn\/#website"},"primaryImageOfPage":{"@id":"https:\/\/kawasan.vn\/san-pham\/cong-tac-cam-ung-cham-mat-trang-ct\/#primaryimage"},"image":{"@id":"https:\/\/kawasan.vn\/san-pham\/cong-tac-cam-ung-cham-mat-trang-ct\/#primaryimage"},"thumbnailUrl":"https:\/\/kawasan.vn\/wp-content\/uploads\/2023\/11\/CT2W_-600x600-1.jpg","datePublished":"2023-11-17T07:05:02+00:00","dateModified":"2026-04-13T01:24:28+00:00","description":"C\u00f4ng t\u1eafc c\u1ea3m \u1ee9ng ch\u1ea1m m\u00e0u tr\u1eafng CT, c\u00f3 v\u00f2ng LED hi\u1ec3n th\u1ecb tr\u1ea1ng th\u00e1i b\u1eadt - t\u1eaft. Ngo\u00e0i ra c\u00f3 th\u1ec3 k\u1ebft n\u1ed1i b\u1eb1ng s\u00f3ng RF433Mhz, \u0111\u1ec3 \u0111i\u1ec1u khi\u1ec3n t\u1eeb xa","breadcrumb":{"@id":"https:\/\/kawasan.vn\/san-pham\/cong-tac-cam-ung-cham-mat-trang-ct\/#breadcrumb"},"inLanguage":"en-US","potentialAction":[{"@type":"ReadAction","target":["https:\/\/kawasan.vn\/san-pham\/cong-tac-cam-ung-cham-mat-trang-ct\/"]}]},{"@type":"ImageObject","inLanguage":"en-US","@id":"https:\/\/kawasan.vn\/san-pham\/cong-tac-cam-ung-cham-mat-trang-ct\/#primaryimage","url":"https:\/\/kawasan.vn\/wp-content\/uploads\/2023\/11\/CT2W_-600x600-1.jpg","contentUrl":"https:\/\/kawasan.vn\/wp-content\/uploads\/2023\/11\/CT2W_-600x600-1.jpg","width":600,"height":600},{"@type":"BreadcrumbList","@id":"https:\/\/kawasan.vn\/san-pham\/cong-tac-cam-ung-cham-mat-trang-ct\/#breadcrumb","itemListElement":[{"@type":"ListItem","position":1,"name":"Trang ch\u1ee7","item":"https:\/\/kawasan.vn\/"},{"@type":"ListItem","position":2,"name":"S\u1ea3n ph\u1ea9m","item":"https:\/\/kawasan.vn\/san-pham\/"},{"@type":"ListItem","position":3,"name":"C\u00f4ng T\u1eafc C\u1ea3m \u1ee8ng Ch\u1ea1m, M\u1eb7t Tr\u1eafng CT"}]},{"@type":"WebSite","@id":"https:\/\/kawasan.vn\/#website","url":"https:\/\/kawasan.vn\/","name":"Kawasan","description":"","potentialAction":[{"@type":"SearchAction","target":{"@type":"EntryPoint","urlTemplate":"https:\/\/kawasan.vn\/?s={search_term_string}"},"query-input":{"@type":"PropertyValueSpecification","valueRequired":true,"valueName":"search_term_string"}}],"inLanguage":"en-US"}]}},"_links":{"self":[{"href":"https:\/\/kawasan.vn\/en\/wp-json\/wp\/v2\/product\/6287","targetHints":{"allow":["GET"]}}],"collection":[{"href":"https:\/\/kawasan.vn\/en\/wp-json\/wp\/v2\/product"}],"about":[{"href":"https:\/\/kawasan.vn\/en\/wp-json\/wp\/v2\/types\/product"}],"replies":[{"embeddable":true,"href":"https:\/\/kawasan.vn\/en\/wp-json\/wp\/v2\/comments?post=6287"}],"version-history":[{"count":3,"href":"https:\/\/kawasan.vn\/en\/wp-json\/wp\/v2\/product\/6287\/revisions"}],"predecessor-version":[{"id":28784,"href":"https:\/\/kawasan.vn\/en\/wp-json\/wp\/v2\/product\/6287\/revisions\/28784"}],"wp:featuredmedia":[{"embeddable":true,"href":"https:\/\/kawasan.vn\/en\/wp-json\/wp\/v2\/media\/17618"}],"wp:attachment":[{"href":"https:\/\/kawasan.vn\/en\/wp-json\/wp\/v2\/media?parent=6287"}],"wp:term":[{"taxonomy":"product_cat","embeddable":true,"href":"https:\/\/kawasan.vn\/en\/wp-json\/wp\/v2\/product_cat?post=6287"},{"taxonomy":"product_tag","embeddable":true,"href":"https:\/\/kawasan.vn\/en\/wp-json\/wp\/v2\/product_tag?post=6287"}],"curies":[{"name":"wp","href":"https:\/\/api.w.org\/{rel}","templated":true}]}}