{"id":6256,"date":"2023-11-17T07:05:17","date_gmt":"2023-11-17T07:05:17","guid":{"rendered":"https:\/\/kawasan.123websitedev.com\/product\/coi-bao-dong-khong-day-al21\/"},"modified":"2025-04-25T10:45:01","modified_gmt":"2025-04-25T03:45:01","slug":"coi-bao-dong-khong-day-al21","status":"publish","type":"product","link":"https:\/\/kawasan.vn\/en\/product\/coi-bao-dong-khong-day-al21\/","title":{"rendered":"C\u00f2i B\u00e1o \u0110\u1ed9ng AL21 &#8211; RM126B Kh\u00f4ng D\u00e2y"},"content":{"rendered":"<p><strong><a href=\"https:\/\/kawasan.vn\/en\/product-category\/thiet-bi-bao-dong\/\">C\u00f2i b\u00e1o \u0111\u1ed9ng<\/a><\/strong> AL21 &#8211; RM126B \u0111\u1ed9c l\u1eadp. Ho\u1eb7c k\u1ebft h\u1ee3p v\u1edbi<strong><a href=\"https:\/\/thegioidienthongminh.com\/danh-muc\/he-thong-bao-trom\/\"> b\u00e1o \u0111\u1ed9ng trung t\u00e2m<\/a><\/strong>, \u0111\u1ec3 ph\u00e1t ra \u00e2m thanh b\u00e1o \u0111\u1ed9ng. T\u00edch h\u1ee3p \u0111\u01b0\u1ee3c v\u1edbi \u0111\u1ea7u d\u00f2, c\u1eeda t\u1eeb, b\u00e1o ga b\u00e1o kh\u00f3i v\u00e0 remote RM126 \u0111i\u1ec1u khi\u1ec3n t\u1eeb xa.<\/p>\n<h2><span id=\"Nguyen_ly_hoat_dong_cua_coi_bao_dong\">Nguy\u00ean l\u00fd ho\u1ea1t \u0111\u1ed9ng c\u1ee7a c\u00f2i b\u00e1o \u0111\u1ed9ng<\/span><\/h2>\n<p>M\u1ed7i h\u1ec7 th\u1ed1ng\u00a0<strong>c\u00f2i b\u00e1o \u0111\u1ed9ng<\/strong>, d\u00f9 c\u00f3 c\u1ea5u t\u1ea1o ph\u1ee9c t\u1ea1p \u0111\u1ebfn \u0111\u00e2u, \u0111\u1ec1u d\u1ef1a tr\u00ean m\u1ed9t nguy\u00ean l\u00fd chung g\u1ed3m 3 b\u01b0\u1edbc ch\u00ednh:<\/p>\n<h3><span id=\"Phat_hien\">Nh\u1eefng S\u1ea3n Ph\u1ea9m C\u00f3 Th\u1ec3 T\u00edch H\u1ee3p V\u1edbi <strong><a href=\"https:\/\/kawasan.vn\/en\/product-category\/thiet-bi-bao-dong\/\">C\u00f2i b\u00e1o \u0111\u1ed9ng<\/a><\/strong> AL21 &#8211; RM126B<\/span><\/h3>\n<p>C\u00e1c lo\u1ea1i c\u1ea3m bi\u1ebfn \u0111\u01b0\u1ee3c b\u1ed1 tr\u00ed t\u1ea1i nh\u1eefng khu v\u1ef1c tr\u1ecdng y\u1ebfu, li\u00ean t\u1ee5c qu\u00e9t v\u00e0 theo d\u00f5i c\u00e1c th\u00f4ng s\u1ed1 m\u00f4i tr\u01b0\u1eddng.<\/p>\n<p>M\u1ed9t s\u1ed1 lo\u1ea1i c\u1ea3m bi\u1ebfn ph\u1ed5 bi\u1ebfn:<\/p>\n<ul>\n<li aria-level=\"1\"><strong>C\u1ea3m bi\u1ebfn chuy\u1ec3n \u0111\u1ed9ng<\/strong>. Ph\u00e1t hi\u1ec7n s\u1ef1 x\u00e2m nh\u1eadp tr\u00e1i ph\u00e9p th\u00f4ng qua chuy\u1ec3n \u0111\u1ed9ng b\u1ea5t th\u01b0\u1eddng trong v\u00f9ng gi\u00e1m s\u00e1t.<\/li>\n<li aria-level=\"1\"><strong>C\u1ea3m bi\u1ebfn m\u1edf c\u1eeda<\/strong>. Nh\u1eadn bi\u1ebft khi c\u1eeda ra v\u00e0o, c\u1eeda s\u1ed5 b\u1ecb m\u1edf tr\u00e1i ph\u00e9p.<\/li>\n<li aria-level=\"1\"><strong>C\u1ea3m bi\u1ebfn kh\u00f3i, c\u1ea3m bi\u1ebfn nhi\u1ec7t \u0111\u1ed9<\/strong>. Ph\u00e1t hi\u1ec7n h\u1ecfa ho\u1ea1n, d\u1ef1a tr\u00ean kh\u00f3i ho\u1eb7c s\u1ef1 t\u0103ng nhi\u1ec7t \u0111\u1ed9 \u0111\u1ed9t ng\u1ed9t.<\/li>\n<li aria-level=\"1\"><strong>C\u1ea3m bi\u1ebfn r\u00f2 r\u1ec9 kh\u00ed gas<\/strong>. Nh\u1ea1y c\u1ea3m v\u1edbi c\u00e1c lo\u1ea1i kh\u00ed gas th\u00f4ng d\u1ee5ng, b\u00e1o \u0111\u1ed9ng khi c\u00f3 r\u00f2 r\u1ec9 nguy hi\u1ec3m.<\/li>\n<\/ul>\n<p><img loading=\"lazy\" decoding=\"async\" class=\"aligncenter wp-image-16878 size-full\" src=\"https:\/\/kawasan.vn\/wp-content\/uploads\/2024\/02\/coi-bao-dong-al21-3-e1709008155716.jpg\" alt=\"\" width=\"600\" height=\"519\" srcset=\"https:\/\/kawasan.vn\/wp-content\/uploads\/2024\/02\/coi-bao-dong-al21-3-e1709008155716.jpg 600w, https:\/\/kawasan.vn\/wp-content\/uploads\/2024\/02\/coi-bao-dong-al21-3-e1709008155716-400x346.jpg 400w\" sizes=\"auto, (max-width: 600px) 100vw, 600px\" \/> <img loading=\"lazy\" decoding=\"async\" class=\"aligncenter wp-image-16879\" src=\"https:\/\/kawasan.vn\/wp-content\/uploads\/2024\/02\/coi-bao-dong-al21-4.jpg\" alt=\"\" width=\"600\" height=\"600\" \/> <img loading=\"lazy\" decoding=\"async\" class=\"aligncenter size-full wp-image-16880\" src=\"https:\/\/kawasan.vn\/wp-content\/uploads\/2024\/02\/coi-bao-dong-kem-remote-al27-rm126.png\" alt=\"\" width=\"600\" height=\"600\" srcset=\"https:\/\/kawasan.vn\/wp-content\/uploads\/2024\/02\/coi-bao-dong-kem-remote-al27-rm126.png 600w, https:\/\/kawasan.vn\/wp-content\/uploads\/2024\/02\/coi-bao-dong-kem-remote-al27-rm126-400x400.png 400w\" sizes=\"auto, (max-width: 600px) 100vw, 600px\" \/><\/p>\n<p style=\"text-align: center;\">AL21 &#8211; RM126B<\/p>","protected":false},"excerpt":{"rendered":"<p>Nh\u00e0 s\u1ea3n xu\u1ea5t: KawasanM\u00e3 s\u1ea3n ph\u1ea9m: AL21T\u00ecnh tr\u1ea1ng:C\u00f2n h\u00e0ng<\/p>","protected":false},"featured_media":16880,"comment_status":"open","ping_status":"closed","template":"","meta":{"_yoast_wpseo_focuskw":"C\u00f2i B\u00e1o \u0110\u1ed9ng AL21 - RM126B","_yoast_wpseo_metadesc":"C\u00f2i B\u00e1o \u0110\u1ed9ng AL21 - RM126B \u0111\u1ed9c l\u1eadp ho\u1eb7c k\u1ebft h\u1ee3p v\u1edbi b\u00e1o \u0111\u1ed9ng trung t\u00e2m, \u0111\u1ec3 ph\u00e1t ra \u00e2m thanh b\u00e1o \u0111\u1ed9ng. T\u00edch h\u1ee3p \u0111\u01b0\u1ee3c v\u1edbi \u0111\u1ea7u d\u00f2, c\u1eeda t\u1eeb, b\u00e1o ga b\u00e1o kh\u00f3i.","_yoast_wpseo_focuskeywords":"","_yoast_wpseo_keyword_synonyms":""},"product_cat":[500,45],"product_tag":[1346,843,1328,905,1348,1339,1342,1341,1326,1340,1347,1322,1344,1325,1345,1076,1073,1075,1070,832,1071,1072,972,1074,1335,613,1324,1334,1333,1321,1336,621,1317,1318,1327,548,842,844,967,1323,1320,1329,1330,1343,1332,1319,1331],"class_list":["post-6256","product","type-product","status-publish","has-post-thumbnail","hentry","product_cat-coi-bao-dong-khong-day","product_cat-phu-kien-bao-dong","product_tag-bao-chong-trom-hong-ngoai","product_tag-bao-trom-hong-ngoai","product_tag-bao-trom-qua-dien-thoai","product_tag-bo-chong-trom","product_tag-cam-bien-bao-trom","product_tag-cam-bien-chong-trom","product_tag-cam-bien-chong-trom-hong-ngoai","product_tag-cam-bien-hong-ngoai-chong-trom","product_tag-camera-chong-trom-bao-qua-dien-thoai","product_tag-chong-trom-hong-ngoai","product_tag-chuong-bao-chong-trom-hong-ngoai","product_tag-chuong-bao-dong-chong-trom","product_tag-chuong-bao-trom-hong-ngoai","product_tag-chuong-chong-trom-gan-cua-thong-minh","product_tag-chuong-chong-trom-hong-ngoai","product_tag-coi-bao-an-toan","product_tag-coi-bao-chinh-hang","product_tag-coi-bao-cho-gia-dinh","product_tag-coi-bao-chong-trom","product_tag-coi-bao-dong","product_tag-coi-bao-gia-re","product_tag-coi-bao-gia-tot","product_tag-coi-bao-kawasan","product_tag-coi-bao-thong-minh","product_tag-coi-hu-bao-trom-220v","product_tag-hang-rao-chong-trom","product_tag-hang-rao-chong-trom-hieu-qua","product_tag-he-thong-bao-dong-chong-trom","product_tag-he-thong-bao-trom","product_tag-he-thong-chong-trom","product_tag-he-thong-chong-trom-gia-dinh","product_tag-kawasan","product_tag-lap-dat-bao-trom-bao-dong","product_tag-lap-dat-thiet-bi-chong-trom","product_tag-may-chong-trom","product_tag-thiet-bi-bao-dong-chong-trom","product_tag-thiet-bi-bao-trom","product_tag-thiet-bi-bao-trom-hong-ngoai","product_tag-thiet-bi-chong-trom","product_tag-thiet-bi-chong-trom-bao-qua-dien-thoai","product_tag-thiet-bi-chong-trom-gan-cua","product_tag-thiet-bi-chong-trom-gia-dinh","product_tag-thiet-bi-chong-trom-hong-ngoai","product_tag-thiet-bi-chong-trom-hong-ngoai-khong-day","product_tag-thiet-bi-chong-trom-hong-ngoai-ngoai-troi","product_tag-thiet-bi-chong-trom-ngoai-troi","product_tag-thiet-bi-chong-trom-thong-minh"],"acf":[],"yoast_head":"<!-- This site is optimized with the Yoast SEO Premium plugin v24.9 (Yoast SEO v24.9) - https:\/\/yoast.com\/wordpress\/plugins\/seo\/ -->\n<title>C\u00f2i B\u00e1o \u0110\u1ed9ng AL21 - RM126B Kh\u00f4ng D\u00e2y - Kawasan<\/title>\n<meta name=\"description\" content=\"C\u00f2i B\u00e1o \u0110\u1ed9ng AL21 - RM126B \u0111\u1ed9c l\u1eadp ho\u1eb7c k\u1ebft h\u1ee3p v\u1edbi b\u00e1o \u0111\u1ed9ng trung t\u00e2m, \u0111\u1ec3 ph\u00e1t ra \u00e2m thanh b\u00e1o \u0111\u1ed9ng. T\u00edch h\u1ee3p \u0111\u01b0\u1ee3c v\u1edbi \u0111\u1ea7u d\u00f2, c\u1eeda t\u1eeb, b\u00e1o ga b\u00e1o kh\u00f3i.\" \/>\n<meta name=\"robots\" content=\"index, follow, max-snippet:-1, max-image-preview:large, max-video-preview:-1\" \/>\n<link rel=\"canonical\" href=\"https:\/\/kawasan.vn\/en\/product\/coi-bao-dong-khong-day-al21\/\" \/>\n<meta property=\"og:locale\" content=\"en_US\" \/>\n<meta property=\"og:type\" content=\"article\" \/>\n<meta property=\"og:title\" content=\"C\u00f2i B\u00e1o \u0110\u1ed9ng AL21 - RM126B Kh\u00f4ng D\u00e2y\" \/>\n<meta property=\"og:description\" content=\"C\u00f2i B\u00e1o \u0110\u1ed9ng AL21 - RM126B \u0111\u1ed9c l\u1eadp ho\u1eb7c k\u1ebft h\u1ee3p v\u1edbi b\u00e1o \u0111\u1ed9ng trung t\u00e2m, \u0111\u1ec3 ph\u00e1t ra \u00e2m thanh b\u00e1o \u0111\u1ed9ng. T\u00edch h\u1ee3p \u0111\u01b0\u1ee3c v\u1edbi \u0111\u1ea7u d\u00f2, c\u1eeda t\u1eeb, b\u00e1o ga b\u00e1o kh\u00f3i.\" \/>\n<meta property=\"og:url\" content=\"https:\/\/kawasan.vn\/en\/product\/coi-bao-dong-khong-day-al21\/\" \/>\n<meta property=\"og:site_name\" content=\"Kawasan\" \/>\n<meta property=\"article:modified_time\" content=\"2025-04-25T03:45:01+00:00\" \/>\n<meta property=\"og:image\" content=\"https:\/\/kawasan.vn\/wp-content\/uploads\/2024\/02\/coi-bao-dong-kem-remote-al27-rm126.png\" \/>\n\t<meta property=\"og:image:width\" content=\"600\" \/>\n\t<meta property=\"og:image:height\" content=\"600\" \/>\n\t<meta property=\"og:image:type\" content=\"image\/png\" \/>\n<meta name=\"twitter:card\" content=\"summary_large_image\" \/>\n<meta name=\"twitter:label1\" content=\"Est. reading time\" \/>\n\t<meta name=\"twitter:data1\" content=\"2 minutes\" \/>\n<script type=\"application\/ld+json\" class=\"yoast-schema-graph\">{\"@context\":\"https:\/\/schema.org\",\"@graph\":[{\"@type\":\"WebPage\",\"@id\":\"https:\/\/kawasan.vn\/san-pham\/coi-bao-dong-khong-day-al21\/\",\"url\":\"https:\/\/kawasan.vn\/san-pham\/coi-bao-dong-khong-day-al21\/\",\"name\":\"C\u00f2i B\u00e1o \u0110\u1ed9ng AL21 - RM126B Kh\u00f4ng D\u00e2y - Kawasan\",\"isPartOf\":{\"@id\":\"https:\/\/kawasan.vn\/#website\"},\"primaryImageOfPage\":{\"@id\":\"https:\/\/kawasan.vn\/san-pham\/coi-bao-dong-khong-day-al21\/#primaryimage\"},\"image\":{\"@id\":\"https:\/\/kawasan.vn\/san-pham\/coi-bao-dong-khong-day-al21\/#primaryimage\"},\"thumbnailUrl\":\"https:\/\/kawasan.vn\/wp-content\/uploads\/2024\/02\/coi-bao-dong-kem-remote-al27-rm126.png\",\"datePublished\":\"2023-11-17T07:05:17+00:00\",\"dateModified\":\"2025-04-25T03:45:01+00:00\",\"description\":\"C\u00f2i B\u00e1o \u0110\u1ed9ng AL21 - RM126B \u0111\u1ed9c l\u1eadp ho\u1eb7c k\u1ebft h\u1ee3p v\u1edbi b\u00e1o \u0111\u1ed9ng trung t\u00e2m, \u0111\u1ec3 ph\u00e1t ra \u00e2m thanh b\u00e1o \u0111\u1ed9ng. T\u00edch h\u1ee3p \u0111\u01b0\u1ee3c v\u1edbi \u0111\u1ea7u d\u00f2, c\u1eeda t\u1eeb, b\u00e1o ga b\u00e1o kh\u00f3i.\",\"breadcrumb\":{\"@id\":\"https:\/\/kawasan.vn\/san-pham\/coi-bao-dong-khong-day-al21\/#breadcrumb\"},\"inLanguage\":\"en-US\",\"potentialAction\":[{\"@type\":\"ReadAction\",\"target\":[\"https:\/\/kawasan.vn\/san-pham\/coi-bao-dong-khong-day-al21\/\"]}]},{\"@type\":\"ImageObject\",\"inLanguage\":\"en-US\",\"@id\":\"https:\/\/kawasan.vn\/san-pham\/coi-bao-dong-khong-day-al21\/#primaryimage\",\"url\":\"https:\/\/kawasan.vn\/wp-content\/uploads\/2024\/02\/coi-bao-dong-kem-remote-al27-rm126.png\",\"contentUrl\":\"https:\/\/kawasan.vn\/wp-content\/uploads\/2024\/02\/coi-bao-dong-kem-remote-al27-rm126.png\",\"width\":600,\"height\":600,\"caption\":\"C\u00f2i B\u00e1o \u0110\u1ed9ng AL21 - RM126B Kh\u00f4ng D\u00e2y\"},{\"@type\":\"BreadcrumbList\",\"@id\":\"https:\/\/kawasan.vn\/san-pham\/coi-bao-dong-khong-day-al21\/#breadcrumb\",\"itemListElement\":[{\"@type\":\"ListItem\",\"position\":1,\"name\":\"Trang ch\u1ee7\",\"item\":\"https:\/\/kawasan.vn\/\"},{\"@type\":\"ListItem\",\"position\":2,\"name\":\"S\u1ea3n ph\u1ea9m\",\"item\":\"https:\/\/kawasan.vn\/san-pham\/\"},{\"@type\":\"ListItem\",\"position\":3,\"name\":\"C\u00f2i B\u00e1o \u0110\u1ed9ng AL21 &#8211; RM126B Kh\u00f4ng D\u00e2y\"}]},{\"@type\":\"WebSite\",\"@id\":\"https:\/\/kawasan.vn\/#website\",\"url\":\"https:\/\/kawasan.vn\/\",\"name\":\"Kawasan\",\"description\":\"\",\"potentialAction\":[{\"@type\":\"SearchAction\",\"target\":{\"@type\":\"EntryPoint\",\"urlTemplate\":\"https:\/\/kawasan.vn\/?s={search_term_string}\"},\"query-input\":{\"@type\":\"PropertyValueSpecification\",\"valueRequired\":true,\"valueName\":\"search_term_string\"}}],\"inLanguage\":\"en-US\"}]}<\/script>\n<!-- \/ Yoast SEO Premium plugin. -->","yoast_head_json":{"title":"C\u00f2i B\u00e1o \u0110\u1ed9ng AL21 - RM126B Kh\u00f4ng D\u00e2y - Kawasan","description":"C\u00f2i B\u00e1o \u0110\u1ed9ng AL21 - RM126B \u0111\u1ed9c l\u1eadp ho\u1eb7c k\u1ebft h\u1ee3p v\u1edbi b\u00e1o \u0111\u1ed9ng trung t\u00e2m, \u0111\u1ec3 ph\u00e1t ra \u00e2m thanh b\u00e1o \u0111\u1ed9ng. T\u00edch h\u1ee3p \u0111\u01b0\u1ee3c v\u1edbi \u0111\u1ea7u d\u00f2, c\u1eeda t\u1eeb, b\u00e1o ga b\u00e1o kh\u00f3i.","robots":{"index":"index","follow":"follow","max-snippet":"max-snippet:-1","max-image-preview":"max-image-preview:large","max-video-preview":"max-video-preview:-1"},"canonical":"https:\/\/kawasan.vn\/en\/product\/coi-bao-dong-khong-day-al21\/","og_locale":"en_US","og_type":"article","og_title":"C\u00f2i B\u00e1o \u0110\u1ed9ng AL21 - RM126B Kh\u00f4ng D\u00e2y","og_description":"C\u00f2i B\u00e1o \u0110\u1ed9ng AL21 - RM126B \u0111\u1ed9c l\u1eadp ho\u1eb7c k\u1ebft h\u1ee3p v\u1edbi b\u00e1o \u0111\u1ed9ng trung t\u00e2m, \u0111\u1ec3 ph\u00e1t ra \u00e2m thanh b\u00e1o \u0111\u1ed9ng. T\u00edch h\u1ee3p \u0111\u01b0\u1ee3c v\u1edbi \u0111\u1ea7u d\u00f2, c\u1eeda t\u1eeb, b\u00e1o ga b\u00e1o kh\u00f3i.","og_url":"https:\/\/kawasan.vn\/en\/product\/coi-bao-dong-khong-day-al21\/","og_site_name":"Kawasan","article_modified_time":"2025-04-25T03:45:01+00:00","og_image":[{"width":600,"height":600,"url":"https:\/\/kawasan.vn\/wp-content\/uploads\/2024\/02\/coi-bao-dong-kem-remote-al27-rm126.png","type":"image\/png"}],"twitter_card":"summary_large_image","twitter_misc":{"Est. reading time":"2 minutes"},"schema":{"@context":"https:\/\/schema.org","@graph":[{"@type":"WebPage","@id":"https:\/\/kawasan.vn\/san-pham\/coi-bao-dong-khong-day-al21\/","url":"https:\/\/kawasan.vn\/san-pham\/coi-bao-dong-khong-day-al21\/","name":"C\u00f2i B\u00e1o \u0110\u1ed9ng AL21 - RM126B Kh\u00f4ng D\u00e2y - Kawasan","isPartOf":{"@id":"https:\/\/kawasan.vn\/#website"},"primaryImageOfPage":{"@id":"https:\/\/kawasan.vn\/san-pham\/coi-bao-dong-khong-day-al21\/#primaryimage"},"image":{"@id":"https:\/\/kawasan.vn\/san-pham\/coi-bao-dong-khong-day-al21\/#primaryimage"},"thumbnailUrl":"https:\/\/kawasan.vn\/wp-content\/uploads\/2024\/02\/coi-bao-dong-kem-remote-al27-rm126.png","datePublished":"2023-11-17T07:05:17+00:00","dateModified":"2025-04-25T03:45:01+00:00","description":"C\u00f2i B\u00e1o \u0110\u1ed9ng AL21 - RM126B \u0111\u1ed9c l\u1eadp ho\u1eb7c k\u1ebft h\u1ee3p v\u1edbi b\u00e1o \u0111\u1ed9ng trung t\u00e2m, \u0111\u1ec3 ph\u00e1t ra \u00e2m thanh b\u00e1o \u0111\u1ed9ng. T\u00edch h\u1ee3p \u0111\u01b0\u1ee3c v\u1edbi \u0111\u1ea7u d\u00f2, c\u1eeda t\u1eeb, b\u00e1o ga b\u00e1o kh\u00f3i.","breadcrumb":{"@id":"https:\/\/kawasan.vn\/san-pham\/coi-bao-dong-khong-day-al21\/#breadcrumb"},"inLanguage":"en-US","potentialAction":[{"@type":"ReadAction","target":["https:\/\/kawasan.vn\/san-pham\/coi-bao-dong-khong-day-al21\/"]}]},{"@type":"ImageObject","inLanguage":"en-US","@id":"https:\/\/kawasan.vn\/san-pham\/coi-bao-dong-khong-day-al21\/#primaryimage","url":"https:\/\/kawasan.vn\/wp-content\/uploads\/2024\/02\/coi-bao-dong-kem-remote-al27-rm126.png","contentUrl":"https:\/\/kawasan.vn\/wp-content\/uploads\/2024\/02\/coi-bao-dong-kem-remote-al27-rm126.png","width":600,"height":600,"caption":"C\u00f2i B\u00e1o \u0110\u1ed9ng AL21 - RM126B Kh\u00f4ng D\u00e2y"},{"@type":"BreadcrumbList","@id":"https:\/\/kawasan.vn\/san-pham\/coi-bao-dong-khong-day-al21\/#breadcrumb","itemListElement":[{"@type":"ListItem","position":1,"name":"Trang ch\u1ee7","item":"https:\/\/kawasan.vn\/"},{"@type":"ListItem","position":2,"name":"S\u1ea3n ph\u1ea9m","item":"https:\/\/kawasan.vn\/san-pham\/"},{"@type":"ListItem","position":3,"name":"C\u00f2i B\u00e1o \u0110\u1ed9ng AL21 &#8211; RM126B Kh\u00f4ng D\u00e2y"}]},{"@type":"WebSite","@id":"https:\/\/kawasan.vn\/#website","url":"https:\/\/kawasan.vn\/","name":"Kawasan","description":"","potentialAction":[{"@type":"SearchAction","target":{"@type":"EntryPoint","urlTemplate":"https:\/\/kawasan.vn\/?s={search_term_string}"},"query-input":{"@type":"PropertyValueSpecification","valueRequired":true,"valueName":"search_term_string"}}],"inLanguage":"en-US"}]}},"_links":{"self":[{"href":"https:\/\/kawasan.vn\/en\/wp-json\/wp\/v2\/product\/6256","targetHints":{"allow":["GET"]}}],"collection":[{"href":"https:\/\/kawasan.vn\/en\/wp-json\/wp\/v2\/product"}],"about":[{"href":"https:\/\/kawasan.vn\/en\/wp-json\/wp\/v2\/types\/product"}],"replies":[{"embeddable":true,"href":"https:\/\/kawasan.vn\/en\/wp-json\/wp\/v2\/comments?post=6256"}],"version-history":[{"count":3,"href":"https:\/\/kawasan.vn\/en\/wp-json\/wp\/v2\/product\/6256\/revisions"}],"predecessor-version":[{"id":19977,"href":"https:\/\/kawasan.vn\/en\/wp-json\/wp\/v2\/product\/6256\/revisions\/19977"}],"wp:featuredmedia":[{"embeddable":true,"href":"https:\/\/kawasan.vn\/en\/wp-json\/wp\/v2\/media\/16880"}],"wp:attachment":[{"href":"https:\/\/kawasan.vn\/en\/wp-json\/wp\/v2\/media?parent=6256"}],"wp:term":[{"taxonomy":"product_cat","embeddable":true,"href":"https:\/\/kawasan.vn\/en\/wp-json\/wp\/v2\/product_cat?post=6256"},{"taxonomy":"product_tag","embeddable":true,"href":"https:\/\/kawasan.vn\/en\/wp-json\/wp\/v2\/product_tag?post=6256"}],"curies":[{"name":"wp","href":"https:\/\/api.w.org\/{rel}","templated":true}]}}