{"id":6254,"date":"2023-11-17T07:05:08","date_gmt":"2023-11-17T07:05:08","guid":{"rendered":"https:\/\/kawasan.123websitedev.com\/product\/phu-kien-bo-trung-tam-bao-khoi-sm03\/"},"modified":"2025-12-08T15:44:40","modified_gmt":"2025-12-08T08:44:40","slug":"bao-khoi-sm03-phu-kien-bo-trung-tam","status":"publish","type":"product","link":"https:\/\/kawasan.vn\/en\/product\/bao-khoi-sm03-phu-kien-bo-trung-tam\/","title":{"rendered":"B\u00e1o Kh\u00f3i SM03 &#8211; Ph\u1ee5 Ki\u1ec7n B\u1ed9 Trung T\u00e2m"},"content":{"rendered":"<p>Thi\u1ebft b\u1ecb b\u00e1o kh\u00f3i SM03 s\u1eed d\u1ee5ng t\u1ea7n s\u1ed1 433Mhz. K\u1ebft h\u1ee3p v\u1edbi<strong> <a href=\"https:\/\/kawasan.vn\/en\/product-category\/thiet-bi-an-ninh-an-toan\/\">b\u1ed9 trung t\u00e2m b\u00e1o \u0111\u1ed9ng<\/a><\/strong>. M\u1ee5c \u0111\u00edch<strong> <a href=\"https:\/\/thegioidienthongminh.com\/danh-muc\/he-thong-bao-trom\/\">b\u00e1o cho ch\u1ee7 nh\u00e0 bi\u1ebft<\/a><\/strong> tr\u01b0\u1eddng h\u1ee3p c\u00f3 kh\u00f3i khi x\u1ea3y ra s\u1ef1 c\u1ed1: ch\u00e1y n\u1ed5 \u0111i\u1ec7n, b\u1ea3o v\u1ec7 t\u00e0i s\u1ea3n, ng\u00f4i nh\u00e0, an to\u00e0n con ng\u01b0\u1eddi.<\/p>\n<p>B\u1ea1n n\u00ean l\u1eafp c\u1ea3m bi\u1ebfn b\u00e1o kh\u00f3i SM03 t\u1ea1i m\u1ed9t s\u1ed1 v\u1ecb tr\u00ed trong ng\u00f4i nh\u00e0 c\u1ee7a m\u00ecnh nh\u01b0: Nh\u00e0 b\u1ebfp, nh\u00e0 kho, ph\u00f2ng kh\u00e1ch, ph\u00f2ng ng\u1ee7, ph\u00f2ng \u0103n\u2026 hay l\u1eafp t\u1ea1i c\u00e1c c\u1eeda h\u00e0ng, x\u01b0\u1edfng s\u1ea3n xu\u1ea5t, v\u0103n ph\u00f2ng c\u00f4ng ty, hay l\u00e0 \u1edf c\u00e1c c\u0103n h\u1ed9 chung c\u01b0\u2026c\u00e1c d\u1ea5u hi\u1ec7u c\u00f3 ch\u00e1y x\u1ea3y ra \u0111\u1ec3 ph\u00f2ng ch\u1eefa ch\u00e1y k\u1ecbp th\u1eddi.\u00a0Gi\u00e1 c\u1ea3 h\u1ee3p l\u00ed, m\u1eabu m\u00e3 g\u1ecdn nh\u1eb9, \u0111\u01a1n gi\u1ea3n, th\u00edch h\u1ee3p c\u00e0i \u0111\u1eb7t \u0111\u1ec3 b\u1ea3o v\u1ec7 an to\u00e0n t\u00ednh m\u1ea1ng c\u0169ng nh\u01b0 t\u00e0i s\u1ea3n cho gia \u0111\u00ecnh b\u1ea1n.<\/p>\n<figure id=\"attachment_16056\" aria-describedby=\"caption-attachment-16056\" style=\"width: 600px\" class=\"wp-caption aligncenter\"><img loading=\"lazy\" decoding=\"async\" class=\"wp-image-16056\" title=\"B\u00e1o kh\u00f3i kh\u00f4ng d\u00e2y SM03 - t\u00edch h\u1ee3p kh\u00f4ng d\u00e2y b\u1eb1ng s\u00f3ng RF433 Mhz\" src=\"https:\/\/kawasan.vn\/wp-content\/uploads\/2023\/11\/cam-bien-bao-khoi-sm03-2.jpg\" alt=\"B\u00e1o kh\u00f3i kh\u00f4ng d\u00e2y SM03 - t\u00edch h\u1ee3p kh\u00f4ng d\u00e2y b\u1eb1ng s\u00f3ng RF433 Mhz\" width=\"600\" height=\"654\" \/><figcaption id=\"caption-attachment-16056\" class=\"wp-caption-text\">B\u00e1o kh\u00f3i kh\u00f4ng d\u00e2y SM03 &#8211; t\u00edch h\u1ee3p kh\u00f4ng d\u00e2y b\u1eb1ng s\u00f3ng RF433 Mhz.<\/figcaption><\/figure>\n<p><img loading=\"lazy\" decoding=\"async\" class=\"aligncenter wp-image-16057\" src=\"https:\/\/kawasan.vn\/wp-content\/uploads\/2023\/11\/cam-bien-bao-khoi-sm03-3-994x1024.jpg\" alt=\"\" width=\"606\" height=\"624\" \/> <img loading=\"lazy\" decoding=\"async\" class=\"aligncenter wp-image-16058\" src=\"https:\/\/kawasan.vn\/wp-content\/uploads\/2023\/11\/cam-bien-bao-khoi-sm03-4-991x1024.jpg\" alt=\"\" width=\"606\" height=\"626\" \/><\/p>\n<ul>\n<li style=\"list-style-type: none;\">\n<ul>\n<li><span style=\"color: #000000;\"><span style=\"font-size: 16px;\"><span style=\"font-family: times new roman,times,serif;\"><span style=\"line-height: 18px;\">Kho\u1ea3ng c\u00e1ch l\u1eafp \u0111\u1eb7t:L\u1eafp tr\u1ea7n nh\u00e0<\/span><\/span><\/span><\/span><\/li>\n<\/ul>\n<\/li>\n<\/ul>\n<ul>\n<li style=\"list-style-type: none;\">\n<ul>\n<li><span style=\"color: #000000;\"><span style=\"font-size: 16px;\"><span style=\"font-family: times new roman,times,serif;\"><span style=\"line-height: 18px;\">Kho\u1ea3ng c\u00e1ch truy\u1ec1n v\u1ec1 b\u1ed9 trung t\u00e2m: 20 ~ 50 m <\/span><\/span><\/span><\/span><\/li>\n<\/ul>\n<\/li>\n<\/ul>\n<ul>\n<li style=\"list-style-type: none;\">\n<ul>\n<li><span style=\"color: #000000;\"><span style=\"font-size: 16px;\"><span style=\"font-family: times new roman,times,serif;\"><span style=\"line-height: 18px;\">Ngu\u1ed3n\u00a0\u0111i\u1ec7n: s\u1eed d\u1ee5ng Pin 9V\u200b<\/span><\/span><\/span><\/span><\/li>\n<\/ul>\n<\/li>\n<\/ul>\n<ul>\n<li style=\"list-style-type: none;\">\n<ul>\n<li><span style=\"color: #000000;\"><span style=\"font-family: times new roman, times, serif;\"><span style=\"font-size: 16px;\">K\u1ebft n\u1ed1i kh\u00f4ng d\u00e2y RF433 Mhz<\/span><\/span><\/span><\/li>\n<\/ul>\n<\/li>\n<\/ul>\n<h3><span class=\"ez-toc-section\" id=\"TAI_SAO_NEN_CHON_KAWASAN\"><\/span><b>T\u1ea0I SAO N\u00caN CH\u1eccN KAWASAN?<\/b><span class=\"ez-toc-section-end\"><\/span><\/h3><div id=\"ez-toc-container\" class=\"ez-toc-v2_0_69_1 counter-hierarchy ez-toc-counter ez-toc-grey ez-toc-container-direction\">\n<div class=\"ez-toc-title-container\">\n<p class=\"ez-toc-title\" >N\u1ed9i Dung B&agrave;i Vi\u1ebft<\/p>\n<span class=\"ez-toc-title-toggle\"><a href=\"#\" class=\"ez-toc-pull-right ez-toc-btn ez-toc-btn-xs ez-toc-btn-default ez-toc-toggle\" aria-label=\"Toggle Table of Content\"><span class=\"ez-toc-js-icon-con\"><span class=\"\"><span class=\"eztoc-hide\" style=\"display:none;\">Toggle<\/span><span class=\"ez-toc-icon-toggle-span\"><svg style=\"fill: #999;color:#999\" xmlns=\"http:\/\/www.w3.org\/2000\/svg\" class=\"list-377408\" width=\"20px\" height=\"20px\" viewbox=\"0 0 24 24\" fill=\"none\"><path d=\"M6 6H4v2h2V6zm14 0H8v2h12V6zM4 11h2v2H4v-2zm16 0H8v2h12v-2zM4 16h2v2H4v-2zm16 0H8v2h12v-2z\" fill=\"currentColor\"><\/path><\/svg><svg style=\"fill: #999;color:#999\" class=\"arrow-unsorted-368013\" xmlns=\"http:\/\/www.w3.org\/2000\/svg\" width=\"10px\" height=\"10px\" viewbox=\"0 0 24 24\" version=\"1.2\" baseprofile=\"tiny\"><path d=\"M18.2 9.3l-6.2-6.3-6.2 6.3c-.2.2-.3.4-.3.7s.1.5.3.7c.2.2.4.3.7.3h11c.3 0 .5-.1.7-.3.2-.2.3-.5.3-.7s-.1-.5-.3-.7zM5.8 14.7l6.2 6.3 6.2-6.3c.2-.2.3-.5.3-.7s-.1-.5-.3-.7c-.2-.2-.4-.3-.7-.3h-11c-.3 0-.5.1-.7.3-.2.2-.3.5-.3.7s.1.5.3.7z\"\/><\/svg><\/span><\/span><\/span><\/a><\/span><\/div>\n<nav><ul class='ez-toc-list ez-toc-list-level-1 eztoc-toggle-hide-by-default' ><li class='ez-toc-page-1 ez-toc-heading-level-3'><a class=\"ez-toc-link ez-toc-heading-1\" href=\"https:\/\/kawasan.vn\/en\/product\/bao-khoi-sm03-phu-kien-bo-trung-tam\/#TAI_SAO_NEN_CHON_KAWASAN\" title=\"T\u1ea0I SAO N\u00caN CH\u1eccN KAWASAN?\">T\u1ea0I SAO N\u00caN CH\u1eccN KAWASAN?<\/a><ul class='ez-toc-list-level-4' ><li class='ez-toc-heading-level-4'><a class=\"ez-toc-link ez-toc-heading-2\" href=\"https:\/\/kawasan.vn\/en\/product\/bao-khoi-sm03-phu-kien-bo-trung-tam\/#CAM_KET_TU_KAWASAKAWASAN\" title=\"CAM K\u1ebeT T\u1eea KAWASAKAWASAN\">CAM K\u1ebeT T\u1eea KAWASAKAWASAN<\/a><\/li><li class='ez-toc-page-1 ez-toc-heading-level-4'><a class=\"ez-toc-link ez-toc-heading-3\" href=\"https:\/\/kawasan.vn\/en\/product\/bao-khoi-sm03-phu-kien-bo-trung-tam\/#Mua_chinh_hang_tai\" title=\"Mua ch\u00ednh h\u00e3ng t\u1ea1i:\">Mua ch\u00ednh h\u00e3ng t\u1ea1i:<\/a><\/li><\/ul><\/li><\/ul><\/nav><\/div>\n\n<ul>\n<li>Th\u01b0\u01a1ng hi\u1ec7u h\u00e0ng \u0111\u1ea7u Vi\u1ec7t Nam trong l\u0129nh v\u1ef1c \u0111i\u1ec7n t\u1ef1 \u0111\u1ed9ng, an ninh, an to\u00e0n v\u00e0 \u0111i\u1ec7n th\u00f4ng minh t\u1eeb 2007 v\u00e0 \u0111\u00e8n led d\u00e2n d\u1ee5ng, \u0111\u00e8n n\u0103ng l\u01b0\u1ee3ng m\u1eb7t tr\u1eddi t\u1eeb n\u0103m 2012<\/li>\n<li>\u0110\u1ed9 b\u1ec1n cao, linh ki\u1ec7n ch\u1ecdn l\u1ecdc \u2013 Ho\u1ea1t \u0111\u1ed9ng \u1ed5n \u0111\u1ecbnh c\u1ea3 trong \u0111i\u1ec1u ki\u1ec7n th\u1eddi ti\u1ebft kh\u1eafc nghi\u1ec7t<\/li>\n<li>Ch\u00ednh s\u00e1ch b\u1ea3o h\u00e0nh v\u01b0\u1ee3t tr\u1ed9i \u2013 H\u1ed7 tr\u1ee3 s\u1eeda ch\u1eefa c\u1ea3 sau th\u1eddi gian b\u1ea3o h\u00e0nh n\u1ebfu c\u00f2n kh\u1ea3 n\u0103ng kh\u1eafc ph\u1ee5c<\/li>\n<li>Kawasan hi\u1ec7n c\u00f3 tr\u1ee5 s\u1edf t\u1ea1i HCM, chi nh\u00e1nh t\u1ea1i H\u00e0 N\u1ed9i, \u0110\u00e0 N\u1eb5ng v\u00e0 x\u01b0\u1edfng SX, L\u1eafp r\u00e1p t\u1ea1i Q12. HCM.<\/li>\n<li>D\u1ecbch v\u1ee5 h\u1ed7 tr\u1ee3 24\/7, m\u1ea1ng l\u01b0\u1edbi \u0111\u1ea1i l\u00fd ph\u1ee7 kh\u1eafp c\u1ea3 n\u01b0\u1edbc<\/li>\n<\/ul>\n<h4><span class=\"ez-toc-section\" id=\"CAM_KET_TU_KAWASAKAWASAN\"><\/span><b>CAM K\u1ebeT T\u1eea KAWASAKAWASAN<\/b><span class=\"ez-toc-section-end\"><\/span><\/h4>\n<p>Kawasan cam k\u1ebft mang \u0111\u1ebfn s\u1ea3n ph\u1ea9m\u00a0<b>ch\u00ednh h\u00e3ng \u2013 b\u1ec1n b\u1ec9 \u2013 an to\u00e0n<\/b>, \u0111\u00e1p \u1ee9ng \u0111\u1ea7y \u0111\u1ee7 c\u00e1c ti\u00eau chu\u1ea9n k\u1ef9 thu\u1eadt v\u00e0 y\u00eau c\u1ea7u s\u1eed d\u1ee5ng th\u1ef1c t\u1ebf.\u00a0T\u1ea5t c\u1ea3 s\u1ea3n ph\u1ea9m \u0111\u01b0\u1ee3c b\u1ea3o h\u00e0nh\u00a0<b>mi\u1ec5n ph\u00ed 24 th\u00e1ng<\/b>,\u00a0<b>1 \u0111\u1ed5i 1 trong v\u00f2ng 30 ng\u00e0y<\/b>\u00a0n\u1ebfu l\u1ed7i k\u1ef9 thu\u1eadt. Ngo\u00e0i ra, kh\u00e1ch h\u00e0ng c\u00f2n \u0111\u01b0\u1ee3c h\u1ed7 tr\u1ee3 s\u1eeda ch\u1eefa sau khi h\u1ebft th\u1eddi gian b\u1ea3o h\u00e0nh n\u1ebfu s\u1ea3n ph\u1ea9m c\u00f2n kh\u1ea3 n\u0103ng ph\u1ee5c h\u1ed3i,\u00a0<b>kh\u00f4ng t\u00ednh ph\u00ed<\/b>\u00a0n\u1ebfu chi ph\u00ed linh ki\u1ec7n thay th\u1ebf kh\u00f4ng \u0111\u00e1ng k\u1ec3.\u00a0Kh\u00e1ch h\u00e0ng c\u00f3 th\u1ec3 t\u00ecm mua s\u1ea3n ph\u1ea9m t\u1ea1i c\u00e1c \u0111\u1ea1i l\u00fd thu\u1ed9c<a href=\"https:\/\/kawasan.vn\/en\/he-thong-phan-phoi\/\">\u00a0<b>H\u1ec6 TH\u1ed0NG PH\u00c2N PH\u1ed0I TO\u00c0N QU\u1ed0C<\/b><\/a>\u00a0t\u1ea1i c\u00e1c t\u1ec9nh th\u00e0nh ho\u1eb7c c\u00f3 th\u1ec3 \u0111\u1eb7t h\u00e0ng tr\u00ean website.<\/p>\n<h4><span class=\"ez-toc-section\" id=\"Mua_chinh_hang_tai\"><\/span><b>Mua ch\u00ednh h\u00e3ng t\u1ea1i:<\/b><span class=\"ez-toc-section-end\"><\/span><\/h4>\n<ul>\n<li>Li\u00ean h\u1ec7 tr\u1ef1c ti\u1ebfp ph\u00f2ng kinh doanh \u0111\u1ec3 \u0111\u01b0\u1ee3c b\u00e1o gi\u00e1 s\u1ec9, gi\u00e1 \u0111\u1ea1i l\u00fd \/ NPP:\u00a0<b>0825 411 408 \/ 0911 757234<\/b><\/li>\n<li>Website:<a href=\"https:\/\/kawasan.vn\/en\/\">\u00a0www.kawasan.vn<\/a>\u00a0(\u0110\u1ed1i v\u1edbi s\u1ea3n ph\u1ea9m Kawasan)<\/li>\n<li>Website:<a href=\"https:\/\/www.kawaled.com.vn\/\">\u00a0www.kawaled.com.vn<\/a>\u00a0(\u0110\u1ed1i v\u1edbi s\u1ea3n ph\u1ea9m Kawaled)<\/li>\n<\/ul>\n<p><strong>B\u00e0i vi\u1ebft v\u00e0 Video tham kh\u1ea3o v\u1ec1 \u1ee9ng d\u1ee5ng, l\u1ee3i \u00edch v\u00e0 HDSD<\/strong><\/p>\n<ul>\n<li>Tham kh\u1ea3o b\u00e0i vi\u1ebft v\u1ec1 s\u1ea3n ph\u1ea9m\n<ul>\n<li>B\u00e0i vi\u1ebft 1: <a class=\"row-title\" href=\"https:\/\/kawasan.vn\/wp-admin\/post.php?post=26022&amp;action=edit&amp;classic-editor\" aria-label=\"\u201cB\u1ed9 C\u1ea3nh B\u00e1o Nguy Li\u00ean Gia BLG01R \u2013 T\u00f9y Ch\u1ecdn 1S\/2S\/3S\/4S Theo Nhu C\u1ea7u\u201d (Ch\u1ec9nh s\u1eeda)\">B\u1ed9 C\u1ea3nh B\u00e1o Nguy Li\u00ean Gia BLG01R \u2013 T\u00f9y Ch\u1ecdn 1S\/2S\/3S\/4S Theo Nhu C\u1ea7u<\/a><\/li>\n<li>B\u00e0i vi\u1ebft 2: <a class=\"row-title\" href=\"https:\/\/kawasan.vn\/wp-admin\/post.php?post=24913&amp;action=edit&amp;classic-editor\" aria-label=\"\u201cH\u1eceA HO\u1ea0N KH\u00d4NG \u0110\u1ee2I AI \u2013 M\u1ed6I GIA \u0110\u00ccNH C\u1ea6N CH\u1ee6 \u0110\u1ed8NG L\u1eaeP H\u1ec6 TH\u1ed0NG B\u00c1O CH\u00c1Y LI\u00caN GIA NGAY\u201d (Ch\u1ec9nh s\u1eeda)\">H\u1eceA HO\u1ea0N KH\u00d4NG \u0110\u1ee2I AI \u2013 M\u1ed6I GIA \u0110\u00ccNH C\u1ea6N CH\u1ee6 \u0110\u1ed8NG L\u1eaeP H\u1ec6 TH\u1ed0NG B\u00c1O CH\u00c1Y LI\u00caN GIA NGAY<\/a><\/li>\n<\/ul>\n<\/li>\n<li>Xem Video gi\u1edbi thi\u1ec7u \u1ee9ng s\u1ea3n ph\u1ea9m, \u1ee9ng d\u1ee5ng v\u00e0 HDSD v\u1ec1 s\u1ea3n ph\u1ea9m\n<ul>\n<li>Video gi\u1edbi thi\u1ec7u s\u1ea3n ph\u1ea9m: <a id=\"video-title\" class=\"yt-simple-endpoint style-scope ytd-video-renderer\" title=\"Ph\u00f2ng Ch\u1ed1ng Ch\u00e1y N\u1ed5 | An To\u00e0n Cho G\u0110 - Thi\u1ebft B\u1ecb B\u00e1o R\u00f2 R\u1ec9 Gas | B\u00e1o Kh\u00f3i Kawasan\" href=\"https:\/\/www.youtube.com\/watch?v=0UlcQ3FPqkQ\" aria-label=\"Ph\u00f2ng Ch\u1ed1ng Ch\u00e1y N\u1ed5 | An To\u00e0n Cho G\u0110 - Thi\u1ebft B\u1ecb B\u00e1o R\u00f2 R\u1ec9 Gas | B\u00e1o Kh\u00f3i Kawasan 1 ph\u00fat, 34 gi\u00e2y\">Ph\u00f2ng Ch\u1ed1ng Ch\u00e1y N\u1ed5 | An To\u00e0n Cho G\u0110 &#8211; Thi\u1ebft B\u1ecb B\u00e1o R\u00f2 R\u1ec9 Gas | B\u00e1o Kh\u00f3i Kawasan<\/a><\/li>\n<li>Video h\u01b0\u1edbng d\u1eabn s\u1eed d\u1ee5ng: <a id=\"video-title\" class=\"yt-simple-endpoint style-scope ytd-video-renderer\" title=\"Ch\u00e1y N\u1ed5 Kinh Ho\u00e0ng Thi\u1ebft B\u1ecb B\u00e1o \u0110\u1ed9ng Ch\u00e1y N\u1ed5 B\u00e1o Gas B\u00e1o Kh\u00f3i Th\u00f4ng Minh Kawasan\" href=\"https:\/\/www.youtube.com\/watch?v=kNRuWV7NTPE\" aria-label=\"Ch\u00e1y N\u1ed5 Kinh Ho\u00e0ng Thi\u1ebft B\u1ecb B\u00e1o \u0110\u1ed9ng Ch\u00e1y N\u1ed5 B\u00e1o Gas B\u00e1o Kh\u00f3i Th\u00f4ng Minh Kawasan 1 ph\u00fat, 24 gi\u00e2y\">Ch\u00e1y N\u1ed5 Kinh Ho\u00e0ng Thi\u1ebft B\u1ecb B\u00e1o \u0110\u1ed9ng Ch\u00e1y N\u1ed5 B\u00e1o Gas B\u00e1o Kh\u00f3i Th\u00f4ng Minh Kawasan<\/a><\/li>\n<\/ul>\n<\/li>\n<\/ul>","protected":false},"excerpt":{"rendered":"<p>Nh\u00e0 s\u1ea3n xu\u1ea5t: KawasanM\u00e3 s\u1ea3n ph\u1ea9m: SM03T\u00ecnh tr\u1ea1ng:H\u1ebft h\u00e0ng<\/p>","protected":false},"featured_media":27786,"comment_status":"open","ping_status":"closed","template":"","meta":{"_yoast_wpseo_focuskw":"B\u00e1o Kh\u00f3i SM03","_yoast_wpseo_metadesc":"B\u00e1o Kh\u00f3i SM03 s\u1eed d\u1ee5ng t\u1ea7n s\u1ed1 433Mhz. K\u1ebft h\u1ee3p v\u1edbi b\u1ed9 trung t\u00e2m b\u00e1o \u0111\u1ed9ng. B\u00e1o c\u00f3 kh\u00f3i : ch\u00e1y n\u1ed5 \u0111i\u1ec7n, b\u1ea3o v\u1ec7 t\u00e0i s\u1ea3n, ng\u00f4i nh\u00e0, an to\u00e0n con ng\u01b0\u1eddi.","_yoast_wpseo_focuskeywords":"","_yoast_wpseo_keyword_synonyms":""},"product_cat":[493,37],"product_tag":[1211,1196,1077,1206,1215,620,1208,1213,619,1079,1080,1078,1081,618,1199,1200,1214,1088,1198,1205,1209,954,955,1201,1212,1197,1216,1202,1207,621,1203,1204,900,1210],"class_list":["post-6254","product","type-product","status-publish","has-post-thumbnail","hentry","product_cat-dau-bao-khoi","product_cat-thiet-bi-an-ninh-an-toan","product_tag-bao-chay-bao-khoi","product_tag-bao-chay-khoi","product_tag-bao-chay-lien-gia","product_tag-bao-gia-dau-bao-khoi","product_tag-bao-gia-dau-bao-khoi-dia-chi","product_tag-bao-khoi","product_tag-bao-khoi-bao-chay","product_tag-bao-khoi-kawasan","product_tag-bao-khoi-khong-day","product_tag-bo-bao-chay-chinh-hang","product_tag-bo-bao-chay-gia-tot","product_tag-bo-bao-chay-kawasan","product_tag-bo-bao-khoi-gia-tot","product_tag-cam-bien-bao-khoi","product_tag-dau-bao-chay","product_tag-dau-bao-chay-khoi","product_tag-dau-bao-chay-khoi-quang","product_tag-dau-bao-khoi","product_tag-dau-bao-khoi-quang","product_tag-dau-do-bao-chay","product_tag-dau-do-bao-khoi","product_tag-gia-bo-bao-chay","product_tag-gia-bo-bao-khoi","product_tag-gia-dau-bao-chay","product_tag-gia-dau-bao-chay-khoi","product_tag-gia-dau-bao-khoi","product_tag-gia-dau-bao-khoi-dia-chi","product_tag-he-thong-bao-chay-bao-khoi","product_tag-he-thong-bao-khoi","product_tag-kawasan","product_tag-may-bao-khoi","product_tag-thiet-bi-bao-chay-bao-khoi","product_tag-thiet-bi-bao-khoi","product_tag-thiet-bi-bao-khoi-bao-chay"],"acf":[],"yoast_head":"<!-- This site is optimized with the Yoast SEO Premium plugin v24.9 (Yoast SEO v24.9) - https:\/\/yoast.com\/wordpress\/plugins\/seo\/ -->\n<title>B\u00e1o Kh\u00f3i SM03 - Ph\u1ee5 Ki\u1ec7n B\u1ed9 Trung T\u00e2m - Kawasan<\/title>\n<meta name=\"description\" content=\"B\u00e1o Kh\u00f3i SM03 s\u1eed d\u1ee5ng t\u1ea7n s\u1ed1 433Mhz. K\u1ebft h\u1ee3p v\u1edbi b\u1ed9 trung t\u00e2m b\u00e1o \u0111\u1ed9ng. B\u00e1o c\u00f3 kh\u00f3i : ch\u00e1y n\u1ed5 \u0111i\u1ec7n, b\u1ea3o v\u1ec7 t\u00e0i s\u1ea3n, ng\u00f4i nh\u00e0, an to\u00e0n con ng\u01b0\u1eddi.\" \/>\n<meta name=\"robots\" content=\"index, follow, max-snippet:-1, max-image-preview:large, max-video-preview:-1\" \/>\n<link rel=\"canonical\" href=\"https:\/\/kawasan.vn\/en\/product\/bao-khoi-sm03-phu-kien-bo-trung-tam\/\" \/>\n<meta property=\"og:locale\" content=\"en_US\" \/>\n<meta property=\"og:type\" content=\"article\" \/>\n<meta property=\"og:title\" content=\"B\u00e1o Kh\u00f3i SM03 - Ph\u1ee5 Ki\u1ec7n B\u1ed9 Trung T\u00e2m\" \/>\n<meta property=\"og:description\" content=\"B\u00e1o Kh\u00f3i SM03 s\u1eed d\u1ee5ng t\u1ea7n s\u1ed1 433Mhz. K\u1ebft h\u1ee3p v\u1edbi b\u1ed9 trung t\u00e2m b\u00e1o \u0111\u1ed9ng. B\u00e1o c\u00f3 kh\u00f3i : ch\u00e1y n\u1ed5 \u0111i\u1ec7n, b\u1ea3o v\u1ec7 t\u00e0i s\u1ea3n, ng\u00f4i nh\u00e0, an to\u00e0n con ng\u01b0\u1eddi.\" \/>\n<meta property=\"og:url\" content=\"https:\/\/kawasan.vn\/en\/product\/bao-khoi-sm03-phu-kien-bo-trung-tam\/\" \/>\n<meta property=\"og:site_name\" content=\"Kawasan\" \/>\n<meta property=\"article:modified_time\" content=\"2025-12-08T08:44:40+00:00\" \/>\n<meta property=\"og:image\" content=\"https:\/\/kawasan.vn\/wp-content\/uploads\/2023\/11\/sg36s-2.png\" \/>\n\t<meta property=\"og:image:width\" content=\"900\" \/>\n\t<meta property=\"og:image:height\" content=\"900\" \/>\n\t<meta property=\"og:image:type\" content=\"image\/png\" \/>\n<meta name=\"twitter:card\" content=\"summary_large_image\" \/>\n<meta name=\"twitter:label1\" content=\"Est. reading time\" \/>\n\t<meta name=\"twitter:data1\" content=\"4 minutes\" \/>\n<script type=\"application\/ld+json\" class=\"yoast-schema-graph\">{\"@context\":\"https:\/\/schema.org\",\"@graph\":[{\"@type\":\"WebPage\",\"@id\":\"https:\/\/kawasan.vn\/san-pham\/bao-khoi-sm03-phu-kien-bo-trung-tam\/\",\"url\":\"https:\/\/kawasan.vn\/san-pham\/bao-khoi-sm03-phu-kien-bo-trung-tam\/\",\"name\":\"B\u00e1o Kh\u00f3i SM03 - Ph\u1ee5 Ki\u1ec7n B\u1ed9 Trung T\u00e2m - Kawasan\",\"isPartOf\":{\"@id\":\"https:\/\/kawasan.vn\/#website\"},\"primaryImageOfPage\":{\"@id\":\"https:\/\/kawasan.vn\/san-pham\/bao-khoi-sm03-phu-kien-bo-trung-tam\/#primaryimage\"},\"image\":{\"@id\":\"https:\/\/kawasan.vn\/san-pham\/bao-khoi-sm03-phu-kien-bo-trung-tam\/#primaryimage\"},\"thumbnailUrl\":\"https:\/\/kawasan.vn\/wp-content\/uploads\/2023\/11\/sg36s-2.png\",\"datePublished\":\"2023-11-17T07:05:08+00:00\",\"dateModified\":\"2025-12-08T08:44:40+00:00\",\"description\":\"B\u00e1o Kh\u00f3i SM03 s\u1eed d\u1ee5ng t\u1ea7n s\u1ed1 433Mhz. K\u1ebft h\u1ee3p v\u1edbi b\u1ed9 trung t\u00e2m b\u00e1o \u0111\u1ed9ng. B\u00e1o c\u00f3 kh\u00f3i : ch\u00e1y n\u1ed5 \u0111i\u1ec7n, b\u1ea3o v\u1ec7 t\u00e0i s\u1ea3n, ng\u00f4i nh\u00e0, an to\u00e0n con ng\u01b0\u1eddi.\",\"breadcrumb\":{\"@id\":\"https:\/\/kawasan.vn\/san-pham\/bao-khoi-sm03-phu-kien-bo-trung-tam\/#breadcrumb\"},\"inLanguage\":\"en-US\",\"potentialAction\":[{\"@type\":\"ReadAction\",\"target\":[\"https:\/\/kawasan.vn\/san-pham\/bao-khoi-sm03-phu-kien-bo-trung-tam\/\"]}]},{\"@type\":\"ImageObject\",\"inLanguage\":\"en-US\",\"@id\":\"https:\/\/kawasan.vn\/san-pham\/bao-khoi-sm03-phu-kien-bo-trung-tam\/#primaryimage\",\"url\":\"https:\/\/kawasan.vn\/wp-content\/uploads\/2023\/11\/sg36s-2.png\",\"contentUrl\":\"https:\/\/kawasan.vn\/wp-content\/uploads\/2023\/11\/sg36s-2.png\",\"width\":900,\"height\":900},{\"@type\":\"BreadcrumbList\",\"@id\":\"https:\/\/kawasan.vn\/san-pham\/bao-khoi-sm03-phu-kien-bo-trung-tam\/#breadcrumb\",\"itemListElement\":[{\"@type\":\"ListItem\",\"position\":1,\"name\":\"Trang ch\u1ee7\",\"item\":\"https:\/\/kawasan.vn\/\"},{\"@type\":\"ListItem\",\"position\":2,\"name\":\"S\u1ea3n ph\u1ea9m\",\"item\":\"https:\/\/kawasan.vn\/san-pham\/\"},{\"@type\":\"ListItem\",\"position\":3,\"name\":\"B\u00e1o Kh\u00f3i SM03 &#8211; Ph\u1ee5 Ki\u1ec7n B\u1ed9 Trung T\u00e2m\"}]},{\"@type\":\"WebSite\",\"@id\":\"https:\/\/kawasan.vn\/#website\",\"url\":\"https:\/\/kawasan.vn\/\",\"name\":\"Kawasan\",\"description\":\"\",\"potentialAction\":[{\"@type\":\"SearchAction\",\"target\":{\"@type\":\"EntryPoint\",\"urlTemplate\":\"https:\/\/kawasan.vn\/?s={search_term_string}\"},\"query-input\":{\"@type\":\"PropertyValueSpecification\",\"valueRequired\":true,\"valueName\":\"search_term_string\"}}],\"inLanguage\":\"en-US\"}]}<\/script>\n<!-- \/ Yoast SEO Premium plugin. -->","yoast_head_json":{"title":"B\u00e1o Kh\u00f3i SM03 - Ph\u1ee5 Ki\u1ec7n B\u1ed9 Trung T\u00e2m - Kawasan","description":"B\u00e1o Kh\u00f3i SM03 s\u1eed d\u1ee5ng t\u1ea7n s\u1ed1 433Mhz. K\u1ebft h\u1ee3p v\u1edbi b\u1ed9 trung t\u00e2m b\u00e1o \u0111\u1ed9ng. B\u00e1o c\u00f3 kh\u00f3i : ch\u00e1y n\u1ed5 \u0111i\u1ec7n, b\u1ea3o v\u1ec7 t\u00e0i s\u1ea3n, ng\u00f4i nh\u00e0, an to\u00e0n con ng\u01b0\u1eddi.","robots":{"index":"index","follow":"follow","max-snippet":"max-snippet:-1","max-image-preview":"max-image-preview:large","max-video-preview":"max-video-preview:-1"},"canonical":"https:\/\/kawasan.vn\/en\/product\/bao-khoi-sm03-phu-kien-bo-trung-tam\/","og_locale":"en_US","og_type":"article","og_title":"B\u00e1o Kh\u00f3i SM03 - Ph\u1ee5 Ki\u1ec7n B\u1ed9 Trung T\u00e2m","og_description":"B\u00e1o Kh\u00f3i SM03 s\u1eed d\u1ee5ng t\u1ea7n s\u1ed1 433Mhz. K\u1ebft h\u1ee3p v\u1edbi b\u1ed9 trung t\u00e2m b\u00e1o \u0111\u1ed9ng. B\u00e1o c\u00f3 kh\u00f3i : ch\u00e1y n\u1ed5 \u0111i\u1ec7n, b\u1ea3o v\u1ec7 t\u00e0i s\u1ea3n, ng\u00f4i nh\u00e0, an to\u00e0n con ng\u01b0\u1eddi.","og_url":"https:\/\/kawasan.vn\/en\/product\/bao-khoi-sm03-phu-kien-bo-trung-tam\/","og_site_name":"Kawasan","article_modified_time":"2025-12-08T08:44:40+00:00","og_image":[{"width":900,"height":900,"url":"https:\/\/kawasan.vn\/wp-content\/uploads\/2023\/11\/sg36s-2.png","type":"image\/png"}],"twitter_card":"summary_large_image","twitter_misc":{"Est. reading time":"4 minutes"},"schema":{"@context":"https:\/\/schema.org","@graph":[{"@type":"WebPage","@id":"https:\/\/kawasan.vn\/san-pham\/bao-khoi-sm03-phu-kien-bo-trung-tam\/","url":"https:\/\/kawasan.vn\/san-pham\/bao-khoi-sm03-phu-kien-bo-trung-tam\/","name":"B\u00e1o Kh\u00f3i SM03 - Ph\u1ee5 Ki\u1ec7n B\u1ed9 Trung T\u00e2m - Kawasan","isPartOf":{"@id":"https:\/\/kawasan.vn\/#website"},"primaryImageOfPage":{"@id":"https:\/\/kawasan.vn\/san-pham\/bao-khoi-sm03-phu-kien-bo-trung-tam\/#primaryimage"},"image":{"@id":"https:\/\/kawasan.vn\/san-pham\/bao-khoi-sm03-phu-kien-bo-trung-tam\/#primaryimage"},"thumbnailUrl":"https:\/\/kawasan.vn\/wp-content\/uploads\/2023\/11\/sg36s-2.png","datePublished":"2023-11-17T07:05:08+00:00","dateModified":"2025-12-08T08:44:40+00:00","description":"B\u00e1o Kh\u00f3i SM03 s\u1eed d\u1ee5ng t\u1ea7n s\u1ed1 433Mhz. K\u1ebft h\u1ee3p v\u1edbi b\u1ed9 trung t\u00e2m b\u00e1o \u0111\u1ed9ng. B\u00e1o c\u00f3 kh\u00f3i : ch\u00e1y n\u1ed5 \u0111i\u1ec7n, b\u1ea3o v\u1ec7 t\u00e0i s\u1ea3n, ng\u00f4i nh\u00e0, an to\u00e0n con ng\u01b0\u1eddi.","breadcrumb":{"@id":"https:\/\/kawasan.vn\/san-pham\/bao-khoi-sm03-phu-kien-bo-trung-tam\/#breadcrumb"},"inLanguage":"en-US","potentialAction":[{"@type":"ReadAction","target":["https:\/\/kawasan.vn\/san-pham\/bao-khoi-sm03-phu-kien-bo-trung-tam\/"]}]},{"@type":"ImageObject","inLanguage":"en-US","@id":"https:\/\/kawasan.vn\/san-pham\/bao-khoi-sm03-phu-kien-bo-trung-tam\/#primaryimage","url":"https:\/\/kawasan.vn\/wp-content\/uploads\/2023\/11\/sg36s-2.png","contentUrl":"https:\/\/kawasan.vn\/wp-content\/uploads\/2023\/11\/sg36s-2.png","width":900,"height":900},{"@type":"BreadcrumbList","@id":"https:\/\/kawasan.vn\/san-pham\/bao-khoi-sm03-phu-kien-bo-trung-tam\/#breadcrumb","itemListElement":[{"@type":"ListItem","position":1,"name":"Trang ch\u1ee7","item":"https:\/\/kawasan.vn\/"},{"@type":"ListItem","position":2,"name":"S\u1ea3n ph\u1ea9m","item":"https:\/\/kawasan.vn\/san-pham\/"},{"@type":"ListItem","position":3,"name":"B\u00e1o Kh\u00f3i SM03 &#8211; Ph\u1ee5 Ki\u1ec7n B\u1ed9 Trung T\u00e2m"}]},{"@type":"WebSite","@id":"https:\/\/kawasan.vn\/#website","url":"https:\/\/kawasan.vn\/","name":"Kawasan","description":"","potentialAction":[{"@type":"SearchAction","target":{"@type":"EntryPoint","urlTemplate":"https:\/\/kawasan.vn\/?s={search_term_string}"},"query-input":{"@type":"PropertyValueSpecification","valueRequired":true,"valueName":"search_term_string"}}],"inLanguage":"en-US"}]}},"_links":{"self":[{"href":"https:\/\/kawasan.vn\/en\/wp-json\/wp\/v2\/product\/6254","targetHints":{"allow":["GET"]}}],"collection":[{"href":"https:\/\/kawasan.vn\/en\/wp-json\/wp\/v2\/product"}],"about":[{"href":"https:\/\/kawasan.vn\/en\/wp-json\/wp\/v2\/types\/product"}],"replies":[{"embeddable":true,"href":"https:\/\/kawasan.vn\/en\/wp-json\/wp\/v2\/comments?post=6254"}],"version-history":[{"count":6,"href":"https:\/\/kawasan.vn\/en\/wp-json\/wp\/v2\/product\/6254\/revisions"}],"predecessor-version":[{"id":29057,"href":"https:\/\/kawasan.vn\/en\/wp-json\/wp\/v2\/product\/6254\/revisions\/29057"}],"wp:featuredmedia":[{"embeddable":true,"href":"https:\/\/kawasan.vn\/en\/wp-json\/wp\/v2\/media\/27786"}],"wp:attachment":[{"href":"https:\/\/kawasan.vn\/en\/wp-json\/wp\/v2\/media?parent=6254"}],"wp:term":[{"taxonomy":"product_cat","embeddable":true,"href":"https:\/\/kawasan.vn\/en\/wp-json\/wp\/v2\/product_cat?post=6254"},{"taxonomy":"product_tag","embeddable":true,"href":"https:\/\/kawasan.vn\/en\/wp-json\/wp\/v2\/product_tag?post=6254"}],"curies":[{"name":"wp","href":"https:\/\/api.w.org\/{rel}","templated":true}]}}