{"id":6252,"date":"2023-11-17T07:05:02","date_gmt":"2023-11-17T07:05:02","guid":{"rendered":"https:\/\/kawasan.123websitedev.com\/product\/phu-kien-trung-tam-chuong-bao\/"},"modified":"2025-09-20T14:03:40","modified_gmt":"2025-09-20T07:03:40","slug":"coi-bao-dong-phu-kien-bo-trung-tam","status":"publish","type":"product","link":"https:\/\/kawasan.vn\/en\/product\/coi-bao-dong-phu-kien-bo-trung-tam\/","title":{"rendered":"C\u00f2i B\u00e1o \u0110\u1ed9ng AL03D-220V"},"content":{"rendered":"<p>C\u00f2i b\u00e1o \u0111\u1ed9ng AL03D-220V <a href=\"https:\/\/thegioidienthongminh.com\/danh-muc\/bao-dong-chong-trom\/\"><strong>Kawasan<\/strong><\/a>. Th\u00edch h\u1ee3p l\u1eafp v\u00e0o c\u00e1c ng\u00f5 ra c\u00f2i ph\u1ee5 c\u1ee7a <strong><a href=\"https:\/\/kawasan.vn\/en\/product-category\/thiet-bi-bao-dong\/\">b\u1ed9 b\u00e1o \u0111\u1ed9ng h\u1ed3ng ngo\u1ea1i<\/a><\/strong> nh\u01b0: I225DS, I226DS, I227B-R&#8230;. \u0110\u00e2y l\u00e0 m\u1ed9t b\u1ed9 ph\u1eadn thu\u1ed9c h\u1ec7 th\u1ed1ng b\u00e1o \u0111\u1ed9ng th\u00f4ng minh \u0111ang \u0111\u01b0\u1ee3c s\u1eed d\u1ee5ng nhi\u1ec1u nh\u1ea5t hi\u1ec7n nay. Khi t\u00e0i s\u1ea3n c\u00e1 nh\u00e2n c\u00f3 nguy c\u01a1 b\u1ecb m\u1ea5t, c\u00f2i s\u1ebd vang l\u00ean \u00e2m thanh b\u00e1o \u0111\u1ed9ng \u0111\u1ec3 b\u1ea1n c\u00f3 th\u1ec3 k\u1ecbp th\u1eddi \u0111\u1ec3 ch\u1ee7 nh\u00e2n t\u00e0i s\u1ea3n c\u00f3 \u00fd th\u1ee9c v\u00e0 bi\u1ec7n ph\u00e1p b\u1ea3o v\u1ec7 t\u00e0i s\u1ea3n. V\u1edbi s\u1ef1 h\u1ed7n lo\u1ea1n v\u00e0 m\u1ea5t an ninh tr\u1eadt t\u1ef1, tr\u1ed9m c\u1eafp x\u1ea3y ra li\u00ean mi\u00ean nh\u01b0 hi\u1ec7n nay th\u00ec vi\u1ec7c l\u1eafp \u0111\u1eb7t c\u00f2i b\u00e1o \u0111\u1ed9ng trong nh\u00e0, cho xe m\u00e1y, \u00f4 t\u00f4 l\u00e0 m\u1ed9t h\u00e0nh \u0111\u1ed9ng c\u1ea7n thi\u1ebft.<\/p>\n<figure id=\"attachment_16906\" aria-describedby=\"caption-attachment-16906\" style=\"width: 600px\" class=\"wp-caption aligncenter\"><img loading=\"lazy\" decoding=\"async\" class=\"wp-image-16906\" title=\"C\u00f2i b\u00e1o \u0111\u1ed9ng kh\u00f4ng d\u00e2y 220V\" src=\"https:\/\/kawasan.vn\/wp-content\/uploads\/2023\/11\/IMG_20231222_101731_215.jpg\" alt=\"C\u00f2i b\u00e1o \u0111\u1ed9ng kh\u00f4ng d\u00e2y 220V\" width=\"600\" height=\"450\" srcset=\"https:\/\/kawasan.vn\/wp-content\/uploads\/2023\/11\/IMG_20231222_101731_215-463x348.jpg 463w, https:\/\/kawasan.vn\/wp-content\/uploads\/2023\/11\/IMG_20231222_101731_215-400x300.jpg 400w\" sizes=\"auto, (max-width: 600px) 100vw, 600px\" \/><figcaption id=\"caption-attachment-16906\" class=\"wp-caption-text\">C\u00f2i b\u00e1o \u0111\u1ed9ng c\u00f3 d\u00e2y 220V<\/figcaption><\/figure>\n<ul>\n<li>Ngu\u1ed3n \u0111i\u1ec7n ch\u00ednh AC 110-220V<\/li>\n<li>D\u00f2ng t\u0129nh 100mAh<\/li>\n<li>\u00c2m l\u01b0\u1ee3ng t\u1ed1i \u0111a: 110dB<\/li>\n<li>Th\u1eddi gian b\u00e1o \u0111\u1ed9ng li\u00ean t\u1ee5c \u0111\u1ebfn khi r\u00fat ngu\u1ed3n<\/li>\n<\/ul>\n<h3><span class=\"ez-toc-section\" id=\"TAI_SAO_NEN_CHON_KAWASAN\"><\/span><b>T\u1ea0I SAO N\u00caN CH\u1eccN KAWASAN?<\/b><span class=\"ez-toc-section-end\"><\/span><\/h3><div id=\"ez-toc-container\" class=\"ez-toc-v2_0_69_1 counter-hierarchy ez-toc-counter ez-toc-grey ez-toc-container-direction\">\n<div class=\"ez-toc-title-container\">\n<p class=\"ez-toc-title\" >N\u1ed9i Dung B&agrave;i Vi\u1ebft<\/p>\n<span class=\"ez-toc-title-toggle\"><a href=\"#\" class=\"ez-toc-pull-right ez-toc-btn ez-toc-btn-xs ez-toc-btn-default ez-toc-toggle\" aria-label=\"Toggle Table of Content\"><span class=\"ez-toc-js-icon-con\"><span class=\"\"><span class=\"eztoc-hide\" style=\"display:none;\">Toggle<\/span><span class=\"ez-toc-icon-toggle-span\"><svg style=\"fill: #999;color:#999\" xmlns=\"http:\/\/www.w3.org\/2000\/svg\" class=\"list-377408\" width=\"20px\" height=\"20px\" viewbox=\"0 0 24 24\" fill=\"none\"><path d=\"M6 6H4v2h2V6zm14 0H8v2h12V6zM4 11h2v2H4v-2zm16 0H8v2h12v-2zM4 16h2v2H4v-2zm16 0H8v2h12v-2z\" fill=\"currentColor\"><\/path><\/svg><svg style=\"fill: #999;color:#999\" class=\"arrow-unsorted-368013\" xmlns=\"http:\/\/www.w3.org\/2000\/svg\" width=\"10px\" height=\"10px\" viewbox=\"0 0 24 24\" version=\"1.2\" baseprofile=\"tiny\"><path d=\"M18.2 9.3l-6.2-6.3-6.2 6.3c-.2.2-.3.4-.3.7s.1.5.3.7c.2.2.4.3.7.3h11c.3 0 .5-.1.7-.3.2-.2.3-.5.3-.7s-.1-.5-.3-.7zM5.8 14.7l6.2 6.3 6.2-6.3c.2-.2.3-.5.3-.7s-.1-.5-.3-.7c-.2-.2-.4-.3-.7-.3h-11c-.3 0-.5.1-.7.3-.2.2-.3.5-.3.7s.1.5.3.7z\"\/><\/svg><\/span><\/span><\/span><\/a><\/span><\/div>\n<nav><ul class='ez-toc-list ez-toc-list-level-1 eztoc-toggle-hide-by-default' ><li class='ez-toc-page-1 ez-toc-heading-level-3'><a class=\"ez-toc-link ez-toc-heading-1\" href=\"https:\/\/kawasan.vn\/en\/product\/coi-bao-dong-phu-kien-bo-trung-tam\/#TAI_SAO_NEN_CHON_KAWASAN\" title=\"T\u1ea0I SAO N\u00caN CH\u1eccN KAWASAN?\">T\u1ea0I SAO N\u00caN CH\u1eccN KAWASAN?<\/a><ul class='ez-toc-list-level-4' ><li class='ez-toc-heading-level-4'><a class=\"ez-toc-link ez-toc-heading-2\" href=\"https:\/\/kawasan.vn\/en\/product\/coi-bao-dong-phu-kien-bo-trung-tam\/#CAM_KET_TU_KAWASAKAWASAN\" title=\"CAM K\u1ebeT T\u1eea KAWASAKAWASAN\">CAM K\u1ebeT T\u1eea KAWASAKAWASAN<\/a><\/li><li class='ez-toc-page-1 ez-toc-heading-level-4'><a class=\"ez-toc-link ez-toc-heading-3\" href=\"https:\/\/kawasan.vn\/en\/product\/coi-bao-dong-phu-kien-bo-trung-tam\/#Mua_chinh_hang_tai\" title=\"Mua ch\u00ednh h\u00e3ng t\u1ea1i:\">Mua ch\u00ednh h\u00e3ng t\u1ea1i:<\/a><\/li><\/ul><\/li><\/ul><\/nav><\/div>\n\n<ul>\n<li>Th\u01b0\u01a1ng hi\u1ec7u h\u00e0ng \u0111\u1ea7u Vi\u1ec7t Nam trong l\u0129nh v\u1ef1c \u0111i\u1ec7n t\u1ef1 \u0111\u1ed9ng, an ninh, an to\u00e0n v\u00e0 \u0111i\u1ec7n th\u00f4ng minh t\u1eeb 2007 v\u00e0 \u0111\u00e8n led d\u00e2n d\u1ee5ng, \u0111\u00e8n n\u0103ng l\u01b0\u1ee3ng m\u1eb7t tr\u1eddi t\u1eeb n\u0103m 2012<\/li>\n<li>\u0110\u1ed9 b\u1ec1n cao, linh ki\u1ec7n ch\u1ecdn l\u1ecdc \u2013 Ho\u1ea1t \u0111\u1ed9ng \u1ed5n \u0111\u1ecbnh c\u1ea3 trong \u0111i\u1ec1u ki\u1ec7n th\u1eddi ti\u1ebft kh\u1eafc nghi\u1ec7t<\/li>\n<li>Ch\u00ednh s\u00e1ch b\u1ea3o h\u00e0nh v\u01b0\u1ee3t tr\u1ed9i \u2013 H\u1ed7 tr\u1ee3 s\u1eeda ch\u1eefa c\u1ea3 sau th\u1eddi gian b\u1ea3o h\u00e0nh n\u1ebfu c\u00f2n kh\u1ea3 n\u0103ng kh\u1eafc ph\u1ee5c<\/li>\n<li>Kawasan hi\u1ec7n c\u00f3 tr\u1ee5 s\u1edf t\u1ea1i HCM, chi nh\u00e1nh t\u1ea1i H\u00e0 N\u1ed9i, \u0110\u00e0 N\u1eb5ng v\u00e0 x\u01b0\u1edfng SX, L\u1eafp r\u00e1p t\u1ea1i Q12. HCM.<\/li>\n<li>D\u1ecbch v\u1ee5 h\u1ed7 tr\u1ee3 24\/7, m\u1ea1ng l\u01b0\u1edbi \u0111\u1ea1i l\u00fd ph\u1ee7 kh\u1eafp c\u1ea3 n\u01b0\u1edbc<\/li>\n<\/ul>\n<h4><span class=\"ez-toc-section\" id=\"CAM_KET_TU_KAWASAKAWASAN\"><\/span><b>CAM K\u1ebeT T\u1eea KAWASAKAWASAN<\/b><span class=\"ez-toc-section-end\"><\/span><\/h4>\n<p>Kawasan cam k\u1ebft mang \u0111\u1ebfn s\u1ea3n ph\u1ea9m\u00a0<b>ch\u00ednh h\u00e3ng \u2013 b\u1ec1n b\u1ec9 \u2013 an to\u00e0n<\/b>, \u0111\u00e1p \u1ee9ng \u0111\u1ea7y \u0111\u1ee7 c\u00e1c ti\u00eau chu\u1ea9n k\u1ef9 thu\u1eadt v\u00e0 y\u00eau c\u1ea7u s\u1eed d\u1ee5ng th\u1ef1c t\u1ebf.\u00a0T\u1ea5t c\u1ea3 s\u1ea3n ph\u1ea9m \u0111\u01b0\u1ee3c b\u1ea3o h\u00e0nh\u00a0<b>mi\u1ec5n ph\u00ed 24 th\u00e1ng<\/b>,\u00a0<b>1 \u0111\u1ed5i 1 trong v\u00f2ng 30 ng\u00e0y<\/b>\u00a0n\u1ebfu l\u1ed7i k\u1ef9 thu\u1eadt. Ngo\u00e0i ra, kh\u00e1ch h\u00e0ng c\u00f2n \u0111\u01b0\u1ee3c h\u1ed7 tr\u1ee3 s\u1eeda ch\u1eefa sau khi h\u1ebft th\u1eddi gian b\u1ea3o h\u00e0nh n\u1ebfu s\u1ea3n ph\u1ea9m c\u00f2n kh\u1ea3 n\u0103ng ph\u1ee5c h\u1ed3i,\u00a0<b>kh\u00f4ng t\u00ednh ph\u00ed<\/b>\u00a0n\u1ebfu chi ph\u00ed linh ki\u1ec7n thay th\u1ebf kh\u00f4ng \u0111\u00e1ng k\u1ec3.\u00a0Kh\u00e1ch h\u00e0ng c\u00f3 th\u1ec3 t\u00ecm mua s\u1ea3n ph\u1ea9m t\u1ea1i c\u00e1c \u0111\u1ea1i l\u00fd thu\u1ed9c<a href=\"https:\/\/kawasan.vn\/en\/he-thong-phan-phoi\/\">\u00a0<b>H\u1ec6 TH\u1ed0NG PH\u00c2N PH\u1ed0I TO\u00c0N QU\u1ed0C<\/b><\/a>\u00a0t\u1ea1i c\u00e1c t\u1ec9nh th\u00e0nh ho\u1eb7c c\u00f3 th\u1ec3 \u0111\u1eb7t h\u00e0ng tr\u00ean website.<\/p>\n<h4><span class=\"ez-toc-section\" id=\"Mua_chinh_hang_tai\"><\/span><b>Mua ch\u00ednh h\u00e3ng t\u1ea1i:<\/b><span class=\"ez-toc-section-end\"><\/span><\/h4>\n<ul>\n<li>Li\u00ean h\u1ec7 tr\u1ef1c ti\u1ebfp ph\u00f2ng kinh doanh \u0111\u1ec3 \u0111\u01b0\u1ee3c b\u00e1o gi\u00e1 s\u1ec9, gi\u00e1 \u0111\u1ea1i l\u00fd \/ NPP:\u00a0<b>0825 411 408 \/ 0911 757234<\/b><\/li>\n<li>Website:<a href=\"https:\/\/kawasan.vn\/en\/?_gl=1*105adfi*_gcl_aw*R0NMLjE3NTIwMzE4NzkuQ2p3S0NBandnN1BEQmhCeEVpd0FmMUNWdV9YNVk5RVVUUU5jeFRHZFlNak5VdGd5OEdlM2M1YlNNbHZWaW9qMFNZengtN0VQMk1yVFdSb0NCM2dRQXZEX0J3RQ..*_gcl_au*MTcyOTk0ODg3Ny4xNzU2ODY1NTgwLjExOTQzNDk4NzkuMTc1NzQ5MTY0MS4xNzU3NDkxNjQw\">\u00a0www.kawasan.vn<\/a>\u00a0(\u0110\u1ed1i v\u1edbi s\u1ea3n ph\u1ea9m Kawasan)<\/li>\n<li>Website:<a href=\"https:\/\/www.kawaled.com.vn\/\">\u00a0www.kawaled.com.vn<\/a>\u00a0(\u0110\u1ed1i v\u1edbi s\u1ea3n ph\u1ea9m Kawaled)<\/li>\n<\/ul>\n<ul>\n<li style=\"list-style-type: none;\">\n<ul>\n<li style=\"list-style-type: none;\"><\/li>\n<\/ul>\n<\/li>\n<\/ul>","protected":false},"excerpt":{"rendered":"<p>Nh\u00e0 s\u1ea3n xu\u1ea5t: KawasanM\u00e3 s\u1ea3n ph\u1ea9m: C\u00f2i H\u00faT\u00ecnh tr\u1ea1ng:C\u00f2n h\u00e0ng<\/p>","protected":false},"featured_media":16908,"comment_status":"open","ping_status":"closed","template":"","meta":{"_yoast_wpseo_focuskw":"C\u00f2i B\u00e1o \u0110\u1ed9ng AL03D-220V","_yoast_wpseo_metadesc":"C\u00f2i b\u00e1o \u0111\u1ed9ng AL03D-220V Kawasan, ph\u00f9 h\u1ee3p l\u1eafp v\u00e0o c\u00e1c ng\u00f5 ra c\u00f2i ph\u1ee5 c\u1ee7a b\u1ed9 b\u00e1o \u0111\u1ed9ng h\u1ed3ng ngo\u1ea1i nh\u01b0: I225DS, I226DS, I227B-R...","_yoast_wpseo_focuskeywords":"","_yoast_wpseo_keyword_synonyms":""},"product_cat":[500,45],"product_tag":[1346,843,1328,905,1348,1339,1342,1341,1326,1340,1347,1322,1344,1325,1345,1097,978,977,976,979,1335,613,1324,1334,1333,1321,1336,621,1317,1318,1327,548,842,844,967,1323,1320,1329,1330,1343,1332,1319,1331],"class_list":["post-6252","product","type-product","status-publish","has-post-thumbnail","hentry","product_cat-coi-bao-dong-khong-day","product_cat-phu-kien-bao-dong","product_tag-bao-chong-trom-hong-ngoai","product_tag-bao-trom-hong-ngoai","product_tag-bao-trom-qua-dien-thoai","product_tag-bo-chong-trom","product_tag-cam-bien-bao-trom","product_tag-cam-bien-chong-trom","product_tag-cam-bien-chong-trom-hong-ngoai","product_tag-cam-bien-hong-ngoai-chong-trom","product_tag-camera-chong-trom-bao-qua-dien-thoai","product_tag-chong-trom-hong-ngoai","product_tag-chuong-bao-chong-trom-hong-ngoai","product_tag-chuong-bao-dong-chong-trom","product_tag-chuong-bao-trom-hong-ngoai","product_tag-chuong-chong-trom-gan-cua-thong-minh","product_tag-chuong-chong-trom-hong-ngoai","product_tag-coi-bao-dong-chinh-hang","product_tag-coi-bao-dong-gia-re","product_tag-coi-bao-dong-gia-tot","product_tag-coi-bao-dong-kawasan","product_tag-coi-bao-dong-thong-minh","product_tag-coi-hu-bao-trom-220v","product_tag-hang-rao-chong-trom","product_tag-hang-rao-chong-trom-hieu-qua","product_tag-he-thong-bao-dong-chong-trom","product_tag-he-thong-bao-trom","product_tag-he-thong-chong-trom","product_tag-he-thong-chong-trom-gia-dinh","product_tag-kawasan","product_tag-lap-dat-bao-trom-bao-dong","product_tag-lap-dat-thiet-bi-chong-trom","product_tag-may-chong-trom","product_tag-thiet-bi-bao-dong-chong-trom","product_tag-thiet-bi-bao-trom","product_tag-thiet-bi-bao-trom-hong-ngoai","product_tag-thiet-bi-chong-trom","product_tag-thiet-bi-chong-trom-bao-qua-dien-thoai","product_tag-thiet-bi-chong-trom-gan-cua","product_tag-thiet-bi-chong-trom-gia-dinh","product_tag-thiet-bi-chong-trom-hong-ngoai","product_tag-thiet-bi-chong-trom-hong-ngoai-khong-day","product_tag-thiet-bi-chong-trom-hong-ngoai-ngoai-troi","product_tag-thiet-bi-chong-trom-ngoai-troi","product_tag-thiet-bi-chong-trom-thong-minh"],"acf":[],"yoast_head":"<!-- This site is optimized with the Yoast SEO Premium plugin v24.9 (Yoast SEO v24.9) - https:\/\/yoast.com\/wordpress\/plugins\/seo\/ -->\n<title>C\u00f2i B\u00e1o \u0110\u1ed9ng AL03D-220V - Kawasan<\/title>\n<meta name=\"description\" content=\"C\u00f2i b\u00e1o \u0111\u1ed9ng AL03D-220V Kawasan, ph\u00f9 h\u1ee3p l\u1eafp v\u00e0o c\u00e1c ng\u00f5 ra c\u00f2i ph\u1ee5 c\u1ee7a b\u1ed9 b\u00e1o \u0111\u1ed9ng h\u1ed3ng ngo\u1ea1i nh\u01b0: I225DS, I226DS, I227B-R...\" \/>\n<meta name=\"robots\" content=\"index, follow, max-snippet:-1, max-image-preview:large, max-video-preview:-1\" \/>\n<link rel=\"canonical\" href=\"https:\/\/kawasan.vn\/en\/product\/coi-bao-dong-phu-kien-bo-trung-tam\/\" \/>\n<meta property=\"og:locale\" content=\"en_US\" \/>\n<meta property=\"og:type\" content=\"article\" \/>\n<meta property=\"og:title\" content=\"C\u00f2i B\u00e1o \u0110\u1ed9ng AL03D-220V\" \/>\n<meta property=\"og:description\" content=\"C\u00f2i b\u00e1o \u0111\u1ed9ng AL03D-220V Kawasan, ph\u00f9 h\u1ee3p l\u1eafp v\u00e0o c\u00e1c ng\u00f5 ra c\u00f2i ph\u1ee5 c\u1ee7a b\u1ed9 b\u00e1o \u0111\u1ed9ng h\u1ed3ng ngo\u1ea1i nh\u01b0: I225DS, I226DS, I227B-R...\" \/>\n<meta property=\"og:url\" content=\"https:\/\/kawasan.vn\/en\/product\/coi-bao-dong-phu-kien-bo-trung-tam\/\" \/>\n<meta property=\"og:site_name\" content=\"Kawasan\" \/>\n<meta property=\"article:modified_time\" content=\"2025-09-20T07:03:40+00:00\" \/>\n<meta property=\"og:image\" content=\"https:\/\/kawasan.vn\/wp-content\/uploads\/2023\/11\/coi-bao-dong-al03d-220v1.png\" \/>\n\t<meta property=\"og:image:width\" content=\"600\" \/>\n\t<meta property=\"og:image:height\" content=\"600\" \/>\n\t<meta property=\"og:image:type\" content=\"image\/png\" \/>\n<meta name=\"twitter:card\" content=\"summary_large_image\" \/>\n<meta name=\"twitter:label1\" content=\"Est. reading time\" \/>\n\t<meta name=\"twitter:data1\" content=\"3 minutes\" \/>\n<script type=\"application\/ld+json\" class=\"yoast-schema-graph\">{\"@context\":\"https:\/\/schema.org\",\"@graph\":[{\"@type\":\"WebPage\",\"@id\":\"https:\/\/kawasan.vn\/san-pham\/coi-bao-dong-phu-kien-bo-trung-tam\/\",\"url\":\"https:\/\/kawasan.vn\/san-pham\/coi-bao-dong-phu-kien-bo-trung-tam\/\",\"name\":\"C\u00f2i B\u00e1o \u0110\u1ed9ng AL03D-220V - Kawasan\",\"isPartOf\":{\"@id\":\"https:\/\/kawasan.vn\/#website\"},\"primaryImageOfPage\":{\"@id\":\"https:\/\/kawasan.vn\/san-pham\/coi-bao-dong-phu-kien-bo-trung-tam\/#primaryimage\"},\"image\":{\"@id\":\"https:\/\/kawasan.vn\/san-pham\/coi-bao-dong-phu-kien-bo-trung-tam\/#primaryimage\"},\"thumbnailUrl\":\"https:\/\/kawasan.vn\/wp-content\/uploads\/2023\/11\/coi-bao-dong-al03d-220v1.png\",\"datePublished\":\"2023-11-17T07:05:02+00:00\",\"dateModified\":\"2025-09-20T07:03:40+00:00\",\"description\":\"C\u00f2i b\u00e1o \u0111\u1ed9ng AL03D-220V Kawasan, ph\u00f9 h\u1ee3p l\u1eafp v\u00e0o c\u00e1c ng\u00f5 ra c\u00f2i ph\u1ee5 c\u1ee7a b\u1ed9 b\u00e1o \u0111\u1ed9ng h\u1ed3ng ngo\u1ea1i nh\u01b0: I225DS, I226DS, I227B-R...\",\"breadcrumb\":{\"@id\":\"https:\/\/kawasan.vn\/san-pham\/coi-bao-dong-phu-kien-bo-trung-tam\/#breadcrumb\"},\"inLanguage\":\"en-US\",\"potentialAction\":[{\"@type\":\"ReadAction\",\"target\":[\"https:\/\/kawasan.vn\/san-pham\/coi-bao-dong-phu-kien-bo-trung-tam\/\"]}]},{\"@type\":\"ImageObject\",\"inLanguage\":\"en-US\",\"@id\":\"https:\/\/kawasan.vn\/san-pham\/coi-bao-dong-phu-kien-bo-trung-tam\/#primaryimage\",\"url\":\"https:\/\/kawasan.vn\/wp-content\/uploads\/2023\/11\/coi-bao-dong-al03d-220v1.png\",\"contentUrl\":\"https:\/\/kawasan.vn\/wp-content\/uploads\/2023\/11\/coi-bao-dong-al03d-220v1.png\",\"width\":600,\"height\":600,\"caption\":\"C\u00f2i B\u00e1o \u0110\u1ed9ng AL03D-220V\"},{\"@type\":\"BreadcrumbList\",\"@id\":\"https:\/\/kawasan.vn\/san-pham\/coi-bao-dong-phu-kien-bo-trung-tam\/#breadcrumb\",\"itemListElement\":[{\"@type\":\"ListItem\",\"position\":1,\"name\":\"Trang ch\u1ee7\",\"item\":\"https:\/\/kawasan.vn\/\"},{\"@type\":\"ListItem\",\"position\":2,\"name\":\"S\u1ea3n ph\u1ea9m\",\"item\":\"https:\/\/kawasan.vn\/san-pham\/\"},{\"@type\":\"ListItem\",\"position\":3,\"name\":\"C\u00f2i B\u00e1o \u0110\u1ed9ng AL03D-220V\"}]},{\"@type\":\"WebSite\",\"@id\":\"https:\/\/kawasan.vn\/#website\",\"url\":\"https:\/\/kawasan.vn\/\",\"name\":\"Kawasan\",\"description\":\"\",\"potentialAction\":[{\"@type\":\"SearchAction\",\"target\":{\"@type\":\"EntryPoint\",\"urlTemplate\":\"https:\/\/kawasan.vn\/?s={search_term_string}\"},\"query-input\":{\"@type\":\"PropertyValueSpecification\",\"valueRequired\":true,\"valueName\":\"search_term_string\"}}],\"inLanguage\":\"en-US\"}]}<\/script>\n<!-- \/ Yoast SEO Premium plugin. -->","yoast_head_json":{"title":"C\u00f2i B\u00e1o \u0110\u1ed9ng AL03D-220V - Kawasan","description":"C\u00f2i b\u00e1o \u0111\u1ed9ng AL03D-220V Kawasan, ph\u00f9 h\u1ee3p l\u1eafp v\u00e0o c\u00e1c ng\u00f5 ra c\u00f2i ph\u1ee5 c\u1ee7a b\u1ed9 b\u00e1o \u0111\u1ed9ng h\u1ed3ng ngo\u1ea1i nh\u01b0: I225DS, I226DS, I227B-R...","robots":{"index":"index","follow":"follow","max-snippet":"max-snippet:-1","max-image-preview":"max-image-preview:large","max-video-preview":"max-video-preview:-1"},"canonical":"https:\/\/kawasan.vn\/en\/product\/coi-bao-dong-phu-kien-bo-trung-tam\/","og_locale":"en_US","og_type":"article","og_title":"C\u00f2i B\u00e1o \u0110\u1ed9ng AL03D-220V","og_description":"C\u00f2i b\u00e1o \u0111\u1ed9ng AL03D-220V Kawasan, ph\u00f9 h\u1ee3p l\u1eafp v\u00e0o c\u00e1c ng\u00f5 ra c\u00f2i ph\u1ee5 c\u1ee7a b\u1ed9 b\u00e1o \u0111\u1ed9ng h\u1ed3ng ngo\u1ea1i nh\u01b0: I225DS, I226DS, I227B-R...","og_url":"https:\/\/kawasan.vn\/en\/product\/coi-bao-dong-phu-kien-bo-trung-tam\/","og_site_name":"Kawasan","article_modified_time":"2025-09-20T07:03:40+00:00","og_image":[{"width":600,"height":600,"url":"https:\/\/kawasan.vn\/wp-content\/uploads\/2023\/11\/coi-bao-dong-al03d-220v1.png","type":"image\/png"}],"twitter_card":"summary_large_image","twitter_misc":{"Est. reading time":"3 minutes"},"schema":{"@context":"https:\/\/schema.org","@graph":[{"@type":"WebPage","@id":"https:\/\/kawasan.vn\/san-pham\/coi-bao-dong-phu-kien-bo-trung-tam\/","url":"https:\/\/kawasan.vn\/san-pham\/coi-bao-dong-phu-kien-bo-trung-tam\/","name":"C\u00f2i B\u00e1o \u0110\u1ed9ng AL03D-220V - Kawasan","isPartOf":{"@id":"https:\/\/kawasan.vn\/#website"},"primaryImageOfPage":{"@id":"https:\/\/kawasan.vn\/san-pham\/coi-bao-dong-phu-kien-bo-trung-tam\/#primaryimage"},"image":{"@id":"https:\/\/kawasan.vn\/san-pham\/coi-bao-dong-phu-kien-bo-trung-tam\/#primaryimage"},"thumbnailUrl":"https:\/\/kawasan.vn\/wp-content\/uploads\/2023\/11\/coi-bao-dong-al03d-220v1.png","datePublished":"2023-11-17T07:05:02+00:00","dateModified":"2025-09-20T07:03:40+00:00","description":"C\u00f2i b\u00e1o \u0111\u1ed9ng AL03D-220V Kawasan, ph\u00f9 h\u1ee3p l\u1eafp v\u00e0o c\u00e1c ng\u00f5 ra c\u00f2i ph\u1ee5 c\u1ee7a b\u1ed9 b\u00e1o \u0111\u1ed9ng h\u1ed3ng ngo\u1ea1i nh\u01b0: I225DS, I226DS, I227B-R...","breadcrumb":{"@id":"https:\/\/kawasan.vn\/san-pham\/coi-bao-dong-phu-kien-bo-trung-tam\/#breadcrumb"},"inLanguage":"en-US","potentialAction":[{"@type":"ReadAction","target":["https:\/\/kawasan.vn\/san-pham\/coi-bao-dong-phu-kien-bo-trung-tam\/"]}]},{"@type":"ImageObject","inLanguage":"en-US","@id":"https:\/\/kawasan.vn\/san-pham\/coi-bao-dong-phu-kien-bo-trung-tam\/#primaryimage","url":"https:\/\/kawasan.vn\/wp-content\/uploads\/2023\/11\/coi-bao-dong-al03d-220v1.png","contentUrl":"https:\/\/kawasan.vn\/wp-content\/uploads\/2023\/11\/coi-bao-dong-al03d-220v1.png","width":600,"height":600,"caption":"C\u00f2i B\u00e1o \u0110\u1ed9ng AL03D-220V"},{"@type":"BreadcrumbList","@id":"https:\/\/kawasan.vn\/san-pham\/coi-bao-dong-phu-kien-bo-trung-tam\/#breadcrumb","itemListElement":[{"@type":"ListItem","position":1,"name":"Trang ch\u1ee7","item":"https:\/\/kawasan.vn\/"},{"@type":"ListItem","position":2,"name":"S\u1ea3n ph\u1ea9m","item":"https:\/\/kawasan.vn\/san-pham\/"},{"@type":"ListItem","position":3,"name":"C\u00f2i B\u00e1o \u0110\u1ed9ng AL03D-220V"}]},{"@type":"WebSite","@id":"https:\/\/kawasan.vn\/#website","url":"https:\/\/kawasan.vn\/","name":"Kawasan","description":"","potentialAction":[{"@type":"SearchAction","target":{"@type":"EntryPoint","urlTemplate":"https:\/\/kawasan.vn\/?s={search_term_string}"},"query-input":{"@type":"PropertyValueSpecification","valueRequired":true,"valueName":"search_term_string"}}],"inLanguage":"en-US"}]}},"_links":{"self":[{"href":"https:\/\/kawasan.vn\/en\/wp-json\/wp\/v2\/product\/6252","targetHints":{"allow":["GET"]}}],"collection":[{"href":"https:\/\/kawasan.vn\/en\/wp-json\/wp\/v2\/product"}],"about":[{"href":"https:\/\/kawasan.vn\/en\/wp-json\/wp\/v2\/types\/product"}],"replies":[{"embeddable":true,"href":"https:\/\/kawasan.vn\/en\/wp-json\/wp\/v2\/comments?post=6252"}],"version-history":[{"count":4,"href":"https:\/\/kawasan.vn\/en\/wp-json\/wp\/v2\/product\/6252\/revisions"}],"predecessor-version":[{"id":28194,"href":"https:\/\/kawasan.vn\/en\/wp-json\/wp\/v2\/product\/6252\/revisions\/28194"}],"wp:featuredmedia":[{"embeddable":true,"href":"https:\/\/kawasan.vn\/en\/wp-json\/wp\/v2\/media\/16908"}],"wp:attachment":[{"href":"https:\/\/kawasan.vn\/en\/wp-json\/wp\/v2\/media?parent=6252"}],"wp:term":[{"taxonomy":"product_cat","embeddable":true,"href":"https:\/\/kawasan.vn\/en\/wp-json\/wp\/v2\/product_cat?post=6252"},{"taxonomy":"product_tag","embeddable":true,"href":"https:\/\/kawasan.vn\/en\/wp-json\/wp\/v2\/product_tag?post=6252"}],"curies":[{"name":"wp","href":"https:\/\/api.w.org\/{rel}","templated":true}]}}