{"id":6248,"date":"2023-11-17T07:04:43","date_gmt":"2023-11-17T07:04:43","guid":{"rendered":"https:\/\/kawasan.123websitedev.com\/product\/bo-khuech-dai-song-arf06b\/"},"modified":"2025-08-07T09:04:15","modified_gmt":"2025-08-07T02:04:15","slug":"bo-khuech-dai-song-arf06b","status":"publish","type":"product","link":"https:\/\/kawasan.vn\/en\/product\/bo-khuech-dai-song-arf06b\/","title":{"rendered":"B\u1ed9 Khu\u1ebfch \u0110\u1ea1i S\u00f3ng ARF06B"},"content":{"rendered":"<h2 style=\"font-weight: 400;\"><span class=\"ez-toc-section\" id=\"BO_KHUECH_DAI_SONG_RF433_200-500M\"><\/span><b>B\u1ed8 KHU\u1ebeCH \u0110\u1ea0I S\u00d3NG RF433 200-500M<\/b><span class=\"ez-toc-section-end\"><\/span><\/h2><div id=\"ez-toc-container\" class=\"ez-toc-v2_0_69_1 counter-hierarchy ez-toc-counter ez-toc-grey ez-toc-container-direction\">\n<div class=\"ez-toc-title-container\">\n<p class=\"ez-toc-title\" >N\u1ed9i Dung B&agrave;i Vi\u1ebft<\/p>\n<span class=\"ez-toc-title-toggle\"><a href=\"#\" class=\"ez-toc-pull-right ez-toc-btn ez-toc-btn-xs ez-toc-btn-default ez-toc-toggle\" aria-label=\"Toggle Table of Content\"><span class=\"ez-toc-js-icon-con\"><span class=\"\"><span class=\"eztoc-hide\" style=\"display:none;\">Toggle<\/span><span class=\"ez-toc-icon-toggle-span\"><svg style=\"fill: #999;color:#999\" xmlns=\"http:\/\/www.w3.org\/2000\/svg\" class=\"list-377408\" width=\"20px\" height=\"20px\" viewbox=\"0 0 24 24\" fill=\"none\"><path d=\"M6 6H4v2h2V6zm14 0H8v2h12V6zM4 11h2v2H4v-2zm16 0H8v2h12v-2zM4 16h2v2H4v-2zm16 0H8v2h12v-2z\" fill=\"currentColor\"><\/path><\/svg><svg style=\"fill: #999;color:#999\" class=\"arrow-unsorted-368013\" xmlns=\"http:\/\/www.w3.org\/2000\/svg\" width=\"10px\" height=\"10px\" viewbox=\"0 0 24 24\" version=\"1.2\" baseprofile=\"tiny\"><path d=\"M18.2 9.3l-6.2-6.3-6.2 6.3c-.2.2-.3.4-.3.7s.1.5.3.7c.2.2.4.3.7.3h11c.3 0 .5-.1.7-.3.2-.2.3-.5.3-.7s-.1-.5-.3-.7zM5.8 14.7l6.2 6.3 6.2-6.3c.2-.2.3-.5.3-.7s-.1-.5-.3-.7c-.2-.2-.4-.3-.7-.3h-11c-.3 0-.5.1-.7.3-.2.2-.3.5-.3.7s.1.5.3.7z\"\/><\/svg><\/span><\/span><\/span><\/a><\/span><\/div>\n<nav><ul class='ez-toc-list ez-toc-list-level-1 eztoc-toggle-hide-by-default' ><li class='ez-toc-page-1 ez-toc-heading-level-2'><a class=\"ez-toc-link ez-toc-heading-1\" href=\"https:\/\/kawasan.vn\/en\/product\/bo-khuech-dai-song-arf06b\/#BO_KHUECH_DAI_SONG_RF433_200-500M\" title=\"B\u1ed8 KHU\u1ebeCH \u0110\u1ea0I S\u00d3NG RF433 200-500M\">B\u1ed8 KHU\u1ebeCH \u0110\u1ea0I S\u00d3NG RF433 200-500M<\/a><\/li><li class='ez-toc-page-1 ez-toc-heading-level-2'><a class=\"ez-toc-link ez-toc-heading-2\" href=\"https:\/\/kawasan.vn\/en\/product\/bo-khuech-dai-song-arf06b\/#LOI_ICH_KHI_DUNG_KHUECH_DAI_ARF06B\" title=\"L\u1ee2I \u00cdCH KHI D\u00d9NG KHU\u1ebeCH \u0110\u1ea0I ARF06B\">L\u1ee2I \u00cdCH KHI D\u00d9NG KHU\u1ebeCH \u0110\u1ea0I ARF06B<\/a><\/li><li class='ez-toc-page-1 ez-toc-heading-level-2'><a class=\"ez-toc-link ez-toc-heading-3\" href=\"https:\/\/kawasan.vn\/en\/product\/bo-khuech-dai-song-arf06b\/#TINH_NANG_TICH_HOP_THEM_CUA_BO_KHUECH_DAI_SONG\" title=\"T\u00cdNH N\u0102NG T\u00cdCH H\u1ee2P TH\u00caM C\u1ee6A B\u1ed8 KHU\u1ebeCH \u0110\u1ea0I S\u00d3NG\">T\u00cdNH N\u0102NG T\u00cdCH H\u1ee2P TH\u00caM C\u1ee6A B\u1ed8 KHU\u1ebeCH \u0110\u1ea0I S\u00d3NG<\/a><\/li><\/ul><\/nav><\/div>\n\n<p style=\"font-weight: 400;\"><b><strong><i><em><a href=\"https:\/\/kawasan.com.vn\/san-pham.html\/cong-tac-dieu-khien-tu-xa.html\">Thi\u1ebft b\u1ecb \u0111i\u1ec1u khi\u1ec3n t\u1eeb xa<\/a><\/em><\/i><\/strong><\/b> nh\u1eadn s\u00f3ng RF433, \u0111\u01b0\u1ee3c s\u1eed d\u1ee5ng ng\u00e0y c\u00e0ng ph\u1ed5 bi\u1ebfn. C\u00e1c s\u1ea3n ph\u1ea9m \u0111\u01b0\u1ee3c \u01b0a chu\u1ed9ng nh\u01b0: chu\u00f4ng c\u1eeda kh\u00f4ng d\u00e2y, b\u1ed9 g\u1ecdi ph\u1ee5c v\u1ee5, h\u1ec7 th\u1ed1ng b\u00e1o \u0111\u1ed9ng trung t\u00e2m, c\u00f4ng t\u1eafc &#8211; \u1ed5 c\u1eafm \u0111i\u1ec1u khi\u1ec3n t\u1eeb xa\u2026N\u1ebfu trong m\u00f4i tr\u01b0\u1eddng kh\u00f4ng v\u1eadt c\u1ea3n, kho\u1ea3ng c\u00e1ch truy\u1ec1n s\u00f3ng c\u00f3 th\u1ec3 l\u00ean \u0111\u1ebfn 1000m. Tuy nhi\u00ean, trong th\u1ef1c t\u1ebf c\u00e1c s\u00f3ng n\u00e0y \u0111i qua kh\u00e1 nhi\u1ec1u v\u1eadt c\u1ea3 nh\u01b0: g\u1ed7, k\u00ednh, t\u01b0\u1eddng, c\u00e2y c\u1ed1i\u2026 l\u00e0m kho\u1ea3ng c\u00e1ch nh\u1eadn s\u00f3ng gi\u1eefa 2 thi\u1ebft b\u1ecb gi\u00e1n \u0111o\u1ea1n v\u00e0 ng\u1eafn l\u1ea1i.<\/p>\n<p style=\"font-weight: 400;\">V\u00ec th\u1ebf, b\u1ed9 khu\u1ebfch \u0111\u1ea1i s\u00f3ng ARF06B \u0111\u01b0\u1ee3c nguy\u00ean c\u1ee9u d\u00f9ng \u0111\u1ec3 nh\u1eadn t\u00edn hi\u1ec7u s\u00f3ng RF \u1edf b\u1ed9 ph\u00e1t sau \u0111\u00f3 khu\u1ebfch \u0111\u1ea1i s\u00f3ng v\u00e0 \u0111\u1ea9y \u0111i xa \u0111\u1ebfn b\u1ed9 thu. \u0110i\u1ec1u n\u00e0y, gi\u00fap m\u1edf r\u1ed9ng kho\u1ea3ng c\u00e1ch truy\u1ec1n t\u1ea3i s\u00f3ng RF gi\u1eefa 2 thi\u1ebft b\u1ecb.<\/p>\n<figure id=\"attachment_17687\" aria-describedby=\"caption-attachment-17687\" style=\"width: 600px\" class=\"wp-caption aligncenter\"><img loading=\"lazy\" decoding=\"async\" class=\"wp-image-17687\" title=\"B\u1ed9 khu\u1ebfch \u0111\u1ea1i s\u00f3ng RF433Mhz Kawasan\" src=\"https:\/\/kawasan.vn\/wp-content\/uploads\/2023\/11\/bo-khuech-dai-song-arf06b-2.jpg\" alt=\"B\u1ed9 khu\u1ebfch \u0111\u1ea1i s\u00f3ng RF433Mhz Kawasan\" width=\"600\" height=\"518\" \/><figcaption id=\"caption-attachment-17687\" class=\"wp-caption-text\">B\u1ed9 khu\u1ebfch \u0111\u1ea1i s\u00f3ng RF433Mhz Kawasan<\/figcaption><\/figure>\n<h2 style=\"font-weight: 400;\"><span class=\"ez-toc-section\" id=\"LOI_ICH_KHI_DUNG_KHUECH_DAI_ARF06B\"><\/span><b>L\u1ee2I \u00cdCH KHI D\u00d9NG KHU\u1ebeCH \u0110\u1ea0I ARF06B<\/b><span class=\"ez-toc-section-end\"><\/span><\/h2>\n<ul style=\"font-weight: 400;\">\n<li>Ti\u1ebft ki\u1ec7m th\u1eddi gian v\u00e0 c\u00f4ng s\u1ee9c ng\u01b0\u1eddi d\u00f9ng. Gi\u1ea3m nh\u00e2n c\u00f4ng cho nh\u00e0 n\u00f4ng, ti\u1ebft ki\u1ec7m chi ph\u00ed thu\u00ea ng\u01b0\u1eddi hay mua th\u00eam thi\u1ebft b\u1ecb.<\/li>\n<li>C\u00f4ng c\u1ee5 h\u1ed7 tr\u1ee3 c\u00e1c gia \u0111\u00ecnh c\u00f3 ng\u01b0\u1eddi gi\u00e0 y\u1ebfu, kh\u00f3 di chuy\u1ec3n l\u00ean xu\u1ed1ng c\u1ea7u thang. C\u00f3 th\u1ec3 d\u1ec5 d\u00e0ng \u0111i\u1ec1u khi\u1ec3n b\u1eadt \u2013 t\u1eaft \u0111\u00e8n ban c\u00f4ng, s\u00e2n v\u01b0\u1eddn, c\u1ed5ng m\u1ed9t c\u00e1ch d\u1ec5 d\u00e0ng. H\u1ea1n ch\u1ebf c\u00e1c l\u1eddi than phi\u1ec1n v\u00e0 nh\u1eafc nh\u1edf con ch\u00e1u h\u00e0ng ng\u00e0y.<\/li>\n<li>H\u1ea1n ch\u1ebf v\u1ea5n \u0111\u1ec1 h\u01b0 h\u1ea1i c\u00e2y ki\u1ec3ng, hoa m\u00e0u do tr\u1eddi qu\u00e1 n\u1eafng. Ho\u1eb7c khi v\u1eafng nh\u00e0 kh\u00f4ng c\u00f3 ng\u01b0\u1eddi theo d\u00f5i t\u01b0\u1edbi k\u1ecbp th\u1eddi.<\/li>\n<\/ul>\n<h2><span class=\"ez-toc-section\" id=\"TINH_NANG_TICH_HOP_THEM_CUA_BO_KHUECH_DAI_SONG\"><\/span><b>T\u00cdNH N\u0102NG T\u00cdCH H\u1ee2P TH\u00caM C\u1ee6A B\u1ed8 KHU\u1ebeCH \u0110\u1ea0I S\u00d3NG<\/b><span class=\"ez-toc-section-end\"><\/span><\/h2>\n<ul style=\"font-weight: 400;\">\n<li>K\u1ebft n\u1ed1i v\u1edbi \u0111\u1ea7u BEAM c\u00f3 d\u00e2y \/ kh\u00f4ng d\u00e2y l\u00e0m b\u00e1o \u0111\u1ed9ng \u0111\u1ed9c l\u1eadp.<\/li>\n<li>K\u1ebft n\u1ed1i v\u1edbi c\u1eeda t\u1eeb, \u0111\u1ea7u d\u00f2, n\u00fat nh\u1ea5n kh\u00f4ng d\u00e2y l\u00e0m b\u00e1o \u0111\u1ed9ng trung t\u00e2m.<\/li>\n<li>K\u1ebft n\u1ed1i c\u00f4ng t\u1eafc &#8211; \u1ed5 c\u1eafm <a href=\"https:\/\/kawasan.vn\/en\/product-category\/cong-tac-dieu-khien-tu-xa\/cong-tac-dieu-khien-tu-xa-bang-remote\/\" target=\"_blank\" rel=\"noopener\">\u0111i\u1ec1u khi\u1ec3n t\u1eeb xa qua remote<\/a>. \u0110\u1ec3 \u0111i\u1ec1u khi\u1ec3n b\u01a1m cho h\u1ec7 th\u1ed1ng t\u01b0\u1edbi hay h\u1ec7 th\u1ed1ng \u0111\u00e8n chi\u1ebfu s\u00e1ng\u2026<\/li>\n<\/ul>\n<figure id=\"attachment_17690\" aria-describedby=\"caption-attachment-17690\" style=\"width: 600px\" class=\"wp-caption aligncenter\"><img loading=\"lazy\" decoding=\"async\" class=\"wp-image-17690\" title=\"Kho\u1ea3ng c\u00e1ch khu\u1ebfch \u0111\u1ea1i 2 thi\u1ebft b\u1ecb 100-200m tu\u1ef3 v\u1eadt c\u1ea3n\" src=\"https:\/\/kawasan.vn\/wp-content\/uploads\/2023\/11\/bo-khuech-dai-song-arf06b-5.jpg\" alt=\"Kho\u1ea3ng c\u00e1ch khu\u1ebfch \u0111\u1ea1i 2 thi\u1ebft b\u1ecb 100-200m tu\u1ef3 v\u1eadt c\u1ea3n\" width=\"600\" height=\"364\" \/><figcaption id=\"caption-attachment-17690\" class=\"wp-caption-text\">Kho\u1ea3ng c\u00e1ch khu\u1ebfch \u0111\u1ea1i 2 thi\u1ebft b\u1ecb 100-200m tu\u1ef3 v\u1eadt c\u1ea3n<\/figcaption><\/figure>\n<figure id=\"attachment_17685\" aria-describedby=\"caption-attachment-17685\" style=\"width: 600px\" class=\"wp-caption aligncenter\"><img loading=\"lazy\" decoding=\"async\" class=\"wp-image-17685\" title=\"Chuy\u00ean d\u00f9ng cho c\u00f4ng t\u1eafc \u0111i\u1ec1u khi\u1ec3n t\u1eeb xa cho h\u1ec7 th\u1ed1ng b\u01a1m t\u01b0\u1edbi s\u00e2n v\u01b0\u1eddn\" src=\"https:\/\/kawasan.vn\/wp-content\/uploads\/2023\/11\/bo-khuech-dai-song-arf06b-1.jpg\" alt=\"Chuy\u00ean d\u00f9ng cho c\u00f4ng t\u1eafc \u0111i\u1ec1u khi\u1ec3n t\u1eeb xa cho h\u1ec7 th\u1ed1ng b\u01a1m t\u01b0\u1edbi s\u00e2n v\u01b0\u1eddn\" width=\"600\" height=\"391\" \/><figcaption id=\"caption-attachment-17685\" class=\"wp-caption-text\">Chuy\u00ean d\u00f9ng cho c\u00f4ng t\u1eafc \u0111i\u1ec1u khi\u1ec3n t\u1eeb xa cho h\u1ec7 th\u1ed1ng b\u01a1m t\u01b0\u1edbi s\u00e2n v\u01b0\u1eddn<\/figcaption><\/figure>","protected":false},"excerpt":{"rendered":"<p>M\u00e3 s\u1ea3n ph\u1ea9m: ARF06BT\u00ecnh tr\u1ea1ng:C\u00f2n h\u00e0ng<\/p>","protected":false},"featured_media":17684,"comment_status":"open","ping_status":"closed","template":"","meta":{"_yoast_wpseo_focuskw":"B\u1ed9 Khu\u1ebfch \u0110\u1ea1i S\u00f3ng","_yoast_wpseo_metadesc":"B\u1ed9 khu\u1ebfch \u0111\u1ea1i s\u00f3ng ARF06B d\u00f9ng \u0111\u1ec3 nh\u1eadn t\u00edn hi\u1ec7u s\u00f3ng RF \u1edf b\u1ed9 ph\u00e1t sau \u0111\u00f3 khu\u1ebfch \u0111\u1ea1i s\u00f3ng v\u00e0 \u0111\u1ea9y \u0111i xa \u0111\u1ebfn b\u1ed9 thu. T\u0103ng kh\u1ea3 n\u0103ng nh\u1eadn s\u00f3ng gi\u1eefa 2 th\u1ebft b\u1ecb","_yoast_wpseo_focuskeywords":"","_yoast_wpseo_keyword_synonyms":""},"product_cat":[509,63],"product_tag":[1138,1135,738,941,1136,1140,1133,823,730,1139,1134,1137,1131,1132,1142,1141,739],"class_list":["post-6248","product","type-product","status-publish","has-post-thumbnail","hentry","product_cat-cong-tac-dieu-khien-tu-xa-bang-remote","product_cat-cong-tac-dieu-khien-tu-xa","product_tag-bo-cong-tac-dieu-khien-tu-xa","product_tag-bo-dieu-khien-may-bom-tu-xa","product_tag-bo-khuech-dai-song","product_tag-cong-tac-den-dieu-khien-tu-xa","product_tag-cong-tac-dien-dieu-khien-tu-xa","product_tag-cong-tac-dien-dieu-khien-tu-xa-bang-dien-thoai","product_tag-cong-tac-dien-dieu-khien-tu-xa-bang-remote","product_tag-cong-tac-dieu-khien","product_tag-cong-tac-dieu-khien-tu-xa","product_tag-cong-tac-dieu-khien-tu-xa-12v","product_tag-cong-tac-dieu-khien-tu-xa-220v","product_tag-cong-tac-dieu-khien-tu-xa-bang-dien-thoai","product_tag-cong-tac-dieu-khien-tu-xa-qua-wifi","product_tag-cong-tac-dieu-khien-tu-xa-qua-wifi-3g","product_tag-cong-tac-thong-minh-dieu-khien-tu-xa","product_tag-hat-cong-tac-dieu-khien-tu-xa","product_tag-thiet-bi-khuech-dai-son-rf"],"acf":[],"yoast_head":"<!-- This site is optimized with the Yoast SEO Premium plugin v24.9 (Yoast SEO v24.9) - https:\/\/yoast.com\/wordpress\/plugins\/seo\/ -->\n<title>B\u1ed9 Khu\u1ebfch \u0110\u1ea1i S\u00f3ng ARF06B - Kawasan<\/title>\n<meta name=\"description\" content=\"B\u1ed9 khu\u1ebfch \u0111\u1ea1i s\u00f3ng ARF06B d\u00f9ng \u0111\u1ec3 nh\u1eadn t\u00edn hi\u1ec7u s\u00f3ng RF \u1edf b\u1ed9 ph\u00e1t sau \u0111\u00f3 khu\u1ebfch \u0111\u1ea1i s\u00f3ng v\u00e0 \u0111\u1ea9y \u0111i xa \u0111\u1ebfn b\u1ed9 thu. T\u0103ng kh\u1ea3 n\u0103ng nh\u1eadn s\u00f3ng gi\u1eefa 2 th\u1ebft b\u1ecb\" \/>\n<meta name=\"robots\" content=\"index, follow, max-snippet:-1, max-image-preview:large, max-video-preview:-1\" \/>\n<link rel=\"canonical\" href=\"https:\/\/kawasan.vn\/en\/product\/bo-khuech-dai-song-arf06b\/\" \/>\n<meta property=\"og:locale\" content=\"en_US\" \/>\n<meta property=\"og:type\" content=\"article\" \/>\n<meta property=\"og:title\" content=\"B\u1ed9 Khu\u1ebfch \u0110\u1ea1i S\u00f3ng ARF06B\" \/>\n<meta property=\"og:description\" content=\"B\u1ed9 khu\u1ebfch \u0111\u1ea1i s\u00f3ng ARF06B d\u00f9ng \u0111\u1ec3 nh\u1eadn t\u00edn hi\u1ec7u s\u00f3ng RF \u1edf b\u1ed9 ph\u00e1t sau \u0111\u00f3 khu\u1ebfch \u0111\u1ea1i s\u00f3ng v\u00e0 \u0111\u1ea9y \u0111i xa \u0111\u1ebfn b\u1ed9 thu. T\u0103ng kh\u1ea3 n\u0103ng nh\u1eadn s\u00f3ng gi\u1eefa 2 th\u1ebft b\u1ecb\" \/>\n<meta property=\"og:url\" content=\"https:\/\/kawasan.vn\/en\/product\/bo-khuech-dai-song-arf06b\/\" \/>\n<meta property=\"og:site_name\" content=\"Kawasan\" \/>\n<meta property=\"article:modified_time\" content=\"2025-08-07T02:04:15+00:00\" \/>\n<meta property=\"og:image\" content=\"https:\/\/kawasan.vn\/wp-content\/uploads\/2023\/11\/arf06b_22-600x600-1.jpg\" \/>\n\t<meta property=\"og:image:width\" content=\"600\" \/>\n\t<meta property=\"og:image:height\" content=\"600\" \/>\n\t<meta property=\"og:image:type\" content=\"image\/jpeg\" \/>\n<meta name=\"twitter:card\" content=\"summary_large_image\" \/>\n<meta name=\"twitter:label1\" content=\"Est. reading time\" \/>\n\t<meta name=\"twitter:data1\" content=\"3 minutes\" \/>\n<script type=\"application\/ld+json\" class=\"yoast-schema-graph\">{\"@context\":\"https:\/\/schema.org\",\"@graph\":[{\"@type\":\"WebPage\",\"@id\":\"https:\/\/kawasan.vn\/san-pham\/bo-khuech-dai-song-arf06b\/\",\"url\":\"https:\/\/kawasan.vn\/san-pham\/bo-khuech-dai-song-arf06b\/\",\"name\":\"B\u1ed9 Khu\u1ebfch \u0110\u1ea1i S\u00f3ng ARF06B - Kawasan\",\"isPartOf\":{\"@id\":\"https:\/\/kawasan.vn\/#website\"},\"primaryImageOfPage\":{\"@id\":\"https:\/\/kawasan.vn\/san-pham\/bo-khuech-dai-song-arf06b\/#primaryimage\"},\"image\":{\"@id\":\"https:\/\/kawasan.vn\/san-pham\/bo-khuech-dai-song-arf06b\/#primaryimage\"},\"thumbnailUrl\":\"https:\/\/kawasan.vn\/wp-content\/uploads\/2023\/11\/arf06b_22-600x600-1.jpg\",\"datePublished\":\"2023-11-17T07:04:43+00:00\",\"dateModified\":\"2025-08-07T02:04:15+00:00\",\"description\":\"B\u1ed9 khu\u1ebfch \u0111\u1ea1i s\u00f3ng ARF06B d\u00f9ng \u0111\u1ec3 nh\u1eadn t\u00edn hi\u1ec7u s\u00f3ng RF \u1edf b\u1ed9 ph\u00e1t sau \u0111\u00f3 khu\u1ebfch \u0111\u1ea1i s\u00f3ng v\u00e0 \u0111\u1ea9y \u0111i xa \u0111\u1ebfn b\u1ed9 thu. T\u0103ng kh\u1ea3 n\u0103ng nh\u1eadn s\u00f3ng gi\u1eefa 2 th\u1ebft b\u1ecb\",\"breadcrumb\":{\"@id\":\"https:\/\/kawasan.vn\/san-pham\/bo-khuech-dai-song-arf06b\/#breadcrumb\"},\"inLanguage\":\"en-US\",\"potentialAction\":[{\"@type\":\"ReadAction\",\"target\":[\"https:\/\/kawasan.vn\/san-pham\/bo-khuech-dai-song-arf06b\/\"]}]},{\"@type\":\"ImageObject\",\"inLanguage\":\"en-US\",\"@id\":\"https:\/\/kawasan.vn\/san-pham\/bo-khuech-dai-song-arf06b\/#primaryimage\",\"url\":\"https:\/\/kawasan.vn\/wp-content\/uploads\/2023\/11\/arf06b_22-600x600-1.jpg\",\"contentUrl\":\"https:\/\/kawasan.vn\/wp-content\/uploads\/2023\/11\/arf06b_22-600x600-1.jpg\",\"width\":600,\"height\":600,\"caption\":\"B\u1ed9 Khu\u1ebfch \u0110\u1ea1i S\u00f3ng ARF06B\"},{\"@type\":\"BreadcrumbList\",\"@id\":\"https:\/\/kawasan.vn\/san-pham\/bo-khuech-dai-song-arf06b\/#breadcrumb\",\"itemListElement\":[{\"@type\":\"ListItem\",\"position\":1,\"name\":\"Trang ch\u1ee7\",\"item\":\"https:\/\/kawasan.vn\/\"},{\"@type\":\"ListItem\",\"position\":2,\"name\":\"S\u1ea3n ph\u1ea9m\",\"item\":\"https:\/\/kawasan.vn\/san-pham\/\"},{\"@type\":\"ListItem\",\"position\":3,\"name\":\"B\u1ed9 Khu\u1ebfch \u0110\u1ea1i S\u00f3ng ARF06B\"}]},{\"@type\":\"WebSite\",\"@id\":\"https:\/\/kawasan.vn\/#website\",\"url\":\"https:\/\/kawasan.vn\/\",\"name\":\"Kawasan\",\"description\":\"\",\"potentialAction\":[{\"@type\":\"SearchAction\",\"target\":{\"@type\":\"EntryPoint\",\"urlTemplate\":\"https:\/\/kawasan.vn\/?s={search_term_string}\"},\"query-input\":{\"@type\":\"PropertyValueSpecification\",\"valueRequired\":true,\"valueName\":\"search_term_string\"}}],\"inLanguage\":\"en-US\"}]}<\/script>\n<!-- \/ Yoast SEO Premium plugin. -->","yoast_head_json":{"title":"B\u1ed9 Khu\u1ebfch \u0110\u1ea1i S\u00f3ng ARF06B - Kawasan","description":"B\u1ed9 khu\u1ebfch \u0111\u1ea1i s\u00f3ng ARF06B d\u00f9ng \u0111\u1ec3 nh\u1eadn t\u00edn hi\u1ec7u s\u00f3ng RF \u1edf b\u1ed9 ph\u00e1t sau \u0111\u00f3 khu\u1ebfch \u0111\u1ea1i s\u00f3ng v\u00e0 \u0111\u1ea9y \u0111i xa \u0111\u1ebfn b\u1ed9 thu. T\u0103ng kh\u1ea3 n\u0103ng nh\u1eadn s\u00f3ng gi\u1eefa 2 th\u1ebft b\u1ecb","robots":{"index":"index","follow":"follow","max-snippet":"max-snippet:-1","max-image-preview":"max-image-preview:large","max-video-preview":"max-video-preview:-1"},"canonical":"https:\/\/kawasan.vn\/en\/product\/bo-khuech-dai-song-arf06b\/","og_locale":"en_US","og_type":"article","og_title":"B\u1ed9 Khu\u1ebfch \u0110\u1ea1i S\u00f3ng ARF06B","og_description":"B\u1ed9 khu\u1ebfch \u0111\u1ea1i s\u00f3ng ARF06B d\u00f9ng \u0111\u1ec3 nh\u1eadn t\u00edn hi\u1ec7u s\u00f3ng RF \u1edf b\u1ed9 ph\u00e1t sau \u0111\u00f3 khu\u1ebfch \u0111\u1ea1i s\u00f3ng v\u00e0 \u0111\u1ea9y \u0111i xa \u0111\u1ebfn b\u1ed9 thu. T\u0103ng kh\u1ea3 n\u0103ng nh\u1eadn s\u00f3ng gi\u1eefa 2 th\u1ebft b\u1ecb","og_url":"https:\/\/kawasan.vn\/en\/product\/bo-khuech-dai-song-arf06b\/","og_site_name":"Kawasan","article_modified_time":"2025-08-07T02:04:15+00:00","og_image":[{"width":600,"height":600,"url":"https:\/\/kawasan.vn\/wp-content\/uploads\/2023\/11\/arf06b_22-600x600-1.jpg","type":"image\/jpeg"}],"twitter_card":"summary_large_image","twitter_misc":{"Est. reading time":"3 minutes"},"schema":{"@context":"https:\/\/schema.org","@graph":[{"@type":"WebPage","@id":"https:\/\/kawasan.vn\/san-pham\/bo-khuech-dai-song-arf06b\/","url":"https:\/\/kawasan.vn\/san-pham\/bo-khuech-dai-song-arf06b\/","name":"B\u1ed9 Khu\u1ebfch \u0110\u1ea1i S\u00f3ng ARF06B - Kawasan","isPartOf":{"@id":"https:\/\/kawasan.vn\/#website"},"primaryImageOfPage":{"@id":"https:\/\/kawasan.vn\/san-pham\/bo-khuech-dai-song-arf06b\/#primaryimage"},"image":{"@id":"https:\/\/kawasan.vn\/san-pham\/bo-khuech-dai-song-arf06b\/#primaryimage"},"thumbnailUrl":"https:\/\/kawasan.vn\/wp-content\/uploads\/2023\/11\/arf06b_22-600x600-1.jpg","datePublished":"2023-11-17T07:04:43+00:00","dateModified":"2025-08-07T02:04:15+00:00","description":"B\u1ed9 khu\u1ebfch \u0111\u1ea1i s\u00f3ng ARF06B d\u00f9ng \u0111\u1ec3 nh\u1eadn t\u00edn hi\u1ec7u s\u00f3ng RF \u1edf b\u1ed9 ph\u00e1t sau \u0111\u00f3 khu\u1ebfch \u0111\u1ea1i s\u00f3ng v\u00e0 \u0111\u1ea9y \u0111i xa \u0111\u1ebfn b\u1ed9 thu. T\u0103ng kh\u1ea3 n\u0103ng nh\u1eadn s\u00f3ng gi\u1eefa 2 th\u1ebft b\u1ecb","breadcrumb":{"@id":"https:\/\/kawasan.vn\/san-pham\/bo-khuech-dai-song-arf06b\/#breadcrumb"},"inLanguage":"en-US","potentialAction":[{"@type":"ReadAction","target":["https:\/\/kawasan.vn\/san-pham\/bo-khuech-dai-song-arf06b\/"]}]},{"@type":"ImageObject","inLanguage":"en-US","@id":"https:\/\/kawasan.vn\/san-pham\/bo-khuech-dai-song-arf06b\/#primaryimage","url":"https:\/\/kawasan.vn\/wp-content\/uploads\/2023\/11\/arf06b_22-600x600-1.jpg","contentUrl":"https:\/\/kawasan.vn\/wp-content\/uploads\/2023\/11\/arf06b_22-600x600-1.jpg","width":600,"height":600,"caption":"B\u1ed9 Khu\u1ebfch \u0110\u1ea1i S\u00f3ng ARF06B"},{"@type":"BreadcrumbList","@id":"https:\/\/kawasan.vn\/san-pham\/bo-khuech-dai-song-arf06b\/#breadcrumb","itemListElement":[{"@type":"ListItem","position":1,"name":"Trang ch\u1ee7","item":"https:\/\/kawasan.vn\/"},{"@type":"ListItem","position":2,"name":"S\u1ea3n ph\u1ea9m","item":"https:\/\/kawasan.vn\/san-pham\/"},{"@type":"ListItem","position":3,"name":"B\u1ed9 Khu\u1ebfch \u0110\u1ea1i S\u00f3ng ARF06B"}]},{"@type":"WebSite","@id":"https:\/\/kawasan.vn\/#website","url":"https:\/\/kawasan.vn\/","name":"Kawasan","description":"","potentialAction":[{"@type":"SearchAction","target":{"@type":"EntryPoint","urlTemplate":"https:\/\/kawasan.vn\/?s={search_term_string}"},"query-input":{"@type":"PropertyValueSpecification","valueRequired":true,"valueName":"search_term_string"}}],"inLanguage":"en-US"}]}},"_links":{"self":[{"href":"https:\/\/kawasan.vn\/en\/wp-json\/wp\/v2\/product\/6248","targetHints":{"allow":["GET"]}}],"collection":[{"href":"https:\/\/kawasan.vn\/en\/wp-json\/wp\/v2\/product"}],"about":[{"href":"https:\/\/kawasan.vn\/en\/wp-json\/wp\/v2\/types\/product"}],"replies":[{"embeddable":true,"href":"https:\/\/kawasan.vn\/en\/wp-json\/wp\/v2\/comments?post=6248"}],"version-history":[{"count":1,"href":"https:\/\/kawasan.vn\/en\/wp-json\/wp\/v2\/product\/6248\/revisions"}],"predecessor-version":[{"id":18596,"href":"https:\/\/kawasan.vn\/en\/wp-json\/wp\/v2\/product\/6248\/revisions\/18596"}],"wp:featuredmedia":[{"embeddable":true,"href":"https:\/\/kawasan.vn\/en\/wp-json\/wp\/v2\/media\/17684"}],"wp:attachment":[{"href":"https:\/\/kawasan.vn\/en\/wp-json\/wp\/v2\/media?parent=6248"}],"wp:term":[{"taxonomy":"product_cat","embeddable":true,"href":"https:\/\/kawasan.vn\/en\/wp-json\/wp\/v2\/product_cat?post=6248"},{"taxonomy":"product_tag","embeddable":true,"href":"https:\/\/kawasan.vn\/en\/wp-json\/wp\/v2\/product_tag?post=6248"}],"curies":[{"name":"wp","href":"https:\/\/api.w.org\/{rel}","templated":true}]}}