{"id":6245,"date":"2023-11-17T07:04:29","date_gmt":"2023-11-17T07:04:29","guid":{"rendered":"https:\/\/kawasan.123websitedev.com\/product\/camera-thong-minh-ipc2\/"},"modified":"2025-04-24T08:32:25","modified_gmt":"2025-04-24T01:32:25","slug":"camera-thong-minh-ipc2","status":"publish","type":"product","link":"https:\/\/kawasan.vn\/en\/product\/camera-thong-minh-ipc2\/","title":{"rendered":"Camera Th\u00f4ng Minh IPC2 KAWASAN"},"content":{"rendered":"<h2><strong>CAMERA TH\u00d4NG MINH IPC2 <a href=\"https:\/\/kawasan.vn\/en\/product-category\/thiet-bi-an-ninh-an-toan\/\">KAWASAN<\/a><\/strong><\/h2>\n<p>Camera th\u00f4ng minh IPC2, th\u1ebf h\u1ec7 m\u1edbi c\u00f3 th\u1ec3 theo d\u00f5i chuy\u1ec3n \u0111\u1ed9ng v\u00e0 xoay theo th\u00e2n nhi\u1ec7t di chuy\u1ec3n. C\u00f3 th\u1ec3 ch\u1ecdn t\u1eaft ch\u1ebf \u0111\u1ed9 xoay theo d\u00f5i, theo nhu c\u1ea7u. Tr\u00e1nh \u0111\u01b0\u1ee3c c\u00e1c g\u00f3c khu\u1ea5t v\u00e0 ph\u1ea3i l\u1eafp th\u00eam nhi\u1ec1u v\u1ecb tr\u00ed \u00edt ng\u01b0\u1eddi qua l\u1ea1i. \u0110\u1eb7c bi\u1ec7t v\u1edbi t\u00ednh n\u0103ng k\u1ebft n\u1ed1i wifi kh\u00f4ng d\u00e2y, k\u1ebft n\u1ed1i th\u00f4ng qua APP \u201cTuya Smart\u201d tr\u00ean Smartphone. C\u00e0i \u0111\u1eb7t d\u1ec5 d\u00e0ng v\u00e0 nhanh ch\u00f3ng, ng\u01b0\u1eddi d\u00f9ng c\u00f3 th\u1ec3 t\u1ef1 mua v\u1ec1 v\u00e0 c\u00e0i \u0111\u1eb7t theo \u00fd m\u00ecnh m\u1ed9t c\u00e1ch d\u1ec5 d\u00e0ng.V\u1edbi ch\u1ee9c n\u0103ng \u0111\u00e0m tho\u1ea1i 2 chi\u1ec1u, c\u00f3 th\u1ec3 d\u00f9ng l\u00e0m chu\u00f4ng c\u1eeda wifi, g\u1ecdi nh\u00e2n vi\u00ean ph\u1ee5c v\u1ee5, nh\u1eafc nh\u1edf con c\u00e1i khi \u0111i xa m\u00e0 kh\u00f4ng c\u1ea7n m\u1ea5t ph\u00ed \u0111i\u1ec7n tho\u1ea1i. <strong><a href=\"https:\/\/thegioidienthongminh.com\/danh-muc\/he-thong-bao-trom\/\">Ki\u1ec3m tra an ninh cho gia \u0111\u00ecnh<\/a><\/strong>.<\/p>\n<figure id=\"attachment_16233\" aria-describedby=\"caption-attachment-16233\" style=\"width: 500px\" class=\"wp-caption aligncenter\"><img loading=\"lazy\" decoding=\"async\" class=\"wp-image-16233\" title=\"M\u1eb7t tr\u01b0\u1edbc camera IPC2\" src=\"https:\/\/kawasan.vn\/wp-content\/uploads\/2023\/11\/camera-thong-minh-ipc2-1.jpg\" alt=\"M\u1eb7t tr\u01b0\u1edbc camera IPC2\" width=\"500\" height=\"782\" \/><figcaption id=\"caption-attachment-16233\" class=\"wp-caption-text\">M\u1eb7t tr\u01b0\u1edbc camera IPC2<\/figcaption><\/figure>\n<figure id=\"attachment_16234\" aria-describedby=\"caption-attachment-16234\" style=\"width: 500px\" class=\"wp-caption aligncenter\"><img loading=\"lazy\" decoding=\"async\" class=\"wp-image-16234\" title=\"M\u1eb7t sau camera IPC2\" src=\"https:\/\/kawasan.vn\/wp-content\/uploads\/2023\/11\/camera-thong-minh-ipc2-2-scaled.jpg\" alt=\"M\u1eb7t sau camera IPC2\" width=\"500\" height=\"817\" \/><figcaption id=\"caption-attachment-16234\" class=\"wp-caption-text\">M\u1eb7t sau camera IPC2<\/figcaption><\/figure>","protected":false},"excerpt":{"rendered":"<p>Nh\u00e0 s\u1ea3n xu\u1ea5t: KawasanM\u00e3 s\u1ea3n ph\u1ea9m: IPC2T\u00ecnh tr\u1ea1ng:C\u00f2n h\u00e0ng<\/p>","protected":false},"featured_media":16233,"comment_status":"open","ping_status":"closed","template":"","meta":{"_yoast_wpseo_focuskw":"Camera Th\u00f4ng Minh IPC2","_yoast_wpseo_metadesc":"Camera th\u00f4ng minh IPC2, th\u1ebf h\u1ec7 m\u1edbi c\u00f3 th\u1ec3 theo d\u00f5i chuy\u1ec3n \u0111\u1ed9ng v\u00e0 xoay theo th\u00e2n nhi\u1ec7t di chuy\u1ec3n, c\u00f3 th\u1ec3 ch\u1ecdn t\u1eaft ch\u1ebf \u0111\u1ed9 xoay theo d\u00f5i.","_yoast_wpseo_focuskeywords":"","_yoast_wpseo_keyword_synonyms":""},"product_cat":[497,37],"product_tag":[1328,905,632,1096,1093,1326,1094,1095,633,1322,1325,1335,613,1324,1334,1333,1321,1336,621,1317,1318,1327,548,842,844,967,1323,1320,1329,1330,1332,1319,1331],"class_list":["post-6245","product","type-product","status-publish","has-post-thumbnail","hentry","product_cat-camera","product_cat-thiet-bi-an-ninh-an-toan","product_tag-bao-trom-qua-dien-thoai","product_tag-bo-chong-trom","product_tag-camera","product_tag-camera-360","product_tag-camera-chinh-hang","product_tag-camera-chong-trom-bao-qua-dien-thoai","product_tag-camera-gia-tot","product_tag-camera-kawasan","product_tag-camera-thong-minh","product_tag-chuong-bao-dong-chong-trom","product_tag-chuong-chong-trom-gan-cua-thong-minh","product_tag-coi-hu-bao-trom-220v","product_tag-hang-rao-chong-trom","product_tag-hang-rao-chong-trom-hieu-qua","product_tag-he-thong-bao-dong-chong-trom","product_tag-he-thong-bao-trom","product_tag-he-thong-chong-trom","product_tag-he-thong-chong-trom-gia-dinh","product_tag-kawasan","product_tag-lap-dat-bao-trom-bao-dong","product_tag-lap-dat-thiet-bi-chong-trom","product_tag-may-chong-trom","product_tag-thiet-bi-bao-dong-chong-trom","product_tag-thiet-bi-bao-trom","product_tag-thiet-bi-bao-trom-hong-ngoai","product_tag-thiet-bi-chong-trom","product_tag-thiet-bi-chong-trom-bao-qua-dien-thoai","product_tag-thiet-bi-chong-trom-gan-cua","product_tag-thiet-bi-chong-trom-gia-dinh","product_tag-thiet-bi-chong-trom-hong-ngoai","product_tag-thiet-bi-chong-trom-hong-ngoai-ngoai-troi","product_tag-thiet-bi-chong-trom-ngoai-troi","product_tag-thiet-bi-chong-trom-thong-minh"],"acf":[],"yoast_head":"<!-- This site is optimized with the Yoast SEO Premium plugin v24.9 (Yoast SEO v24.9) - https:\/\/yoast.com\/wordpress\/plugins\/seo\/ -->\n<title>Camera Th\u00f4ng Minh IPC2 KAWASAN<\/title>\n<meta name=\"description\" content=\"Camera th\u00f4ng minh IPC2, th\u1ebf h\u1ec7 m\u1edbi c\u00f3 th\u1ec3 theo d\u00f5i chuy\u1ec3n \u0111\u1ed9ng v\u00e0 xoay theo th\u00e2n nhi\u1ec7t di chuy\u1ec3n, c\u00f3 th\u1ec3 ch\u1ecdn t\u1eaft ch\u1ebf \u0111\u1ed9 xoay theo d\u00f5i.\" \/>\n<meta name=\"robots\" content=\"index, follow, max-snippet:-1, max-image-preview:large, max-video-preview:-1\" \/>\n<link rel=\"canonical\" href=\"https:\/\/kawasan.vn\/en\/product\/camera-thong-minh-ipc2\/\" \/>\n<meta property=\"og:locale\" content=\"en_US\" \/>\n<meta property=\"og:type\" content=\"article\" \/>\n<meta property=\"og:title\" content=\"Camera Th\u00f4ng Minh IPC2 KAWASAN\" \/>\n<meta property=\"og:description\" content=\"Camera th\u00f4ng minh IPC2, th\u1ebf h\u1ec7 m\u1edbi c\u00f3 th\u1ec3 theo d\u00f5i chuy\u1ec3n \u0111\u1ed9ng v\u00e0 xoay theo th\u00e2n nhi\u1ec7t di chuy\u1ec3n, c\u00f3 th\u1ec3 ch\u1ecdn t\u1eaft ch\u1ebf \u0111\u1ed9 xoay theo d\u00f5i.\" \/>\n<meta property=\"og:url\" content=\"https:\/\/kawasan.vn\/en\/product\/camera-thong-minh-ipc2\/\" \/>\n<meta property=\"og:site_name\" content=\"Kawasan\" \/>\n<meta property=\"article:modified_time\" content=\"2025-04-24T01:32:25+00:00\" \/>\n<meta property=\"og:image\" content=\"https:\/\/kawasan.vn\/wp-content\/uploads\/2023\/11\/camera-thong-minh-ipc2-1.jpg\" \/>\n\t<meta property=\"og:image:width\" content=\"1287\" \/>\n\t<meta property=\"og:image:height\" content=\"2012\" \/>\n\t<meta property=\"og:image:type\" content=\"image\/jpeg\" \/>\n<meta name=\"twitter:card\" content=\"summary_large_image\" \/>\n<meta name=\"twitter:label1\" content=\"Est. reading time\" \/>\n\t<meta name=\"twitter:data1\" content=\"2 minutes\" \/>\n<script type=\"application\/ld+json\" class=\"yoast-schema-graph\">{\"@context\":\"https:\/\/schema.org\",\"@graph\":[{\"@type\":\"WebPage\",\"@id\":\"https:\/\/kawasan.vn\/san-pham\/camera-thong-minh-ipc2\/\",\"url\":\"https:\/\/kawasan.vn\/san-pham\/camera-thong-minh-ipc2\/\",\"name\":\"Camera Th\u00f4ng Minh IPC2 KAWASAN\",\"isPartOf\":{\"@id\":\"https:\/\/kawasan.vn\/#website\"},\"primaryImageOfPage\":{\"@id\":\"https:\/\/kawasan.vn\/san-pham\/camera-thong-minh-ipc2\/#primaryimage\"},\"image\":{\"@id\":\"https:\/\/kawasan.vn\/san-pham\/camera-thong-minh-ipc2\/#primaryimage\"},\"thumbnailUrl\":\"https:\/\/kawasan.vn\/wp-content\/uploads\/2023\/11\/camera-thong-minh-ipc2-1.jpg\",\"datePublished\":\"2023-11-17T07:04:29+00:00\",\"dateModified\":\"2025-04-24T01:32:25+00:00\",\"description\":\"Camera th\u00f4ng minh IPC2, th\u1ebf h\u1ec7 m\u1edbi c\u00f3 th\u1ec3 theo d\u00f5i chuy\u1ec3n \u0111\u1ed9ng v\u00e0 xoay theo th\u00e2n nhi\u1ec7t di chuy\u1ec3n, c\u00f3 th\u1ec3 ch\u1ecdn t\u1eaft ch\u1ebf \u0111\u1ed9 xoay theo d\u00f5i.\",\"breadcrumb\":{\"@id\":\"https:\/\/kawasan.vn\/san-pham\/camera-thong-minh-ipc2\/#breadcrumb\"},\"inLanguage\":\"en-US\",\"potentialAction\":[{\"@type\":\"ReadAction\",\"target\":[\"https:\/\/kawasan.vn\/san-pham\/camera-thong-minh-ipc2\/\"]}]},{\"@type\":\"ImageObject\",\"inLanguage\":\"en-US\",\"@id\":\"https:\/\/kawasan.vn\/san-pham\/camera-thong-minh-ipc2\/#primaryimage\",\"url\":\"https:\/\/kawasan.vn\/wp-content\/uploads\/2023\/11\/camera-thong-minh-ipc2-1.jpg\",\"contentUrl\":\"https:\/\/kawasan.vn\/wp-content\/uploads\/2023\/11\/camera-thong-minh-ipc2-1.jpg\",\"width\":1287,\"height\":2012,\"caption\":\"Camera Th\u00f4ng Minh IPC2 KAWASAN\"},{\"@type\":\"BreadcrumbList\",\"@id\":\"https:\/\/kawasan.vn\/san-pham\/camera-thong-minh-ipc2\/#breadcrumb\",\"itemListElement\":[{\"@type\":\"ListItem\",\"position\":1,\"name\":\"Trang ch\u1ee7\",\"item\":\"https:\/\/kawasan.vn\/\"},{\"@type\":\"ListItem\",\"position\":2,\"name\":\"S\u1ea3n ph\u1ea9m\",\"item\":\"https:\/\/kawasan.vn\/san-pham\/\"},{\"@type\":\"ListItem\",\"position\":3,\"name\":\"Camera Th\u00f4ng Minh IPC2 KAWASAN\"}]},{\"@type\":\"WebSite\",\"@id\":\"https:\/\/kawasan.vn\/#website\",\"url\":\"https:\/\/kawasan.vn\/\",\"name\":\"Kawasan\",\"description\":\"\",\"potentialAction\":[{\"@type\":\"SearchAction\",\"target\":{\"@type\":\"EntryPoint\",\"urlTemplate\":\"https:\/\/kawasan.vn\/?s={search_term_string}\"},\"query-input\":{\"@type\":\"PropertyValueSpecification\",\"valueRequired\":true,\"valueName\":\"search_term_string\"}}],\"inLanguage\":\"en-US\"}]}<\/script>\n<!-- \/ Yoast SEO Premium plugin. -->","yoast_head_json":{"title":"Camera Th\u00f4ng Minh IPC2 KAWASAN","description":"Camera th\u00f4ng minh IPC2, th\u1ebf h\u1ec7 m\u1edbi c\u00f3 th\u1ec3 theo d\u00f5i chuy\u1ec3n \u0111\u1ed9ng v\u00e0 xoay theo th\u00e2n nhi\u1ec7t di chuy\u1ec3n, c\u00f3 th\u1ec3 ch\u1ecdn t\u1eaft ch\u1ebf \u0111\u1ed9 xoay theo d\u00f5i.","robots":{"index":"index","follow":"follow","max-snippet":"max-snippet:-1","max-image-preview":"max-image-preview:large","max-video-preview":"max-video-preview:-1"},"canonical":"https:\/\/kawasan.vn\/en\/product\/camera-thong-minh-ipc2\/","og_locale":"en_US","og_type":"article","og_title":"Camera Th\u00f4ng Minh IPC2 KAWASAN","og_description":"Camera th\u00f4ng minh IPC2, th\u1ebf h\u1ec7 m\u1edbi c\u00f3 th\u1ec3 theo d\u00f5i chuy\u1ec3n \u0111\u1ed9ng v\u00e0 xoay theo th\u00e2n nhi\u1ec7t di chuy\u1ec3n, c\u00f3 th\u1ec3 ch\u1ecdn t\u1eaft ch\u1ebf \u0111\u1ed9 xoay theo d\u00f5i.","og_url":"https:\/\/kawasan.vn\/en\/product\/camera-thong-minh-ipc2\/","og_site_name":"Kawasan","article_modified_time":"2025-04-24T01:32:25+00:00","og_image":[{"width":1287,"height":2012,"url":"https:\/\/kawasan.vn\/wp-content\/uploads\/2023\/11\/camera-thong-minh-ipc2-1.jpg","type":"image\/jpeg"}],"twitter_card":"summary_large_image","twitter_misc":{"Est. reading time":"2 minutes"},"schema":{"@context":"https:\/\/schema.org","@graph":[{"@type":"WebPage","@id":"https:\/\/kawasan.vn\/san-pham\/camera-thong-minh-ipc2\/","url":"https:\/\/kawasan.vn\/san-pham\/camera-thong-minh-ipc2\/","name":"Camera Th\u00f4ng Minh IPC2 KAWASAN","isPartOf":{"@id":"https:\/\/kawasan.vn\/#website"},"primaryImageOfPage":{"@id":"https:\/\/kawasan.vn\/san-pham\/camera-thong-minh-ipc2\/#primaryimage"},"image":{"@id":"https:\/\/kawasan.vn\/san-pham\/camera-thong-minh-ipc2\/#primaryimage"},"thumbnailUrl":"https:\/\/kawasan.vn\/wp-content\/uploads\/2023\/11\/camera-thong-minh-ipc2-1.jpg","datePublished":"2023-11-17T07:04:29+00:00","dateModified":"2025-04-24T01:32:25+00:00","description":"Camera th\u00f4ng minh IPC2, th\u1ebf h\u1ec7 m\u1edbi c\u00f3 th\u1ec3 theo d\u00f5i chuy\u1ec3n \u0111\u1ed9ng v\u00e0 xoay theo th\u00e2n nhi\u1ec7t di chuy\u1ec3n, c\u00f3 th\u1ec3 ch\u1ecdn t\u1eaft ch\u1ebf \u0111\u1ed9 xoay theo d\u00f5i.","breadcrumb":{"@id":"https:\/\/kawasan.vn\/san-pham\/camera-thong-minh-ipc2\/#breadcrumb"},"inLanguage":"en-US","potentialAction":[{"@type":"ReadAction","target":["https:\/\/kawasan.vn\/san-pham\/camera-thong-minh-ipc2\/"]}]},{"@type":"ImageObject","inLanguage":"en-US","@id":"https:\/\/kawasan.vn\/san-pham\/camera-thong-minh-ipc2\/#primaryimage","url":"https:\/\/kawasan.vn\/wp-content\/uploads\/2023\/11\/camera-thong-minh-ipc2-1.jpg","contentUrl":"https:\/\/kawasan.vn\/wp-content\/uploads\/2023\/11\/camera-thong-minh-ipc2-1.jpg","width":1287,"height":2012,"caption":"Camera Th\u00f4ng Minh IPC2 KAWASAN"},{"@type":"BreadcrumbList","@id":"https:\/\/kawasan.vn\/san-pham\/camera-thong-minh-ipc2\/#breadcrumb","itemListElement":[{"@type":"ListItem","position":1,"name":"Trang ch\u1ee7","item":"https:\/\/kawasan.vn\/"},{"@type":"ListItem","position":2,"name":"S\u1ea3n ph\u1ea9m","item":"https:\/\/kawasan.vn\/san-pham\/"},{"@type":"ListItem","position":3,"name":"Camera Th\u00f4ng Minh IPC2 KAWASAN"}]},{"@type":"WebSite","@id":"https:\/\/kawasan.vn\/#website","url":"https:\/\/kawasan.vn\/","name":"Kawasan","description":"","potentialAction":[{"@type":"SearchAction","target":{"@type":"EntryPoint","urlTemplate":"https:\/\/kawasan.vn\/?s={search_term_string}"},"query-input":{"@type":"PropertyValueSpecification","valueRequired":true,"valueName":"search_term_string"}}],"inLanguage":"en-US"}]}},"_links":{"self":[{"href":"https:\/\/kawasan.vn\/en\/wp-json\/wp\/v2\/product\/6245","targetHints":{"allow":["GET"]}}],"collection":[{"href":"https:\/\/kawasan.vn\/en\/wp-json\/wp\/v2\/product"}],"about":[{"href":"https:\/\/kawasan.vn\/en\/wp-json\/wp\/v2\/types\/product"}],"replies":[{"embeddable":true,"href":"https:\/\/kawasan.vn\/en\/wp-json\/wp\/v2\/comments?post=6245"}],"version-history":[{"count":3,"href":"https:\/\/kawasan.vn\/en\/wp-json\/wp\/v2\/product\/6245\/revisions"}],"predecessor-version":[{"id":19983,"href":"https:\/\/kawasan.vn\/en\/wp-json\/wp\/v2\/product\/6245\/revisions\/19983"}],"wp:featuredmedia":[{"embeddable":true,"href":"https:\/\/kawasan.vn\/en\/wp-json\/wp\/v2\/media\/16233"}],"wp:attachment":[{"href":"https:\/\/kawasan.vn\/en\/wp-json\/wp\/v2\/media?parent=6245"}],"wp:term":[{"taxonomy":"product_cat","embeddable":true,"href":"https:\/\/kawasan.vn\/en\/wp-json\/wp\/v2\/product_cat?post=6245"},{"taxonomy":"product_tag","embeddable":true,"href":"https:\/\/kawasan.vn\/en\/wp-json\/wp\/v2\/product_tag?post=6245"}],"curies":[{"name":"wp","href":"https:\/\/api.w.org\/{rel}","templated":true}]}}