{"id":6239,"date":"2023-11-17T07:04:06","date_gmt":"2023-11-17T07:04:06","guid":{"rendered":"https:\/\/kawasan.123websitedev.com\/product\/phu-kien-bo-trung-tam-bao-khoi-co-day-sm05c\/"},"modified":"2025-09-16T16:14:30","modified_gmt":"2025-09-16T09:14:30","slug":"bao-khoi-co-day-sm05c-phu-kien-bo-trung-tam","status":"publish","type":"product","link":"https:\/\/kawasan.vn\/en\/product\/bao-khoi-co-day-sm05c-phu-kien-bo-trung-tam\/","title":{"rendered":"B\u00e1o Kh\u00f3i SM05C C\u00f3 D\u00e2y &#8211; Ph\u1ee5 Ki\u1ec7n B\u1ed9 Trung T\u00e2m"},"content":{"rendered":"<h2><b>B\u00c1O KH\u00d3I C\u00d3 D\u00c2Y SM05C<\/b><\/h2>\n<p>SM05C<strong> <a href=\"https:\/\/kawasan.vn\/en\/product-category\/thiet-bi-an-ninh-an-toan\/\">thi\u1ebft b\u1ecb b\u00e1o kh\u00f3i<\/a> <\/strong>c\u00f3 d\u00e2y, k\u1ebft n\u1ed1i v\u1ec1<strong> <a href=\"https:\/\/thegioidienthongminh.com\/danh-muc\/he-thong-bao-trom\/\">trung t\u00e2m b\u00e1o ch\u00e1y<\/a><\/strong>. Chuy\u00ean d\u00f9ng g\u1eafn tr\u1ea7n, s\u1eed d\u1ee5ng v\u0103n ph\u00f2ng, nh\u00e0 m\u00e1y, s\u00e2n bay, b\u1ebfn xe, nh\u00e0 kho\u2026 S\u1eed d\u1ee5ng ngu\u1ed3n 12-24 V. Khi ph\u00e1t hi\u1ec7n kh\u00f3i \u0111\u00e8n b\u00e1o s\u1ebd ch\u1edbp li\u00ean t\u1ee5c v\u00e0 \u0111\u00f3ng ti\u1ebfp \u0111i\u1ec3m RELAY b\u00e1o v\u1ec1 trung t\u00e2m b\u00e1o ch\u00e1y \/ b\u00e1o \u0111\u1ed9ng c\u00f3 ng\u00f5 v\u00e0o k\u1ebft n\u1ed1i NO. c\u00e1c d\u1ea5u hi\u1ec7u c\u00f3 ch\u00e1y x\u1ea3y ra \u0111\u1ec3 ph\u00f2ng ch\u1eefa ch\u00e1y k\u1ecbp th\u1eddi.\u00a0Gi\u00e1 c\u1ea3 h\u1ee3p l\u00ed, m\u1eabu m\u00e3 g\u1ecdn nh\u1eb9, \u0111\u01a1n gi\u1ea3n, th\u00edch h\u1ee3p c\u00e0i \u0111\u1eb7t \u0111\u1ec3 b\u1ea3o v\u1ec7 an to\u00e0n t\u00ednh m\u1ea1ng c\u0169ng nh\u01b0 t\u00e0i s\u1ea3n cho gia \u0111\u00ecnh b\u1ea1n.<\/p>\n<figure id=\"attachment_16302\" aria-describedby=\"caption-attachment-16302\" style=\"width: 600px\" class=\"wp-caption aligncenter\"><img loading=\"lazy\" decoding=\"async\" class=\"wp-image-16302\" title=\"\u0110\u1ea7u c\u1ea3m bi\u1ebfn b\u00e1o kh\u00f3i c\u00f3 d\u00e2y k\u1ebft h\u1ee3p v\u1ec1 trung t\u00e2m b\u00e1o \u0111\u1ed9ng\" src=\"https:\/\/kawasan.vn\/wp-content\/uploads\/2023\/11\/bao-khoi-co-day-sm05c-1-1.jpg\" alt=\"\u0110\u1ea7u c\u1ea3m bi\u1ebfn b\u00e1o kh\u00f3i c\u00f3 d\u00e2y k\u1ebft h\u1ee3p v\u1ec1 trung t\u00e2m b\u00e1o \u0111\u1ed9ng\" width=\"600\" height=\"486\" \/><figcaption id=\"caption-attachment-16302\" class=\"wp-caption-text\">\u0110\u1ea7u c\u1ea3m bi\u1ebfn b\u00e1o kh\u00f3i c\u00f3 d\u00e2y k\u1ebft h\u1ee3p v\u1ec1 trung t\u00e2m b\u00e1o \u0111\u1ed9ng<\/figcaption><\/figure>\n<figure id=\"attachment_16304\" aria-describedby=\"caption-attachment-16304\" style=\"width: 600px\" class=\"wp-caption aligncenter\"><img loading=\"lazy\" decoding=\"async\" class=\"wp-image-16304\" title=\"Ngu\u1ed3n c\u1ea5p 12V\" src=\"https:\/\/kawasan.vn\/wp-content\/uploads\/2023\/11\/bao-khoi-co-day-sm05c-3.jpg\" alt=\"Ngu\u1ed3n c\u1ea5p 12V\" width=\"600\" height=\"318\" \/><figcaption id=\"caption-attachment-16304\" class=\"wp-caption-text\">Ngu\u1ed3n c\u1ea5p 12V<\/figcaption><\/figure>","protected":false},"excerpt":{"rendered":"<p>Nh\u00e0 s\u1ea3n xu\u1ea5t: KawasanM\u00e3 s\u1ea3n ph\u1ea9m: SM05CT\u00ecnh tr\u1ea1ng:H\u1ebft h\u00e0ng<\/p>","protected":false},"featured_media":16301,"comment_status":"open","ping_status":"closed","template":"","meta":{"_yoast_wpseo_focuskw":"B\u00e1o Kh\u00f3i SM05C","_yoast_wpseo_metadesc":"B\u00e1o Kh\u00f3i SM05C c\u00f3 d\u00e2y, k\u1ebft n\u1ed1i v\u1ec1 trung t\u00e2m b\u00e1o ch\u00e1y. Chuy\u00ean d\u00f9ng g\u1eafn tr\u1ea7n, s\u1eed d\u1ee5ng v\u0103n ph\u00f2ng, nh\u00e0 m\u00e1y, s\u00e2n bay, b\u1ebfn xe, nh\u00e0 kho... Gi\u00fap x\u1eed l\u00fd k\u1ecbp th\u1eddi...","_yoast_wpseo_focuskeywords":"","_yoast_wpseo_keyword_synonyms":""},"product_cat":[493,37],"product_tag":[1211,1196,1077,1206,1215,620,1208,1213,619,618,1199,1200,1214,1088,1091,1089,1092,1090,1198,1205,1209,1201,1212,1197,1216,1202,1207,621,1203,855,1204,1087,900,1210,1086],"class_list":["post-6239","product","type-product","status-publish","has-post-thumbnail","hentry","product_cat-dau-bao-khoi","product_cat-thiet-bi-an-ninh-an-toan","product_tag-bao-chay-bao-khoi","product_tag-bao-chay-khoi","product_tag-bao-chay-lien-gia","product_tag-bao-gia-dau-bao-khoi","product_tag-bao-gia-dau-bao-khoi-dia-chi","product_tag-bao-khoi","product_tag-bao-khoi-bao-chay","product_tag-bao-khoi-kawasan","product_tag-bao-khoi-khong-day","product_tag-cam-bien-bao-khoi","product_tag-dau-bao-chay","product_tag-dau-bao-chay-khoi","product_tag-dau-bao-chay-khoi-quang","product_tag-dau-bao-khoi","product_tag-dau-bao-khoi-chinh-hang","product_tag-dau-bao-khoi-gia-re","product_tag-dau-bao-khoi-gia-tot","product_tag-dau-bao-khoi-kawasan","product_tag-dau-bao-khoi-quang","product_tag-dau-do-bao-chay","product_tag-dau-do-bao-khoi","product_tag-gia-dau-bao-chay","product_tag-gia-dau-bao-chay-khoi","product_tag-gia-dau-bao-khoi","product_tag-gia-dau-bao-khoi-dia-chi","product_tag-he-thong-bao-chay-bao-khoi","product_tag-he-thong-bao-khoi","product_tag-kawasan","product_tag-may-bao-khoi","product_tag-thiet-bi-bao-chay","product_tag-thiet-bi-bao-chay-bao-khoi","product_tag-thiet-bi-bao-chay-kawasan","product_tag-thiet-bi-bao-khoi","product_tag-thiet-bi-bao-khoi-bao-chay","product_tag-thiet-bi-bao-khoi-kawasan"],"acf":[],"yoast_head":"<!-- This site is optimized with the Yoast SEO Premium plugin v24.9 (Yoast SEO v24.9) - https:\/\/yoast.com\/wordpress\/plugins\/seo\/ -->\n<title>B\u00e1o Kh\u00f3i SM05C C\u00f3 D\u00e2y - Ph\u1ee5 Ki\u1ec7n B\u1ed9 Trung T\u00e2m - Kawasan<\/title>\n<meta name=\"description\" content=\"B\u00e1o Kh\u00f3i SM05C c\u00f3 d\u00e2y, k\u1ebft n\u1ed1i v\u1ec1 trung t\u00e2m b\u00e1o ch\u00e1y. Chuy\u00ean d\u00f9ng g\u1eafn tr\u1ea7n, s\u1eed d\u1ee5ng v\u0103n ph\u00f2ng, nh\u00e0 m\u00e1y, s\u00e2n bay, b\u1ebfn xe, nh\u00e0 kho... Gi\u00fap x\u1eed l\u00fd k\u1ecbp th\u1eddi...\" \/>\n<meta name=\"robots\" content=\"index, follow, max-snippet:-1, max-image-preview:large, max-video-preview:-1\" \/>\n<link rel=\"canonical\" href=\"https:\/\/kawasan.vn\/en\/product\/bao-khoi-co-day-sm05c-phu-kien-bo-trung-tam\/\" \/>\n<meta property=\"og:locale\" content=\"en_US\" \/>\n<meta property=\"og:type\" content=\"article\" \/>\n<meta property=\"og:title\" content=\"B\u00e1o Kh\u00f3i SM05C C\u00f3 D\u00e2y - Ph\u1ee5 Ki\u1ec7n B\u1ed9 Trung T\u00e2m\" \/>\n<meta property=\"og:description\" content=\"B\u00e1o Kh\u00f3i SM05C c\u00f3 d\u00e2y, k\u1ebft n\u1ed1i v\u1ec1 trung t\u00e2m b\u00e1o ch\u00e1y. Chuy\u00ean d\u00f9ng g\u1eafn tr\u1ea7n, s\u1eed d\u1ee5ng v\u0103n ph\u00f2ng, nh\u00e0 m\u00e1y, s\u00e2n bay, b\u1ebfn xe, nh\u00e0 kho... Gi\u00fap x\u1eed l\u00fd k\u1ecbp th\u1eddi...\" \/>\n<meta property=\"og:url\" content=\"https:\/\/kawasan.vn\/en\/product\/bao-khoi-co-day-sm05c-phu-kien-bo-trung-tam\/\" \/>\n<meta property=\"og:site_name\" content=\"Kawasan\" \/>\n<meta property=\"article:modified_time\" content=\"2025-09-16T09:14:30+00:00\" \/>\n<meta property=\"og:image\" content=\"https:\/\/kawasan.vn\/wp-content\/uploads\/2023\/11\/bao-khoi-co-day-sm05c-1.jpg\" \/>\n\t<meta property=\"og:image:width\" content=\"600\" \/>\n\t<meta property=\"og:image:height\" content=\"600\" \/>\n\t<meta property=\"og:image:type\" content=\"image\/jpeg\" \/>\n<meta name=\"twitter:card\" content=\"summary_large_image\" \/>\n<meta name=\"twitter:label1\" content=\"Est. reading time\" \/>\n\t<meta name=\"twitter:data1\" content=\"2 minutes\" \/>\n<script type=\"application\/ld+json\" class=\"yoast-schema-graph\">{\"@context\":\"https:\/\/schema.org\",\"@graph\":[{\"@type\":\"WebPage\",\"@id\":\"https:\/\/kawasan.vn\/san-pham\/bao-khoi-co-day-sm05c-phu-kien-bo-trung-tam\/\",\"url\":\"https:\/\/kawasan.vn\/san-pham\/bao-khoi-co-day-sm05c-phu-kien-bo-trung-tam\/\",\"name\":\"B\u00e1o Kh\u00f3i SM05C C\u00f3 D\u00e2y - Ph\u1ee5 Ki\u1ec7n B\u1ed9 Trung T\u00e2m - Kawasan\",\"isPartOf\":{\"@id\":\"https:\/\/kawasan.vn\/#website\"},\"primaryImageOfPage\":{\"@id\":\"https:\/\/kawasan.vn\/san-pham\/bao-khoi-co-day-sm05c-phu-kien-bo-trung-tam\/#primaryimage\"},\"image\":{\"@id\":\"https:\/\/kawasan.vn\/san-pham\/bao-khoi-co-day-sm05c-phu-kien-bo-trung-tam\/#primaryimage\"},\"thumbnailUrl\":\"https:\/\/kawasan.vn\/wp-content\/uploads\/2023\/11\/bao-khoi-co-day-sm05c-1.jpg\",\"datePublished\":\"2023-11-17T07:04:06+00:00\",\"dateModified\":\"2025-09-16T09:14:30+00:00\",\"description\":\"B\u00e1o Kh\u00f3i SM05C c\u00f3 d\u00e2y, k\u1ebft n\u1ed1i v\u1ec1 trung t\u00e2m b\u00e1o ch\u00e1y. Chuy\u00ean d\u00f9ng g\u1eafn tr\u1ea7n, s\u1eed d\u1ee5ng v\u0103n ph\u00f2ng, nh\u00e0 m\u00e1y, s\u00e2n bay, b\u1ebfn xe, nh\u00e0 kho... Gi\u00fap x\u1eed l\u00fd k\u1ecbp th\u1eddi...\",\"breadcrumb\":{\"@id\":\"https:\/\/kawasan.vn\/san-pham\/bao-khoi-co-day-sm05c-phu-kien-bo-trung-tam\/#breadcrumb\"},\"inLanguage\":\"en-US\",\"potentialAction\":[{\"@type\":\"ReadAction\",\"target\":[\"https:\/\/kawasan.vn\/san-pham\/bao-khoi-co-day-sm05c-phu-kien-bo-trung-tam\/\"]}]},{\"@type\":\"ImageObject\",\"inLanguage\":\"en-US\",\"@id\":\"https:\/\/kawasan.vn\/san-pham\/bao-khoi-co-day-sm05c-phu-kien-bo-trung-tam\/#primaryimage\",\"url\":\"https:\/\/kawasan.vn\/wp-content\/uploads\/2023\/11\/bao-khoi-co-day-sm05c-1.jpg\",\"contentUrl\":\"https:\/\/kawasan.vn\/wp-content\/uploads\/2023\/11\/bao-khoi-co-day-sm05c-1.jpg\",\"width\":600,\"height\":600,\"caption\":\"B\u00e1o Kh\u00f3i SM05C C\u00f3 D\u00e2y - Ph\u1ee5 Ki\u1ec7n B\u1ed9 Trung T\u00e2m\"},{\"@type\":\"BreadcrumbList\",\"@id\":\"https:\/\/kawasan.vn\/san-pham\/bao-khoi-co-day-sm05c-phu-kien-bo-trung-tam\/#breadcrumb\",\"itemListElement\":[{\"@type\":\"ListItem\",\"position\":1,\"name\":\"Trang ch\u1ee7\",\"item\":\"https:\/\/kawasan.vn\/\"},{\"@type\":\"ListItem\",\"position\":2,\"name\":\"S\u1ea3n ph\u1ea9m\",\"item\":\"https:\/\/kawasan.vn\/san-pham\/\"},{\"@type\":\"ListItem\",\"position\":3,\"name\":\"B\u00e1o Kh\u00f3i SM05C C\u00f3 D\u00e2y &#8211; Ph\u1ee5 Ki\u1ec7n B\u1ed9 Trung T\u00e2m\"}]},{\"@type\":\"WebSite\",\"@id\":\"https:\/\/kawasan.vn\/#website\",\"url\":\"https:\/\/kawasan.vn\/\",\"name\":\"Kawasan\",\"description\":\"\",\"potentialAction\":[{\"@type\":\"SearchAction\",\"target\":{\"@type\":\"EntryPoint\",\"urlTemplate\":\"https:\/\/kawasan.vn\/?s={search_term_string}\"},\"query-input\":{\"@type\":\"PropertyValueSpecification\",\"valueRequired\":true,\"valueName\":\"search_term_string\"}}],\"inLanguage\":\"en-US\"}]}<\/script>\n<!-- \/ Yoast SEO Premium plugin. -->","yoast_head_json":{"title":"B\u00e1o Kh\u00f3i SM05C C\u00f3 D\u00e2y - Ph\u1ee5 Ki\u1ec7n B\u1ed9 Trung T\u00e2m - Kawasan","description":"B\u00e1o Kh\u00f3i SM05C c\u00f3 d\u00e2y, k\u1ebft n\u1ed1i v\u1ec1 trung t\u00e2m b\u00e1o ch\u00e1y. Chuy\u00ean d\u00f9ng g\u1eafn tr\u1ea7n, s\u1eed d\u1ee5ng v\u0103n ph\u00f2ng, nh\u00e0 m\u00e1y, s\u00e2n bay, b\u1ebfn xe, nh\u00e0 kho... Gi\u00fap x\u1eed l\u00fd k\u1ecbp th\u1eddi...","robots":{"index":"index","follow":"follow","max-snippet":"max-snippet:-1","max-image-preview":"max-image-preview:large","max-video-preview":"max-video-preview:-1"},"canonical":"https:\/\/kawasan.vn\/en\/product\/bao-khoi-co-day-sm05c-phu-kien-bo-trung-tam\/","og_locale":"en_US","og_type":"article","og_title":"B\u00e1o Kh\u00f3i SM05C C\u00f3 D\u00e2y - Ph\u1ee5 Ki\u1ec7n B\u1ed9 Trung T\u00e2m","og_description":"B\u00e1o Kh\u00f3i SM05C c\u00f3 d\u00e2y, k\u1ebft n\u1ed1i v\u1ec1 trung t\u00e2m b\u00e1o ch\u00e1y. Chuy\u00ean d\u00f9ng g\u1eafn tr\u1ea7n, s\u1eed d\u1ee5ng v\u0103n ph\u00f2ng, nh\u00e0 m\u00e1y, s\u00e2n bay, b\u1ebfn xe, nh\u00e0 kho... Gi\u00fap x\u1eed l\u00fd k\u1ecbp th\u1eddi...","og_url":"https:\/\/kawasan.vn\/en\/product\/bao-khoi-co-day-sm05c-phu-kien-bo-trung-tam\/","og_site_name":"Kawasan","article_modified_time":"2025-09-16T09:14:30+00:00","og_image":[{"width":600,"height":600,"url":"https:\/\/kawasan.vn\/wp-content\/uploads\/2023\/11\/bao-khoi-co-day-sm05c-1.jpg","type":"image\/jpeg"}],"twitter_card":"summary_large_image","twitter_misc":{"Est. reading time":"2 minutes"},"schema":{"@context":"https:\/\/schema.org","@graph":[{"@type":"WebPage","@id":"https:\/\/kawasan.vn\/san-pham\/bao-khoi-co-day-sm05c-phu-kien-bo-trung-tam\/","url":"https:\/\/kawasan.vn\/san-pham\/bao-khoi-co-day-sm05c-phu-kien-bo-trung-tam\/","name":"B\u00e1o Kh\u00f3i SM05C C\u00f3 D\u00e2y - Ph\u1ee5 Ki\u1ec7n B\u1ed9 Trung T\u00e2m - Kawasan","isPartOf":{"@id":"https:\/\/kawasan.vn\/#website"},"primaryImageOfPage":{"@id":"https:\/\/kawasan.vn\/san-pham\/bao-khoi-co-day-sm05c-phu-kien-bo-trung-tam\/#primaryimage"},"image":{"@id":"https:\/\/kawasan.vn\/san-pham\/bao-khoi-co-day-sm05c-phu-kien-bo-trung-tam\/#primaryimage"},"thumbnailUrl":"https:\/\/kawasan.vn\/wp-content\/uploads\/2023\/11\/bao-khoi-co-day-sm05c-1.jpg","datePublished":"2023-11-17T07:04:06+00:00","dateModified":"2025-09-16T09:14:30+00:00","description":"B\u00e1o Kh\u00f3i SM05C c\u00f3 d\u00e2y, k\u1ebft n\u1ed1i v\u1ec1 trung t\u00e2m b\u00e1o ch\u00e1y. Chuy\u00ean d\u00f9ng g\u1eafn tr\u1ea7n, s\u1eed d\u1ee5ng v\u0103n ph\u00f2ng, nh\u00e0 m\u00e1y, s\u00e2n bay, b\u1ebfn xe, nh\u00e0 kho... Gi\u00fap x\u1eed l\u00fd k\u1ecbp th\u1eddi...","breadcrumb":{"@id":"https:\/\/kawasan.vn\/san-pham\/bao-khoi-co-day-sm05c-phu-kien-bo-trung-tam\/#breadcrumb"},"inLanguage":"en-US","potentialAction":[{"@type":"ReadAction","target":["https:\/\/kawasan.vn\/san-pham\/bao-khoi-co-day-sm05c-phu-kien-bo-trung-tam\/"]}]},{"@type":"ImageObject","inLanguage":"en-US","@id":"https:\/\/kawasan.vn\/san-pham\/bao-khoi-co-day-sm05c-phu-kien-bo-trung-tam\/#primaryimage","url":"https:\/\/kawasan.vn\/wp-content\/uploads\/2023\/11\/bao-khoi-co-day-sm05c-1.jpg","contentUrl":"https:\/\/kawasan.vn\/wp-content\/uploads\/2023\/11\/bao-khoi-co-day-sm05c-1.jpg","width":600,"height":600,"caption":"B\u00e1o Kh\u00f3i SM05C C\u00f3 D\u00e2y - Ph\u1ee5 Ki\u1ec7n B\u1ed9 Trung T\u00e2m"},{"@type":"BreadcrumbList","@id":"https:\/\/kawasan.vn\/san-pham\/bao-khoi-co-day-sm05c-phu-kien-bo-trung-tam\/#breadcrumb","itemListElement":[{"@type":"ListItem","position":1,"name":"Trang ch\u1ee7","item":"https:\/\/kawasan.vn\/"},{"@type":"ListItem","position":2,"name":"S\u1ea3n ph\u1ea9m","item":"https:\/\/kawasan.vn\/san-pham\/"},{"@type":"ListItem","position":3,"name":"B\u00e1o Kh\u00f3i SM05C C\u00f3 D\u00e2y &#8211; Ph\u1ee5 Ki\u1ec7n B\u1ed9 Trung T\u00e2m"}]},{"@type":"WebSite","@id":"https:\/\/kawasan.vn\/#website","url":"https:\/\/kawasan.vn\/","name":"Kawasan","description":"","potentialAction":[{"@type":"SearchAction","target":{"@type":"EntryPoint","urlTemplate":"https:\/\/kawasan.vn\/?s={search_term_string}"},"query-input":{"@type":"PropertyValueSpecification","valueRequired":true,"valueName":"search_term_string"}}],"inLanguage":"en-US"}]}},"_links":{"self":[{"href":"https:\/\/kawasan.vn\/en\/wp-json\/wp\/v2\/product\/6239","targetHints":{"allow":["GET"]}}],"collection":[{"href":"https:\/\/kawasan.vn\/en\/wp-json\/wp\/v2\/product"}],"about":[{"href":"https:\/\/kawasan.vn\/en\/wp-json\/wp\/v2\/types\/product"}],"replies":[{"embeddable":true,"href":"https:\/\/kawasan.vn\/en\/wp-json\/wp\/v2\/comments?post=6239"}],"version-history":[{"count":3,"href":"https:\/\/kawasan.vn\/en\/wp-json\/wp\/v2\/product\/6239\/revisions"}],"predecessor-version":[{"id":19981,"href":"https:\/\/kawasan.vn\/en\/wp-json\/wp\/v2\/product\/6239\/revisions\/19981"}],"wp:featuredmedia":[{"embeddable":true,"href":"https:\/\/kawasan.vn\/en\/wp-json\/wp\/v2\/media\/16301"}],"wp:attachment":[{"href":"https:\/\/kawasan.vn\/en\/wp-json\/wp\/v2\/media?parent=6239"}],"wp:term":[{"taxonomy":"product_cat","embeddable":true,"href":"https:\/\/kawasan.vn\/en\/wp-json\/wp\/v2\/product_cat?post=6239"},{"taxonomy":"product_tag","embeddable":true,"href":"https:\/\/kawasan.vn\/en\/wp-json\/wp\/v2\/product_tag?post=6239"}],"curies":[{"name":"wp","href":"https:\/\/api.w.org\/{rel}","templated":true}]}}