{"id":6227,"date":"2023-11-01T04:24:35","date_gmt":"2023-11-01T04:24:35","guid":{"rendered":"https:\/\/kawasan.123websitedev.com\/product\/dui-den-cam-ung-hong-ngoai-ss682b\/"},"modified":"2025-12-09T16:06:09","modified_gmt":"2025-12-09T09:06:09","slug":"dui-den-cam-ung-hong-ngoai-ss682b","status":"publish","type":"product","link":"https:\/\/kawasan.vn\/en\/product\/dui-den-cam-ung-hong-ngoai-ss682b\/","title":{"rendered":"Infrared Touch Lamp Holder SS682B"},"content":{"rendered":"<h2><span class=\"ez-toc-section\" id=\"DAC_DIEM_DUI_DEN_CAM_UNG_HONG_NGOAI_SS682B\"><\/span>\u0110\u1eb6C \u0110I\u1ec2M \u0110UI \u0110\u00c8N C\u1ea2M \u1ee8NG H\u1ed2NG NGO\u1ea0I SS682B<span class=\"ez-toc-section-end\"><\/span><\/h2><div id=\"ez-toc-container\" class=\"ez-toc-v2_0_69_1 counter-hierarchy ez-toc-counter ez-toc-grey ez-toc-container-direction\">\n<div class=\"ez-toc-title-container\">\n<p class=\"ez-toc-title\" >N\u1ed9i Dung B&agrave;i Vi\u1ebft<\/p>\n<span class=\"ez-toc-title-toggle\"><a href=\"#\" class=\"ez-toc-pull-right ez-toc-btn ez-toc-btn-xs ez-toc-btn-default ez-toc-toggle\" aria-label=\"Toggle Table of Content\"><span class=\"ez-toc-js-icon-con\"><span class=\"\"><span class=\"eztoc-hide\" style=\"display:none;\">Toggle<\/span><span class=\"ez-toc-icon-toggle-span\"><svg style=\"fill: #999;color:#999\" xmlns=\"http:\/\/www.w3.org\/2000\/svg\" class=\"list-377408\" width=\"20px\" height=\"20px\" viewbox=\"0 0 24 24\" fill=\"none\"><path d=\"M6 6H4v2h2V6zm14 0H8v2h12V6zM4 11h2v2H4v-2zm16 0H8v2h12v-2zM4 16h2v2H4v-2zm16 0H8v2h12v-2z\" fill=\"currentColor\"><\/path><\/svg><svg style=\"fill: #999;color:#999\" class=\"arrow-unsorted-368013\" xmlns=\"http:\/\/www.w3.org\/2000\/svg\" width=\"10px\" height=\"10px\" viewbox=\"0 0 24 24\" version=\"1.2\" baseprofile=\"tiny\"><path d=\"M18.2 9.3l-6.2-6.3-6.2 6.3c-.2.2-.3.4-.3.7s.1.5.3.7c.2.2.4.3.7.3h11c.3 0 .5-.1.7-.3.2-.2.3-.5.3-.7s-.1-.5-.3-.7zM5.8 14.7l6.2 6.3 6.2-6.3c.2-.2.3-.5.3-.7s-.1-.5-.3-.7c-.2-.2-.4-.3-.7-.3h-11c-.3 0-.5.1-.7.3-.2.2-.3.5-.3.7s.1.5.3.7z\"\/><\/svg><\/span><\/span><\/span><\/a><\/span><\/div>\n<nav><ul class='ez-toc-list ez-toc-list-level-1 eztoc-toggle-hide-by-default' ><li class='ez-toc-page-1 ez-toc-heading-level-2'><a class=\"ez-toc-link ez-toc-heading-1\" href=\"https:\/\/kawasan.vn\/en\/product\/dui-den-cam-ung-hong-ngoai-ss682b\/#DAC_DIEM_DUI_DEN_CAM_UNG_HONG_NGOAI_SS682B\" title=\"\u0110\u1eb6C \u0110I\u1ec2M \u0110UI \u0110\u00c8N C\u1ea2M \u1ee8NG H\u1ed2NG NGO\u1ea0I SS682B\">\u0110\u1eb6C \u0110I\u1ec2M \u0110UI \u0110\u00c8N C\u1ea2M \u1ee8NG H\u1ed2NG NGO\u1ea0I SS682B<\/a><\/li><li class='ez-toc-page-1 ez-toc-heading-level-2'><a class=\"ez-toc-link ez-toc-heading-2\" href=\"https:\/\/kawasan.vn\/en\/product\/dui-den-cam-ung-hong-ngoai-ss682b\/#UNG_DUNG_PHO_BIEN_CUA_DUI_DEN_CAM_UNG_HONG_NGOAI_LA_GI\" title=\"\u1ee8NG D\u1ee4NG PH\u1ed4 BI\u1ebeN C\u1ee6A \u0110UI \u0110\u00c8N C\u1ea2M \u1ee8NG H\u1ed2NG NGO\u1ea0I L\u00c0 G\u00cc?\">\u1ee8NG D\u1ee4NG PH\u1ed4 BI\u1ebeN C\u1ee6A \u0110UI \u0110\u00c8N C\u1ea2M \u1ee8NG H\u1ed2NG NGO\u1ea0I L\u00c0 G\u00cc?<\/a><\/li><li class='ez-toc-page-1 ez-toc-heading-level-2'><a class=\"ez-toc-link ez-toc-heading-3\" href=\"https:\/\/kawasan.vn\/en\/product\/dui-den-cam-ung-hong-ngoai-ss682b\/#DUI_DEN_CAM_BIEN_MANG_LAI_LOI_ICH_GI\" title=\"\u0110UI \u0110\u00c8N C\u1ea2M BI\u1ebeN MANG L\u1ea0I L\u1ee2I \u00cdCH G\u00cc?\">\u0110UI \u0110\u00c8N C\u1ea2M BI\u1ebeN MANG L\u1ea0I L\u1ee2I \u00cdCH G\u00cc?<\/a><ul class='ez-toc-list-level-3' ><li class='ez-toc-heading-level-3'><a class=\"ez-toc-link ez-toc-heading-4\" href=\"https:\/\/kawasan.vn\/en\/product\/dui-den-cam-ung-hong-ngoai-ss682b\/#DUI_DEN_CAM_UNG_KAWASAN_CO_GI_KHAC_BIET_SO_VOI_CAC_SAN_PHAM_KHAC_TREN_THI_TRUONG\" title=\"\u0110UI \u0110\u00c8N C\u1ea2M \u1ee8NG KAWASAN C\u00d3 G\u00cc KH\u00c1C BI\u1ec6T SO V\u1edaI C\u00c1C S\u1ea2N PH\u1ea8M KH\u00c1C TR\u00caN TH\u1eca TR\u01af\u1edcNG\">\u0110UI \u0110\u00c8N C\u1ea2M \u1ee8NG KAWASAN C\u00d3 G\u00cc KH\u00c1C BI\u1ec6T SO V\u1edaI C\u00c1C S\u1ea2N PH\u1ea8M KH\u00c1C TR\u00caN TH\u1eca TR\u01af\u1edcNG<\/a><\/li><\/ul><\/li><\/ul><\/nav><\/div>\n\n<p>\u0110ui \u0111\u00e8n c\u1ea3m \u1ee9ng h\u1ed3ng ngo\u1ea1i c\u00f2n g\u1ecdi l\u00e0 \u0111ui \u0111\u00e8n c\u1ea3m bi\u1ebfn. M\u00e3 s\u1ea3n ph\u1ea9m SS682B c\u1ee7a Kawasan s\u1eed d\u1ee5ng c\u00f4ng ngh\u1ec7 c\u1ea3m \u1ee9ng h\u1ed3ng ngo\u1ea1i. Ho\u1ea1t \u0111\u1ed9ng tr\u00ean nguy\u00ean l\u00fd c\u1ea3m bi\u1ebfn th\u00e2n nhi\u1ec7t chuy\u1ec3n \u0111\u1ed9ng v\u1edbi \u0111\u1ed9 nh\u1ea1y cao. Ch\u1ee7 y\u1ebfu d\u00f9ng \u0111\u1ec3 \u0111i\u1ec1u khi\u1ec3n t\u1ef1 \u0111\u1ed9ng b\u1eadt \u0111\u00e8n khi c\u00f3 ng\u01b0\u1eddi di chuy\u1ec3n \u0111\u1ebfn v\u00e0 t\u1ef1 t\u1eaft sau khi ng\u01b0\u1eddi \u0111i kh\u1ecfi. C\u00f3 th\u1ec3 \u0111i\u1ec1u ch\u1ec9nh c\u00e1c ch\u1ebf \u0111\u1ed9 ng\u00e0y\/\u0111\u00eam (LUX) v\u00e0 th\u1eddi gian t\u1ef1 t\u1eaft \u0111\u00e8n (Delay Time). \u0110ui \u0111\u00e8n c\u1ea3m \u1ee9ng n\u00e0y c\u00f3 thi\u1ebft k\u1ebf \u0111ui xo\u00e1y chu\u1ea9n E27. Ph\u00f9 h\u1ee3p v\u1edbi h\u1ea7u h\u1ebft c\u00e1c lo\u1ea1i b\u00f3ng \u0111\u00e8n \u0111ang l\u01b0u h\u00e0nh tr\u00ean th\u1ecb tr\u01b0\u1eddng hi\u1ec7n nay. V\u00ec v\u1eady n\u00ean r\u1ea5t thu\u1eadn ti\u1ec7n cho ng\u01b0\u1eddi d\u00f9ng c\u00f3 th\u1ec3 s\u1eed d\u1ee5ng l\u1ea1i b\u00f3ng \u0111\u00e8n \u0111ang c\u00f3. B\u1ea1n ch\u1ec9 c\u1ea7n mua th\u00eam <a href=\"https:\/\/kawasan.vn\/en\/product-category\/dui-den-cam-ung\/\" target=\"_blank\" rel=\"noopener\">\u0111ui \u0111\u00e8n c\u1ea3m bi\u1ebfn<\/a> l\u00e0 c\u00f3 th\u1ec3 l\u1eafp l\u00ean d\u00f9ng \u0111\u01b0\u1ee3c.<\/p>\n<figure id=\"attachment_15700\" aria-describedby=\"caption-attachment-15700\" style=\"width: 600px\" class=\"wp-caption aligncenter\"><img loading=\"lazy\" decoding=\"async\" class=\"wp-image-15700\" title=\"\u0110ui \u0111\u00e8n c\u1ea3m \u1ee9ng SS682B thi\u1ebft k\u1ebf nh\u1ecf g\u1ecdn, \u0111ui chu\u1ea9n E27\" src=\"https:\/\/kawasan.vn\/wp-content\/uploads\/2023\/11\/dui-den-cam-ung-hong-ngoai-ss682b4.jpg\" alt=\"\u0110ui \u0111\u00e8n c\u1ea3m \u1ee9ng SS682B thi\u1ebft k\u1ebf nh\u1ecf g\u1ecdn, \u0111ui chu\u1ea9n E27\" width=\"600\" height=\"775\" \/><figcaption id=\"caption-attachment-15700\" class=\"wp-caption-text\">\u0110ui \u0111\u00e8n c\u1ea3m \u1ee9ng SS682B thi\u1ebft k\u1ebf nh\u1ecf g\u1ecdn, \u0111ui chu\u1ea9n E27<\/figcaption><\/figure>\n<figure id=\"attachment_15697\" aria-describedby=\"caption-attachment-15697\" style=\"width: 522px\" class=\"wp-caption aligncenter\"><img loading=\"lazy\" decoding=\"async\" class=\"wp-image-15697 size-full\" title=\"Nh\u1eadn di\u1ec7n chuy\u1ec3n \u0111\u1ed9ng th\u00e2n nhi\u1ec7t \u0111\u1ec3 b\u1eadt - t\u1eaft \u0111\u00e8n t\u1ef1 \u0111\u1ed9ng\" src=\"https:\/\/kawasan.vn\/wp-content\/uploads\/2023\/11\/dui-den-cam-ung-1.png\" alt=\"Nh\u1eadn di\u1ec7n chuy\u1ec3n \u0111\u1ed9ng th\u00e2n nhi\u1ec7t \u0111\u1ec3 b\u1eadt - t\u1eaft \u0111\u00e8n t\u1ef1 \u0111\u1ed9ng\" width=\"522\" height=\"467\" srcset=\"https:\/\/kawasan.vn\/wp-content\/uploads\/2023\/11\/dui-den-cam-ung-1.png 522w, https:\/\/kawasan.vn\/wp-content\/uploads\/2023\/11\/dui-den-cam-ung-1-400x358.png 400w\" sizes=\"auto, (max-width: 522px) 100vw, 522px\" \/><figcaption id=\"caption-attachment-15697\" class=\"wp-caption-text\">Nh\u1eadn di\u1ec7n chuy\u1ec3n \u0111\u1ed9ng th\u00e2n nhi\u1ec7t \u0111\u1ec3 b\u1eadt &#8211; t\u1eaft \u0111\u00e8n t\u1ef1 \u0111\u1ed9ng<\/figcaption><\/figure>\n<figure id=\"attachment_15702\" aria-describedby=\"caption-attachment-15702\" style=\"width: 600px\" class=\"wp-caption aligncenter\"><img loading=\"lazy\" decoding=\"async\" class=\"wp-image-15702\" title=\"M\u1ed9t s\u1ed1 l\u01b0u \u00fd khi khi l\u1eafp \u0111\u1eb7t \u0111ui \u0111\u00e8n c\u1ea3m bi\u1ebfn SS682B\" src=\"https:\/\/kawasan.vn\/wp-content\/uploads\/2023\/11\/dui-den-cam-ung-hong-ngoai-ss682b7.jpg\" alt=\"M\u1ed9t s\u1ed1 l\u01b0u \u00fd khi khi l\u1eafp \u0111\u1eb7t \u0111ui \u0111\u00e8n c\u1ea3m bi\u1ebfn SS682B\" width=\"600\" height=\"600\" \/><figcaption id=\"caption-attachment-15702\" class=\"wp-caption-text\">M\u1ed9t s\u1ed1 l\u01b0u \u00fd khi khi l\u1eafp \u0111\u1eb7t \u0111ui \u0111\u00e8n c\u1ea3m bi\u1ebfn SS682B<\/figcaption><\/figure>\n<h2><span class=\"ez-toc-section\" id=\"UNG_DUNG_PHO_BIEN_CUA_DUI_DEN_CAM_UNG_HONG_NGOAI_LA_GI\"><\/span>\u1ee8NG D\u1ee4NG PH\u1ed4 BI\u1ebeN C\u1ee6A \u0110UI \u0110\u00c8N C\u1ea2M \u1ee8NG H\u1ed2NG NGO\u1ea0I L\u00c0 G\u00cc?<span class=\"ez-toc-section-end\"><\/span><\/h2>\n<p>\u0110ui \u0111\u00e8n c\u1ea3m bi\u1ebfn chuy\u1ec3n \u0111\u1ed9ng SS682B \u0111\u01b0\u1ee3c l\u1eafp \u0111\u1eb7t \u1edf c\u00e1c khu v\u1ef1c nh\u01b0: h\u00e0nh lang, l\u1ed1i \u0111i, c\u1ed5ng ra v\u00e0o, WC\u2026.<\/p>\n<figure id=\"attachment_15704\" aria-describedby=\"caption-attachment-15704\" style=\"width: 600px\" class=\"wp-caption aligncenter\"><img loading=\"lazy\" decoding=\"async\" class=\"wp-image-15704 size-full\" title=\"\u1ee8ng d\u1ee5ng \u0111ui \u0111\u00e8n c\u1ea3m \u1ee9ng h\u1ed3ng ngo\u1ea1i SS682B\" src=\"https:\/\/kawasan.vn\/wp-content\/uploads\/2023\/11\/vi-tri-lap-dui-den-cam-ung-hong-ngoai-ss682.jpg\" alt=\"\u1ee8ng d\u1ee5ng \u0111ui \u0111\u00e8n c\u1ea3m \u1ee9ng h\u1ed3ng ngo\u1ea1i SS682B\" width=\"600\" height=\"564\" srcset=\"https:\/\/kawasan.vn\/wp-content\/uploads\/2023\/11\/vi-tri-lap-dui-den-cam-ung-hong-ngoai-ss682.jpg 600w, https:\/\/kawasan.vn\/wp-content\/uploads\/2023\/11\/vi-tri-lap-dui-den-cam-ung-hong-ngoai-ss682-400x376.jpg 400w\" sizes=\"auto, (max-width: 600px) 100vw, 600px\" \/><figcaption id=\"caption-attachment-15704\" class=\"wp-caption-text\">\u1ee8ng d\u1ee5ng \u0111ui \u0111\u00e8n c\u1ea3m \u1ee9ng h\u1ed3ng ngo\u1ea1i SS682B<\/figcaption><\/figure>\n<h2><span class=\"ez-toc-section\" id=\"DUI_DEN_CAM_BIEN_MANG_LAI_LOI_ICH_GI\"><\/span>\u0110UI \u0110\u00c8N C\u1ea2M BI\u1ebeN MANG L\u1ea0I L\u1ee2I \u00cdCH G\u00cc?<span class=\"ez-toc-section-end\"><\/span><\/h2>\n<ul>\n<li>Ti\u1ebft ki\u1ec7m \u0111i\u1ec7n n\u0103ng v\u00ec tr\u00e1nh \u0111\u01b0\u1ee3c tr\u01b0\u1eddng h\u1ee3p qu\u00ean t\u1eaft \u0111i\u1ec7n m\u1ed7i khi r\u1eddi kh\u1ecfi. \u0110\u1eb7c bi\u1ec7t c\u00e1c gia \u0111\u00ecnh c\u00f3 tr\u1ebb em.<\/li>\n<li>An to\u00e0n cho s\u1ee9c kh\u1ecfe ng\u01b0\u1eddi d\u00f9ng v\u00ec kh\u00f4ng ph\u1ea3i th\u01b0\u1eddng xuy\u00ean ch\u1ea1m v\u00e0o c\u00f4ng t\u1eafc \u0111i\u1ec7n \u0111\u1ec3 b\u1eadt \u0111\u00e8n. \u0110\u1eb7c bi\u1ec7t l\u00e0 c\u00f4ng t\u1eafc t\u1ea1i nh\u00e0 v\u1ec7 sinh v\u00ec c\u00f3 th\u1ec3 l\u00e0 n\u01a1i ch\u1ee9a \u1ed5 vi tr\u00f9ng l\u00e2y nhi\u1ec5m b\u1ec7nh.<\/li>\n<li>An to\u00e0n cho tr\u1ebb em v\u00e0 ng\u01b0\u1eddi gi\u00e0 khi \u0111i v\u1ec7 sinh kh\u00f4ng ph\u1ea3i m\u00f2 c\u00f4ng t\u1eafc \u0111\u1ec3 b\u1eadt \u0111\u00e8n. Tr\u00e1nh \u0111\u01b0\u1ee3c c\u00e1c nguy c\u01a1 \u0111i\u1ec7n gi\u1eadt do r\u00f2 r\u1ec9 \u0111i\u1ec7n.<\/li>\n<li>C\u00f3 kh\u1ea3 n\u0103ng ch\u1ed1ng tr\u1ed9m v\u00ec khi c\u00f3 ng\u01b0\u1eddi \u0111\u1ed9t nh\u1eadp \u0111\u00e8n s\u1ebd b\u1eadt s\u00e1ng v\u00e0 k\u1ebb tr\u1ed9m s\u1ebd kh\u00f4ng d\u00e1m v\u00e0o n\u1eefa.<\/li>\n<\/ul>\n<figure id=\"attachment_15609\" aria-describedby=\"caption-attachment-15609\" style=\"width: 600px\" class=\"wp-caption aligncenter\"><img loading=\"lazy\" decoding=\"async\" class=\"wp-image-15609\" title=\"\u0110ui \u0111\u00e8n b\u1eadt - t\u1eaft t\u1ef1 \u0111\u1ed9ng h\u1ea1n ch\u1ebf con tr\u1ebb ch\u1ea1m tay v\u00e0o c\u00f4ng t\u1eafc \u0111\u1ec3 b\u1eadt \u0111\u00e8n\" src=\"https:\/\/kawasan.vn\/wp-content\/uploads\/2023\/11\/den-op-tran-cam-ung-hong-ngoai-323b-3.jpg\" alt=\"\u0110ui \u0111\u00e8n b\u1eadt - t\u1eaft t\u1ef1 \u0111\u1ed9ng h\u1ea1n ch\u1ebf con tr\u1ebb ch\u1ea1m tay v\u00e0o c\u00f4ng t\u1eafc \u0111\u1ec3 b\u1eadt \u0111\u00e8n\" width=\"600\" height=\"408\" \/><figcaption id=\"caption-attachment-15609\" class=\"wp-caption-text\">\u0110ui \u0111\u00e8n b\u1eadt &#8211; t\u1eaft t\u1ef1 \u0111\u1ed9ng h\u1ea1n ch\u1ebf con tr\u1ebb ch\u1ea1m tay v\u00e0o c\u00f4ng t\u1eafc \u0111\u1ec3 b\u1eadt \u0111\u00e8n<\/figcaption><\/figure>\n<h3><span class=\"ez-toc-section\" id=\"DUI_DEN_CAM_UNG_KAWASAN_CO_GI_KHAC_BIET_SO_VOI_CAC_SAN_PHAM_KHAC_TREN_THI_TRUONG\"><\/span>\u0110UI \u0110\u00c8N C\u1ea2M \u1ee8NG KAWASAN C\u00d3 G\u00cc KH\u00c1C BI\u1ec6T SO V\u1edaI C\u00c1C S\u1ea2N PH\u1ea8M KH\u00c1C TR\u00caN TH\u1eca TR\u01af\u1edcNG<span class=\"ez-toc-section-end\"><\/span><\/h3>\n<ul>\n<li>S\u1ea3n ph\u1ea9m KAWASAN xu\u1ea5t hi\u1ec7n \u0111\u1ea7u ti\u00ean tr\u00ean th\u1ecb tr\u01b0\u1eddng Vi\u1ec7t Nam t\u1eeb 2008 \u0111\u1ebfn nay. \u0110\u00e3 \u0111\u01b0\u1ee3c \u0111\u1ea7u t\u01b0 nghi\u00ean c\u1ee9u c\u1ea3i ti\u1ebfn ch\u1ea5t l\u01b0\u1ee3ng v\u00e0 nh\u1eefng t\u00ednh n\u0103ng k\u1ef9 thu\u1eadt \u0111\u00e1p \u1ee9ng \u0111\u01b0\u1ee3c \u0111i\u1ec1u ki\u1ec7n m\u00f4i tr\u01b0\u1eddng, th\u00f3i quen s\u1eed d\u1ee5ng c\u1ee7a ng\u01b0\u1eddi Vi\u1ec7t Nam.<\/li>\n<li>Ch\u1ea5t l\u01b0\u1ee3ng s\u1ea3n ph\u1ea9m \u0111\u1ee9ng \u0111\u1ea7u th\u1ecb tr\u01b0\u1eddng v\u1ec1 \u0111\u1ed9 b\u1ec1n, \u0111\u1ed9 nh\u1ea1y v\u00e0 kh\u1ea3 n\u0103ng h\u1ea1n ch\u1ebf t\u1ef1 b\u1eadt ng\u1eabu nhi\u00ean (d\u00f9 kh\u00f4ng c\u00f3 ng\u01b0\u1eddi di chuy\u1ec3n).<\/li>\n<li>Thi\u1ebft k\u1ebf kh\u00e1c bi\u1ec7t, c\u00f3 l\u1ed7 treo t\u01b0\u1eddng gi\u00fap ng\u01b0\u1eddi d\u00f9ng kh\u00f4ng ph\u1ea3i khoan 2 l\u1ed7. D\u1ec5 d\u00e0ng di chuy\u1ec3n v\u00e0 thay th\u1ebf.<\/li>\n<li>L\u1ed7 ch\u1ec9nh ng\u00e0y\/\u0111\u00eam v\u00e0 th\u1eddi gian tr\u1ec5 c\u00f3 n\u00fat v\u1eb7n chu\u1ea9n x\u00e1c. Ch\u1ed1ng v\u1eb7n qu\u00e1 tay l\u00e0m g\u00e3y n\u00fat v\u1eb7n nh\u01b0 c\u00e1c s\u1ea3n ph\u1ea9m kh\u00e1c tr\u00ean th\u1ecb tr\u01b0\u1eddng.\u200b<\/li>\n<li>B\u00e1n k\u00ednh c\u1ea3m \u1ee9ng xa t\u1eeb 4-6m, g\u00f3c qu\u00e9t 120 \u0111\u1ed9. Ph\u00f9 h\u1ee3p cho c\u00e1c kh\u00f4ng gian h\u1eb9p ho\u1eb7c\u00a0kh\u00f4ng c\u00f3 v\u00e1ch ng\u0103n.\u200b<\/li>\n<\/ul>","protected":false},"excerpt":{"rendered":"<p>Nh\u00e0 s\u1ea3n xu\u1ea5t: KawasanM\u00e3 s\u1ea3n ph\u1ea9m: SS682BT\u00ecnh tr\u1ea1ng:C\u00f2n h\u00e0ng<\/p>","protected":false},"featured_media":15701,"comment_status":"open","ping_status":"closed","template":"","meta":{"_yoast_wpseo_focuskw":"\u0110ui \u0111\u00e8n c\u1ea3m \u1ee9ng","_yoast_wpseo_metadesc":"\u0110ui \u0111\u00e8n c\u1ea3m \u1ee9ng h\u1ed3ng ngo\u1ea1i SS682B Kawasan, thi\u1ebft k\u1ebf \u0111ui xo\u00e1y chu\u1ea9n E27. T\u1ef1 \u0111\u1ed9ng b\u1eadt - t\u1eaft \u0111\u00e8n khi c\u00f3 chuy\u1ec3n \u0111\u1ed9ng th\u00e2n nhi\u1ec7t trong v\u00f9ng c\u1ea3m \u1ee9ng.","_yoast_wpseo_focuskeywords":"","_yoast_wpseo_keyword_synonyms":""},"product_cat":[65,85],"product_tag":[1173,1193,1185,1170,1182,1176,1168,1188,1186,557,1172,583,1171,1192,1179,1184,1191,1194,556,1166,1163,1195,1174,1183,1180,1178,1187,531,530,1175,592,529,1177,596,1165,1164,1169,1167,1162,1181,1189,621,1190],"class_list":["post-6227","product","type-product","status-publish","has-post-thumbnail","hentry","product_cat-dui-den-cam-ung","product_cat-hang-khuyen-mai-soc","product_tag-bong-den-cam-bien","product_tag-bong-den-cam-bien-anh-sang","product_tag-bong-den-cam-bien-chuyen-dong","product_tag-bong-den-cam-bien-nguoi","product_tag-cam-bien-bat-tat-den-khi-co-nguoi","product_tag-cam-bien-cau-thang","product_tag-cam-bien-den","product_tag-cam-bien-den-cau-thang","product_tag-chuoi-den-cam-ung","product_tag-den-cam-bien","product_tag-den-cam-bien-anh-sang","product_tag-den-cam-bien-cau-thang","product_tag-den-cam-bien-chuyen-dong","product_tag-den-cam-bien-hong-ngoai","product_tag-den-cam-bien-nang-luong-mat-troi","product_tag-den-cam-bien-thong-minh","product_tag-den-cam-bien-tu-dong","product_tag-den-cam-bien-tu-sang","product_tag-den-cam-ung","product_tag-den-cam-ung-hong-ngoai","product_tag-den-cam-ung-kawasan","product_tag-den-cau-thang-cam-bien","product_tag-den-led-cam-bien","product_tag-den-led-cam-bien-chuyen-dong","product_tag-den-nang-luong-mat-troi-cam-bien","product_tag-den-ngu-cam-bien","product_tag-den-ngu-cam-bien-anh-sang","product_tag-dui-den-cam-bien","product_tag-dui-den-cam-bien-anh-sang","product_tag-dui-den-cam-bien-chuyen-dong","product_tag-dui-den-cam-ung","product_tag-dui-den-cam-ung-anh-sang","product_tag-dui-den-cam-ung-chuyen-dong","product_tag-dui-den-cam-ung-hong-ngoai","product_tag-dui-den-cam-ung-hong-ngoai-kawasan","product_tag-dui-den-cam-ung-kawasan","product_tag-dui-den-cam-ung-loai-nao-tot","product_tag-dui-den-cam-ung-rang-dong","product_tag-dui-den-tu-sang-khi-co-nguoi","product_tag-gia-den-cam-bien-thong-minh","product_tag-gia-dui-den-cam-ung","product_tag-kawasan","product_tag-led-cam-bien-cau-thang"],"acf":[],"yoast_head":"<!-- This site is optimized with the Yoast SEO Premium plugin v24.9 (Yoast SEO v24.9) - https:\/\/yoast.com\/wordpress\/plugins\/seo\/ -->\n<title>\u0110ui \u0110\u00e8n C\u1ea3m \u1ee8ng H\u1ed3ng Ngo\u1ea1i SS682B - Kawasan<\/title>\n<meta name=\"description\" content=\"\u0110ui \u0111\u00e8n c\u1ea3m \u1ee9ng h\u1ed3ng ngo\u1ea1i SS682B Kawasan, thi\u1ebft k\u1ebf \u0111ui xo\u00e1y chu\u1ea9n E27. T\u1ef1 \u0111\u1ed9ng b\u1eadt - t\u1eaft \u0111\u00e8n khi c\u00f3 chuy\u1ec3n \u0111\u1ed9ng th\u00e2n nhi\u1ec7t trong v\u00f9ng c\u1ea3m \u1ee9ng.\" \/>\n<meta name=\"robots\" content=\"index, follow, max-snippet:-1, max-image-preview:large, max-video-preview:-1\" \/>\n<link rel=\"canonical\" href=\"https:\/\/kawasan.vn\/en\/product\/dui-den-cam-ung-hong-ngoai-ss682b\/\" \/>\n<meta property=\"og:locale\" content=\"en_US\" \/>\n<meta property=\"og:type\" content=\"article\" \/>\n<meta property=\"og:title\" content=\"\u0110ui \u0110\u00e8n C\u1ea3m \u1ee8ng H\u1ed3ng Ngo\u1ea1i SS682B\" \/>\n<meta property=\"og:description\" content=\"\u0110ui \u0111\u00e8n c\u1ea3m \u1ee9ng h\u1ed3ng ngo\u1ea1i SS682B Kawasan, thi\u1ebft k\u1ebf \u0111ui xo\u00e1y chu\u1ea9n E27. T\u1ef1 \u0111\u1ed9ng b\u1eadt - t\u1eaft \u0111\u00e8n khi c\u00f3 chuy\u1ec3n \u0111\u1ed9ng th\u00e2n nhi\u1ec7t trong v\u00f9ng c\u1ea3m \u1ee9ng.\" \/>\n<meta property=\"og:url\" content=\"https:\/\/kawasan.vn\/en\/product\/dui-den-cam-ung-hong-ngoai-ss682b\/\" \/>\n<meta property=\"og:site_name\" content=\"Kawasan\" \/>\n<meta property=\"article:modified_time\" content=\"2025-12-09T09:06:09+00:00\" \/>\n<meta property=\"og:image\" content=\"https:\/\/kawasan.vn\/wp-content\/uploads\/2023\/11\/dui-den-cam-ung-hong-ngoai-ss682b6.png\" \/>\n\t<meta property=\"og:image:width\" content=\"600\" \/>\n\t<meta property=\"og:image:height\" content=\"600\" \/>\n\t<meta property=\"og:image:type\" content=\"image\/png\" \/>\n<meta name=\"twitter:card\" content=\"summary_large_image\" \/>\n<meta name=\"twitter:label1\" content=\"Est. reading time\" \/>\n\t<meta name=\"twitter:data1\" content=\"5 minutes\" \/>\n<script type=\"application\/ld+json\" class=\"yoast-schema-graph\">{\"@context\":\"https:\/\/schema.org\",\"@graph\":[{\"@type\":\"WebPage\",\"@id\":\"https:\/\/kawasan.vn\/san-pham\/dui-den-cam-ung-hong-ngoai-ss682b\/\",\"url\":\"https:\/\/kawasan.vn\/san-pham\/dui-den-cam-ung-hong-ngoai-ss682b\/\",\"name\":\"\u0110ui \u0110\u00e8n C\u1ea3m \u1ee8ng H\u1ed3ng Ngo\u1ea1i SS682B - Kawasan\",\"isPartOf\":{\"@id\":\"https:\/\/kawasan.vn\/#website\"},\"primaryImageOfPage\":{\"@id\":\"https:\/\/kawasan.vn\/san-pham\/dui-den-cam-ung-hong-ngoai-ss682b\/#primaryimage\"},\"image\":{\"@id\":\"https:\/\/kawasan.vn\/san-pham\/dui-den-cam-ung-hong-ngoai-ss682b\/#primaryimage\"},\"thumbnailUrl\":\"https:\/\/kawasan.vn\/wp-content\/uploads\/2023\/11\/dui-den-cam-ung-hong-ngoai-ss682b6.png\",\"datePublished\":\"2023-11-01T04:24:35+00:00\",\"dateModified\":\"2025-12-09T09:06:09+00:00\",\"description\":\"\u0110ui \u0111\u00e8n c\u1ea3m \u1ee9ng h\u1ed3ng ngo\u1ea1i SS682B Kawasan, thi\u1ebft k\u1ebf \u0111ui xo\u00e1y chu\u1ea9n E27. T\u1ef1 \u0111\u1ed9ng b\u1eadt - t\u1eaft \u0111\u00e8n khi c\u00f3 chuy\u1ec3n \u0111\u1ed9ng th\u00e2n nhi\u1ec7t trong v\u00f9ng c\u1ea3m \u1ee9ng.\",\"breadcrumb\":{\"@id\":\"https:\/\/kawasan.vn\/san-pham\/dui-den-cam-ung-hong-ngoai-ss682b\/#breadcrumb\"},\"inLanguage\":\"en-US\",\"potentialAction\":[{\"@type\":\"ReadAction\",\"target\":[\"https:\/\/kawasan.vn\/san-pham\/dui-den-cam-ung-hong-ngoai-ss682b\/\"]}]},{\"@type\":\"ImageObject\",\"inLanguage\":\"en-US\",\"@id\":\"https:\/\/kawasan.vn\/san-pham\/dui-den-cam-ung-hong-ngoai-ss682b\/#primaryimage\",\"url\":\"https:\/\/kawasan.vn\/wp-content\/uploads\/2023\/11\/dui-den-cam-ung-hong-ngoai-ss682b6.png\",\"contentUrl\":\"https:\/\/kawasan.vn\/wp-content\/uploads\/2023\/11\/dui-den-cam-ung-hong-ngoai-ss682b6.png\",\"width\":600,\"height\":600},{\"@type\":\"BreadcrumbList\",\"@id\":\"https:\/\/kawasan.vn\/san-pham\/dui-den-cam-ung-hong-ngoai-ss682b\/#breadcrumb\",\"itemListElement\":[{\"@type\":\"ListItem\",\"position\":1,\"name\":\"Trang ch\u1ee7\",\"item\":\"https:\/\/kawasan.vn\/\"},{\"@type\":\"ListItem\",\"position\":2,\"name\":\"S\u1ea3n ph\u1ea9m\",\"item\":\"https:\/\/kawasan.vn\/san-pham\/\"},{\"@type\":\"ListItem\",\"position\":3,\"name\":\"\u0110ui \u0110\u00e8n C\u1ea3m \u1ee8ng H\u1ed3ng Ngo\u1ea1i SS682B\"}]},{\"@type\":\"WebSite\",\"@id\":\"https:\/\/kawasan.vn\/#website\",\"url\":\"https:\/\/kawasan.vn\/\",\"name\":\"Kawasan\",\"description\":\"\",\"potentialAction\":[{\"@type\":\"SearchAction\",\"target\":{\"@type\":\"EntryPoint\",\"urlTemplate\":\"https:\/\/kawasan.vn\/?s={search_term_string}\"},\"query-input\":{\"@type\":\"PropertyValueSpecification\",\"valueRequired\":true,\"valueName\":\"search_term_string\"}}],\"inLanguage\":\"en-US\"}]}<\/script>\n<!-- \/ Yoast SEO Premium plugin. -->","yoast_head_json":{"title":"\u0110ui \u0110\u00e8n C\u1ea3m \u1ee8ng H\u1ed3ng Ngo\u1ea1i SS682B - Kawasan","description":"\u0110ui \u0111\u00e8n c\u1ea3m \u1ee9ng h\u1ed3ng ngo\u1ea1i SS682B Kawasan, thi\u1ebft k\u1ebf \u0111ui xo\u00e1y chu\u1ea9n E27. T\u1ef1 \u0111\u1ed9ng b\u1eadt - t\u1eaft \u0111\u00e8n khi c\u00f3 chuy\u1ec3n \u0111\u1ed9ng th\u00e2n nhi\u1ec7t trong v\u00f9ng c\u1ea3m \u1ee9ng.","robots":{"index":"index","follow":"follow","max-snippet":"max-snippet:-1","max-image-preview":"max-image-preview:large","max-video-preview":"max-video-preview:-1"},"canonical":"https:\/\/kawasan.vn\/en\/product\/dui-den-cam-ung-hong-ngoai-ss682b\/","og_locale":"en_US","og_type":"article","og_title":"\u0110ui \u0110\u00e8n C\u1ea3m \u1ee8ng H\u1ed3ng Ngo\u1ea1i SS682B","og_description":"\u0110ui \u0111\u00e8n c\u1ea3m \u1ee9ng h\u1ed3ng ngo\u1ea1i SS682B Kawasan, thi\u1ebft k\u1ebf \u0111ui xo\u00e1y chu\u1ea9n E27. T\u1ef1 \u0111\u1ed9ng b\u1eadt - t\u1eaft \u0111\u00e8n khi c\u00f3 chuy\u1ec3n \u0111\u1ed9ng th\u00e2n nhi\u1ec7t trong v\u00f9ng c\u1ea3m \u1ee9ng.","og_url":"https:\/\/kawasan.vn\/en\/product\/dui-den-cam-ung-hong-ngoai-ss682b\/","og_site_name":"Kawasan","article_modified_time":"2025-12-09T09:06:09+00:00","og_image":[{"width":600,"height":600,"url":"https:\/\/kawasan.vn\/wp-content\/uploads\/2023\/11\/dui-den-cam-ung-hong-ngoai-ss682b6.png","type":"image\/png"}],"twitter_card":"summary_large_image","twitter_misc":{"Est. reading time":"5 minutes"},"schema":{"@context":"https:\/\/schema.org","@graph":[{"@type":"WebPage","@id":"https:\/\/kawasan.vn\/san-pham\/dui-den-cam-ung-hong-ngoai-ss682b\/","url":"https:\/\/kawasan.vn\/san-pham\/dui-den-cam-ung-hong-ngoai-ss682b\/","name":"\u0110ui \u0110\u00e8n C\u1ea3m \u1ee8ng H\u1ed3ng Ngo\u1ea1i SS682B - Kawasan","isPartOf":{"@id":"https:\/\/kawasan.vn\/#website"},"primaryImageOfPage":{"@id":"https:\/\/kawasan.vn\/san-pham\/dui-den-cam-ung-hong-ngoai-ss682b\/#primaryimage"},"image":{"@id":"https:\/\/kawasan.vn\/san-pham\/dui-den-cam-ung-hong-ngoai-ss682b\/#primaryimage"},"thumbnailUrl":"https:\/\/kawasan.vn\/wp-content\/uploads\/2023\/11\/dui-den-cam-ung-hong-ngoai-ss682b6.png","datePublished":"2023-11-01T04:24:35+00:00","dateModified":"2025-12-09T09:06:09+00:00","description":"\u0110ui \u0111\u00e8n c\u1ea3m \u1ee9ng h\u1ed3ng ngo\u1ea1i SS682B Kawasan, thi\u1ebft k\u1ebf \u0111ui xo\u00e1y chu\u1ea9n E27. T\u1ef1 \u0111\u1ed9ng b\u1eadt - t\u1eaft \u0111\u00e8n khi c\u00f3 chuy\u1ec3n \u0111\u1ed9ng th\u00e2n nhi\u1ec7t trong v\u00f9ng c\u1ea3m \u1ee9ng.","breadcrumb":{"@id":"https:\/\/kawasan.vn\/san-pham\/dui-den-cam-ung-hong-ngoai-ss682b\/#breadcrumb"},"inLanguage":"en-US","potentialAction":[{"@type":"ReadAction","target":["https:\/\/kawasan.vn\/san-pham\/dui-den-cam-ung-hong-ngoai-ss682b\/"]}]},{"@type":"ImageObject","inLanguage":"en-US","@id":"https:\/\/kawasan.vn\/san-pham\/dui-den-cam-ung-hong-ngoai-ss682b\/#primaryimage","url":"https:\/\/kawasan.vn\/wp-content\/uploads\/2023\/11\/dui-den-cam-ung-hong-ngoai-ss682b6.png","contentUrl":"https:\/\/kawasan.vn\/wp-content\/uploads\/2023\/11\/dui-den-cam-ung-hong-ngoai-ss682b6.png","width":600,"height":600},{"@type":"BreadcrumbList","@id":"https:\/\/kawasan.vn\/san-pham\/dui-den-cam-ung-hong-ngoai-ss682b\/#breadcrumb","itemListElement":[{"@type":"ListItem","position":1,"name":"Trang ch\u1ee7","item":"https:\/\/kawasan.vn\/"},{"@type":"ListItem","position":2,"name":"S\u1ea3n ph\u1ea9m","item":"https:\/\/kawasan.vn\/san-pham\/"},{"@type":"ListItem","position":3,"name":"\u0110ui \u0110\u00e8n C\u1ea3m \u1ee8ng H\u1ed3ng Ngo\u1ea1i SS682B"}]},{"@type":"WebSite","@id":"https:\/\/kawasan.vn\/#website","url":"https:\/\/kawasan.vn\/","name":"Kawasan","description":"","potentialAction":[{"@type":"SearchAction","target":{"@type":"EntryPoint","urlTemplate":"https:\/\/kawasan.vn\/?s={search_term_string}"},"query-input":{"@type":"PropertyValueSpecification","valueRequired":true,"valueName":"search_term_string"}}],"inLanguage":"en-US"}]}},"_links":{"self":[{"href":"https:\/\/kawasan.vn\/en\/wp-json\/wp\/v2\/product\/6227","targetHints":{"allow":["GET"]}}],"collection":[{"href":"https:\/\/kawasan.vn\/en\/wp-json\/wp\/v2\/product"}],"about":[{"href":"https:\/\/kawasan.vn\/en\/wp-json\/wp\/v2\/types\/product"}],"replies":[{"embeddable":true,"href":"https:\/\/kawasan.vn\/en\/wp-json\/wp\/v2\/comments?post=6227"}],"version-history":[{"count":1,"href":"https:\/\/kawasan.vn\/en\/wp-json\/wp\/v2\/product\/6227\/revisions"}],"predecessor-version":[{"id":18695,"href":"https:\/\/kawasan.vn\/en\/wp-json\/wp\/v2\/product\/6227\/revisions\/18695"}],"wp:featuredmedia":[{"embeddable":true,"href":"https:\/\/kawasan.vn\/en\/wp-json\/wp\/v2\/media\/15701"}],"wp:attachment":[{"href":"https:\/\/kawasan.vn\/en\/wp-json\/wp\/v2\/media?parent=6227"}],"wp:term":[{"taxonomy":"product_cat","embeddable":true,"href":"https:\/\/kawasan.vn\/en\/wp-json\/wp\/v2\/product_cat?post=6227"},{"taxonomy":"product_tag","embeddable":true,"href":"https:\/\/kawasan.vn\/en\/wp-json\/wp\/v2\/product_tag?post=6227"}],"curies":[{"name":"wp","href":"https:\/\/api.w.org\/{rel}","templated":true}]}}