{"id":6214,"date":"2023-11-01T04:23:39","date_gmt":"2023-11-01T04:23:39","guid":{"rendered":"https:\/\/kawasan.123websitedev.com\/product\/dui-den-cam-ung-anh-sang-co-hen-gio-ls01-time\/"},"modified":"2026-04-16T15:15:34","modified_gmt":"2026-04-16T08:15:34","slug":"dui-den-cam-ung-anh-sang-co-hen-gio-ls01-time","status":"publish","type":"product","link":"https:\/\/kawasan.vn\/en\/product\/dui-den-cam-ung-anh-sang-co-hen-gio-ls01-time\/","title":{"rendered":"Light Sensor Lamp Holder with Timer LS01-TIME"},"content":{"rendered":"<h2><span class=\"ez-toc-section\" id=\"DUI_DEN_CAM_BIEN_ANH_SANG_CO_HEN_GIO_LA_GI\"><\/span><b>\u0110UI \u0110\u00c8N C\u1ea2M BI\u1ebeN \u00c1NH S\u00c1NG C\u00d3 H\u1eb8N GI\u1edc L\u00c0 G\u00cc?<\/b><span class=\"ez-toc-section-end\"><\/span><\/h2><div id=\"ez-toc-container\" class=\"ez-toc-v2_0_69_1 counter-hierarchy ez-toc-counter ez-toc-grey ez-toc-container-direction\">\n<div class=\"ez-toc-title-container\">\n<p class=\"ez-toc-title\" >N\u1ed9i Dung B&agrave;i Vi\u1ebft<\/p>\n<span class=\"ez-toc-title-toggle\"><a href=\"#\" class=\"ez-toc-pull-right ez-toc-btn ez-toc-btn-xs ez-toc-btn-default ez-toc-toggle\" aria-label=\"Toggle Table of Content\"><span class=\"ez-toc-js-icon-con\"><span class=\"\"><span class=\"eztoc-hide\" style=\"display:none;\">Toggle<\/span><span class=\"ez-toc-icon-toggle-span\"><svg style=\"fill: #999;color:#999\" xmlns=\"http:\/\/www.w3.org\/2000\/svg\" class=\"list-377408\" width=\"20px\" height=\"20px\" viewbox=\"0 0 24 24\" fill=\"none\"><path d=\"M6 6H4v2h2V6zm14 0H8v2h12V6zM4 11h2v2H4v-2zm16 0H8v2h12v-2zM4 16h2v2H4v-2zm16 0H8v2h12v-2z\" fill=\"currentColor\"><\/path><\/svg><svg style=\"fill: #999;color:#999\" class=\"arrow-unsorted-368013\" xmlns=\"http:\/\/www.w3.org\/2000\/svg\" width=\"10px\" height=\"10px\" viewbox=\"0 0 24 24\" version=\"1.2\" baseprofile=\"tiny\"><path d=\"M18.2 9.3l-6.2-6.3-6.2 6.3c-.2.2-.3.4-.3.7s.1.5.3.7c.2.2.4.3.7.3h11c.3 0 .5-.1.7-.3.2-.2.3-.5.3-.7s-.1-.5-.3-.7zM5.8 14.7l6.2 6.3 6.2-6.3c.2-.2.3-.5.3-.7s-.1-.5-.3-.7c-.2-.2-.4-.3-.7-.3h-11c-.3 0-.5.1-.7.3-.2.2-.3.5-.3.7s.1.5.3.7z\"\/><\/svg><\/span><\/span><\/span><\/a><\/span><\/div>\n<nav><ul class='ez-toc-list ez-toc-list-level-1 eztoc-toggle-hide-by-default' ><li class='ez-toc-page-1 ez-toc-heading-level-2'><a class=\"ez-toc-link ez-toc-heading-1\" href=\"https:\/\/kawasan.vn\/en\/product\/dui-den-cam-ung-anh-sang-co-hen-gio-ls01-time\/#DUI_DEN_CAM_BIEN_ANH_SANG_CO_HEN_GIO_LA_GI\" title=\"\u0110UI \u0110\u00c8N C\u1ea2M BI\u1ebeN \u00c1NH S\u00c1NG C\u00d3 H\u1eb8N GI\u1edc L\u00c0 G\u00cc?\">\u0110UI \u0110\u00c8N C\u1ea2M BI\u1ebeN \u00c1NH S\u00c1NG C\u00d3 H\u1eb8N GI\u1edc L\u00c0 G\u00cc?<\/a><\/li><li class='ez-toc-page-1 ez-toc-heading-level-2'><a class=\"ez-toc-link ez-toc-heading-2\" href=\"https:\/\/kawasan.vn\/en\/product\/dui-den-cam-ung-anh-sang-co-hen-gio-ls01-time\/#UU_DIEM_NOI_BAT_DUI_DEN_CAM_UNG_ANH_SANG_LS01-TIME\" title=\"\u01afU \u0110I\u1ec2M N\u1ed4I B\u1eacT \u0110UI \u0110\u00c8N C\u1ea2M \u1ee8NG \u00c1NH S\u00c1NG LS01-TIME\">\u01afU \u0110I\u1ec2M N\u1ed4I B\u1eacT \u0110UI \u0110\u00c8N C\u1ea2M \u1ee8NG \u00c1NH S\u00c1NG LS01-TIME<\/a><\/li><li class='ez-toc-page-1 ez-toc-heading-level-2'><a class=\"ez-toc-link ez-toc-heading-3\" href=\"https:\/\/kawasan.vn\/en\/product\/dui-den-cam-ung-anh-sang-co-hen-gio-ls01-time\/#UNG_DUNG_DUI_DEN_CAM_UNG_CO_HEN_GIO_TS01-TIME\" title=\"\u1ee8NG D\u1ee4NG \u0110UI \u0110\u00c8N C\u1ea2M \u1ee8NG C\u00d3 H\u1eb8N GI\u1edc TS01-TIME\">\u1ee8NG D\u1ee4NG \u0110UI \u0110\u00c8N C\u1ea2M \u1ee8NG C\u00d3 H\u1eb8N GI\u1edc TS01-TIME<\/a><\/li><li class='ez-toc-page-1 ez-toc-heading-level-2'><a class=\"ez-toc-link ez-toc-heading-4\" href=\"https:\/\/kawasan.vn\/en\/product\/dui-den-cam-ung-anh-sang-co-hen-gio-ls01-time\/#DIA_CHI_MUA_DUI_DEN_CAM_BIEN_ANH_SANG_UY_TIN_%E2%80%93_CHAT_LUONG_NHAT_HIEN_NAY\" title=\"\u0110\u1ecaA CH\u1ec8 MUA \u0110UI \u0110\u00c8N C\u1ea2M BI\u1ebeN \u00c1NH S\u00c1NG UY T\u00cdN \u2013 CH\u1ea4T L\u01af\u1ee2NG NH\u1ea4T HI\u1ec6N NAY\">\u0110\u1ecaA CH\u1ec8 MUA \u0110UI \u0110\u00c8N C\u1ea2M BI\u1ebeN \u00c1NH S\u00c1NG UY T\u00cdN \u2013 CH\u1ea4T L\u01af\u1ee2NG NH\u1ea4T HI\u1ec6N NAY<\/a><\/li><\/ul><\/nav><\/div>\n\n<p style=\"font-weight: 400;\"><a href=\"https:\/\/kawasan.com.vn\/san-pham.html\/dui-den-cam-ung.html\">\u0110ui \u0111\u00e8n c\u1ea3m \u1ee9ng<\/a> LS01-TIME, d\u00f9ng c\u00f4ng ngh\u1ec7 c\u1ea3m bi\u1ebfn \u00e1nh s\u00e1ng hay c\u00f2n g\u1ecdi l\u00e0 c\u1ea3m bi\u1ebfn quang. T\u1ef1 \u0111\u1ed9ng m\u1edf \u0111\u00e8n khi tr\u1eddi t\u1ed1i v\u00e0 t\u1eaft \u0111\u00e8n khi tr\u1eddi s\u00e1ng. Thi\u1ebft k\u1ebf m\u1edbi, c\u00f3 th\u00eam t\u00ednh n\u0103ng h\u1eb9n gi\u1edd t\u1eaft, sau kho\u1ea3ng th\u1eddi gian \u0111\u00e3 c\u00e0i \u0111\u1eb7t 4h, 6h, 8h, 12h (c\u00f3 th\u1ec3 ch\u1ecdn t\u00f9y \u00fd).<\/p>\n<p style=\"font-weight: 400;\">\u0110\u1eb7c bi\u1ec7t ch\u1ee9c n\u0103ng h\u1eb9n gi\u1edd 2s, \u0111\u00e8n s\u00e1ng nh\u1ea5p nh\u00e1y ph\u00f9 h\u1ee3p d\u00f9ng cho \u0111\u00e8n b\u00e1o nguy hi\u1ec3m t\u1ea1i c\u00f4ng tr\u00ecnh, s\u00e2n ga, \u0111\u00e8n b\u00e1o ngu\u1ed3n c\u00e1c khu v\u1ef1c ch\u00fa \u00fd c\u00f3 nguy hi\u1ec3m\u2026<\/p>\n<figure id=\"attachment_15811\" aria-describedby=\"caption-attachment-15811\" style=\"width: 600px\" class=\"wp-caption aligncenter\"><img loading=\"lazy\" decoding=\"async\" class=\"wp-image-15811\" title=\"\u0110ui \u0111\u00e8n c\u1ea3m \u1ee9ng \u00e1nh s\u00e1ng c\u00f3 h\u1eb9n gi\u1edd LS01-TIME\" src=\"https:\/\/kawasan.vn\/wp-content\/uploads\/2023\/11\/dui-den-cam-ung-anh-sang-ls01-time.jpg\" alt=\"\u0110ui \u0111\u00e8n c\u1ea3m \u1ee9ng \u00e1nh s\u00e1ng c\u00f3 h\u1eb9n gi\u1edd LS01-TIME\" width=\"600\" height=\"600\" \/><figcaption id=\"caption-attachment-15811\" class=\"wp-caption-text\">\u0110ui \u0111\u00e8n c\u1ea3m \u1ee9ng \u00e1nh s\u00e1ng c\u00f3 h\u1eb9n gi\u1edd LS01-TIME<\/figcaption><\/figure>\n<h2><span class=\"ez-toc-section\" id=\"UU_DIEM_NOI_BAT_DUI_DEN_CAM_UNG_ANH_SANG_LS01-TIME\"><\/span><b>\u01afU \u0110I\u1ec2M N\u1ed4I B\u1eacT \u0110UI \u0110\u00c8N C\u1ea2M \u1ee8NG \u00c1NH S\u00c1NG LS01-TIME<\/b><span class=\"ez-toc-section-end\"><\/span><\/h2>\n<ul style=\"font-weight: 400;\">\n<li>Ch\u1ee9c n\u0103ng h\u1eb9n gi\u1edd t\u1eaft 4h, 6h, 8h, 12h v\u00f4 c\u00f9ng ti\u1ec7n l\u1ee3i. Kh\u00f4ng c\u1ea7n m\u1ea5t th\u1eddi gian, hay l\u00e0m phi\u1ec1n ng\u01b0\u1eddi kh\u00e1c t\u1eaft \u0111\u00e8n h\u1ed9. Tr\u00e1nh qu\u00ean t\u1eaft \u0111\u00e8n, l\u00e0m t\u1ed1n \u0111i\u1ec7n n\u0103ng v\u00e0 gi\u1ea3m tu\u1ed5i th\u1ecd c\u1ee7a \u0111\u00e8n sau th\u1eddi gian d\u00e0i s\u1eed d\u1ee5ng.<\/li>\n<li>C\u00e0i \u0111\u1eb7t ch\u1ebf \u0111\u1ed9 2s b\u1eb1ng n\u00fat MODE, m\u1eb7c \u0111\u1ecbnh d\u01b0\u1edbi 20 \u0111\u1ed9 Lux (19h t\u1ed1i). \u0110\u00e8n s\u1ebd s\u00e1ng ch\u1edbp nh\u00e1y li\u00ean t\u1ee5c, \u0111\u1ebfn khi tr\u1eddi s\u00e1ng h\u01a1n 20 Lux s\u1ebd t\u1eaft.<\/li>\n<li>C\u00f3 th\u1ec3 t\u1ef1 h\u1ecdc \u00e1nh s\u00e1ng m\u00f4i tr\u01b0\u1eddng xung quanh \u0111\u1ec3 nh\u1eadn bi\u1ebft m\u00f4i tr\u01b0\u1eddng s\u00e1ng (Lux) b\u1eb1ng c\u00e1ch nh\u1ea5n gi\u1eef n\u00fat SET 5 gi\u00e2y. Gi\u00fap \u0111\u00e8n t\u1ef1 \u0111\u1ed9ng b\u1eadt s\u00e1ng khi m\u00f4i tr\u01b0\u1eddng c\u00f3 \u0111\u1ed9 s\u00e1ng t\u01b0\u01a1ng \u0111\u01b0\u01a1ng v\u1edbi th\u1eddi \u0111i\u1ec3m cho h\u1ecdc \u00e1nh s\u00e1ng, theo \u0111\u00fang nhu c\u1ea7u mu\u1ed1n b\u1eadt \u0111\u00e8n c\u1ee7a ng\u01b0\u1eddi d\u00f9ng.<\/li>\n<li>Thi\u1ebft k\u1ebf \u0111ui \u0111\u00e8n d\u1ea1ng xo\u00e1y chu\u1ea9n E27 d\u1ec5 d\u00e0ng thay th\u1ebf v\u00e0 l\u1eafp \u0111\u1eb7t v\u00e0o c\u00e1c lo\u1ea1i\u00a0<a href=\"https:\/\/kawaled.com\/den-led-bulb\">\u0111\u00e8n<\/a> th\u00f4ng th\u01b0\u1eddng.<\/li>\n<\/ul>\n<figure id=\"attachment_15809\" aria-describedby=\"caption-attachment-15809\" style=\"width: 600px\" class=\"wp-caption aligncenter\"><img loading=\"lazy\" decoding=\"async\" class=\"wp-image-15809\" title=\"Thi\u1ebft k\u1ebf chu\u1ea9n \u0111ui \u0111\u00e8n E27 ph\u00f9 h\u1ee3p d\u00f9ng cho \u0111\u00e8n c\u00f4ng su\u1ea5t &lt;50w\" src=\"https:\/\/kawasan.vn\/wp-content\/uploads\/2023\/11\/dui-den-cam-ung-anh-sang-hen-gio-ts01-time7.jpg\" alt=\"Thi\u1ebft k\u1ebf chu\u1ea9n \u0111ui \u0111\u00e8n E27 ph\u00f9 h\u1ee3p d\u00f9ng cho \u0111\u00e8n c\u00f4ng su\u1ea5t &lt;50w\" width=\"600\" height=\"536\" \/><figcaption id=\"caption-attachment-15809\" class=\"wp-caption-text\">Thi\u1ebft k\u1ebf chu\u1ea9n \u0111ui \u0111\u00e8n E27 ph\u00f9 h\u1ee3p d\u00f9ng cho \u0111\u00e8n c\u00f4ng su\u1ea5t &lt;50w<\/figcaption><\/figure>\n<h2 style=\"font-weight: 400;\"><span class=\"ez-toc-section\" id=\"UNG_DUNG_DUI_DEN_CAM_UNG_CO_HEN_GIO_TS01-TIME\"><\/span><b>\u1ee8NG D\u1ee4NG \u0110UI \u0110\u00c8N C\u1ea2M \u1ee8NG C\u00d3 H\u1eb8N GI\u1edc TS01-TIME<\/b><span class=\"ez-toc-section-end\"><\/span><\/h2>\n<p style=\"font-weight: 400;\">\u0110ui \u0111\u00e8n t\u1ef1 s\u00e1ng khi tr\u1eddi t\u1ed1i LS01-TIME, th\u00edch h\u1ee3p l\u1eafp \u0111\u1eb7t cho c\u00e1c khu v\u1ef1c kh\u00e1c nhau. Tr\u00e1nh t\u00ecnh tr\u1ea1ng qu\u00ean t\u1eaft, \u0111\u1ec3 \u0111\u00e8n s\u00e1ng su\u1ed1t \u0111\u00eam. G\u00e2y l\u00e3ng ph\u00ed \u0111i\u1ec7n v\u00e0 gi\u1ea3m tu\u1ed5i th\u1ecd c\u1ee7a \u0111\u00e8n.<\/p>\n<ul style=\"font-weight: 400;\">\n<li>L\u1eafp cho \u0111\u00e8n h\u00e0nh lang, c\u1ed5ng ng\u00f5, s\u00e2n v\u01b0\u1eddn\u2026<\/li>\n<li>L\u1eafp chi\u1ebfu s\u00e1ng cho \u0111\u00e8n tr\u01b0\u1edbc c\u1eeda h\u00e0ng, nh\u00e0 kho, ph\u00f2ng b\u1ea3o v\u1ec7\u2026<\/li>\n<li>D\u00f9ng cho \u0111\u00e8n b\u00e1o hi\u1ec7u c\u00f4ng tr\u00ecnh, \u0111\u00e8n t\u00edn hi\u1ec7u b\u00e1o ngu\u1ed3n\u2026<\/li>\n<\/ul>\n<figure id=\"attachment_15808\" aria-describedby=\"caption-attachment-15808\" style=\"width: 600px\" class=\"wp-caption aligncenter\"><img loading=\"lazy\" decoding=\"async\" class=\"wp-image-15808\" title=\"\u0110ui \u0111\u00e8n c\u1ea3m \u1ee9ng \u00e1nh s\u00e1ng ph\u00f9 h\u1ee3p l\u1eafp cho \u0111\u00e8n h\u00e0nh lang, c\u1ed5ng ng\u00f5, s\u00e2n v\u01b0\u1eddn....\" src=\"https:\/\/kawasan.vn\/wp-content\/uploads\/2023\/11\/dui-den-cam-ung-anh-sang-hen-gio-ts01-time5.jpg\" alt=\"\u0110ui \u0111\u00e8n c\u1ea3m \u1ee9ng \u00e1nh s\u00e1ng ph\u00f9 h\u1ee3p l\u1eafp cho \u0111\u00e8n h\u00e0nh lang, c\u1ed5ng ng\u00f5, s\u00e2n v\u01b0\u1eddn....\" width=\"600\" height=\"509\" \/><figcaption id=\"caption-attachment-15808\" class=\"wp-caption-text\">\u0110ui \u0111\u00e8n c\u1ea3m \u1ee9ng \u00e1nh s\u00e1ng ph\u00f9 h\u1ee3p l\u1eafp cho \u0111\u00e8n h\u00e0nh lang, c\u1ed5ng ng\u00f5, s\u00e2n v\u01b0\u1eddn&#8230;.<\/figcaption><\/figure>\n<h2><span class=\"ez-toc-section\" id=\"DIA_CHI_MUA_DUI_DEN_CAM_BIEN_ANH_SANG_UY_TIN_%E2%80%93_CHAT_LUONG_NHAT_HIEN_NAY\"><\/span><b>\u0110\u1ecaA CH\u1ec8 MUA \u0110UI \u0110\u00c8N C\u1ea2M BI\u1ebeN \u00c1NH S\u00c1NG UY T\u00cdN \u2013 CH\u1ea4T L\u01af\u1ee2NG NH\u1ea4T HI\u1ec6N NAY<\/b><span class=\"ez-toc-section-end\"><\/span><\/h2>\n<ul style=\"font-weight: 400;\">\n<li>\u0110ui \u0111\u00e8n c\u1ea3m bi\u1ebfn \u00e1nh s\u00e1ng Kawasan c\u00f3 m\u1eb7t\u00a0tr\u00ean th\u1ecb tr\u01b0\u1eddng Vi\u1ec7t Nam t\u1eeb 2008 \u0111\u1ebfn nay. C\u00e1c s\u1ea3n ph\u1ea9m \u0111\u01b0\u1ee3c \u0111\u1ea7u t\u01b0 nghi\u00ean c\u1ee9u, c\u1ea3i ti\u1ebfn ch\u1ea5t l\u01b0\u1ee3ng li\u00ean t\u1ee5c. \u0110\u1ec3 \u0111\u00e1p \u1ee9ng \u0111\u01b0\u1ee3c \u0111i\u1ec1u ki\u1ec7n m\u00f4i tr\u01b0\u1eddng v\u00e0 th\u00f3i quen s\u1eed d\u1ee5ng c\u1ee7a ng\u01b0\u1eddi d\u00f9ng Vi\u1ec7t Nam.<\/li>\n<li>Ch\u1ea5t l\u01b0\u1ee3ng \u0111ui \u0111\u00e8n c\u1ea3m \u1ee9ng c\u1ee7a Kawasan \u0111\u1ee9ng \u0111\u1ea7u th\u1ecb tr\u01b0\u1eddng v\u1ec1 \u0111\u1ed9 b\u1ec1n, \u0111\u1ed9 nh\u1ea1y cao. Ho\u1ea1t \u0111\u1ed9ng theo \u0111i\u1ec1u ki\u1ec7n m\u00f4i tr\u01b0\u1eddng \u00e1nh s\u00e1ng th\u1ef1c, gi\u00fap ch\u1ee7 \u0111\u1ed9ng v\u00e0 ti\u1ec7n l\u1ee3i h\u01a1n l\u00fac tr\u1eddi v\u1eeba t\u1ed1i.<\/li>\n<li>Compact, beautiful design increases the aesthetics of the installation space.<\/li>\n<li>\u0110\u1ed9 b\u1ec1n cao &gt; 5 n\u0103m v\u00e0 b\u1ea3o h\u00e0nh ch\u00ednh h\u00e3ng Kawasan 2 n\u0103m<\/li>\n<\/ul>","protected":false},"excerpt":{"rendered":"<p>M\u00e3 s\u1ea3n ph\u1ea9m: LS01-TIMET\u00ecnh tr\u1ea1ng:C\u00f2n h\u00e0ng<\/p>","protected":false},"featured_media":15810,"comment_status":"open","ping_status":"closed","template":"","meta":{"_yoast_wpseo_focuskw":"\u0110ui \u0110\u00e8n C\u1ea3m \u1ee8ng \u00c1nh S\u00e1ng","_yoast_wpseo_metadesc":"\u0110ui \u0111\u00e8n c\u1ea3m \u1ee9ng \u00e1nh s\u00e1ng LS01-TIME t\u1ef1 \u0111\u1ed9ng m\u1edf \u0111\u00e8n khi tr\u1eddi t\u1ed1i v\u00e0 t\u1eaft \u0111\u00e8n khi tr\u1eddi s\u00e1ng. C\u00f3 th\u1ec3 h\u1eb9n gi\u1edd t\u1eaft sau 4h, 6h, 8h, 12h tu\u1ef3 ch\u1ec9nh","_yoast_wpseo_focuskeywords":"","_yoast_wpseo_keyword_synonyms":""},"product_cat":[2691,65],"product_tag":[1173,1193,1185,1170,597,1182,1176,1168,1188,1186,557,1172,583,1171,1192,1179,1184,1191,1194,556,1166,1163,1195,1174,1183,1180,1178,1187,531,530,1175,592,529,1177,596,1165,1164,1169,1167,1162,1181,1189,621,1190],"class_list":["post-6214","product","type-product","status-publish","has-post-thumbnail","hentry","product_cat-dui-den-cam-bien-anh-sang","product_cat-dui-den-cam-ung","product_tag-bong-den-cam-bien","product_tag-bong-den-cam-bien-anh-sang","product_tag-bong-den-cam-bien-chuyen-dong","product_tag-bong-den-cam-bien-nguoi","product_tag-cam-bien-anh-sang-co-hen-gio","product_tag-cam-bien-bat-tat-den-khi-co-nguoi","product_tag-cam-bien-cau-thang","product_tag-cam-bien-den","product_tag-cam-bien-den-cau-thang","product_tag-chuoi-den-cam-ung","product_tag-den-cam-bien","product_tag-den-cam-bien-anh-sang","product_tag-den-cam-bien-cau-thang","product_tag-den-cam-bien-chuyen-dong","product_tag-den-cam-bien-hong-ngoai","product_tag-den-cam-bien-nang-luong-mat-troi","product_tag-den-cam-bien-thong-minh","product_tag-den-cam-bien-tu-dong","product_tag-den-cam-bien-tu-sang","product_tag-den-cam-ung","product_tag-den-cam-ung-hong-ngoai","product_tag-den-cam-ung-kawasan","product_tag-den-cau-thang-cam-bien","product_tag-den-led-cam-bien","product_tag-den-led-cam-bien-chuyen-dong","product_tag-den-nang-luong-mat-troi-cam-bien","product_tag-den-ngu-cam-bien","product_tag-den-ngu-cam-bien-anh-sang","product_tag-dui-den-cam-bien","product_tag-dui-den-cam-bien-anh-sang","product_tag-dui-den-cam-bien-chuyen-dong","product_tag-dui-den-cam-ung","product_tag-dui-den-cam-ung-anh-sang","product_tag-dui-den-cam-ung-chuyen-dong","product_tag-dui-den-cam-ung-hong-ngoai","product_tag-dui-den-cam-ung-hong-ngoai-kawasan","product_tag-dui-den-cam-ung-kawasan","product_tag-dui-den-cam-ung-loai-nao-tot","product_tag-dui-den-cam-ung-rang-dong","product_tag-dui-den-tu-sang-khi-co-nguoi","product_tag-gia-den-cam-bien-thong-minh","product_tag-gia-dui-den-cam-ung","product_tag-kawasan","product_tag-led-cam-bien-cau-thang"],"acf":[],"yoast_head":"<!-- This site is optimized with the Yoast SEO Premium plugin v24.9 (Yoast SEO v24.9) - https:\/\/yoast.com\/wordpress\/plugins\/seo\/ -->\n<title>\u0110ui \u0110\u00e8n C\u1ea3m \u1ee8ng \u00c1nh S\u00e1ng C\u00f3 H\u1eb9n Gi\u1edd LS01-TIME - Kawasan<\/title>\n<meta name=\"description\" content=\"\u0110ui \u0111\u00e8n c\u1ea3m \u1ee9ng \u00e1nh s\u00e1ng LS01-TIME t\u1ef1 \u0111\u1ed9ng m\u1edf \u0111\u00e8n khi tr\u1eddi t\u1ed1i v\u00e0 t\u1eaft \u0111\u00e8n khi tr\u1eddi s\u00e1ng. C\u00f3 th\u1ec3 h\u1eb9n gi\u1edd t\u1eaft sau 4h, 6h, 8h, 12h tu\u1ef3 ch\u1ec9nh\" \/>\n<meta name=\"robots\" content=\"index, follow, max-snippet:-1, max-image-preview:large, max-video-preview:-1\" \/>\n<link rel=\"canonical\" href=\"https:\/\/kawasan.vn\/en\/product\/dui-den-cam-ung-anh-sang-co-hen-gio-ls01-time\/\" \/>\n<meta property=\"og:locale\" content=\"en_US\" \/>\n<meta property=\"og:type\" content=\"article\" \/>\n<meta property=\"og:title\" content=\"\u0110ui \u0110\u00e8n C\u1ea3m \u1ee8ng \u00c1nh S\u00e1ng C\u00f3 H\u1eb9n Gi\u1edd LS01-TIME\" \/>\n<meta property=\"og:description\" content=\"\u0110ui \u0111\u00e8n c\u1ea3m \u1ee9ng \u00e1nh s\u00e1ng LS01-TIME t\u1ef1 \u0111\u1ed9ng m\u1edf \u0111\u00e8n khi tr\u1eddi t\u1ed1i v\u00e0 t\u1eaft \u0111\u00e8n khi tr\u1eddi s\u00e1ng. C\u00f3 th\u1ec3 h\u1eb9n gi\u1edd t\u1eaft sau 4h, 6h, 8h, 12h tu\u1ef3 ch\u1ec9nh\" \/>\n<meta property=\"og:url\" content=\"https:\/\/kawasan.vn\/en\/product\/dui-den-cam-ung-anh-sang-co-hen-gio-ls01-time\/\" \/>\n<meta property=\"og:site_name\" content=\"Kawasan\" \/>\n<meta property=\"article:modified_time\" content=\"2026-04-16T08:15:34+00:00\" \/>\n<meta property=\"og:image\" content=\"https:\/\/kawasan.vn\/wp-content\/uploads\/2023\/11\/dui-den-cam-ung-anh-sang-hen-gio-ts01-time.jpg\" \/>\n\t<meta property=\"og:image:width\" content=\"600\" \/>\n\t<meta property=\"og:image:height\" content=\"600\" \/>\n\t<meta property=\"og:image:type\" content=\"image\/jpeg\" \/>\n<meta name=\"twitter:card\" content=\"summary_large_image\" \/>\n<meta name=\"twitter:label1\" content=\"Est. reading time\" \/>\n\t<meta name=\"twitter:data1\" content=\"4 minutes\" \/>\n<script type=\"application\/ld+json\" class=\"yoast-schema-graph\">{\"@context\":\"https:\/\/schema.org\",\"@graph\":[{\"@type\":\"WebPage\",\"@id\":\"https:\/\/kawasan.vn\/san-pham\/dui-den-cam-ung-anh-sang-co-hen-gio-ls01-time\/\",\"url\":\"https:\/\/kawasan.vn\/san-pham\/dui-den-cam-ung-anh-sang-co-hen-gio-ls01-time\/\",\"name\":\"\u0110ui \u0110\u00e8n C\u1ea3m \u1ee8ng \u00c1nh S\u00e1ng C\u00f3 H\u1eb9n Gi\u1edd LS01-TIME - Kawasan\",\"isPartOf\":{\"@id\":\"https:\/\/kawasan.vn\/#website\"},\"primaryImageOfPage\":{\"@id\":\"https:\/\/kawasan.vn\/san-pham\/dui-den-cam-ung-anh-sang-co-hen-gio-ls01-time\/#primaryimage\"},\"image\":{\"@id\":\"https:\/\/kawasan.vn\/san-pham\/dui-den-cam-ung-anh-sang-co-hen-gio-ls01-time\/#primaryimage\"},\"thumbnailUrl\":\"https:\/\/kawasan.vn\/wp-content\/uploads\/2023\/11\/dui-den-cam-ung-anh-sang-hen-gio-ts01-time.jpg\",\"datePublished\":\"2023-11-01T04:23:39+00:00\",\"dateModified\":\"2026-04-16T08:15:34+00:00\",\"description\":\"\u0110ui \u0111\u00e8n c\u1ea3m \u1ee9ng \u00e1nh s\u00e1ng LS01-TIME t\u1ef1 \u0111\u1ed9ng m\u1edf \u0111\u00e8n khi tr\u1eddi t\u1ed1i v\u00e0 t\u1eaft \u0111\u00e8n khi tr\u1eddi s\u00e1ng. C\u00f3 th\u1ec3 h\u1eb9n gi\u1edd t\u1eaft sau 4h, 6h, 8h, 12h tu\u1ef3 ch\u1ec9nh\",\"breadcrumb\":{\"@id\":\"https:\/\/kawasan.vn\/san-pham\/dui-den-cam-ung-anh-sang-co-hen-gio-ls01-time\/#breadcrumb\"},\"inLanguage\":\"en-US\",\"potentialAction\":[{\"@type\":\"ReadAction\",\"target\":[\"https:\/\/kawasan.vn\/san-pham\/dui-den-cam-ung-anh-sang-co-hen-gio-ls01-time\/\"]}]},{\"@type\":\"ImageObject\",\"inLanguage\":\"en-US\",\"@id\":\"https:\/\/kawasan.vn\/san-pham\/dui-den-cam-ung-anh-sang-co-hen-gio-ls01-time\/#primaryimage\",\"url\":\"https:\/\/kawasan.vn\/wp-content\/uploads\/2023\/11\/dui-den-cam-ung-anh-sang-hen-gio-ts01-time.jpg\",\"contentUrl\":\"https:\/\/kawasan.vn\/wp-content\/uploads\/2023\/11\/dui-den-cam-ung-anh-sang-hen-gio-ts01-time.jpg\",\"width\":600,\"height\":600,\"caption\":\"C\u00f4ng T\u1eafc C\u1ea3m Bi\u1ebfn \u00c1nh S\u00e1ng H\u1eb9n Gi\u1edd TS01-TIME\"},{\"@type\":\"BreadcrumbList\",\"@id\":\"https:\/\/kawasan.vn\/san-pham\/dui-den-cam-ung-anh-sang-co-hen-gio-ls01-time\/#breadcrumb\",\"itemListElement\":[{\"@type\":\"ListItem\",\"position\":1,\"name\":\"Trang ch\u1ee7\",\"item\":\"https:\/\/kawasan.vn\/\"},{\"@type\":\"ListItem\",\"position\":2,\"name\":\"S\u1ea3n ph\u1ea9m\",\"item\":\"https:\/\/kawasan.vn\/san-pham\/\"},{\"@type\":\"ListItem\",\"position\":3,\"name\":\"\u0110ui \u0110\u00e8n C\u1ea3m \u1ee8ng \u00c1nh S\u00e1ng C\u00f3 H\u1eb9n Gi\u1edd LS01-TIME\"}]},{\"@type\":\"WebSite\",\"@id\":\"https:\/\/kawasan.vn\/#website\",\"url\":\"https:\/\/kawasan.vn\/\",\"name\":\"Kawasan\",\"description\":\"\",\"potentialAction\":[{\"@type\":\"SearchAction\",\"target\":{\"@type\":\"EntryPoint\",\"urlTemplate\":\"https:\/\/kawasan.vn\/?s={search_term_string}\"},\"query-input\":{\"@type\":\"PropertyValueSpecification\",\"valueRequired\":true,\"valueName\":\"search_term_string\"}}],\"inLanguage\":\"en-US\"}]}<\/script>\n<!-- \/ Yoast SEO Premium plugin. -->","yoast_head_json":{"title":"\u0110ui \u0110\u00e8n C\u1ea3m \u1ee8ng \u00c1nh S\u00e1ng C\u00f3 H\u1eb9n Gi\u1edd LS01-TIME - Kawasan","description":"\u0110ui \u0111\u00e8n c\u1ea3m \u1ee9ng \u00e1nh s\u00e1ng LS01-TIME t\u1ef1 \u0111\u1ed9ng m\u1edf \u0111\u00e8n khi tr\u1eddi t\u1ed1i v\u00e0 t\u1eaft \u0111\u00e8n khi tr\u1eddi s\u00e1ng. C\u00f3 th\u1ec3 h\u1eb9n gi\u1edd t\u1eaft sau 4h, 6h, 8h, 12h tu\u1ef3 ch\u1ec9nh","robots":{"index":"index","follow":"follow","max-snippet":"max-snippet:-1","max-image-preview":"max-image-preview:large","max-video-preview":"max-video-preview:-1"},"canonical":"https:\/\/kawasan.vn\/en\/product\/dui-den-cam-ung-anh-sang-co-hen-gio-ls01-time\/","og_locale":"en_US","og_type":"article","og_title":"\u0110ui \u0110\u00e8n C\u1ea3m \u1ee8ng \u00c1nh S\u00e1ng C\u00f3 H\u1eb9n Gi\u1edd LS01-TIME","og_description":"\u0110ui \u0111\u00e8n c\u1ea3m \u1ee9ng \u00e1nh s\u00e1ng LS01-TIME t\u1ef1 \u0111\u1ed9ng m\u1edf \u0111\u00e8n khi tr\u1eddi t\u1ed1i v\u00e0 t\u1eaft \u0111\u00e8n khi tr\u1eddi s\u00e1ng. C\u00f3 th\u1ec3 h\u1eb9n gi\u1edd t\u1eaft sau 4h, 6h, 8h, 12h tu\u1ef3 ch\u1ec9nh","og_url":"https:\/\/kawasan.vn\/en\/product\/dui-den-cam-ung-anh-sang-co-hen-gio-ls01-time\/","og_site_name":"Kawasan","article_modified_time":"2026-04-16T08:15:34+00:00","og_image":[{"width":600,"height":600,"url":"https:\/\/kawasan.vn\/wp-content\/uploads\/2023\/11\/dui-den-cam-ung-anh-sang-hen-gio-ts01-time.jpg","type":"image\/jpeg"}],"twitter_card":"summary_large_image","twitter_misc":{"Est. reading time":"4 minutes"},"schema":{"@context":"https:\/\/schema.org","@graph":[{"@type":"WebPage","@id":"https:\/\/kawasan.vn\/san-pham\/dui-den-cam-ung-anh-sang-co-hen-gio-ls01-time\/","url":"https:\/\/kawasan.vn\/san-pham\/dui-den-cam-ung-anh-sang-co-hen-gio-ls01-time\/","name":"\u0110ui \u0110\u00e8n C\u1ea3m \u1ee8ng \u00c1nh S\u00e1ng C\u00f3 H\u1eb9n Gi\u1edd LS01-TIME - Kawasan","isPartOf":{"@id":"https:\/\/kawasan.vn\/#website"},"primaryImageOfPage":{"@id":"https:\/\/kawasan.vn\/san-pham\/dui-den-cam-ung-anh-sang-co-hen-gio-ls01-time\/#primaryimage"},"image":{"@id":"https:\/\/kawasan.vn\/san-pham\/dui-den-cam-ung-anh-sang-co-hen-gio-ls01-time\/#primaryimage"},"thumbnailUrl":"https:\/\/kawasan.vn\/wp-content\/uploads\/2023\/11\/dui-den-cam-ung-anh-sang-hen-gio-ts01-time.jpg","datePublished":"2023-11-01T04:23:39+00:00","dateModified":"2026-04-16T08:15:34+00:00","description":"\u0110ui \u0111\u00e8n c\u1ea3m \u1ee9ng \u00e1nh s\u00e1ng LS01-TIME t\u1ef1 \u0111\u1ed9ng m\u1edf \u0111\u00e8n khi tr\u1eddi t\u1ed1i v\u00e0 t\u1eaft \u0111\u00e8n khi tr\u1eddi s\u00e1ng. C\u00f3 th\u1ec3 h\u1eb9n gi\u1edd t\u1eaft sau 4h, 6h, 8h, 12h tu\u1ef3 ch\u1ec9nh","breadcrumb":{"@id":"https:\/\/kawasan.vn\/san-pham\/dui-den-cam-ung-anh-sang-co-hen-gio-ls01-time\/#breadcrumb"},"inLanguage":"en-US","potentialAction":[{"@type":"ReadAction","target":["https:\/\/kawasan.vn\/san-pham\/dui-den-cam-ung-anh-sang-co-hen-gio-ls01-time\/"]}]},{"@type":"ImageObject","inLanguage":"en-US","@id":"https:\/\/kawasan.vn\/san-pham\/dui-den-cam-ung-anh-sang-co-hen-gio-ls01-time\/#primaryimage","url":"https:\/\/kawasan.vn\/wp-content\/uploads\/2023\/11\/dui-den-cam-ung-anh-sang-hen-gio-ts01-time.jpg","contentUrl":"https:\/\/kawasan.vn\/wp-content\/uploads\/2023\/11\/dui-den-cam-ung-anh-sang-hen-gio-ts01-time.jpg","width":600,"height":600,"caption":"C\u00f4ng T\u1eafc C\u1ea3m Bi\u1ebfn \u00c1nh S\u00e1ng H\u1eb9n Gi\u1edd TS01-TIME"},{"@type":"BreadcrumbList","@id":"https:\/\/kawasan.vn\/san-pham\/dui-den-cam-ung-anh-sang-co-hen-gio-ls01-time\/#breadcrumb","itemListElement":[{"@type":"ListItem","position":1,"name":"Trang ch\u1ee7","item":"https:\/\/kawasan.vn\/"},{"@type":"ListItem","position":2,"name":"S\u1ea3n ph\u1ea9m","item":"https:\/\/kawasan.vn\/san-pham\/"},{"@type":"ListItem","position":3,"name":"\u0110ui \u0110\u00e8n C\u1ea3m \u1ee8ng \u00c1nh S\u00e1ng C\u00f3 H\u1eb9n Gi\u1edd LS01-TIME"}]},{"@type":"WebSite","@id":"https:\/\/kawasan.vn\/#website","url":"https:\/\/kawasan.vn\/","name":"Kawasan","description":"","potentialAction":[{"@type":"SearchAction","target":{"@type":"EntryPoint","urlTemplate":"https:\/\/kawasan.vn\/?s={search_term_string}"},"query-input":{"@type":"PropertyValueSpecification","valueRequired":true,"valueName":"search_term_string"}}],"inLanguage":"en-US"}]}},"_links":{"self":[{"href":"https:\/\/kawasan.vn\/en\/wp-json\/wp\/v2\/product\/6214","targetHints":{"allow":["GET"]}}],"collection":[{"href":"https:\/\/kawasan.vn\/en\/wp-json\/wp\/v2\/product"}],"about":[{"href":"https:\/\/kawasan.vn\/en\/wp-json\/wp\/v2\/types\/product"}],"replies":[{"embeddable":true,"href":"https:\/\/kawasan.vn\/en\/wp-json\/wp\/v2\/comments?post=6214"}],"version-history":[{"count":1,"href":"https:\/\/kawasan.vn\/en\/wp-json\/wp\/v2\/product\/6214\/revisions"}],"predecessor-version":[{"id":18702,"href":"https:\/\/kawasan.vn\/en\/wp-json\/wp\/v2\/product\/6214\/revisions\/18702"}],"wp:featuredmedia":[{"embeddable":true,"href":"https:\/\/kawasan.vn\/en\/wp-json\/wp\/v2\/media\/15810"}],"wp:attachment":[{"href":"https:\/\/kawasan.vn\/en\/wp-json\/wp\/v2\/media?parent=6214"}],"wp:term":[{"taxonomy":"product_cat","embeddable":true,"href":"https:\/\/kawasan.vn\/en\/wp-json\/wp\/v2\/product_cat?post=6214"},{"taxonomy":"product_tag","embeddable":true,"href":"https:\/\/kawasan.vn\/en\/wp-json\/wp\/v2\/product_tag?post=6214"}],"curies":[{"name":"wp","href":"https:\/\/api.w.org\/{rel}","templated":true}]}}