{"id":31016,"date":"2026-04-24T16:29:40","date_gmt":"2026-04-24T09:29:40","guid":{"rendered":"https:\/\/kawasan.vn\/?post_type=product&#038;p=31016"},"modified":"2026-04-24T16:59:27","modified_gmt":"2026-04-24T09:59:27","slug":"dui-den-cam-ung-hong-ngoai-ss682a","status":"publish","type":"product","link":"https:\/\/kawasan.vn\/en\/product\/dui-den-cam-ung-hong-ngoai-ss682a\/","title":{"rendered":"\u0110ui \u0110\u00e8n C\u1ea3m \u1ee8ng H\u1ed3ng Ngo\u1ea1i SS682A"},"content":{"rendered":"<section class=\"text-token-text-primary w-full focus:outline-none [--shadow-height:45px] has-data-writing-block:pointer-events-none has-data-writing-block:-mt-(--shadow-height) has-data-writing-block:pt-(--shadow-height) [&amp;:has([data-writing-block])&gt;*]:pointer-events-auto [content-visibility:auto] supports-[content-visibility:auto]:[contain-intrinsic-size:auto_100lvh] R6Vx5W_threadScrollVars scroll-mb-[calc(var(--scroll-root-safe-area-inset-bottom,0px)+var(--thread-response-height))] scroll-mt-[calc(var(--header-height)+min(200px,max(70px,20svh)))]\" dir=\"auto\" data-turn-id=\"request-WEB:068731ed-05c2-432c-b362-86d8f9a043e7-31\" data-testid=\"conversation-turn-2\" data-scroll-anchor=\"false\" data-turn=\"assistant\">\n<div class=\"text-base my-auto mx-auto pb-10 [--thread-content-margin:var(--thread-content-margin-xs,calc(var(--spacing)*4))] @w-sm\/main:[--thread-content-margin:var(--thread-content-margin-sm,calc(var(--spacing)*6))] @w-lg\/main:[--thread-content-margin:var(--thread-content-margin-lg,calc(var(--spacing)*16))] px-(--thread-content-margin)\">\n<div class=\"[--thread-content-max-width:40rem] @w-lg\/main:[--thread-content-max-width:48rem] mx-auto max-w-(--thread-content-max-width) flex-1 group\/turn-messages focus-visible:outline-hidden relative flex w-full min-w-0 flex-col agent-turn\">\n<div class=\"flex max-w-full flex-col gap-4 grow\">\n<div class=\"min-h-8 text-message relative flex w-full flex-col items-end gap-2 text-start break-words whitespace-normal outline-none keyboard-focused:focus-ring [.text-message+&amp;]:mt-1\" dir=\"auto\" tabindex=\"0\" data-message-author-role=\"assistant\" data-message-id=\"23caa282-7e1a-4b91-9263-9242de78120d\" data-message-model-slug=\"gpt-5-5-thinking\" data-turn-start-message=\"true\">\n<div class=\"flex w-full flex-col gap-1 empty:hidden\">\n<div class=\"markdown prose dark:prose-invert w-full wrap-break-word light markdown-new-styling\">\n<p data-start=\"39\" data-end=\"205\">SS682A l\u00e0 \u0111ui \u0111\u00e8n c\u1ea3m \u1ee9ng h\u1ed3ng ngo\u1ea1i l\u1eafp n\u1ed5i t\u01b0\u1eddng, ph\u00f9 h\u1ee3p d\u00f9ng cho c\u00e1c khu v\u1ef1c c\u1ea7n b\u1eadt\/t\u1eaft \u0111\u00e8n t\u1ef1 \u0111\u1ed9ng khi c\u00f3 ng\u01b0\u1eddi di chuy\u1ec3n nh\u01b0 WC, h\u00e0nh lang, l\u1ed1i \u0111i h\u1eb9p d\u01b0\u1edbi 3m.<\/p>\n<p data-start=\"207\" data-end=\"230\"><strong data-start=\"207\" data-end=\"230\">Th\u00f4ng tin s\u1ea3n ph\u1ea9m:<\/strong><\/p>\n<p data-start=\"232\" data-end=\"619\">T\u00ean s\u1ea3n ph\u1ea9m: \u0110ui \u0111\u00e8n c\u1ea3m \u1ee9ng h\u1ed3ng ngo\u1ea1i SS682A<br data-start=\"279\" data-end=\"282\" \/>Ki\u1ec3u l\u1eafp \u0111\u1eb7t: L\u1eafp n\u1ed5i t\u01b0\u1eddng<br data-start=\"309\" data-end=\"312\" \/>C\u00f4ng su\u1ea5t t\u1ea3i t\u1ed1i \u0111a: Max 60W<br data-start=\"341\" data-end=\"344\" \/>Th\u1eddi gian tr\u1ec5: 5 \u2013 300 gi\u00e2y<br data-start=\"371\" data-end=\"374\" \/>Kho\u1ea3ng c\u00e1ch c\u1ea3m \u1ee9ng: 2 \u2013 3m<br data-start=\"401\" data-end=\"404\" \/>G\u00f3c qu\u00e9t c\u1ea3m \u1ee9ng: 110\u00b0 x 190\u00b0<br data-start=\"433\" data-end=\"436\" \/>Kho\u1ea3ng c\u00e1ch c\u1ea3m \u1ee9ng theo nhi\u1ec7t \u0111\u1ed9: 4 \u2013 6m khi nhi\u1ec7t \u0111\u1ed9 d\u01b0\u1edbi 30\u00b0C, 2 \u2013 4m khi nhi\u1ec7t \u0111\u1ed9 tr\u00ean 30\u00b0C<br data-start=\"531\" data-end=\"534\" \/>K\u00edch th\u01b0\u1edbc: 8 x 8 x 4cm<br data-start=\"557\" data-end=\"560\" \/>V\u1ecb tr\u00ed s\u1eed d\u1ee5ng ph\u00f9 h\u1ee3p: WC, h\u00e0nh lang, l\u1ed1i \u0111i h\u1eb9p d\u01b0\u1edbi 3m<\/p>\n<p data-start=\"621\" data-end=\"769\" data-is-last-node=\"\" data-is-only-node=\"\"><strong data-start=\"621\" data-end=\"631\">L\u01b0u \u00fd:<\/strong> C\u1ea3m bi\u1ebfn h\u1ed3ng ngo\u1ea1i kh\u00f4ng c\u1ea3m \u1ee9ng xuy\u00ean qua v\u00e1ch k\u00ednh, v\u00e1ch nh\u1ef1a. Khi nhi\u1ec7t \u0111\u1ed9 m\u00f4i tr\u01b0\u1eddng c\u00e0ng cao, kho\u1ea3ng c\u00e1ch c\u1ea3m \u1ee9ng c\u00f3 th\u1ec3 c\u00e0ng ng\u1eafn.<\/p>\n<\/div>\n<\/div>\n<\/div>\n<\/div>\n<div class=\"z-0 flex min-h-[46px] justify-start\"><\/div>\n<div class=\"mt-3 w-full empty:hidden\">\n<div class=\"text-center\"><\/div>\n<\/div>\n<\/div>\n<\/div>\n<\/section>\n<div class=\"pointer-events-none -mt-px h-px translate-y-[calc(var(--scroll-root-safe-area-inset-bottom)-14*var(--spacing))]\" aria-hidden=\"true\"><\/div>","protected":false},"excerpt":{"rendered":"<p>SS682A l\u00e0 \u0111ui \u0111\u00e8n c\u1ea3m \u1ee9ng h\u1ed3ng ngo\u1ea1i l\u1eafp n\u1ed5i t\u01b0\u1eddng, ph\u00f9 h\u1ee3p d\u00f9ng cho c\u00e1c khu v\u1ef1c c\u1ea7n b\u1eadt\/t\u1eaft \u0111\u00e8n t\u1ef1 \u0111\u1ed9ng khi c\u00f3 ng\u01b0\u1eddi di chuy\u1ec3n nh\u01b0 WC, h\u00e0nh lang, l\u1ed1i \u0111i h\u1eb9p d\u01b0\u1edbi 3m. Th\u00f4ng tin s\u1ea3n ph\u1ea9m: T\u00ean s\u1ea3n ph\u1ea9m: \u0110ui \u0111\u00e8n c\u1ea3m \u1ee9ng h\u1ed3ng ngo\u1ea1i SS682AKi\u1ec3u l\u1eafp \u0111\u1eb7t: L\u1eafp n\u1ed5i [&hellip;]<\/p>","protected":false},"featured_media":31017,"comment_status":"open","ping_status":"closed","template":"","meta":{"_yoast_wpseo_focuskw":"","_yoast_wpseo_metadesc":"","_yoast_wpseo_focuskeywords":"","_yoast_wpseo_keyword_synonyms":""},"product_cat":[2692,65],"product_tag":[],"class_list":["post-31016","product","type-product","status-publish","has-post-thumbnail","hentry","product_cat-dui-den-cam-bien-hong-ngoai","product_cat-dui-den-cam-ung"],"acf":[],"yoast_head":"<!-- This site is optimized with the Yoast SEO Premium plugin v24.9 (Yoast SEO v24.9) - https:\/\/yoast.com\/wordpress\/plugins\/seo\/ -->\n<title>\u0110ui \u0110\u00e8n C\u1ea3m \u1ee8ng H\u1ed3ng Ngo\u1ea1i SS682A - Kawasan<\/title>\n<meta name=\"robots\" content=\"index, follow, max-snippet:-1, max-image-preview:large, max-video-preview:-1\" \/>\n<link rel=\"canonical\" href=\"https:\/\/kawasan.vn\/en\/product\/dui-den-cam-ung-hong-ngoai-ss682a\/\" \/>\n<meta property=\"og:locale\" content=\"en_US\" \/>\n<meta property=\"og:type\" content=\"article\" \/>\n<meta property=\"og:title\" content=\"\u0110ui \u0110\u00e8n C\u1ea3m \u1ee8ng H\u1ed3ng Ngo\u1ea1i SS682A\" \/>\n<meta property=\"og:description\" content=\"SS682A l\u00e0 \u0111ui \u0111\u00e8n c\u1ea3m \u1ee9ng h\u1ed3ng ngo\u1ea1i l\u1eafp n\u1ed5i t\u01b0\u1eddng, ph\u00f9 h\u1ee3p d\u00f9ng cho c\u00e1c khu v\u1ef1c c\u1ea7n b\u1eadt\/t\u1eaft \u0111\u00e8n t\u1ef1 \u0111\u1ed9ng khi c\u00f3 ng\u01b0\u1eddi di chuy\u1ec3n nh\u01b0 WC, h\u00e0nh lang, l\u1ed1i \u0111i h\u1eb9p d\u01b0\u1edbi 3m. Th\u00f4ng tin s\u1ea3n ph\u1ea9m: T\u00ean s\u1ea3n ph\u1ea9m: \u0110ui \u0111\u00e8n c\u1ea3m \u1ee9ng h\u1ed3ng ngo\u1ea1i SS682AKi\u1ec3u l\u1eafp \u0111\u1eb7t: L\u1eafp n\u1ed5i [&hellip;]\" \/>\n<meta property=\"og:url\" content=\"https:\/\/kawasan.vn\/en\/product\/dui-den-cam-ung-hong-ngoai-ss682a\/\" \/>\n<meta property=\"og:site_name\" content=\"Kawasan\" \/>\n<meta property=\"article:modified_time\" content=\"2026-04-24T09:59:27+00:00\" \/>\n<meta property=\"og:image\" content=\"https:\/\/kawasan.vn\/wp-content\/uploads\/2026\/04\/1.jpg\" \/>\n\t<meta property=\"og:image:width\" content=\"900\" \/>\n\t<meta property=\"og:image:height\" content=\"900\" \/>\n\t<meta property=\"og:image:type\" content=\"image\/jpeg\" \/>\n<meta name=\"twitter:card\" content=\"summary_large_image\" \/>\n<meta name=\"twitter:label1\" content=\"Est. reading time\" \/>\n\t<meta name=\"twitter:data1\" content=\"2 minutes\" \/>\n<script type=\"application\/ld+json\" class=\"yoast-schema-graph\">{\"@context\":\"https:\/\/schema.org\",\"@graph\":[{\"@type\":\"WebPage\",\"@id\":\"https:\/\/kawasan.vn\/san-pham\/dui-den-cam-ung-hong-ngoai-ss682a\/\",\"url\":\"https:\/\/kawasan.vn\/san-pham\/dui-den-cam-ung-hong-ngoai-ss682a\/\",\"name\":\"\u0110ui \u0110\u00e8n C\u1ea3m \u1ee8ng H\u1ed3ng Ngo\u1ea1i SS682A - Kawasan\",\"isPartOf\":{\"@id\":\"https:\/\/kawasan.vn\/#website\"},\"primaryImageOfPage\":{\"@id\":\"https:\/\/kawasan.vn\/san-pham\/dui-den-cam-ung-hong-ngoai-ss682a\/#primaryimage\"},\"image\":{\"@id\":\"https:\/\/kawasan.vn\/san-pham\/dui-den-cam-ung-hong-ngoai-ss682a\/#primaryimage\"},\"thumbnailUrl\":\"https:\/\/kawasan.vn\/wp-content\/uploads\/2026\/04\/1.jpg\",\"datePublished\":\"2026-04-24T09:29:40+00:00\",\"dateModified\":\"2026-04-24T09:59:27+00:00\",\"breadcrumb\":{\"@id\":\"https:\/\/kawasan.vn\/san-pham\/dui-den-cam-ung-hong-ngoai-ss682a\/#breadcrumb\"},\"inLanguage\":\"en-US\",\"potentialAction\":[{\"@type\":\"ReadAction\",\"target\":[\"https:\/\/kawasan.vn\/san-pham\/dui-den-cam-ung-hong-ngoai-ss682a\/\"]}]},{\"@type\":\"ImageObject\",\"inLanguage\":\"en-US\",\"@id\":\"https:\/\/kawasan.vn\/san-pham\/dui-den-cam-ung-hong-ngoai-ss682a\/#primaryimage\",\"url\":\"https:\/\/kawasan.vn\/wp-content\/uploads\/2026\/04\/1.jpg\",\"contentUrl\":\"https:\/\/kawasan.vn\/wp-content\/uploads\/2026\/04\/1.jpg\",\"width\":900,\"height\":900},{\"@type\":\"BreadcrumbList\",\"@id\":\"https:\/\/kawasan.vn\/san-pham\/dui-den-cam-ung-hong-ngoai-ss682a\/#breadcrumb\",\"itemListElement\":[{\"@type\":\"ListItem\",\"position\":1,\"name\":\"Trang ch\u1ee7\",\"item\":\"https:\/\/kawasan.vn\/\"},{\"@type\":\"ListItem\",\"position\":2,\"name\":\"S\u1ea3n ph\u1ea9m\",\"item\":\"https:\/\/kawasan.vn\/san-pham\/\"},{\"@type\":\"ListItem\",\"position\":3,\"name\":\"\u0110ui \u0110\u00e8n C\u1ea3m \u1ee8ng H\u1ed3ng Ngo\u1ea1i SS682A\"}]},{\"@type\":\"WebSite\",\"@id\":\"https:\/\/kawasan.vn\/#website\",\"url\":\"https:\/\/kawasan.vn\/\",\"name\":\"Kawasan\",\"description\":\"\",\"potentialAction\":[{\"@type\":\"SearchAction\",\"target\":{\"@type\":\"EntryPoint\",\"urlTemplate\":\"https:\/\/kawasan.vn\/?s={search_term_string}\"},\"query-input\":{\"@type\":\"PropertyValueSpecification\",\"valueRequired\":true,\"valueName\":\"search_term_string\"}}],\"inLanguage\":\"en-US\"}]}<\/script>\n<!-- \/ Yoast SEO Premium plugin. -->","yoast_head_json":{"title":"\u0110ui \u0110\u00e8n C\u1ea3m \u1ee8ng H\u1ed3ng Ngo\u1ea1i SS682A - Kawasan","robots":{"index":"index","follow":"follow","max-snippet":"max-snippet:-1","max-image-preview":"max-image-preview:large","max-video-preview":"max-video-preview:-1"},"canonical":"https:\/\/kawasan.vn\/en\/product\/dui-den-cam-ung-hong-ngoai-ss682a\/","og_locale":"en_US","og_type":"article","og_title":"\u0110ui \u0110\u00e8n C\u1ea3m \u1ee8ng H\u1ed3ng Ngo\u1ea1i SS682A","og_description":"SS682A l\u00e0 \u0111ui \u0111\u00e8n c\u1ea3m \u1ee9ng h\u1ed3ng ngo\u1ea1i l\u1eafp n\u1ed5i t\u01b0\u1eddng, ph\u00f9 h\u1ee3p d\u00f9ng cho c\u00e1c khu v\u1ef1c c\u1ea7n b\u1eadt\/t\u1eaft \u0111\u00e8n t\u1ef1 \u0111\u1ed9ng khi c\u00f3 ng\u01b0\u1eddi di chuy\u1ec3n nh\u01b0 WC, h\u00e0nh lang, l\u1ed1i \u0111i h\u1eb9p d\u01b0\u1edbi 3m. Th\u00f4ng tin s\u1ea3n ph\u1ea9m: T\u00ean s\u1ea3n ph\u1ea9m: \u0110ui \u0111\u00e8n c\u1ea3m \u1ee9ng h\u1ed3ng ngo\u1ea1i SS682AKi\u1ec3u l\u1eafp \u0111\u1eb7t: L\u1eafp n\u1ed5i [&hellip;]","og_url":"https:\/\/kawasan.vn\/en\/product\/dui-den-cam-ung-hong-ngoai-ss682a\/","og_site_name":"Kawasan","article_modified_time":"2026-04-24T09:59:27+00:00","og_image":[{"width":900,"height":900,"url":"https:\/\/kawasan.vn\/wp-content\/uploads\/2026\/04\/1.jpg","type":"image\/jpeg"}],"twitter_card":"summary_large_image","twitter_misc":{"Est. reading time":"2 minutes"},"schema":{"@context":"https:\/\/schema.org","@graph":[{"@type":"WebPage","@id":"https:\/\/kawasan.vn\/san-pham\/dui-den-cam-ung-hong-ngoai-ss682a\/","url":"https:\/\/kawasan.vn\/san-pham\/dui-den-cam-ung-hong-ngoai-ss682a\/","name":"\u0110ui \u0110\u00e8n C\u1ea3m \u1ee8ng H\u1ed3ng Ngo\u1ea1i SS682A - Kawasan","isPartOf":{"@id":"https:\/\/kawasan.vn\/#website"},"primaryImageOfPage":{"@id":"https:\/\/kawasan.vn\/san-pham\/dui-den-cam-ung-hong-ngoai-ss682a\/#primaryimage"},"image":{"@id":"https:\/\/kawasan.vn\/san-pham\/dui-den-cam-ung-hong-ngoai-ss682a\/#primaryimage"},"thumbnailUrl":"https:\/\/kawasan.vn\/wp-content\/uploads\/2026\/04\/1.jpg","datePublished":"2026-04-24T09:29:40+00:00","dateModified":"2026-04-24T09:59:27+00:00","breadcrumb":{"@id":"https:\/\/kawasan.vn\/san-pham\/dui-den-cam-ung-hong-ngoai-ss682a\/#breadcrumb"},"inLanguage":"en-US","potentialAction":[{"@type":"ReadAction","target":["https:\/\/kawasan.vn\/san-pham\/dui-den-cam-ung-hong-ngoai-ss682a\/"]}]},{"@type":"ImageObject","inLanguage":"en-US","@id":"https:\/\/kawasan.vn\/san-pham\/dui-den-cam-ung-hong-ngoai-ss682a\/#primaryimage","url":"https:\/\/kawasan.vn\/wp-content\/uploads\/2026\/04\/1.jpg","contentUrl":"https:\/\/kawasan.vn\/wp-content\/uploads\/2026\/04\/1.jpg","width":900,"height":900},{"@type":"BreadcrumbList","@id":"https:\/\/kawasan.vn\/san-pham\/dui-den-cam-ung-hong-ngoai-ss682a\/#breadcrumb","itemListElement":[{"@type":"ListItem","position":1,"name":"Trang ch\u1ee7","item":"https:\/\/kawasan.vn\/"},{"@type":"ListItem","position":2,"name":"S\u1ea3n ph\u1ea9m","item":"https:\/\/kawasan.vn\/san-pham\/"},{"@type":"ListItem","position":3,"name":"\u0110ui \u0110\u00e8n C\u1ea3m \u1ee8ng H\u1ed3ng Ngo\u1ea1i SS682A"}]},{"@type":"WebSite","@id":"https:\/\/kawasan.vn\/#website","url":"https:\/\/kawasan.vn\/","name":"Kawasan","description":"","potentialAction":[{"@type":"SearchAction","target":{"@type":"EntryPoint","urlTemplate":"https:\/\/kawasan.vn\/?s={search_term_string}"},"query-input":{"@type":"PropertyValueSpecification","valueRequired":true,"valueName":"search_term_string"}}],"inLanguage":"en-US"}]}},"_links":{"self":[{"href":"https:\/\/kawasan.vn\/en\/wp-json\/wp\/v2\/product\/31016","targetHints":{"allow":["GET"]}}],"collection":[{"href":"https:\/\/kawasan.vn\/en\/wp-json\/wp\/v2\/product"}],"about":[{"href":"https:\/\/kawasan.vn\/en\/wp-json\/wp\/v2\/types\/product"}],"replies":[{"embeddable":true,"href":"https:\/\/kawasan.vn\/en\/wp-json\/wp\/v2\/comments?post=31016"}],"version-history":[{"count":1,"href":"https:\/\/kawasan.vn\/en\/wp-json\/wp\/v2\/product\/31016\/revisions"}],"predecessor-version":[{"id":31020,"href":"https:\/\/kawasan.vn\/en\/wp-json\/wp\/v2\/product\/31016\/revisions\/31020"}],"wp:featuredmedia":[{"embeddable":true,"href":"https:\/\/kawasan.vn\/en\/wp-json\/wp\/v2\/media\/31017"}],"wp:attachment":[{"href":"https:\/\/kawasan.vn\/en\/wp-json\/wp\/v2\/media?parent=31016"}],"wp:term":[{"taxonomy":"product_cat","embeddable":true,"href":"https:\/\/kawasan.vn\/en\/wp-json\/wp\/v2\/product_cat?post=31016"},{"taxonomy":"product_tag","embeddable":true,"href":"https:\/\/kawasan.vn\/en\/wp-json\/wp\/v2\/product_tag?post=31016"}],"curies":[{"name":"wp","href":"https:\/\/api.w.org\/{rel}","templated":true}]}}