{"id":30992,"date":"2026-04-24T15:16:02","date_gmt":"2026-04-24T08:16:02","guid":{"rendered":"https:\/\/kawasan.vn\/?post_type=product&#038;p=30992"},"modified":"2026-04-24T15:23:27","modified_gmt":"2026-04-24T08:23:27","slug":"tam-pin-nang-luong-mat-troi-ae-solar-585w-2-mat-kinh","status":"publish","type":"product","link":"https:\/\/kawasan.vn\/en\/product\/tam-pin-nang-luong-mat-troi-ae-solar-585w-2-mat-kinh\/","title":{"rendered":"T\u1ea5m pin n\u0103ng l\u01b0\u1ee3ng m\u1eb7t tr\u1eddi AE Solar 585W 2 m\u1eb7t k\u00ednh"},"content":{"rendered":"<h2><span class=\"ez-toc-section\" id=\"TAM_PIN_MAT_TROI_AE_SOLAR_585W_2_MAT_KINH_N-TYPE_TOPCON_AE_CMD-144BDS_585W\"><\/span><b>T\u1ea4M PIN M\u1eb6T TR\u1edcI AE SOLAR 585W 2 M\u1eb6T K\u00cdNH N-TYPE TOPCON (AE CMD-144BDS 585W)<\/b><span class=\"ez-toc-section-end\"><\/span><\/h2><div id=\"ez-toc-container\" class=\"ez-toc-v2_0_69_1 counter-hierarchy ez-toc-counter ez-toc-grey ez-toc-container-direction\">\n<div class=\"ez-toc-title-container\">\n<p class=\"ez-toc-title\" >N\u1ed9i Dung B&agrave;i Vi\u1ebft<\/p>\n<span class=\"ez-toc-title-toggle\"><a href=\"#\" class=\"ez-toc-pull-right ez-toc-btn ez-toc-btn-xs ez-toc-btn-default ez-toc-toggle\" aria-label=\"Toggle Table of Content\"><span class=\"ez-toc-js-icon-con\"><span class=\"\"><span class=\"eztoc-hide\" style=\"display:none;\">Toggle<\/span><span class=\"ez-toc-icon-toggle-span\"><svg style=\"fill: #999;color:#999\" xmlns=\"http:\/\/www.w3.org\/2000\/svg\" class=\"list-377408\" width=\"20px\" height=\"20px\" viewbox=\"0 0 24 24\" fill=\"none\"><path d=\"M6 6H4v2h2V6zm14 0H8v2h12V6zM4 11h2v2H4v-2zm16 0H8v2h12v-2zM4 16h2v2H4v-2zm16 0H8v2h12v-2z\" fill=\"currentColor\"><\/path><\/svg><svg style=\"fill: #999;color:#999\" class=\"arrow-unsorted-368013\" xmlns=\"http:\/\/www.w3.org\/2000\/svg\" width=\"10px\" height=\"10px\" viewbox=\"0 0 24 24\" version=\"1.2\" baseprofile=\"tiny\"><path d=\"M18.2 9.3l-6.2-6.3-6.2 6.3c-.2.2-.3.4-.3.7s.1.5.3.7c.2.2.4.3.7.3h11c.3 0 .5-.1.7-.3.2-.2.3-.5.3-.7s-.1-.5-.3-.7zM5.8 14.7l6.2 6.3 6.2-6.3c.2-.2.3-.5.3-.7s-.1-.5-.3-.7c-.2-.2-.4-.3-.7-.3h-11c-.3 0-.5.1-.7.3-.2.2-.3.5-.3.7s.1.5.3.7z\"\/><\/svg><\/span><\/span><\/span><\/a><\/span><\/div>\n<nav><ul class='ez-toc-list ez-toc-list-level-1 eztoc-toggle-hide-by-default' ><li class='ez-toc-page-1 ez-toc-heading-level-2'><a class=\"ez-toc-link ez-toc-heading-1\" href=\"https:\/\/kawasan.vn\/en\/product\/tam-pin-nang-luong-mat-troi-ae-solar-585w-2-mat-kinh\/#TAM_PIN_MAT_TROI_AE_SOLAR_585W_2_MAT_KINH_N-TYPE_TOPCON_AE_CMD-144BDS_585W\" title=\"T\u1ea4M PIN M\u1eb6T TR\u1edcI AE SOLAR 585W 2 M\u1eb6T K\u00cdNH N-TYPE TOPCON (AE CMD-144BDS 585W)\">T\u1ea4M PIN M\u1eb6T TR\u1edcI AE SOLAR 585W 2 M\u1eb6T K\u00cdNH N-TYPE TOPCON (AE CMD-144BDS 585W)<\/a><ul class='ez-toc-list-level-3' ><li class='ez-toc-heading-level-3'><a class=\"ez-toc-link ez-toc-heading-2\" href=\"https:\/\/kawasan.vn\/en\/product\/tam-pin-nang-luong-mat-troi-ae-solar-585w-2-mat-kinh\/#Dac_diem_cua_Tam_pin_mat_troi_Mono_AE_SOLAR_585W\" title=\"\u0110\u1eb7c \u0111i\u1ec3m c\u1ee7a\u00a0T\u1ea5m\u00a0pin m\u1eb7t tr\u1eddi Mono AE SOLAR 585W\">\u0110\u1eb7c \u0111i\u1ec3m c\u1ee7a\u00a0T\u1ea5m\u00a0pin m\u1eb7t tr\u1eddi Mono AE SOLAR 585W<\/a><\/li><li class='ez-toc-page-1 ez-toc-heading-level-3'><a class=\"ez-toc-link ez-toc-heading-3\" href=\"https:\/\/kawasan.vn\/en\/product\/tam-pin-nang-luong-mat-troi-ae-solar-585w-2-mat-kinh\/#Thong_so_ky_thuat_Tam_pin_nang_luong_mat_troi_AE_SOLAR_585W_2_mat_kinh_N-type_Topcon\" title=\"Th\u00f4ng s\u1ed1 k\u1ef9 thu\u1eadt\u00a0T\u1ea5m pin n\u0103ng l\u01b0\u1ee3ng m\u1eb7t tr\u1eddi AE SOLAR 585W 2 m\u1eb7t k\u00ednh N-type Topcon\u00a0\">Th\u00f4ng s\u1ed1 k\u1ef9 thu\u1eadt\u00a0T\u1ea5m pin n\u0103ng l\u01b0\u1ee3ng m\u1eb7t tr\u1eddi AE SOLAR 585W 2 m\u1eb7t k\u00ednh N-type Topcon\u00a0<\/a><\/li><\/ul><\/li><li class='ez-toc-page-1 ez-toc-heading-level-2'><a class=\"ez-toc-link ez-toc-heading-4\" href=\"https:\/\/kawasan.vn\/en\/product\/tam-pin-nang-luong-mat-troi-ae-solar-585w-2-mat-kinh\/#Vi_sao_nen_chon_mua_tam_pin_AE_Solar_o_Eco_Solar\" title=\"V\u00ec sao n\u00ean ch\u1ecdn mua t\u1ea5m pin AE Solar \u1edf Eco Solar?\">V\u00ec sao n\u00ean ch\u1ecdn mua t\u1ea5m pin AE Solar \u1edf Eco Solar?<\/a><\/li><\/ul><\/nav><\/div>\n\n<p><strong>AE Solar <\/strong>cam k\u1ebft ch\u1ec9 cung c\u1ea5p nh\u1eefng s\u1ea3n ph\u1ea9m c\u00f3 ch\u1ea5t l\u01b0\u1ee3ng t\u1ed1t nh\u1ea5t cho kh\u00e1ch h\u00e0ng. Do \u0111\u00f3, t\u1ef7 l\u1ec7 ki\u1ec3m tra c\u1ee7a h\u00e3ng l\u00e0 100% cho c\u00e1c n\u1ed9i dung ki\u1ec3m tra tr\u1ef1c quan, ki\u1ec3m tra EL, ki\u1ec3m tra \u00e1p su\u1ea5t, ki\u1ec3m tra t\u1ea3i tr\u1ecdng c\u01a1 h\u1ecdc v\u00e0 ki\u1ec3m tra tu\u1ed5i \u0111\u1ea3m b\u1ea3o r\u1eb1ng c\u00e1c<strong>\u00a0m\u00f4-\u0111un quang \u0111i\u1ec7n c\u1ee7a AE Solar\u00a0<\/strong>ho\u1ea1t \u0111\u1ed9ng an to\u00e0n v\u00e0 tr\u01a1n tru trong \u00edt nh\u1ea5t 30 n\u0103m, v\u1edbi ch\u1ebf \u0111\u1ed9 b\u1ea3o h\u00e0nh s\u1ea3n ph\u1ea9m l\u00e0 15 n\u0103m. Do \u0111\u00f3, mang l\u1ea1i s\u1ef1 an t\u00e2m v\u00e0 tin t\u01b0\u1edfng c\u1ee7a kh\u00e1ch h\u00e0ng, \u0111\u1ea3m b\u1ea3o l\u1ee3i t\u1ee9c cao v\u00e0 \u1ed5n \u0111\u1ecbnh cho c\u00e1c nh\u00e0 \u0111\u1ea7u t\u01b0.<\/p>\n<h3><span class=\"ez-toc-section\" id=\"Dac_diem_cua_Tam_pin_mat_troi_Mono_AE_SOLAR_585W\"><\/span><strong>\u0110\u1eb7c \u0111i\u1ec3m c\u1ee7a<\/strong><strong>\u00a0<\/strong><b><strong>T\u1ea5m<\/strong>\u00a0pin m\u1eb7t tr\u1eddi Mono AE SOLAR 585W<\/b><span class=\"ez-toc-section-end\"><\/span><\/h3>\n<ul>\n<li>T\u1ea5m pin bao g\u1ed3m 144 cells nh\u1edd c\u00f4ng ngh\u1ec7 <strong>half-cut cells<\/strong>\u00a0ti\u1ebft ki\u1ec7m \u0111\u01b0\u1ee3c di\u1ec7n t\u00edch c\u1ee7a t\u1ea5m pin v\u00e0 gi\u1ea3m d\u00f2ng \u0111i\u1ec7n tr\u00ean modules gi\u00fap qu\u00e1 tr\u00ecnh ho\u1ea1t \u0111\u1ed9ng m\u00e1t h\u01a1n. M\u1ee9c \u0111\u1ed9 \u1ea3nh h\u01b0\u1edfng c\u1ee7a b\u00f3ng r\u00e2m s\u1ebd \u0111\u01b0\u1ee3c gi\u1ea3m xu\u1ed1ng m\u1ed9t n\u1eeda, do t\u1ea5m pin \u0111\u00e3 \u0111\u01b0\u1ee3c c\u1eaft th\u00e0nh 2 ph\u1ea7n \u0111\u1ec3 ho\u1ea1t \u0111\u1ed9ng \u0111\u1ed9c l\u1eadp.<\/li>\n<li>Nhi\u1ec7t \u0111\u1ed9 \u0111i\u1ec3m n\u00f3ng th\u1ea5p h\u01a1n 85\u00b0C, ki\u1ec3m tra IEC61215 cho th\u1ea5y t\u1eeb 1-100% \u0111\u1ed9 bao ph\u1ee7 tr\u00ean t\u1ea5m pin th\u00ec nhi\u1ec7t \u0111\u1ed9 \u0111i\u1ec3m n\u00f3ng c\u0169ng kh\u00f4ng qu\u00e1 85\u00b0C v\u1edbi \u0111i\u1ec1u ki\u1ec7n ho\u1ea1t \u0111\u1ed9ng cao nh\u1ea5t c\u1ee7a t\u1ea5m pin. V\u1edbi \u0111i\u1ec1u ki\u1ec7n nhi\u1ec7t \u0111\u1ed9 gi\u1ea3m s\u1ebd gi\u00fap tu\u1ed5i th\u1ecd pin tr\u1edf n\u00ean b\u1ec1n b\u1ec9 v\u00e0 s\u1eed d\u1ee5ng \u0111\u01b0\u1ee3c l\u00e2u h\u01a1n ng\u0103n ch\u1eb7n c\u00e1c r\u1ee7i ro b\u1ecb ch\u00e1y do c\u00e1c \u0111i\u1ec3m n\u00f3ng.<\/li>\n<li>T\u1ea5t c\u1ea3 c\u00e1c m\u00f4-\u0111un quang \u0111i\u1ec7n c\u1ee7a <strong>AE Solar<\/strong>\u00a0\u0111\u1ec1u \u0111\u01b0\u1ee3c s\u1ea3n xu\u1ea5t b\u1eb1ng v\u1eadt li\u1ec7u ch\u1ea5t l\u01b0\u1ee3ng cao, d\u00e2y chuy\u1ec1n robot t\u1ef1 \u0111\u1ed9ng, c\u00f4ng ngh\u1ec7 v\u00e0 ti\u00eau chu\u1ea9n c\u1ee7a \u0110\u1ee9c. T\u00edch h\u1ee3p c\u00f4ng ngh\u1ec7 Diot Bypass ng\u0103n ch\u1eb7n s\u1ef1 kh\u00f4ng kh\u1edbp c\u00e1c cell pin \u1edf nh\u1eefng khu v\u1ef1c c\u00f3 b\u00f3ng r\u00e2m \u0111\u1ea3m b\u1ea3o hi\u1ec7u su\u1ea5t c\u1ee7a t\u1ea5m pin.<\/li>\n<li><strong>C\u00f4ng ngh\u1ec7 PERC<\/strong>\u00a0gi\u00fap mang l\u1ea1i hi\u1ec7u su\u1ea5t cao cho c\u00e1c m\u00f4-\u0111un.<\/li>\n<li>Tr\u00ean th\u1ef1c t\u1ebf, m\u1ed7i<strong>\u00a0t\u1ea5m pin AE-Solar\u00a0<\/strong>\u0111\u01b0\u1ee3c c\u1ed9ng th\u00eam \u0111\u1ebfn t\u1eeb 0 \u0111\u1ebfn +5 Wp, gi\u00fap \u0111\u1ea3m b\u1ea3o hi\u1ec7u qu\u1ea3 h\u1ec7 th\u1ed1ng cao v\u00e0 n\u0103ng su\u1ea5t \u1ed5n \u0111\u1ecbnh.<\/li>\n<li><strong>AE Solar \u0111\u1ea3m b\u1ea3o ch\u1ea5t l\u01b0\u1ee3ng cao<\/strong>\u00a0v\u00e0 hi\u1ec7u su\u1ea5t t\u1ed1t nh\u1ea5t c\u1ee7a c\u00e1c m\u00f4-\u0111un quang \u0111i\u1ec7n do ch\u1ec9 s\u1eed d\u1ee5ng c\u00e1c nguy\u00ean li\u1ec7u v\u00e0 linh ki\u1ec7n cao c\u1ea5p t\u1eeb c\u00e1c nh\u00e0 cung c\u1ea5p Tier 1 H\u1ea1ng A \u0111\u1ea3m b\u1ea3o hi\u1ec7u su\u1ea5t ho\u1ea1t \u0111\u1ed9ng tr\u00ean 80% trong 30 n\u0103m v\u00e0 15 n\u0103m v\u1ec1 c\u00e1c v\u1ea5n \u0111\u1ec1 do l\u1ed7i nh\u00e0 s\u1ea3n xu\u1ea5t. D\u1ef1a tr\u00ean c\u00e1c ti\u00eau chu\u1ea9n qu\u1ed1c t\u1ebf th\u00f4ng qua c\u00e1c b\u00e0i ki\u1ec3m tra v\u1ec1 m\u1ee9c \u0111\u1ed9 ho\u1ea1t \u0111\u1ed9ng v\u1edbi t\u1ea7n su\u1ea5t cao v\u00e0 ch\u1ecbu \u0111\u01b0\u1ee3c trong m\u00f4i tr\u01b0\u1eddng ngo\u00e0i tr\u1eddi kh\u1eafc nghi\u1ec7t.<\/li>\n<li><b>C\u00f4ng ngh\u1ec7 ch\u1ed1ng h\u00e0ng gi\u1ea3 b\u1eb1ng chip NFC <\/b>gi\u00fap kh\u00e1ch h\u00e0ng c\u00f3 th\u1ec3 t\u1ef1 m\u00ecnh ki\u1ec3m tra h\u00e0ng ch\u00ednh h\u00e3ng hay kh\u00f4ng, ho\u00e0n to\u00e0n y\u00ean t\u00e2m tr\u00e1nh \u0111\u01b0\u1ee3c t\u00ecnh tr\u1ea1ng h\u00e0ng gi\u1ea3, h\u00e0ng nh\u00e1i. Cho \u0111\u1ebfn b\u00e2y gi\u1edd, ngo\u00e0i AE-Solar, ch\u01b0a m\u1ed9t th\u01b0\u01a1ng hi\u1ec7u pin n\u0103ng l\u01b0\u1ee3ng m\u1eb7t tr\u1eddi n\u00e0o \u00e1p d\u1ee5ng c\u00f4ng ngh\u1ec7 n\u00e0y v\u00e0o s\u1ea3n ph\u1ea9m c\u1ee7a m\u00ecnh gi\u00fap kh\u00e1ch h\u00e0ng ki\u1ec3m tra h\u00e0ng ch\u00ednh h\u00e3ng b\u1eb1ng c\u00f4ng ngh\u1ec7 NFC ngay tr\u00ean smartphone.<\/li>\n<li><strong>C\u00f4ng ngh\u1ec7 N-type Topcon:<\/strong>\n<ul>\n<li><em><strong>Hi\u1ec7u qu\u1ea3 v\u01b0\u1ee3t tr\u1ed9i<\/strong><\/em>: Ch\u00fang \u0111\u01b0\u1ee3c thi\u1ebft k\u1ebf \u0111\u1ec3 gi\u1ea3m thi\u1ec3u t\u1ed5n th\u1ea5t \u0111i\u1ec7n n\u0103ng, mang l\u1ea1i hi\u1ec7u su\u1ea5t chuy\u1ec3n \u0111\u1ed5i cao v\u01b0\u1ee3t tr\u1ed9i so v\u1edbi pin m\u1eb7t tr\u1eddi th\u00f4ng th\u01b0\u1eddng.<\/li>\n<li><em><strong>\u00c1nh s\u00e1ng th\u1ea5p \u2013 hi\u1ec7u su\u1ea5t \u1ed5n \u0111\u1ecbnh<\/strong><\/em>: V\u1edbi c\u00e1c m\u00f4-\u0111un TOPCon, m\u1ed9t ng\u00e0y nhi\u1ec1u m\u00e2y kh\u00f4ng c\u00f3 ngh\u0129a l\u00e0 kh\u00f4ng c\u00f3 \u0111i\u1ec7n . Ch\u00fang ti\u1ebfp t\u1ee5c ho\u1ea1t \u0111\u1ed9ng hi\u1ec7u qu\u1ea3 ngay c\u1ea3 trong \u0111i\u1ec1u ki\u1ec7n \u00e1nh s\u00e1ng d\u01b0\u1edbi m\u1ee9c t\u1ed1i \u01b0u, khi\u1ebfn ch\u00fang tr\u1edf th\u00e0nh l\u1ef1a ch\u1ecdn \u0111\u00e1ng tin c\u1eady trong \u0111i\u1ec1u ki\u1ec7n th\u1eddi ti\u1ebft thay \u0111\u1ed5i.<\/li>\n<li><em><strong>H\u1ec7 s\u1ed1 nhi\u1ec7t \u0111\u1ed9 m\u1ea1nh<\/strong><\/em>: C\u00e1c m\u00f4-\u0111un TOPCon cung c\u1ea5p h\u1ec7 s\u1ed1 nhi\u1ec7t \u0111\u1ed9 \u1ea5n t\u01b0\u1ee3ng, duy tr\u00ec hi\u1ec7u su\u1ea5t cao ngay c\u1ea3 \u1edf v\u00f9ng nhi\u1ec7t \u0111\u1ed9 cao. \u0110i\u1ec1u n\u00e0y c\u00f3 ngh\u0129a l\u00e0 vi\u1ec7c s\u1ea3n xu\u1ea5t n\u0103ng l\u01b0\u1ee3ng m\u1eb7t tr\u1eddi c\u1ee7a b\u1ea1n v\u1eabn \u1edf m\u1ee9c t\u1ed1i \u01b0u ngay c\u1ea3 trong nh\u1eefng ng\u00e0y n\u00f3ng nh\u1ea5t.<\/li>\n<li><em><strong>T\u0103ng c\u01b0\u1eddng \u0111\u1ed9 b\u1ec1n<\/strong><\/em>: L\u1edbp ti\u1ebfp x\u00fac th\u1ee5 \u0111\u1ed9ng trong c\u00e1c m\u00f4-\u0111un TOPCon \u0111\u1ea3m b\u1ea3o thi\u1ebft k\u1ebf ch\u1eafc ch\u1eafn v\u00e0 \u0111\u1ed9 b\u1ec1n \u0111\u01b0\u1ee3c c\u1ea3i thi\u1ec7n. C\u00f4ng ngh\u1ec7 n\u00e0y c\u00f3 kh\u1ea3 n\u0103ng ch\u1ed1ng suy tho\u00e1i cao, \u0111\u1ea3m b\u1ea3o r\u1eb1ng kho\u1ea3n \u0111\u1ea7u t\u01b0 c\u1ee7a b\u1ea1n s\u1ebd b\u1ec1n v\u1eefng trong t\u01b0\u01a1ng lai.<\/li>\n<li><em><strong>Th\u00e2n thi\u1ec7n v\u1edbi m\u00f4i tr\u01b0\u1eddng<\/strong><\/em>: Quy tr\u00ecnh s\u1ea3n xu\u1ea5t m\u00f4-\u0111un TOPCon ti\u1ebft ki\u1ec7m n\u0103ng l\u01b0\u1ee3ng, g\u00f3p ph\u1ea7n t\u1ea1o ra l\u01b0\u1ee3ng kh\u00ed th\u1ea3i carbon nh\u1ecf h\u01a1n so v\u1edbi pin m\u1eb7t tr\u1eddi th\u00f4ng th\u01b0\u1eddng.<\/li>\n<\/ul>\n<\/li>\n<\/ul>\n<h3><span class=\"ez-toc-section\" id=\"Thong_so_ky_thuat_Tam_pin_nang_luong_mat_troi_AE_SOLAR_585W_2_mat_kinh_N-type_Topcon\"><\/span><strong>Specifications<\/strong><strong>\u00a0<\/strong><b><strong>T<\/strong><\/b><b><strong>\u1ea5m pi<\/strong>n n\u0103ng l\u01b0\u1ee3ng m\u1eb7t tr\u1eddi AE SOLAR 585W 2 m\u1eb7t k\u00ednh N-type Topcon\u00a0<\/b><span class=\"ez-toc-section-end\"><\/span><\/h3>\n<table class=\"cke_show_border\">\n<thead>\n<tr>\n<th><strong>Th\u00f4ng s\u1ed1<\/strong><\/th>\n<th><strong>Chi ti\u1ebft<\/strong><\/th>\n<\/tr>\n<\/thead>\n<tbody>\n<tr>\n<td>C\u00f4ng su\u1ea5t t\u1ed1i \u0111a (Pmax)<\/td>\n<td>585W<\/td>\n<\/tr>\n<tr>\n<td>Hi\u1ec7u su\u1ea5t t\u1ea5m pin<\/td>\n<td>22.67%<\/td>\n<\/tr>\n<tr>\n<td>C\u00f4ng ngh\u1ec7 cell<\/td>\n<td>\u00a0n-Type TOPCon technology, half-cut cells<\/td>\n<\/tr>\n<tr>\n<td>S\u1ed1 l\u01b0\u1ee3ng cell<\/td>\n<td>132 cells<\/td>\n<\/tr>\n<tr>\n<td>C\u1ea5u tr\u00fac t\u1ea5m pin<\/td>\n<td>Double Glass (2 m\u1eb7t k\u00ednh)<\/td>\n<\/tr>\n<tr>\n<td>K\u00edch th\u01b0\u1edbc t\u1ea5m pin<\/td>\n<td>2278mm x 1133mm x 30mm<\/td>\n<\/tr>\n<tr>\n<td>Tr\u1ecdng l\u01b0\u1ee3ng<\/td>\n<td>31kg<\/td>\n<\/tr>\n<tr>\n<td>\u0110i\u1ec7n \u00e1p h\u1edf m\u1ea1ch (Voc)<\/td>\n<td>52.18V<\/td>\n<\/tr>\n<tr>\n<td>D\u00f2ng \u0111i\u1ec7n ng\u1eafn m\u1ea1ch (Isc)<\/td>\n<td>14.47A<\/td>\n<\/tr>\n<tr>\n<td>\u0110i\u1ec7n \u00e1p danh \u0111\u1ecbnh (Vmp)<\/td>\n<td>43.14V<\/td>\n<\/tr>\n<tr>\n<td>D\u00f2ng \u0111i\u1ec7n danh \u0111\u1ecbnh (Imp)<\/td>\n<td>13.56A<\/td>\n<\/tr>\n<tr>\n<td>Nhi\u1ec7t \u0111\u1ed9 ho\u1ea1t \u0111\u1ed9ng<\/td>\n<td>-40\u00b0C \u0111\u1ebfn +85\u00b0C<\/td>\n<\/tr>\n<tr>\n<td>Ch\u1ec9 s\u1ed1 ch\u1ed1ng n\u01b0\u1edbc, b\u1ee5i<\/td>\n<td>IP68<\/td>\n<\/tr>\n<tr>\n<td>B\u1ea3o h\u00e0nh s\u1ea3n ph\u1ea9m<\/td>\n<td>15 n\u0103m<\/td>\n<\/tr>\n<tr>\n<td>B\u1ea3o h\u00e0nh hi\u1ec7u su\u1ea5t<\/td>\n<td>30 n\u0103m hi\u1ec7u su\u1ea5t tr\u00ean 80%<\/td>\n<\/tr>\n<\/tbody>\n<\/table>\n<h2><span class=\"ez-toc-section\" id=\"Vi_sao_nen_chon_mua_tam_pin_AE_Solar_o_Eco_Solar\"><\/span>V\u00ec sao n\u00ean ch\u1ecdn mua t\u1ea5m pin AE Solar \u1edf Eco Solar?<span class=\"ez-toc-section-end\"><\/span><\/h2>\n<p>Ch\u1ee9ng nh\u1eadn nh\u00e0 ph\u00e2n ph\u1ed1i t\u1eeb n\u0103m 2022 cho \u0111\u1ebfn nay<a href=\"https:\/\/kawasan.vn\/wp-content\/uploads\/2026\/04\/Red-White-Simple-Minimalist-We-Are-Hiring-Instagram-Post.png\"><img loading=\"lazy\" decoding=\"async\" class=\"alignnone size-full wp-image-36067\" src=\"https:\/\/kawasan.vn\/wp-content\/uploads\/2026\/04\/Red-White-Simple-Minimalist-We-Are-Hiring-Instagram-Post.png\" sizes=\"auto, (max-width: 1080px) 100vw, 1080px\" srcset=\"https:\/\/kawasan.vn\/wp-content\/uploads\/2026\/04\/Red-White-Simple-Minimalist-We-Are-Hiring-Instagram-Post.png 1080w, https:\/\/kawasan.vn\/wp-content\/uploads\/2026\/04\/1_Red-White-Simple-Minimalist-We-Are-Hiring-Instagram-Post-768x768.png 768w, https:\/\/kawasan.vn\/wp-content\/uploads\/2026\/04\/1_Red-White-Simple-Minimalist-We-Are-Hiring-Instagram-Post-300x300.png 300w, https:\/\/kawasan.vn\/wp-content\/uploads\/2026\/04\/Red-White-Simple-Minimalist-We-Are-Hiring-Instagram-Post-600x600.png 600w, https:\/\/kawasan.vn\/wp-content\/uploads\/2026\/04\/Red-White-Simple-Minimalist-We-Are-Hiring-Instagram-Post-100x100.png 100w, https:\/\/kawasan.vn\/wp-content\/uploads\/2026\/04\/Red-White-Simple-Minimalist-We-Are-Hiring-Instagram-Post-64x64.png 64w\" alt=\"\" width=\"1080\" height=\"1080\" \/><\/a><\/p>","protected":false},"excerpt":{"rendered":"<p>T\u1ea4M PIN M\u1eb6T TR\u1edcI AE SOLAR 585W 2 M\u1eb6T K\u00cdNH N-TYPE TOPCON (AE CMD-144BDS 585W) AE Solar cam k\u1ebft ch\u1ec9 cung c\u1ea5p nh\u1eefng s\u1ea3n ph\u1ea9m c\u00f3 ch\u1ea5t l\u01b0\u1ee3ng t\u1ed1t nh\u1ea5t cho kh\u00e1ch h\u00e0ng. Do \u0111\u00f3, t\u1ef7 l\u1ec7 ki\u1ec3m tra c\u1ee7a h\u00e3ng l\u00e0 100% cho c\u00e1c n\u1ed9i dung ki\u1ec3m tra tr\u1ef1c quan, ki\u1ec3m tra EL, ki\u1ec3m [&hellip;]<\/p>","protected":false},"featured_media":31001,"comment_status":"open","ping_status":"closed","template":"","meta":{"_yoast_wpseo_focuskw":"","_yoast_wpseo_metadesc":"","_yoast_wpseo_focuskeywords":"","_yoast_wpseo_keyword_synonyms":""},"product_cat":[2212],"product_tag":[],"class_list":["post-30992","product","type-product","status-publish","has-post-thumbnail","hentry","product_cat-he-nang-luong-mat-troi"],"acf":[],"yoast_head":"<!-- This site is optimized with the Yoast SEO Premium plugin v24.9 (Yoast SEO v24.9) - https:\/\/yoast.com\/wordpress\/plugins\/seo\/ -->\n<title>T\u1ea5m pin n\u0103ng l\u01b0\u1ee3ng m\u1eb7t tr\u1eddi AE Solar 585W 2 m\u1eb7t k\u00ednh - Kawasan<\/title>\n<meta name=\"robots\" content=\"index, follow, max-snippet:-1, max-image-preview:large, max-video-preview:-1\" \/>\n<link rel=\"canonical\" href=\"https:\/\/kawasan.vn\/en\/product\/tam-pin-nang-luong-mat-troi-ae-solar-585w-2-mat-kinh\/\" \/>\n<meta property=\"og:locale\" content=\"en_US\" \/>\n<meta property=\"og:type\" content=\"article\" \/>\n<meta property=\"og:title\" content=\"T\u1ea5m pin n\u0103ng l\u01b0\u1ee3ng m\u1eb7t tr\u1eddi AE Solar 585W 2 m\u1eb7t k\u00ednh\" \/>\n<meta property=\"og:description\" content=\"T\u1ea4M PIN M\u1eb6T TR\u1edcI AE SOLAR 585W 2 M\u1eb6T K\u00cdNH N-TYPE TOPCON (AE CMD-144BDS 585W) AE Solar cam k\u1ebft ch\u1ec9 cung c\u1ea5p nh\u1eefng s\u1ea3n ph\u1ea9m c\u00f3 ch\u1ea5t l\u01b0\u1ee3ng t\u1ed1t nh\u1ea5t cho kh\u00e1ch h\u00e0ng. Do \u0111\u00f3, t\u1ef7 l\u1ec7 ki\u1ec3m tra c\u1ee7a h\u00e3ng l\u00e0 100% cho c\u00e1c n\u1ed9i dung ki\u1ec3m tra tr\u1ef1c quan, ki\u1ec3m tra EL, ki\u1ec3m [&hellip;]\" \/>\n<meta property=\"og:url\" content=\"https:\/\/kawasan.vn\/en\/product\/tam-pin-nang-luong-mat-troi-ae-solar-585w-2-mat-kinh\/\" \/>\n<meta property=\"og:site_name\" content=\"Kawasan\" \/>\n<meta property=\"article:modified_time\" content=\"2026-04-24T08:23:27+00:00\" \/>\n<meta property=\"og:image\" content=\"https:\/\/kawasan.vn\/wp-content\/uploads\/2026\/04\/3-2-1.png\" \/>\n\t<meta property=\"og:image:width\" content=\"1080\" \/>\n\t<meta property=\"og:image:height\" content=\"1080\" \/>\n\t<meta property=\"og:image:type\" content=\"image\/png\" \/>\n<meta name=\"twitter:card\" content=\"summary_large_image\" \/>\n<meta name=\"twitter:label1\" content=\"Est. reading time\" \/>\n\t<meta name=\"twitter:data1\" content=\"6 minutes\" \/>\n<script type=\"application\/ld+json\" class=\"yoast-schema-graph\">{\"@context\":\"https:\/\/schema.org\",\"@graph\":[{\"@type\":\"WebPage\",\"@id\":\"https:\/\/kawasan.vn\/san-pham\/tam-pin-nang-luong-mat-troi-ae-solar-585w-2-mat-kinh\/\",\"url\":\"https:\/\/kawasan.vn\/san-pham\/tam-pin-nang-luong-mat-troi-ae-solar-585w-2-mat-kinh\/\",\"name\":\"T\u1ea5m pin n\u0103ng l\u01b0\u1ee3ng m\u1eb7t tr\u1eddi AE Solar 585W 2 m\u1eb7t k\u00ednh - Kawasan\",\"isPartOf\":{\"@id\":\"https:\/\/kawasan.vn\/#website\"},\"primaryImageOfPage\":{\"@id\":\"https:\/\/kawasan.vn\/san-pham\/tam-pin-nang-luong-mat-troi-ae-solar-585w-2-mat-kinh\/#primaryimage\"},\"image\":{\"@id\":\"https:\/\/kawasan.vn\/san-pham\/tam-pin-nang-luong-mat-troi-ae-solar-585w-2-mat-kinh\/#primaryimage\"},\"thumbnailUrl\":\"https:\/\/kawasan.vn\/wp-content\/uploads\/2026\/04\/3-2-1.png\",\"datePublished\":\"2026-04-24T08:16:02+00:00\",\"dateModified\":\"2026-04-24T08:23:27+00:00\",\"breadcrumb\":{\"@id\":\"https:\/\/kawasan.vn\/san-pham\/tam-pin-nang-luong-mat-troi-ae-solar-585w-2-mat-kinh\/#breadcrumb\"},\"inLanguage\":\"en-US\",\"potentialAction\":[{\"@type\":\"ReadAction\",\"target\":[\"https:\/\/kawasan.vn\/san-pham\/tam-pin-nang-luong-mat-troi-ae-solar-585w-2-mat-kinh\/\"]}]},{\"@type\":\"ImageObject\",\"inLanguage\":\"en-US\",\"@id\":\"https:\/\/kawasan.vn\/san-pham\/tam-pin-nang-luong-mat-troi-ae-solar-585w-2-mat-kinh\/#primaryimage\",\"url\":\"https:\/\/kawasan.vn\/wp-content\/uploads\/2026\/04\/3-2-1.png\",\"contentUrl\":\"https:\/\/kawasan.vn\/wp-content\/uploads\/2026\/04\/3-2-1.png\",\"width\":1080,\"height\":1080},{\"@type\":\"BreadcrumbList\",\"@id\":\"https:\/\/kawasan.vn\/san-pham\/tam-pin-nang-luong-mat-troi-ae-solar-585w-2-mat-kinh\/#breadcrumb\",\"itemListElement\":[{\"@type\":\"ListItem\",\"position\":1,\"name\":\"Trang ch\u1ee7\",\"item\":\"https:\/\/kawasan.vn\/\"},{\"@type\":\"ListItem\",\"position\":2,\"name\":\"S\u1ea3n ph\u1ea9m\",\"item\":\"https:\/\/kawasan.vn\/san-pham\/\"},{\"@type\":\"ListItem\",\"position\":3,\"name\":\"T\u1ea5m pin n\u0103ng l\u01b0\u1ee3ng m\u1eb7t tr\u1eddi AE Solar 585W 2 m\u1eb7t k\u00ednh\"}]},{\"@type\":\"WebSite\",\"@id\":\"https:\/\/kawasan.vn\/#website\",\"url\":\"https:\/\/kawasan.vn\/\",\"name\":\"Kawasan\",\"description\":\"\",\"potentialAction\":[{\"@type\":\"SearchAction\",\"target\":{\"@type\":\"EntryPoint\",\"urlTemplate\":\"https:\/\/kawasan.vn\/?s={search_term_string}\"},\"query-input\":{\"@type\":\"PropertyValueSpecification\",\"valueRequired\":true,\"valueName\":\"search_term_string\"}}],\"inLanguage\":\"en-US\"}]}<\/script>\n<!-- \/ Yoast SEO Premium plugin. -->","yoast_head_json":{"title":"T\u1ea5m pin n\u0103ng l\u01b0\u1ee3ng m\u1eb7t tr\u1eddi AE Solar 585W 2 m\u1eb7t k\u00ednh - Kawasan","robots":{"index":"index","follow":"follow","max-snippet":"max-snippet:-1","max-image-preview":"max-image-preview:large","max-video-preview":"max-video-preview:-1"},"canonical":"https:\/\/kawasan.vn\/en\/product\/tam-pin-nang-luong-mat-troi-ae-solar-585w-2-mat-kinh\/","og_locale":"en_US","og_type":"article","og_title":"T\u1ea5m pin n\u0103ng l\u01b0\u1ee3ng m\u1eb7t tr\u1eddi AE Solar 585W 2 m\u1eb7t k\u00ednh","og_description":"T\u1ea4M PIN M\u1eb6T TR\u1edcI AE SOLAR 585W 2 M\u1eb6T K\u00cdNH N-TYPE TOPCON (AE CMD-144BDS 585W) AE Solar cam k\u1ebft ch\u1ec9 cung c\u1ea5p nh\u1eefng s\u1ea3n ph\u1ea9m c\u00f3 ch\u1ea5t l\u01b0\u1ee3ng t\u1ed1t nh\u1ea5t cho kh\u00e1ch h\u00e0ng. Do \u0111\u00f3, t\u1ef7 l\u1ec7 ki\u1ec3m tra c\u1ee7a h\u00e3ng l\u00e0 100% cho c\u00e1c n\u1ed9i dung ki\u1ec3m tra tr\u1ef1c quan, ki\u1ec3m tra EL, ki\u1ec3m [&hellip;]","og_url":"https:\/\/kawasan.vn\/en\/product\/tam-pin-nang-luong-mat-troi-ae-solar-585w-2-mat-kinh\/","og_site_name":"Kawasan","article_modified_time":"2026-04-24T08:23:27+00:00","og_image":[{"width":1080,"height":1080,"url":"https:\/\/kawasan.vn\/wp-content\/uploads\/2026\/04\/3-2-1.png","type":"image\/png"}],"twitter_card":"summary_large_image","twitter_misc":{"Est. reading time":"6 minutes"},"schema":{"@context":"https:\/\/schema.org","@graph":[{"@type":"WebPage","@id":"https:\/\/kawasan.vn\/san-pham\/tam-pin-nang-luong-mat-troi-ae-solar-585w-2-mat-kinh\/","url":"https:\/\/kawasan.vn\/san-pham\/tam-pin-nang-luong-mat-troi-ae-solar-585w-2-mat-kinh\/","name":"T\u1ea5m pin n\u0103ng l\u01b0\u1ee3ng m\u1eb7t tr\u1eddi AE Solar 585W 2 m\u1eb7t k\u00ednh - Kawasan","isPartOf":{"@id":"https:\/\/kawasan.vn\/#website"},"primaryImageOfPage":{"@id":"https:\/\/kawasan.vn\/san-pham\/tam-pin-nang-luong-mat-troi-ae-solar-585w-2-mat-kinh\/#primaryimage"},"image":{"@id":"https:\/\/kawasan.vn\/san-pham\/tam-pin-nang-luong-mat-troi-ae-solar-585w-2-mat-kinh\/#primaryimage"},"thumbnailUrl":"https:\/\/kawasan.vn\/wp-content\/uploads\/2026\/04\/3-2-1.png","datePublished":"2026-04-24T08:16:02+00:00","dateModified":"2026-04-24T08:23:27+00:00","breadcrumb":{"@id":"https:\/\/kawasan.vn\/san-pham\/tam-pin-nang-luong-mat-troi-ae-solar-585w-2-mat-kinh\/#breadcrumb"},"inLanguage":"en-US","potentialAction":[{"@type":"ReadAction","target":["https:\/\/kawasan.vn\/san-pham\/tam-pin-nang-luong-mat-troi-ae-solar-585w-2-mat-kinh\/"]}]},{"@type":"ImageObject","inLanguage":"en-US","@id":"https:\/\/kawasan.vn\/san-pham\/tam-pin-nang-luong-mat-troi-ae-solar-585w-2-mat-kinh\/#primaryimage","url":"https:\/\/kawasan.vn\/wp-content\/uploads\/2026\/04\/3-2-1.png","contentUrl":"https:\/\/kawasan.vn\/wp-content\/uploads\/2026\/04\/3-2-1.png","width":1080,"height":1080},{"@type":"BreadcrumbList","@id":"https:\/\/kawasan.vn\/san-pham\/tam-pin-nang-luong-mat-troi-ae-solar-585w-2-mat-kinh\/#breadcrumb","itemListElement":[{"@type":"ListItem","position":1,"name":"Trang ch\u1ee7","item":"https:\/\/kawasan.vn\/"},{"@type":"ListItem","position":2,"name":"S\u1ea3n ph\u1ea9m","item":"https:\/\/kawasan.vn\/san-pham\/"},{"@type":"ListItem","position":3,"name":"T\u1ea5m pin n\u0103ng l\u01b0\u1ee3ng m\u1eb7t tr\u1eddi AE Solar 585W 2 m\u1eb7t k\u00ednh"}]},{"@type":"WebSite","@id":"https:\/\/kawasan.vn\/#website","url":"https:\/\/kawasan.vn\/","name":"Kawasan","description":"","potentialAction":[{"@type":"SearchAction","target":{"@type":"EntryPoint","urlTemplate":"https:\/\/kawasan.vn\/?s={search_term_string}"},"query-input":{"@type":"PropertyValueSpecification","valueRequired":true,"valueName":"search_term_string"}}],"inLanguage":"en-US"}]}},"_links":{"self":[{"href":"https:\/\/kawasan.vn\/en\/wp-json\/wp\/v2\/product\/30992","targetHints":{"allow":["GET"]}}],"collection":[{"href":"https:\/\/kawasan.vn\/en\/wp-json\/wp\/v2\/product"}],"about":[{"href":"https:\/\/kawasan.vn\/en\/wp-json\/wp\/v2\/types\/product"}],"replies":[{"embeddable":true,"href":"https:\/\/kawasan.vn\/en\/wp-json\/wp\/v2\/comments?post=30992"}],"version-history":[{"count":3,"href":"https:\/\/kawasan.vn\/en\/wp-json\/wp\/v2\/product\/30992\/revisions"}],"predecessor-version":[{"id":31012,"href":"https:\/\/kawasan.vn\/en\/wp-json\/wp\/v2\/product\/30992\/revisions\/31012"}],"wp:featuredmedia":[{"embeddable":true,"href":"https:\/\/kawasan.vn\/en\/wp-json\/wp\/v2\/media\/31001"}],"wp:attachment":[{"href":"https:\/\/kawasan.vn\/en\/wp-json\/wp\/v2\/media?parent=30992"}],"wp:term":[{"taxonomy":"product_cat","embeddable":true,"href":"https:\/\/kawasan.vn\/en\/wp-json\/wp\/v2\/product_cat?post=30992"},{"taxonomy":"product_tag","embeddable":true,"href":"https:\/\/kawasan.vn\/en\/wp-json\/wp\/v2\/product_tag?post=30992"}],"curies":[{"name":"wp","href":"https:\/\/api.w.org\/{rel}","templated":true}]}}