{"id":30937,"date":"2026-04-23T11:25:21","date_gmt":"2026-04-23T04:25:21","guid":{"rendered":"https:\/\/kawasan.vn\/?post_type=product&#038;p=30937"},"modified":"2026-04-23T17:08:23","modified_gmt":"2026-04-23T10:08:23","slug":"pin-lithium-luu-tru-kawasan-lifepo4-51-2v-280ah-300ah-314ah-dung-cho-dien-mat-troi-luu-dien-du-phong","status":"publish","type":"product","link":"https:\/\/kawasan.vn\/en\/product\/pin-lithium-luu-tru-kawasan-lifepo4-51-2v-280ah-300ah-314ah-dung-cho-dien-mat-troi-luu-dien-du-phong\/","title":{"rendered":"Pin Lithium L\u01b0u Tr\u1eef Ecopower, Nh\u00e3n Hi\u1ec7u Kawasan LiFePO4 51.2V (280Ah \/ 300Ah \/ 314Ah) \u2013 D\u00f9ng Cho \u0110i\u1ec7n M\u1eb7t Tr\u1eddi &#038; L\u01b0u \u0110i\u1ec7n D\u1ef1 Ph\u00f2ng"},"content":{"rendered":"<h1 data-section-id=\"js5jho\" data-start=\"107\" data-end=\"169\"><span class=\"ez-toc-section\" id=\"PIN_LITHIUM_LUU_TRU_KAWASAN_LiFePO4_512V_280Ah_%E2%80%93_314Ah\"><\/span>PIN LITHIUM L\u01afU TR\u1eee KAWASAN LiFePO4 51.2V (280Ah \u2013 314Ah)<span class=\"ez-toc-section-end\"><\/span><\/h1><div id=\"ez-toc-container\" class=\"ez-toc-v2_0_69_1 counter-hierarchy ez-toc-counter ez-toc-grey ez-toc-container-direction\">\n<div class=\"ez-toc-title-container\">\n<p class=\"ez-toc-title\" >N\u1ed9i Dung B&agrave;i Vi\u1ebft<\/p>\n<span class=\"ez-toc-title-toggle\"><a href=\"#\" class=\"ez-toc-pull-right ez-toc-btn ez-toc-btn-xs ez-toc-btn-default ez-toc-toggle\" aria-label=\"Toggle Table of Content\"><span class=\"ez-toc-js-icon-con\"><span class=\"\"><span class=\"eztoc-hide\" style=\"display:none;\">Toggle<\/span><span class=\"ez-toc-icon-toggle-span\"><svg style=\"fill: #999;color:#999\" xmlns=\"http:\/\/www.w3.org\/2000\/svg\" class=\"list-377408\" width=\"20px\" height=\"20px\" viewbox=\"0 0 24 24\" fill=\"none\"><path d=\"M6 6H4v2h2V6zm14 0H8v2h12V6zM4 11h2v2H4v-2zm16 0H8v2h12v-2zM4 16h2v2H4v-2zm16 0H8v2h12v-2z\" fill=\"currentColor\"><\/path><\/svg><svg style=\"fill: #999;color:#999\" class=\"arrow-unsorted-368013\" xmlns=\"http:\/\/www.w3.org\/2000\/svg\" width=\"10px\" height=\"10px\" viewbox=\"0 0 24 24\" version=\"1.2\" baseprofile=\"tiny\"><path d=\"M18.2 9.3l-6.2-6.3-6.2 6.3c-.2.2-.3.4-.3.7s.1.5.3.7c.2.2.4.3.7.3h11c.3 0 .5-.1.7-.3.2-.2.3-.5.3-.7s-.1-.5-.3-.7zM5.8 14.7l6.2 6.3 6.2-6.3c.2-.2.3-.5.3-.7s-.1-.5-.3-.7c-.2-.2-.4-.3-.7-.3h-11c-.3 0-.5.1-.7.3-.2.2-.3.5-.3.7s.1.5.3.7z\"\/><\/svg><\/span><\/span><\/span><\/a><\/span><\/div>\n<nav><ul class='ez-toc-list ez-toc-list-level-1 eztoc-toggle-hide-by-default' ><li class='ez-toc-page-1 ez-toc-heading-level-1'><a class=\"ez-toc-link ez-toc-heading-1\" href=\"https:\/\/kawasan.vn\/en\/product\/pin-lithium-luu-tru-kawasan-lifepo4-51-2v-280ah-300ah-314ah-dung-cho-dien-mat-troi-luu-dien-du-phong\/#PIN_LITHIUM_LUU_TRU_KAWASAN_LiFePO4_512V_280Ah_%E2%80%93_314Ah\" title=\"PIN LITHIUM L\u01afU TR\u1eee KAWASAN LiFePO4 51.2V (280Ah \u2013 314Ah)\">PIN LITHIUM L\u01afU TR\u1eee KAWASAN LiFePO4 51.2V (280Ah \u2013 314Ah)<\/a><ul class='ez-toc-list-level-2' ><li class='ez-toc-heading-level-2'><a class=\"ez-toc-link ez-toc-heading-2\" href=\"https:\/\/kawasan.vn\/en\/product\/pin-lithium-luu-tru-kawasan-lifepo4-51-2v-280ah-300ah-314ah-dung-cho-dien-mat-troi-luu-dien-du-phong\/#THONG_SO_CHUNG\" title=\"TH\u00d4NG S\u1ed0 CHUNG\">TH\u00d4NG S\u1ed0 CHUNG<\/a><\/li><li class='ez-toc-page-1 ez-toc-heading-level-2'><a class=\"ez-toc-link ez-toc-heading-3\" href=\"https:\/\/kawasan.vn\/en\/product\/pin-lithium-luu-tru-kawasan-lifepo4-51-2v-280ah-300ah-314ah-dung-cho-dien-mat-troi-luu-dien-du-phong\/#DAC_DIEM_NOI_BAT_LOI_ICH\" title=\"\u0110\u1eb6C \u0110I\u1ec2M N\u1ed4I B\u1eacT &amp; L\u1ee2I \u00cdCH\">\u0110\u1eb6C \u0110I\u1ec2M N\u1ed4I B\u1eacT &amp; L\u1ee2I \u00cdCH<\/a><\/li><li class='ez-toc-page-1 ez-toc-heading-level-2'><a class=\"ez-toc-link ez-toc-heading-4\" href=\"https:\/\/kawasan.vn\/en\/product\/pin-lithium-luu-tru-kawasan-lifepo4-51-2v-280ah-300ah-314ah-dung-cho-dien-mat-troi-luu-dien-du-phong\/#UNG_DUNG_DA_DANG_CUA_PIN_LITHIUM_KAWASAN\" title=\"\u1ee8NG D\u1ee4NG \u0110A D\u1ea0NG C\u1ee6A PIN LITHIUM KAWASAN\">\u1ee8NG D\u1ee4NG \u0110A D\u1ea0NG C\u1ee6A PIN LITHIUM KAWASAN<\/a><\/li><\/ul><\/li><\/ul><\/nav><\/div>\n\n<p data-start=\"171\" data-end=\"425\">Pin Lithium KAWASAN s\u1eed d\u1ee5ng c\u00f4ng ngh\u1ec7 <strong data-start=\"209\" data-end=\"237\">LiFePO4 an to\u00e0n \u2013 b\u1ec1n b\u1ec9<\/strong>, chuy\u00ean d\u00f9ng cho h\u1ec7 th\u1ed1ng <strong data-start=\"264\" data-end=\"320\">\u0111i\u1ec7n m\u1eb7t tr\u1eddi, hybrid, off-grid v\u00e0 l\u01b0u \u0111i\u1ec7n d\u1ef1 ph\u00f2ng<\/strong>.<br data-start=\"321\" data-end=\"324\" \/>Thi\u1ebft k\u1ebf hi\u1ec7n \u0111\u1ea1i, t\u00edch h\u1ee3p Smart BMS v\u00e0 k\u1ebft n\u1ed1i WiFi gi\u00fap qu\u1ea3n l\u00fd d\u1ec5 d\u00e0ng, v\u1eadn h\u00e0nh \u1ed5n \u0111\u1ecbnh l\u00e2u d\u00e0i.<\/p>\n<h2 data-section-id=\"njberq\" data-start=\"432\" data-end=\"452\"><span class=\"ez-toc-section\" id=\"THONG_SO_CHUNG\"><\/span>TH\u00d4NG S\u1ed0 CHUNG<span class=\"ez-toc-section-end\"><\/span><\/h2>\n<ul data-start=\"454\" data-end=\"742\">\n<li data-section-id=\"1sl5aea\" data-start=\"454\" data-end=\"484\">\u0110i\u1ec7n \u00e1p danh \u0111\u1ecbnh: <strong data-start=\"475\" data-end=\"484\">51.2V<\/strong><\/li>\n<li data-section-id=\"1g3cdu7\" data-start=\"485\" data-end=\"538\">C\u00f4ng ngh\u1ec7 pin: <strong data-start=\"502\" data-end=\"538\">LiFePO4 (Lithium Iron Phosphate)<\/strong><\/li>\n<li data-section-id=\"56qu2f\" data-start=\"539\" data-end=\"568\">D\u00f2ng s\u1ea1c t\u1ed1i \u0111a: <strong data-start=\"558\" data-end=\"568\">\u2264 200A<\/strong><\/li>\n<li data-section-id=\"46j7rx\" data-start=\"569\" data-end=\"597\">D\u00f2ng x\u1ea3 t\u1ed1i \u0111a: <strong data-start=\"587\" data-end=\"597\">\u2264 200A<\/strong><\/li>\n<li data-section-id=\"pmqfc9\" data-start=\"598\" data-end=\"642\">K\u1ebft n\u1ed1i: <strong data-start=\"609\" data-end=\"642\">WiFi gi\u00e1m s\u00e1t &amp; c\u00e0i \u0111\u1eb7t t\u1eeb xa<\/strong><\/li>\n<li data-section-id=\"aqeelx\" data-start=\"643\" data-end=\"693\">T\u01b0\u01a1ng th\u00edch: <strong data-start=\"658\" data-end=\"693\">Nhi\u1ec1u lo\u1ea1i inverter (Smart BMS)<\/strong><\/li>\n<li data-section-id=\"1xlrpbb\" data-start=\"694\" data-end=\"720\">\u0110\u1ed9 s\u00e2u x\u1ea3 (DOD): <strong data-start=\"713\" data-end=\"720\">80%<\/strong><\/li>\n<li data-section-id=\"1qt7imf\" data-start=\"721\" data-end=\"742\">B\u1ea3o h\u00e0nh: <strong>6\u00a0n\u0103m<\/strong><\/li>\n<\/ul>\n<p><img loading=\"lazy\" decoding=\"async\" class=\"aligncenter wp-image-30954\" src=\"https:\/\/kawasan.vn\/wp-content\/uploads\/2026\/04\/Thiet-ke-chua-co-ten-92-1.png\" alt=\"\" width=\"1106\" height=\"737\" srcset=\"https:\/\/kawasan.vn\/wp-content\/uploads\/2026\/04\/Thiet-ke-chua-co-ten-92-1-1024x683.png 1024w, https:\/\/kawasan.vn\/wp-content\/uploads\/2026\/04\/Thiet-ke-chua-co-ten-92-1-768x512.png 768w, https:\/\/kawasan.vn\/wp-content\/uploads\/2026\/04\/Thiet-ke-chua-co-ten-92-1-640x427.png 640w, https:\/\/kawasan.vn\/wp-content\/uploads\/2026\/04\/Thiet-ke-chua-co-ten-92-1-400x267.png 400w\" sizes=\"auto, (max-width: 1106px) 100vw, 1106px\" \/><\/p>\n<h2 data-section-id=\"1xo5sco\" data-start=\"125\" data-end=\"156\"><span class=\"ez-toc-section\" id=\"DAC_DIEM_NOI_BAT_LOI_ICH\"><\/span>\u0110\u1eb6C \u0110I\u1ec2M N\u1ed4I B\u1eacT &amp; L\u1ee2I \u00cdCH<span class=\"ez-toc-section-end\"><\/span><\/h2>\n<ul>\n<li data-start=\"158\" data-end=\"362\"><strong data-start=\"158\" data-end=\"197\">Dung l\u01b0\u1ee3ng l\u1edbn \u2013 \u0111\u00e1p \u1ee9ng \u0111a nhu c\u1ea7u: <\/strong>V\u1edbi d\u1ea3i dung l\u01b0\u1ee3ng t\u1eeb <strong data-start=\"222\" data-end=\"244\">14.3kWh \u2013 16.07kWh<\/strong>, pin ph\u00f9 h\u1ee3p cho nhi\u1ec1u m\u1ee5c \u0111\u00edch s\u1eed d\u1ee5ng nh\u01b0 h\u1ed9 gia \u0111\u00ecnh, c\u1eeda h\u00e0ng, trang tr\u1ea1i ho\u1eb7c h\u1ec7 th\u1ed1ng \u0111i\u1ec7n m\u1eb7t tr\u1eddi quy m\u00f4 l\u1edbn.<\/li>\n<li data-start=\"364\" data-end=\"549\"><strong data-start=\"364\" data-end=\"398\">Smart BMS \u2013 qu\u1ea3n l\u00fd th\u00f4ng minh: <\/strong>Trang b\u1ecb h\u1ec7 th\u1ed1ng <strong data-start=\"419\" data-end=\"436\">BMS ti\u00ean ti\u1ebfn<\/strong>, t\u01b0\u01a1ng th\u00edch v\u1edbi nhi\u1ec1u lo\u1ea1i inverter, gi\u00fap t\u1ed1i \u01b0u hi\u1ec7u su\u1ea5t s\u1ea1c\/x\u1ea3 v\u00e0 b\u1ea3o v\u1ec7 to\u00e0n di\u1ec7n trong qu\u00e1 tr\u00ecnh v\u1eadn h\u00e0nh.<\/li>\n<li data-start=\"551\" data-end=\"712\"><strong data-start=\"551\" data-end=\"587\">Tu\u1ed5i th\u1ecd cao \u2013 ti\u1ebft ki\u1ec7m l\u00e2u d\u00e0i: <\/strong>H\u01a1n <strong data-start=\"594\" data-end=\"626\">6000 chu k\u1ef3 s\u1ea1c\/x\u1ea3 (80% DOD)<\/strong>, cho tu\u1ed5i th\u1ecd v\u01b0\u1ee3t tr\u1ed9i so v\u1edbi \u1eafc quy truy\u1ec1n th\u1ed1ng, gi\u1ea3m chi ph\u00ed thay th\u1ebf v\u00e0 b\u1ea3o tr\u00ec.<\/li>\n<li data-start=\"714\" data-end=\"830\"><strong data-start=\"714\" data-end=\"737\">Hi\u1ec7u su\u1ea5t v\u01b0\u1ee3t tr\u1ed9i: <\/strong>Hi\u1ec7u su\u1ea5t \u0111\u1ea1t <strong data-start=\"754\" data-end=\"762\">&gt;98%<\/strong>, gi\u00fap t\u1ed1i \u0111a h\u00f3a l\u01b0\u1ee3ng \u0111i\u1ec7n s\u1eed d\u1ee5ng, h\u1ea1n ch\u1ebf th\u1ea5t tho\u00e1t n\u0103ng l\u01b0\u1ee3ng.<\/li>\n<li data-start=\"832\" data-end=\"974\"><strong data-start=\"832\" data-end=\"866\">Thi\u1ebft k\u1ebf g\u1ecdn g\u00e0ng \u2013 d\u1ec5 l\u1eafp \u0111\u1eb7t: <\/strong>Ki\u1ec3u d\u00e1ng \u0111\u1eb7t \u0111\u1ee9ng hi\u1ec7n \u0111\u1ea1i, t\u1ed1i \u01b0u kh\u00f4ng gian, ph\u00f9 h\u1ee3p l\u1eafp \u0111\u1eb7t trong nh\u00e0, ph\u00f2ng k\u1ef9 thu\u1eadt ho\u1eb7c nh\u00e0 x\u01b0\u1edfng.<\/li>\n<li data-start=\"976\" data-end=\"1143\"><strong data-start=\"976\" data-end=\"1010\">An to\u00e0n cao \u2013 v\u1eadn h\u00e0nh \u1ed5n \u0111\u1ecbnh: <\/strong>T\u00edch h\u1ee3p nhi\u1ec1u l\u1edbp b\u1ea3o v\u1ec7: <strong data-start=\"1040\" data-end=\"1082\">qu\u00e1 \u00e1p, qu\u00e1 d\u00f2ng, qu\u00e1 nhi\u1ec7t, ng\u1eafn m\u1ea1ch<\/strong>, \u0111\u1ea3m b\u1ea3o an to\u00e0n v\u00e0 \u0111\u1ed9 tin c\u1eady trong su\u1ed1t qu\u00e1 tr\u00ecnh s\u1eed d\u1ee5ng.<\/li>\n<\/ul>\n<h2 data-start=\"116\" data-end=\"161\" data-section-id=\"57g9yj\"><span class=\"ez-toc-section\" id=\"UNG_DUNG_DA_DANG_CUA_PIN_LITHIUM_KAWASAN\"><\/span>\u1ee8NG D\u1ee4NG \u0110A D\u1ea0NG C\u1ee6A PIN LITHIUM KAWASAN<span class=\"ez-toc-section-end\"><\/span><\/h2>\n<p data-start=\"163\" data-end=\"296\">V\u1edbi dung l\u01b0\u1ee3ng l\u1edbn v\u00e0 kh\u1ea3 n\u0103ng v\u1eadn h\u00e0nh \u1ed5n \u0111\u1ecbnh, pin Lithium KAWASAN 51.2V (280Ah \u2013 314Ah) ph\u00f9 h\u1ee3p cho nhi\u1ec1u h\u1ec7 th\u1ed1ng \u0111i\u1ec7n kh\u00e1c nhau:<\/p>\n<p data-start=\"298\" data-end=\"500\"><strong data-start=\"298\" data-end=\"340\">H\u1ec7 th\u1ed1ng \u0111i\u1ec7n m\u1eb7t tr\u1eddi (Solar l\u01b0u tr\u1eef)<\/strong><br data-start=\"340\" data-end=\"343\" \/>L\u01b0u tr\u1eef n\u0103ng l\u01b0\u1ee3ng hi\u1ec7u qu\u1ea3 cho h\u1ec7 th\u1ed1ng \u0111i\u1ec7n m\u1eb7t tr\u1eddi gia \u0111\u00ecnh, c\u1eeda h\u00e0ng, trang tr\u1ea1i ho\u1eb7c doanh nghi\u1ec7p, \u0111\u1ea3m b\u1ea3o ngu\u1ed3n \u0111i\u1ec7n s\u1eed d\u1ee5ng li\u00ean t\u1ee5c c\u1ea3 ng\u00e0y l\u1eabn \u0111\u00eam.<\/p>\n<ul>\n<li data-start=\"298\" data-end=\"500\">Pin Lithium KAWASAN EB-PLUS 51.2V 280Ah ph\u00f9 h\u1ee3p cho h\u1ec7 th\u1ed1ng \u0111i\u1ec7n m\u1eb7t tr\u1eddi quy m\u00f4 <strong>v\u1eeba<\/strong> nh\u01b0 h\u1ed9 gia \u0111\u00ecnh, c\u1eeda h\u00e0ng nh\u1ecf, gi\u00fap t\u1ed1i \u01b0u chi ph\u00ed \u0111\u1ea7u t\u01b0.<\/li>\n<li data-start=\"298\" data-end=\"500\">Trong khi \u0111\u00f3, c\u00e1c d\u00f2ng EB-PLUS 51.2V 314Ah v\u00e0 EP-300 XS MAX 300Ah v\u1edbi dung l\u01b0\u1ee3ng<strong> l\u1edbn<\/strong> h\u01a1n s\u1ebd ph\u00f9 h\u1ee3p cho h\u1ec7 th\u1ed1ng \u0111i\u1ec7n m\u1eb7t tr\u1eddi c\u00f4ng su\u1ea5t l\u1edbn nh\u01b0 bi\u1ec7t th\u1ef1, trang tr\u1ea1i, nh\u00e0 x\u01b0\u1edfng, \u0111\u1ea3m b\u1ea3o ngu\u1ed3n \u0111i\u1ec7n \u1ed5n \u0111\u1ecbnh v\u00e0 li\u00ean t\u1ee5c.<\/li>\n<\/ul>\n<p data-start=\"502\" data-end=\"659\"><strong data-start=\"502\" data-end=\"523\">\u0110i\u1ec7n d\u1ef1 ph\u00f2ng UPS<\/strong><br data-start=\"523\" data-end=\"526\" \/>Cung c\u1ea5p ngu\u1ed3n \u0111i\u1ec7n \u1ed5n \u0111\u1ecbnh, kh\u00f4ng gi\u00e1n \u0111o\u1ea1n cho c\u00e1c thi\u1ebft b\u1ecb quan tr\u1ecdng nh\u01b0 m\u00e1y ch\u1ee7, camera, thi\u1ebft b\u1ecb y t\u1ebf ho\u1eb7c d\u00e2y chuy\u1ec1n s\u1ea3n xu\u1ea5t.<\/p>\n<p data-start=\"661\" data-end=\"813\"><strong data-start=\"661\" data-end=\"700\">Tr\u1ea1m vi\u1ec5n th\u00f4ng &amp; h\u1ec7 th\u1ed1ng k\u1ef9 thu\u1eadt<\/strong><br data-start=\"700\" data-end=\"703\" \/>\u0110\u1ea3m b\u1ea3o ho\u1ea1t \u0111\u1ed9ng li\u00ean t\u1ee5c cho c\u00e1c tr\u1ea1m ph\u00e1t s\u00f3ng, h\u1ec7 th\u1ed1ng \u0111i\u1ec1u khi\u1ec3n v\u00e0 c\u00e1c \u1ee9ng d\u1ee5ng y\u00eau c\u1ea7u \u0111\u1ed9 \u1ed5n \u0111\u1ecbnh cao.<\/p>\n<p data-start=\"661\" data-end=\"813\"><img loading=\"lazy\" decoding=\"async\" class=\"aligncenter wp-image-30951\" src=\"https:\/\/kawasan.vn\/wp-content\/uploads\/2026\/04\/Thiet-ke-chua-co-ten-91.png\" alt=\"\" width=\"1180\" height=\"1040\" srcset=\"https:\/\/kawasan.vn\/wp-content\/uploads\/2026\/04\/Thiet-ke-chua-co-ten-91-1024x902.png 1024w, https:\/\/kawasan.vn\/wp-content\/uploads\/2026\/04\/Thiet-ke-chua-co-ten-91-768x677.png 768w, https:\/\/kawasan.vn\/wp-content\/uploads\/2026\/04\/Thiet-ke-chua-co-ten-91-640x564.png 640w, https:\/\/kawasan.vn\/wp-content\/uploads\/2026\/04\/Thiet-ke-chua-co-ten-91-400x352.png 400w, https:\/\/kawasan.vn\/wp-content\/uploads\/2026\/04\/Thiet-ke-chua-co-ten-91-1000x881.png 1000w\" sizes=\"auto, (max-width: 1180px) 100vw, 1180px\" \/><\/p>\n<p data-start=\"661\" data-end=\"813\">","protected":false},"excerpt":{"rendered":"<p>PIN LITHIUM L\u01afU TR\u1eee KAWASAN LiFePO4 51.2V (280Ah \u2013 314Ah) Pin Lithium KAWASAN s\u1eed d\u1ee5ng c\u00f4ng ngh\u1ec7 LiFePO4 an to\u00e0n \u2013 b\u1ec1n b\u1ec9, chuy\u00ean d\u00f9ng cho h\u1ec7 th\u1ed1ng \u0111i\u1ec7n m\u1eb7t tr\u1eddi, hybrid, off-grid v\u00e0 l\u01b0u \u0111i\u1ec7n d\u1ef1 ph\u00f2ng.Thi\u1ebft k\u1ebf hi\u1ec7n \u0111\u1ea1i, t\u00edch h\u1ee3p Smart BMS v\u00e0 k\u1ebft n\u1ed1i WiFi gi\u00fap qu\u1ea3n l\u00fd d\u1ec5 d\u00e0ng, v\u1eadn [&hellip;]<\/p>","protected":false},"featured_media":30943,"comment_status":"open","ping_status":"closed","template":"","meta":{"_yoast_wpseo_focuskw":"","_yoast_wpseo_metadesc":"","_yoast_wpseo_focuskeywords":"","_yoast_wpseo_keyword_synonyms":""},"product_cat":[2602],"product_tag":[],"class_list":["post-30937","product","type-product","status-publish","has-post-thumbnail","hentry","product_cat-pin-luu-tru-lithium-lifepo4"],"acf":[],"yoast_head":"<!-- This site is optimized with the Yoast SEO Premium plugin v24.9 (Yoast SEO v24.9) - https:\/\/yoast.com\/wordpress\/plugins\/seo\/ -->\n<title>Pin Lithium L\u01b0u Tr\u1eef Ecopower, Nh\u00e3n Hi\u1ec7u Kawasan LiFePO4 51.2V (280Ah \/ 300Ah \/ 314Ah) \u2013 D\u00f9ng Cho \u0110i\u1ec7n M\u1eb7t Tr\u1eddi &amp; L\u01b0u \u0110i\u1ec7n D\u1ef1 Ph\u00f2ng - Kawasan<\/title>\n<meta name=\"robots\" content=\"index, follow, max-snippet:-1, max-image-preview:large, max-video-preview:-1\" \/>\n<link rel=\"canonical\" href=\"https:\/\/kawasan.vn\/en\/product\/pin-lithium-luu-tru-kawasan-lifepo4-51-2v-280ah-300ah-314ah-dung-cho-dien-mat-troi-luu-dien-du-phong\/\" \/>\n<meta property=\"og:locale\" content=\"en_US\" \/>\n<meta property=\"og:type\" content=\"article\" \/>\n<meta property=\"og:title\" content=\"Pin Lithium L\u01b0u Tr\u1eef Ecopower, Nh\u00e3n Hi\u1ec7u Kawasan LiFePO4 51.2V (280Ah \/ 300Ah \/ 314Ah) \u2013 D\u00f9ng Cho \u0110i\u1ec7n M\u1eb7t Tr\u1eddi &amp; L\u01b0u \u0110i\u1ec7n D\u1ef1 Ph\u00f2ng\" \/>\n<meta property=\"og:description\" content=\"PIN LITHIUM L\u01afU TR\u1eee KAWASAN LiFePO4 51.2V (280Ah \u2013 314Ah) Pin Lithium KAWASAN s\u1eed d\u1ee5ng c\u00f4ng ngh\u1ec7 LiFePO4 an to\u00e0n \u2013 b\u1ec1n b\u1ec9, chuy\u00ean d\u00f9ng cho h\u1ec7 th\u1ed1ng \u0111i\u1ec7n m\u1eb7t tr\u1eddi, hybrid, off-grid v\u00e0 l\u01b0u \u0111i\u1ec7n d\u1ef1 ph\u00f2ng.Thi\u1ebft k\u1ebf hi\u1ec7n \u0111\u1ea1i, t\u00edch h\u1ee3p Smart BMS v\u00e0 k\u1ebft n\u1ed1i WiFi gi\u00fap qu\u1ea3n l\u00fd d\u1ec5 d\u00e0ng, v\u1eadn [&hellip;]\" \/>\n<meta property=\"og:url\" content=\"https:\/\/kawasan.vn\/en\/product\/pin-lithium-luu-tru-kawasan-lifepo4-51-2v-280ah-300ah-314ah-dung-cho-dien-mat-troi-luu-dien-du-phong\/\" \/>\n<meta property=\"og:site_name\" content=\"Kawasan\" \/>\n<meta property=\"article:modified_time\" content=\"2026-04-23T10:08:23+00:00\" \/>\n<meta property=\"og:image\" content=\"https:\/\/kawasan.vn\/wp-content\/uploads\/2026\/04\/2-6.png\" \/>\n\t<meta property=\"og:image:width\" content=\"900\" \/>\n\t<meta property=\"og:image:height\" content=\"900\" \/>\n\t<meta property=\"og:image:type\" content=\"image\/png\" \/>\n<meta name=\"twitter:card\" content=\"summary_large_image\" \/>\n<meta name=\"twitter:label1\" content=\"Est. reading time\" \/>\n\t<meta name=\"twitter:data1\" content=\"4 minutes\" \/>\n<script type=\"application\/ld+json\" class=\"yoast-schema-graph\">{\"@context\":\"https:\/\/schema.org\",\"@graph\":[{\"@type\":\"WebPage\",\"@id\":\"https:\/\/kawasan.vn\/san-pham\/pin-lithium-luu-tru-kawasan-lifepo4-51-2v-280ah-300ah-314ah-dung-cho-dien-mat-troi-luu-dien-du-phong\/\",\"url\":\"https:\/\/kawasan.vn\/san-pham\/pin-lithium-luu-tru-kawasan-lifepo4-51-2v-280ah-300ah-314ah-dung-cho-dien-mat-troi-luu-dien-du-phong\/\",\"name\":\"Pin Lithium L\u01b0u Tr\u1eef Ecopower, Nh\u00e3n Hi\u1ec7u Kawasan LiFePO4 51.2V (280Ah \/ 300Ah \/ 314Ah) \u2013 D\u00f9ng Cho \u0110i\u1ec7n M\u1eb7t Tr\u1eddi & L\u01b0u \u0110i\u1ec7n D\u1ef1 Ph\u00f2ng - Kawasan\",\"isPartOf\":{\"@id\":\"https:\/\/kawasan.vn\/#website\"},\"primaryImageOfPage\":{\"@id\":\"https:\/\/kawasan.vn\/san-pham\/pin-lithium-luu-tru-kawasan-lifepo4-51-2v-280ah-300ah-314ah-dung-cho-dien-mat-troi-luu-dien-du-phong\/#primaryimage\"},\"image\":{\"@id\":\"https:\/\/kawasan.vn\/san-pham\/pin-lithium-luu-tru-kawasan-lifepo4-51-2v-280ah-300ah-314ah-dung-cho-dien-mat-troi-luu-dien-du-phong\/#primaryimage\"},\"thumbnailUrl\":\"https:\/\/kawasan.vn\/wp-content\/uploads\/2026\/04\/2-6.png\",\"datePublished\":\"2026-04-23T04:25:21+00:00\",\"dateModified\":\"2026-04-23T10:08:23+00:00\",\"breadcrumb\":{\"@id\":\"https:\/\/kawasan.vn\/san-pham\/pin-lithium-luu-tru-kawasan-lifepo4-51-2v-280ah-300ah-314ah-dung-cho-dien-mat-troi-luu-dien-du-phong\/#breadcrumb\"},\"inLanguage\":\"en-US\",\"potentialAction\":[{\"@type\":\"ReadAction\",\"target\":[\"https:\/\/kawasan.vn\/san-pham\/pin-lithium-luu-tru-kawasan-lifepo4-51-2v-280ah-300ah-314ah-dung-cho-dien-mat-troi-luu-dien-du-phong\/\"]}]},{\"@type\":\"ImageObject\",\"inLanguage\":\"en-US\",\"@id\":\"https:\/\/kawasan.vn\/san-pham\/pin-lithium-luu-tru-kawasan-lifepo4-51-2v-280ah-300ah-314ah-dung-cho-dien-mat-troi-luu-dien-du-phong\/#primaryimage\",\"url\":\"https:\/\/kawasan.vn\/wp-content\/uploads\/2026\/04\/2-6.png\",\"contentUrl\":\"https:\/\/kawasan.vn\/wp-content\/uploads\/2026\/04\/2-6.png\",\"width\":900,\"height\":900},{\"@type\":\"BreadcrumbList\",\"@id\":\"https:\/\/kawasan.vn\/san-pham\/pin-lithium-luu-tru-kawasan-lifepo4-51-2v-280ah-300ah-314ah-dung-cho-dien-mat-troi-luu-dien-du-phong\/#breadcrumb\",\"itemListElement\":[{\"@type\":\"ListItem\",\"position\":1,\"name\":\"Trang ch\u1ee7\",\"item\":\"https:\/\/kawasan.vn\/\"},{\"@type\":\"ListItem\",\"position\":2,\"name\":\"S\u1ea3n ph\u1ea9m\",\"item\":\"https:\/\/kawasan.vn\/san-pham\/\"},{\"@type\":\"ListItem\",\"position\":3,\"name\":\"Pin Lithium L\u01b0u Tr\u1eef Ecopower, Nh\u00e3n Hi\u1ec7u Kawasan LiFePO4 51.2V (280Ah \/ 300Ah \/ 314Ah) \u2013 D\u00f9ng Cho \u0110i\u1ec7n M\u1eb7t Tr\u1eddi &#038; L\u01b0u \u0110i\u1ec7n D\u1ef1 Ph\u00f2ng\"}]},{\"@type\":\"WebSite\",\"@id\":\"https:\/\/kawasan.vn\/#website\",\"url\":\"https:\/\/kawasan.vn\/\",\"name\":\"Kawasan\",\"description\":\"\",\"potentialAction\":[{\"@type\":\"SearchAction\",\"target\":{\"@type\":\"EntryPoint\",\"urlTemplate\":\"https:\/\/kawasan.vn\/?s={search_term_string}\"},\"query-input\":{\"@type\":\"PropertyValueSpecification\",\"valueRequired\":true,\"valueName\":\"search_term_string\"}}],\"inLanguage\":\"en-US\"}]}<\/script>\n<!-- \/ Yoast SEO Premium plugin. -->","yoast_head_json":{"title":"Pin Lithium L\u01b0u Tr\u1eef Ecopower, Nh\u00e3n Hi\u1ec7u Kawasan LiFePO4 51.2V (280Ah \/ 300Ah \/ 314Ah) \u2013 D\u00f9ng Cho \u0110i\u1ec7n M\u1eb7t Tr\u1eddi & L\u01b0u \u0110i\u1ec7n D\u1ef1 Ph\u00f2ng - Kawasan","robots":{"index":"index","follow":"follow","max-snippet":"max-snippet:-1","max-image-preview":"max-image-preview:large","max-video-preview":"max-video-preview:-1"},"canonical":"https:\/\/kawasan.vn\/en\/product\/pin-lithium-luu-tru-kawasan-lifepo4-51-2v-280ah-300ah-314ah-dung-cho-dien-mat-troi-luu-dien-du-phong\/","og_locale":"en_US","og_type":"article","og_title":"Pin Lithium L\u01b0u Tr\u1eef Ecopower, Nh\u00e3n Hi\u1ec7u Kawasan LiFePO4 51.2V (280Ah \/ 300Ah \/ 314Ah) \u2013 D\u00f9ng Cho \u0110i\u1ec7n M\u1eb7t Tr\u1eddi & L\u01b0u \u0110i\u1ec7n D\u1ef1 Ph\u00f2ng","og_description":"PIN LITHIUM L\u01afU TR\u1eee KAWASAN LiFePO4 51.2V (280Ah \u2013 314Ah) Pin Lithium KAWASAN s\u1eed d\u1ee5ng c\u00f4ng ngh\u1ec7 LiFePO4 an to\u00e0n \u2013 b\u1ec1n b\u1ec9, chuy\u00ean d\u00f9ng cho h\u1ec7 th\u1ed1ng \u0111i\u1ec7n m\u1eb7t tr\u1eddi, hybrid, off-grid v\u00e0 l\u01b0u \u0111i\u1ec7n d\u1ef1 ph\u00f2ng.Thi\u1ebft k\u1ebf hi\u1ec7n \u0111\u1ea1i, t\u00edch h\u1ee3p Smart BMS v\u00e0 k\u1ebft n\u1ed1i WiFi gi\u00fap qu\u1ea3n l\u00fd d\u1ec5 d\u00e0ng, v\u1eadn [&hellip;]","og_url":"https:\/\/kawasan.vn\/en\/product\/pin-lithium-luu-tru-kawasan-lifepo4-51-2v-280ah-300ah-314ah-dung-cho-dien-mat-troi-luu-dien-du-phong\/","og_site_name":"Kawasan","article_modified_time":"2026-04-23T10:08:23+00:00","og_image":[{"width":900,"height":900,"url":"https:\/\/kawasan.vn\/wp-content\/uploads\/2026\/04\/2-6.png","type":"image\/png"}],"twitter_card":"summary_large_image","twitter_misc":{"Est. reading time":"4 minutes"},"schema":{"@context":"https:\/\/schema.org","@graph":[{"@type":"WebPage","@id":"https:\/\/kawasan.vn\/san-pham\/pin-lithium-luu-tru-kawasan-lifepo4-51-2v-280ah-300ah-314ah-dung-cho-dien-mat-troi-luu-dien-du-phong\/","url":"https:\/\/kawasan.vn\/san-pham\/pin-lithium-luu-tru-kawasan-lifepo4-51-2v-280ah-300ah-314ah-dung-cho-dien-mat-troi-luu-dien-du-phong\/","name":"Pin Lithium L\u01b0u Tr\u1eef Ecopower, Nh\u00e3n Hi\u1ec7u Kawasan LiFePO4 51.2V (280Ah \/ 300Ah \/ 314Ah) \u2013 D\u00f9ng Cho \u0110i\u1ec7n M\u1eb7t Tr\u1eddi & L\u01b0u \u0110i\u1ec7n D\u1ef1 Ph\u00f2ng - Kawasan","isPartOf":{"@id":"https:\/\/kawasan.vn\/#website"},"primaryImageOfPage":{"@id":"https:\/\/kawasan.vn\/san-pham\/pin-lithium-luu-tru-kawasan-lifepo4-51-2v-280ah-300ah-314ah-dung-cho-dien-mat-troi-luu-dien-du-phong\/#primaryimage"},"image":{"@id":"https:\/\/kawasan.vn\/san-pham\/pin-lithium-luu-tru-kawasan-lifepo4-51-2v-280ah-300ah-314ah-dung-cho-dien-mat-troi-luu-dien-du-phong\/#primaryimage"},"thumbnailUrl":"https:\/\/kawasan.vn\/wp-content\/uploads\/2026\/04\/2-6.png","datePublished":"2026-04-23T04:25:21+00:00","dateModified":"2026-04-23T10:08:23+00:00","breadcrumb":{"@id":"https:\/\/kawasan.vn\/san-pham\/pin-lithium-luu-tru-kawasan-lifepo4-51-2v-280ah-300ah-314ah-dung-cho-dien-mat-troi-luu-dien-du-phong\/#breadcrumb"},"inLanguage":"en-US","potentialAction":[{"@type":"ReadAction","target":["https:\/\/kawasan.vn\/san-pham\/pin-lithium-luu-tru-kawasan-lifepo4-51-2v-280ah-300ah-314ah-dung-cho-dien-mat-troi-luu-dien-du-phong\/"]}]},{"@type":"ImageObject","inLanguage":"en-US","@id":"https:\/\/kawasan.vn\/san-pham\/pin-lithium-luu-tru-kawasan-lifepo4-51-2v-280ah-300ah-314ah-dung-cho-dien-mat-troi-luu-dien-du-phong\/#primaryimage","url":"https:\/\/kawasan.vn\/wp-content\/uploads\/2026\/04\/2-6.png","contentUrl":"https:\/\/kawasan.vn\/wp-content\/uploads\/2026\/04\/2-6.png","width":900,"height":900},{"@type":"BreadcrumbList","@id":"https:\/\/kawasan.vn\/san-pham\/pin-lithium-luu-tru-kawasan-lifepo4-51-2v-280ah-300ah-314ah-dung-cho-dien-mat-troi-luu-dien-du-phong\/#breadcrumb","itemListElement":[{"@type":"ListItem","position":1,"name":"Trang ch\u1ee7","item":"https:\/\/kawasan.vn\/"},{"@type":"ListItem","position":2,"name":"S\u1ea3n ph\u1ea9m","item":"https:\/\/kawasan.vn\/san-pham\/"},{"@type":"ListItem","position":3,"name":"Pin Lithium L\u01b0u Tr\u1eef Ecopower, Nh\u00e3n Hi\u1ec7u Kawasan LiFePO4 51.2V (280Ah \/ 300Ah \/ 314Ah) \u2013 D\u00f9ng Cho \u0110i\u1ec7n M\u1eb7t Tr\u1eddi &#038; L\u01b0u \u0110i\u1ec7n D\u1ef1 Ph\u00f2ng"}]},{"@type":"WebSite","@id":"https:\/\/kawasan.vn\/#website","url":"https:\/\/kawasan.vn\/","name":"Kawasan","description":"","potentialAction":[{"@type":"SearchAction","target":{"@type":"EntryPoint","urlTemplate":"https:\/\/kawasan.vn\/?s={search_term_string}"},"query-input":{"@type":"PropertyValueSpecification","valueRequired":true,"valueName":"search_term_string"}}],"inLanguage":"en-US"}]}},"_links":{"self":[{"href":"https:\/\/kawasan.vn\/en\/wp-json\/wp\/v2\/product\/30937","targetHints":{"allow":["GET"]}}],"collection":[{"href":"https:\/\/kawasan.vn\/en\/wp-json\/wp\/v2\/product"}],"about":[{"href":"https:\/\/kawasan.vn\/en\/wp-json\/wp\/v2\/types\/product"}],"replies":[{"embeddable":true,"href":"https:\/\/kawasan.vn\/en\/wp-json\/wp\/v2\/comments?post=30937"}],"version-history":[{"count":7,"href":"https:\/\/kawasan.vn\/en\/wp-json\/wp\/v2\/product\/30937\/revisions"}],"predecessor-version":[{"id":30969,"href":"https:\/\/kawasan.vn\/en\/wp-json\/wp\/v2\/product\/30937\/revisions\/30969"}],"wp:featuredmedia":[{"embeddable":true,"href":"https:\/\/kawasan.vn\/en\/wp-json\/wp\/v2\/media\/30943"}],"wp:attachment":[{"href":"https:\/\/kawasan.vn\/en\/wp-json\/wp\/v2\/media?parent=30937"}],"wp:term":[{"taxonomy":"product_cat","embeddable":true,"href":"https:\/\/kawasan.vn\/en\/wp-json\/wp\/v2\/product_cat?post=30937"},{"taxonomy":"product_tag","embeddable":true,"href":"https:\/\/kawasan.vn\/en\/wp-json\/wp\/v2\/product_tag?post=30937"}],"curies":[{"name":"wp","href":"https:\/\/api.w.org\/{rel}","templated":true}]}}