{"id":30655,"date":"2026-04-02T15:35:17","date_gmt":"2026-04-02T08:35:17","guid":{"rendered":"https:\/\/kawasan.vn\/?post_type=product&#038;p=30655"},"modified":"2026-04-03T09:05:57","modified_gmt":"2026-04-03T02:05:57","slug":"tu-dieu-khien-tu-xa-cong-suat-cao-kawasan-rf10a-2rm2c-3hp-25a","status":"publish","type":"product","link":"https:\/\/kawasan.vn\/en\/product\/tu-dieu-khien-tu-xa-cong-suat-cao-kawasan-rf10a-2rm2c-3hp-25a\/","title":{"rendered":"T\u1ee7 \u0110i\u1ec1u Khi\u1ec3n T\u1eeb Xa C\u00f4ng Su\u1ea5t Cao Kawasan RF10A-2RM2C (3HP \u2013 25A)"},"content":{"rendered":"<h2 data-section-id=\"yby75u\" data-start=\"296\" data-end=\"318\"><span class=\"ez-toc-section\" id=\"MO_TA_SAN_PHAM\"><\/span>M\u00d4 T\u1ea2 S\u1ea2N PH\u1ea8M<span class=\"ez-toc-section-end\"><\/span><\/h2><div id=\"ez-toc-container\" class=\"ez-toc-v2_0_69_1 counter-hierarchy ez-toc-counter ez-toc-grey ez-toc-container-direction\">\n<div class=\"ez-toc-title-container\">\n<p class=\"ez-toc-title\" >N\u1ed9i Dung B&agrave;i Vi\u1ebft<\/p>\n<span class=\"ez-toc-title-toggle\"><a href=\"#\" class=\"ez-toc-pull-right ez-toc-btn ez-toc-btn-xs ez-toc-btn-default ez-toc-toggle\" aria-label=\"Toggle Table of Content\"><span class=\"ez-toc-js-icon-con\"><span class=\"\"><span class=\"eztoc-hide\" style=\"display:none;\">Toggle<\/span><span class=\"ez-toc-icon-toggle-span\"><svg style=\"fill: #999;color:#999\" xmlns=\"http:\/\/www.w3.org\/2000\/svg\" class=\"list-377408\" width=\"20px\" height=\"20px\" viewbox=\"0 0 24 24\" fill=\"none\"><path d=\"M6 6H4v2h2V6zm14 0H8v2h12V6zM4 11h2v2H4v-2zm16 0H8v2h12v-2zM4 16h2v2H4v-2zm16 0H8v2h12v-2z\" fill=\"currentColor\"><\/path><\/svg><svg style=\"fill: #999;color:#999\" class=\"arrow-unsorted-368013\" xmlns=\"http:\/\/www.w3.org\/2000\/svg\" width=\"10px\" height=\"10px\" viewbox=\"0 0 24 24\" version=\"1.2\" baseprofile=\"tiny\"><path d=\"M18.2 9.3l-6.2-6.3-6.2 6.3c-.2.2-.3.4-.3.7s.1.5.3.7c.2.2.4.3.7.3h11c.3 0 .5-.1.7-.3.2-.2.3-.5.3-.7s-.1-.5-.3-.7zM5.8 14.7l6.2 6.3 6.2-6.3c.2-.2.3-.5.3-.7s-.1-.5-.3-.7c-.2-.2-.4-.3-.7-.3h-11c-.3 0-.5.1-.7.3-.2.2-.3.5-.3.7s.1.5.3.7z\"\/><\/svg><\/span><\/span><\/span><\/a><\/span><\/div>\n<nav><ul class='ez-toc-list ez-toc-list-level-1 eztoc-toggle-hide-by-default' ><li class='ez-toc-page-1 ez-toc-heading-level-2'><a class=\"ez-toc-link ez-toc-heading-1\" href=\"https:\/\/kawasan.vn\/en\/product\/tu-dieu-khien-tu-xa-cong-suat-cao-kawasan-rf10a-2rm2c-3hp-25a\/#MO_TA_SAN_PHAM\" title=\"M\u00d4 T\u1ea2 S\u1ea2N PH\u1ea8M\">M\u00d4 T\u1ea2 S\u1ea2N PH\u1ea8M<\/a><ul class='ez-toc-list-level-3' ><li class='ez-toc-heading-level-3'><a class=\"ez-toc-link ez-toc-heading-2\" href=\"https:\/\/kawasan.vn\/en\/product\/tu-dieu-khien-tu-xa-cong-suat-cao-kawasan-rf10a-2rm2c-3hp-25a\/#Thong_tin_nhan_dien_tu_san_pham\" title=\"Th\u00f4ng tin nh\u1eadn di\u1ec7n t\u1eeb s\u1ea3n ph\u1ea9m:\">Th\u00f4ng tin nh\u1eadn di\u1ec7n t\u1eeb s\u1ea3n ph\u1ea9m:<\/a><\/li><li class='ez-toc-page-1 ez-toc-heading-level-3'><a class=\"ez-toc-link ez-toc-heading-3\" href=\"https:\/\/kawasan.vn\/en\/product\/tu-dieu-khien-tu-xa-cong-suat-cao-kawasan-rf10a-2rm2c-3hp-25a\/#Cau_tao_noi_bat_tu_anh_thuc_te\" title=\"C\u1ea5u t\u1ea1o n\u1ed5i b\u1eadt (t\u1eeb \u1ea3nh th\u1ef1c t\u1ebf):\">C\u1ea5u t\u1ea1o n\u1ed5i b\u1eadt (t\u1eeb \u1ea3nh th\u1ef1c t\u1ebf):<\/a><\/li><li class='ez-toc-page-1 ez-toc-heading-level-3'><a class=\"ez-toc-link ez-toc-heading-4\" href=\"https:\/\/kawasan.vn\/en\/product\/tu-dieu-khien-tu-xa-cong-suat-cao-kawasan-rf10a-2rm2c-3hp-25a\/#Tinh_nang_loi_ich\" title=\"T\u00ednh n\u0103ng &amp; l\u1ee3i \u00edch:\">T\u00ednh n\u0103ng &amp; l\u1ee3i \u00edch:<\/a><\/li><li class='ez-toc-page-1 ez-toc-heading-level-3'><a class=\"ez-toc-link ez-toc-heading-5\" href=\"https:\/\/kawasan.vn\/en\/product\/tu-dieu-khien-tu-xa-cong-suat-cao-kawasan-rf10a-2rm2c-3hp-25a\/#Ung_dung_thuc_te\" title=\"\u1ee8ng d\u1ee5ng th\u1ef1c t\u1ebf:\">\u1ee8ng d\u1ee5ng th\u1ef1c t\u1ebf:<\/a><\/li><\/ul><\/li><\/ul><\/nav><\/div>\n\n<p data-start=\"320\" data-end=\"622\">B\u1ed9 \u0111i\u1ec1u khi\u1ec3n t\u1eeb xa c\u00f4ng su\u1ea5t cao Kawasan RF10A-2RM2C l\u00e0 gi\u1ea3i ph\u00e1p ti\u1ec7n l\u1ee3i gi\u00fap ng\u01b0\u1eddi d\u00f9ng b\u1eadt\/t\u1eaft thi\u1ebft b\u1ecb \u0111i\u1ec7n t\u1eeb xa m\u1ed9t c\u00e1ch nhanh ch\u00f3ng, an to\u00e0n v\u00e0 hi\u1ec7u qu\u1ea3. S\u1ea3n ph\u1ea9m ph\u00f9 h\u1ee3p cho c\u00e1c \u1ee9ng d\u1ee5ng \u0111i\u1ec1u khi\u1ec3n m\u00e1y b\u01a1m n\u01b0\u1edbc, \u0111\u1ed9ng c\u01a1, thi\u1ebft b\u1ecb \u0111i\u1ec7n c\u00f4ng su\u1ea5t l\u1edbn trong gia \u0111\u00ecnh, n\u00f4ng nghi\u1ec7p v\u00e0 c\u00f4ng nghi\u1ec7p.<\/p>\n<p data-start=\"624\" data-end=\"826\">Thi\u1ebft b\u1ecb \u0111\u01b0\u1ee3c thi\u1ebft k\u1ebf d\u1ea1ng h\u1ed9p k\u00edn ch\u1eafc ch\u1eafn, t\u00edch h\u1ee3p \u0111\u1ea7y \u0111\u1ee7 c\u00e1c th\u00e0nh ph\u1ea7n \u0111i\u1ec7n b\u00ean trong nh\u01b0 CB b\u1ea3o v\u1ec7, relay (contactor), module nh\u1eadn s\u00f3ng RF v\u00e0 domino \u0111\u1ea5u n\u1ed1i, \u0111\u1ea3m b\u1ea3o v\u1eadn h\u00e0nh \u1ed5n \u0111\u1ecbnh v\u00e0 an to\u00e0n.<\/p>\n<h3 data-section-id=\"2srat2\" data-start=\"828\" data-end=\"867\"><span class=\"ez-toc-section\" id=\"Thong_tin_nhan_dien_tu_san_pham\"><\/span>Th\u00f4ng tin nh\u1eadn di\u1ec7n t\u1eeb s\u1ea3n ph\u1ea9m:<span class=\"ez-toc-section-end\"><\/span><\/h3>\n<ul data-start=\"868\" data-end=\"1171\">\n<li data-section-id=\"16wm3fp\" data-start=\"868\" data-end=\"894\">Th\u01b0\u01a1ng hi\u1ec7u: <strong data-start=\"883\" data-end=\"894\">KAWASAN<\/strong><\/li>\n<li data-section-id=\"hzjac8\" data-start=\"895\" data-end=\"919\">Model: <strong data-start=\"904\" data-end=\"919\">RF10A-2RM2C<\/strong><\/li>\n<li data-section-id=\"1x484d5\" data-start=\"920\" data-end=\"1022\">C\u00f4ng su\u1ea5t l\u1ef1a ch\u1ecdn:<br data-start=\"941\" data-end=\"944\" \/>\u2714 3HP (25A) <em data-start=\"958\" data-end=\"988\">(\u0111\u00e3 \u0111\u01b0\u1ee3c tick tr\u00ean s\u1ea3n ph\u1ea9m)<\/em><br data-start=\"988\" data-end=\"991\" \/>\u2610 5HP (40A)<br data-start=\"1004\" data-end=\"1007\" \/>\u2610 7HP (63A)<\/li>\n<li data-section-id=\"hf9uuc\" data-start=\"1023\" data-end=\"1053\">\u0110i\u1ec7n \u00e1p ho\u1ea1t \u0111\u1ed9ng: 220V AC<\/li>\n<li data-section-id=\"yqz7yn\" data-start=\"1054\" data-end=\"1107\">\u0110i\u1ec1u khi\u1ec3n t\u1eeb xa b\u1eb1ng remote RF (2 remote \u0111i k\u00e8m)<\/li>\n<li data-section-id=\"1e6iig\" data-start=\"1108\" data-end=\"1171\">Kho\u1ea3ng c\u00e1ch \u0111i\u1ec1u khi\u1ec3n: l\u00ean \u0111\u1ebfn v\u00e0i tr\u0103m m\u00e9t (tu\u1ef3 m\u00f4i tr\u01b0\u1eddng)<\/li>\n<\/ul>\n<h3 data-section-id=\"ggyw6\" data-start=\"1178\" data-end=\"1218\"><span class=\"ez-toc-section\" id=\"Cau_tao_noi_bat_tu_anh_thuc_te\"><\/span>C\u1ea5u t\u1ea1o n\u1ed5i b\u1eadt (t\u1eeb \u1ea3nh th\u1ef1c t\u1ebf):<span class=\"ez-toc-section-end\"><\/span><\/h3>\n<ul data-start=\"1219\" data-end=\"1614\">\n<li data-section-id=\"17isamc\" data-start=\"1219\" data-end=\"1291\">C\u00f4ng t\u1eafc xoay 3 ch\u1ebf \u0111\u1ed9:<br data-start=\"1244\" data-end=\"1247\" \/><strong data-start=\"1249\" data-end=\"1291\">ON \/ OFF \/ \u0110.K.T.Xa (\u0111i\u1ec1u khi\u1ec3n t\u1eeb xa)<\/strong><\/li>\n<li data-section-id=\"1i17d3q\" data-start=\"1292\" data-end=\"1353\">\u0110\u00e8n b\u00e1o tr\u1ea1ng th\u00e1i:<br data-start=\"1313\" data-end=\"1316\" \/>\ud83d\udd34 \u0110\u00e8n ngu\u1ed3n<br data-start=\"1330\" data-end=\"1333\" \/>\ud83d\udfe2 \u0110\u00e8n ho\u1ea1t \u0111\u1ed9ng<\/li>\n<li data-section-id=\"agyk43\" data-start=\"1354\" data-end=\"1403\">2 remote RM2C \u0111i\u1ec1u khi\u1ec3n t\u1eeb xa (ON\/OFF ri\u00eang bi\u1ec7t)<\/li>\n<li data-section-id=\"le4azd\" data-start=\"1404\" data-end=\"1462\">Module nh\u1eadn t\u00edn hi\u1ec7u RF c\u00f3 anten ngo\u00e0i t\u0103ng \u0111\u1ed9 \u1ed5n \u0111\u1ecbnh<\/li>\n<li data-section-id=\"1rkcr6q\" data-start=\"1463\" data-end=\"1506\">CB 16A (aptomat) b\u1ea3o v\u1ec7 qu\u00e1 t\u1ea3i \u2013 ng\u1eafn m\u1ea1ch<\/li>\n<li data-section-id=\"1ju3fo1\" data-start=\"1507\" data-end=\"1569\">Contactor KWC1-25 2NO (relay c\u00f4ng su\u1ea5t) gi\u00fap \u0111\u00f3ng\/ng\u1eaft t\u1ea3i l\u1edbn an to\u00e0n<\/li>\n<li data-section-id=\"1pnk740\" data-start=\"1570\" data-end=\"1614\">H\u1ec7 th\u1ed1ng d\u00e2y \u0111\u1ea5u n\u1ed1i g\u1ecdn g\u00e0ng, ch\u1eafc ch\u1eafn<\/li>\n<\/ul>\n<h3 data-section-id=\"gcizlx\" data-start=\"1621\" data-end=\"1648\"><span class=\"ez-toc-section\" id=\"Tinh_nang_loi_ich\"><\/span>T\u00ednh n\u0103ng &amp; l\u1ee3i \u00edch:<span class=\"ez-toc-section-end\"><\/span><\/h3>\n<ul data-start=\"1649\" data-end=\"1937\">\n<li data-section-id=\"qx260s\" data-start=\"1649\" data-end=\"1701\">\u0110i\u1ec1u khi\u1ec3n thi\u1ebft b\u1ecb \u0111i\u1ec7n t\u1eeb xa kh\u00f4ng c\u1ea7n l\u1ea1i g\u1ea7n<\/li>\n<li data-section-id=\"gzv9r3\" data-start=\"1702\" data-end=\"1770\">Ph\u00f9 h\u1ee3p m\u00e1y b\u01a1m n\u01b0\u1edbc, motor, qu\u1ea1t c\u00f4ng nghi\u1ec7p, \u0111\u00e8n c\u00f4ng su\u1ea5t l\u1edbn<\/li>\n<li data-section-id=\"3ykqxm\" data-start=\"1771\" data-end=\"1820\">T\u0103ng \u0111\u1ed9 an to\u00e0n nh\u1edd c\u00f3 CB v\u00e0 contactor b\u1ea3o v\u1ec7<\/li>\n<li data-section-id=\"5q8du9\" data-start=\"1821\" data-end=\"1888\">D\u1ec5 s\u1eed d\u1ee5ng v\u1edbi 3 ch\u1ebf \u0111\u1ed9 linh ho\u1ea1t: tay \u2013 t\u1eaft \u2013 \u0111i\u1ec1u khi\u1ec3n t\u1eeb xa<\/li>\n<li data-section-id=\"10401bi\" data-start=\"1889\" data-end=\"1937\">L\u1eafp \u0111\u1eb7t nhanh, ph\u00f9 h\u1ee3p c\u1ea3 ng\u01b0\u1eddi kh\u00f4ng chuy\u00ean<\/li>\n<\/ul>\n<h3 data-section-id=\"r5wat0\" data-start=\"1944\" data-end=\"1968\"><span class=\"ez-toc-section\" id=\"Ung_dung_thuc_te\"><\/span>\u1ee8ng d\u1ee5ng th\u1ef1c t\u1ebf:<span class=\"ez-toc-section-end\"><\/span><\/h3>\n<ul data-start=\"1969\" data-end=\"2138\">\n<li data-section-id=\"1637sv5\" data-start=\"1969\" data-end=\"2013\">\u0110i\u1ec1u khi\u1ec3n m\u00e1y b\u01a1m t\u01b0\u1edbi ti\u00eau n\u00f4ng nghi\u1ec7p<\/li>\n<li data-section-id=\"cjy2ri\" data-start=\"2014\" data-end=\"2054\">B\u1eadt\/t\u1eaft motor t\u1eeb xa trong trang tr\u1ea1i<\/li>\n<li data-section-id=\"1vsubb4\" data-start=\"2055\" data-end=\"2093\">\u0110i\u1ec1u khi\u1ec3n h\u1ec7 th\u1ed1ng \u0111i\u1ec7n nh\u00e0 x\u01b0\u1edfng<\/li>\n<li data-section-id=\"1wcqyxd\" data-start=\"2094\" data-end=\"2138\">\u1ee8ng d\u1ee5ng cho nh\u00e0 v\u01b0\u1eddn, ao h\u1ed3, c\u00f4ng tr\u00ecnh<\/li>\n<\/ul>","protected":false},"excerpt":{"rendered":"<p>M\u00d4 T\u1ea2 S\u1ea2N PH\u1ea8M B\u1ed9 \u0111i\u1ec1u khi\u1ec3n t\u1eeb xa c\u00f4ng su\u1ea5t cao Kawasan RF10A-2RM2C l\u00e0 gi\u1ea3i ph\u00e1p ti\u1ec7n l\u1ee3i gi\u00fap ng\u01b0\u1eddi d\u00f9ng b\u1eadt\/t\u1eaft thi\u1ebft b\u1ecb \u0111i\u1ec7n t\u1eeb xa m\u1ed9t c\u00e1ch nhanh ch\u00f3ng, an to\u00e0n v\u00e0 hi\u1ec7u qu\u1ea3. S\u1ea3n ph\u1ea9m ph\u00f9 h\u1ee3p cho c\u00e1c \u1ee9ng d\u1ee5ng \u0111i\u1ec1u khi\u1ec3n m\u00e1y b\u01a1m n\u01b0\u1edbc, \u0111\u1ed9ng c\u01a1, thi\u1ebft b\u1ecb \u0111i\u1ec7n [&hellip;]<\/p>","protected":false},"featured_media":30653,"comment_status":"open","ping_status":"closed","template":"","meta":{"_yoast_wpseo_focuskw":"","_yoast_wpseo_metadesc":"","_yoast_wpseo_focuskeywords":"","_yoast_wpseo_keyword_synonyms":""},"product_cat":[894],"product_tag":[],"class_list":["post-30655","product","type-product","status-publish","has-post-thumbnail","hentry","product_cat-tu-cong-tac-dieu-khien-tu-xa"],"acf":[],"yoast_head":"<!-- This site is optimized with the Yoast SEO Premium plugin v24.9 (Yoast SEO v24.9) - https:\/\/yoast.com\/wordpress\/plugins\/seo\/ -->\n<title>T\u1ee7 \u0110i\u1ec1u Khi\u1ec3n T\u1eeb Xa C\u00f4ng Su\u1ea5t Cao Kawasan RF10A-2RM2C (3HP \u2013 25A) - Kawasan<\/title>\n<meta name=\"robots\" content=\"index, follow, max-snippet:-1, max-image-preview:large, max-video-preview:-1\" \/>\n<link rel=\"canonical\" href=\"https:\/\/kawasan.vn\/en\/product\/tu-dieu-khien-tu-xa-cong-suat-cao-kawasan-rf10a-2rm2c-3hp-25a\/\" \/>\n<meta property=\"og:locale\" content=\"en_US\" \/>\n<meta property=\"og:type\" content=\"article\" \/>\n<meta property=\"og:title\" content=\"T\u1ee7 \u0110i\u1ec1u Khi\u1ec3n T\u1eeb Xa C\u00f4ng Su\u1ea5t Cao Kawasan RF10A-2RM2C (3HP \u2013 25A)\" \/>\n<meta property=\"og:description\" content=\"M\u00d4 T\u1ea2 S\u1ea2N PH\u1ea8M B\u1ed9 \u0111i\u1ec1u khi\u1ec3n t\u1eeb xa c\u00f4ng su\u1ea5t cao Kawasan RF10A-2RM2C l\u00e0 gi\u1ea3i ph\u00e1p ti\u1ec7n l\u1ee3i gi\u00fap ng\u01b0\u1eddi d\u00f9ng b\u1eadt\/t\u1eaft thi\u1ebft b\u1ecb \u0111i\u1ec7n t\u1eeb xa m\u1ed9t c\u00e1ch nhanh ch\u00f3ng, an to\u00e0n v\u00e0 hi\u1ec7u qu\u1ea3. S\u1ea3n ph\u1ea9m ph\u00f9 h\u1ee3p cho c\u00e1c \u1ee9ng d\u1ee5ng \u0111i\u1ec1u khi\u1ec3n m\u00e1y b\u01a1m n\u01b0\u1edbc, \u0111\u1ed9ng c\u01a1, thi\u1ebft b\u1ecb \u0111i\u1ec7n [&hellip;]\" \/>\n<meta property=\"og:url\" content=\"https:\/\/kawasan.vn\/en\/product\/tu-dieu-khien-tu-xa-cong-suat-cao-kawasan-rf10a-2rm2c-3hp-25a\/\" \/>\n<meta property=\"og:site_name\" content=\"Kawasan\" \/>\n<meta property=\"article:modified_time\" content=\"2026-04-03T02:05:57+00:00\" \/>\n<meta property=\"og:image\" content=\"https:\/\/kawasan.vn\/wp-content\/uploads\/2026\/04\/1-1.png\" \/>\n\t<meta property=\"og:image:width\" content=\"900\" \/>\n\t<meta property=\"og:image:height\" content=\"900\" \/>\n\t<meta property=\"og:image:type\" content=\"image\/png\" \/>\n<meta name=\"twitter:card\" content=\"summary_large_image\" \/>\n<meta name=\"twitter:label1\" content=\"Est. reading time\" \/>\n\t<meta name=\"twitter:data1\" content=\"3 minutes\" \/>\n<script type=\"application\/ld+json\" class=\"yoast-schema-graph\">{\"@context\":\"https:\/\/schema.org\",\"@graph\":[{\"@type\":\"WebPage\",\"@id\":\"https:\/\/kawasan.vn\/san-pham\/tu-dieu-khien-tu-xa-cong-suat-cao-kawasan-rf10a-2rm2c-3hp-25a\/\",\"url\":\"https:\/\/kawasan.vn\/san-pham\/tu-dieu-khien-tu-xa-cong-suat-cao-kawasan-rf10a-2rm2c-3hp-25a\/\",\"name\":\"T\u1ee7 \u0110i\u1ec1u Khi\u1ec3n T\u1eeb Xa C\u00f4ng Su\u1ea5t Cao Kawasan RF10A-2RM2C (3HP \u2013 25A) - Kawasan\",\"isPartOf\":{\"@id\":\"https:\/\/kawasan.vn\/#website\"},\"primaryImageOfPage\":{\"@id\":\"https:\/\/kawasan.vn\/san-pham\/tu-dieu-khien-tu-xa-cong-suat-cao-kawasan-rf10a-2rm2c-3hp-25a\/#primaryimage\"},\"image\":{\"@id\":\"https:\/\/kawasan.vn\/san-pham\/tu-dieu-khien-tu-xa-cong-suat-cao-kawasan-rf10a-2rm2c-3hp-25a\/#primaryimage\"},\"thumbnailUrl\":\"https:\/\/kawasan.vn\/wp-content\/uploads\/2026\/04\/1-1.png\",\"datePublished\":\"2026-04-02T08:35:17+00:00\",\"dateModified\":\"2026-04-03T02:05:57+00:00\",\"breadcrumb\":{\"@id\":\"https:\/\/kawasan.vn\/san-pham\/tu-dieu-khien-tu-xa-cong-suat-cao-kawasan-rf10a-2rm2c-3hp-25a\/#breadcrumb\"},\"inLanguage\":\"en-US\",\"potentialAction\":[{\"@type\":\"ReadAction\",\"target\":[\"https:\/\/kawasan.vn\/san-pham\/tu-dieu-khien-tu-xa-cong-suat-cao-kawasan-rf10a-2rm2c-3hp-25a\/\"]}]},{\"@type\":\"ImageObject\",\"inLanguage\":\"en-US\",\"@id\":\"https:\/\/kawasan.vn\/san-pham\/tu-dieu-khien-tu-xa-cong-suat-cao-kawasan-rf10a-2rm2c-3hp-25a\/#primaryimage\",\"url\":\"https:\/\/kawasan.vn\/wp-content\/uploads\/2026\/04\/1-1.png\",\"contentUrl\":\"https:\/\/kawasan.vn\/wp-content\/uploads\/2026\/04\/1-1.png\",\"width\":900,\"height\":900},{\"@type\":\"BreadcrumbList\",\"@id\":\"https:\/\/kawasan.vn\/san-pham\/tu-dieu-khien-tu-xa-cong-suat-cao-kawasan-rf10a-2rm2c-3hp-25a\/#breadcrumb\",\"itemListElement\":[{\"@type\":\"ListItem\",\"position\":1,\"name\":\"Trang ch\u1ee7\",\"item\":\"https:\/\/kawasan.vn\/\"},{\"@type\":\"ListItem\",\"position\":2,\"name\":\"S\u1ea3n ph\u1ea9m\",\"item\":\"https:\/\/kawasan.vn\/san-pham\/\"},{\"@type\":\"ListItem\",\"position\":3,\"name\":\"T\u1ee7 \u0110i\u1ec1u Khi\u1ec3n T\u1eeb Xa C\u00f4ng Su\u1ea5t Cao Kawasan RF10A-2RM2C (3HP \u2013 25A)\"}]},{\"@type\":\"WebSite\",\"@id\":\"https:\/\/kawasan.vn\/#website\",\"url\":\"https:\/\/kawasan.vn\/\",\"name\":\"Kawasan\",\"description\":\"\",\"potentialAction\":[{\"@type\":\"SearchAction\",\"target\":{\"@type\":\"EntryPoint\",\"urlTemplate\":\"https:\/\/kawasan.vn\/?s={search_term_string}\"},\"query-input\":{\"@type\":\"PropertyValueSpecification\",\"valueRequired\":true,\"valueName\":\"search_term_string\"}}],\"inLanguage\":\"en-US\"}]}<\/script>\n<!-- \/ Yoast SEO Premium plugin. -->","yoast_head_json":{"title":"T\u1ee7 \u0110i\u1ec1u Khi\u1ec3n T\u1eeb Xa C\u00f4ng Su\u1ea5t Cao Kawasan RF10A-2RM2C (3HP \u2013 25A) - Kawasan","robots":{"index":"index","follow":"follow","max-snippet":"max-snippet:-1","max-image-preview":"max-image-preview:large","max-video-preview":"max-video-preview:-1"},"canonical":"https:\/\/kawasan.vn\/en\/product\/tu-dieu-khien-tu-xa-cong-suat-cao-kawasan-rf10a-2rm2c-3hp-25a\/","og_locale":"en_US","og_type":"article","og_title":"T\u1ee7 \u0110i\u1ec1u Khi\u1ec3n T\u1eeb Xa C\u00f4ng Su\u1ea5t Cao Kawasan RF10A-2RM2C (3HP \u2013 25A)","og_description":"M\u00d4 T\u1ea2 S\u1ea2N PH\u1ea8M B\u1ed9 \u0111i\u1ec1u khi\u1ec3n t\u1eeb xa c\u00f4ng su\u1ea5t cao Kawasan RF10A-2RM2C l\u00e0 gi\u1ea3i ph\u00e1p ti\u1ec7n l\u1ee3i gi\u00fap ng\u01b0\u1eddi d\u00f9ng b\u1eadt\/t\u1eaft thi\u1ebft b\u1ecb \u0111i\u1ec7n t\u1eeb xa m\u1ed9t c\u00e1ch nhanh ch\u00f3ng, an to\u00e0n v\u00e0 hi\u1ec7u qu\u1ea3. S\u1ea3n ph\u1ea9m ph\u00f9 h\u1ee3p cho c\u00e1c \u1ee9ng d\u1ee5ng \u0111i\u1ec1u khi\u1ec3n m\u00e1y b\u01a1m n\u01b0\u1edbc, \u0111\u1ed9ng c\u01a1, thi\u1ebft b\u1ecb \u0111i\u1ec7n [&hellip;]","og_url":"https:\/\/kawasan.vn\/en\/product\/tu-dieu-khien-tu-xa-cong-suat-cao-kawasan-rf10a-2rm2c-3hp-25a\/","og_site_name":"Kawasan","article_modified_time":"2026-04-03T02:05:57+00:00","og_image":[{"width":900,"height":900,"url":"https:\/\/kawasan.vn\/wp-content\/uploads\/2026\/04\/1-1.png","type":"image\/png"}],"twitter_card":"summary_large_image","twitter_misc":{"Est. reading time":"3 minutes"},"schema":{"@context":"https:\/\/schema.org","@graph":[{"@type":"WebPage","@id":"https:\/\/kawasan.vn\/san-pham\/tu-dieu-khien-tu-xa-cong-suat-cao-kawasan-rf10a-2rm2c-3hp-25a\/","url":"https:\/\/kawasan.vn\/san-pham\/tu-dieu-khien-tu-xa-cong-suat-cao-kawasan-rf10a-2rm2c-3hp-25a\/","name":"T\u1ee7 \u0110i\u1ec1u Khi\u1ec3n T\u1eeb Xa C\u00f4ng Su\u1ea5t Cao Kawasan RF10A-2RM2C (3HP \u2013 25A) - Kawasan","isPartOf":{"@id":"https:\/\/kawasan.vn\/#website"},"primaryImageOfPage":{"@id":"https:\/\/kawasan.vn\/san-pham\/tu-dieu-khien-tu-xa-cong-suat-cao-kawasan-rf10a-2rm2c-3hp-25a\/#primaryimage"},"image":{"@id":"https:\/\/kawasan.vn\/san-pham\/tu-dieu-khien-tu-xa-cong-suat-cao-kawasan-rf10a-2rm2c-3hp-25a\/#primaryimage"},"thumbnailUrl":"https:\/\/kawasan.vn\/wp-content\/uploads\/2026\/04\/1-1.png","datePublished":"2026-04-02T08:35:17+00:00","dateModified":"2026-04-03T02:05:57+00:00","breadcrumb":{"@id":"https:\/\/kawasan.vn\/san-pham\/tu-dieu-khien-tu-xa-cong-suat-cao-kawasan-rf10a-2rm2c-3hp-25a\/#breadcrumb"},"inLanguage":"en-US","potentialAction":[{"@type":"ReadAction","target":["https:\/\/kawasan.vn\/san-pham\/tu-dieu-khien-tu-xa-cong-suat-cao-kawasan-rf10a-2rm2c-3hp-25a\/"]}]},{"@type":"ImageObject","inLanguage":"en-US","@id":"https:\/\/kawasan.vn\/san-pham\/tu-dieu-khien-tu-xa-cong-suat-cao-kawasan-rf10a-2rm2c-3hp-25a\/#primaryimage","url":"https:\/\/kawasan.vn\/wp-content\/uploads\/2026\/04\/1-1.png","contentUrl":"https:\/\/kawasan.vn\/wp-content\/uploads\/2026\/04\/1-1.png","width":900,"height":900},{"@type":"BreadcrumbList","@id":"https:\/\/kawasan.vn\/san-pham\/tu-dieu-khien-tu-xa-cong-suat-cao-kawasan-rf10a-2rm2c-3hp-25a\/#breadcrumb","itemListElement":[{"@type":"ListItem","position":1,"name":"Trang ch\u1ee7","item":"https:\/\/kawasan.vn\/"},{"@type":"ListItem","position":2,"name":"S\u1ea3n ph\u1ea9m","item":"https:\/\/kawasan.vn\/san-pham\/"},{"@type":"ListItem","position":3,"name":"T\u1ee7 \u0110i\u1ec1u Khi\u1ec3n T\u1eeb Xa C\u00f4ng Su\u1ea5t Cao Kawasan RF10A-2RM2C (3HP \u2013 25A)"}]},{"@type":"WebSite","@id":"https:\/\/kawasan.vn\/#website","url":"https:\/\/kawasan.vn\/","name":"Kawasan","description":"","potentialAction":[{"@type":"SearchAction","target":{"@type":"EntryPoint","urlTemplate":"https:\/\/kawasan.vn\/?s={search_term_string}"},"query-input":{"@type":"PropertyValueSpecification","valueRequired":true,"valueName":"search_term_string"}}],"inLanguage":"en-US"}]}},"_links":{"self":[{"href":"https:\/\/kawasan.vn\/en\/wp-json\/wp\/v2\/product\/30655","targetHints":{"allow":["GET"]}}],"collection":[{"href":"https:\/\/kawasan.vn\/en\/wp-json\/wp\/v2\/product"}],"about":[{"href":"https:\/\/kawasan.vn\/en\/wp-json\/wp\/v2\/types\/product"}],"replies":[{"embeddable":true,"href":"https:\/\/kawasan.vn\/en\/wp-json\/wp\/v2\/comments?post=30655"}],"version-history":[{"count":5,"href":"https:\/\/kawasan.vn\/en\/wp-json\/wp\/v2\/product\/30655\/revisions"}],"predecessor-version":[{"id":30671,"href":"https:\/\/kawasan.vn\/en\/wp-json\/wp\/v2\/product\/30655\/revisions\/30671"}],"wp:featuredmedia":[{"embeddable":true,"href":"https:\/\/kawasan.vn\/en\/wp-json\/wp\/v2\/media\/30653"}],"wp:attachment":[{"href":"https:\/\/kawasan.vn\/en\/wp-json\/wp\/v2\/media?parent=30655"}],"wp:term":[{"taxonomy":"product_cat","embeddable":true,"href":"https:\/\/kawasan.vn\/en\/wp-json\/wp\/v2\/product_cat?post=30655"},{"taxonomy":"product_tag","embeddable":true,"href":"https:\/\/kawasan.vn\/en\/wp-json\/wp\/v2\/product_tag?post=30655"}],"curies":[{"name":"wp","href":"https:\/\/api.w.org\/{rel}","templated":true}]}}