{"id":30651,"date":"2026-04-02T16:02:19","date_gmt":"2026-04-02T09:02:19","guid":{"rendered":"https:\/\/kawasan.vn\/?post_type=product&#038;p=30651"},"modified":"2026-04-03T09:05:30","modified_gmt":"2026-04-03T02:05:30","slug":"tu-dieu-khien-tu-xa-cong-suat-cao-kawasan-rf10a-2rm2c-7hp-63a","status":"publish","type":"product","link":"https:\/\/kawasan.vn\/en\/product\/tu-dieu-khien-tu-xa-cong-suat-cao-kawasan-rf10a-2rm2c-7hp-63a\/","title":{"rendered":"T\u1ee7 \u0110i\u1ec1u Khi\u1ec3n T\u1eeb Xa C\u00f4ng Su\u1ea5t Cao Kawasan RF10A-2RM2C (7HP \u2013 63A)"},"content":{"rendered":"<h2 data-section-id=\"yby75u\" data-start=\"261\" data-end=\"283\"><span class=\"ez-toc-section\" id=\"MO_TA_SAN_PHAM\"><\/span>M\u00d4 T\u1ea2 S\u1ea2N PH\u1ea8M<span class=\"ez-toc-section-end\"><\/span><\/h2><div id=\"ez-toc-container\" class=\"ez-toc-v2_0_69_1 counter-hierarchy ez-toc-counter ez-toc-grey ez-toc-container-direction\">\n<div class=\"ez-toc-title-container\">\n<p class=\"ez-toc-title\" >N\u1ed9i Dung B&agrave;i Vi\u1ebft<\/p>\n<span class=\"ez-toc-title-toggle\"><a href=\"#\" class=\"ez-toc-pull-right ez-toc-btn ez-toc-btn-xs ez-toc-btn-default ez-toc-toggle\" aria-label=\"Toggle Table of Content\"><span class=\"ez-toc-js-icon-con\"><span class=\"\"><span class=\"eztoc-hide\" style=\"display:none;\">Toggle<\/span><span class=\"ez-toc-icon-toggle-span\"><svg style=\"fill: #999;color:#999\" xmlns=\"http:\/\/www.w3.org\/2000\/svg\" class=\"list-377408\" width=\"20px\" height=\"20px\" viewbox=\"0 0 24 24\" fill=\"none\"><path d=\"M6 6H4v2h2V6zm14 0H8v2h12V6zM4 11h2v2H4v-2zm16 0H8v2h12v-2zM4 16h2v2H4v-2zm16 0H8v2h12v-2z\" fill=\"currentColor\"><\/path><\/svg><svg style=\"fill: #999;color:#999\" class=\"arrow-unsorted-368013\" xmlns=\"http:\/\/www.w3.org\/2000\/svg\" width=\"10px\" height=\"10px\" viewbox=\"0 0 24 24\" version=\"1.2\" baseprofile=\"tiny\"><path d=\"M18.2 9.3l-6.2-6.3-6.2 6.3c-.2.2-.3.4-.3.7s.1.5.3.7c.2.2.4.3.7.3h11c.3 0 .5-.1.7-.3.2-.2.3-.5.3-.7s-.1-.5-.3-.7zM5.8 14.7l6.2 6.3 6.2-6.3c.2-.2.3-.5.3-.7s-.1-.5-.3-.7c-.2-.2-.4-.3-.7-.3h-11c-.3 0-.5.1-.7.3-.2.2-.3.5-.3.7s.1.5.3.7z\"\/><\/svg><\/span><\/span><\/span><\/a><\/span><\/div>\n<nav><ul class='ez-toc-list ez-toc-list-level-1 eztoc-toggle-hide-by-default' ><li class='ez-toc-page-1 ez-toc-heading-level-2'><a class=\"ez-toc-link ez-toc-heading-1\" href=\"https:\/\/kawasan.vn\/en\/product\/tu-dieu-khien-tu-xa-cong-suat-cao-kawasan-rf10a-2rm2c-7hp-63a\/#MO_TA_SAN_PHAM\" title=\"M\u00d4 T\u1ea2 S\u1ea2N PH\u1ea8M\">M\u00d4 T\u1ea2 S\u1ea2N PH\u1ea8M<\/a><ul class='ez-toc-list-level-3' ><li class='ez-toc-heading-level-3'><a class=\"ez-toc-link ez-toc-heading-2\" href=\"https:\/\/kawasan.vn\/en\/product\/tu-dieu-khien-tu-xa-cong-suat-cao-kawasan-rf10a-2rm2c-7hp-63a\/#Thong_tin_nhan_dien_tu_san_pham\" title=\"Th\u00f4ng tin nh\u1eadn di\u1ec7n t\u1eeb s\u1ea3n ph\u1ea9m:\">Th\u00f4ng tin nh\u1eadn di\u1ec7n t\u1eeb s\u1ea3n ph\u1ea9m:<\/a><\/li><li class='ez-toc-page-1 ez-toc-heading-level-3'><a class=\"ez-toc-link ez-toc-heading-3\" href=\"https:\/\/kawasan.vn\/en\/product\/tu-dieu-khien-tu-xa-cong-suat-cao-kawasan-rf10a-2rm2c-7hp-63a\/#Cau_tao_noi_bat_tu_anh_thuc_te\" title=\"C\u1ea5u t\u1ea1o n\u1ed5i b\u1eadt (t\u1eeb \u1ea3nh th\u1ef1c t\u1ebf):\">C\u1ea5u t\u1ea1o n\u1ed5i b\u1eadt (t\u1eeb \u1ea3nh th\u1ef1c t\u1ebf):<\/a><\/li><li class='ez-toc-page-1 ez-toc-heading-level-3'><a class=\"ez-toc-link ez-toc-heading-4\" href=\"https:\/\/kawasan.vn\/en\/product\/tu-dieu-khien-tu-xa-cong-suat-cao-kawasan-rf10a-2rm2c-7hp-63a\/#Tinh_nang_loi_ich\" title=\"T\u00ednh n\u0103ng &amp; l\u1ee3i \u00edch:\">T\u00ednh n\u0103ng &amp; l\u1ee3i \u00edch:<\/a><\/li><li class='ez-toc-page-1 ez-toc-heading-level-3'><a class=\"ez-toc-link ez-toc-heading-5\" href=\"https:\/\/kawasan.vn\/en\/product\/tu-dieu-khien-tu-xa-cong-suat-cao-kawasan-rf10a-2rm2c-7hp-63a\/#Ung_dung_thuc_te\" title=\"\u1ee8ng d\u1ee5ng th\u1ef1c t\u1ebf:\">\u1ee8ng d\u1ee5ng th\u1ef1c t\u1ebf:<\/a><\/li><\/ul><\/li><\/ul><\/nav><\/div>\n\n<p data-start=\"285\" data-end=\"571\">B\u1ed9 \u0111i\u1ec1u khi\u1ec3n t\u1eeb xa c\u00f4ng su\u1ea5t cao Kawasan RF10A-2RM2C (7HP \u2013 63A) l\u00e0 thi\u1ebft b\u1ecb chuy\u00ean d\u1ee5ng cho c\u00e1c h\u1ec7 th\u1ed1ng \u0111i\u1ec7n t\u1ea3i l\u1edbn, gi\u00fap \u0111i\u1ec1u khi\u1ec3n b\u1eadt\/t\u1eaft t\u1eeb xa nhanh ch\u00f3ng, an to\u00e0n v\u00e0 \u1ed5n \u0111\u1ecbnh. S\u1ea3n ph\u1ea9m \u0111\u1eb7c bi\u1ec7t ph\u00f9 h\u1ee3p cho m\u00e1y b\u01a1m c\u00f4ng su\u1ea5t l\u1edbn, \u0111\u1ed9ng c\u01a1 3 pha ho\u1eb7c c\u00e1c thi\u1ebft b\u1ecb \u0111i\u1ec7n c\u00f4ng nghi\u1ec7p.<\/p>\n<p data-start=\"573\" data-end=\"752\">Thi\u1ebft b\u1ecb \u0111\u01b0\u1ee3c thi\u1ebft k\u1ebf d\u1ea1ng h\u1ed9p k\u00edn ch\u1eafc ch\u1eafn, b\u1ed1 tr\u00ed linh ki\u1ec7n khoa h\u1ecdc b\u00ean trong, \u0111\u1ea3m b\u1ea3o v\u1eadn h\u00e0nh b\u1ec1n b\u1ec9 trong m\u00f4i tr\u01b0\u1eddng th\u1ef1c t\u1ebf nh\u01b0 nh\u00e0 x\u01b0\u1edfng, trang tr\u1ea1i, h\u1ec7 th\u1ed1ng t\u01b0\u1edbi ti\u00eau.<\/p>\n<h3 data-section-id=\"2srat2\" data-start=\"759\" data-end=\"798\"><span class=\"ez-toc-section\" id=\"Thong_tin_nhan_dien_tu_san_pham\"><\/span>Th\u00f4ng tin nh\u1eadn di\u1ec7n t\u1eeb s\u1ea3n ph\u1ea9m:<span class=\"ez-toc-section-end\"><\/span><\/h3>\n<ul data-start=\"799\" data-end=\"1080\">\n<li data-section-id=\"16wm3fp\" data-start=\"799\" data-end=\"825\">Th\u01b0\u01a1ng hi\u1ec7u: <strong data-start=\"814\" data-end=\"825\">KAWASAN<\/strong><\/li>\n<li data-section-id=\"hzjac8\" data-start=\"826\" data-end=\"850\">Model: <strong data-start=\"835\" data-end=\"850\">RF10A-2RM2C<\/strong><\/li>\n<li data-section-id=\"1ay4rnp\" data-start=\"851\" data-end=\"948\">C\u00f4ng su\u1ea5t l\u1ef1a ch\u1ecdn:<br data-start=\"872\" data-end=\"875\" \/>\u2610 3HP (25A)<br data-start=\"888\" data-end=\"891\" \/>\u2610 5HP (40A)<br data-start=\"904\" data-end=\"907\" \/>\u2714 7HP (63A) <em data-start=\"921\" data-end=\"946\">(\u0111\u00e3 ch\u1ecdn tr\u00ean s\u1ea3n ph\u1ea9m)<\/em><\/li>\n<li data-section-id=\"hf9uuc\" data-start=\"949\" data-end=\"979\">\u0110i\u1ec7n \u00e1p ho\u1ea1t \u0111\u1ed9ng: 220V AC<\/li>\n<li data-section-id=\"1v2dfce\" data-start=\"980\" data-end=\"1015\">\u0110i\u1ec1u khi\u1ec3n t\u1eeb xa b\u1eb1ng remote RF <strong data-start=\"835\" data-end=\"850\">RM2C<\/strong><\/li>\n<li data-section-id=\"1up38qu\" data-start=\"1016\" data-end=\"1080\">Kho\u1ea3ng c\u00e1ch \u0111i\u1ec1u khi\u1ec3n: l\u00ean \u0111\u1ebfn h\u00e0ng tr\u0103m m\u00e9t (tu\u1ef3 m\u00f4i tr\u01b0\u1eddng)<\/li>\n<\/ul>\n<h3 data-section-id=\"ggyw6\" data-start=\"1087\" data-end=\"1127\"><span class=\"ez-toc-section\" id=\"Cau_tao_noi_bat_tu_anh_thuc_te\"><\/span>C\u1ea5u t\u1ea1o n\u1ed5i b\u1eadt (t\u1eeb \u1ea3nh th\u1ef1c t\u1ebf):<span class=\"ez-toc-section-end\"><\/span><\/h3>\n<ul data-start=\"1128\" data-end=\"1513\">\n<li data-section-id=\"vdgojd\" data-start=\"1128\" data-end=\"1224\">C\u00f4ng t\u1eafc xoay 3 ch\u1ebf \u0111\u1ed9:\n<ul data-start=\"1156\" data-end=\"1224\">\n<li data-section-id=\"99rhh8\" data-start=\"1156\" data-end=\"1175\">ON (M\u1edf tr\u1ef1c ti\u1ebfp)<\/li>\n<li data-section-id=\"1g16n49\" data-start=\"1178\" data-end=\"1189\">OFF (T\u1eaft)<\/li>\n<li data-section-id=\"1bppwcd\" data-start=\"1192\" data-end=\"1221\">\u0110.K.T.Xa (\u0110i\u1ec1u khi\u1ec3n t\u1eeb xa)<\/li>\n<\/ul>\n<\/li>\n<li data-section-id=\"1lrm9dy\" data-start=\"1225\" data-end=\"1282\">H\u1ec7 th\u1ed1ng \u0111\u00e8n b\u00e1o:<br \/>\n\ud83d\udd34 \u0110\u00e8n ngu\u1ed3n<br data-start=\"1259\" data-end=\"1262\" \/>\ud83d\udfe2 \u0110\u00e8n ho\u1ea1t \u0111\u1ed9ng<\/li>\n<li data-section-id=\"gqugab\" data-start=\"1284\" data-end=\"1513\">B\u00ean trong g\u1ed3m:\n<ul data-start=\"1303\" data-end=\"1513\">\n<li data-section-id=\"6qch54\" data-start=\"1303\" data-end=\"1345\">Module nh\u1eadn t\u00edn hi\u1ec7u RF c\u00f3 anten ngo\u00e0i<\/li>\n<li data-section-id=\"xvo679\" data-start=\"1348\" data-end=\"1386\">CB 40A b\u1ea3o v\u1ec7 qu\u00e1 t\u1ea3i, ng\u1eafn m\u1ea1ch<\/li>\n<li data-section-id=\"1v05569\" data-start=\"1389\" data-end=\"1431\">Contactor KWC2-63 (63A) chuy\u00ean t\u1ea3i l\u1edbn<\/li>\n<li data-section-id=\"13aj7p\" data-start=\"1434\" data-end=\"1468\">C\u1ea7u \u0111\u1ea5u d\u00e2y (domino) ch\u1eafc ch\u1eafn<\/li>\n<li data-section-id=\"fslv54\" data-start=\"1471\" data-end=\"1513\">D\u00e2y \u0111i\u1ec7n \u0111i g\u1ecdn g\u00e0ng, ph\u00e2n m\u00e0u r\u00f5 r\u00e0ng<\/li>\n<\/ul>\n<\/li>\n<\/ul>\n<h3 data-section-id=\"gcizlx\" data-start=\"1520\" data-end=\"1547\"><span class=\"ez-toc-section\" id=\"Tinh_nang_loi_ich\"><\/span>T\u00ednh n\u0103ng &amp; l\u1ee3i \u00edch:<span class=\"ez-toc-section-end\"><\/span><\/h3>\n<ul data-start=\"1548\" data-end=\"1808\">\n<li data-section-id=\"yvtcbx\" data-start=\"1548\" data-end=\"1595\">\u0110i\u1ec1u khi\u1ec3n thi\u1ebft b\u1ecb t\u1eeb xa kh\u00f4ng c\u1ea7n l\u1ea1i g\u1ea7n<\/li>\n<li data-section-id=\"yyi9p4\" data-start=\"1596\" data-end=\"1630\">Ch\u1ecbu t\u1ea3i l\u1edbn l\u00ean \u0111\u1ebfn 7HP (63A)<\/li>\n<li data-section-id=\"1vd18ah\" data-start=\"1631\" data-end=\"1671\">T\u0103ng \u0111\u1ed9 an to\u00e0n v\u1edbi CB + contactor<\/li>\n<li data-section-id=\"1icuqy3\" data-start=\"1672\" data-end=\"1714\">3 ch\u1ebf \u0111\u1ed9 linh ho\u1ea1t: tay \u2013 t\u1eaft \u2013 remote<\/li>\n<li data-section-id=\"1e396uq\" data-start=\"1715\" data-end=\"1762\">Ho\u1ea1t \u0111\u1ed9ng \u1ed5n \u0111\u1ecbnh, \u00edt nhi\u1ec5u nh\u1edd anten ngo\u00e0i<\/li>\n<li data-section-id=\"1oqqbvy\" data-start=\"1763\" data-end=\"1808\">D\u1ec5 l\u1eafp \u0111\u1eb7t, ph\u00f9 h\u1ee3p c\u1ea3 ng\u01b0\u1eddi kh\u00f4ng chuy\u00ean<\/li>\n<\/ul>\n<h3 data-section-id=\"r5wat0\" data-start=\"1815\" data-end=\"1839\"><span class=\"ez-toc-section\" id=\"Ung_dung_thuc_te\"><\/span>\u1ee8ng d\u1ee5ng th\u1ef1c t\u1ebf:<span class=\"ez-toc-section-end\"><\/span><\/h3>\n<ul data-start=\"1840\" data-end=\"2011\">\n<li data-section-id=\"j6s88t\" data-start=\"1840\" data-end=\"1897\">\u0110i\u1ec1u khi\u1ec3n m\u00e1y b\u01a1m c\u00f4ng su\u1ea5t l\u1edbn (n\u00f4ng nghi\u1ec7p, ao h\u1ed3)<\/li>\n<li data-section-id=\"5nnzvd\" data-start=\"1898\" data-end=\"1936\">\u0110i\u1ec1u khi\u1ec3n \u0111\u1ed9ng c\u01a1 trong nh\u00e0 x\u01b0\u1edfng<\/li>\n<li data-section-id=\"uundg3\" data-start=\"1937\" data-end=\"1967\">H\u1ec7 th\u1ed1ng t\u01b0\u1edbi ti\u00eau t\u1ef1 \u0111\u1ed9ng<\/li>\n<li data-section-id=\"1klxtcd\" data-start=\"1968\" data-end=\"2011\">Trang tr\u1ea1i, khu c\u00f4ng nghi\u1ec7p, c\u00f4ng tr\u00ecnh<\/li>\n<\/ul>","protected":false},"excerpt":{"rendered":"<p>M\u00d4 T\u1ea2 S\u1ea2N PH\u1ea8M B\u1ed9 \u0111i\u1ec1u khi\u1ec3n t\u1eeb xa c\u00f4ng su\u1ea5t cao Kawasan RF10A-2RM2C (7HP \u2013 63A) l\u00e0 thi\u1ebft b\u1ecb chuy\u00ean d\u1ee5ng cho c\u00e1c h\u1ec7 th\u1ed1ng \u0111i\u1ec7n t\u1ea3i l\u1edbn, gi\u00fap \u0111i\u1ec1u khi\u1ec3n b\u1eadt\/t\u1eaft t\u1eeb xa nhanh ch\u00f3ng, an to\u00e0n v\u00e0 \u1ed5n \u0111\u1ecbnh. S\u1ea3n ph\u1ea9m \u0111\u1eb7c bi\u1ec7t ph\u00f9 h\u1ee3p cho m\u00e1y b\u01a1m c\u00f4ng su\u1ea5t l\u1edbn, \u0111\u1ed9ng [&hellip;]<\/p>","protected":false},"featured_media":30665,"comment_status":"open","ping_status":"closed","template":"","meta":{"_yoast_wpseo_focuskw":"","_yoast_wpseo_metadesc":"","_yoast_wpseo_focuskeywords":"","_yoast_wpseo_keyword_synonyms":""},"product_cat":[894],"product_tag":[],"class_list":["post-30651","product","type-product","status-publish","has-post-thumbnail","hentry","product_cat-tu-cong-tac-dieu-khien-tu-xa"],"acf":[],"yoast_head":"<!-- This site is optimized with the Yoast SEO Premium plugin v24.9 (Yoast SEO v24.9) - https:\/\/yoast.com\/wordpress\/plugins\/seo\/ -->\n<title>T\u1ee7 \u0110i\u1ec1u Khi\u1ec3n T\u1eeb Xa C\u00f4ng Su\u1ea5t Cao Kawasan RF10A-2RM2C (7HP \u2013 63A) - Kawasan<\/title>\n<meta name=\"robots\" content=\"index, follow, max-snippet:-1, max-image-preview:large, max-video-preview:-1\" \/>\n<link rel=\"canonical\" href=\"https:\/\/kawasan.vn\/en\/product\/tu-dieu-khien-tu-xa-cong-suat-cao-kawasan-rf10a-2rm2c-7hp-63a\/\" \/>\n<meta property=\"og:locale\" content=\"en_US\" \/>\n<meta property=\"og:type\" content=\"article\" \/>\n<meta property=\"og:title\" content=\"T\u1ee7 \u0110i\u1ec1u Khi\u1ec3n T\u1eeb Xa C\u00f4ng Su\u1ea5t Cao Kawasan RF10A-2RM2C (7HP \u2013 63A)\" \/>\n<meta property=\"og:description\" content=\"M\u00d4 T\u1ea2 S\u1ea2N PH\u1ea8M B\u1ed9 \u0111i\u1ec1u khi\u1ec3n t\u1eeb xa c\u00f4ng su\u1ea5t cao Kawasan RF10A-2RM2C (7HP \u2013 63A) l\u00e0 thi\u1ebft b\u1ecb chuy\u00ean d\u1ee5ng cho c\u00e1c h\u1ec7 th\u1ed1ng \u0111i\u1ec7n t\u1ea3i l\u1edbn, gi\u00fap \u0111i\u1ec1u khi\u1ec3n b\u1eadt\/t\u1eaft t\u1eeb xa nhanh ch\u00f3ng, an to\u00e0n v\u00e0 \u1ed5n \u0111\u1ecbnh. S\u1ea3n ph\u1ea9m \u0111\u1eb7c bi\u1ec7t ph\u00f9 h\u1ee3p cho m\u00e1y b\u01a1m c\u00f4ng su\u1ea5t l\u1edbn, \u0111\u1ed9ng [&hellip;]\" \/>\n<meta property=\"og:url\" content=\"https:\/\/kawasan.vn\/en\/product\/tu-dieu-khien-tu-xa-cong-suat-cao-kawasan-rf10a-2rm2c-7hp-63a\/\" \/>\n<meta property=\"og:site_name\" content=\"Kawasan\" \/>\n<meta property=\"article:modified_time\" content=\"2026-04-03T02:05:30+00:00\" \/>\n<meta property=\"og:image\" content=\"https:\/\/kawasan.vn\/wp-content\/uploads\/2026\/04\/6-2.png\" \/>\n\t<meta property=\"og:image:width\" content=\"900\" \/>\n\t<meta property=\"og:image:height\" content=\"900\" \/>\n\t<meta property=\"og:image:type\" content=\"image\/png\" \/>\n<meta name=\"twitter:card\" content=\"summary_large_image\" \/>\n<meta name=\"twitter:label1\" content=\"Est. reading time\" \/>\n\t<meta name=\"twitter:data1\" content=\"2 minutes\" \/>\n<script type=\"application\/ld+json\" class=\"yoast-schema-graph\">{\"@context\":\"https:\/\/schema.org\",\"@graph\":[{\"@type\":\"WebPage\",\"@id\":\"https:\/\/kawasan.vn\/san-pham\/tu-dieu-khien-tu-xa-cong-suat-cao-kawasan-rf10a-2rm2c-7hp-63a\/\",\"url\":\"https:\/\/kawasan.vn\/san-pham\/tu-dieu-khien-tu-xa-cong-suat-cao-kawasan-rf10a-2rm2c-7hp-63a\/\",\"name\":\"T\u1ee7 \u0110i\u1ec1u Khi\u1ec3n T\u1eeb Xa C\u00f4ng Su\u1ea5t Cao Kawasan RF10A-2RM2C (7HP \u2013 63A) - Kawasan\",\"isPartOf\":{\"@id\":\"https:\/\/kawasan.vn\/#website\"},\"primaryImageOfPage\":{\"@id\":\"https:\/\/kawasan.vn\/san-pham\/tu-dieu-khien-tu-xa-cong-suat-cao-kawasan-rf10a-2rm2c-7hp-63a\/#primaryimage\"},\"image\":{\"@id\":\"https:\/\/kawasan.vn\/san-pham\/tu-dieu-khien-tu-xa-cong-suat-cao-kawasan-rf10a-2rm2c-7hp-63a\/#primaryimage\"},\"thumbnailUrl\":\"https:\/\/kawasan.vn\/wp-content\/uploads\/2026\/04\/6-2.png\",\"datePublished\":\"2026-04-02T09:02:19+00:00\",\"dateModified\":\"2026-04-03T02:05:30+00:00\",\"breadcrumb\":{\"@id\":\"https:\/\/kawasan.vn\/san-pham\/tu-dieu-khien-tu-xa-cong-suat-cao-kawasan-rf10a-2rm2c-7hp-63a\/#breadcrumb\"},\"inLanguage\":\"en-US\",\"potentialAction\":[{\"@type\":\"ReadAction\",\"target\":[\"https:\/\/kawasan.vn\/san-pham\/tu-dieu-khien-tu-xa-cong-suat-cao-kawasan-rf10a-2rm2c-7hp-63a\/\"]}]},{\"@type\":\"ImageObject\",\"inLanguage\":\"en-US\",\"@id\":\"https:\/\/kawasan.vn\/san-pham\/tu-dieu-khien-tu-xa-cong-suat-cao-kawasan-rf10a-2rm2c-7hp-63a\/#primaryimage\",\"url\":\"https:\/\/kawasan.vn\/wp-content\/uploads\/2026\/04\/6-2.png\",\"contentUrl\":\"https:\/\/kawasan.vn\/wp-content\/uploads\/2026\/04\/6-2.png\",\"width\":900,\"height\":900},{\"@type\":\"BreadcrumbList\",\"@id\":\"https:\/\/kawasan.vn\/san-pham\/tu-dieu-khien-tu-xa-cong-suat-cao-kawasan-rf10a-2rm2c-7hp-63a\/#breadcrumb\",\"itemListElement\":[{\"@type\":\"ListItem\",\"position\":1,\"name\":\"Trang ch\u1ee7\",\"item\":\"https:\/\/kawasan.vn\/\"},{\"@type\":\"ListItem\",\"position\":2,\"name\":\"S\u1ea3n ph\u1ea9m\",\"item\":\"https:\/\/kawasan.vn\/san-pham\/\"},{\"@type\":\"ListItem\",\"position\":3,\"name\":\"T\u1ee7 \u0110i\u1ec1u Khi\u1ec3n T\u1eeb Xa C\u00f4ng Su\u1ea5t Cao Kawasan RF10A-2RM2C (7HP \u2013 63A)\"}]},{\"@type\":\"WebSite\",\"@id\":\"https:\/\/kawasan.vn\/#website\",\"url\":\"https:\/\/kawasan.vn\/\",\"name\":\"Kawasan\",\"description\":\"\",\"potentialAction\":[{\"@type\":\"SearchAction\",\"target\":{\"@type\":\"EntryPoint\",\"urlTemplate\":\"https:\/\/kawasan.vn\/?s={search_term_string}\"},\"query-input\":{\"@type\":\"PropertyValueSpecification\",\"valueRequired\":true,\"valueName\":\"search_term_string\"}}],\"inLanguage\":\"en-US\"}]}<\/script>\n<!-- \/ Yoast SEO Premium plugin. -->","yoast_head_json":{"title":"T\u1ee7 \u0110i\u1ec1u Khi\u1ec3n T\u1eeb Xa C\u00f4ng Su\u1ea5t Cao Kawasan RF10A-2RM2C (7HP \u2013 63A) - Kawasan","robots":{"index":"index","follow":"follow","max-snippet":"max-snippet:-1","max-image-preview":"max-image-preview:large","max-video-preview":"max-video-preview:-1"},"canonical":"https:\/\/kawasan.vn\/en\/product\/tu-dieu-khien-tu-xa-cong-suat-cao-kawasan-rf10a-2rm2c-7hp-63a\/","og_locale":"en_US","og_type":"article","og_title":"T\u1ee7 \u0110i\u1ec1u Khi\u1ec3n T\u1eeb Xa C\u00f4ng Su\u1ea5t Cao Kawasan RF10A-2RM2C (7HP \u2013 63A)","og_description":"M\u00d4 T\u1ea2 S\u1ea2N PH\u1ea8M B\u1ed9 \u0111i\u1ec1u khi\u1ec3n t\u1eeb xa c\u00f4ng su\u1ea5t cao Kawasan RF10A-2RM2C (7HP \u2013 63A) l\u00e0 thi\u1ebft b\u1ecb chuy\u00ean d\u1ee5ng cho c\u00e1c h\u1ec7 th\u1ed1ng \u0111i\u1ec7n t\u1ea3i l\u1edbn, gi\u00fap \u0111i\u1ec1u khi\u1ec3n b\u1eadt\/t\u1eaft t\u1eeb xa nhanh ch\u00f3ng, an to\u00e0n v\u00e0 \u1ed5n \u0111\u1ecbnh. S\u1ea3n ph\u1ea9m \u0111\u1eb7c bi\u1ec7t ph\u00f9 h\u1ee3p cho m\u00e1y b\u01a1m c\u00f4ng su\u1ea5t l\u1edbn, \u0111\u1ed9ng [&hellip;]","og_url":"https:\/\/kawasan.vn\/en\/product\/tu-dieu-khien-tu-xa-cong-suat-cao-kawasan-rf10a-2rm2c-7hp-63a\/","og_site_name":"Kawasan","article_modified_time":"2026-04-03T02:05:30+00:00","og_image":[{"width":900,"height":900,"url":"https:\/\/kawasan.vn\/wp-content\/uploads\/2026\/04\/6-2.png","type":"image\/png"}],"twitter_card":"summary_large_image","twitter_misc":{"Est. reading time":"2 minutes"},"schema":{"@context":"https:\/\/schema.org","@graph":[{"@type":"WebPage","@id":"https:\/\/kawasan.vn\/san-pham\/tu-dieu-khien-tu-xa-cong-suat-cao-kawasan-rf10a-2rm2c-7hp-63a\/","url":"https:\/\/kawasan.vn\/san-pham\/tu-dieu-khien-tu-xa-cong-suat-cao-kawasan-rf10a-2rm2c-7hp-63a\/","name":"T\u1ee7 \u0110i\u1ec1u Khi\u1ec3n T\u1eeb Xa C\u00f4ng Su\u1ea5t Cao Kawasan RF10A-2RM2C (7HP \u2013 63A) - Kawasan","isPartOf":{"@id":"https:\/\/kawasan.vn\/#website"},"primaryImageOfPage":{"@id":"https:\/\/kawasan.vn\/san-pham\/tu-dieu-khien-tu-xa-cong-suat-cao-kawasan-rf10a-2rm2c-7hp-63a\/#primaryimage"},"image":{"@id":"https:\/\/kawasan.vn\/san-pham\/tu-dieu-khien-tu-xa-cong-suat-cao-kawasan-rf10a-2rm2c-7hp-63a\/#primaryimage"},"thumbnailUrl":"https:\/\/kawasan.vn\/wp-content\/uploads\/2026\/04\/6-2.png","datePublished":"2026-04-02T09:02:19+00:00","dateModified":"2026-04-03T02:05:30+00:00","breadcrumb":{"@id":"https:\/\/kawasan.vn\/san-pham\/tu-dieu-khien-tu-xa-cong-suat-cao-kawasan-rf10a-2rm2c-7hp-63a\/#breadcrumb"},"inLanguage":"en-US","potentialAction":[{"@type":"ReadAction","target":["https:\/\/kawasan.vn\/san-pham\/tu-dieu-khien-tu-xa-cong-suat-cao-kawasan-rf10a-2rm2c-7hp-63a\/"]}]},{"@type":"ImageObject","inLanguage":"en-US","@id":"https:\/\/kawasan.vn\/san-pham\/tu-dieu-khien-tu-xa-cong-suat-cao-kawasan-rf10a-2rm2c-7hp-63a\/#primaryimage","url":"https:\/\/kawasan.vn\/wp-content\/uploads\/2026\/04\/6-2.png","contentUrl":"https:\/\/kawasan.vn\/wp-content\/uploads\/2026\/04\/6-2.png","width":900,"height":900},{"@type":"BreadcrumbList","@id":"https:\/\/kawasan.vn\/san-pham\/tu-dieu-khien-tu-xa-cong-suat-cao-kawasan-rf10a-2rm2c-7hp-63a\/#breadcrumb","itemListElement":[{"@type":"ListItem","position":1,"name":"Trang ch\u1ee7","item":"https:\/\/kawasan.vn\/"},{"@type":"ListItem","position":2,"name":"S\u1ea3n ph\u1ea9m","item":"https:\/\/kawasan.vn\/san-pham\/"},{"@type":"ListItem","position":3,"name":"T\u1ee7 \u0110i\u1ec1u Khi\u1ec3n T\u1eeb Xa C\u00f4ng Su\u1ea5t Cao Kawasan RF10A-2RM2C (7HP \u2013 63A)"}]},{"@type":"WebSite","@id":"https:\/\/kawasan.vn\/#website","url":"https:\/\/kawasan.vn\/","name":"Kawasan","description":"","potentialAction":[{"@type":"SearchAction","target":{"@type":"EntryPoint","urlTemplate":"https:\/\/kawasan.vn\/?s={search_term_string}"},"query-input":{"@type":"PropertyValueSpecification","valueRequired":true,"valueName":"search_term_string"}}],"inLanguage":"en-US"}]}},"_links":{"self":[{"href":"https:\/\/kawasan.vn\/en\/wp-json\/wp\/v2\/product\/30651","targetHints":{"allow":["GET"]}}],"collection":[{"href":"https:\/\/kawasan.vn\/en\/wp-json\/wp\/v2\/product"}],"about":[{"href":"https:\/\/kawasan.vn\/en\/wp-json\/wp\/v2\/types\/product"}],"replies":[{"embeddable":true,"href":"https:\/\/kawasan.vn\/en\/wp-json\/wp\/v2\/comments?post=30651"}],"version-history":[{"count":2,"href":"https:\/\/kawasan.vn\/en\/wp-json\/wp\/v2\/product\/30651\/revisions"}],"predecessor-version":[{"id":30670,"href":"https:\/\/kawasan.vn\/en\/wp-json\/wp\/v2\/product\/30651\/revisions\/30670"}],"wp:featuredmedia":[{"embeddable":true,"href":"https:\/\/kawasan.vn\/en\/wp-json\/wp\/v2\/media\/30665"}],"wp:attachment":[{"href":"https:\/\/kawasan.vn\/en\/wp-json\/wp\/v2\/media?parent=30651"}],"wp:term":[{"taxonomy":"product_cat","embeddable":true,"href":"https:\/\/kawasan.vn\/en\/wp-json\/wp\/v2\/product_cat?post=30651"},{"taxonomy":"product_tag","embeddable":true,"href":"https:\/\/kawasan.vn\/en\/wp-json\/wp\/v2\/product_tag?post=30651"}],"curies":[{"name":"wp","href":"https:\/\/api.w.org\/{rel}","templated":true}]}}