{"id":30540,"date":"2026-03-21T09:15:16","date_gmt":"2026-03-21T02:15:16","guid":{"rendered":"https:\/\/kawasan.vn\/?post_type=product&#038;p=30540"},"modified":"2026-04-06T11:09:56","modified_gmt":"2026-04-06T04:09:56","slug":"dong-ho-dien-3-pha-gan-thanh-ray-380v-100a-kawasan-dmp-3p-100a-cong-to-dien-tu-3-pha","status":"publish","type":"product","link":"https:\/\/kawasan.vn\/en\/product\/dong-ho-dien-3-pha-gan-thanh-ray-380v-100a-kawasan-dmp-3p-100a-cong-to-dien-tu-3-pha\/","title":{"rendered":"\u0110\u1ed3ng H\u1ed3 \u0110i\u1ec7n 3 Pha G\u1eafn Thanh Ray 380V\/100A Kawasan DMP-3P-100A (C\u00f4ng T\u01a1 \u0110i\u1ec7n T\u1eed 3 Pha)"},"content":{"rendered":"<h1 data-section-id=\"1whuadm\" data-start=\"221\" data-end=\"236\"><span class=\"ez-toc-section\" id=\"MO_TA_NGAN\"><\/span>M\u00d4 T\u1ea2 NG\u1eaeN<span class=\"ez-toc-section-end\"><\/span><\/h1><div id=\"ez-toc-container\" class=\"ez-toc-v2_0_69_1 counter-hierarchy ez-toc-counter ez-toc-grey ez-toc-container-direction\">\n<div class=\"ez-toc-title-container\">\n<p class=\"ez-toc-title\" >N\u1ed9i Dung B&agrave;i Vi\u1ebft<\/p>\n<span class=\"ez-toc-title-toggle\"><a href=\"#\" class=\"ez-toc-pull-right ez-toc-btn ez-toc-btn-xs ez-toc-btn-default ez-toc-toggle\" aria-label=\"Toggle Table of Content\"><span class=\"ez-toc-js-icon-con\"><span class=\"\"><span class=\"eztoc-hide\" style=\"display:none;\">Toggle<\/span><span class=\"ez-toc-icon-toggle-span\"><svg style=\"fill: #999;color:#999\" xmlns=\"http:\/\/www.w3.org\/2000\/svg\" class=\"list-377408\" width=\"20px\" height=\"20px\" viewbox=\"0 0 24 24\" fill=\"none\"><path d=\"M6 6H4v2h2V6zm14 0H8v2h12V6zM4 11h2v2H4v-2zm16 0H8v2h12v-2zM4 16h2v2H4v-2zm16 0H8v2h12v-2z\" fill=\"currentColor\"><\/path><\/svg><svg style=\"fill: #999;color:#999\" class=\"arrow-unsorted-368013\" xmlns=\"http:\/\/www.w3.org\/2000\/svg\" width=\"10px\" height=\"10px\" viewbox=\"0 0 24 24\" version=\"1.2\" baseprofile=\"tiny\"><path d=\"M18.2 9.3l-6.2-6.3-6.2 6.3c-.2.2-.3.4-.3.7s.1.5.3.7c.2.2.4.3.7.3h11c.3 0 .5-.1.7-.3.2-.2.3-.5.3-.7s-.1-.5-.3-.7zM5.8 14.7l6.2 6.3 6.2-6.3c.2-.2.3-.5.3-.7s-.1-.5-.3-.7c-.2-.2-.4-.3-.7-.3h-11c-.3 0-.5.1-.7.3-.2.2-.3.5-.3.7s.1.5.3.7z\"\/><\/svg><\/span><\/span><\/span><\/a><\/span><\/div>\n<nav><ul class='ez-toc-list ez-toc-list-level-1 eztoc-toggle-hide-by-default' ><li class='ez-toc-page-1 ez-toc-heading-level-1'><a class=\"ez-toc-link ez-toc-heading-1\" href=\"https:\/\/kawasan.vn\/en\/product\/dong-ho-dien-3-pha-gan-thanh-ray-380v-100a-kawasan-dmp-3p-100a-cong-to-dien-tu-3-pha\/#MO_TA_NGAN\" title=\"M\u00d4 T\u1ea2 NG\u1eaeN\">M\u00d4 T\u1ea2 NG\u1eaeN<\/a><\/li><li class='ez-toc-page-1 ez-toc-heading-level-1'><a class=\"ez-toc-link ez-toc-heading-2\" href=\"https:\/\/kawasan.vn\/en\/product\/dong-ho-dien-3-pha-gan-thanh-ray-380v-100a-kawasan-dmp-3p-100a-cong-to-dien-tu-3-pha\/#THONG_SO_KY_THUAT\" title=\"TH\u00d4NG S\u1ed0 K\u1ef8 THU\u1eacT\">TH\u00d4NG S\u1ed0 K\u1ef8 THU\u1eacT<\/a><\/li><li class='ez-toc-page-1 ez-toc-heading-level-1'><a class=\"ez-toc-link ez-toc-heading-3\" href=\"https:\/\/kawasan.vn\/en\/product\/dong-ho-dien-3-pha-gan-thanh-ray-380v-100a-kawasan-dmp-3p-100a-cong-to-dien-tu-3-pha\/#UU_DIEM_NOI_BAT\" title=\"\u01afU \u0110I\u1ec2M N\u1ed4I B\u1eacT\">\u01afU \u0110I\u1ec2M N\u1ed4I B\u1eacT<\/a><ul class='ez-toc-list-level-3' ><li class='ez-toc-heading-level-3'><ul class='ez-toc-list-level-3' ><li class='ez-toc-heading-level-3'><a class=\"ez-toc-link ez-toc-heading-4\" href=\"https:\/\/kawasan.vn\/en\/product\/dong-ho-dien-3-pha-gan-thanh-ray-380v-100a-kawasan-dmp-3p-100a-cong-to-dien-tu-3-pha\/#%E2%9C%85_Thiet_ke_gon_%E2%80%93_lap_thanh_ray_tien_loi\" title=\"\u2705 Thi\u1ebft k\u1ebf g\u1ecdn \u2013 l\u1eafp thanh ray ti\u1ec7n l\u1ee3i\">\u2705 Thi\u1ebft k\u1ebf g\u1ecdn \u2013 l\u1eafp thanh ray ti\u1ec7n l\u1ee3i<\/a><\/li><li class='ez-toc-page-1 ez-toc-heading-level-3'><a class=\"ez-toc-link ez-toc-heading-5\" href=\"https:\/\/kawasan.vn\/en\/product\/dong-ho-dien-3-pha-gan-thanh-ray-380v-100a-kawasan-dmp-3p-100a-cong-to-dien-tu-3-pha\/#%E2%9C%85_Hien_thi_dien_tu_ro_rang\" title=\"\u2705 Hi\u1ec3n th\u1ecb \u0111i\u1ec7n t\u1eed r\u00f5 r\u00e0ng\">\u2705 Hi\u1ec3n th\u1ecb \u0111i\u1ec7n t\u1eed r\u00f5 r\u00e0ng<\/a><\/li><li class='ez-toc-page-1 ez-toc-heading-level-3'><a class=\"ez-toc-link ez-toc-heading-6\" href=\"https:\/\/kawasan.vn\/en\/product\/dong-ho-dien-3-pha-gan-thanh-ray-380v-100a-kawasan-dmp-3p-100a-cong-to-dien-tu-3-pha\/#%E2%9C%85_Do_chinh_xac_cao\" title=\"\u2705 \u0110\u1ed9 ch\u00ednh x\u00e1c cao\">\u2705 \u0110\u1ed9 ch\u00ednh x\u00e1c cao<\/a><\/li><li class='ez-toc-page-1 ez-toc-heading-level-3'><a class=\"ez-toc-link ez-toc-heading-7\" href=\"https:\/\/kawasan.vn\/en\/product\/dong-ho-dien-3-pha-gan-thanh-ray-380v-100a-kawasan-dmp-3p-100a-cong-to-dien-tu-3-pha\/#%E2%9C%85_Phu_hop_nhieu_he_thong\" title=\"\u2705 Ph\u00f9 h\u1ee3p nhi\u1ec1u h\u1ec7 th\u1ed1ng\">\u2705 Ph\u00f9 h\u1ee3p nhi\u1ec1u h\u1ec7 th\u1ed1ng<\/a><\/li><\/ul><\/li><\/ul><\/li><li class='ez-toc-page-1 ez-toc-heading-level-1'><a class=\"ez-toc-link ez-toc-heading-8\" href=\"https:\/\/kawasan.vn\/en\/product\/dong-ho-dien-3-pha-gan-thanh-ray-380v-100a-kawasan-dmp-3p-100a-cong-to-dien-tu-3-pha\/#UNG_DUNG_THUC_TE\" title=\"\u1ee8NG D\u1ee4NG TH\u1ef0C T\u1ebe\">\u1ee8NG D\u1ee4NG TH\u1ef0C T\u1ebe<\/a><\/li><\/ul><\/nav><\/div>\n\n<p data-start=\"238\" data-end=\"538\">\u0110\u1ed3ng h\u1ed3 \u0111i\u1ec7n 3 pha Kawasan DMP-3P-100A l\u00e0 thi\u1ebft b\u1ecb \u0111o \u0111i\u1ec7n n\u0103ng ti\u00eau th\u1ee5 d\u1ea1ng <strong data-start=\"316\" data-end=\"344\">g\u1eafn thanh ray (DIN rail)<\/strong>, ph\u00f9 h\u1ee3p cho h\u1ec7 th\u1ed1ng \u0111i\u1ec7n 3 pha 380V. S\u1ea3n ph\u1ea9m s\u1eed d\u1ee5ng m\u00e0n h\u00ecnh hi\u1ec3n th\u1ecb \u0111i\u1ec7n t\u1eed r\u00f5 r\u00e0ng, \u0111\u1ed9 ch\u00ednh x\u00e1c cao, gi\u00fap theo d\u00f5i v\u00e0 qu\u1ea3n l\u00fd \u0111i\u1ec7n n\u0103ng hi\u1ec7u qu\u1ea3 trong gia \u0111\u00ecnh, nh\u00e0 x\u01b0\u1edfng v\u00e0 c\u00f4ng tr\u00ecnh.<\/p>\n<h1 data-section-id=\"nbjwvg\" data-start=\"545\" data-end=\"567\"><span class=\"ez-toc-section\" id=\"THONG_SO_KY_THUAT\"><\/span>TH\u00d4NG S\u1ed0 K\u1ef8 THU\u1eacT<span class=\"ez-toc-section-end\"><\/span><\/h1>\n<ul data-start=\"569\" data-end=\"871\">\n<li data-section-id=\"sk014n\" data-start=\"569\" data-end=\"595\"><strong data-start=\"571\" data-end=\"581\">Model:<\/strong> DMP-3P-100A<\/li>\n<li data-section-id=\"bjjdb9\" data-start=\"596\" data-end=\"624\"><strong data-start=\"598\" data-end=\"614\">Th\u01b0\u01a1ng hi\u1ec7u:<\/strong> Kawasan<\/li>\n<li data-section-id=\"1potv1p\" data-start=\"625\" data-end=\"681\"><strong data-start=\"627\" data-end=\"636\">Lo\u1ea1i:<\/strong> \u0110\u1ed3ng h\u1ed3 \u0111i\u1ec7n 3 pha \u0111i\u1ec7n t\u1eed (g\u1eafn thanh ray)<\/li>\n<li data-section-id=\"48u4bs\" data-start=\"682\" data-end=\"721\"><strong data-start=\"684\" data-end=\"706\">\u0110i\u1ec7n \u00e1p ho\u1ea1t \u0111\u1ed9ng:<\/strong> 3 pha \/ 380V<\/li>\n<li data-section-id=\"hjd35c\" data-start=\"722\" data-end=\"752\"><strong data-start=\"724\" data-end=\"745\">D\u00f2ng \u0111i\u1ec7n t\u1ed1i \u0111a:<\/strong> 100A<\/li>\n<li data-section-id=\"l5mfsj\" data-start=\"753\" data-end=\"792\"><strong data-start=\"755\" data-end=\"772\">Ki\u1ec3u l\u1eafp \u0111\u1eb7t:<\/strong> G\u1eafn thanh ray DIN<\/li>\n<li data-section-id=\"1yef5zf\" data-start=\"793\" data-end=\"831\"><strong data-start=\"795\" data-end=\"808\">Hi\u1ec3n th\u1ecb:<\/strong> M\u00e0n h\u00ecnh LCD \u0111i\u1ec7n t\u1eed<\/li>\n<li data-section-id=\"1syfwkq\" data-start=\"832\" data-end=\"871\"><strong data-start=\"834\" data-end=\"847\">\u1ee8ng d\u1ee5ng:<\/strong> \u0110o \u0111i\u1ec7n n\u0103ng ti\u00eau th\u1ee5<\/li>\n<\/ul>\n<h1 data-section-id=\"1ngwo4p\" data-start=\"878\" data-end=\"898\"><span class=\"ez-toc-section\" id=\"UU_DIEM_NOI_BAT\"><\/span>\u01afU \u0110I\u1ec2M N\u1ed4I B\u1eacT<span class=\"ez-toc-section-end\"><\/span><\/h1>\n<h3 data-section-id=\"1egq68e\" data-start=\"900\" data-end=\"945\"><span class=\"ez-toc-section\" id=\"%E2%9C%85_Thiet_ke_gon_%E2%80%93_lap_thanh_ray_tien_loi\"><\/span>\u2705 Thi\u1ebft k\u1ebf g\u1ecdn \u2013 l\u1eafp thanh ray ti\u1ec7n l\u1ee3i<span class=\"ez-toc-section-end\"><\/span><\/h3>\n<p data-start=\"946\" data-end=\"986\">Ph\u00f9 h\u1ee3p t\u1ee7 \u0111i\u1ec7n, d\u1ec5 thi c\u00f4ng v\u00e0 thay th\u1ebf<\/p>\n<h3 data-section-id=\"189p98s\" data-start=\"988\" data-end=\"1020\"><span class=\"ez-toc-section\" id=\"%E2%9C%85_Hien_thi_dien_tu_ro_rang\"><\/span>\u2705 Hi\u1ec3n th\u1ecb \u0111i\u1ec7n t\u1eed r\u00f5 r\u00e0ng<span class=\"ez-toc-section-end\"><\/span><\/h3>\n<p data-start=\"1021\" data-end=\"1079\">M\u00e0n h\u00ecnh LCD d\u1ec5 \u0111\u1ecdc, theo d\u00f5i ch\u00ednh x\u00e1c \u0111i\u1ec7n n\u0103ng ti\u00eau th\u1ee5<\/p>\n<h3 data-section-id=\"1tmifh9\" data-start=\"1081\" data-end=\"1105\"><span class=\"ez-toc-section\" id=\"%E2%9C%85_Do_chinh_xac_cao\"><\/span>\u2705 \u0110\u1ed9 ch\u00ednh x\u00e1c cao<span class=\"ez-toc-section-end\"><\/span><\/h3>\n<p data-start=\"1106\" data-end=\"1149\">\u0110\u1ea3m b\u1ea3o s\u1ed1 li\u1ec7u \u0111o \u1ed5n \u0111\u1ecbnh, tin c\u1eady l\u00e2u d\u00e0i<\/p>\n<h3 data-section-id=\"c3mtih\" data-start=\"1151\" data-end=\"1181\"><span class=\"ez-toc-section\" id=\"%E2%9C%85_Phu_hop_nhieu_he_thong\"><\/span>\u2705 Ph\u00f9 h\u1ee3p nhi\u1ec1u h\u1ec7 th\u1ed1ng<span class=\"ez-toc-section-end\"><\/span><\/h3>\n<p data-start=\"1182\" data-end=\"1222\">D\u00f9ng cho c\u1ea3 \u0111i\u1ec7n d\u00e2n d\u1ee5ng v\u00e0 c\u00f4ng nghi\u1ec7p<\/p>\n<h1 data-section-id=\"qkua9t\" data-start=\"1229\" data-end=\"1250\"><span class=\"ez-toc-section\" id=\"UNG_DUNG_THUC_TE\"><\/span>\u1ee8NG D\u1ee4NG TH\u1ef0C T\u1ebe<span class=\"ez-toc-section-end\"><\/span><\/h1>\n<ul data-start=\"1252\" data-end=\"1418\">\n<li data-section-id=\"pt53mv\" data-start=\"1252\" data-end=\"1282\">T\u1ee7 \u0111i\u1ec7n gia \u0111\u00ecnh, bi\u1ec7t th\u1ef1<\/li>\n<li data-section-id=\"1vh9d1k\" data-start=\"1283\" data-end=\"1310\">Nh\u00e0 x\u01b0\u1edfng, khu s\u1ea3n xu\u1ea5t<\/li>\n<li data-section-id=\"snhmos\" data-start=\"1311\" data-end=\"1348\">H\u1ec7 th\u1ed1ng \u0111i\u1ec7n n\u0103ng l\u01b0\u1ee3ng m\u1eb7t tr\u1eddi<\/li>\n<li data-section-id=\"1xtt5h3\" data-start=\"1349\" data-end=\"1394\">Theo d\u00f5i \u0111i\u1ec7n cho t\u1eebng khu v\u1ef1c ri\u00eang bi\u1ec7t<\/li>\n<li data-section-id=\"dz59yq\" data-start=\"1395\" data-end=\"1418\">V\u0103n ph\u00f2ng, c\u1eeda h\u00e0ng<\/li>\n<\/ul>\n<p data-start=\"1935\" data-end=\"2107\"><strong data-start=\"1935\" data-end=\"1958\">MUA CH\u00cdNH H\u00c3NG T\u1ea0I:<\/strong><br data-start=\"1958\" data-end=\"1961\" \/>Hotline ph\u00f2ng kinh doanh (b\u00e1o gi\u00e1 s\u1ec9 \/ \u0111\u1ea1i l\u00fd \/ NPP): 0825 411 408 ho\u1eb7c 0911 757 234<br data-start=\"2045\" data-end=\"2048\" \/>Website ch\u00ednh th\u1ee9c:<br data-start=\"2067\" data-end=\"2070\" \/><a class=\"decorated-link cursor-pointer\" target=\"_new\" rel=\"noopener\" data-start=\"2070\" data-end=\"2088\">www.kawaled.com.vn<\/a><br data-start=\"2088\" data-end=\"2091\" \/><a class=\"decorated-link\" href=\"https:\/\/kawasan.vn\/en\/\" target=\"_new\" rel=\"noopener\" data-start=\"2091\" data-end=\"2105\">www.kawasan.vn<\/a><\/p>","protected":false},"excerpt":{"rendered":"<p>M\u00d4 T\u1ea2 NG\u1eaeN \u0110\u1ed3ng h\u1ed3 \u0111i\u1ec7n 3 pha Kawasan DMP-3P-100A l\u00e0 thi\u1ebft b\u1ecb \u0111o \u0111i\u1ec7n n\u0103ng ti\u00eau th\u1ee5 d\u1ea1ng g\u1eafn thanh ray (DIN rail), ph\u00f9 h\u1ee3p cho h\u1ec7 th\u1ed1ng \u0111i\u1ec7n 3 pha 380V. S\u1ea3n ph\u1ea9m s\u1eed d\u1ee5ng m\u00e0n h\u00ecnh hi\u1ec3n th\u1ecb \u0111i\u1ec7n t\u1eed r\u00f5 r\u00e0ng, \u0111\u1ed9 ch\u00ednh x\u00e1c cao, gi\u00fap theo d\u00f5i v\u00e0 qu\u1ea3n l\u00fd [&hellip;]<\/p>","protected":false},"featured_media":30542,"comment_status":"open","ping_status":"closed","template":"","meta":{"_yoast_wpseo_focuskw":"","_yoast_wpseo_metadesc":"","_yoast_wpseo_focuskeywords":"","_yoast_wpseo_keyword_synonyms":""},"product_cat":[1862],"product_tag":[],"class_list":["post-30540","product","type-product","status-publish","has-post-thumbnail","hentry","product_cat-dong-ho-do-dien"],"acf":[],"yoast_head":"<!-- This site is optimized with the Yoast SEO Premium plugin v24.9 (Yoast SEO v24.9) - https:\/\/yoast.com\/wordpress\/plugins\/seo\/ -->\n<title>\u0110\u1ed3ng H\u1ed3 \u0110i\u1ec7n 3 Pha G\u1eafn Thanh Ray 380V\/100A Kawasan DMP-3P-100A (C\u00f4ng T\u01a1 \u0110i\u1ec7n T\u1eed 3 Pha) - Kawasan<\/title>\n<meta name=\"robots\" content=\"index, follow, max-snippet:-1, max-image-preview:large, max-video-preview:-1\" \/>\n<link rel=\"canonical\" href=\"https:\/\/kawasan.vn\/en\/product\/dong-ho-dien-3-pha-gan-thanh-ray-380v-100a-kawasan-dmp-3p-100a-cong-to-dien-tu-3-pha\/\" \/>\n<meta property=\"og:locale\" content=\"en_US\" \/>\n<meta property=\"og:type\" content=\"article\" \/>\n<meta property=\"og:title\" content=\"\u0110\u1ed3ng H\u1ed3 \u0110i\u1ec7n 3 Pha G\u1eafn Thanh Ray 380V\/100A Kawasan DMP-3P-100A (C\u00f4ng T\u01a1 \u0110i\u1ec7n T\u1eed 3 Pha)\" \/>\n<meta property=\"og:description\" content=\"M\u00d4 T\u1ea2 NG\u1eaeN \u0110\u1ed3ng h\u1ed3 \u0111i\u1ec7n 3 pha Kawasan DMP-3P-100A l\u00e0 thi\u1ebft b\u1ecb \u0111o \u0111i\u1ec7n n\u0103ng ti\u00eau th\u1ee5 d\u1ea1ng g\u1eafn thanh ray (DIN rail), ph\u00f9 h\u1ee3p cho h\u1ec7 th\u1ed1ng \u0111i\u1ec7n 3 pha 380V. S\u1ea3n ph\u1ea9m s\u1eed d\u1ee5ng m\u00e0n h\u00ecnh hi\u1ec3n th\u1ecb \u0111i\u1ec7n t\u1eed r\u00f5 r\u00e0ng, \u0111\u1ed9 ch\u00ednh x\u00e1c cao, gi\u00fap theo d\u00f5i v\u00e0 qu\u1ea3n l\u00fd [&hellip;]\" \/>\n<meta property=\"og:url\" content=\"https:\/\/kawasan.vn\/en\/product\/dong-ho-dien-3-pha-gan-thanh-ray-380v-100a-kawasan-dmp-3p-100a-cong-to-dien-tu-3-pha\/\" \/>\n<meta property=\"og:site_name\" content=\"Kawasan\" \/>\n<meta property=\"article:modified_time\" content=\"2026-04-06T04:09:56+00:00\" \/>\n<meta property=\"og:image\" content=\"https:\/\/kawasan.vn\/wp-content\/uploads\/2026\/03\/1-6.png\" \/>\n\t<meta property=\"og:image:width\" content=\"900\" \/>\n\t<meta property=\"og:image:height\" content=\"900\" \/>\n\t<meta property=\"og:image:type\" content=\"image\/png\" \/>\n<meta name=\"twitter:card\" content=\"summary_large_image\" \/>\n<meta name=\"twitter:label1\" content=\"Est. reading time\" \/>\n\t<meta name=\"twitter:data1\" content=\"2 minutes\" \/>\n<script type=\"application\/ld+json\" class=\"yoast-schema-graph\">{\"@context\":\"https:\/\/schema.org\",\"@graph\":[{\"@type\":\"WebPage\",\"@id\":\"https:\/\/kawasan.vn\/san-pham\/dong-ho-dien-3-pha-gan-thanh-ray-380v-100a-kawasan-dmp-3p-100a-cong-to-dien-tu-3-pha\/\",\"url\":\"https:\/\/kawasan.vn\/san-pham\/dong-ho-dien-3-pha-gan-thanh-ray-380v-100a-kawasan-dmp-3p-100a-cong-to-dien-tu-3-pha\/\",\"name\":\"\u0110\u1ed3ng H\u1ed3 \u0110i\u1ec7n 3 Pha G\u1eafn Thanh Ray 380V\/100A Kawasan DMP-3P-100A (C\u00f4ng T\u01a1 \u0110i\u1ec7n T\u1eed 3 Pha) - Kawasan\",\"isPartOf\":{\"@id\":\"https:\/\/kawasan.vn\/#website\"},\"primaryImageOfPage\":{\"@id\":\"https:\/\/kawasan.vn\/san-pham\/dong-ho-dien-3-pha-gan-thanh-ray-380v-100a-kawasan-dmp-3p-100a-cong-to-dien-tu-3-pha\/#primaryimage\"},\"image\":{\"@id\":\"https:\/\/kawasan.vn\/san-pham\/dong-ho-dien-3-pha-gan-thanh-ray-380v-100a-kawasan-dmp-3p-100a-cong-to-dien-tu-3-pha\/#primaryimage\"},\"thumbnailUrl\":\"https:\/\/kawasan.vn\/wp-content\/uploads\/2026\/03\/1-6.png\",\"datePublished\":\"2026-03-21T02:15:16+00:00\",\"dateModified\":\"2026-04-06T04:09:56+00:00\",\"breadcrumb\":{\"@id\":\"https:\/\/kawasan.vn\/san-pham\/dong-ho-dien-3-pha-gan-thanh-ray-380v-100a-kawasan-dmp-3p-100a-cong-to-dien-tu-3-pha\/#breadcrumb\"},\"inLanguage\":\"en-US\",\"potentialAction\":[{\"@type\":\"ReadAction\",\"target\":[\"https:\/\/kawasan.vn\/san-pham\/dong-ho-dien-3-pha-gan-thanh-ray-380v-100a-kawasan-dmp-3p-100a-cong-to-dien-tu-3-pha\/\"]}]},{\"@type\":\"ImageObject\",\"inLanguage\":\"en-US\",\"@id\":\"https:\/\/kawasan.vn\/san-pham\/dong-ho-dien-3-pha-gan-thanh-ray-380v-100a-kawasan-dmp-3p-100a-cong-to-dien-tu-3-pha\/#primaryimage\",\"url\":\"https:\/\/kawasan.vn\/wp-content\/uploads\/2026\/03\/1-6.png\",\"contentUrl\":\"https:\/\/kawasan.vn\/wp-content\/uploads\/2026\/03\/1-6.png\",\"width\":900,\"height\":900},{\"@type\":\"BreadcrumbList\",\"@id\":\"https:\/\/kawasan.vn\/san-pham\/dong-ho-dien-3-pha-gan-thanh-ray-380v-100a-kawasan-dmp-3p-100a-cong-to-dien-tu-3-pha\/#breadcrumb\",\"itemListElement\":[{\"@type\":\"ListItem\",\"position\":1,\"name\":\"Trang ch\u1ee7\",\"item\":\"https:\/\/kawasan.vn\/\"},{\"@type\":\"ListItem\",\"position\":2,\"name\":\"S\u1ea3n ph\u1ea9m\",\"item\":\"https:\/\/kawasan.vn\/san-pham\/\"},{\"@type\":\"ListItem\",\"position\":3,\"name\":\"\u0110\u1ed3ng H\u1ed3 \u0110i\u1ec7n 3 Pha G\u1eafn Thanh Ray 380V\/100A Kawasan DMP-3P-100A (C\u00f4ng T\u01a1 \u0110i\u1ec7n T\u1eed 3 Pha)\"}]},{\"@type\":\"WebSite\",\"@id\":\"https:\/\/kawasan.vn\/#website\",\"url\":\"https:\/\/kawasan.vn\/\",\"name\":\"Kawasan\",\"description\":\"\",\"potentialAction\":[{\"@type\":\"SearchAction\",\"target\":{\"@type\":\"EntryPoint\",\"urlTemplate\":\"https:\/\/kawasan.vn\/?s={search_term_string}\"},\"query-input\":{\"@type\":\"PropertyValueSpecification\",\"valueRequired\":true,\"valueName\":\"search_term_string\"}}],\"inLanguage\":\"en-US\"}]}<\/script>\n<!-- \/ Yoast SEO Premium plugin. -->","yoast_head_json":{"title":"\u0110\u1ed3ng H\u1ed3 \u0110i\u1ec7n 3 Pha G\u1eafn Thanh Ray 380V\/100A Kawasan DMP-3P-100A (C\u00f4ng T\u01a1 \u0110i\u1ec7n T\u1eed 3 Pha) - Kawasan","robots":{"index":"index","follow":"follow","max-snippet":"max-snippet:-1","max-image-preview":"max-image-preview:large","max-video-preview":"max-video-preview:-1"},"canonical":"https:\/\/kawasan.vn\/en\/product\/dong-ho-dien-3-pha-gan-thanh-ray-380v-100a-kawasan-dmp-3p-100a-cong-to-dien-tu-3-pha\/","og_locale":"en_US","og_type":"article","og_title":"\u0110\u1ed3ng H\u1ed3 \u0110i\u1ec7n 3 Pha G\u1eafn Thanh Ray 380V\/100A Kawasan DMP-3P-100A (C\u00f4ng T\u01a1 \u0110i\u1ec7n T\u1eed 3 Pha)","og_description":"M\u00d4 T\u1ea2 NG\u1eaeN \u0110\u1ed3ng h\u1ed3 \u0111i\u1ec7n 3 pha Kawasan DMP-3P-100A l\u00e0 thi\u1ebft b\u1ecb \u0111o \u0111i\u1ec7n n\u0103ng ti\u00eau th\u1ee5 d\u1ea1ng g\u1eafn thanh ray (DIN rail), ph\u00f9 h\u1ee3p cho h\u1ec7 th\u1ed1ng \u0111i\u1ec7n 3 pha 380V. S\u1ea3n ph\u1ea9m s\u1eed d\u1ee5ng m\u00e0n h\u00ecnh hi\u1ec3n th\u1ecb \u0111i\u1ec7n t\u1eed r\u00f5 r\u00e0ng, \u0111\u1ed9 ch\u00ednh x\u00e1c cao, gi\u00fap theo d\u00f5i v\u00e0 qu\u1ea3n l\u00fd [&hellip;]","og_url":"https:\/\/kawasan.vn\/en\/product\/dong-ho-dien-3-pha-gan-thanh-ray-380v-100a-kawasan-dmp-3p-100a-cong-to-dien-tu-3-pha\/","og_site_name":"Kawasan","article_modified_time":"2026-04-06T04:09:56+00:00","og_image":[{"width":900,"height":900,"url":"https:\/\/kawasan.vn\/wp-content\/uploads\/2026\/03\/1-6.png","type":"image\/png"}],"twitter_card":"summary_large_image","twitter_misc":{"Est. reading time":"2 minutes"},"schema":{"@context":"https:\/\/schema.org","@graph":[{"@type":"WebPage","@id":"https:\/\/kawasan.vn\/san-pham\/dong-ho-dien-3-pha-gan-thanh-ray-380v-100a-kawasan-dmp-3p-100a-cong-to-dien-tu-3-pha\/","url":"https:\/\/kawasan.vn\/san-pham\/dong-ho-dien-3-pha-gan-thanh-ray-380v-100a-kawasan-dmp-3p-100a-cong-to-dien-tu-3-pha\/","name":"\u0110\u1ed3ng H\u1ed3 \u0110i\u1ec7n 3 Pha G\u1eafn Thanh Ray 380V\/100A Kawasan DMP-3P-100A (C\u00f4ng T\u01a1 \u0110i\u1ec7n T\u1eed 3 Pha) - Kawasan","isPartOf":{"@id":"https:\/\/kawasan.vn\/#website"},"primaryImageOfPage":{"@id":"https:\/\/kawasan.vn\/san-pham\/dong-ho-dien-3-pha-gan-thanh-ray-380v-100a-kawasan-dmp-3p-100a-cong-to-dien-tu-3-pha\/#primaryimage"},"image":{"@id":"https:\/\/kawasan.vn\/san-pham\/dong-ho-dien-3-pha-gan-thanh-ray-380v-100a-kawasan-dmp-3p-100a-cong-to-dien-tu-3-pha\/#primaryimage"},"thumbnailUrl":"https:\/\/kawasan.vn\/wp-content\/uploads\/2026\/03\/1-6.png","datePublished":"2026-03-21T02:15:16+00:00","dateModified":"2026-04-06T04:09:56+00:00","breadcrumb":{"@id":"https:\/\/kawasan.vn\/san-pham\/dong-ho-dien-3-pha-gan-thanh-ray-380v-100a-kawasan-dmp-3p-100a-cong-to-dien-tu-3-pha\/#breadcrumb"},"inLanguage":"en-US","potentialAction":[{"@type":"ReadAction","target":["https:\/\/kawasan.vn\/san-pham\/dong-ho-dien-3-pha-gan-thanh-ray-380v-100a-kawasan-dmp-3p-100a-cong-to-dien-tu-3-pha\/"]}]},{"@type":"ImageObject","inLanguage":"en-US","@id":"https:\/\/kawasan.vn\/san-pham\/dong-ho-dien-3-pha-gan-thanh-ray-380v-100a-kawasan-dmp-3p-100a-cong-to-dien-tu-3-pha\/#primaryimage","url":"https:\/\/kawasan.vn\/wp-content\/uploads\/2026\/03\/1-6.png","contentUrl":"https:\/\/kawasan.vn\/wp-content\/uploads\/2026\/03\/1-6.png","width":900,"height":900},{"@type":"BreadcrumbList","@id":"https:\/\/kawasan.vn\/san-pham\/dong-ho-dien-3-pha-gan-thanh-ray-380v-100a-kawasan-dmp-3p-100a-cong-to-dien-tu-3-pha\/#breadcrumb","itemListElement":[{"@type":"ListItem","position":1,"name":"Trang ch\u1ee7","item":"https:\/\/kawasan.vn\/"},{"@type":"ListItem","position":2,"name":"S\u1ea3n ph\u1ea9m","item":"https:\/\/kawasan.vn\/san-pham\/"},{"@type":"ListItem","position":3,"name":"\u0110\u1ed3ng H\u1ed3 \u0110i\u1ec7n 3 Pha G\u1eafn Thanh Ray 380V\/100A Kawasan DMP-3P-100A (C\u00f4ng T\u01a1 \u0110i\u1ec7n T\u1eed 3 Pha)"}]},{"@type":"WebSite","@id":"https:\/\/kawasan.vn\/#website","url":"https:\/\/kawasan.vn\/","name":"Kawasan","description":"","potentialAction":[{"@type":"SearchAction","target":{"@type":"EntryPoint","urlTemplate":"https:\/\/kawasan.vn\/?s={search_term_string}"},"query-input":{"@type":"PropertyValueSpecification","valueRequired":true,"valueName":"search_term_string"}}],"inLanguage":"en-US"}]}},"_links":{"self":[{"href":"https:\/\/kawasan.vn\/en\/wp-json\/wp\/v2\/product\/30540","targetHints":{"allow":["GET"]}}],"collection":[{"href":"https:\/\/kawasan.vn\/en\/wp-json\/wp\/v2\/product"}],"about":[{"href":"https:\/\/kawasan.vn\/en\/wp-json\/wp\/v2\/types\/product"}],"replies":[{"embeddable":true,"href":"https:\/\/kawasan.vn\/en\/wp-json\/wp\/v2\/comments?post=30540"}],"version-history":[{"count":3,"href":"https:\/\/kawasan.vn\/en\/wp-json\/wp\/v2\/product\/30540\/revisions"}],"predecessor-version":[{"id":30561,"href":"https:\/\/kawasan.vn\/en\/wp-json\/wp\/v2\/product\/30540\/revisions\/30561"}],"wp:featuredmedia":[{"embeddable":true,"href":"https:\/\/kawasan.vn\/en\/wp-json\/wp\/v2\/media\/30542"}],"wp:attachment":[{"href":"https:\/\/kawasan.vn\/en\/wp-json\/wp\/v2\/media?parent=30540"}],"wp:term":[{"taxonomy":"product_cat","embeddable":true,"href":"https:\/\/kawasan.vn\/en\/wp-json\/wp\/v2\/product_cat?post=30540"},{"taxonomy":"product_tag","embeddable":true,"href":"https:\/\/kawasan.vn\/en\/wp-json\/wp\/v2\/product_tag?post=30540"}],"curies":[{"name":"wp","href":"https:\/\/api.w.org\/{rel}","templated":true}]}}