{"id":30535,"date":"2026-03-21T09:08:43","date_gmt":"2026-03-21T02:08:43","guid":{"rendered":"https:\/\/kawasan.vn\/?post_type=product&#038;p=30535"},"modified":"2026-04-01T16:31:47","modified_gmt":"2026-04-01T09:31:47","slug":"bo-chuyen-nguon-tu-dong-ats-solar-kawasan-ats-2r100a-4p","status":"publish","type":"product","link":"https:\/\/kawasan.vn\/en\/product\/bo-chuyen-nguon-tu-dong-ats-solar-kawasan-ats-2r100a-4p\/","title":{"rendered":"B\u1ed9 Chuy\u1ec3n Ngu\u1ed3n T\u1ef1 \u0110\u1ed9ng ATS Solar Kawasan ATS-2R100A-4P"},"content":{"rendered":"<h1 data-section-id=\"1whuadm\" data-start=\"219\" data-end=\"234\"><span class=\"ez-toc-section\" id=\"MO_TA_NGAN\"><\/span>M\u00d4 T\u1ea2 NG\u1eaeN<span class=\"ez-toc-section-end\"><\/span><\/h1><div id=\"ez-toc-container\" class=\"ez-toc-v2_0_69_1 counter-hierarchy ez-toc-counter ez-toc-grey ez-toc-container-direction\">\n<div class=\"ez-toc-title-container\">\n<p class=\"ez-toc-title\" >N\u1ed9i Dung B&agrave;i Vi\u1ebft<\/p>\n<span class=\"ez-toc-title-toggle\"><a href=\"#\" class=\"ez-toc-pull-right ez-toc-btn ez-toc-btn-xs ez-toc-btn-default ez-toc-toggle\" aria-label=\"Toggle Table of Content\"><span class=\"ez-toc-js-icon-con\"><span class=\"\"><span class=\"eztoc-hide\" style=\"display:none;\">Toggle<\/span><span class=\"ez-toc-icon-toggle-span\"><svg style=\"fill: #999;color:#999\" xmlns=\"http:\/\/www.w3.org\/2000\/svg\" class=\"list-377408\" width=\"20px\" height=\"20px\" viewbox=\"0 0 24 24\" fill=\"none\"><path d=\"M6 6H4v2h2V6zm14 0H8v2h12V6zM4 11h2v2H4v-2zm16 0H8v2h12v-2zM4 16h2v2H4v-2zm16 0H8v2h12v-2z\" fill=\"currentColor\"><\/path><\/svg><svg style=\"fill: #999;color:#999\" class=\"arrow-unsorted-368013\" xmlns=\"http:\/\/www.w3.org\/2000\/svg\" width=\"10px\" height=\"10px\" viewbox=\"0 0 24 24\" version=\"1.2\" baseprofile=\"tiny\"><path d=\"M18.2 9.3l-6.2-6.3-6.2 6.3c-.2.2-.3.4-.3.7s.1.5.3.7c.2.2.4.3.7.3h11c.3 0 .5-.1.7-.3.2-.2.3-.5.3-.7s-.1-.5-.3-.7zM5.8 14.7l6.2 6.3 6.2-6.3c.2-.2.3-.5.3-.7s-.1-.5-.3-.7c-.2-.2-.4-.3-.7-.3h-11c-.3 0-.5.1-.7.3-.2.2-.3.5-.3.7s.1.5.3.7z\"\/><\/svg><\/span><\/span><\/span><\/a><\/span><\/div>\n<nav><ul class='ez-toc-list ez-toc-list-level-1 eztoc-toggle-hide-by-default' ><li class='ez-toc-page-1 ez-toc-heading-level-1'><a class=\"ez-toc-link ez-toc-heading-1\" href=\"https:\/\/kawasan.vn\/en\/product\/bo-chuyen-nguon-tu-dong-ats-solar-kawasan-ats-2r100a-4p\/#MO_TA_NGAN\" title=\"M\u00d4 T\u1ea2 NG\u1eaeN\">M\u00d4 T\u1ea2 NG\u1eaeN<\/a><\/li><li class='ez-toc-page-1 ez-toc-heading-level-1'><a class=\"ez-toc-link ez-toc-heading-2\" href=\"https:\/\/kawasan.vn\/en\/product\/bo-chuyen-nguon-tu-dong-ats-solar-kawasan-ats-2r100a-4p\/#THONG_SO_KY_THUAT\" title=\"TH\u00d4NG S\u1ed0 K\u1ef8 THU\u1eacT\">TH\u00d4NG S\u1ed0 K\u1ef8 THU\u1eacT<\/a><\/li><li class='ez-toc-page-1 ez-toc-heading-level-1'><a class=\"ez-toc-link ez-toc-heading-3\" href=\"https:\/\/kawasan.vn\/en\/product\/bo-chuyen-nguon-tu-dong-ats-solar-kawasan-ats-2r100a-4p\/#NGUYEN_LY_HOAT_DONG\" title=\"NGUY\u00caN L\u00dd HO\u1ea0T \u0110\u1ed8NG\">NGUY\u00caN L\u00dd HO\u1ea0T \u0110\u1ed8NG<\/a><\/li><li class='ez-toc-page-1 ez-toc-heading-level-1'><a class=\"ez-toc-link ez-toc-heading-4\" href=\"https:\/\/kawasan.vn\/en\/product\/bo-chuyen-nguon-tu-dong-ats-solar-kawasan-ats-2r100a-4p\/#UU_DIEM_NOI_BAT\" title=\"\u01afU \u0110I\u1ec2M N\u1ed4I B\u1eacT\">\u01afU \u0110I\u1ec2M N\u1ed4I B\u1eacT<\/a><ul class='ez-toc-list-level-3' ><li class='ez-toc-heading-level-3'><ul class='ez-toc-list-level-3' ><li class='ez-toc-heading-level-3'><a class=\"ez-toc-link ez-toc-heading-5\" href=\"https:\/\/kawasan.vn\/en\/product\/bo-chuyen-nguon-tu-dong-ats-solar-kawasan-ats-2r100a-4p\/#%E2%9C%85_Ho_tro_ca_1_pha_3_pha\" title=\"\u2705 H\u1ed7 tr\u1ee3 c\u1ea3 1 pha &amp; 3 pha\">\u2705 H\u1ed7 tr\u1ee3 c\u1ea3 1 pha &amp; 3 pha<\/a><\/li><li class='ez-toc-page-1 ez-toc-heading-level-3'><a class=\"ez-toc-link ez-toc-heading-6\" href=\"https:\/\/kawasan.vn\/en\/product\/bo-chuyen-nguon-tu-dong-ats-solar-kawasan-ats-2r100a-4p\/#%E2%9C%85_Tu_dong_hoan_toan\" title=\"\u2705 T\u1ef1 \u0111\u1ed9ng ho\u00e0n to\u00e0n\">\u2705 T\u1ef1 \u0111\u1ed9ng ho\u00e0n to\u00e0n<\/a><\/li><li class='ez-toc-page-1 ez-toc-heading-level-3'><a class=\"ez-toc-link ez-toc-heading-7\" href=\"https:\/\/kawasan.vn\/en\/product\/bo-chuyen-nguon-tu-dong-ats-solar-kawasan-ats-2r100a-4p\/#%E2%9C%85_Dong_tai_lon_100A\" title=\"\u2705 D\u00f2ng t\u1ea3i l\u1edbn 100A\">\u2705 D\u00f2ng t\u1ea3i l\u1edbn 100A<\/a><\/li><li class='ez-toc-page-1 ez-toc-heading-level-3'><a class=\"ez-toc-link ez-toc-heading-8\" href=\"https:\/\/kawasan.vn\/en\/product\/bo-chuyen-nguon-tu-dong-ats-solar-kawasan-ats-2r100a-4p\/#%E2%9C%85_An_toan_cao\" title=\"\u2705 An to\u00e0n cao\">\u2705 An to\u00e0n cao<\/a><\/li><li class='ez-toc-page-1 ez-toc-heading-level-3'><a class=\"ez-toc-link ez-toc-heading-9\" href=\"https:\/\/kawasan.vn\/en\/product\/bo-chuyen-nguon-tu-dong-ats-solar-kawasan-ats-2r100a-4p\/#%E2%9C%85_Toi_uu_dien_nang\" title=\"\u2705 T\u1ed1i \u01b0u \u0111i\u1ec7n n\u0103ng\">\u2705 T\u1ed1i \u01b0u \u0111i\u1ec7n n\u0103ng<\/a><\/li><\/ul><\/li><\/ul><\/li><li class='ez-toc-page-1 ez-toc-heading-level-1'><a class=\"ez-toc-link ez-toc-heading-10\" href=\"https:\/\/kawasan.vn\/en\/product\/bo-chuyen-nguon-tu-dong-ats-solar-kawasan-ats-2r100a-4p\/#UNG_DUNG_THUC_TE\" title=\"\u1ee8NG D\u1ee4NG TH\u1ef0C T\u1ebe\">\u1ee8NG D\u1ee4NG TH\u1ef0C T\u1ebe<\/a><\/li><\/ul><\/nav><\/div>\n\n<p data-start=\"236\" data-end=\"551\">B\u1ed9 chuy\u1ec3n ngu\u1ed3n t\u1ef1 \u0111\u1ed9ng ATS Solar Kawasan ATS-S2R100A-4P l\u00e0 thi\u1ebft b\u1ecb chuy\u00ean d\u00f9ng cho h\u1ec7 th\u1ed1ng <strong data-start=\"330\" data-end=\"366\">\u0111i\u1ec7n n\u0103ng l\u01b0\u1ee3ng m\u1eb7t tr\u1eddi (solar)<\/strong> v\u00e0 \u0111i\u1ec7n l\u01b0\u1edbi, gi\u00fap <strong data-start=\"386\" data-end=\"428\">t\u1ef1 \u0111\u1ed9ng chuy\u1ec3n \u0111\u1ed5i gi\u1eefa c\u00e1c ngu\u1ed3n \u0111i\u1ec7n<\/strong> m\u1ed9t c\u00e1ch nhanh ch\u00f3ng v\u00e0 an to\u00e0n. S\u1ea3n ph\u1ea9m h\u1ed7 tr\u1ee3 <strong data-start=\"478\" data-end=\"499\">c\u1ea3 1 pha v\u00e0 3 pha<\/strong>, ph\u00f9 h\u1ee3p cho h\u1ec7 th\u1ed1ng \u0111i\u1ec7n d\u00e2n d\u1ee5ng v\u00e0 c\u00f4ng nghi\u1ec7p.<\/p>\n<p data-start=\"236\" data-end=\"551\"><img loading=\"lazy\" decoding=\"async\" class=\"aligncenter  wp-image-30640\" src=\"https:\/\/kawasan.vn\/wp-content\/uploads\/2026\/03\/the_hihien_dung_202604011524.jpg\" alt=\"\" width=\"624\" height=\"624\" \/><\/p>\n<h1 data-section-id=\"nbjwvg\" data-start=\"558\" data-end=\"580\"><span class=\"ez-toc-section\" id=\"THONG_SO_KY_THUAT\"><\/span>TH\u00d4NG S\u1ed0 K\u1ef8 THU\u1eacT<span class=\"ez-toc-section-end\"><\/span><\/h1>\n<ul data-start=\"582\" data-end=\"977\">\n<li data-section-id=\"bn338c\" data-start=\"582\" data-end=\"611\"><strong data-start=\"584\" data-end=\"594\">Model:<\/strong> ATS-S2R100A-4P<\/li>\n<li data-section-id=\"bjjdb9\" data-start=\"612\" data-end=\"640\"><strong data-start=\"614\" data-end=\"630\">Th\u01b0\u01a1ng hi\u1ec7u:<\/strong> Kawasan<\/li>\n<li data-section-id=\"1sgctfi\" data-start=\"641\" data-end=\"699\"><strong data-start=\"643\" data-end=\"661\">Lo\u1ea1i thi\u1ebft b\u1ecb:<\/strong> B\u1ed9 chuy\u1ec3n ngu\u1ed3n t\u1ef1 \u0111\u1ed9ng ATS (Solar)<\/li>\n<li data-section-id=\"1kp2c2u\" data-start=\"700\" data-end=\"727\"><strong data-start=\"702\" data-end=\"713\">S\u1ed1 c\u1ef1c:<\/strong> 4P (4 Pole)<\/li>\n<li data-section-id=\"4htcfr\" data-start=\"728\" data-end=\"760\"><strong data-start=\"730\" data-end=\"753\">D\u00f2ng \u0111i\u1ec7n \u0111\u1ecbnh m\u1ee9c:<\/strong> 100A<\/li>\n<li data-section-id=\"5eq7fo\" data-start=\"761\" data-end=\"799\"><strong data-start=\"763\" data-end=\"785\">\u0110i\u1ec7n \u00e1p ho\u1ea1t \u0111\u1ed9ng:<\/strong> 220V \/ 380V<\/li>\n<li data-section-id=\"13bt6bz\" data-start=\"800\" data-end=\"823\"><strong data-start=\"802\" data-end=\"813\">T\u1ea7n s\u1ed1:<\/strong> 50\u201360Hz<\/li>\n<li data-section-id=\"kjdati\" data-start=\"824\" data-end=\"853\"><strong data-start=\"826\" data-end=\"846\">\u0110i\u1ec7n \u00e1p c\u00e1ch ly:<\/strong> 690V<\/li>\n<li data-section-id=\"1g2rxe5\" data-start=\"854\" data-end=\"895\"><strong data-start=\"856\" data-end=\"889\">C\u00f4ng su\u1ea5t ch\u1ecbu t\u1ea3i ng\u1eafn m\u1ea1ch:<\/strong> 8KA<\/li>\n<li data-section-id=\"18jarxl\" data-start=\"896\" data-end=\"930\"><strong data-start=\"898\" data-end=\"923\">C\u00f4ng su\u1ea5t t\u1ea3i t\u1ed1i \u0111a:<\/strong> 100A<\/li>\n<li data-section-id=\"q1ylo2\" data-start=\"931\" data-end=\"977\"><strong data-start=\"933\" data-end=\"954\">Ch\u1ebf \u0111\u1ed9 ho\u1ea1t \u0111\u1ed9ng:<\/strong> T\u1ef1 \u0111\u1ed9ng chuy\u1ec3n ngu\u1ed3n<\/li>\n<\/ul>\n<h1 data-section-id=\"1sj8zv2\" data-start=\"984\" data-end=\"1008\"><span class=\"ez-toc-section\" id=\"NGUYEN_LY_HOAT_DONG\"><\/span>NGUY\u00caN L\u00dd HO\u1ea0T \u0110\u1ed8NG<span class=\"ez-toc-section-end\"><\/span><\/h1>\n<ul data-start=\"1010\" data-end=\"1241\">\n<li data-section-id=\"r4awbm\" data-start=\"1010\" data-end=\"1119\">Khi <strong data-start=\"1016\" data-end=\"1063\">ngu\u1ed3n \u0111i\u1ec7n solar\/inverter ho\u1ea1t \u0111\u1ed9ng \u1ed5n \u0111\u1ecbnh<\/strong>, h\u1ec7 th\u1ed1ng \u01b0u ti\u00ean s\u1eed d\u1ee5ng \u0111i\u1ec7n t\u1eeb n\u0103ng l\u01b0\u1ee3ng m\u1eb7t tr\u1eddi<\/li>\n<li data-section-id=\"z3677g\" data-start=\"1120\" data-end=\"1191\">Khi <strong data-start=\"1126\" data-end=\"1154\">ngu\u1ed3n solar y\u1ebfu ho\u1eb7c m\u1ea5t<\/strong>, ATS t\u1ef1 \u0111\u1ed9ng chuy\u1ec3n sang \u0111i\u1ec7n l\u01b0\u1edbi<\/li>\n<li data-section-id=\"1uxjfzo\" data-start=\"1192\" data-end=\"1241\">Khi ngu\u1ed3n solar ph\u1ee5c h\u1ed3i \u2192 t\u1ef1 \u0111\u1ed9ng chuy\u1ec3n l\u1ea1i<\/li>\n<\/ul>\n<p data-start=\"1243\" data-end=\"1299\">\ud83d\udc49 \u0110\u1ea3m b\u1ea3o ngu\u1ed3n \u0111i\u1ec7n li\u00ean t\u1ee5c, t\u1ed1i \u01b0u chi ph\u00ed \u0111i\u1ec7n n\u0103ng<\/p>\n<p data-start=\"1243\" data-end=\"1299\"><img loading=\"lazy\" decoding=\"async\" class=\"aligncenter  wp-image-30639\" src=\"https:\/\/kawasan.vn\/wp-content\/uploads\/2026\/03\/phong_cach_quang_202604011532.jpg\" alt=\"\" width=\"619\" height=\"619\" \/><\/p>\n<h1 data-section-id=\"1ngwo4p\" data-start=\"1306\" data-end=\"1326\"><span class=\"ez-toc-section\" id=\"UU_DIEM_NOI_BAT\"><\/span>\u01afU \u0110I\u1ec2M N\u1ed4I B\u1eacT<span class=\"ez-toc-section-end\"><\/span><\/h1>\n<h3 data-section-id=\"3ox9rx\" data-start=\"1328\" data-end=\"1357\"><span class=\"ez-toc-section\" id=\"%E2%9C%85_Ho_tro_ca_1_pha_3_pha\"><\/span>\u2705 H\u1ed7 tr\u1ee3 c\u1ea3 1 pha &amp; 3 pha<span class=\"ez-toc-section-end\"><\/span><\/h3>\n<p data-start=\"1358\" data-end=\"1401\">Linh ho\u1ea1t cho nhi\u1ec1u h\u1ec7 th\u1ed1ng \u0111i\u1ec7n kh\u00e1c nhau<\/p>\n<h3 data-section-id=\"r5fjtn\" data-start=\"1403\" data-end=\"1426\"><span class=\"ez-toc-section\" id=\"%E2%9C%85_Tu_dong_hoan_toan\"><\/span>\u2705 T\u1ef1 \u0111\u1ed9ng ho\u00e0n to\u00e0n<span class=\"ez-toc-section-end\"><\/span><\/h3>\n<p data-start=\"1427\" data-end=\"1486\">Kh\u00f4ng c\u1ea7n thao t\u00e1c th\u1ee7 c\u00f4ng \u2013 chuy\u1ec3n ngu\u1ed3n nhanh, ch\u00ednh x\u00e1c<\/p>\n<h3 data-section-id=\"tmdz0r\" data-start=\"1488\" data-end=\"1511\"><span class=\"ez-toc-section\" id=\"%E2%9C%85_Dong_tai_lon_100A\"><\/span>\u2705 D\u00f2ng t\u1ea3i l\u1edbn 100A<span class=\"ez-toc-section-end\"><\/span><\/h3>\n<p data-start=\"1512\" data-end=\"1563\">Ph\u00f9 h\u1ee3p h\u1ec7 solar c\u00f4ng su\u1ea5t l\u1edbn, nh\u00e0 x\u01b0\u1edfng, bi\u1ec7t th\u1ef1<\/p>\n<p data-start=\"1512\" data-end=\"1563\"><img loading=\"lazy\" decoding=\"async\" class=\"aligncenter  wp-image-30641\" src=\"https:\/\/kawasan.vn\/wp-content\/uploads\/2026\/03\/Mot_xuong_san_202604011534.jpg\" alt=\"\" width=\"502\" height=\"502\" \/><\/p>\n<h3 data-section-id=\"1r4jams\" data-start=\"1565\" data-end=\"1582\"><span class=\"ez-toc-section\" id=\"%E2%9C%85_An_toan_cao\"><\/span>\u2705 An to\u00e0n cao<span class=\"ez-toc-section-end\"><\/span><\/h3>\n<ul data-start=\"1583\" data-end=\"1634\">\n<li data-section-id=\"8fr82k\" data-start=\"1583\" data-end=\"1607\">\u0110i\u1ec7n \u00e1p c\u00e1ch ly 690V<\/li>\n<li data-section-id=\"1lg8azi\" data-start=\"1608\" data-end=\"1634\">Ch\u1ecbu t\u1ea3i ng\u1eafn m\u1ea1ch 8KA<\/li>\n<\/ul>\n<h3 data-section-id=\"75cjsv\" data-start=\"1636\" data-end=\"1658\"><span class=\"ez-toc-section\" id=\"%E2%9C%85_Toi_uu_dien_nang\"><\/span>\u2705 T\u1ed1i \u01b0u \u0111i\u1ec7n n\u0103ng<span class=\"ez-toc-section-end\"><\/span><\/h3>\n<p data-start=\"1659\" data-end=\"1708\">\u01afu ti\u00ean d\u00f9ng solar \u2192 gi\u1ea3m chi ph\u00ed \u0111i\u1ec7n h\u00e0ng th\u00e1ng<\/p>\n<h1 data-section-id=\"qkua9t\" data-start=\"1715\" data-end=\"1736\"><span class=\"ez-toc-section\" id=\"UNG_DUNG_THUC_TE\"><\/span>\u1ee8NG D\u1ee4NG TH\u1ef0C T\u1ebe<span class=\"ez-toc-section-end\"><\/span><\/h1>\n<ul data-start=\"1738\" data-end=\"1916\">\n<li data-section-id=\"thgu6x\" data-start=\"1738\" data-end=\"1787\">H\u1ec7 th\u1ed1ng \u0111i\u1ec7n n\u0103ng l\u01b0\u1ee3ng m\u1eb7t tr\u1eddi h\u1ed9 gia \u0111\u00ecnh<\/li>\n<li data-section-id=\"1lgepne\" data-start=\"1788\" data-end=\"1821\">Bi\u1ec7t th\u1ef1, villa s\u1eed d\u1ee5ng solar<\/li>\n<li data-section-id=\"1rlnoak\" data-start=\"1822\" data-end=\"1847\">Nh\u00e0 x\u01b0\u1edfng, trang tr\u1ea1i<\/li>\n<li data-section-id=\"1nsipte\" data-start=\"1848\" data-end=\"1884\">H\u1ec7 hybrid inverter + pin l\u01b0u tr\u1eef<\/li>\n<li data-section-id=\"y1osve\" data-start=\"1885\" data-end=\"1916\">C\u00f4ng tr\u00ecnh \u0111i\u1ec7n c\u00f4ng nghi\u1ec7p<\/li>\n<\/ul>\n<p><img loading=\"lazy\" decoding=\"async\" class=\"aligncenter  wp-image-30638\" src=\"https:\/\/kawasan.vn\/wp-content\/uploads\/2026\/03\/Mot_xuong_san_202604011538.jpg\" alt=\"\" width=\"505\" height=\"505\" \/><\/p>\n<p data-start=\"2418\" data-end=\"2590\"><strong data-start=\"2418\" data-end=\"2441\">MUA CH\u00cdNH H\u00c3NG T\u1ea0I:<\/strong><br data-start=\"2441\" data-end=\"2444\" \/>Hotline ph\u00f2ng kinh doanh (b\u00e1o gi\u00e1 s\u1ec9 \/ \u0111\u1ea1i l\u00fd \/ NPP): 0825 411 408 ho\u1eb7c 0911 757 234<br data-start=\"2528\" data-end=\"2531\" \/>Website ch\u00ednh th\u1ee9c:<br data-start=\"2550\" data-end=\"2553\" \/><a class=\"decorated-link cursor-pointer\" target=\"_new\" rel=\"noopener\" data-start=\"2553\" data-end=\"2571\">www.kawaled.com.vn<\/a><br data-start=\"2571\" data-end=\"2574\" \/><a class=\"decorated-link\" href=\"https:\/\/kawasan.vn\/en\/\" target=\"_new\" rel=\"noopener\" data-start=\"2574\" data-end=\"2588\">www.kawasan.vn<\/a><\/p>","protected":false},"excerpt":{"rendered":"<p>M\u00d4 T\u1ea2 NG\u1eaeN B\u1ed9 chuy\u1ec3n ngu\u1ed3n t\u1ef1 \u0111\u1ed9ng ATS Solar Kawasan ATS-S2R100A-4P l\u00e0 thi\u1ebft b\u1ecb chuy\u00ean d\u00f9ng cho h\u1ec7 th\u1ed1ng \u0111i\u1ec7n n\u0103ng l\u01b0\u1ee3ng m\u1eb7t tr\u1eddi (solar) v\u00e0 \u0111i\u1ec7n l\u01b0\u1edbi, gi\u00fap t\u1ef1 \u0111\u1ed9ng chuy\u1ec3n \u0111\u1ed5i gi\u1eefa c\u00e1c ngu\u1ed3n \u0111i\u1ec7n m\u1ed9t c\u00e1ch nhanh ch\u00f3ng v\u00e0 an to\u00e0n. S\u1ea3n ph\u1ea9m h\u1ed7 tr\u1ee3 c\u1ea3 1 pha v\u00e0 3 pha, [&hellip;]<\/p>","protected":false},"featured_media":30536,"comment_status":"open","ping_status":"closed","template":"","meta":{"_yoast_wpseo_focuskw":"","_yoast_wpseo_metadesc":"","_yoast_wpseo_focuskeywords":"","_yoast_wpseo_keyword_synonyms":""},"product_cat":[15],"product_tag":[],"class_list":["post-30535","product","type-product","status-publish","has-post-thumbnail","hentry","product_cat-cong-tac-cam-ung-chuyen-dong"],"acf":[],"yoast_head":"<!-- This site is optimized with the Yoast SEO Premium plugin v24.9 (Yoast SEO v24.9) - https:\/\/yoast.com\/wordpress\/plugins\/seo\/ -->\n<title>B\u1ed9 Chuy\u1ec3n Ngu\u1ed3n T\u1ef1 \u0110\u1ed9ng ATS Solar Kawasan ATS-2R100A-4P - Kawasan<\/title>\n<meta name=\"robots\" content=\"index, follow, max-snippet:-1, max-image-preview:large, max-video-preview:-1\" \/>\n<link rel=\"canonical\" href=\"https:\/\/kawasan.vn\/en\/product\/bo-chuyen-nguon-tu-dong-ats-solar-kawasan-ats-2r100a-4p\/\" \/>\n<meta property=\"og:locale\" content=\"en_US\" \/>\n<meta property=\"og:type\" content=\"article\" \/>\n<meta property=\"og:title\" content=\"B\u1ed9 Chuy\u1ec3n Ngu\u1ed3n T\u1ef1 \u0110\u1ed9ng ATS Solar Kawasan ATS-2R100A-4P\" \/>\n<meta property=\"og:description\" content=\"M\u00d4 T\u1ea2 NG\u1eaeN B\u1ed9 chuy\u1ec3n ngu\u1ed3n t\u1ef1 \u0111\u1ed9ng ATS Solar Kawasan ATS-S2R100A-4P l\u00e0 thi\u1ebft b\u1ecb chuy\u00ean d\u00f9ng cho h\u1ec7 th\u1ed1ng \u0111i\u1ec7n n\u0103ng l\u01b0\u1ee3ng m\u1eb7t tr\u1eddi (solar) v\u00e0 \u0111i\u1ec7n l\u01b0\u1edbi, gi\u00fap t\u1ef1 \u0111\u1ed9ng chuy\u1ec3n \u0111\u1ed5i gi\u1eefa c\u00e1c ngu\u1ed3n \u0111i\u1ec7n m\u1ed9t c\u00e1ch nhanh ch\u00f3ng v\u00e0 an to\u00e0n. S\u1ea3n ph\u1ea9m h\u1ed7 tr\u1ee3 c\u1ea3 1 pha v\u00e0 3 pha, [&hellip;]\" \/>\n<meta property=\"og:url\" content=\"https:\/\/kawasan.vn\/en\/product\/bo-chuyen-nguon-tu-dong-ats-solar-kawasan-ats-2r100a-4p\/\" \/>\n<meta property=\"og:site_name\" content=\"Kawasan\" \/>\n<meta property=\"article:modified_time\" content=\"2026-04-01T09:31:47+00:00\" \/>\n<meta property=\"og:image\" content=\"https:\/\/kawasan.vn\/wp-content\/uploads\/2026\/03\/5-1.png\" \/>\n\t<meta property=\"og:image:width\" content=\"900\" \/>\n\t<meta property=\"og:image:height\" content=\"900\" \/>\n\t<meta property=\"og:image:type\" content=\"image\/png\" \/>\n<meta name=\"twitter:card\" content=\"summary_large_image\" \/>\n<meta name=\"twitter:label1\" content=\"Est. reading time\" \/>\n\t<meta name=\"twitter:data1\" content=\"3 minutes\" \/>\n<script type=\"application\/ld+json\" class=\"yoast-schema-graph\">{\"@context\":\"https:\/\/schema.org\",\"@graph\":[{\"@type\":\"WebPage\",\"@id\":\"https:\/\/kawasan.vn\/san-pham\/bo-chuyen-nguon-tu-dong-ats-solar-kawasan-ats-2r100a-4p\/\",\"url\":\"https:\/\/kawasan.vn\/san-pham\/bo-chuyen-nguon-tu-dong-ats-solar-kawasan-ats-2r100a-4p\/\",\"name\":\"B\u1ed9 Chuy\u1ec3n Ngu\u1ed3n T\u1ef1 \u0110\u1ed9ng ATS Solar Kawasan ATS-2R100A-4P - Kawasan\",\"isPartOf\":{\"@id\":\"https:\/\/kawasan.vn\/#website\"},\"primaryImageOfPage\":{\"@id\":\"https:\/\/kawasan.vn\/san-pham\/bo-chuyen-nguon-tu-dong-ats-solar-kawasan-ats-2r100a-4p\/#primaryimage\"},\"image\":{\"@id\":\"https:\/\/kawasan.vn\/san-pham\/bo-chuyen-nguon-tu-dong-ats-solar-kawasan-ats-2r100a-4p\/#primaryimage\"},\"thumbnailUrl\":\"https:\/\/kawasan.vn\/wp-content\/uploads\/2026\/03\/5-1.png\",\"datePublished\":\"2026-03-21T02:08:43+00:00\",\"dateModified\":\"2026-04-01T09:31:47+00:00\",\"breadcrumb\":{\"@id\":\"https:\/\/kawasan.vn\/san-pham\/bo-chuyen-nguon-tu-dong-ats-solar-kawasan-ats-2r100a-4p\/#breadcrumb\"},\"inLanguage\":\"en-US\",\"potentialAction\":[{\"@type\":\"ReadAction\",\"target\":[\"https:\/\/kawasan.vn\/san-pham\/bo-chuyen-nguon-tu-dong-ats-solar-kawasan-ats-2r100a-4p\/\"]}]},{\"@type\":\"ImageObject\",\"inLanguage\":\"en-US\",\"@id\":\"https:\/\/kawasan.vn\/san-pham\/bo-chuyen-nguon-tu-dong-ats-solar-kawasan-ats-2r100a-4p\/#primaryimage\",\"url\":\"https:\/\/kawasan.vn\/wp-content\/uploads\/2026\/03\/5-1.png\",\"contentUrl\":\"https:\/\/kawasan.vn\/wp-content\/uploads\/2026\/03\/5-1.png\",\"width\":900,\"height\":900},{\"@type\":\"BreadcrumbList\",\"@id\":\"https:\/\/kawasan.vn\/san-pham\/bo-chuyen-nguon-tu-dong-ats-solar-kawasan-ats-2r100a-4p\/#breadcrumb\",\"itemListElement\":[{\"@type\":\"ListItem\",\"position\":1,\"name\":\"Trang ch\u1ee7\",\"item\":\"https:\/\/kawasan.vn\/\"},{\"@type\":\"ListItem\",\"position\":2,\"name\":\"S\u1ea3n ph\u1ea9m\",\"item\":\"https:\/\/kawasan.vn\/san-pham\/\"},{\"@type\":\"ListItem\",\"position\":3,\"name\":\"B\u1ed9 Chuy\u1ec3n Ngu\u1ed3n T\u1ef1 \u0110\u1ed9ng ATS Solar Kawasan ATS-2R100A-4P\"}]},{\"@type\":\"WebSite\",\"@id\":\"https:\/\/kawasan.vn\/#website\",\"url\":\"https:\/\/kawasan.vn\/\",\"name\":\"Kawasan\",\"description\":\"\",\"potentialAction\":[{\"@type\":\"SearchAction\",\"target\":{\"@type\":\"EntryPoint\",\"urlTemplate\":\"https:\/\/kawasan.vn\/?s={search_term_string}\"},\"query-input\":{\"@type\":\"PropertyValueSpecification\",\"valueRequired\":true,\"valueName\":\"search_term_string\"}}],\"inLanguage\":\"en-US\"}]}<\/script>\n<!-- \/ Yoast SEO Premium plugin. -->","yoast_head_json":{"title":"B\u1ed9 Chuy\u1ec3n Ngu\u1ed3n T\u1ef1 \u0110\u1ed9ng ATS Solar Kawasan ATS-2R100A-4P - Kawasan","robots":{"index":"index","follow":"follow","max-snippet":"max-snippet:-1","max-image-preview":"max-image-preview:large","max-video-preview":"max-video-preview:-1"},"canonical":"https:\/\/kawasan.vn\/en\/product\/bo-chuyen-nguon-tu-dong-ats-solar-kawasan-ats-2r100a-4p\/","og_locale":"en_US","og_type":"article","og_title":"B\u1ed9 Chuy\u1ec3n Ngu\u1ed3n T\u1ef1 \u0110\u1ed9ng ATS Solar Kawasan ATS-2R100A-4P","og_description":"M\u00d4 T\u1ea2 NG\u1eaeN B\u1ed9 chuy\u1ec3n ngu\u1ed3n t\u1ef1 \u0111\u1ed9ng ATS Solar Kawasan ATS-S2R100A-4P l\u00e0 thi\u1ebft b\u1ecb chuy\u00ean d\u00f9ng cho h\u1ec7 th\u1ed1ng \u0111i\u1ec7n n\u0103ng l\u01b0\u1ee3ng m\u1eb7t tr\u1eddi (solar) v\u00e0 \u0111i\u1ec7n l\u01b0\u1edbi, gi\u00fap t\u1ef1 \u0111\u1ed9ng chuy\u1ec3n \u0111\u1ed5i gi\u1eefa c\u00e1c ngu\u1ed3n \u0111i\u1ec7n m\u1ed9t c\u00e1ch nhanh ch\u00f3ng v\u00e0 an to\u00e0n. S\u1ea3n ph\u1ea9m h\u1ed7 tr\u1ee3 c\u1ea3 1 pha v\u00e0 3 pha, [&hellip;]","og_url":"https:\/\/kawasan.vn\/en\/product\/bo-chuyen-nguon-tu-dong-ats-solar-kawasan-ats-2r100a-4p\/","og_site_name":"Kawasan","article_modified_time":"2026-04-01T09:31:47+00:00","og_image":[{"width":900,"height":900,"url":"https:\/\/kawasan.vn\/wp-content\/uploads\/2026\/03\/5-1.png","type":"image\/png"}],"twitter_card":"summary_large_image","twitter_misc":{"Est. reading time":"3 minutes"},"schema":{"@context":"https:\/\/schema.org","@graph":[{"@type":"WebPage","@id":"https:\/\/kawasan.vn\/san-pham\/bo-chuyen-nguon-tu-dong-ats-solar-kawasan-ats-2r100a-4p\/","url":"https:\/\/kawasan.vn\/san-pham\/bo-chuyen-nguon-tu-dong-ats-solar-kawasan-ats-2r100a-4p\/","name":"B\u1ed9 Chuy\u1ec3n Ngu\u1ed3n T\u1ef1 \u0110\u1ed9ng ATS Solar Kawasan ATS-2R100A-4P - Kawasan","isPartOf":{"@id":"https:\/\/kawasan.vn\/#website"},"primaryImageOfPage":{"@id":"https:\/\/kawasan.vn\/san-pham\/bo-chuyen-nguon-tu-dong-ats-solar-kawasan-ats-2r100a-4p\/#primaryimage"},"image":{"@id":"https:\/\/kawasan.vn\/san-pham\/bo-chuyen-nguon-tu-dong-ats-solar-kawasan-ats-2r100a-4p\/#primaryimage"},"thumbnailUrl":"https:\/\/kawasan.vn\/wp-content\/uploads\/2026\/03\/5-1.png","datePublished":"2026-03-21T02:08:43+00:00","dateModified":"2026-04-01T09:31:47+00:00","breadcrumb":{"@id":"https:\/\/kawasan.vn\/san-pham\/bo-chuyen-nguon-tu-dong-ats-solar-kawasan-ats-2r100a-4p\/#breadcrumb"},"inLanguage":"en-US","potentialAction":[{"@type":"ReadAction","target":["https:\/\/kawasan.vn\/san-pham\/bo-chuyen-nguon-tu-dong-ats-solar-kawasan-ats-2r100a-4p\/"]}]},{"@type":"ImageObject","inLanguage":"en-US","@id":"https:\/\/kawasan.vn\/san-pham\/bo-chuyen-nguon-tu-dong-ats-solar-kawasan-ats-2r100a-4p\/#primaryimage","url":"https:\/\/kawasan.vn\/wp-content\/uploads\/2026\/03\/5-1.png","contentUrl":"https:\/\/kawasan.vn\/wp-content\/uploads\/2026\/03\/5-1.png","width":900,"height":900},{"@type":"BreadcrumbList","@id":"https:\/\/kawasan.vn\/san-pham\/bo-chuyen-nguon-tu-dong-ats-solar-kawasan-ats-2r100a-4p\/#breadcrumb","itemListElement":[{"@type":"ListItem","position":1,"name":"Trang ch\u1ee7","item":"https:\/\/kawasan.vn\/"},{"@type":"ListItem","position":2,"name":"S\u1ea3n ph\u1ea9m","item":"https:\/\/kawasan.vn\/san-pham\/"},{"@type":"ListItem","position":3,"name":"B\u1ed9 Chuy\u1ec3n Ngu\u1ed3n T\u1ef1 \u0110\u1ed9ng ATS Solar Kawasan ATS-2R100A-4P"}]},{"@type":"WebSite","@id":"https:\/\/kawasan.vn\/#website","url":"https:\/\/kawasan.vn\/","name":"Kawasan","description":"","potentialAction":[{"@type":"SearchAction","target":{"@type":"EntryPoint","urlTemplate":"https:\/\/kawasan.vn\/?s={search_term_string}"},"query-input":{"@type":"PropertyValueSpecification","valueRequired":true,"valueName":"search_term_string"}}],"inLanguage":"en-US"}]}},"_links":{"self":[{"href":"https:\/\/kawasan.vn\/en\/wp-json\/wp\/v2\/product\/30535","targetHints":{"allow":["GET"]}}],"collection":[{"href":"https:\/\/kawasan.vn\/en\/wp-json\/wp\/v2\/product"}],"about":[{"href":"https:\/\/kawasan.vn\/en\/wp-json\/wp\/v2\/types\/product"}],"replies":[{"embeddable":true,"href":"https:\/\/kawasan.vn\/en\/wp-json\/wp\/v2\/comments?post=30535"}],"version-history":[{"count":5,"href":"https:\/\/kawasan.vn\/en\/wp-json\/wp\/v2\/product\/30535\/revisions"}],"predecessor-version":[{"id":30642,"href":"https:\/\/kawasan.vn\/en\/wp-json\/wp\/v2\/product\/30535\/revisions\/30642"}],"wp:featuredmedia":[{"embeddable":true,"href":"https:\/\/kawasan.vn\/en\/wp-json\/wp\/v2\/media\/30536"}],"wp:attachment":[{"href":"https:\/\/kawasan.vn\/en\/wp-json\/wp\/v2\/media?parent=30535"}],"wp:term":[{"taxonomy":"product_cat","embeddable":true,"href":"https:\/\/kawasan.vn\/en\/wp-json\/wp\/v2\/product_cat?post=30535"},{"taxonomy":"product_tag","embeddable":true,"href":"https:\/\/kawasan.vn\/en\/wp-json\/wp\/v2\/product_tag?post=30535"}],"curies":[{"name":"wp","href":"https:\/\/api.w.org\/{rel}","templated":true}]}}