{"id":30528,"date":"2026-03-21T09:01:55","date_gmt":"2026-03-21T02:01:55","guid":{"rendered":"https:\/\/kawasan.vn\/?post_type=product&#038;p=30528"},"modified":"2026-04-01T16:34:45","modified_gmt":"2026-04-01T09:34:45","slug":"bo-chuyen-nguon-tu-dong-ats-solar-1-pha-100a-220v-kawasan-ats-2r100a-2p","status":"publish","type":"product","link":"https:\/\/kawasan.vn\/en\/product\/bo-chuyen-nguon-tu-dong-ats-solar-1-pha-100a-220v-kawasan-ats-2r100a-2p\/","title":{"rendered":"B\u1ed9 Chuy\u1ec3n Ngu\u1ed3n T\u1ef1 \u0110\u1ed9ng ATS Solar 1 Pha 100A 220V Kawasan ATS-2R100A-2P"},"content":{"rendered":"<h1 data-section-id=\"1whuadm\" data-start=\"207\" data-end=\"222\"><span class=\"ez-toc-section\" id=\"MO_TA_NGAN\"><\/span>M\u00d4 T\u1ea2 NG\u1eaeN<span class=\"ez-toc-section-end\"><\/span><\/h1><div id=\"ez-toc-container\" class=\"ez-toc-v2_0_69_1 counter-hierarchy ez-toc-counter ez-toc-grey ez-toc-container-direction\">\n<div class=\"ez-toc-title-container\">\n<p class=\"ez-toc-title\" >N\u1ed9i Dung B&agrave;i Vi\u1ebft<\/p>\n<span class=\"ez-toc-title-toggle\"><a href=\"#\" class=\"ez-toc-pull-right ez-toc-btn ez-toc-btn-xs ez-toc-btn-default ez-toc-toggle\" aria-label=\"Toggle Table of Content\"><span class=\"ez-toc-js-icon-con\"><span class=\"\"><span class=\"eztoc-hide\" style=\"display:none;\">Toggle<\/span><span class=\"ez-toc-icon-toggle-span\"><svg style=\"fill: #999;color:#999\" xmlns=\"http:\/\/www.w3.org\/2000\/svg\" class=\"list-377408\" width=\"20px\" height=\"20px\" viewbox=\"0 0 24 24\" fill=\"none\"><path d=\"M6 6H4v2h2V6zm14 0H8v2h12V6zM4 11h2v2H4v-2zm16 0H8v2h12v-2zM4 16h2v2H4v-2zm16 0H8v2h12v-2z\" fill=\"currentColor\"><\/path><\/svg><svg style=\"fill: #999;color:#999\" class=\"arrow-unsorted-368013\" xmlns=\"http:\/\/www.w3.org\/2000\/svg\" width=\"10px\" height=\"10px\" viewbox=\"0 0 24 24\" version=\"1.2\" baseprofile=\"tiny\"><path d=\"M18.2 9.3l-6.2-6.3-6.2 6.3c-.2.2-.3.4-.3.7s.1.5.3.7c.2.2.4.3.7.3h11c.3 0 .5-.1.7-.3.2-.2.3-.5.3-.7s-.1-.5-.3-.7zM5.8 14.7l6.2 6.3 6.2-6.3c.2-.2.3-.5.3-.7s-.1-.5-.3-.7c-.2-.2-.4-.3-.7-.3h-11c-.3 0-.5.1-.7.3-.2.2-.3.5-.3.7s.1.5.3.7z\"\/><\/svg><\/span><\/span><\/span><\/a><\/span><\/div>\n<nav><ul class='ez-toc-list ez-toc-list-level-1 eztoc-toggle-hide-by-default' ><li class='ez-toc-page-1 ez-toc-heading-level-1'><a class=\"ez-toc-link ez-toc-heading-1\" href=\"https:\/\/kawasan.vn\/en\/product\/bo-chuyen-nguon-tu-dong-ats-solar-1-pha-100a-220v-kawasan-ats-2r100a-2p\/#MO_TA_NGAN\" title=\"M\u00d4 T\u1ea2 NG\u1eaeN\">M\u00d4 T\u1ea2 NG\u1eaeN<\/a><\/li><li class='ez-toc-page-1 ez-toc-heading-level-1'><a class=\"ez-toc-link ez-toc-heading-2\" href=\"https:\/\/kawasan.vn\/en\/product\/bo-chuyen-nguon-tu-dong-ats-solar-1-pha-100a-220v-kawasan-ats-2r100a-2p\/#THONG_SO_KY_THUAT\" title=\"TH\u00d4NG S\u1ed0 K\u1ef8 THU\u1eacT\">TH\u00d4NG S\u1ed0 K\u1ef8 THU\u1eacT<\/a><\/li><li class='ez-toc-page-1 ez-toc-heading-level-1'><a class=\"ez-toc-link ez-toc-heading-3\" href=\"https:\/\/kawasan.vn\/en\/product\/bo-chuyen-nguon-tu-dong-ats-solar-1-pha-100a-220v-kawasan-ats-2r100a-2p\/#NGUYEN_LY_HOAT_DONG\" title=\"NGUY\u00caN L\u00dd HO\u1ea0T \u0110\u1ed8NG\">NGUY\u00caN L\u00dd HO\u1ea0T \u0110\u1ed8NG<\/a><\/li><li class='ez-toc-page-1 ez-toc-heading-level-1'><a class=\"ez-toc-link ez-toc-heading-4\" href=\"https:\/\/kawasan.vn\/en\/product\/bo-chuyen-nguon-tu-dong-ats-solar-1-pha-100a-220v-kawasan-ats-2r100a-2p\/#UU_DIEM_NOI_BAT\" title=\"\u01afU \u0110I\u1ec2M N\u1ed4I B\u1eacT\">\u01afU \u0110I\u1ec2M N\u1ed4I B\u1eacT<\/a><ul class='ez-toc-list-level-3' ><li class='ez-toc-heading-level-3'><ul class='ez-toc-list-level-3' ><li class='ez-toc-heading-level-3'><a class=\"ez-toc-link ez-toc-heading-5\" href=\"https:\/\/kawasan.vn\/en\/product\/bo-chuyen-nguon-tu-dong-ats-solar-1-pha-100a-220v-kawasan-ats-2r100a-2p\/#%E2%9C%85_Chuyen_dung_cho_he_thong_dien_mat_troi\" title=\"\u2705 Chuy\u00ean d\u00f9ng cho h\u1ec7 th\u1ed1ng \u0111i\u1ec7n m\u1eb7t tr\u1eddi\">\u2705 Chuy\u00ean d\u00f9ng cho h\u1ec7 th\u1ed1ng \u0111i\u1ec7n m\u1eb7t tr\u1eddi<\/a><\/li><li class='ez-toc-page-1 ez-toc-heading-level-3'><a class=\"ez-toc-link ez-toc-heading-6\" href=\"https:\/\/kawasan.vn\/en\/product\/bo-chuyen-nguon-tu-dong-ats-solar-1-pha-100a-220v-kawasan-ats-2r100a-2p\/#%E2%9C%85_Tu_dong_hoan_toan\" title=\"\u2705 T\u1ef1 \u0111\u1ed9ng ho\u00e0n to\u00e0n\">\u2705 T\u1ef1 \u0111\u1ed9ng ho\u00e0n to\u00e0n<\/a><\/li><li class='ez-toc-page-1 ez-toc-heading-level-3'><a class=\"ez-toc-link ez-toc-heading-7\" href=\"https:\/\/kawasan.vn\/en\/product\/bo-chuyen-nguon-tu-dong-ats-solar-1-pha-100a-220v-kawasan-ats-2r100a-2p\/#%E2%9C%85_Dong_tai_lon_100A\" title=\"\u2705 D\u00f2ng t\u1ea3i l\u1edbn 100A\">\u2705 D\u00f2ng t\u1ea3i l\u1edbn 100A<\/a><\/li><li class='ez-toc-page-1 ez-toc-heading-level-3'><a class=\"ez-toc-link ez-toc-heading-8\" href=\"https:\/\/kawasan.vn\/en\/product\/bo-chuyen-nguon-tu-dong-ats-solar-1-pha-100a-220v-kawasan-ats-2r100a-2p\/#%E2%9C%85_Do_an_toan_cao\" title=\"\u2705 \u0110\u1ed9 an to\u00e0n cao\">\u2705 \u0110\u1ed9 an to\u00e0n cao<\/a><\/li><li class='ez-toc-page-1 ez-toc-heading-level-3'><a class=\"ez-toc-link ez-toc-heading-9\" href=\"https:\/\/kawasan.vn\/en\/product\/bo-chuyen-nguon-tu-dong-ats-solar-1-pha-100a-220v-kawasan-ats-2r100a-2p\/#%E2%9C%85_Tiet_kiem_dien_nang\" title=\"\u2705 Ti\u1ebft ki\u1ec7m \u0111i\u1ec7n n\u0103ng\">\u2705 Ti\u1ebft ki\u1ec7m \u0111i\u1ec7n n\u0103ng<\/a><\/li><\/ul><\/li><\/ul><\/li><li class='ez-toc-page-1 ez-toc-heading-level-1'><a class=\"ez-toc-link ez-toc-heading-10\" href=\"https:\/\/kawasan.vn\/en\/product\/bo-chuyen-nguon-tu-dong-ats-solar-1-pha-100a-220v-kawasan-ats-2r100a-2p\/#UNG_DUNG_THUC_TE\" title=\"\u1ee8NG D\u1ee4NG TH\u1ef0C T\u1ebe\">\u1ee8NG D\u1ee4NG TH\u1ef0C T\u1ebe<\/a><\/li><\/ul><\/nav><\/div>\n\n<p data-start=\"224\" data-end=\"549\">B\u1ed9 chuy\u1ec3n ngu\u1ed3n t\u1ef1 \u0111\u1ed9ng ATS Solar Kawasan ATS-S2R100A-2P l\u00e0 thi\u1ebft b\u1ecb chuy\u00ean d\u1ee5ng cho h\u1ec7 th\u1ed1ng <strong data-start=\"318\" data-end=\"354\">\u0111i\u1ec7n n\u0103ng l\u01b0\u1ee3ng m\u1eb7t tr\u1eddi (solar)<\/strong>, gi\u00fap t\u1ef1 \u0111\u1ed9ng chuy\u1ec3n \u0111\u1ed5i gi\u1eefa ngu\u1ed3n \u0111i\u1ec7n l\u01b0\u1edbi v\u00e0 ngu\u1ed3n \u0111i\u1ec7n t\u1eeb inverter\/solar khi c\u00f3 s\u1ef1 thay \u0111\u1ed5i ngu\u1ed3n. S\u1ea3n ph\u1ea9m ph\u00f9 h\u1ee3p cho h\u1ec7 th\u1ed1ng <strong data-start=\"489\" data-end=\"503\">1 pha 220V<\/strong>, \u0111\u1ea3m b\u1ea3o ngu\u1ed3n \u0111i\u1ec7n lu\u00f4n \u1ed5n \u0111\u1ecbnh v\u00e0 li\u00ean t\u1ee5c.<\/p>\n<p data-start=\"224\" data-end=\"549\"><img loading=\"lazy\" decoding=\"async\" class=\"aligncenter  wp-image-30644\" src=\"https:\/\/kawasan.vn\/wp-content\/uploads\/2026\/03\/Nha_Viet_Nam_202604011636.jpeg\" alt=\"\" width=\"502\" height=\"502\" \/><\/p>\n<h1 data-section-id=\"nbjwvg\" data-start=\"556\" data-end=\"578\"><span class=\"ez-toc-section\" id=\"THONG_SO_KY_THUAT\"><\/span>TH\u00d4NG S\u1ed0 K\u1ef8 THU\u1eacT<span class=\"ez-toc-section-end\"><\/span><\/h1>\n<ul data-start=\"580\" data-end=\"973\">\n<li data-section-id=\"bn4jbu\" data-start=\"580\" data-end=\"609\"><strong data-start=\"582\" data-end=\"592\">Model:<\/strong> ATS-S2R100A-2P<\/li>\n<li data-section-id=\"bjjdb9\" data-start=\"610\" data-end=\"638\"><strong data-start=\"612\" data-end=\"628\">Th\u01b0\u01a1ng hi\u1ec7u:<\/strong> Kawasan<\/li>\n<li data-section-id=\"1i0xsg9\" data-start=\"639\" data-end=\"688\"><strong data-start=\"641\" data-end=\"650\">Lo\u1ea1i:<\/strong> B\u1ed9 chuy\u1ec3n ngu\u1ed3n t\u1ef1 \u0111\u1ed9ng ATS (Solar)<\/li>\n<li data-section-id=\"17j2n8m\" data-start=\"689\" data-end=\"716\"><strong data-start=\"691\" data-end=\"702\">S\u1ed1 c\u1ef1c:<\/strong> 2P (2 Pole)<\/li>\n<li data-section-id=\"4htcfr\" data-start=\"717\" data-end=\"749\"><strong data-start=\"719\" data-end=\"742\">D\u00f2ng \u0111i\u1ec7n \u0111\u1ecbnh m\u1ee9c:<\/strong> 100A<\/li>\n<li data-section-id=\"siz02u\" data-start=\"750\" data-end=\"781\"><strong data-start=\"752\" data-end=\"774\">\u0110i\u1ec7n \u00e1p ho\u1ea1t \u0111\u1ed9ng:<\/strong> 220V<\/li>\n<li data-section-id=\"13bt6bz\" data-start=\"782\" data-end=\"805\"><strong data-start=\"784\" data-end=\"795\">T\u1ea7n s\u1ed1:<\/strong> 50\u201360Hz<\/li>\n<li data-section-id=\"kjdati\" data-start=\"806\" data-end=\"835\"><strong data-start=\"808\" data-end=\"828\">\u0110i\u1ec7n \u00e1p c\u00e1ch ly:<\/strong> 690V<\/li>\n<li data-section-id=\"1g2rxe5\" data-start=\"836\" data-end=\"877\"><strong data-start=\"838\" data-end=\"871\">C\u00f4ng su\u1ea5t ch\u1ecbu t\u1ea3i ng\u1eafn m\u1ea1ch:<\/strong> 8KA<\/li>\n<li data-section-id=\"q1ylo2\" data-start=\"878\" data-end=\"924\"><strong data-start=\"880\" data-end=\"901\">Ch\u1ebf \u0111\u1ed9 ho\u1ea1t \u0111\u1ed9ng:<\/strong> T\u1ef1 \u0111\u1ed9ng chuy\u1ec3n ngu\u1ed3n<\/li>\n<li data-section-id=\"1wylbvh\" data-start=\"925\" data-end=\"973\"><strong data-start=\"927\" data-end=\"940\">\u1ee8ng d\u1ee5ng:<\/strong> H\u1ec7 th\u1ed1ng \u0111i\u1ec7n m\u1eb7t tr\u1eddi, hybrid<\/li>\n<\/ul>\n<p><img loading=\"lazy\" decoding=\"async\" class=\"aligncenter  wp-image-30645\" src=\"https:\/\/kawasan.vn\/wp-content\/uploads\/2026\/03\/ATS_Kawasan_infographic_202604011635.jpeg\" alt=\"\" width=\"527\" height=\"294\" \/><\/p>\n<h1 data-section-id=\"1sj8zv2\" data-start=\"980\" data-end=\"1004\"><span class=\"ez-toc-section\" id=\"NGUYEN_LY_HOAT_DONG\"><\/span>NGUY\u00caN L\u00dd HO\u1ea0T \u0110\u1ed8NG<span class=\"ez-toc-section-end\"><\/span><\/h1>\n<ul data-start=\"1006\" data-end=\"1232\">\n<li data-section-id=\"f8d6y8\" data-start=\"1006\" data-end=\"1096\">Khi <strong data-start=\"1012\" data-end=\"1043\">ngu\u1ed3n solar\/inverter \u0111\u1ee7 t\u1ea3i<\/strong>, h\u1ec7 th\u1ed1ng \u01b0u ti\u00ean s\u1eed d\u1ee5ng \u0111i\u1ec7n n\u0103ng l\u01b0\u1ee3ng m\u1eb7t tr\u1eddi<\/li>\n<li data-section-id=\"denjq9\" data-start=\"1097\" data-end=\"1175\">Khi <strong data-start=\"1103\" data-end=\"1138\">thi\u1ebfu \u0111i\u1ec7n ho\u1eb7c m\u1ea5t ngu\u1ed3n solar<\/strong>, ATS t\u1ef1 \u0111\u1ed9ng chuy\u1ec3n sang \u0111i\u1ec7n l\u01b0\u1edbi<\/li>\n<li data-section-id=\"c1o0rm\" data-start=\"1176\" data-end=\"1232\">Khi ngu\u1ed3n solar \u1ed5n \u0111\u1ecbnh tr\u1edf l\u1ea1i \u2192 t\u1ef1 \u0111\u1ed9ng chuy\u1ec3n l\u1ea1i<\/li>\n<\/ul>\n<p data-start=\"1234\" data-end=\"1302\">\ud83d\udc49 Gi\u00fap t\u1ed1i \u01b0u chi ph\u00ed \u0111i\u1ec7n v\u00e0 \u0111\u1ea3m b\u1ea3o ngu\u1ed3n \u0111i\u1ec7n kh\u00f4ng b\u1ecb gi\u00e1n \u0111o\u1ea1n<\/p>\n<p data-start=\"1234\" data-end=\"1302\"><img loading=\"lazy\" decoding=\"async\" class=\"aligncenter  wp-image-30637\" src=\"https:\/\/kawasan.vn\/wp-content\/uploads\/2026\/03\/Mot_he_202604011537.jpg\" alt=\"\" width=\"511\" height=\"511\" \/><\/p>\n<h1 data-section-id=\"1ngwo4p\" data-start=\"1309\" data-end=\"1329\"><span class=\"ez-toc-section\" id=\"UU_DIEM_NOI_BAT\"><\/span>\u01afU \u0110I\u1ec2M N\u1ed4I B\u1eacT<span class=\"ez-toc-section-end\"><\/span><\/h1>\n<h3 data-section-id=\"1wegsxi\" data-start=\"1331\" data-end=\"1375\"><span class=\"ez-toc-section\" id=\"%E2%9C%85_Chuyen_dung_cho_he_thong_dien_mat_troi\"><\/span>\u2705 Chuy\u00ean d\u00f9ng cho h\u1ec7 th\u1ed1ng \u0111i\u1ec7n m\u1eb7t tr\u1eddi<span class=\"ez-toc-section-end\"><\/span><\/h3>\n<p data-start=\"1376\" data-end=\"1418\">T\u1ed1i \u01b0u cho inverter, h\u1ec7 hybrid, h\u1ec7 l\u01b0u tr\u1eef<\/p>\n<h3 data-section-id=\"r5fjtn\" data-start=\"1420\" data-end=\"1443\"><span class=\"ez-toc-section\" id=\"%E2%9C%85_Tu_dong_hoan_toan\"><\/span>\u2705 T\u1ef1 \u0111\u1ed9ng ho\u00e0n to\u00e0n<span class=\"ez-toc-section-end\"><\/span><\/h3>\n<p data-start=\"1444\" data-end=\"1500\">Kh\u00f4ng c\u1ea7n thao t\u00e1c tay \u2013 chuy\u1ec3n ngu\u1ed3n nhanh v\u00e0 ch\u00ednh x\u00e1c<\/p>\n<h3 data-section-id=\"tmdz0r\" data-start=\"1502\" data-end=\"1525\"><span class=\"ez-toc-section\" id=\"%E2%9C%85_Dong_tai_lon_100A\"><\/span>\u2705 D\u00f2ng t\u1ea3i l\u1edbn 100A<span class=\"ez-toc-section-end\"><\/span><\/h3>\n<p data-start=\"1526\" data-end=\"1584\">Ph\u00f9 h\u1ee3p cho h\u1ed9 gia \u0111\u00ecnh l\u1edbn, villa, h\u1ec7 solar c\u00f4ng su\u1ea5t cao<\/p>\n<p data-start=\"1526\" data-end=\"1584\"><img loading=\"lazy\" decoding=\"async\" class=\"aligncenter  wp-image-30643\" src=\"https:\/\/kawasan.vn\/wp-content\/uploads\/2026\/03\/Khu_pho_ben_202604011536.jpg\" alt=\"\" width=\"554\" height=\"554\" \/><\/p>\n<h3 data-section-id=\"cfmq2l\" data-start=\"1586\" data-end=\"1606\"><span class=\"ez-toc-section\" id=\"%E2%9C%85_Do_an_toan_cao\"><\/span>\u2705 \u0110\u1ed9 an to\u00e0n cao<span class=\"ez-toc-section-end\"><\/span><\/h3>\n<ul data-start=\"1607\" data-end=\"1658\">\n<li data-section-id=\"8fr82k\" data-start=\"1607\" data-end=\"1631\">\u0110i\u1ec7n \u00e1p c\u00e1ch ly 690V<\/li>\n<li data-section-id=\"1lg8azi\" data-start=\"1632\" data-end=\"1658\">Ch\u1ecbu t\u1ea3i ng\u1eafn m\u1ea1ch 8KA<\/li>\n<\/ul>\n<h3 data-section-id=\"1aikiug\" data-start=\"1660\" data-end=\"1685\"><span class=\"ez-toc-section\" id=\"%E2%9C%85_Tiet_kiem_dien_nang\"><\/span>\u2705 Ti\u1ebft ki\u1ec7m \u0111i\u1ec7n n\u0103ng<span class=\"ez-toc-section-end\"><\/span><\/h3>\n<p data-start=\"1686\" data-end=\"1736\">\u01afu ti\u00ean ngu\u1ed3n solar \u2192 gi\u1ea3m chi ph\u00ed \u0111i\u1ec7n h\u00e0ng th\u00e1ng<\/p>\n<h1 data-section-id=\"qkua9t\" data-start=\"1743\" data-end=\"1764\"><span class=\"ez-toc-section\" id=\"UNG_DUNG_THUC_TE\"><\/span>\u1ee8NG D\u1ee4NG TH\u1ef0C T\u1ebe<span class=\"ez-toc-section-end\"><\/span><\/h1>\n<ul data-start=\"1766\" data-end=\"1962\">\n<li data-section-id=\"thgu6x\" data-start=\"1766\" data-end=\"1815\">H\u1ec7 th\u1ed1ng \u0111i\u1ec7n n\u0103ng l\u01b0\u1ee3ng m\u1eb7t tr\u1eddi h\u1ed9 gia \u0111\u00ecnh<\/li>\n<li data-section-id=\"1tglc7i\" data-start=\"1816\" data-end=\"1847\">Bi\u1ec7t th\u1ef1, nh\u00e0 ph\u1ed1 l\u1eafp solar<\/li>\n<li data-section-id=\"hnw5t7\" data-start=\"1848\" data-end=\"1890\">Trang tr\u1ea1i, h\u1ec7 b\u01a1m n\u0103ng l\u01b0\u1ee3ng m\u1eb7t tr\u1eddi<\/li>\n<li data-section-id=\"1nsipte\" data-start=\"1891\" data-end=\"1927\">H\u1ec7 hybrid inverter + pin l\u01b0u tr\u1eef<\/li>\n<li data-section-id=\"ekn94n\" data-start=\"1928\" data-end=\"1962\">V\u0103n ph\u00f2ng, showroom d\u00f9ng solar<\/li>\n<\/ul>\n<p><img loading=\"lazy\" decoding=\"async\" class=\"aligncenter  wp-image-30636\" src=\"https:\/\/kawasan.vn\/wp-content\/uploads\/2026\/03\/Mot_tu_dien_202604011537.jpg\" alt=\"\" width=\"565\" height=\"565\" \/><\/p>\n<p data-start=\"2469\" data-end=\"2641\"><strong data-start=\"2469\" data-end=\"2492\">MUA CH\u00cdNH H\u00c3NG T\u1ea0I:<\/strong><br data-start=\"2492\" data-end=\"2495\" \/>Hotline ph\u00f2ng kinh doanh (b\u00e1o gi\u00e1 s\u1ec9 \/ \u0111\u1ea1i l\u00fd \/ NPP): 0825 411 408 ho\u1eb7c 0911 757 234<br data-start=\"2579\" data-end=\"2582\" \/>Website ch\u00ednh th\u1ee9c:<br data-start=\"2601\" data-end=\"2604\" \/><a class=\"decorated-link cursor-pointer\" target=\"_new\" rel=\"noopener\" data-start=\"2604\" data-end=\"2622\">www.kawaled.com.vn<\/a><br data-start=\"2622\" data-end=\"2625\" \/><a class=\"decorated-link\" href=\"https:\/\/kawasan.vn\/en\/\" target=\"_new\" rel=\"noopener\" data-start=\"2625\" data-end=\"2639\">www.kawasan.vn<\/a><\/p>","protected":false},"excerpt":{"rendered":"<p>M\u00d4 T\u1ea2 NG\u1eaeN B\u1ed9 chuy\u1ec3n ngu\u1ed3n t\u1ef1 \u0111\u1ed9ng ATS Solar Kawasan ATS-S2R100A-2P l\u00e0 thi\u1ebft b\u1ecb chuy\u00ean d\u1ee5ng cho h\u1ec7 th\u1ed1ng \u0111i\u1ec7n n\u0103ng l\u01b0\u1ee3ng m\u1eb7t tr\u1eddi (solar), gi\u00fap t\u1ef1 \u0111\u1ed9ng chuy\u1ec3n \u0111\u1ed5i gi\u1eefa ngu\u1ed3n \u0111i\u1ec7n l\u01b0\u1edbi v\u00e0 ngu\u1ed3n \u0111i\u1ec7n t\u1eeb inverter\/solar khi c\u00f3 s\u1ef1 thay \u0111\u1ed5i ngu\u1ed3n. S\u1ea3n ph\u1ea9m ph\u00f9 h\u1ee3p cho h\u1ec7 th\u1ed1ng 1 pha [&hellip;]<\/p>","protected":false},"featured_media":30531,"comment_status":"open","ping_status":"closed","template":"","meta":{"_yoast_wpseo_focuskw":"","_yoast_wpseo_metadesc":"","_yoast_wpseo_focuskeywords":"","_yoast_wpseo_keyword_synonyms":""},"product_cat":[15],"product_tag":[],"class_list":["post-30528","product","type-product","status-publish","has-post-thumbnail","hentry","product_cat-cong-tac-cam-ung-chuyen-dong"],"acf":[],"yoast_head":"<!-- This site is optimized with the Yoast SEO Premium plugin v24.9 (Yoast SEO v24.9) - https:\/\/yoast.com\/wordpress\/plugins\/seo\/ -->\n<title>B\u1ed9 Chuy\u1ec3n Ngu\u1ed3n T\u1ef1 \u0110\u1ed9ng ATS Solar 1 Pha 100A 220V Kawasan ATS-2R100A-2P - Kawasan<\/title>\n<meta name=\"robots\" content=\"index, follow, max-snippet:-1, max-image-preview:large, max-video-preview:-1\" \/>\n<link rel=\"canonical\" href=\"https:\/\/kawasan.vn\/en\/product\/bo-chuyen-nguon-tu-dong-ats-solar-1-pha-100a-220v-kawasan-ats-2r100a-2p\/\" \/>\n<meta property=\"og:locale\" content=\"en_US\" \/>\n<meta property=\"og:type\" content=\"article\" \/>\n<meta property=\"og:title\" content=\"B\u1ed9 Chuy\u1ec3n Ngu\u1ed3n T\u1ef1 \u0110\u1ed9ng ATS Solar 1 Pha 100A 220V Kawasan ATS-2R100A-2P\" \/>\n<meta property=\"og:description\" content=\"M\u00d4 T\u1ea2 NG\u1eaeN B\u1ed9 chuy\u1ec3n ngu\u1ed3n t\u1ef1 \u0111\u1ed9ng ATS Solar Kawasan ATS-S2R100A-2P l\u00e0 thi\u1ebft b\u1ecb chuy\u00ean d\u1ee5ng cho h\u1ec7 th\u1ed1ng \u0111i\u1ec7n n\u0103ng l\u01b0\u1ee3ng m\u1eb7t tr\u1eddi (solar), gi\u00fap t\u1ef1 \u0111\u1ed9ng chuy\u1ec3n \u0111\u1ed5i gi\u1eefa ngu\u1ed3n \u0111i\u1ec7n l\u01b0\u1edbi v\u00e0 ngu\u1ed3n \u0111i\u1ec7n t\u1eeb inverter\/solar khi c\u00f3 s\u1ef1 thay \u0111\u1ed5i ngu\u1ed3n. S\u1ea3n ph\u1ea9m ph\u00f9 h\u1ee3p cho h\u1ec7 th\u1ed1ng 1 pha [&hellip;]\" \/>\n<meta property=\"og:url\" content=\"https:\/\/kawasan.vn\/en\/product\/bo-chuyen-nguon-tu-dong-ats-solar-1-pha-100a-220v-kawasan-ats-2r100a-2p\/\" \/>\n<meta property=\"og:site_name\" content=\"Kawasan\" \/>\n<meta property=\"article:modified_time\" content=\"2026-04-01T09:34:45+00:00\" \/>\n<meta property=\"og:image\" content=\"https:\/\/kawasan.vn\/wp-content\/uploads\/2026\/03\/1-5.png\" \/>\n\t<meta property=\"og:image:width\" content=\"900\" \/>\n\t<meta property=\"og:image:height\" content=\"900\" \/>\n\t<meta property=\"og:image:type\" content=\"image\/png\" \/>\n<meta name=\"twitter:card\" content=\"summary_large_image\" \/>\n<meta name=\"twitter:label1\" content=\"Est. reading time\" \/>\n\t<meta name=\"twitter:data1\" content=\"4 minutes\" \/>\n<script type=\"application\/ld+json\" class=\"yoast-schema-graph\">{\"@context\":\"https:\/\/schema.org\",\"@graph\":[{\"@type\":\"WebPage\",\"@id\":\"https:\/\/kawasan.vn\/san-pham\/bo-chuyen-nguon-tu-dong-ats-solar-1-pha-100a-220v-kawasan-ats-2r100a-2p\/\",\"url\":\"https:\/\/kawasan.vn\/san-pham\/bo-chuyen-nguon-tu-dong-ats-solar-1-pha-100a-220v-kawasan-ats-2r100a-2p\/\",\"name\":\"B\u1ed9 Chuy\u1ec3n Ngu\u1ed3n T\u1ef1 \u0110\u1ed9ng ATS Solar 1 Pha 100A 220V Kawasan ATS-2R100A-2P - Kawasan\",\"isPartOf\":{\"@id\":\"https:\/\/kawasan.vn\/#website\"},\"primaryImageOfPage\":{\"@id\":\"https:\/\/kawasan.vn\/san-pham\/bo-chuyen-nguon-tu-dong-ats-solar-1-pha-100a-220v-kawasan-ats-2r100a-2p\/#primaryimage\"},\"image\":{\"@id\":\"https:\/\/kawasan.vn\/san-pham\/bo-chuyen-nguon-tu-dong-ats-solar-1-pha-100a-220v-kawasan-ats-2r100a-2p\/#primaryimage\"},\"thumbnailUrl\":\"https:\/\/kawasan.vn\/wp-content\/uploads\/2026\/03\/1-5.png\",\"datePublished\":\"2026-03-21T02:01:55+00:00\",\"dateModified\":\"2026-04-01T09:34:45+00:00\",\"breadcrumb\":{\"@id\":\"https:\/\/kawasan.vn\/san-pham\/bo-chuyen-nguon-tu-dong-ats-solar-1-pha-100a-220v-kawasan-ats-2r100a-2p\/#breadcrumb\"},\"inLanguage\":\"en-US\",\"potentialAction\":[{\"@type\":\"ReadAction\",\"target\":[\"https:\/\/kawasan.vn\/san-pham\/bo-chuyen-nguon-tu-dong-ats-solar-1-pha-100a-220v-kawasan-ats-2r100a-2p\/\"]}]},{\"@type\":\"ImageObject\",\"inLanguage\":\"en-US\",\"@id\":\"https:\/\/kawasan.vn\/san-pham\/bo-chuyen-nguon-tu-dong-ats-solar-1-pha-100a-220v-kawasan-ats-2r100a-2p\/#primaryimage\",\"url\":\"https:\/\/kawasan.vn\/wp-content\/uploads\/2026\/03\/1-5.png\",\"contentUrl\":\"https:\/\/kawasan.vn\/wp-content\/uploads\/2026\/03\/1-5.png\",\"width\":900,\"height\":900},{\"@type\":\"BreadcrumbList\",\"@id\":\"https:\/\/kawasan.vn\/san-pham\/bo-chuyen-nguon-tu-dong-ats-solar-1-pha-100a-220v-kawasan-ats-2r100a-2p\/#breadcrumb\",\"itemListElement\":[{\"@type\":\"ListItem\",\"position\":1,\"name\":\"Trang ch\u1ee7\",\"item\":\"https:\/\/kawasan.vn\/\"},{\"@type\":\"ListItem\",\"position\":2,\"name\":\"S\u1ea3n ph\u1ea9m\",\"item\":\"https:\/\/kawasan.vn\/san-pham\/\"},{\"@type\":\"ListItem\",\"position\":3,\"name\":\"B\u1ed9 Chuy\u1ec3n Ngu\u1ed3n T\u1ef1 \u0110\u1ed9ng ATS Solar 1 Pha 100A 220V Kawasan ATS-2R100A-2P\"}]},{\"@type\":\"WebSite\",\"@id\":\"https:\/\/kawasan.vn\/#website\",\"url\":\"https:\/\/kawasan.vn\/\",\"name\":\"Kawasan\",\"description\":\"\",\"potentialAction\":[{\"@type\":\"SearchAction\",\"target\":{\"@type\":\"EntryPoint\",\"urlTemplate\":\"https:\/\/kawasan.vn\/?s={search_term_string}\"},\"query-input\":{\"@type\":\"PropertyValueSpecification\",\"valueRequired\":true,\"valueName\":\"search_term_string\"}}],\"inLanguage\":\"en-US\"}]}<\/script>\n<!-- \/ Yoast SEO Premium plugin. -->","yoast_head_json":{"title":"B\u1ed9 Chuy\u1ec3n Ngu\u1ed3n T\u1ef1 \u0110\u1ed9ng ATS Solar 1 Pha 100A 220V Kawasan ATS-2R100A-2P - Kawasan","robots":{"index":"index","follow":"follow","max-snippet":"max-snippet:-1","max-image-preview":"max-image-preview:large","max-video-preview":"max-video-preview:-1"},"canonical":"https:\/\/kawasan.vn\/en\/product\/bo-chuyen-nguon-tu-dong-ats-solar-1-pha-100a-220v-kawasan-ats-2r100a-2p\/","og_locale":"en_US","og_type":"article","og_title":"B\u1ed9 Chuy\u1ec3n Ngu\u1ed3n T\u1ef1 \u0110\u1ed9ng ATS Solar 1 Pha 100A 220V Kawasan ATS-2R100A-2P","og_description":"M\u00d4 T\u1ea2 NG\u1eaeN B\u1ed9 chuy\u1ec3n ngu\u1ed3n t\u1ef1 \u0111\u1ed9ng ATS Solar Kawasan ATS-S2R100A-2P l\u00e0 thi\u1ebft b\u1ecb chuy\u00ean d\u1ee5ng cho h\u1ec7 th\u1ed1ng \u0111i\u1ec7n n\u0103ng l\u01b0\u1ee3ng m\u1eb7t tr\u1eddi (solar), gi\u00fap t\u1ef1 \u0111\u1ed9ng chuy\u1ec3n \u0111\u1ed5i gi\u1eefa ngu\u1ed3n \u0111i\u1ec7n l\u01b0\u1edbi v\u00e0 ngu\u1ed3n \u0111i\u1ec7n t\u1eeb inverter\/solar khi c\u00f3 s\u1ef1 thay \u0111\u1ed5i ngu\u1ed3n. S\u1ea3n ph\u1ea9m ph\u00f9 h\u1ee3p cho h\u1ec7 th\u1ed1ng 1 pha [&hellip;]","og_url":"https:\/\/kawasan.vn\/en\/product\/bo-chuyen-nguon-tu-dong-ats-solar-1-pha-100a-220v-kawasan-ats-2r100a-2p\/","og_site_name":"Kawasan","article_modified_time":"2026-04-01T09:34:45+00:00","og_image":[{"width":900,"height":900,"url":"https:\/\/kawasan.vn\/wp-content\/uploads\/2026\/03\/1-5.png","type":"image\/png"}],"twitter_card":"summary_large_image","twitter_misc":{"Est. reading time":"4 minutes"},"schema":{"@context":"https:\/\/schema.org","@graph":[{"@type":"WebPage","@id":"https:\/\/kawasan.vn\/san-pham\/bo-chuyen-nguon-tu-dong-ats-solar-1-pha-100a-220v-kawasan-ats-2r100a-2p\/","url":"https:\/\/kawasan.vn\/san-pham\/bo-chuyen-nguon-tu-dong-ats-solar-1-pha-100a-220v-kawasan-ats-2r100a-2p\/","name":"B\u1ed9 Chuy\u1ec3n Ngu\u1ed3n T\u1ef1 \u0110\u1ed9ng ATS Solar 1 Pha 100A 220V Kawasan ATS-2R100A-2P - Kawasan","isPartOf":{"@id":"https:\/\/kawasan.vn\/#website"},"primaryImageOfPage":{"@id":"https:\/\/kawasan.vn\/san-pham\/bo-chuyen-nguon-tu-dong-ats-solar-1-pha-100a-220v-kawasan-ats-2r100a-2p\/#primaryimage"},"image":{"@id":"https:\/\/kawasan.vn\/san-pham\/bo-chuyen-nguon-tu-dong-ats-solar-1-pha-100a-220v-kawasan-ats-2r100a-2p\/#primaryimage"},"thumbnailUrl":"https:\/\/kawasan.vn\/wp-content\/uploads\/2026\/03\/1-5.png","datePublished":"2026-03-21T02:01:55+00:00","dateModified":"2026-04-01T09:34:45+00:00","breadcrumb":{"@id":"https:\/\/kawasan.vn\/san-pham\/bo-chuyen-nguon-tu-dong-ats-solar-1-pha-100a-220v-kawasan-ats-2r100a-2p\/#breadcrumb"},"inLanguage":"en-US","potentialAction":[{"@type":"ReadAction","target":["https:\/\/kawasan.vn\/san-pham\/bo-chuyen-nguon-tu-dong-ats-solar-1-pha-100a-220v-kawasan-ats-2r100a-2p\/"]}]},{"@type":"ImageObject","inLanguage":"en-US","@id":"https:\/\/kawasan.vn\/san-pham\/bo-chuyen-nguon-tu-dong-ats-solar-1-pha-100a-220v-kawasan-ats-2r100a-2p\/#primaryimage","url":"https:\/\/kawasan.vn\/wp-content\/uploads\/2026\/03\/1-5.png","contentUrl":"https:\/\/kawasan.vn\/wp-content\/uploads\/2026\/03\/1-5.png","width":900,"height":900},{"@type":"BreadcrumbList","@id":"https:\/\/kawasan.vn\/san-pham\/bo-chuyen-nguon-tu-dong-ats-solar-1-pha-100a-220v-kawasan-ats-2r100a-2p\/#breadcrumb","itemListElement":[{"@type":"ListItem","position":1,"name":"Trang ch\u1ee7","item":"https:\/\/kawasan.vn\/"},{"@type":"ListItem","position":2,"name":"S\u1ea3n ph\u1ea9m","item":"https:\/\/kawasan.vn\/san-pham\/"},{"@type":"ListItem","position":3,"name":"B\u1ed9 Chuy\u1ec3n Ngu\u1ed3n T\u1ef1 \u0110\u1ed9ng ATS Solar 1 Pha 100A 220V Kawasan ATS-2R100A-2P"}]},{"@type":"WebSite","@id":"https:\/\/kawasan.vn\/#website","url":"https:\/\/kawasan.vn\/","name":"Kawasan","description":"","potentialAction":[{"@type":"SearchAction","target":{"@type":"EntryPoint","urlTemplate":"https:\/\/kawasan.vn\/?s={search_term_string}"},"query-input":{"@type":"PropertyValueSpecification","valueRequired":true,"valueName":"search_term_string"}}],"inLanguage":"en-US"}]}},"_links":{"self":[{"href":"https:\/\/kawasan.vn\/en\/wp-json\/wp\/v2\/product\/30528","targetHints":{"allow":["GET"]}}],"collection":[{"href":"https:\/\/kawasan.vn\/en\/wp-json\/wp\/v2\/product"}],"about":[{"href":"https:\/\/kawasan.vn\/en\/wp-json\/wp\/v2\/types\/product"}],"replies":[{"embeddable":true,"href":"https:\/\/kawasan.vn\/en\/wp-json\/wp\/v2\/comments?post=30528"}],"version-history":[{"count":4,"href":"https:\/\/kawasan.vn\/en\/wp-json\/wp\/v2\/product\/30528\/revisions"}],"predecessor-version":[{"id":30646,"href":"https:\/\/kawasan.vn\/en\/wp-json\/wp\/v2\/product\/30528\/revisions\/30646"}],"wp:featuredmedia":[{"embeddable":true,"href":"https:\/\/kawasan.vn\/en\/wp-json\/wp\/v2\/media\/30531"}],"wp:attachment":[{"href":"https:\/\/kawasan.vn\/en\/wp-json\/wp\/v2\/media?parent=30528"}],"wp:term":[{"taxonomy":"product_cat","embeddable":true,"href":"https:\/\/kawasan.vn\/en\/wp-json\/wp\/v2\/product_cat?post=30528"},{"taxonomy":"product_tag","embeddable":true,"href":"https:\/\/kawasan.vn\/en\/wp-json\/wp\/v2\/product_tag?post=30528"}],"curies":[{"name":"wp","href":"https:\/\/api.w.org\/{rel}","templated":true}]}}