{"id":30522,"date":"2026-03-21T08:56:48","date_gmt":"2026-03-21T01:56:48","guid":{"rendered":"https:\/\/kawasan.vn\/?post_type=product&#038;p=30522"},"modified":"2026-04-01T08:36:09","modified_gmt":"2026-04-01T01:36:09","slug":"bo-chuyen-nguon-tu-dong-ats-kawasan-ats-q3-63a-2p-1-pha-63a-220v","status":"publish","type":"product","link":"https:\/\/kawasan.vn\/en\/product\/bo-chuyen-nguon-tu-dong-ats-kawasan-ats-q3-63a-2p-1-pha-63a-220v\/","title":{"rendered":"B\u1ed9 Chuy\u1ec3n Ngu\u1ed3n T\u1ef1 \u0110\u1ed9ng ATS 1 Pha 63A 220V Kawasan ATS-Q3-63A-2P"},"content":{"rendered":"<h1 data-section-id=\"1whuadm\" data-start=\"199\" data-end=\"214\"><span class=\"ez-toc-section\" id=\"MO_TA_NGAN\"><\/span>M\u00d4 T\u1ea2 NG\u1eaeN<span class=\"ez-toc-section-end\"><\/span><\/h1><div id=\"ez-toc-container\" class=\"ez-toc-v2_0_69_1 counter-hierarchy ez-toc-counter ez-toc-grey ez-toc-container-direction\">\n<div class=\"ez-toc-title-container\">\n<p class=\"ez-toc-title\" >N\u1ed9i Dung B&agrave;i Vi\u1ebft<\/p>\n<span class=\"ez-toc-title-toggle\"><a href=\"#\" class=\"ez-toc-pull-right ez-toc-btn ez-toc-btn-xs ez-toc-btn-default ez-toc-toggle\" aria-label=\"Toggle Table of Content\"><span class=\"ez-toc-js-icon-con\"><span class=\"\"><span class=\"eztoc-hide\" style=\"display:none;\">Toggle<\/span><span class=\"ez-toc-icon-toggle-span\"><svg style=\"fill: #999;color:#999\" xmlns=\"http:\/\/www.w3.org\/2000\/svg\" class=\"list-377408\" width=\"20px\" height=\"20px\" viewbox=\"0 0 24 24\" fill=\"none\"><path d=\"M6 6H4v2h2V6zm14 0H8v2h12V6zM4 11h2v2H4v-2zm16 0H8v2h12v-2zM4 16h2v2H4v-2zm16 0H8v2h12v-2z\" fill=\"currentColor\"><\/path><\/svg><svg style=\"fill: #999;color:#999\" class=\"arrow-unsorted-368013\" xmlns=\"http:\/\/www.w3.org\/2000\/svg\" width=\"10px\" height=\"10px\" viewbox=\"0 0 24 24\" version=\"1.2\" baseprofile=\"tiny\"><path d=\"M18.2 9.3l-6.2-6.3-6.2 6.3c-.2.2-.3.4-.3.7s.1.5.3.7c.2.2.4.3.7.3h11c.3 0 .5-.1.7-.3.2-.2.3-.5.3-.7s-.1-.5-.3-.7zM5.8 14.7l6.2 6.3 6.2-6.3c.2-.2.3-.5.3-.7s-.1-.5-.3-.7c-.2-.2-.4-.3-.7-.3h-11c-.3 0-.5.1-.7.3-.2.2-.3.5-.3.7s.1.5.3.7z\"\/><\/svg><\/span><\/span><\/span><\/a><\/span><\/div>\n<nav><ul class='ez-toc-list ez-toc-list-level-1 eztoc-toggle-hide-by-default' ><li class='ez-toc-page-1 ez-toc-heading-level-1'><a class=\"ez-toc-link ez-toc-heading-1\" href=\"https:\/\/kawasan.vn\/en\/product\/bo-chuyen-nguon-tu-dong-ats-kawasan-ats-q3-63a-2p-1-pha-63a-220v\/#MO_TA_NGAN\" title=\"M\u00d4 T\u1ea2 NG\u1eaeN\">M\u00d4 T\u1ea2 NG\u1eaeN<\/a><\/li><li class='ez-toc-page-1 ez-toc-heading-level-1'><a class=\"ez-toc-link ez-toc-heading-2\" href=\"https:\/\/kawasan.vn\/en\/product\/bo-chuyen-nguon-tu-dong-ats-kawasan-ats-q3-63a-2p-1-pha-63a-220v\/#THONG_SO_KY_THUAT\" title=\"TH\u00d4NG S\u1ed0 K\u1ef8 THU\u1eacT\">TH\u00d4NG S\u1ed0 K\u1ef8 THU\u1eacT<\/a><\/li><li class='ez-toc-page-1 ez-toc-heading-level-1'><a class=\"ez-toc-link ez-toc-heading-3\" href=\"https:\/\/kawasan.vn\/en\/product\/bo-chuyen-nguon-tu-dong-ats-kawasan-ats-q3-63a-2p-1-pha-63a-220v\/#NGUYEN_LY_HOAT_DONG\" title=\"NGUY\u00caN L\u00dd HO\u1ea0T \u0110\u1ed8NG\">NGUY\u00caN L\u00dd HO\u1ea0T \u0110\u1ed8NG<\/a><\/li><li class='ez-toc-page-1 ez-toc-heading-level-1'><a class=\"ez-toc-link ez-toc-heading-4\" href=\"https:\/\/kawasan.vn\/en\/product\/bo-chuyen-nguon-tu-dong-ats-kawasan-ats-q3-63a-2p-1-pha-63a-220v\/#UU_DIEM_NOI_BAT\" title=\"\u01afU \u0110I\u1ec2M N\u1ed4I B\u1eacT\">\u01afU \u0110I\u1ec2M N\u1ed4I B\u1eacT<\/a><ul class='ez-toc-list-level-3' ><li class='ez-toc-heading-level-3'><ul class='ez-toc-list-level-3' ><li class='ez-toc-heading-level-3'><a class=\"ez-toc-link ez-toc-heading-5\" href=\"https:\/\/kawasan.vn\/en\/product\/bo-chuyen-nguon-tu-dong-ats-kawasan-ats-q3-63a-2p-1-pha-63a-220v\/#%E2%9C%85_Tu_dong_hoan_toan_%E2%80%93_khong_can_thao_tac\" title=\"\u2705 T\u1ef1 \u0111\u1ed9ng ho\u00e0n to\u00e0n \u2013 kh\u00f4ng c\u1ea7n thao t\u00e1c\">\u2705 T\u1ef1 \u0111\u1ed9ng ho\u00e0n to\u00e0n \u2013 kh\u00f4ng c\u1ea7n thao t\u00e1c<\/a><\/li><li class='ez-toc-page-1 ez-toc-heading-level-3'><a class=\"ez-toc-link ez-toc-heading-6\" href=\"https:\/\/kawasan.vn\/en\/product\/bo-chuyen-nguon-tu-dong-ats-kawasan-ats-q3-63a-2p-1-pha-63a-220v\/#%E2%9C%85_Phu_hop_dien_1_pha_220V\" title=\"\u2705 Ph\u00f9 h\u1ee3p \u0111i\u1ec7n 1 pha 220V\">\u2705 Ph\u00f9 h\u1ee3p \u0111i\u1ec7n 1 pha 220V<\/a><\/li><li class='ez-toc-page-1 ez-toc-heading-level-3'><a class=\"ez-toc-link ez-toc-heading-7\" href=\"https:\/\/kawasan.vn\/en\/product\/bo-chuyen-nguon-tu-dong-ats-kawasan-ats-q3-63a-2p-1-pha-63a-220v\/#%E2%9C%85_Dong_tai_63A_%E2%80%93_manh_me\" title=\"\u2705 D\u00f2ng t\u1ea3i 63A \u2013 m\u1ea1nh m\u1ebd\">\u2705 D\u00f2ng t\u1ea3i 63A \u2013 m\u1ea1nh m\u1ebd<\/a><\/li><li class='ez-toc-page-1 ez-toc-heading-level-3'><a class=\"ez-toc-link ez-toc-heading-8\" href=\"https:\/\/kawasan.vn\/en\/product\/bo-chuyen-nguon-tu-dong-ats-kawasan-ats-q3-63a-2p-1-pha-63a-220v\/#%E2%9C%85_An_toan_cao\" title=\"\u2705 An to\u00e0n cao\">\u2705 An to\u00e0n cao<\/a><\/li><li class='ez-toc-page-1 ez-toc-heading-level-3'><a class=\"ez-toc-link ez-toc-heading-9\" href=\"https:\/\/kawasan.vn\/en\/product\/bo-chuyen-nguon-tu-dong-ats-kawasan-ats-q3-63a-2p-1-pha-63a-220v\/#%E2%9C%85_Hoat_dong_on_dinh_%E2%80%93_ben_bi\" title=\"\u2705 Ho\u1ea1t \u0111\u1ed9ng \u1ed5n \u0111\u1ecbnh \u2013 b\u1ec1n b\u1ec9\">\u2705 Ho\u1ea1t \u0111\u1ed9ng \u1ed5n \u0111\u1ecbnh \u2013 b\u1ec1n b\u1ec9<\/a><\/li><\/ul><\/li><\/ul><\/li><li class='ez-toc-page-1 ez-toc-heading-level-1'><a class=\"ez-toc-link ez-toc-heading-10\" href=\"https:\/\/kawasan.vn\/en\/product\/bo-chuyen-nguon-tu-dong-ats-kawasan-ats-q3-63a-2p-1-pha-63a-220v\/#UNG_DUNG_THUC_TE\" title=\"\u1ee8NG D\u1ee4NG TH\u1ef0C T\u1ebe\">\u1ee8NG D\u1ee4NG TH\u1ef0C T\u1ebe<\/a><\/li><\/ul><\/nav><\/div>\n\n<p data-start=\"216\" data-end=\"521\">B\u1ed9 chuy\u1ec3n ngu\u1ed3n t\u1ef1 \u0111\u1ed9ng ATS Kawasan ATS-Q3-63A-2P l\u00e0 thi\u1ebft b\u1ecb gi\u00fap <strong data-start=\"283\" data-end=\"354\">t\u1ef1 \u0111\u1ed9ng chuy\u1ec3n \u0111\u1ed5i gi\u1eefa \u0111i\u1ec7n l\u01b0\u1edbi v\u00e0 ngu\u1ed3n d\u1ef1 ph\u00f2ng (m\u00e1y ph\u00e1t \u0111i\u1ec7n)<\/strong> khi x\u1ea3y ra m\u1ea5t \u0111i\u1ec7n. S\u1ea3n ph\u1ea9m ph\u00f9 h\u1ee3p cho h\u1ec7 th\u1ed1ng \u0111i\u1ec7n <strong data-start=\"411\" data-end=\"425\">1 pha 220V<\/strong>, \u0111\u1ea3m b\u1ea3o ngu\u1ed3n \u0111i\u1ec7n li\u00ean t\u1ee5c, \u1ed5n \u0111\u1ecbnh v\u00e0 an to\u00e0n cho c\u00e1c thi\u1ebft b\u1ecb trong gia \u0111\u00ecnh v\u00e0 c\u00f4ng tr\u00ecnh.<\/p>\n<h1 data-section-id=\"nbjwvg\" data-start=\"528\" data-end=\"550\"><span class=\"ez-toc-section\" id=\"THONG_SO_KY_THUAT\"><\/span>TH\u00d4NG S\u1ed0 K\u1ef8 THU\u1eacT<span class=\"ez-toc-section-end\"><\/span><\/h1>\n<ul data-start=\"552\" data-end=\"936\">\n<li data-section-id=\"yo947m\" data-start=\"552\" data-end=\"580\"><strong data-start=\"554\" data-end=\"564\">Model:<\/strong> ATS-Q3-63A-2P<\/li>\n<li data-section-id=\"bjjdb9\" data-start=\"581\" data-end=\"609\"><strong data-start=\"583\" data-end=\"599\">Th\u01b0\u01a1ng hi\u1ec7u:<\/strong> Kawasan<\/li>\n<li data-section-id=\"qg2mx6\" data-start=\"610\" data-end=\"653\"><strong data-start=\"612\" data-end=\"621\">Lo\u1ea1i:<\/strong> B\u1ed9 chuy\u1ec3n ngu\u1ed3n t\u1ef1 \u0111\u1ed9ng (ATS)<\/li>\n<li data-section-id=\"17j2n8m\" data-start=\"654\" data-end=\"681\"><strong data-start=\"656\" data-end=\"667\">S\u1ed1 c\u1ef1c:<\/strong> 2P (2 Pole)<\/li>\n<li data-section-id=\"au7un7\" data-start=\"682\" data-end=\"713\"><strong data-start=\"684\" data-end=\"707\">D\u00f2ng \u0111i\u1ec7n \u0111\u1ecbnh m\u1ee9c:<\/strong> 63A<\/li>\n<li data-section-id=\"siz02u\" data-start=\"714\" data-end=\"745\"><strong data-start=\"716\" data-end=\"738\">\u0110i\u1ec7n \u00e1p ho\u1ea1t \u0111\u1ed9ng:<\/strong> 220V<\/li>\n<li data-section-id=\"1lcxywj\" data-start=\"746\" data-end=\"769\"><strong data-start=\"748\" data-end=\"759\">T\u1ea7n s\u1ed1:<\/strong> 50\/60Hz<\/li>\n<li data-section-id=\"kjdati\" data-start=\"770\" data-end=\"799\"><strong data-start=\"772\" data-end=\"792\">\u0110i\u1ec7n \u00e1p c\u00e1ch ly:<\/strong> 690V<\/li>\n<li data-section-id=\"1g4un2k\" data-start=\"800\" data-end=\"841\"><strong data-start=\"802\" data-end=\"835\">C\u00f4ng su\u1ea5t ch\u1ecbu t\u1ea3i ng\u1eafn m\u1ea1ch:<\/strong> 9KA<\/li>\n<li data-section-id=\"18jarxl\" data-start=\"842\" data-end=\"876\"><strong data-start=\"844\" data-end=\"869\">C\u00f4ng su\u1ea5t t\u1ea3i t\u1ed1i \u0111a:<\/strong> 100A<\/li>\n<li data-section-id=\"1ggeqb9\" data-start=\"877\" data-end=\"936\"><strong data-start=\"879\" data-end=\"900\">Ch\u1ebf \u0111\u1ed9 ho\u1ea1t \u0111\u1ed9ng:<\/strong> T\u1ef1 \u0111\u1ed9ng chuy\u1ec3n ngu\u1ed3n khi m\u1ea5t \u0111i\u1ec7n<\/li>\n<\/ul>\n<h1 data-section-id=\"1sj8zv2\" data-start=\"943\" data-end=\"967\"><span class=\"ez-toc-section\" id=\"NGUYEN_LY_HOAT_DONG\"><\/span>NGUY\u00caN L\u00dd HO\u1ea0T \u0110\u1ed8NG<span class=\"ez-toc-section-end\"><\/span><\/h1>\n<ul data-start=\"969\" data-end=\"1169\">\n<li data-section-id=\"8sshm8\" data-start=\"969\" data-end=\"1045\">Khi <strong data-start=\"975\" data-end=\"992\">m\u1ea5t \u0111i\u1ec7n l\u01b0\u1edbi<\/strong>, ATS t\u1ef1 \u0111\u1ed9ng chuy\u1ec3n sang ngu\u1ed3n d\u1ef1 ph\u00f2ng (m\u00e1y ph\u00e1t)<\/li>\n<li data-section-id=\"1u83oaw\" data-start=\"1046\" data-end=\"1169\">Khi <strong data-start=\"1052\" data-end=\"1067\">c\u00f3 \u0111i\u1ec7n l\u1ea1i<\/strong>, thi\u1ebft b\u1ecb t\u1ef1 chuy\u1ec3n v\u1ec1 ngu\u1ed3n ch\u00ednh<br data-start=\"1102\" data-end=\"1105\" \/>\ud83d\udc49 \u0110\u1ea3m b\u1ea3o thi\u1ebft b\u1ecb lu\u00f4n \u0111\u01b0\u1ee3c c\u1ea5p \u0111i\u1ec7n li\u00ean t\u1ee5c, kh\u00f4ng gi\u00e1n \u0111o\u1ea1n<\/li>\n<\/ul>\n<h1 data-section-id=\"1ngwo4p\" data-start=\"1176\" data-end=\"1196\"><span class=\"ez-toc-section\" id=\"UU_DIEM_NOI_BAT\"><\/span>\u01afU \u0110I\u1ec2M N\u1ed4I B\u1eacT<span class=\"ez-toc-section-end\"><\/span><\/h1>\n<h3 data-section-id=\"ax0baw\" data-start=\"1198\" data-end=\"1242\"><span class=\"ez-toc-section\" id=\"%E2%9C%85_Tu_dong_hoan_toan_%E2%80%93_khong_can_thao_tac\"><\/span>\u2705 T\u1ef1 \u0111\u1ed9ng ho\u00e0n to\u00e0n \u2013 kh\u00f4ng c\u1ea7n thao t\u00e1c<span class=\"ez-toc-section-end\"><\/span><\/h3>\n<p data-start=\"1243\" data-end=\"1305\">Gi\u00fap v\u1eadn h\u00e0nh h\u1ec7 th\u1ed1ng \u0111i\u1ec7n li\u00ean t\u1ee5c, gi\u1ea3m ph\u1ee5 thu\u1ed9c con ng\u01b0\u1eddi<\/p>\n<h3 data-section-id=\"1xia39i\" data-start=\"1307\" data-end=\"1336\"><span class=\"ez-toc-section\" id=\"%E2%9C%85_Phu_hop_dien_1_pha_220V\"><\/span>\u2705 Ph\u00f9 h\u1ee3p \u0111i\u1ec7n 1 pha 220V<span class=\"ez-toc-section-end\"><\/span><\/h3>\n<p data-start=\"1337\" data-end=\"1379\">D\u00f9ng t\u1ed1t cho gia \u0111\u00ecnh, c\u1eeda h\u00e0ng, v\u0103n ph\u00f2ng<\/p>\n<h3 data-section-id=\"1ep1lnz\" data-start=\"1381\" data-end=\"1409\"><span class=\"ez-toc-section\" id=\"%E2%9C%85_Dong_tai_63A_%E2%80%93_manh_me\"><\/span>\u2705 D\u00f2ng t\u1ea3i 63A \u2013 m\u1ea1nh m\u1ebd<span class=\"ez-toc-section-end\"><\/span><\/h3>\n<p data-start=\"1410\" data-end=\"1464\">\u0110\u00e1p \u1ee9ng \u0111a s\u1ed1 nhu c\u1ea7u \u0111i\u1ec7n d\u00e2n d\u1ee5ng v\u00e0 b\u00e1n c\u00f4ng nghi\u1ec7p<\/p>\n<h3 data-section-id=\"1r4jams\" data-start=\"1466\" data-end=\"1483\"><span class=\"ez-toc-section\" id=\"%E2%9C%85_An_toan_cao\"><\/span>\u2705 An to\u00e0n cao<span class=\"ez-toc-section-end\"><\/span><\/h3>\n<ul data-start=\"1484\" data-end=\"1535\">\n<li data-section-id=\"8fr82k\" data-start=\"1484\" data-end=\"1508\">\u0110i\u1ec7n \u00e1p c\u00e1ch ly 690V<\/li>\n<li data-section-id=\"1le5lb3\" data-start=\"1509\" data-end=\"1535\">Ch\u1ecbu t\u1ea3i ng\u1eafn m\u1ea1ch 9KA<\/li>\n<\/ul>\n<h3 data-section-id=\"1lay5r6\" data-start=\"1537\" data-end=\"1569\"><span class=\"ez-toc-section\" id=\"%E2%9C%85_Hoat_dong_on_dinh_%E2%80%93_ben_bi\"><\/span>\u2705 Ho\u1ea1t \u0111\u1ed9ng \u1ed5n \u0111\u1ecbnh \u2013 b\u1ec1n b\u1ec9<span class=\"ez-toc-section-end\"><\/span><\/h3>\n<p data-start=\"1570\" data-end=\"1605\">Ph\u00f9 h\u1ee3p s\u1eed d\u1ee5ng l\u00e2u d\u00e0i, \u00edt b\u1ea3o tr\u00ec<\/p>\n<hr data-start=\"1607\" data-end=\"1610\" \/>\n<h1 data-section-id=\"qkua9t\" data-start=\"1612\" data-end=\"1633\"><span class=\"ez-toc-section\" id=\"UNG_DUNG_THUC_TE\"><\/span>\u1ee8NG D\u1ee4NG TH\u1ef0C T\u1ebe<span class=\"ez-toc-section-end\"><\/span><\/h1>\n<ul data-start=\"1635\" data-end=\"1761\">\n<li data-section-id=\"1wwhd8o\" data-start=\"1635\" data-end=\"1654\">Nh\u00e0 \u1edf, bi\u1ec7t th\u1ef1<\/li>\n<li data-section-id=\"1dmic18\" data-start=\"1655\" data-end=\"1678\">C\u1eeda h\u00e0ng, qu\u00e1n caf\u00e9<\/li>\n<li data-section-id=\"186fju8\" data-start=\"1679\" data-end=\"1692\">V\u0103n ph\u00f2ng<\/li>\n<li data-section-id=\"5gbwpo\" data-start=\"1693\" data-end=\"1728\">H\u1ec7 th\u1ed1ng m\u00e1y ph\u00e1t \u0111i\u1ec7n d\u1ef1 ph\u00f2ng<\/li>\n<li data-section-id=\"1ufxy5k\" data-start=\"1729\" data-end=\"1761\">Trang tr\u1ea1i nh\u1ecf, h\u1ec7 th\u1ed1ng b\u01a1m<\/li>\n<\/ul>\n<p data-start=\"2255\" data-end=\"2427\"><strong data-start=\"2255\" data-end=\"2278\">MUA CH\u00cdNH H\u00c3NG T\u1ea0I:<\/strong><br data-start=\"2278\" data-end=\"2281\" \/>Hotline ph\u00f2ng kinh doanh (b\u00e1o gi\u00e1 s\u1ec9 \/ \u0111\u1ea1i l\u00fd \/ NPP): 0825 411 408 ho\u1eb7c 0911 757 234<br data-start=\"2365\" data-end=\"2368\" \/>Website ch\u00ednh th\u1ee9c:<br data-start=\"2387\" data-end=\"2390\" \/><a class=\"decorated-link cursor-pointer\" target=\"_new\" rel=\"noopener\" data-start=\"2390\" data-end=\"2408\">www.kawaled.com.vn<\/a><br data-start=\"2408\" data-end=\"2411\" \/><a class=\"decorated-link\" href=\"https:\/\/kawasan.vn\/en\/\" target=\"_new\" rel=\"noopener\" data-start=\"2411\" data-end=\"2425\">www.kawasan.vn<\/a><\/p>","protected":false},"excerpt":{"rendered":"<p>M\u00d4 T\u1ea2 NG\u1eaeN B\u1ed9 chuy\u1ec3n ngu\u1ed3n t\u1ef1 \u0111\u1ed9ng ATS Kawasan ATS-Q3-63A-2P l\u00e0 thi\u1ebft b\u1ecb gi\u00fap t\u1ef1 \u0111\u1ed9ng chuy\u1ec3n \u0111\u1ed5i gi\u1eefa \u0111i\u1ec7n l\u01b0\u1edbi v\u00e0 ngu\u1ed3n d\u1ef1 ph\u00f2ng (m\u00e1y ph\u00e1t \u0111i\u1ec7n) khi x\u1ea3y ra m\u1ea5t \u0111i\u1ec7n. S\u1ea3n ph\u1ea9m ph\u00f9 h\u1ee3p cho h\u1ec7 th\u1ed1ng \u0111i\u1ec7n 1 pha 220V, \u0111\u1ea3m b\u1ea3o ngu\u1ed3n \u0111i\u1ec7n li\u00ean t\u1ee5c, \u1ed5n \u0111\u1ecbnh v\u00e0 an [&hellip;]<\/p>","protected":false},"featured_media":30523,"comment_status":"open","ping_status":"closed","template":"","meta":{"_yoast_wpseo_focuskw":"","_yoast_wpseo_metadesc":"","_yoast_wpseo_focuskeywords":"","_yoast_wpseo_keyword_synonyms":""},"product_cat":[15],"product_tag":[],"class_list":["post-30522","product","type-product","status-publish","has-post-thumbnail","hentry","product_cat-cong-tac-cam-ung-chuyen-dong"],"acf":[],"yoast_head":"<!-- This site is optimized with the Yoast SEO Premium plugin v24.9 (Yoast SEO v24.9) - https:\/\/yoast.com\/wordpress\/plugins\/seo\/ -->\n<title>B\u1ed9 Chuy\u1ec3n Ngu\u1ed3n T\u1ef1 \u0110\u1ed9ng ATS 1 Pha 63A 220V Kawasan ATS-Q3-63A-2P - Kawasan<\/title>\n<meta name=\"robots\" content=\"index, follow, max-snippet:-1, max-image-preview:large, max-video-preview:-1\" \/>\n<link rel=\"canonical\" href=\"https:\/\/kawasan.vn\/en\/product\/bo-chuyen-nguon-tu-dong-ats-kawasan-ats-q3-63a-2p-1-pha-63a-220v\/\" \/>\n<meta property=\"og:locale\" content=\"en_US\" \/>\n<meta property=\"og:type\" content=\"article\" \/>\n<meta property=\"og:title\" content=\"B\u1ed9 Chuy\u1ec3n Ngu\u1ed3n T\u1ef1 \u0110\u1ed9ng ATS 1 Pha 63A 220V Kawasan ATS-Q3-63A-2P\" \/>\n<meta property=\"og:description\" content=\"M\u00d4 T\u1ea2 NG\u1eaeN B\u1ed9 chuy\u1ec3n ngu\u1ed3n t\u1ef1 \u0111\u1ed9ng ATS Kawasan ATS-Q3-63A-2P l\u00e0 thi\u1ebft b\u1ecb gi\u00fap t\u1ef1 \u0111\u1ed9ng chuy\u1ec3n \u0111\u1ed5i gi\u1eefa \u0111i\u1ec7n l\u01b0\u1edbi v\u00e0 ngu\u1ed3n d\u1ef1 ph\u00f2ng (m\u00e1y ph\u00e1t \u0111i\u1ec7n) khi x\u1ea3y ra m\u1ea5t \u0111i\u1ec7n. S\u1ea3n ph\u1ea9m ph\u00f9 h\u1ee3p cho h\u1ec7 th\u1ed1ng \u0111i\u1ec7n 1 pha 220V, \u0111\u1ea3m b\u1ea3o ngu\u1ed3n \u0111i\u1ec7n li\u00ean t\u1ee5c, \u1ed5n \u0111\u1ecbnh v\u00e0 an [&hellip;]\" \/>\n<meta property=\"og:url\" content=\"https:\/\/kawasan.vn\/en\/product\/bo-chuyen-nguon-tu-dong-ats-kawasan-ats-q3-63a-2p-1-pha-63a-220v\/\" \/>\n<meta property=\"og:site_name\" content=\"Kawasan\" \/>\n<meta property=\"article:modified_time\" content=\"2026-04-01T01:36:09+00:00\" \/>\n<meta property=\"og:image\" content=\"https:\/\/kawasan.vn\/wp-content\/uploads\/2026\/03\/1-4.png\" \/>\n\t<meta property=\"og:image:width\" content=\"900\" \/>\n\t<meta property=\"og:image:height\" content=\"900\" \/>\n\t<meta property=\"og:image:type\" content=\"image\/png\" \/>\n<meta name=\"twitter:card\" content=\"summary_large_image\" \/>\n<meta name=\"twitter:label1\" content=\"Est. reading time\" \/>\n\t<meta name=\"twitter:data1\" content=\"2 minutes\" \/>\n<script type=\"application\/ld+json\" class=\"yoast-schema-graph\">{\"@context\":\"https:\/\/schema.org\",\"@graph\":[{\"@type\":\"WebPage\",\"@id\":\"https:\/\/kawasan.vn\/san-pham\/bo-chuyen-nguon-tu-dong-ats-kawasan-ats-q3-63a-2p-1-pha-63a-220v\/\",\"url\":\"https:\/\/kawasan.vn\/san-pham\/bo-chuyen-nguon-tu-dong-ats-kawasan-ats-q3-63a-2p-1-pha-63a-220v\/\",\"name\":\"B\u1ed9 Chuy\u1ec3n Ngu\u1ed3n T\u1ef1 \u0110\u1ed9ng ATS 1 Pha 63A 220V Kawasan ATS-Q3-63A-2P - Kawasan\",\"isPartOf\":{\"@id\":\"https:\/\/kawasan.vn\/#website\"},\"primaryImageOfPage\":{\"@id\":\"https:\/\/kawasan.vn\/san-pham\/bo-chuyen-nguon-tu-dong-ats-kawasan-ats-q3-63a-2p-1-pha-63a-220v\/#primaryimage\"},\"image\":{\"@id\":\"https:\/\/kawasan.vn\/san-pham\/bo-chuyen-nguon-tu-dong-ats-kawasan-ats-q3-63a-2p-1-pha-63a-220v\/#primaryimage\"},\"thumbnailUrl\":\"https:\/\/kawasan.vn\/wp-content\/uploads\/2026\/03\/1-4.png\",\"datePublished\":\"2026-03-21T01:56:48+00:00\",\"dateModified\":\"2026-04-01T01:36:09+00:00\",\"breadcrumb\":{\"@id\":\"https:\/\/kawasan.vn\/san-pham\/bo-chuyen-nguon-tu-dong-ats-kawasan-ats-q3-63a-2p-1-pha-63a-220v\/#breadcrumb\"},\"inLanguage\":\"en-US\",\"potentialAction\":[{\"@type\":\"ReadAction\",\"target\":[\"https:\/\/kawasan.vn\/san-pham\/bo-chuyen-nguon-tu-dong-ats-kawasan-ats-q3-63a-2p-1-pha-63a-220v\/\"]}]},{\"@type\":\"ImageObject\",\"inLanguage\":\"en-US\",\"@id\":\"https:\/\/kawasan.vn\/san-pham\/bo-chuyen-nguon-tu-dong-ats-kawasan-ats-q3-63a-2p-1-pha-63a-220v\/#primaryimage\",\"url\":\"https:\/\/kawasan.vn\/wp-content\/uploads\/2026\/03\/1-4.png\",\"contentUrl\":\"https:\/\/kawasan.vn\/wp-content\/uploads\/2026\/03\/1-4.png\",\"width\":900,\"height\":900},{\"@type\":\"BreadcrumbList\",\"@id\":\"https:\/\/kawasan.vn\/san-pham\/bo-chuyen-nguon-tu-dong-ats-kawasan-ats-q3-63a-2p-1-pha-63a-220v\/#breadcrumb\",\"itemListElement\":[{\"@type\":\"ListItem\",\"position\":1,\"name\":\"Trang ch\u1ee7\",\"item\":\"https:\/\/kawasan.vn\/\"},{\"@type\":\"ListItem\",\"position\":2,\"name\":\"S\u1ea3n ph\u1ea9m\",\"item\":\"https:\/\/kawasan.vn\/san-pham\/\"},{\"@type\":\"ListItem\",\"position\":3,\"name\":\"B\u1ed9 Chuy\u1ec3n Ngu\u1ed3n T\u1ef1 \u0110\u1ed9ng ATS 1 Pha 63A 220V Kawasan ATS-Q3-63A-2P\"}]},{\"@type\":\"WebSite\",\"@id\":\"https:\/\/kawasan.vn\/#website\",\"url\":\"https:\/\/kawasan.vn\/\",\"name\":\"Kawasan\",\"description\":\"\",\"potentialAction\":[{\"@type\":\"SearchAction\",\"target\":{\"@type\":\"EntryPoint\",\"urlTemplate\":\"https:\/\/kawasan.vn\/?s={search_term_string}\"},\"query-input\":{\"@type\":\"PropertyValueSpecification\",\"valueRequired\":true,\"valueName\":\"search_term_string\"}}],\"inLanguage\":\"en-US\"}]}<\/script>\n<!-- \/ Yoast SEO Premium plugin. -->","yoast_head_json":{"title":"B\u1ed9 Chuy\u1ec3n Ngu\u1ed3n T\u1ef1 \u0110\u1ed9ng ATS 1 Pha 63A 220V Kawasan ATS-Q3-63A-2P - Kawasan","robots":{"index":"index","follow":"follow","max-snippet":"max-snippet:-1","max-image-preview":"max-image-preview:large","max-video-preview":"max-video-preview:-1"},"canonical":"https:\/\/kawasan.vn\/en\/product\/bo-chuyen-nguon-tu-dong-ats-kawasan-ats-q3-63a-2p-1-pha-63a-220v\/","og_locale":"en_US","og_type":"article","og_title":"B\u1ed9 Chuy\u1ec3n Ngu\u1ed3n T\u1ef1 \u0110\u1ed9ng ATS 1 Pha 63A 220V Kawasan ATS-Q3-63A-2P","og_description":"M\u00d4 T\u1ea2 NG\u1eaeN B\u1ed9 chuy\u1ec3n ngu\u1ed3n t\u1ef1 \u0111\u1ed9ng ATS Kawasan ATS-Q3-63A-2P l\u00e0 thi\u1ebft b\u1ecb gi\u00fap t\u1ef1 \u0111\u1ed9ng chuy\u1ec3n \u0111\u1ed5i gi\u1eefa \u0111i\u1ec7n l\u01b0\u1edbi v\u00e0 ngu\u1ed3n d\u1ef1 ph\u00f2ng (m\u00e1y ph\u00e1t \u0111i\u1ec7n) khi x\u1ea3y ra m\u1ea5t \u0111i\u1ec7n. S\u1ea3n ph\u1ea9m ph\u00f9 h\u1ee3p cho h\u1ec7 th\u1ed1ng \u0111i\u1ec7n 1 pha 220V, \u0111\u1ea3m b\u1ea3o ngu\u1ed3n \u0111i\u1ec7n li\u00ean t\u1ee5c, \u1ed5n \u0111\u1ecbnh v\u00e0 an [&hellip;]","og_url":"https:\/\/kawasan.vn\/en\/product\/bo-chuyen-nguon-tu-dong-ats-kawasan-ats-q3-63a-2p-1-pha-63a-220v\/","og_site_name":"Kawasan","article_modified_time":"2026-04-01T01:36:09+00:00","og_image":[{"width":900,"height":900,"url":"https:\/\/kawasan.vn\/wp-content\/uploads\/2026\/03\/1-4.png","type":"image\/png"}],"twitter_card":"summary_large_image","twitter_misc":{"Est. reading time":"2 minutes"},"schema":{"@context":"https:\/\/schema.org","@graph":[{"@type":"WebPage","@id":"https:\/\/kawasan.vn\/san-pham\/bo-chuyen-nguon-tu-dong-ats-kawasan-ats-q3-63a-2p-1-pha-63a-220v\/","url":"https:\/\/kawasan.vn\/san-pham\/bo-chuyen-nguon-tu-dong-ats-kawasan-ats-q3-63a-2p-1-pha-63a-220v\/","name":"B\u1ed9 Chuy\u1ec3n Ngu\u1ed3n T\u1ef1 \u0110\u1ed9ng ATS 1 Pha 63A 220V Kawasan ATS-Q3-63A-2P - Kawasan","isPartOf":{"@id":"https:\/\/kawasan.vn\/#website"},"primaryImageOfPage":{"@id":"https:\/\/kawasan.vn\/san-pham\/bo-chuyen-nguon-tu-dong-ats-kawasan-ats-q3-63a-2p-1-pha-63a-220v\/#primaryimage"},"image":{"@id":"https:\/\/kawasan.vn\/san-pham\/bo-chuyen-nguon-tu-dong-ats-kawasan-ats-q3-63a-2p-1-pha-63a-220v\/#primaryimage"},"thumbnailUrl":"https:\/\/kawasan.vn\/wp-content\/uploads\/2026\/03\/1-4.png","datePublished":"2026-03-21T01:56:48+00:00","dateModified":"2026-04-01T01:36:09+00:00","breadcrumb":{"@id":"https:\/\/kawasan.vn\/san-pham\/bo-chuyen-nguon-tu-dong-ats-kawasan-ats-q3-63a-2p-1-pha-63a-220v\/#breadcrumb"},"inLanguage":"en-US","potentialAction":[{"@type":"ReadAction","target":["https:\/\/kawasan.vn\/san-pham\/bo-chuyen-nguon-tu-dong-ats-kawasan-ats-q3-63a-2p-1-pha-63a-220v\/"]}]},{"@type":"ImageObject","inLanguage":"en-US","@id":"https:\/\/kawasan.vn\/san-pham\/bo-chuyen-nguon-tu-dong-ats-kawasan-ats-q3-63a-2p-1-pha-63a-220v\/#primaryimage","url":"https:\/\/kawasan.vn\/wp-content\/uploads\/2026\/03\/1-4.png","contentUrl":"https:\/\/kawasan.vn\/wp-content\/uploads\/2026\/03\/1-4.png","width":900,"height":900},{"@type":"BreadcrumbList","@id":"https:\/\/kawasan.vn\/san-pham\/bo-chuyen-nguon-tu-dong-ats-kawasan-ats-q3-63a-2p-1-pha-63a-220v\/#breadcrumb","itemListElement":[{"@type":"ListItem","position":1,"name":"Trang ch\u1ee7","item":"https:\/\/kawasan.vn\/"},{"@type":"ListItem","position":2,"name":"S\u1ea3n ph\u1ea9m","item":"https:\/\/kawasan.vn\/san-pham\/"},{"@type":"ListItem","position":3,"name":"B\u1ed9 Chuy\u1ec3n Ngu\u1ed3n T\u1ef1 \u0110\u1ed9ng ATS 1 Pha 63A 220V Kawasan ATS-Q3-63A-2P"}]},{"@type":"WebSite","@id":"https:\/\/kawasan.vn\/#website","url":"https:\/\/kawasan.vn\/","name":"Kawasan","description":"","potentialAction":[{"@type":"SearchAction","target":{"@type":"EntryPoint","urlTemplate":"https:\/\/kawasan.vn\/?s={search_term_string}"},"query-input":{"@type":"PropertyValueSpecification","valueRequired":true,"valueName":"search_term_string"}}],"inLanguage":"en-US"}]}},"_links":{"self":[{"href":"https:\/\/kawasan.vn\/en\/wp-json\/wp\/v2\/product\/30522","targetHints":{"allow":["GET"]}}],"collection":[{"href":"https:\/\/kawasan.vn\/en\/wp-json\/wp\/v2\/product"}],"about":[{"href":"https:\/\/kawasan.vn\/en\/wp-json\/wp\/v2\/types\/product"}],"replies":[{"embeddable":true,"href":"https:\/\/kawasan.vn\/en\/wp-json\/wp\/v2\/comments?post=30522"}],"version-history":[{"count":4,"href":"https:\/\/kawasan.vn\/en\/wp-json\/wp\/v2\/product\/30522\/revisions"}],"predecessor-version":[{"id":30529,"href":"https:\/\/kawasan.vn\/en\/wp-json\/wp\/v2\/product\/30522\/revisions\/30529"}],"wp:featuredmedia":[{"embeddable":true,"href":"https:\/\/kawasan.vn\/en\/wp-json\/wp\/v2\/media\/30523"}],"wp:attachment":[{"href":"https:\/\/kawasan.vn\/en\/wp-json\/wp\/v2\/media?parent=30522"}],"wp:term":[{"taxonomy":"product_cat","embeddable":true,"href":"https:\/\/kawasan.vn\/en\/wp-json\/wp\/v2\/product_cat?post=30522"},{"taxonomy":"product_tag","embeddable":true,"href":"https:\/\/kawasan.vn\/en\/wp-json\/wp\/v2\/product_tag?post=30522"}],"curies":[{"name":"wp","href":"https:\/\/api.w.org\/{rel}","templated":true}]}}