{"id":30496,"date":"2026-03-18T15:37:10","date_gmt":"2026-03-18T08:37:10","guid":{"rendered":"https:\/\/kawasan.vn\/?post_type=product&#038;p=30496"},"modified":"2026-04-01T08:35:51","modified_gmt":"2026-04-01T01:35:51","slug":"bo-chuyen-nguon-tu-dong-ats-1-pha-3-pha-125a-220-380v-kawasan-ats-q3-125a-4p","status":"publish","type":"product","link":"https:\/\/kawasan.vn\/en\/product\/bo-chuyen-nguon-tu-dong-ats-1-pha-3-pha-125a-220-380v-kawasan-ats-q3-125a-4p\/","title":{"rendered":"B\u1ed9 Chuy\u1ec3n Ngu\u1ed3n T\u1ef1 \u0110\u1ed9ng ATS  1 Pha \/ 3 Pha 125A 220\/380V Kawasan ATS-Q3-125A-4P"},"content":{"rendered":"<h1 data-section-id=\"1whuadm\" data-start=\"211\" data-end=\"226\"><span class=\"ez-toc-section\" id=\"MO_TA_NGAN\"><\/span>M\u00d4 T\u1ea2 NG\u1eaeN<span class=\"ez-toc-section-end\"><\/span><\/h1><div id=\"ez-toc-container\" class=\"ez-toc-v2_0_69_1 counter-hierarchy ez-toc-counter ez-toc-grey ez-toc-container-direction\">\n<div class=\"ez-toc-title-container\">\n<p class=\"ez-toc-title\" >N\u1ed9i Dung B&agrave;i Vi\u1ebft<\/p>\n<span class=\"ez-toc-title-toggle\"><a href=\"#\" class=\"ez-toc-pull-right ez-toc-btn ez-toc-btn-xs ez-toc-btn-default ez-toc-toggle\" aria-label=\"Toggle Table of Content\"><span class=\"ez-toc-js-icon-con\"><span class=\"\"><span class=\"eztoc-hide\" style=\"display:none;\">Toggle<\/span><span class=\"ez-toc-icon-toggle-span\"><svg style=\"fill: #999;color:#999\" xmlns=\"http:\/\/www.w3.org\/2000\/svg\" class=\"list-377408\" width=\"20px\" height=\"20px\" viewbox=\"0 0 24 24\" fill=\"none\"><path d=\"M6 6H4v2h2V6zm14 0H8v2h12V6zM4 11h2v2H4v-2zm16 0H8v2h12v-2zM4 16h2v2H4v-2zm16 0H8v2h12v-2z\" fill=\"currentColor\"><\/path><\/svg><svg style=\"fill: #999;color:#999\" class=\"arrow-unsorted-368013\" xmlns=\"http:\/\/www.w3.org\/2000\/svg\" width=\"10px\" height=\"10px\" viewbox=\"0 0 24 24\" version=\"1.2\" baseprofile=\"tiny\"><path d=\"M18.2 9.3l-6.2-6.3-6.2 6.3c-.2.2-.3.4-.3.7s.1.5.3.7c.2.2.4.3.7.3h11c.3 0 .5-.1.7-.3.2-.2.3-.5.3-.7s-.1-.5-.3-.7zM5.8 14.7l6.2 6.3 6.2-6.3c.2-.2.3-.5.3-.7s-.1-.5-.3-.7c-.2-.2-.4-.3-.7-.3h-11c-.3 0-.5.1-.7.3-.2.2-.3.5-.3.7s.1.5.3.7z\"\/><\/svg><\/span><\/span><\/span><\/a><\/span><\/div>\n<nav><ul class='ez-toc-list ez-toc-list-level-1 eztoc-toggle-hide-by-default' ><li class='ez-toc-page-1 ez-toc-heading-level-1'><a class=\"ez-toc-link ez-toc-heading-1\" href=\"https:\/\/kawasan.vn\/en\/product\/bo-chuyen-nguon-tu-dong-ats-1-pha-3-pha-125a-220-380v-kawasan-ats-q3-125a-4p\/#MO_TA_NGAN\" title=\"M\u00d4 T\u1ea2 NG\u1eaeN\">M\u00d4 T\u1ea2 NG\u1eaeN<\/a><\/li><li class='ez-toc-page-1 ez-toc-heading-level-1'><a class=\"ez-toc-link ez-toc-heading-2\" href=\"https:\/\/kawasan.vn\/en\/product\/bo-chuyen-nguon-tu-dong-ats-1-pha-3-pha-125a-220-380v-kawasan-ats-q3-125a-4p\/#THONG_SO_KY_THUAT\" title=\"TH\u00d4NG S\u1ed0 K\u1ef8 THU\u1eacT\">TH\u00d4NG S\u1ed0 K\u1ef8 THU\u1eacT<\/a><\/li><li class='ez-toc-page-1 ez-toc-heading-level-1'><a class=\"ez-toc-link ez-toc-heading-3\" href=\"https:\/\/kawasan.vn\/en\/product\/bo-chuyen-nguon-tu-dong-ats-1-pha-3-pha-125a-220-380v-kawasan-ats-q3-125a-4p\/#NGUYEN_LY_HOAT_DONG\" title=\"NGUY\u00caN L\u00dd HO\u1ea0T \u0110\u1ed8NG\">NGUY\u00caN L\u00dd HO\u1ea0T \u0110\u1ed8NG<\/a><\/li><li class='ez-toc-page-1 ez-toc-heading-level-1'><a class=\"ez-toc-link ez-toc-heading-4\" href=\"https:\/\/kawasan.vn\/en\/product\/bo-chuyen-nguon-tu-dong-ats-1-pha-3-pha-125a-220-380v-kawasan-ats-q3-125a-4p\/#UU_DIEM_NOI_BAT\" title=\"\u01afU \u0110I\u1ec2M N\u1ed4I B\u1eacT\">\u01afU \u0110I\u1ec2M N\u1ed4I B\u1eacT<\/a><ul class='ez-toc-list-level-3' ><li class='ez-toc-heading-level-3'><ul class='ez-toc-list-level-3' ><li class='ez-toc-heading-level-3'><a class=\"ez-toc-link ez-toc-heading-5\" href=\"https:\/\/kawasan.vn\/en\/product\/bo-chuyen-nguon-tu-dong-ats-1-pha-3-pha-125a-220-380v-kawasan-ats-q3-125a-4p\/#%E2%9C%85_Tu_dong_hoan_toan_%E2%80%93_khong_can_thao_tac_tay\" title=\"\u2705 T\u1ef1 \u0111\u1ed9ng ho\u00e0n to\u00e0n \u2013 kh\u00f4ng c\u1ea7n thao t\u00e1c tay\">\u2705 T\u1ef1 \u0111\u1ed9ng ho\u00e0n to\u00e0n \u2013 kh\u00f4ng c\u1ea7n thao t\u00e1c tay<\/a><\/li><li class='ez-toc-page-1 ez-toc-heading-level-3'><a class=\"ez-toc-link ez-toc-heading-6\" href=\"https:\/\/kawasan.vn\/en\/product\/bo-chuyen-nguon-tu-dong-ats-1-pha-3-pha-125a-220-380v-kawasan-ats-q3-125a-4p\/#%E2%9C%85_Ho_tro_ca_1_pha_3_pha\" title=\"\u2705 H\u1ed7 tr\u1ee3 c\u1ea3 1 pha &amp; 3 pha\">\u2705 H\u1ed7 tr\u1ee3 c\u1ea3 1 pha &amp; 3 pha<\/a><\/li><li class='ez-toc-page-1 ez-toc-heading-level-3'><a class=\"ez-toc-link ez-toc-heading-7\" href=\"https:\/\/kawasan.vn\/en\/product\/bo-chuyen-nguon-tu-dong-ats-1-pha-3-pha-125a-220-380v-kawasan-ats-q3-125a-4p\/#%E2%9C%85_Dong_tai_lon_125A\" title=\"\u2705 D\u00f2ng t\u1ea3i l\u1edbn 125A\">\u2705 D\u00f2ng t\u1ea3i l\u1edbn 125A<\/a><\/li><li class='ez-toc-page-1 ez-toc-heading-level-3'><a class=\"ez-toc-link ez-toc-heading-8\" href=\"https:\/\/kawasan.vn\/en\/product\/bo-chuyen-nguon-tu-dong-ats-1-pha-3-pha-125a-220-380v-kawasan-ats-q3-125a-4p\/#%E2%9C%85_Do_an_toan_cao\" title=\"\u2705 \u0110\u1ed9 an to\u00e0n cao\">\u2705 \u0110\u1ed9 an to\u00e0n cao<\/a><\/li><li class='ez-toc-page-1 ez-toc-heading-level-3'><a class=\"ez-toc-link ez-toc-heading-9\" href=\"https:\/\/kawasan.vn\/en\/product\/bo-chuyen-nguon-tu-dong-ats-1-pha-3-pha-125a-220-380v-kawasan-ats-q3-125a-4p\/#%E2%9C%85_Hoat_dong_on_dinh_%E2%80%93_ben_bi\" title=\"\u2705 Ho\u1ea1t \u0111\u1ed9ng \u1ed5n \u0111\u1ecbnh \u2013 b\u1ec1n b\u1ec9\">\u2705 Ho\u1ea1t \u0111\u1ed9ng \u1ed5n \u0111\u1ecbnh \u2013 b\u1ec1n b\u1ec9<\/a><\/li><\/ul><\/li><\/ul><\/li><li class='ez-toc-page-1 ez-toc-heading-level-1'><a class=\"ez-toc-link ez-toc-heading-10\" href=\"https:\/\/kawasan.vn\/en\/product\/bo-chuyen-nguon-tu-dong-ats-1-pha-3-pha-125a-220-380v-kawasan-ats-q3-125a-4p\/#UNG_DUNG_THUC_TE\" title=\"\u1ee8NG D\u1ee4NG TH\u1ef0C T\u1ebe\">\u1ee8NG D\u1ee4NG TH\u1ef0C T\u1ebe<\/a><\/li><\/ul><\/nav><\/div>\n\n<p data-start=\"228\" data-end=\"519\">B\u1ed9 chuy\u1ec3n ngu\u1ed3n t\u1ef1 \u0111\u1ed9ng ATS Kawasan ATS-Q3-125A-4P l\u00e0 thi\u1ebft b\u1ecb d\u00f9ng \u0111\u1ec3 <strong data-start=\"299\" data-end=\"371\">t\u1ef1 \u0111\u1ed9ng chuy\u1ec3n \u0111\u1ed5i gi\u1eefa ngu\u1ed3n \u0111i\u1ec7n l\u01b0\u1edbi v\u00e0 ngu\u1ed3n d\u1ef1 ph\u00f2ng (m\u00e1y ph\u00e1t)<\/strong> khi x\u1ea3y ra m\u1ea5t \u0111i\u1ec7n. S\u1ea3n ph\u1ea9m ph\u00f9 h\u1ee3p cho h\u1ec7 th\u1ed1ng \u0111i\u1ec7n <strong data-start=\"428\" data-end=\"446\">1 pha v\u00e0 3 pha<\/strong>, gi\u00fap \u0111\u1ea3m b\u1ea3o ngu\u1ed3n \u0111i\u1ec7n lu\u00f4n \u1ed5n \u0111\u1ecbnh, li\u00ean t\u1ee5c v\u00e0 an to\u00e0n cho thi\u1ebft b\u1ecb.<\/p>\n<h1 data-section-id=\"nbjwvg\" data-start=\"526\" data-end=\"548\"><span class=\"ez-toc-section\" id=\"THONG_SO_KY_THUAT\"><\/span>TH\u00d4NG S\u1ed0 K\u1ef8 THU\u1eacT<span class=\"ez-toc-section-end\"><\/span><\/h1>\n<ul data-start=\"550\" data-end=\"965\">\n<li data-section-id=\"zblbt3\" data-start=\"550\" data-end=\"579\"><strong data-start=\"552\" data-end=\"562\">Model:<\/strong> ATS-Q3-125A-4P<\/li>\n<li data-section-id=\"bjjdb9\" data-start=\"580\" data-end=\"608\"><strong data-start=\"582\" data-end=\"598\">Th\u01b0\u01a1ng hi\u1ec7u:<\/strong> Kawasan<\/li>\n<li data-section-id=\"pfklvh\" data-start=\"609\" data-end=\"661\"><strong data-start=\"611\" data-end=\"629\">Lo\u1ea1i thi\u1ebft b\u1ecb:<\/strong> B\u1ed9 chuy\u1ec3n ngu\u1ed3n t\u1ef1 \u0111\u1ed9ng (ATS)<\/li>\n<li data-section-id=\"1kp2c2u\" data-start=\"662\" data-end=\"689\"><strong data-start=\"664\" data-end=\"675\">S\u1ed1 c\u1ef1c:<\/strong> 4P (4 Pole)<\/li>\n<li data-section-id=\"4gf4y8\" data-start=\"690\" data-end=\"722\"><strong data-start=\"692\" data-end=\"715\">D\u00f2ng \u0111i\u1ec7n \u0111\u1ecbnh m\u1ee9c:<\/strong> 125A<\/li>\n<li data-section-id=\"5eq7fo\" data-start=\"723\" data-end=\"761\"><strong data-start=\"725\" data-end=\"747\">\u0110i\u1ec7n \u00e1p ho\u1ea1t \u0111\u1ed9ng:<\/strong> 220V \/ 380V<\/li>\n<li data-section-id=\"1lcxywj\" data-start=\"762\" data-end=\"785\"><strong data-start=\"764\" data-end=\"775\">T\u1ea7n s\u1ed1:<\/strong> 50\/60Hz<\/li>\n<li data-section-id=\"kjdati\" data-start=\"786\" data-end=\"815\"><strong data-start=\"788\" data-end=\"808\">\u0110i\u1ec7n \u00e1p c\u00e1ch ly:<\/strong> 690V<\/li>\n<li data-section-id=\"rbkvq2\" data-start=\"816\" data-end=\"859\"><strong data-start=\"818\" data-end=\"851\">C\u00f4ng su\u1ea5t ch\u1ecbu t\u1ea3i ng\u1eafn m\u1ea1ch:<\/strong> 4.5KA<\/li>\n<li data-section-id=\"1ggeqb9\" data-start=\"860\" data-end=\"919\"><strong data-start=\"862\" data-end=\"883\">Ch\u1ebf \u0111\u1ed9 ho\u1ea1t \u0111\u1ed9ng:<\/strong> T\u1ef1 \u0111\u1ed9ng chuy\u1ec3n ngu\u1ed3n khi m\u1ea5t \u0111i\u1ec7n<\/li>\n<li data-section-id=\"gi3le4\" data-start=\"920\" data-end=\"965\"><strong data-start=\"922\" data-end=\"935\">\u1ee8ng d\u1ee5ng:<\/strong> \u0110i\u1ec7n d\u00e2n d\u1ee5ng &amp; c\u00f4ng nghi\u1ec7p<\/li>\n<\/ul>\n<h1 data-section-id=\"1sj8zv2\" data-start=\"972\" data-end=\"996\"><span class=\"ez-toc-section\" id=\"NGUYEN_LY_HOAT_DONG\"><\/span>NGUY\u00caN L\u00dd HO\u1ea0T \u0110\u1ed8NG<span class=\"ez-toc-section-end\"><\/span><\/h1>\n<ul data-start=\"998\" data-end=\"1197\">\n<li data-section-id=\"1excwm6\" data-start=\"998\" data-end=\"1077\">Khi <strong data-start=\"1004\" data-end=\"1021\">m\u1ea5t \u0111i\u1ec7n l\u01b0\u1edbi<\/strong>, ATS s\u1ebd t\u1ef1 \u0111\u1ed9ng chuy\u1ec3n sang ngu\u1ed3n d\u1ef1 ph\u00f2ng (m\u00e1y ph\u00e1t)<\/li>\n<li data-section-id=\"1xb7x30\" data-start=\"1078\" data-end=\"1197\">Khi <strong data-start=\"1084\" data-end=\"1099\">c\u00f3 \u0111i\u1ec7n l\u1ea1i<\/strong>, h\u1ec7 th\u1ed1ng s\u1ebd t\u1ef1 \u0111\u1ed9ng chuy\u1ec3n v\u1ec1 ngu\u1ed3n ch\u00ednh<br data-start=\"1142\" data-end=\"1145\" \/>\ud83d\udc49 Gi\u00fap \u0111\u1ea3m b\u1ea3o ngu\u1ed3n \u0111i\u1ec7n li\u00ean t\u1ee5c, kh\u00f4ng gi\u00e1n \u0111o\u1ea1n<\/li>\n<\/ul>\n<h1 data-section-id=\"1ngwo4p\" data-start=\"1204\" data-end=\"1224\"><span class=\"ez-toc-section\" id=\"UU_DIEM_NOI_BAT\"><\/span>\u01afU \u0110I\u1ec2M N\u1ed4I B\u1eacT<span class=\"ez-toc-section-end\"><\/span><\/h1>\n<h3 data-section-id=\"1a6g3mc\" data-start=\"1226\" data-end=\"1276\"><span class=\"ez-toc-section\" id=\"%E2%9C%85_Tu_dong_hoan_toan_%E2%80%93_khong_can_thao_tac_tay\"><\/span>\u2705 T\u1ef1 \u0111\u1ed9ng ho\u00e0n to\u00e0n \u2013 kh\u00f4ng c\u1ea7n thao t\u00e1c tay<span class=\"ez-toc-section-end\"><\/span><\/h3>\n<p data-start=\"1277\" data-end=\"1360\">Gi\u00fap h\u1ec7 th\u1ed1ng v\u1eadn h\u00e0nh li\u00ean t\u1ee5c, \u0111\u1eb7c bi\u1ec7t quan tr\u1ecdng v\u1edbi nh\u00e0 x\u01b0\u1edfng, server, m\u00e1y m\u00f3c<\/p>\n<h3 data-section-id=\"1785np9\" data-start=\"1362\" data-end=\"1393\"><span class=\"ez-toc-section\" id=\"%E2%9C%85_Ho_tro_ca_1_pha_3_pha\"><\/span>\u2705 H\u1ed7 tr\u1ee3 c\u1ea3 1 pha &amp; 3 pha<span class=\"ez-toc-section-end\"><\/span><\/h3>\n<p data-start=\"1394\" data-end=\"1429\">Linh ho\u1ea1t cho nhi\u1ec1u lo\u1ea1i c\u00f4ng tr\u00ecnh<\/p>\n<h3 data-section-id=\"a68ey4\" data-start=\"1431\" data-end=\"1456\"><span class=\"ez-toc-section\" id=\"%E2%9C%85_Dong_tai_lon_125A\"><\/span>\u2705 D\u00f2ng t\u1ea3i l\u1edbn 125A<span class=\"ez-toc-section-end\"><\/span><\/h3>\n<p data-start=\"1457\" data-end=\"1496\">Ph\u00f9 h\u1ee3p cho h\u1ec7 th\u1ed1ng \u0111i\u1ec7n c\u00f4ng su\u1ea5t cao<\/p>\n<h3 data-section-id=\"18z09od\" data-start=\"1498\" data-end=\"1520\"><span class=\"ez-toc-section\" id=\"%E2%9C%85_Do_an_toan_cao\"><\/span>\u2705 \u0110\u1ed9 an to\u00e0n cao<span class=\"ez-toc-section-end\"><\/span><\/h3>\n<ul data-start=\"1521\" data-end=\"1574\">\n<li data-section-id=\"8fr82k\" data-start=\"1521\" data-end=\"1545\">\u0110i\u1ec7n \u00e1p c\u00e1ch ly 690V<\/li>\n<li data-section-id=\"243c95\" data-start=\"1546\" data-end=\"1574\">Ch\u1ecbu t\u1ea3i ng\u1eafn m\u1ea1ch 4.5KA<\/li>\n<\/ul>\n<h3 data-section-id=\"132fvoi\" data-start=\"1576\" data-end=\"1610\"><span class=\"ez-toc-section\" id=\"%E2%9C%85_Hoat_dong_on_dinh_%E2%80%93_ben_bi\"><\/span>\u2705 Ho\u1ea1t \u0111\u1ed9ng \u1ed5n \u0111\u1ecbnh \u2013 b\u1ec1n b\u1ec9<span class=\"ez-toc-section-end\"><\/span><\/h3>\n<p data-start=\"1611\" data-end=\"1663\">Ph\u00f9 h\u1ee3p s\u1eed d\u1ee5ng l\u00e2u d\u00e0i trong m\u00f4i tr\u01b0\u1eddng c\u00f4ng nghi\u1ec7p<\/p>\n<h1 data-section-id=\"qkua9t\" data-start=\"1670\" data-end=\"1691\"><span class=\"ez-toc-section\" id=\"UNG_DUNG_THUC_TE\"><\/span>\u1ee8NG D\u1ee4NG TH\u1ef0C T\u1ebe<span class=\"ez-toc-section-end\"><\/span><\/h1>\n<ul data-start=\"1693\" data-end=\"1854\">\n<li data-section-id=\"1vh9d1k\" data-start=\"1693\" data-end=\"1720\">Nh\u00e0 x\u01b0\u1edfng, khu s\u1ea3n xu\u1ea5t<\/li>\n<li data-section-id=\"y1e8xg\" data-start=\"1721\" data-end=\"1753\">Trang tr\u1ea1i, h\u1ec7 th\u1ed1ng m\u00e1y b\u01a1m<\/li>\n<li data-section-id=\"lial80\" data-start=\"1754\" data-end=\"1776\">T\u00f2a nh\u00e0, kh\u00e1ch s\u1ea1n<\/li>\n<li data-section-id=\"12cuvtc\" data-start=\"1777\" data-end=\"1821\">H\u1ec7 th\u1ed1ng \u0111i\u1ec7n n\u0103ng l\u01b0\u1ee3ng m\u1eb7t tr\u1eddi hybrid<\/li>\n<li data-section-id=\"1vxk23l\" data-start=\"1822\" data-end=\"1854\">V\u0103n ph\u00f2ng, trung t\u00e2m d\u1eef li\u1ec7u<\/li>\n<\/ul>\n<p data-start=\"2351\" data-end=\"2523\"><strong data-start=\"2351\" data-end=\"2374\">MUA CH\u00cdNH H\u00c3NG T\u1ea0I:<\/strong><br data-start=\"2374\" data-end=\"2377\" \/>Hotline ph\u00f2ng kinh doanh (b\u00e1o gi\u00e1 s\u1ec9 \/ \u0111\u1ea1i l\u00fd \/ NPP): 0825 411 408 ho\u1eb7c 0911 757 234<br data-start=\"2461\" data-end=\"2464\" \/>Website ch\u00ednh th\u1ee9c:<br data-start=\"2483\" data-end=\"2486\" \/><a class=\"decorated-link cursor-pointer\" target=\"_new\" rel=\"noopener\" data-start=\"2486\" data-end=\"2504\">www.kawaled.com.vn<\/a><br data-start=\"2504\" data-end=\"2507\" \/><a class=\"decorated-link\" href=\"https:\/\/kawasan.vn\/en\/\" target=\"_new\" rel=\"noopener\" data-start=\"2507\" data-end=\"2521\">www.kawasan.vn<\/a><\/p>","protected":false},"excerpt":{"rendered":"<p>M\u00d4 T\u1ea2 NG\u1eaeN B\u1ed9 chuy\u1ec3n ngu\u1ed3n t\u1ef1 \u0111\u1ed9ng ATS Kawasan ATS-Q3-125A-4P l\u00e0 thi\u1ebft b\u1ecb d\u00f9ng \u0111\u1ec3 t\u1ef1 \u0111\u1ed9ng chuy\u1ec3n \u0111\u1ed5i gi\u1eefa ngu\u1ed3n \u0111i\u1ec7n l\u01b0\u1edbi v\u00e0 ngu\u1ed3n d\u1ef1 ph\u00f2ng (m\u00e1y ph\u00e1t) khi x\u1ea3y ra m\u1ea5t \u0111i\u1ec7n. S\u1ea3n ph\u1ea9m ph\u00f9 h\u1ee3p cho h\u1ec7 th\u1ed1ng \u0111i\u1ec7n 1 pha v\u00e0 3 pha, gi\u00fap \u0111\u1ea3m b\u1ea3o ngu\u1ed3n \u0111i\u1ec7n lu\u00f4n \u1ed5n [&hellip;]<\/p>","protected":false},"featured_media":30497,"comment_status":"open","ping_status":"closed","template":"","meta":{"_yoast_wpseo_focuskw":"","_yoast_wpseo_metadesc":"","_yoast_wpseo_focuskeywords":"","_yoast_wpseo_keyword_synonyms":""},"product_cat":[15],"product_tag":[],"class_list":["post-30496","product","type-product","status-publish","has-post-thumbnail","hentry","product_cat-cong-tac-cam-ung-chuyen-dong"],"acf":[],"yoast_head":"<!-- This site is optimized with the Yoast SEO Premium plugin v24.9 (Yoast SEO v24.9) - https:\/\/yoast.com\/wordpress\/plugins\/seo\/ -->\n<title>B\u1ed9 Chuy\u1ec3n Ngu\u1ed3n T\u1ef1 \u0110\u1ed9ng ATS 1 Pha \/ 3 Pha 125A 220\/380V Kawasan ATS-Q3-125A-4P - Kawasan<\/title>\n<meta name=\"robots\" content=\"index, follow, max-snippet:-1, max-image-preview:large, max-video-preview:-1\" \/>\n<link rel=\"canonical\" href=\"https:\/\/kawasan.vn\/en\/product\/bo-chuyen-nguon-tu-dong-ats-1-pha-3-pha-125a-220-380v-kawasan-ats-q3-125a-4p\/\" \/>\n<meta property=\"og:locale\" content=\"en_US\" \/>\n<meta property=\"og:type\" content=\"article\" \/>\n<meta property=\"og:title\" content=\"B\u1ed9 Chuy\u1ec3n Ngu\u1ed3n T\u1ef1 \u0110\u1ed9ng ATS 1 Pha \/ 3 Pha 125A 220\/380V Kawasan ATS-Q3-125A-4P\" \/>\n<meta property=\"og:description\" content=\"M\u00d4 T\u1ea2 NG\u1eaeN B\u1ed9 chuy\u1ec3n ngu\u1ed3n t\u1ef1 \u0111\u1ed9ng ATS Kawasan ATS-Q3-125A-4P l\u00e0 thi\u1ebft b\u1ecb d\u00f9ng \u0111\u1ec3 t\u1ef1 \u0111\u1ed9ng chuy\u1ec3n \u0111\u1ed5i gi\u1eefa ngu\u1ed3n \u0111i\u1ec7n l\u01b0\u1edbi v\u00e0 ngu\u1ed3n d\u1ef1 ph\u00f2ng (m\u00e1y ph\u00e1t) khi x\u1ea3y ra m\u1ea5t \u0111i\u1ec7n. S\u1ea3n ph\u1ea9m ph\u00f9 h\u1ee3p cho h\u1ec7 th\u1ed1ng \u0111i\u1ec7n 1 pha v\u00e0 3 pha, gi\u00fap \u0111\u1ea3m b\u1ea3o ngu\u1ed3n \u0111i\u1ec7n lu\u00f4n \u1ed5n [&hellip;]\" \/>\n<meta property=\"og:url\" content=\"https:\/\/kawasan.vn\/en\/product\/bo-chuyen-nguon-tu-dong-ats-1-pha-3-pha-125a-220-380v-kawasan-ats-q3-125a-4p\/\" \/>\n<meta property=\"og:site_name\" content=\"Kawasan\" \/>\n<meta property=\"article:modified_time\" content=\"2026-04-01T01:35:51+00:00\" \/>\n<meta property=\"og:image\" content=\"https:\/\/kawasan.vn\/wp-content\/uploads\/2026\/03\/2.jpg\" \/>\n\t<meta property=\"og:image:width\" content=\"900\" \/>\n\t<meta property=\"og:image:height\" content=\"900\" \/>\n\t<meta property=\"og:image:type\" content=\"image\/jpeg\" \/>\n<meta name=\"twitter:card\" content=\"summary_large_image\" \/>\n<meta name=\"twitter:label1\" content=\"Est. reading time\" \/>\n\t<meta name=\"twitter:data1\" content=\"2 minutes\" \/>\n<script type=\"application\/ld+json\" class=\"yoast-schema-graph\">{\"@context\":\"https:\/\/schema.org\",\"@graph\":[{\"@type\":\"WebPage\",\"@id\":\"https:\/\/kawasan.vn\/san-pham\/bo-chuyen-nguon-tu-dong-ats-1-pha-3-pha-125a-220-380v-kawasan-ats-q3-125a-4p\/\",\"url\":\"https:\/\/kawasan.vn\/san-pham\/bo-chuyen-nguon-tu-dong-ats-1-pha-3-pha-125a-220-380v-kawasan-ats-q3-125a-4p\/\",\"name\":\"B\u1ed9 Chuy\u1ec3n Ngu\u1ed3n T\u1ef1 \u0110\u1ed9ng ATS 1 Pha \/ 3 Pha 125A 220\/380V Kawasan ATS-Q3-125A-4P - Kawasan\",\"isPartOf\":{\"@id\":\"https:\/\/kawasan.vn\/#website\"},\"primaryImageOfPage\":{\"@id\":\"https:\/\/kawasan.vn\/san-pham\/bo-chuyen-nguon-tu-dong-ats-1-pha-3-pha-125a-220-380v-kawasan-ats-q3-125a-4p\/#primaryimage\"},\"image\":{\"@id\":\"https:\/\/kawasan.vn\/san-pham\/bo-chuyen-nguon-tu-dong-ats-1-pha-3-pha-125a-220-380v-kawasan-ats-q3-125a-4p\/#primaryimage\"},\"thumbnailUrl\":\"https:\/\/kawasan.vn\/wp-content\/uploads\/2026\/03\/2.jpg\",\"datePublished\":\"2026-03-18T08:37:10+00:00\",\"dateModified\":\"2026-04-01T01:35:51+00:00\",\"breadcrumb\":{\"@id\":\"https:\/\/kawasan.vn\/san-pham\/bo-chuyen-nguon-tu-dong-ats-1-pha-3-pha-125a-220-380v-kawasan-ats-q3-125a-4p\/#breadcrumb\"},\"inLanguage\":\"en-US\",\"potentialAction\":[{\"@type\":\"ReadAction\",\"target\":[\"https:\/\/kawasan.vn\/san-pham\/bo-chuyen-nguon-tu-dong-ats-1-pha-3-pha-125a-220-380v-kawasan-ats-q3-125a-4p\/\"]}]},{\"@type\":\"ImageObject\",\"inLanguage\":\"en-US\",\"@id\":\"https:\/\/kawasan.vn\/san-pham\/bo-chuyen-nguon-tu-dong-ats-1-pha-3-pha-125a-220-380v-kawasan-ats-q3-125a-4p\/#primaryimage\",\"url\":\"https:\/\/kawasan.vn\/wp-content\/uploads\/2026\/03\/2.jpg\",\"contentUrl\":\"https:\/\/kawasan.vn\/wp-content\/uploads\/2026\/03\/2.jpg\",\"width\":900,\"height\":900},{\"@type\":\"BreadcrumbList\",\"@id\":\"https:\/\/kawasan.vn\/san-pham\/bo-chuyen-nguon-tu-dong-ats-1-pha-3-pha-125a-220-380v-kawasan-ats-q3-125a-4p\/#breadcrumb\",\"itemListElement\":[{\"@type\":\"ListItem\",\"position\":1,\"name\":\"Trang ch\u1ee7\",\"item\":\"https:\/\/kawasan.vn\/\"},{\"@type\":\"ListItem\",\"position\":2,\"name\":\"S\u1ea3n ph\u1ea9m\",\"item\":\"https:\/\/kawasan.vn\/san-pham\/\"},{\"@type\":\"ListItem\",\"position\":3,\"name\":\"B\u1ed9 Chuy\u1ec3n Ngu\u1ed3n T\u1ef1 \u0110\u1ed9ng ATS 1 Pha \/ 3 Pha 125A 220\/380V Kawasan ATS-Q3-125A-4P\"}]},{\"@type\":\"WebSite\",\"@id\":\"https:\/\/kawasan.vn\/#website\",\"url\":\"https:\/\/kawasan.vn\/\",\"name\":\"Kawasan\",\"description\":\"\",\"potentialAction\":[{\"@type\":\"SearchAction\",\"target\":{\"@type\":\"EntryPoint\",\"urlTemplate\":\"https:\/\/kawasan.vn\/?s={search_term_string}\"},\"query-input\":{\"@type\":\"PropertyValueSpecification\",\"valueRequired\":true,\"valueName\":\"search_term_string\"}}],\"inLanguage\":\"en-US\"}]}<\/script>\n<!-- \/ Yoast SEO Premium plugin. -->","yoast_head_json":{"title":"B\u1ed9 Chuy\u1ec3n Ngu\u1ed3n T\u1ef1 \u0110\u1ed9ng ATS 1 Pha \/ 3 Pha 125A 220\/380V Kawasan ATS-Q3-125A-4P - Kawasan","robots":{"index":"index","follow":"follow","max-snippet":"max-snippet:-1","max-image-preview":"max-image-preview:large","max-video-preview":"max-video-preview:-1"},"canonical":"https:\/\/kawasan.vn\/en\/product\/bo-chuyen-nguon-tu-dong-ats-1-pha-3-pha-125a-220-380v-kawasan-ats-q3-125a-4p\/","og_locale":"en_US","og_type":"article","og_title":"B\u1ed9 Chuy\u1ec3n Ngu\u1ed3n T\u1ef1 \u0110\u1ed9ng ATS 1 Pha \/ 3 Pha 125A 220\/380V Kawasan ATS-Q3-125A-4P","og_description":"M\u00d4 T\u1ea2 NG\u1eaeN B\u1ed9 chuy\u1ec3n ngu\u1ed3n t\u1ef1 \u0111\u1ed9ng ATS Kawasan ATS-Q3-125A-4P l\u00e0 thi\u1ebft b\u1ecb d\u00f9ng \u0111\u1ec3 t\u1ef1 \u0111\u1ed9ng chuy\u1ec3n \u0111\u1ed5i gi\u1eefa ngu\u1ed3n \u0111i\u1ec7n l\u01b0\u1edbi v\u00e0 ngu\u1ed3n d\u1ef1 ph\u00f2ng (m\u00e1y ph\u00e1t) khi x\u1ea3y ra m\u1ea5t \u0111i\u1ec7n. S\u1ea3n ph\u1ea9m ph\u00f9 h\u1ee3p cho h\u1ec7 th\u1ed1ng \u0111i\u1ec7n 1 pha v\u00e0 3 pha, gi\u00fap \u0111\u1ea3m b\u1ea3o ngu\u1ed3n \u0111i\u1ec7n lu\u00f4n \u1ed5n [&hellip;]","og_url":"https:\/\/kawasan.vn\/en\/product\/bo-chuyen-nguon-tu-dong-ats-1-pha-3-pha-125a-220-380v-kawasan-ats-q3-125a-4p\/","og_site_name":"Kawasan","article_modified_time":"2026-04-01T01:35:51+00:00","og_image":[{"width":900,"height":900,"url":"https:\/\/kawasan.vn\/wp-content\/uploads\/2026\/03\/2.jpg","type":"image\/jpeg"}],"twitter_card":"summary_large_image","twitter_misc":{"Est. reading time":"2 minutes"},"schema":{"@context":"https:\/\/schema.org","@graph":[{"@type":"WebPage","@id":"https:\/\/kawasan.vn\/san-pham\/bo-chuyen-nguon-tu-dong-ats-1-pha-3-pha-125a-220-380v-kawasan-ats-q3-125a-4p\/","url":"https:\/\/kawasan.vn\/san-pham\/bo-chuyen-nguon-tu-dong-ats-1-pha-3-pha-125a-220-380v-kawasan-ats-q3-125a-4p\/","name":"B\u1ed9 Chuy\u1ec3n Ngu\u1ed3n T\u1ef1 \u0110\u1ed9ng ATS 1 Pha \/ 3 Pha 125A 220\/380V Kawasan ATS-Q3-125A-4P - Kawasan","isPartOf":{"@id":"https:\/\/kawasan.vn\/#website"},"primaryImageOfPage":{"@id":"https:\/\/kawasan.vn\/san-pham\/bo-chuyen-nguon-tu-dong-ats-1-pha-3-pha-125a-220-380v-kawasan-ats-q3-125a-4p\/#primaryimage"},"image":{"@id":"https:\/\/kawasan.vn\/san-pham\/bo-chuyen-nguon-tu-dong-ats-1-pha-3-pha-125a-220-380v-kawasan-ats-q3-125a-4p\/#primaryimage"},"thumbnailUrl":"https:\/\/kawasan.vn\/wp-content\/uploads\/2026\/03\/2.jpg","datePublished":"2026-03-18T08:37:10+00:00","dateModified":"2026-04-01T01:35:51+00:00","breadcrumb":{"@id":"https:\/\/kawasan.vn\/san-pham\/bo-chuyen-nguon-tu-dong-ats-1-pha-3-pha-125a-220-380v-kawasan-ats-q3-125a-4p\/#breadcrumb"},"inLanguage":"en-US","potentialAction":[{"@type":"ReadAction","target":["https:\/\/kawasan.vn\/san-pham\/bo-chuyen-nguon-tu-dong-ats-1-pha-3-pha-125a-220-380v-kawasan-ats-q3-125a-4p\/"]}]},{"@type":"ImageObject","inLanguage":"en-US","@id":"https:\/\/kawasan.vn\/san-pham\/bo-chuyen-nguon-tu-dong-ats-1-pha-3-pha-125a-220-380v-kawasan-ats-q3-125a-4p\/#primaryimage","url":"https:\/\/kawasan.vn\/wp-content\/uploads\/2026\/03\/2.jpg","contentUrl":"https:\/\/kawasan.vn\/wp-content\/uploads\/2026\/03\/2.jpg","width":900,"height":900},{"@type":"BreadcrumbList","@id":"https:\/\/kawasan.vn\/san-pham\/bo-chuyen-nguon-tu-dong-ats-1-pha-3-pha-125a-220-380v-kawasan-ats-q3-125a-4p\/#breadcrumb","itemListElement":[{"@type":"ListItem","position":1,"name":"Trang ch\u1ee7","item":"https:\/\/kawasan.vn\/"},{"@type":"ListItem","position":2,"name":"S\u1ea3n ph\u1ea9m","item":"https:\/\/kawasan.vn\/san-pham\/"},{"@type":"ListItem","position":3,"name":"B\u1ed9 Chuy\u1ec3n Ngu\u1ed3n T\u1ef1 \u0110\u1ed9ng ATS 1 Pha \/ 3 Pha 125A 220\/380V Kawasan ATS-Q3-125A-4P"}]},{"@type":"WebSite","@id":"https:\/\/kawasan.vn\/#website","url":"https:\/\/kawasan.vn\/","name":"Kawasan","description":"","potentialAction":[{"@type":"SearchAction","target":{"@type":"EntryPoint","urlTemplate":"https:\/\/kawasan.vn\/?s={search_term_string}"},"query-input":{"@type":"PropertyValueSpecification","valueRequired":true,"valueName":"search_term_string"}}],"inLanguage":"en-US"}]}},"_links":{"self":[{"href":"https:\/\/kawasan.vn\/en\/wp-json\/wp\/v2\/product\/30496","targetHints":{"allow":["GET"]}}],"collection":[{"href":"https:\/\/kawasan.vn\/en\/wp-json\/wp\/v2\/product"}],"about":[{"href":"https:\/\/kawasan.vn\/en\/wp-json\/wp\/v2\/types\/product"}],"replies":[{"embeddable":true,"href":"https:\/\/kawasan.vn\/en\/wp-json\/wp\/v2\/comments?post=30496"}],"version-history":[{"count":5,"href":"https:\/\/kawasan.vn\/en\/wp-json\/wp\/v2\/product\/30496\/revisions"}],"predecessor-version":[{"id":30566,"href":"https:\/\/kawasan.vn\/en\/wp-json\/wp\/v2\/product\/30496\/revisions\/30566"}],"wp:featuredmedia":[{"embeddable":true,"href":"https:\/\/kawasan.vn\/en\/wp-json\/wp\/v2\/media\/30497"}],"wp:attachment":[{"href":"https:\/\/kawasan.vn\/en\/wp-json\/wp\/v2\/media?parent=30496"}],"wp:term":[{"taxonomy":"product_cat","embeddable":true,"href":"https:\/\/kawasan.vn\/en\/wp-json\/wp\/v2\/product_cat?post=30496"},{"taxonomy":"product_tag","embeddable":true,"href":"https:\/\/kawasan.vn\/en\/wp-json\/wp\/v2\/product_tag?post=30496"}],"curies":[{"name":"wp","href":"https:\/\/api.w.org\/{rel}","templated":true}]}}