{"id":30468,"date":"2026-03-18T09:54:05","date_gmt":"2026-03-18T02:54:05","guid":{"rendered":"https:\/\/kawasan.vn\/?post_type=product&#038;p=30468"},"modified":"2026-03-26T09:30:31","modified_gmt":"2026-03-26T02:30:31","slug":"dong-ho-dien-3-pha-kawasan-apm-3p-60a-380v-60a-cong-to-dien-3-pha-chinh-xac-cao","status":"publish","type":"product","link":"https:\/\/kawasan.vn\/en\/product\/dong-ho-dien-3-pha-kawasan-apm-3p-60a-380v-60a-cong-to-dien-3-pha-chinh-xac-cao\/","title":{"rendered":"\u0110\u1ed3ng H\u1ed3 \u0110i\u1ec7n 3 Pha Kawasan APM-3P-60A 380V\/60A \u2013 C\u00f4ng T\u01a1 \u0110i\u1ec7n 3 Pha Ch\u00ednh X\u00e1c Cao"},"content":{"rendered":"<h1 data-section-id=\"1whuadm\" data-start=\"221\" data-end=\"236\"><span class=\"ez-toc-section\" id=\"MO_TA_NGAN\"><\/span>M\u00d4 T\u1ea2 NG\u1eaeN<span class=\"ez-toc-section-end\"><\/span><\/h1><div id=\"ez-toc-container\" class=\"ez-toc-v2_0_69_1 counter-hierarchy ez-toc-counter ez-toc-grey ez-toc-container-direction\">\n<div class=\"ez-toc-title-container\">\n<p class=\"ez-toc-title\" >N\u1ed9i Dung B&agrave;i Vi\u1ebft<\/p>\n<span class=\"ez-toc-title-toggle\"><a href=\"#\" class=\"ez-toc-pull-right ez-toc-btn ez-toc-btn-xs ez-toc-btn-default ez-toc-toggle\" aria-label=\"Toggle Table of Content\"><span class=\"ez-toc-js-icon-con\"><span class=\"\"><span class=\"eztoc-hide\" style=\"display:none;\">Toggle<\/span><span class=\"ez-toc-icon-toggle-span\"><svg style=\"fill: #999;color:#999\" xmlns=\"http:\/\/www.w3.org\/2000\/svg\" class=\"list-377408\" width=\"20px\" height=\"20px\" viewbox=\"0 0 24 24\" fill=\"none\"><path d=\"M6 6H4v2h2V6zm14 0H8v2h12V6zM4 11h2v2H4v-2zm16 0H8v2h12v-2zM4 16h2v2H4v-2zm16 0H8v2h12v-2z\" fill=\"currentColor\"><\/path><\/svg><svg style=\"fill: #999;color:#999\" class=\"arrow-unsorted-368013\" xmlns=\"http:\/\/www.w3.org\/2000\/svg\" width=\"10px\" height=\"10px\" viewbox=\"0 0 24 24\" version=\"1.2\" baseprofile=\"tiny\"><path d=\"M18.2 9.3l-6.2-6.3-6.2 6.3c-.2.2-.3.4-.3.7s.1.5.3.7c.2.2.4.3.7.3h11c.3 0 .5-.1.7-.3.2-.2.3-.5.3-.7s-.1-.5-.3-.7zM5.8 14.7l6.2 6.3 6.2-6.3c.2-.2.3-.5.3-.7s-.1-.5-.3-.7c-.2-.2-.4-.3-.7-.3h-11c-.3 0-.5.1-.7.3-.2.2-.3.5-.3.7s.1.5.3.7z\"\/><\/svg><\/span><\/span><\/span><\/a><\/span><\/div>\n<nav><ul class='ez-toc-list ez-toc-list-level-1 eztoc-toggle-hide-by-default' ><li class='ez-toc-page-1 ez-toc-heading-level-1'><a class=\"ez-toc-link ez-toc-heading-1\" href=\"https:\/\/kawasan.vn\/en\/product\/dong-ho-dien-3-pha-kawasan-apm-3p-60a-380v-60a-cong-to-dien-3-pha-chinh-xac-cao\/#MO_TA_NGAN\" title=\"M\u00d4 T\u1ea2 NG\u1eaeN\">M\u00d4 T\u1ea2 NG\u1eaeN<\/a><\/li><li class='ez-toc-page-1 ez-toc-heading-level-1'><a class=\"ez-toc-link ez-toc-heading-2\" href=\"https:\/\/kawasan.vn\/en\/product\/dong-ho-dien-3-pha-kawasan-apm-3p-60a-380v-60a-cong-to-dien-3-pha-chinh-xac-cao\/#THONG_SO_KY_THUAT\" title=\"TH\u00d4NG S\u1ed0 K\u1ef8 THU\u1eacT\">TH\u00d4NG S\u1ed0 K\u1ef8 THU\u1eacT<\/a><\/li><li class='ez-toc-page-1 ez-toc-heading-level-1'><a class=\"ez-toc-link ez-toc-heading-3\" href=\"https:\/\/kawasan.vn\/en\/product\/dong-ho-dien-3-pha-kawasan-apm-3p-60a-380v-60a-cong-to-dien-3-pha-chinh-xac-cao\/#UU_DIEM_NOI_BAT\" title=\"\u01afU \u0110I\u1ec2M N\u1ed4I B\u1eacT\">\u01afU \u0110I\u1ec2M N\u1ed4I B\u1eacT<\/a><ul class='ez-toc-list-level-3' ><li class='ez-toc-heading-level-3'><ul class='ez-toc-list-level-3' ><li class='ez-toc-heading-level-3'><a class=\"ez-toc-link ez-toc-heading-4\" href=\"https:\/\/kawasan.vn\/en\/product\/dong-ho-dien-3-pha-kawasan-apm-3p-60a-380v-60a-cong-to-dien-3-pha-chinh-xac-cao\/#%E2%9C%85_Do_ben_cao_%E2%80%93_hoat_dong_on_dinh\" title=\"\u2705 \u0110\u1ed9 b\u1ec1n cao \u2013 ho\u1ea1t \u0111\u1ed9ng \u1ed5n \u0111\u1ecbnh\">\u2705 \u0110\u1ed9 b\u1ec1n cao \u2013 ho\u1ea1t \u0111\u1ed9ng \u1ed5n \u0111\u1ecbnh<\/a><\/li><li class='ez-toc-page-1 ez-toc-heading-level-3'><a class=\"ez-toc-link ez-toc-heading-5\" href=\"https:\/\/kawasan.vn\/en\/product\/dong-ho-dien-3-pha-kawasan-apm-3p-60a-380v-60a-cong-to-dien-3-pha-chinh-xac-cao\/#%E2%9C%85_Khong_phu_thuoc_dien_tu\" title=\"\u2705 Kh\u00f4ng ph\u1ee5 thu\u1ed9c \u0111i\u1ec7n t\u1eed\">\u2705 Kh\u00f4ng ph\u1ee5 thu\u1ed9c \u0111i\u1ec7n t\u1eed<\/a><\/li><li class='ez-toc-page-1 ez-toc-heading-level-3'><a class=\"ez-toc-link ez-toc-heading-6\" href=\"https:\/\/kawasan.vn\/en\/product\/dong-ho-dien-3-pha-kawasan-apm-3p-60a-380v-60a-cong-to-dien-3-pha-chinh-xac-cao\/#%E2%9C%85_De_su_dung_%E2%80%93_de_doc_so\" title=\"\u2705 D\u1ec5 s\u1eed d\u1ee5ng \u2013 d\u1ec5 \u0111\u1ecdc s\u1ed1\">\u2705 D\u1ec5 s\u1eed d\u1ee5ng \u2013 d\u1ec5 \u0111\u1ecdc s\u1ed1<\/a><\/li><li class='ez-toc-page-1 ez-toc-heading-level-3'><a class=\"ez-toc-link ez-toc-heading-7\" href=\"https:\/\/kawasan.vn\/en\/product\/dong-ho-dien-3-pha-kawasan-apm-3p-60a-380v-60a-cong-to-dien-3-pha-chinh-xac-cao\/#%E2%9C%85_Chi_phi_dau_tu_hop_ly\" title=\"\u2705 Chi ph\u00ed \u0111\u1ea7u t\u01b0 h\u1ee3p l\u00fd\">\u2705 Chi ph\u00ed \u0111\u1ea7u t\u01b0 h\u1ee3p l\u00fd<\/a><\/li><\/ul><\/li><\/ul><\/li><li class='ez-toc-page-1 ez-toc-heading-level-1'><a class=\"ez-toc-link ez-toc-heading-8\" href=\"https:\/\/kawasan.vn\/en\/product\/dong-ho-dien-3-pha-kawasan-apm-3p-60a-380v-60a-cong-to-dien-3-pha-chinh-xac-cao\/#UNG_DUNG_THUC_TE\" title=\"\u1ee8NG D\u1ee4NG TH\u1ef0C T\u1ebe\">\u1ee8NG D\u1ee4NG TH\u1ef0C T\u1ebe<\/a><\/li><\/ul><\/nav><\/div>\n\n<p data-start=\"238\" data-end=\"522\">\u0110\u1ed3ng h\u1ed3 \u0111i\u1ec7n 3 pha Kawasan APM-3P-60A l\u00e0 thi\u1ebft b\u1ecb \u0111o \u0111i\u1ec7n n\u0103ng ti\u00eau th\u1ee5 cho h\u1ec7 th\u1ed1ng \u0111i\u1ec7n <strong data-start=\"328\" data-end=\"342\">3 pha 380V<\/strong>, s\u1eed d\u1ee5ng c\u01a1 ch\u1ebf \u0111o c\u01a1 truy\u1ec1n th\u1ed1ng k\u1ebft h\u1ee3p \u0111\u1ed9 ch\u00ednh x\u00e1c cao v\u00e0 \u0111\u1ed9 b\u1ec1n v\u01b0\u1ee3t tr\u1ed9i. S\u1ea3n ph\u1ea9m ph\u00f9 h\u1ee3p cho nh\u00e0 x\u01b0\u1edfng, trang tr\u1ea1i, h\u1ec7 th\u1ed1ng m\u00e1y m\u00f3c v\u00e0 c\u00e1c c\u00f4ng tr\u00ecnh s\u1eed d\u1ee5ng \u0111i\u1ec7n 3 pha.<\/p>\n<h1 data-section-id=\"nbjwvg\" data-start=\"529\" data-end=\"551\"><span class=\"ez-toc-section\" id=\"THONG_SO_KY_THUAT\"><\/span>TH\u00d4NG S\u1ed0 K\u1ef8 THU\u1eacT<span class=\"ez-toc-section-end\"><\/span><\/h1>\n<ul data-start=\"553\" data-end=\"868\">\n<li data-section-id=\"zqvosl\" data-start=\"553\" data-end=\"578\"><strong data-start=\"555\" data-end=\"565\">Model:<\/strong> APM-3P-60A<\/li>\n<li data-section-id=\"bjjdb9\" data-start=\"579\" data-end=\"607\"><strong data-start=\"581\" data-end=\"597\">Th\u01b0\u01a1ng hi\u1ec7u:<\/strong> Kawasan<\/li>\n<li data-section-id=\"16fi92z\" data-start=\"608\" data-end=\"653\"><strong data-start=\"610\" data-end=\"619\">Lo\u1ea1i:<\/strong> \u0110\u1ed3ng h\u1ed3 \u0111i\u1ec7n 3 pha (c\u00f4ng t\u01a1 c\u01a1)<\/li>\n<li data-section-id=\"48u4bs\" data-start=\"654\" data-end=\"693\"><strong data-start=\"656\" data-end=\"678\">\u0110i\u1ec7n \u00e1p ho\u1ea1t \u0111\u1ed9ng:<\/strong> 3 pha \/ 380V<\/li>\n<li data-section-id=\"au716o\" data-start=\"694\" data-end=\"725\"><strong data-start=\"696\" data-end=\"719\">D\u00f2ng \u0111i\u1ec7n \u0111\u1ecbnh m\u1ee9c:<\/strong> 60A<\/li>\n<li data-section-id=\"ii5eki\" data-start=\"726\" data-end=\"755\"><strong data-start=\"728\" data-end=\"741\">C\u1ea5u h\u00ecnh:<\/strong> 3 pha 4 d\u00e2y<\/li>\n<li data-section-id=\"1lcxywj\" data-start=\"756\" data-end=\"779\"><strong data-start=\"758\" data-end=\"769\">T\u1ea7n s\u1ed1:<\/strong> 50\/60Hz<\/li>\n<li data-section-id=\"1jjret4\" data-start=\"780\" data-end=\"822\"><strong data-start=\"782\" data-end=\"802\">Ch\u1ec9 s\u1ed1 hi\u1ec3n th\u1ecb:<\/strong> C\u01a1 (d\u1ea1ng s\u1ed1 quay)<\/li>\n<li data-section-id=\"1cxhn4r\" data-start=\"823\" data-end=\"868\"><strong data-start=\"825\" data-end=\"842\">\u0110\u1ed9 ch\u00ednh x\u00e1c:<\/strong> \u1ed4n \u0111\u1ecbnh, b\u1ec1n b\u1ec9 l\u00e2u d\u00e0i<\/li>\n<\/ul>\n<h1 data-section-id=\"1ngwo4p\" data-start=\"875\" data-end=\"895\"><span class=\"ez-toc-section\" id=\"UU_DIEM_NOI_BAT\"><\/span>\u01afU \u0110I\u1ec2M N\u1ed4I B\u1eacT<span class=\"ez-toc-section-end\"><\/span><\/h1>\n<h3 data-section-id=\"1fe3l59\" data-start=\"897\" data-end=\"935\"><span class=\"ez-toc-section\" id=\"%E2%9C%85_Do_ben_cao_%E2%80%93_hoat_dong_on_dinh\"><\/span>\u2705 \u0110\u1ed9 b\u1ec1n cao \u2013 ho\u1ea1t \u0111\u1ed9ng \u1ed5n \u0111\u1ecbnh<span class=\"ez-toc-section-end\"><\/span><\/h3>\n<p data-start=\"936\" data-end=\"985\">C\u00f4ng t\u01a1 c\u01a1 \u00edt l\u1ed7i, ph\u00f9 h\u1ee3p m\u00f4i tr\u01b0\u1eddng c\u00f4ng nghi\u1ec7p<\/p>\n<h3 data-section-id=\"qgm6jf\" data-start=\"987\" data-end=\"1018\"><span class=\"ez-toc-section\" id=\"%E2%9C%85_Khong_phu_thuoc_dien_tu\"><\/span>\u2705 Kh\u00f4ng ph\u1ee5 thu\u1ed9c \u0111i\u1ec7n t\u1eed<span class=\"ez-toc-section-end\"><\/span><\/h3>\n<p data-start=\"1019\" data-end=\"1078\">Ho\u1ea1t \u0111\u1ed9ng b\u1ec1n b\u1ec9 ngay c\u1ea3 trong \u0111i\u1ec1u ki\u1ec7n \u0111i\u1ec7n kh\u00f4ng \u1ed5n \u0111\u1ecbnh<\/p>\n<h3 data-section-id=\"1dxno7v\" data-start=\"1080\" data-end=\"1110\"><span class=\"ez-toc-section\" id=\"%E2%9C%85_De_su_dung_%E2%80%93_de_doc_so\"><\/span>\u2705 D\u1ec5 s\u1eed d\u1ee5ng \u2013 d\u1ec5 \u0111\u1ecdc s\u1ed1<span class=\"ez-toc-section-end\"><\/span><\/h3>\n<p data-start=\"1111\" data-end=\"1142\">M\u1eb7t hi\u1ec3n th\u1ecb r\u00f5 r\u00e0ng, tr\u1ef1c quan<\/p>\n<h3 data-section-id=\"1f0yhfd\" data-start=\"1144\" data-end=\"1173\"><span class=\"ez-toc-section\" id=\"%E2%9C%85_Chi_phi_dau_tu_hop_ly\"><\/span>\u2705 Chi ph\u00ed \u0111\u1ea7u t\u01b0 h\u1ee3p l\u00fd<span class=\"ez-toc-section-end\"><\/span><\/h3>\n<p data-start=\"1174\" data-end=\"1220\">Gi\u1ea3i ph\u00e1p ti\u1ebft ki\u1ec7m cho h\u1ec7 th\u1ed1ng \u0111o \u0111i\u1ec7n 3 pha<\/p>\n<h1 data-section-id=\"qkua9t\" data-start=\"1227\" data-end=\"1248\"><span class=\"ez-toc-section\" id=\"UNG_DUNG_THUC_TE\"><\/span>\u1ee8NG D\u1ee4NG TH\u1ef0C T\u1ebe<span class=\"ez-toc-section-end\"><\/span><\/h1>\n<ul data-start=\"1250\" data-end=\"1398\">\n<li data-section-id=\"1htokc2\" data-start=\"1250\" data-end=\"1272\">Nh\u00e0 x\u01b0\u1edfng s\u1ea3n xu\u1ea5t<\/li>\n<li data-section-id=\"121fpcb\" data-start=\"1273\" data-end=\"1307\">Trang tr\u1ea1i, h\u1ec7 th\u1ed1ng b\u01a1m 3 pha<\/li>\n<li data-section-id=\"tj0mqt\" data-start=\"1308\" data-end=\"1331\">C\u00f4ng tr\u00ecnh x\u00e2y d\u1ef1ng<\/li>\n<li data-section-id=\"19orgfn\" data-start=\"1332\" data-end=\"1361\">H\u1ec7 th\u1ed1ng \u0111i\u1ec7n c\u00f4ng nghi\u1ec7p<\/li>\n<li data-section-id=\"3b0osg\" data-start=\"1362\" data-end=\"1398\">Theo d\u00f5i \u0111i\u1ec7n n\u0103ng ti\u00eau th\u1ee5 t\u1ed5ng<\/li>\n<\/ul>\n<p data-start=\"1891\" data-end=\"2063\"><strong data-start=\"1891\" data-end=\"1914\">MUA CH\u00cdNH H\u00c3NG T\u1ea0I:<\/strong><br data-start=\"1914\" data-end=\"1917\" \/>Hotline ph\u00f2ng kinh doanh (b\u00e1o gi\u00e1 s\u1ec9 \/ \u0111\u1ea1i l\u00fd \/ NPP): 0825 411 408 ho\u1eb7c 0911 757 234<br data-start=\"2001\" data-end=\"2004\" \/>Website ch\u00ednh th\u1ee9c:<br data-start=\"2023\" data-end=\"2026\" \/><a class=\"decorated-link cursor-pointer\" target=\"_new\" rel=\"noopener\" data-start=\"2026\" data-end=\"2044\">www.kawaled.com.vn<\/a><br data-start=\"2044\" data-end=\"2047\" \/><a class=\"decorated-link\" href=\"https:\/\/kawasan.vn\/en\/\" target=\"_new\" rel=\"noopener\" data-start=\"2047\" data-end=\"2061\">www.kawasan.vn<\/a><\/p>","protected":false},"excerpt":{"rendered":"<p>M\u00d4 T\u1ea2 NG\u1eaeN \u0110\u1ed3ng h\u1ed3 \u0111i\u1ec7n 3 pha Kawasan APM-3P-60A l\u00e0 thi\u1ebft b\u1ecb \u0111o \u0111i\u1ec7n n\u0103ng ti\u00eau th\u1ee5 cho h\u1ec7 th\u1ed1ng \u0111i\u1ec7n 3 pha 380V, s\u1eed d\u1ee5ng c\u01a1 ch\u1ebf \u0111o c\u01a1 truy\u1ec1n th\u1ed1ng k\u1ebft h\u1ee3p \u0111\u1ed9 ch\u00ednh x\u00e1c cao v\u00e0 \u0111\u1ed9 b\u1ec1n v\u01b0\u1ee3t tr\u1ed9i. S\u1ea3n ph\u1ea9m ph\u00f9 h\u1ee3p cho nh\u00e0 x\u01b0\u1edfng, trang tr\u1ea1i, h\u1ec7 th\u1ed1ng [&hellip;]<\/p>","protected":false},"featured_media":30469,"comment_status":"open","ping_status":"closed","template":"","meta":{"_yoast_wpseo_focuskw":"","_yoast_wpseo_metadesc":"","_yoast_wpseo_focuskeywords":"","_yoast_wpseo_keyword_synonyms":""},"product_cat":[15],"product_tag":[],"class_list":["post-30468","product","type-product","status-publish","has-post-thumbnail","hentry","product_cat-cong-tac-cam-ung-chuyen-dong"],"acf":[],"yoast_head":"<!-- This site is optimized with the Yoast SEO Premium plugin v24.9 (Yoast SEO v24.9) - https:\/\/yoast.com\/wordpress\/plugins\/seo\/ -->\n<title>\u0110\u1ed3ng H\u1ed3 \u0110i\u1ec7n 3 Pha Kawasan APM-3P-60A 380V\/60A \u2013 C\u00f4ng T\u01a1 \u0110i\u1ec7n 3 Pha Ch\u00ednh X\u00e1c Cao - Kawasan<\/title>\n<meta name=\"robots\" content=\"index, follow, max-snippet:-1, max-image-preview:large, max-video-preview:-1\" \/>\n<link rel=\"canonical\" href=\"https:\/\/kawasan.vn\/en\/product\/dong-ho-dien-3-pha-kawasan-apm-3p-60a-380v-60a-cong-to-dien-3-pha-chinh-xac-cao\/\" \/>\n<meta property=\"og:locale\" content=\"en_US\" \/>\n<meta property=\"og:type\" content=\"article\" \/>\n<meta property=\"og:title\" content=\"\u0110\u1ed3ng H\u1ed3 \u0110i\u1ec7n 3 Pha Kawasan APM-3P-60A 380V\/60A \u2013 C\u00f4ng T\u01a1 \u0110i\u1ec7n 3 Pha Ch\u00ednh X\u00e1c Cao\" \/>\n<meta property=\"og:description\" content=\"M\u00d4 T\u1ea2 NG\u1eaeN \u0110\u1ed3ng h\u1ed3 \u0111i\u1ec7n 3 pha Kawasan APM-3P-60A l\u00e0 thi\u1ebft b\u1ecb \u0111o \u0111i\u1ec7n n\u0103ng ti\u00eau th\u1ee5 cho h\u1ec7 th\u1ed1ng \u0111i\u1ec7n 3 pha 380V, s\u1eed d\u1ee5ng c\u01a1 ch\u1ebf \u0111o c\u01a1 truy\u1ec1n th\u1ed1ng k\u1ebft h\u1ee3p \u0111\u1ed9 ch\u00ednh x\u00e1c cao v\u00e0 \u0111\u1ed9 b\u1ec1n v\u01b0\u1ee3t tr\u1ed9i. S\u1ea3n ph\u1ea9m ph\u00f9 h\u1ee3p cho nh\u00e0 x\u01b0\u1edfng, trang tr\u1ea1i, h\u1ec7 th\u1ed1ng [&hellip;]\" \/>\n<meta property=\"og:url\" content=\"https:\/\/kawasan.vn\/en\/product\/dong-ho-dien-3-pha-kawasan-apm-3p-60a-380v-60a-cong-to-dien-3-pha-chinh-xac-cao\/\" \/>\n<meta property=\"og:site_name\" content=\"Kawasan\" \/>\n<meta property=\"article:modified_time\" content=\"2026-03-26T02:30:31+00:00\" \/>\n<meta property=\"og:image\" content=\"https:\/\/kawasan.vn\/wp-content\/uploads\/2026\/03\/1.png\" \/>\n\t<meta property=\"og:image:width\" content=\"900\" \/>\n\t<meta property=\"og:image:height\" content=\"900\" \/>\n\t<meta property=\"og:image:type\" content=\"image\/png\" \/>\n<meta name=\"twitter:card\" content=\"summary_large_image\" \/>\n<meta name=\"twitter:label1\" content=\"Est. reading time\" \/>\n\t<meta name=\"twitter:data1\" content=\"2 minutes\" \/>\n<script type=\"application\/ld+json\" class=\"yoast-schema-graph\">{\"@context\":\"https:\/\/schema.org\",\"@graph\":[{\"@type\":\"WebPage\",\"@id\":\"https:\/\/kawasan.vn\/san-pham\/dong-ho-dien-3-pha-kawasan-apm-3p-60a-380v-60a-cong-to-dien-3-pha-chinh-xac-cao\/\",\"url\":\"https:\/\/kawasan.vn\/san-pham\/dong-ho-dien-3-pha-kawasan-apm-3p-60a-380v-60a-cong-to-dien-3-pha-chinh-xac-cao\/\",\"name\":\"\u0110\u1ed3ng H\u1ed3 \u0110i\u1ec7n 3 Pha Kawasan APM-3P-60A 380V\/60A \u2013 C\u00f4ng T\u01a1 \u0110i\u1ec7n 3 Pha Ch\u00ednh X\u00e1c Cao - Kawasan\",\"isPartOf\":{\"@id\":\"https:\/\/kawasan.vn\/#website\"},\"primaryImageOfPage\":{\"@id\":\"https:\/\/kawasan.vn\/san-pham\/dong-ho-dien-3-pha-kawasan-apm-3p-60a-380v-60a-cong-to-dien-3-pha-chinh-xac-cao\/#primaryimage\"},\"image\":{\"@id\":\"https:\/\/kawasan.vn\/san-pham\/dong-ho-dien-3-pha-kawasan-apm-3p-60a-380v-60a-cong-to-dien-3-pha-chinh-xac-cao\/#primaryimage\"},\"thumbnailUrl\":\"https:\/\/kawasan.vn\/wp-content\/uploads\/2026\/03\/1.png\",\"datePublished\":\"2026-03-18T02:54:05+00:00\",\"dateModified\":\"2026-03-26T02:30:31+00:00\",\"breadcrumb\":{\"@id\":\"https:\/\/kawasan.vn\/san-pham\/dong-ho-dien-3-pha-kawasan-apm-3p-60a-380v-60a-cong-to-dien-3-pha-chinh-xac-cao\/#breadcrumb\"},\"inLanguage\":\"en-US\",\"potentialAction\":[{\"@type\":\"ReadAction\",\"target\":[\"https:\/\/kawasan.vn\/san-pham\/dong-ho-dien-3-pha-kawasan-apm-3p-60a-380v-60a-cong-to-dien-3-pha-chinh-xac-cao\/\"]}]},{\"@type\":\"ImageObject\",\"inLanguage\":\"en-US\",\"@id\":\"https:\/\/kawasan.vn\/san-pham\/dong-ho-dien-3-pha-kawasan-apm-3p-60a-380v-60a-cong-to-dien-3-pha-chinh-xac-cao\/#primaryimage\",\"url\":\"https:\/\/kawasan.vn\/wp-content\/uploads\/2026\/03\/1.png\",\"contentUrl\":\"https:\/\/kawasan.vn\/wp-content\/uploads\/2026\/03\/1.png\",\"width\":900,\"height\":900},{\"@type\":\"BreadcrumbList\",\"@id\":\"https:\/\/kawasan.vn\/san-pham\/dong-ho-dien-3-pha-kawasan-apm-3p-60a-380v-60a-cong-to-dien-3-pha-chinh-xac-cao\/#breadcrumb\",\"itemListElement\":[{\"@type\":\"ListItem\",\"position\":1,\"name\":\"Trang ch\u1ee7\",\"item\":\"https:\/\/kawasan.vn\/\"},{\"@type\":\"ListItem\",\"position\":2,\"name\":\"S\u1ea3n ph\u1ea9m\",\"item\":\"https:\/\/kawasan.vn\/san-pham\/\"},{\"@type\":\"ListItem\",\"position\":3,\"name\":\"\u0110\u1ed3ng H\u1ed3 \u0110i\u1ec7n 3 Pha Kawasan APM-3P-60A 380V\/60A \u2013 C\u00f4ng T\u01a1 \u0110i\u1ec7n 3 Pha Ch\u00ednh X\u00e1c Cao\"}]},{\"@type\":\"WebSite\",\"@id\":\"https:\/\/kawasan.vn\/#website\",\"url\":\"https:\/\/kawasan.vn\/\",\"name\":\"Kawasan\",\"description\":\"\",\"potentialAction\":[{\"@type\":\"SearchAction\",\"target\":{\"@type\":\"EntryPoint\",\"urlTemplate\":\"https:\/\/kawasan.vn\/?s={search_term_string}\"},\"query-input\":{\"@type\":\"PropertyValueSpecification\",\"valueRequired\":true,\"valueName\":\"search_term_string\"}}],\"inLanguage\":\"en-US\"}]}<\/script>\n<!-- \/ Yoast SEO Premium plugin. -->","yoast_head_json":{"title":"\u0110\u1ed3ng H\u1ed3 \u0110i\u1ec7n 3 Pha Kawasan APM-3P-60A 380V\/60A \u2013 C\u00f4ng T\u01a1 \u0110i\u1ec7n 3 Pha Ch\u00ednh X\u00e1c Cao - Kawasan","robots":{"index":"index","follow":"follow","max-snippet":"max-snippet:-1","max-image-preview":"max-image-preview:large","max-video-preview":"max-video-preview:-1"},"canonical":"https:\/\/kawasan.vn\/en\/product\/dong-ho-dien-3-pha-kawasan-apm-3p-60a-380v-60a-cong-to-dien-3-pha-chinh-xac-cao\/","og_locale":"en_US","og_type":"article","og_title":"\u0110\u1ed3ng H\u1ed3 \u0110i\u1ec7n 3 Pha Kawasan APM-3P-60A 380V\/60A \u2013 C\u00f4ng T\u01a1 \u0110i\u1ec7n 3 Pha Ch\u00ednh X\u00e1c Cao","og_description":"M\u00d4 T\u1ea2 NG\u1eaeN \u0110\u1ed3ng h\u1ed3 \u0111i\u1ec7n 3 pha Kawasan APM-3P-60A l\u00e0 thi\u1ebft b\u1ecb \u0111o \u0111i\u1ec7n n\u0103ng ti\u00eau th\u1ee5 cho h\u1ec7 th\u1ed1ng \u0111i\u1ec7n 3 pha 380V, s\u1eed d\u1ee5ng c\u01a1 ch\u1ebf \u0111o c\u01a1 truy\u1ec1n th\u1ed1ng k\u1ebft h\u1ee3p \u0111\u1ed9 ch\u00ednh x\u00e1c cao v\u00e0 \u0111\u1ed9 b\u1ec1n v\u01b0\u1ee3t tr\u1ed9i. S\u1ea3n ph\u1ea9m ph\u00f9 h\u1ee3p cho nh\u00e0 x\u01b0\u1edfng, trang tr\u1ea1i, h\u1ec7 th\u1ed1ng [&hellip;]","og_url":"https:\/\/kawasan.vn\/en\/product\/dong-ho-dien-3-pha-kawasan-apm-3p-60a-380v-60a-cong-to-dien-3-pha-chinh-xac-cao\/","og_site_name":"Kawasan","article_modified_time":"2026-03-26T02:30:31+00:00","og_image":[{"width":900,"height":900,"url":"https:\/\/kawasan.vn\/wp-content\/uploads\/2026\/03\/1.png","type":"image\/png"}],"twitter_card":"summary_large_image","twitter_misc":{"Est. reading time":"2 minutes"},"schema":{"@context":"https:\/\/schema.org","@graph":[{"@type":"WebPage","@id":"https:\/\/kawasan.vn\/san-pham\/dong-ho-dien-3-pha-kawasan-apm-3p-60a-380v-60a-cong-to-dien-3-pha-chinh-xac-cao\/","url":"https:\/\/kawasan.vn\/san-pham\/dong-ho-dien-3-pha-kawasan-apm-3p-60a-380v-60a-cong-to-dien-3-pha-chinh-xac-cao\/","name":"\u0110\u1ed3ng H\u1ed3 \u0110i\u1ec7n 3 Pha Kawasan APM-3P-60A 380V\/60A \u2013 C\u00f4ng T\u01a1 \u0110i\u1ec7n 3 Pha Ch\u00ednh X\u00e1c Cao - Kawasan","isPartOf":{"@id":"https:\/\/kawasan.vn\/#website"},"primaryImageOfPage":{"@id":"https:\/\/kawasan.vn\/san-pham\/dong-ho-dien-3-pha-kawasan-apm-3p-60a-380v-60a-cong-to-dien-3-pha-chinh-xac-cao\/#primaryimage"},"image":{"@id":"https:\/\/kawasan.vn\/san-pham\/dong-ho-dien-3-pha-kawasan-apm-3p-60a-380v-60a-cong-to-dien-3-pha-chinh-xac-cao\/#primaryimage"},"thumbnailUrl":"https:\/\/kawasan.vn\/wp-content\/uploads\/2026\/03\/1.png","datePublished":"2026-03-18T02:54:05+00:00","dateModified":"2026-03-26T02:30:31+00:00","breadcrumb":{"@id":"https:\/\/kawasan.vn\/san-pham\/dong-ho-dien-3-pha-kawasan-apm-3p-60a-380v-60a-cong-to-dien-3-pha-chinh-xac-cao\/#breadcrumb"},"inLanguage":"en-US","potentialAction":[{"@type":"ReadAction","target":["https:\/\/kawasan.vn\/san-pham\/dong-ho-dien-3-pha-kawasan-apm-3p-60a-380v-60a-cong-to-dien-3-pha-chinh-xac-cao\/"]}]},{"@type":"ImageObject","inLanguage":"en-US","@id":"https:\/\/kawasan.vn\/san-pham\/dong-ho-dien-3-pha-kawasan-apm-3p-60a-380v-60a-cong-to-dien-3-pha-chinh-xac-cao\/#primaryimage","url":"https:\/\/kawasan.vn\/wp-content\/uploads\/2026\/03\/1.png","contentUrl":"https:\/\/kawasan.vn\/wp-content\/uploads\/2026\/03\/1.png","width":900,"height":900},{"@type":"BreadcrumbList","@id":"https:\/\/kawasan.vn\/san-pham\/dong-ho-dien-3-pha-kawasan-apm-3p-60a-380v-60a-cong-to-dien-3-pha-chinh-xac-cao\/#breadcrumb","itemListElement":[{"@type":"ListItem","position":1,"name":"Trang ch\u1ee7","item":"https:\/\/kawasan.vn\/"},{"@type":"ListItem","position":2,"name":"S\u1ea3n ph\u1ea9m","item":"https:\/\/kawasan.vn\/san-pham\/"},{"@type":"ListItem","position":3,"name":"\u0110\u1ed3ng H\u1ed3 \u0110i\u1ec7n 3 Pha Kawasan APM-3P-60A 380V\/60A \u2013 C\u00f4ng T\u01a1 \u0110i\u1ec7n 3 Pha Ch\u00ednh X\u00e1c Cao"}]},{"@type":"WebSite","@id":"https:\/\/kawasan.vn\/#website","url":"https:\/\/kawasan.vn\/","name":"Kawasan","description":"","potentialAction":[{"@type":"SearchAction","target":{"@type":"EntryPoint","urlTemplate":"https:\/\/kawasan.vn\/?s={search_term_string}"},"query-input":{"@type":"PropertyValueSpecification","valueRequired":true,"valueName":"search_term_string"}}],"inLanguage":"en-US"}]}},"_links":{"self":[{"href":"https:\/\/kawasan.vn\/en\/wp-json\/wp\/v2\/product\/30468","targetHints":{"allow":["GET"]}}],"collection":[{"href":"https:\/\/kawasan.vn\/en\/wp-json\/wp\/v2\/product"}],"about":[{"href":"https:\/\/kawasan.vn\/en\/wp-json\/wp\/v2\/types\/product"}],"replies":[{"embeddable":true,"href":"https:\/\/kawasan.vn\/en\/wp-json\/wp\/v2\/comments?post=30468"}],"version-history":[{"count":5,"href":"https:\/\/kawasan.vn\/en\/wp-json\/wp\/v2\/product\/30468\/revisions"}],"predecessor-version":[{"id":30567,"href":"https:\/\/kawasan.vn\/en\/wp-json\/wp\/v2\/product\/30468\/revisions\/30567"}],"wp:featuredmedia":[{"embeddable":true,"href":"https:\/\/kawasan.vn\/en\/wp-json\/wp\/v2\/media\/30469"}],"wp:attachment":[{"href":"https:\/\/kawasan.vn\/en\/wp-json\/wp\/v2\/media?parent=30468"}],"wp:term":[{"taxonomy":"product_cat","embeddable":true,"href":"https:\/\/kawasan.vn\/en\/wp-json\/wp\/v2\/product_cat?post=30468"},{"taxonomy":"product_tag","embeddable":true,"href":"https:\/\/kawasan.vn\/en\/wp-json\/wp\/v2\/product_tag?post=30468"}],"curies":[{"name":"wp","href":"https:\/\/api.w.org\/{rel}","templated":true}]}}