{"id":29305,"date":"2025-11-18T09:08:18","date_gmt":"2025-11-18T02:08:18","guid":{"rendered":"https:\/\/kawasan.vn\/?post_type=product&#038;p=29305"},"modified":"2025-12-18T11:10:45","modified_gmt":"2025-12-18T04:10:45","slug":"cong-tac-dieu-khien-tu-xa-cong-xuat-cao-model-rf18a","status":"publish","type":"product","link":"https:\/\/kawasan.vn\/en\/product\/cong-tac-dieu-khien-tu-xa-cong-xuat-cao-model-rf18a\/","title":{"rendered":"C\u00f4ng T\u1eafc \u0110i\u1ec1u Khi\u1ec3n T\u1eeb Xa C\u00f4ng Xu\u1ea5t Cao &#8211; Model: RF18A"},"content":{"rendered":"<h2><span class=\"ez-toc-section\" id=\"CONG_TAC_DIEU_KHIEN_TU_XA_CUA_KAWASAN_CO_DIEM_GI_KHAC_BIET\"><\/span>C\u00d4NG T\u1eaeC\u00a0\u0110I\u1ec0U KHI\u1ec2N T\u1eea XA C\u1ee6A KAWASAN C\u00d3 \u0110I\u1ec2M G\u00cc KH\u00c1C BI\u1ec6T?<span class=\"ez-toc-section-end\"><\/span><\/h2><div id=\"ez-toc-container\" class=\"ez-toc-v2_0_69_1 counter-hierarchy ez-toc-counter ez-toc-grey ez-toc-container-direction\">\n<div class=\"ez-toc-title-container\">\n<p class=\"ez-toc-title\" >N\u1ed9i Dung B&agrave;i Vi\u1ebft<\/p>\n<span class=\"ez-toc-title-toggle\"><a href=\"#\" class=\"ez-toc-pull-right ez-toc-btn ez-toc-btn-xs ez-toc-btn-default ez-toc-toggle\" aria-label=\"Toggle Table of Content\"><span class=\"ez-toc-js-icon-con\"><span class=\"\"><span class=\"eztoc-hide\" style=\"display:none;\">Toggle<\/span><span class=\"ez-toc-icon-toggle-span\"><svg style=\"fill: #999;color:#999\" xmlns=\"http:\/\/www.w3.org\/2000\/svg\" class=\"list-377408\" width=\"20px\" height=\"20px\" viewbox=\"0 0 24 24\" fill=\"none\"><path d=\"M6 6H4v2h2V6zm14 0H8v2h12V6zM4 11h2v2H4v-2zm16 0H8v2h12v-2zM4 16h2v2H4v-2zm16 0H8v2h12v-2z\" fill=\"currentColor\"><\/path><\/svg><svg style=\"fill: #999;color:#999\" class=\"arrow-unsorted-368013\" xmlns=\"http:\/\/www.w3.org\/2000\/svg\" width=\"10px\" height=\"10px\" viewbox=\"0 0 24 24\" version=\"1.2\" baseprofile=\"tiny\"><path d=\"M18.2 9.3l-6.2-6.3-6.2 6.3c-.2.2-.3.4-.3.7s.1.5.3.7c.2.2.4.3.7.3h11c.3 0 .5-.1.7-.3.2-.2.3-.5.3-.7s-.1-.5-.3-.7zM5.8 14.7l6.2 6.3 6.2-6.3c.2-.2.3-.5.3-.7s-.1-.5-.3-.7c-.2-.2-.4-.3-.7-.3h-11c-.3 0-.5.1-.7.3-.2.2-.3.5-.3.7s.1.5.3.7z\"\/><\/svg><\/span><\/span><\/span><\/a><\/span><\/div>\n<nav><ul class='ez-toc-list ez-toc-list-level-1 eztoc-toggle-hide-by-default' ><li class='ez-toc-page-1 ez-toc-heading-level-2'><a class=\"ez-toc-link ez-toc-heading-1\" href=\"https:\/\/kawasan.vn\/en\/product\/cong-tac-dieu-khien-tu-xa-cong-xuat-cao-model-rf18a\/#CONG_TAC_DIEU_KHIEN_TU_XA_CUA_KAWASAN_CO_DIEM_GI_KHAC_BIET\" title=\"C\u00d4NG T\u1eaeC\u00a0\u0110I\u1ec0U KHI\u1ec2N T\u1eea XA C\u1ee6A KAWASAN C\u00d3 \u0110I\u1ec2M G\u00cc KH\u00c1C BI\u1ec6T?\">C\u00d4NG T\u1eaeC\u00a0\u0110I\u1ec0U KHI\u1ec2N T\u1eea XA C\u1ee6A KAWASAN C\u00d3 \u0110I\u1ec2M G\u00cc KH\u00c1C BI\u1ec6T?<\/a><\/li><li class='ez-toc-page-1 ez-toc-heading-level-2'><a class=\"ez-toc-link ez-toc-heading-2\" href=\"https:\/\/kawasan.vn\/en\/product\/cong-tac-dieu-khien-tu-xa-cong-xuat-cao-model-rf18a\/#CONG_TAC_DIEN_DIEU_KHIEN_TU_XA_BANG_REMOTE_DUOC_UNG_DUNG_THE_NAO\" title=\"C\u00d4NG T\u1eaeC \u0110I\u1ec6N \u0110I\u1ec0U KHI\u1ec2N T\u1eea XA B\u1eb0NG REMOTE \u0110\u01af\u1ee2C \u1ee8NG D\u1ee4NG TH\u1ebe N\u00c0O?\">C\u00d4NG T\u1eaeC \u0110I\u1ec6N \u0110I\u1ec0U KHI\u1ec2N T\u1eea XA B\u1eb0NG REMOTE \u0110\u01af\u1ee2C \u1ee8NG D\u1ee4NG TH\u1ebe N\u00c0O?<\/a><\/li><li class='ez-toc-page-1 ez-toc-heading-level-2'><a class=\"ez-toc-link ez-toc-heading-3\" href=\"https:\/\/kawasan.vn\/en\/product\/cong-tac-dieu-khien-tu-xa-cong-xuat-cao-model-rf18a\/#TAI_SAO_NEN_CHON_KAWASAN\" title=\"T\u1ea0I SAO N\u00caN CH\u1eccN KAWASAN?\">T\u1ea0I SAO N\u00caN CH\u1eccN KAWASAN?<\/a><\/li><li class='ez-toc-page-1 ez-toc-heading-level-2'><a class=\"ez-toc-link ez-toc-heading-4\" href=\"https:\/\/kawasan.vn\/en\/product\/cong-tac-dieu-khien-tu-xa-cong-xuat-cao-model-rf18a\/#Cam_ket_tu_Kawasan\" title=\"Cam k\u1ebft t\u1eeb Kawasan\">Cam k\u1ebft t\u1eeb Kawasan<\/a><\/li><\/ul><\/nav><\/div>\n\n<p>C\u00f4ng T\u1eafc \u0110i\u1ec1u Khi\u1ec3n T\u1eeb Xa C\u00f4ng Su\u1ea5t Cao RF18A-RM2C c\u1ee7a Kawasan, \u0111\u01b0\u1ee3c thi\u1ebft k\u1ebf chuy\u00ean d\u00f9ng cho c\u00e1c nhu c\u1ea7u \u0111i\u1ec1u khi\u1ec3n t\u1eeb xa cho b\u01a1m t\u01b0\u1edbi cho n\u00f4ng nghi\u1ec7p c\u00e0 ph\u00ea, ti\u00eau, v\u01b0\u1eddn lan d\u00f9ng cho b\u01a1m 3HP tr\u1ef1c ti\u1ebfp.<\/p>\n<p>Thi\u1ebft b\u1ecb d\u00f9ng ngu\u1ed3n xung c\u00e1ch ly v\u1edbi \u0111i\u1ec7n \u00e1p c\u1ea5p 110V ~ 240V. 50-60Hz, 25A.<\/p>\n<p>T\u1ea5t c\u1ea3 c\u00e1c linh ki\u1ec7n l\u1eafp n\u00ean thi\u1ebft b\u1ecb ch\u1ea5t l\u01b0\u1ee3ng nh\u1eadp t\u1eeb nhi\u1ec1u nh\u00e0 s\u1ea3n xu\u1ea5t n\u1ed5i ti\u1ebfng tr\u00ean th\u1ebf gi\u1edbi. T\u00edch h\u1ee3p th\u00eam t\u00ednh n\u0103ng ch\u1ed1ng nhi\u1ec5u \u0111i\u1ec7n t\u1eeb EMC, tr\u00e1nh \u0111\u01b0\u1ee3c c\u00e1c v\u1ea5n \u0111\u1ec3 l\u1ed7i t\u1ef1 b\u1eadt ng\u1eabu nhi\u00ean do nhi\u1ec5u \u0111i\u1ec7n t\u1eeb v\u00e0 nhi\u1ec5u s\u00f3ng t\u1eeb c\u00e1c nh\u00e0 m\u00e1y.<\/p>\n<p>S\u00f3ng RF433Mhz c\u00f3 kh\u1ea3 n\u0103ng truy\u1ec1n t\u00edn hi\u1ec7u xuy\u00ean v\u1eadt c\u1ea3n t\u1ed1t nh\u01b0 k\u00ednh, g\u1ed7, t\u01b0\u1eddng m\u1ecfng, b\u00ea t\u00f4ng\u2026<\/p>\n<p>Thi\u1ebft b\u1ecb \u0111i\u1ec1u khi\u1ec3n t\u1eeb xa RF18A &#8211; RM2C linh \u0111\u1ed9ng v\u1edbi kh\u1ea3 n\u0103ng t\u00edch h\u1ee3p th\u00eam nhi\u1ec1u lo\u1ea1i remote kh\u00e1c nhau cho c\u00e1c nhu c\u1ea7u t\u0103ng kho\u1ea3ng c\u00e1ch \u0111i\u1ec1u khi\u1ec3n t\u1eeb 300-500m, v\u1edbi 3 lo\u1ea1i remote c\u00f9ng t\u1ea7n s\u1ed1.<\/p>\n<p>S\u1ed1 l\u01b0\u1ee3ng l\u00ean \u0111\u1ebfn 5 remote \u0111\u1ec3 c\u00f3 th\u1ec3 chia s\u1ebb cho ng\u01b0\u1eddi th\u00e2n trong gia \u0111\u00ecnh d\u00f9ng khi c\u1ea7n,<\/p>\n<p>&nbsp;<\/p>\n<p><img loading=\"lazy\" decoding=\"async\" class=\"wp-image-21671 aligncenter\" src=\"https:\/\/kawasan.vn\/wp-content\/uploads\/2025\/01\/RF18A.jpg\" alt=\"\" width=\"275\" height=\"278\" \/><\/p>\n<p>&nbsp;<\/p>\n<h2><span class=\"ez-toc-section\" id=\"CONG_TAC_DIEN_DIEU_KHIEN_TU_XA_BANG_REMOTE_DUOC_UNG_DUNG_THE_NAO\"><\/span>C\u00d4NG T\u1eaeC \u0110I\u1ec6N \u0110I\u1ec0U KHI\u1ec2N T\u1eea XA B\u1eb0NG REMOTE \u0110\u01af\u1ee2C \u1ee8NG D\u1ee4NG TH\u1ebe N\u00c0O?<span class=\"ez-toc-section-end\"><\/span><\/h2>\n<p>C\u00f4ng t\u1eafc \u0111i\u1ec1u khi\u1ec3n t\u1eeb xa c\u00f4ng su\u1ea5t cao RF18A-RM2C. \u0110i\u1ec1u khi\u1ec3n h\u1ec7 th\u1ed1ng b\u01a1m t\u01b0\u1edbi cho v\u01b0\u1eddn tr\u00e1i c\u00e2y, v\u01b0\u1eddn cafe, b\u01a1m s\u1ee5c kh\u00ed h\u1ed3 c\u00e1: Gi\u00fap cho ng\u01b0\u1eddi d\u00f9ng c\u00f3 th\u1ec3 ch\u1ee7 \u0111\u1ed9ng b\u1eadt t\u1eaft t\u1eeb xa m\u00e0 kh\u00f4ng c\u1ea7n ph\u1ea3i di chuy\u1ec3n nhi\u1ec1u. C\u00f3 th\u00eam th\u1eddi gian l\u00e0m c\u00e1c vi\u1ec7c kh\u00e1c, ti\u1ebft ki\u1ec7m chi ph\u00ed nh\u00e2n s\u1ef1.<\/p>\n<p><img loading=\"lazy\" decoding=\"async\" class=\"wp-image-16979 aligncenter\" title=\"D\u00f9ng nhi\u1ec1u cho v\u01b0\u1eddn tr\u00e1i c\u00e2y, v\u01b0\u1eddn rau, v\u01b0\u1eddn cafe\" src=\"https:\/\/kawasan.vn\/wp-content\/uploads\/2023\/11\/dieu-khien-tu-xa-RF15B-1.jpg\" alt=\"D\u00f9ng nhi\u1ec1u cho v\u01b0\u1eddn tr\u00e1i c\u00e2y, v\u01b0\u1eddn rau, v\u01b0\u1eddn cafe\" width=\"1000\" height=\"210\" srcset=\"https:\/\/kawasan.vn\/wp-content\/uploads\/2023\/11\/dieu-khien-tu-xa-RF15B-1-768x161.jpg 768w, https:\/\/kawasan.vn\/wp-content\/uploads\/2023\/11\/dieu-khien-tu-xa-RF15B-1-640x134.jpg 640w, https:\/\/kawasan.vn\/wp-content\/uploads\/2023\/11\/dieu-khien-tu-xa-RF15B-1-400x84.jpg 400w, https:\/\/kawasan.vn\/wp-content\/uploads\/2023\/11\/dieu-khien-tu-xa-RF15B-1-1000x210.jpg 1000w\" sizes=\"auto, (max-width: 1000px) 100vw, 1000px\" \/><\/p>\n<div id=\"attachment_4231\" class=\"wp-caption aligncenter\">\n<figure id=\"attachment_16979\" class=\"wp-caption alignnone\" aria-describedby=\"caption-attachment-16979\"><figcaption id=\"caption-attachment-16979\" class=\"wp-caption-text\">D\u00f9ng nhi\u1ec1u cho v\u01b0\u1eddn tr\u00e1i c\u00e2y, v\u01b0\u1eddn rau, v\u01b0\u1eddn cafe<\/figcaption><\/figure>\n<\/div>\n<div id=\"attachment_4233\" class=\"wp-caption aligncenter\">\n<figure id=\"attachment_16978\" class=\"wp-caption aligncenter\" style=\"width: 478px;\" aria-describedby=\"caption-attachment-16978\"><img loading=\"lazy\" decoding=\"async\" class=\"alignleft wp-image-21679\" title=\"C\u00f4ng t\u1eafc \u0111i\u1ec7n \u0111i\u1ec1u khi\u1ec3n t\u1eeb xa h\u1ec7 th\u1ed1ng b\u01a1m t\u01b0\u1edbi c\u00e2y c\u00f4ng nghi\u1ec7p\" src=\"https:\/\/kawasan.vn\/wp-content\/uploads\/2025\/01\/tuoi-lan.jpg\" alt=\"\" width=\"478\" height=\"255\" \/><figcaption id=\"caption-attachment-16978\" class=\"wp-caption-text\">C\u00f4ng t\u1eafc \u0111i\u1ec7n \u0111i\u1ec1u khi\u1ec3n t\u1eeb xa h\u1ec7 th\u1ed1ng b\u01a1m t\u01b0\u1edbi v\u01b0\u1eddn c\u00e2y hoa Lan<\/figcaption><\/figure>\n<\/div>\n<p>\u0110i\u1ec1u khi\u1ec3n h\u1ec7 th\u1ed1ng \u0111\u00e8n chi\u1ebfu s\u00e1ng tr\u01b0ng b\u00e0y h\u00e0ng h\u00f3a trong c\u1eeda h\u00e0ng, b\u1ea3ng hi\u1ec7u showroom: Nh\u00e2n vi\u00ean b\u00e1n h\u00e0ng c\u00f3 th\u1ec3 ch\u1ee7 \u0111\u1ed9ng t\u1eaft b\u1edbt \u0111\u00e8n chi\u1ebfu s\u00e1ng trong th\u1eddi \u0111i\u1ec3m \u00edt kh\u00e1ch. Gi\u00fap ti\u1ebft ki\u1ec7m \u0111i\u1ec7n \u0111\u00e1ng k\u1ec3<\/p>\n<div id=\"attachment_6460\" class=\"wp-caption aligncenter\">\n<figure id=\"attachment_16973\" class=\"wp-caption aligncenter\" style=\"width: 551px;\" aria-describedby=\"caption-attachment-16973\"><img loading=\"lazy\" decoding=\"async\" class=\"alignleft wp-image-21678\" title=\"Ti\u1ebft ki\u1ec7m \u0111i\u1ec7n v\u00e0 th\u1eddi gian \u0111i l\u1ea1i b\u00e2t \u2013 t\u1eaft \u0111\u00e8n c\u1ee7a nh\u00e2n vi\u00ean v\u00f4 c\u00f9ng hi\u1ec7u qu\u1ea3\" src=\"https:\/\/kawasan.vn\/wp-content\/uploads\/2025\/01\/dk-showroom.jpg\" alt=\"\" width=\"551\" height=\"341\" \/><figcaption id=\"caption-attachment-16973\" class=\"wp-caption-text\">Ti\u1ebft ki\u1ec7m \u0111i\u1ec7n v\u00e0 th\u1eddi gian \u0111i l\u1ea1i b\u00e2t \u2013 t\u1eaft \u0111\u00e8n c\u1ee7a nh\u00e2n vi\u00ean v\u00f4 c\u00f9ng hi\u1ec7u qu\u1ea3<\/figcaption><\/figure>\n<\/div>\n<p>\u0110i\u1ec1u khi\u1ec3n ti\u1ec7n l\u1ee3i khi nhu c\u1ea7u \u0111i\u1ec1u khi\u1ec3n trong tr\u01b0\u1eddng h\u1ee3p tr\u00e8o cao, c\u00e1ch xa v\u1ecb tr\u00ed \u0111\u00f3ng ng\u1eaft \u0111i\u1ec7n. Gi\u00fap cho ng\u01b0\u1eddi d\u00f9ng kh\u00f4ng c\u1ea7n m\u1eddi th\u1eddi gian \u0111i l\u1ea1i b\u1eadt \u2013 t\u1eaft thi\u1ebft b\u1ecb.<\/p>\n<div id=\"attachment_4235\" class=\"wp-caption aligncenter\">\n<figure id=\"attachment_16975\" class=\"wp-caption aligncenter\" aria-describedby=\"caption-attachment-16975\"><figcaption id=\"caption-attachment-16975\" class=\"wp-caption-text\">\u1ee8ng d\u1ee5ng nhi\u1ec1u trong gia \u0111\u00ecnh gi\u00fap cu\u1ed9c s\u1ed1ng tho\u1ea3 m\u00e1i h\u01a1n<\/figcaption><\/figure>\n<\/div>\n<p>\u0110i\u1ec1u khi\u1ec3n m\u00e1y x\u1ecbt r\u1eeda xe, v\u1ec7 sinh m\u00e1y \u0111i\u1ec1u h\u00f2a\u2026\u0110\u1ed1i v\u1edbi c\u00e1c \u0111\u01a1n v\u1ecb r\u1eeda xe l\u1edbn th\u01b0\u1eddng c\u00f3 nhi\u1ec1u m\u00e1y b\u01a1m n\u00ean c\u1ea7n l\u1eafp nhi\u1ec1u c\u00f4ng t\u1eafc \u0111\u1ec3 \u0111i\u1ec1u khi\u1ec3n b\u01a1m khi r\u1eeda xe.<\/p>\n<div id=\"attachment_4234\" class=\"wp-caption aligncenter\">\n<figure id=\"attachment_16976\" class=\"wp-caption aligncenter\" style=\"width: 571px;\" aria-describedby=\"caption-attachment-16976\"><img loading=\"lazy\" decoding=\"async\" class=\"alignleft wp-image-21670\" title=\"\u0110i\u1ec1u khi\u1ec3n t\u1eeb xa cho c\u00e1c thi\u1ebft b\u1ecb v\u1ec7 sinh xe, m\u00e1y l\u1ea1nh, b\u01a1m\" src=\"https:\/\/kawasan.vn\/wp-content\/uploads\/2025\/01\/minh-hoa-rf18a.jpg\" alt=\"\" width=\"571\" height=\"413\" \/><figcaption id=\"caption-attachment-16976\" class=\"wp-caption-text\">\u0110i\u1ec1u khi\u1ec3n t\u1eeb xa cho h\u1ec7 th\u1ed1ng b\u01a1m t\u01b0\u1edbi c\u00e2y n\u00f4ng nghi\u1ec7p<\/figcaption><\/figure>\n<\/div>\n<h2><span class=\"ez-toc-section\" id=\"TAI_SAO_NEN_CHON_KAWASAN\"><\/span>T\u1ea0I SAO N\u00caN CH\u1eccN KAWASAN?<span class=\"ez-toc-section-end\"><\/span><\/h2>\n<ul>\n<li><strong>Th\u01b0\u01a1ng hi\u1ec7u h\u00e0ng \u0111\u1ea7u Vi\u1ec7t Nam <\/strong>trong l\u0129nh v\u1ef1c \u0111i\u1ec7n t\u1ef1 \u0111\u1ed9ng, an ninh, an to\u00e0n v\u00e0 \u0111i\u1ec7n th\u00f4ng minh t\u1eeb 2007 v\u00e0 \u0111\u00e8n led d\u00e2n d\u1ee5ng, \u0111\u00e8n n\u0103ng l\u01b0\u1ee3ng m\u1eb7t tr\u1eddi t\u1eeb n\u0103m 2012<\/li>\n<li><strong>\u0110\u1ed9 b\u1ec1n cao, linh ki\u1ec7n ch\u1ecdn l\u1ecdc<\/strong>\u2013 Ho\u1ea1t \u0111\u1ed9ng \u1ed5n \u0111\u1ecbnh c\u1ea3 trong \u0111i\u1ec1u ki\u1ec7n th\u1eddi ti\u1ebft kh\u1eafc nghi\u1ec7t<\/li>\n<li><strong>Ch\u00ednh s\u00e1ch b\u1ea3o h\u00e0nh v\u01b0\u1ee3t tr\u1ed9i<\/strong>\u2013 H\u1ed7 tr\u1ee3 s\u1eeda ch\u1eefa c\u1ea3 sau th\u1eddi gian b\u1ea3o h\u00e0nh n\u1ebfu c\u00f2n kh\u1ea3 n\u0103ng kh\u1eafc ph\u1ee5c<\/li>\n<li><strong>Kawasan hi\u1ec7n c\u00f3 tr\u1ee5 s\u1edf t\u1ea1i HCM, chi nh\u00e1nh t\u1ea1i H\u00e0 N\u1ed9i, \u0110\u00e0 N\u1eb5ng v\u00e0 x\u01b0\u1edfng SX, L\u1eafp r\u00e1p t\u1ea1i Q12. HCM.<\/strong><\/li>\n<li><strong>D\u1ecbch v\u1ee5 h\u1ed7 tr\u1ee3 24\/7<\/strong>, m\u1ea1ng l\u01b0\u1edbi \u0111\u1ea1i l\u00fd ph\u1ee7 kh\u1eafp c\u1ea3 n\u01b0\u1edbc<\/li>\n<\/ul>\n<h2><span class=\"ez-toc-section\" id=\"Cam_ket_tu_Kawasan\"><\/span><strong>Cam k\u1ebft t\u1eeb Kawasan<\/strong><span class=\"ez-toc-section-end\"><\/span><\/h2>\n<p>Kawasan cam k\u1ebft mang \u0111\u1ebfn s\u1ea3n ph\u1ea9m\u00a0<strong>ch\u00ednh h\u00e3ng \u2013 b\u1ec1n b\u1ec9 \u2013 an to\u00e0n<\/strong>, \u0111\u00e1p \u1ee9ng \u0111\u1ea7y \u0111\u1ee7 c\u00e1c ti\u00eau chu\u1ea9n k\u1ef9 thu\u1eadt v\u00e0 y\u00eau c\u1ea7u s\u1eed d\u1ee5ng th\u1ef1c t\u1ebf.<br \/>\nT\u1ea5t c\u1ea3 s\u1ea3n ph\u1ea9m \u0111\u01b0\u1ee3c b\u1ea3o h\u00e0nh\u00a0<strong>mi\u1ec5n ph\u00ed 24 th\u00e1ng<\/strong>, 1 \u0111\u1ed5i 1 trong v\u00f2ng 30 ng\u00e0y n\u1ebfu l\u1ed7i k\u1ef9 thu\u1eadt. Ngo\u00e0i ra, kh\u00e1ch h\u00e0ng c\u00f2n \u0111\u01b0\u1ee3c h\u1ed7 tr\u1ee3 s\u1eeda ch\u1eefa sau khi h\u1ebft th\u1eddi gian b\u1ea3o h\u00e0nh n\u1ebfu s\u1ea3n ph\u1ea9m c\u00f2n kh\u1ea3 n\u0103ng ph\u1ee5c h\u1ed3i,\u00a0<strong>kh\u00f4ng t\u00ednh ph\u00ed<\/strong>\u00a0n\u1ebfu chi ph\u00ed linh ki\u1ec7n thay th\u1ebf kh\u00f4ng \u0111\u00e1ng k\u1ec3.<\/p>\n<p><strong>Kh\u00e1ch h\u00e0ng c\u00f3 th\u1ec3 t\u00ecm mua s\u1ea3n ph\u1ea9m t\u1ea1i c\u00e1c \u0111\u1ea1i l\u00fd thu\u1ed9c <\/strong><a href=\"https:\/\/kawasan.vn\/en\/he-thong-phan-phoi\/\"><strong>H\u1ec6 TH\u1ed0NG PH\u00c2N PH\u1ed0I TO\u00c0N QU\u1ed0C<\/strong><\/a><strong> t\u1ea1i c\u00e1c t\u1ec9nh th\u00e0nh ho\u1eb7c c\u00f3 th\u1ec3 d\u1eb7t h\u00e0ng tr\u00ean website.<\/strong><\/p>\n<p><strong>Mua ch\u00ednh h\u00e3ng t\u1ea1i:<\/strong><\/p>\n<ul>\n<li>Li\u00ean h\u1ec7 tr\u1ef1c ti\u1ebfp ph\u00f2ng kinh doanh \u0111\u1ec3 \u0111\u01b0\u1ee3c b\u00e1o gi\u00e1 s\u1ec9, gi\u00e1 \u0111\u1ea1i l\u200e\u00fd \/ NPP: 0825 411 408 \/ 0911 757234<\/li>\n<li>Website:\u00a0<a href=\"https:\/\/kawasan.vn\/en\/\">kawasan.vn<\/a> (\u0110\u1ed1i v\u1edbi s\u1ea3n ph\u1ea9m Kawasan)<\/li>\n<li>Website: <a href=\"https:\/\/www.kawaled.com.vn\/\">kawaled.com.vn<\/a> (\u0110\u1ed1i v\u1edbi s\u1ea3n ph\u1ea9m Kawaled)<\/li>\n<li>\u0110\u1eb7t mua ngay t\u1ea1i C\u00f4ng T\u1eafc \u0110i\u1ec1u Khi\u1ec3n T\u1eeb Xa C\u00f4ng Su\u1ea5t Cao RF18A-RM2C<\/li>\n<li aria-level=\"1\">Tham kh\u1ea3o th\u00eam th\u00f4ng tin b\u1ed5 \u00edch v\u1ec1 s\u1ea3n ph\u1ea9m<\/li>\n<li aria-level=\"1\">Xem Video tr\u1ef1c ti\u1ebfp v\u1ec1 s\u1ea3n ph\u1ea9m<a href=\"https:\/\/youtu.be\/MU7lIWvxBm4?si=B8NHD7dF_TeYemn7\"> t\u1ea1i \u0111\u00e2y<\/a><\/li>\n<\/ul>","protected":false},"excerpt":{"rendered":"<p>C\u00d4NG T\u1eaeC\u00a0\u0110I\u1ec0U KHI\u1ec2N T\u1eea XA C\u1ee6A KAWASAN C\u00d3 \u0110I\u1ec2M G\u00cc KH\u00c1C BI\u1ec6T? C\u00f4ng T\u1eafc \u0110i\u1ec1u Khi\u1ec3n T\u1eeb Xa C\u00f4ng Su\u1ea5t Cao RF18A-RM2C c\u1ee7a Kawasan, \u0111\u01b0\u1ee3c thi\u1ebft k\u1ebf chuy\u00ean d\u00f9ng cho c\u00e1c nhu c\u1ea7u \u0111i\u1ec1u khi\u1ec3n t\u1eeb xa cho b\u01a1m t\u01b0\u1edbi cho n\u00f4ng nghi\u1ec7p c\u00e0 ph\u00ea, ti\u00eau, v\u01b0\u1eddn lan d\u00f9ng cho b\u01a1m 3HP tr\u1ef1c ti\u1ebfp. Thi\u1ebft [&hellip;]<\/p>","protected":false},"featured_media":29582,"comment_status":"open","ping_status":"closed","template":"","meta":{"_yoast_wpseo_focuskw":"","_yoast_wpseo_metadesc":"","_yoast_wpseo_focuskeywords":"","_yoast_wpseo_keyword_synonyms":""},"product_cat":[509,895,63],"product_tag":[],"class_list":["post-29305","product","type-product","status-publish","has-post-thumbnail","hentry","product_cat-cong-tac-dieu-khien-tu-xa-bang-remote","product_cat-dieu-khien-bang-remote","product_cat-cong-tac-dieu-khien-tu-xa"],"acf":[],"yoast_head":"<!-- This site is optimized with the Yoast SEO Premium plugin v24.9 (Yoast SEO v24.9) - https:\/\/yoast.com\/wordpress\/plugins\/seo\/ -->\n<title>C\u00f4ng T\u1eafc \u0110i\u1ec1u Khi\u1ec3n T\u1eeb Xa C\u00f4ng Xu\u1ea5t Cao - Model: RF18A - Kawasan<\/title>\n<meta name=\"robots\" content=\"index, follow, max-snippet:-1, max-image-preview:large, max-video-preview:-1\" \/>\n<link rel=\"canonical\" href=\"https:\/\/kawasan.vn\/en\/product\/cong-tac-dieu-khien-tu-xa-cong-xuat-cao-model-rf18a\/\" \/>\n<meta property=\"og:locale\" content=\"en_US\" \/>\n<meta property=\"og:type\" content=\"article\" \/>\n<meta property=\"og:title\" content=\"C\u00f4ng T\u1eafc \u0110i\u1ec1u Khi\u1ec3n T\u1eeb Xa C\u00f4ng Xu\u1ea5t Cao - Model: RF18A\" \/>\n<meta property=\"og:description\" content=\"C\u00d4NG T\u1eaeC\u00a0\u0110I\u1ec0U KHI\u1ec2N T\u1eea XA C\u1ee6A KAWASAN C\u00d3 \u0110I\u1ec2M G\u00cc KH\u00c1C BI\u1ec6T? C\u00f4ng T\u1eafc \u0110i\u1ec1u Khi\u1ec3n T\u1eeb Xa C\u00f4ng Su\u1ea5t Cao RF18A-RM2C c\u1ee7a Kawasan, \u0111\u01b0\u1ee3c thi\u1ebft k\u1ebf chuy\u00ean d\u00f9ng cho c\u00e1c nhu c\u1ea7u \u0111i\u1ec1u khi\u1ec3n t\u1eeb xa cho b\u01a1m t\u01b0\u1edbi cho n\u00f4ng nghi\u1ec7p c\u00e0 ph\u00ea, ti\u00eau, v\u01b0\u1eddn lan d\u00f9ng cho b\u01a1m 3HP tr\u1ef1c ti\u1ebfp. Thi\u1ebft [&hellip;]\" \/>\n<meta property=\"og:url\" content=\"https:\/\/kawasan.vn\/en\/product\/cong-tac-dieu-khien-tu-xa-cong-xuat-cao-model-rf18a\/\" \/>\n<meta property=\"og:site_name\" content=\"Kawasan\" \/>\n<meta property=\"article:modified_time\" content=\"2025-12-18T04:10:45+00:00\" \/>\n<meta property=\"og:image\" content=\"https:\/\/kawasan.vn\/wp-content\/uploads\/2025\/11\/rf18a.png\" \/>\n\t<meta property=\"og:image:width\" content=\"900\" \/>\n\t<meta property=\"og:image:height\" content=\"900\" \/>\n\t<meta property=\"og:image:type\" content=\"image\/png\" \/>\n<meta name=\"twitter:card\" content=\"summary_large_image\" \/>\n<meta name=\"twitter:label1\" content=\"Est. reading time\" \/>\n\t<meta name=\"twitter:data1\" content=\"6 minutes\" \/>\n<script type=\"application\/ld+json\" class=\"yoast-schema-graph\">{\"@context\":\"https:\/\/schema.org\",\"@graph\":[{\"@type\":\"WebPage\",\"@id\":\"https:\/\/kawasan.vn\/san-pham\/cong-tac-dieu-khien-tu-xa-cong-xuat-cao-model-rf18a\/\",\"url\":\"https:\/\/kawasan.vn\/san-pham\/cong-tac-dieu-khien-tu-xa-cong-xuat-cao-model-rf18a\/\",\"name\":\"C\u00f4ng T\u1eafc \u0110i\u1ec1u Khi\u1ec3n T\u1eeb Xa C\u00f4ng Xu\u1ea5t Cao - Model: RF18A - Kawasan\",\"isPartOf\":{\"@id\":\"https:\/\/kawasan.vn\/#website\"},\"primaryImageOfPage\":{\"@id\":\"https:\/\/kawasan.vn\/san-pham\/cong-tac-dieu-khien-tu-xa-cong-xuat-cao-model-rf18a\/#primaryimage\"},\"image\":{\"@id\":\"https:\/\/kawasan.vn\/san-pham\/cong-tac-dieu-khien-tu-xa-cong-xuat-cao-model-rf18a\/#primaryimage\"},\"thumbnailUrl\":\"https:\/\/kawasan.vn\/wp-content\/uploads\/2025\/11\/rf18a.png\",\"datePublished\":\"2025-11-18T02:08:18+00:00\",\"dateModified\":\"2025-12-18T04:10:45+00:00\",\"breadcrumb\":{\"@id\":\"https:\/\/kawasan.vn\/san-pham\/cong-tac-dieu-khien-tu-xa-cong-xuat-cao-model-rf18a\/#breadcrumb\"},\"inLanguage\":\"en-US\",\"potentialAction\":[{\"@type\":\"ReadAction\",\"target\":[\"https:\/\/kawasan.vn\/san-pham\/cong-tac-dieu-khien-tu-xa-cong-xuat-cao-model-rf18a\/\"]}]},{\"@type\":\"ImageObject\",\"inLanguage\":\"en-US\",\"@id\":\"https:\/\/kawasan.vn\/san-pham\/cong-tac-dieu-khien-tu-xa-cong-xuat-cao-model-rf18a\/#primaryimage\",\"url\":\"https:\/\/kawasan.vn\/wp-content\/uploads\/2025\/11\/rf18a.png\",\"contentUrl\":\"https:\/\/kawasan.vn\/wp-content\/uploads\/2025\/11\/rf18a.png\",\"width\":900,\"height\":900},{\"@type\":\"BreadcrumbList\",\"@id\":\"https:\/\/kawasan.vn\/san-pham\/cong-tac-dieu-khien-tu-xa-cong-xuat-cao-model-rf18a\/#breadcrumb\",\"itemListElement\":[{\"@type\":\"ListItem\",\"position\":1,\"name\":\"Trang ch\u1ee7\",\"item\":\"https:\/\/kawasan.vn\/\"},{\"@type\":\"ListItem\",\"position\":2,\"name\":\"S\u1ea3n ph\u1ea9m\",\"item\":\"https:\/\/kawasan.vn\/san-pham\/\"},{\"@type\":\"ListItem\",\"position\":3,\"name\":\"C\u00f4ng T\u1eafc \u0110i\u1ec1u Khi\u1ec3n T\u1eeb Xa C\u00f4ng Xu\u1ea5t Cao &#8211; Model: RF18A\"}]},{\"@type\":\"WebSite\",\"@id\":\"https:\/\/kawasan.vn\/#website\",\"url\":\"https:\/\/kawasan.vn\/\",\"name\":\"Kawasan\",\"description\":\"\",\"potentialAction\":[{\"@type\":\"SearchAction\",\"target\":{\"@type\":\"EntryPoint\",\"urlTemplate\":\"https:\/\/kawasan.vn\/?s={search_term_string}\"},\"query-input\":{\"@type\":\"PropertyValueSpecification\",\"valueRequired\":true,\"valueName\":\"search_term_string\"}}],\"inLanguage\":\"en-US\"}]}<\/script>\n<!-- \/ Yoast SEO Premium plugin. -->","yoast_head_json":{"title":"C\u00f4ng T\u1eafc \u0110i\u1ec1u Khi\u1ec3n T\u1eeb Xa C\u00f4ng Xu\u1ea5t Cao - Model: RF18A - Kawasan","robots":{"index":"index","follow":"follow","max-snippet":"max-snippet:-1","max-image-preview":"max-image-preview:large","max-video-preview":"max-video-preview:-1"},"canonical":"https:\/\/kawasan.vn\/en\/product\/cong-tac-dieu-khien-tu-xa-cong-xuat-cao-model-rf18a\/","og_locale":"en_US","og_type":"article","og_title":"C\u00f4ng T\u1eafc \u0110i\u1ec1u Khi\u1ec3n T\u1eeb Xa C\u00f4ng Xu\u1ea5t Cao - Model: RF18A","og_description":"C\u00d4NG T\u1eaeC\u00a0\u0110I\u1ec0U KHI\u1ec2N T\u1eea XA C\u1ee6A KAWASAN C\u00d3 \u0110I\u1ec2M G\u00cc KH\u00c1C BI\u1ec6T? C\u00f4ng T\u1eafc \u0110i\u1ec1u Khi\u1ec3n T\u1eeb Xa C\u00f4ng Su\u1ea5t Cao RF18A-RM2C c\u1ee7a Kawasan, \u0111\u01b0\u1ee3c thi\u1ebft k\u1ebf chuy\u00ean d\u00f9ng cho c\u00e1c nhu c\u1ea7u \u0111i\u1ec1u khi\u1ec3n t\u1eeb xa cho b\u01a1m t\u01b0\u1edbi cho n\u00f4ng nghi\u1ec7p c\u00e0 ph\u00ea, ti\u00eau, v\u01b0\u1eddn lan d\u00f9ng cho b\u01a1m 3HP tr\u1ef1c ti\u1ebfp. Thi\u1ebft [&hellip;]","og_url":"https:\/\/kawasan.vn\/en\/product\/cong-tac-dieu-khien-tu-xa-cong-xuat-cao-model-rf18a\/","og_site_name":"Kawasan","article_modified_time":"2025-12-18T04:10:45+00:00","og_image":[{"width":900,"height":900,"url":"https:\/\/kawasan.vn\/wp-content\/uploads\/2025\/11\/rf18a.png","type":"image\/png"}],"twitter_card":"summary_large_image","twitter_misc":{"Est. reading time":"6 minutes"},"schema":{"@context":"https:\/\/schema.org","@graph":[{"@type":"WebPage","@id":"https:\/\/kawasan.vn\/san-pham\/cong-tac-dieu-khien-tu-xa-cong-xuat-cao-model-rf18a\/","url":"https:\/\/kawasan.vn\/san-pham\/cong-tac-dieu-khien-tu-xa-cong-xuat-cao-model-rf18a\/","name":"C\u00f4ng T\u1eafc \u0110i\u1ec1u Khi\u1ec3n T\u1eeb Xa C\u00f4ng Xu\u1ea5t Cao - Model: RF18A - Kawasan","isPartOf":{"@id":"https:\/\/kawasan.vn\/#website"},"primaryImageOfPage":{"@id":"https:\/\/kawasan.vn\/san-pham\/cong-tac-dieu-khien-tu-xa-cong-xuat-cao-model-rf18a\/#primaryimage"},"image":{"@id":"https:\/\/kawasan.vn\/san-pham\/cong-tac-dieu-khien-tu-xa-cong-xuat-cao-model-rf18a\/#primaryimage"},"thumbnailUrl":"https:\/\/kawasan.vn\/wp-content\/uploads\/2025\/11\/rf18a.png","datePublished":"2025-11-18T02:08:18+00:00","dateModified":"2025-12-18T04:10:45+00:00","breadcrumb":{"@id":"https:\/\/kawasan.vn\/san-pham\/cong-tac-dieu-khien-tu-xa-cong-xuat-cao-model-rf18a\/#breadcrumb"},"inLanguage":"en-US","potentialAction":[{"@type":"ReadAction","target":["https:\/\/kawasan.vn\/san-pham\/cong-tac-dieu-khien-tu-xa-cong-xuat-cao-model-rf18a\/"]}]},{"@type":"ImageObject","inLanguage":"en-US","@id":"https:\/\/kawasan.vn\/san-pham\/cong-tac-dieu-khien-tu-xa-cong-xuat-cao-model-rf18a\/#primaryimage","url":"https:\/\/kawasan.vn\/wp-content\/uploads\/2025\/11\/rf18a.png","contentUrl":"https:\/\/kawasan.vn\/wp-content\/uploads\/2025\/11\/rf18a.png","width":900,"height":900},{"@type":"BreadcrumbList","@id":"https:\/\/kawasan.vn\/san-pham\/cong-tac-dieu-khien-tu-xa-cong-xuat-cao-model-rf18a\/#breadcrumb","itemListElement":[{"@type":"ListItem","position":1,"name":"Trang ch\u1ee7","item":"https:\/\/kawasan.vn\/"},{"@type":"ListItem","position":2,"name":"S\u1ea3n ph\u1ea9m","item":"https:\/\/kawasan.vn\/san-pham\/"},{"@type":"ListItem","position":3,"name":"C\u00f4ng T\u1eafc \u0110i\u1ec1u Khi\u1ec3n T\u1eeb Xa C\u00f4ng Xu\u1ea5t Cao &#8211; Model: RF18A"}]},{"@type":"WebSite","@id":"https:\/\/kawasan.vn\/#website","url":"https:\/\/kawasan.vn\/","name":"Kawasan","description":"","potentialAction":[{"@type":"SearchAction","target":{"@type":"EntryPoint","urlTemplate":"https:\/\/kawasan.vn\/?s={search_term_string}"},"query-input":{"@type":"PropertyValueSpecification","valueRequired":true,"valueName":"search_term_string"}}],"inLanguage":"en-US"}]}},"_links":{"self":[{"href":"https:\/\/kawasan.vn\/en\/wp-json\/wp\/v2\/product\/29305","targetHints":{"allow":["GET"]}}],"collection":[{"href":"https:\/\/kawasan.vn\/en\/wp-json\/wp\/v2\/product"}],"about":[{"href":"https:\/\/kawasan.vn\/en\/wp-json\/wp\/v2\/types\/product"}],"replies":[{"embeddable":true,"href":"https:\/\/kawasan.vn\/en\/wp-json\/wp\/v2\/comments?post=29305"}],"version-history":[{"count":1,"href":"https:\/\/kawasan.vn\/en\/wp-json\/wp\/v2\/product\/29305\/revisions"}],"predecessor-version":[{"id":29306,"href":"https:\/\/kawasan.vn\/en\/wp-json\/wp\/v2\/product\/29305\/revisions\/29306"}],"wp:featuredmedia":[{"embeddable":true,"href":"https:\/\/kawasan.vn\/en\/wp-json\/wp\/v2\/media\/29582"}],"wp:attachment":[{"href":"https:\/\/kawasan.vn\/en\/wp-json\/wp\/v2\/media?parent=29305"}],"wp:term":[{"taxonomy":"product_cat","embeddable":true,"href":"https:\/\/kawasan.vn\/en\/wp-json\/wp\/v2\/product_cat?post=29305"},{"taxonomy":"product_tag","embeddable":true,"href":"https:\/\/kawasan.vn\/en\/wp-json\/wp\/v2\/product_tag?post=29305"}],"curies":[{"name":"wp","href":"https:\/\/api.w.org\/{rel}","templated":true}]}}