{"id":29025,"date":"2025-10-28T15:56:42","date_gmt":"2025-10-28T08:56:42","guid":{"rendered":"https:\/\/kawasan.vn\/?post_type=product&#038;p=29025"},"modified":"2026-05-04T08:47:08","modified_gmt":"2026-05-04T01:47:08","slug":"tam-pin-nang-luong-mat-troi-mono-solarcity-630w","status":"publish","type":"product","link":"https:\/\/kawasan.vn\/en\/product\/tam-pin-nang-luong-mat-troi-mono-solarcity-630w\/","title":{"rendered":"T\u1ea5m Pin N\u0103ng L\u01b0\u1ee3ng M\u1eb7t Tr\u1eddi World Energy SOLARCITY 600-630W"},"content":{"rendered":"<p><strong>T\u1ea5m Pin N\u0103ng L\u01b0\u1ee3ng M\u1eb7t Tr\u1eddi Hai M\u1eb7t K\u00ednh World Energy SOLARCITY &#8211; Gi\u1ea3i Ph\u00e1p T\u1ed1i \u01afu H\u00f3a Hi\u1ec7u Su\u1ea5t Cho M\u1ecdi C\u00f4ng Tr\u00ecnh<\/strong><\/p>\n<p>Kh\u00e1m ph\u00e1 t\u1ea5m pin n\u0103ng l\u01b0\u1ee3ng m\u1eb7t tr\u1eddi hai m\u1eb7t k\u00ednh World Energy SOLARCITY, s\u1ea3n ph\u1ea9m v\u01b0\u1ee3t tr\u1ed9i gi\u00fap t\u1ed1i \u01b0u h\u00f3a s\u1ea3n l\u01b0\u1ee3ng \u0111i\u1ec7n n\u0103ng, \u0111\u1eb7c bi\u1ec7t ph\u00f9 h\u1ee3p cho c\u00e1c c\u00f4ng tr\u00ecnh t\u1eeb h\u1ed9 gia \u0111\u00ecnh \u0111\u1ebfn c\u00e1c d\u1ef1 \u00e1n c\u00f4ng nghi\u1ec7p quy m\u00f4 l\u1edbn.<\/p>\n<h3>\u0110\u1eb7c \u0110i\u1ec3m N\u1ed5i B\u1eadt:<\/h3>\n<ul>\n<li><strong>C\u00f4ng Ngh\u1ec7 Hai M\u1eb7t K\u00ednh \u0110\u1ed9t Ph\u00e1:<\/strong> T\u1ea5m pin hai m\u1eb7t k\u00ednh gi\u00fap t\u0103ng kh\u1ea3 n\u0103ng h\u1ea5p th\u1ee5 \u00e1nh s\u00e1ng t\u1eeb c\u1ea3 m\u1eb7t tr\u01b0\u1edbc v\u00e0 m\u1eb7t sau, t\u1eeb \u0111\u00f3 t\u0103ng s\u1ea3n l\u01b0\u1ee3ng \u0111i\u1ec7n l\u00ean \u0111\u1ebfn 30% so v\u1edbi pin th\u00f4ng th\u01b0\u1eddng.<\/li>\n<li><strong>Hi\u1ec7u Su\u1ea5t Chuy\u1ec3n \u0110\u1ed5i Cao:<\/strong> V\u1edbi hi\u1ec7u su\u1ea5t chuy\u1ec3n \u0111\u1ed5i t\u1ed1i \u01b0u l\u00ean \u0111\u1ebfn 21%, s\u1ea3n ph\u1ea9m gi\u00fap b\u1ea1n t\u1eadn d\u1ee5ng t\u1ed1i \u0111a ngu\u1ed3n n\u0103ng l\u01b0\u1ee3ng m\u1eb7t tr\u1eddi.<\/li>\n<li><strong>\u0110\u1ed9 B\u1ec1n V\u01b0\u1ee3t Tr\u1ed9i:<\/strong> Thi\u1ebft k\u1ebf hai m\u1eb7t k\u00ednh gia t\u0103ng kh\u1ea3 n\u0103ng ch\u1ed1ng ch\u1ecbu, \u0111\u1ea3m b\u1ea3o ho\u1ea1t \u0111\u1ed9ng \u1ed5n \u0111\u1ecbnh trong c\u00e1c \u0111i\u1ec1u ki\u1ec7n m\u00f4i tr\u01b0\u1eddng kh\u1eafc nghi\u1ec7t nh\u01b0 m\u01b0a, gi\u00f3, v\u00e0 nhi\u1ec7t \u0111\u1ed9 cao.<\/li>\n<li><strong>\u1ee8ng D\u1ee5ng Linh Ho\u1ea1t:<\/strong> D\u1ec5 d\u00e0ng l\u1eafp \u0111\u1eb7t tr\u00ean m\u00e1i nh\u00e0, c\u00f4ng tr\u00ecnh th\u01b0\u01a1ng m\u1ea1i, nh\u00e0 k\u00ednh n\u00f4ng nghi\u1ec7p, v\u00e0 c\u00e1c khu v\u1ef1c c\u00f3 di\u1ec7n t\u00edch l\u1edbn.<\/li>\n<\/ul>\n<h3>V\u00ec Sao Ch\u1ecdn T\u1ea5m Pin Hai M\u1eb7t K\u00ednh World Energy SOLARCITY?<\/h3>\n<ul>\n<li><strong>Ti\u1ebft ki\u1ec7m chi ph\u00ed<\/strong> v\u1edbi hi\u1ec7u qu\u1ea3 thu n\u0103ng l\u01b0\u1ee3ng v\u01b0\u1ee3t tr\u1ed9i.<\/li>\n<li><strong>Tu\u1ed5i th\u1ecd cao, gi\u1ea3m chi ph\u00ed b\u1ea3o tr\u00ec<\/strong> nh\u1edd thi\u1ebft k\u1ebf hai m\u1eb7t k\u00ednh b\u1ec1n b\u1ec9.<\/li>\n<li><strong>\u0110\u00e1p \u1ee9ng ti\u00eau chu\u1ea9n qu\u1ed1c t\u1ebf v\u1ec1 ch\u1ea5t l\u01b0\u1ee3ng v\u00e0 an to\u00e0n<\/strong>, \u0111\u1ea3m b\u1ea3o \u0111\u1ea7u t\u01b0 l\u00e2u d\u00e0i, b\u1ec1n v\u1eefng.<\/li>\n<\/ul>\n<p>\u0110\u1ea7u t\u01b0 v\u00e0o t\u1ea5m pin n\u0103ng l\u01b0\u1ee3ng m\u1eb7t tr\u1eddi hai m\u1eb7t k\u00ednh World Energy SOLARCITY ngay h\u00f4m nay \u0111\u1ec3 \u0111\u00f3n \u0111\u1ea7u xu h\u01b0\u1edbng xanh, ti\u1ebft ki\u1ec7m chi ph\u00ed v\u00e0 t\u1ed1i \u01b0u h\u00f3a hi\u1ec7u su\u1ea5t cho c\u00f4ng tr\u00ecnh c\u1ee7a b\u1ea1n!<\/p>\n<p><strong>Th\u00f4ng Tin S\u1ea3n Ph\u1ea9m<\/strong><\/p>\n<p><img loading=\"lazy\" decoding=\"async\" class=\"aligncenter size-full wp-image-31057\" src=\"https:\/\/kawasan.vn\/wp-content\/uploads\/2025\/10\/WE630.png\" alt=\"\" width=\"683\" height=\"932\" srcset=\"https:\/\/kawasan.vn\/wp-content\/uploads\/2025\/10\/WE630.png 683w, https:\/\/kawasan.vn\/wp-content\/uploads\/2025\/10\/WE630-640x873.png 640w, https:\/\/kawasan.vn\/wp-content\/uploads\/2025\/10\/WE630-400x546.png 400w\" sizes=\"auto, (max-width: 683px) 100vw, 683px\" \/><img loading=\"lazy\" decoding=\"async\" class=\"aligncenter wp-image-31056 size-full\" src=\"https:\/\/kawasan.vn\/wp-content\/uploads\/2025\/10\/WE6301-e1777859149407.png\" alt=\"\" width=\"683\" height=\"847\" srcset=\"https:\/\/kawasan.vn\/wp-content\/uploads\/2025\/10\/WE6301-e1777859149407.png 683w, https:\/\/kawasan.vn\/wp-content\/uploads\/2025\/10\/WE6301-e1777859149407-640x794.png 640w, https:\/\/kawasan.vn\/wp-content\/uploads\/2025\/10\/WE6301-e1777859149407-400x496.png 400w\" sizes=\"auto, (max-width: 683px) 100vw, 683px\" \/><\/p>\n<p><strong><img loading=\"lazy\" decoding=\"async\" class=\"aligncenter\" src=\"https:\/\/kawasan.vn\/wp-content\/uploads\/2025\/10\/pin-we-630w.jpg\" width=\"695\" height=\"365\" data-thumb=\"original\" data-cke-saved-src=\"https:\/\/kawasan.vn\/wp-content\/uploads\/2025\/10\/pin-we-630w.jpg\" \/><\/strong><\/p>\n<p><strong><img loading=\"lazy\" decoding=\"async\" class=\"aligncenter\" src=\"https:\/\/kawasan.vn\/wp-content\/uploads\/2025\/10\/pin-we-630w-behind.jpg\" width=\"691\" height=\"342\" data-thumb=\"original\" data-cke-saved-src=\"https:\/\/kawasan.vn\/wp-content\/uploads\/2025\/10\/pin-we-630w-behind.jpg\" \/><\/strong><\/p>\n<p><a href=\"https:\/\/diennhalam.com\/wp-content\/uploads\/2025\/03\/SC-630W.pdf\" data-cke-saved-href=\"https:\/\/diennhalam.com\/wp-content\/uploads\/2025\/01\/DATASHEET-SC620W-650W-Dual-Glass.pdf\"><strong>Down Datasheet<\/strong><\/a><\/p>\n<p style=\"text-align: center;\">Qu\u00fd kh\u00e1ch h\u00e0ng c\u00f3 nhu c\u1ea7u l\u00e0m \u0111\u1ea1i l\u00fd, l\u1ea5y s\u1ed1 l\u01b0\u1ee3ng nhi\u1ec1u\u00a0xin li\u00ean h\u1ec7 hotline<strong>\u00a00911761010 \/ 0934141116<\/strong>\u00a0\u0111\u1ec3 \u0111\u01b0\u1ee3c h\u1ed7 tr\u1ee3, t\u01b0 v\u1ea5n.<\/p>","protected":false},"excerpt":{"rendered":"<p>T\u1ea5m Pin N\u0103ng L\u01b0\u1ee3ng M\u1eb7t Tr\u1eddi Hai M\u1eb7t K\u00ednh World Energy SOLARCITY &#8211; Gi\u1ea3i Ph\u00e1p T\u1ed1i \u01afu H\u00f3a Hi\u1ec7u Su\u1ea5t Cho M\u1ecdi C\u00f4ng Tr\u00ecnh Kh\u00e1m ph\u00e1 t\u1ea5m pin n\u0103ng l\u01b0\u1ee3ng m\u1eb7t tr\u1eddi hai m\u1eb7t k\u00ednh World Energy SOLARCITY, s\u1ea3n ph\u1ea9m v\u01b0\u1ee3t tr\u1ed9i gi\u00fap t\u1ed1i \u01b0u h\u00f3a s\u1ea3n l\u01b0\u1ee3ng \u0111i\u1ec7n n\u0103ng, \u0111\u1eb7c bi\u1ec7t ph\u00f9 h\u1ee3p cho [&hellip;]<\/p>","protected":false},"featured_media":31013,"comment_status":"open","ping_status":"closed","template":"","meta":{"_yoast_wpseo_focuskw":"","_yoast_wpseo_metadesc":"","_yoast_wpseo_focuskeywords":"","_yoast_wpseo_keyword_synonyms":""},"product_cat":[2212],"product_tag":[],"class_list":["post-29025","product","type-product","status-publish","has-post-thumbnail","hentry","product_cat-he-nang-luong-mat-troi"],"acf":[],"yoast_head":"<!-- This site is optimized with the Yoast SEO Premium plugin v24.9 (Yoast SEO v24.9) - https:\/\/yoast.com\/wordpress\/plugins\/seo\/ -->\n<title>T\u1ea5m Pin N\u0103ng L\u01b0\u1ee3ng M\u1eb7t Tr\u1eddi World Energy SOLARCITY 600-630W - Kawasan<\/title>\n<meta name=\"robots\" content=\"index, follow, max-snippet:-1, max-image-preview:large, max-video-preview:-1\" \/>\n<link rel=\"canonical\" href=\"https:\/\/kawasan.vn\/en\/product\/tam-pin-nang-luong-mat-troi-mono-solarcity-630w\/\" \/>\n<meta property=\"og:locale\" content=\"en_US\" \/>\n<meta property=\"og:type\" content=\"article\" \/>\n<meta property=\"og:title\" content=\"T\u1ea5m Pin N\u0103ng L\u01b0\u1ee3ng M\u1eb7t Tr\u1eddi World Energy SOLARCITY 600-630W\" \/>\n<meta property=\"og:description\" content=\"T\u1ea5m Pin N\u0103ng L\u01b0\u1ee3ng M\u1eb7t Tr\u1eddi Hai M\u1eb7t K\u00ednh World Energy SOLARCITY &#8211; Gi\u1ea3i Ph\u00e1p T\u1ed1i \u01afu H\u00f3a Hi\u1ec7u Su\u1ea5t Cho M\u1ecdi C\u00f4ng Tr\u00ecnh Kh\u00e1m ph\u00e1 t\u1ea5m pin n\u0103ng l\u01b0\u1ee3ng m\u1eb7t tr\u1eddi hai m\u1eb7t k\u00ednh World Energy SOLARCITY, s\u1ea3n ph\u1ea9m v\u01b0\u1ee3t tr\u1ed9i gi\u00fap t\u1ed1i \u01b0u h\u00f3a s\u1ea3n l\u01b0\u1ee3ng \u0111i\u1ec7n n\u0103ng, \u0111\u1eb7c bi\u1ec7t ph\u00f9 h\u1ee3p cho [&hellip;]\" \/>\n<meta property=\"og:url\" content=\"https:\/\/kawasan.vn\/en\/product\/tam-pin-nang-luong-mat-troi-mono-solarcity-630w\/\" \/>\n<meta property=\"og:site_name\" content=\"Kawasan\" \/>\n<meta property=\"article:modified_time\" content=\"2026-05-04T01:47:08+00:00\" \/>\n<meta property=\"og:image\" content=\"https:\/\/kawasan.vn\/wp-content\/uploads\/2025\/10\/Pin-WordEnergy610w-630w.png\" \/>\n\t<meta property=\"og:image:width\" content=\"1080\" \/>\n\t<meta property=\"og:image:height\" content=\"1080\" \/>\n\t<meta property=\"og:image:type\" content=\"image\/png\" \/>\n<meta name=\"twitter:card\" content=\"summary_large_image\" \/>\n<meta name=\"twitter:label1\" content=\"Est. reading time\" \/>\n\t<meta name=\"twitter:data1\" content=\"3 minutes\" \/>\n<script type=\"application\/ld+json\" class=\"yoast-schema-graph\">{\"@context\":\"https:\/\/schema.org\",\"@graph\":[{\"@type\":\"WebPage\",\"@id\":\"https:\/\/kawasan.vn\/san-pham\/tam-pin-nang-luong-mat-troi-mono-solarcity-630w\/\",\"url\":\"https:\/\/kawasan.vn\/san-pham\/tam-pin-nang-luong-mat-troi-mono-solarcity-630w\/\",\"name\":\"T\u1ea5m Pin N\u0103ng L\u01b0\u1ee3ng M\u1eb7t Tr\u1eddi World Energy SOLARCITY 600-630W - Kawasan\",\"isPartOf\":{\"@id\":\"https:\/\/kawasan.vn\/#website\"},\"primaryImageOfPage\":{\"@id\":\"https:\/\/kawasan.vn\/san-pham\/tam-pin-nang-luong-mat-troi-mono-solarcity-630w\/#primaryimage\"},\"image\":{\"@id\":\"https:\/\/kawasan.vn\/san-pham\/tam-pin-nang-luong-mat-troi-mono-solarcity-630w\/#primaryimage\"},\"thumbnailUrl\":\"https:\/\/kawasan.vn\/wp-content\/uploads\/2025\/10\/Pin-WordEnergy610w-630w.png\",\"datePublished\":\"2025-10-28T08:56:42+00:00\",\"dateModified\":\"2026-05-04T01:47:08+00:00\",\"breadcrumb\":{\"@id\":\"https:\/\/kawasan.vn\/san-pham\/tam-pin-nang-luong-mat-troi-mono-solarcity-630w\/#breadcrumb\"},\"inLanguage\":\"en-US\",\"potentialAction\":[{\"@type\":\"ReadAction\",\"target\":[\"https:\/\/kawasan.vn\/san-pham\/tam-pin-nang-luong-mat-troi-mono-solarcity-630w\/\"]}]},{\"@type\":\"ImageObject\",\"inLanguage\":\"en-US\",\"@id\":\"https:\/\/kawasan.vn\/san-pham\/tam-pin-nang-luong-mat-troi-mono-solarcity-630w\/#primaryimage\",\"url\":\"https:\/\/kawasan.vn\/wp-content\/uploads\/2025\/10\/Pin-WordEnergy610w-630w.png\",\"contentUrl\":\"https:\/\/kawasan.vn\/wp-content\/uploads\/2025\/10\/Pin-WordEnergy610w-630w.png\",\"width\":1080,\"height\":1080},{\"@type\":\"BreadcrumbList\",\"@id\":\"https:\/\/kawasan.vn\/san-pham\/tam-pin-nang-luong-mat-troi-mono-solarcity-630w\/#breadcrumb\",\"itemListElement\":[{\"@type\":\"ListItem\",\"position\":1,\"name\":\"Trang ch\u1ee7\",\"item\":\"https:\/\/kawasan.vn\/\"},{\"@type\":\"ListItem\",\"position\":2,\"name\":\"S\u1ea3n ph\u1ea9m\",\"item\":\"https:\/\/kawasan.vn\/san-pham\/\"},{\"@type\":\"ListItem\",\"position\":3,\"name\":\"T\u1ea5m Pin N\u0103ng L\u01b0\u1ee3ng M\u1eb7t Tr\u1eddi World Energy SOLARCITY 600-630W\"}]},{\"@type\":\"WebSite\",\"@id\":\"https:\/\/kawasan.vn\/#website\",\"url\":\"https:\/\/kawasan.vn\/\",\"name\":\"Kawasan\",\"description\":\"\",\"potentialAction\":[{\"@type\":\"SearchAction\",\"target\":{\"@type\":\"EntryPoint\",\"urlTemplate\":\"https:\/\/kawasan.vn\/?s={search_term_string}\"},\"query-input\":{\"@type\":\"PropertyValueSpecification\",\"valueRequired\":true,\"valueName\":\"search_term_string\"}}],\"inLanguage\":\"en-US\"}]}<\/script>\n<!-- \/ Yoast SEO Premium plugin. -->","yoast_head_json":{"title":"T\u1ea5m Pin N\u0103ng L\u01b0\u1ee3ng M\u1eb7t Tr\u1eddi World Energy SOLARCITY 600-630W - Kawasan","robots":{"index":"index","follow":"follow","max-snippet":"max-snippet:-1","max-image-preview":"max-image-preview:large","max-video-preview":"max-video-preview:-1"},"canonical":"https:\/\/kawasan.vn\/en\/product\/tam-pin-nang-luong-mat-troi-mono-solarcity-630w\/","og_locale":"en_US","og_type":"article","og_title":"T\u1ea5m Pin N\u0103ng L\u01b0\u1ee3ng M\u1eb7t Tr\u1eddi World Energy SOLARCITY 600-630W","og_description":"T\u1ea5m Pin N\u0103ng L\u01b0\u1ee3ng M\u1eb7t Tr\u1eddi Hai M\u1eb7t K\u00ednh World Energy SOLARCITY &#8211; Gi\u1ea3i Ph\u00e1p T\u1ed1i \u01afu H\u00f3a Hi\u1ec7u Su\u1ea5t Cho M\u1ecdi C\u00f4ng Tr\u00ecnh Kh\u00e1m ph\u00e1 t\u1ea5m pin n\u0103ng l\u01b0\u1ee3ng m\u1eb7t tr\u1eddi hai m\u1eb7t k\u00ednh World Energy SOLARCITY, s\u1ea3n ph\u1ea9m v\u01b0\u1ee3t tr\u1ed9i gi\u00fap t\u1ed1i \u01b0u h\u00f3a s\u1ea3n l\u01b0\u1ee3ng \u0111i\u1ec7n n\u0103ng, \u0111\u1eb7c bi\u1ec7t ph\u00f9 h\u1ee3p cho [&hellip;]","og_url":"https:\/\/kawasan.vn\/en\/product\/tam-pin-nang-luong-mat-troi-mono-solarcity-630w\/","og_site_name":"Kawasan","article_modified_time":"2026-05-04T01:47:08+00:00","og_image":[{"width":1080,"height":1080,"url":"https:\/\/kawasan.vn\/wp-content\/uploads\/2025\/10\/Pin-WordEnergy610w-630w.png","type":"image\/png"}],"twitter_card":"summary_large_image","twitter_misc":{"Est. reading time":"3 minutes"},"schema":{"@context":"https:\/\/schema.org","@graph":[{"@type":"WebPage","@id":"https:\/\/kawasan.vn\/san-pham\/tam-pin-nang-luong-mat-troi-mono-solarcity-630w\/","url":"https:\/\/kawasan.vn\/san-pham\/tam-pin-nang-luong-mat-troi-mono-solarcity-630w\/","name":"T\u1ea5m Pin N\u0103ng L\u01b0\u1ee3ng M\u1eb7t Tr\u1eddi World Energy SOLARCITY 600-630W - Kawasan","isPartOf":{"@id":"https:\/\/kawasan.vn\/#website"},"primaryImageOfPage":{"@id":"https:\/\/kawasan.vn\/san-pham\/tam-pin-nang-luong-mat-troi-mono-solarcity-630w\/#primaryimage"},"image":{"@id":"https:\/\/kawasan.vn\/san-pham\/tam-pin-nang-luong-mat-troi-mono-solarcity-630w\/#primaryimage"},"thumbnailUrl":"https:\/\/kawasan.vn\/wp-content\/uploads\/2025\/10\/Pin-WordEnergy610w-630w.png","datePublished":"2025-10-28T08:56:42+00:00","dateModified":"2026-05-04T01:47:08+00:00","breadcrumb":{"@id":"https:\/\/kawasan.vn\/san-pham\/tam-pin-nang-luong-mat-troi-mono-solarcity-630w\/#breadcrumb"},"inLanguage":"en-US","potentialAction":[{"@type":"ReadAction","target":["https:\/\/kawasan.vn\/san-pham\/tam-pin-nang-luong-mat-troi-mono-solarcity-630w\/"]}]},{"@type":"ImageObject","inLanguage":"en-US","@id":"https:\/\/kawasan.vn\/san-pham\/tam-pin-nang-luong-mat-troi-mono-solarcity-630w\/#primaryimage","url":"https:\/\/kawasan.vn\/wp-content\/uploads\/2025\/10\/Pin-WordEnergy610w-630w.png","contentUrl":"https:\/\/kawasan.vn\/wp-content\/uploads\/2025\/10\/Pin-WordEnergy610w-630w.png","width":1080,"height":1080},{"@type":"BreadcrumbList","@id":"https:\/\/kawasan.vn\/san-pham\/tam-pin-nang-luong-mat-troi-mono-solarcity-630w\/#breadcrumb","itemListElement":[{"@type":"ListItem","position":1,"name":"Trang ch\u1ee7","item":"https:\/\/kawasan.vn\/"},{"@type":"ListItem","position":2,"name":"S\u1ea3n ph\u1ea9m","item":"https:\/\/kawasan.vn\/san-pham\/"},{"@type":"ListItem","position":3,"name":"T\u1ea5m Pin N\u0103ng L\u01b0\u1ee3ng M\u1eb7t Tr\u1eddi World Energy SOLARCITY 600-630W"}]},{"@type":"WebSite","@id":"https:\/\/kawasan.vn\/#website","url":"https:\/\/kawasan.vn\/","name":"Kawasan","description":"","potentialAction":[{"@type":"SearchAction","target":{"@type":"EntryPoint","urlTemplate":"https:\/\/kawasan.vn\/?s={search_term_string}"},"query-input":{"@type":"PropertyValueSpecification","valueRequired":true,"valueName":"search_term_string"}}],"inLanguage":"en-US"}]}},"_links":{"self":[{"href":"https:\/\/kawasan.vn\/en\/wp-json\/wp\/v2\/product\/29025","targetHints":{"allow":["GET"]}}],"collection":[{"href":"https:\/\/kawasan.vn\/en\/wp-json\/wp\/v2\/product"}],"about":[{"href":"https:\/\/kawasan.vn\/en\/wp-json\/wp\/v2\/types\/product"}],"replies":[{"embeddable":true,"href":"https:\/\/kawasan.vn\/en\/wp-json\/wp\/v2\/comments?post=29025"}],"version-history":[{"count":6,"href":"https:\/\/kawasan.vn\/en\/wp-json\/wp\/v2\/product\/29025\/revisions"}],"predecessor-version":[{"id":31069,"href":"https:\/\/kawasan.vn\/en\/wp-json\/wp\/v2\/product\/29025\/revisions\/31069"}],"wp:featuredmedia":[{"embeddable":true,"href":"https:\/\/kawasan.vn\/en\/wp-json\/wp\/v2\/media\/31013"}],"wp:attachment":[{"href":"https:\/\/kawasan.vn\/en\/wp-json\/wp\/v2\/media?parent=29025"}],"wp:term":[{"taxonomy":"product_cat","embeddable":true,"href":"https:\/\/kawasan.vn\/en\/wp-json\/wp\/v2\/product_cat?post=29025"},{"taxonomy":"product_tag","embeddable":true,"href":"https:\/\/kawasan.vn\/en\/wp-json\/wp\/v2\/product_tag?post=29025"}],"curies":[{"name":"wp","href":"https:\/\/api.w.org\/{rel}","templated":true}]}}